{"id":1456,"date":"2024-12-23T05:49:26","date_gmt":"2024-12-23T05:49:26","guid":{"rendered":"https:\/\/fmp-components.com\/product\/factory-price-small-hydraulic-piston-cylinder-hydraulic-cylinder-double-acting-for-snow-plow\/"},"modified":"2024-12-23T06:41:55","modified_gmt":"2024-12-23T06:41:55","slug":"factory-price-small-hydraulic-piston-cylinder-hydraulic-cylinder-double-acting-for-snow-plow","status":"publish","type":"product","link":"https:\/\/fmp-components.com\/vi\/product\/factory-price-small-hydraulic-piston-cylinder-hydraulic-cylinder-double-acting-for-snow-plow\/","title":{"rendered":"Gi\u00e1 xu\u1ea5t x\u01b0\u1edfng Xi lanh th\u1ee7y l\u1ef1c piston nh\u1ecf Xi lanh th\u1ee7y l\u1ef1c t\u00e1c \u0111\u1ed9ng k\u00e9p cho m\u00e1y c\u00e0y tuy\u1ebft"},"content":{"rendered":"<p>Xy lanh th\u1ee7y l\u1ef1c piston nh\u1ecf gi\u00e1 xu\u1ea5t x\u01b0\u1edfng, t\u00e1c \u0111\u1ed9ng k\u00e9p, d\u00f9ng cho m\u00e1y c\u00e0y tuy\u1ebft. Xy lanh th\u1ee7y l\u1ef1c piston nh\u1ecf gi\u00e1 xu\u1ea5t x\u01b0\u1edfng, t\u00e1c \u0111\u1ed9ng k\u00e9p, d\u00f9ng cho m\u00e1y c\u00e0y tuy\u1ebft l\u00e0 lo\u1ea1i xi lanh th\u1ee7y l\u1ef1c ch\u1ea5t l\u01b0\u1ee3ng cao, \u0111\u01b0\u1ee3c thi\u1ebft k\u1ebf chuy\u00ean d\u1ee5ng cho m\u00e1y c\u00e0y tuy\u1ebft. Lo\u1ea1i xi lanh n\u00e0y t\u00e1c \u0111\u1ed9ng k\u00e9p, ngh\u0129a l\u00e0 n\u00f3 cung c\u1ea5p l\u1ef1c theo c\u1ea3 hai h\u01b0\u1edbng, l\u00fd t\u01b0\u1edfng cho c\u00e1c \u1ee9ng d\u1ee5ng c\u00e0y tuy\u1ebft \u0111\u00f2i h\u1ecfi c\u1ea3 l\u1ef1c \u0111\u1ea9y v\u00e0 l\u1ef1c k\u00e9o.<\/p>\n<p><img decoding=\"async\" title=\"Xi lanh th\u1ee7y l\u1ef1c m\u00e1y c\u00e0y tuy\u1ebft\" src=\"https:\/\/hzpt.com\/wp-content\/uploads\/2023\/11\/Snow-Plow-Hydraulic-Cylinder-2.webp\" alt=\"Xi lanh th\u1ee7y l\u1ef1c m\u00e1y c\u00e0y tuy\u1ebft\" \/><\/p>\n<p>\u0110\u01b0\u1ee3c l\u00e0m t\u1eeb v\u1eadt li\u1ec7u b\u1ec1n b\u1ec9, xi lanh th\u1ee7y l\u1ef1c \u0111\u01b0\u1ee3c thi\u1ebft k\u1ebf \u0111\u1ec3 ch\u1ecbu \u0111\u01b0\u1ee3c \u0111i\u1ec1u ki\u1ec7n kh\u1eafc nghi\u1ec7t trong qu\u00e1 tr\u00ecnh c\u00e0y tuy\u1ebft. Thi\u1ebft k\u1ebf nh\u1ecf g\u1ecdn, d\u1ec5 l\u1eafp \u0111\u1eb7t v\u00e0 s\u1eed d\u1ee5ng. Xi lanh c\u0169ng v\u1eadn h\u00e0nh \u00eam \u00e1i, \u0111\u1ea3m b\u1ea3o hi\u1ec7u su\u1ea5t cao.<\/p>\n<p>M\u1ed9t trong nh\u1eefng \u01b0u \u0111i\u1ec3m ch\u00ednh c\u1ee7a xi lanh th\u1ee7y l\u1ef1c n\u00e0y l\u00e0 gi\u00e1 xu\u1ea5t x\u01b0\u1edfng. M\u1eb7c d\u00f9 \u0111\u01b0\u1ee3c ch\u1ebf t\u1ea1o ch\u1ea5t l\u01b0\u1ee3ng cao, nh\u01b0ng gi\u00e1 th\u00e0nh l\u1ea1i r\u1ea5t c\u1ea1nh tranh, khi\u1ebfn n\u00f3 tr\u1edf th\u00e0nh m\u1ed9t l\u1ef1a ch\u1ecdn ti\u1ebft ki\u1ec7m chi ph\u00ed cho c\u00e1c nh\u00e0 s\u1ea3n xu\u1ea5t v\u00e0 v\u1eadn h\u00e0nh m\u00e1y c\u00e0y tuy\u1ebft.<\/p>\n<p>T\u00f3m l\u1ea1i, Xi lanh th\u1ee7y l\u1ef1c piston th\u1ee7y l\u1ef1c nh\u1ecf gi\u00e1 xu\u1ea5t x\u01b0\u1edfng, xi lanh th\u1ee7y l\u1ef1c t\u00e1c \u0111\u1ed9ng k\u00e9p cho m\u00e1y c\u00e0y tuy\u1ebft l\u00e0 m\u1ed9t lo\u1ea1i xi lanh th\u1ee7y l\u1ef1c \u0111\u00e1ng tin c\u1eady, hi\u1ec7u qu\u1ea3 v\u00e0 ti\u1ebft ki\u1ec7m chi ph\u00ed, ho\u00e0n h\u1ea3o cho c\u00e1c \u1ee9ng d\u1ee5ng c\u00e0y tuy\u1ebft. C\u1ea5u tr\u00fac ch\u1eafc ch\u1eafn, v\u1eadn h\u00e0nh \u00eam \u00e1i v\u00e0 gi\u00e1 c\u1ea3 c\u1ea1nh tranh khi\u1ebfn n\u00f3 tr\u1edf th\u00e0nh l\u1ef1a ch\u1ecdn ph\u1ed5 bi\u1ebfn c\u1ee7a c\u00e1c nh\u00e0 s\u1ea3n xu\u1ea5t v\u00e0 v\u1eadn h\u00e0nh m\u00e1y c\u00e0y tuy\u1ebft. Gi\u1edbi thi\u1ec7u m\u1ed9t s\u1ea3n ph\u1ea9m c\u00e2n b\u1eb1ng ho\u00e0n h\u1ea3o gi\u1eefa hi\u1ec7u su\u1ea5t, \u0111\u1ed9 b\u1ec1n v\u00e0 gi\u00e1 c\u1ea3 ph\u1ea3i ch\u0103ng. Xi lanh th\u1ee7y l\u1ef1c piston nh\u1ecf c\u1ee7a ch\u00fang t\u00f4i \u0111\u01b0\u1ee3c thi\u1ebft k\u1ebf \u0111\u1eb7c bi\u1ec7t cho m\u00e1y c\u00e0y tuy\u1ebft, \u0111\u1ea3m b\u1ea3o ho\u1ea1t \u0111\u1ed9ng tr\u01a1n tru ngay c\u1ea3 trong \u0111i\u1ec1u ki\u1ec7n th\u1eddi ti\u1ebft kh\u1eafc nghi\u1ec7t nh\u1ea5t.<\/p>\n<h2>C\u00e1c t\u00ednh n\u0103ng ch\u00ednh<\/h2>\n<p>Xi lanh th\u1ee7y l\u1ef1c t\u00e1c \u0111\u1ed9ng k\u00e9p n\u00e0y c\u00f3 nhi\u1ec1u t\u00ednh n\u0103ng \u1ea5n t\u01b0\u1ee3ng:<\/p>\n<ul>\n<li><strong>Quy\u1ec1n l\u1ef1c:<\/strong> Th\u1ee7y l\u1ef1c<\/li>\n<li><strong>V\u1eadt li\u1ec7u th\u00e2n m\u00e1y:<\/strong> Th\u00e9p<\/li>\n<li><strong>L\u1ef1c \u0111\u1ea9y t\u1ed1i \u0111a:<\/strong> 3000<\/li>\n<li><strong>C\u1ed5ng:<\/strong> G\/SAE\/NPT\/M<\/li>\n<li><strong>L\u1ef1c k\u00e9o t\u1ed1i \u0111a:<\/strong> 20 t\u1ea5n<\/li>\n<li><strong>Ch\u1ee9ng nh\u1eadn:<\/strong> ISO9001:2000<\/li>\n<\/ul>\n<p><img decoding=\"async\" src=\"https:\/\/hzpt.com\/wp-content\/uploads\/2023\/11\/Snow-Plow-Hydraulic-Cylinder-4Factory.webp\" alt=\"\" title=\"\"><\/p>\n<h2>\u01afu \u0111i\u1ec3m c\u1ee7a xi lanh lo\u1ea1i ch\u1ed1t c\u00f3 th\u1ec3 \u0111i\u1ec1u ch\u1ec9nh<\/h2>\n<p>Trong l\u0129nh v\u1ef1c h\u1ec7 th\u1ed1ng th\u1ee7y l\u1ef1c, xi lanh ki\u1ec3u ch\u1ed1t \u0111i\u1ec1u ch\u1ec9nh \u0111ang ng\u00e0y c\u00e0ng ph\u1ed5 bi\u1ebfn nh\u1edd nh\u1eefng t\u00ednh n\u0103ng v\u00e0 l\u1ee3i \u00edch \u0111\u1ed9c \u0111\u00e1o c\u1ee7a ch\u00fang. Nh\u1eefng xi lanh n\u00e0y \u0111\u01b0\u1ee3c thi\u1ebft k\u1ebf v\u1edbi \u0111\u1ed9 ch\u00ednh x\u00e1c v\u00e0 k\u1ef9 thu\u1eadt xu\u1ea5t s\u1eafc, khi\u1ebfn ch\u00fang tr\u1edf th\u00e0nh l\u1ef1a ch\u1ecdn l\u00fd t\u01b0\u1edfng cho nhi\u1ec1u \u1ee9ng d\u1ee5ng kh\u00e1c nhau. Trong b\u00e0i vi\u1ebft n\u00e0y, ch\u00fang ta s\u1ebd kh\u00e1m ph\u00e1 nh\u1eefng \u01b0u \u0111i\u1ec3m c\u1ee7a xi lanh ki\u1ec3u ch\u1ed1t \u0111i\u1ec1u ch\u1ec9nh v\u00e0 \u0111i s\u00e2u v\u00e0o chi ti\u1ebft ph\u1ee9c t\u1ea1p c\u1ee7a ch\u00fang.<\/p>\n<p><strong>1. T\u0103ng c\u01b0\u1eddng t\u00ednh linh ho\u1ea1t:<\/strong> M\u1ed9t trong nh\u1eefng \u01b0u \u0111i\u1ec3m \u0111\u00e1ng k\u1ec3 c\u1ee7a xi lanh lo\u1ea1i ch\u1ed1t \u0111i\u1ec1u ch\u1ec9nh l\u00e0 kh\u1ea3 n\u0103ng t\u0103ng c\u01b0\u1eddng t\u00ednh linh ho\u1ea1t trong h\u1ec7 th\u1ed1ng th\u1ee7y l\u1ef1c. C\u00e1c xi lanh n\u00e0y \u0111\u01b0\u1ee3c thi\u1ebft k\u1ebf \u0111\u1ec3 d\u1ec5 d\u00e0ng \u0111i\u1ec1u ch\u1ec9nh v\u1ecb tr\u00ed ch\u1ed1t, cho ph\u00e9p c\u0103n ch\u1ec9nh v\u00e0 \u0111\u1ecbnh v\u1ecb xi lanh ch\u00ednh x\u00e1c.<\/p>\n<p><strong>2. Hi\u1ec7u su\u1ea5t t\u1ed1i \u01b0u:<\/strong> Xi lanh lo\u1ea1i ch\u1ed1t \u0111i\u1ec1u ch\u1ec9nh mang l\u1ea1i hi\u1ec7u su\u1ea5t t\u1ed1i \u01b0u nh\u1edd thi\u1ebft k\u1ebf v\u00e0 c\u1ea5u tr\u00fac ti\u00ean ti\u1ebfn. Nh\u1eefng xi lanh n\u00e0y \u0111\u01b0\u1ee3c ch\u1ebf t\u1ea1o \u0111\u1ec3 ch\u1ecbu \u0111\u01b0\u1ee3c \u00e1p su\u1ea5t cao v\u00e0 t\u1ea3i tr\u1ecdng n\u1eb7ng, \u0111\u1ea3m b\u1ea3o ho\u1ea1t \u0111\u1ed9ng tr\u01a1n tru v\u00e0 hi\u1ec7u qu\u1ea3 trong nhi\u1ec1u \u1ee9ng d\u1ee5ng kh\u00e1c nhau. D\u00f9 l\u00e0 n\u00e2ng m\u00e1y m\u00f3c h\u1ea1ng n\u1eb7ng hay v\u1eadn h\u00e0nh m\u00e1y c\u00e0y tuy\u1ebft, nh\u1eefng xi lanh n\u00e0y \u0111\u1ec1u mang l\u1ea1i hi\u1ec7u su\u1ea5t v\u01b0\u1ee3t tr\u1ed9i.<\/p>\n<p><strong>3. T\u00ednh linh ho\u1ea1t:<\/strong> T\u00ednh linh ho\u1ea1t c\u1ee7a xi lanh lo\u1ea1i ch\u1ed1t \u0111i\u1ec1u ch\u1ec9nh \u0111\u01b0\u1ee3c l\u00e0 m\u1ed9t l\u1ee3i th\u1ebf \u0111\u00e1ng ch\u00fa \u00fd kh\u00e1c. Nh\u1eefng xi lanh n\u00e0y c\u00f3 th\u1ec3 \u0111\u01b0\u1ee3c s\u1eed d\u1ee5ng trong nhi\u1ec1u ng\u00e0nh c\u00f4ng nghi\u1ec7p, bao g\u1ed3m x\u00e2y d\u1ef1ng, n\u00f4ng nghi\u1ec7p v\u00e0 s\u1ea3n xu\u1ea5t. Cho d\u00f9 b\u1ea1n c\u1ea7n xi lanh th\u1ee7y l\u1ef1c cho m\u1ed9t d\u1ef1 \u00e1n quy m\u00f4 nh\u1ecf hay m\u1ed9t \u1ee9ng d\u1ee5ng c\u00f4ng nghi\u1ec7p quy m\u00f4 l\u1edbn, xi lanh lo\u1ea1i ch\u1ed1t \u0111i\u1ec1u ch\u1ec9nh \u0111\u01b0\u1ee3c \u0111\u1ec1u c\u00f3 th\u1ec3 \u0111\u00e1p \u1ee9ng nhu c\u1ea7u c\u1ee7a b\u1ea1n.<\/p>\n<p><strong>4. \u0110\u1ed9 b\u1ec1n:<\/strong> Khi n\u00f3i \u0111\u1ebfn h\u1ec7 th\u1ed1ng th\u1ee7y l\u1ef1c, \u0111\u1ed9 b\u1ec1n l\u00e0 y\u1ebfu t\u1ed1 quan tr\u1ecdng nh\u1ea5t. Xi lanh lo\u1ea1i ch\u1ed1t \u0111i\u1ec1u ch\u1ec9nh \u0111\u01b0\u1ee3c bi\u1ebft \u0111\u1ebfn v\u1edbi \u0111\u1ed9 b\u1ec1n v\u00e0 tu\u1ed5i th\u1ecd v\u01b0\u1ee3t tr\u1ed9i. Nh\u1eefng xi lanh n\u00e0y \u0111\u01b0\u1ee3c ch\u1ebf t\u1ea1o t\u1eeb v\u1eadt li\u1ec7u ch\u1ea5t l\u01b0\u1ee3ng cao v\u00e0 tr\u1ea3i qua qu\u00e1 tr\u00ecnh ki\u1ec3m tra nghi\u00eam ng\u1eb7t \u0111\u1ec3 \u0111\u1ea3m b\u1ea3o ch\u00fang c\u00f3 th\u1ec3 ch\u1ecbu \u0111\u01b0\u1ee3c \u0111i\u1ec1u ki\u1ec7n m\u00f4i tr\u01b0\u1eddng kh\u1eafc nghi\u1ec7t v\u00e0 c\u01b0\u1eddng \u0111\u1ed9 s\u1eed d\u1ee5ng cao.<\/p>\n<p><strong>5. D\u1ec5 d\u00e0ng b\u1ea3o tr\u00ec:<\/strong> Vi\u1ec7c b\u1ea3o tr\u00ec h\u1ec7 th\u1ed1ng th\u1ee7y l\u1ef1c c\u00f3 th\u1ec3 l\u00e0 m\u1ed9t nhi\u1ec7m v\u1ee5 ph\u1ee9c t\u1ea1p, nh\u01b0ng xi lanh lo\u1ea1i ch\u1ed1t \u0111i\u1ec1u ch\u1ec9nh \u0111\u01b0\u1ee3c gi\u00fap \u0111\u01a1n gi\u1ea3n h\u00f3a quy tr\u00ecnh. C\u00e1c xi lanh n\u00e0y \u0111\u01b0\u1ee3c thi\u1ebft k\u1ebf \u0111\u1ec3 b\u1ea3o tr\u00ec d\u1ec5 d\u00e0ng, v\u1edbi c\u00e1c t\u00ednh n\u0103ng nh\u01b0 \u0111\u1ea7u n\u1ed1i m\u1ee1 v\u00e0 b\u1ed9 ph\u1edbt d\u1ec5 ti\u1ebfp c\u1eadn. \u0110i\u1ec1u n\u00e0y gi\u00fap vi\u1ec7c b\u1ea3o tr\u00ec v\u00e0 s\u1eeda ch\u1eefa \u0111\u1ecbnh k\u1ef3 tr\u1edf n\u00ean d\u1ec5 d\u00e0ng, ti\u1ebft ki\u1ec7m th\u1eddi gian v\u00e0 c\u00f4ng s\u1ee9c.<\/p>\n<p><strong>6. Ti\u1ebft ki\u1ec7m chi ph\u00ed:<\/strong> Cu\u1ed1i c\u00f9ng nh\u01b0ng kh\u00f4ng k\u00e9m ph\u1ea7n quan tr\u1ecdng, xi lanh lo\u1ea1i ch\u1ed1t \u0111i\u1ec1u ch\u1ec9nh mang \u0111\u1ebfn gi\u1ea3i ph\u00e1p ti\u1ebft ki\u1ec7m chi ph\u00ed cho c\u00e1c \u1ee9ng d\u1ee5ng th\u1ee7y l\u1ef1c. Nh\u1eefng xi lanh n\u00e0y c\u00f3 l\u1ee3i th\u1ebf v\u1ec1 gi\u00e1 xu\u1ea5t x\u01b0\u1edfng, khi\u1ebfn ch\u00fang tr\u1edf th\u00e0nh l\u1ef1a ch\u1ecdn h\u1ee3p l\u00fd m\u00e0 kh\u00f4ng \u1ea3nh h\u01b0\u1edfng \u0111\u1ebfn ch\u1ea5t l\u01b0\u1ee3ng v\u00e0 hi\u1ec7u su\u1ea5t. Tu\u1ed5i th\u1ecd cao v\u00e0 y\u00eau c\u1ea7u b\u1ea3o tr\u00ec th\u1ea5p c\u0169ng g\u00f3p ph\u1ea7n v\u00e0o hi\u1ec7u qu\u1ea3 chi ph\u00ed c\u1ee7a ch\u00fang.<\/p>\n<p>T\u00f3m l\u1ea1i, xi lanh lo\u1ea1i ch\u1ed1t \u0111i\u1ec1u ch\u1ec9nh mang l\u1ea1i nhi\u1ec1u l\u1ee3i th\u1ebf cho h\u1ec7 th\u1ed1ng th\u1ee7y l\u1ef1c. T\u00ednh linh ho\u1ea1t, hi\u1ec7u su\u1ea5t t\u1ed1i \u01b0u, t\u00ednh \u0111a d\u1ee5ng, \u0111\u1ed9 b\u1ec1n, d\u1ec5 b\u1ea3o tr\u00ec v\u00e0 ti\u1ebft ki\u1ec7m chi ph\u00ed khi\u1ebfn ch\u00fang tr\u1edf th\u00e0nh l\u1ef1a ch\u1ecdn h\u00e0ng \u0111\u1ea7u cho nhi\u1ec1u ng\u00e0nh c\u00f4ng nghi\u1ec7p kh\u00e1c nhau. Cho d\u00f9 b\u1ea1n c\u1ea7n xi lanh piston th\u1ee7y l\u1ef1c nh\u1ecf hay xi lanh t\u00e1c \u0111\u1ed9ng k\u00e9p cho m\u00e1y c\u00e0y tuy\u1ebft, xi lanh lo\u1ea1i ch\u1ed1t \u0111i\u1ec1u ch\u1ec9nh l\u00e0 gi\u1ea3i ph\u00e1p b\u1ea1n c\u00f3 th\u1ec3 tin c\u1eady.<\/p>\n<h3>Gi\u1edbi thi\u1ec7u v\u1ec1 FMP \u2013 Gi\u1ea3i ph\u00e1p cho xi lanh th\u1ee7y l\u1ef1c ch\u1ea5t l\u01b0\u1ee3ng cao c\u1ee7a b\u1ea1n<\/h3>\n<p>B\u1ea1n \u0111ang t\u00ecm ki\u1ebfm xi lanh th\u1ee7y l\u1ef1c \u0111\u00e1ng tin c\u1eady v\u00e0 ch\u1ea5t l\u01b0\u1ee3ng cao, c\u00f3 th\u1ec3 ch\u1ecbu \u0111\u01b0\u1ee3c ngay c\u1ea3 nh\u1eefng c\u00f4ng tr\u01b0\u1eddng kh\u1eafc nghi\u1ec7t nh\u1ea5t? H\u00e3y \u0111\u1ebfn v\u1edbi FMP! L\u00e0 nh\u00e0 cung c\u1ea5p d\u1ecbch v\u1ee5 v\u00e0 b\u00e1n h\u00e0ng h\u00e0ng \u0111\u1ea7u v\u1ec1 ph\u1ee5 t\u00f9ng m\u00e1y m\u00f3c x\u00e2y d\u1ef1ng v\u00e0 m\u00e1y m\u00f3c ho\u00e0n ch\u1ec9nh, ch\u00fang t\u00f4i chuy\u00ean s\u1ea3n xu\u1ea5t xi lanh th\u1ee7y l\u1ef1c h\u00e0ng \u0111\u1ea7u, \u0111\u00e1p \u1ee9ng m\u1ecdi nhu c\u1ea7u x\u00e2y d\u1ef1ng c\u1ee7a b\u1ea1n.<\/p>\n<p>Sau \u0111\u00e2y l\u00e0 m\u1ed9t s\u1ed1 l\u00fd do t\u1ea1i sao b\u1ea1n n\u00ean ch\u1ecdn FMP cho nhu c\u1ea7u xi lanh th\u1ee7y l\u1ef1c c\u1ee7a m\u00ecnh:<\/p>\n<p>1. <strong>Ch\u1ea5t l\u01b0\u1ee3ng v\u00f4 song:<\/strong> T\u1ea1i FMP, ch\u00fang t\u00f4i r\u1ea5t coi tr\u1ecdng ch\u1ea5t l\u01b0\u1ee3ng. Ch\u00fang t\u00f4i ch\u1ec9 nh\u1eadp nguy\u00ean li\u1ec7u t\u1eeb nh\u1eefng nh\u00e0 cung c\u1ea5p uy t\u00edn nh\u1ea5t v\u00e0 \u0111\u1ea3m b\u1ea3o m\u1ed7i b\u00ecnh kh\u00ed r\u1eddi kh\u1ecfi kho \u0111\u1ec1u \u0111\u00e1p \u1ee9ng c\u00e1c ti\u00eau chu\u1ea9n ch\u1ea5t l\u01b0\u1ee3ng nghi\u00eam ng\u1eb7t c\u1ee7a ch\u00fang t\u00f4i.<\/p>\n<p>2. <strong>Ph\u1ea1m vi s\u1ea3n ph\u1ea9m m\u1edf r\u1ed9ng:<\/strong> D\u00f2ng s\u1ea3n ph\u1ea9m c\u1ee7a ch\u00fang t\u00f4i r\u1ea5t \u0111a d\u1ea1ng, bao g\u1ed3m xi lanh ki\u1ec3u ch\u1ed1t \u0111i\u1ec1u ch\u1ec9nh, xi lanh t\u00e1c \u0111\u1ed9ng \u0111\u01a1n, xi lanh \u1ed1ng l\u1ed3ng, v\u00e0 nhi\u1ec1u lo\u1ea1i kh\u00e1c n\u1eefa. D\u00f9 nhu c\u1ea7u c\u1ee5 th\u1ec3 c\u1ee7a b\u1ea1n l\u00e0 g\u00ec, ch\u00fang t\u00f4i \u0111\u1ec1u c\u00f3 xi lanh th\u1ee7y l\u1ef1c \u0111\u00e1p \u1ee9ng \u0111\u01b0\u1ee3c nhu c\u1ea7u \u0111\u00f3.<\/p>\n<p>3. <strong>\u0110\u1ed9i ng\u0169 chuy\u00ean nghi\u1ec7p:<\/strong> \u0110\u1ed9i ng\u0169 chuy\u00ean gia c\u1ee7a ch\u00fang t\u00f4i c\u00f3 nhi\u1ec1u kinh nghi\u1ec7m trong ng\u00e0nh m\u00e1y m\u00f3c x\u00e2y d\u1ef1ng v\u00e0 c\u00f3 th\u1ec3 cung c\u1ea5p t\u01b0 v\u1ea5n s\u1ea3n ph\u1ea9m ph\u00f9 h\u1ee3p c\u0169ng nh\u01b0 g\u1ee3i \u00fd mua h\u00e0ng \u0111\u1ec3 \u0111\u1ea3m b\u1ea3o b\u1ea1n c\u00f3 \u0111\u01b0\u1ee3c xi lanh th\u1ee7y l\u1ef1c ph\u00f9 h\u1ee3p cho d\u1ef1 \u00e1n c\u1ee7a m\u00ecnh.<\/p>\n<p>4. <strong>H\u1eadu c\u1ea7n hi\u1ec7u qu\u1ea3:<\/strong> Ch\u00fang t\u00f4i hi\u1ec3u r\u1eb1ng th\u1eddi gian l\u00e0 ti\u1ec1n b\u1ea1c trong ng\u00e0nh x\u00e2y d\u1ef1ng. \u0110\u00f3 l\u00e0 l\u00fd do t\u1ea1i sao ch\u00fang t\u00f4i c\u00f3 h\u1ec7 th\u1ed1ng ph\u00e2n ph\u1ed1i h\u1eadu c\u1ea7n hi\u1ec7u qu\u1ea3 \u0111\u1ec3 \u0111\u1ea3m b\u1ea3o b\u1ea1n nh\u1eadn \u0111\u01b0\u1ee3c xi lanh th\u1ee7y l\u1ef1c m\u1ed9t c\u00e1ch k\u1ecbp th\u1eddi v\u00e0 ch\u00ednh x\u00e1c.<\/p>\n<p>5. <strong>Gi\u00e1 c\u1ea3 c\u1ea1nh tranh:<\/strong> T\u1ea1i FMP, ch\u00fang t\u00f4i tin r\u1eb1ng ch\u1ea5t l\u01b0\u1ee3ng kh\u00f4ng n\u00ean \u0111i k\u00e8m v\u1edbi gi\u00e1 cao. Ch\u00fang t\u00f4i cung c\u1ea5p m\u1ee9c gi\u00e1 c\u1ea1nh tranh cho t\u1ea5t c\u1ea3 c\u00e1c lo\u1ea1i xi lanh th\u1ee7y l\u1ef1c m\u00e0 kh\u00f4ng \u1ea3nh h\u01b0\u1edfng \u0111\u1ebfn ch\u1ea5t l\u01b0\u1ee3ng ho\u1eb7c \u0111\u1ed9 tin c\u1eady.<\/p>\n<p>V\u00ec v\u1eady, d\u00f9 b\u1ea1n \u0111ang t\u00ecm ki\u1ebfm xi lanh lo\u1ea1i ch\u1ed1t \u0111i\u1ec1u ch\u1ec9nh hay b\u1ea5t k\u1ef3 lo\u1ea1i xi lanh th\u1ee7y l\u1ef1c n\u00e0o kh\u00e1c cho nhu c\u1ea7u x\u00e2y d\u1ef1ng c\u1ee7a m\u00ecnh, h\u00e3y tin t\u01b0\u1edfng FMP s\u1ebd cung c\u1ea5p s\u1ea3n ph\u1ea9m v\u00e0 d\u1ecbch v\u1ee5 t\u1ed1t nh\u1ea5t trong ng\u00e0nh. Li\u00ean h\u1ec7 v\u1edbi ch\u00fang t\u00f4i ngay h\u00f4m nay \u0111\u1ec3 t\u00ecm hi\u1ec3u th\u00eam v\u00e0 b\u1eaft \u0111\u1ea7u!<\/p>\n<p><img decoding=\"async\" src=\"https:\/\/fmp-components.com\/wp-content\/uploads\/2024\/12\/Adjustable-Clevis-Type-Cylinders-6.webp\" alt=\"Xi lanh lo\u1ea1i Clevis c\u00f3 th\u1ec3 \u0111i\u1ec1u ch\u1ec9nh\" width=\"806\" title=\"\">T\u00e1c gi\u1ea3: CX<\/p>","protected":false},"excerpt":{"rendered":"<p>Factory Price Small Hydraulic Piston Cylinder Hydraulic Cylinder Double Acting For Snow PlowFactory Price Small Hydraulic Piston Cylinder Hydraulic Cylinder Double Acting For Snow Plow is a high-quality hydraulic cylinder designed specifically for use in snow plows. This cylinder is double-acting, which means it provides force in both directions, making it ideal for plow applications [&hellip;]<\/p>","protected":false},"featured_media":1457,"comment_status":"closed","ping_status":"closed","template":"","meta":{"_et_pb_use_builder":"","_et_pb_old_content":"","_et_gb_content_width":""},"product_brand":[],"product_cat":[42],"product_tag":[34,44],"class_list":{"0":"post-1456","1":"product","2":"type-product","3":"status-publish","4":"has-post-thumbnail","6":"product_cat-snow-plow-hydraulic-cylinder","7":"product_tag-hydraulic-cylinder","8":"product_tag-snow-plow-hydraulic-cylinder","10":"first","11":"instock","12":"product-type-simple"},"_links":{"self":[{"href":"https:\/\/fmp-components.com\/vi\/wp-json\/wp\/v2\/product\/1456","targetHints":{"allow":["GET"]}}],"collection":[{"href":"https:\/\/fmp-components.com\/vi\/wp-json\/wp\/v2\/product"}],"about":[{"href":"https:\/\/fmp-components.com\/vi\/wp-json\/wp\/v2\/types\/product"}],"replies":[{"embeddable":true,"href":"https:\/\/fmp-components.com\/vi\/wp-json\/wp\/v2\/comments?post=1456"}],"wp:featuredmedia":[{"embeddable":true,"href":"https:\/\/fmp-components.com\/vi\/wp-json\/wp\/v2\/media\/1457"}],"wp:attachment":[{"href":"https:\/\/fmp-components.com\/vi\/wp-json\/wp\/v2\/media?parent=1456"}],"wp:term":[{"taxonomy":"product_brand","embeddable":true,"href":"https:\/\/fmp-components.com\/vi\/wp-json\/wp\/v2\/product_brand?post=1456"},{"taxonomy":"product_cat","embeddable":true,"href":"https:\/\/fmp-components.com\/vi\/wp-json\/wp\/v2\/product_cat?post=1456"},{"taxonomy":"product_tag","embeddable":true,"href":"https:\/\/fmp-components.com\/vi\/wp-json\/wp\/v2\/product_tag?post=1456"}],"curies":[{"name":"wp","href":"https:\/\/api.w.org\/{rel}","templated":true}]}}