{"id":1454,"date":"2024-12-23T05:49:26","date_gmt":"2024-12-23T05:49:26","guid":{"rendered":"https:\/\/fmp-components.com\/product\/good-quality-double-effect-small-2-ton-snow-plow-hydraulic-cylinder-double-acting\/"},"modified":"2024-12-23T06:37:14","modified_gmt":"2024-12-23T06:37:14","slug":"good-quality-double-effect-small-2-ton-snow-plow-hydraulic-cylinder-double-acting","status":"publish","type":"product","link":"https:\/\/fmp-components.com\/vi\/product\/good-quality-double-effect-small-2-ton-snow-plow-hydraulic-cylinder-double-acting\/","title":{"rendered":"Xi lanh th\u1ee7y l\u1ef1c t\u00e1c \u0111\u1ed9ng k\u00e9p nh\u1ecf 2 t\u1ea5n ch\u1ea5t l\u01b0\u1ee3ng t\u1ed1t"},"content":{"rendered":"<h2>Xi lanh th\u1ee7y l\u1ef1c t\u00e1c \u0111\u1ed9ng k\u00e9p nh\u1ecf 2 t\u1ea5n ch\u1ea5t l\u01b0\u1ee3ng t\u1ed1t<\/h2>\n<p>Xi lanh th\u1ee7y l\u1ef1c t\u00e1c \u0111\u1ed9ng k\u00e9p 2 t\u1ea5n ch\u1ea5t l\u01b0\u1ee3ng cao l\u00e0 s\u1ea3n ph\u1ea9m h\u00e0ng \u0111\u1ea7u \u0111\u01b0\u1ee3c thi\u1ebft k\u1ebf \u0111\u1ec3 gi\u00fap vi\u1ec7c d\u1ecdn tuy\u1ebft tr\u1edf n\u00ean d\u1ec5 d\u00e0ng. Xi lanh th\u1ee7y l\u1ef1c n\u00e0y c\u00f3 k\u00edch th\u01b0\u1edbc nh\u1ecf g\u1ecdn v\u00e0 thi\u1ebft k\u1ebf t\u00e1c \u0111\u1ed9ng k\u00e9p, mang l\u1ea1i hi\u1ec7u su\u1ea5t v\u00e0 hi\u1ec7u qu\u1ea3 v\u01b0\u1ee3t tr\u1ed9i.<\/p>\n<p>\u0110\u01b0\u1ee3c ch\u1ebf t\u1ea1o t\u1eeb v\u1eadt li\u1ec7u ch\u1ea5t l\u01b0\u1ee3ng cao, xi lanh th\u1ee7y l\u1ef1c n\u00e0y c\u00f3 \u0111\u1ed9 b\u1ec1n cao. Thi\u1ebft k\u1ebf t\u00e1c \u0111\u1ed9ng k\u00e9p cho ph\u00e9p v\u1eadn h\u00e0nh tr\u01a1n tru v\u00e0 ch\u00ednh x\u00e1c, \u0111\u1ea3m b\u1ea3o m\u00e1y c\u00e0y tuy\u1ebft c\u1ee7a b\u1ea1n c\u00f3 th\u1ec3 d\u1ec5 d\u00e0ng v\u01b0\u1ee3t qua m\u1ecdi \u0111\u1ecba h\u00ecnh. Xi lanh c\u0169ng \u0111\u01b0\u1ee3c ph\u1ee7 l\u1edbp s\u01a1n b\u00ean ngo\u00e0i b\u1ec1n b\u1ec9, b\u1ea3o v\u1ec7 kh\u1ecfi \u0111i\u1ec1u ki\u1ec7n th\u1eddi ti\u1ebft kh\u1eafc nghi\u1ec7t v\u00e0 ch\u1ed1ng \u0103n m\u00f2n.<\/p>\n<p>V\u1edbi s\u1ee9c n\u00e2ng 2 t\u1ea5n, xi lanh th\u1ee7y l\u1ef1c n\u00e0y ho\u00e0n h\u1ea3o \u0111\u1ec3 s\u1eed d\u1ee5ng v\u1edbi m\u00e1y c\u00e0y tuy\u1ebft c\u1ee1 nh\u1ecf \u0111\u1ebfn trung b\u00ecnh. Thi\u1ebft k\u1ebf nh\u1ecf g\u1ecdn \u0111\u1ea3m b\u1ea3o d\u1ec5 d\u00e0ng l\u1eafp \u0111\u1eb7t v\u00e0o nh\u1eefng kh\u00f4ng gian ch\u1eadt h\u1eb9p, l\u00fd t\u01b0\u1edfng \u0111\u1ec3 s\u1eed d\u1ee5ng trong khu d\u00e2n c\u01b0 v\u00e0 c\u00e1c c\u01a1 s\u1edf th\u01b0\u01a1ng m\u1ea1i nh\u1ecf.<\/p>\n<p>N\u1ebfu b\u1ea1n \u0111ang t\u00ecm ki\u1ebfm m\u1ed9t xi lanh th\u1ee7y l\u1ef1c \u0111\u00e1ng tin c\u1eady v\u00e0 hi\u1ec7u qu\u1ea3 cho m\u00e1y c\u00e0y tuy\u1ebft c\u1ee7a m\u00ecnh, h\u00e3y t\u00ecm \u0111\u1ebfn Xi lanh th\u1ee7y l\u1ef1c m\u00e1y c\u00e0y tuy\u1ebft c\u1ee1 nh\u1ecf 2 t\u1ea5n hi\u1ec7u \u1ee9ng k\u00e9p ch\u1ea5t l\u01b0\u1ee3ng cao. V\u1edbi thi\u1ebft k\u1ebf v\u00e0 c\u1ea5u t\u1ea1o v\u01b0\u1ee3t tr\u1ed9i, b\u1ea1n c\u00f3 th\u1ec3 y\u00ean t\u00e2m r\u1eb1ng s\u1ea3n ph\u1ea9m n\u00e0y s\u1ebd mang l\u1ea1i hi\u1ec7u su\u1ea5t v\u00e0 \u0111\u1ed9 b\u1ec1n v\u01b0\u1ee3t tr\u1ed9i trong nhi\u1ec1u n\u0103m t\u1edbi.<\/p>\n<div>\n<h2>Gi\u1edbi thi\u1ec7u xi lanh th\u1ee7y l\u1ef1c m\u00e1y c\u00e0y tuy\u1ebft nh\u1ecf 2 t\u1ea5n hi\u1ec7u \u1ee9ng k\u00e9p h\u00e0ng \u0111\u1ea7u c\u1ee7a ch\u00fang t\u00f4i<\/h2>\n<p>Xi lanh th\u1ee7y l\u1ef1c m\u00e1y c\u00e0y tuy\u1ebft c\u1ee7a ch\u00fang t\u00f4i \u0111\u01b0\u1ee3c thi\u1ebft k\u1ebf \u0111\u1ec3 n\u00e2ng cao hi\u1ec7u su\u1ea5t v\u00e0 hi\u1ec7u qu\u1ea3 trong c\u00e1c ng\u00e0nh n\u0103ng l\u01b0\u1ee3ng v\u00e0 khai th\u00e1c m\u1ecf, s\u1ea3n xu\u1ea5t m\u00e1y m\u00f3c v\u00e0 s\u1eeda ch\u1eefa m\u00e1y m\u00f3c. \u0110\u01b0\u1ee3c l\u00e0m b\u1eb1ng th\u00e9p, xi lanh n\u00e0y b\u1ec1n b\u1ec9 v\u00e0 \u0111\u00e1ng tin c\u1eady, v\u1edbi ch\u1ebf \u0111\u1ed9 b\u1ea3o h\u00e0nh m\u1ed9t n\u0103m \u0111\u1ec3 \u0111\u1ea3m b\u1ea3o ch\u1ea5t l\u01b0\u1ee3ng.<\/p>\n<h2>T\u00ednh n\u0103ng s\u1ea3n ph\u1ea9m<\/h2>\n<h3>Ch\u1ea5t l\u01b0\u1ee3ng cao v\u00e0 \u0111\u1ed9 tin c\u1eady<\/h3>\n<p>Xi lanh th\u1ee7y l\u1ef1c m\u00e1y c\u00e0y tuy\u1ebft c\u1ee7a ch\u00fang t\u00f4i \u0111\u01b0\u1ee3c ch\u1ebf t\u1ea1o b\u1eb1ng th\u00e9p \u0111\u1ec3 \u0111\u1ea3m b\u1ea3o \u0111\u1ed9 b\u1ec1n v\u00e0 tu\u1ed5i th\u1ecd. N\u00f3 c\u00f3 c\u1ea5u tr\u00fac piston \u0111\u01b0\u1ee3c \u0111i\u1ec1u khi\u1ec3n b\u1edfi h\u1ec7 th\u1ed1ng th\u1ee7y l\u1ef1c, cung c\u1ea5p l\u1ef1c \u0111\u1ea9y t\u1ed1i \u0111a 3000 v\u00e0 l\u1ef1c k\u00e9o t\u1ed1i \u0111a 20 t\u1ea5n. S\u1ea3n ph\u1ea9m n\u00e0y c\u0169ng \u0111\u01b0\u1ee3c ch\u1ee9ng nh\u1eadn ISO9001:2000, \u0111\u1ea3m b\u1ea3o ch\u1ea5t l\u01b0\u1ee3ng cao v\u00e0 \u0111\u1ed9 tin c\u1eady.<\/p>\n<h3>Hi\u1ec7u qu\u1ea3 v\u00e0 Hi\u1ec7u su\u1ea5t<\/h3>\n<p>V\u1edbi k\u00edch th\u01b0\u1edbc l\u1ed7 t\u1eeb 2-6 inch, k\u00edch th\u01b0\u1edbc thanh t\u1eeb 1,125-4 inch v\u00e0 h\u00e0nh tr\u00ecnh t\u1eeb 4-100 inch, xi lanh th\u1ee7y l\u1ef1c c\u00e0y tuy\u1ebft c\u1ee7a ch\u00fang t\u00f4i \u0111\u01b0\u1ee3c thi\u1ebft k\u1ebf \u0111\u1ec3 mang l\u1ea1i hi\u1ec7u su\u1ea5t v\u00e0 hi\u1ec7u qu\u1ea3 v\u01b0\u1ee3t tr\u1ed9i. S\u1ea3n ph\u1ea9m c\u00f3 k\u00edch th\u01b0\u1edbc ch\u1ed1t t\u1eeb 0,5-2 inch v\u00e0 \u0111\u01b0\u1ee3c trang b\u1ecb c\u1ed5ng G\/SAE\/NPT\/M \u0111\u1ec3 t\u0103ng t\u00ednh linh ho\u1ea1t v\u00e0 kh\u1ea3 n\u0103ng t\u01b0\u01a1ng th\u00edch.<\/p>\n<h3>An to\u00e0n v\u00e0 \u1ed5n \u0111\u1ecbnh<\/h3>\n<p>S\u1ef1 an to\u00e0n v\u00e0 \u1ed5n \u0111\u1ecbnh c\u1ee7a Xi lanh th\u1ee7y l\u1ef1c m\u00e1y c\u00e0y tuy\u1ebft c\u1ee7a ch\u00fang t\u00f4i \u0111\u01b0\u1ee3c \u0111\u1ea3m b\u1ea3o b\u1edfi thi\u1ebft k\u1ebf ti\u00eau chu\u1ea9n v\u00e0 c\u00e1c th\u00e0nh ph\u1ea7n c\u1ed1t l\u00f5i, bao g\u1ed3m \u1ed5 tr\u1ee5c v\u00e0 xi lanh th\u1ee7y l\u1ef1c. H\u01a1n n\u1eefa, v\u1edbi phi\u00ean b\u1ea3n ti\u1ebfp th\u1ecb m\u1edbi n\u0103m 2023, b\u1ea1n c\u00f3 th\u1ec3 ho\u00e0n to\u00e0n y\u00ean t\u00e2m r\u1eb1ng s\u1ea3n ph\u1ea9m \u0111\u00e1p \u1ee9ng c\u00e1c ti\u00eau chu\u1ea9n hi\u1ec7n h\u00e0nh c\u1ee7a ng\u00e0nh.<\/p>\n<p><img decoding=\"async\" title=\"Xi lanh th\u1ee7y l\u1ef1c m\u00e1y c\u00e0y tuy\u1ebft\" src=\"https:\/\/hzpt.com\/wp-content\/uploads\/2023\/11\/Snow-Plow-Hydraulic-Cylinder-1.webp\" alt=\"Xi lanh th\u1ee7y l\u1ef1c m\u00e1y c\u00e0y tuy\u1ebft\" \/><\/p>\n<\/div>\n<h2>\u01afu \u0111i\u1ec3m c\u1ee7a xi lanh lo\u1ea1i ch\u1ed1t c\u00f3 th\u1ec3 \u0111i\u1ec1u ch\u1ec9nh<\/h2>\n<p>Xi lanh th\u1ee7y l\u1ef1c lo\u1ea1i ch\u1ed1t \u0111i\u1ec1u ch\u1ec9nh, c\u00f2n \u0111\u01b0\u1ee3c g\u1ecdi l\u00e0 xi lanh th\u1ee7y l\u1ef1c, \u0111\u01b0\u1ee3c s\u1eed d\u1ee5ng r\u1ed9ng r\u00e3i trong nhi\u1ec1u ng\u00e0nh c\u00f4ng nghi\u1ec7p kh\u00e1c nhau nh\u1edd t\u00ednh linh ho\u1ea1t v\u00e0 hi\u1ec7u qu\u1ea3 c\u1ee7a ch\u00fang. Lo\u1ea1i xi lanh n\u00e0y mang l\u1ea1i nhi\u1ec1u \u01b0u \u0111i\u1ec3m khi\u1ebfn ch\u00fang tr\u1edf th\u00e0nh l\u1ef1a ch\u1ecdn ph\u1ed5 bi\u1ebfn trong gi\u1edbi chuy\u00ean gia. Trong b\u00e0i vi\u1ebft n\u00e0y, ch\u00fang t\u00f4i s\u1ebd th\u1ea3o lu\u1eadn chi ti\u1ebft v\u1ec1 nh\u1eefng \u01b0u \u0111i\u1ec3m c\u1ee7a xi lanh lo\u1ea1i ch\u1ed1t \u0111i\u1ec1u ch\u1ec9nh.<\/p>\n<p>1. <strong>T\u00ednh linh ho\u1ea1t \u0111\u01b0\u1ee3c c\u1ea3i thi\u1ec7n: <\/strong>Xi lanh lo\u1ea1i Clevis \u0111i\u1ec1u ch\u1ec9nh mang l\u1ea1i s\u1ef1 linh ho\u1ea1t v\u01b0\u1ee3t tr\u1ed9i v\u1ec1 thi\u1ebft k\u1ebf v\u00e0 v\u1eadn h\u00e0nh. C\u00e1c xi lanh n\u00e0y c\u00f3 th\u1ec3 d\u1ec5 d\u00e0ng \u0111i\u1ec1u ch\u1ec9nh \u0111\u1ec3 ph\u00f9 h\u1ee3p v\u1edbi c\u00e1c \u1ee9ng d\u1ee5ng v\u00e0 y\u00eau c\u1ea7u kh\u00e1c nhau, gi\u00fap ch\u00fang ph\u00f9 h\u1ee3p v\u1edbi nhi\u1ec1u nhi\u1ec7m v\u1ee5 kh\u00e1c nhau. Cho d\u00f9 l\u00e0 n\u00e2ng m\u00e1y m\u00f3c h\u1ea1ng n\u1eb7ng hay v\u1eadn h\u00e0nh c\u00e1c h\u1ec7 th\u1ed1ng ph\u1ee9c t\u1ea1p, Xi lanh lo\u1ea1i Clevis \u0111i\u1ec1u ch\u1ec9nh mang \u0111\u1ebfn s\u1ef1 linh ho\u1ea1t c\u1ea7n thi\u1ebft \u0111\u1ec3 ho\u00e0n th\u00e0nh c\u00f4ng vi\u1ec7c m\u1ed9t c\u00e1ch hi\u1ec7u qu\u1ea3.<\/p>\n<p>2. <strong>\u0110\u1ed9 b\u1ec1n \u0111\u01b0\u1ee3c c\u1ea3i thi\u1ec7n: <\/strong>M\u1ed9t trong nh\u1eefng \u01b0u \u0111i\u1ec3m n\u1ed5i b\u1eadt c\u1ee7a Xi lanh lo\u1ea1i Clevis \u0111i\u1ec1u ch\u1ec9nh \u0111\u01b0\u1ee3c l\u00e0 \u0111\u1ed9 b\u1ec1n. Nh\u1eefng xi lanh n\u00e0y \u0111\u01b0\u1ee3c thi\u1ebft k\u1ebf \u0111\u1ec3 ch\u1ecbu \u0111\u01b0\u1ee3c \u00e1p su\u1ea5t cao v\u00e0 t\u1ea3i tr\u1ecdng n\u1eb7ng, khi\u1ebfn ch\u00fang tr\u1edf th\u00e0nh l\u1ef1a ch\u1ecdn \u0111\u00e1ng tin c\u1eady cho c\u00e1c \u1ee9ng d\u1ee5ng \u0111\u00f2i h\u1ecfi kh\u1eaft khe. V\u1eadt li\u1ec7u ch\u1ebf t\u1ea1o, ch\u1eb3ng h\u1ea1n nh\u01b0 th\u00e9p ch\u1ea5t l\u01b0\u1ee3ng cao v\u00e0 ph\u1edbt ch\u1eb7n ti\u00ean ti\u1ebfn, \u0111\u1ea3m b\u1ea3o hi\u1ec7u su\u1ea5t l\u00e2u d\u00e0i ngay c\u1ea3 trong m\u00f4i tr\u01b0\u1eddng kh\u1eafc nghi\u1ec7t.<\/p>\n<p>3. <strong>Hi\u1ec7u su\u1ea5t \u0111\u01b0\u1ee3c t\u1ed1i \u01b0u h\u00f3a: <\/strong>Xi lanh lo\u1ea1i Clevis \u0111i\u1ec1u ch\u1ec9nh \u0111\u01b0\u1ee3c thi\u1ebft k\u1ebf \u0111\u1ec3 mang l\u1ea1i hi\u1ec7u su\u1ea5t t\u1ed1i \u01b0u trong nhi\u1ec1u \u1ee9ng d\u1ee5ng kh\u00e1c nhau. Ch\u1ee9c n\u0103ng t\u00e1c \u0111\u1ed9ng k\u00e9p c\u1ee7a ch\u00fang cho ph\u00e9p t\u1ea1o ra c\u1ea3 l\u1ef1c \u0111\u1ea9y v\u00e0 l\u1ef1c k\u00e9o, mang l\u1ea1i hi\u1ec7u su\u1ea5t cao trong c\u00e1c nhi\u1ec7m v\u1ee5 \u0111\u00f2i h\u1ecfi kh\u1ea3 n\u0103ng \u0111i\u1ec1u khi\u1ec3n ch\u00ednh x\u00e1c v\u00e0 v\u1eadn h\u00e0nh tr\u01a1n tru. T\u00ednh linh ho\u1ea1t n\u00e0y \u0111\u1ea3m b\u1ea3o xi lanh c\u00f3 th\u1ec3 \u0111\u01b0\u1ee3c s\u1eed d\u1ee5ng trong nhi\u1ec1u ng\u00e0nh c\u00f4ng nghi\u1ec7p, bao g\u1ed3m x\u00e2y d\u1ef1ng, s\u1ea3n xu\u1ea5t v\u00e0 n\u00f4ng nghi\u1ec7p.<\/p>\n<p>4. <strong>C\u00e1c t\u00ednh n\u0103ng an to\u00e0n ti\u00ean ti\u1ebfn: <\/strong>Xi lanh lo\u1ea1i ch\u1ed1t \u0111i\u1ec1u ch\u1ec9nh \u0111\u01b0\u1ee3c trang b\u1ecb c\u00e1c t\u00ednh n\u0103ng an to\u00e0n ti\u00ean ti\u1ebfn \u0111\u1ec3 \u0111\u1ea3m b\u1ea3o an to\u00e0n cho ng\u01b0\u1eddi v\u1eadn h\u00e0nh v\u00e0 thi\u1ebft b\u1ecb. C\u00e1c xi lanh n\u00e0y \u0111\u01b0\u1ee3c thi\u1ebft k\u1ebf \u0111\u1ec3 ng\u0103n ng\u1eeba qu\u00e1 t\u1ea3i v\u00e0 cung c\u1ea5p kh\u1ea3 n\u0103ng phanh \u0111\u00e1ng tin c\u1eady, gi\u1ea3m thi\u1ec3u nguy c\u01a1 tai n\u1ea1n v\u00e0 h\u01b0 h\u1ecfng. Ngo\u00e0i ra, thi\u1ebft k\u1ebf ch\u1ed1t \u0111i\u1ec1u ch\u1ec9nh cho ph\u00e9p l\u1eafp \u0111\u1eb7t d\u1ec5 d\u00e0ng v\u00e0 c\u1ed1 \u0111\u1ecbnh ch\u1eafc ch\u1eafn, n\u00e2ng cao h\u01a1n n\u1eefa t\u00ednh an to\u00e0n t\u1ed5ng th\u1ec3 c\u1ee7a h\u1ec7 th\u1ed1ng.<\/p>\n<p>5. <strong>T\u0103ng n\u0103ng su\u1ea5t: <\/strong>V\u1edbi hi\u1ec7u su\u1ea5t v\u00e0 \u0111\u1ed9 tin c\u1eady v\u01b0\u1ee3t tr\u1ed9i, Xi lanh lo\u1ea1i Clevis \u0111i\u1ec1u ch\u1ec9nh g\u00f3p ph\u1ea7n t\u0103ng n\u0103ng su\u1ea5t trong nhi\u1ec1u ng\u00e0nh c\u00f4ng nghi\u1ec7p. Vi\u1ec7c ki\u1ec3m so\u00e1t ch\u00ednh x\u00e1c v\u00e0 v\u1eadn h\u00e0nh hi\u1ec7u qu\u1ea3 c\u1ee7a c\u00e1c xi lanh n\u00e0y cho ph\u00e9p ho\u00e0n th\u00e0nh c\u00f4ng vi\u1ec7c nhanh h\u01a1n, gi\u1ea3m th\u1eddi gian ch\u1ebft v\u00e0 c\u1ea3i thi\u1ec7n hi\u1ec7u su\u1ea5t t\u1ed5ng th\u1ec3. Kh\u1ea3 n\u0103ng ch\u1ecbu t\u1ea3i tr\u1ecdng n\u1eb7ng c\u1ee7a ch\u00fang c\u0169ng gi\u00fap t\u0103ng n\u0103ng su\u1ea5t trong c\u00e1c ho\u1ea1t \u0111\u1ed9ng n\u00e2ng h\u1ea1 v\u00e0 di chuy\u1ec3n.<\/p>\n<p>T\u00f3m l\u1ea1i, Xi lanh lo\u1ea1i ch\u1ed1t \u0111i\u1ec1u ch\u1ec9nh mang l\u1ea1i nhi\u1ec1u \u01b0u \u0111i\u1ec3m khi\u1ebfn ch\u00fang tr\u1edf th\u00e0nh l\u1ef1a ch\u1ecdn \u01b0u ti\u00ean trong nhi\u1ec1u ng\u00e0nh c\u00f4ng nghi\u1ec7p. T\u1eeb t\u00ednh linh ho\u1ea1t v\u00e0 \u0111\u1ed9 b\u1ec1n \u0111\u01b0\u1ee3c c\u1ea3i thi\u1ec7n \u0111\u1ebfn hi\u1ec7u su\u1ea5t t\u1ed1i \u01b0u v\u00e0 c\u00e1c t\u00ednh n\u0103ng an to\u00e0n ti\u00ean ti\u1ebfn, nh\u1eefng xi lanh n\u00e0y \u0111\u01b0\u1ee3c thi\u1ebft k\u1ebf \u0111\u1ec3 \u0111\u00e1p \u1ee9ng nhu c\u1ea7u c\u1ee7a c\u00e1c \u1ee9ng d\u1ee5ng kh\u1eaft khe. Kh\u1ea3 n\u0103ng t\u0103ng n\u0103ng su\u1ea5t v\u00e0 x\u1eed l\u00fd t\u1ea3i tr\u1ecdng n\u1eb7ng c\u00e0ng c\u1ee7ng c\u1ed1 v\u1ecb th\u1ebf c\u1ee7a ch\u00fang nh\u01b0 m\u1ed9t gi\u1ea3i ph\u00e1p h\u00e0ng \u0111\u1ea7u tr\u00ean th\u1ecb tr\u01b0\u1eddng h\u1ec7 th\u1ed1ng th\u1ee7y l\u1ef1c. Cho d\u00f9 l\u00e0 trong l\u0129nh v\u1ef1c x\u00e2y d\u1ef1ng, s\u1ea3n xu\u1ea5t hay b\u1ea5t k\u1ef3 ng\u00e0nh c\u00f4ng nghi\u1ec7p n\u00e0o kh\u00e1c, Xi lanh lo\u1ea1i ch\u1ed1t \u0111i\u1ec1u ch\u1ec9nh \u0111\u1ec1u ch\u1ee9ng t\u1ecf l\u00e0 m\u1ed9t t\u00e0i s\u1ea3n gi\u00e1 tr\u1ecb.<\/p>\n<h3>Gi\u1edbi thi\u1ec7u v\u1ec1 FMP<\/h3>\n<p>FMP l\u00e0 c\u00f4ng ty chuy\u00ean s\u1ea3n xu\u1ea5t v\u00e0 kinh doanh xi lanh th\u1ee7y l\u1ef1c. V\u1edbi nhi\u1ec1u n\u0103m kinh nghi\u1ec7m trong ng\u00e0nh v\u00e0 \u0111\u1ed9i ng\u0169 chuy\u00ean nghi\u1ec7p, ch\u00fang t\u00f4i cam k\u1ebft cung c\u1ea5p xi lanh th\u1ee7y l\u1ef1c ch\u1ea5t l\u01b0\u1ee3ng cao v\u00e0 \u0111\u00e1ng tin c\u1eady cho kh\u00e1ch h\u00e0ng.<\/p>\n<p>Xi lanh th\u1ee7y l\u1ef1c c\u1ee7a ch\u00fang t\u00f4i \u0111\u01b0\u1ee3c thi\u1ebft k\u1ebf v\u00e0 s\u1ea3n xu\u1ea5t \u0111\u1ec3 \u0111\u00e1p \u1ee9ng c\u00e1c ti\u00eau chu\u1ea9n cao nh\u1ea5t c\u1ee7a ng\u00e0nh. D\u01b0\u1edbi \u0111\u00e2y l\u00e0 n\u0103m \u01b0u \u0111i\u1ec3m ch\u00ednh c\u1ee7a s\u1ea3n ph\u1ea9m v\u00e0 c\u00f4ng ty ch\u00fang t\u00f4i:<\/p>\n<p><strong>1. Nhi\u1ec1u l\u1ef1a ch\u1ecdn:<\/strong> Ch\u00fang t\u00f4i cung c\u1ea5p \u0111a d\u1ea1ng c\u00e1c lo\u1ea1i xi lanh th\u1ee7y l\u1ef1c \u0111\u1ec3 \u0111\u00e1p \u1ee9ng nhi\u1ec1u nhu c\u1ea7u kh\u00e1c nhau. Cho d\u00f9 b\u1ea1n c\u1ea7n xi lanh ti\u00eau chu\u1ea9n hay gi\u1ea3i ph\u00e1p t\u00f9y ch\u1ec9nh, ch\u00fang t\u00f4i \u0111\u1ec1u c\u00f3 chuy\u00ean m\u00f4n \u0111\u1ec3 mang \u0111\u1ebfn s\u1ef1 l\u1ef1a ch\u1ecdn ho\u00e0n h\u1ea3o cho \u1ee9ng d\u1ee5ng c\u1ee7a b\u1ea1n.<\/p>\n<p><strong>2. Ch\u1ea5t l\u01b0\u1ee3ng v\u01b0\u1ee3t tr\u1ed9i:<\/strong> T\u1ea1i FMP, ch\u00fang t\u00f4i \u01b0u ti\u00ean ch\u1ea5t l\u01b0\u1ee3ng trong m\u1ecdi kh\u00eda c\u1ea1nh c\u1ee7a quy tr\u00ecnh s\u1ea3n xu\u1ea5t. Xi lanh th\u1ee7y l\u1ef1c c\u1ee7a ch\u00fang t\u00f4i \u0111\u01b0\u1ee3c l\u00e0m t\u1eeb v\u1eadt li\u1ec7u cao c\u1ea5p v\u00e0 tr\u1ea3i qua qu\u00e1 tr\u00ecnh ki\u1ec3m tra nghi\u00eam ng\u1eb7t \u0111\u1ec3 \u0111\u1ea3m b\u1ea3o \u0111\u1ed9 b\u1ec1n v\u00e0 \u0111\u1ed9 tin c\u1eady.<\/p>\n<p><strong>3. C\u00f4ng ngh\u1ec7 ti\u00ean ti\u1ebfn:<\/strong> Ch\u00fang t\u00f4i t\u1eadn d\u1ee5ng nh\u1eefng ti\u1ebfn b\u1ed9 c\u00f4ng ngh\u1ec7 m\u1edbi nh\u1ea5t trong quy tr\u00ecnh s\u1ea3n xu\u1ea5t. \u0110i\u1ec1u n\u00e0y cho ph\u00e9p ch\u00fang t\u00f4i cung c\u1ea5p c\u00e1c xi lanh th\u1ee7y l\u1ef1c ti\u00ean ti\u1ebfn h\u00e0ng \u0111\u1ea7u, v\u1edbi hi\u1ec7u su\u1ea5t v\u00e0 hi\u1ec7u qu\u1ea3 \u0111\u01b0\u1ee3c c\u1ea3i thi\u1ec7n.<\/p>\n<p><strong>4. T\u01b0 v\u1ea5n chuy\u00ean gia:<\/strong> \u0110\u1ed9i ng\u0169 b\u00e1n h\u00e0ng gi\u00e0u kinh nghi\u1ec7m c\u1ee7a ch\u00fang t\u00f4i am hi\u1ec3u s\u00e2u s\u1eafc v\u1ec1 ng\u00e0nh m\u00e1y m\u00f3c x\u00e2y d\u1ef1ng. H\u1ecd c\u00f3 th\u1ec3 t\u01b0 v\u1ea5n s\u1ea3n ph\u1ea9m chuy\u00ean nghi\u1ec7p, gi\u00fap b\u1ea1n l\u1ef1a ch\u1ecdn xi lanh th\u1ee7y l\u1ef1c ph\u00f9 h\u1ee3p v\u1edbi nhu c\u1ea7u c\u1ee5 th\u1ec3 c\u1ee7a m\u00ecnh.<\/p>\n<p><strong>5. H\u1eadu c\u1ea7n hi\u1ec7u qu\u1ea3:<\/strong> Ch\u00fang t\u00f4i hi\u1ec3u t\u1ea7m quan tr\u1ecdng c\u1ee7a vi\u1ec7c giao h\u00e0ng \u0111\u00fang h\u1ea1n. H\u1ec7 th\u1ed1ng ph\u00e2n ph\u1ed1i h\u1eadu c\u1ea7n hi\u1ec7u qu\u1ea3 c\u1ee7a ch\u00fang t\u00f4i \u0111\u1ea3m b\u1ea3o b\u1ea1n nh\u1eadn \u0111\u01b0\u1ee3c xi lanh th\u1ee7y l\u1ef1c c\u1ea7n thi\u1ebft m\u1ed9t c\u00e1ch k\u1ecbp th\u1eddi v\u00e0 ch\u00ednh x\u00e1c, gi\u1ea3m thi\u1ec3u th\u1eddi gian ng\u1eebng ho\u1ea1t \u0111\u1ed9ng v\u00e0 t\u1ed1i \u0111a h\u00f3a n\u0103ng su\u1ea5t.<\/p>\n<p><img decoding=\"async\" src=\"https:\/\/fmp-components.com\/wp-content\/uploads\/2024\/12\/Adjustable-Clevis-Type-Cylinders-6.webp\" alt=\"Xi lanh lo\u1ea1i Clevis c\u00f3 th\u1ec3 \u0111i\u1ec1u ch\u1ec9nh\" width=\"805\" title=\"\"><\/p>\n<p>T\u00e1c gi\u1ea3: CX<\/p>","protected":false},"excerpt":{"rendered":"<p>Good Quality Double Effect Small 2 Ton Snow Plow Hydraulic Cylinder Double Acting Good Quality Double Effect Small 2 Ton Snow Plow Hydraulic Cylinder Double Acting is a top-of-the-line product designed to make snow removal a breeze. This hydraulic cylinder boasts a small form factor and a dual-acting design, providing superior performance and efficiency. Constructed [&hellip;]<\/p>","protected":false},"featured_media":1455,"comment_status":"closed","ping_status":"closed","template":"","meta":{"_et_pb_use_builder":"","_et_pb_old_content":"","_et_gb_content_width":""},"product_brand":[],"product_cat":[42],"product_tag":[34,44],"class_list":{"0":"post-1454","1":"product","2":"type-product","3":"status-publish","4":"has-post-thumbnail","6":"product_cat-snow-plow-hydraulic-cylinder","7":"product_tag-hydraulic-cylinder","8":"product_tag-snow-plow-hydraulic-cylinder","10":"first","11":"instock","12":"product-type-simple"},"_links":{"self":[{"href":"https:\/\/fmp-components.com\/vi\/wp-json\/wp\/v2\/product\/1454","targetHints":{"allow":["GET"]}}],"collection":[{"href":"https:\/\/fmp-components.com\/vi\/wp-json\/wp\/v2\/product"}],"about":[{"href":"https:\/\/fmp-components.com\/vi\/wp-json\/wp\/v2\/types\/product"}],"replies":[{"embeddable":true,"href":"https:\/\/fmp-components.com\/vi\/wp-json\/wp\/v2\/comments?post=1454"}],"wp:featuredmedia":[{"embeddable":true,"href":"https:\/\/fmp-components.com\/vi\/wp-json\/wp\/v2\/media\/1455"}],"wp:attachment":[{"href":"https:\/\/fmp-components.com\/vi\/wp-json\/wp\/v2\/media?parent=1454"}],"wp:term":[{"taxonomy":"product_brand","embeddable":true,"href":"https:\/\/fmp-components.com\/vi\/wp-json\/wp\/v2\/product_brand?post=1454"},{"taxonomy":"product_cat","embeddable":true,"href":"https:\/\/fmp-components.com\/vi\/wp-json\/wp\/v2\/product_cat?post=1454"},{"taxonomy":"product_tag","embeddable":true,"href":"https:\/\/fmp-components.com\/vi\/wp-json\/wp\/v2\/product_tag?post=1454"}],"curies":[{"name":"wp","href":"https:\/\/api.w.org\/{rel}","templated":true}]}}