{"id":1452,"date":"2024-12-23T05:49:26","date_gmt":"2024-12-23T05:49:26","guid":{"rendered":"https:\/\/fmp-components.com\/product\/double-effect-hydraulic-cylinder-small-hydraulic-cylinder-for-snow-plow\/"},"modified":"2024-12-23T06:43:34","modified_gmt":"2024-12-23T06:43:34","slug":"double-effect-hydraulic-cylinder-small-hydraulic-cylinder-for-snow-plow","status":"publish","type":"product","link":"https:\/\/fmp-components.com\/vi\/product\/double-effect-hydraulic-cylinder-small-hydraulic-cylinder-for-snow-plow\/","title":{"rendered":"Xi lanh th\u1ee7y l\u1ef1c hi\u1ec7u \u1ee9ng k\u00e9p Xi lanh th\u1ee7y l\u1ef1c nh\u1ecf cho m\u00e1y c\u00e0y tuy\u1ebft"},"content":{"rendered":"<h2>Xi lanh th\u1ee7y l\u1ef1c hi\u1ec7u \u1ee9ng k\u00e9p Xi lanh th\u1ee7y l\u1ef1c nh\u1ecf cho m\u00e1y c\u00e0y tuy\u1ebft<\/h2>\n<p>Xi lanh th\u1ee7y l\u1ef1c t\u00e1c \u0111\u1ed9ng k\u00e9p (Xi lanh th\u1ee7y l\u1ef1c nh\u1ecf cho m\u00e1y c\u00e0y tuy\u1ebft) l\u00e0 s\u1ea3n ph\u1ea9m ch\u1ea5t l\u01b0\u1ee3ng cao \u0111\u01b0\u1ee3c thi\u1ebft k\u1ebf \u0111\u1ec3 s\u1eed d\u1ee5ng cho m\u00e1y c\u00e0y tuy\u1ebft. Xi lanh \u0111\u01b0\u1ee3c ch\u1ebf t\u1ea1o ch\u00ednh x\u00e1c v\u00e0 l\u00e0m t\u1eeb v\u1eadt li\u1ec7u b\u1ec1n b\u1ec9, \u0111\u1ea3m b\u1ea3o tu\u1ed5i th\u1ecd l\u00e2u d\u00e0i. T\u00ednh n\u0103ng t\u00e1c \u0111\u1ed9ng k\u00e9p gi\u00fap t\u0103ng hi\u1ec7u qu\u1ea3, gi\u00fap vi\u1ec7c d\u1ecdn tuy\u1ebft tr\u00ean b\u1ec1 m\u1eb7t d\u1ec5 d\u00e0ng h\u01a1n.<\/p>\n<p>Xi lanh th\u1ee7y l\u1ef1c \u0111\u01b0\u1ee3c thi\u1ebft k\u1ebf nh\u1ecf g\u1ecdn, d\u1ec5 d\u00e0ng l\u1eafp \u0111\u1eb7t v\u00e0 s\u1eed d\u1ee5ng trong nhi\u1ec1u lo\u1ea1i m\u00e1y c\u00e0y tuy\u1ebft. K\u00edch th\u01b0\u1edbc nh\u1ecf g\u1ecdn c\u0169ng gi\u00fap d\u1ec5 d\u00e0ng v\u1eadn chuy\u1ec3n, \u0111\u1ea3m b\u1ea3o ng\u01b0\u1eddi v\u1eadn h\u00e0nh m\u00e1y c\u00e0y tuy\u1ebft c\u00f3 th\u1ec3 d\u1ec5 d\u00e0ng di chuy\u1ec3n t\u1eeb n\u01a1i n\u00e0y sang n\u01a1i kh\u00e1c.<\/p>\n<p>M\u1ed9t trong nh\u1eefng l\u1ee3i \u00edch ch\u00ednh c\u1ee7a s\u1ea3n ph\u1ea9m n\u00e0y l\u00e0 hi\u1ec7u su\u1ea5t v\u01b0\u1ee3t tr\u1ed9i trong \u0111i\u1ec1u ki\u1ec7n th\u1eddi ti\u1ebft kh\u1eafc nghi\u1ec7t. S\u1ea3n ph\u1ea9m c\u00f3 kh\u1ea3 n\u0103ng ch\u1ecbu \u0111\u01b0\u1ee3c \u0111i\u1ec1u ki\u1ec7n m\u00f9a \u0111\u00f4ng kh\u1eafc nghi\u1ec7t v\u00e0 \u0111\u01b0\u1ee3c thi\u1ebft k\u1ebf \u0111\u1ec3 mang l\u1ea1i hi\u1ec7u su\u1ea5t \u0111\u00e1ng tin c\u1eady khi c\u1ea7n thi\u1ebft nh\u1ea5t.<\/p>\n<p>Nh\u00ecn chung, Xi lanh th\u1ee7y l\u1ef1c nh\u1ecf hi\u1ec7u \u1ee9ng k\u00e9p d\u00e0nh cho m\u00e1y c\u00e0y tuy\u1ebft l\u00e0 m\u1ed9t s\u1ea3n ph\u1ea9m tuy\u1ec7t v\u1eddi, mang l\u1ea1i gi\u00e1 tr\u1ecb v\u01b0\u1ee3t tr\u1ed9i. \u0110\u1ed9 b\u1ec1n, hi\u1ec7u su\u1ea5t v\u00e0 k\u00edch th\u01b0\u1edbc nh\u1ecf g\u1ecdn khi\u1ebfn n\u00f3 tr\u1edf th\u00e0nh l\u1ef1a ch\u1ecdn l\u00fd t\u01b0\u1edfng cho nh\u1eefng ng\u01b0\u1eddi v\u1eadn h\u00e0nh m\u00e1y c\u00e0y tuy\u1ebft \u0111ang t\u00ecm ki\u1ebfm m\u1ed9t xi lanh th\u1ee7y l\u1ef1c \u0111\u00e1ng tin c\u1eady v\u00e0 hi\u1ec7u qu\u1ea3. Trong s\u1ed1 r\u1ea5t nhi\u1ec1u lo\u1ea1i xi lanh th\u1ee7y l\u1ef1c hi\u1ec7n c\u00f3, Xi lanh th\u1ee7y l\u1ef1c nh\u1ecf hi\u1ec7u \u1ee9ng k\u00e9p d\u00e0nh cho m\u00e1y c\u00e0y tuy\u1ebft n\u1ed5i b\u1eadt nh\u1edd c\u00e1c t\u00ednh n\u0103ng \u0111\u1ed9c \u0111\u00e1o v\u00e0 kh\u1ea3 n\u0103ng v\u01b0\u1ee3t tr\u1ed9i. S\u1ea3n ph\u1ea9m n\u00e0y l\u00e0 s\u1ea3n ph\u1ea9m m\u1edbi v\u00e0 \u0111\u01b0\u1ee3c b\u1ea3o h\u00e0nh m\u1ed9t n\u0103m, \u0111\u1ea3m b\u1ea3o \u0111\u1ed9 tin c\u1eady v\u00e0 s\u1ef1 an t\u00e2m c\u1ee7a b\u1ea1n.<\/p>\n<h2>T\u00ednh n\u0103ng s\u1ea3n ph\u1ea9m<\/h2>\n<p><img decoding=\"async\" title=\"Xi lanh th\u1ee7y l\u1ef1c m\u00e1y c\u00e0y tuy\u1ebft\" src=\"https:\/\/hzpt.com\/wp-content\/uploads\/2023\/11\/Snow-Plow-Hydraulic-Cylinder-1.webp\" alt=\"Xi lanh th\u1ee7y l\u1ef1c m\u00e1y c\u00e0y tuy\u1ebft\" \/><\/p>\n<p>Xi lanh th\u1ee7y l\u1ef1c t\u00e1c \u0111\u1ed9ng k\u00e9p Xi lanh th\u1ee7y l\u1ef1c nh\u1ecf cho m\u00e1y c\u00e0y tuy\u1ebft l\u00e0 s\u1ea3n ph\u1ea9m c\u1ea3i ti\u1ebfn \u0111\u01b0\u1ee3c thi\u1ebft k\u1ebf \u0111\u1ec3 mang l\u1ea1i hi\u1ec7u qu\u1ea3 v\u00e0 hi\u1ec7u su\u1ea5t cao trong nhi\u1ec1u ng\u00e0nh c\u00f4ng nghi\u1ec7p nh\u01b0 x\u01b0\u1edfng s\u1eeda ch\u1eefa m\u00e1y m\u00f3c, trang tr\u1ea1i, n\u0103ng l\u01b0\u1ee3ng &amp; khai th\u00e1c m\u1ecf, s\u1ea3n xu\u1ea5t m\u00e1y m\u00f3c v\u00e0 nh\u00e0 m\u00e1y s\u1ea3n xu\u1ea5t m\u00e1y m\u00f3c.<\/p>\n<ul>\n<li><strong>Ch\u1ea5t l\u01b0\u1ee3ng cao v\u00e0 \u0111\u1ed9 tin c\u1eady:<\/strong> Xi lanh th\u1ee7y l\u1ef1c \u0111\u01b0\u1ee3c l\u00e0m b\u1eb1ng th\u00e9p, mang l\u1ea1i s\u1ef1 ch\u1eafc ch\u1eafn v\u00e0 b\u1ec1n b\u1ec9. V\u1edbi tr\u1ecdng l\u01b0\u1ee3ng 5,9 kg, m\u00e1y nh\u1ecf g\u1ecdn nh\u01b0ng m\u1ea1nh m\u1ebd.<\/li>\n<li><strong>Hi\u1ec7u qu\u1ea3 v\u00e0 Hi\u1ec7u su\u1ea5t:<\/strong> Xi lanh th\u1ee7y l\u1ef1c n\u00e0y c\u00f3 l\u1ef1c \u0111\u1ea9y t\u1ed1i \u0111a l\u00e0 3000 v\u00e0 l\u1ef1c k\u00e9o t\u1ed1i \u0111a l\u00e0 20 t\u1ea5n, khi\u1ebfn n\u00f3 tr\u1edf th\u00e0nh m\u1ed9t c\u00f4ng c\u1ee5 hi\u1ec7u su\u1ea5t cao cho nhi\u1ec1u \u1ee9ng d\u1ee5ng kh\u00e1c nhau.<\/li>\n<li><strong>An to\u00e0n v\u00e0 \u1ed5n \u0111\u1ecbnh:<\/strong> Ch\u1ebf \u0111\u1ed9 b\u1ea3o h\u00e0nh m\u1ed9t n\u0103m cho c\u00e1c linh ki\u1ec7n c\u1ed1t l\u00f5i, bao g\u1ed3m \u1ed5 tr\u1ee5c v\u00e0 xi lanh th\u1ee7y l\u1ef1c, \u0111\u1ea3m b\u1ea3o an to\u00e0n v\u00e0 \u1ed5n \u0111\u1ecbnh.<\/li>\n<li><strong>Kh\u1ea3 n\u0103ng t\u01b0\u01a1ng th\u00edch:<\/strong> S\u1ea3n ph\u1ea9m n\u00e0y l\u00e0 s\u1ea3n ph\u1ea9m ti\u00eau chu\u1ea9n, ngh\u0129a l\u00e0 c\u00f3 th\u1ec3 d\u1ec5 d\u00e0ng t\u00edch h\u1ee3p v\u00e0o nhi\u1ec1u h\u1ec7 th\u1ed1ng kh\u00e1c nhau.<\/li>\n<li><strong>Gi\u00e1 tr\u1ecb \u0111\u1ea7u t\u01b0 d\u00e0i h\u1ea1n:<\/strong> V\u1edbi ch\u1ebf \u0111\u1ed9 b\u1ea3o h\u00e0nh m\u1ed9t n\u0103m v\u00e0 c\u00e1c linh ki\u1ec7n l\u00f5i ch\u1ea5t l\u01b0\u1ee3ng cao, xi lanh th\u1ee7y l\u1ef1c n\u00e0y \u0111\u1ea3m b\u1ea3o gi\u00e1 tr\u1ecb \u0111\u1ea7u t\u01b0 l\u00e2u d\u00e0i.<\/li>\n<\/ul>\n<p><img decoding=\"async\" title=\"Xi lanh th\u1ee7y l\u1ef1c m\u00e1y c\u00e0y tuy\u1ebft\" src=\"https:\/\/hzpt.com\/wp-content\/uploads\/2023\/11\/Snow-Plow-Hydraulic-Cylinder-2.webp\" alt=\"Xi lanh th\u1ee7y l\u1ef1c m\u00e1y c\u00e0y tuy\u1ebft\" \/><\/p>\n<h2>\u01afu \u0111i\u1ec3m c\u1ee7a xi lanh lo\u1ea1i ch\u1ed1t c\u00f3 th\u1ec3 \u0111i\u1ec1u ch\u1ec9nh<\/h2>\n<ul>\n<li style=\"list-style-type: none;\">\n<ul>\n<li>T\u0103ng t\u00ednh linh ho\u1ea1t v\u00e0 kh\u1ea3 n\u0103ng th\u00edch \u1ee9ng<\/li>\n<\/ul>\n<\/li>\n<\/ul>\n<p>M\u1ed9t trong nh\u1eefng \u01b0u \u0111i\u1ec3m ch\u00ednh c\u1ee7a xi lanh lo\u1ea1i ch\u1ed1t \u0111i\u1ec1u ch\u1ec9nh l\u00e0 kh\u1ea3 n\u0103ng th\u00edch \u1ee9ng cao. C\u00e1c xi lanh n\u00e0y c\u00f3 th\u1ec3 d\u1ec5 d\u00e0ng \u0111i\u1ec1u ch\u1ec9nh \u0111\u1ec3 ph\u00f9 h\u1ee3p v\u1edbi nhi\u1ec1u \u1ee9ng d\u1ee5ng v\u00e0 y\u00eau c\u1ea7u kh\u00e1c nhau, mang l\u1ea1i s\u1ef1 linh ho\u1ea1t v\u00e0 \u0111a n\u0103ng. \u0110i\u1ec1u n\u00e0y c\u00f3 ngh\u0129a l\u00e0 ch\u00fang c\u00f3 th\u1ec3 \u0111\u01b0\u1ee3c s\u1eed d\u1ee5ng trong nhi\u1ec1u m\u00f4i tr\u01b0\u1eddng c\u00f4ng nghi\u1ec7p kh\u00e1c nhau v\u00e0 c\u00f3 th\u1ec3 \u0111\u01b0\u1ee3c t\u00f9y ch\u1ec9nh \u0111\u1ec3 \u0111\u00e1p \u1ee9ng nhu c\u1ea7u c\u1ee5 th\u1ec3 c\u1ee7a c\u00e1c d\u1ef1 \u00e1n v\u00e0 \u1ee9ng d\u1ee5ng kh\u00e1c nhau.<\/p>\n<ul>\n<li style=\"list-style-type: none;\">\n<ul>\n<li>\u0110\u1ed9 ch\u00ednh x\u00e1c v\u00e0 kh\u1ea3 n\u0103ng ki\u1ec3m so\u00e1t \u0111\u01b0\u1ee3c n\u00e2ng cao<\/li>\n<\/ul>\n<\/li>\n<\/ul>\n<p>M\u1ed9t \u01b0u \u0111i\u1ec3m quan tr\u1ecdng kh\u00e1c c\u1ee7a xi lanh lo\u1ea1i ch\u1ed1t \u0111i\u1ec1u ch\u1ec9nh l\u00e0 kh\u1ea3 n\u0103ng cung c\u1ea5p \u0111\u1ed9 ch\u00ednh x\u00e1c v\u00e0 kh\u1ea3 n\u0103ng ki\u1ec3m so\u00e1t n\u00e2ng cao. Nh\u1eefng xi lanh n\u00e0y \u0111\u01b0\u1ee3c thi\u1ebft k\u1ebf \u0111\u1ec3 mang l\u1ea1i chuy\u1ec3n \u0111\u1ed9ng ch\u00ednh x\u00e1c, l\u00fd t\u01b0\u1edfng cho c\u00e1c \u1ee9ng d\u1ee5ng \u0111\u00f2i h\u1ecfi m\u1ee9c \u0111\u1ed9 ki\u1ec3m so\u00e1t v\u00e0 \u0111\u1ed9 ch\u00ednh x\u00e1c cao. \u0110i\u1ec1u n\u00e0y \u0111\u1eb7c bi\u1ec7t quan tr\u1ecdng trong m\u00f4i tr\u01b0\u1eddng c\u00f4ng nghi\u1ec7p, n\u01a1i \u0111\u1ed9 ch\u00ednh x\u00e1c v\u00e0 \u0111\u1ed9 chu\u1ea9n x\u00e1c l\u00e0 y\u1ebfu t\u1ed1 then ch\u1ed1t cho s\u1ef1 an to\u00e0n v\u00e0 hi\u1ec7u qu\u1ea3.<\/p>\n<ul>\n<li style=\"list-style-type: none;\">\n<ul>\n<li>\u0110\u1ed9 b\u1ec1n v\u00e0 tu\u1ed5i th\u1ecd \u0111\u01b0\u1ee3c c\u1ea3i thi\u1ec7n<\/li>\n<\/ul>\n<\/li>\n<\/ul>\n<p>Xi lanh lo\u1ea1i ch\u1ed1t \u0111i\u1ec1u ch\u1ec9nh c\u0169ng \u0111\u01b0\u1ee3c bi\u1ebft \u0111\u1ebfn v\u1edbi \u0111\u1ed9 b\u1ec1n v\u00e0 tu\u1ed5i th\u1ecd v\u01b0\u1ee3t tr\u1ed9i. Nh\u1eefng xi lanh n\u00e0y th\u01b0\u1eddng \u0111\u01b0\u1ee3c l\u00e0m t\u1eeb v\u1eadt li\u1ec7u ch\u1ea5t l\u01b0\u1ee3ng cao, \u0111\u01b0\u1ee3c thi\u1ebft k\u1ebf \u0111\u1ec3 ch\u1ecbu \u0111\u01b0\u1ee3c s\u1ef1 kh\u1eafc nghi\u1ec7t c\u1ee7a vi\u1ec7c s\u1eed d\u1ee5ng nhi\u1ec1u v\u00e0 m\u00f4i tr\u01b0\u1eddng c\u00f4ng nghi\u1ec7p kh\u1eafc nghi\u1ec7t. \u0110i\u1ec1u n\u00e0y c\u00f3 ngh\u0129a l\u00e0 ch\u00fang c\u00f3 th\u1ec3 t\u1ed3n t\u1ea1i trong nhi\u1ec1u n\u0103m v\u1edbi chi ph\u00ed b\u1ea3o tr\u00ec t\u1ed1i thi\u1ec3u, khi\u1ebfn ch\u00fang tr\u1edf th\u00e0nh m\u1ed9t gi\u1ea3i ph\u00e1p ti\u1ebft ki\u1ec7m chi ph\u00ed cho nhi\u1ec1u \u1ee9ng d\u1ee5ng c\u00f4ng nghi\u1ec7p.<\/p>\n<ul>\n<li style=\"list-style-type: none;\">\n<ul>\n<li>Hi\u1ec7u qu\u1ea3 v\u00e0 n\u0103ng su\u1ea5t cao h\u01a1n<\/li>\n<\/ul>\n<\/li>\n<\/ul>\n<p>B\u1eb1ng c\u00e1ch cung c\u1ea5p \u0111\u1ed9 ch\u00ednh x\u00e1c, kh\u1ea3 n\u0103ng ki\u1ec3m so\u00e1t v\u00e0 kh\u1ea3 n\u0103ng th\u00edch \u1ee9ng cao h\u01a1n, xi lanh lo\u1ea1i ch\u1ed1t \u0111i\u1ec1u ch\u1ec9nh c\u0169ng c\u00f3 th\u1ec3 gi\u00fap c\u1ea3i thi\u1ec7n hi\u1ec7u qu\u1ea3 v\u00e0 n\u0103ng su\u1ea5t t\u1ed5ng th\u1ec3 trong m\u00f4i tr\u01b0\u1eddng c\u00f4ng nghi\u1ec7p. C\u00e1c xi lanh n\u00e0y c\u00f3 th\u1ec3 \u0111\u01b0\u1ee3c s\u1eed d\u1ee5ng \u0111\u1ec3 t\u1ef1 \u0111\u1ed9ng h\u00f3a nhi\u1ec1u quy tr\u00ecnh kh\u00e1c nhau, gi\u00fap ho\u00e0n th\u00e0nh nhi\u1ec7m v\u1ee5 nhanh ch\u00f3ng v\u00e0 hi\u1ec7u qu\u1ea3 h\u01a1n, \u0111\u1ed3ng th\u1eddi gi\u1ea3m thi\u1ec3u th\u1eddi gian ch\u1ebft v\u00e0 chi ph\u00ed. \u0110i\u1ec1u n\u00e0y \u0111\u1eb7c bi\u1ec7t quan tr\u1ecdng trong c\u00e1c ng\u00e0nh c\u00f4ng nghi\u1ec7p m\u00e0 th\u1eddi gian l\u00e0 y\u1ebfu t\u1ed1 then ch\u1ed1t, ch\u1eb3ng h\u1ea1n nh\u01b0 ng\u00e0nh x\u00e2y d\u1ef1ng ho\u1eb7c s\u1ea3n xu\u1ea5t.<\/p>\n<ul>\n<li style=\"list-style-type: none;\">\n<ul>\n<li>T\u01b0\u01a1ng th\u00edch v\u1edbi nhi\u1ec1u h\u1ec7 th\u1ed1ng v\u00e0 th\u00e0nh ph\u1ea7n kh\u00e1c nhau<\/li>\n<\/ul>\n<\/li>\n<\/ul>\n<p>Cu\u1ed1i c\u00f9ng, xi lanh lo\u1ea1i ch\u1ed1t \u0111i\u1ec1u ch\u1ec9nh \u0111\u01b0\u1ee3c bi\u1ebft \u0111\u1ebfn v\u1edbi kh\u1ea3 n\u0103ng t\u01b0\u01a1ng th\u00edch cao v\u1edbi nhi\u1ec1u h\u1ec7 th\u1ed1ng v\u00e0 linh ki\u1ec7n. Nh\u1eefng xi lanh n\u00e0y c\u00f3 th\u1ec3 d\u1ec5 d\u00e0ng t\u00edch h\u1ee3p v\u00e0o c\u00e1c h\u1ec7 th\u1ed1ng th\u1ee7y l\u1ef1c hi\u1ec7n c\u00f3, bi\u1ebfn ch\u00fang th\u00e0nh m\u1ed9t gi\u1ea3i ph\u00e1p linh ho\u1ea1t v\u00e0 \u0111a n\u0103ng cho nhi\u1ec1u \u1ee9ng d\u1ee5ng c\u00f4ng nghi\u1ec7p. Ngo\u00e0i ra, ch\u00fang t\u01b0\u01a1ng th\u00edch v\u1edbi nhi\u1ec1u lo\u1ea1i linh ki\u1ec7n v\u00e0 ph\u1ee5 ki\u1ec7n kh\u00e1c nhau, ch\u1eb3ng h\u1ea1n nh\u01b0 xi lanh th\u1ee7y l\u1ef1c hi\u1ec7u \u1ee9ng k\u00e9p v\u00e0 xi lanh th\u1ee7y l\u1ef1c nh\u1ecf cho m\u00e1y c\u00e0y tuy\u1ebft, bi\u1ebfn ch\u00fang th\u00e0nh m\u1ed9t gi\u1ea3i ph\u00e1p c\u00f3 kh\u1ea3 n\u0103ng t\u00f9y ch\u1ec9nh cao cho nhi\u1ec1u d\u1ef1 \u00e1n kh\u00e1c nhau.<\/p>\n<h3>Gi\u1edbi thi\u1ec7u v\u1ec1 FMP \u2013 Nh\u00e0 cung c\u1ea5p xi lanh th\u1ee7y l\u1ef1c chuy\u00ean nghi\u1ec7p c\u1ee7a b\u1ea1n<\/h3>\n<p>B\u1ea1n \u0111ang t\u00ecm ki\u1ebfm xi lanh th\u1ee7y l\u1ef1c \u0111\u00e1ng tin c\u1eady v\u00e0 ch\u1ea5t l\u01b0\u1ee3ng cao cho m\u00e1y m\u00f3c x\u00e2y d\u1ef1ng c\u1ee7a m\u00ecnh? H\u00e3y \u0111\u1ebfn v\u1edbi FMP! L\u00e0 m\u1ed9t c\u00f4ng ty v\u1edbi nhi\u1ec1u n\u0103m kinh nghi\u1ec7m trong ng\u00e0nh v\u00e0 \u0111\u1ed9i ng\u0169 chuy\u00ean nghi\u1ec7p, ch\u00fang t\u00f4i chuy\u00ean b\u00e1n v\u00e0 b\u1ea3o tr\u00ec ph\u1ee5 t\u00f9ng m\u00e1y m\u00f3c x\u00e2y d\u1ef1ng v\u00e0 m\u00e1y m\u00f3c ho\u00e0n ch\u1ec9nh. Danh m\u1ee5c s\u1ea3n ph\u1ea9m \u0111a d\u1ea1ng c\u1ee7a ch\u00fang t\u00f4i bao g\u1ed3m h\u1ed9p s\u1ed1 m\u00e1y m\u00f3c n\u00f4ng nghi\u1ec7p, h\u1ed9p s\u1ed1 c\u00f4ng nghi\u1ec7p, h\u1ed9p s\u1ed1 h\u00e0nh tinh, ph\u1ee5 t\u00f9ng m\u00e1y m\u00f3c n\u00f4ng nghi\u1ec7p, v\u00e0 m\u1ed9t lo\u1ea1t c\u00e1c ph\u1ee5 ki\u1ec7n cao c\u1ea5p ph\u00f9 h\u1ee3p.<\/p>\n<p>Sau \u0111\u00e2y l\u00e0 m\u1ed9t s\u1ed1 l\u00fd do t\u1ea1i sao b\u1ea1n n\u00ean ch\u1ecdn FMP l\u00e0m nh\u00e0 cung c\u1ea5p xi lanh th\u1ee7y l\u1ef1c:<\/p>\n<p>1. S\u1ea3n ph\u1ea9m ch\u1ea5t l\u01b0\u1ee3ng cao \u2013 Ch\u00fang t\u00f4i h\u1ee3p t\u00e1c v\u1edbi nhi\u1ec1u nh\u00e0 cung c\u1ea5p ch\u1ea5t l\u01b0\u1ee3ng cao trong v\u00e0 ngo\u00e0i n\u01b0\u1edbc \u0111\u1ec3 \u0111\u1ea3m b\u1ea3o t\u1ea5t c\u1ea3 xi lanh th\u1ee7y l\u1ef1c c\u1ee7a ch\u00fang t\u00f4i \u0111\u1ec1u \u0111\u00e1p \u1ee9ng c\u00e1c ti\u00eau chu\u1ea9n ch\u1ea5t l\u01b0\u1ee3ng nghi\u00eam ng\u1eb7t. S\u1ea3n ph\u1ea9m c\u1ee7a ch\u00fang t\u00f4i b\u1ec1n b\u1ec9, \u0111\u00e1ng tin c\u1eady v\u00e0 \u0111\u01b0\u1ee3c ch\u1ebf t\u1ea1o \u0111\u1ec3 s\u1eed d\u1ee5ng l\u00e2u d\u00e0i.<\/p>\n<p>2. \u0110\u1ed9i ng\u0169 b\u00e1n h\u00e0ng chuy\u00ean nghi\u1ec7p \u2013 \u0110\u1ed9i ng\u0169 b\u00e1n h\u00e0ng gi\u00e0u kinh nghi\u1ec7m v\u00e0 k\u1ef9 n\u0103ng c\u1ee7a ch\u00fang t\u00f4i am hi\u1ec3u xu h\u01b0\u1edbng ph\u00e1t tri\u1ec3n v\u00e0 nhu c\u1ea7u c\u1ee7a kh\u00e1ch h\u00e0ng trong ng\u00e0nh m\u00e1y m\u00f3c x\u00e2y d\u1ef1ng. H\u1ecd c\u00f3 th\u1ec3 t\u01b0 v\u1ea5n s\u1ea3n ph\u1ea9m chuy\u00ean nghi\u1ec7p v\u00e0 \u0111\u01b0a ra nh\u1eefng g\u1ee3i \u00fd mua h\u00e0ng th\u00f4ng minh, gi\u00fap b\u1ea1n t\u00ecm \u0111\u01b0\u1ee3c xi lanh th\u1ee7y l\u1ef1c ph\u00f9 h\u1ee3p v\u1edbi nhu c\u1ea7u c\u1ee7a m\u00ecnh.<\/p>\n<p>3. H\u1ec7 th\u1ed1ng ph\u00e2n ph\u1ed1i h\u1eadu c\u1ea7n hi\u1ec7u qu\u1ea3 \u2013 Ch\u00fang t\u00f4i c\u00f3 h\u1ec7 th\u1ed1ng ph\u00e2n ph\u1ed1i h\u1eadu c\u1ea7n hi\u1ec7u qu\u1ea3 \u0111\u1ec3 \u0111\u1ea3m b\u1ea3o kh\u00e1ch h\u00e0ng nh\u1eadn \u0111\u01b0\u1ee3c c\u00e1c ph\u1ee5 t\u00f9ng c\u1ea7n thi\u1ebft m\u1ed9t c\u00e1ch k\u1ecbp th\u1eddi v\u00e0 ch\u00ednh x\u00e1c. B\u1ea1n c\u00f3 th\u1ec3 tin t\u01b0\u1edfng ch\u00fang t\u00f4i s\u1ebd giao xi lanh th\u1ee7y l\u1ef1c \u0111\u1ebfn t\u1eadn tay b\u1ea1n khi b\u1ea1n c\u1ea7n.<\/p>\n<p>4. T\u00f9y ch\u1ecdn t\u00f9y ch\u1ec9nh \u2013 T\u1ea1i FMP, ch\u00fang t\u00f4i hi\u1ec3u r\u1eb1ng m\u1ed7i kh\u00e1ch h\u00e0ng \u0111\u1ec1u c\u00f3 nhu c\u1ea7u ri\u00eang v\u1ec1 xi lanh th\u1ee7y l\u1ef1c. \u0110\u00f3 l\u00e0 l\u00fd do t\u1ea1i sao ch\u00fang t\u00f4i cung c\u1ea5p c\u00e1c t\u00f9y ch\u1ecdn t\u00f9y ch\u1ec9nh \u0111\u1ec3 \u0111\u00e1p \u1ee9ng c\u00e1c y\u00eau c\u1ea7u c\u1ee5 th\u1ec3 c\u1ee7a b\u1ea1n.<\/p>\n<p>5. \u0110a d\u1ea1ng s\u1ea3n ph\u1ea9m \u2013 Ch\u00fang t\u00f4i cung c\u1ea5p \u0111a d\u1ea1ng c\u00e1c lo\u1ea1i xi lanh th\u1ee7y l\u1ef1c \u0111\u1ec3 b\u1ea1n l\u1ef1a ch\u1ecdn, bao g\u1ed3m xi lanh lo\u1ea1i ch\u1ed1t \u0111i\u1ec1u ch\u1ec9nh, xi lanh h\u00e0n, xi lanh thanh gi\u1eb1ng, v.v. \u0110i\u1ec1u n\u00e0y c\u00f3 ngh\u0129a l\u00e0 b\u1ea1n c\u00f3 th\u1ec3 t\u00ecm th\u1ea5y lo\u1ea1i xi lanh th\u1ee7y l\u1ef1c ho\u00e0n h\u1ea3o ph\u00f9 h\u1ee3p v\u1edbi nhu c\u1ea7u m\u00e1y m\u00f3c x\u00e2y d\u1ef1ng c\u1ee7a m\u00ecnh.<\/p>\n<p>H\u01a1n n\u1eefa, v\u1edbi FMP, b\u1ea1n c\u00f3 th\u1ec3 t\u1eadn h\u01b0\u1edfng s\u1ef1 an t\u00e2m khi l\u00e0m vi\u1ec7c v\u1edbi m\u1ed9t nh\u00e0 cung c\u1ea5p uy t\u00edn v\u00e0 \u0111\u00e1ng tin c\u1eady. V\u1eady c\u00f2n ch\u1ea7n ch\u1eeb g\u00ec n\u1eefa? H\u00e3y li\u00ean h\u1ec7 v\u1edbi ch\u00fang t\u00f4i ngay h\u00f4m nay \u0111\u1ec3 t\u00ecm hi\u1ec3u th\u00eam v\u1ec1 xi lanh th\u1ee7y l\u1ef1c v\u00e0 c\u00e1ch ch\u00fang t\u00f4i c\u00f3 th\u1ec3 gi\u00fap b\u1ea1n \u0111\u00e1p \u1ee9ng nhu c\u1ea7u v\u1ec1 m\u00e1y m\u00f3c x\u00e2y d\u1ef1ng.<\/p>\n<p><img decoding=\"async\" src=\"https:\/\/fmp-components.com\/wp-content\/uploads\/2024\/12\/Adjustable-Clevis-Type-Cylinders-6.webp\" alt=\"Xi lanh lo\u1ea1i Clevis c\u00f3 th\u1ec3 \u0111i\u1ec1u ch\u1ec9nh\" width=\"804\" title=\"\"><\/p>\n<p>T\u00e1c gi\u1ea3: CX<\/p>","protected":false},"excerpt":{"rendered":"<p>Double Effect Hydraulic Cylinder Small Hydraulic Cylinder For Snow Plow Double Effect Hydraulic Cylinder Small Hydraulic Cylinder For Snow Plow is a high-quality product designed for use in snow plows. The cylinder is constructed with precision and is made of durable materials to ensure its longevity. The double effect feature allows for increased efficiency, making [&hellip;]<\/p>","protected":false},"featured_media":1453,"comment_status":"closed","ping_status":"closed","template":"","meta":{"_et_pb_use_builder":"","_et_pb_old_content":"","_et_gb_content_width":""},"product_brand":[],"product_cat":[42],"product_tag":[34,44],"class_list":{"0":"post-1452","1":"product","2":"type-product","3":"status-publish","4":"has-post-thumbnail","6":"product_cat-snow-plow-hydraulic-cylinder","7":"product_tag-hydraulic-cylinder","8":"product_tag-snow-plow-hydraulic-cylinder","10":"first","11":"instock","12":"product-type-simple"},"_links":{"self":[{"href":"https:\/\/fmp-components.com\/vi\/wp-json\/wp\/v2\/product\/1452","targetHints":{"allow":["GET"]}}],"collection":[{"href":"https:\/\/fmp-components.com\/vi\/wp-json\/wp\/v2\/product"}],"about":[{"href":"https:\/\/fmp-components.com\/vi\/wp-json\/wp\/v2\/types\/product"}],"replies":[{"embeddable":true,"href":"https:\/\/fmp-components.com\/vi\/wp-json\/wp\/v2\/comments?post=1452"}],"wp:featuredmedia":[{"embeddable":true,"href":"https:\/\/fmp-components.com\/vi\/wp-json\/wp\/v2\/media\/1453"}],"wp:attachment":[{"href":"https:\/\/fmp-components.com\/vi\/wp-json\/wp\/v2\/media?parent=1452"}],"wp:term":[{"taxonomy":"product_brand","embeddable":true,"href":"https:\/\/fmp-components.com\/vi\/wp-json\/wp\/v2\/product_brand?post=1452"},{"taxonomy":"product_cat","embeddable":true,"href":"https:\/\/fmp-components.com\/vi\/wp-json\/wp\/v2\/product_cat?post=1452"},{"taxonomy":"product_tag","embeddable":true,"href":"https:\/\/fmp-components.com\/vi\/wp-json\/wp\/v2\/product_tag?post=1452"}],"curies":[{"name":"wp","href":"https:\/\/api.w.org\/{rel}","templated":true}]}}