{"id":1450,"date":"2024-12-23T05:49:26","date_gmt":"2024-12-23T05:49:26","guid":{"rendered":"https:\/\/fmp-components.com\/product\/chinese-factory-20-ton-hydraulic-piston-cylinder-snow-plow-hydraulic-cylinder\/"},"modified":"2025-03-18T02:15:00","modified_gmt":"2025-03-18T02:15:00","slug":"italian-factory-20-ton-hydraulic-piston-cylinder-snow-plow-hydraulic-cylinder","status":"publish","type":"product","link":"https:\/\/fmp-components.com\/vi\/product\/italian-factory-20-ton-hydraulic-piston-cylinder-snow-plow-hydraulic-cylinder\/","title":{"rendered":"Nh\u00e0 m\u00e1y \u00dd 20 t\u1ea5n xi lanh piston th\u1ee7y l\u1ef1c m\u00e1y c\u00e0y tuy\u1ebft xi lanh th\u1ee7y l\u1ef1c"},"content":{"rendered":"<h2>Nh\u00e0 m\u00e1y \u00dd 20 t\u1ea5n xi lanh piston th\u1ee7y l\u1ef1c m\u00e1y c\u00e0y tuy\u1ebft xi lanh th\u1ee7y l\u1ef1c<\/h2>\n<p>Xi lanh th\u1ee7y l\u1ef1c m\u00e1y c\u00e0y tuy\u1ebft 20 t\u1ea5n c\u1ee7a nh\u00e0 m\u00e1y \u00dd l\u00e0 s\u1ea3n ph\u1ea9m ti\u00ean ti\u1ebfn \u0111\u01b0\u1ee3c thi\u1ebft k\u1ebf cho c\u00e1c \u1ee9ng d\u1ee5ng c\u00e0y tuy\u1ebft h\u1ea1ng n\u1eb7ng. V\u1edbi c\u00f4ng su\u1ea5t th\u1ee7y l\u1ef1c v\u01b0\u1ee3t tr\u1ed9i, xi lanh n\u00e0y cung c\u1ea5p l\u1ef1c c\u1ea7n thi\u1ebft \u0111\u1ec3 d\u1ecdn tuy\u1ebft hi\u1ec7u qu\u1ea3 tr\u00ean \u0111\u01b0\u1eddng, b\u00e3i \u0111\u1eadu xe v\u00e0 c\u00e1c b\u1ec1 m\u1eb7t r\u1ed9ng l\u1edbn kh\u00e1c.<\/p>\n<p>\u0110\u01b0\u1ee3c ch\u1ebf t\u1ea1o t\u1eeb v\u1eadt li\u1ec7u ch\u1ea5t l\u01b0\u1ee3ng cao v\u00e0 tay ngh\u1ec1 th\u1ee7 c\u00f4ng xu\u1ea5t s\u1eafc, m\u00e1y c\u00e0y tuy\u1ebft th\u1ee7y l\u1ef1c xi lanh piston c\u1ee7a nh\u00e0 m\u00e1y \u00dd mang l\u1ea1i \u0111\u1ed9 b\u1ec1n v\u00e0 \u0111\u1ed9 tin c\u1eady v\u01b0\u1ee3t tr\u1ed9i. C\u1ea5u tr\u00fac ch\u1eafc ch\u1eafn \u0111\u1ea3m b\u1ea3o hi\u1ec7u su\u1ea5t t\u1ed1i \u01b0u ngay c\u1ea3 trong \u0111i\u1ec1u ki\u1ec7n m\u00f9a \u0111\u00f4ng kh\u1eafc nghi\u1ec7t nh\u1ea5t.<\/p>\n<p>\u0110\u01b0\u1ee3c trang b\u1ecb t\u1ea3i tr\u1ecdng 20 t\u1ea5n, xi lanh th\u1ee7y l\u1ef1c n\u00e0y mang l\u1ea1i s\u1ee9c m\u1ea1nh v\u00e0 \u0111\u1ed9 \u1ed5n \u0111\u1ecbnh \u0111\u00e1ng kinh ng\u1ea1c. N\u00f3 cho ph\u00e9p d\u1ecdn tuy\u1ebft hi\u1ec7u qu\u1ea3 b\u1eb1ng c\u00e1ch cung c\u1ea5p l\u1ef1c c\u1ea7n thi\u1ebft \u0111\u1ec3 n\u00e2ng v\u00e0 nghi\u00eang l\u01b0\u1ee1i c\u00e0y, cho ph\u00e9p d\u1ecdn tuy\u1ebft ch\u00ednh x\u00e1c v\u00e0 hi\u1ec7u qu\u1ea3.<\/p>\n<p><img decoding=\"async\" title=\"Xi lanh th\u1ee7y l\u1ef1c m\u00e1y c\u00e0y tuy\u1ebft\" src=\"https:\/\/hzpt.com\/wp-content\/uploads\/2023\/11\/Snow-Plow-Hydraulic-Cylinder-3.webp\" alt=\"Xi lanh th\u1ee7y l\u1ef1c m\u00e1y c\u00e0y tuy\u1ebft\" \/><\/p>\n<p>Xy lanh th\u1ee7y l\u1ef1c piston th\u1ee7y l\u1ef1c 20 t\u1ea5n c\u1ee7a nh\u00e0 m\u00e1y \u00dd \u0111\u01b0\u1ee3c trang b\u1ecb c\u00f4ng ngh\u1ec7 th\u1ee7y l\u1ef1c ti\u00ean ti\u1ebfn, \u0111\u1ea3m b\u1ea3o v\u1eadn h\u00e0nh tr\u01a1n tru v\u00e0 ch\u00ednh x\u00e1c. Thi\u1ebft k\u1ebf piston cho ph\u00e9p chuy\u1ec3n \u0111\u1ed9ng li\u1ec1n m\u1ea1ch v\u00e0 \u0111i\u1ec1u khi\u1ec3n nh\u1ea1y b\u00e9n, mang l\u1ea1i hi\u1ec7u qu\u1ea3 t\u1ed1i \u0111a v\u00e0 d\u1ec5 s\u1eed d\u1ee5ng cho ng\u01b0\u1eddi v\u1eadn h\u00e0nh.<\/p>\n<p>Ngo\u00e0i c\u00f4ng su\u1ea5t v\u00e0 hi\u1ec7u su\u1ea5t \u1ea5n t\u01b0\u1ee3ng, xi lanh th\u1ee7y l\u1ef1c n\u00e0y c\u00f2n r\u1ea5t linh ho\u1ea1t. N\u00f3 c\u00f3 th\u1ec3 d\u1ec5 d\u00e0ng t\u00edch h\u1ee3p v\u00e0o nhi\u1ec1u h\u1ec7 th\u1ed1ng c\u00e0y tuy\u1ebft kh\u00e1c nhau, ph\u00f9 h\u1ee3p v\u1edbi nhi\u1ec1u lo\u1ea1i xe v\u00e0 \u1ee9ng d\u1ee5ng kh\u00e1c nhau.<\/p>\n<p>Cho d\u00f9 b\u1ea1n l\u00e0 nh\u00e0 th\u1ea7u d\u1ecdn tuy\u1ebft chuy\u00ean nghi\u1ec7p hay m\u1ed9t \u0111\u00f4 th\u1ecb \u0111ang c\u1ea7n thi\u1ebft b\u1ecb d\u1ecdn tuy\u1ebft hi\u1ec7u qu\u1ea3, m\u00e1y c\u00e0y tuy\u1ebft th\u1ee7y l\u1ef1c xi lanh piston 20 t\u1ea5n c\u1ee7a nh\u00e0 m\u00e1y \u00dd ch\u00ednh l\u00e0 l\u1ef1a ch\u1ecdn ho\u00e0n h\u1ea3o. Hi\u1ec7u su\u1ea5t v\u01b0\u1ee3t tr\u1ed9i, \u0111\u1ed9 b\u1ec1n v\u00e0 t\u00ednh linh ho\u1ea1t c\u1ee7a n\u00f3 khi\u1ebfn n\u00f3 tr\u1edf th\u00e0nh m\u1ed9t c\u00f4ng c\u1ee5 kh\u00f4ng th\u1ec3 thi\u1ebfu \u0111\u1ec3 v\u01b0\u1ee3t qua ngay c\u1ea3 nh\u1eefng \u0111i\u1ec1u ki\u1ec7n m\u00f9a \u0111\u00f4ng kh\u1eafc nghi\u1ec7t nh\u1ea5t.<\/p>\n<h2>Gi\u1edbi thi\u1ec7u<\/h2>\n<p>Kh\u00e1m ph\u00e1 s\u1ee9c m\u1ea1nh v\u00e0 hi\u1ec7u su\u1ea5t c\u1ee7a Xi lanh th\u1ee7y l\u1ef1c piston 20 t\u1ea5n c\u1ee7a Nh\u00e0 m\u00e1y \u00dd d\u00e0nh cho m\u00e1y c\u00e0y tuy\u1ebft. \u0110\u01b0\u1ee3c thi\u1ebft k\u1ebf ho\u00e0n h\u1ea3o, xi lanh th\u1ee7y l\u1ef1c n\u00e0y l\u00e0 minh ch\u1ee9ng cho m\u00e1y m\u00f3c ch\u1ea5t l\u01b0\u1ee3ng cao v\u00e0 \u0111\u00e1ng tin c\u1eady. L\u00e0 m\u1ed9t c\u00f4ng c\u1ee5 thi\u1ebft y\u1ebfu trong c\u00e1c x\u01b0\u1edfng s\u1eeda ch\u1eefa m\u00e1y m\u00f3c, trang tr\u1ea1i, n\u0103ng l\u01b0\u1ee3ng v\u00e0 khai th\u00e1c m\u1ecf, c\u0169ng nh\u01b0 s\u1ea3n xu\u1ea5t m\u00e1y m\u00f3c, xi lanh th\u1ee7y l\u1ef1c n\u00e0y h\u1ee9a h\u1eb9n hi\u1ec7u su\u1ea5t, \u0111\u1ed9 an to\u00e0n v\u00e0 kh\u1ea3 n\u0103ng t\u01b0\u01a1ng th\u00edch, mang l\u1ea1i gi\u00e1 tr\u1ecb \u0111\u1ea7u t\u01b0 d\u00e0i h\u1ea1n.<\/p>\n<p><img decoding=\"async\" title=\"Xi lanh th\u1ee7y l\u1ef1c m\u00e1y c\u00e0y tuy\u1ebft\" src=\"https:\/\/hzpt.com\/wp-content\/uploads\/2023\/11\/Snow-Plow-Hydraulic-Cylinder-2.webp\" alt=\"Xi lanh th\u1ee7y l\u1ef1c m\u00e1y c\u00e0y tuy\u1ebft\" \/><\/p>\n<h2>T\u00ednh n\u0103ng s\u1ea3n ph\u1ea9m<\/h2>\n<h3>Ch\u1ea5t l\u01b0\u1ee3ng v\u00e0 \u0111\u1ed9 tin c\u1eady<\/h3>\n<p>Xi lanh th\u1ee7y l\u1ef1c cho m\u00e1y c\u00e0y tuy\u1ebft piston th\u1ee7y l\u1ef1c c\u1ee7a ch\u00fang t\u00f4i \u0111\u01b0\u1ee3c ch\u1ebf t\u1ea1o t\u1eeb c\u00e1c linh ki\u1ec7n ch\u1ea5t l\u01b0\u1ee3ng cao, bao g\u1ed3m \u1ed5 tr\u1ee5c v\u00e0 xi lanh th\u1ee7y l\u1ef1c b\u1ec1n b\u1ec9. S\u1ea3n ph\u1ea9m \u0111\u01b0\u1ee3c ch\u1ee9ng nh\u1eadn ISO9001:2000, \u0111\u1ea3m b\u1ea3o ch\u1ea5t l\u01b0\u1ee3ng v\u00e0 \u0111\u1ed9 tin c\u1eady. Xi lanh ho\u00e0n to\u00e0n m\u1edbi v\u00e0 \u0111\u01b0\u1ee3c b\u1ea3o h\u00e0nh m\u1ed9t n\u0103m, \u0111\u1ea3m b\u1ea3o hi\u1ec7u su\u1ea5t v\u00e0 \u0111\u1ed9 tin c\u1eady.<\/p>\n<h3>Hi\u1ec7u qu\u1ea3 v\u00e0 Hi\u1ec7u su\u1ea5t<\/h3>\n<p>V\u1edbi l\u1ef1c \u0111\u1ea9y t\u1ed1i \u0111a 3000 v\u00e0 l\u1ef1c k\u00e9o t\u1ed1i \u0111a 20 t\u1ea5n, xi lanh th\u1ee7y l\u1ef1c n\u00e0y \u0111\u01b0\u1ee3c thi\u1ebft k\u1ebf \u0111\u1ec3 mang l\u1ea1i hi\u1ec7u su\u1ea5t cao. Cho d\u00f9 b\u1ea1n \u0111ang ho\u1ea1t \u0111\u1ed9ng trong c\u00e1c x\u01b0\u1edfng s\u1eeda ch\u1eefa m\u00e1y m\u00f3c, trang tr\u1ea1i, n\u0103ng l\u01b0\u1ee3ng v\u00e0 khai th\u00e1c m\u1ecf, hay ng\u00e0nh s\u1ea3n xu\u1ea5t m\u00e1y m\u00f3c, xi lanh th\u1ee7y l\u1ef1c n\u00e0y \u0111\u1ea3m b\u1ea3o ho\u1ea1t \u0111\u1ed9ng hi\u1ec7u qu\u1ea3 v\u00e0 li\u1ec1n m\u1ea1ch.<\/p>\n<h3>An to\u00e0n v\u00e0 \u1ed5n \u0111\u1ecbnh<\/h3>\n<p>Xi lanh piston th\u1ee7y l\u1ef1c c\u1ee7a ch\u00fang t\u00f4i \u0111\u01b0\u1ee3c thi\u1ebft k\u1ebf ch\u00fa tr\u1ecdng \u0111\u1ebfn s\u1ef1 an to\u00e0n v\u00e0 \u1ed5n \u0111\u1ecbnh. V\u1eadt li\u1ec7u th\u00e2n th\u00e9p ch\u1eafc ch\u1eafn \u0111\u1ea3m b\u1ea3o xi lanh c\u00f3 th\u1ec3 ch\u1ecbu \u0111\u01b0\u1ee3c c\u00e1c ho\u1ea1t \u0111\u1ed9ng n\u1eb7ng nh\u1ecdc, mang \u0111\u1ebfn cho b\u1ea1n m\u1ed9t m\u00f4i tr\u01b0\u1eddng l\u00e0m vi\u1ec7c an to\u00e0n v\u00e0 \u1ed5n \u0111\u1ecbnh.<\/p>\n<h3>Kh\u1ea3 n\u0103ng t\u01b0\u01a1ng th\u00edch v\u00e0 gi\u00e1 tr\u1ecb \u0111\u1ea7u t\u01b0 d\u00e0i h\u1ea1n<\/h3>\n<p>Xi lanh th\u1ee7y l\u1ef1c n\u00e0y c\u00f3 c\u1ea5u tr\u00fac ti\u00eau chu\u1ea9n, mang l\u1ea1i kh\u1ea3 n\u0103ng t\u01b0\u01a1ng th\u00edch cao v\u1edbi nhi\u1ec1u h\u1ec7 th\u1ed1ng kh\u00e1c nhau. V\u1edbi thi\u1ebft k\u1ebf ch\u1eafc ch\u1eafn v\u00e0 hi\u1ec7u su\u1ea5t h\u00e0ng \u0111\u1ea7u, xi lanh th\u1ee7y l\u1ef1c n\u00e0y l\u00e0 m\u1ed9t kho\u1ea3n \u0111\u1ea7u t\u01b0 d\u00e0i h\u1ea1n \u0111\u00e1ng gi\u00e1 cho nhu c\u1ea7u m\u00e1y m\u00f3c c\u1ee7a b\u1ea1n.<\/p>\n<h2>\u01afu \u0111i\u1ec3m c\u1ee7a xi lanh lo\u1ea1i ch\u1ed1t c\u00f3 th\u1ec3 \u0111i\u1ec1u ch\u1ec9nh<\/h2>\n<p>Xi lanh th\u1ee7y l\u1ef1c lo\u1ea1i ch\u1ed1t \u0111i\u1ec1u ch\u1ec9nh l\u00e0 m\u1ed9t lo\u1ea1i xi lanh th\u1ee7y l\u1ef1c \u0111\u01b0\u1ee3c s\u1eed d\u1ee5ng r\u1ed9ng r\u00e3i trong nhi\u1ec1u ng\u00e0nh c\u00f4ng nghi\u1ec7p. Lo\u1ea1i xi lanh n\u00e0y \u0111\u01b0\u1ee3c bi\u1ebft \u0111\u1ebfn v\u1edbi t\u00ednh n\u0103ng l\u1eafp \u0111\u1eb7t ch\u1ed1t \u0111i\u1ec1u ch\u1ec9nh, cho ph\u00e9p l\u1eafp \u0111\u1eb7t d\u1ec5 d\u00e0ng v\u00e0 linh ho\u1ea1t khi s\u1eed d\u1ee5ng. Trong b\u00e0i vi\u1ebft n\u00e0y, ch\u00fang ta s\u1ebd t\u00ecm hi\u1ec3u nh\u1eefng \u01b0u \u0111i\u1ec3m c\u1ee7a xi lanh lo\u1ea1i ch\u1ed1t \u0111i\u1ec1u ch\u1ec9nh.<\/p>\n<h3>1. T\u00f9y ch\u1ecdn l\u1eafp \u0111\u1eb7t c\u00f3 th\u1ec3 t\u00f9y ch\u1ec9nh<\/h3>\n<p>M\u1ed9t trong nh\u1eefng \u01b0u \u0111i\u1ec3m l\u1edbn nh\u1ea5t c\u1ee7a xi lanh lo\u1ea1i ch\u1ed1t \u0111i\u1ec1u ch\u1ec9nh \u0111\u01b0\u1ee3c l\u00e0 kh\u1ea3 n\u0103ng t\u00f9y ch\u1ec9nh l\u1eafp \u0111\u1eb7t. T\u00ednh n\u0103ng l\u1eafp ch\u1ed1t cho ph\u00e9p l\u1eafp \u0111\u1eb7t v\u00e0 \u0111i\u1ec1u ch\u1ec9nh d\u1ec5 d\u00e0ng, l\u00fd t\u01b0\u1edfng cho nhi\u1ec1u \u1ee9ng d\u1ee5ng kh\u00e1c nhau. T\u00ednh n\u0103ng l\u1eafp ch\u1ed1t \u0111i\u1ec1u ch\u1ec9nh \u0111\u01b0\u1ee3c c\u0169ng gi\u00fap gi\u1ea3m kh\u00f4ng gian l\u1eafp \u0111\u1eb7t, l\u00fd t\u01b0\u1edfng cho c\u00e1c thi\u1ebft k\u1ebf nh\u1ecf g\u1ecdn.<\/p>\n<h3>2. Thi\u1ebft k\u1ebf ch\u1ea5t l\u01b0\u1ee3ng cao<\/h3>\n<p>M\u1ed9t \u01b0u \u0111i\u1ec3m kh\u00e1c c\u1ee7a xi lanh ki\u1ec3u ch\u1ed1t \u0111i\u1ec1u ch\u1ec9nh l\u00e0 thi\u1ebft k\u1ebf ch\u1ea5t l\u01b0\u1ee3ng cao. Nh\u1eefng xi lanh n\u00e0y \u0111\u01b0\u1ee3c thi\u1ebft k\u1ebf ch\u00ednh x\u00e1c v\u00e0 l\u00e0m t\u1eeb v\u1eadt li\u1ec7u ch\u1ea5t l\u01b0\u1ee3ng cao, \u0111\u1ea3m b\u1ea3o \u0111\u1ed9 b\u1ec1n v\u00e0 tu\u1ed5i th\u1ecd cao. Xi lanh th\u1ee7y l\u1ef1c piston 20 t\u1ea5n c\u1ee7a nh\u00e0 m\u00e1y \u00dd d\u00e0nh cho m\u00e1y c\u00e0y tuy\u1ebft l\u00e0 m\u1ed9t v\u00ed d\u1ee5 \u0111i\u1ec3n h\u00ecnh v\u1ec1 xi lanh ki\u1ec3u ch\u1ed1t \u0111i\u1ec1u ch\u1ec9nh \u0111\u01b0\u1ee3c thi\u1ebft k\u1ebf t\u1eeb v\u1eadt li\u1ec7u ch\u1ea5t l\u01b0\u1ee3ng cao.<\/p>\n<h3>3. Ph\u1ea1m vi \u1ee9ng d\u1ee5ng r\u1ed9ng r\u00e3i<\/h3>\n<p>Xi lanh lo\u1ea1i ch\u1ed1t \u0111i\u1ec1u ch\u1ec9nh l\u00fd t\u01b0\u1edfng cho nhi\u1ec1u \u1ee9ng d\u1ee5ng. Ch\u00fang th\u01b0\u1eddng \u0111\u01b0\u1ee3c s\u1eed d\u1ee5ng trong m\u00e1y m\u00f3c h\u1ea1ng n\u1eb7ng, thi\u1ebft b\u1ecb x\u00e2y d\u1ef1ng v\u00e0 m\u00e1y m\u00f3c n\u00f4ng nghi\u1ec7p. T\u00ednh linh ho\u1ea1t trong l\u1eafp \u0111\u1eb7t v\u00e0 \u0111i\u1ec1u ch\u1ec9nh gi\u00fap xi lanh lo\u1ea1i ch\u1ed1t \u0111i\u1ec1u ch\u1ec9nh ph\u00f9 h\u1ee3p v\u1edbi nhi\u1ec1u \u1ee9ng d\u1ee5ng kh\u00e1c nhau.<\/p>\n<h3>4. Hi\u1ec7u su\u1ea5t hi\u1ec7u qu\u1ea3<\/h3>\n<p>Xi lanh lo\u1ea1i ch\u1ed1t \u0111i\u1ec1u ch\u1ec9nh \u0111\u01b0\u1ee3c thi\u1ebft k\u1ebf \u0111\u1ec3 mang l\u1ea1i hi\u1ec7u su\u1ea5t cao. Ch\u00fang \u0111\u01b0\u1ee3c thi\u1ebft k\u1ebf \u0111\u1ec3 t\u1ea1o ra l\u1ef1c l\u1edbn v\u1edbi m\u1ee9c ti\u00eau th\u1ee5 n\u0103ng l\u01b0\u1ee3ng t\u1ed1i thi\u1ec3u, gi\u00fap ti\u1ebft ki\u1ec7m chi ph\u00ed v\u00e0 n\u0103ng l\u01b0\u1ee3ng. \u0110\u1eb7c \u0111i\u1ec3m n\u00e0y khi\u1ebfn ch\u00fang tr\u1edf n\u00ean l\u00fd t\u01b0\u1edfng cho c\u00e1c \u1ee9ng d\u1ee5ng \u0111\u00f2i h\u1ecfi l\u1ef1c v\u00e0 hi\u1ec7u su\u1ea5t cao.<\/p>\n<h3>5. D\u1ec5 d\u00e0ng b\u1ea3o tr\u00ec<\/h3>\n<p>Cu\u1ed1i c\u00f9ng, xi lanh ki\u1ec3u ch\u1ed1t \u0111i\u1ec1u ch\u1ec9nh d\u1ec5 b\u1ea3o tr\u00ec. Ch\u00fang \u0111\u00f2i h\u1ecfi b\u1ea3o tr\u00ec t\u1ed1i thi\u1ec3u v\u00e0 c\u00f3 th\u1ec3 d\u1ec5 d\u00e0ng s\u1eeda ch\u1eefa ho\u1eb7c thay th\u1ebf n\u1ebfu c\u1ea7n. \u0110\u1eb7c \u0111i\u1ec3m n\u00e0y khi\u1ebfn ch\u00fang tr\u1edf n\u00ean l\u00fd t\u01b0\u1edfng cho c\u00e1c \u1ee9ng d\u1ee5ng y\u00eau c\u1ea7u th\u1eddi gian ng\u1eebng ho\u1ea1t \u0111\u1ed9ng v\u00e0 b\u1ea3o tr\u00ec t\u1ed1i thi\u1ec3u.<\/p>\n<p>T\u00f3m l\u1ea1i, xi lanh ki\u1ec3u ch\u1ed1t \u0111i\u1ec1u ch\u1ec9nh l\u00e0 m\u1ed9t l\u1ef1a ch\u1ecdn tuy\u1ec7t v\u1eddi cho nhi\u1ec1u \u1ee9ng d\u1ee5ng kh\u00e1c nhau. C\u00e1c t\u00f9y ch\u1ecdn l\u1eafp \u0111\u1eb7t t\u00f9y ch\u1ec9nh, thi\u1ebft k\u1ebf ch\u1ea5t l\u01b0\u1ee3ng cao, ph\u1ea1m vi \u1ee9ng d\u1ee5ng r\u1ed9ng, hi\u1ec7u su\u1ea5t hi\u1ec7u qu\u1ea3 v\u00e0 d\u1ec5 b\u1ea3o tr\u00ec khi\u1ebfn ch\u00fang tr\u1edf th\u00e0nh l\u1ef1a ch\u1ecdn l\u00fd t\u01b0\u1edfng cho m\u00e1y m\u00f3c h\u1ea1ng n\u1eb7ng, thi\u1ebft b\u1ecb x\u00e2y d\u1ef1ng v\u00e0 m\u00e1y m\u00f3c n\u00f4ng nghi\u1ec7p. Xi lanh th\u1ee7y l\u1ef1c piston th\u1ee7y l\u1ef1c 20 t\u1ea5n c\u1ee7a Italian Factory d\u00f9ng cho m\u00e1y c\u00e0y tuy\u1ebft l\u00e0 m\u1ed9t v\u00ed d\u1ee5 \u0111i\u1ec3n h\u00ecnh v\u1ec1 xi lanh ki\u1ec3u ch\u1ed1t \u0111i\u1ec1u ch\u1ec9nh, k\u1ebft h\u1ee3p t\u1ea5t c\u1ea3 c\u00e1c t\u00ednh n\u0103ng n\u00e0y th\u00e0nh m\u1ed9t b\u1ed9 ph\u1eadn duy nh\u1ea5t hi\u1ec7u qu\u1ea3 v\u00e0 \u0111\u00e1ng tin c\u1eady.<\/p>\n<h3>Gi\u1edbi thi\u1ec7u v\u1ec1 FMP \u2013 Xi lanh th\u1ee7y l\u1ef1c<\/h3>\n<p><img decoding=\"async\" src=\"https:\/\/fmp-components.com\/wp-content\/uploads\/2024\/12\/Adjustable-Clevis-Type-Cylinders-6.webp\" alt=\"Xi lanh lo\u1ea1i Clevis c\u00f3 th\u1ec3 \u0111i\u1ec1u ch\u1ec9nh\" width=\"803\" title=\"\"><\/p>\n<p>T\u1ea1i FMP, ch\u00fang t\u00f4i chuy\u00ean s\u1ea3n xu\u1ea5t v\u00e0 kinh doanh Xi lanh th\u1ee7y l\u1ef1c. V\u1edbi kinh nghi\u1ec7m d\u00e0y d\u1eb7n trong ng\u00e0nh v\u00e0 \u0111\u1ed9i ng\u0169 chuy\u00ean nghi\u1ec7p, ch\u00fang t\u00f4i lu\u00f4n n\u1ed7 l\u1ef1c mang \u0111\u1ebfn cho kh\u00e1ch h\u00e0ng nh\u1eefng s\u1ea3n ph\u1ea9m ch\u1ea5t l\u01b0\u1ee3ng cao v\u00e0 \u0111\u00e1ng tin c\u1eady. D\u01b0\u1edbi \u0111\u00e2y l\u00e0 n\u0103m l\u1ee3i th\u1ebf ch\u00ednh khi l\u1ef1a ch\u1ecdn Xi lanh th\u1ee7y l\u1ef1c c\u1ee7a ch\u00fang t\u00f4i:<\/p>\n<p>1. Ch\u1ea5t l\u01b0\u1ee3ng v\u01b0\u1ee3t tr\u1ed9i: Xi lanh th\u1ee7y l\u1ef1c c\u1ee7a ch\u00fang t\u00f4i \u0111\u01b0\u1ee3c s\u1ea3n xu\u1ea5t b\u1eb1ng v\u1eadt li\u1ec7u cao c\u1ea5p v\u00e0 c\u00f4ng ngh\u1ec7 ti\u00ean ti\u1ebfn, \u0111\u1ea3m b\u1ea3o hi\u1ec7u su\u1ea5t v\u00e0 \u0111\u1ed9 b\u1ec1n v\u01b0\u1ee3t tr\u1ed9i. Ch\u00fang t\u00f4i \u01b0u ti\u00ean ch\u1ea5t l\u01b0\u1ee3ng \u0111\u1ec3 \u0111\u00e1p \u1ee9ng c\u00e1c ti\u00eau chu\u1ea9n cao nh\u1ea5t v\u00e0 v\u01b0\u1ee3t qu\u00e1 mong \u0111\u1ee3i c\u1ee7a kh\u00e1ch h\u00e0ng.<\/p>\n<p>2. Nhi\u1ec1u l\u1ef1a ch\u1ecdn: Ch\u00fang t\u00f4i cung c\u1ea5p \u0111a d\u1ea1ng c\u00e1c lo\u1ea1i xi lanh th\u1ee7y l\u1ef1c \u0111\u1ec3 \u0111\u00e1p \u1ee9ng nhi\u1ec1u nhu c\u1ea7u kh\u00e1c nhau. Cho d\u00f9 b\u1ea1n c\u1ea7n xi lanh t\u00e1c \u0111\u1ed9ng \u0111\u01a1n hay t\u00e1c \u0111\u1ed9ng k\u00e9p, xi lanh \u1ed1ng l\u1ed3ng, hay thi\u1ebft k\u1ebf ri\u00eang, ch\u00fang t\u00f4i \u0111\u1ec1u c\u00f3 gi\u1ea3i ph\u00e1p ho\u00e0n h\u1ea3o \u0111\u00e1p \u1ee9ng c\u00e1c y\u00eau c\u1ea7u c\u1ee5 th\u1ec3 c\u1ee7a b\u1ea1n.<\/p>\n<p>3. T\u01b0 v\u1ea5n chuy\u00ean m\u00f4n: \u0110\u1ed9i ng\u0169 b\u00e1n h\u00e0ng gi\u00e0u kinh nghi\u1ec7m c\u1ee7a ch\u00fang t\u00f4i s\u1edf h\u1eefu ki\u1ebfn \u200b\u200bth\u1ee9c chuy\u00ean s\u00e2u v\u1ec1 ng\u00e0nh m\u00e1y m\u00f3c x\u00e2y d\u1ef1ng. H\u1ecd am hi\u1ec3u c\u00e1c xu h\u01b0\u1edbng ph\u00e1t tri\u1ec3n m\u1edbi nh\u1ea5t v\u00e0 nhu c\u1ea7u c\u1ee7a kh\u00e1ch h\u00e0ng, cho ph\u00e9p h\u1ecd cung c\u1ea5p d\u1ecbch v\u1ee5 t\u01b0 v\u1ea5n s\u1ea3n ph\u1ea9m chuy\u00ean nghi\u1ec7p. Ch\u00fang t\u00f4i cam k\u1ebft h\u1ed7 tr\u1ee3 b\u1ea1n \u0111\u01b0a ra quy\u1ebft \u0111\u1ecbnh s\u00e1ng su\u1ed1t v\u00e0 l\u1ef1a ch\u1ecdn xi lanh th\u1ee7y l\u1ef1c ph\u00f9 h\u1ee3p v\u1edbi \u1ee9ng d\u1ee5ng c\u1ee7a b\u1ea1n.<\/p>\n<p>4. H\u1eadu c\u1ea7n hi\u1ec7u qu\u1ea3: Ch\u00fang t\u00f4i hi\u1ec3u t\u1ea7m quan tr\u1ecdng c\u1ee7a vi\u1ec7c giao h\u00e0ng \u0111\u00fang h\u1ea1n. V\u1edbi h\u1ec7 th\u1ed1ng ph\u00e2n ph\u1ed1i h\u1eadu c\u1ea7n hi\u1ec7u qu\u1ea3, ch\u00fang t\u00f4i \u0111\u1ea3m b\u1ea3o Xi lanh th\u1ee7y l\u1ef1c b\u1ea1n \u0111\u1eb7t h\u00e0ng s\u1ebd \u0111\u01b0\u1ee3c giao \u0111\u1ebfn tay b\u1ea1n nhanh ch\u00f3ng. Quy tr\u00ecnh giao h\u00e0ng \u0111\u00e1ng tin c\u1eady v\u00e0 ch\u00ednh x\u00e1c c\u1ee7a ch\u00fang t\u00f4i \u0111\u1ea3m b\u1ea3o b\u1ea1n nh\u1eadn \u0111\u01b0\u1ee3c c\u00e1c ph\u1ee5 t\u00f9ng c\u1ea7n thi\u1ebft \u0111\u00fang l\u00fac b\u1ea1n c\u1ea7n.<\/p>\n<p>5. Quan h\u1ec7 \u0111\u1ed1i t\u00e1c \u0111\u00e1ng tin c\u1eady: FMP \u0111\u00e3 thi\u1ebft l\u1eadp m\u1ed1i quan h\u1ec7 l\u00e2u d\u00e0i v\u00e0 \u1ed5n \u0111\u1ecbnh v\u1edbi c\u00e1c nh\u00e0 cung c\u1ea5p ch\u1ea5t l\u01b0\u1ee3ng cao trong v\u00e0 ngo\u00e0i n\u01b0\u1edbc. \u0110i\u1ec1u n\u00e0y cho ph\u00e9p ch\u00fang t\u00f4i ch\u1ec9 cung c\u1ea5p nh\u1eefng linh ki\u1ec7n t\u1ed1t nh\u1ea5t cho Xi lanh th\u1ee7y l\u1ef1c, \u0111\u1ea3m b\u1ea3o m\u1ecdi linh ki\u1ec7n \u0111\u1ec1u \u0111\u00e1p \u1ee9ng c\u00e1c ti\u00eau chu\u1ea9n ch\u1ea5t l\u01b0\u1ee3ng nghi\u00eam ng\u1eb7t. Ch\u00fang t\u00f4i \u01b0u ti\u00ean s\u1ef1 tin c\u1eady trong quan h\u1ec7 \u0111\u1ed1i t\u00e1c \u0111\u1ec3 mang \u0111\u1ebfn cho b\u1ea1n m\u1ee9c \u0111\u1ed9 h\u00e0i l\u00f2ng cao nh\u1ea5t.<\/p>\n<p>H\u00e3y ch\u1ecdn FMP cho nhu c\u1ea7u Xi lanh th\u1ee7y l\u1ef1c c\u1ee7a b\u1ea1n v\u00e0 tr\u1ea3i nghi\u1ec7m s\u1ef1 xu\u1ea5t s\u1eafc m\u00e0 ch\u00fang t\u00f4i mang l\u1ea1i. Li\u00ean h\u1ec7 v\u1edbi ch\u00fang t\u00f4i ngay h\u00f4m nay \u0111\u1ec3 th\u1ea3o lu\u1eadn v\u1ec1 nhu c\u1ea7u c\u1ee7a b\u1ea1n v\u00e0 b\u1eaft \u0111\u1ea7u m\u1ed9t s\u1ef1 h\u1ee3p t\u00e1c th\u00e0nh c\u00f4ng. T\u00e1c gi\u1ea3: CX<\/p>","protected":false},"excerpt":{"rendered":"<p>Italian Factory 20 Ton Hydraulic Piston Cylinder Snow Plow Hydraulic Cylinder The Italian Factory 20 Ton Hydraulic Piston Cylinder Snow Plow Hydraulic Cylinder is a cutting-edge product designed for heavy-duty snow plow applications. With its exceptional hydraulic power, this cylinder provides the necessary force to efficiently clear snow from roads, parking lots, and other large [&hellip;]<\/p>","protected":false},"featured_media":1451,"comment_status":"closed","ping_status":"closed","template":"","meta":{"_et_pb_use_builder":"","_et_pb_old_content":"","_et_gb_content_width":""},"product_brand":[],"product_cat":[42],"product_tag":[34,44],"class_list":{"0":"post-1450","1":"product","2":"type-product","3":"status-publish","4":"has-post-thumbnail","6":"product_cat-snow-plow-hydraulic-cylinder","7":"product_tag-hydraulic-cylinder","8":"product_tag-snow-plow-hydraulic-cylinder","10":"first","11":"instock","12":"product-type-simple"},"_links":{"self":[{"href":"https:\/\/fmp-components.com\/vi\/wp-json\/wp\/v2\/product\/1450","targetHints":{"allow":["GET"]}}],"collection":[{"href":"https:\/\/fmp-components.com\/vi\/wp-json\/wp\/v2\/product"}],"about":[{"href":"https:\/\/fmp-components.com\/vi\/wp-json\/wp\/v2\/types\/product"}],"replies":[{"embeddable":true,"href":"https:\/\/fmp-components.com\/vi\/wp-json\/wp\/v2\/comments?post=1450"}],"wp:featuredmedia":[{"embeddable":true,"href":"https:\/\/fmp-components.com\/vi\/wp-json\/wp\/v2\/media\/1451"}],"wp:attachment":[{"href":"https:\/\/fmp-components.com\/vi\/wp-json\/wp\/v2\/media?parent=1450"}],"wp:term":[{"taxonomy":"product_brand","embeddable":true,"href":"https:\/\/fmp-components.com\/vi\/wp-json\/wp\/v2\/product_brand?post=1450"},{"taxonomy":"product_cat","embeddable":true,"href":"https:\/\/fmp-components.com\/vi\/wp-json\/wp\/v2\/product_cat?post=1450"},{"taxonomy":"product_tag","embeddable":true,"href":"https:\/\/fmp-components.com\/vi\/wp-json\/wp\/v2\/product_tag?post=1450"}],"curies":[{"name":"wp","href":"https:\/\/api.w.org\/{rel}","templated":true}]}}