{"id":1448,"date":"2024-12-23T05:49:26","date_gmt":"2024-12-23T05:49:26","guid":{"rendered":"https:\/\/fmp-components.com\/product\/professional-craftsmanship-3-ton-hydraulic-cylinder-double-acting-snow-plow-hydraulic-cylinder\/"},"modified":"2024-12-23T06:47:08","modified_gmt":"2024-12-23T06:47:08","slug":"professional-craftsmanship-3-ton-hydraulic-cylinder-double-acting-snow-plow-hydraulic-cylinder","status":"publish","type":"product","link":"https:\/\/fmp-components.com\/vi\/product\/professional-craftsmanship-3-ton-hydraulic-cylinder-double-acting-snow-plow-hydraulic-cylinder\/","title":{"rendered":"Tay ngh\u1ec1 chuy\u00ean nghi\u1ec7p Xi lanh th\u1ee7y l\u1ef1c 3 t\u1ea5n Xi lanh th\u1ee7y l\u1ef1c c\u00e0y tuy\u1ebft t\u00e1c \u0111\u1ed9ng k\u00e9p"},"content":{"rendered":"<h2>Tay ngh\u1ec1 chuy\u00ean nghi\u1ec7p Xi lanh th\u1ee7y l\u1ef1c 3 t\u1ea5n Xi lanh th\u1ee7y l\u1ef1c c\u00e0y tuy\u1ebft t\u00e1c \u0111\u1ed9ng k\u00e9p<\/h2>\n<p>Gi\u1edbi thi\u1ec7u Xi lanh th\u1ee7y l\u1ef1c t\u00e1c \u0111\u1ed9ng k\u00e9p 3 t\u1ea5n chuy\u00ean nghi\u1ec7p d\u00e0nh cho m\u00e1y c\u00e0y tuy\u1ebft:<\/p>\n<p>Xi lanh th\u1ee7y l\u1ef1c t\u00e1c \u0111\u1ed9ng k\u00e9p 3 t\u1ea5n chuy\u00ean d\u1ee5ng cho m\u00e1y c\u00e0y tuy\u1ebft l\u00e0 m\u1ed9t s\u1ea3n ph\u1ea9m ch\u1ea5t l\u01b0\u1ee3ng cao \u0111\u01b0\u1ee3c thi\u1ebft k\u1ebf \u0111\u1eb7c bi\u1ec7t cho c\u00e1c \u1ee9ng d\u1ee5ng m\u00e1y c\u00e0y tuy\u1ebft. V\u1edbi tay ngh\u1ec1 ch\u1ebf t\u1ea1o xu\u1ea5t s\u1eafc v\u00e0 c\u00e1c t\u00ednh n\u0103ng ti\u00ean ti\u1ebfn, xi lanh th\u1ee7y l\u1ef1c n\u00e0y l\u00e0 m\u1ed9t c\u00f4ng c\u1ee5 \u0111\u00e1ng tin c\u1eady v\u00e0 hi\u1ec7u qu\u1ea3 \u0111\u1ec3 d\u1ecdn tuy\u1ebft.<\/p>\n<p>Xi lanh th\u1ee7y l\u1ef1c c\u00f3 kh\u1ea3 n\u0103ng t\u1ea1o ra l\u1ef1c l\u00ean \u0111\u1ebfn 3 t\u1ea5n, l\u00fd t\u01b0\u1edfng cho c\u00e1c c\u00f4ng vi\u1ec7c d\u1ecdn tuy\u1ebft h\u1ea1ng n\u1eb7ng. Thi\u1ebft k\u1ebf t\u00e1c \u0111\u1ed9ng k\u00e9p cho ph\u00e9p c\u1ea3 thao t\u00e1c \u0111\u1ea9y v\u00e0 k\u00e9o, t\u0103ng c\u01b0\u1eddng t\u00ednh linh ho\u1ea1t v\u00e0 hi\u1ec7u qu\u1ea3 trong c\u00e1c t\u00ecnh hu\u1ed1ng d\u1ecdn tuy\u1ebft kh\u00e1c nhau.<\/p>\n<p>M\u1ed9t trong nh\u1eefng \u0111i\u1ec3m n\u1ed5i b\u1eadt ch\u00ednh c\u1ee7a xi lanh th\u1ee7y l\u1ef1c n\u00e0y l\u00e0 ch\u1ea5t l\u01b0\u1ee3ng ch\u1ebf t\u1ea1o chuy\u00ean nghi\u1ec7p. \u0110\u01b0\u1ee3c s\u1ea3n xu\u1ea5t v\u1edbi \u0111\u1ed9 ch\u00ednh x\u00e1c v\u00e0 s\u1ef1 ch\u00fa \u00fd \u0111\u1ebfn t\u1eebng chi ti\u1ebft, n\u00f3 \u0111\u1ea3m b\u1ea3o ho\u1ea1t \u0111\u1ed9ng tr\u01a1n tru v\u00e0 \u1ed5n \u0111\u1ecbnh, gi\u1ea3m thi\u1ec3u nguy c\u01a1 h\u1ecfng h\u00f3c ho\u1eb7c s\u1ef1 c\u1ed1. \u0110i\u1ec1u n\u00e0y c\u00f3 ngh\u0129a l\u00e0 b\u1ea1n c\u00f3 th\u1ec3 tin t\u01b0\u1edfng v\u00e0o xi lanh th\u1ee7y l\u1ef1c n\u00e0y \u0111\u1ec3 ho\u1ea1t \u0111\u1ed9ng t\u1ed1i \u01b0u ngay c\u1ea3 trong \u0111i\u1ec1u ki\u1ec7n m\u00f9a \u0111\u00f4ng kh\u1eafc nghi\u1ec7t.<\/p>\n<p><img decoding=\"async\" title=\"Xi lanh th\u1ee7y l\u1ef1c m\u00e1y c\u00e0y tuy\u1ebft\" src=\"https:\/\/hzpt.com\/wp-content\/uploads\/2023\/11\/Snow-Plow-Hydraulic-Cylinder-3.webp\" alt=\"Xi lanh th\u1ee7y l\u1ef1c m\u00e1y c\u00e0y tuy\u1ebft\" \/><\/p>\n<p>Ngo\u00e0i ra, xi lanh th\u1ee7y l\u1ef1c c\u00f3 c\u1ea5u tr\u00fac b\u1ec1n ch\u1eafc, c\u00f3 th\u1ec3 ch\u1ecbu \u0111\u01b0\u1ee3c s\u1ef1 kh\u1eafc nghi\u1ec7t c\u1ee7a vi\u1ec7c d\u1ecdn tuy\u1ebft. Thi\u1ebft k\u1ebf m\u1ea1nh m\u1ebd v\u00e0 v\u1eadt li\u1ec7u ch\u1ea5t l\u01b0\u1ee3ng cao gi\u00fap n\u00f3 ch\u1ed1ng l\u1ea1i s\u1ef1 \u0103n m\u00f2n, m\u00e0i m\u00f2n v\u00e0 h\u01b0 h\u1ecfng, \u0111\u1ea3m b\u1ea3o tu\u1ed5i th\u1ecd cao v\u00e0 hi\u1ec7u su\u1ea5t \u0111\u00e1ng tin c\u1eady trong nhi\u1ec1u n\u0103m t\u1edbi.<\/p>\n<p>Xi lanh th\u1ee7y l\u1ef1c t\u00e1c \u0111\u1ed9ng k\u00e9p 3 t\u1ea5n chuy\u00ean d\u1ee5ng cho m\u00e1y c\u00e0y tuy\u1ebft r\u1ea5t d\u1ec5 l\u1eafp \u0111\u1eb7t v\u00e0 s\u1eed d\u1ee5ng. S\u1ea3n ph\u1ea9m \u0111i k\u00e8m h\u01b0\u1edbng d\u1eabn r\u00f5 r\u00e0ng v\u00e0 c\u00f3 th\u1ec3 \u0111\u01b0\u1ee3c g\u1eafn nhanh ch\u00f3ng v\u00e0 ch\u1eafc ch\u1eafn v\u00e0o thi\u1ebft b\u1ecb c\u00e0y tuy\u1ebft. Thi\u1ebft k\u1ebf th\u00e2n thi\u1ec7n v\u1edbi ng\u01b0\u1eddi d\u00f9ng cho ph\u00e9p v\u1eadn h\u00e0nh tr\u01a1n tru v\u00e0 \u0111i\u1ec1u khi\u1ec3n ch\u00ednh x\u00e1c, gi\u00fap lo\u1ea1i b\u1ecf tuy\u1ebft hi\u1ec7u qu\u1ea3 v\u1edbi n\u1ed7 l\u1ef1c t\u1ed1i thi\u1ec3u.<\/p>\n<p>T\u00f3m l\u1ea1i, Xi lanh th\u1ee7y l\u1ef1c t\u00e1c \u0111\u1ed9ng k\u00e9p 3 t\u1ea5n chuy\u00ean nghi\u1ec7p d\u00e0nh cho m\u00e1y c\u00e0y tuy\u1ebft l\u00e0 m\u1ed9t s\u1ea3n ph\u1ea9m xi lanh th\u1ee7y l\u1ef1c h\u00e0ng \u0111\u1ea7u, k\u1ebft h\u1ee3p \u0111\u1ed9 b\u1ec1n, \u0111\u1ed9 tin c\u1eady v\u00e0 t\u00ednh linh ho\u1ea1t. V\u1edbi ch\u1ea5t l\u01b0\u1ee3ng ch\u1ebf t\u1ea1o v\u01b0\u1ee3t tr\u1ed9i v\u00e0 c\u00e1c t\u00ednh n\u0103ng ti\u00ean ti\u1ebfn, \u0111\u00e2y l\u00e0 l\u1ef1a ch\u1ecdn tuy\u1ec7t v\u1eddi cho b\u1ea5t k\u1ef3 ai c\u1ea7n m\u1ed9t xi lanh th\u1ee7y l\u1ef1c hi\u1ec7u su\u1ea5t cao cho c\u00e1c \u1ee9ng d\u1ee5ng m\u00e1y c\u00e0y tuy\u1ebft.<\/p>\n<div>\n<h2>Xi lanh th\u1ee7y l\u1ef1c 3 t\u1ea5n, xi lanh th\u1ee7y l\u1ef1c t\u00e1c \u0111\u1ed9ng k\u00e9p d\u00f9ng cho m\u00e1y c\u00e0y tuy\u1ebft.<\/h2>\n<p>Gi\u1edbi thi\u1ec7u Xi lanh th\u1ee7y l\u1ef1c t\u00e1c \u0111\u1ed9ng k\u00e9p 3 t\u1ea5n d\u00e0nh cho m\u00e1y c\u00e0y tuy\u1ebft, \u0111\u01b0\u1ee3c thi\u1ebft k\u1ebf v\u00e0 ch\u1ebf t\u1ea1o v\u1edbi \u0111\u1ed9 ch\u00ednh x\u00e1c v\u00e0 ch\u1ea5t l\u01b0\u1ee3ng cao nh\u1ea5t \u0111\u1ec3 mang l\u1ea1i hi\u1ec7u su\u1ea5t hi\u1ec7u qu\u1ea3 v\u00e0 \u0111\u00e1ng tin c\u1eady trong nhi\u1ec1u \u0111i\u1ec1u ki\u1ec7n kh\u00e1c nhau.<\/p>\n<h2>T\u00ednh n\u0103ng s\u1ea3n ph\u1ea9m<\/h2>\n<h3>Ch\u1ea5t l\u01b0\u1ee3ng v\u00e0 \u0111\u1ed9 tin c\u1eady<\/h3>\n<p>Xi lanh th\u1ee7y l\u1ef1c c\u1ee7a ch\u00fang t\u00f4i \u0111\u01b0\u1ee3c ch\u1ebf t\u1ea1o v\u1edbi s\u1ef1 t\u1eadn t\u00e2m cao nh\u1ea5t, \u0111\u1ea3m b\u1ea3o hi\u1ec7u su\u1ea5t ho\u1ea1t \u0111\u1ed9ng t\u1ed1i \u01b0u ngay c\u1ea3 trong nh\u1eefng \u0111i\u1ec1u ki\u1ec7n kh\u1eafc nghi\u1ec7t nh\u1ea5t. B\u1ea1n c\u00f3 th\u1ec3 tin t\u01b0\u1edfng v\u00e0o \u0111\u1ed9 tin c\u1eady v\u00e0 \u0111\u1ed9 b\u1ec1n l\u00e2u d\u00e0i c\u1ee7a s\u1ea3n ph\u1ea9m.<\/p>\n<h3>Hi\u1ec7u qu\u1ea3 v\u00e0 Hi\u1ec7u su\u1ea5t<\/h3>\n<p>V\u1edbi thi\u1ebft k\u1ebf t\u00e1c \u0111\u1ed9ng k\u00e9p, xi lanh th\u1ee7y l\u1ef1c c\u1ee7a m\u00e1y c\u00e0y tuy\u1ebft cung c\u1ea5p l\u1ef1c \u0111\u1ea9y m\u1ea1nh m\u1ebd l\u00ean \u0111\u1ebfn 3000 v\u00e0 l\u1ef1c k\u00e9o t\u1ed1i \u0111a 20 t\u1ea5n. \u0110i\u1ec1u n\u00e0y \u0111\u1ea3m b\u1ea3o ho\u1ea1t \u0111\u1ed9ng hi\u1ec7u qu\u1ea3 v\u00e0 tr\u01a1n tru, n\u00e2ng cao n\u0103ng su\u1ea5t c\u1ee7a b\u1ea1n.<\/p>\n<h3>An to\u00e0n v\u00e0 \u1ed5n \u0111\u1ecbnh<\/h3>\n<p>\u0110\u01b0\u1ee3c thi\u1ebft k\u1ebf v\u1edbi ti\u00eau ch\u00ed an to\u00e0n l\u00e0 tr\u00ean h\u1ebft, xi lanh th\u1ee7y l\u1ef1c c\u1ee7a ch\u00fang t\u00f4i c\u00f3 th\u00e2n b\u1eb1ng th\u00e9p ch\u1eafc ch\u1eafn v\u00e0 c\u1ea5u tr\u00fac piston ti\u00eau chu\u1ea9n \u0111\u1ec3 \u0111\u1ea3m b\u1ea3o s\u1ef1 \u1ed5n \u0111\u1ecbnh trong qu\u00e1 tr\u00ecnh v\u1eadn h\u00e0nh, gi\u1ea3m thi\u1ec3u r\u1ee7i ro li\u00ean quan \u0111\u1ebfn s\u1ef1 c\u1ed1 m\u00e1y m\u00f3c.<\/p>\n<h3>T\u00ednh t\u01b0\u01a1ng th\u00edch v\u00e0 gi\u00e1 tr\u1ecb<\/h3>\n<p>Xi lanh th\u1ee7y l\u1ef1c c\u1ee7a ch\u00fang t\u00f4i c\u00f3 kh\u1ea3 n\u0103ng t\u01b0\u01a1ng th\u00edch cao v\u1edbi nhi\u1ec1u ng\u00e0nh c\u00f4ng nghi\u1ec7p kh\u00e1c nhau, bao g\u1ed3m c\u00e1c x\u01b0\u1edfng s\u1eeda ch\u1eefa m\u00e1y m\u00f3c, n\u00f4ng tr\u1ea1i, n\u0103ng l\u01b0\u1ee3ng &amp; khai th\u00e1c m\u1ecf, s\u1ea3n xu\u1ea5t m\u00e1y m\u00f3c v\u00e0 c\u00e1c nh\u00e0 m\u00e1y ch\u1ebf t\u1ea1o m\u00e1y. V\u1edbi ch\u1ebf \u0111\u1ed9 b\u1ea3o h\u00e0nh m\u1ed9t n\u0103m cho c\u00e1c b\u1ed9 ph\u1eadn c\u1ed1t l\u00f5i, s\u1ea3n ph\u1ea9m mang l\u1ea1i gi\u00e1 tr\u1ecb tuy\u1ec7t v\u1eddi cho kho\u1ea3n \u0111\u1ea7u t\u01b0 d\u00e0i h\u1ea1n.<\/p>\n<p><img decoding=\"async\" src=\"https:\/\/hzpt.com\/wp-content\/uploads\/2023\/11\/Snow-Plow-Hydraulic-Cylinder-4Factory.webp\" alt=\"H\u00ecnh \u1ea3nh nh\u00e0 m\u00e1y\" title=\"\"><\/p>\n<\/div>\n<h2>\u01afu \u0111i\u1ec3m c\u1ee7a xi lanh lo\u1ea1i ch\u1ed1t c\u00f3 th\u1ec3 \u0111i\u1ec1u ch\u1ec9nh<\/h2>\n<p>Xi lanh ki\u1ec3u c\u00e0ng n\u1ed1i \u0111i\u1ec1u ch\u1ec9nh \u0111\u01b0\u1ee3c, c\u00f2n \u0111\u01b0\u1ee3c g\u1ecdi l\u00e0 xi lanh g\u1eafn c\u00e0ng n\u1ed1i, \u0111\u01b0\u1ee3c s\u1eed d\u1ee5ng r\u1ed9ng r\u00e3i trong nhi\u1ec1u ng\u00e0nh c\u00f4ng nghi\u1ec7p nh\u1edd nh\u1eefng t\u00ednh n\u0103ng v\u00e0 l\u1ee3i \u00edch \u0111\u1ed9c \u0111\u00e1o c\u1ee7a ch\u00fang. Trong b\u00e0i vi\u1ebft n\u00e0y, ch\u00fang ta s\u1ebd t\u00ecm hi\u1ec3u nh\u1eefng \u01b0u \u0111i\u1ec3m c\u1ee7a xi lanh ki\u1ec3u c\u00e0ng n\u1ed1i \u0111i\u1ec1u ch\u1ec9nh \u0111\u01b0\u1ee3c v\u00e0 \u1ee9ng d\u1ee5ng c\u1ee7a ch\u00fang trong c\u00e1c l\u0129nh v\u1ef1c kh\u00e1c nhau.<\/p>\n<p>1. <strong>T\u0103ng c\u01b0\u1eddng t\u00ednh linh ho\u1ea1t v\u00e0 \u0111a n\u0103ng:<\/strong> M\u1ed9t trong nh\u1eefng \u01b0u \u0111i\u1ec3m ch\u00ednh c\u1ee7a xi lanh ki\u1ec3u c\u00e0ng cua \u0111i\u1ec1u ch\u1ec9nh \u0111\u01b0\u1ee3c l\u00e0 kh\u1ea3 n\u0103ng mang l\u1ea1i s\u1ef1 linh ho\u1ea1t cao trong b\u1ed1 tr\u00ed l\u1eafp \u0111\u1eb7t. Thi\u1ebft k\u1ebf c\u00e0ng cua cho ph\u00e9p d\u1ec5 d\u00e0ng \u0111i\u1ec1u ch\u1ec9nh v\u00e0 \u0111\u1ecbnh v\u1ecb xi lanh, l\u00e0m cho n\u00f3 ph\u00f9 h\u1ee3p v\u1edbi nhi\u1ec1u \u1ee9ng d\u1ee5ng kh\u00e1c nhau. Cho d\u00f9 \u0111\u00f3 l\u00e0 m\u00e1y m\u00f3c n\u00f4ng nghi\u1ec7p, thi\u1ebft b\u1ecb x\u00e2y d\u1ef1ng hay m\u00e1y m\u00f3c c\u00f4ng nghi\u1ec7p, c\u00e1c xi lanh n\u00e0y \u0111\u1ec1u mang l\u1ea1i t\u00ednh linh ho\u1ea1t trong l\u1eafp \u0111\u1eb7t v\u00e0 s\u1eed d\u1ee5ng.<\/p>\n<p>2. <strong>Kh\u1ea3 n\u0103ng \u0111i\u1ec1u khi\u1ec3n v\u00e0 \u0111\u1ed9 ch\u00ednh x\u00e1c \u0111\u01b0\u1ee3c c\u1ea3i thi\u1ec7n:<\/strong> Xi lanh ki\u1ec3u c\u00e0ng n\u1ed1i \u0111i\u1ec1u ch\u1ec9nh \u0111\u01b0\u1ee3c thi\u1ebft k\u1ebf \u0111\u1ec3 cung c\u1ea5p kh\u1ea3 n\u0103ng ki\u1ec3m so\u00e1t ch\u00ednh x\u00e1c l\u1ef1c v\u00e0 chuy\u1ec3n \u0111\u1ed9ng. C\u00e0ng n\u1ed1i \u0111i\u1ec1u ch\u1ec9nh cho ph\u00e9p tinh ch\u1ec9nh h\u00e0nh tr\u00ecnh v\u00e0 v\u1ecb tr\u00ed c\u1ee7a xi lanh, gi\u00fap ki\u1ec3m so\u00e1t ch\u00ednh x\u00e1c thi\u1ebft b\u1ecb ho\u1eb7c m\u00e1y m\u00f3c m\u00e0 n\u00f3 \u0111\u01b0\u1ee3c g\u1eafn v\u00e0o. M\u1ee9c \u0111\u1ed9 ki\u1ec3m so\u00e1t n\u00e0y r\u1ea5t quan tr\u1ecdng trong c\u00e1c \u1ee9ng d\u1ee5ng \u0111\u00f2i h\u1ecfi \u0111\u1ed9 ch\u00ednh x\u00e1c cao, ch\u1eb3ng h\u1ea1n nh\u01b0 trong robot, m\u00e1y CNC v\u00e0 h\u1ec7 th\u1ed1ng x\u1eed l\u00fd v\u1eadt li\u1ec7u.<\/p>\n<p>3. <strong>\u0110\u1ed9 b\u1ec1n v\u00e0 s\u1ee9c m\u1ea1nh \u0111\u01b0\u1ee3c t\u0103ng c\u01b0\u1eddng:<\/strong> Vi\u1ec7c s\u1eed d\u1ee5ng tay ngh\u1ec1 chuy\u00ean nghi\u1ec7p v\u00e0 v\u1eadt li\u1ec7u ch\u1ea5t l\u01b0\u1ee3ng cao \u0111\u1ea3m b\u1ea3o r\u1eb1ng c\u00e1c xi lanh ki\u1ec3u c\u00e0ng n\u1ed1i \u0111i\u1ec1u ch\u1ec9nh \u0111\u01b0\u1ee3c ch\u1ebf t\u1ea1o \u0111\u1ec3 ch\u1ecbu \u0111\u01b0\u1ee3c c\u00e1c \u1ee9ng d\u1ee5ng t\u1ea3i n\u1eb7ng. Nh\u1eefng xi lanh n\u00e0y \u0111\u01b0\u1ee3c thi\u1ebft k\u1ebf \u0111\u1ec3 x\u1eed l\u00fd t\u1ea3i tr\u1ecdng v\u00e0 \u00e1p su\u1ea5t cao, l\u00e0m cho ch\u00fang ph\u00f9 h\u1ee3p v\u1edbi m\u00f4i tr\u01b0\u1eddng c\u00f4ng nghi\u1ec7p \u0111\u00f2i h\u1ecfi kh\u1eaft khe. Xi lanh th\u1ee7y l\u1ef1c 3 t\u1ea5n l\u00e0 m\u1ed9t v\u00ed d\u1ee5 \u0111i\u1ec3n h\u00ecnh v\u1ec1 xi lanh ki\u1ec3u c\u00e0ng n\u1ed1i ch\u1eafc ch\u1eafn v\u00e0 b\u1ec1n b\u1ec9, c\u00f3 kh\u1ea3 n\u0103ng ch\u1ecbu \u0111\u01b0\u1ee3c t\u1ea3i tr\u1ecdng n\u1eb7ng v\u00e0 cung c\u1ea5p hi\u1ec7u su\u1ea5t \u0111\u00e1ng tin c\u1eady trong nhi\u1ec1u \u1ee9ng d\u1ee5ng kh\u00e1c nhau.<\/p>\n<p>4. <strong>Kh\u1ea3 n\u0103ng t\u00e1c \u0111\u1ed9ng k\u00e9p:<\/strong> M\u1ed9t \u01b0u \u0111i\u1ec3m kh\u00e1c c\u1ee7a xi lanh ki\u1ec3u c\u00e0ng n\u1ed1i \u0111i\u1ec1u ch\u1ec9nh \u0111\u01b0\u1ee3c l\u00e0 kh\u1ea3 n\u0103ng t\u00e1c \u0111\u1ed9ng k\u00e9p. \u0110i\u1ec1u n\u00e0y c\u00f3 ngh\u0129a l\u00e0 xi lanh c\u00f3 th\u1ec3 t\u1ea1o ra l\u1ef1c theo c\u1ea3 hai h\u01b0\u1edbng, cho ph\u00e9p v\u1eadn h\u00e0nh linh ho\u1ea1t h\u01a1n. Xi lanh t\u00e1c \u0111\u1ed9ng k\u00e9p th\u01b0\u1eddng \u0111\u01b0\u1ee3c s\u1eed d\u1ee5ng trong c\u00e1c \u1ee9ng d\u1ee5ng y\u00eau c\u1ea7u c\u1ea3 l\u1ef1c \u0111\u1ea9y v\u00e0 l\u1ef1c k\u00e9o, ch\u1eb3ng h\u1ea1n nh\u01b0 trong m\u00e1y \u00e9p th\u1ee7y l\u1ef1c, h\u1ec7 th\u1ed1ng k\u1eb9p v\u1eadt li\u1ec7u v\u00e0 thi\u1ebft b\u1ecb n\u00e2ng h\u1ea1.<\/p>\n<p>5. <strong>\u1ee8ng d\u1ee5ng trong h\u1ec7 th\u1ed1ng m\u00e1y c\u00e0y tuy\u1ebft:<\/strong> C\u00e1c xi lanh ki\u1ec3u c\u00e0ng n\u1ed1i \u0111i\u1ec1u ch\u1ec9nh \u0111\u01b0\u1ee3c s\u1eed d\u1ee5ng r\u1ed9ng r\u00e3i trong h\u1ec7 th\u1ed1ng m\u00e1y c\u00e0y tuy\u1ebft nh\u1edd nh\u1eefng t\u00ednh n\u0103ng \u0111\u1ed9c \u0111\u00e1o c\u1ee7a ch\u00fang. Kh\u1ea3 n\u0103ng \u0111i\u1ec1u ch\u1ec9nh gi\u00e1 \u0111\u1ee1 c\u00e0ng n\u1ed1i cho ph\u00e9p \u0111i\u1ec1u ch\u1ec9nh g\u00f3c v\u00e0 v\u1ecb tr\u00ed l\u01b0\u1ee1i c\u00e0y m\u1ed9t c\u00e1ch ch\u00ednh x\u00e1c, \u0111\u1ea3m b\u1ea3o vi\u1ec7c d\u1ecdn tuy\u1ebft hi\u1ec7u qu\u1ea3. Kh\u1ea3 n\u0103ng ho\u1ea1t \u0111\u1ed9ng k\u00e9p cho ph\u00e9p l\u01b0\u1ee1i c\u00e0y di chuy\u1ec3n c\u1ea3 ti\u1ebfn v\u00e0 l\u00f9i, gi\u00fap d\u1ec5 d\u00e0ng d\u1ecdn tuy\u1ebft trong nhi\u1ec1u \u0111i\u1ec1u ki\u1ec7n kh\u00e1c nhau. \u0110\u1ed9 tin c\u1eady v\u00e0 \u0111\u1ed9 b\u1ec1n c\u1ee7a c\u00e1c xi lanh n\u00e0y l\u00e0m cho ch\u00fang tr\u1edf n\u00ean l\u00fd t\u01b0\u1edfng cho c\u00e1c c\u00f4ng vi\u1ec7c c\u00e0y tuy\u1ebft h\u1ea1ng n\u1eb7ng.<\/p>\n<p>T\u00f3m l\u1ea1i, xi lanh ki\u1ec3u c\u00e0ng n\u1ed1i \u0111i\u1ec1u ch\u1ec9nh mang l\u1ea1i nhi\u1ec1u \u01b0u \u0111i\u1ec3m v\u1ec1 t\u00ednh linh ho\u1ea1t, kh\u1ea3 n\u0103ng \u0111i\u1ec1u khi\u1ec3n, \u0111\u1ed9 b\u1ec1n v\u00e0 t\u00ednh \u0111a d\u1ee5ng. V\u1edbi tay ngh\u1ec1 chuy\u00ean nghi\u1ec7p v\u00e0 kh\u1ea3 n\u0103ng t\u00e1c \u0111\u1ed9ng k\u00e9p, c\u00e1c xi lanh n\u00e0y c\u00f3 th\u1ec3 \u0111\u01b0\u1ee3c s\u1eed d\u1ee5ng trong nhi\u1ec1u \u1ee9ng d\u1ee5ng, bao g\u1ed3m c\u1ea3 h\u1ec7 th\u1ed1ng m\u00e1y c\u00e0y tuy\u1ebft. Vi\u1ec7c s\u1eed d\u1ee5ng v\u1eadt li\u1ec7u ch\u1ea5t l\u01b0\u1ee3ng cao v\u00e0 k\u1ef9 thu\u1eadt ch\u00ednh x\u00e1c \u0111\u1ea3m b\u1ea3o c\u00e1c xi lanh n\u00e0y ho\u1ea1t \u0111\u1ed9ng \u0111\u00e1ng tin c\u1eady v\u00e0 ch\u1ecbu \u0111\u01b0\u1ee3c m\u00f4i tr\u01b0\u1eddng kh\u1eafc nghi\u1ec7t. Cho d\u00f9 l\u00e0 trong m\u00e1y m\u00f3c n\u00f4ng nghi\u1ec7p, x\u00e2y d\u1ef1ng hay c\u00f4ng nghi\u1ec7p, xi lanh ki\u1ec3u c\u00e0ng n\u1ed1i \u0111i\u1ec1u ch\u1ec9nh l\u00e0 m\u1ed9t b\u1ed9 ph\u1eadn quan tr\u1ecdng gi\u00fap n\u00e2ng cao hi\u1ec7u qu\u1ea3 v\u00e0 n\u0103ng su\u1ea5t.<\/p>\n<h3>Gi\u1edbi thi\u1ec7u v\u1ec1 xi lanh th\u1ee7y l\u1ef1c FMP<\/h3>\n<p><img decoding=\"async\" src=\"https:\/\/fmp-components.com\/wp-content\/uploads\/2024\/12\/Adjustable-Clevis-Type-Cylinders-6.webp\" alt=\"Xi lanh lo\u1ea1i Clevis c\u00f3 th\u1ec3 \u0111i\u1ec1u ch\u1ec9nh\" width=\"802\" title=\"\"><\/p>\n<p>T\u1ea1i FMP, ch\u00fang t\u00f4i chuy\u00ean s\u1ea3n xu\u1ea5t v\u00e0 kinh doanh c\u00e1c lo\u1ea1i Xi lanh th\u1ee7y l\u1ef1c ch\u1ea5t l\u01b0\u1ee3ng cao. V\u1edbi kinh nghi\u1ec7m d\u00e0y d\u1eb7n trong ng\u00e0nh v\u00e0 \u0111\u1ed9i ng\u0169 chuy\u00ean nghi\u1ec7p, ch\u00fang t\u00f4i cam k\u1ebft cung c\u1ea5p cho kh\u00e1ch h\u00e0ng c\u00e1c gi\u1ea3i ph\u00e1p \u0111\u00e1ng tin c\u1eady v\u00e0 hi\u1ec7u qu\u1ea3 cho nhu c\u1ea7u m\u00e1y m\u00f3c x\u00e2y d\u1ef1ng c\u1ee7a h\u1ecd. D\u01b0\u1edbi \u0111\u00e2y l\u00e0 n\u0103m \u01b0u \u0111i\u1ec3m ch\u00ednh c\u1ee7a s\u1ea3n ph\u1ea9m v\u00e0 c\u00f4ng ty ch\u00fang t\u00f4i:<\/p>\n<p>1. \u0110a d\u1ea1ng v\u1ec1 Xi lanh Th\u1ee7y l\u1ef1c: Ch\u00fang t\u00f4i cung c\u1ea5p \u0111a d\u1ea1ng c\u00e1c lo\u1ea1i xi lanh th\u1ee7y l\u1ef1c ph\u00f9 h\u1ee3p v\u1edbi nhi\u1ec1u y\u00eau c\u1ea7u c\u1ee7a m\u00e1y m\u00f3c x\u00e2y d\u1ef1ng. T\u1eeb xi lanh ti\u00eau chu\u1ea9n \u0111\u1ebfn c\u00e1c gi\u1ea3i ph\u00e1p t\u00f9y ch\u1ec9nh, ch\u00fang t\u00f4i c\u00f3 chuy\u00ean m\u00f4n \u0111\u1ec3 \u0111\u00e1p \u1ee9ng nhu c\u1ea7u c\u1ee5 th\u1ec3 c\u1ee7a b\u1ea1n.<\/p>\n<p>2. Ch\u1ea5t l\u01b0\u1ee3ng v\u01b0\u1ee3t tr\u1ed9i: Xi lanh th\u1ee7y l\u1ef1c c\u1ee7a ch\u00fang t\u00f4i \u0111\u01b0\u1ee3c s\u1ea3n xu\u1ea5t b\u1eb1ng v\u1eadt li\u1ec7u cao c\u1ea5p v\u00e0 c\u00f4ng ngh\u1ec7 ti\u00ean ti\u1ebfn, \u0111\u1ea3m b\u1ea3o \u0111\u1ed9 b\u1ec1n v\u00e0 hi\u1ec7u su\u1ea5t v\u01b0\u1ee3t tr\u1ed9i. M\u1ed7i xi lanh \u0111\u1ec1u tr\u1ea3i qua qu\u00e1 tr\u00ecnh ki\u1ec3m tra ch\u1ea5t l\u01b0\u1ee3ng nghi\u00eam ng\u1eb7t \u0111\u1ec3 \u0111\u00e1p \u1ee9ng c\u00e1c ti\u00eau chu\u1ea9n cao nh\u1ea5t c\u1ee7a ng\u00e0nh.<\/p>\n<p>3. \u0110\u1ed9i ng\u0169 b\u00e1n h\u00e0ng chuy\u00ean nghi\u1ec7p: \u0110\u1ed9i ng\u0169 b\u00e1n h\u00e0ng gi\u00e0u kinh nghi\u1ec7m c\u1ee7a ch\u00fang t\u00f4i am hi\u1ec3u c\u00e1c xu h\u01b0\u1edbng m\u1edbi nh\u1ea5t v\u00e0 nhu c\u1ea7u c\u1ee7a kh\u00e1ch h\u00e0ng trong ng\u00e0nh m\u00e1y m\u00f3c x\u00e2y d\u1ef1ng. H\u1ecd cung c\u1ea5p d\u1ecbch v\u1ee5 t\u01b0 v\u1ea5n s\u1ea3n ph\u1ea9m chuy\u00ean nghi\u1ec7p v\u00e0 nh\u1eefng g\u1ee3i \u00fd mua h\u00e0ng gi\u00e1 tr\u1ecb, gi\u00fap b\u1ea1n \u0111\u01b0a ra quy\u1ebft \u0111\u1ecbnh s\u00e1ng su\u1ed1t.<\/p>\n<p>4. H\u1ec7 th\u1ed1ng ph\u00e2n ph\u1ed1i h\u1eadu c\u1ea7n hi\u1ec7u qu\u1ea3: Ch\u00fang t\u00f4i hi\u1ec3u t\u1ea7m quan tr\u1ecdng c\u1ee7a vi\u1ec7c giao h\u00e0ng \u0111\u00fang h\u1ea1n. H\u1ec7 th\u1ed1ng ph\u00e2n ph\u1ed1i h\u1eadu c\u1ea7n hi\u1ec7u qu\u1ea3 c\u1ee7a ch\u00fang t\u00f4i \u0111\u1ea3m b\u1ea3o b\u1ea1n nh\u1eadn \u0111\u01b0\u1ee3c xi lanh th\u1ee7y l\u1ef1c c\u1ea7n thi\u1ebft m\u1ed9t c\u00e1ch nhanh ch\u00f3ng v\u00e0 ch\u00ednh x\u00e1c, gi\u1ea3m thi\u1ec3u th\u1eddi gian ch\u1ebft v\u00e0 t\u1ed1i \u0111a h\u00f3a n\u0103ng su\u1ea5t.<\/p>\n<p>5. Quan h\u1ec7 \u0111\u1ed1i t\u00e1c nh\u00e0 cung c\u1ea5p v\u1eefng ch\u1eafc: Ch\u00fang t\u00f4i \u0111\u00e3 thi\u1ebft l\u1eadp m\u1ed1i quan h\u1ec7 l\u00e2u d\u00e0i v\u00e0 \u1ed5n \u0111\u1ecbnh v\u1edbi c\u00e1c nh\u00e0 cung c\u1ea5p ch\u1ea5t l\u01b0\u1ee3ng cao tr\u00ean to\u00e0n th\u1ebf gi\u1edbi. \u0110i\u1ec1u n\u00e0y cho ph\u00e9p ch\u00fang t\u00f4i t\u00ecm ngu\u1ed3n cung \u1ee9ng v\u00e0 cung c\u1ea5p c\u00e1c ph\u1ee5 t\u00f9ng m\u00e1y m\u00f3c x\u00e2y d\u1ef1ng \u0111\u00e1p \u1ee9ng c\u00e1c ti\u00eau chu\u1ea9n ch\u1ea5t l\u01b0\u1ee3ng nghi\u00eam ng\u1eb7t, \u0111\u1ea3m b\u1ea3o \u0111\u1ed9 tin c\u1eady v\u00e0 tu\u1ed5i th\u1ecd c\u1ee7a xi lanh th\u1ee7y l\u1ef1c.<\/p>\n<p>H\u00e3y ch\u1ecdn Xi lanh th\u1ee7y l\u1ef1c FMP \u0111\u1ec3 c\u00f3 ch\u1ea5t l\u01b0\u1ee3ng v\u01b0\u1ee3t tr\u1ed9i, hi\u1ec7u su\u1ea5t \u0111\u00e1ng tin c\u1eady v\u00e0 d\u1ecbch v\u1ee5 kh\u00e1ch h\u00e0ng tuy\u1ec7t v\u1eddi. H\u00e3y h\u1ee3p t\u00e1c v\u1edbi ch\u00fang t\u00f4i ngay h\u00f4m nay v\u00e0 tr\u1ea3i nghi\u1ec7m s\u1ef1 kh\u00e1c bi\u1ec7t trong ho\u1ea1t \u0111\u1ed9ng m\u00e1y m\u00f3c x\u00e2y d\u1ef1ng c\u1ee7a b\u1ea1n.<\/p>\n<h2>Nh\u1eefng c\u00e2u h\u1ecfi th\u01b0\u1eddng g\u1eb7p<\/h2>\n<h3>Q: B\u1ea1n l\u00e0 c\u00f4ng ty th\u01b0\u01a1ng m\u1ea1i hay nh\u00e0 s\u1ea3n xu\u1ea5t?<\/h3>\n<p>A: Ch\u00fang t\u00f4i l\u00e0 m\u1ed9t nh\u00e0 m\u00e1y chuy\u00ean s\u1ea3n xu\u1ea5t xi lanh th\u1ee7y l\u1ef1c v\u00e0 c\u00e1c ph\u1ee5 t\u00f9ng m\u00e1y m\u00f3c n\u00f4ng nghi\u1ec7p kh\u00e1c.<\/p>\n<h3>Q: Th\u1eddi gian giao h\u00e0ng c\u1ee7a b\u1ea1n l\u00e0 bao l\u00e2u?<\/h3>\n<p>A: Th\u00f4ng th\u01b0\u1eddng, th\u1eddi gian giao h\u00e0ng c\u1ee7a ch\u00fang t\u00f4i l\u00e0 t\u1eeb 25-35 ng\u00e0y.<\/p>\n<h3>H\u1ecfi: C\u00e1c b\u1ea1n c\u00f3 cung c\u1ea5p m\u1eabu th\u1eed kh\u00f4ng? N\u1ebfu c\u00f3, m\u1eabu th\u1eed mi\u1ec5n ph\u00ed hay ph\u1ea3i tr\u1ea3 th\u00eam ph\u00ed?<\/h3>\n<p>A: C\u00f3, ch\u00fang t\u00f4i c\u00f3 cung c\u1ea5p m\u1eabu. Tuy nhi\u00ean, ch\u00fang kh\u00f4ng mi\u1ec5n ph\u00ed.<\/p>\n<p><img decoding=\"async\" title=\"Xi lanh th\u1ee7y l\u1ef1c m\u00e1y c\u00e0y tuy\u1ebft\" src=\"https:\/\/hzpt.com\/wp-content\/uploads\/2023\/11\/Snow-Plow-Hydraulic-Cylinder-2.webp\" alt=\"Xi lanh th\u1ee7y l\u1ef1c m\u00e1y c\u00e0y tuy\u1ebft\" \/><\/p>\n<p>T\u00e1c gi\u1ea3: CX<\/p>","protected":false},"excerpt":{"rendered":"<p>Professional Craftsmanship 3 Ton Hydraulic Cylinder Double Acting Snow Plow Hydraulic Cylinder Introducing the Professional Craftsmanship 3 Ton Hydraulic Cylinder Double Acting Snow Plow Hydraulic Cylinder: The Professional Craftsmanship 3 Ton Hydraulic Cylinder Double Acting Snow Plow Hydraulic Cylinder is a high-quality hydraulic cylinder designed specifically for snow plow applications. With its excellent craftsmanship and [&hellip;]<\/p>","protected":false},"featured_media":1449,"comment_status":"closed","ping_status":"closed","template":"","meta":{"_et_pb_use_builder":"","_et_pb_old_content":"","_et_gb_content_width":""},"product_brand":[],"product_cat":[42],"product_tag":[34,44],"class_list":{"0":"post-1448","1":"product","2":"type-product","3":"status-publish","4":"has-post-thumbnail","6":"product_cat-snow-plow-hydraulic-cylinder","7":"product_tag-hydraulic-cylinder","8":"product_tag-snow-plow-hydraulic-cylinder","10":"first","11":"instock","12":"product-type-simple"},"_links":{"self":[{"href":"https:\/\/fmp-components.com\/vi\/wp-json\/wp\/v2\/product\/1448","targetHints":{"allow":["GET"]}}],"collection":[{"href":"https:\/\/fmp-components.com\/vi\/wp-json\/wp\/v2\/product"}],"about":[{"href":"https:\/\/fmp-components.com\/vi\/wp-json\/wp\/v2\/types\/product"}],"replies":[{"embeddable":true,"href":"https:\/\/fmp-components.com\/vi\/wp-json\/wp\/v2\/comments?post=1448"}],"wp:featuredmedia":[{"embeddable":true,"href":"https:\/\/fmp-components.com\/vi\/wp-json\/wp\/v2\/media\/1449"}],"wp:attachment":[{"href":"https:\/\/fmp-components.com\/vi\/wp-json\/wp\/v2\/media?parent=1448"}],"wp:term":[{"taxonomy":"product_brand","embeddable":true,"href":"https:\/\/fmp-components.com\/vi\/wp-json\/wp\/v2\/product_brand?post=1448"},{"taxonomy":"product_cat","embeddable":true,"href":"https:\/\/fmp-components.com\/vi\/wp-json\/wp\/v2\/product_cat?post=1448"},{"taxonomy":"product_tag","embeddable":true,"href":"https:\/\/fmp-components.com\/vi\/wp-json\/wp\/v2\/product_tag?post=1448"}],"curies":[{"name":"wp","href":"https:\/\/api.w.org\/{rel}","templated":true}]}}