{"id":1446,"date":"2024-12-23T05:49:26","date_gmt":"2024-12-23T05:49:26","guid":{"rendered":"https:\/\/fmp-components.com\/product\/china-factory-supply-agricultural-machinery-hydraulic-cylinders-snow-plow-hydraulic-cylinder-double-acting\/"},"modified":"2024-12-23T08:48:27","modified_gmt":"2024-12-23T08:48:27","slug":"italy-factory-supply-agricultural-machinery-hydraulic-cylinders-snow-plow-hydraulic-cylinder-double-acting","status":"publish","type":"product","link":"https:\/\/fmp-components.com\/vi\/product\/italy-factory-supply-agricultural-machinery-hydraulic-cylinders-snow-plow-hydraulic-cylinder-double-acting\/","title":{"rendered":"Nh\u00e0 m\u00e1y \u00dd cung c\u1ea5p m\u00e1y m\u00f3c n\u00f4ng nghi\u1ec7p xi lanh th\u1ee7y l\u1ef1c m\u00e1y c\u00e0y tuy\u1ebft xi lanh th\u1ee7y l\u1ef1c t\u00e1c \u0111\u1ed9ng k\u00e9p"},"content":{"rendered":"<h2>Nh\u00e0 m\u00e1y \u00dd cung c\u1ea5p m\u00e1y m\u00f3c n\u00f4ng nghi\u1ec7p xi lanh th\u1ee7y l\u1ef1c m\u00e1y c\u00e0y tuy\u1ebft xi lanh th\u1ee7y l\u1ef1c t\u00e1c \u0111\u1ed9ng k\u00e9p<\/h2>\n<p>Xi lanh th\u1ee7y l\u1ef1c m\u00e1y m\u00f3c n\u00f4ng nghi\u1ec7p Italy Factory Supply - Xi lanh th\u1ee7y l\u1ef1c m\u00e1y c\u00e0y tuy\u1ebft t\u00e1c \u0111\u1ed9ng k\u00e9p l\u00e0 m\u1ed9t lo\u1ea1i xi lanh th\u1ee7y l\u1ef1c ch\u1ea5t l\u01b0\u1ee3ng cao v\u00e0 hi\u1ec7u qu\u1ea3 \u0111\u01b0\u1ee3c thi\u1ebft k\u1ebf cho m\u00e1y m\u00f3c n\u00f4ng nghi\u1ec7p. N\u00f3 \u0111\u01b0\u1ee3c thi\u1ebft k\u1ebf \u0111\u1eb7c bi\u1ec7t cho m\u00e1y c\u00e0y tuy\u1ebft v\u00e0 c\u00f3 c\u01a1 ch\u1ebf t\u00e1c \u0111\u1ed9ng k\u00e9p \u0111\u1ec3 t\u0103ng c\u01b0\u1eddng ch\u1ee9c n\u0103ng.<\/p>\n<p>Xi lanh th\u1ee7y l\u1ef1c n\u00e0y \u0111\u01b0\u1ee3c s\u1ea3n xu\u1ea5t t\u1ea1i \u00dd v\u1edbi tr\u1ecdng t\u00e2m l\u00e0 \u0111\u1ed9 b\u1ec1n v\u00e0 hi\u1ec7u su\u1ea5t. N\u00f3 \u0111\u01b0\u1ee3c ch\u1ebf t\u1ea1o t\u1eeb c\u00e1c v\u1eadt li\u1ec7u ch\u1ea5t l\u01b0\u1ee3ng cao \u0111\u1ec3 \u0111\u1ea3m b\u1ea3o s\u1eed d\u1ee5ng l\u00e2u d\u00e0i ngay c\u1ea3 trong \u0111i\u1ec1u ki\u1ec7n kh\u1eafc nghi\u1ec7t. Xi lanh \u0111\u01b0\u1ee3c thi\u1ebft k\u1ebf \u0111\u1ec3 ch\u1ecbu \u0111\u01b0\u1ee3c t\u1ea3i tr\u1ecdng n\u1eb7ng v\u00e0 mang l\u1ea1i ho\u1ea1t \u0111\u1ed9ng tr\u01a1n tru v\u00e0 \u0111\u00e1ng tin c\u1eady.<\/p>\n<p>C\u01a1 ch\u1ebf t\u00e1c \u0111\u1ed9ng k\u00e9p cho ph\u00e9p xi lanh th\u1ee7y l\u1ef1c m\u1edf r\u1ed9ng v\u00e0 thu g\u1ecdn, mang l\u1ea1i s\u1ef1 linh ho\u1ea1t v\u00e0 kh\u1ea3 n\u0103ng ki\u1ec3m so\u00e1t trong qu\u00e1 tr\u00ecnh d\u1ecdn tuy\u1ebft. T\u00ednh n\u0103ng n\u00e0y \u0111\u1ea3m b\u1ea3o vi\u1ec7c d\u1ecdn tuy\u1ebft hi\u1ec7u qu\u1ea3 b\u1eb1ng c\u00e1ch cho ph\u00e9p m\u00e1y c\u00e0y v\u1eeba \u0111\u1ea9y v\u1eeba n\u00e2ng tuy\u1ebft, tr\u1edf th\u00e0nh l\u1ef1a ch\u1ecdn l\u00fd t\u01b0\u1edfng \u0111\u1ec3 d\u1ecdn \u0111\u01b0\u1eddng, l\u1ed1i \u0111i v\u00e0 c\u00e1c b\u1ec1 m\u1eb7t kh\u00e1c.<\/p>\n<p><img decoding=\"async\" title=\"Xi lanh th\u1ee7y l\u1ef1c m\u00e1y c\u00e0y tuy\u1ebft\" src=\"https:\/\/hzpt.com\/wp-content\/uploads\/2023\/11\/Snow-Plow-Hydraulic-Cylinder-2.webp\" alt=\"Xi lanh th\u1ee7y l\u1ef1c m\u00e1y c\u00e0y tuy\u1ebft\" \/><\/p>\n<p>Xi lanh th\u1ee7y l\u1ef1c m\u00e1y m\u00f3c n\u00f4ng nghi\u1ec7p Italy Factory Supply, xi lanh th\u1ee7y l\u1ef1c m\u00e1y c\u00e0y tuy\u1ebft t\u00e1c \u0111\u1ed9ng k\u00e9p, d\u1ec5 l\u1eafp \u0111\u1eb7t v\u00e0 t\u01b0\u01a1ng th\u00edch v\u1edbi nhi\u1ec1u m\u1eabu m\u00e1y m\u00f3c n\u00f4ng nghi\u1ec7p kh\u00e1c nhau. N\u00f3 \u0111\u01b0\u1ee3c thi\u1ebft k\u1ebf \u0111\u1ec3 t\u00edch h\u1ee3p ho\u00e0n h\u1ea3o v\u00e0o c\u00e1c h\u1ec7 th\u1ed1ng th\u1ee7y l\u1ef1c hi\u1ec7n c\u00f3, gi\u1ea3m thi\u1ec3u th\u1eddi gian ng\u1eebng ho\u1ea1t \u0111\u1ed9ng v\u00e0 t\u1ed1i \u0111a h\u00f3a n\u0103ng su\u1ea5t.<\/p>\n<p>V\u1edbi k\u1ebft c\u1ea5u ch\u1eafc ch\u1eafn, hi\u1ec7u su\u1ea5t \u0111\u00e1ng tin c\u1eady v\u00e0 t\u00ednh linh ho\u1ea1t, xi lanh th\u1ee7y l\u1ef1c n\u00e0y l\u00e0 m\u1ed9t b\u1ed9 ph\u1eadn thi\u1ebft y\u1ebfu cho b\u1ea5t k\u1ef3 m\u00e1y m\u00f3c n\u00f4ng nghi\u1ec7p n\u00e0o \u0111\u01b0\u1ee3c trang b\u1ecb l\u01b0\u1ee1i c\u00e0y tuy\u1ebft. H\u00e3y tin t\u01b0\u1edfng Italy Factory Supply s\u1ebd cung c\u1ea5p cho b\u1ea1n s\u1ea3n ph\u1ea9m ch\u1ea5t l\u01b0\u1ee3ng cao \u0111\u00e1p \u1ee9ng nhu c\u1ea7u d\u1ecdn tuy\u1ebft hi\u1ec7u qu\u1ea3 c\u1ee7a b\u1ea1n.<\/p>\n<h2>\u01afu \u0111i\u1ec3m c\u1ee7a xi lanh lo\u1ea1i ch\u1ed1t c\u00f3 th\u1ec3 \u0111i\u1ec1u ch\u1ec9nh<\/h2>\n<p>Xi lanh ki\u1ec3u c\u00e0ng n\u1ed1i \u0111i\u1ec1u ch\u1ec9nh l\u00e0 m\u1ed9t lo\u1ea1i xi lanh th\u1ee7y l\u1ef1c c\u00f3 gi\u00e1 \u0111\u1ee1 c\u00e0ng n\u1ed1i v\u00e0 kh\u1edbp n\u1ed1i \u0111i\u1ec1u ch\u1ec9nh \u0111\u01b0\u1ee3c. Ch\u00fang th\u01b0\u1eddng \u0111\u01b0\u1ee3c s\u1eed d\u1ee5ng trong m\u00e1y m\u00f3c n\u00f4ng nghi\u1ec7p, m\u00e1y c\u00e0y tuy\u1ebft v\u00e0 c\u00e1c thi\u1ebft b\u1ecb h\u1ea1ng n\u1eb7ng kh\u00e1c. Trong b\u00e0i vi\u1ebft n\u00e0y, ch\u00fang ta s\u1ebd th\u1ea3o lu\u1eadn v\u1ec1 nh\u1eefng \u01b0u \u0111i\u1ec3m c\u1ee7a vi\u1ec7c s\u1eed d\u1ee5ng xi lanh ki\u1ec3u c\u00e0ng n\u1ed1i \u0111i\u1ec1u ch\u1ec9nh.<\/p>\n<h3>1. T\u00ednh linh ho\u1ea1t<\/h3>\n<p>M\u1ed9t trong nh\u1eefng \u01b0u \u0111i\u1ec3m ch\u00ednh c\u1ee7a xi lanh ki\u1ec3u c\u00e0ng n\u1ed1i \u0111i\u1ec1u ch\u1ec9nh \u0111\u01b0\u1ee3c l\u00e0 t\u00ednh linh ho\u1ea1t c\u1ee7a ch\u00fang. Ch\u00fang c\u00f3 th\u1ec3 \u0111\u01b0\u1ee3c s\u1eed d\u1ee5ng trong nhi\u1ec1u \u1ee9ng d\u1ee5ng kh\u00e1c nhau, bao g\u1ed3m m\u00e1y m\u00f3c n\u00f4ng nghi\u1ec7p v\u00e0 m\u00e1y c\u00e0y tuy\u1ebft. C\u00e0ng n\u1ed1i \u0111i\u1ec1u ch\u1ec9nh \u0111\u01b0\u1ee3c gi\u00fap vi\u1ec7c l\u1eafp \u0111\u1eb7t v\u00e0 \u0111i\u1ec1u ch\u1ec9nh d\u1ec5 d\u00e0ng h\u01a1n, khi\u1ebfn ch\u00fang tr\u1edf th\u00e0nh l\u1ef1a ch\u1ecdn ph\u1ed5 bi\u1ebfn c\u1ee7a c\u00e1c nh\u00e0 s\u1ea3n xu\u1ea5t.<\/p>\n<p>V\u00ed d\u1ee5, xi lanh th\u1ee7y l\u1ef1c m\u00e1y m\u00f3c n\u00f4ng nghi\u1ec7p \u00dd cung c\u1ea5p xi lanh th\u1ee7y l\u1ef1c t\u00e1c \u0111\u1ed9ng k\u00e9p cho m\u00e1y c\u00e0y tuy\u1ebft th\u01b0\u1eddng \u0111\u01b0\u1ee3c s\u1eed d\u1ee5ng trong m\u00e1y c\u00e0y tuy\u1ebft \u0111\u1ec3 \u0111i\u1ec1u ch\u1ec9nh g\u00f3c c\u1ee7a l\u01b0\u1ee1i c\u00e0y. B\u1eb1ng c\u00e1ch s\u1eed d\u1ee5ng xi lanh ki\u1ec3u c\u00e0ng n\u1ed1i \u0111i\u1ec1u ch\u1ec9nh \u0111\u01b0\u1ee3c, ng\u01b0\u1eddi v\u1eadn h\u00e0nh c\u00f3 th\u1ec3 d\u1ec5 d\u00e0ng \u0111i\u1ec1u ch\u1ec9nh g\u00f3c l\u01b0\u1ee1i c\u00e0y cho ph\u00f9 h\u1ee3p v\u1edbi \u0111i\u1ec1u ki\u1ec7n tuy\u1ebft.<\/p>\n<h3>2. \u0110\u1ed9 b\u1ec1n<\/h3>\n<p>C\u00e1c xi lanh ki\u1ec3u c\u00e0ng n\u1ed1i \u0111i\u1ec1u ch\u1ec9nh \u0111\u01b0\u1ee3c thi\u1ebft k\u1ebf \u0111\u1ec3 ch\u1ecbu \u0111\u01b0\u1ee3c t\u1ea3i tr\u1ecdng n\u1eb7ng v\u00e0 m\u00f4i tr\u01b0\u1eddng kh\u1eafc nghi\u1ec7t. Ch\u00fang \u0111\u01b0\u1ee3c l\u00e0m t\u1eeb v\u1eadt li\u1ec7u ch\u1ea5t l\u01b0\u1ee3ng cao, c\u00f3 kh\u1ea3 n\u0103ng ch\u1ed1ng \u0103n m\u00f2n v\u00e0 m\u00e0i m\u00f2n. \u0110i\u1ec1u n\u00e0y l\u00e0m cho ch\u00fang tr\u1edf n\u00ean l\u00fd t\u01b0\u1edfng \u0111\u1ec3 s\u1eed d\u1ee5ng trong m\u00e1y m\u00f3c n\u00f4ng nghi\u1ec7p v\u00e0 c\u00e1c thi\u1ebft b\u1ecb h\u1ea1ng n\u1eb7ng kh\u00e1c.<\/p>\n<p>H\u01a1n n\u1eefa, Xi lanh th\u1ee7y l\u1ef1c m\u00e1y m\u00f3c n\u00f4ng nghi\u1ec7p v\u00e0 xi lanh th\u1ee7y l\u1ef1c m\u00e1y c\u00e0y tuy\u1ebft t\u00e1c \u0111\u1ed9ng k\u00e9p do nh\u00e0 m\u00e1y Italy cung c\u1ea5p s\u1eed d\u1ee5ng v\u1eadt li\u1ec7u c\u00f3 \u0111\u1ed9 b\u1ec1n cao \u0111\u1ec3 \u0111\u1ea3m b\u1ea3o \u0111\u1ed9 b\u1ec1n v\u00e0 tu\u1ed5i th\u1ecd c\u1ee7a xi lanh. Ch\u00fang \u0111\u01b0\u1ee3c thi\u1ebft k\u1ebf \u0111\u1ec3 ch\u1ecbu \u0111\u01b0\u1ee3c nhi\u1ec7t \u0111\u1ed9 kh\u1eafc nghi\u1ec7t, \u00e1p su\u1ea5t cao v\u00e0 t\u1ea3i tr\u1ecdng n\u1eb7ng, tr\u1edf th\u00e0nh l\u1ef1a ch\u1ecdn \u0111\u00e1ng tin c\u1eady \u0111\u1ec3 s\u1eed d\u1ee5ng trong m\u00f4i tr\u01b0\u1eddng kh\u1eafc nghi\u1ec7t.<\/p>\n<h3>3. \u0110\u1ed9 ch\u00ednh x\u00e1c<\/h3>\n<p>C\u00e1c xi lanh ki\u1ec3u c\u00e0ng n\u1ed1i \u0111i\u1ec1u ch\u1ec9nh \u0111\u01b0\u1ee3c n\u1ed5i ti\u1ebfng v\u1ec1 \u0111\u1ed9 ch\u00ednh x\u00e1c. Ch\u00fang cung c\u1ea5p chuy\u1ec3n \u0111\u1ed9ng ch\u00ednh x\u00e1c v\u00e0 nh\u1ea5t qu\u00e1n, \u0111i\u1ec1u c\u1ea7n thi\u1ebft trong nhi\u1ec1u \u1ee9ng d\u1ee5ng. C\u00e0ng n\u1ed1i \u0111i\u1ec1u ch\u1ec9nh \u0111\u01b0\u1ee3c cho ph\u00e9p \u0111i\u1ec1u ch\u1ec9nh ch\u00ednh x\u00e1c, \u0111\u1ea3m b\u1ea3o xi lanh ho\u1ea1t \u0111\u1ed9ng tr\u01a1n tru v\u00e0 hi\u1ec7u qu\u1ea3.<\/p>\n<p>V\u00ed d\u1ee5, trong m\u00e1y m\u00f3c n\u00f4ng nghi\u1ec7p, c\u00e1c xi lanh ki\u1ec3u c\u00e0ng n\u1ed1i \u0111i\u1ec1u ch\u1ec9nh \u0111\u01b0\u1ee3c s\u1eed d\u1ee5ng \u0111\u1ec3 \u0111i\u1ec1u khi\u1ec3n chuy\u1ec3n \u0111\u1ed9ng c\u1ee7a m\u00e1y c\u00e0y. B\u1eb1ng c\u00e1ch s\u1eed d\u1ee5ng xi lanh ch\u00ednh x\u00e1c, ng\u01b0\u1eddi v\u1eadn h\u00e0nh c\u00f3 th\u1ec3 \u0111\u1ea3m b\u1ea3o r\u1eb1ng m\u00e1y c\u00e0y \u0111ang di chuy\u1ec3n \u0111\u00fang h\u01b0\u1edbng v\u00e0 v\u1edbi t\u1ed1c \u0111\u1ed9 ph\u00f9 h\u1ee3p.<\/p>\n<h3>4. D\u1ec5 d\u00e0ng b\u1ea3o tr\u00ec<\/h3>\n<p>M\u1ed9t \u01b0u \u0111i\u1ec3m kh\u00e1c c\u1ee7a xi lanh ki\u1ec3u c\u00e0ng n\u1ed1i \u0111i\u1ec1u ch\u1ec9nh \u0111\u01b0\u1ee3c l\u00e0 d\u1ec5 b\u1ea3o tr\u00ec. Ch\u00fang \u0111\u01b0\u1ee3c thi\u1ebft k\u1ebf \u0111\u1ec3 d\u1ec5 d\u00e0ng th\u00e1o l\u1eafp v\u00e0 s\u1eeda ch\u1eefa, \u0111i\u1ec1u n\u00e0y r\u1ea5t quan tr\u1ecdng \u0111\u1ed1i v\u1edbi c\u00e1c thi\u1ebft b\u1ecb h\u1ea1ng n\u1eb7ng. \u0110i\u1ec1u n\u00e0y l\u00e0m cho ch\u00fang tr\u1edf th\u00e0nh l\u1ef1a ch\u1ecdn ti\u1ebft ki\u1ec7m chi ph\u00ed cho c\u00e1c nh\u00e0 s\u1ea3n xu\u1ea5t v\u00e0 ng\u01b0\u1eddi v\u1eadn h\u00e0nh.<\/p>\n<p>Ngo\u00e0i ra, c\u00e1c xi lanh th\u1ee7y l\u1ef1c m\u00e1y m\u00f3c n\u00f4ng nghi\u1ec7p, xi lanh th\u1ee7y l\u1ef1c m\u00e1y c\u00e0y tuy\u1ebft t\u00e1c \u0111\u1ed9ng k\u00e9p do nh\u00e0 m\u00e1y Italy cung c\u1ea5p \u0111\u01b0\u1ee3c thi\u1ebft k\u1ebf \u0111\u1ec3 d\u1ec5 b\u1ea3o tr\u00ec. Ch\u00fang \u0111i k\u00e8m v\u1edbi c\u00e1c gio\u0103ng v\u00e0 c\u00e1c b\u1ed9 ph\u1eadn kh\u00e1c c\u00f3 th\u1ec3 thay th\u1ebf, d\u1ec5 d\u00e0ng thay th\u1ebf khi c\u1ea7n thi\u1ebft.<\/p>\n<p>Xi lanh ki\u1ec3u c\u00e0ng n\u1ed1i \u0111i\u1ec1u ch\u1ec9nh l\u00e0 lo\u1ea1i xi lanh th\u1ee7y l\u1ef1c \u0111a n\u0103ng, b\u1ec1n b\u1ec9, ch\u00ednh x\u00e1c v\u00e0 d\u1ec5 b\u1ea3o tr\u00ec. Vi\u1ec7c s\u1eed d\u1ee5ng c\u00e0ng n\u1ed1i \u0111i\u1ec1u ch\u1ec9nh cho ph\u00e9p l\u1eafp \u0111\u1eb7t v\u00e0 \u0111i\u1ec1u ch\u1ec9nh d\u1ec5 d\u00e0ng, khi\u1ebfn ch\u00fang tr\u1edf th\u00e0nh l\u1ef1a ch\u1ecdn ph\u1ed5 bi\u1ebfn trong nhi\u1ec1u \u1ee9ng d\u1ee5ng, bao g\u1ed3m m\u00e1y m\u00f3c n\u00f4ng nghi\u1ec7p v\u00e0 m\u00e1y c\u00e0y tuy\u1ebft. B\u1eb1ng c\u00e1ch s\u1eed d\u1ee5ng Xi lanh th\u1ee7y l\u1ef1c m\u00e1y m\u00f3c n\u00f4ng nghi\u1ec7p v\u00e0 m\u00e1y c\u00e0y tuy\u1ebft t\u00e1c \u0111\u1ed9ng k\u00e9p c\u1ee7a Italy Factory Supply, ng\u01b0\u1eddi v\u1eadn h\u00e0nh c\u00f3 th\u1ec3 \u0111\u1ea3m b\u1ea3o thi\u1ebft b\u1ecb c\u1ee7a h\u1ecd ho\u1ea1t \u0111\u1ed9ng tr\u01a1n tru v\u00e0 hi\u1ec7u qu\u1ea3, ngay c\u1ea3 trong \u0111i\u1ec1u ki\u1ec7n kh\u1eafc nghi\u1ec7t nh\u1ea5t.<\/p>\n<h3>Gi\u1edbi thi\u1ec7u v\u1ec1 xi lanh th\u1ee7y l\u1ef1c FMP<\/h3>\n<p>FMP l\u00e0 c\u00f4ng ty h\u00e0ng \u0111\u1ea7u chuy\u00ean b\u00e1n v\u00e0 cung c\u1ea5p ph\u1ee5 t\u00f9ng m\u00e1y m\u00f3c x\u00e2y d\u1ef1ng ch\u1ea5t l\u01b0\u1ee3ng cao v\u00e0 m\u00e1y m\u00f3c ho\u00e0n ch\u1ec9nh. Xi lanh th\u1ee7y l\u1ef1c c\u1ee7a ch\u00fang t\u00f4i l\u00e0 m\u1ed9t trong nh\u1eefng s\u1ea3n ph\u1ea9m b\u00e1n ch\u1ea1y nh\u1ea5t, v\u00e0 ch\u00fang t\u00f4i t\u1ef1 h\u00e0o gi\u1edbi thi\u1ec7u c\u00e1c t\u00ednh n\u0103ng v\u00e0 \u01b0u \u0111i\u1ec3m c\u1ee7a s\u1ea3n ph\u1ea9m \u0111\u1ebfn kh\u00e1ch h\u00e0ng:<\/p>\n<ol>\n<li><strong>M\u1ea1nh m\u1ebd v\u00e0 b\u1ec1n b\u1ec9:<\/strong> Xi lanh th\u1ee7y l\u1ef1c c\u1ee7a ch\u00fang t\u00f4i \u0111\u01b0\u1ee3c l\u00e0m t\u1eeb v\u1eadt li\u1ec7u cao c\u1ea5p, \u0111\u1ea3m b\u1ea3o \u0111\u1ed9 b\u1ec1n v\u00e0 tu\u1ed5i th\u1ecd cao. S\u1ea3n ph\u1ea9m \u0111\u01b0\u1ee3c thi\u1ebft k\u1ebf \u0111\u1ec3 ch\u1ecbu \u0111\u01b0\u1ee3c m\u00f4i tr\u01b0\u1eddng kh\u1eafc nghi\u1ec7t v\u00e0 ho\u1ea1t \u0111\u1ed9ng n\u1eb7ng nh\u1ecdc, l\u00e0 l\u1ef1a ch\u1ecdn l\u00fd t\u01b0\u1edfng cho m\u00e1y m\u00f3c x\u00e2y d\u1ef1ng.<\/li>\n<li><strong>C\u00f3 th\u1ec3 t\u00f9y ch\u1ec9nh:<\/strong> Ch\u00fang t\u00f4i cung c\u1ea5p \u0111a d\u1ea1ng c\u00e1c lo\u1ea1i xi lanh th\u1ee7y l\u1ef1c, bao g\u1ed3m xi lanh ki\u1ec3u ch\u1ed1t \u0111i\u1ec1u ch\u1ec9nh, xi lanh thanh gi\u1eb1ng v\u00e0 xi lanh h\u00e0n. \u0110\u1ed9i ng\u0169 chuy\u00ean gia c\u1ee7a ch\u00fang t\u00f4i c\u0169ng c\u00f3 th\u1ec3 t\u00f9y ch\u1ec9nh xi lanh d\u1ef1a tr\u00ean y\u00eau c\u1ea7u v\u00e0 th\u00f4ng s\u1ed1 k\u1ef9 thu\u1eadt ri\u00eang c\u1ee7a b\u1ea1n.<\/li>\n<li><strong>M\u01b0\u1ee3t m\u00e0 v\u00e0 hi\u1ec7u qu\u1ea3:<\/strong> Xi lanh th\u1ee7y l\u1ef1c c\u1ee7a ch\u00fang t\u00f4i \u0111\u01b0\u1ee3c trang b\u1ecb ph\u1edbt piston v\u00e0 thanh truy\u1ec1n ch\u1ea5t l\u01b0\u1ee3ng cao, \u0111\u1ea3m b\u1ea3o v\u1eadn h\u00e0nh tr\u01a1n tru v\u00e0 hi\u1ec7u qu\u1ea3. Thi\u1ebft k\u1ebf nh\u1ecf g\u1ecdn gi\u00fap ti\u1ebft ki\u1ec7m kh\u00f4ng gian l\u1eafp \u0111\u1eb7t v\u00e0 gi\u1ea3m m\u1ee9c ti\u00eau th\u1ee5 n\u0103ng l\u01b0\u1ee3ng.<\/li>\n<li><strong>Ti\u1ebft ki\u1ec7m chi ph\u00ed:<\/strong> Xi lanh th\u1ee7y l\u1ef1c c\u1ee7a ch\u00fang t\u00f4i c\u00f3 gi\u00e1 c\u1ea3 c\u1ea1nh tranh nh\u01b0ng v\u1eabn \u0111\u1ea3m b\u1ea3o ti\u00eau chu\u1ea9n ch\u1ea5t l\u01b0\u1ee3ng cao. Y\u00eau c\u1ea7u b\u1ea3o tr\u00ec th\u1ea5p v\u00e0 tu\u1ed5i th\u1ecd cao c\u0169ng gi\u00fap gi\u1ea3m chi ph\u00ed v\u1eadn h\u00e0nh cho kh\u00e1ch h\u00e0ng.<\/li>\n<li><strong>D\u1ecbch v\u1ee5 kh\u00e1ch h\u00e0ng tuy\u1ec7t v\u1eddi:<\/strong> T\u1ea1i FMP, ch\u00fang t\u00f4i s\u1edf h\u1eefu \u0111\u1ed9i ng\u0169 \u0111\u1ea1i di\u1ec7n b\u00e1n h\u00e0ng gi\u00e0u kinh nghi\u1ec7m v\u00e0 chuy\u00ean nghi\u1ec7p, cung c\u1ea5p d\u1ecbch v\u1ee5 t\u01b0 v\u1ea5n s\u1ea3n ph\u1ea9m chuy\u00ean nghi\u1ec7p v\u00e0 g\u1ee3i \u00fd mua h\u00e0ng th\u00f4ng minh. Ch\u00fang t\u00f4i c\u0169ng s\u1edf h\u1eefu h\u1ec7 th\u1ed1ng ph\u00e2n ph\u1ed1i h\u1eadu c\u1ea7n hi\u1ec7u qu\u1ea3, \u0111\u1ea3m b\u1ea3o giao h\u00e0ng \u0111\u00fang h\u1eb9n v\u00e0 ch\u00ednh x\u00e1c \u0111\u1ebfn tay kh\u00e1ch h\u00e0ng.<\/li>\n<\/ol>\n<p>L\u00e0 m\u1ed9t c\u00f4ng ty ho\u1ea1t \u0111\u1ed9ng nhi\u1ec1u n\u0103m trong ng\u00e0nh, ch\u00fang t\u00f4i cam k\u1ebft mang \u0111\u1ebfn cho kh\u00e1ch h\u00e0ng nh\u1eefng s\u1ea3n ph\u1ea9m v\u00e0 d\u1ecbch v\u1ee5 t\u1ed1t nh\u1ea5t. V\u1edbi xi lanh th\u1ee7y l\u1ef1c FMP, b\u1ea1n ho\u00e0n to\u00e0n y\u00ean t\u00e2m v\u1ec1 m\u1ed9t h\u1ec7 th\u1ed1ng th\u1ee7y l\u1ef1c \u0111\u00e1ng tin c\u1eady v\u00e0 hi\u1ec7u su\u1ea5t cao, \u0111\u00e1p \u1ee9ng nhu c\u1ea7u m\u00e1y m\u00f3c x\u00e2y d\u1ef1ng c\u1ee7a m\u00ecnh.<\/p>\n<p><img decoding=\"async\" src=\"https:\/\/fmp-components.com\/wp-content\/uploads\/2024\/12\/Adjustable-Clevis-Type-Cylinders-6.webp\" alt=\"Xi lanh lo\u1ea1i Clevis c\u00f3 th\u1ec3 \u0111i\u1ec1u ch\u1ec9nh\" width=\"801\" title=\"\">T\u00e1c gi\u1ea3: CX<\/p>","protected":false},"excerpt":{"rendered":"<p>Italy Factory Supply Agricultural Machinery Hydraulic Cylinders Snow Plow Hydraulic Cylinder Double Acting Italy Factory Supply Agricultural Machinery Hydraulic Cylinders Snow Plow Hydraulic Cylinder Double Acting is a high-quality and efficient hydraulic cylinder designed for agricultural machinery. It is specifically designed for snow plows and features a double-acting mechanism for enhanced functionality. This hydraulic cylinder [&hellip;]<\/p>","protected":false},"featured_media":1447,"comment_status":"closed","ping_status":"closed","template":"","meta":{"_et_pb_use_builder":"","_et_pb_old_content":"","_et_gb_content_width":""},"product_brand":[],"product_cat":[42],"product_tag":[34,44],"class_list":{"0":"post-1446","1":"product","2":"type-product","3":"status-publish","4":"has-post-thumbnail","6":"product_cat-snow-plow-hydraulic-cylinder","7":"product_tag-hydraulic-cylinder","8":"product_tag-snow-plow-hydraulic-cylinder","10":"first","11":"instock","12":"product-type-simple"},"_links":{"self":[{"href":"https:\/\/fmp-components.com\/vi\/wp-json\/wp\/v2\/product\/1446","targetHints":{"allow":["GET"]}}],"collection":[{"href":"https:\/\/fmp-components.com\/vi\/wp-json\/wp\/v2\/product"}],"about":[{"href":"https:\/\/fmp-components.com\/vi\/wp-json\/wp\/v2\/types\/product"}],"replies":[{"embeddable":true,"href":"https:\/\/fmp-components.com\/vi\/wp-json\/wp\/v2\/comments?post=1446"}],"wp:featuredmedia":[{"embeddable":true,"href":"https:\/\/fmp-components.com\/vi\/wp-json\/wp\/v2\/media\/1447"}],"wp:attachment":[{"href":"https:\/\/fmp-components.com\/vi\/wp-json\/wp\/v2\/media?parent=1446"}],"wp:term":[{"taxonomy":"product_brand","embeddable":true,"href":"https:\/\/fmp-components.com\/vi\/wp-json\/wp\/v2\/product_brand?post=1446"},{"taxonomy":"product_cat","embeddable":true,"href":"https:\/\/fmp-components.com\/vi\/wp-json\/wp\/v2\/product_cat?post=1446"},{"taxonomy":"product_tag","embeddable":true,"href":"https:\/\/fmp-components.com\/vi\/wp-json\/wp\/v2\/product_tag?post=1446"}],"curies":[{"name":"wp","href":"https:\/\/api.w.org\/{rel}","templated":true}]}}