{"id":1390,"date":"2024-12-23T02:19:41","date_gmt":"2024-12-23T02:19:41","guid":{"rendered":"https:\/\/fmp-components.com\/product\/quality-assurance-mini-double-acting-hydraulic-cylinder-for-agriculture\/"},"modified":"2024-12-23T03:02:01","modified_gmt":"2024-12-23T03:02:01","slug":"quality-assurance-mini-double-acting-hydraulic-cylinder-for-agriculture","status":"publish","type":"product","link":"https:\/\/fmp-components.com\/vi\/product\/quality-assurance-mini-double-acting-hydraulic-cylinder-for-agriculture\/","title":{"rendered":"Xi lanh th\u1ee7y l\u1ef1c t\u00e1c \u0111\u1ed9ng k\u00e9p mini \u0111\u1ea3m b\u1ea3o ch\u1ea5t l\u01b0\u1ee3ng cho n\u00f4ng nghi\u1ec7p"},"content":{"rendered":"<h2>Gi\u1edbi thi\u1ec7u Xi lanh th\u1ee7y l\u1ef1c t\u00e1c \u0111\u1ed9ng k\u00e9p mini \u0111\u1ea3m b\u1ea3o ch\u1ea5t l\u01b0\u1ee3ng d\u00e0nh cho n\u00f4ng nghi\u1ec7p:<\/h2>\n<p>Xi lanh th\u1ee7y l\u1ef1c t\u00e1c \u0111\u1ed9ng k\u00e9p mini ch\u1ea5t l\u01b0\u1ee3ng cao d\u00e0nh cho n\u00f4ng nghi\u1ec7p l\u00e0 s\u1ea3n ph\u1ea9m hi\u1ec7u su\u1ea5t cao \u0111\u01b0\u1ee3c thi\u1ebft k\u1ebf \u0111\u1eb7c bi\u1ec7t cho c\u00e1c \u1ee9ng d\u1ee5ng n\u00f4ng nghi\u1ec7p. Xi lanh n\u00e0y \u0111\u01b0\u1ee3c ch\u1ebf t\u1ea1o v\u1edbi \u0111\u1ed9 ch\u00ednh x\u00e1c v\u00e0 s\u1ef1 ch\u00fa tr\u1ecdng \u0111\u1ebfn t\u1eebng chi ti\u1ebft, \u0111\u1ea3m b\u1ea3o ch\u1ee9c n\u0103ng t\u1ed1i \u01b0u v\u00e0 \u0111\u1ed9 b\u1ec1n cao.<\/p>\n<p>V\u1edbi thi\u1ebft k\u1ebf t\u00e1c \u0111\u1ed9ng k\u00e9p, xi lanh th\u1ee7y l\u1ef1c n\u00e0y c\u00f3 kh\u1ea3 n\u0103ng cung c\u1ea5p n\u0103ng l\u01b0\u1ee3ng cho c\u1ea3 h\u00e0nh tr\u00ecnh m\u1edf r\u1ed9ng v\u00e0 thu h\u1ed3i. T\u00ednh linh ho\u1ea1t n\u00e0y cho ph\u00e9p v\u1eadn h\u00e0nh hi\u1ec7u qu\u1ea3 v\u00e0 n\u00e2ng cao n\u0103ng su\u1ea5t trong m\u00e1y m\u00f3c n\u00f4ng nghi\u1ec7p.<\/p>\n<p>V\u1edbi tr\u1ecdng t\u00e2m l\u00e0 \u0111\u1ea3m b\u1ea3o ch\u1ea5t l\u01b0\u1ee3ng, xi lanh th\u1ee7y l\u1ef1c n\u00e0y tr\u1ea3i qua qu\u00e1 tr\u00ecnh ki\u1ec3m tra nghi\u00eam ng\u1eb7t \u0111\u1ec3 \u0111\u1ea3m b\u1ea3o hi\u1ec7u su\u1ea5t \u0111\u00e1p \u1ee9ng c\u00e1c ti\u00eau chu\u1ea9n cao nh\u1ea5t. N\u00f3 \u0111\u01b0\u1ee3c ch\u1ebf t\u1ea1o \u0111\u1ec3 ch\u1ecbu \u0111\u01b0\u1ee3c c\u00e1c \u0111i\u1ec1u ki\u1ec7n kh\u1eafc nghi\u1ec7t th\u01b0\u1eddng g\u1eb7p trong m\u00f4i tr\u01b0\u1eddng n\u00f4ng nghi\u1ec7p, ch\u1eb3ng h\u1ea1n nh\u01b0 t\u1ea3i tr\u1ecdng n\u1eb7ng, s\u1eed d\u1ee5ng li\u00ean t\u1ee5c v\u00e0 ti\u1ebfp x\u00fac v\u1edbi c\u00e1c y\u1ebfu t\u1ed1 kh\u1eafc nghi\u1ec7t.<\/p>\n<p><img loading=\"lazy\" decoding=\"async\" class=\"alignnone size-full wp-image-1334\" src=\"https:\/\/fmp-components.com\/wp-content\/uploads\/2024\/12\/Adjustable-Clevis-Type-Cylinders-4.webp\" alt=\"Xi lanh lo\u1ea1i ch\u1ed1t c\u00f3 th\u1ec3 \u0111i\u1ec1u ch\u1ec9nh\" width=\"800\" height=\"800\" title=\"\" srcset=\"https:\/\/fmp-components.com\/wp-content\/uploads\/2024\/12\/Adjustable-Clevis-Type-Cylinders-4.webp 800w, https:\/\/fmp-components.com\/wp-content\/uploads\/2024\/12\/Adjustable-Clevis-Type-Cylinders-4-480x480.webp 480w\" sizes=\"(min-width: 0px) and (max-width: 480px) 480px, (min-width: 481px) 800px, 100vw\" \/><\/p>\n<p>Xi lanh \u0111\u01b0\u1ee3c ch\u1ebf t\u1ea1o b\u1eb1ng v\u1eadt li\u1ec7u cao c\u1ea5p v\u00e0 k\u1ef9 thu\u1eadt s\u1ea3n xu\u1ea5t ti\u00ean ti\u1ebfn, t\u1ea1o ra s\u1ea3n ph\u1ea9m \u0111\u00e1ng tin c\u1eady v\u00e0 b\u1ec1n l\u00e2u. K\u00edch th\u01b0\u1edbc nh\u1ecf g\u1ecdn cho ph\u00e9p d\u1ec5 d\u00e0ng l\u1eafp \u0111\u1eb7t v\u00e0 t\u00edch h\u1ee3p v\u00e0o nhi\u1ec1u thi\u1ebft b\u1ecb n\u00f4ng nghi\u1ec7p kh\u00e1c nhau, n\u00e2ng cao hi\u1ec7u qu\u1ea3 v\u00e0 hi\u1ec7u su\u1ea5t t\u1ed5ng th\u1ec3.<\/p>\n<p>Xi lanh th\u1ee7y l\u1ef1c t\u00e1c \u0111\u1ed9ng k\u00e9p mini ch\u1ea5t l\u01b0\u1ee3ng cao d\u00e0nh cho n\u00f4ng nghi\u1ec7p l\u00e0 m\u1ed9t b\u1ed9 ph\u1eadn thi\u1ebft y\u1ebfu cho m\u00e1y m\u00f3c n\u00f4ng nghi\u1ec7p, cung c\u1ea5p c\u00f4ng su\u1ea5t v\u00e0 hi\u1ec7u su\u1ea5t \u0111\u00e1ng tin c\u1eady. V\u1edbi ch\u1ea5t l\u01b0\u1ee3ng v\u00e0 \u0111\u1ed9 b\u1ec1n v\u01b0\u1ee3t tr\u1ed9i, \u0111\u00e2y l\u00e0 m\u1ed9t kho\u1ea3n \u0111\u1ea7u t\u01b0 c\u00f3 gi\u00e1 tr\u1ecb cho n\u00f4ng d\u00e2n v\u00e0 c\u00e1c chuy\u00ean gia n\u00f4ng nghi\u1ec7p.<\/p>\n<p>H\u00e3y ch\u1ecdn xi lanh th\u1ee7y l\u1ef1c n\u00e0y \u0111\u1ec3 t\u1ed1i \u01b0u h\u00f3a n\u0103ng su\u1ea5t v\u00e0 hi\u1ec7u su\u1ea5t c\u1ee7a thi\u1ebft b\u1ecb n\u00f4ng nghi\u1ec7p c\u1ee7a b\u1ea1n. Tr\u1ea3i nghi\u1ec7m s\u1ef1 \u0111\u1ea3m b\u1ea3o ch\u1ea5t l\u01b0\u1ee3ng v\u00e0 \u0111\u1ed9 tin c\u1eady m\u00e0 s\u1ea3n ph\u1ea9m n\u00e0y mang l\u1ea1i, \u0111\u1ea3m b\u1ea3o ho\u1ea1t \u0111\u1ed9ng tr\u01a1n tru v\u00e0 hi\u1ec7u qu\u1ea3 tr\u00ean \u0111\u1ed3ng ru\u1ed9ng.<\/p>\n<p>Gi\u1edbi thi\u1ec7u Xi lanh th\u1ee7y l\u1ef1c t\u00e1c \u0111\u1ed9ng k\u00e9p mini \u0111\u1ea3m b\u1ea3o ch\u1ea5t l\u01b0\u1ee3ng c\u1ee7a ch\u00fang t\u00f4i \u2013 gi\u1ea3i ph\u00e1p ho\u00e0n h\u1ea3o cho nhi\u1ec1u ng\u00e0nh c\u00f4ng nghi\u1ec7p, bao g\u1ed3m c\u00e1c x\u01b0\u1edfng s\u1eeda ch\u1eefa m\u00e1y m\u00f3c, n\u00f4ng tr\u1ea1i, n\u0103ng l\u01b0\u1ee3ng &amp; khai th\u00e1c m\u1ecf, s\u1ea3n xu\u1ea5t m\u00e1y m\u00f3c v\u00e0 c\u00e1c nh\u00e0 m\u00e1y ch\u1ebf t\u1ea1o m\u00e1y. S\u1ea3n ph\u1ea9m m\u1edbi n\u00e0y cung c\u1ea5p l\u1ef1c \u0111\u1ea9y t\u1ed1i \u0111a 3000 v\u00e0 c\u00f3 ki\u1ec3u c\u00e0ng n\u1ed1i \u0111i\u1ec1u ch\u1ec9nh \u0111\u01b0\u1ee3c. V\u1edbi tr\u1ecdng l\u01b0\u1ee3ng 47 KG, n\u00f3 \u0111\u01b0\u1ee3c ch\u1ebf t\u1ea1o t\u1eeb c\u00e1c th\u00e0nh ph\u1ea7n c\u1ed1t l\u00f5i l\u00e0 \u1ed5 bi v\u00e0 xi lanh th\u1ee7y l\u1ef1c, v\u1edbi c\u1ea5u tr\u00fac xi lanh piston ti\u00eau chu\u1ea9n \u0111\u01b0\u1ee3c v\u1eadn h\u00e0nh b\u1eb1ng th\u1ee7y l\u1ef1c v\u00e0 \u0111\u01b0\u1ee3c l\u00e0m b\u1eb1ng th\u00e9p ch\u1eafc ch\u1eafn. Th\u00eam v\u00e0o \u0111\u00f3, n\u00f3 c\u00f3 m\u00e0u \u0111en v\u00e0 \u0111\u01b0\u1ee3c ch\u1ee9ng nh\u1eadn ISO9001:2000.<\/p>\n<h2>\u01afu \u0111i\u1ec3m c\u1ee7a xi lanh lo\u1ea1i ch\u1ed1t c\u00f3 th\u1ec3 \u0111i\u1ec1u ch\u1ec9nh<\/h2>\n<p>Xi lanh ki\u1ec3u c\u00e0ng n\u1ed1i \u0111i\u1ec1u ch\u1ec9nh l\u00e0 m\u1ed9t th\u00e0nh ph\u1ea7n thi\u1ebft y\u1ebfu c\u1ee7a h\u1ec7 th\u1ed1ng th\u1ee7y l\u1ef1c. Ch\u00fang \u0111\u01b0\u1ee3c s\u1eed d\u1ee5ng \u0111\u1ec3 chuy\u1ec3n \u0111\u1ed5i n\u0103ng l\u01b0\u1ee3ng ch\u1ea5t l\u1ecfng th\u00e0nh l\u1ef1c c\u01a1 h\u1ecdc tuy\u1ebfn t\u00ednh. T\u00ednh n\u0103ng c\u00e0ng n\u1ed1i \u0111i\u1ec1u ch\u1ec9nh c\u1ee7a c\u00e1c xi lanh n\u00e0y cho ph\u00e9p ng\u01b0\u1eddi d\u00f9ng \u0111i\u1ec1u ch\u1ec9nh chi\u1ec1u d\u00e0i h\u00e0nh tr\u00ecnh, \u0111i\u1ec1u n\u00e0y l\u00e0m cho ch\u00fang tr\u1edf th\u00e0nh m\u1ed9t gi\u1ea3i ph\u00e1p linh ho\u1ea1t cho nhi\u1ec1u \u1ee9ng d\u1ee5ng kh\u00e1c nhau. Trong b\u00e0i vi\u1ebft n\u00e0y, ch\u00fang ta s\u1ebd th\u1ea3o lu\u1eadn v\u1ec1 nh\u1eefng \u01b0u \u0111i\u1ec3m c\u1ee7a xi lanh ki\u1ec3u c\u00e0ng n\u1ed1i \u0111i\u1ec1u ch\u1ec9nh.<\/p>\n<h3>1. T\u00ednh linh ho\u1ea1t<\/h3>\n<p>M\u1ed9t trong nh\u1eefng \u01b0u \u0111i\u1ec3m ch\u00ednh c\u1ee7a xi lanh ki\u1ec3u c\u00e0ng n\u1ed1i \u0111i\u1ec1u ch\u1ec9nh \u0111\u01b0\u1ee3c l\u00e0 t\u00ednh linh ho\u1ea1t c\u1ee7a ch\u00fang. Kh\u1ea3 n\u0103ng \u0111i\u1ec1u ch\u1ec9nh cho ph\u00e9p ch\u00fang \u0111\u01b0\u1ee3c s\u1eed d\u1ee5ng trong nhi\u1ec1u \u1ee9ng d\u1ee5ng kh\u00e1c nhau. Lo\u1ea1i xi lanh n\u00e0y c\u00f3 th\u1ec3 \u0111\u01b0\u1ee3c s\u1eed d\u1ee5ng trong nhi\u1ec1u h\u1ec7 th\u1ed1ng kh\u00e1c nhau nh\u01b0 thi\u1ebft b\u1ecb x\u1eed l\u00fd v\u1eadt li\u1ec7u, n\u00f4ng nghi\u1ec7p v\u00e0 x\u00e2y d\u1ef1ng. V\u00ed d\u1ee5, trong n\u00f4ng nghi\u1ec7p, Xi lanh th\u1ee7y l\u1ef1c t\u00e1c \u0111\u1ed9ng k\u00e9p mini Quality Assurance d\u00e0nh cho n\u00f4ng nghi\u1ec7p r\u1ea5t l\u00fd t\u01b0\u1edfng cho nhi\u1ec1u lo\u1ea1i m\u00e1y m\u00f3c n\u00f4ng nghi\u1ec7p nh\u01b0 m\u00e1y g\u1eb7t, m\u00e1y gieo h\u1ea1t v\u00e0 m\u00e1y phun thu\u1ed1c.<\/p>\n<h3>2. Ti\u1ebft ki\u1ec7m chi ph\u00ed<\/h3>\n<p>M\u1ed9t \u01b0u \u0111i\u1ec3m kh\u00e1c c\u1ee7a xi lanh ki\u1ec3u c\u00e0ng n\u1ed1i \u0111i\u1ec1u ch\u1ec9nh \u0111\u01b0\u1ee3c l\u00e0 ch\u00fang ti\u1ebft ki\u1ec7m chi ph\u00ed. So v\u1edbi c\u00e1c lo\u1ea1i xi lanh kh\u00e1c, ch\u00fang c\u00f3 gi\u00e1 th\u00e0nh t\u01b0\u01a1ng \u0111\u1ed1i r\u1ebb h\u01a1n. Ch\u00fang l\u00e0 l\u1ef1a ch\u1ecdn ph\u00f9 h\u1ee3p cho c\u00e1c \u1ee9ng d\u1ee5ng m\u00e0 chi\u1ec1u d\u00e0i h\u00e0nh tr\u00ecnh kh\u00f4ng c\u1ea7n qu\u00e1 ch\u00ednh x\u00e1c. V\u00ed d\u1ee5, trong m\u00e1y m\u00f3c n\u00f4ng nghi\u1ec7p, xi lanh ki\u1ec3u c\u00e0ng n\u1ed1i \u0111i\u1ec1u ch\u1ec9nh \u0111\u01b0\u1ee3c l\u00e0 m\u1ed9t gi\u1ea3i ph\u00e1p ti\u1ebft ki\u1ec7m chi ph\u00ed so v\u1edbi c\u00e1c lo\u1ea1i xi lanh kh\u00e1c.<\/p>\n<h3>3. D\u1ec5 d\u00e0ng l\u1eafp \u0111\u1eb7t v\u00e0 b\u1ea3o tr\u00ec<\/h3>\n<p>C\u00e1c xi lanh ki\u1ec3u c\u00e0ng n\u1ed1i \u0111i\u1ec1u ch\u1ec9nh c\u0169ng d\u1ec5 l\u1eafp \u0111\u1eb7t v\u00e0 b\u1ea3o tr\u00ec. Ch\u00fang kh\u00f4ng y\u00eau c\u1ea7u d\u1ee5ng c\u1ee5 ho\u1eb7c thi\u1ebft b\u1ecb chuy\u00ean d\u1ee5ng \u0111\u1ec3 l\u1eafp \u0111\u1eb7t. Ch\u00fang c\u0169ng d\u1ec5 b\u1ea3o tr\u00ec, v\u00e0 h\u1ea7u h\u1ebft \u0111\u1ec1u \u0111i k\u00e8m v\u1edbi s\u00e1ch h\u01b0\u1edbng d\u1eabn cung c\u1ea5p h\u01b0\u1edbng d\u1eabn c\u00e1ch b\u1ea3o tr\u00ec. B\u1ea3o tr\u00ec th\u01b0\u1eddng xuy\u00ean \u0111\u1ea3m b\u1ea3o tu\u1ed5i th\u1ecd c\u1ee7a xi lanh v\u00e0 \u0111\u1ea3m b\u1ea3o hi\u1ec7u su\u1ea5t t\u1ed1i \u01b0u.<\/p>\n<h3>4. Hi\u1ec7u su\u1ea5t ch\u1ea5t l\u01b0\u1ee3ng cao<\/h3>\n<p>Xi lanh ki\u1ec3u c\u00e0ng n\u1ed1i \u0111i\u1ec1u ch\u1ec9nh \u0111\u01b0\u1ee3c n\u1ed5i ti\u1ebfng v\u1ec1 hi\u1ec7u su\u1ea5t ch\u1ea5t l\u01b0\u1ee3ng cao. Ch\u00fang \u0111\u01b0\u1ee3c s\u1ea3n xu\u1ea5t b\u1eb1ng c\u00e1c v\u1eadt li\u1ec7u ch\u1ea5t l\u01b0\u1ee3ng cao nh\u01b0 th\u00e9p, nh\u00f4m v\u00e0 gang. Thi\u1ebft k\u1ebf c\u1ee7a xi lanh \u0111\u1ea3m b\u1ea3o r\u1eb1ng n\u00f3 c\u00f3 th\u1ec3 x\u1eed l\u00fd c\u00e1c \u1ee9ng d\u1ee5ng \u00e1p su\u1ea5t cao m\u00e0 kh\u00f4ng \u1ea3nh h\u01b0\u1edfng \u0111\u1ebfn hi\u1ec7u su\u1ea5t. V\u00ed d\u1ee5, Xi lanh th\u1ee7y l\u1ef1c t\u00e1c \u0111\u1ed9ng k\u00e9p mini ch\u1ea5t l\u01b0\u1ee3ng cao d\u00e0nh cho n\u00f4ng nghi\u1ec7p \u0111\u01b0\u1ee3c thi\u1ebft k\u1ebf \u0111\u1ec3 ho\u1ea1t \u0111\u1ed9ng trong \u0111i\u1ec1u ki\u1ec7n kh\u1eafc nghi\u1ec7t c\u1ee7a m\u00f4i tr\u01b0\u1eddng n\u00f4ng tr\u1ea1i.<\/p>\n<h3>5. Ti\u1ebft ki\u1ec7m n\u0103ng l\u01b0\u1ee3ng<\/h3>\n<p>Kh\u1ea3 n\u0103ng \u0111i\u1ec1u ch\u1ec9nh c\u1ee7a xi lanh ki\u1ec3u c\u00e0ng cua gi\u00fap ti\u1ebft ki\u1ec7m n\u0103ng l\u01b0\u1ee3ng. B\u1eb1ng c\u00e1ch \u0111i\u1ec1u ch\u1ec9nh chi\u1ec1u d\u00e0i h\u00e0nh tr\u00ecnh, l\u01b0\u1ee3ng ch\u1ea5t l\u1ecfng c\u1ea7n thi\u1ebft \u0111\u1ec3 v\u1eadn h\u00e0nh xi lanh \u0111\u01b0\u1ee3c gi\u1ea3m thi\u1ec3u, d\u1eabn \u0111\u1ebfn ti\u1ebft ki\u1ec7m n\u0103ng l\u01b0\u1ee3ng. \u0110i\u1ec1u n\u00e0y l\u00e0m cho xi lanh ki\u1ec3u c\u00e0ng cua c\u00f3 th\u1ec3 \u0111i\u1ec1u ch\u1ec9nh tr\u1edf th\u00e0nh l\u1ef1a ch\u1ecdn ph\u00f9 h\u1ee3p cho c\u00e1c \u1ee9ng d\u1ee5ng \u0111\u00f2i h\u1ecfi hi\u1ec7u qu\u1ea3 n\u0103ng l\u01b0\u1ee3ng.<\/p>\n<p>T\u00f3m l\u1ea1i, xi lanh ki\u1ec3u c\u00e0ng n\u1ed1i \u0111i\u1ec1u ch\u1ec9nh \u0111\u01b0\u1ee3c l\u00e0 m\u1ed9t th\u00e0nh ph\u1ea7n thi\u1ebft y\u1ebfu c\u1ee7a h\u1ec7 th\u1ed1ng th\u1ee7y l\u1ef1c. Ch\u00fang mang l\u1ea1i t\u00ednh linh ho\u1ea1t, hi\u1ec7u qu\u1ea3 v\u1ec1 chi ph\u00ed, d\u1ec5 l\u1eafp \u0111\u1eb7t v\u00e0 b\u1ea3o tr\u00ec, hi\u1ec7u su\u1ea5t cao v\u00e0 ti\u1ebft ki\u1ec7m n\u0103ng l\u01b0\u1ee3ng. Kh\u1ea3 n\u0103ng \u0111i\u1ec1u ch\u1ec9nh c\u1ee7a ch\u00fang l\u00e0m cho ch\u00fang tr\u1edf th\u00e0nh gi\u1ea3i ph\u00e1p ph\u00f9 h\u1ee3p cho nhi\u1ec1u \u1ee9ng d\u1ee5ng kh\u00e1c nhau, bao g\u1ed3m n\u00f4ng nghi\u1ec7p, x\u00e2y d\u1ef1ng v\u00e0 thi\u1ebft b\u1ecb x\u1eed l\u00fd v\u1eadt li\u1ec7u.<img decoding=\"async\" src=\"https:\/\/fmp-components.com\/wp-content\/uploads\/2024\/12\/Adjustable-Clevis-Type-Cylinders5.webp\" alt=\"Xi lanh lo\u1ea1i Clevis c\u00f3 th\u1ec3 \u0111i\u1ec1u ch\u1ec9nh\" width=\"800\" title=\"\"><\/p>\n<h2>\u1ee8ng d\u1ee5ng c\u1ee7a xi lanh lo\u1ea1i ch\u1ed1t c\u00f3 th\u1ec3 \u0111i\u1ec1u ch\u1ec9nh<\/h2>\n<p>Xi lanh ki\u1ec3u c\u00e0ng n\u1ed1i \u0111i\u1ec1u ch\u1ec9nh \u0111\u01b0\u1ee3c r\u1ea5t \u0111a n\u0103ng v\u00e0 \u0111\u01b0\u1ee3c s\u1eed d\u1ee5ng r\u1ed9ng r\u00e3i trong nhi\u1ec1u ng\u00e0nh c\u00f4ng nghi\u1ec7p. D\u01b0\u1edbi \u0111\u00e2y l\u00e0 m\u1ed9t s\u1ed1 \u1ee9ng d\u1ee5ng c\u1ee7a lo\u1ea1i xi lanh n\u00e0y:<\/p>\n<ol>\n<li style=\"list-style-type: none;\">\n<ol>\n<li>Xi lanh th\u1ee7y l\u1ef1c t\u00e1c \u0111\u1ed9ng k\u00e9p mini \u0111\u1ea3m b\u1ea3o ch\u1ea5t l\u01b0\u1ee3ng cho n\u00f4ng nghi\u1ec7p<\/li>\n<\/ol>\n<\/li>\n<\/ol>\n<p>Xi lanh ki\u1ec3u c\u00e0ng n\u1ed1i \u0111i\u1ec1u ch\u1ec9nh l\u00e0 m\u1ed9t b\u1ed9 ph\u1eadn thi\u1ebft y\u1ebfu trong ng\u00e0nh n\u00f4ng nghi\u1ec7p. Xi lanh th\u1ee7y l\u1ef1c t\u00e1c \u0111\u1ed9ng k\u00e9p c\u1ee1 nh\u1ecf \u0111\u01b0\u1ee3c thi\u1ebft k\u1ebf \u0111\u1ec3 s\u1eed d\u1ee5ng trong c\u00e1c m\u00e1y m\u00f3c n\u00f4ng nghi\u1ec7p nh\u1ecf nh\u01b0 m\u00e1y k\u00e9o. Xi lanh n\u00e0y ch\u1ecbu tr\u00e1ch nhi\u1ec7m cung c\u1ea5p l\u1ef1c c\u1ea7n thi\u1ebft \u0111\u1ec3 v\u1eadn h\u00e0nh h\u1ec7 th\u1ed1ng th\u1ee7y l\u1ef1c trong c\u00e1c m\u00e1y m\u00f3c \u0111\u00f3. \u0110\u00e2y l\u00e0 m\u1ed9t b\u1ed9 ph\u1eadn quan tr\u1ecdng \u0111\u1ea3m b\u1ea3o ho\u1ea1t \u0111\u1ed9ng tr\u01a1n tru c\u1ee7a m\u00e1y m\u00f3c n\u00f4ng nghi\u1ec7p.<\/p>\n<ol>\n<li style=\"list-style-type: none;\">\n<ol>\n<li>Ng\u00e0nh x\u00e2y d\u1ef1ng<\/li>\n<\/ol>\n<\/li>\n<\/ol>\n<p>Xi lanh ki\u1ec3u c\u00e0ng n\u1ed1i \u0111i\u1ec1u ch\u1ec9nh \u0111\u01b0\u1ee3c s\u1eed d\u1ee5ng trong ng\u00e0nh x\u00e2y d\u1ef1ng \u0111\u1ec3 di chuy\u1ec3n v\u00e0 n\u00e2ng c\u00e1c v\u1eadt n\u1eb7ng. Xi lanh th\u1ee7y l\u1ef1c cung c\u1ea5p l\u1ef1c c\u1ea7n thi\u1ebft \u0111\u1ec3 di chuy\u1ec3n c\u00e1c v\u1eadt n\u1eb7ng, khi\u1ebfn ch\u00fang tr\u1edf n\u00ean thi\u1ebft y\u1ebfu trong vi\u1ec7c x\u00e2y d\u1ef1ng c\u00e1c t\u00f2a nh\u00e0 v\u00e0 c\u00e1c c\u00f4ng tr\u00ecnh kh\u00e1c. Kh\u1ea3 n\u0103ng \u0111i\u1ec1u ch\u1ec9nh \u0111\u1ed9 d\u00e0i kh\u00e1c nhau c\u1ee7a xi lanh ki\u1ec3u c\u00e0ng n\u1ed1i \u0111i\u1ec1u ch\u1ec9nh \u0111\u01b0\u1ee3c l\u00e0m cho n\u00f3 l\u00fd t\u01b0\u1edfng \u0111\u1ec3 s\u1eed d\u1ee5ng trong m\u00e1y m\u00f3c x\u00e2y d\u1ef1ng n\u01a1i kh\u00f4ng gian b\u1ecb h\u1ea1n ch\u1ebf.<\/p>\n<ol>\n<li style=\"list-style-type: none;\">\n<ol>\n<li>Ng\u00e0nh s\u1ea3n xu\u1ea5t<\/li>\n<\/ol>\n<\/li>\n<\/ol>\n<p>Nhi\u1ec1u quy tr\u00ecnh s\u1ea3n xu\u1ea5t \u0111\u00f2i h\u1ecfi s\u1ef1 ki\u1ec3m so\u00e1t ch\u00ednh x\u00e1c v\u1ec1 chuy\u1ec3n \u0111\u1ed9ng v\u00e0 l\u1ef1c. Xi lanh ki\u1ec3u c\u00e0ng cua \u0111i\u1ec1u ch\u1ec9nh \u0111\u01b0\u1ee3c s\u1eed d\u1ee5ng trong m\u00e1y m\u00f3c s\u1ea3n xu\u1ea5t \u0111\u1ec3 cung c\u1ea5p l\u1ef1c c\u1ea7n thi\u1ebft cho ho\u1ea1t \u0111\u1ed9ng c\u1ee7a c\u00e1c m\u00e1y n\u00e0y. Ch\u00fang c\u0169ng \u0111\u01b0\u1ee3c s\u1eed d\u1ee5ng \u0111\u1ec3 ki\u1ec3m so\u00e1t chuy\u1ec3n \u0111\u1ed9ng c\u1ee7a c\u00e1c b\u1ed9 ph\u1eadn kh\u00e1c nhau trong quy tr\u00ecnh s\u1ea3n xu\u1ea5t, \u0111\u1ea3m b\u1ea3o s\u1ea3n ph\u1ea9m \u0111\u01b0\u1ee3c s\u1ea3n xu\u1ea5t theo \u0111\u00fang th\u00f4ng s\u1ed1 k\u1ef9 thu\u1eadt y\u00eau c\u1ea7u.<\/p>\n<ol>\n<li style=\"list-style-type: none;\">\n<ol>\n<li>Ng\u00e0nh v\u1eadn t\u1ea3i<\/li>\n<\/ol>\n<\/li>\n<\/ol>\n<p>Ng\u00e0nh v\u1eadn t\u1ea3i s\u1eed d\u1ee5ng xi lanh ki\u1ec3u c\u00e0ng n\u1ed1i \u0111i\u1ec1u ch\u1ec9nh \u0111\u01b0\u1ee3c trong nhi\u1ec1u \u1ee9ng d\u1ee5ng kh\u00e1c nhau. Tr\u00ean xe bu\u00fdt v\u00e0 xe t\u1ea3i, xi lanh th\u1ee7y l\u1ef1c \u0111\u01b0\u1ee3c s\u1eed d\u1ee5ng \u0111\u1ec3 v\u1eadn h\u00e0nh h\u1ec7 th\u1ed1ng c\u1eeda, h\u1ec7 th\u1ed1ng l\u00e1i v\u00e0 h\u1ec7 th\u1ed1ng phanh. Ch\u00fang c\u0169ng \u0111\u01b0\u1ee3c s\u1eed d\u1ee5ng trong h\u1ec7 th\u1ed1ng treo c\u1ee7a m\u1ed9t s\u1ed1 lo\u1ea1i xe.<\/p>\n<ol>\n<li style=\"list-style-type: none;\">\n<ol>\n<li>Ng\u00e0nh c\u00f4ng nghi\u1ec7p khai th\u00e1c m\u1ecf<\/li>\n<\/ol>\n<\/li>\n<\/ol>\n<p>Xi lanh th\u1ee7y l\u1ef1c \u0111\u01b0\u1ee3c s\u1eed d\u1ee5ng trong ng\u00e0nh khai th\u00e1c m\u1ecf \u0111\u1ec3 \u0111i\u1ec1u khi\u1ec3n chuy\u1ec3n \u0111\u1ed9ng c\u1ee7a nhi\u1ec1u thi\u1ebft b\u1ecb kh\u00e1c nhau. V\u00ed d\u1ee5, ch\u00fang \u0111\u01b0\u1ee3c s\u1eed d\u1ee5ng trong m\u00e1y khoan m\u1ecf \u0111\u1ec3 \u0111i\u1ec1u khi\u1ec3n l\u1ef1c \u0111\u1ea9y v\u00e0 s\u1ef1 quay c\u1ee7a \u0111\u1ea7u khoan. Ch\u00fang c\u0169ng \u0111\u01b0\u1ee3c s\u1eed d\u1ee5ng trong h\u1ec7 th\u1ed1ng th\u1ee7y l\u1ef1c c\u1ee7a m\u00e1y x\u00fac v\u00e0 c\u00e1c thi\u1ebft b\u1ecb khai th\u00e1c m\u1ecf kh\u00e1c.<\/p>\n<p>T\u00f3m l\u1ea1i, xi lanh ki\u1ec3u c\u00e0ng n\u1ed1i \u0111i\u1ec1u ch\u1ec9nh \u0111\u01b0\u1ee3c l\u00e0 m\u1ed9t b\u1ed9 ph\u1eadn thi\u1ebft y\u1ebfu trong nhi\u1ec1u ng\u00e0nh c\u00f4ng nghi\u1ec7p, bao g\u1ed3m n\u00f4ng nghi\u1ec7p, x\u00e2y d\u1ef1ng, s\u1ea3n xu\u1ea5t, v\u1eadn t\u1ea3i v\u00e0 khai th\u00e1c m\u1ecf. C\u00e1c xi lanh n\u00e0y cung c\u1ea5p l\u1ef1c c\u1ea7n thi\u1ebft \u0111\u1ec3 v\u1eadn h\u00e0nh h\u1ec7 th\u1ed1ng th\u1ee7y l\u1ef1c, \u0111i\u1ec1u khi\u1ec3n chuy\u1ec3n \u0111\u1ed9ng c\u1ee7a c\u00e1c b\u1ed9 ph\u1eadn m\u00e1y m\u00f3c v\u00e0 di chuy\u1ec3n c\u00e1c t\u1ea3i tr\u1ecdng n\u1eb7ng. T\u00ednh linh ho\u1ea1t v\u00e0 kh\u1ea3 n\u0103ng \u0111i\u1ec1u ch\u1ec9nh c\u1ee7a xi lanh ki\u1ec3u c\u00e0ng n\u1ed1i khi\u1ebfn n\u00f3 tr\u1edf th\u00e0nh m\u1ed9t b\u1ed9 ph\u1eadn l\u00fd t\u01b0\u1edfng \u0111\u1ec3 s\u1eed d\u1ee5ng trong nhi\u1ec1u \u1ee9ng d\u1ee5ng kh\u00e1c nhau.<img decoding=\"async\" src=\"https:\/\/fmp-components.com\/wp-content\/uploads\/2024\/12\/Application-of-Adjustable-Clevis-Type-Cylinders.webp\" alt=\"Xi lanh lo\u1ea1i Clevis c\u00f3 th\u1ec3 \u0111i\u1ec1u ch\u1ec9nh\" width=\"800\" title=\"\"><\/p>\n<h3>Gi\u1edbi thi\u1ec7u v\u1ec1 FMP<\/h3>\n<p>FMP l\u00e0 m\u1ed9t c\u00f4ng ty chuy\u00ean s\u1ea3n xu\u1ea5t v\u00e0 kinh doanh Xi lanh th\u1ee7y l\u1ef1c. V\u1edbi tr\u1ee5 s\u1edf ch\u00ednh \u0111\u1eb7t t\u1ea1i \u00dd, ch\u00fang t\u00f4i c\u00f3 nhi\u1ec1u n\u0103m kinh nghi\u1ec7m trong ng\u00e0nh m\u00e1y m\u00f3c x\u00e2y d\u1ef1ng v\u00e0 \u0111\u1ed9i ng\u0169 chuy\u00ean gia t\u1eadn t\u00e2m. Ch\u00fang t\u00f4i cung c\u1ea5p Xi lanh th\u1ee7y l\u1ef1c ch\u1ea5t l\u01b0\u1ee3ng cao v\u00e0 \u0111\u00e1ng tin c\u1eady, c\u00f9ng v\u1edbi \u0111a d\u1ea1ng c\u00e1c lo\u1ea1i ph\u1ee5 t\u00f9ng m\u00e1y m\u00f3c x\u00e2y d\u1ef1ng v\u00e0 c\u00e1c gi\u1ea3i ph\u00e1p m\u00e1y m\u00f3c ho\u00e0n ch\u1ec9nh.<\/p>\n<p>D\u01b0\u1edbi \u0111\u00e2y l\u00e0 5 l\u00fd do t\u1ea1i sao b\u1ea1n n\u00ean ch\u1ecdn FMP:<\/p>\n<ol>\n<li>Ph\u1ea1m vi s\u1ea3n ph\u1ea9m \u0111a d\u1ea1ng: Ch\u00fang t\u00f4i cung c\u1ea5p nhi\u1ec1u lo\u1ea1i xi lanh th\u1ee7y l\u1ef1c, bao g\u1ed3m xi lanh ki\u1ec3u ch\u1ed1t \u0111i\u1ec1u ch\u1ec9nh, xi lanh \u1ed1ng l\u1ed3ng, xi lanh h\u00e0n, v.v. D\u00f2ng s\u1ea3n ph\u1ea9m \u0111a d\u1ea1ng c\u1ee7a ch\u00fang t\u00f4i \u0111\u1ea3m b\u1ea3o \u0111\u00e1p \u1ee9ng nhu c\u1ea7u c\u1ee5 th\u1ec3 c\u1ee7a kh\u00e1ch h\u00e0ng.<\/li>\n<li>Linh ki\u1ec7n ch\u1ea5t l\u01b0\u1ee3ng cao: T\u1ea5t c\u1ea3 xi lanh th\u1ee7y l\u1ef1c c\u1ee7a ch\u00fang t\u00f4i \u0111\u1ec1u \u0111\u01b0\u1ee3c ch\u1ebf t\u1ea1o t\u1eeb c\u00e1c linh ki\u1ec7n ch\u1ea5t l\u01b0\u1ee3ng cao \u0111\u1ec3 \u0111\u1ea3m b\u1ea3o \u0111\u1ed9 b\u1ec1n v\u00e0 hi\u1ec7u su\u1ea5t. Ch\u00fang t\u00f4i h\u1ee3p t\u00e1c ch\u1eb7t ch\u1ebd v\u1edbi c\u00e1c nh\u00e0 cung c\u1ea5p ch\u1ea5t l\u01b0\u1ee3ng cao \u0111\u1ec3 duy tr\u00ec c\u00e1c ti\u00eau chu\u1ea9n ch\u1ea5t l\u01b0\u1ee3ng nghi\u00eam ng\u1eb7t.<\/li>\n<li>\u0110\u1ed9i ng\u0169 b\u00e1n h\u00e0ng chuy\u00ean nghi\u1ec7p: \u0110\u1ed9i ng\u0169 b\u00e1n h\u00e0ng gi\u00e0u kinh nghi\u1ec7m c\u1ee7a ch\u00fang t\u00f4i am hi\u1ec3u s\u00e2u s\u1eafc v\u1ec1 ng\u00e0nh m\u00e1y m\u00f3c x\u00e2y d\u1ef1ng v\u00e0 th\u1ea5u hi\u1ec3u nhu c\u1ea7u ng\u00e0y c\u00e0ng cao c\u1ee7a kh\u00e1ch h\u00e0ng. H\u1ecd c\u00f3 th\u1ec3 t\u01b0 v\u1ea5n s\u1ea3n ph\u1ea9m chuy\u00ean nghi\u1ec7p v\u00e0 \u0111\u01b0a ra nh\u1eefng g\u1ee3i \u00fd mua h\u00e0ng th\u00f4ng minh.<\/li>\n<li>H\u1eadu c\u1ea7n hi\u1ec7u qu\u1ea3: Ch\u00fang t\u00f4i c\u00f3 h\u1ec7 th\u1ed1ng ph\u00e2n ph\u1ed1i h\u1eadu c\u1ea7n hi\u1ec7u qu\u1ea3 \u0111\u1ec3 \u0111\u1ea3m b\u1ea3o giao h\u00e0ng \u0111\u00fang h\u1ea1n v\u00e0 ch\u00ednh x\u00e1c c\u00e1c linh ki\u1ec7n c\u1ea7n thi\u1ebft cho kh\u00e1ch h\u00e0ng. B\u1ea1n c\u00f3 th\u1ec3 tin t\u01b0\u1edfng ch\u00fang t\u00f4i s\u1ebd \u0111\u00e1p \u1ee9ng ti\u1ebfn \u0111\u1ed9 d\u1ef1 \u00e1n c\u1ee7a b\u1ea1n.<\/li>\n<li>Cam k\u1ebft s\u1ef1 h\u00e0i l\u00f2ng c\u1ee7a kh\u00e1ch h\u00e0ng: T\u1ea1i FMP, s\u1ef1 h\u00e0i l\u00f2ng c\u1ee7a kh\u00e1ch h\u00e0ng l\u00e0 \u01b0u ti\u00ean h\u00e0ng \u0111\u1ea7u c\u1ee7a ch\u00fang t\u00f4i. Ch\u00fang t\u00f4i n\u1ed7 l\u1ef1c cung c\u1ea5p d\u1ecbch v\u1ee5 xu\u1ea5t s\u1eafc \u1edf m\u1ecdi kh\u00e2u, t\u1eeb l\u1ef1a ch\u1ecdn s\u1ea3n ph\u1ea9m \u0111\u1ebfn h\u1ed7 tr\u1ee3 sau b\u00e1n h\u00e0ng. Th\u00e0nh c\u00f4ng c\u1ee7a b\u1ea1n c\u0169ng ch\u00ednh l\u00e0 th\u00e0nh c\u00f4ng c\u1ee7a ch\u00fang t\u00f4i.<\/li>\n<\/ol>\n<p><img decoding=\"async\" src=\"https:\/\/fmp-components.com\/wp-content\/uploads\/2024\/12\/Adjustable-Clevis-Type-Cylinders-6.webp\" alt=\"Xi lanh lo\u1ea1i Clevis c\u00f3 th\u1ec3 \u0111i\u1ec1u ch\u1ec9nh\" width=\"852\" title=\"\"><\/p>\n<h2>Nh\u1eefng c\u00e2u h\u1ecfi th\u01b0\u1eddng g\u1eb7p<\/h2>\n<p><b>H\u1ecfi: FMP cung c\u1ea5p nh\u1eefng lo\u1ea1i xi lanh th\u1ee7y l\u1ef1c n\u00e0o?<\/b><\/p>\n<p>A: FMP cung c\u1ea5p nhi\u1ec1u lo\u1ea1i xi lanh th\u1ee7y l\u1ef1c, bao g\u1ed3m xi lanh t\u00e1c \u0111\u1ed9ng k\u00e9p mini, xi lanh thanh gi\u1eb1ng, xi lanh h\u00e0n, xi lanh d\u1ea1ng \u1ed1ng l\u1ed3ng v\u00e0 xi lanh t\u00e1c \u0111\u1ed9ng \u0111\u01a1n.<\/p>\n<p><b>H\u1ecfi: \u0110i\u1ec1u g\u00ec khi\u1ebfn xi lanh th\u1ee7y l\u1ef1c t\u00e1c \u0111\u1ed9ng k\u00e9p mini \u0111\u1ea3m b\u1ea3o ch\u1ea5t l\u01b0\u1ee3ng ph\u00f9 h\u1ee3p cho m\u1ee5c \u0111\u00edch n\u00f4ng nghi\u1ec7p?<\/b><\/p>\n<p>A: Xi lanh \u0111\u01b0\u1ee3c l\u00e0m b\u1eb1ng th\u00e9p b\u1ec1n ch\u1eafc, c\u00f3 l\u1ef1c \u0111\u1ea9y t\u1ed1i \u0111a cao v\u00e0 \u0111\u01b0\u1ee3c thi\u1ebft k\u1ebf d\u1ea1ng c\u00e0ng cua \u0111i\u1ec1u ch\u1ec9nh \u0111\u01b0\u1ee3c, gi\u00fap n\u00f3 tr\u1edf n\u00ean linh ho\u1ea1t v\u00e0 m\u1ea1nh m\u1ebd cho c\u00e1c \u1ee9ng d\u1ee5ng n\u00f4ng nghi\u1ec7p.<\/p>\n<p><b>H\u1ecfi: FMP cung c\u1ea5p nh\u1eefng d\u1ecbch v\u1ee5 g\u00ec \u0111\u1ec3 \u0111\u1ea3m b\u1ea3o hi\u1ec7u su\u1ea5t t\u1ed1i \u01b0u c\u1ee7a c\u00e1c xi lanh th\u1ee7y l\u1ef1c?<\/b><\/p>\n<p>A: FMP cung c\u1ea5p h\u01b0\u1edbng d\u1eabn v\u1ec1 quy tr\u00ecnh l\u1eafp \u0111\u1eb7t, m\u1eb9o b\u1ea3o tr\u00ec v\u00e0 c\u00e1c bi\u1ec7n ph\u00e1p t\u1ed1t nh\u1ea5t \u0111\u1ec3 \u0111\u1ea3m b\u1ea3o tu\u1ed5i th\u1ecd v\u00e0 hi\u1ec7u su\u1ea5t t\u1ed1i \u01b0u c\u1ee7a c\u00e1c xi lanh.<\/p>\n<p><img decoding=\"async\" src=\"https:\/\/img.jiansujichilun.com\/img\/hydrauliccylinders\/C_hydrauliccylinders-4.webp\" alt=\"xi lanh th\u1ee7y l\u1ef1c\" width=\"800\" title=\"\"><\/p>\n<p>T\u00e1c gi\u1ea3: CX<\/p>","protected":false},"excerpt":{"rendered":"<p>Introducing the Quality Assurance Mini Double Acting Hydraulic Cylinder For Agriculture: The Quality Assurance Mini Double Acting Hydraulic Cylinder For Agriculture is a high-performance product designed specifically for agricultural applications. This cylinder is built with precision and attention to detail, ensuring optimal functionality and durability. Featuring a double-acting design, this hydraulic cylinder is capable of [&hellip;]<\/p>","protected":false},"featured_media":1338,"comment_status":"closed","ping_status":"closed","template":"","meta":{"_et_pb_use_builder":"","_et_pb_old_content":"","_et_gb_content_width":""},"product_brand":[],"product_cat":[39],"product_tag":[41,34],"class_list":{"0":"post-1390","1":"product","2":"type-product","3":"status-publish","4":"has-post-thumbnail","6":"product_cat-adjustable-clevis-type-cylinders","7":"product_tag-adjustable-clevis-type-cylinders","8":"product_tag-hydraulic-cylinder","10":"first","11":"instock","12":"product-type-simple"},"_links":{"self":[{"href":"https:\/\/fmp-components.com\/vi\/wp-json\/wp\/v2\/product\/1390","targetHints":{"allow":["GET"]}}],"collection":[{"href":"https:\/\/fmp-components.com\/vi\/wp-json\/wp\/v2\/product"}],"about":[{"href":"https:\/\/fmp-components.com\/vi\/wp-json\/wp\/v2\/types\/product"}],"replies":[{"embeddable":true,"href":"https:\/\/fmp-components.com\/vi\/wp-json\/wp\/v2\/comments?post=1390"}],"wp:featuredmedia":[{"embeddable":true,"href":"https:\/\/fmp-components.com\/vi\/wp-json\/wp\/v2\/media\/1338"}],"wp:attachment":[{"href":"https:\/\/fmp-components.com\/vi\/wp-json\/wp\/v2\/media?parent=1390"}],"wp:term":[{"taxonomy":"product_brand","embeddable":true,"href":"https:\/\/fmp-components.com\/vi\/wp-json\/wp\/v2\/product_brand?post=1390"},{"taxonomy":"product_cat","embeddable":true,"href":"https:\/\/fmp-components.com\/vi\/wp-json\/wp\/v2\/product_cat?post=1390"},{"taxonomy":"product_tag","embeddable":true,"href":"https:\/\/fmp-components.com\/vi\/wp-json\/wp\/v2\/product_tag?post=1390"}],"curies":[{"name":"wp","href":"https:\/\/api.w.org\/{rel}","templated":true}]}}