{"id":1389,"date":"2024-12-23T02:19:41","date_gmt":"2024-12-23T02:19:41","guid":{"rendered":"https:\/\/fmp-components.com\/product\/manufacturer-supplier-double-acting-tow-truck-hydraulic-cylinder\/"},"modified":"2024-12-23T02:48:35","modified_gmt":"2024-12-23T02:48:35","slug":"manufacturer-supplier-double-acting-tow-truck-hydraulic-cylinder","status":"publish","type":"product","link":"https:\/\/fmp-components.com\/vi\/product\/manufacturer-supplier-double-acting-tow-truck-hydraulic-cylinder\/","title":{"rendered":"Nh\u00e0 s\u1ea3n xu\u1ea5t Nh\u00e0 cung c\u1ea5p Xi lanh th\u1ee7y l\u1ef1c xe k\u00e9o t\u00e1c \u0111\u1ed9ng k\u00e9p"},"content":{"rendered":"<h2>Nh\u00e0 s\u1ea3n xu\u1ea5t Nh\u00e0 cung c\u1ea5p Xi lanh th\u1ee7y l\u1ef1c xe k\u00e9o t\u00e1c \u0111\u1ed9ng k\u00e9p:<\/h2>\n<p>Xi lanh th\u1ee7y l\u1ef1c t\u00e1c \u0111\u1ed9ng k\u00e9p cho xe k\u00e9o l\u00e0 s\u1ea3n ph\u1ea9m hi\u1ec7u su\u1ea5t cao v\u00e0 b\u1ec1n b\u1ec9, \u0111\u01b0\u1ee3c thi\u1ebft k\u1ebf \u0111\u1ec3 s\u1eed d\u1ee5ng cho xe k\u00e9o v\u00e0 xe c\u1ee9u h\u1ed9. Xi lanh th\u1ee7y l\u1ef1c n\u00e0y \u0111\u01b0\u1ee3c ch\u1ebf t\u1ea1o t\u1eeb v\u1eadt li\u1ec7u cao c\u1ea5p v\u00e0 k\u1ef9 thu\u1eadt s\u1ea3n xu\u1ea5t ti\u00ean ti\u1ebfn \u0111\u1ec3 \u0111\u1ea3m b\u1ea3o hi\u1ec7u su\u1ea5t v\u00e0 \u0111\u1ed9 b\u1ec1n v\u01b0\u1ee3t tr\u1ed9i.<\/p>\n<p>Xi lanh th\u1ee7y l\u1ef1c xe k\u00e9o t\u00e1c \u0111\u1ed9ng k\u00e9p c\u1ee7a ch\u00fang t\u00f4i \u0111\u01b0\u1ee3c thi\u1ebft k\u1ebf \u0111\u1ec3 mang l\u1ea1i kh\u1ea3 n\u0103ng ch\u1ed1ng ch\u1ecbu v\u01b0\u1ee3t tr\u1ed9i tr\u01b0\u1edbc c\u00e1c y\u1ebfu t\u1ed1 m\u00f4i tr\u01b0\u1eddng kh\u1eafc nghi\u1ec7t v\u00e0 c\u01b0\u1eddng \u0111\u1ed9 s\u1eed d\u1ee5ng cao. Th\u00e2n xi lanh ch\u1eafc ch\u1eafn, ch\u1ed1ng \u0103n m\u00f2n, c\u00f3 th\u1ec3 ch\u1ecbu \u0111\u01b0\u1ee3c va ch\u1ea1m m\u1ea1nh, \u0111\u1ed9 \u1ea9m v\u00e0 b\u1ee5i b\u1ea9n. Xi lanh c\u0169ng \u0111\u01b0\u1ee3c thi\u1ebft k\u1ebf \u0111\u1ec3 v\u1eadn h\u00e0nh tr\u01a1n tru v\u00e0 \u1ed5n \u0111\u1ecbnh, v\u1edbi ma s\u00e1t v\u00e0 l\u1ef1c c\u1ea3n t\u1ed1i thi\u1ec3u.<\/p>\n<p>Xi lanh th\u1ee7y l\u1ef1c xe k\u00e9o t\u00e1c \u0111\u1ed9ng k\u00e9p c\u00f3 t\u00ednh \u1ee9ng d\u1ee5ng \u0111a d\u1ea1ng v\u00e0 c\u00f3 th\u1ec3 \u0111\u01b0\u1ee3c s\u1eed d\u1ee5ng tr\u00ean nhi\u1ec1u m\u1eabu xe k\u00e9o kh\u00e1c nhau. S\u1ea3n ph\u1ea9m c\u0169ng d\u1ec5 l\u1eafp \u0111\u1eb7t v\u00e0 b\u1ea3o tr\u00ec, l\u00e0 l\u1ef1a ch\u1ecdn l\u00fd t\u01b0\u1edfng cho c\u00e1c c\u00f4ng ty k\u00e9o xe v\u00e0 x\u01b0\u1edfng s\u1eeda ch\u1eefa.<\/p>\n<p>T\u1ea1i c\u01a1 s\u1edf s\u1ea3n xu\u1ea5t c\u1ee7a ch\u00fang t\u00f4i, ch\u00fang t\u00f4i tu\u00e2n th\u1ee7 c\u00e1c ti\u00eau chu\u1ea9n ki\u1ec3m so\u00e1t ch\u1ea5t l\u01b0\u1ee3ng nghi\u00eam ng\u1eb7t \u0111\u1ec3 \u0111\u1ea3m b\u1ea3o m\u1ecdi s\u1ea3n ph\u1ea9m \u0111\u1ec1u \u0111\u00e1p \u1ee9ng \u0111\u01b0\u1ee3c k\u1ef3 v\u1ecdng c\u1ee7a kh\u00e1ch h\u00e0ng. Ch\u00fang t\u00f4i c\u0169ng cung c\u1ea5p c\u00e1c t\u00f9y ch\u1ecdn t\u00f9y ch\u1ec9nh \u0111\u1ec3 \u0111\u00e1p \u1ee9ng nhu c\u1ea7u c\u1ee5 th\u1ec3 c\u1ee7a kh\u00e1ch h\u00e0ng.<\/p>\n<p><img loading=\"lazy\" decoding=\"async\" class=\"alignnone size-full wp-image-1334\" src=\"https:\/\/fmp-components.com\/wp-content\/uploads\/2024\/12\/Adjustable-Clevis-Type-Cylinders-4.webp\" alt=\"Xi lanh lo\u1ea1i ch\u1ed1t c\u00f3 th\u1ec3 \u0111i\u1ec1u ch\u1ec9nh\" width=\"800\" height=\"800\" title=\"\" srcset=\"https:\/\/fmp-components.com\/wp-content\/uploads\/2024\/12\/Adjustable-Clevis-Type-Cylinders-4.webp 800w, https:\/\/fmp-components.com\/wp-content\/uploads\/2024\/12\/Adjustable-Clevis-Type-Cylinders-4-480x480.webp 480w\" sizes=\"(min-width: 0px) and (max-width: 480px) 480px, (min-width: 481px) 800px, 100vw\" \/><\/p>\n<p>Nh\u00ecn chung, Xi lanh th\u1ee7y l\u1ef1c xe k\u00e9o t\u00e1c \u0111\u1ed9ng k\u00e9p l\u00e0 m\u1ed9t s\u1ea3n ph\u1ea9m \u0111\u00e1ng tin c\u1eady v\u00e0 hi\u1ec7u qu\u1ea3, c\u00f3 th\u1ec3 n\u00e2ng cao hi\u1ec7u su\u1ea5t v\u00e0 \u0111\u1ed9 an to\u00e0n c\u1ee7a xe k\u00e9o v\u00e0 xe c\u1ee9u h\u1ed9. H\u00e3y tin t\u01b0\u1edfng ch\u00fang t\u00f4i, v\u1edbi t\u01b0 c\u00e1ch l\u00e0 Nh\u00e0 s\u1ea3n xu\u1ea5t v\u00e0 Nh\u00e0 cung c\u1ea5p, \u0111\u1ec3 cung c\u1ea5p cho b\u1ea1n xi lanh th\u1ee7y l\u1ef1c ch\u1ea5t l\u01b0\u1ee3ng t\u1ed1t nh\u1ea5t hi\u1ec7n c\u00f3.<\/p>\n<p>Xin gi\u1edbi thi\u1ec7u Xi lanh th\u1ee7y l\u1ef1c t\u00e1c \u0111\u1ed9ng k\u00e9p cho xe k\u00e9o, m\u1ed9t s\u1ea3n ph\u1ea9m m\u1ea1nh m\u1ebd v\u00e0 \u0111\u01b0\u1ee3c ch\u1ebf t\u1ea1o ch\u00ednh x\u00e1c t\u1eeb nh\u00e0 s\u1ea3n xu\u1ea5t v\u00e0 nh\u00e0 cung c\u1ea5p \u0111\u00e1ng tin c\u1eady. V\u1edbi ch\u1ee9ng nh\u1eadn ISO9001:2000 v\u00e0 b\u1ea3o h\u00e0nh m\u1ed9t n\u0103m, xi lanh th\u1ee7y l\u1ef1c n\u00e0y \u0111\u01b0\u1ee3c thi\u1ebft k\u1ebf \u0111\u1ec3 mang l\u1ea1i tr\u1ea3i nghi\u1ec7m li\u1ec1n m\u1ea1ch trong nhi\u1ec1u ng\u00e0nh c\u00f4ng nghi\u1ec7p kh\u00e1c nhau bao g\u1ed3m c\u00e1c x\u01b0\u1edfng s\u1eeda ch\u1eefa m\u00e1y m\u00f3c, trang tr\u1ea1i, n\u0103ng l\u01b0\u1ee3ng &amp; khai th\u00e1c m\u1ecf, v\u00e0 c\u00e1c nh\u00e0 m\u00e1y s\u1ea3n xu\u1ea5t m\u00e1y m\u00f3c. Xi lanh n\u1eb7ng 47 kg v\u00e0 \u0111i k\u00e8m v\u1edbi video ki\u1ec3m tra \u0111\u1ea7u ra v\u00e0 b\u00e1o c\u00e1o th\u1eed nghi\u1ec7m m\u00e1y m\u00f3c. Lo\u1ea1i ti\u1ebfp th\u1ecb n\u0103m 2023 v\u00e0 b\u1ea3o h\u00e0nh m\u1ed9t n\u0103m cho c\u00e1c th\u00e0nh ph\u1ea7n c\u1ed1t l\u00f5i, bao g\u1ed3m \u1ed5 tr\u1ee5c v\u00e0 xi lanh th\u1ee7y l\u1ef1c, khi\u1ebfn n\u00f3 tr\u1edf th\u00e0nh m\u1ed9t l\u1ef1a ch\u1ecdn \u0111\u00e1ng tin c\u1eady. C\u1ea5u tr\u00fac ti\u00eau chu\u1ea9n l\u00e0 xi lanh piston v\u1edbi l\u1ef1c th\u1ee7y l\u1ef1c v\u00e0 th\u00e2n b\u1eb1ng th\u00e9p. N\u00f3 c\u00f3 l\u1ef1c \u0111\u1ea9y t\u1ed1i \u0111a 3000 v\u00e0 l\u00e0 xi lanh lo\u1ea1i ch\u1ed1t c\u00f3 th\u1ec3 \u0111i\u1ec1u ch\u1ec9nh v\u1edbi c\u00e1c c\u1ed5ng G\/SAE\/NPT\/M.<\/p>\n<table style=\"width: 100%;\" border=\"1\" width=\"100%\" cellspacing=\"0\" cellpadding=\"0\">\n<tbody>\n<tr>\n<th>T\u00ean s\u1ea3n ph\u1ea9m<\/th>\n<td>Xi lanh th\u1ee7y l\u1ef1c xe k\u00e9o t\u00e1c \u0111\u1ed9ng k\u00e9p<\/td>\n<\/tr>\n<tr>\n<th>C\u00e1c bi\u1ebfn th\u1ec3<\/th>\n<td>Thanh gi\u1eb1ng, h\u00e0n, d\u1ea1ng \u1ed1ng l\u1ed3ng, t\u00e1c \u0111\u1ed9ng \u0111\u01a1n ho\u1eb7c k\u00e9p<\/td>\n<\/tr>\n<tr>\n<th>K\u00edch th\u01b0\u1edbc l\u1ed7 khoan<\/th>\n<td>2 \u2013 6 inch<\/td>\n<\/tr>\n<tr>\n<th>K\u00edch th\u01b0\u1edbc thanh<\/th>\n<td>1,125 \u2013 4 inch<\/td>\n<\/tr>\n<tr>\n<th>K\u00edch th\u01b0\u1edbc n\u00e9t v\u1ebd<\/th>\n<td>4 \u2013 100 inch<\/td>\n<\/tr>\n<tr>\n<th>K\u00edch th\u01b0\u1edbc ch\u00e2n c\u1eafm<\/th>\n<td>0,5 \u2013 2 inch<\/td>\n<\/tr>\n<tr>\n<th>V\u1eadt li\u1ec7u<\/th>\n<td>Th\u00e9p ch\u1ea5t l\u01b0\u1ee3ng cao<\/td>\n<\/tr>\n<tr>\n<th>\u0110\u1ea9y t\u1ed1i \u0111a<\/th>\n<td>3000<\/td>\n<\/tr>\n<tr>\n<th>Kh\u1ea3 n\u0103ng k\u00e9o t\u1ed1i \u0111a<\/th>\n<td>20 t\u1ea5n<\/td>\n<\/tr>\n<tr>\n<th>\u1ee8ng d\u1ee5ng<\/th>\n<td>M\u00e1y m\u00f3c c\u00f4ng nghi\u1ec7p, Th\u1ee7y l\u1ef1c di \u0111\u1ed9ng, Thi\u1ebft b\u1ecb n\u00f4ng nghi\u1ec7p, Xe x\u00e2y d\u1ef1ng<\/td>\n<\/tr>\n<tr>\n<th>T\u00f9y ch\u1ecdn t\u00f9y ch\u1ec9nh<\/th>\n<td>C\u00f3 s\u1eb5n \u0111\u1ec3 ph\u00f9 h\u1ee3p v\u1edbi c\u00e1c y\u00eau c\u1ea7u c\u1ee5 th\u1ec3<\/td>\n<\/tr>\n<tr>\n<th>C\u00e0i \u0111\u1eb7t v\u00e0 b\u1ea3o tr\u00ec<\/th>\n<td>\u0110\u01a1n gi\u1ea3n, \u0111\u1ea3m b\u1ea3o \u0111\u1ed9 b\u1ec1n v\u00e0 hi\u1ec7u su\u1ea5t t\u1ed1i \u01b0u<\/td>\n<\/tr>\n<\/tbody>\n<\/table>\n<h2>\u01afu \u0111i\u1ec3m c\u1ee7a xi lanh lo\u1ea1i ch\u1ed1t c\u00f3 th\u1ec3 \u0111i\u1ec1u ch\u1ec9nh<\/h2>\n<p>Xi lanh lo\u1ea1i ch\u1ed1t \u0111i\u1ec1u ch\u1ec9nh l\u00e0 m\u1ed9t th\u00e0nh ph\u1ea7n thi\u1ebft y\u1ebfu trong nhi\u1ec1u ng\u00e0nh c\u00f4ng nghi\u1ec7p, \u0111\u1eb7c bi\u1ec7t l\u00e0 trong l\u0129nh v\u1ef1c h\u1ec7 th\u1ed1ng th\u1ee7y l\u1ef1c. Lo\u1ea1i xi lanh n\u00e0y mang l\u1ea1i nhi\u1ec1u \u01b0u \u0111i\u1ec3m khi\u1ebfn ch\u00fang tr\u1edf th\u00e0nh l\u1ef1a ch\u1ecdn \u01b0u ti\u00ean cho nhi\u1ec1u \u1ee9ng d\u1ee5ng. Trong b\u00e0i vi\u1ebft n\u00e0y, ch\u00fang ta s\u1ebd kh\u00e1m ph\u00e1 nh\u1eefng l\u1ee3i \u00edch c\u1ee7a xi lanh lo\u1ea1i ch\u1ed1t \u0111i\u1ec1u ch\u1ec9nh v\u00e0 \u0111i s\u00e2u v\u00e0o ch\u1ee9c n\u0103ng c\u1ee7a ch\u00fang.<\/p>\n<h3>1. T\u0103ng c\u01b0\u1eddng t\u00ednh linh ho\u1ea1t v\u00e0 kh\u1ea3 n\u0103ng th\u00edch \u1ee9ng<\/h3>\n<p>Xi lanh lo\u1ea1i ch\u1ed1t \u0111i\u1ec1u ch\u1ec9nh mang l\u1ea1i t\u00ednh linh ho\u1ea1t v\u00e0 kh\u1ea3 n\u0103ng th\u00edch \u1ee9ng cao h\u01a1n, cho ph\u00e9p d\u1ec5 d\u00e0ng \u0111i\u1ec1u ch\u1ec9nh \u0111\u1ec3 ph\u00f9 h\u1ee3p v\u1edbi c\u00e1c y\u00eau c\u1ea7u kh\u00e1c nhau. Kh\u1ea3 n\u0103ng \u0111i\u1ec1u ch\u1ec9nh \u0111i\u1ec3m g\u1eafn ch\u1ed1t cho ph\u00e9p ki\u1ec3m so\u00e1t t\u1ed1t h\u01a1n ph\u1ea1m vi chuy\u1ec3n \u0111\u1ed9ng v\u00e0 v\u1ecb tr\u00ed c\u1ee7a xi lanh. T\u00ednh linh ho\u1ea1t n\u00e0y gi\u00fap ch\u00fang ph\u00f9 h\u1ee3p v\u1edbi nhi\u1ec1u \u1ee9ng d\u1ee5ng, bao g\u1ed3m m\u00e1y m\u00f3c c\u00f4ng nghi\u1ec7p, thi\u1ebft b\u1ecb x\u00e2y d\u1ef1ng v\u00e0 h\u1ec7 th\u1ed1ng v\u1eadn t\u1ea3i.<\/p>\n<h3>2. \u0110\u1ecbnh v\u1ecb ch\u00ednh x\u00e1c<\/h3>\n<p>M\u1ed9t trong nh\u1eefng \u01b0u \u0111i\u1ec3m ch\u00ednh c\u1ee7a xi lanh lo\u1ea1i ch\u1ed1t \u0111i\u1ec1u ch\u1ec9nh \u0111\u01b0\u1ee3c l\u00e0 kh\u1ea3 n\u0103ng \u0111\u1ecbnh v\u1ecb ch\u00ednh x\u00e1c. \u0110\u1ea7u n\u1ed1i ch\u1ed1t \u0111i\u1ec1u ch\u1ec9nh \u0111\u01b0\u1ee3c cho ph\u00e9p tinh ch\u1ec9nh chi\u1ec1u d\u00e0i h\u00e0nh tr\u00ecnh c\u1ee7a xi lanh, \u0111\u1ea3m b\u1ea3o chuy\u1ec3n \u0111\u1ed9ng ch\u00ednh x\u00e1c v\u00e0 c\u00f3 ki\u1ec3m so\u00e1t. T\u00ednh n\u0103ng n\u00e0y \u0111\u1eb7c bi\u1ec7t quan tr\u1ecdng trong c\u00e1c \u1ee9ng d\u1ee5ng y\u00eau c\u1ea7u \u0111\u1ecbnh v\u1ecb ch\u00ednh x\u00e1c, ch\u1eb3ng h\u1ea1n nh\u01b0 d\u00e2y chuy\u1ec1n s\u1ea3n xu\u1ea5t t\u1ef1 \u0111\u1ed9ng ho\u1eb7c h\u1ec7 th\u1ed1ng robot.<\/p>\n<h3>3. T\u0103ng hi\u1ec7u qu\u1ea3<\/h3>\n<p>Xi lanh ki\u1ec3u ch\u1ed1t \u0111i\u1ec1u ch\u1ec9nh g\u00f3p ph\u1ea7n t\u0103ng hi\u1ec7u su\u1ea5t trong h\u1ec7 th\u1ed1ng th\u1ee7y l\u1ef1c. B\u1eb1ng c\u00e1ch ki\u1ec3m so\u00e1t ch\u00ednh x\u00e1c chi\u1ec1u d\u00e0i h\u00e0nh tr\u00ecnh c\u1ee7a xi lanh, ch\u00fang gi\u1ea3m thi\u1ec3u l\u00e3ng ph\u00ed n\u0103ng l\u01b0\u1ee3ng v\u00e0 c\u1ea3i thi\u1ec7n hi\u1ec7u su\u1ea5t t\u1ed5ng th\u1ec3 c\u1ee7a h\u1ec7 th\u1ed1ng. Kh\u1ea3 n\u0103ng t\u1ed1i \u01b0u h\u00f3a ho\u1ea1t \u0111\u1ed9ng c\u1ee7a xi lanh gi\u00fap gi\u1ea3m thi\u1ec3u c\u00e1c chuy\u1ec3n \u0111\u1ed9ng kh\u00f4ng c\u1ea7n thi\u1ebft v\u00e0 \u0111\u1ea3m b\u1ea3o hi\u1ec7u su\u1ea5t t\u1ed1i \u0111a trong nhi\u1ec1u \u1ee9ng d\u1ee5ng kh\u00e1c nhau.<\/p>\n<h3>4. D\u1ec5 d\u00e0ng b\u1ea3o tr\u00ec<\/h3>\n<p>M\u1ed9t \u01b0u \u0111i\u1ec3m kh\u00e1c c\u1ee7a xi lanh lo\u1ea1i ch\u1ed1t \u0111i\u1ec1u ch\u1ec9nh l\u00e0 d\u1ec5 b\u1ea3o tr\u00ec. Thi\u1ebft k\u1ebf c\u1ee7a xi lanh n\u00e0y cho ph\u00e9p th\u00e1o l\u1eafp nhanh ch\u00f3ng v\u00e0 \u0111\u01a1n gi\u1ea3n, gi\u00fap b\u1ea3o tr\u00ec v\u00e0 s\u1eeda ch\u1eefa d\u1ec5 d\u00e0ng. T\u00ednh n\u0103ng n\u00e0y gi\u1ea3m thi\u1ec3u th\u1eddi gian ch\u1ebft v\u00e0 \u0111\u1ea3m b\u1ea3o h\u1ec7 th\u1ed1ng th\u1ee7y l\u1ef1c ho\u1ea1t \u0111\u1ed9ng tr\u01a1n tru v\u00e0 \u0111\u00e1ng tin c\u1eady.<\/p>\n<h3>5. Nhi\u1ec1u k\u00edch c\u1ee1 v\u00e0 c\u1ea5u h\u00ecnh kh\u00e1c nhau<\/h3>\n<p>Xi lanh lo\u1ea1i ch\u1ed1t \u0111i\u1ec1u ch\u1ec9nh c\u00f3 s\u1eb5n v\u1edbi nhi\u1ec1u k\u00edch c\u1ee1 v\u00e0 c\u1ea5u h\u00ecnh kh\u00e1c nhau, ph\u00f9 h\u1ee3p v\u1edbi nhi\u1ec1u \u1ee9ng d\u1ee5ng kh\u00e1c nhau. D\u00f9 l\u00e0 ho\u1ea1t \u0111\u1ed9ng quy m\u00f4 nh\u1ecf hay \u1ee9ng d\u1ee5ng c\u00f4ng nghi\u1ec7p h\u1ea1ng n\u1eb7ng, \u0111\u1ec1u c\u00f3 k\u00edch th\u01b0\u1edbc v\u00e0 c\u1ea5u h\u00ecnh xi lanh \u0111\u00e1p \u1ee9ng c\u00e1c y\u00eau c\u1ea7u c\u1ee5 th\u1ec3. T\u00ednh linh ho\u1ea1t n\u00e0y cho ph\u00e9p t\u00edch h\u1ee3p li\u1ec1n m\u1ea1ch xi lanh lo\u1ea1i ch\u1ed1t \u0111i\u1ec1u ch\u1ec9nh v\u00e0o c\u00e1c h\u1ec7 th\u1ed1ng th\u1ee7y l\u1ef1c kh\u00e1c nhau.<\/p>\n<p>Xi lanh lo\u1ea1i ch\u1ed1t \u0111i\u1ec1u ch\u1ec9nh mang l\u1ea1i nhi\u1ec1u \u01b0u \u0111i\u1ec3m, khi\u1ebfn ch\u00fang tr\u1edf th\u00e0nh m\u1ed9t th\u00e0nh ph\u1ea7n quan tr\u1ecdng trong h\u1ec7 th\u1ed1ng th\u1ee7y l\u1ef1c. T\u00ednh linh ho\u1ea1t cao, kh\u1ea3 n\u0103ng \u0111\u1ecbnh v\u1ecb ch\u00ednh x\u00e1c, hi\u1ec7u su\u1ea5t cao, d\u1ec5 b\u1ea3o tr\u00ec v\u00e0 \u0111a d\u1ea1ng k\u00edch th\u01b0\u1edbc v\u00e0 c\u1ea5u h\u00ecnh khi\u1ebfn ch\u00fang tr\u1edf th\u00e0nh l\u1ef1a ch\u1ecdn \u01b0u ti\u00ean cho nhi\u1ec1u \u1ee9ng d\u1ee5ng. C\u00e1c nh\u00e0 s\u1ea3n xu\u1ea5t v\u00e0 nh\u00e0 cung c\u1ea5p \u0111\u00f3ng vai tr\u00f2 quan tr\u1ecdng trong vi\u1ec7c cung c\u1ea5p xi lanh lo\u1ea1i ch\u1ed1t \u0111i\u1ec1u ch\u1ec9nh ch\u1ea5t l\u01b0\u1ee3ng cao, \u0111\u00e1p \u1ee9ng nhu c\u1ea7u \u0111a d\u1ea1ng c\u1ee7a c\u00e1c ng\u00e0nh c\u00f4ng nghi\u1ec7p, ch\u1eb3ng h\u1ea1n nh\u01b0 xi lanh th\u1ee7y l\u1ef1c xe k\u00e9o t\u00e1c \u0111\u1ed9ng k\u00e9p, \u0111\u1ea3m b\u1ea3o hi\u1ec7u su\u1ea5t v\u00e0 \u0111\u1ed9 tin c\u1eady t\u1ed1i \u01b0u trong h\u1ec7 th\u1ed1ng th\u1ee7y l\u1ef1c.<\/p>\n<p><img decoding=\"async\" src=\"https:\/\/fmp-components.com\/wp-content\/uploads\/2024\/12\/Adjustable-Clevis-Type-Cylinders5.webp\" alt=\"Xi lanh lo\u1ea1i Clevis c\u00f3 th\u1ec3 \u0111i\u1ec1u ch\u1ec9nh\" width=\"800\" title=\"\"><\/p>\n<h2>\u1ee8ng d\u1ee5ng c\u1ee7a xi lanh lo\u1ea1i ch\u1ed1t c\u00f3 th\u1ec3 \u0111i\u1ec1u ch\u1ec9nh<\/h2>\n<p>Xi lanh lo\u1ea1i ch\u1ed1t \u0111i\u1ec1u ch\u1ec9nh \u0111\u01b0\u1ee3c s\u1eed d\u1ee5ng r\u1ed9ng r\u00e3i trong nhi\u1ec1u ng\u00e0nh c\u00f4ng nghi\u1ec7p nh\u1edd t\u00ednh linh ho\u1ea1t v\u00e0 kh\u1ea3 n\u0103ng th\u00edch \u1ee9ng. Nh\u1eefng xi lanh n\u00e0y \u0111\u01b0\u1ee3c thi\u1ebft k\u1ebf \u0111\u1eb7c bi\u1ec7t \u0111\u1ec3 cung c\u1ea5p chuy\u1ec3n \u0111\u1ed9ng tuy\u1ebfn t\u00ednh ch\u00ednh x\u00e1c v\u00e0 \u0111\u01b0\u1ee3c ki\u1ec3m so\u00e1t, khi\u1ebfn ch\u00fang tr\u1edf n\u00ean thi\u1ebft y\u1ebfu trong nhi\u1ec1u \u1ee9ng d\u1ee5ng. Trong b\u00e0i vi\u1ebft n\u00e0y, ch\u00fang ta s\u1ebd t\u00ecm hi\u1ec3u c\u00e1c \u1ee9ng d\u1ee5ng kh\u00e1c nhau c\u1ee7a xi lanh lo\u1ea1i ch\u1ed1t \u0111i\u1ec1u ch\u1ec9nh v\u00e0 \u0111i s\u00e2u v\u00e0o l\u1ee3i \u00edch c\u0169ng nh\u01b0 ch\u1ee9c n\u0103ng c\u1ee7a ch\u00fang.<\/p>\n<p>1. T\u1ef1 \u0111\u1ed9ng h\u00f3a c\u00f4ng nghi\u1ec7p:<br \/>\nXi lanh lo\u1ea1i ch\u1ed1t \u0111i\u1ec1u ch\u1ec9nh \u0111\u00f3ng vai tr\u00f2 quan tr\u1ecdng trong c\u00e1c h\u1ec7 th\u1ed1ng t\u1ef1 \u0111\u1ed9ng h\u00f3a c\u00f4ng nghi\u1ec7p. Ch\u00fang \u0111\u01b0\u1ee3c s\u1eed d\u1ee5ng \u0111\u1ec3 \u0111\u1ecbnh v\u1ecb ch\u00ednh x\u00e1c v\u00e0 \u0111i\u1ec1u khi\u1ec3n chuy\u1ec3n \u0111\u1ed9ng c\u1ee7a c\u00e1nh tay robot, b\u0103ng t\u1ea3i v\u00e0 c\u00e1c m\u00e1y m\u00f3c t\u1ef1 \u0111\u1ed9ng kh\u00e1c. C\u00e1c xi lanh n\u00e0y cung c\u1ea5p chuy\u1ec3n \u0111\u1ed9ng tuy\u1ebfn t\u00ednh m\u01b0\u1ee3t m\u00e0 v\u00e0 ch\u00ednh x\u00e1c, \u0111\u1ea3m b\u1ea3o ho\u1ea1t \u0111\u1ed9ng hi\u1ec7u qu\u1ea3 v\u00e0 \u0111\u00e1ng tin c\u1eady c\u1ee7a c\u00e1c quy tr\u00ecnh t\u1ef1 \u0111\u1ed9ng.<\/p>\n<p>2. X\u1eed l\u00fd v\u1eadt li\u1ec7u:<br \/>\nXi lanh lo\u1ea1i ch\u1ed1t \u0111i\u1ec1u ch\u1ec9nh \u0111\u01b0\u1ee3c s\u1eed d\u1ee5ng r\u1ed9ng r\u00e3i trong c\u00e1c thi\u1ebft b\u1ecb x\u1eed l\u00fd v\u1eadt li\u1ec7u nh\u01b0 xe n\u00e2ng, c\u1ea7n c\u1ea9u v\u00e0 xe k\u00e9o. C\u00e1c xi lanh n\u00e0y \u0111\u01b0\u1ee3c s\u1eed d\u1ee5ng \u0111\u1ec3 n\u00e2ng v\u00e0 h\u1ea1 t\u1ea3i tr\u1ecdng n\u1eb7ng, cung c\u1ea5p l\u1ef1c v\u00e0 \u0111\u1ed9 \u1ed5n \u0111\u1ecbnh c\u1ea7n thi\u1ebft. T\u00ednh n\u0103ng t\u00e1c \u0111\u1ed9ng k\u00e9p cho ph\u00e9p k\u00e9o gi\u00e3n v\u00e0 thu h\u1ed3i c\u00f3 ki\u1ec3m so\u00e1t, cho ph\u00e9p \u0111\u1ecbnh v\u1ecb t\u1ea3i tr\u1ecdng ch\u00ednh x\u00e1c v\u00e0 v\u1eadn h\u00e0nh tr\u01a1n tru.<\/p>\n<p>3. M\u00e1y m\u00f3c x\u00e2y d\u1ef1ng:<br \/>\nTrong ng\u00e0nh x\u00e2y d\u1ef1ng, xi lanh ki\u1ec3u ch\u1ed1t \u0111i\u1ec1u ch\u1ec9nh \u0111\u01b0\u1ee3c \u1ee9ng d\u1ee5ng trong nhi\u1ec1u lo\u1ea1i thi\u1ebft b\u1ecb nh\u01b0 m\u00e1y \u0111\u00e0o, m\u00e1y \u1ee7i v\u00e0 m\u00e1y x\u00fac. C\u00e1c xi lanh n\u00e0y \u0111\u01b0\u1ee3c s\u1eed d\u1ee5ng \u0111\u1ec3 \u0111i\u1ec1u khi\u1ec3n chuy\u1ec3n \u0111\u1ed9ng c\u1ee7a c\u1ea7n tr\u1ee5c, g\u1ea7u x\u00fac v\u00e0 c\u00e1c ph\u1ee5 ki\u1ec7n kh\u00e1c, cung c\u1ea5p c\u00f4ng su\u1ea5t v\u00e0 \u0111\u1ed9 ch\u00ednh x\u00e1c c\u1ea7n thi\u1ebft cho c\u00e1c ho\u1ea1t \u0111\u1ed9ng san l\u1ea5p \u0111\u1ea5t hi\u1ec7u qu\u1ea3. T\u00ednh n\u0103ng \u0111i\u1ec1u ch\u1ec9nh cho ph\u00e9p t\u00f9y ch\u1ec9nh d\u1ef1a tr\u00ean nhi\u1ec7m v\u1ee5 c\u1ee5 th\u1ec3.<\/p>\n<p>4. Thi\u1ebft b\u1ecb n\u00f4ng nghi\u1ec7p:<br \/>\nXi lanh lo\u1ea1i ch\u1ed1t \u0111i\u1ec1u ch\u1ec9nh \u0111\u01b0\u1ee3c s\u1eed d\u1ee5ng r\u1ed9ng r\u00e3i trong c\u00e1c m\u00e1y m\u00f3c n\u00f4ng nghi\u1ec7p nh\u01b0 m\u00e1y k\u00e9o, m\u00e1y g\u1eb7t v\u00e0 m\u00e1y phun thu\u1ed1c. C\u00e1c xi lanh n\u00e0y \u0111\u01b0\u1ee3c s\u1eed d\u1ee5ng cho c\u00e1c nhi\u1ec7m v\u1ee5 nh\u01b0 n\u00e2ng v\u00e0 h\u1ea1 d\u1ee5ng c\u1ee5, \u0111i\u1ec1u ch\u1ec9nh \u0111\u1ed9 cao c\u1ee7a m\u00e1y gieo h\u1ea1t v\u00e0 ki\u1ec3m so\u00e1t chuy\u1ec3n \u0111\u1ed9ng c\u1ee7a c\u00e1c b\u1ed9 ph\u1eadn thu ho\u1ea1ch. C\u1ea5u tr\u00fac ch\u1eafc ch\u1eafn v\u00e0 hi\u1ec7u su\u1ea5t \u0111\u00e1ng tin c\u1eady c\u1ee7a c\u00e1c xi lanh n\u00e0y g\u00f3p ph\u1ea7n t\u0103ng n\u0103ng su\u1ea5t tr\u00ean \u0111\u1ed3ng ru\u1ed9ng.<\/p>\n<p>5. Qu\u1ea3n l\u00fd ch\u1ea5t th\u1ea3i:<br \/>\nXi lanh lo\u1ea1i ch\u1ed1t \u0111i\u1ec1u ch\u1ec9nh \u0111\u00f3ng vai tr\u00f2 quan tr\u1ecdng trong h\u1ec7 th\u1ed1ng qu\u1ea3n l\u00fd ch\u1ea5t th\u1ea3i. Ch\u00fang \u0111\u01b0\u1ee3c s\u1eed d\u1ee5ng trong xe ch\u1edf r\u00e1c v\u00e0 m\u00e1y \u00e9p r\u00e1c \u0111\u1ec3 \u0111i\u1ec1u khi\u1ec3n chuy\u1ec3n \u0111\u1ed9ng c\u1ee7a c\u1ea7n thu gom, c\u01a1 c\u1ea5u \u00e9p r\u00e1c v\u00e0 c\u00e1c b\u1ed9 ph\u1eadn kh\u00e1c. C\u00e1c xi lanh n\u00e0y \u0111\u1ea3m b\u1ea3o ho\u1ea1t \u0111\u1ed9ng x\u1eed l\u00fd ch\u1ea5t th\u1ea3i tr\u01a1n tru v\u00e0 hi\u1ec7u qu\u1ea3, \u0111\u1ed3ng th\u1eddi gi\u1ea3m thi\u1ec3u s\u1ee9c lao \u0111\u1ed9ng th\u1ee7 c\u00f4ng.<\/p>\n<p>T\u00f3m l\u1ea1i, xi lanh lo\u1ea1i ch\u1ed1t \u0111i\u1ec1u ch\u1ec9nh l\u00e0 linh ki\u1ec7n \u0111a n\u0103ng, \u0111\u01b0\u1ee3c \u1ee9ng d\u1ee5ng trong nhi\u1ec1u ng\u00e0nh c\u00f4ng nghi\u1ec7p. Kh\u1ea3 n\u0103ng cung c\u1ea5p chuy\u1ec3n \u0111\u1ed9ng tuy\u1ebfn t\u00ednh ch\u00ednh x\u00e1c v\u00e0 \u0111\u01b0\u1ee3c ki\u1ec3m so\u00e1t khi\u1ebfn ch\u00fang tr\u1edf n\u00ean kh\u00f4ng th\u1ec3 thi\u1ebfu trong t\u1ef1 \u0111\u1ed9ng h\u00f3a c\u00f4ng nghi\u1ec7p, x\u1eed l\u00fd v\u1eadt li\u1ec7u, x\u00e2y d\u1ef1ng, n\u00f4ng nghi\u1ec7p v\u00e0 qu\u1ea3n l\u00fd ch\u1ea5t th\u1ea3i. V\u1edbi c\u00e1c t\u00ednh n\u0103ng \u0111i\u1ec1u ch\u1ec9nh, nh\u1eefng xi lanh n\u00e0y mang \u0111\u1ebfn kh\u1ea3 n\u0103ng t\u00f9y ch\u1ec9nh v\u00e0 linh ho\u1ea1t d\u1ef1a tr\u00ean c\u00e1c y\u00eau c\u1ea7u c\u1ee5 th\u1ec3. H\u1ee3p t\u00e1c v\u1edbi nh\u00e0 s\u1ea3n xu\u1ea5t v\u00e0 nh\u00e0 cung c\u1ea5p, b\u1ea1n c\u00f3 th\u1ec3 mua \u0111\u01b0\u1ee3c nh\u1eefng xi lanh lo\u1ea1i ch\u1ed1t \u0111i\u1ec1u ch\u1ec9nh l\u00fd t\u01b0\u1edfng \u0111\u1ec3 n\u00e2ng cao hi\u1ec7u su\u1ea5t v\u00e0 hi\u1ec7u qu\u1ea3 c\u1ee7a thi\u1ebft b\u1ecb v\u00e0 m\u00e1y m\u00f3c.<img decoding=\"async\" src=\"https:\/\/fmp-components.com\/wp-content\/uploads\/2024\/12\/Application-of-Adjustable-Clevis-Type-Cylinders.webp\" alt=\"Xi lanh lo\u1ea1i Clevis c\u00f3 th\u1ec3 \u0111i\u1ec1u ch\u1ec9nh\" width=\"800\" title=\"\"><\/p>\n<h3>Gi\u1edbi thi\u1ec7u v\u1ec1 xi lanh th\u1ee7y l\u1ef1c FMP<\/h3>\n<p><img decoding=\"async\" src=\"https:\/\/fmp-components.com\/wp-content\/uploads\/2024\/12\/Adjustable-Clevis-Type-Cylinders-6.webp\" alt=\"Xi lanh lo\u1ea1i Clevis c\u00f3 th\u1ec3 \u0111i\u1ec1u ch\u1ec9nh\" width=\"851\" title=\"\"><\/p>\n<p>FMP l\u00e0 nh\u00e0 cung c\u1ea5p h\u00e0ng \u0111\u1ea7u c\u00e1c lo\u1ea1i xi lanh th\u1ee7y l\u1ef1c ch\u1ea5t l\u01b0\u1ee3ng cao cho m\u00e1y m\u00f3c x\u00e2y d\u1ef1ng. V\u1edbi kinh nghi\u1ec7m d\u00e0y d\u1eb7n trong ng\u00e0nh v\u00e0 \u0111\u1ed9i ng\u0169 t\u1eadn t\u00e2m, ch\u00fang t\u00f4i cung c\u1ea5p \u0111a d\u1ea1ng c\u00e1c lo\u1ea1i xi lanh th\u1ee7y l\u1ef1c \u0111\u01b0\u1ee3c thi\u1ebft k\u1ebf \u0111\u1ec3 \u0111\u00e1p \u1ee9ng nhu c\u1ea7u \u0111a d\u1ea1ng c\u1ee7a kh\u00e1ch h\u00e0ng.<\/p>\n<p>Sau \u0111\u00e2y l\u00e0 n\u0103m l\u1ee3i th\u1ebf ch\u00ednh khi l\u1ef1a ch\u1ecdn Xi lanh th\u1ee7y l\u1ef1c FMP:<\/p>\n<ol>\n<li>Ch\u1ea5t l\u01b0\u1ee3ng v\u01b0\u1ee3t tr\u1ed9i: Xi lanh th\u1ee7y l\u1ef1c c\u1ee7a ch\u00fang t\u00f4i \u0111\u01b0\u1ee3c s\u1ea3n xu\u1ea5t b\u1eb1ng v\u1eadt li\u1ec7u t\u1ed1t nh\u1ea5t v\u00e0 tr\u1ea3i qua c\u00e1c bi\u1ec7n ph\u00e1p ki\u1ec3m so\u00e1t ch\u1ea5t l\u01b0\u1ee3ng nghi\u00eam ng\u1eb7t \u0111\u1ec3 \u0111\u1ea3m b\u1ea3o \u0111\u1ed9 b\u1ec1n v\u00e0 \u0111\u1ed9 tin c\u1eady trong m\u00f4i tr\u01b0\u1eddng x\u00e2y d\u1ef1ng kh\u1eaft khe nh\u1ea5t.<\/li>\n<li>L\u1ef1a ch\u1ecdn \u0111a d\u1ea1ng: Ch\u00fang t\u00f4i cung c\u1ea5p \u0111\u1ea7y \u0111\u1ee7 c\u00e1c lo\u1ea1i xi lanh th\u1ee7y l\u1ef1c, bao g\u1ed3m xi lanh ki\u1ec3u ch\u1ed1t \u0111i\u1ec1u ch\u1ec9nh, xi lanh thanh gi\u1eb1ng, xi lanh h\u00e0n, xi lanh \u1ed1ng l\u1ed3ng, v.v. \u0110i\u1ec1u n\u00e0y cho ph\u00e9p b\u1ea1n t\u00ecm th\u1ea5y gi\u1ea3i ph\u00e1p ho\u00e0n h\u1ea3o ph\u00f9 h\u1ee3p v\u1edbi y\u00eau c\u1ea7u c\u1ee5 th\u1ec3 c\u1ee7a m\u00ecnh.<\/li>\n<li>T\u01b0 v\u1ea5n chuy\u00ean m\u00f4n: \u0110\u1ed9i ng\u0169 b\u00e1n h\u00e0ng gi\u00e0u kinh nghi\u1ec7m c\u1ee7a ch\u00fang t\u00f4i am hi\u1ec3u nh\u1eefng ph\u00e1t tri\u1ec3n m\u1edbi nh\u1ea5t v\u00e0 nhu c\u1ea7u c\u1ee7a kh\u00e1ch h\u00e0ng trong ng\u00e0nh m\u00e1y m\u00f3c x\u00e2y d\u1ef1ng. H\u1ecd c\u00f3 th\u1ec3 cung c\u1ea5p t\u01b0 v\u1ea5n s\u1ea3n ph\u1ea9m chuy\u00ean nghi\u1ec7p \u0111\u1ec3 gi\u00fap b\u1ea1n \u0111\u01b0a ra quy\u1ebft \u0111\u1ecbnh s\u00e1ng su\u1ed1t.<\/li>\n<li>G\u1ee3i \u00fd mua h\u00e0ng th\u00f4ng minh: Ch\u00fang t\u00f4i hi\u1ec3u r\u1eb1ng m\u1ed7i d\u1ef1 \u00e1n \u0111\u1ec1u c\u00f3 \u0111\u1eb7c th\u00f9 ri\u00eang, v\u00e0 \u0111\u1ed9i ng\u0169 c\u1ee7a ch\u00fang t\u00f4i c\u00f3 th\u1ec3 \u0111\u01b0a ra c\u00e1c khuy\u1ebfn ngh\u1ecb ph\u00f9 h\u1ee3p \u0111\u1ec3 \u0111\u1ea3m b\u1ea3o b\u1ea1n ch\u1ecdn \u0111\u00fang xi lanh th\u1ee7y l\u1ef1c cho \u1ee9ng d\u1ee5ng c\u1ee7a m\u00ecnh. \u0110i\u1ec1u n\u00e0y gi\u00fap t\u1ed1i \u01b0u h\u00f3a hi\u1ec7u qu\u1ea3 v\u00e0 gi\u1ea3m thi\u1ec3u th\u1eddi gian ng\u1eebng ho\u1ea1t \u0111\u1ed9ng.<\/li>\n<li>H\u1eadu c\u1ea7n hi\u1ec7u qu\u1ea3: T\u1ea1i FMP, ch\u00fang t\u00f4i \u01b0u ti\u00ean giao h\u00e0ng \u0111\u00fang h\u1ea1n v\u00e0 ch\u00ednh x\u00e1c. H\u1ec7 th\u1ed1ng ph\u00e2n ph\u1ed1i h\u1eadu c\u1ea7n hi\u1ec7u qu\u1ea3 c\u1ee7a ch\u00fang t\u00f4i \u0111\u1ea3m b\u1ea3o b\u1ea1n nh\u1eadn \u0111\u01b0\u1ee3c xi lanh th\u1ee7y l\u1ef1c c\u1ea7n thi\u1ebft m\u1ed9t c\u00e1ch nhanh ch\u00f3ng, cho ph\u00e9p b\u1ea1n lu\u00f4n \u0111\u00fang ti\u1ebfn \u0111\u1ed9 v\u00e0 \u0111\u00e1p \u1ee9ng th\u1eddi h\u1ea1n d\u1ef1 \u00e1n.<\/li>\n<\/ol>\n<p>H\u00e3y ch\u1ecdn Xi lanh th\u1ee7y l\u1ef1c FMP \u0111\u1ec3 c\u00f3 hi\u1ec7u su\u1ea5t \u0111\u00e1ng tin c\u1eady, ch\u1ea5t l\u01b0\u1ee3ng v\u01b0\u1ee3t tr\u1ed9i v\u00e0 d\u1ecbch v\u1ee5 kh\u00e1ch h\u00e0ng tuy\u1ec7t v\u1eddi. Li\u00ean h\u1ec7 v\u1edbi ch\u00fang t\u00f4i ngay h\u00f4m nay \u0111\u1ec3 th\u1ea3o lu\u1eadn v\u1ec1 nhu c\u1ea7u xi lanh th\u1ee7y l\u1ef1c c\u1ee7a b\u1ea1n v\u00e0 tr\u1ea3i nghi\u1ec7m s\u1ef1 kh\u00e1c bi\u1ec7t c\u1ee7a FMP.<\/p>\n<h2>C\u00e2u h\u1ecfi th\u01b0\u1eddng g\u1eb7p<\/h2>\n<p><strong>H: K\u00edch th\u01b0\u1edbc l\u1ed7 khoan c\u1ee7a xi lanh th\u1ee7y l\u1ef1c xe k\u00e9o t\u00e1c \u0111\u1ed9ng k\u00e9p l\u00e0 bao nhi\u00eau?<\/strong><br \/>\nA: K\u00edch th\u01b0\u1edbc l\u1ed7 c\u1ee7a xi lanh th\u1ee7y l\u1ef1c dao \u0111\u1ed9ng t\u1eeb 2-6 inch.<\/p>\n<p><strong>H: C\u00f3 t\u00f9y ch\u1ecdn t\u00f9y ch\u1ec9nh n\u00e0o cho Xi lanh th\u1ee7y l\u1ef1c kh\u00f4ng?<\/strong><br \/>\nA: C\u00f3, c\u00f3 nhi\u1ec1u t\u00f9y ch\u1ecdn t\u00f9y ch\u1ec9nh \u0111\u1ec3 ph\u00f9 h\u1ee3p v\u1edbi c\u00e1c y\u00eau c\u1ea7u c\u1ee5 th\u1ec3.<\/p>\n<p><strong>H: Th\u1eddi h\u1ea1n b\u1ea3o h\u00e0nh cho c\u00e1c th\u00e0nh ph\u1ea7n c\u1ed1t l\u00f5i c\u1ee7a Xi lanh th\u1ee7y l\u1ef1c l\u00e0 bao l\u00e2u?<\/strong><br \/>\nA: C\u00e1c th\u00e0nh ph\u1ea7n c\u1ed1t l\u00f5i c\u1ee7a Xi lanh th\u1ee7y l\u1ef1c \u0111\u01b0\u1ee3c b\u1ea3o h\u00e0nh trong th\u1eddi h\u1ea1n m\u1ed9t n\u0103m.<\/p>\n<p><img decoding=\"async\" src=\"https:\/\/img.jiansujichilun.com\/img\/hydrauliccylinders\/C_hydrauliccylinders-4.webp\" alt=\"xi lanh th\u1ee7y l\u1ef1c\" width=\"800\" title=\"\"><\/p>\n<p>T\u00e1c gi\u1ea3: CX<\/p>","protected":false},"excerpt":{"rendered":"<p>Manufacturer Supplier Double Acting Tow Truck Hydraulic Cylinder: The Double Acting Tow Truck Hydraulic Cylinder is a highly efficient and durable product designed for use in towing and recovery vehicles. This hydraulic cylinder is crafted with premium grade materials and advanced manufacturing techniques to ensure superior performance and longevity. Our Double Acting Tow Truck Hydraulic [&hellip;]<\/p>","protected":false},"featured_media":1336,"comment_status":"closed","ping_status":"closed","template":"","meta":{"_et_pb_use_builder":"","_et_pb_old_content":"","_et_gb_content_width":""},"product_brand":[],"product_cat":[39],"product_tag":[41,34],"class_list":{"0":"post-1389","1":"product","2":"type-product","3":"status-publish","4":"has-post-thumbnail","6":"product_cat-adjustable-clevis-type-cylinders","7":"product_tag-adjustable-clevis-type-cylinders","8":"product_tag-hydraulic-cylinder","10":"first","11":"instock","12":"product-type-simple"},"_links":{"self":[{"href":"https:\/\/fmp-components.com\/vi\/wp-json\/wp\/v2\/product\/1389","targetHints":{"allow":["GET"]}}],"collection":[{"href":"https:\/\/fmp-components.com\/vi\/wp-json\/wp\/v2\/product"}],"about":[{"href":"https:\/\/fmp-components.com\/vi\/wp-json\/wp\/v2\/types\/product"}],"replies":[{"embeddable":true,"href":"https:\/\/fmp-components.com\/vi\/wp-json\/wp\/v2\/comments?post=1389"}],"wp:featuredmedia":[{"embeddable":true,"href":"https:\/\/fmp-components.com\/vi\/wp-json\/wp\/v2\/media\/1336"}],"wp:attachment":[{"href":"https:\/\/fmp-components.com\/vi\/wp-json\/wp\/v2\/media?parent=1389"}],"wp:term":[{"taxonomy":"product_brand","embeddable":true,"href":"https:\/\/fmp-components.com\/vi\/wp-json\/wp\/v2\/product_brand?post=1389"},{"taxonomy":"product_cat","embeddable":true,"href":"https:\/\/fmp-components.com\/vi\/wp-json\/wp\/v2\/product_cat?post=1389"},{"taxonomy":"product_tag","embeddable":true,"href":"https:\/\/fmp-components.com\/vi\/wp-json\/wp\/v2\/product_tag?post=1389"}],"curies":[{"name":"wp","href":"https:\/\/api.w.org\/{rel}","templated":true}]}}