{"id":1384,"date":"2024-12-23T02:19:41","date_gmt":"2024-12-23T02:19:41","guid":{"rendered":"https:\/\/fmp-components.com\/product\/high-quality-small-adjustable-welded-hydraulic-cylinder\/"},"modified":"2024-12-23T02:36:07","modified_gmt":"2024-12-23T02:36:07","slug":"high-quality-small-adjustable-welded-hydraulic-cylinder","status":"publish","type":"product","link":"https:\/\/fmp-components.com\/vi\/product\/high-quality-small-adjustable-welded-hydraulic-cylinder\/","title":{"rendered":"Xi lanh th\u1ee7y l\u1ef1c h\u00e0n nh\u1ecf c\u00f3 th\u1ec3 \u0111i\u1ec1u ch\u1ec9nh ch\u1ea5t l\u01b0\u1ee3ng cao"},"content":{"rendered":"<p>Xi lanh th\u1ee7y l\u1ef1c h\u00e0n nh\u1ecf g\u1ecdn, ch\u1ea5t l\u01b0\u1ee3ng cao, c\u00f3 th\u1ec3 \u0111i\u1ec1u ch\u1ec9nh, l\u00e0 s\u1ea3n ph\u1ea9m kh\u00f4ng th\u1ec3 thi\u1ebfu cho b\u1ea5t k\u1ef3 ai c\u1ea7n m\u1ed9t h\u1ec7 th\u1ed1ng th\u1ee7y l\u1ef1c \u0111\u00e1ng tin c\u1eady. Thi\u1ebft k\u1ebf c\u00f3 th\u1ec3 \u0111i\u1ec1u ch\u1ec9nh cho ph\u00e9p d\u1ec5 d\u00e0ng t\u00f9y ch\u1ec9nh \u0111\u1ec3 ph\u00f9 h\u1ee3p v\u1edbi nhu c\u1ea7u c\u1ee5 th\u1ec3 c\u1ee7a b\u1ea1n, v\u00e0 k\u1ebft c\u1ea5u h\u00e0n \u0111\u1ea3m b\u1ea3o \u0111\u1ed9 b\u1ec1n v\u00e0 tu\u1ed5i th\u1ecd t\u1ed1i \u0111a.<\/p>\n<p>V\u1edbi k\u00edch th\u01b0\u1edbc nh\u1ecf g\u1ecdn, xi lanh th\u1ee7y l\u1ef1c n\u00e0y ho\u00e0n h\u1ea3o \u0111\u1ec3 s\u1eed d\u1ee5ng trong kh\u00f4ng gian ch\u1eadt h\u1eb9p, n\u01a1i m\u00e0 c\u00e1c xi lanh l\u1edbn h\u01a1n kh\u00f4ng th\u1ec3 \u0111\u00e1p \u1ee9ng \u0111\u01b0\u1ee3c. V\u1eadt li\u1ec7u ch\u1ebf t\u1ea1o ch\u1ea5t l\u01b0\u1ee3ng cao \u0111\u1ea3m b\u1ea3o n\u00f3 c\u00f3 th\u1ec3 x\u1eed l\u00fd ngay c\u1ea3 nh\u1eefng \u1ee9ng d\u1ee5ng kh\u00f3 kh\u0103n nh\u1ea5t, bi\u1ebfn n\u00f3 th\u00e0nh m\u1ed9t gi\u1ea3i ph\u00e1p linh ho\u1ea1t cho nhi\u1ec1u nhu c\u1ea7u th\u1ee7y l\u1ef1c kh\u00e1c nhau.<\/p>\n<p>Cho d\u00f9 b\u1ea1n \u0111ang mu\u1ed1n c\u1ea3i thi\u1ec7n hi\u1ec7u su\u1ea5t c\u1ee7a h\u1ec7 th\u1ed1ng th\u1ee7y l\u1ef1c hi\u1ec7n c\u00f3 hay c\u1ea7n m\u1ed9t xi lanh th\u1ee7y l\u1ef1c m\u1edbi ho\u00e0n to\u00e0n, Xi lanh th\u1ee7y l\u1ef1c h\u00e0n nh\u1ecf g\u1ecdn, ch\u1ea5t l\u01b0\u1ee3ng cao, c\u00f3 th\u1ec3 \u0111i\u1ec1u ch\u1ec9nh l\u00e0 m\u1ed9t l\u1ef1a ch\u1ecdn tuy\u1ec7t v\u1eddi. Ch\u1ea5t l\u01b0\u1ee3ng, \u0111\u1ed9 tin c\u1eady v\u00e0 hi\u1ec7u su\u1ea5t v\u01b0\u1ee3t tr\u1ed9i c\u1ee7a n\u00f3 ch\u1eafc ch\u1eafn s\u1ebd v\u01b0\u1ee3t qu\u00e1 mong \u0111\u1ee3i c\u1ee7a b\u1ea1n v\u00e0 mang \u0111\u1ebfn cho b\u1ea1n m\u1ed9t h\u1ec7 th\u1ed1ng th\u1ee7y l\u1ef1c b\u1ec1n b\u1ec9, l\u00e2u d\u00e0i \u0111\u1ec3 ho\u00e0n th\u00e0nh t\u1ed1t c\u00f4ng vi\u1ec7c.<\/p>\n<p><img loading=\"lazy\" decoding=\"async\" class=\"alignnone size-full wp-image-1334\" src=\"https:\/\/fmp-components.com\/wp-content\/uploads\/2024\/12\/Adjustable-Clevis-Type-Cylinders-4.webp\" alt=\"Xi lanh lo\u1ea1i ch\u1ed1t c\u00f3 th\u1ec3 \u0111i\u1ec1u ch\u1ec9nh\" width=\"800\" height=\"800\" title=\"\" srcset=\"https:\/\/fmp-components.com\/wp-content\/uploads\/2024\/12\/Adjustable-Clevis-Type-Cylinders-4.webp 800w, https:\/\/fmp-components.com\/wp-content\/uploads\/2024\/12\/Adjustable-Clevis-Type-Cylinders-4-480x480.webp 480w\" sizes=\"(min-width: 0px) and (max-width: 480px) 480px, (min-width: 481px) 800px, 100vw\" \/><\/p>\n<h2>\u01afu \u0111i\u1ec3m c\u1ee7a xi lanh lo\u1ea1i ch\u1ed1t c\u00f3 th\u1ec3 \u0111i\u1ec1u ch\u1ec9nh<\/h2>\n<p>Xi lanh lo\u1ea1i ch\u1ed1t \u0111i\u1ec1u ch\u1ec9nh, \u0111\u1eb7c bi\u1ec7t l\u00e0 xi lanh th\u1ee7y l\u1ef1c h\u00e0n nh\u1ecf ch\u1ea5t l\u01b0\u1ee3ng cao, c\u00f3 th\u1ec3 \u0111i\u1ec1u ch\u1ec9nh, mang l\u1ea1i nhi\u1ec1u l\u1ee3i \u00edch so v\u1edbi c\u00e1c lo\u1ea1i xi lanh kh\u00e1c. D\u01b0\u1edbi \u0111\u00e2y l\u00e0 m\u1ed9t s\u1ed1 \u01b0u \u0111i\u1ec3m c\u1ee7a vi\u1ec7c s\u1eed d\u1ee5ng xi lanh lo\u1ea1i ch\u1ed1t \u0111i\u1ec1u ch\u1ec9nh:<\/p>\n<ol>\n<li><strong>T\u00ednh linh ho\u1ea1t:<\/strong> Ch\u1ed1t kh\u00f3a c\u00f3 th\u1ec3 \u0111i\u1ec1u ch\u1ec9nh cho ph\u00e9p l\u1eafp \u0111\u1eb7t linh ho\u1ea1t v\u00ec c\u00f3 th\u1ec3 xoay 360 \u0111\u1ed9. \u0110i\u1ec1u n\u00e0y gi\u00fap d\u1ec5 d\u00e0ng \u0111i\u1ec1u ch\u1ec9nh xi lanh theo m\u1ecdi h\u01b0\u1edbng, l\u00fd t\u01b0\u1edfng cho c\u00e1c \u1ee9ng d\u1ee5ng c\u00f3 kh\u00f4ng gian h\u1ea1n ch\u1ebf ho\u1eb7c y\u00eau c\u1ea7u c\u00e1c g\u00f3c l\u1eafp \u0111\u1eb7t kh\u00e1c nhau.<\/li>\n<li><strong>Kh\u1ea3 n\u0103ng \u0111i\u1ec1u ch\u1ec9nh:<\/strong> \u0110\u00fang nh\u01b0 t\u00ean g\u1ecdi, xi lanh lo\u1ea1i ch\u1ed1t \u0111i\u1ec1u ch\u1ec9nh c\u00f3 th\u1ec3 \u0111\u01b0\u1ee3c \u0111i\u1ec1u ch\u1ec9nh \u0111\u1ec3 ph\u00f9 h\u1ee3p v\u1edbi c\u00e1c \u1ee9ng d\u1ee5ng c\u1ee5 th\u1ec3. \u0110i\u1ec1u n\u00e0y l\u00e0 do ch\u1ed1t c\u00f3 th\u1ec3 di chuy\u1ec3n l\u00ean xu\u1ed1ng d\u1ecdc theo c\u1ea7n piston, cho ph\u00e9p tinh ch\u1ec9nh \u0111\u1ed9 d\u00e0i h\u00e0nh tr\u00ecnh. \u0110i\u1ec1u n\u00e0y c\u00f3 ngh\u0129a l\u00e0 xi lanh c\u00f3 th\u1ec3 \u0111\u01b0\u1ee3c t\u00f9y ch\u1ec9nh \u0111\u1ec3 ph\u00f9 h\u1ee3p v\u1edbi c\u00e1c y\u00eau c\u1ea7u l\u1eafp \u0111\u1eb7t kh\u00e1c nhau, khi\u1ebfn n\u00f3 linh ho\u1ea1t h\u01a1n c\u00e1c lo\u1ea1i xi lanh kh\u00e1c.<\/li>\n<li><strong>\u0110\u1ed9 ch\u00ednh x\u00e1c cao:<\/strong> Xi lanh lo\u1ea1i ch\u1ed1t \u0111i\u1ec1u ch\u1ec9nh \u0111\u01b0\u1ee3c thi\u1ebft k\u1ebf c\u1ef1c k\u1ef3 ch\u00ednh x\u00e1c, v\u1edbi \u0111\u1ed9 l\u1eb7p l\u1ea1i v\u00e0 \u0111\u1ed9 ch\u00ednh x\u00e1c cao. \u0110i\u1ec1u n\u00e0y l\u00e0 do s\u1eed d\u1ee5ng v\u1eadt li\u1ec7u ch\u1ea5t l\u01b0\u1ee3ng cao v\u00e0 k\u1ef9 thu\u1eadt s\u1ea3n xu\u1ea5t ti\u00ean ti\u1ebfn, \u0111\u1ea3m b\u1ea3o xi lanh ho\u1ea1t \u0111\u1ed9ng tr\u01a1n tru v\u00e0 \u0111\u00e1ng tin c\u1eady, ngay c\u1ea3 trong m\u00f4i tr\u01b0\u1eddng kh\u1eafc nghi\u1ec7t.<\/li>\n<li><strong>C\u00f3 hi\u1ec7u qu\u1ea3:<\/strong> Xi lanh lo\u1ea1i ch\u1ed1t \u0111i\u1ec1u ch\u1ec9nh c\u00f3 hi\u1ec7u su\u1ea5t cao, ngh\u0129a l\u00e0 ch\u00fang c\u00f3 th\u1ec3 cung c\u1ea5p nhi\u1ec1u n\u0103ng l\u01b0\u1ee3ng h\u01a1n m\u00e0 ch\u1ec9 s\u1eed d\u1ee5ng \u00edt n\u0103ng l\u01b0\u1ee3ng h\u01a1n so v\u1edbi c\u00e1c lo\u1ea1i xi lanh kh\u00e1c. \u0110i\u1ec1u n\u00e0y l\u00e0 do ch\u00fang \u0111\u01b0\u1ee3c thi\u1ebft k\u1ebf \u0111\u1ec3 gi\u1ea3m thi\u1ec3u ma s\u00e1t v\u00e0 m\u00e0i m\u00f2n, gi\u00fap gi\u1ea3m l\u01b0\u1ee3ng n\u0103ng l\u01b0\u1ee3ng c\u1ea7n thi\u1ebft \u0111\u1ec3 v\u1eadn h\u00e0nh xi lanh. \u0110i\u1ec1u n\u00e0y khi\u1ebfn ch\u00fang tr\u1edf n\u00ean l\u00fd t\u01b0\u1edfng cho c\u00e1c \u1ee9ng d\u1ee5ng \u0111\u00f2i h\u1ecfi hi\u1ec7u qu\u1ea3 n\u0103ng l\u01b0\u1ee3ng.<\/li>\n<li><strong>B\u1ec1n b\u1ec9:<\/strong> Xi lanh th\u1ee7y l\u1ef1c h\u00e0n nh\u1ecf g\u1ecdn, ch\u1ea5t l\u01b0\u1ee3ng cao, c\u00f3 th\u1ec3 \u0111i\u1ec1u ch\u1ec9nh \u0111\u01b0\u1ee3c, \u0111\u01b0\u1ee3c ch\u1ebf t\u1ea1o \u0111\u1ec3 b\u1ec1n b\u1ec9, v\u1edbi k\u1ebft c\u1ea5u ch\u1eafc ch\u1eafn v\u00e0 v\u1eadt li\u1ec7u ch\u1ea5t l\u01b0\u1ee3ng cao, c\u00f3 th\u1ec3 ch\u1ecbu \u0111\u01b0\u1ee3c \u0111i\u1ec1u ki\u1ec7n v\u1eadn h\u00e0nh kh\u1eafc nghi\u1ec7t. Xi lanh c\u00f3 kh\u1ea3 n\u0103ng ch\u1ed1ng \u0103n m\u00f2n, hao m\u00f2n v\u00e0 nhi\u1ec7t \u0111\u1ed9 kh\u1eafc nghi\u1ec7t, l\u00fd t\u01b0\u1edfng cho nhi\u1ec1u \u1ee9ng d\u1ee5ng c\u00f4ng nghi\u1ec7p.<\/li>\n<\/ol>\n<p>T\u00f3m l\u1ea1i, xi lanh th\u1ee7y l\u1ef1c lo\u1ea1i ch\u1ed1t \u0111i\u1ec1u ch\u1ec9nh mang l\u1ea1i t\u00ednh linh ho\u1ea1t, kh\u1ea3 n\u0103ng \u0111i\u1ec1u ch\u1ec9nh, \u0111\u1ed9 ch\u00ednh x\u00e1c, hi\u1ec7u qu\u1ea3 v\u00e0 \u0111\u1ed9 b\u1ec1n v\u01b0\u1ee3t tr\u1ed9i. Nh\u1eefng xi lanh n\u00e0y l\u00fd t\u01b0\u1edfng cho nhi\u1ec1u \u1ee9ng d\u1ee5ng c\u00f4ng nghi\u1ec7p v\u00e0 th\u01b0\u01a1ng m\u1ea1i, \u0111\u1eb7c bi\u1ec7t ph\u00f9 h\u1ee3p v\u1edbi nh\u1eefng \u1ee9ng d\u1ee5ng \u0111\u00f2i h\u1ecfi \u0111\u1ed9 ch\u00ednh x\u00e1c v\u00e0 hi\u1ec7u qu\u1ea3 cao. Khi l\u1ef1a ch\u1ecdn xi lanh lo\u1ea1i ch\u1ed1t \u0111i\u1ec1u ch\u1ec9nh, h\u00e3y \u0111\u1ea3m b\u1ea3o l\u1ef1a ch\u1ecdn xi lanh th\u1ee7y l\u1ef1c h\u00e0n nh\u1ecf, ch\u1ea5t l\u01b0\u1ee3ng cao, mang l\u1ea1i hi\u1ec7u su\u1ea5t v\u00e0 tu\u1ed5i th\u1ecd t\u1ed1t nh\u1ea5t.<img decoding=\"async\" src=\"https:\/\/fmp-components.com\/wp-content\/uploads\/2024\/12\/Adjustable-Clevis-Type-Cylinders5.webp\" alt=\"Xi lanh lo\u1ea1i Clevis c\u00f3 th\u1ec3 \u0111i\u1ec1u ch\u1ec9nh\" width=\"800\" title=\"\"><\/p>\n<h2>\u1ee8ng d\u1ee5ng c\u1ee7a xi lanh lo\u1ea1i ch\u1ed1t c\u00f3 th\u1ec3 \u0111i\u1ec1u ch\u1ec9nh<\/h2>\n<p>Xi lanh lo\u1ea1i ch\u1ed1t \u0111i\u1ec1u ch\u1ec9nh l\u00e0 xi lanh th\u1ee7y l\u1ef1c c\u00f3 th\u1ec3 \u0111i\u1ec1u ch\u1ec9nh cho c\u00e1c v\u1ecb tr\u00ed l\u1eafp \u0111\u1eb7t kh\u00e1c nhau. Ch\u00fang \u0111\u01b0\u1ee3c s\u1eed d\u1ee5ng trong nhi\u1ec1u ng\u00e0nh c\u00f4ng nghi\u1ec7p cho c\u00e1c \u1ee9ng d\u1ee5ng kh\u00e1c nhau. D\u01b0\u1edbi \u0111\u00e2y l\u00e0 m\u1ed9t s\u1ed1 \u1ee9ng d\u1ee5ng ph\u1ed5 bi\u1ebfn nh\u1ea5t c\u1ee7a xi lanh lo\u1ea1i ch\u1ed1t \u0111i\u1ec1u ch\u1ec9nh:<\/p>\n<ul>\n<li style=\"list-style-type: none;\">\n<ul>\n<li><strong>T\u1ef1 \u0111\u1ed9ng h\u00f3a c\u00f4ng nghi\u1ec7p<\/strong><\/li>\n<\/ul>\n<\/li>\n<\/ul>\n<p>Xi lanh lo\u1ea1i ch\u1ed1t \u0111i\u1ec1u ch\u1ec9nh \u0111\u01b0\u1ee3c s\u1eed d\u1ee5ng trong nhi\u1ec1u quy tr\u00ecnh t\u1ef1 \u0111\u1ed9ng h\u00f3a c\u00f4ng nghi\u1ec7p. Nh\u1eefng xi lanh n\u00e0y \u0111\u01b0\u1ee3c s\u1eed d\u1ee5ng r\u1ed9ng r\u00e3i cho c\u00e1c \u1ee9ng d\u1ee5ng k\u1eb9p, \u00e9p v\u00e0 \u0111\u1ed9t. Ch\u00fang c\u00f3 th\u1ec3 d\u1ec5 d\u00e0ng \u0111i\u1ec1u ch\u1ec9nh cho c\u00e1c v\u1ecb tr\u00ed l\u1eafp \u0111\u1eb7t kh\u00e1c nhau, ph\u00f9 h\u1ee3p \u0111\u1ec3 s\u1eed d\u1ee5ng trong nhi\u1ec1u lo\u1ea1i m\u00e1y m\u00f3c v\u00e0 thi\u1ebft b\u1ecb kh\u00e1c nhau.<\/p>\n<ul>\n<li style=\"list-style-type: none;\">\n<ul>\n<li><strong>M\u00e1y m\u00f3c x\u00e2y d\u1ef1ng<\/strong><\/li>\n<\/ul>\n<\/li>\n<\/ul>\n<p>Xi lanh th\u1ee7y l\u1ef1c h\u00e0n nh\u1ecf, ch\u1ea5t l\u01b0\u1ee3ng cao, c\u00f3 th\u1ec3 \u0111i\u1ec1u ch\u1ec9nh \u0111\u01b0\u1ee3c, th\u01b0\u1eddng \u0111\u01b0\u1ee3c s\u1eed d\u1ee5ng trong m\u00e1y m\u00f3c x\u00e2y d\u1ef1ng. Nh\u1eefng xi lanh n\u00e0y \u0111\u01b0\u1ee3c s\u1eed d\u1ee5ng trong nhi\u1ec1u lo\u1ea1i m\u00e1y m\u00f3c nh\u01b0 m\u00e1y \u0111\u00e0o, m\u00e1y \u1ee7i v\u00e0 m\u00e1y x\u00fac. Ch\u00fang \u0111\u01b0\u1ee3c s\u1eed d\u1ee5ng cho c\u00e1c nhi\u1ec7m v\u1ee5 nh\u01b0 \u0111\u00e0o, san l\u1ea5p v\u00e0 n\u00e2ng v\u1eadt n\u1eb7ng.<\/p>\n<ul>\n<li style=\"list-style-type: none;\">\n<ul>\n<li><strong>M\u00e1y m\u00f3c n\u00f4ng nghi\u1ec7p<\/strong><\/li>\n<\/ul>\n<\/li>\n<\/ul>\n<p>Xi lanh ki\u1ec3u ch\u1ed1t \u0111i\u1ec1u ch\u1ec9nh \u0111\u01b0\u1ee3c s\u1eed d\u1ee5ng trong m\u00e1y m\u00f3c n\u00f4ng nghi\u1ec7p nh\u01b0 m\u00e1y k\u00e9o, m\u00e1y g\u1eb7t v\u00e0 m\u00e1y x\u1edbi \u0111\u1ea5t. Ch\u00fang \u0111\u01b0\u1ee3c s\u1eed d\u1ee5ng cho c\u00e1c nhi\u1ec7m v\u1ee5 nh\u01b0 n\u00e2ng v\u00e0 h\u1ea1 c\u00e1c b\u1ed9 ph\u1eadn kh\u00e1c nhau c\u1ee7a m\u00e1y, \u0111i\u1ec1u ch\u1ec9nh \u0111\u1ed9 cao c\u1ee7a l\u01b0\u1ee1i c\u00e0y v\u00e0 ki\u1ec3m so\u00e1t l\u01b0u l\u01b0\u1ee3ng ch\u1ea5t l\u1ecfng \u0111\u01b0\u1ee3c s\u1eed d\u1ee5ng trong m\u00e1y.<\/p>\n<ul>\n<li style=\"list-style-type: none;\">\n<ul>\n<li><strong>Thi\u1ebft b\u1ecb x\u1eed l\u00fd v\u1eadt li\u1ec7u<\/strong><\/li>\n<\/ul>\n<\/li>\n<\/ul>\n<p>Xi lanh lo\u1ea1i ch\u1ed1t \u0111i\u1ec1u ch\u1ec9nh c\u0169ng \u0111\u01b0\u1ee3c s\u1eed d\u1ee5ng trong c\u00e1c thi\u1ebft b\u1ecb x\u1eed l\u00fd v\u1eadt li\u1ec7u nh\u01b0 xe n\u00e2ng v\u00e0 c\u1ea7n c\u1ea9u. Ch\u00fang \u0111\u01b0\u1ee3c s\u1eed d\u1ee5ng cho c\u00e1c nhi\u1ec7m v\u1ee5 nh\u01b0 n\u00e2ng v\u00e0 h\u1ea1 v\u1eadt n\u1eb7ng, nghi\u00eang c\u00e0ng n\u00e2ng v\u00e0 \u0111i\u1ec1u khi\u1ec3n chuy\u1ec3n \u0111\u1ed9ng c\u1ee7a c\u1ea7n c\u1ea9u.<\/p>\n<ul>\n<li style=\"list-style-type: none;\">\n<ul>\n<li><strong>Thi\u1ebft b\u1ecb h\u00e0ng h\u1ea3i v\u00e0 ngo\u00e0i kh\u01a1i<\/strong><\/li>\n<\/ul>\n<\/li>\n<\/ul>\n<p>Xi lanh lo\u1ea1i ch\u1ed1t \u0111i\u1ec1u ch\u1ec9nh \u0111\u01b0\u1ee3c s\u1eed d\u1ee5ng trong c\u00e1c thi\u1ebft b\u1ecb h\u00e0ng h\u1ea3i v\u00e0 ngo\u00e0i kh\u01a1i nh\u01b0 t\u00e0u th\u1ee7y v\u00e0 gi\u00e0n khoan d\u1ea7u kh\u00ed. Ch\u00fang \u0111\u01b0\u1ee3c s\u1eed d\u1ee5ng cho c\u00e1c nhi\u1ec7m v\u1ee5 nh\u01b0 \u0111\u00f3ng m\u1edf van, \u0111i\u1ec1u khi\u1ec3n chuy\u1ec3n \u0111\u1ed9ng b\u00e1nh l\u00e1i c\u1ee7a t\u00e0u v\u00e0 \u0111i\u1ec1u khi\u1ec3n chuy\u1ec3n \u0111\u1ed9ng c\u1ee7a c\u1ea7n c\u1ea9u tr\u00ean gi\u00e0n khoan.<\/p>\n<p>T\u00f3m l\u1ea1i, xi lanh th\u1ee7y l\u1ef1c lo\u1ea1i ch\u1ed1t \u0111i\u1ec1u ch\u1ec9nh l\u00e0 lo\u1ea1i xi lanh th\u1ee7y l\u1ef1c \u0111a n\u0103ng, \u0111\u01b0\u1ee3c \u1ee9ng d\u1ee5ng trong nhi\u1ec1u ng\u00e0nh c\u00f4ng nghi\u1ec7p kh\u00e1c nhau cho nhi\u1ec1u nhi\u1ec7m v\u1ee5 kh\u00e1c nhau. Kh\u1ea3 n\u0103ng \u0111i\u1ec1u ch\u1ec9nh cho nhi\u1ec1u v\u1ecb tr\u00ed l\u1eafp \u0111\u1eb7t kh\u00e1c nhau gi\u00fap ch\u00fang ph\u00f9 h\u1ee3p \u0111\u1ec3 s\u1eed d\u1ee5ng trong nhi\u1ec1u lo\u1ea1i m\u00e1y m\u00f3c v\u00e0 thi\u1ebft b\u1ecb kh\u00e1c nhau. Vi\u1ec7c s\u1eed d\u1ee5ng xi lanh th\u1ee7y l\u1ef1c h\u00e0n nh\u1ecf g\u1ecdn, \u0111i\u1ec1u ch\u1ec9nh ch\u1ea5t l\u01b0\u1ee3ng cao \u0111\u1ea3m b\u1ea3o \u0111\u1ed9 b\u1ec1n v\u00e0 \u0111\u1ed9 tin c\u1eady c\u1ee7a xi lanh, ph\u00f9 h\u1ee3p \u0111\u1ec3 s\u1eed d\u1ee5ng trong c\u00e1c m\u00f4i tr\u01b0\u1eddng kh\u1eafc nghi\u1ec7t v\u00e0 kh\u1eaft khe.<img decoding=\"async\" src=\"https:\/\/fmp-components.com\/wp-content\/uploads\/2024\/12\/Application-of-Adjustable-Clevis-Type-Cylinders.webp\" alt=\"Xi lanh lo\u1ea1i Clevis c\u00f3 th\u1ec3 \u0111i\u1ec1u ch\u1ec9nh\" width=\"800\" title=\"\"><\/p>\n<h3>Gi\u1edbi thi\u1ec7u v\u1ec1 xi lanh th\u1ee7y l\u1ef1c FMP<\/h3>\n<p>FMP l\u00e0 c\u00f4ng ty h\u00e0ng \u0111\u1ea7u chuy\u00ean b\u00e1n v\u00e0 b\u1ea3o d\u01b0\u1ee1ng ph\u1ee5 t\u00f9ng m\u00e1y m\u00f3c x\u00e2y d\u1ef1ng v\u00e0 m\u00e1y m\u00f3c ho\u00e0n ch\u1ec9nh. Ch\u00fang t\u00f4i t\u1ef1 h\u00e0o cung c\u1ea5p c\u00e1c gi\u1ea3i ph\u00e1p xi lanh th\u1ee7y l\u1ef1c ch\u1ea5t l\u01b0\u1ee3ng cao cho kh\u00e1ch h\u00e0ng tr\u00ean to\u00e0n th\u1ebf gi\u1edbi.<\/p>\n<p>Sau \u0111\u00e2y l\u00e0 m\u1ed9t s\u1ed1 l\u1ee3i th\u1ebf ch\u00ednh khi l\u1ef1a ch\u1ecdn Xi lanh th\u1ee7y l\u1ef1c FMP:<\/p>\n<ul>\n<li><strong>V\u1eadt li\u1ec7u ch\u1ea5t l\u01b0\u1ee3ng cao:<\/strong> Ch\u00fang t\u00f4i ch\u1ec9 s\u1eed d\u1ee5ng v\u1eadt li\u1ec7u ch\u1ea5t l\u01b0\u1ee3ng cao \u0111\u1ec3 s\u1ea3n xu\u1ea5t Xi lanh th\u1ee7y l\u1ef1c, \u0111\u1ea3m b\u1ea3o \u0111\u1ed9 b\u1ec1n v\u00e0 \u0111\u1ed9 tin c\u1eady khi s\u1eed d\u1ee5ng l\u00e2u d\u00e0i. S\u1ea3n ph\u1ea9m c\u1ee7a ch\u00fang t\u00f4i \u0111\u01b0\u1ee3c thi\u1ebft k\u1ebf \u0111\u1ec3 ch\u1ecbu \u0111\u01b0\u1ee3c ngay c\u1ea3 nh\u1eefng \u0111i\u1ec1u ki\u1ec7n l\u00e0m vi\u1ec7c kh\u1eafc nghi\u1ec7t nh\u1ea5t.<\/li>\n<li><strong>Nhi\u1ec1u l\u1ef1a ch\u1ecdn:<\/strong> D\u00f2ng s\u1ea3n ph\u1ea9m Xi lanh th\u1ee7y l\u1ef1c c\u1ee7a ch\u00fang t\u00f4i bao g\u1ed3m nhi\u1ec1u lo\u1ea1i xi lanh kh\u00e1c nhau, ch\u1eb3ng h\u1ea1n nh\u01b0 xi lanh thanh gi\u1eb1ng, xi lanh h\u00e0n v\u00e0 xi lanh lo\u1ea1i ch\u1ed1t c\u00f3 th\u1ec3 \u0111i\u1ec1u ch\u1ec9nh, v.v. Ch\u00fang t\u00f4i c\u0169ng cung c\u1ea5p c\u00e1c gi\u1ea3i ph\u00e1p t\u00f9y ch\u1ec9nh \u0111\u1ec3 \u0111\u00e1p \u1ee9ng c\u00e1c y\u00eau c\u1ea7u c\u1ee5 th\u1ec3 c\u1ee7a kh\u00e1ch h\u00e0ng.<\/li>\n<li><strong>Ki\u1ec3m so\u00e1t ch\u1ea5t l\u01b0\u1ee3ng nghi\u00eam ng\u1eb7t:<\/strong> Ch\u00fang t\u00f4i \u0111\u00e3 thi\u1ebft l\u1eadp m\u1ed1i quan h\u1ec7 h\u1ee3p t\u00e1c l\u00e2u d\u00e0i v\u00e0 \u1ed5n \u0111\u1ecbnh v\u1edbi nhi\u1ec1u nh\u00e0 cung c\u1ea5p ch\u1ea5t l\u01b0\u1ee3ng cao trong v\u00e0 ngo\u00e0i n\u01b0\u1edbc, \u0111\u1ea3m b\u1ea3o t\u1ea5t c\u1ea3 c\u00e1c linh ki\u1ec7n \u0111\u01b0\u1ee3c cung c\u1ea5p \u0111\u1ec1u \u0111\u00e1p \u1ee9ng c\u00e1c ti\u00eau chu\u1ea9n ch\u1ea5t l\u01b0\u1ee3ng nghi\u00eam ng\u1eb7t. Ngo\u00e0i ra, xi lanh th\u1ee7y l\u1ef1c c\u1ee7a ch\u00fang t\u00f4i tr\u1ea3i qua quy tr\u00ecnh ki\u1ec3m tra nghi\u00eam ng\u1eb7t \u0111\u1ec3 \u0111\u1ea3m b\u1ea3o \u0111\u00e1p \u1ee9ng c\u00e1c y\u00eau c\u1ea7u ch\u1ea5t l\u01b0\u1ee3ng kh\u1eaft khe c\u1ee7a ch\u00fang t\u00f4i tr\u01b0\u1edbc khi giao h\u00e0ng.<\/li>\n<li><strong>\u0110\u1ed9i ng\u0169 b\u00e1n h\u00e0ng gi\u00e0u kinh nghi\u1ec7m:<\/strong> \u0110\u1ed9i ng\u0169 b\u00e1n h\u00e0ng c\u1ee7a ch\u00fang t\u00f4i c\u00f3 kinh nghi\u1ec7m v\u00e0 hi\u1ec3u bi\u1ebft v\u1ec1 ng\u00e0nh m\u00e1y m\u00f3c x\u00e2y d\u1ef1ng v\u00e0 c\u00f3 th\u1ec3 cung c\u1ea5p t\u01b0 v\u1ea5n chuy\u00ean nghi\u1ec7p v\u00e0 g\u1ee3i \u00fd mua h\u00e0ng th\u00f4ng minh cho kh\u00e1ch h\u00e0ng.<\/li>\n<li><strong>Ph\u00e2n ph\u1ed1i h\u1eadu c\u1ea7n hi\u1ec7u qu\u1ea3:<\/strong> Ch\u00fang t\u00f4i c\u00f3 h\u1ec7 th\u1ed1ng ph\u00e2n ph\u1ed1i h\u1eadu c\u1ea7n hi\u1ec7u qu\u1ea3 \u0111\u1ec3 \u0111\u1ea3m b\u1ea3o kh\u00e1ch h\u00e0ng nh\u1eadn \u0111\u01b0\u1ee3c c\u00e1c linh ki\u1ec7n c\u1ea7n thi\u1ebft m\u1ed9t c\u00e1ch k\u1ecbp th\u1eddi v\u00e0 ch\u00ednh x\u00e1c. D\u1ecbch v\u1ee5 giao h\u00e0ng \u0111\u00e1ng tin c\u1eady c\u1ee7a ch\u00fang t\u00f4i gi\u00fap \u0111\u1ea3m b\u1ea3o c\u00e1c d\u1ef1 \u00e1n c\u1ee7a kh\u00e1ch h\u00e0ng di\u1ec5n ra su\u00f4n s\u1ebb.<\/li>\n<\/ul>\n<p>T\u1ea1i FMP, ch\u00fang t\u00f4i tin t\u01b0\u1edfng v\u00e0o vi\u1ec7c cung c\u1ea5p cho kh\u00e1ch h\u00e0ng c\u00e1c gi\u1ea3i ph\u00e1p xi lanh th\u1ee7y l\u1ef1c ch\u1ea5t l\u01b0\u1ee3ng cao v\u00e0 \u0111\u00e1ng tin c\u1eady. V\u1edbi nhi\u1ec1u n\u0103m kinh nghi\u1ec7m trong ng\u00e0nh v\u00e0 \u0111\u1ed9i ng\u0169 chuy\u00ean nghi\u1ec7p, ch\u00fang t\u00f4i c\u00f3 th\u1ec3 cung c\u1ea5p cho kh\u00e1ch h\u00e0ng c\u00e1c gi\u1ea3i ph\u00e1p \u0111\u01b0\u1ee3c c\u00e1 nh\u00e2n h\u00f3a \u0111\u1ec3 \u0111\u00e1p \u1ee9ng nhu c\u1ea7u c\u1ee5 th\u1ec3 c\u1ee7a h\u1ecd. H\u00e3y li\u00ean h\u1ec7 v\u1edbi ch\u00fang t\u00f4i ngay h\u00f4m nay \u0111\u1ec3 t\u00ecm hi\u1ec3u th\u00eam v\u1ec1 c\u00e1c s\u1ea3n ph\u1ea9m v\u00e0 d\u1ecbch v\u1ee5 c\u1ee7a ch\u00fang t\u00f4i!<\/p>\n<p><img decoding=\"async\" src=\"https:\/\/fmp-components.com\/wp-content\/uploads\/2024\/12\/Adjustable-Clevis-Type-Cylinders-6.webp\" alt=\"Xi lanh lo\u1ea1i Clevis c\u00f3 th\u1ec3 \u0111i\u1ec1u ch\u1ec9nh\" width=\"846\" title=\"\"><\/p>\n<h2>C\u00e2u h\u1ecfi th\u01b0\u1eddng g\u1eb7p<\/h2>\n<p><b>Q: Th\u1eddi gian giao h\u00e0ng cho Xi lanh th\u1ee7y l\u1ef1c h\u00e0n nh\u1ecf c\u00f3 th\u1ec3 \u0111i\u1ec1u ch\u1ec9nh ch\u1ea5t l\u01b0\u1ee3ng cao l\u00e0 bao l\u00e2u?<\/b><br \/>\nA: Th\u1eddi gian giao h\u00e0ng chung l\u00e0 25-35 ng\u00e0y.<\/p>\n<p><b>H: T\u00f4i c\u00f3 th\u1ec3 nh\u1eadn \u0111\u01b0\u1ee3c m\u1eabu Xi lanh th\u1ee7y l\u1ef1c h\u00e0n nh\u1ecf c\u00f3 th\u1ec3 \u0111i\u1ec1u ch\u1ec9nh ch\u1ea5t l\u01b0\u1ee3ng cao kh\u00f4ng?<\/b><br \/>\nA: C\u00f3, ch\u00fang t\u00f4i cung c\u1ea5p m\u1eabu, nh\u01b0ng ch\u00fang kh\u00f4ng mi\u1ec5n ph\u00ed.<\/p>\n<p><b>H: Xi lanh th\u1ee7y l\u1ef1c h\u00e0n nh\u1ecf, ch\u1ea5t l\u01b0\u1ee3ng cao, c\u00f3 th\u1ec3 \u0111i\u1ec1u ch\u1ec9nh theo y\u00eau c\u1ea7u c\u1ee7a t\u00f4i kh\u00f4ng?<\/b><br \/>\nA: C\u00f3, ch\u00fang t\u00f4i c\u00f3 th\u1ec3 s\u1ea3n xu\u1ea5t xi lanh theo m\u1eabu ho\u1eb7c b\u1ea3n v\u1ebd k\u1ef9 thu\u1eadt c\u1ee7a b\u1ea1n. Ch\u00fang t\u00f4i c\u0169ng c\u00f3 th\u1ec3 t\u1ea1o khu\u00f4n v\u00e0 \u0111\u1ed3 g\u00e1 \u0111\u1ec3 \u0111\u00e1p \u1ee9ng c\u00e1c y\u00eau c\u1ea7u c\u1ee5 th\u1ec3 c\u1ee7a b\u1ea1n.<\/p>\n<p><img decoding=\"async\" src=\"https:\/\/img.jiansujichilun.com\/img\/hydrauliccylinders\/T_hydrauliccylinders-5.webp\" alt=\"xi lanh th\u1ee7y l\u1ef1c\" width=\"800\" title=\"\"><\/p>\n<p>T\u00e1c gi\u1ea3: CX<\/p>","protected":false},"excerpt":{"rendered":"<p>The High Quality Small Adjustable Welded Hydraulic Cylinder is a must-have for anyone in need of a reliable hydraulic system. Its adjustable design allows for easy customization to fit your specific needs, and its welded construction ensures maximum durability and longevity. With its compact size, this hydraulic cylinder is perfect for use in tight spaces [&hellip;]<\/p>","protected":false},"featured_media":1338,"comment_status":"closed","ping_status":"closed","template":"","meta":{"_et_pb_use_builder":"","_et_pb_old_content":"","_et_gb_content_width":""},"product_brand":[],"product_cat":[39],"product_tag":[41,34],"class_list":{"0":"post-1384","1":"product","2":"type-product","3":"status-publish","4":"has-post-thumbnail","6":"product_cat-adjustable-clevis-type-cylinders","7":"product_tag-adjustable-clevis-type-cylinders","8":"product_tag-hydraulic-cylinder","10":"first","11":"instock","12":"product-type-simple"},"_links":{"self":[{"href":"https:\/\/fmp-components.com\/vi\/wp-json\/wp\/v2\/product\/1384","targetHints":{"allow":["GET"]}}],"collection":[{"href":"https:\/\/fmp-components.com\/vi\/wp-json\/wp\/v2\/product"}],"about":[{"href":"https:\/\/fmp-components.com\/vi\/wp-json\/wp\/v2\/types\/product"}],"replies":[{"embeddable":true,"href":"https:\/\/fmp-components.com\/vi\/wp-json\/wp\/v2\/comments?post=1384"}],"wp:featuredmedia":[{"embeddable":true,"href":"https:\/\/fmp-components.com\/vi\/wp-json\/wp\/v2\/media\/1338"}],"wp:attachment":[{"href":"https:\/\/fmp-components.com\/vi\/wp-json\/wp\/v2\/media?parent=1384"}],"wp:term":[{"taxonomy":"product_brand","embeddable":true,"href":"https:\/\/fmp-components.com\/vi\/wp-json\/wp\/v2\/product_brand?post=1384"},{"taxonomy":"product_cat","embeddable":true,"href":"https:\/\/fmp-components.com\/vi\/wp-json\/wp\/v2\/product_cat?post=1384"},{"taxonomy":"product_tag","embeddable":true,"href":"https:\/\/fmp-components.com\/vi\/wp-json\/wp\/v2\/product_tag?post=1384"}],"curies":[{"name":"wp","href":"https:\/\/api.w.org\/{rel}","templated":true}]}}