{"id":1382,"date":"2024-12-23T02:19:41","date_gmt":"2024-12-23T02:19:41","guid":{"rendered":"https:\/\/fmp-components.com\/product\/hot-selling-adjustable-hydraulic-piston-cylinder-for-sale\/"},"modified":"2024-12-23T02:35:58","modified_gmt":"2024-12-23T02:35:58","slug":"hot-selling-adjustable-hydraulic-piston-cylinder-for-sale","status":"publish","type":"product","link":"https:\/\/fmp-components.com\/vi\/product\/hot-selling-adjustable-hydraulic-piston-cylinder-for-sale\/","title":{"rendered":"Xi lanh piston th\u1ee7y l\u1ef1c \u0111i\u1ec1u ch\u1ec9nh b\u00e1n ch\u1ea1y \u0111\u1ec3 b\u00e1n"},"content":{"rendered":"<h2>Xi lanh piston th\u1ee7y l\u1ef1c \u0111i\u1ec1u ch\u1ec9nh b\u00e1n ch\u1ea1y \u0111\u1ec3 b\u00e1n<\/h2>\n<p>Xi lanh piston th\u1ee7y l\u1ef1c \u0111i\u1ec1u ch\u1ec9nh \u0111\u01b0\u1ee3c b\u00e1n ch\u1ea1y nh\u1ea5t l\u00e0 m\u1ed9t b\u1ed9 ph\u1eadn thi\u1ebft y\u1ebfu trong h\u1ec7 th\u1ed1ng th\u1ee7y l\u1ef1c. N\u00f3 \u0111\u01b0\u1ee3c thi\u1ebft k\u1ebf \u0111\u1ec3 chuy\u1ec3n \u0111\u1ed5i n\u0103ng l\u01b0\u1ee3ng t\u1eeb \u00e1p su\u1ea5t ch\u1ea5t l\u1ecfng th\u00e0nh chuy\u1ec3n \u0111\u1ed9ng tuy\u1ebfn t\u00ednh. Xi lanh n\u00e0y l\u00fd t\u01b0\u1edfng \u0111\u1ec3 s\u1eed d\u1ee5ng trong nhi\u1ec1u \u1ee9ng d\u1ee5ng c\u00f4ng nghi\u1ec7p kh\u00e1c nhau.<\/p>\n<p>T\u00ednh n\u0103ng \u0111i\u1ec1u ch\u1ec9nh \u0111\u01b0\u1ee3c c\u1ee7a xi lanh n\u00e0y l\u00e0m cho n\u00f3 tr\u1edf th\u00e0nh m\u1ed9t l\u1ef1a ch\u1ecdn linh ho\u1ea1t cho c\u00e1c lo\u1ea1i m\u00e1y m\u00f3c y\u00eau c\u1ea7u \u0111\u1ecbnh v\u1ecb ch\u00ednh x\u00e1c. N\u00f3 cho ph\u00e9p \u0111i\u1ec1u ch\u1ec9nh d\u1ec5 d\u00e0ng chi\u1ec1u d\u00e0i h\u00e0nh tr\u00ecnh, l\u00e0m cho n\u00f3 ph\u00f9 h\u1ee3p \u0111\u1ec3 s\u1eed d\u1ee5ng trong nhi\u1ec1u \u1ee9ng d\u1ee5ng kh\u00e1c nhau.<\/p>\n<p>M\u1ed9t trong nh\u1eefng l\u1ee3i \u00edch ch\u00ednh c\u1ee7a xi lanh n\u00e0y l\u00e0 \u0111\u1ed9 b\u1ec1n cao. N\u00f3 \u0111\u01b0\u1ee3c thi\u1ebft k\u1ebf \u0111\u1ec3 ch\u1ecbu \u0111\u01b0\u1ee3c t\u1ea3i tr\u1ecdng n\u1eb7ng v\u00e0 \u00e1p su\u1ea5t cao, l\u00fd t\u01b0\u1edfng cho vi\u1ec7c s\u1eed d\u1ee5ng trong m\u00f4i tr\u01b0\u1eddng kh\u1eafc nghi\u1ec7t. Ngo\u00e0i ra, n\u00f3 \u0111\u01b0\u1ee3c ch\u1ebf t\u1ea1o t\u1eeb v\u1eadt li\u1ec7u ch\u1ea5t l\u01b0\u1ee3ng cao, \u0111\u1ea3m b\u1ea3o hi\u1ec7u su\u1ea5t v\u00e0 \u0111\u1ed9 tin c\u1eady l\u00e2u d\u00e0i.<\/p>\n<p>Xi lanh piston th\u1ee7y l\u1ef1c \u0111i\u1ec1u ch\u1ec9nh \u0111\u01b0\u1ee3c b\u00e1n ch\u1ea1y nh\u1ea5t n\u00e0y d\u1ec5 l\u1eafp \u0111\u1eb7t v\u00e0 s\u1eed d\u1ee5ng, l\u00e0 l\u1ef1a ch\u1ecdn ti\u1ec7n l\u1ee3i cho c\u00e1c nh\u00e0 s\u1ea3n xu\u1ea5t v\u00e0 \u1ee9ng d\u1ee5ng c\u00f4ng nghi\u1ec7p. N\u00f3 c\u0169ng c\u00f3 nhi\u1ec1u k\u00edch c\u1ee1 v\u00e0 c\u1ea5u h\u00ecnh kh\u00e1c nhau, ph\u00f9 h\u1ee3p v\u1edbi nhi\u1ec1u \u1ee9ng d\u1ee5ng.<\/p>\n<p><img loading=\"lazy\" decoding=\"async\" class=\"alignnone size-full wp-image-1334\" src=\"https:\/\/fmp-components.com\/wp-content\/uploads\/2024\/12\/Adjustable-Clevis-Type-Cylinders-4.webp\" alt=\"Xi lanh lo\u1ea1i ch\u1ed1t c\u00f3 th\u1ec3 \u0111i\u1ec1u ch\u1ec9nh\" width=\"800\" height=\"800\" title=\"\" srcset=\"https:\/\/fmp-components.com\/wp-content\/uploads\/2024\/12\/Adjustable-Clevis-Type-Cylinders-4.webp 800w, https:\/\/fmp-components.com\/wp-content\/uploads\/2024\/12\/Adjustable-Clevis-Type-Cylinders-4-480x480.webp 480w\" sizes=\"(min-width: 0px) and (max-width: 480px) 480px, (min-width: 481px) 800px, 100vw\" \/><\/p>\n<p>T\u00f3m l\u1ea1i, Xi lanh piston th\u1ee7y l\u1ef1c \u0111i\u1ec1u ch\u1ec9nh \u0111\u01b0\u1ee3c b\u00e1n ch\u1ea1y l\u00e0 m\u1ed9t linh ki\u1ec7n ch\u1ea5t l\u01b0\u1ee3ng cao v\u00e0 \u0111a n\u0103ng, l\u00fd t\u01b0\u1edfng \u0111\u1ec3 s\u1eed d\u1ee5ng trong nhi\u1ec1u \u1ee9ng d\u1ee5ng c\u00f4ng nghi\u1ec7p kh\u00e1c nhau. \u0110\u1ed9 b\u1ec1n, kh\u1ea3 n\u0103ng \u0111i\u1ec1u ch\u1ec9nh v\u00e0 d\u1ec5 s\u1eed d\u1ee5ng khi\u1ebfn n\u00f3 tr\u1edf th\u00e0nh l\u1ef1a ch\u1ecdn ph\u1ed5 bi\u1ebfn c\u1ee7a c\u00e1c nh\u00e0 s\u1ea3n xu\u1ea5t v\u00e0 ng\u01b0\u1eddi v\u1eadn h\u00e0nh c\u00f4ng nghi\u1ec7p.<\/p>\n<p><strong>Th\u00f4ng tin s\u1ea3n ph\u1ea9m<\/strong><\/p>\n<table style=\"width: 100%;\" border=\"1\" width=\"100%\" cellspacing=\"0\" cellpadding=\"0\">\n<tbody>\n<tr>\n<th>T\u00ecnh tr\u1ea1ng<\/th>\n<td>M\u1edbi<\/td>\n<\/tr>\n<tr>\n<th>B\u1ea3o h\u00e0nh<\/th>\n<td>1 n\u0103m<\/td>\n<\/tr>\n<tr>\n<th>C\u00e1c ng\u00e0nh c\u00f4ng nghi\u1ec7p \u00e1p d\u1ee5ng<\/th>\n<td>X\u01b0\u1edfng s\u1eeda ch\u1eefa m\u00e1y m\u00f3c, trang tr\u1ea1i, n\u0103ng l\u01b0\u1ee3ng v\u00e0 khai th\u00e1c m\u1ecf, s\u1ea3n xu\u1ea5t m\u00e1y m\u00f3c, nh\u00e0 m\u00e1y m\u00e1y m\u00f3c<\/td>\n<\/tr>\n<tr>\n<th>C\u00e2n n\u1eb7ng (KG)<\/th>\n<td>30<\/td>\n<\/tr>\n<tr>\n<th>Video Ki\u1ec3m tra \u0111\u1ea7u ra<\/th>\n<td>Cung c\u1ea5p<\/td>\n<\/tr>\n<tr>\n<th>B\u00e1o c\u00e1o th\u1eed nghi\u1ec7m m\u00e1y m\u00f3c<\/th>\n<td>Cung c\u1ea5p<\/td>\n<\/tr>\n<tr>\n<th>Lo\u1ea1i h\u00ecnh ti\u1ebfp th\u1ecb<\/th>\n<td>S\u1ea3n ph\u1ea9m m\u1edbi n\u0103m 2023<\/td>\n<\/tr>\n<tr>\n<th>B\u1ea3o h\u00e0nh linh ki\u1ec7n c\u1ed1t l\u00f5i<\/th>\n<td>1 n\u0103m<\/td>\n<\/tr>\n<tr>\n<th>C\u00e1c th\u00e0nh ph\u1ea7n c\u1ed1t l\u00f5i<\/th>\n<td>V\u00f2ng bi, xi lanh th\u1ee7y l\u1ef1c<\/td>\n<\/tr>\n<tr>\n<th>Ti\u00eau chu\u1ea9n ho\u1eb7c Kh\u00f4ng ti\u00eau chu\u1ea9n<\/th>\n<td>Ti\u00eau chu\u1ea9n<\/td>\n<\/tr>\n<tr>\n<th>K\u1ebft c\u1ea5u<\/th>\n<td>Xi lanh piston<\/td>\n<\/tr>\n<tr>\n<th>Quy\u1ec1n l\u1ef1c<\/th>\n<td>Th\u1ee7y l\u1ef1c<\/td>\n<\/tr>\n<tr>\n<th>V\u1eadt li\u1ec7u th\u00e2n m\u00e1y<\/th>\n<td>Th\u00e9p<\/td>\n<\/tr>\n<tr>\n<th>L\u1ef1c \u0111\u1ea9y t\u1ed1i \u0111a<\/th>\n<td>3000<\/td>\n<\/tr>\n<tr>\n<th>Ki\u1ec3u<\/th>\n<td>Xi lanh lo\u1ea1i Clevis c\u00f3 th\u1ec3 \u0111i\u1ec1u ch\u1ec9nh<\/td>\n<\/tr>\n<tr>\n<th>C\u1ed5ng<\/th>\n<td>G\/SAE\/NPT\/M<\/td>\n<\/tr>\n<tr>\n<th>L\u1ef1c k\u00e9o t\u1ed1i \u0111a<\/th>\n<td>20 t\u1ea5n<\/td>\n<\/tr>\n<tr>\n<th>Ch\u1ee9ng nh\u1eadn<\/th>\n<td>ISO9001:2000<\/td>\n<\/tr>\n<tr>\n<th>K\u00edch th\u01b0\u1edbc l\u1ed7 khoan<\/th>\n<td>2-6 inch<\/td>\n<\/tr>\n<tr>\n<th>K\u00edch th\u01b0\u1edbc thanh<\/th>\n<td>1,125-4 inch<\/td>\n<\/tr>\n<tr>\n<th>K\u00edch th\u01b0\u1edbc n\u00e9t v\u1ebd<\/th>\n<td>4-100 inch<\/td>\n<\/tr>\n<tr>\n<th>K\u00edch th\u01b0\u1edbc ch\u00e2n c\u1eafm<\/th>\n<td>0,5-2 inch<\/td>\n<\/tr>\n<tr>\n<th>M\u00e0u s\u1eafc<\/th>\n<td>\u0110en<\/td>\n<\/tr>\n<tr>\n<th>Chi ti\u1ebft \u0111\u00f3ng g\u00f3i<\/th>\n<td>V\u1ecf s\u1eaft, v\u1ecf g\u1ed7 d\u00e1n ho\u1eb7c h\u1ed9p carton<\/td>\n<\/tr>\n<\/tbody>\n<\/table>\n<p>&nbsp;<\/p>\n<h2>\u01afu \u0111i\u1ec3m c\u1ee7a xi lanh lo\u1ea1i ch\u1ed1t c\u00f3 th\u1ec3 \u0111i\u1ec1u ch\u1ec9nh<\/h2>\n<p>C\u00e1c lo\u1ea1i xi lanh \u0111i\u1ec1u ch\u1ec9nh ki\u1ec3u c\u00e0ng cua, nh\u01b0 xi lanh piston th\u1ee7y l\u1ef1c \u0111i\u1ec1u ch\u1ec9nh b\u00e1n ch\u1ea1y hi\u1ec7n nay, mang l\u1ea1i nhi\u1ec1u l\u1ee3i \u00edch v\u00e0 \u01b0u \u0111i\u1ec3m khi\u1ebfn ch\u00fang tr\u1edf th\u00e0nh l\u1ef1a ch\u1ecdn ph\u1ed5 bi\u1ebfn trong nhi\u1ec1u ng\u00e0nh c\u00f4ng nghi\u1ec7p. Trong b\u00e0i vi\u1ebft n\u00e0y, ch\u00fang ta s\u1ebd t\u00ecm hi\u1ec3u chi ti\u1ebft m\u1ed9t s\u1ed1 \u01b0u \u0111i\u1ec3m \u0111\u00f3.<\/p>\n<p>1. T\u00ednh linh ho\u1ea1t \u0111\u01b0\u1ee3c n\u00e2ng cao: M\u1ed9t trong nh\u1eefng \u01b0u \u0111i\u1ec3m ch\u00ednh c\u1ee7a xi lanh ki\u1ec3u c\u00e0ng n\u1ed1i \u0111i\u1ec1u ch\u1ec9nh \u0111\u01b0\u1ee3c l\u00e0 kh\u1ea3 n\u0103ng mang l\u1ea1i t\u00ednh linh ho\u1ea1t cao trong nhi\u1ec1u \u1ee9ng d\u1ee5ng kh\u00e1c nhau. C\u00e1c xi lanh n\u00e0y cho ph\u00e9p c\u00e1c t\u00f9y ch\u1ecdn l\u1eafp \u0111\u1eb7t c\u00f3 th\u1ec3 \u0111i\u1ec1u ch\u1ec9nh, c\u00f3 ngh\u0129a l\u00e0 ch\u00fang c\u00f3 th\u1ec3 d\u1ec5 d\u00e0ng th\u00edch \u1ee9ng v\u1edbi c\u00e1c y\u00eau c\u1ea7u l\u1eafp \u0111\u1eb7t kh\u00e1c nhau. Cho d\u00f9 \u0111\u00f3 l\u00e0 \u0111i\u1ec1u ch\u1ec9nh g\u00f3c ho\u1eb7c v\u1ecb tr\u00ed l\u1eafp \u0111\u1eb7t, c\u00e1c xi lanh n\u00e0y \u0111\u1ec1u cung c\u1ea5p s\u1ef1 linh ho\u1ea1t c\u1ea7n thi\u1ebft \u0111\u1ec3 \u0111\u00e1p \u1ee9ng c\u00e1c nhu c\u1ea7u c\u1ee5 th\u1ec3.<\/p>\n<p>2. \u0110\u1ecbnh v\u1ecb ch\u00ednh x\u00e1c: M\u1ed9t \u01b0u \u0111i\u1ec3m \u0111\u00e1ng ch\u00fa \u00fd kh\u00e1c c\u1ee7a xi lanh ki\u1ec3u c\u00e0ng n\u1ed1i \u0111i\u1ec1u ch\u1ec9nh \u0111\u01b0\u1ee3c l\u00e0 kh\u1ea3 n\u0103ng \u0111\u1ecbnh v\u1ecb ch\u00ednh x\u00e1c. V\u1edbi c\u00e1c c\u00e0ng n\u1ed1i \u0111i\u1ec1u ch\u1ec9nh \u0111\u01b0\u1ee3c, c\u00e1c xi lanh n\u00e0y c\u00f3 th\u1ec3 \u0111\u01b0\u1ee3c tinh ch\u1ec9nh \u0111\u1ec3 \u0111\u1ea1t \u0111\u01b0\u1ee3c v\u1ecb tr\u00ed ch\u00ednh x\u00e1c v\u00e0 l\u1eb7p l\u1ea1i. \u0110i\u1ec1u n\u00e0y \u0111\u1eb7c bi\u1ec7t c\u00f3 l\u1ee3i trong c\u00e1c \u1ee9ng d\u1ee5ng m\u00e0 vi\u1ec7c ki\u1ec3m so\u00e1t v\u00e0 \u0111\u1ecbnh v\u1ecb ch\u00ednh x\u00e1c l\u00e0 r\u1ea5t quan tr\u1ecdng, ch\u1eb3ng h\u1ea1n nh\u01b0 trong c\u00e1c quy tr\u00ecnh s\u1ea3n xu\u1ea5t ho\u1eb7c h\u1ec7 th\u1ed1ng x\u1eed l\u00fd v\u1eadt li\u1ec7u.<\/p>\n<p>3. Ph\u00e2n b\u1ed5 t\u1ea3i tr\u1ecdng \u0111\u01b0\u1ee3c c\u1ea3i thi\u1ec7n: Xi lanh ki\u1ec3u c\u00e0ng n\u1ed1i \u0111i\u1ec1u ch\u1ec9nh \u0111\u01b0\u1ee3c c\u00f3 kh\u1ea3 n\u0103ng ph\u00e2n b\u1ed5 t\u1ea3i tr\u1ecdng \u0111\u1ed3ng \u0111\u1ec1u v\u01b0\u1ee3t tr\u1ed9i. Nh\u1edd cho ph\u00e9p \u0111i\u1ec1u ch\u1ec9nh v\u1ecb tr\u00ed l\u1eafp \u0111\u1eb7t, c\u00e1c xi lanh n\u00e0y c\u00f3 th\u1ec3 \u0111\u01b0\u1ee3c c\u0103n ch\u1ec9nh \u0111\u1ec3 t\u1ed1i \u01b0u h\u00f3a vi\u1ec7c ph\u00e2n b\u1ed5 t\u1ea3i tr\u1ecdng tr\u00ean nhi\u1ec1u \u0111i\u1ec3m, ng\u0103n ng\u1eeba \u1ee9ng su\u1ea5t qu\u00e1 m\u1ee9c t\u1ea1i b\u1ea5t k\u1ef3 \u0111i\u1ec3m n\u00e0o. \u0110i\u1ec1u n\u00e0y gi\u00fap t\u0103ng c\u01b0\u1eddng t\u00ednh \u1ed5n \u0111\u1ecbnh v\u00e0 hi\u1ec7u qu\u1ea3 t\u1ed5ng th\u1ec3 trong c\u00e1c \u1ee9ng d\u1ee5ng ch\u1ecbu t\u1ea3i kh\u00e1c nhau.<\/p>\n<p>4. N\u00e2ng cao hi\u1ec7u su\u1ea5t: Vi\u1ec7c s\u1eed d\u1ee5ng xi lanh ki\u1ec3u c\u00e0ng cua \u0111i\u1ec1u ch\u1ec9nh \u0111\u01b0\u1ee3c c\u00f3 th\u1ec3 n\u00e2ng cao \u0111\u00e1ng k\u1ec3 hi\u1ec7u su\u1ea5t c\u1ee7a h\u1ec7 th\u1ed1ng th\u1ee7y l\u1ef1c. B\u1eb1ng c\u00e1ch tinh ch\u1ec9nh v\u1ecb tr\u00ed l\u1eafp \u0111\u1eb7t, c\u00e1c xi lanh n\u00e0y c\u00f3 th\u1ec3 c\u1ea3i thi\u1ec7n s\u1ef1 th\u1eb3ng h\u00e0ng c\u1ee7a c\u00e1c b\u1ed9 ph\u1eadn chuy\u1ec3n \u0111\u1ed9ng, gi\u1ea3m ma s\u00e1t v\u00e0 m\u00e0i m\u00f2n. \u0110i\u1ec1u n\u00e0y d\u1eabn \u0111\u1ebfn ho\u1ea1t \u0111\u1ed9ng tr\u01a1n tru h\u01a1n, hi\u1ec7u qu\u1ea3 \u0111\u01b0\u1ee3c c\u1ea3i thi\u1ec7n v\u00e0 tu\u1ed5i th\u1ecd c\u1ee7a c\u00e1c b\u1ed9 ph\u1eadn \u0111\u01b0\u1ee3c k\u00e9o d\u00e0i.<\/p>\n<p>5. D\u1ec5 b\u1ea3o tr\u00ec: Xi lanh ki\u1ec3u c\u00e0ng n\u1ed1i \u0111i\u1ec1u ch\u1ec9nh \u0111\u01b0\u1ee3c c\u0169ng mang l\u1ea1i l\u1ee3i th\u1ebf v\u1ec1 vi\u1ec7c b\u1ea3o tr\u00ec d\u1ec5 d\u00e0ng. V\u1edbi c\u00e1c t\u00f9y ch\u1ecdn l\u1eafp \u0111\u1eb7t \u0111i\u1ec1u ch\u1ec9nh \u0111\u01b0\u1ee3c, vi\u1ec7c ti\u1ebfp c\u1eadn v\u00e0 b\u1ea3o d\u01b0\u1ee1ng xi lanh tr\u1edf n\u00ean \u0111\u01a1n gi\u1ea3n v\u00e0 thu\u1eadn ti\u1ec7n h\u01a1n. \u0110i\u1ec1u n\u00e0y cho ph\u00e9p ki\u1ec3m tra, s\u1eeda ch\u1eefa v\u00e0 thay th\u1ebf nhanh h\u01a1n, gi\u1ea3m thi\u1ec3u th\u1eddi gian ng\u1eebng ho\u1ea1t \u0111\u1ed9ng v\u00e0 c\u1ea3i thi\u1ec7n n\u0103ng su\u1ea5t t\u1ed5ng th\u1ec3.<\/p>\n<p>T\u00f3m l\u1ea1i, xi lanh ki\u1ec3u c\u00e0ng n\u1ed1i \u0111i\u1ec1u ch\u1ec9nh \u0111\u01b0\u1ee3c, ch\u1eb3ng h\u1ea1n nh\u01b0 xi lanh piston th\u1ee7y l\u1ef1c \u0111i\u1ec1u ch\u1ec9nh \u0111\u01b0\u1ee3c b\u00e1n ch\u1ea1y hi\u1ec7n nay, c\u00f3 r\u1ea5t nhi\u1ec1u \u01b0u \u0111i\u1ec3m. T\u1eeb t\u00ednh linh ho\u1ea1t cao v\u00e0 kh\u1ea3 n\u0103ng \u0111\u1ecbnh v\u1ecb ch\u00ednh x\u00e1c \u0111\u1ebfn kh\u1ea3 n\u0103ng ph\u00e2n b\u1ed5 t\u1ea3i tr\u1ecdng v\u00e0 hi\u1ec7u su\u1ea5t \u0111\u01b0\u1ee3c c\u1ea3i thi\u1ec7n, c\u00e1c xi lanh n\u00e0y mang l\u1ea1i nhi\u1ec1u l\u1ee3i \u00edch, khi\u1ebfn ch\u00fang tr\u1edf th\u00e0nh l\u1ef1a ch\u1ecdn \u01b0u ti\u00ean trong nhi\u1ec1u ng\u00e0nh c\u00f4ng nghi\u1ec7p. V\u1edbi c\u00e1c t\u00f9y ch\u1ecdn l\u1eafp \u0111\u1eb7t c\u00f3 th\u1ec3 \u0111i\u1ec1u ch\u1ec9nh, c\u00e1c xi lanh n\u00e0y mang l\u1ea1i t\u00ednh linh ho\u1ea1t, d\u1ec5 b\u1ea3o tr\u00ec v\u00e0 hi\u1ec7u qu\u1ea3 \u0111\u01b0\u1ee3c n\u00e2ng cao.<img decoding=\"async\" src=\"https:\/\/fmp-components.com\/wp-content\/uploads\/2024\/12\/Adjustable-Clevis-Type-Cylinders5.webp\" alt=\"Xi lanh lo\u1ea1i Clevis c\u00f3 th\u1ec3 \u0111i\u1ec1u ch\u1ec9nh\" width=\"800\" title=\"\"><\/p>\n<h2>\u1ee8ng d\u1ee5ng c\u1ee7a xi lanh lo\u1ea1i ch\u1ed1t c\u00f3 th\u1ec3 \u0111i\u1ec1u ch\u1ec9nh<\/h2>\n<p>C\u00e1c lo\u1ea1i xi lanh \u0111i\u1ec1u ch\u1ec9nh ki\u1ec3u c\u00e0ng cua, ch\u1eb3ng h\u1ea1n nh\u01b0 xi lanh piston th\u1ee7y l\u1ef1c \u0111i\u1ec1u ch\u1ec9nh b\u00e1n ch\u1ea1y hi\u1ec7n nay, l\u00e0 nh\u1eefng b\u1ed9 ph\u1eadn \u0111a n\u0103ng \u0111\u01b0\u1ee3c s\u1eed d\u1ee5ng r\u1ed9ng r\u00e3i trong nhi\u1ec1u ng\u00e0nh c\u00f4ng nghi\u1ec7p. Nh\u1eefng xi lanh n\u00e0y mang l\u1ea1i nhi\u1ec1u l\u1ee3i \u00edch v\u00e0 c\u00f3 th\u1ec3 \u0111\u01b0\u1ee3c \u1ee9ng d\u1ee5ng trong c\u00e1c t\u00ecnh hu\u1ed1ng kh\u00e1c nhau, n\u01a1i c\u1ea7n chuy\u1ec3n \u0111\u1ed9ng tuy\u1ebfn t\u00ednh ch\u00ednh x\u00e1c v\u00e0 \u0111\u01b0\u1ee3c ki\u1ec3m so\u00e1t. Trong b\u00e0i vi\u1ebft n\u00e0y, ch\u00fang ta s\u1ebd kh\u00e1m ph\u00e1 c\u00e1c \u1ee9ng d\u1ee5ng c\u1ee7a xi lanh \u0111i\u1ec1u ch\u1ec9nh ki\u1ec3u c\u00e0ng cua v\u00e0 \u0111i s\u00e2u v\u00e0o ch\u1ee9c n\u0103ng c\u0169ng nh\u01b0 \u01b0u \u0111i\u1ec3m c\u1ee7a ch\u00fang.<\/p>\n<p>1. <u>T\u1ef1 \u0111\u1ed9ng h\u00f3a c\u00f4ng nghi\u1ec7p:<\/u> Xi lanh kh\u1edbp n\u1ed1i \u0111i\u1ec1u ch\u1ec9nh \u0111\u00f3ng vai tr\u00f2 quan tr\u1ecdng trong c\u00e1c h\u1ec7 th\u1ed1ng t\u1ef1 \u0111\u1ed9ng h\u00f3a c\u00f4ng nghi\u1ec7p. Ch\u00fang th\u01b0\u1eddng \u0111\u01b0\u1ee3c s\u1eed d\u1ee5ng trong c\u00e1c \u1ee9ng d\u1ee5ng robot, n\u01a1i ch\u00fang cung c\u1ea5p l\u1ef1c v\u00e0 kh\u1ea3 n\u0103ng \u0111i\u1ec1u khi\u1ec3n chuy\u1ec3n \u0111\u1ed9ng c\u1ea7n thi\u1ebft \u0111\u1ec3 th\u1ef1c hi\u1ec7n nhi\u1ec1u nhi\u1ec7m v\u1ee5 kh\u00e1c nhau. C\u00e1c xi lanh n\u00e0y c\u00f3 th\u1ec3 \u0111\u01b0\u1ee3c \u0111i\u1ec1u ch\u1ec9nh \u0111\u1ec3 \u0111\u1ea1t \u0111\u01b0\u1ee3c c\u00e1c chi\u1ec1u d\u00e0i h\u00e0nh tr\u00ecnh v\u00e0 v\u1ecb tr\u00ed kh\u00e1c nhau, cho ph\u00e9p chuy\u1ec3n \u0111\u1ed9ng ch\u00ednh x\u00e1c v\u00e0 l\u1eb7p l\u1ea1i trong d\u00e2y chuy\u1ec1n l\u1eafp r\u00e1p, x\u1eed l\u00fd v\u1eadt li\u1ec7u v\u00e0 c\u00e1c quy tr\u00ecnh t\u1ef1 \u0111\u1ed9ng kh\u00e1c.<\/p>\n<p>2. <u>M\u00e1y c\u00f4ng c\u1ee5:<\/u> Trong l\u0129nh v\u1ef1c m\u00e1y c\u00f4ng c\u1ee5, xi lanh \u0111i\u1ec1u ch\u1ec9nh ki\u1ec3u c\u00e0ng cua \u0111\u01b0\u1ee3c \u1ee9ng d\u1ee5ng r\u1ed9ng r\u00e3i. Ch\u00fang \u0111\u01b0\u1ee3c s\u1eed d\u1ee5ng trong c\u00e1c m\u00e1y m\u00f3c nh\u01b0 m\u00e1y \u00e9p, m\u00e1y \u0111\u1ed9t d\u1eadp v\u00e0 m\u00e1y u\u1ed1n \u0111\u1ec3 h\u1ed7 tr\u1ee3 nhi\u1ec1u thao t\u00e1c kh\u00e1c nhau. T\u00ednh ch\u1ea5t \u0111i\u1ec1u ch\u1ec9nh \u0111\u01b0\u1ee3c c\u1ee7a c\u00e1c xi lanh n\u00e0y cho ph\u00e9p d\u1ec5 d\u00e0ng th\u00edch \u1ee9ng v\u1edbi c\u00e1c chi ti\u1ebft gia c\u00f4ng kh\u00e1c nhau v\u00e0 y\u00eau c\u1ea7u l\u1ef1c mong mu\u1ed1n. V\u1edbi kh\u1ea3 n\u0103ng \u0111i\u1ec1u khi\u1ec3n ch\u00ednh x\u00e1c v\u00e0 hi\u1ec7u su\u1ea5t \u0111\u00e1ng tin c\u1eady, xi lanh \u0111i\u1ec1u ch\u1ec9nh ki\u1ec3u c\u00e0ng cua g\u00f3p ph\u1ea7n n\u00e2ng cao hi\u1ec7u qu\u1ea3 v\u00e0 \u0111\u1ed9 ch\u00ednh x\u00e1c c\u1ee7a c\u00e1c quy tr\u00ecnh gia c\u00f4ng.<\/p>\n<p>3. <u>X\u00e2y d\u1ef1ng v\u00e0 thi\u1ebft b\u1ecb h\u1ea1ng n\u1eb7ng:<\/u> C\u00e1c xi lanh ki\u1ec3u c\u00e0ng n\u1ed1i \u0111i\u1ec1u ch\u1ec9nh \u0111\u01b0\u1ee3c c\u0169ng \u0111\u01b0\u1ee3c s\u1eed d\u1ee5ng r\u1ed9ng r\u00e3i trong ng\u00e0nh x\u00e2y d\u1ef1ng v\u00e0 thi\u1ebft b\u1ecb h\u1ea1ng n\u1eb7ng. Ch\u00fang \u0111\u01b0\u1ee3c s\u1eed d\u1ee5ng trong c\u00e1c thi\u1ebft b\u1ecb nh\u01b0 c\u1ea7n c\u1ea9u, m\u00e1y x\u00fac v\u00e0 m\u00e1y ch\u1ea5t t\u1ea3i \u0111\u1ec3 cung c\u1ea5p kh\u1ea3 n\u0103ng n\u00e2ng v\u00e0 di chuy\u1ec3n \u0111\u01b0\u1ee3c ki\u1ec3m so\u00e1t. C\u00e1c xi lanh n\u00e0y cho ph\u00e9p ng\u01b0\u1eddi v\u1eadn h\u00e0nh \u0111i\u1ec1u ch\u1ec9nh chi\u1ec1u d\u00e0i n\u00e2ng v\u00e0 k\u00e9o d\u00e0i theo y\u00eau c\u1ea7u c\u1ee5 th\u1ec3 c\u1ee7a t\u1eebng nhi\u1ec7m v\u1ee5, \u0111\u1ea3m b\u1ea3o ho\u1ea1t \u0111\u1ed9ng an to\u00e0n v\u00e0 hi\u1ec7u qu\u1ea3 t\u1ea1i c\u00e1c c\u00f4ng tr\u01b0\u1eddng x\u00e2y d\u1ef1ng v\u00e0 c\u00e1c \u1ee9ng d\u1ee5ng h\u1ea1ng n\u1eb7ng kh\u00e1c.<\/p>\n<p>4. <u>V\u1eadn t\u1ea3i:<\/u> C\u00e1c xi lanh ki\u1ec3u c\u00e0ng n\u1ed1i \u0111i\u1ec1u ch\u1ec9nh \u0111\u00f3ng vai tr\u00f2 quan tr\u1ecdng trong nhi\u1ec1u h\u1ec7 th\u1ed1ng v\u1eadn t\u1ea3i. Ch\u00fang \u0111\u01b0\u1ee3c s\u1eed d\u1ee5ng trong c\u00e1c ph\u01b0\u01a1ng ti\u1ec7n nh\u01b0 xe t\u1ea3i t\u1ef1 \u0111\u1ed5, xe ch\u1edf r\u00e1c v\u00e0 m\u00e1y m\u00f3c n\u00f4ng nghi\u1ec7p \u0111\u1ec3 cho ph\u00e9p c\u00e1c ho\u1ea1t \u0111\u1ed9ng nghi\u00eang, \u0111\u1ed5 v\u00e0 n\u00e2ng h\u1ea1 \u0111\u01b0\u1ee3c ki\u1ec3m so\u00e1t. Kh\u1ea3 n\u0103ng \u0111i\u1ec1u ch\u1ec9nh c\u1ee7a c\u00e1c xi lanh n\u00e0y cho ph\u00e9p ki\u1ec3m so\u00e1t ch\u00ednh x\u00e1c chuy\u1ec3n \u0111\u1ed9ng, \u0111\u1ea3m b\u1ea3o vi\u1ec7c x\u1eed l\u00fd t\u1ea3i tr\u1ecdng an to\u00e0n v\u00e0 hi\u1ec7u qu\u1ea3 trong c\u00e1c \u1ee9ng d\u1ee5ng v\u1eadn t\u1ea3i.<\/p>\n<p>5. <u>N\u00f4ng nghi\u1ec7p:<\/u> Trong l\u0129nh v\u1ef1c n\u00f4ng nghi\u1ec7p, c\u00e1c xi lanh ki\u1ec3u c\u00e0ng n\u1ed1i \u0111i\u1ec1u ch\u1ec9nh \u0111\u01b0\u1ee3c s\u1eed d\u1ee5ng trong nhi\u1ec1u lo\u1ea1i thi\u1ebft b\u1ecb n\u00f4ng nghi\u1ec7p. Ch\u00fang \u0111\u01b0\u1ee3c s\u1eed d\u1ee5ng trong c\u00e1c m\u00e1y m\u00f3c nh\u01b0 m\u00e1y g\u1eb7t, m\u00e1y \u0111\u00f3ng ki\u1ec7n v\u00e0 m\u00e1y phun thu\u1ed1c \u0111\u1ec3 cung c\u1ea5p c\u00e1c chuy\u1ec3n \u0111\u1ed9ng \u0111\u01b0\u1ee3c ki\u1ec3m so\u00e1t cho c\u00e1c c\u00f4ng vi\u1ec7c nh\u01b0 thu ho\u1ea1ch c\u00e2y tr\u1ed3ng, \u0111\u00f3ng ki\u1ec7n v\u00e0 phun thu\u1ed1c. T\u00ednh n\u0103ng \u0111i\u1ec1u ch\u1ec9nh c\u1ee7a c\u00e1c xi lanh n\u00e0y cho ph\u00e9p n\u00f4ng d\u00e2n \u0111i\u1ec1u ch\u1ec9nh thi\u1ebft b\u1ecb c\u1ee7a h\u1ecd cho ph\u00f9 h\u1ee3p v\u1edbi chi\u1ec1u cao c\u00e2y tr\u1ed3ng v\u00e0 \u0111i\u1ec1u ki\u1ec7n \u0111\u1ed3ng ru\u1ed9ng kh\u00e1c nhau, n\u00e2ng cao n\u0103ng su\u1ea5t v\u00e0 t\u1ed1i \u01b0u h\u00f3a vi\u1ec7c s\u1eed d\u1ee5ng t\u00e0i nguy\u00ean.<\/p>\n<p>T\u00f3m l\u1ea1i, xi lanh ki\u1ec3u c\u00e0ng n\u1ed1i \u0111i\u1ec1u ch\u1ec9nh \u0111\u01b0\u1ee3c l\u00e0 nh\u1eefng b\u1ed9 ph\u1eadn \u0111a n\u0103ng v\u1edbi nhi\u1ec1u \u1ee9ng d\u1ee5ng trong c\u00e1c ng\u00e0nh c\u00f4ng nghi\u1ec7p kh\u00e1c nhau. T\u00ednh ch\u1ea5t \u0111i\u1ec1u ch\u1ec9nh \u0111\u01b0\u1ee3c, k\u1ebft h\u1ee3p v\u1edbi kh\u1ea3 n\u0103ng \u0111i\u1ec1u khi\u1ec3n ch\u00ednh x\u00e1c v\u00e0 \u0111\u1ed9 tin c\u1eady, khi\u1ebfn ch\u00fang tr\u1edf n\u00ean kh\u00f4ng th\u1ec3 thi\u1ebfu trong t\u1ef1 \u0111\u1ed9ng h\u00f3a c\u00f4ng nghi\u1ec7p, m\u00e1y c\u00f4ng c\u1ee5, x\u00e2y d\u1ef1ng v\u00e0 thi\u1ebft b\u1ecb h\u1ea1ng n\u1eb7ng, v\u1eadn t\u1ea3i v\u00e0 n\u00f4ng nghi\u1ec7p. Xi lanh piston th\u1ee7y l\u1ef1c \u0111i\u1ec1u ch\u1ec9nh \u0111\u01b0\u1ee3c b\u00e1n ch\u1ea1y hi\u1ec7n nay l\u00e0 m\u1ed9t v\u00ed d\u1ee5 \u0111i\u1ec3n h\u00ecnh, mang l\u1ea1i hi\u1ec7u su\u1ea5t v\u01b0\u1ee3t tr\u1ed9i v\u00e0 t\u00ednh linh ho\u1ea1t trong c\u00e1c \u1ee9ng d\u1ee5ng \u0111\u00f2i h\u1ecfi cao.<img decoding=\"async\" src=\"https:\/\/fmp-components.com\/wp-content\/uploads\/2024\/12\/Application-of-Adjustable-Clevis-Type-Cylinders.webp\" alt=\"Xi lanh lo\u1ea1i Clevis c\u00f3 th\u1ec3 \u0111i\u1ec1u ch\u1ec9nh\" width=\"800\" title=\"\"><\/p>\n<h3>Gi\u1edbi thi\u1ec7u v\u1ec1 FMP \u2013 Nh\u00e0 cung c\u1ea5p xi lanh th\u1ee7y l\u1ef1c chuy\u00ean nghi\u1ec7p c\u1ee7a b\u1ea1n<\/h3>\n<p>T\u1ea1i FMP, ch\u00fang t\u00f4i chuy\u00ean b\u00e1n v\u00e0 b\u1ea3o d\u01b0\u1ee1ng ph\u1ee5 t\u00f9ng m\u00e1y m\u00f3c x\u00e2y d\u1ef1ng v\u00e0 m\u00e1y m\u00f3c ho\u00e0n ch\u1ec9nh, v\u00e0 t\u1ef1 h\u00e0o l\u00e0 nh\u00e0 cung c\u1ea5p h\u00e0ng \u0111\u1ea7u c\u00e1c lo\u1ea1i xi lanh th\u1ee7y l\u1ef1c ch\u1ea5t l\u01b0\u1ee3ng cao v\u00e0 \u0111\u00e1ng tin c\u1eady. D\u01b0\u1edbi \u0111\u00e2y l\u00e0 m\u1ed9t v\u00e0i l\u00fd do t\u1ea1i sao ch\u00fang t\u00f4i tin r\u1eb1ng xi lanh th\u1ee7y l\u1ef1c c\u1ee7a ch\u00fang t\u00f4i l\u00e0 t\u1ed1t nh\u1ea5t tr\u00ean th\u1ecb tr\u01b0\u1eddng:<\/p>\n<p>1. K\u1ef9 thu\u1eadt ch\u00ednh x\u00e1c \u2013 Xi lanh th\u1ee7y l\u1ef1c c\u1ee7a ch\u00fang t\u00f4i \u0111\u01b0\u1ee3c thi\u1ebft k\u1ebf v\u1edbi k\u1ef9 thu\u1eadt ch\u00ednh x\u00e1c, \u0111\u1ea3m b\u1ea3o \u0111\u1ed9 b\u1ec1n v\u00e0 \u0111\u1ed9 tin c\u1eady ngay c\u1ea3 trong nh\u1eefng \u0111i\u1ec1u ki\u1ec7n kh\u1eafc nghi\u1ec7t nh\u1ea5t.<\/p>\n<p>2. \u1ee8ng d\u1ee5ng r\u1ed9ng r\u00e3i \u2013 Xi lanh th\u1ee7y l\u1ef1c c\u1ee7a ch\u00fang t\u00f4i c\u00f3 th\u1ec3 \u0111\u01b0\u1ee3c s\u1eed d\u1ee5ng trong nhi\u1ec1u \u1ee9ng d\u1ee5ng, bao g\u1ed3m m\u00e1y m\u00f3c n\u00f4ng nghi\u1ec7p, thi\u1ebft b\u1ecb c\u00f4ng nghi\u1ec7p v\u00e0 m\u00e1y m\u00f3c x\u00e2y d\u1ef1ng.<\/p>\n<p>3. Thi\u1ebft k\u1ebf t\u00f9y ch\u1ec9nh \u2013 Ch\u00fang t\u00f4i c\u00f3 th\u1ec3 t\u00f9y ch\u1ec9nh thi\u1ebft k\u1ebf xi lanh th\u1ee7y l\u1ef1c \u0111\u1ec3 \u0111\u00e1p \u1ee9ng nhu c\u1ea7u c\u1ee5 th\u1ec3 c\u1ee7a kh\u00e1ch h\u00e0ng, \u0111\u1ea3m b\u1ea3o r\u1eb1ng h\u1ecd c\u00f3 \u0111\u01b0\u1ee3c hi\u1ec7u su\u1ea5t t\u1ed1t nh\u1ea5t c\u00f3 th\u1ec3 t\u1eeb s\u1ea3n ph\u1ea9m c\u1ee7a ch\u00fang t\u00f4i.<\/p>\n<p>4. V\u1eadt li\u1ec7u ch\u1ea5t l\u01b0\u1ee3ng cao \u2013 Ch\u00fang t\u00f4i ch\u1ec9 s\u1eed d\u1ee5ng nh\u1eefng v\u1eadt li\u1ec7u ch\u1ea5t l\u01b0\u1ee3ng cao nh\u1ea5t trong qu\u00e1 tr\u00ecnh s\u1ea3n xu\u1ea5t xi lanh th\u1ee7y l\u1ef1c, \u0111\u1ea3m b\u1ea3o ch\u00fang c\u00f3 th\u1ec3 ch\u1ecbu \u0111\u01b0\u1ee3c s\u1ef1 hao m\u00f2n theo th\u1eddi gian.<\/p>\n<p>5. H\u1ed7 tr\u1ee3 kh\u00e1ch h\u00e0ng xu\u1ea5t s\u1eafc \u2013 T\u1ea1i FMP, ch\u00fang t\u00f4i t\u1ef1 h\u00e0o cung c\u1ea5p d\u1ecbch v\u1ee5 h\u1ed7 tr\u1ee3 kh\u00e1ch h\u00e0ng xu\u1ea5t s\u1eafc cho t\u1ea5t c\u1ea3 kh\u00e1ch h\u00e0ng. T\u1eeb t\u01b0 v\u1ea5n s\u1ea3n ph\u1ea9m \u0111\u1ebfn g\u1ee3i \u00fd mua h\u00e0ng th\u00f4ng minh, \u0111\u1ed9i ng\u0169 b\u00e1n h\u00e0ng gi\u00e0u kinh nghi\u1ec7m c\u1ee7a ch\u00fang t\u00f4i lu\u00f4n s\u1eb5n s\u00e0ng h\u1ed7 tr\u1ee3.<\/p>\n<p>V\u00ec v\u1eady, n\u1ebfu b\u1ea1n \u0111ang t\u00ecm ki\u1ebfm m\u1ed9t nh\u00e0 cung c\u1ea5p xi lanh th\u1ee7y l\u1ef1c \u0111\u00e1ng tin c\u1eady v\u00e0 b\u1ec1n b\u1ec9, h\u00e3y \u0111\u1ebfn v\u1edbi FMP. Li\u00ean h\u1ec7 v\u1edbi ch\u00fang t\u00f4i ngay h\u00f4m nay \u0111\u1ec3 t\u00ecm hi\u1ec3u th\u00eam v\u1ec1 c\u00e1c s\u1ea3n ph\u1ea9m v\u00e0 d\u1ecbch v\u1ee5 c\u1ee7a ch\u00fang t\u00f4i, c\u0169ng nh\u01b0 c\u00e1ch ch\u00fang t\u00f4i c\u00f3 th\u1ec3 gi\u00fap b\u1ea1n \u0111\u00e1p \u1ee9ng nhu c\u1ea7u v\u1ec1 m\u00e1y m\u00f3c x\u00e2y d\u1ef1ng!<\/p>\n<p><img decoding=\"async\" src=\"https:\/\/fmp-components.com\/wp-content\/uploads\/2024\/12\/Adjustable-Clevis-Type-Cylinders-6.webp\" alt=\"Xi lanh lo\u1ea1i Clevis c\u00f3 th\u1ec3 \u0111i\u1ec1u ch\u1ec9nh\" width=\"844\" title=\"\"><\/p>\n<h2>C\u00e2u h\u1ecfi th\u01b0\u1eddng g\u1eb7p<\/h2>\n<p><strong>H\u1ecfi: L\u1ef1c k\u00e9o t\u1ed1i \u0111a c\u1ee7a xi lanh piston th\u1ee7y l\u1ef1c \u0111i\u1ec1u ch\u1ec9nh \u0111\u01b0\u1ee3c l\u00e0 bao nhi\u00eau?<\/strong><br \/>\nA: L\u1ef1c k\u00e9o t\u1ed1i \u0111a c\u1ee7a xi lanh piston th\u1ee7y l\u1ef1c \u0111i\u1ec1u ch\u1ec9nh \u0111\u01b0\u1ee3c l\u00e0 20 t\u1ea5n.<\/p>\n<p><strong>H\u1ecfi: Th\u1eddi h\u1ea1n b\u1ea3o h\u00e0nh c\u1ee7a xi lanh piston th\u1ee7y l\u1ef1c l\u00e0 bao l\u00e2u?<\/strong><br \/>\nA: Ch\u00fang t\u00f4i b\u1ea3o h\u00e0nh m\u1ed9t n\u0103m cho xi lanh piston th\u1ee7y l\u1ef1c v\u00e0 c\u00e1c b\u1ed9 ph\u1eadn c\u1ed1t l\u00f5i c\u1ee7a n\u00f3.<\/p>\n<p><strong>H\u1ecfi: C\u00e1c xi lanh piston th\u1ee7y l\u1ef1c c\u00f3 \u0111\u1ea1t ch\u1ee9ng nh\u1eadn ISO kh\u00f4ng?<\/strong><br \/>\nA: V\u00e2ng, c\u00e1c xi lanh piston th\u1ee7y l\u1ef1c c\u1ee7a ch\u00fang t\u00f4i \u0111\u1ea1t ch\u1ee9ng nh\u1eadn ISO9001:2000.<\/p>\n<p><img decoding=\"async\" src=\"https:\/\/img.jiansujichilun.com\/img\/hydrauliccylinders\/C_hydrauliccylinders-3.webp\" alt=\"xi lanh th\u1ee7y l\u1ef1c\" width=\"800\" title=\"\"><\/p>\n<p>T\u00e1c gi\u1ea3: CX<\/p>","protected":false},"excerpt":{"rendered":"<p>Hot Selling Adjustable Hydraulic Piston Cylinder For Sale The Hot Selling Adjustable Hydraulic Piston Cylinder is an essential component in hydraulic systems. It is designed to convert the energy from fluid pressure into linear motion. This cylinder is ideal for use in various industrial applications. The adjustable feature of this cylinder makes it a versatile [&hellip;]<\/p>","protected":false},"featured_media":1340,"comment_status":"closed","ping_status":"closed","template":"","meta":{"_et_pb_use_builder":"","_et_pb_old_content":"","_et_gb_content_width":""},"product_brand":[],"product_cat":[39],"product_tag":[41,34],"class_list":{"0":"post-1382","1":"product","2":"type-product","3":"status-publish","4":"has-post-thumbnail","6":"product_cat-adjustable-clevis-type-cylinders","7":"product_tag-adjustable-clevis-type-cylinders","8":"product_tag-hydraulic-cylinder","10":"first","11":"instock","12":"product-type-simple"},"_links":{"self":[{"href":"https:\/\/fmp-components.com\/vi\/wp-json\/wp\/v2\/product\/1382","targetHints":{"allow":["GET"]}}],"collection":[{"href":"https:\/\/fmp-components.com\/vi\/wp-json\/wp\/v2\/product"}],"about":[{"href":"https:\/\/fmp-components.com\/vi\/wp-json\/wp\/v2\/types\/product"}],"replies":[{"embeddable":true,"href":"https:\/\/fmp-components.com\/vi\/wp-json\/wp\/v2\/comments?post=1382"}],"wp:featuredmedia":[{"embeddable":true,"href":"https:\/\/fmp-components.com\/vi\/wp-json\/wp\/v2\/media\/1340"}],"wp:attachment":[{"href":"https:\/\/fmp-components.com\/vi\/wp-json\/wp\/v2\/media?parent=1382"}],"wp:term":[{"taxonomy":"product_brand","embeddable":true,"href":"https:\/\/fmp-components.com\/vi\/wp-json\/wp\/v2\/product_brand?post=1382"},{"taxonomy":"product_cat","embeddable":true,"href":"https:\/\/fmp-components.com\/vi\/wp-json\/wp\/v2\/product_cat?post=1382"},{"taxonomy":"product_tag","embeddable":true,"href":"https:\/\/fmp-components.com\/vi\/wp-json\/wp\/v2\/product_tag?post=1382"}],"curies":[{"name":"wp","href":"https:\/\/api.w.org\/{rel}","templated":true}]}}