{"id":1380,"date":"2024-12-23T02:19:41","date_gmt":"2024-12-23T02:19:41","guid":{"rendered":"https:\/\/fmp-components.com\/product\/guaranteed-quality-double-acting-agriculture-hydraulic-cylinder-hydraulic-ram-cylinder\/"},"modified":"2024-12-23T02:35:44","modified_gmt":"2024-12-23T02:35:44","slug":"guaranteed-quality-double-acting-agriculture-hydraulic-cylinder-hydraulic-ram-cylinder","status":"publish","type":"product","link":"https:\/\/fmp-components.com\/vi\/product\/guaranteed-quality-double-acting-agriculture-hydraulic-cylinder-hydraulic-ram-cylinder\/","title":{"rendered":"Xi lanh th\u1ee7y l\u1ef1c n\u00f4ng nghi\u1ec7p t\u00e1c \u0111\u1ed9ng k\u00e9p ch\u1ea5t l\u01b0\u1ee3ng \u0111\u1ea3m b\u1ea3o Xi lanh th\u1ee7y l\u1ef1c Ram"},"content":{"rendered":"<p>Xi lanh th\u1ee7y l\u1ef1c t\u00e1c \u0111\u1ed9ng k\u00e9p ch\u1ea5t l\u01b0\u1ee3ng \u0111\u1ea3m b\u1ea3o cho n\u00f4ng nghi\u1ec7p:<\/p>\n<p>Xi lanh th\u1ee7y l\u1ef1c t\u00e1c \u0111\u1ed9ng k\u00e9p ch\u1ea5t l\u01b0\u1ee3ng \u0111\u1ea3m b\u1ea3o l\u00e0 m\u1ed9t c\u00f4ng c\u1ee5 m\u1ea1nh m\u1ebd v\u00e0 \u0111\u00e1ng tin c\u1eady \u0111\u01b0\u1ee3c thi\u1ebft k\u1ebf \u0111\u1ec3 s\u1eed d\u1ee5ng trong m\u00e1y m\u00f3c n\u00f4ng nghi\u1ec7p. V\u1edbi thi\u1ebft k\u1ebf t\u00e1c \u0111\u1ed9ng k\u00e9p, xi lanh th\u1ee7y l\u1ef1c n\u00e0y c\u00f3 kh\u1ea3 n\u0103ng cung c\u1ea5p hi\u1ec7u su\u1ea5t \u1ed5n \u0111\u1ecbnh v\u00e0 \u0111\u00e1ng tin c\u1eady, tr\u1edf th\u00e0nh l\u1ef1a ch\u1ecdn l\u00fd t\u01b0\u1edfng cho n\u00f4ng d\u00e2n v\u00e0 c\u00e1c chuy\u00ean gia n\u00f4ng nghi\u1ec7p.<\/p>\n<p>\u0110\u01b0\u1ee3c ch\u1ebf t\u1ea1o t\u1eeb v\u1eadt li\u1ec7u ch\u1ea5t l\u01b0\u1ee3ng cao, xi lanh th\u1ee7y l\u1ef1c n\u00e0y c\u00f3 \u0111\u1ed9 b\u1ec1n cao v\u00e0 c\u00f3 th\u1ec3 ch\u1ecbu \u0111\u01b0\u1ee3c nh\u1eefng \u0111i\u1ec1u ki\u1ec7n kh\u1eafc nghi\u1ec7t nh\u1ea5t. N\u00f3 c\u0169ng \u0111\u01b0\u1ee3c thi\u1ebft k\u1ebf \u0111\u1ec3 v\u1eadn h\u00e0nh tr\u01a1n tru v\u00e0 hi\u1ec7u qu\u1ea3, \u0111\u1ea3m b\u1ea3o n\u0103ng su\u1ea5t v\u00e0 hi\u1ec7u qu\u1ea3 t\u1ed1i \u0111a.<\/p>\n<p>D\u00f9 b\u1ea1n \u0111ang tr\u1ed3ng tr\u1ecdt, thu ho\u1ea1ch hay th\u1ef1c hi\u1ec7n b\u1ea5t k\u1ef3 c\u00f4ng vi\u1ec7c n\u00f4ng nghi\u1ec7p n\u00e0o kh\u00e1c, Xi lanh th\u1ee7y l\u1ef1c t\u00e1c \u0111\u1ed9ng k\u00e9p ch\u1ea5t l\u01b0\u1ee3ng \u0111\u1ea3m b\u1ea3o l\u00e0 c\u00f4ng c\u1ee5 kh\u00f4ng th\u1ec3 thi\u1ebfu \u0111\u1ed1i v\u1edbi b\u1ea5t k\u1ef3 n\u00f4ng d\u00e2n ho\u1eb7c chuy\u00ean gia n\u00f4ng nghi\u1ec7p n\u00e0o. V\u1eady c\u00f2n ch\u1ea7n ch\u1eeb g\u00ec n\u1eefa? H\u00e3y s\u1edf h\u1eefu ngay h\u00f4m nay v\u00e0 tr\u1ea3i nghi\u1ec7m s\u1ee9c m\u1ea1nh v\u00e0 \u0111\u1ed9 tin c\u1eady c\u1ee7a xi lanh th\u1ee7y l\u1ef1c ch\u1ea5t l\u01b0\u1ee3ng h\u00e0ng \u0111\u1ea7u n\u00e0y.<\/p>\n<p><img loading=\"lazy\" decoding=\"async\" class=\"alignnone size-full wp-image-1334\" src=\"https:\/\/fmp-components.com\/wp-content\/uploads\/2024\/12\/Adjustable-Clevis-Type-Cylinders-4.webp\" alt=\"Xi lanh lo\u1ea1i ch\u1ed1t c\u00f3 th\u1ec3 \u0111i\u1ec1u ch\u1ec9nh\" width=\"800\" height=\"800\" title=\"\" srcset=\"https:\/\/fmp-components.com\/wp-content\/uploads\/2024\/12\/Adjustable-Clevis-Type-Cylinders-4.webp 800w, https:\/\/fmp-components.com\/wp-content\/uploads\/2024\/12\/Adjustable-Clevis-Type-Cylinders-4-480x480.webp 480w\" sizes=\"(min-width: 0px) and (max-width: 480px) 480px, (min-width: 481px) 800px, 100vw\" \/><\/p>\n<p>Tr\u1ea3i nghi\u1ec7m hi\u1ec7u su\u1ea5t v\u01b0\u1ee3t tr\u1ed9i v\u1edbi xi lanh th\u1ee7y l\u1ef1c n\u00f4ng nghi\u1ec7p t\u00e1c \u0111\u1ed9ng k\u00e9p v\u00e0 xi lanh piston th\u1ee7y l\u1ef1c c\u1ee7a ch\u00fang t\u00f4i, \u0111\u01b0\u1ee3c thi\u1ebft k\u1ebf \u0111\u1ec3 ph\u1ee5c v\u1ee5 nhi\u1ec1u ng\u00e0nh c\u00f4ng nghi\u1ec7p, bao g\u1ed3m c\u00e1c x\u01b0\u1edfng s\u1eeda ch\u1eefa m\u00e1y m\u00f3c, trang tr\u1ea1i, n\u0103ng l\u01b0\u1ee3ng v\u00e0 khai th\u00e1c m\u1ecf, s\u1ea3n xu\u1ea5t m\u00e1y m\u00f3c v\u00e0 c\u00e1c nh\u00e0 m\u00e1y ch\u1ebf t\u1ea1o m\u00e1y m\u00f3c. S\u1ea3n ph\u1ea9m m\u1edbi v\u00e0 \u0111\u01b0\u1ee3c b\u1ea3o h\u00e0nh 1 n\u0103m, \u0111\u1ea3m b\u1ea3o b\u1ea1n nh\u1eadn \u0111\u01b0\u1ee3c gi\u00e1 tr\u1ecb t\u1ed1i \u0111a t\u1eeb kho\u1ea3n \u0111\u1ea7u t\u01b0 c\u1ee7a m\u00ecnh. C\u00e1c b\u1ed9 ph\u1eadn c\u1ed1t l\u00f5i bao g\u1ed3m v\u00f2ng bi v\u00e0 b\u1ea3n th\u00e2n xi lanh th\u1ee7y l\u1ef1c, \u0111\u1ea3m b\u1ea3o ho\u1ea1t \u0111\u1ed9ng ti\u00eau chu\u1ea9n v\u00e0 hi\u1ec7u qu\u1ea3. Th\u00e2n xi lanh \u0111\u01b0\u1ee3c l\u00e0m b\u1eb1ng th\u00e9p, \u0111\u1ea3m b\u1ea3o \u0111\u1ed9 b\u1ec1n v\u00e0 c\u00f3 th\u1ec3 ch\u1ecbu \u0111\u01b0\u1ee3c l\u1ef1c \u0111\u1ea9y t\u1ed1i \u0111a 3000. Xi lanh l\u00e0 lo\u1ea1i kh\u1edbp n\u1ed1i \u0111i\u1ec1u ch\u1ec9nh \u0111\u01b0\u1ee3c, mang l\u1ea1i t\u00ednh linh ho\u1ea1t trong \u1ee9ng d\u1ee5ng.<\/p>\n<h2>\u01afu \u0111i\u1ec3m c\u1ee7a xi lanh lo\u1ea1i ch\u1ed1t c\u00f3 th\u1ec3 \u0111i\u1ec1u ch\u1ec9nh<\/h2>\n<p>Xi lanh \u0111i\u1ec1u ch\u1ec9nh ki\u1ec3u c\u00e0ng cua l\u00e0 nh\u1eefng b\u1ed9 ph\u1eadn thi\u1ebft y\u1ebfu \u0111\u01b0\u1ee3c s\u1eed d\u1ee5ng trong nhi\u1ec1u \u1ee9ng d\u1ee5ng n\u00f4ng nghi\u1ec7p v\u00e0 c\u00f4ng nghi\u1ec7p. Nh\u1eefng xi lanh th\u1ee7y l\u1ef1c n\u00e0y mang l\u1ea1i hi\u1ec7u su\u1ea5t v\u01b0\u1ee3t tr\u1ed9i v\u00e0 \u0111\u1ed9 b\u1ec1n cao nh\u1edd thi\u1ebft k\u1ebf v\u00e0 k\u1ef9 thu\u1eadt \u0111\u1ed9c \u0111\u00e1o. Trong b\u00e0i vi\u1ebft n\u00e0y, ch\u00fang ta s\u1ebd th\u1ea3o lu\u1eadn v\u1ec1 nh\u1eefng \u01b0u \u0111i\u1ec3m c\u1ee7a xi lanh \u0111i\u1ec1u ch\u1ec9nh ki\u1ec3u c\u00e0ng cua v\u00e0 l\u00fd do t\u1ea1i sao ch\u00fang l\u00e0 gi\u1ea3i ph\u00e1p t\u1ed1t nh\u1ea5t cho nhu c\u1ea7u th\u1ee7y l\u1ef1c c\u1ee7a b\u1ea1n.<\/p>\n<ul>\n<li><strong>\u0110\u1ea3m b\u1ea3o ch\u1ea5t l\u01b0\u1ee3ng:<\/strong> Xi lanh ki\u1ec3u c\u00e0ng n\u1ed1i \u0111i\u1ec1u ch\u1ec9nh \u0111\u01b0\u1ee3c thi\u1ebft k\u1ebf \u0111\u1ec3 \u0111\u1ea3m b\u1ea3o ch\u1ea5t l\u01b0\u1ee3ng v\u00e0 hi\u1ec7u su\u1ea5t. Nh\u1eefng xi lanh n\u00e0y \u0111\u01b0\u1ee3c ch\u1ebf t\u1ea1o \u0111\u1ec3 b\u1ec1n l\u00e2u, v\u00e0 nh\u00e0 s\u1ea3n xu\u1ea5t \u0111\u1ea3m b\u1ea3o ch\u00fang \u0111\u00e1p \u1ee9ng c\u00e1c ti\u00eau chu\u1ea9n ki\u1ec3m so\u00e1t ch\u1ea5t l\u01b0\u1ee3ng nghi\u00eam ng\u1eb7t. Vi\u1ec7c s\u1eed d\u1ee5ng v\u1eadt li\u1ec7u ch\u1ea5t l\u01b0\u1ee3ng cao v\u00e0 k\u1ef9 thu\u1eadt s\u1ea3n xu\u1ea5t ti\u00ean ti\u1ebfn \u0111\u1ea3m b\u1ea3o r\u1eb1ng nh\u1eefng xi lanh n\u00e0y c\u00f3 th\u1ec3 ch\u1ecbu \u0111\u01b0\u1ee3c ngay c\u1ea3 nh\u1eefng \u1ee9ng d\u1ee5ng kh\u1eaft khe nh\u1ea5t.<\/li>\n<li><strong>T\u00e1c d\u1ee5ng k\u00e9p:<\/strong> Xi lanh ki\u1ec3u c\u00e0ng n\u1ed1i \u0111i\u1ec1u ch\u1ec9nh \u0111\u01b0\u1ee3c l\u00e0 lo\u1ea1i t\u00e1c \u0111\u1ed9ng k\u00e9p, ngh\u0129a l\u00e0 ch\u00fang c\u00f3 th\u1ec3 gi\u00e3n ra v\u00e0 co l\u1ea1i d\u01b0\u1edbi \u00e1p l\u1ef1c. T\u00ednh n\u0103ng n\u00e0y gi\u00fap t\u0103ng hi\u1ec7u qu\u1ea3 v\u00e0 c\u1ea3i thi\u1ec7n n\u0103ng su\u1ea5t trong nhi\u1ec1u \u1ee9ng d\u1ee5ng kh\u00e1c nhau. V\u00ed d\u1ee5, trong m\u00e1y m\u00f3c n\u00f4ng nghi\u1ec7p, xi lanh t\u00e1c \u0111\u1ed9ng k\u00e9p r\u1ea5t c\u1ea7n thi\u1ebft \u0111\u1ec3 v\u1eadn h\u00e0nh c\u00e1c thi\u1ebft b\u1ecb nh\u01b0 m\u00e1y c\u00e0y, m\u00e1y x\u1edbi v\u00e0 m\u00e1y g\u1eb7t.<\/li>\n<li><strong>Xi lanh th\u1ee7y l\u1ef1c n\u00f4ng nghi\u1ec7p:<\/strong> Xi lanh ki\u1ec3u c\u00e0ng n\u1ed1i \u0111i\u1ec1u ch\u1ec9nh \u0111\u01b0\u1ee3c s\u1eed d\u1ee5ng r\u1ed9ng r\u00e3i trong n\u00f4ng nghi\u1ec7p. Nh\u1edd c\u1ea5u t\u1ea1o ch\u1ea5t l\u01b0\u1ee3ng cao v\u00e0 hi\u1ec7u su\u1ea5t tuy\u1ec7t v\u1eddi, c\u00e1c xi lanh n\u00e0y \u0111\u00e3 tr\u1edf th\u00e0nh l\u1ef1a ch\u1ecdn \u01b0u ti\u00ean c\u1ee7a c\u00e1c nh\u00e0 s\u1ea3n xu\u1ea5t thi\u1ebft b\u1ecb n\u00f4ng nghi\u1ec7p. Ch\u00fang \u0111\u01b0\u1ee3c s\u1eed d\u1ee5ng trong nhi\u1ec1u \u1ee9ng d\u1ee5ng kh\u00e1c nhau, bao g\u1ed3m c\u00e1c ph\u1ee5 ki\u1ec7n m\u00e1y k\u00e9o, m\u00e1y x\u00fac, m\u00e1y c\u00e0y v\u00e0 m\u00e1y x\u1edbi, c\u00f9ng nhi\u1ec1u thi\u1ebft b\u1ecb kh\u00e1c. C\u00e1c xi lanh n\u00e0y cung c\u1ea5p l\u1ef1c v\u00e0 \u0111\u1ed9 ch\u00ednh x\u00e1c c\u1ea7n thi\u1ebft \u0111\u1ec3 \u0111\u1ea3m b\u1ea3o thi\u1ebft b\u1ecb ho\u1ea1t \u0111\u1ed9ng \u1edf hi\u1ec7u su\u1ea5t t\u1ed1i \u0111a.<\/li>\n<li><strong>Xi lanh th\u1ee7y l\u1ef1c:<\/strong> Xi lanh ki\u1ec3u c\u00e0ng n\u1ed1i \u0111i\u1ec1u ch\u1ec9nh \u0111\u01b0\u1ee3c c\u00f2n \u0111\u01b0\u1ee3c g\u1ecdi l\u00e0 xi lanh piston th\u1ee7y l\u1ef1c. Ch\u00fang ho\u1ea1t \u0111\u1ed9ng b\u1eb1ng c\u00e1ch s\u1eed d\u1ee5ng ch\u1ea5t l\u1ecfng th\u1ee7y l\u1ef1c \u0111\u1ec3 t\u1ea1o ra l\u1ef1c c\u1ea7n thi\u1ebft \u0111\u1ec3 di chuy\u1ec3n t\u1ea3i tr\u1ecdng. Xi lanh piston th\u1ee7y l\u1ef1c r\u1ea5t \u0111a n\u0103ng v\u00e0 c\u00f3 th\u1ec3 \u0111\u01b0\u1ee3c s\u1eed d\u1ee5ng trong nhi\u1ec1u \u1ee9ng d\u1ee5ng c\u00f4ng nghi\u1ec7p v\u00e0 n\u00f4ng nghi\u1ec7p kh\u00e1c nhau. Xi lanh ki\u1ec3u c\u00e0ng n\u1ed1i \u0111i\u1ec1u ch\u1ec9nh \u0111\u01b0\u1ee3c c\u00f3 thi\u1ebft k\u1ebf \u0111\u1ed9c \u0111\u00e1o cho ph\u00e9p ch\u00fang ho\u1ea1t \u0111\u1ed9ng v\u01b0\u1ee3t tr\u1ed9i trong \u0111i\u1ec1u ki\u1ec7n kh\u1eafc nghi\u1ec7t.<\/li>\n<li><strong>C\u00f3 th\u1ec3 t\u00f9y ch\u1ec9nh:<\/strong> Xi lanh ki\u1ec3u c\u00e0ng n\u1ed1i \u0111i\u1ec1u ch\u1ec9nh \u0111\u01b0\u1ee3c c\u00f3 th\u1ec3 t\u00f9y ch\u1ec9nh \u0111\u1ec3 \u0111\u00e1p \u1ee9ng c\u00e1c y\u00eau c\u1ea7u c\u1ee5 th\u1ec3. C\u00e1c nh\u00e0 s\u1ea3n xu\u1ea5t c\u00f3 th\u1ec3 s\u1eeda \u0111\u1ed5i xi lanh \u0111\u1ec3 cung c\u1ea5p chi\u1ec1u d\u00e0i h\u00e0nh tr\u00ecnh, \u0111\u01b0\u1eddng k\u00ednh l\u1ed7 v\u00e0 c\u00e1c t\u00f9y ch\u1ecdn l\u1eafp \u0111\u1eb7t mong mu\u1ed1n. T\u00ednh n\u0103ng n\u00e0y l\u00e0m cho ch\u00fang ph\u00f9 h\u1ee3p v\u1edbi nhi\u1ec1u \u1ee9ng d\u1ee5ng kh\u00e1c nhau. Ngo\u00e0i ra, xi lanh ki\u1ec3u c\u00e0ng n\u1ed1i \u0111i\u1ec1u ch\u1ec9nh \u0111\u01b0\u1ee3c c\u00f3 nhi\u1ec1u k\u00edch c\u1ee1 kh\u00e1c nhau, l\u00e0m cho ch\u00fang ph\u00f9 h\u1ee3p \u0111\u1ec3 s\u1eed d\u1ee5ng trong c\u00e1c thi\u1ebft b\u1ecb nh\u1ecf v\u00e0 l\u1edbn.<\/li>\n<\/ul>\n<p>Nh\u00ecn chung, xi lanh ki\u1ec3u c\u00e0ng n\u1ed1i \u0111i\u1ec1u ch\u1ec9nh l\u00e0 th\u00e0nh ph\u1ea7n thi\u1ebft y\u1ebfu cho nhi\u1ec1u \u1ee9ng d\u1ee5ng c\u00f4ng nghi\u1ec7p v\u00e0 n\u00f4ng nghi\u1ec7p. Ch\u00fang \u0111\u1ea3m b\u1ea3o ch\u1ea5t l\u01b0\u1ee3ng, kh\u1ea3 n\u0103ng t\u00e1c \u0111\u1ed9ng k\u00e9p v\u00e0 \u0111\u1ed9 b\u1ec1n cao nh\u1edd c\u1ea5u t\u1ea1o v\u00e0 thi\u1ebft k\u1ebf. Vi\u1ec7c s\u1eed d\u1ee5ng ch\u1ea5t l\u1ecfng th\u1ee7y l\u1ef1c \u0111\u1ea3m b\u1ea3o ch\u00fang cung c\u1ea5p l\u1ef1c c\u1ea7n thi\u1ebft \u0111\u1ec3 di chuy\u1ec3n t\u1ea3i tr\u1ecdng, gi\u00fap ch\u00fang ho\u1ea1t \u0111\u1ed9ng hi\u1ec7u qu\u1ea3 v\u00e0 \u0111\u00e1ng tin c\u1eady. N\u1ebfu b\u1ea1n \u0111ang t\u00ecm ki\u1ebfm m\u1ed9t xi lanh th\u1ee7y l\u1ef1c mang l\u1ea1i hi\u1ec7u su\u1ea5t v\u00e0 \u0111\u1ed9 b\u1ec1n tuy\u1ec7t v\u1eddi, th\u00ec xi lanh ki\u1ec3u c\u00e0ng n\u1ed1i \u0111i\u1ec1u ch\u1ec9nh l\u00e0 gi\u1ea3i ph\u00e1p t\u1ed1t nh\u1ea5t.<\/p>\n<p><img decoding=\"async\" src=\"https:\/\/fmp-components.com\/wp-content\/uploads\/2024\/12\/Adjustable-Clevis-Type-Cylinders5.webp\" alt=\"Xi lanh lo\u1ea1i Clevis c\u00f3 th\u1ec3 \u0111i\u1ec1u ch\u1ec9nh\" width=\"800\" title=\"\"><\/p>\n<h2>\u1ee8ng d\u1ee5ng c\u1ee7a xi lanh lo\u1ea1i ch\u1ed1t c\u00f3 th\u1ec3 \u0111i\u1ec1u ch\u1ec9nh<\/h2>\n<p>Xi lanh ki\u1ec3u c\u00e0ng n\u1ed1i \u0111i\u1ec1u ch\u1ec9nh \u0111\u01b0\u1ee3c s\u1eed d\u1ee5ng r\u1ed9ng r\u00e3i trong nhi\u1ec1u ng\u00e0nh c\u00f4ng nghi\u1ec7p kh\u00e1c nhau, bao g\u1ed3m n\u00f4ng nghi\u1ec7p, x\u00e2y d\u1ef1ng v\u00e0 s\u1ea3n xu\u1ea5t. D\u01b0\u1edbi \u0111\u00e2y l\u00e0 m\u1ed9t s\u1ed1 \u1ee9ng d\u1ee5ng ph\u1ed5 bi\u1ebfn c\u1ee7a c\u00e1c lo\u1ea1i xi lanh n\u00e0y:<\/p>\n<ul>\n<li><strong>\u0110\u1ea3m b\u1ea3o ch\u1ea5t l\u01b0\u1ee3ng:<\/strong> M\u1ed9t trong nh\u1eefng \u1ee9ng d\u1ee5ng ph\u1ed5 bi\u1ebfn nh\u1ea5t c\u1ee7a xi lanh ki\u1ec3u c\u00e0ng n\u1ed1i \u0111i\u1ec1u ch\u1ec9nh \u0111\u01b0\u1ee3c l\u00e0 \u0111\u1ea3m b\u1ea3o ch\u1ea5t l\u01b0\u1ee3ng c\u1ee7a h\u1ec7 th\u1ed1ng th\u1ee7y l\u1ef1c. C\u00e1c xi lanh n\u00e0y \u0111\u01b0\u1ee3c thi\u1ebft k\u1ebf \u0111\u1ec3 ho\u1ea1t \u0111\u1ed9ng trong th\u1eddi gian d\u00e0i m\u00e0 kh\u00f4ng c\u1ea7n b\u1ea3o tr\u00ec, \u0111\u1ea3m b\u1ea3o tu\u1ed5i th\u1ecd v\u00e0 \u0111\u1ed9 tin c\u1eady c\u1ee7a h\u1ec7 th\u1ed1ng th\u1ee7y l\u1ef1c.<\/li>\n<li><strong>T\u00e1c d\u1ee5ng k\u00e9p:<\/strong> C\u00e1c xi lanh ki\u1ec3u c\u00e0ng n\u1ed1i \u0111i\u1ec1u ch\u1ec9nh \u0111\u01b0\u1ee3c thi\u1ebft k\u1ebf \u0111\u1ec3 ho\u1ea1t \u0111\u1ed9ng k\u00e9p, ngh\u0129a l\u00e0 ch\u00fang c\u00f3 th\u1ec3 th\u1ef1c hi\u1ec7n hai ch\u1ee9c n\u0103ng: k\u00e9o d\u00e0i v\u00e0 thu g\u1ecdn. \u0110i\u1ec1u n\u00e0y l\u00e0m cho ch\u00fang l\u00fd t\u01b0\u1edfng cho c\u00e1c \u1ee9ng d\u1ee5ng c\u1ea7n \u0111i\u1ec1u khi\u1ec3n ch\u00ednh x\u00e1c, ch\u1eb3ng h\u1ea1n nh\u01b0 trong m\u00e1y m\u00f3c h\u1ea1ng n\u1eb7ng v\u00e0 thi\u1ebft b\u1ecb x\u00e2y d\u1ef1ng.<\/li>\n<li><strong>N\u00f4ng nghi\u1ec7p:<\/strong> Xi lanh th\u1ee7y l\u1ef1c th\u01b0\u1eddng \u0111\u01b0\u1ee3c s\u1eed d\u1ee5ng trong m\u00e1y m\u00f3c n\u00f4ng nghi\u1ec7p, n\u01a1i ch\u00fang cung c\u1ea5p l\u1ef1c v\u00e0 kh\u1ea3 n\u0103ng \u0111i\u1ec1u khi\u1ec3n c\u1ea7n thi\u1ebft \u0111\u1ec3 n\u00e2ng v\u00e0 h\u1ea1 c\u00e1c v\u1eadt n\u1eb7ng. Cho d\u00f9 \u0111\u00f3 l\u00e0 c\u00e0y ru\u1ed9ng, thu ho\u1ea1ch m\u00f9a m\u00e0ng hay v\u1eadn chuy\u1ec3n h\u00e0ng h\u00f3a, xi lanh th\u1ee7y l\u1ef1c l\u00e0 m\u1ed9t ph\u1ea7n thi\u1ebft y\u1ebfu c\u1ee7a thi\u1ebft b\u1ecb n\u00f4ng nghi\u1ec7p hi\u1ec7n \u0111\u1ea1i.<\/li>\n<li><strong>Xi lanh th\u1ee7y l\u1ef1c:<\/strong> Xi lanh th\u1ee7y l\u1ef1c s\u1eed d\u1ee5ng \u00e1p su\u1ea5t th\u1ee7y l\u1ef1c \u0111\u1ec3 t\u1ea1o ra chuy\u1ec3n \u0111\u1ed9ng tuy\u1ebfn t\u00ednh, l\u00fd t\u01b0\u1edfng cho c\u00e1c \u1ee9ng d\u1ee5ng c\u1ea7n n\u00e2ng ho\u1eb7c di chuy\u1ec3n t\u1ea3i tr\u1ecdng n\u1eb7ng. C\u00e1c xi lanh n\u00e0y th\u01b0\u1eddng \u0111\u01b0\u1ee3c s\u1eed d\u1ee5ng trong m\u00e1y m\u00f3c h\u1ea1ng n\u1eb7ng, ch\u1eb3ng h\u1ea1n nh\u01b0 m\u00e1y x\u00fac v\u00e0 m\u00e1y \u1ee7i, n\u01a1i ch\u00fang cung c\u1ea5p l\u1ef1c c\u1ea7n thi\u1ebft \u0111\u1ec3 di chuy\u1ec3n m\u1ed9t l\u01b0\u1ee3ng l\u1edbn \u0111\u1ea5t v\u00e0 m\u1ea3nh v\u1ee5n.<\/li>\n<\/ul>\n<p>T\u00f3m l\u1ea1i, xi lanh ki\u1ec3u c\u00e0ng n\u1ed1i \u0111i\u1ec1u ch\u1ec9nh l\u00e0 nh\u1eefng b\u1ed9 ph\u1eadn \u0111a n\u0103ng v\u00e0 \u0111\u00e1ng tin c\u1eady, \u0111\u01b0\u1ee3c \u1ee9ng d\u1ee5ng trong nhi\u1ec1u ng\u00e0nh c\u00f4ng nghi\u1ec7p. V\u1edbi ch\u1ea5t l\u01b0\u1ee3ng \u0111\u01b0\u1ee3c \u0111\u1ea3m b\u1ea3o v\u00e0 ch\u1ee9c n\u0103ng t\u00e1c \u0111\u1ed9ng k\u00e9p, ch\u00fang r\u1ea5t l\u00fd t\u01b0\u1edfng \u0111\u1ec3 s\u1eed d\u1ee5ng trong m\u00e1y m\u00f3c v\u00e0 thi\u1ebft b\u1ecb h\u1ea1ng n\u1eb7ng. Ngo\u00e0i ra, xi lanh piston th\u1ee7y l\u1ef1c r\u1ea5t c\u1ea7n thi\u1ebft trong n\u00f4ng nghi\u1ec7p, n\u01a1i ch\u00fang cung c\u1ea5p l\u1ef1c v\u00e0 kh\u1ea3 n\u0103ng \u0111i\u1ec1u khi\u1ec3n c\u1ea7n thi\u1ebft \u0111\u1ec3 n\u00e2ng v\u00e0 di chuy\u1ec3n c\u00e1c v\u1eadt n\u1eb7ng. V\u1edbi nhi\u1ec1u \u1ee9ng d\u1ee5ng, xi lanh ki\u1ec3u c\u00e0ng n\u1ed1i \u0111i\u1ec1u ch\u1ec9nh v\u00e0 xi lanh piston th\u1ee7y l\u1ef1c l\u00e0 nh\u1eefng b\u1ed9 ph\u1eadn thi\u1ebft y\u1ebfu trong c\u00e1c h\u1ec7 th\u1ed1ng c\u00f4ng nghi\u1ec7p hi\u1ec7n \u0111\u1ea1i.<img decoding=\"async\" src=\"https:\/\/fmp-components.com\/wp-content\/uploads\/2024\/12\/Application-of-Adjustable-Clevis-Type-Cylinders.webp\" alt=\"Xi lanh lo\u1ea1i Clevis c\u00f3 th\u1ec3 \u0111i\u1ec1u ch\u1ec9nh\" width=\"800\" title=\"\"><\/p>\n<h3>Gi\u1edbi thi\u1ec7u v\u1ec1 FMP<\/h3>\n<p>FMP l\u00e0 m\u1ed9t c\u00f4ng ty chuy\u00ean s\u1ea3n xu\u1ea5t v\u00e0 kinh doanh Xi lanh th\u1ee7y l\u1ef1c. V\u1edbi tr\u1ee5 s\u1edf ch\u00ednh \u0111\u1eb7t t\u1ea1i \u00dd, ch\u00fang t\u00f4i c\u00f3 kinh nghi\u1ec7m d\u00e0y d\u1eb7n trong ng\u00e0nh m\u00e1y m\u00f3c x\u00e2y d\u1ef1ng v\u00e0 \u0111\u1ed9i ng\u0169 chuy\u00ean gia t\u1eadn t\u00e2m. Ch\u00fang t\u00f4i cung c\u1ea5p Xi lanh th\u1ee7y l\u1ef1c ch\u1ea5t l\u01b0\u1ee3ng cao v\u00e0 \u0111\u00e1ng tin c\u1eady, c\u00f9ng v\u1edbi nhi\u1ec1u lo\u1ea1i ph\u1ee5 t\u00f9ng v\u00e0 gi\u1ea3i ph\u00e1p m\u00e1y m\u00f3c x\u00e2y d\u1ef1ng kh\u00e1c.<\/p>\n<p><strong>1. Nhi\u1ec1u lo\u1ea1i s\u1ea3n ph\u1ea9m:<\/strong> D\u00f2ng s\u1ea3n ph\u1ea9m c\u1ee7a ch\u00fang t\u00f4i bao g\u1ed3m nhi\u1ec1u lo\u1ea1i Xi lanh th\u1ee7y l\u1ef1c \u0111\u00e1p \u1ee9ng c\u00e1c nhu c\u1ea7u kh\u00e1c nhau trong ng\u00e0nh m\u00e1y m\u00f3c x\u00e2y d\u1ef1ng.<\/p>\n<p><strong>2. Ch\u1ea5t l\u01b0\u1ee3ng v\u01b0\u1ee3t tr\u1ed9i:<\/strong> Ch\u00fang t\u00f4i \u0111\u00e3 thi\u1ebft l\u1eadp m\u1ed1i quan h\u1ec7 \u0111\u1ed1i t\u00e1c l\u00e2u d\u00e0i v\u00e0 \u1ed5n \u0111\u1ecbnh v\u1edbi c\u00e1c nh\u00e0 cung c\u1ea5p ch\u1ea5t l\u01b0\u1ee3ng cao t\u1eeb c\u1ea3 th\u1ecb tr\u01b0\u1eddng trong n\u01b0\u1edbc v\u00e0 qu\u1ed1c t\u1ebf. \u0110i\u1ec1u n\u00e0y \u0111\u1ea3m b\u1ea3o t\u1ea5t c\u1ea3 xi lanh th\u1ee7y l\u1ef1c c\u1ee7a ch\u00fang t\u00f4i \u0111\u1ec1u \u0111\u00e1p \u1ee9ng c\u00e1c ti\u00eau chu\u1ea9n ch\u1ea5t l\u01b0\u1ee3ng nghi\u00eam ng\u1eb7t, mang \u0111\u1ebfn cho kh\u00e1ch h\u00e0ng nh\u1eefng s\u1ea3n ph\u1ea9m \u0111\u00e1ng tin c\u1eady v\u00e0 b\u1ec1n b\u1ec9.<\/p>\n<p><strong>3. \u0110\u1ed9i ng\u0169 b\u00e1n h\u00e0ng chuy\u00ean nghi\u1ec7p:<\/strong> \u0110\u1ed9i ng\u0169 b\u00e1n h\u00e0ng gi\u00e0u kinh nghi\u1ec7m c\u1ee7a ch\u00fang t\u00f4i am hi\u1ec3u c\u00e1c xu h\u01b0\u1edbng m\u1edbi nh\u1ea5t v\u00e0 nhu c\u1ea7u c\u1ee7a kh\u00e1ch h\u00e0ng trong ng\u00e0nh m\u00e1y m\u00f3c x\u00e2y d\u1ef1ng. H\u1ecd c\u00f3 th\u1ec3 t\u01b0 v\u1ea5n s\u1ea3n ph\u1ea9m chuy\u00ean nghi\u1ec7p v\u00e0 \u0111\u01b0a ra nh\u1eefng g\u1ee3i \u00fd mua h\u00e0ng th\u00f4ng minh, gi\u00fap kh\u00e1ch h\u00e0ng l\u1ef1a ch\u1ecdn xi lanh th\u1ee7y l\u1ef1c ph\u00f9 h\u1ee3p nh\u1ea5t v\u1edbi nhu c\u1ea7u c\u1ee5 th\u1ec3 c\u1ee7a m\u00ecnh.<\/p>\n<p><strong>4. Ph\u00e2n ph\u1ed1i h\u1eadu c\u1ea7n hi\u1ec7u qu\u1ea3:<\/strong> T\u1ea1i FMP, ch\u00fang t\u00f4i hi\u1ec3u r\u00f5 t\u1ea7m quan tr\u1ecdng c\u1ee7a vi\u1ec7c giao h\u00e0ng \u0111\u00fang h\u1ea1n v\u00e0 ch\u00ednh x\u00e1c. H\u1ec7 th\u1ed1ng ph\u00e2n ph\u1ed1i h\u1eadu c\u1ea7n hi\u1ec7u qu\u1ea3 c\u1ee7a ch\u00fang t\u00f4i \u0111\u1ea3m b\u1ea3o kh\u00e1ch h\u00e0ng nh\u1eadn \u0111\u01b0\u1ee3c c\u00e1c b\u1ed9 ph\u1eadn c\u1ea7n thi\u1ebft m\u1ed9t c\u00e1ch k\u1ecbp th\u1eddi, gi\u1ea3m thi\u1ec3u th\u1eddi gian ng\u1eebng ho\u1ea1t \u0111\u1ed9ng v\u00e0 t\u1ed1i \u0111a h\u00f3a n\u0103ng su\u1ea5t.<\/p>\n<p><strong>5. Cam k\u1ebft s\u1ef1 h\u00e0i l\u00f2ng c\u1ee7a kh\u00e1ch h\u00e0ng:<\/strong> Ch\u00fang t\u00f4i lu\u00f4n \u0111\u1eb7t s\u1ef1 h\u00e0i l\u00f2ng c\u1ee7a kh\u00e1ch h\u00e0ng l\u00ean h\u00e0ng \u0111\u1ea7u v\u00e0 n\u1ed7 l\u1ef1c cung c\u1ea5p d\u1ecbch v\u1ee5 xu\u1ea5t s\u1eafc. \u0110\u1ed9i ng\u0169 c\u1ee7a ch\u00fang t\u00f4i lu\u00f4n t\u1eadn t\u00e2m gi\u1ea3i quy\u1ebft m\u1ecdi th\u1eafc m\u1eafc ho\u1eb7c lo ng\u1ea1i m\u1ed9t c\u00e1ch nhanh ch\u00f3ng, \u0111\u1ea3m b\u1ea3o tr\u1ea3i nghi\u1ec7m m\u01b0\u1ee3t m\u00e0 v\u00e0 th\u00fa v\u1ecb cho qu\u00fd kh\u00e1ch.<\/p>\n<p><img decoding=\"async\" src=\"https:\/\/fmp-components.com\/wp-content\/uploads\/2024\/12\/Adjustable-Clevis-Type-Cylinders-6.webp\" alt=\"Xi lanh lo\u1ea1i Clevis c\u00f3 th\u1ec3 \u0111i\u1ec1u ch\u1ec9nh\" width=\"842\" title=\"\"><\/p>\n<h4>C\u00e2u h\u1ecfi th\u01b0\u1eddng g\u1eb7p<\/h4>\n<p><strong>Q: Th\u1eddi gian giao h\u00e0ng cho xi lanh th\u1ee7y l\u1ef1c t\u00e1c \u0111\u1ed9ng k\u00e9p l\u00e0 bao l\u00e2u?<\/strong><br \/>\nA: Th\u1eddi gian giao h\u00e0ng th\u00f4ng th\u01b0\u1eddng l\u00e0 t\u1eeb 25 \u0111\u1ebfn 35 ng\u00e0y.<\/p>\n<p><strong>H\u1ecfi: C\u00f4ng ty c\u00f3 cung c\u1ea5p m\u1eabu xi lanh th\u1ee7y l\u1ef1c kh\u00f4ng?<\/strong><br \/>\nA: V\u00e2ng, ch\u00fang t\u00f4i c\u00f3 cung c\u1ea5p m\u1eabu xi lanh th\u1ee7y l\u1ef1c, nh\u01b0ng xin l\u01b0u \u00fd r\u1eb1ng ch\u00fang kh\u00f4ng mi\u1ec5n ph\u00ed.<\/p>\n<p><strong>Q: Xi lanh th\u1ee7y l\u1ef1c c\u00f3 th\u1ec3 \u0111\u01b0\u1ee3c t\u00f9y ch\u1ec9nh theo m\u1eabu ho\u1eb7c b\u1ea3n v\u1ebd k\u1ef9 thu\u1eadt kh\u00f4ng?<\/strong><br \/>\nA: V\u00e2ng, ch\u00fang t\u00f4i cung c\u1ea5p d\u1ecbch v\u1ee5 t\u00f9y ch\u1ec9nh d\u1ef1a tr\u00ean m\u1eabu ho\u1eb7c b\u1ea3n v\u1ebd k\u1ef9 thu\u1eadt c\u1ee7a b\u1ea1n. Ch\u00fang t\u00f4i c\u00f3 th\u1ec3 t\u1ea1o khu\u00f4n v\u00e0 \u0111\u1ed3 g\u00e1 \u0111\u1ec3 \u0111\u00e1p \u1ee9ng c\u00e1c y\u00eau c\u1ea7u c\u1ee5 th\u1ec3 c\u1ee7a b\u1ea1n.<\/p>\n<p><img decoding=\"async\" src=\"https:\/\/img.jiansujichilun.com\/img\/hydrauliccylinders\/T_hydrauliccylinders-4.webp\" alt=\"xi lanh th\u1ee7y l\u1ef1c\" width=\"800\" title=\"\"><\/p>\n<p>T\u00e1c gi\u1ea3: CX<\/p>","protected":false},"excerpt":{"rendered":"<p>Guaranteed Quality Double Acting Agriculture Hydraulic Cylinder Hydraulic Ram Cylinder: The Guaranteed Quality Double Acting Agriculture Hydraulic Cylinder Hydraulic Ram Cylinder is a powerful and reliable tool designed for use in agricultural machinery. With its double-acting design, this hydraulic cylinder is capable of providing a consistent and reliable performance, making it an ideal choice for [&hellip;]<\/p>","protected":false},"featured_media":1336,"comment_status":"closed","ping_status":"closed","template":"","meta":{"_et_pb_use_builder":"","_et_pb_old_content":"","_et_gb_content_width":""},"product_brand":[],"product_cat":[39],"product_tag":[41,34],"class_list":{"0":"post-1380","1":"product","2":"type-product","3":"status-publish","4":"has-post-thumbnail","6":"product_cat-adjustable-clevis-type-cylinders","7":"product_tag-adjustable-clevis-type-cylinders","8":"product_tag-hydraulic-cylinder","10":"first","11":"instock","12":"product-type-simple"},"_links":{"self":[{"href":"https:\/\/fmp-components.com\/vi\/wp-json\/wp\/v2\/product\/1380","targetHints":{"allow":["GET"]}}],"collection":[{"href":"https:\/\/fmp-components.com\/vi\/wp-json\/wp\/v2\/product"}],"about":[{"href":"https:\/\/fmp-components.com\/vi\/wp-json\/wp\/v2\/types\/product"}],"replies":[{"embeddable":true,"href":"https:\/\/fmp-components.com\/vi\/wp-json\/wp\/v2\/comments?post=1380"}],"wp:featuredmedia":[{"embeddable":true,"href":"https:\/\/fmp-components.com\/vi\/wp-json\/wp\/v2\/media\/1336"}],"wp:attachment":[{"href":"https:\/\/fmp-components.com\/vi\/wp-json\/wp\/v2\/media?parent=1380"}],"wp:term":[{"taxonomy":"product_brand","embeddable":true,"href":"https:\/\/fmp-components.com\/vi\/wp-json\/wp\/v2\/product_brand?post=1380"},{"taxonomy":"product_cat","embeddable":true,"href":"https:\/\/fmp-components.com\/vi\/wp-json\/wp\/v2\/product_cat?post=1380"},{"taxonomy":"product_tag","embeddable":true,"href":"https:\/\/fmp-components.com\/vi\/wp-json\/wp\/v2\/product_tag?post=1380"}],"curies":[{"name":"wp","href":"https:\/\/api.w.org\/{rel}","templated":true}]}}