{"id":1375,"date":"2024-12-23T02:18:57","date_gmt":"2024-12-23T02:18:57","guid":{"rendered":"https:\/\/fmp-components.com\/product\/customized-adjustable-stainless-steel-hydraulic-cylinder-for-tractor\/"},"modified":"2024-12-23T03:25:05","modified_gmt":"2024-12-23T03:25:05","slug":"customized-adjustable-stainless-steel-hydraulic-cylinder-for-tractor","status":"publish","type":"product","link":"https:\/\/fmp-components.com\/vi\/product\/customized-adjustable-stainless-steel-hydraulic-cylinder-for-tractor\/","title":{"rendered":"Xi lanh th\u1ee7y l\u1ef1c b\u1eb1ng th\u00e9p kh\u00f4ng g\u1ec9 c\u00f3 th\u1ec3 \u0111i\u1ec1u ch\u1ec9nh t\u00f9y ch\u1ec9nh cho m\u00e1y k\u00e9o"},"content":{"rendered":"<h2>Gi\u1edbi thi\u1ec7u Xi lanh th\u1ee7y l\u1ef1c b\u1eb1ng th\u00e9p kh\u00f4ng g\u1ec9 t\u00f9y ch\u1ec9nh c\u00f3 th\u1ec3 \u0111i\u1ec1u ch\u1ec9nh cho m\u00e1y k\u00e9o<\/h2>\n<p>Xi lanh th\u1ee7y l\u1ef1c b\u1eb1ng th\u00e9p kh\u00f4ng g\u1ec9 t\u00f9y ch\u1ec9nh, c\u00f3 th\u1ec3 \u0111i\u1ec1u ch\u1ec9nh cho m\u00e1y k\u00e9o l\u00e0 s\u1ea3n ph\u1ea9m h\u00e0ng \u0111\u1ea7u \u0111\u01b0\u1ee3c thi\u1ebft k\u1ebf \u0111\u1ec3 \u0111\u00e1p \u1ee9ng nhu c\u1ea7u c\u1ee5 th\u1ec3 c\u1ee7a ng\u01b0\u1eddi v\u1eadn h\u00e0nh m\u00e1y k\u00e9o. Xi lanh th\u1ee7y l\u1ef1c n\u00e0y \u0111\u01b0\u1ee3c thi\u1ebft k\u1ebf \u0111\u1ec3 mang l\u1ea1i hi\u1ec7u su\u1ea5t v\u00e0 hi\u1ec7u qu\u1ea3 v\u01b0\u1ee3t tr\u1ed9i, tr\u1edf th\u00e0nh m\u1ed9t th\u00e0nh ph\u1ea7n kh\u00f4ng th\u1ec3 thi\u1ebfu c\u1ee7a b\u1ea5t k\u1ef3 m\u00e1y k\u00e9o n\u00e0o.<\/p>\n<p>M\u1ed9t trong nh\u1eefng t\u00ednh n\u0103ng ch\u00ednh c\u1ee7a s\u1ea3n ph\u1ea9m n\u00e0y l\u00e0 kh\u1ea3 n\u0103ng \u0111i\u1ec1u ch\u1ec9nh. V\u1edbi kh\u1ea3 n\u0103ng t\u00f9y ch\u1ec9nh \u0111\u1ed9 d\u00e0i h\u00e0nh tr\u00ecnh xi lanh v\u00e0 ph\u1ea1m vi \u00e1p su\u1ea5t, xi lanh th\u1ee7y l\u1ef1c n\u00e0y c\u00f3 th\u1ec3 \u0111\u01b0\u1ee3c thi\u1ebft k\u1ebf ri\u00eang \u0111\u1ec3 \u0111\u00e1p \u1ee9ng c\u00e1c y\u00eau c\u1ea7u c\u1ee5 th\u1ec3 c\u1ee7a b\u1ea5t k\u1ef3 ho\u1ea1t \u0111\u1ed9ng m\u00e1y k\u00e9o n\u00e0o. T\u00ednh linh ho\u1ea1t n\u00e0y l\u00e0m cho n\u00f3 tr\u1edf th\u00e0nh m\u1ed9t gi\u1ea3i ph\u00e1p \u0111a n\u0103ng v\u00e0 thi\u1ebft th\u1ef1c cho n\u00f4ng d\u00e2n v\u00e0 ng\u01b0\u1eddi v\u1eadn h\u00e0nh m\u00e1y k\u00e9o trong nhi\u1ec1u \u1ee9ng d\u1ee5ng kh\u00e1c nhau.<\/p>\n<p>B\u1ea3n th\u00e2n xi lanh \u0111\u01b0\u1ee3c ch\u1ebf t\u1ea1o t\u1eeb th\u00e9p kh\u00f4ng g\u1ec9 ch\u1ea5t l\u01b0\u1ee3ng cao, mang l\u1ea1i \u0111\u1ed9 b\u1ec1n v\u01b0\u1ee3t tr\u1ed9i v\u00e0 kh\u1ea3 n\u0103ng ch\u1ed1ng \u0103n m\u00f2n v\u00e0 m\u00e0i m\u00f2n. \u0110i\u1ec1u n\u00e0y c\u00f3 ngh\u0129a l\u00e0 xi lanh c\u00f3 th\u1ec3 ch\u1ecbu \u0111\u01b0\u1ee3c \u0111i\u1ec1u ki\u1ec7n kh\u1eafc nghi\u1ec7t c\u1ee7a m\u00f4i tr\u01b0\u1eddng n\u00f4ng nghi\u1ec7p m\u00e0 kh\u00f4ng l\u00e0m gi\u1ea3m hi\u1ec7u qu\u1ea3 hay hi\u1ec7u su\u1ea5t ho\u1ea1t \u0111\u1ed9ng.<\/p>\n<p>Ngo\u00e0i ra, Xi lanh th\u1ee7y l\u1ef1c b\u1eb1ng th\u00e9p kh\u00f4ng g\u1ec9 t\u00f9y ch\u1ec9nh cho m\u00e1y k\u00e9o c\u00f2n t\u00edch h\u1ee3p c\u00f4ng ngh\u1ec7 th\u1ee7y l\u1ef1c ti\u00ean ti\u1ebfn, mang l\u1ea1i hi\u1ec7u su\u1ea5t ch\u00ednh x\u00e1c v\u00e0 \u1ed5n \u0111\u1ecbnh. \u0110i\u1ec1u n\u00e0y \u0111\u1ea3m b\u1ea3o xi lanh th\u1ee7y l\u1ef1c ho\u1ea1t \u0111\u1ed9ng tr\u01a1n tru v\u00e0 hi\u1ec7u qu\u1ea3, gi\u1ea3m thi\u1ec3u hao m\u00f2n cho c\u00e1c b\u1ed9 ph\u1eadn kh\u00e1c c\u1ee7a m\u00e1y k\u00e9o v\u00e0 t\u0103ng n\u0103ng su\u1ea5t t\u1ed5ng th\u1ec3.<\/p>\n<p><img loading=\"lazy\" decoding=\"async\" class=\"alignnone size-full wp-image-1334\" src=\"https:\/\/fmp-components.com\/wp-content\/uploads\/2024\/12\/Adjustable-Clevis-Type-Cylinders-4.webp\" alt=\"Xi lanh lo\u1ea1i ch\u1ed1t c\u00f3 th\u1ec3 \u0111i\u1ec1u ch\u1ec9nh\" width=\"800\" height=\"800\" title=\"\" srcset=\"https:\/\/fmp-components.com\/wp-content\/uploads\/2024\/12\/Adjustable-Clevis-Type-Cylinders-4.webp 800w, https:\/\/fmp-components.com\/wp-content\/uploads\/2024\/12\/Adjustable-Clevis-Type-Cylinders-4-480x480.webp 480w\" sizes=\"(min-width: 0px) and (max-width: 480px) 480px, (min-width: 481px) 800px, 100vw\" \/><\/p>\n<p>Nh\u00ecn chung, Xi lanh th\u1ee7y l\u1ef1c b\u1eb1ng th\u00e9p kh\u00f4ng g\u1ec9 t\u00f9y ch\u1ec9nh, c\u00f3 th\u1ec3 \u0111i\u1ec1u ch\u1ec9nh cho m\u00e1y k\u00e9o l\u00e0 m\u1ed9t s\u1ea3n ph\u1ea9m ch\u1ea5t l\u01b0\u1ee3ng cao, \u0111\u00e1ng tin c\u1eady, \u0111\u01b0\u1ee3c thi\u1ebft k\u1ebf \u0111\u1ec3 \u0111\u00e1p \u1ee9ng nhu c\u1ea7u c\u1ee7a c\u00e1c ho\u1ea1t \u0111\u1ed9ng n\u00f4ng nghi\u1ec7p hi\u1ec7n \u0111\u1ea1i. Cho d\u00f9 b\u1ea1n c\u1ea7n n\u00e2ng v\u1eadt n\u1eb7ng, c\u00e0y ru\u1ed9ng hay th\u1ef1c hi\u1ec7n b\u1ea5t k\u1ef3 nhi\u1ec7m v\u1ee5 n\u00e0o kh\u00e1c li\u00ean quan \u0111\u1ebfn m\u00e1y k\u00e9o, xi lanh th\u1ee7y l\u1ef1c n\u00e0y l\u00e0 l\u1ef1a ch\u1ecdn ho\u00e0n h\u1ea3o d\u00e0nh cho b\u1ea1n.<\/p>\n<h2>\u01afu \u0111i\u1ec3m c\u1ee7a xi lanh lo\u1ea1i ch\u1ed1t c\u00f3 th\u1ec3 \u0111i\u1ec1u ch\u1ec9nh<\/h2>\n<p>Xi lanh lo\u1ea1i ch\u1ed1t \u0111i\u1ec1u ch\u1ec9nh, ch\u1eb3ng h\u1ea1n nh\u01b0 xi lanh th\u1ee7y l\u1ef1c th\u00e9p kh\u00f4ng g\u1ec9 t\u00f9y ch\u1ec9nh cho m\u00e1y k\u00e9o, mang l\u1ea1i nhi\u1ec1u \u01b0u \u0111i\u1ec3m so v\u1edbi xi lanh th\u1ee7y l\u1ef1c truy\u1ec1n th\u1ed1ng. Trong b\u00e0i vi\u1ebft n\u00e0y, ch\u00fang ta s\u1ebd t\u00ecm hi\u1ec3u chi ti\u1ebft v\u1ec1 nh\u1eefng \u01b0u \u0111i\u1ec3m n\u00e0y.<\/p>\n<h3>1. T\u0103ng c\u01b0\u1eddng t\u00ednh linh ho\u1ea1t<\/h3>\n<p>M\u1ed9t trong nh\u1eefng \u01b0u \u0111i\u1ec3m ch\u00ednh c\u1ee7a xi lanh lo\u1ea1i ch\u1ed1t \u0111i\u1ec1u ch\u1ec9nh \u0111\u01b0\u1ee3c l\u00e0 t\u00ednh linh ho\u1ea1t \u0111\u01b0\u1ee3c c\u1ea3i thi\u1ec7n. V\u1edbi kh\u1ea3 n\u0103ng \u0111i\u1ec1u ch\u1ec9nh v\u1ecb tr\u00ed ch\u1ed1t, c\u00e1c xi lanh n\u00e0y mang l\u1ea1i t\u00ednh linh ho\u1ea1t cao h\u01a1n trong nhi\u1ec1u \u1ee9ng d\u1ee5ng kh\u00e1c nhau. Cho d\u00f9 l\u00e0 m\u00e1y k\u00e9o, m\u00e1y m\u00f3c n\u00f4ng nghi\u1ec7p hay c\u00e1c thi\u1ebft b\u1ecb c\u00f4ng nghi\u1ec7p kh\u00e1c, t\u00ednh n\u0103ng \u0111i\u1ec1u ch\u1ec9nh cho ph\u00e9p t\u00f9y ch\u1ec9nh ch\u00ednh x\u00e1c \u0111\u1ec3 \u0111\u00e1p \u1ee9ng c\u00e1c y\u00eau c\u1ea7u c\u1ee5 th\u1ec3.<\/p>\n<p>B\u1eb1ng c\u00e1ch s\u1eed d\u1ee5ng xi lanh th\u1ee7y l\u1ef1c b\u1eb1ng th\u00e9p kh\u00f4ng g\u1ec9 t\u00f9y ch\u1ec9nh d\u00e0nh cho m\u00e1y k\u00e9o, ng\u01b0\u1eddi v\u1eadn h\u00e0nh c\u00f3 th\u1ec3 d\u1ec5 d\u00e0ng \u0111i\u1ec1u ch\u1ec9nh chi\u1ec1u d\u00e0i v\u00e0 h\u00e0nh tr\u00ecnh c\u1ee7a xi lanh \u0111\u1ec3 ph\u00f9 h\u1ee3p v\u1edbi c\u00e1c nhi\u1ec7m v\u1ee5 kh\u00e1c nhau. T\u00ednh linh ho\u1ea1t n\u00e0y gi\u00fap c\u1ea3i thi\u1ec7n hi\u1ec7u qu\u1ea3 v\u00e0 n\u0103ng su\u1ea5t t\u1ed5ng th\u1ec3 trong nhi\u1ec1u m\u00f4i tr\u01b0\u1eddng l\u00e0m vi\u1ec7c kh\u00e1c nhau.<\/p>\n<h3>2. Hi\u1ec7u su\u1ea5t t\u1ed1i \u01b0u<\/h3>\n<p>Xi lanh lo\u1ea1i ch\u1ed1t \u0111i\u1ec1u ch\u1ec9nh \u0111\u01b0\u1ee3c thi\u1ebft k\u1ebf \u0111\u1ec3 mang l\u1ea1i hi\u1ec7u su\u1ea5t t\u1ed1i \u01b0u trong \u0111i\u1ec1u ki\u1ec7n kh\u1eafc nghi\u1ec7t. V\u1edbi c\u1ea5u tr\u00fac ch\u1eafc ch\u1eafn v\u00e0 v\u1eadt li\u1ec7u ch\u1ea5t l\u01b0\u1ee3ng cao nh\u01b0 th\u00e9p kh\u00f4ng g\u1ec9, nh\u1eefng xi lanh n\u00e0y mang l\u1ea1i \u0111\u1ed9 b\u1ec1n v\u00e0 s\u1ee9c m\u1ea1nh v\u01b0\u1ee3t tr\u1ed9i. \u0110i\u1ec1u n\u00e0y \u0111\u1ea3m b\u1ea3o ho\u1ea1t \u0111\u1ed9ng \u0111\u00e1ng tin c\u1eady ngay c\u1ea3 trong m\u00f4i tr\u01b0\u1eddng kh\u1eafc nghi\u1ec7t ho\u1eb7c ch\u1ecbu t\u1ea3i n\u1eb7ng.<\/p>\n<p>H\u01a1n n\u1eefa, thi\u1ebft k\u1ebf c\u00f3 th\u1ec3 \u0111i\u1ec1u ch\u1ec9nh cho ph\u00e9p tinh ch\u1ec9nh c\u00e1c \u0111\u1eb7c t\u00ednh hi\u1ec7u su\u1ea5t c\u1ee7a xi lanh. Ng\u01b0\u1eddi v\u1eadn h\u00e0nh c\u00f3 th\u1ec3 \u0111i\u1ec1u ch\u1ec9nh c\u00e1c y\u1ebfu t\u1ed1 nh\u01b0 t\u1ed1c \u0111\u1ed9, l\u1ef1c v\u00e0 chi\u1ec1u d\u00e0i h\u00e0nh tr\u00ecnh \u0111\u1ec3 \u0111\u1ea1t \u0111\u01b0\u1ee3c c\u00f4ng su\u1ea5t mong mu\u1ed1n. M\u1ee9c \u0111\u1ed9 ki\u1ec3m so\u00e1t n\u00e0y t\u1ed1i \u01b0u h\u00f3a hi\u1ec7u su\u1ea5t t\u1ed5ng th\u1ec3 c\u1ee7a h\u1ec7 th\u1ed1ng th\u1ee7y l\u1ef1c, gi\u00fap c\u1ea3i thi\u1ec7n n\u0103ng su\u1ea5t v\u00e0 hi\u1ec7u qu\u1ea3.<\/p>\n<h3>3. Gi\u1ea3m th\u1eddi gian ch\u1ebft<\/h3>\n<p>M\u1ed9t \u01b0u \u0111i\u1ec3m kh\u00e1c c\u1ee7a xi lanh lo\u1ea1i ch\u1ed1t \u0111i\u1ec1u ch\u1ec9nh \u0111\u01b0\u1ee3c l\u00e0 kh\u1ea3 n\u0103ng gi\u1ea3m th\u1eddi gian ng\u1eebng ho\u1ea1t \u0111\u1ed9ng. Nh\u1edd kh\u1ea3 n\u0103ng t\u00f9y ch\u1ec9nh, c\u00e1c xi lanh n\u00e0y c\u00f3 th\u1ec3 d\u1ec5 d\u00e0ng \u0111i\u1ec1u ch\u1ec9nh ho\u1eb7c thay th\u1ebf khi c\u1ea7n thi\u1ebft, gi\u00fap gi\u1ea3m thi\u1ec3u th\u1eddi gian b\u1ea3o tr\u00ec ho\u1eb7c s\u1eeda ch\u1eefa.<\/p>\n<p>\u0110\u1ed1i v\u1edbi xi lanh th\u1ee7y l\u1ef1c b\u1eb1ng th\u00e9p kh\u00f4ng g\u1ec9 t\u00f9y ch\u1ec9nh d\u00e0nh cho m\u00e1y k\u00e9o, thi\u1ebft k\u1ebf c\u1ee7a n\u00f3 cho ph\u00e9p \u0111i\u1ec1u ch\u1ec9nh ho\u1eb7c thay th\u1ebf nhanh ch\u00f3ng c\u00e1c ch\u1ed1t kh\u00f3a, \u0111\u1ea3m b\u1ea3o th\u1eddi gian ng\u1eebng ho\u1ea1t \u0111\u1ed9ng t\u1ed1i thi\u1ec3u. T\u00ednh n\u0103ng n\u00e0y \u0111\u1eb7c bi\u1ec7t h\u1eefu \u00edch trong c\u00e1c ng\u00e0nh c\u00f4ng nghi\u1ec7p \u0111\u00f2i h\u1ecfi ho\u1ea1t \u0111\u1ed9ng nhanh ch\u00f3ng, ch\u1eb3ng h\u1ea1n nh\u01b0 n\u00f4ng nghi\u1ec7p ho\u1eb7c x\u00e2y d\u1ef1ng.<\/p>\n<h3>4. T\u0103ng c\u01b0\u1eddng an to\u00e0n<\/h3>\n<p>Xi lanh lo\u1ea1i ch\u1ed1t \u0111i\u1ec1u ch\u1ec9nh \u01b0u ti\u00ean an to\u00e0n b\u1eb1ng c\u00e1ch cung c\u1ea5p kh\u1ea3 n\u0103ng ki\u1ec3m so\u00e1t ch\u00ednh x\u00e1c v\u00e0 \u1ed5n \u0111\u1ecbnh. Kh\u1ea3 n\u0103ng \u0111i\u1ec1u ch\u1ec9nh v\u1ecb tr\u00ed ch\u1ed1t \u0111\u1ea3m b\u1ea3o c\u0103n ch\u1ec9nh ch\u00ednh x\u00e1c v\u00e0 ng\u0103n ng\u1eeba \u00e1p l\u1ef1c kh\u00f4ng c\u1ea7n thi\u1ebft l\u00ean xi lanh v\u00e0 c\u00e1c b\u1ed9 ph\u1eadn kh\u00e1c. \u0110i\u1ec1u n\u00e0y l\u00e0m gi\u1ea3m nguy c\u01a1 h\u1ecfng h\u00f3c c\u01a1 h\u1ecdc, t\u0103ng c\u01b0\u1eddng an to\u00e0n t\u1ed5ng th\u1ec3 cho ng\u01b0\u1eddi v\u1eadn h\u00e0nh v\u00e0 m\u00f4i tr\u01b0\u1eddng xung quanh.<\/p>\n<p>Ngo\u00e0i ra, vi\u1ec7c s\u1eed d\u1ee5ng th\u00e9p kh\u00f4ng g\u1ec9 trong ch\u1ebf t\u1ea1o c\u00e1c b\u00ecnh n\u00e0y mang l\u1ea1i kh\u1ea3 n\u0103ng ch\u1ed1ng \u0103n m\u00f2n tuy\u1ec7t v\u1eddi, c\u1ea3i thi\u1ec7n h\u01a1n n\u1eefa \u0111\u1ed9 an to\u00e0n v\u00e0 tu\u1ed5i th\u1ecd c\u1ee7a ch\u00fang. Kh\u1ea3 n\u0103ng ch\u1ed1ng \u0103n m\u00f2n n\u00e0y lo\u1ea1i b\u1ecf lo ng\u1ea1i v\u1ec1 r\u00f2 r\u1ec9 ho\u1eb7c h\u1ecfng h\u00f3c h\u1ec7 th\u1ed1ng do g\u1ec9 s\u00e9t ho\u1eb7c c\u00e1c y\u1ebfu t\u1ed1 m\u00f4i tr\u01b0\u1eddng kh\u00e1c.<\/p>\n<h3>Ph\u1ea7n k\u1ebft lu\u1eadn<\/h3>\n<p>T\u00f3m l\u1ea1i, xi lanh lo\u1ea1i ch\u1ed1t \u0111i\u1ec1u ch\u1ec9nh, ch\u1eb3ng h\u1ea1n nh\u01b0 xi lanh th\u1ee7y l\u1ef1c th\u00e9p kh\u00f4ng g\u1ec9 t\u00f9y ch\u1ec9nh cho m\u00e1y k\u00e9o, mang l\u1ea1i nhi\u1ec1u l\u1ee3i th\u1ebf v\u1ec1 t\u00ednh linh ho\u1ea1t, hi\u1ec7u su\u1ea5t, gi\u1ea3m th\u1eddi gian ch\u1ebft v\u00e0 an to\u00e0n. Thi\u1ebft k\u1ebf \u0111i\u1ec1u ch\u1ec9nh c\u1ee7a ch\u00fang cho ph\u00e9p t\u00f9y ch\u1ec9nh ch\u00ednh x\u00e1c, t\u1ed1i \u01b0u h\u00f3a hi\u1ec7u su\u1ea5t v\u00e0 hi\u1ec7u qu\u1ea3. V\u1edbi c\u1ea5u tr\u00fac ch\u1eafc ch\u1eafn v\u00e0 kh\u1ea3 n\u0103ng ch\u1ed1ng \u0103n m\u00f2n, c\u00e1c xi lanh n\u00e0y mang l\u1ea1i \u0111\u1ed9 tin c\u1eady l\u00e2u d\u00e0i trong nhi\u1ec1u \u1ee9ng d\u1ee5ng c\u00f4ng nghi\u1ec7p kh\u00e1c nhau.<\/p>\n<p><img decoding=\"async\" src=\"https:\/\/fmp-components.com\/wp-content\/uploads\/2024\/12\/Adjustable-Clevis-Type-Cylinders5.webp\" alt=\"Xi lanh lo\u1ea1i Clevis c\u00f3 th\u1ec3 \u0111i\u1ec1u ch\u1ec9nh\" width=\"800\" title=\"\"><\/p>\n<h2>\u1ee8ng d\u1ee5ng c\u1ee7a xi lanh lo\u1ea1i ch\u1ed1t c\u00f3 th\u1ec3 \u0111i\u1ec1u ch\u1ec9nh<\/h2>\n<p>Xi lanh lo\u1ea1i ch\u1ed1t \u0111i\u1ec1u ch\u1ec9nh l\u00e0 lo\u1ea1i xi lanh th\u1ee7y l\u1ef1c \u0111a n\u0103ng c\u00f3 th\u1ec3 \u0111i\u1ec1u ch\u1ec9nh \u0111\u1ec3 ph\u00f9 h\u1ee3p v\u1edbi nhi\u1ec1u \u1ee9ng d\u1ee5ng kh\u00e1c nhau. Sau \u0111\u00e2y l\u00e0 m\u1ed9t s\u1ed1 \u1ee9ng d\u1ee5ng c\u1ee7a lo\u1ea1i xi lanh n\u00e0y:<\/p>\n<h3>1. M\u00e1y m\u00f3c n\u00f4ng nghi\u1ec7p<\/h3>\n<p>M\u00e1y m\u00f3c n\u00f4ng nghi\u1ec7p c\u1ea7n xi lanh th\u1ee7y l\u1ef1c b\u1ec1n b\u1ec9 v\u00e0 hi\u1ec7u qu\u1ea3 \u0111\u1ec3 v\u1eadn h\u00e0nh nhi\u1ec1u lo\u1ea1i thi\u1ebft b\u1ecb v\u00e0 m\u00e1y m\u00f3c kh\u00e1c nhau. Xi lanh th\u1ee7y l\u1ef1c th\u00e9p kh\u00f4ng g\u1ec9 t\u00f9y ch\u1ec9nh c\u00f3 th\u1ec3 \u0111i\u1ec1u ch\u1ec9nh d\u00e0nh cho m\u00e1y k\u00e9o l\u00e0 m\u1ed9t v\u00ed d\u1ee5 \u0111i\u1ec3n h\u00ecnh v\u1ec1 xi lanh th\u1ee7y l\u1ef1c \u0111\u01b0\u1ee3c thi\u1ebft k\u1ebf ri\u00eang cho m\u00e1y m\u00f3c n\u00f4ng nghi\u1ec7p. Xi lanh c\u00f3 th\u1ec3 \u0111\u01b0\u1ee3c \u0111i\u1ec1u ch\u1ec9nh \u0111\u1ec3 ph\u00f9 h\u1ee3p v\u1edbi nhu c\u1ea7u c\u1ee5 th\u1ec3 c\u1ee7a c\u00e1c lo\u1ea1i m\u00e1y m\u00f3c v\u00e0 thi\u1ebft b\u1ecb kh\u00e1c nhau, khi\u1ebfn n\u00f3 tr\u1edf th\u00e0nh l\u1ef1a ch\u1ecdn l\u00fd t\u01b0\u1edfng cho c\u00e1c \u1ee9ng d\u1ee5ng n\u00f4ng nghi\u1ec7p.<\/p>\n<h3>2. Thi\u1ebft b\u1ecb x\u00e2y d\u1ef1ng<\/h3>\n<p>C\u00e1c thi\u1ebft b\u1ecb x\u00e2y d\u1ef1ng nh\u01b0 m\u00e1y \u1ee7i, m\u00e1y \u0111\u00e0o v\u00e0 c\u1ea7n c\u1ea9u \u0111\u00f2i h\u1ecfi xi lanh th\u1ee7y l\u1ef1c m\u1ea1nh m\u1ebd v\u00e0 \u0111\u00e1ng tin c\u1eady \u0111\u1ec3 th\u1ef1c hi\u1ec7n nhi\u1ec1u nhi\u1ec7m v\u1ee5 kh\u00e1c nhau. Xi lanh lo\u1ea1i ch\u1ed1t \u0111i\u1ec1u ch\u1ec9nh th\u01b0\u1eddng \u0111\u01b0\u1ee3c s\u1eed d\u1ee5ng trong c\u00e1c \u1ee9ng d\u1ee5ng n\u00e0y do kh\u1ea3 n\u0103ng d\u1ec5 d\u00e0ng \u0111i\u1ec1u ch\u1ec9nh \u0111\u1ec3 ph\u00f9 h\u1ee3p v\u1edbi c\u00e1c h\u1ec7 th\u1ed1ng th\u1ee7y l\u1ef1c kh\u00e1c nhau. Xi lanh c\u00f3 th\u1ec3 ch\u1ecbu \u0111\u01b0\u1ee3c t\u1ea3i tr\u1ecdng n\u1eb7ng v\u00e0 \u0111i\u1ec1u ki\u1ec7n v\u1eadn h\u00e0nh kh\u1eafc nghi\u1ec7t, khi\u1ebfn ch\u00fang tr\u1edf th\u00e0nh l\u1ef1a ch\u1ecdn ph\u1ed5 bi\u1ebfn cho thi\u1ebft b\u1ecb x\u00e2y d\u1ef1ng.<\/p>\n<h3>3. Ng\u00e0nh c\u00f4ng nghi\u1ec7p \u00f4 t\u00f4<\/h3>\n<p>Xi lanh lo\u1ea1i ch\u1ed1t \u0111i\u1ec1u ch\u1ec9nh \u0111\u01b0\u1ee3c s\u1eed d\u1ee5ng ph\u1ed5 bi\u1ebfn trong ng\u00e0nh c\u00f4ng nghi\u1ec7p \u00f4 t\u00f4 cho nhi\u1ec1u \u1ee9ng d\u1ee5ng kh\u00e1c nhau nh\u01b0 h\u1ec7 th\u1ed1ng l\u00e1i, phanh v\u00e0 h\u1ec7 th\u1ed1ng treo. Xi lanh c\u00f3 th\u1ec3 \u0111\u01b0\u1ee3c t\u00f9y ch\u1ec9nh \u0111\u1ec3 ph\u00f9 h\u1ee3p v\u1edbi c\u00e1c m\u1eabu xe v\u00e0 th\u00f4ng s\u1ed1 k\u1ef9 thu\u1eadt kh\u00e1c nhau, khi\u1ebfn ch\u00fang tr\u1edf th\u00e0nh l\u1ef1a ch\u1ecdn l\u00fd t\u01b0\u1edfng cho c\u00e1c \u1ee9ng d\u1ee5ng \u00f4 t\u00f4.<\/p>\n<h3>4. Ng\u00e0nh h\u00e0ng h\u1ea3i<\/h3>\n<p>Ng\u00e0nh c\u00f4ng nghi\u1ec7p h\u00e0ng h\u1ea3i \u0111\u00f2i h\u1ecfi xi lanh th\u1ee7y l\u1ef1c b\u1ec1n b\u1ec9 v\u00e0 c\u00f3 th\u1ec3 ch\u1ecbu \u0111\u01b0\u1ee3c m\u00f4i tr\u01b0\u1eddng bi\u1ec3n kh\u1eafc nghi\u1ec7t. Xi lanh lo\u1ea1i ch\u1ed1t \u0111i\u1ec1u ch\u1ec9nh th\u01b0\u1eddng \u0111\u01b0\u1ee3c s\u1eed d\u1ee5ng trong c\u00e1c \u1ee9ng d\u1ee5ng h\u00e0ng h\u1ea3i nh\u1edd \u0111\u1eb7c t\u00ednh ch\u1ed1ng \u0103n m\u00f2n v\u00e0 kh\u1ea3 n\u0103ng ch\u1ecbu \u0111\u01b0\u1ee3c \u00e1p su\u1ea5t v\u00e0 nhi\u1ec7t \u0111\u1ed9 thay \u0111\u1ed5i kh\u1eafc nghi\u1ec7t.<\/p>\n<h3>5. Ng\u00e0nh h\u00e0ng kh\u00f4ng v\u0169 tr\u1ee5<\/h3>\n<p>Ng\u00e0nh c\u00f4ng nghi\u1ec7p h\u00e0ng kh\u00f4ng v\u0169 tr\u1ee5 \u0111\u00f2i h\u1ecfi xi lanh th\u1ee7y l\u1ef1c nh\u1eb9, b\u1ec1n v\u00e0 c\u00f3 th\u1ec3 ch\u1ecbu \u0111\u01b0\u1ee3c \u0111i\u1ec1u ki\u1ec7n v\u1eadn h\u00e0nh kh\u1eafc nghi\u1ec7t. Xi lanh lo\u1ea1i ch\u1ed1t \u0111i\u1ec1u ch\u1ec9nh th\u01b0\u1eddng \u0111\u01b0\u1ee3c s\u1eed d\u1ee5ng trong c\u00e1c \u1ee9ng d\u1ee5ng h\u00e0ng kh\u00f4ng v\u0169 tr\u1ee5 nh\u1edd kh\u1ea3 n\u0103ng t\u00f9y ch\u1ec9nh \u0111\u1ec3 ph\u00f9 h\u1ee3p v\u1edbi c\u00e1c y\u00eau c\u1ea7u c\u1ee5 th\u1ec3 v\u00e0 t\u1ef7 l\u1ec7 s\u1ee9c b\u1ec1n tr\u00ean tr\u1ecdng l\u01b0\u1ee3ng cao.<\/p>\n<p>T\u00f3m l\u1ea1i, xi lanh lo\u1ea1i ch\u1ed1t \u0111i\u1ec1u ch\u1ec9nh l\u00e0 lo\u1ea1i xi lanh th\u1ee7y l\u1ef1c \u0111a n\u0103ng, c\u00f3 th\u1ec3 t\u00f9y ch\u1ec9nh \u0111\u1ec3 ph\u00f9 h\u1ee3p v\u1edbi nhi\u1ec1u \u1ee9ng d\u1ee5ng trong c\u00e1c ng\u00e0nh c\u00f4ng nghi\u1ec7p kh\u00e1c nhau. Xi lanh th\u1ee7y l\u1ef1c th\u00e9p kh\u00f4ng g\u1ec9 t\u00f9y ch\u1ec9nh cho m\u00e1y k\u00e9o l\u00e0 m\u1ed9t v\u00ed d\u1ee5 \u0111i\u1ec3n h\u00ecnh v\u1ec1 xi lanh th\u1ee7y l\u1ef1c c\u00f3 th\u1ec3 \u0111i\u1ec1u ch\u1ec9nh \u0111\u1ec3 ph\u00f9 h\u1ee3p v\u1edbi m\u00e1y m\u00f3c n\u00f4ng nghi\u1ec7p. Nh\u1eefng xi lanh n\u00e0y b\u1ec1n b\u1ec9, \u0111\u00e1ng tin c\u1eady v\u00e0 c\u00f3 th\u1ec3 ch\u1ecbu \u0111\u01b0\u1ee3c \u0111i\u1ec1u ki\u1ec7n v\u1eadn h\u00e0nh kh\u1eafc nghi\u1ec7t, khi\u1ebfn ch\u00fang tr\u1edf th\u00e0nh l\u1ef1a ch\u1ecdn l\u00fd t\u01b0\u1edfng cho nhi\u1ec1u \u1ee9ng d\u1ee5ng kh\u00e1c nhau.<img decoding=\"async\" src=\"https:\/\/fmp-components.com\/wp-content\/uploads\/2024\/12\/Application-of-Adjustable-Clevis-Type-Cylinders.webp\" alt=\"Xi lanh lo\u1ea1i Clevis c\u00f3 th\u1ec3 \u0111i\u1ec1u ch\u1ec9nh\" width=\"800\" title=\"\"><\/p>\n<h3>Gi\u1edbi thi\u1ec7u v\u1ec1 FMP<\/h3>\n<p>FMP l\u00e0 c\u00f4ng ty h\u00e0ng \u0111\u1ea7u chuy\u00ean s\u1ea3n xu\u1ea5t v\u00e0 kinh doanh Xi lanh th\u1ee7y l\u1ef1c. V\u1edbi nhi\u1ec1u n\u0103m kinh nghi\u1ec7m trong ng\u00e0nh v\u00e0 \u0111\u1ed9i ng\u0169 chuy\u00ean nghi\u1ec7p, ch\u00fang t\u00f4i cam k\u1ebft cung c\u1ea5p cho kh\u00e1ch h\u00e0ng nh\u1eefng xi lanh th\u1ee7y l\u1ef1c ch\u1ea5t l\u01b0\u1ee3ng cao, \u0111\u00e1ng tin c\u1eady v\u00e0 c\u00e1c gi\u1ea3i ph\u00e1p m\u00e1y m\u00f3c to\u00e0n di\u1ec7n.<\/p>\n<p><img decoding=\"async\" src=\"https:\/\/fmp-components.com\/wp-content\/uploads\/2024\/12\/Adjustable-Clevis-Type-Cylinders-6.webp\" alt=\"Xi lanh lo\u1ea1i Clevis c\u00f3 th\u1ec3 \u0111i\u1ec1u ch\u1ec9nh\" width=\"837\" title=\"\"><\/p>\n<p>Sau \u0111\u00e2y l\u00e0 n\u0103m l\u1ee3i th\u1ebf ch\u00ednh c\u1ee7a s\u1ea3n ph\u1ea9m v\u00e0 c\u00f4ng ty ch\u00fang t\u00f4i:<\/p>\n<ol>\n<li>L\u1ef1a ch\u1ecdn \u0111a d\u1ea1ng: Ch\u00fang t\u00f4i cung c\u1ea5p \u0111\u1ea7y \u0111\u1ee7 c\u00e1c lo\u1ea1i xi lanh th\u1ee7y l\u1ef1c ph\u00f9 h\u1ee3p v\u1edbi nhi\u1ec1u \u1ee9ng d\u1ee5ng kh\u00e1c nhau trong ng\u00e0nh m\u00e1y m\u00f3c x\u00e2y d\u1ef1ng. T\u1eeb xi lanh lo\u1ea1i ch\u1ed1t \u0111i\u1ec1u ch\u1ec9nh \u0111\u1ebfn c\u00e1c lo\u1ea1i chuy\u00ean d\u1ee5ng kh\u00e1c, ch\u00fang t\u00f4i c\u00f3 gi\u1ea3i ph\u00e1p ho\u00e0n h\u1ea3o \u0111\u00e1p \u1ee9ng c\u00e1c y\u00eau c\u1ea7u c\u1ee5 th\u1ec3 c\u1ee7a b\u1ea1n.<\/li>\n<li>Ch\u1ea5t l\u01b0\u1ee3ng v\u01b0\u1ee3t tr\u1ed9i: T\u1ea1i FMP, ch\u00fang t\u00f4i \u01b0u ti\u00ean ch\u1ea5t l\u01b0\u1ee3ng v\u00e0 \u0111\u1ea3m b\u1ea3o t\u1ea5t c\u1ea3 xi lanh th\u1ee7y l\u1ef1c c\u1ee7a ch\u00fang t\u00f4i \u0111\u1ec1u \u0111\u00e1p \u1ee9ng c\u00e1c ti\u00eau chu\u1ea9n ch\u1ea5t l\u01b0\u1ee3ng nghi\u00eam ng\u1eb7t. S\u1ea3n ph\u1ea9m c\u1ee7a ch\u00fang t\u00f4i \u0111\u01b0\u1ee3c s\u1ea3n xu\u1ea5t b\u1eb1ng v\u1eadt li\u1ec7u cao c\u1ea5p v\u00e0 tr\u1ea3i qua qu\u00e1 tr\u00ecnh ki\u1ec3m tra nghi\u00eam ng\u1eb7t \u0111\u1ec3 \u0111\u1ea3m b\u1ea3o \u0111\u1ed9 b\u1ec1n v\u00e0 hi\u1ec7u su\u1ea5t.<\/li>\n<li>\u0110\u1ed9i ng\u0169 b\u00e1n h\u00e0ng chuy\u00ean nghi\u1ec7p: \u0110\u1ed9i ng\u0169 b\u00e1n h\u00e0ng gi\u00e0u kinh nghi\u1ec7m c\u1ee7a ch\u00fang t\u00f4i s\u1edf h\u1eefu ki\u1ebfn \u200b\u200bth\u1ee9c chuy\u00ean s\u00e2u v\u1ec1 ng\u00e0nh m\u00e1y m\u00f3c x\u00e2y d\u1ef1ng, lu\u00f4n c\u1eadp nh\u1eadt xu h\u01b0\u1edbng m\u1edbi nh\u1ea5t v\u00e0 th\u1ea5u hi\u1ec3u nhu c\u1ea7u c\u1ee7a kh\u00e1ch h\u00e0ng. H\u1ecd s\u1eb5n s\u00e0ng t\u01b0 v\u1ea5n s\u1ea3n ph\u1ea9m chuy\u00ean nghi\u1ec7p v\u00e0 \u0111\u01b0a ra nh\u1eefng g\u1ee3i \u00fd mua h\u00e0ng th\u00f4ng minh, gi\u00fap b\u1ea1n \u0111\u01b0a ra quy\u1ebft \u0111\u1ecbnh s\u00e1ng su\u1ed1t.<\/li>\n<li>H\u1eadu c\u1ea7n hi\u1ec7u qu\u1ea3: Ch\u00fang t\u00f4i hi\u1ec3u t\u1ea7m quan tr\u1ecdng c\u1ee7a vi\u1ec7c giao h\u00e0ng \u0111\u00fang h\u1ea1n, do \u0111\u00f3, ch\u00fang t\u00f4i \u0111\u00e3 thi\u1ebft l\u1eadp m\u1ed9t h\u1ec7 th\u1ed1ng ph\u00e2n ph\u1ed1i h\u1eadu c\u1ea7n hi\u1ec7u qu\u1ea3. \u0110i\u1ec1u n\u00e0y \u0111\u1ea3m b\u1ea3o kh\u00e1ch h\u00e0ng nh\u1eadn \u0111\u01b0\u1ee3c xi lanh th\u1ee7y l\u1ef1c c\u1ea7n thi\u1ebft m\u1ed9t c\u00e1ch nhanh ch\u00f3ng v\u00e0 ch\u00ednh x\u00e1c, gi\u1ea3m thi\u1ec3u m\u1ecdi s\u1ef1 ch\u1eadm tr\u1ec5 ho\u1eb7c gi\u00e1n \u0111o\u1ea1n ti\u1ec1m \u1ea9n.<\/li>\n<li>M\u1ed1i quan h\u1ec7 nh\u00e0 cung c\u1ea5p v\u1eefng ch\u1eafc: Th\u00f4ng qua m\u1ed1i quan h\u1ec7 h\u1ee3p t\u00e1c l\u00e2u d\u00e0i v\u00e0 \u1ed5n \u0111\u1ecbnh v\u1edbi c\u00e1c nh\u00e0 cung c\u1ea5p ch\u1ea5t l\u01b0\u1ee3ng cao, c\u1ea3 trong n\u01b0\u1edbc v\u00e0 qu\u1ed1c t\u1ebf, ch\u00fang t\u00f4i c\u00f3 th\u1ec3 t\u00ecm ngu\u1ed3n cung \u1ee9ng linh ki\u1ec7n v\u00e0 v\u1eadt li\u1ec7u t\u1ed1t nh\u1ea5t cho xi lanh th\u1ee7y l\u1ef1c c\u1ee7a m\u00ecnh. \u0110i\u1ec1u n\u00e0y cho ph\u00e9p ch\u00fang t\u00f4i duy tr\u00ec ch\u1ea5t l\u01b0\u1ee3ng v\u00e0 hi\u1ec7u su\u1ea5t \u0111\u1ed3ng \u0111\u1ec1u tr\u00ean to\u00e0n b\u1ed9 d\u00f2ng s\u1ea3n ph\u1ea9m.<\/li>\n<\/ol>\n<p>H\u00e3y ch\u1ecdn FMP cho nhu c\u1ea7u xi lanh th\u1ee7y l\u1ef1c c\u1ee7a b\u1ea1n v\u00e0 tr\u1ea3i nghi\u1ec7m \u0111\u1ed9 tin c\u1eady c\u00f9ng ch\u1ea5t l\u01b0\u1ee3ng v\u01b0\u1ee3t tr\u1ed9i m\u00e0 ch\u00fang t\u00f4i mang l\u1ea1i. Li\u00ean h\u1ec7 v\u1edbi ch\u00fang t\u00f4i ngay h\u00f4m nay \u0111\u1ec3 th\u1ea3o lu\u1eadn v\u1ec1 nhu c\u1ea7u c\u1ee7a b\u1ea1n v\u00e0 b\u1eaft \u0111\u1ea7u m\u1ed9t m\u1ed1i quan h\u1ec7 h\u1ee3p t\u00e1c th\u00e0nh c\u00f4ng.<\/p>\n<h2>C\u00e2u h\u1ecfi th\u01b0\u1eddng g\u1eb7p<\/h2>\n<p><b>Q: Th\u1eddi gian giao h\u00e0ng cho Xi lanh th\u1ee7y l\u1ef1c b\u1eb1ng th\u00e9p kh\u00f4ng g\u1ec9 c\u00f3 th\u1ec3 \u0111i\u1ec1u ch\u1ec9nh t\u00f9y ch\u1ec9nh l\u00e0 bao l\u00e2u?<\/b><br \/>\nA: Th\u1eddi gian giao h\u00e0ng chung l\u00e0 25-35 ng\u00e0y.<\/p>\n<p><b>Q: C\u00f3 m\u1eabu xi lanh th\u1ee7y l\u1ef1c n\u00e0o c\u00f3 s\u1eb5n kh\u00f4ng?<\/b><br \/>\nA: C\u00f3, ch\u00fang t\u00f4i cung c\u1ea5p m\u1eabu nh\u01b0ng kh\u00f4ng mi\u1ec5n ph\u00ed.<\/p>\n<p><b>Q: Xi lanh th\u1ee7y l\u1ef1c c\u00f3 th\u1ec3 \u0111\u01b0\u1ee3c t\u00f9y ch\u1ec9nh theo m\u1eabu ho\u1eb7c b\u1ea3n v\u1ebd k\u1ef9 thu\u1eadt kh\u00f4ng?<\/b><br \/>\nA: C\u00f3, ch\u00fang t\u00f4i c\u00f3 th\u1ec3 s\u1ea3n xu\u1ea5t xi lanh theo m\u1eabu ho\u1eb7c b\u1ea3n v\u1ebd k\u1ef9 thu\u1eadt c\u1ee7a b\u1ea1n. Ch\u00fang t\u00f4i c\u0169ng c\u00f3 th\u1ec3 ch\u1ebf t\u1ea1o khu\u00f4n m\u1eabu v\u00e0 \u0111\u1ed3 g\u00e1.<\/p>\n<p><img decoding=\"async\" src=\"https:\/\/img.jiansujichilun.com\/img\/hydrauliccylinders\/C_hydrauliccylinders-5.webp\" alt=\"xi lanh th\u1ee7y l\u1ef1c\" width=\"800\" title=\"\"><\/p>\n<p>T\u00e1c gi\u1ea3: CX<\/p>","protected":false},"excerpt":{"rendered":"<p>Introducing Customized Adjustable Stainless Steel Hydraulic Cylinder For Tractor Customized Adjustable Stainless Steel Hydraulic Cylinder For Tractor is a top-of-the-line product that is designed to meet the specific needs of tractor operators. This hydraulic cylinder has been engineered to provide unparalleled performance and efficiency, making it an indispensable component of any tractor. One of the [&hellip;]<\/p>","protected":false},"featured_media":1338,"comment_status":"closed","ping_status":"closed","template":"","meta":{"_et_pb_use_builder":"","_et_pb_old_content":"","_et_gb_content_width":""},"product_brand":[],"product_cat":[39],"product_tag":[41,34],"class_list":{"0":"post-1375","1":"product","2":"type-product","3":"status-publish","4":"has-post-thumbnail","6":"product_cat-adjustable-clevis-type-cylinders","7":"product_tag-adjustable-clevis-type-cylinders","8":"product_tag-hydraulic-cylinder","10":"first","11":"instock","12":"product-type-simple"},"_links":{"self":[{"href":"https:\/\/fmp-components.com\/vi\/wp-json\/wp\/v2\/product\/1375","targetHints":{"allow":["GET"]}}],"collection":[{"href":"https:\/\/fmp-components.com\/vi\/wp-json\/wp\/v2\/product"}],"about":[{"href":"https:\/\/fmp-components.com\/vi\/wp-json\/wp\/v2\/types\/product"}],"replies":[{"embeddable":true,"href":"https:\/\/fmp-components.com\/vi\/wp-json\/wp\/v2\/comments?post=1375"}],"wp:featuredmedia":[{"embeddable":true,"href":"https:\/\/fmp-components.com\/vi\/wp-json\/wp\/v2\/media\/1338"}],"wp:attachment":[{"href":"https:\/\/fmp-components.com\/vi\/wp-json\/wp\/v2\/media?parent=1375"}],"wp:term":[{"taxonomy":"product_brand","embeddable":true,"href":"https:\/\/fmp-components.com\/vi\/wp-json\/wp\/v2\/product_brand?post=1375"},{"taxonomy":"product_cat","embeddable":true,"href":"https:\/\/fmp-components.com\/vi\/wp-json\/wp\/v2\/product_cat?post=1375"},{"taxonomy":"product_tag","embeddable":true,"href":"https:\/\/fmp-components.com\/vi\/wp-json\/wp\/v2\/product_tag?post=1375"}],"curies":[{"name":"wp","href":"https:\/\/api.w.org\/{rel}","templated":true}]}}