{"id":1371,"date":"2024-12-23T02:18:57","date_gmt":"2024-12-23T02:18:57","guid":{"rendered":"https:\/\/fmp-components.com\/product\/cheap-small-double-acting-welded-trailer-hydraulic-cylinder\/"},"modified":"2024-12-23T03:24:49","modified_gmt":"2024-12-23T03:24:49","slug":"cheap-small-double-acting-welded-trailer-hydraulic-cylinder","status":"publish","type":"product","link":"https:\/\/fmp-components.com\/vi\/product\/cheap-small-double-acting-welded-trailer-hydraulic-cylinder\/","title":{"rendered":"Xi lanh th\u1ee7y l\u1ef1c r\u01a1 mo\u00f3c h\u00e0n t\u00e1c \u0111\u1ed9ng k\u00e9p nh\u1ecf gi\u00e1 r\u1ebb"},"content":{"rendered":"<p>Xi lanh th\u1ee7y l\u1ef1c r\u01a1 mo\u00f3c h\u00e0n t\u00e1c \u0111\u1ed9ng k\u00e9p nh\u1ecf g\u1ecdn gi\u00e1 r\u1ebb l\u00e0 m\u1ed9t thi\u1ebft b\u1ecb m\u1ea1nh m\u1ebd v\u00e0 \u0111\u00e1ng tin c\u1eady, thi\u1ebft y\u1ebfu cho m\u1ecdi ho\u1ea1t \u0111\u1ed9ng c\u00f4ng nghi\u1ec7p ho\u1eb7c n\u00f4ng nghi\u1ec7p. Xi lanh th\u1ee7y l\u1ef1c n\u00e0y \u0111\u01b0\u1ee3c thi\u1ebft k\u1ebf \u0111\u1ec3 cung c\u1ea5p l\u1ef1c t\u00e1c \u0111\u1ed9ng k\u00e9p, \u0111\u1ea3m b\u1ea3o hi\u1ec7u su\u1ea5t t\u1ed1i \u0111a trong m\u1ecdi \u1ee9ng d\u1ee5ng.<\/p>\n<p>M\u1ed9t trong nh\u1eefng \u0111\u1eb7c \u0111i\u1ec3m n\u1ed5i b\u1eadt c\u1ee7a xi lanh th\u1ee7y l\u1ef1c n\u00e0y l\u00e0 thi\u1ebft k\u1ebf h\u00e0n, mang l\u1ea1i \u0111\u1ed9 b\u1ec1n v\u00e0 hi\u1ec7u su\u1ea5t v\u01b0\u1ee3t tr\u1ed9i trong th\u1eddi gian d\u00e0i. Thi\u1ebft k\u1ebf n\u00e0y \u0111\u1ea3m b\u1ea3o xi lanh c\u00f3 kh\u1ea3 n\u0103ng ch\u1ecbu \u0111\u01b0\u1ee3c nh\u1eefng \u0111i\u1ec1u ki\u1ec7n kh\u1eafc nghi\u1ec7t nh\u1ea5t, bao g\u1ed3m c\u1ea3 vi\u1ec7c s\u1eed d\u1ee5ng nhi\u1ec1u v\u00e0 ti\u1ebfp x\u00fac v\u1edbi c\u00e1c y\u1ebfu t\u1ed1 th\u1eddi ti\u1ebft.<\/p>\n<p>Ngo\u00e0i thi\u1ebft k\u1ebf ch\u1eafc ch\u1eafn, Xi lanh th\u1ee7y l\u1ef1c r\u01a1 mo\u00f3c h\u00e0n t\u00e1c \u0111\u1ed9ng k\u00e9p c\u1ee1 nh\u1ecf gi\u00e1 r\u1ebb c\u00f2n c\u1ef1c k\u1ef3 d\u1ec5 l\u1eafp \u0111\u1eb7t v\u00e0 b\u1ea3o tr\u00ec. \u0110i\u1ec1u n\u00e0y khi\u1ebfn n\u00f3 tr\u1edf th\u00e0nh l\u1ef1a ch\u1ecdn l\u00fd t\u01b0\u1edfng cho b\u1ea5t k\u1ef3 ai c\u1ea7n m\u1ed9t xi lanh th\u1ee7y l\u1ef1c \u0111\u00e1ng tin c\u1eady v\u00e0 hi\u1ec7u qu\u1ea3, c\u00f3 th\u1ec3 t\u00edch h\u1ee3p nhanh ch\u00f3ng v\u00e0 d\u1ec5 d\u00e0ng v\u00e0o thi\u1ebft b\u1ecb hi\u1ec7n c\u00f3 c\u1ee7a h\u1ecd.<\/p>\n<p><img loading=\"lazy\" decoding=\"async\" class=\"alignnone size-full wp-image-1334\" src=\"https:\/\/fmp-components.com\/wp-content\/uploads\/2024\/12\/Adjustable-Clevis-Type-Cylinders-4.webp\" alt=\"Xi lanh lo\u1ea1i ch\u1ed1t c\u00f3 th\u1ec3 \u0111i\u1ec1u ch\u1ec9nh\" width=\"800\" height=\"800\" title=\"\" srcset=\"https:\/\/fmp-components.com\/wp-content\/uploads\/2024\/12\/Adjustable-Clevis-Type-Cylinders-4.webp 800w, https:\/\/fmp-components.com\/wp-content\/uploads\/2024\/12\/Adjustable-Clevis-Type-Cylinders-4-480x480.webp 480w\" sizes=\"(min-width: 0px) and (max-width: 480px) 480px, (min-width: 481px) 800px, 100vw\" \/><\/p>\n<p>Nh\u00ecn chung, Xi lanh th\u1ee7y l\u1ef1c r\u01a1 mo\u00f3c h\u00e0n t\u00e1c \u0111\u1ed9ng k\u00e9p c\u1ee1 nh\u1ecf gi\u00e1 r\u1ebb l\u00e0 m\u1ed9t l\u1ef1a ch\u1ecdn tuy\u1ec7t v\u1eddi cho b\u1ea5t k\u1ef3 ai c\u1ea7n m\u1ed9t xi lanh th\u1ee7y l\u1ef1c ch\u1ea5t l\u01b0\u1ee3ng cao, mang l\u1ea1i hi\u1ec7u su\u1ea5t \u1ed5n \u0111\u1ecbnh v\u00e0 v\u1eadn h\u00e0nh \u0111\u00e1ng tin c\u1eady. Cho d\u00f9 b\u1ea1n \u0111ang l\u00e0m vi\u1ec7c trong l\u0129nh v\u1ef1c x\u00e2y d\u1ef1ng, n\u00f4ng nghi\u1ec7p hay b\u1ea5t k\u1ef3 ng\u00e0nh c\u00f4ng nghi\u1ec7p n\u00e0o kh\u00e1c ph\u1ee5 thu\u1ed9c v\u00e0o h\u1ec7 th\u1ed1ng th\u1ee7y l\u1ef1c, xi lanh n\u00e0y ch\u1eafc ch\u1eafn s\u1ebd \u0111\u00e1p \u1ee9ng nhu c\u1ea7u v\u00e0 v\u01b0\u1ee3t xa mong \u0111\u1ee3i c\u1ee7a b\u1ea1n.<\/p>\n<h2>\u01afu \u0111i\u1ec3m c\u1ee7a xi lanh lo\u1ea1i ch\u1ed1t c\u00f3 th\u1ec3 \u0111i\u1ec1u ch\u1ec9nh<\/h2>\n<p>Xi lanh lo\u1ea1i ch\u1ed1t \u0111i\u1ec1u ch\u1ec9nh l\u00e0 m\u1ed9t b\u1ed9 ph\u1eadn th\u1ee7y l\u1ef1c \u0111a n\u0103ng mang l\u1ea1i nhi\u1ec1u l\u1ee3i th\u1ebf trong nhi\u1ec1u \u1ee9ng d\u1ee5ng kh\u00e1c nhau. C\u00e1c xi lanh n\u00e0y \u0111\u01b0\u1ee3c thi\u1ebft k\u1ebf v\u1edbi ki\u1ec3u l\u1eafp ch\u1ed1t \u0111i\u1ec1u ch\u1ec9nh \u0111\u1ed9c \u0111\u00e1o, mang l\u1ea1i s\u1ef1 linh ho\u1ea1t v\u00e0 ti\u1ec7n l\u1ee3i trong c\u00e1c \u0111i\u1ec1u ki\u1ec7n v\u1eadn h\u00e0nh kh\u00e1c nhau. Trong b\u00e0i vi\u1ebft n\u00e0y, ch\u00fang ta s\u1ebd t\u00ecm hi\u1ec3u chi ti\u1ebft v\u1ec1 \u01b0u \u0111i\u1ec3m c\u1ee7a xi lanh lo\u1ea1i ch\u1ed1t \u0111i\u1ec1u ch\u1ec9nh, \u0111\u1ed3ng th\u1eddi l\u00e0m n\u1ed5i b\u1eadt c\u00e1c t\u00ednh n\u0103ng v\u00e0 l\u1ee3i \u00edch ch\u00ednh c\u1ee7a ch\u00fang.<\/p>\n<h3>Kh\u1ea3 n\u0103ng \u0111i\u1ec1u ch\u1ec9nh \u0111\u01b0\u1ee3c c\u1ea3i thi\u1ec7n<\/h3>\n<p>M\u1ed9t trong nh\u1eefng \u01b0u \u0111i\u1ec3m ch\u00ednh c\u1ee7a xi lanh lo\u1ea1i ch\u1ed1t \u0111i\u1ec1u ch\u1ec9nh l\u00e0 kh\u1ea3 n\u0103ng \u0111i\u1ec1u ch\u1ec9nh \u0111\u01b0\u1ee3c c\u1ea3i thi\u1ec7n. Vi\u1ec7c l\u1eafp \u0111\u1eb7t ch\u1ed1t cho ph\u00e9p \u0111\u1ecbnh v\u1ecb xi lanh d\u1ec5 d\u00e0ng v\u00e0 ch\u00ednh x\u00e1c, ph\u00f9 h\u1ee3p v\u1edbi c\u00e1c \u1ee9ng d\u1ee5ng \u0111\u00f2i h\u1ecfi s\u1ef1 c\u0103n ch\u1ec9nh ch\u00ednh x\u00e1c. T\u00ednh n\u0103ng n\u00e0y \u0111\u1ea3m b\u1ea3o hi\u1ec7u su\u1ea5t t\u1ed1i \u01b0u v\u00e0 gi\u1ea3m thi\u1ec3u nguy c\u01a1 sai l\u1ec7ch ho\u1eb7c l\u1eafp \u0111\u1eb7t kh\u00f4ng \u0111\u00fang c\u00e1ch.<\/p>\n<p>H\u01a1n n\u1eefa, c\u00e1c xi lanh lo\u1ea1i ch\u1ed1t c\u00f3 th\u1ec3 \u0111i\u1ec1u ch\u1ec9nh cung c\u1ea5p nhi\u1ec1u t\u00f9y ch\u1ecdn l\u1eafp \u0111\u1eb7t, mang l\u1ea1i s\u1ef1 linh ho\u1ea1t \u0111\u1ec3 \u0111\u00e1p \u1ee9ng c\u00e1c y\u00eau c\u1ea7u l\u1eafp \u0111\u1eb7t kh\u00e1c nhau. D\u00f9 n\u1eb1m ngang, th\u1eb3ng \u0111\u1ee9ng hay nghi\u00eang, c\u00e1c xi lanh n\u00e0y \u0111\u1ec1u c\u00f3 th\u1ec3 d\u1ec5 d\u00e0ng \u0111i\u1ec1u ch\u1ec9nh \u0111\u1ec3 ph\u00f9 h\u1ee3p v\u1edbi v\u1ecb tr\u00ed l\u1eafp \u0111\u1eb7t mong mu\u1ed1n.<\/p>\n<h3>Hi\u1ec7u su\u1ea5t \u0111\u01b0\u1ee3c t\u1ed1i \u01b0u h\u00f3a<\/h3>\n<p>Xi lanh lo\u1ea1i ch\u1ed1t \u0111i\u1ec1u ch\u1ec9nh \u0111\u01b0\u1ee3c thi\u1ebft k\u1ebf \u0111\u1ec3 mang l\u1ea1i hi\u1ec7u su\u1ea5t t\u1ed1i \u01b0u trong h\u1ec7 th\u1ed1ng th\u1ee7y l\u1ef1c. Xi lanh \u0111\u01b0\u1ee3c ch\u1ebf t\u1ea1o b\u1eb1ng v\u1eadt li\u1ec7u ch\u1ea5t l\u01b0\u1ee3ng cao v\u00e0 k\u1ef9 thu\u1eadt ti\u00ean ti\u1ebfn, \u0111\u1ea3m b\u1ea3o \u0111\u1ed9 b\u1ec1n v\u00e0 \u0111\u1ed9 tin c\u1eady trong c\u00e1c \u1ee9ng d\u1ee5ng kh\u1eaft khe.<\/p>\n<p>V\u1edbi c\u1ea5u tr\u00fac ch\u1eafc ch\u1eafn, c\u00e1c xi lanh n\u00e0y c\u00f3 th\u1ec3 ch\u1ecbu \u0111\u01b0\u1ee3c \u00e1p su\u1ea5t cao v\u00e0 t\u1ea3i tr\u1ecdng n\u1eb7ng, mang l\u1ea1i hi\u1ec7u su\u1ea5t v\u01b0\u1ee3t tr\u1ed9i v\u00e0 tu\u1ed5i th\u1ecd cao. Ch\u00fang c\u0169ng \u0111\u01b0\u1ee3c thi\u1ebft k\u1ebf \u0111\u1ec3 gi\u1ea3m thi\u1ec3u r\u00f2 r\u1ec9 b\u00ean trong v\u00e0 \u0111\u1ea3m b\u1ea3o ki\u1ec3m so\u00e1t ch\u00ednh x\u00e1c l\u1ef1c th\u1ee7y l\u1ef1c, mang l\u1ea1i ho\u1ea1t \u0111\u1ed9ng tr\u01a1n tru v\u00e0 hi\u1ec7u qu\u1ea3.<\/p>\n<h3>Ph\u1ea1m vi \u1ee9ng d\u1ee5ng r\u1ed9ng r\u00e3i<\/h3>\n<p>Nh\u1edd t\u00ednh linh ho\u1ea1t, xi lanh ki\u1ec3u ch\u1ed1t \u0111i\u1ec1u ch\u1ec9nh \u0111\u01b0\u1ee3c \u1ee9ng d\u1ee5ng trong nhi\u1ec1u ng\u00e0nh c\u00f4ng nghi\u1ec7p v\u00e0 l\u0129nh v\u1ef1c kh\u00e1c nhau. Ch\u00fang th\u01b0\u1eddng \u0111\u01b0\u1ee3c s\u1eed d\u1ee5ng trong m\u00e1y m\u00f3c n\u00f4ng nghi\u1ec7p, thi\u1ebft b\u1ecb x\u00e2y d\u1ef1ng, h\u1ec7 th\u1ed1ng x\u1eed l\u00fd v\u1eadt li\u1ec7u v\u00e0 t\u1ef1 \u0111\u1ed9ng h\u00f3a c\u00f4ng nghi\u1ec7p.<\/p>\n<p>C\u00e1c xi lanh n\u00e0y \u0111\u1eb7c bi\u1ec7t ph\u00f9 h\u1ee3p cho c\u00e1c \u1ee9ng d\u1ee5ng \u0111\u00f2i h\u1ecfi ki\u1ec3m so\u00e1t v\u00e0 \u0111i\u1ec1u ch\u1ec9nh ch\u00ednh x\u00e1c, ch\u1eb3ng h\u1ea1n nh\u01b0 h\u1ec7 th\u1ed1ng \u0111\u1ecbnh v\u1ecb, c\u01a1 c\u1ea5u n\u00e2ng v\u00e0 \u1ed5n \u0111\u1ecbnh t\u1ea3i. Kh\u1ea3 n\u0103ng th\u00edch \u1ee9ng v\u00e0 \u0111i\u1ec1u ch\u1ec9nh linh ho\u1ea1t c\u1ee7a ch\u00fang khi\u1ebfn ch\u00fang tr\u1edf th\u00e0nh l\u1ef1a ch\u1ecdn \u01b0u ti\u00ean c\u1ee7a nhi\u1ec1u nh\u00e0 thi\u1ebft k\u1ebf v\u00e0 k\u1ef9 s\u01b0 h\u1ec7 th\u1ed1ng th\u1ee7y l\u1ef1c.<\/p>\n<h3>Gi\u1ea3i ph\u00e1p ti\u1ebft ki\u1ec7m chi ph\u00ed<\/h3>\n<p>M\u1ed9t \u01b0u \u0111i\u1ec3m kh\u00e1c c\u1ee7a xi lanh lo\u1ea1i ch\u1ed1t \u0111i\u1ec1u ch\u1ec9nh l\u00e0 t\u00ednh hi\u1ec7u qu\u1ea3 v\u1ec1 m\u1eb7t chi ph\u00ed. So v\u1edbi c\u00e1c lo\u1ea1i xi lanh kh\u00e1c, lo\u1ea1i xi lanh n\u00e0y mang \u0111\u1ebfn gi\u1ea3i ph\u00e1p ti\u1ebft ki\u1ec7m h\u01a1n m\u00e0 kh\u00f4ng \u1ea3nh h\u01b0\u1edfng \u0111\u1ebfn hi\u1ec7u su\u1ea5t ho\u1eb7c ch\u1ea5t l\u01b0\u1ee3ng.<\/p>\n<p>Thi\u1ebft k\u1ebf c\u00f3 th\u1ec3 \u0111i\u1ec1u ch\u1ec9nh c\u1ee7a ch\u00fang gi\u00fap lo\u1ea1i b\u1ecf nhu c\u1ea7u s\u1eed d\u1ee5ng th\u00eam gi\u00e1 \u0111\u1ee1 ho\u1eb7c c\u00e1c s\u1eeda \u0111\u1ed5i t\u00f9y ch\u1ec9nh, gi\u1ea3m th\u1eddi gian v\u00e0 chi ph\u00ed l\u1eafp \u0111\u1eb7t. H\u01a1n n\u1eefa, \u0111\u1ed9 b\u1ec1n v\u00e0 \u0111\u1ed9 tin c\u1eady c\u1ee7a c\u00e1c xi lanh n\u00e0y gi\u00fap gi\u1ea3m thi\u1ec3u chi ph\u00ed b\u1ea3o tr\u00ec v\u00e0 thay th\u1ebf, khi\u1ebfn ch\u00fang tr\u1edf th\u00e0nh m\u1ed9t l\u1ef1a ch\u1ecdn ti\u1ebft ki\u1ec7m chi ph\u00ed v\u1ec1 l\u00e2u d\u00e0i.<\/p>\n<p>Xi lanh lo\u1ea1i ch\u1ed1t \u0111i\u1ec1u ch\u1ec9nh mang l\u1ea1i nhi\u1ec1u l\u1ee3i th\u1ebf trong c\u00e1c \u1ee9ng d\u1ee5ng h\u1ec7 th\u1ed1ng th\u1ee7y l\u1ef1c. V\u1edbi kh\u1ea3 n\u0103ng \u0111i\u1ec1u ch\u1ec9nh n\u00e2ng cao, hi\u1ec7u su\u1ea5t t\u1ed1i \u01b0u, ph\u1ea1m vi \u1ee9ng d\u1ee5ng r\u1ed9ng v\u00e0 hi\u1ec7u qu\u1ea3 chi ph\u00ed, nh\u1eefng xi lanh n\u00e0y mang \u0111\u1ebfn gi\u1ea3i ph\u00e1p \u0111\u00e1ng tin c\u1eady v\u00e0 hi\u1ec7u qu\u1ea3 cho nhi\u1ec1u ng\u00e0nh c\u00f4ng nghi\u1ec7p kh\u00e1c nhau. Cho d\u00f9 l\u00e0 \u0111\u1ecbnh v\u1ecb ch\u00ednh x\u00e1c, \u1ed5n \u0111\u1ecbnh t\u1ea3i hay l\u1eafp \u0111\u1eb7t linh ho\u1ea1t, xi lanh lo\u1ea1i ch\u1ed1t \u0111i\u1ec1u ch\u1ec9nh \u0111\u1ec1u \u0111\u00e1p \u1ee9ng xu\u1ea5t s\u1eafc c\u00e1c y\u00eau c\u1ea7u c\u1ee7a h\u1ec7 th\u1ed1ng th\u1ee7y l\u1ef1c hi\u1ec7n \u0111\u1ea1i.<\/p>\n<p><img decoding=\"async\" src=\"https:\/\/fmp-components.com\/wp-content\/uploads\/2024\/12\/Adjustable-Clevis-Type-Cylinders5.webp\" alt=\"Xi lanh lo\u1ea1i Clevis c\u00f3 th\u1ec3 \u0111i\u1ec1u ch\u1ec9nh\" width=\"800\" title=\"\"><\/p>\n<h2>\u1ee8ng d\u1ee5ng c\u1ee7a xi lanh lo\u1ea1i ch\u1ed1t c\u00f3 th\u1ec3 \u0111i\u1ec1u ch\u1ec9nh<\/h2>\n<p>Xi lanh th\u1ee7y l\u1ef1c lo\u1ea1i ch\u1ed1t \u0111i\u1ec1u ch\u1ec9nh l\u00e0 xi lanh th\u1ee7y l\u1ef1c c\u00f3 \u0111\u1ea7u ch\u1ed1t c\u00f3 th\u1ec3 \u0111i\u1ec1u ch\u1ec9nh \u0111\u1ec3 ph\u00f9 h\u1ee3p v\u1edbi c\u00e1c v\u1ecb tr\u00ed l\u1eafp \u0111\u1eb7t kh\u00e1c nhau. Nh\u1eefng xi lanh n\u00e0y \u0111\u01b0\u1ee3c s\u1eed d\u1ee5ng r\u1ed9ng r\u00e3i trong nhi\u1ec1u \u1ee9ng d\u1ee5ng c\u00f4ng nghi\u1ec7p \u0111\u00f2i h\u1ecfi chuy\u1ec3n \u0111\u1ed9ng tuy\u1ebfn t\u00ednh ch\u00ednh x\u00e1c v\u00e0 \u0111\u00e1ng tin c\u1eady. D\u01b0\u1edbi \u0111\u00e2y l\u00e0 m\u1ed9t s\u1ed1 \u1ee9ng d\u1ee5ng ph\u1ed5 bi\u1ebfn c\u1ee7a xi lanh lo\u1ea1i ch\u1ed1t \u0111i\u1ec1u ch\u1ec9nh:<\/p>\n<ol>\n<li><strong>Thi\u1ebft b\u1ecb x\u00e2y d\u1ef1ng:<\/strong> Xi lanh lo\u1ea1i ch\u1ed1t \u0111i\u1ec1u ch\u1ec9nh \u0111\u01b0\u1ee3c s\u1eed d\u1ee5ng r\u1ed9ng r\u00e3i trong c\u00e1c thi\u1ebft b\u1ecb x\u00e2y d\u1ef1ng nh\u01b0 m\u00e1y \u0111\u00e0o, m\u00e1y \u1ee7i, m\u00e1y x\u00fac v\u00e0 m\u00e1y \u0111\u00e0o ng\u01b0\u1ee3c. Nh\u1eefng xi lanh n\u00e0y cung c\u1ea5p l\u1ef1c c\u1ea7n thi\u1ebft \u0111\u1ec3 n\u00e2ng v\u00e0 di chuy\u1ec3n c\u00e1c v\u1eadt n\u1eb7ng m\u1ed9t c\u00e1ch d\u1ec5 d\u00e0ng. \u0110\u1ea7u ch\u1ed1t \u0111i\u1ec1u ch\u1ec9nh c\u1ee7a ch\u00fang cho ph\u00e9p l\u1eafp \u0111\u1eb7t v\u00e0 c\u0103n ch\u1ec9nh d\u1ec5 d\u00e0ng, khi\u1ebfn ch\u00fang tr\u1edf th\u00e0nh l\u1ef1a ch\u1ecdn ph\u1ed5 bi\u1ebfn c\u1ee7a c\u00e1c nh\u00e0 s\u1ea3n xu\u1ea5t thi\u1ebft b\u1ecb x\u00e2y d\u1ef1ng. Trong thi\u1ebft b\u1ecb x\u00e2y d\u1ef1ng, xi lanh th\u1ee7y l\u1ef1c r\u01a1 mo\u00f3c h\u00e0n t\u00e1c \u0111\u1ed9ng k\u00e9p c\u1ee1 nh\u1ecf gi\u00e1 r\u1ebb l\u00e0 m\u1ed9t l\u1ef1a ch\u1ecdn ph\u1ed5 bi\u1ebfn nh\u1edd hi\u1ec7u qu\u1ea3 v\u1ec1 chi ph\u00ed v\u00e0 \u0111\u1ed9 tin c\u1eady. Nh\u1eefng xi lanh n\u00e0y \u0111\u01b0\u1ee3c thi\u1ebft k\u1ebf \u0111\u1ec3 ch\u1ecbu \u0111\u01b0\u1ee3c \u0111i\u1ec1u ki\u1ec7n l\u00e0m vi\u1ec7c kh\u1eafc nghi\u1ec7t v\u00e0 mang l\u1ea1i hi\u1ec7u su\u1ea5t \u1ed5n \u0111\u1ecbnh.<\/li>\n<li><strong>M\u00e1y m\u00f3c n\u00f4ng nghi\u1ec7p:<\/strong> M\u1ed9t \u1ee9ng d\u1ee5ng ph\u1ed5 bi\u1ebfn kh\u00e1c c\u1ee7a Xi lanh lo\u1ea1i ch\u1ed1t \u0111i\u1ec1u ch\u1ec9nh \u0111\u01b0\u1ee3c l\u00e0 trong c\u00e1c m\u00e1y m\u00f3c n\u00f4ng nghi\u1ec7p nh\u01b0 m\u00e1y k\u00e9o, m\u00e1y g\u1eb7t v\u00e0 m\u00e1y phun thu\u1ed1c. Nh\u1eefng xi lanh n\u00e0y \u0111\u01b0\u1ee3c s\u1eed d\u1ee5ng \u0111\u1ec3 \u0111i\u1ec1u khi\u1ec3n chuy\u1ec3n \u0111\u1ed9ng c\u1ee7a nhi\u1ec1u lo\u1ea1i d\u1ee5ng c\u1ee5 kh\u00e1c nhau nh\u01b0 m\u00e1y c\u00e0y, m\u00e1y x\u1edbi \u0111\u1ea5t v\u00e0 m\u00e1y tr\u1ed3ng c\u00e2y. \u0110\u1ea7u ch\u1ed1t \u0111i\u1ec1u ch\u1ec9nh \u0111\u01b0\u1ee3c cho ph\u00e9p d\u1ec5 d\u00e0ng l\u1eafp \u0111\u1eb7t v\u00e0 \u0111i\u1ec1u ch\u1ec9nh c\u00e1c d\u1ee5ng c\u1ee5 n\u00e0y, khi\u1ebfn ch\u00fang tr\u1edf n\u00ean l\u00fd t\u01b0\u1edfng \u0111\u1ec3 s\u1eed d\u1ee5ng trong nhi\u1ec1u ho\u1ea1t \u0111\u1ed9ng n\u00f4ng nghi\u1ec7p kh\u00e1c nhau. Xi lanh th\u1ee7y l\u1ef1c r\u01a1 mo\u00f3c h\u00e0n t\u00e1c \u0111\u1ed9ng k\u00e9p nh\u1ecf gi\u00e1 r\u1ebb c\u0169ng \u0111\u01b0\u1ee3c s\u1eed d\u1ee5ng r\u1ed9ng r\u00e3i trong m\u00e1y m\u00f3c n\u00f4ng nghi\u1ec7p nh\u1edd \u0111\u1ed9 b\u1ec1n v\u00e0 y\u00eau c\u1ea7u b\u1ea3o tr\u00ec th\u1ea5p. Nh\u1eefng xi lanh n\u00e0y c\u00f3 th\u1ec3 ch\u1ecbu \u0111\u01b0\u1ee3c b\u1ee5i b\u1ea9n, b\u1ee5i v\u00e0 c\u00e1c y\u1ebfu t\u1ed1 m\u00f4i tr\u01b0\u1eddng kh\u00e1c th\u01b0\u1eddng g\u1eb7p trong ho\u1ea1t \u0111\u1ed9ng n\u00f4ng nghi\u1ec7p.<\/li>\n<li><strong>X\u1eed l\u00fd v\u1eadt li\u1ec7u:<\/strong> Xi lanh lo\u1ea1i Clevis \u0111i\u1ec1u ch\u1ec9nh \u0111\u01b0\u1ee3c c\u0169ng \u0111\u01b0\u1ee3c s\u1eed d\u1ee5ng trong c\u00e1c \u1ee9ng d\u1ee5ng x\u1eed l\u00fd v\u1eadt li\u1ec7u nh\u01b0 h\u1ec7 th\u1ed1ng b\u0103ng t\u1ea3i, thi\u1ebft b\u1ecb n\u00e2ng h\u1ea1 v\u00e0 t\u1ef1 \u0111\u1ed9ng h\u00f3a kho b\u00e3i. Nh\u1eefng xi lanh n\u00e0y cung c\u1ea5p l\u1ef1c c\u1ea7n thi\u1ebft \u0111\u1ec3 di chuy\u1ec3n t\u1ea3i tr\u1ecdng n\u1eb7ng, \u0111i\u1ec1u ch\u1ec9nh \u0111\u1ed9 cao b\u0103ng t\u1ea3i v\u00e0 ki\u1ec3m so\u00e1t chuy\u1ec3n \u0111\u1ed9ng c\u1ee7a c\u00e1c thi\u1ebft b\u1ecb n\u00e2ng h\u1ea1 kh\u00e1c nhau. Xi lanh th\u1ee7y l\u1ef1c r\u01a1 mo\u00f3c h\u00e0n t\u00e1c \u0111\u1ed9ng k\u00e9p c\u1ee1 nh\u1ecf gi\u00e1 r\u1ebb l\u00e0 m\u1ed9t l\u1ef1a ch\u1ecdn ph\u1ed5 bi\u1ebfn trong c\u00e1c \u1ee9ng d\u1ee5ng x\u1eed l\u00fd v\u1eadt li\u1ec7u nh\u1edd k\u00edch th\u01b0\u1edbc nh\u1ecf g\u1ecdn v\u00e0 hi\u1ec7u su\u1ea5t cao. Nh\u1eefng xi lanh n\u00e0y c\u00f3 th\u1ec3 d\u1ec5 d\u00e0ng t\u00edch h\u1ee3p v\u00e0o c\u00e1c h\u1ec7 th\u1ed1ng hi\u1ec7n c\u00f3 v\u00e0 cung c\u1ea5p chuy\u1ec3n \u0111\u1ed9ng tuy\u1ebfn t\u00ednh m\u01b0\u1ee3t m\u00e0 v\u00e0 ch\u00ednh x\u00e1c.<\/li>\n<li><strong>M\u00e1y m\u00f3c c\u00f4ng nghi\u1ec7p:<\/strong> Xi lanh lo\u1ea1i Clevis \u0111i\u1ec1u ch\u1ec9nh \u0111\u01b0\u1ee3c c\u0169ng \u0111\u01b0\u1ee3c s\u1eed d\u1ee5ng trong nhi\u1ec1u \u1ee9ng d\u1ee5ng m\u00e1y m\u00f3c c\u00f4ng nghi\u1ec7p nh\u01b0 m\u00e1y \u00e9p, m\u00e1y d\u1eadp v\u00e0 m\u00e1y \u00e9p phun. Nh\u1eefng xi lanh n\u00e0y cung c\u1ea5p l\u1ef1c c\u1ea7n thi\u1ebft \u0111\u1ec3 \u0111i\u1ec1u khi\u1ec3n chuy\u1ec3n \u0111\u1ed9ng c\u1ee7a c\u00e1c b\u1ed9 ph\u1eadn kh\u00e1c nhau v\u00e0 \u0111\u1ea3m b\u1ea3o ho\u1ea1t \u0111\u1ed9ng ch\u00ednh x\u00e1c v\u00e0 \u0111\u00e1ng tin c\u1eady. Xi lanh th\u1ee7y l\u1ef1c r\u01a1 mo\u00f3c h\u00e0n t\u00e1c \u0111\u1ed9ng k\u00e9p nh\u1ecf gi\u00e1 r\u1ebb l\u00e0 l\u1ef1a ch\u1ecdn \u01b0u ti\u00ean trong c\u00e1c \u1ee9ng d\u1ee5ng m\u00e1y m\u00f3c c\u00f4ng nghi\u1ec7p nh\u1edd kh\u1ea3 n\u0103ng ch\u1ecbu l\u1ef1c cao v\u00e0 th\u1eddi gian ph\u1ea3n h\u1ed3i nhanh. Nh\u1eefng xi lanh n\u00e0y c\u00f3 th\u1ec3 \u0111\u01b0\u1ee3c t\u00f9y ch\u1ec9nh \u0111\u1ec3 \u0111\u00e1p \u1ee9ng c\u00e1c y\u00eau c\u1ea7u \u1ee9ng d\u1ee5ng c\u1ee5 th\u1ec3 v\u00e0 mang l\u1ea1i hi\u1ec7u su\u1ea5t \u1ed5n \u0111\u1ecbnh ngay c\u1ea3 trong \u0111i\u1ec1u ki\u1ec7n t\u1ea3i tr\u1ecdng v\u00e0 \u00e1p su\u1ea5t cao.<\/li>\n<\/ol>\n<p>T\u00f3m l\u1ea1i, Xi lanh th\u1ee7y l\u1ef1c lo\u1ea1i ch\u1ed1t \u0111i\u1ec1u ch\u1ec9nh l\u00e0 lo\u1ea1i xi lanh th\u1ee7y l\u1ef1c \u0111a n\u0103ng, \u0111\u01b0\u1ee3c \u1ee9ng d\u1ee5ng trong nhi\u1ec1u ng\u00e0nh c\u00f4ng nghi\u1ec7p kh\u00e1c nhau. \u0110\u1ea7u ch\u1ed1t \u0111i\u1ec1u ch\u1ec9nh, k\u00edch th\u01b0\u1edbc nh\u1ecf g\u1ecdn v\u00e0 hi\u1ec7u su\u1ea5t cao khi\u1ebfn ch\u00fang tr\u1edf th\u00e0nh l\u1ef1a ch\u1ecdn ph\u1ed5 bi\u1ebfn c\u1ee7a c\u1ea3 nh\u00e0 s\u1ea3n xu\u1ea5t thi\u1ebft b\u1ecb v\u00e0 ng\u01b0\u1eddi d\u00f9ng cu\u1ed1i. V\u1edbi s\u1ef1 ra \u0111\u1eddi c\u1ee7a Xi lanh th\u1ee7y l\u1ef1c r\u01a1 mo\u00f3c h\u00e0n t\u00e1c \u0111\u1ed9ng k\u00e9p c\u1ee1 nh\u1ecf gi\u00e1 r\u1ebb, gi\u1edd \u0111\u00e2y b\u1ea1n c\u00f3 th\u1ec3 \u0111\u1ea1t \u0111\u01b0\u1ee3c chuy\u1ec3n \u0111\u1ed9ng tuy\u1ebfn t\u00ednh \u0111\u00e1ng tin c\u1eady v\u00e0 ch\u00ednh x\u00e1c v\u1edbi m\u1ee9c gi\u00e1 ph\u1ea3i ch\u0103ng.<img decoding=\"async\" src=\"https:\/\/fmp-components.com\/wp-content\/uploads\/2024\/12\/Application-of-Adjustable-Clevis-Type-Cylinders.webp\" alt=\"Xi lanh lo\u1ea1i Clevis c\u00f3 th\u1ec3 \u0111i\u1ec1u ch\u1ec9nh\" width=\"800\" title=\"\"><\/p>\n<h3>Gi\u1edbi thi\u1ec7u v\u1ec1 FMP \u2013 Nh\u00e0 s\u1ea3n xu\u1ea5t v\u00e0 ph\u00e2n ph\u1ed1i xi lanh th\u1ee7y l\u1ef1c chuy\u00ean nghi\u1ec7p<\/h3>\n<p>B\u1ea1n \u0111ang t\u00ecm ki\u1ebfm m\u1ed9t lo\u1ea1i xi lanh th\u1ee7y l\u1ef1c \u0111\u00e1ng tin c\u1eady v\u00e0 ch\u1ea5t l\u01b0\u1ee3ng cao cho m\u00e1y m\u00f3c x\u00e2y d\u1ef1ng c\u1ee7a m\u00ecnh? H\u00e3y \u0111\u1ebfn v\u1edbi FMP! L\u00e0 nh\u00e0 s\u1ea3n xu\u1ea5t v\u00e0 ph\u00e2n ph\u1ed1i chuy\u00ean nghi\u1ec7p c\u00e1c lo\u1ea1i ph\u1ee5 t\u00f9ng v\u00e0 m\u00e1y m\u00f3c x\u00e2y d\u1ef1ng ho\u00e0n ch\u1ec9nh, ch\u00fang t\u00f4i cung c\u1ea5p \u0111a d\u1ea1ng c\u00e1c lo\u1ea1i xi lanh th\u1ee7y l\u1ef1c \u0111\u01b0\u1ee3c thi\u1ebft k\u1ebf \u0111\u1ec3 \u0111\u00e1p \u1ee9ng nhu c\u1ea7u c\u1ee7a nhi\u1ec1u \u1ee9ng d\u1ee5ng kh\u00e1c nhau.<\/p>\n<p>Sau \u0111\u00e2y l\u00e0 m\u1ed9t s\u1ed1 l\u00fd do t\u1ea1i sao b\u1ea1n n\u00ean ch\u1ecdn xi lanh th\u1ee7y l\u1ef1c c\u1ee7a FMP:<\/p>\n<p>1. V\u1eadt li\u1ec7u ch\u1ea5t l\u01b0\u1ee3ng cao \u2013 Xi lanh th\u1ee7y l\u1ef1c c\u1ee7a ch\u00fang t\u00f4i \u0111\u01b0\u1ee3c l\u00e0m t\u1eeb v\u1eadt li\u1ec7u ch\u1ea5t l\u01b0\u1ee3ng cao, \u0111\u1ea3m b\u1ea3o \u0111\u1ed9 b\u1ec1n, \u0111\u1ed9 tin c\u1eady v\u00e0 tu\u1ed5i th\u1ecd l\u00e2u d\u00e0i. Ch\u00fang t\u00f4i nh\u1eadp kh\u1ea9u v\u1eadt li\u1ec7u t\u1eeb c\u00e1c nh\u00e0 cung c\u1ea5p ch\u1ea5t l\u01b0\u1ee3ng cao trong v\u00e0 ngo\u00e0i n\u01b0\u1edbc, tu\u00e2n th\u1ee7 c\u00e1c ti\u00eau chu\u1ea9n ki\u1ec3m so\u00e1t ch\u1ea5t l\u01b0\u1ee3ng nghi\u00eam ng\u1eb7t.<\/p>\n<p>2. Thi\u1ebft k\u1ebf t\u00f9y ch\u1ec9nh \u2013 Ch\u00fang t\u00f4i cung c\u1ea5p \u0111a d\u1ea1ng c\u00e1c m\u1eabu xi lanh th\u1ee7y l\u1ef1c v\u00e0 c\u0169ng c\u00f3 th\u1ec3 t\u00f9y ch\u1ec9nh thi\u1ebft k\u1ebf theo nhu c\u1ea7u v\u00e0 th\u00f4ng s\u1ed1 k\u1ef9 thu\u1eadt c\u1ee7a kh\u00e1ch h\u00e0ng. Cho d\u00f9 b\u1ea1n c\u1ea7n xi lanh ti\u00eau chu\u1ea9n hay gi\u1ea3i ph\u00e1p t\u00f9y ch\u1ec9nh, ch\u00fang t\u00f4i \u0111\u1ec1u c\u00f3 th\u1ec3 gi\u00fap b\u1ea1n t\u00ecm \u0111\u01b0\u1ee3c s\u1ea3n ph\u1ea9m ph\u00f9 h\u1ee3p.<\/p>\n<p>3. Ph\u1ea1m vi \u1ee9ng d\u1ee5ng r\u1ed9ng r\u00e3i \u2013 Xi lanh th\u1ee7y l\u1ef1c c\u1ee7a ch\u00fang t\u00f4i ph\u00f9 h\u1ee3p v\u1edbi nhi\u1ec1u lo\u1ea1i m\u00e1y m\u00f3c x\u00e2y d\u1ef1ng, bao g\u1ed3m m\u00e1y m\u00f3c n\u00f4ng nghi\u1ec7p, thi\u1ebft b\u1ecb c\u00f4ng nghi\u1ec7p, v.v. T\u1eeb xi lanh m\u00e1y tr\u1ed3ng tr\u1ecdt \u0111\u1ebfn xi lanh m\u00e1y \u0111\u00e0o, ch\u00fang t\u00f4i c\u00f3 s\u1ea3n ph\u1ea9m ph\u00f9 h\u1ee3p v\u1edbi nhu c\u1ea7u c\u1ee7a b\u1ea1n.<\/p>\n<p>4. T\u01b0 v\u1ea5n chuy\u00ean nghi\u1ec7p \u2013 \u0110\u1ed9i ng\u0169 b\u00e1n h\u00e0ng gi\u00e0u kinh nghi\u1ec7m c\u1ee7a ch\u00fang t\u00f4i lu\u00f4n s\u1eb5n s\u00e0ng t\u01b0 v\u1ea5n s\u1ea3n ph\u1ea9m chuy\u00ean nghi\u1ec7p v\u00e0 \u0111\u01b0a ra nh\u1eefng g\u1ee3i \u00fd mua h\u00e0ng th\u00f4ng minh. Ch\u00fang t\u00f4i lu\u00f4n c\u1eadp nh\u1eadt nh\u1eefng xu h\u01b0\u1edbng m\u1edbi nh\u1ea5t v\u00e0 nhu c\u1ea7u c\u1ee7a kh\u00e1ch h\u00e0ng trong ng\u00e0nh m\u00e1y m\u00f3c x\u00e2y d\u1ef1ng \u0111\u1ec3 \u0111\u1ea3m b\u1ea3o cung c\u1ea5p d\u1ecbch v\u1ee5 t\u1ed1t nh\u1ea5t cho kh\u00e1ch h\u00e0ng.<\/p>\n<p>5. H\u1eadu c\u1ea7n hi\u1ec7u qu\u1ea3 \u2013 Ch\u00fang t\u00f4i c\u00f3 h\u1ec7 th\u1ed1ng ph\u00e2n ph\u1ed1i h\u1eadu c\u1ea7n hi\u1ec7u qu\u1ea3 \u0111\u1ec3 \u0111\u1ea3m b\u1ea3o kh\u00e1ch h\u00e0ng nh\u1eadn \u0111\u01b0\u1ee3c c\u00e1c ph\u1ee5 t\u00f9ng c\u1ea7n thi\u1ebft m\u1ed9t c\u00e1ch k\u1ecbp th\u1eddi v\u00e0 ch\u00ednh x\u00e1c. Ch\u00fang t\u00f4i hi\u1ec3u t\u1ea7m quan tr\u1ecdng c\u1ee7a vi\u1ec7c gi\u1ea3m thi\u1ec3u th\u1eddi gian ch\u1ebft v\u00e0 \u0111\u1ea3m b\u1ea3o m\u00e1y m\u00f3c c\u1ee7a b\u1ea1n ho\u1ea1t \u0111\u1ed9ng tr\u01a1n tru.<\/p>\n<p>V\u1edbi xi lanh th\u1ee7y l\u1ef1c FMP, b\u1ea1n c\u00f3 th\u1ec3 ho\u00e0n to\u00e0n y\u00ean t\u00e2m v\u1ec1 ch\u1ea5t l\u01b0\u1ee3ng v\u00e0 \u0111\u1ed9 tin c\u1eady c\u1ee7a m\u00e1y m\u00f3c x\u00e2y d\u1ef1ng. H\u00e3y li\u00ean h\u1ec7 v\u1edbi ch\u00fang t\u00f4i ngay h\u00f4m nay \u0111\u1ec3 t\u00ecm hi\u1ec3u th\u00eam v\u1ec1 s\u1ea3n ph\u1ea9m v\u00e0 c\u00e1ch ch\u00fang t\u00f4i c\u00f3 th\u1ec3 gi\u00fap b\u1ea1n t\u00ecm ra gi\u1ea3i ph\u00e1p ph\u00f9 h\u1ee3p v\u1edbi nhu c\u1ea7u c\u1ee7a m\u00ecnh.<\/p>\n<p><img decoding=\"async\" src=\"https:\/\/fmp-components.com\/wp-content\/uploads\/2024\/12\/Adjustable-Clevis-Type-Cylinders-6.webp\" alt=\"Xi lanh lo\u1ea1i Clevis c\u00f3 th\u1ec3 \u0111i\u1ec1u ch\u1ec9nh\" width=\"833\" title=\"\"><\/p>\n<h4>C\u00e2u h\u1ecfi th\u01b0\u1eddng g\u1eb7p<\/h4>\n<p><b>H\u1ecfi:<\/b> Xi lanh th\u1ee7y l\u1ef1c n\u00e0y c\u00f3 th\u1ec3 ch\u1ecbu \u0111\u01b0\u1ee3c l\u1ef1c k\u00e9o t\u1ed1i \u0111a l\u00e0 bao nhi\u00eau?<br \/>\n<b>M\u1ed8T:<\/b> Xi lanh th\u1ee7y l\u1ef1c n\u00e0y c\u00f3 th\u1ec3 ch\u1ecbu \u0111\u01b0\u1ee3c l\u1ef1c k\u00e9o t\u1ed1i \u0111a l\u00e0 20 t\u1ea5n.<br \/>\n<b>H\u1ecfi:<\/b> K\u00edch th\u01b0\u1edbc l\u1ed7 khoan c\u1ee7a xi lanh th\u1ee7y l\u1ef1c n\u00e0y l\u00e0 bao nhi\u00eau?<br \/>\n<b>M\u1ed8T:<\/b> K\u00edch th\u01b0\u1edbc l\u1ed7 c\u1ee7a xi lanh th\u1ee7y l\u1ef1c n\u00e0y dao \u0111\u1ed9ng t\u1eeb 2-6 inch.<br \/>\n<b>H\u1ecfi:<\/b> Xi lanh th\u1ee7y l\u1ef1c n\u00e0y c\u00f3 ph\u00f9 h\u1ee3p cho c\u00e1c \u1ee9ng d\u1ee5ng c\u00f4ng nghi\u1ec7p n\u1eb7ng kh\u00f4ng?<br \/>\n<b>M\u1ed8T:<\/b> C\u00f3, v\u1edbi l\u1ef1c \u0111\u1ea9y 3000 v\u00e0 l\u1ef1c k\u00e9o t\u1ed1i \u0111a 20 t\u1ea5n, xi lanh th\u1ee7y l\u1ef1c n\u00e0y l\u00fd t\u01b0\u1edfng cho c\u00e1c \u1ee9ng d\u1ee5ng c\u00f4ng nghi\u1ec7p h\u1ea1ng n\u1eb7ng.<\/p>\n<p><img decoding=\"async\" src=\"https:\/\/img.jiansujichilun.com\/img\/hydrauliccylinders\/C_hydrauliccylinders-5.webp\" alt=\"xi lanh th\u1ee7y l\u1ef1c\" width=\"800\" title=\"\"><\/p>\n<p>T\u00e1c gi\u1ea3: CX<\/p>","protected":false},"excerpt":{"rendered":"<p>The Cheap Small Double Acting Welded Trailer Hydraulic Cylinder is a powerful and reliable piece of machinery that is essential for any industrial or agricultural operation. This hydraulic cylinder is designed to provide double-acting force, ensuring maximum efficiency in every application. One of the key features of this hydraulic cylinder is its welded design, which [&hellip;]<\/p>","protected":false},"featured_media":1336,"comment_status":"closed","ping_status":"closed","template":"","meta":{"_et_pb_use_builder":"","_et_pb_old_content":"","_et_gb_content_width":""},"product_brand":[],"product_cat":[39],"product_tag":[41,34],"class_list":{"0":"post-1371","1":"product","2":"type-product","3":"status-publish","4":"has-post-thumbnail","6":"product_cat-adjustable-clevis-type-cylinders","7":"product_tag-adjustable-clevis-type-cylinders","8":"product_tag-hydraulic-cylinder","10":"first","11":"instock","12":"product-type-simple"},"_links":{"self":[{"href":"https:\/\/fmp-components.com\/vi\/wp-json\/wp\/v2\/product\/1371","targetHints":{"allow":["GET"]}}],"collection":[{"href":"https:\/\/fmp-components.com\/vi\/wp-json\/wp\/v2\/product"}],"about":[{"href":"https:\/\/fmp-components.com\/vi\/wp-json\/wp\/v2\/types\/product"}],"replies":[{"embeddable":true,"href":"https:\/\/fmp-components.com\/vi\/wp-json\/wp\/v2\/comments?post=1371"}],"wp:featuredmedia":[{"embeddable":true,"href":"https:\/\/fmp-components.com\/vi\/wp-json\/wp\/v2\/media\/1336"}],"wp:attachment":[{"href":"https:\/\/fmp-components.com\/vi\/wp-json\/wp\/v2\/media?parent=1371"}],"wp:term":[{"taxonomy":"product_brand","embeddable":true,"href":"https:\/\/fmp-components.com\/vi\/wp-json\/wp\/v2\/product_brand?post=1371"},{"taxonomy":"product_cat","embeddable":true,"href":"https:\/\/fmp-components.com\/vi\/wp-json\/wp\/v2\/product_cat?post=1371"},{"taxonomy":"product_tag","embeddable":true,"href":"https:\/\/fmp-components.com\/vi\/wp-json\/wp\/v2\/product_tag?post=1371"}],"curies":[{"name":"wp","href":"https:\/\/api.w.org\/{rel}","templated":true}]}}