{"id":1369,"date":"2024-12-23T02:18:57","date_gmt":"2024-12-23T02:18:57","guid":{"rendered":"https:\/\/fmp-components.com\/product\/factory-price-double-acting-hydraulic-piston-cylinder-for-trailer\/"},"modified":"2024-12-23T03:13:57","modified_gmt":"2024-12-23T03:13:57","slug":"factory-price-double-acting-hydraulic-piston-cylinder-for-trailer","status":"publish","type":"product","link":"https:\/\/fmp-components.com\/vi\/product\/factory-price-double-acting-hydraulic-piston-cylinder-for-trailer\/","title":{"rendered":"Gi\u00e1 xu\u1ea5t x\u01b0\u1edfng Xi lanh piston th\u1ee7y l\u1ef1c t\u00e1c \u0111\u1ed9ng k\u00e9p cho r\u01a1 mo\u00f3c"},"content":{"rendered":"<h2>Gi\u00e1 xu\u1ea5t x\u01b0\u1edfng Xi lanh piston th\u1ee7y l\u1ef1c t\u00e1c \u0111\u1ed9ng k\u00e9p cho r\u01a1 mo\u00f3c:<\/h2>\n<p>Xy lanh th\u1ee7y l\u1ef1c t\u00e1c \u0111\u1ed9ng k\u00e9p gi\u00e1 g\u1ed1c cho r\u01a1 mo\u00f3c l\u00e0 s\u1ea3n ph\u1ea9m c\u00f3 \u0111\u1ed9 b\u1ec1n cao v\u00e0 hi\u1ec7u qu\u1ea3 \u0111\u01b0\u1ee3c thi\u1ebft k\u1ebf \u0111\u1ec3 s\u1eed d\u1ee5ng trong ng\u00e0nh v\u1eadn t\u1ea3i. S\u1ea3n ph\u1ea9m n\u00e0y t\u1ef1 h\u00e0o c\u00f3 hi\u1ec7u su\u1ea5t cao nh\u1edd piston th\u1ee7y l\u1ef1c t\u00e1c \u0111\u1ed9ng k\u00e9p cung c\u1ea5p c\u00f4ng su\u1ea5t v\u00e0 \u0111\u1ed9 tin c\u1eady t\u1ed1i \u0111a.<\/p>\n<p>Xi lanh \u0111\u01b0\u1ee3c l\u00e0m t\u1eeb v\u1eadt li\u1ec7u ch\u1ea5t l\u01b0\u1ee3ng cao, \u0111\u1ea3m b\u1ea3o ch\u1ecbu \u0111\u01b0\u1ee3c ngay c\u1ea3 nh\u1eefng \u0111i\u1ec1u ki\u1ec7n kh\u1eafc nghi\u1ec7t nh\u1ea5t. S\u1ea3n ph\u1ea9m \u0111\u01b0\u1ee3c thi\u1ebft k\u1ebf \u0111\u1ec3 mang l\u1ea1i hi\u1ec7u su\u1ea5t \u1ed5n \u0111\u1ecbnh v\u00e0 \u0111\u00e1ng tin c\u1eady, l\u00e0 l\u1ef1a ch\u1ecdn l\u00fd t\u01b0\u1edfng cho nh\u1eefng ai c\u1ea7n m\u1ed9t gi\u1ea3i ph\u00e1p th\u1ee7y l\u1ef1c \u0111\u00e1ng tin c\u1eady cho xe k\u00e9o c\u1ee7a m\u00ecnh.<\/p>\n<p>Xy lanh piston th\u1ee7y l\u1ef1c t\u00e1c \u0111\u1ed9ng k\u00e9p \u0111\u01b0\u1ee3c thi\u1ebft k\u1ebf \u0111\u1ec3 mang l\u1ea1i hi\u1ec7u su\u1ea5t v\u00e0 \u0111\u1ed9 tin c\u1eady tuy\u1ec7t v\u1eddi, l\u00fd t\u01b0\u1edfng cho nhi\u1ec1u \u1ee9ng d\u1ee5ng kh\u00e1c nhau. S\u1ea3n ph\u1ea9m c\u00f3 thi\u1ebft k\u1ebf tr\u01a1n tru v\u00e0 d\u1ec5 s\u1eed d\u1ee5ng, c\u00f9ng nhi\u1ec1u t\u00ednh n\u0103ng gi\u00fap l\u1eafp \u0111\u1eb7t v\u00e0 s\u1eed d\u1ee5ng d\u1ec5 d\u00e0ng.<\/p>\n<p>Cho d\u00f9 b\u1ea1n \u0111ang v\u1eadn chuy\u1ec3n h\u00e0ng h\u00f3a n\u1eb7ng hay c\u1ea7n m\u1ed9t gi\u1ea3i ph\u00e1p th\u1ee7y l\u1ef1c \u0111\u00e1ng tin c\u1eady cho r\u01a1 mo\u00f3c c\u1ee7a m\u00ecnh, Xi lanh th\u1ee7y l\u1ef1c t\u00e1c \u0111\u1ed9ng k\u00e9p gi\u00e1 g\u1ed1c cho r\u01a1 mo\u00f3c l\u00e0 m\u1ed9t l\u1ef1a ch\u1ecdn tuy\u1ec7t v\u1eddi. V\u1eady c\u00f2n ch\u1ea7n ch\u1eeb g\u00ec n\u1eefa? H\u00e3y \u0111\u1ea7u t\u01b0 v\u00e0o s\u1ea3n ph\u1ea9m n\u00e0y ngay h\u00f4m nay v\u00e0 tr\u1ea3i nghi\u1ec7m nh\u1eefng l\u1ee3i \u00edch c\u1ee7a h\u1ec7 th\u1ed1ng th\u1ee7y l\u1ef1c \u0111\u00e1ng tin c\u1eady v\u00e0 hi\u1ec7u qu\u1ea3 cho r\u01a1 mo\u00f3c c\u1ee7a b\u1ea1n.<\/p>\n<p><img loading=\"lazy\" decoding=\"async\" class=\"alignnone size-full wp-image-1334\" src=\"https:\/\/fmp-components.com\/wp-content\/uploads\/2024\/12\/Adjustable-Clevis-Type-Cylinders-4.webp\" alt=\"Xi lanh lo\u1ea1i ch\u1ed1t c\u00f3 th\u1ec3 \u0111i\u1ec1u ch\u1ec9nh\" width=\"800\" height=\"800\" title=\"\" srcset=\"https:\/\/fmp-components.com\/wp-content\/uploads\/2024\/12\/Adjustable-Clevis-Type-Cylinders-4.webp 800w, https:\/\/fmp-components.com\/wp-content\/uploads\/2024\/12\/Adjustable-Clevis-Type-Cylinders-4-480x480.webp 480w\" sizes=\"(min-width: 0px) and (max-width: 480px) 480px, (min-width: 481px) 800px, 100vw\" \/><\/p>\n<table style=\"width: 100%;\" border=\"1\" width=\"100%\" cellspacing=\"0\" cellpadding=\"0\">\n<tbody>\n<tr>\n<th>T\u00ean s\u1ea3n ph\u1ea9m<\/th>\n<td>Gi\u00e1 xu\u1ea5t x\u01b0\u1edfng Xi lanh piston th\u1ee7y l\u1ef1c t\u00e1c \u0111\u1ed9ng k\u00e9p cho r\u01a1 mo\u00f3c<\/td>\n<\/tr>\n<tr>\n<th>Lo\u1ea1i h\u00ecnh ti\u1ebfp th\u1ecb<\/th>\n<td>S\u1ea3n ph\u1ea9m m\u1edbi n\u0103m 2023<\/td>\n<\/tr>\n<tr>\n<th>V\u1eadt li\u1ec7u<\/th>\n<td>Th\u00e9p ch\u1ea5t l\u01b0\u1ee3ng cao<\/td>\n<\/tr>\n<tr>\n<th>B\u1ea3o h\u00e0nh<\/th>\n<td>1 n\u0103m<\/td>\n<\/tr>\n<tr>\n<th>C\u00e1c ng\u00e0nh c\u00f4ng nghi\u1ec7p \u00e1p d\u1ee5ng<\/th>\n<td>X\u01b0\u1edfng s\u1eeda ch\u1eefa m\u00e1y m\u00f3c, trang tr\u1ea1i, n\u0103ng l\u01b0\u1ee3ng v\u00e0 khai th\u00e1c, s\u1ea3n xu\u1ea5t m\u00e1y m\u00f3c, nh\u00e0 m\u00e1y m\u00e1y m\u00f3c<\/td>\n<\/tr>\n<tr>\n<th>L\u1ef1c \u0111\u1ea9y t\u1ed1i \u0111a<\/th>\n<td>3000<\/td>\n<\/tr>\n<tr>\n<th>L\u1ef1c k\u00e9o t\u1ed1i \u0111a<\/th>\n<td>20 t\u1ea5n<\/td>\n<\/tr>\n<tr>\n<th>K\u1ebft c\u1ea5u<\/th>\n<td>Piston ti\u00eau chu\u1ea9n<\/td>\n<\/tr>\n<tr>\n<th>Ki\u1ec3u<\/th>\n<td>Xi lanh lo\u1ea1i Clevis c\u00f3 th\u1ec3 \u0111i\u1ec1u ch\u1ec9nh<\/td>\n<\/tr>\n<tr>\n<th>K\u00edch th\u01b0\u1edbc l\u1ed7 khoan<\/th>\n<td>2 \u2013 6 inch<\/td>\n<\/tr>\n<tr>\n<th>K\u00edch th\u01b0\u1edbc thanh<\/th>\n<td>1,125 \u2013 4 inch<\/td>\n<\/tr>\n<tr>\n<th>Ch\u1ee9ng nh\u1eadn<\/th>\n<td>ISO9001:2000<\/td>\n<\/tr>\n<tr>\n<th>B\u00e1o c\u00e1o th\u1eed nghi\u1ec7m m\u00e1y m\u00f3c<\/th>\n<td>Cung c\u1ea5p<\/td>\n<\/tr>\n<\/tbody>\n<\/table>\n<h2>\u01afu \u0111i\u1ec3m c\u1ee7a xi lanh lo\u1ea1i ch\u1ed1t c\u00f3 th\u1ec3 \u0111i\u1ec1u ch\u1ec9nh<\/h2>\n<p>Xi lanh ki\u1ec3u ch\u1ed1t \u0111i\u1ec1u ch\u1ec9nh, ch\u1eb3ng h\u1ea1n nh\u01b0 Xi lanh th\u1ee7y l\u1ef1c piston t\u00e1c \u0111\u1ed9ng k\u00e9p gi\u00e1 xu\u1ea5t x\u01b0\u1edfng cho r\u01a1 mo\u00f3c, mang l\u1ea1i nhi\u1ec1u l\u1ee3i th\u1ebf trong nhi\u1ec1u \u1ee9ng d\u1ee5ng kh\u00e1c nhau. D\u01b0\u1edbi \u0111\u00e2y l\u00e0 m\u1ed9t s\u1ed1 l\u1ee3i \u00edch ch\u00ednh:<\/p>\n<ol>\n<li style=\"list-style-type: none;\">\n<ol>\n<li>T\u00ednh linh ho\u1ea1t \u0111\u01b0\u1ee3c c\u1ea3i thi\u1ec7n:<\/li>\n<\/ol>\n<\/li>\n<\/ol>\n<p>Xi lanh ki\u1ec3u ch\u1ed1t c\u00f3 th\u1ec3 \u0111i\u1ec1u ch\u1ec9nh mang l\u1ea1i \u0111\u1ed9 linh ho\u1ea1t cao nh\u1edd kh\u1ea3 n\u0103ng \u0111i\u1ec1u ch\u1ec9nh. \u0110i\u1ec1u n\u00e0y cho ph\u00e9p \u0111\u1ecbnh v\u1ecb v\u00e0 c\u0103n ch\u1ec9nh ch\u00ednh x\u00e1c, l\u00fd t\u01b0\u1edfng cho c\u00e1c \u1ee9ng d\u1ee5ng \u0111\u00f2i h\u1ecfi kh\u1ea3 n\u0103ng ki\u1ec3m so\u00e1t v\u00e0 tinh ch\u1ec9nh ch\u00ednh x\u00e1c.<\/p>\n<ol>\n<li style=\"list-style-type: none;\">\n<ol>\n<li>T\u0103ng kh\u1ea3 n\u0103ng ch\u1ecbu t\u1ea3i:<\/li>\n<\/ol>\n<\/li>\n<\/ol>\n<p>V\u1edbi c\u1ea5u tr\u00fac v\u00e0 thi\u1ebft k\u1ebf ch\u1eafc ch\u1eafn, xi lanh ki\u1ec3u ch\u1ed1t c\u00f3 th\u1ec3 \u0111i\u1ec1u ch\u1ec9nh c\u00f3 kh\u1ea3 n\u0103ng ch\u1ecbu t\u1ea3i tr\u1ecdng n\u1eb7ng. B\u1ed1 tr\u00ed piston v\u00e0 xi lanh ch\u1eafc ch\u1eafn \u0111\u1ea3m b\u1ea3o hi\u1ec7u su\u1ea5t \u0111\u00e1ng tin c\u1eady ngay c\u1ea3 trong \u0111i\u1ec1u ki\u1ec7n kh\u1eafc nghi\u1ec7t, ph\u00f9 h\u1ee3p cho c\u00e1c \u1ee9ng d\u1ee5ng \u0111\u00f2i h\u1ecfi kh\u1eaft khe.<\/p>\n<ol>\n<li style=\"list-style-type: none;\">\n<ol>\n<li>\u0110\u1ed9 b\u1ec1n \u0111\u01b0\u1ee3c c\u1ea3i thi\u1ec7n:<\/li>\n<\/ol>\n<\/li>\n<\/ol>\n<p>Nh\u1eefng b\u00ecnh n\u00e0y \u0111\u01b0\u1ee3c ch\u1ebf t\u1ea1o \u0111\u1ec3 ch\u1ecbu \u0111\u01b0\u1ee3c vi\u1ec7c s\u1eed d\u1ee5ng th\u01b0\u1eddng xuy\u00ean v\u00e0 m\u00f4i tr\u01b0\u1eddng kh\u1eafc nghi\u1ec7t. V\u1eadt li\u1ec7u ch\u1ebf t\u1ea1o, ch\u1eb3ng h\u1ea1n nh\u01b0 th\u00e9p c\u01b0\u1eddng \u0111\u1ed9 cao v\u00e0 l\u1edbp ph\u1ee7 ch\u1ed1ng \u0103n m\u00f2n, \u0111\u1ea3m b\u1ea3o \u0111\u1ed9 b\u1ec1n l\u00e2u d\u00e0i. \u0110i\u1ec1u n\u00e0y gi\u00fap ch\u00fang c\u00f3 \u0111\u1ed9 tin c\u1eady cao v\u00e0 ti\u1ebft ki\u1ec7m chi ph\u00ed v\u1ec1 l\u00e2u d\u00e0i.<\/p>\n<ol>\n<li style=\"list-style-type: none;\">\n<ol>\n<li>B\u1ea3o tr\u00ec d\u1ec5 d\u00e0ng:<\/li>\n<\/ol>\n<\/li>\n<\/ol>\n<p>Xi lanh lo\u1ea1i ch\u1ed1t \u0111i\u1ec1u ch\u1ec9nh \u0111\u01b0\u1ee3c thi\u1ebft k\u1ebf \u0111\u1ec3 d\u1ec5 d\u00e0ng b\u1ea3o tr\u00ec. Thi\u1ebft k\u1ebf d\u1ec5 ti\u1ebfp c\u1eadn cho ph\u00e9p ki\u1ec3m tra, b\u00f4i tr\u01a1n v\u00e0 thay th\u1ebf linh ki\u1ec7n nhanh ch\u00f3ng. \u0110i\u1ec1u n\u00e0y gi\u00fap gi\u1ea3m th\u1eddi gian ng\u1eebng ho\u1ea1t \u0111\u1ed9ng v\u00e0 \u0111\u1ea3m b\u1ea3o hi\u1ec7u su\u1ea5t t\u1ed1i \u01b0u trong su\u1ed1t v\u00f2ng \u0111\u1eddi c\u1ee7a xi lanh.<\/p>\n<ol>\n<li style=\"list-style-type: none;\">\n<ol>\n<li>Nhi\u1ec1u l\u1ef1a ch\u1ecdn l\u1eafp \u0111\u1eb7t:<\/li>\n<\/ol>\n<\/li>\n<\/ol>\n<p>C\u00e1c xi lanh n\u00e0y cung c\u1ea5p nhi\u1ec1u l\u1ef1a ch\u1ecdn l\u1eafp \u0111\u1eb7t, cho ph\u00e9p t\u00edch h\u1ee3p d\u1ec5 d\u00e0ng v\u00e0o c\u00e1c h\u1ec7 th\u1ed1ng v\u00e0 c\u1ea5u tr\u00fac kh\u00e1c nhau. Cho d\u00f9 l\u00e0 r\u01a1 mo\u00f3c, m\u00e1y m\u00f3c hay thi\u1ebft b\u1ecb c\u00f4ng nghi\u1ec7p, xi lanh lo\u1ea1i ch\u1ed1t \u0111i\u1ec1u ch\u1ec9nh c\u00f3 th\u1ec3 \u0111\u01b0\u1ee3c \u0111i\u1ec1u ch\u1ec9nh \u0111\u1ec3 ph\u00f9 h\u1ee3p v\u1edbi c\u00e1c y\u00eau c\u1ea7u c\u1ee5 th\u1ec3 c\u1ee7a \u1ee9ng d\u1ee5ng.<\/p>\n<ol>\n<li style=\"list-style-type: none;\">\n<ol>\n<li>Ki\u1ec3m so\u00e1t \u0111\u1ed9 ch\u00ednh x\u00e1c:<\/li>\n<\/ol>\n<\/li>\n<\/ol>\n<p>Nh\u1edd kh\u1ea3 n\u0103ng \u0111i\u1ec1u ch\u1ec9nh, c\u00e1c xi lanh n\u00e0y cung c\u1ea5p kh\u1ea3 n\u0103ng ki\u1ec3m so\u00e1t ch\u00ednh x\u00e1c chuy\u1ec3n \u0111\u1ed9ng v\u00e0 v\u1ecb tr\u00ed c\u1ee7a t\u1ea3i. \u0110i\u1ec1u n\u00e0y r\u1ea5t quan tr\u1ecdng trong c\u00e1c \u1ee9ng d\u1ee5ng \u0111\u00f2i h\u1ecfi \u0111\u1ed9 ch\u00ednh x\u00e1c cao, ch\u1eb3ng h\u1ea1n nh\u01b0 trong robot, x\u1eed l\u00fd v\u1eadt li\u1ec7u v\u00e0 h\u1ec7 th\u1ed1ng t\u1ef1 \u0111\u1ed9ng. Kh\u1ea3 n\u0103ng tinh ch\u1ec9nh h\u00e0nh tr\u00ecnh v\u00e0 \u0111\u1ed9 th\u1eb3ng h\u00e0ng c\u1ee7a xi lanh \u0111\u1ea3m b\u1ea3o hi\u1ec7u su\u1ea5t t\u1ed1i \u01b0u.<\/p>\n<ol>\n<li style=\"list-style-type: none;\">\n<ol>\n<li>Hi\u1ec7u qu\u1ea3 \u0111\u01b0\u1ee3c c\u1ea3i thi\u1ec7n:<\/li>\n<\/ol>\n<\/li>\n<\/ol>\n<p>Vi\u1ec7c s\u1eed d\u1ee5ng xi lanh ki\u1ec3u ch\u1ed1t \u0111i\u1ec1u ch\u1ec9nh c\u00f3 th\u1ec3 n\u00e2ng cao hi\u1ec7u qu\u1ea3 trong nhi\u1ec1u ho\u1ea1t \u0111\u1ed9ng kh\u00e1c nhau. C\u00e1c t\u00ednh n\u0103ng \u0111i\u1ec1u ch\u1ec9nh c\u1ee7a ch\u00fang cho ph\u00e9p tinh ch\u1ec9nh l\u1ef1c, t\u1ed1c \u0111\u1ed9 v\u00e0 h\u00e0nh tr\u00ecnh, t\u1eeb \u0111\u00f3 t\u1ed1i \u01b0u h\u00f3a hi\u1ec7u su\u1ea5t, gi\u1ea3m m\u1ee9c ti\u00eau th\u1ee5 n\u0103ng l\u01b0\u1ee3ng v\u00e0 t\u0103ng n\u0103ng su\u1ea5t.<\/p>\n<p>T\u00f3m l\u1ea1i, c\u00e1c lo\u1ea1i xi lanh ki\u1ec3u ch\u1ed1t \u0111i\u1ec1u ch\u1ec9nh, \u0111i\u1ec3n h\u00ecnh l\u00e0 Xi lanh th\u1ee7y l\u1ef1c piston t\u00e1c \u0111\u1ed9ng k\u00e9p gi\u00e1 xu\u1ea5t x\u01b0\u1edfng cho r\u01a1 mo\u00f3c, mang l\u1ea1i nhi\u1ec1u \u01b0u \u0111i\u1ec3m v\u1ec1 t\u00ednh linh ho\u1ea1t, kh\u1ea3 n\u0103ng ch\u1ecbu t\u1ea3i, \u0111\u1ed9 b\u1ec1n, b\u1ea3o tr\u00ec, t\u00f9y ch\u1ecdn l\u1eafp \u0111\u1eb7t, ki\u1ec3m so\u00e1t ch\u00ednh x\u00e1c v\u00e0 hi\u1ec7u su\u1ea5t. Thi\u1ebft k\u1ebf \u0111\u1ed9c \u0111\u00e1o v\u00e0 c\u00e1c t\u00ednh n\u0103ng \u0111i\u1ec1u ch\u1ec9nh c\u1ee7a ch\u00fang khi\u1ebfn ch\u00fang tr\u1edf th\u00e0nh l\u1ef1a ch\u1ecdn \u0111\u00e1ng gi\u00e1 cho nhi\u1ec1u \u1ee9ng d\u1ee5ng, \u0111\u1ea3m b\u1ea3o hi\u1ec7u su\u1ea5t v\u00e0 \u0111\u1ed9 tin c\u1eady t\u1ed1i \u01b0u.<\/p>\n<p><img decoding=\"async\" src=\"https:\/\/fmp-components.com\/wp-content\/uploads\/2024\/12\/Adjustable-Clevis-Type-Cylinders5.webp\" alt=\"Xi lanh lo\u1ea1i Clevis c\u00f3 th\u1ec3 \u0111i\u1ec1u ch\u1ec9nh\" width=\"800\" title=\"\"><\/p>\n<h2>\u1ee8ng d\u1ee5ng c\u1ee7a xi lanh lo\u1ea1i ch\u1ed1t c\u00f3 th\u1ec3 \u0111i\u1ec1u ch\u1ec9nh<\/h2>\n<p>Xi lanh lo\u1ea1i ch\u1ed1t \u0111i\u1ec1u ch\u1ec9nh l\u00e0 c\u00e1c th\u00e0nh ph\u1ea7n th\u1ee7y l\u1ef1c \u0111a n\u0103ng \u0111\u01b0\u1ee3c s\u1eed d\u1ee5ng trong nhi\u1ec1u \u1ee9ng d\u1ee5ng kh\u00e1c nhau trong nhi\u1ec1u ng\u00e0nh c\u00f4ng nghi\u1ec7p. Nh\u1eefng xi lanh n\u00e0y c\u00f3 thi\u1ebft k\u1ebf \u0111\u1ed9c \u0111\u00e1o, ph\u00f9 h\u1ee3p \u0111\u1ec3 s\u1eed d\u1ee5ng trong nh\u1eefng t\u00ecnh hu\u1ed1ng m\u00e0 c\u00e1c lo\u1ea1i xi lanh kh\u00e1c c\u00f3 th\u1ec3 kh\u00f4ng ph\u00f9 h\u1ee3p. D\u01b0\u1edbi \u0111\u00e2y l\u00e0 m\u1ed9t s\u1ed1 \u1ee9ng d\u1ee5ng c\u1ee7a xi lanh lo\u1ea1i ch\u1ed1t \u0111i\u1ec1u ch\u1ec9nh:<\/p>\n<h3>1. M\u00e1y m\u00f3c n\u00f4ng nghi\u1ec7p<\/h3>\n<p>N\u00f4ng d\u00e2n v\u00e0 c\u00f4ng nh\u00e2n n\u00f4ng nghi\u1ec7p s\u1eed d\u1ee5ng xi lanh ki\u1ec3u ch\u1ed1t \u0111i\u1ec1u ch\u1ec9nh theo nhi\u1ec1u c\u00e1ch kh\u00e1c nhau. M\u1ed9t trong nh\u1eefng \u1ee9ng d\u1ee5ng ph\u1ed5 bi\u1ebfn nh\u1ea5t l\u00e0 trong canh t\u00e1c c\u00e2y tr\u1ed3ng. Xi lanh \u0111\u01b0\u1ee3c s\u1eed d\u1ee5ng \u0111\u1ec3 v\u1eadn h\u00e0nh m\u00e1y c\u00e0y, m\u00e1y x\u1edbi \u0111\u1ea5t v\u00e0 c\u00e1c lo\u1ea1i thi\u1ebft b\u1ecb n\u00f4ng nghi\u1ec7p kh\u00e1c. Ngo\u00e0i ra, ch\u00fang c\u00f2n \u0111\u01b0\u1ee3c s\u1eed d\u1ee5ng \u0111\u1ec3 \u0111i\u1ec1u khi\u1ec3n \u0111\u1ed9 cao c\u1ee7a b\u00ecnh phun thu\u1ed1c tr\u1eeb s\u00e2u v\u00e0 c\u00e1c thi\u1ebft b\u1ecb kh\u00e1c c\u1ea7n n\u00e2ng l\u00ean ho\u1eb7c h\u1ea1 xu\u1ed1ng trong qu\u00e1 tr\u00ecnh v\u1eadn h\u00e0nh. S\u1ee9c m\u1ea1nh th\u1ee7y l\u1ef1c c\u1ee7a c\u00e1c xi lanh n\u00e0y gi\u00fap gi\u1ea3m thi\u1ec3u lao \u0111\u1ed9ng th\u1ee7 c\u00f4ng v\u00e0 t\u0103ng hi\u1ec7u qu\u1ea3 tr\u00ean \u0111\u1ed3ng ru\u1ed9ng.<\/p>\n<h3>2. Thi\u1ebft b\u1ecb x\u00e2y d\u1ef1ng<\/h3>\n<p>Xi lanh lo\u1ea1i ch\u1ed1t \u0111i\u1ec1u ch\u1ec9nh c\u0169ng ph\u1ed5 bi\u1ebfn trong ng\u00e0nh x\u00e2y d\u1ef1ng. Ch\u00fang \u0111\u01b0\u1ee3c s\u1eed d\u1ee5ng trong nhi\u1ec1u lo\u1ea1i thi\u1ebft b\u1ecb nh\u01b0 m\u00e1y x\u00fac, m\u00e1y \u0111\u00e0o, m\u00e1y \u1ee7i v\u00e0 c\u1ea7n c\u1ea9u. Ch\u00fang cung c\u1ea5p n\u0103ng l\u01b0\u1ee3ng th\u1ee7y l\u1ef1c \u0111\u1ec3 n\u00e2ng v\u1eadt n\u1eb7ng, di chuy\u1ec3n \u0111\u1ea5t \u0111\u00e1, v\u00e0 th\u1ef1c hi\u1ec7n c\u00e1c nhi\u1ec7m v\u1ee5 kh\u00e1c \u0111\u00f2i h\u1ecfi l\u1ef1c l\u1edbn. C\u00e1c c\u00f4ng ty x\u00e2y d\u1ef1ng ph\u1ee5 thu\u1ed9c v\u00e0o lo\u1ea1i xi lanh n\u00e0y \u0111\u1ec3 \u0111\u1ea3m b\u1ea3o d\u1ef1 \u00e1n c\u1ee7a h\u1ecd \u0111\u01b0\u1ee3c ho\u00e0n th\u00e0nh \u0111\u00fang ti\u1ebfn \u0111\u1ed9 v\u00e0 trong ph\u1ea1m vi ng\u00e2n s\u00e1ch.<\/p>\n<h3>3. Thi\u1ebft b\u1ecb s\u1ea3n xu\u1ea5t<\/h3>\n<p>Xi lanh lo\u1ea1i ch\u1ed1t \u0111i\u1ec1u ch\u1ec9nh c\u0169ng r\u1ea5t c\u1ea7n thi\u1ebft trong thi\u1ebft b\u1ecb s\u1ea3n xu\u1ea5t. Ch\u00fang \u0111\u01b0\u1ee3c s\u1eed d\u1ee5ng trong m\u00e1y \u00e9p, m\u00e1y d\u1eadp v\u00e0 c\u00e1c lo\u1ea1i thi\u1ebft b\u1ecb kh\u00e1c \u0111\u00f2i h\u1ecfi kh\u1ea3 n\u0103ng ki\u1ec3m so\u00e1t ch\u00ednh x\u00e1c l\u1ef1c v\u00e0 t\u1ed1c \u0111\u1ed9. Xi lanh cho ph\u00e9p c\u00e1c nh\u00e0 s\u1ea3n xu\u1ea5t s\u1ea3n xu\u1ea5t c\u00e1c s\u1ea3n ph\u1ea9m ch\u1ea5t l\u01b0\u1ee3ng cao m\u1ed9t c\u00e1ch nh\u1ea5t qu\u00e1n v\u00e0 hi\u1ec7u qu\u1ea3. Ngo\u00e0i ra, ch\u00fang c\u00f2n \u0111\u01b0\u1ee3c s\u1eed d\u1ee5ng trong d\u00e2y chuy\u1ec1n l\u1eafp r\u00e1p \u0111\u1ec3 di chuy\u1ec3n linh ki\u1ec7n v\u00e0 s\u1ea3n ph\u1ea9m t\u1eeb tr\u1ea1m n\u00e0y sang tr\u1ea1m kh\u00e1c, gi\u00fap quy tr\u00ecnh s\u1ea3n xu\u1ea5t tr\u01a1n tru v\u00e0 hi\u1ec7u qu\u1ea3 h\u01a1n.<\/p>\n<h3>4. Thi\u1ebft b\u1ecb v\u1eadn chuy\u1ec3n<\/h3>\n<p>Xi lanh ki\u1ec3u ch\u1ed1t \u0111i\u1ec1u ch\u1ec9nh c\u0169ng \u0111\u01b0\u1ee3c s\u1eed d\u1ee5ng trong nhi\u1ec1u lo\u1ea1i thi\u1ebft b\u1ecb v\u1eadn t\u1ea3i. Ch\u00fang th\u01b0\u1eddng \u0111\u01b0\u1ee3c s\u1eed d\u1ee5ng trong r\u01a1 mo\u00f3c, xe t\u1ea3i v\u00e0 xe bu\u00fdt \u0111\u1ec3 cung c\u1ea5p l\u1ef1c th\u1ee7y l\u1ef1c cho phanh, h\u1ec7 th\u1ed1ng treo v\u00e0 c\u00e1c h\u1ec7 th\u1ed1ng kh\u00e1c. Nh\u1eefng xi lanh n\u00e0y c\u0169ng \u0111\u01b0\u1ee3c s\u1eed d\u1ee5ng \u0111\u1ec3 ki\u1ec3m so\u00e1t \u0111\u1ed9 cao c\u1ee7a r\u01a1 mo\u00f3c v\u00e0 n\u00e2ng h\u00e0ng h\u00f3a trong qu\u00e1 tr\u00ecnh x\u1ebfp d\u1ee1. \u1ee8ng d\u1ee5ng c\u1ee7a Xi lanh th\u1ee7y l\u1ef1c piston t\u00e1c \u0111\u1ed9ng k\u00e9p gi\u00e1 xu\u1ea5t x\u01b0\u1edfng cho r\u01a1 mo\u00f3c l\u00e0 m\u1ed9t v\u00ed d\u1ee5 v\u1ec1 c\u00e1ch s\u1eed d\u1ee5ng xi lanh ki\u1ec3u ch\u1ed1t \u0111i\u1ec1u ch\u1ec9nh \u0111\u1ec3 c\u1ea3i thi\u1ec7n hi\u1ec7u qu\u1ea3 v\u00e0 \u0111\u1ed9 an to\u00e0n c\u1ee7a thi\u1ebft b\u1ecb v\u1eadn t\u1ea3i.<\/p>\n<p>T\u00f3m l\u1ea1i, xi lanh ki\u1ec3u ch\u1ed1t \u0111i\u1ec1u ch\u1ec9nh c\u00f3 ph\u1ea1m vi \u1ee9ng d\u1ee5ng r\u1ed9ng r\u00e3i trong nhi\u1ec1u ng\u00e0nh c\u00f4ng nghi\u1ec7p kh\u00e1c nhau. Thi\u1ebft k\u1ebf \u0111\u1ed9c \u0111\u00e1o, k\u1ebft h\u1ee3p v\u1edbi h\u1ec7 th\u1ed1ng th\u1ee7y l\u1ef1c, khi\u1ebfn ch\u00fang tr\u1edf th\u00e0nh th\u00e0nh ph\u1ea7n thi\u1ebft y\u1ebfu trong m\u00e1y m\u00f3c v\u00e0 thi\u1ebft b\u1ecb \u0111\u00f2i h\u1ecfi kh\u1ea3 n\u0103ng ki\u1ec3m so\u00e1t ch\u00ednh x\u00e1c l\u1ef1c v\u00e0 t\u1ed1c \u0111\u1ed9. Do \u0111\u00f3, xi lanh ki\u1ec3u ch\u1ed1t \u0111i\u1ec1u ch\u1ec9nh \u0111\u00e3 tr\u1edf th\u00e0nh m\u1ed9t ph\u1ea7n kh\u00f4ng th\u1ec3 thi\u1ebfu c\u1ee7a ng\u00e0nh c\u00f4ng nghi\u1ec7p hi\u1ec7n \u0111\u1ea1i v\u00e0 s\u1ebd ti\u1ebfp t\u1ee5c \u0111\u00f3ng vai tr\u00f2 quan tr\u1ecdng trong nhi\u1ec1u \u1ee9ng d\u1ee5ng kh\u00e1c nhau.<img decoding=\"async\" src=\"https:\/\/fmp-components.com\/wp-content\/uploads\/2024\/12\/Application-of-Adjustable-Clevis-Type-Cylinders.webp\" alt=\"Xi lanh lo\u1ea1i Clevis c\u00f3 th\u1ec3 \u0111i\u1ec1u ch\u1ec9nh\" width=\"800\" title=\"\"><\/p>\n<h3>Gi\u1edbi thi\u1ec7u v\u1ec1 Xi lanh th\u1ee7y l\u1ef1c c\u1ee7a FMP<\/h3>\n<p>FMP chuy\u00ean cung c\u1ea5p ph\u1ee5 t\u00f9ng m\u00e1y m\u00f3c x\u00e2y d\u1ef1ng ch\u1ea5t l\u01b0\u1ee3ng cao, \u0111\u00e1ng tin c\u1eady v\u00e0 c\u00e1c gi\u1ea3i ph\u00e1p m\u00e1y m\u00f3c to\u00e0n di\u1ec7n. Xi lanh th\u1ee7y l\u1ef1c c\u1ee7a ch\u00fang t\u00f4i l\u00e0 m\u1ed9t trong nh\u1eefng s\u1ea3n ph\u1ea9m ph\u1ed5 bi\u1ebfn nh\u1ea5t trong danh m\u1ee5c s\u1ea3n ph\u1ea9m c\u1ee7a ch\u00fang t\u00f4i. D\u01b0\u1edbi \u0111\u00e2y l\u00e0 n\u0103m l\u00fd do t\u1ea1i sao b\u1ea1n n\u00ean ch\u1ecdn xi lanh th\u1ee7y l\u1ef1c c\u1ee7a FMP:<\/p>\n<ol>\n<li><strong>Ch\u1ea5t l\u01b0\u1ee3ng v\u01b0\u1ee3t tr\u1ed9i:<\/strong> Xi lanh th\u1ee7y l\u1ef1c c\u1ee7a ch\u00fang t\u00f4i \u0111\u01b0\u1ee3c l\u00e0m t\u1eeb v\u1eadt li\u1ec7u ch\u1ea5t l\u01b0\u1ee3ng cao, \u0111\u1ea3m b\u1ea3o \u0111\u1ed9 b\u1ec1n v\u00e0 tu\u1ed5i th\u1ecd l\u00e2u d\u00e0i. S\u1ea3n ph\u1ea9m \u0111\u01b0\u1ee3c thi\u1ebft k\u1ebf v\u00e0 s\u1ea3n xu\u1ea5t ch\u00ednh x\u00e1c, \u0111\u00e1p \u1ee9ng c\u00e1c ti\u00eau chu\u1ea9n ch\u1ea5t l\u01b0\u1ee3ng nghi\u00eam ng\u1eb7t, \u0111\u1ea3m b\u1ea3o ch\u1ecbu \u0111\u01b0\u1ee3c \u0111i\u1ec1u ki\u1ec7n l\u00e0m vi\u1ec7c kh\u1eafc nghi\u1ec7t.<\/li>\n<li><strong>C\u00f3 th\u1ec3 t\u00f9y ch\u1ec9nh:<\/strong> Xi lanh th\u1ee7y l\u1ef1c c\u1ee7a ch\u00fang t\u00f4i c\u00f3 th\u1ec3 t\u00f9y ch\u1ec9nh \u0111\u1ec3 \u0111\u00e1p \u1ee9ng c\u00e1c y\u00eau c\u1ea7u c\u1ee5 th\u1ec3 c\u1ee7a b\u1ea1n. Ch\u00fang t\u00f4i cung c\u1ea5p nhi\u1ec1u l\u1ef1a ch\u1ecdn, bao g\u1ed3m k\u00edch th\u01b0\u1edbc l\u1ed7, chi\u1ec1u d\u00e0i h\u00e0nh tr\u00ecnh v\u00e0 ki\u1ec3u l\u1eafp \u0111\u1eb7t. \u0110\u1ed9i ng\u0169 chuy\u00ean gia c\u1ee7a ch\u00fang t\u00f4i c\u00f3 th\u1ec3 t\u01b0 v\u1ea5n s\u1ea3n ph\u1ea9m chuy\u00ean nghi\u1ec7p v\u00e0 \u0111\u01b0a ra nh\u1eefng g\u1ee3i \u00fd mua h\u00e0ng th\u00f4ng minh \u0111\u1ec3 gi\u00fap b\u1ea1n ch\u1ecdn \u0111\u01b0\u1ee3c xi lanh th\u1ee7y l\u1ef1c ph\u00f9 h\u1ee3p v\u1edbi nhu c\u1ea7u c\u1ee7a m\u00ecnh.<\/li>\n<li><strong>C\u00e0i \u0111\u1eb7t d\u1ec5 d\u00e0ng:<\/strong> Xi lanh th\u1ee7y l\u1ef1c c\u1ee7a ch\u00fang t\u00f4i \u0111\u01b0\u1ee3c thi\u1ebft k\u1ebf \u0111\u1ec3 d\u1ec5 d\u00e0ng l\u1eafp \u0111\u1eb7t, gi\u1ea3m th\u1eddi gian ng\u1eebng ho\u1ea1t \u0111\u1ed9ng v\u00e0 t\u0103ng n\u0103ng su\u1ea5t. S\u1ea3n ph\u1ea9m c\u00f3 nhi\u1ec1u t\u00f9y ch\u1ecdn l\u1eafp \u0111\u1eb7t, d\u1ec5 d\u00e0ng l\u1eafp \u0111\u1eb7t tr\u00ean thi\u1ebft b\u1ecb c\u1ee7a b\u1ea1n.<\/li>\n<li><strong>Gi\u00e1 c\u1ea3 c\u1ea1nh tranh:<\/strong> Ch\u00fang t\u00f4i cung c\u1ea5p gi\u00e1 c\u1ea3 c\u1ea1nh tranh m\u00e0 kh\u00f4ng \u1ea3nh h\u01b0\u1edfng \u0111\u1ebfn ch\u1ea5t l\u01b0\u1ee3ng. B\u1eb1ng c\u00e1ch thi\u1ebft l\u1eadp m\u1ed1i quan h\u1ec7 h\u1ee3p t\u00e1c l\u00e2u d\u00e0i v\u00e0 \u1ed5n \u0111\u1ecbnh v\u1edbi nhi\u1ec1u nh\u00e0 cung c\u1ea5p ch\u1ea5t l\u01b0\u1ee3ng cao trong v\u00e0 ngo\u00e0i n\u01b0\u1edbc, ch\u00fang t\u00f4i \u0111\u1ea3m b\u1ea3o t\u1ea5t c\u1ea3 c\u00e1c linh ki\u1ec7n \u0111\u01b0\u1ee3c cung c\u1ea5p \u0111\u1ec1u \u0111\u00e1p \u1ee9ng c\u00e1c ti\u00eau chu\u1ea9n ch\u1ea5t l\u01b0\u1ee3ng nghi\u00eam ng\u1eb7t.<\/li>\n<li><strong>H\u1ec7 th\u1ed1ng ph\u00e2n ph\u1ed1i h\u1eadu c\u1ea7n hi\u1ec7u qu\u1ea3:<\/strong> Ch\u00fang t\u00f4i c\u00f3 h\u1ec7 th\u1ed1ng ph\u00e2n ph\u1ed1i h\u1eadu c\u1ea7n hi\u1ec7u qu\u1ea3, \u0111\u1ea3m b\u1ea3o kh\u00e1ch h\u00e0ng nh\u1eadn \u0111\u01b0\u1ee3c c\u00e1c ph\u1ee5 t\u00f9ng c\u1ea7n thi\u1ebft m\u1ed9t c\u00e1ch k\u1ecbp th\u1eddi v\u00e0 ch\u00ednh x\u00e1c. Ch\u00fang t\u00f4i h\u1ee3p t\u00e1c ch\u1eb7t ch\u1ebd v\u1edbi c\u00e1c \u0111\u1ed1i t\u00e1c h\u1eadu c\u1ea7n \u0111\u1ec3 cung c\u1ea5p d\u1ecbch v\u1ee5 giao h\u00e0ng nhanh ch\u00f3ng v\u00e0 \u0111\u00e1ng tin c\u1eady cho kh\u00e1ch h\u00e0ng tr\u00ean to\u00e0n th\u1ebf gi\u1edbi.<\/li>\n<\/ol>\n<p><img decoding=\"async\" src=\"https:\/\/fmp-components.com\/wp-content\/uploads\/2024\/12\/Adjustable-Clevis-Type-Cylinders-6.webp\" alt=\"Xi lanh lo\u1ea1i Clevis c\u00f3 th\u1ec3 \u0111i\u1ec1u ch\u1ec9nh\" width=\"831\" title=\"\"><\/p>\n<p>V\u1edbi xi lanh th\u1ee7y l\u1ef1c c\u1ee7a FMP, b\u1ea1n c\u00f3 th\u1ec3 y\u00ean t\u00e2m v\u1ec1 ch\u1ea5t l\u01b0\u1ee3ng v\u01b0\u1ee3t tr\u1ed9i, kh\u1ea3 n\u0103ng t\u00f9y ch\u1ec9nh, l\u1eafp \u0111\u1eb7t d\u1ec5 d\u00e0ng, gi\u00e1 c\u1ea3 c\u1ea1nh tranh v\u00e0 d\u1ecbch v\u1ee5 h\u1eadu c\u1ea7n hi\u1ec7u qu\u1ea3. H\u00e3y li\u00ean h\u1ec7 v\u1edbi ch\u00fang t\u00f4i ngay h\u00f4m nay \u0111\u1ec3 t\u00ecm hi\u1ec3u th\u00eam v\u1ec1 s\u1ea3n ph\u1ea9m v\u00e0 d\u1ecbch v\u1ee5, v\u00e0 \u0111\u1ec3 ch\u00fang t\u00f4i gi\u00fap b\u1ea1n t\u00ecm \u0111\u01b0\u1ee3c xi lanh th\u1ee7y l\u1ef1c ph\u00f9 h\u1ee3p v\u1edbi nhu c\u1ea7u c\u1ee7a b\u1ea1n.<\/p>\n<p><img decoding=\"async\" src=\"https:\/\/img.jiansujichilun.com\/img\/hydrauliccylinders\/B_hydrauliccylinders-2.webp\" alt=\"xi lanh th\u1ee7y l\u1ef1c\" width=\"800\" title=\"\"><\/p>\n<p><strong>C\u00e2u h\u1ecfi th\u01b0\u1eddng g\u1eb7p:<\/strong><\/p>\n<p><strong>Q: B\u1ea1n l\u00e0 c\u00f4ng ty th\u01b0\u01a1ng m\u1ea1i hay nh\u00e0 s\u1ea3n xu\u1ea5t?<\/strong><br \/>\nA: Ch\u00fang t\u00f4i l\u00e0 m\u1ed9t nh\u00e0 m\u00e1y s\u1ea3n xu\u1ea5t v\u00e0 xu\u1ea5t kh\u1ea9u xi lanh th\u1ee7y l\u1ef1c.<\/p>\n<p><strong>Q: Th\u1eddi gian giao h\u00e0ng cho Xi lanh piston th\u1ee7y l\u1ef1c t\u00e1c \u0111\u1ed9ng k\u00e9p l\u00e0 bao l\u00e2u?<\/strong><br \/>\nA: Th\u1eddi gian giao h\u00e0ng chung l\u00e0 25-35 ng\u00e0y.<\/p>\n<p><strong>Q: B\u1ea1n c\u00f3 cung c\u1ea5p m\u1eabu Xi lanh piston th\u1ee7y l\u1ef1c t\u00e1c \u0111\u1ed9ng k\u00e9p kh\u00f4ng?<\/strong><br \/>\nA: C\u00f3, ch\u00fang t\u00f4i cung c\u1ea5p m\u1eabu nh\u01b0ng kh\u00f4ng mi\u1ec5n ph\u00ed.<\/p>\n<p>T\u00e1c gi\u1ea3: CX<\/p>","protected":false},"excerpt":{"rendered":"<p>Factory Price Double Acting Hydraulic Piston Cylinder For Trailer: The Factory Price Double Acting Hydraulic Piston Cylinder For Trailer is a highly durable and efficient product designed for use in the transportation industry. This product boasts a high level of performance, thanks to its double-acting hydraulic piston that provides maximum power and reliability. The cylinder [&hellip;]<\/p>","protected":false},"featured_media":1338,"comment_status":"closed","ping_status":"closed","template":"","meta":{"_et_pb_use_builder":"","_et_pb_old_content":"","_et_gb_content_width":""},"product_brand":[],"product_cat":[39],"product_tag":[41,34],"class_list":{"0":"post-1369","1":"product","2":"type-product","3":"status-publish","4":"has-post-thumbnail","6":"product_cat-adjustable-clevis-type-cylinders","7":"product_tag-adjustable-clevis-type-cylinders","8":"product_tag-hydraulic-cylinder","10":"first","11":"instock","12":"product-type-simple"},"_links":{"self":[{"href":"https:\/\/fmp-components.com\/vi\/wp-json\/wp\/v2\/product\/1369","targetHints":{"allow":["GET"]}}],"collection":[{"href":"https:\/\/fmp-components.com\/vi\/wp-json\/wp\/v2\/product"}],"about":[{"href":"https:\/\/fmp-components.com\/vi\/wp-json\/wp\/v2\/types\/product"}],"replies":[{"embeddable":true,"href":"https:\/\/fmp-components.com\/vi\/wp-json\/wp\/v2\/comments?post=1369"}],"wp:featuredmedia":[{"embeddable":true,"href":"https:\/\/fmp-components.com\/vi\/wp-json\/wp\/v2\/media\/1338"}],"wp:attachment":[{"href":"https:\/\/fmp-components.com\/vi\/wp-json\/wp\/v2\/media?parent=1369"}],"wp:term":[{"taxonomy":"product_brand","embeddable":true,"href":"https:\/\/fmp-components.com\/vi\/wp-json\/wp\/v2\/product_brand?post=1369"},{"taxonomy":"product_cat","embeddable":true,"href":"https:\/\/fmp-components.com\/vi\/wp-json\/wp\/v2\/product_cat?post=1369"},{"taxonomy":"product_tag","embeddable":true,"href":"https:\/\/fmp-components.com\/vi\/wp-json\/wp\/v2\/product_tag?post=1369"}],"curies":[{"name":"wp","href":"https:\/\/api.w.org\/{rel}","templated":true}]}}