{"id":1364,"date":"2024-12-23T02:18:57","date_gmt":"2024-12-23T02:18:57","guid":{"rendered":"https:\/\/fmp-components.com\/product\/hot-sale-adjustable-hydraulic-cylinder-for-agriculture-trailer\/"},"modified":"2024-12-23T03:02:39","modified_gmt":"2024-12-23T03:02:39","slug":"hot-sale-adjustable-hydraulic-cylinder-for-agriculture-trailer","status":"publish","type":"product","link":"https:\/\/fmp-components.com\/vi\/product\/hot-sale-adjustable-hydraulic-cylinder-for-agriculture-trailer\/","title":{"rendered":"Xi lanh th\u1ee7y l\u1ef1c \u0111i\u1ec1u ch\u1ec9nh b\u00e1n ch\u1ea1y cho xe k\u00e9o n\u00f4ng nghi\u1ec7p"},"content":{"rendered":"<p>Xi lanh th\u1ee7y l\u1ef1c \u0111i\u1ec1u ch\u1ec9nh b\u00e1n ch\u1ea1y cho xe k\u00e9o n\u00f4ng nghi\u1ec7p l\u00e0 s\u1ea3n ph\u1ea9m m\u1ea1nh m\u1ebd v\u00e0 \u0111a n\u0103ng, \u0111\u01b0\u1ee3c thi\u1ebft k\u1ebf \u0111\u1ec3 \u0111\u00e1p \u1ee9ng nhu c\u1ea7u c\u1ee7a n\u00f4ng d\u00e2n v\u00e0 c\u00e1c chuy\u00ean gia n\u00f4ng nghi\u1ec7p kh\u00e1c. Xi lanh th\u1ee7y l\u1ef1c ch\u1ea5t l\u01b0\u1ee3ng cao n\u00e0y c\u00f3 th\u1ec3 \u0111i\u1ec1u ch\u1ec9nh, cho ph\u00e9p n\u00f3 ho\u1ea1t \u0111\u1ed9ng v\u1edbi nhi\u1ec1u lo\u1ea1i xe k\u00e9o v\u00e0 d\u1ee5ng c\u1ee5 kh\u00e1c nhau. V\u1edbi c\u1ea5u tr\u00fac b\u1ec1n b\u1ec9 v\u00e0 c\u00e1c t\u00ednh n\u0103ng ti\u00ean ti\u1ebfn, n\u00f3 ho\u00e0n h\u1ea3o \u0111\u1ec3 s\u1eed d\u1ee5ng trong nhi\u1ec1u \u1ee9ng d\u1ee5ng, t\u1eeb c\u00e0y ru\u1ed9ng \u0111\u1ebfn v\u1eadn chuy\u1ec3n c\u00e2y tr\u1ed3ng.<\/p>\n<p>M\u1ed9t trong nh\u1eefng l\u1ee3i \u00edch ch\u00ednh c\u1ee7a s\u1ea3n ph\u1ea9m n\u00e0y l\u00e0 kh\u1ea3 n\u0103ng \u0111i\u1ec1u ch\u1ec9nh ph\u00f9 h\u1ee3p v\u1edbi nhi\u1ec1u k\u00edch th\u01b0\u1edbc v\u00e0 tr\u1ecdng l\u01b0\u1ee3ng r\u01a1 mo\u00f3c kh\u00e1c nhau. \u0110i\u1ec1u n\u00e0y l\u00fd t\u01b0\u1edfng cho nh\u1eefng ng\u01b0\u1eddi n\u00f4ng d\u00e2n c\u1ea7n m\u1ed9t xi lanh c\u00f3 th\u1ec3 x\u1eed l\u00fd nhi\u1ec1u nhi\u1ec7m v\u1ee5 v\u00e0 \u1ee9ng d\u1ee5ng kh\u00e1c nhau. Ngo\u00e0i ra, Xi lanh th\u1ee7y l\u1ef1c \u0111i\u1ec1u ch\u1ec9nh b\u00e1n ch\u1ea1y cho r\u01a1 mo\u00f3c n\u00f4ng nghi\u1ec7p \u0111\u01b0\u1ee3c thi\u1ebft k\u1ebf \u0111\u1ec3 d\u1ec5 l\u1eafp \u0111\u1eb7t v\u00e0 s\u1eed d\u1ee5ng, v\u1edbi c\u00e1c n\u00fat \u0111i\u1ec1u khi\u1ec3n tr\u1ef1c quan v\u00e0 h\u01b0\u1edbng d\u1eabn r\u00f5 r\u00e0ng, gi\u00fap ng\u01b0\u1eddi d\u00f9ng m\u1edbi c\u0169ng c\u00f3 th\u1ec3 d\u1ec5 d\u00e0ng v\u1eadn h\u00e0nh.<\/p>\n<p><img loading=\"lazy\" decoding=\"async\" class=\"alignnone size-full wp-image-1334\" src=\"https:\/\/fmp-components.com\/wp-content\/uploads\/2024\/12\/Adjustable-Clevis-Type-Cylinders-4.webp\" alt=\"Xi lanh lo\u1ea1i ch\u1ed1t c\u00f3 th\u1ec3 \u0111i\u1ec1u ch\u1ec9nh\" width=\"800\" height=\"800\" title=\"\" srcset=\"https:\/\/fmp-components.com\/wp-content\/uploads\/2024\/12\/Adjustable-Clevis-Type-Cylinders-4.webp 800w, https:\/\/fmp-components.com\/wp-content\/uploads\/2024\/12\/Adjustable-Clevis-Type-Cylinders-4-480x480.webp 480w\" sizes=\"(min-width: 0px) and (max-width: 480px) 480px, (min-width: 481px) 800px, 100vw\" \/><\/p>\n<p>&nbsp;<\/p>\n<table style=\"width: 100%;\" border=\"1\" width=\"100%\" cellspacing=\"0\" cellpadding=\"0\">\n<tbody>\n<tr>\n<th>T\u00ean s\u1ea3n ph\u1ea9m<\/th>\n<td>Xi lanh th\u1ee7y l\u1ef1c c\u00f3 th\u1ec3 \u0111i\u1ec1u ch\u1ec9nh cho xe k\u00e9o n\u00f4ng nghi\u1ec7p<\/td>\n<\/tr>\n<tr>\n<th>T\u00ecnh tr\u1ea1ng b\u00e1n h\u00e0ng<\/th>\n<td>B\u00e1n ch\u1ea1y<\/td>\n<\/tr>\n<tr>\n<th>B\u1ea3o h\u00e0nh<\/th>\n<td>1 n\u0103m<\/td>\n<\/tr>\n<tr>\n<th>C\u00e1c ng\u00e0nh c\u00f4ng nghi\u1ec7p \u00e1p d\u1ee5ng<\/th>\n<td>C\u1eeda h\u00e0ng s\u1eeda ch\u1eefa m\u00e1y m\u00f3c, trang tr\u1ea1i, n\u0103ng l\u01b0\u1ee3ng v\u00e0 khai th\u00e1c, s\u1ea3n xu\u1ea5t m\u00e1y m\u00f3c<\/td>\n<\/tr>\n<tr>\n<th>Quy\u1ec1n l\u1ef1c<\/th>\n<td>Th\u1ee7y l\u1ef1c<\/td>\n<\/tr>\n<tr>\n<th>K\u1ebft c\u1ea5u<\/th>\n<td>Ti\u00eau chu\u1ea9n<\/td>\n<\/tr>\n<tr>\n<th>V\u1eadt li\u1ec7u th\u00e2n m\u00e1y<\/th>\n<td>Th\u00e9p ch\u1eafc ch\u1eafn<\/td>\n<\/tr>\n<tr>\n<th>L\u1ef1c \u0111\u1ea9y t\u1ed1i \u0111a<\/th>\n<td>3000<\/td>\n<\/tr>\n<tr>\n<th>Ki\u1ec3u<\/th>\n<td>Lo\u1ea1i ch\u1ed1t c\u00f3 th\u1ec3 \u0111i\u1ec1u ch\u1ec9nh<\/td>\n<\/tr>\n<tr>\n<th>Ch\u1ee9ng nh\u1eadn<\/th>\n<td>ISO9001:2000<\/td>\n<\/tr>\n<tr>\n<th>K\u00edch th\u01b0\u1edbc l\u1ed7 khoan<\/th>\n<td>2 \u2013 6 inch<\/td>\n<\/tr>\n<tr>\n<th>K\u00edch th\u01b0\u1edbc thanh<\/th>\n<td>1,125 \u2013 4 inch<\/td>\n<\/tr>\n<tr>\n<th>K\u00edch th\u01b0\u1edbc n\u00e9t v\u1ebd<\/th>\n<td>4 \u2013 100 inch<\/td>\n<\/tr>\n<tr>\n<th>K\u00edch th\u01b0\u1edbc ch\u00e2n c\u1eafm<\/th>\n<td>0,5 \u2013 2 inch<\/td>\n<\/tr>\n<tr>\n<th>M\u00e0u s\u1eafc<\/th>\n<td>\u0110en<\/td>\n<\/tr>\n<tr>\n<th>Chi ti\u1ebft \u0111\u00f3ng g\u00f3i<\/th>\n<td>V\u1ecf s\u1eaft, v\u1ecf g\u1ed7 d\u00e1n ho\u1eb7c h\u1ed9p carton<\/td>\n<\/tr>\n<\/tbody>\n<\/table>\n<h2>\u01afu \u0111i\u1ec3m c\u1ee7a xi lanh lo\u1ea1i ch\u1ed1t c\u00f3 th\u1ec3 \u0111i\u1ec1u ch\u1ec9nh<\/h2>\n<p>Xi lanh lo\u1ea1i ch\u1ed1t \u0111i\u1ec1u ch\u1ec9nh l\u00e0 l\u1ef1a ch\u1ecdn ph\u1ed5 bi\u1ebfn trong ng\u00e0nh xi lanh th\u1ee7y l\u1ef1c nh\u1edd nhi\u1ec1u \u01b0u \u0111i\u1ec3m v\u1ec1 hi\u1ec7u su\u1ea5t v\u00e0 t\u00ednh linh ho\u1ea1t. D\u01b0\u1edbi \u0111\u00e2y l\u00e0 m\u1ed9t s\u1ed1 \u01b0u \u0111i\u1ec3m ch\u00ednh c\u1ee7a vi\u1ec7c s\u1eed d\u1ee5ng xi lanh lo\u1ea1i ch\u1ed1t \u0111i\u1ec1u ch\u1ec9nh:<\/p>\n<h3>1. T\u00ednh linh ho\u1ea1t<\/h3>\n<p>M\u1ed9t trong nh\u1eefng \u01b0u \u0111i\u1ec3m n\u1ed5i b\u1eadt nh\u1ea5t c\u1ee7a xi lanh lo\u1ea1i ch\u1ed1t \u0111i\u1ec1u ch\u1ec9nh \u0111\u01b0\u1ee3c l\u00e0 t\u00ednh linh ho\u1ea1t c\u1ee7a ch\u00fang. Nh\u1eefng xi lanh n\u00e0y c\u00f3 th\u1ec3 \u0111\u01b0\u1ee3c s\u1eed d\u1ee5ng trong nhi\u1ec1u \u1ee9ng d\u1ee5ng kh\u00e1c nhau, bao g\u1ed3m n\u00f4ng nghi\u1ec7p, x\u00e2y d\u1ef1ng, khai th\u00e1c m\u1ecf v\u00e0 s\u1ea3n xu\u1ea5t. Ch\u00fang ph\u00f9 h\u1ee3p cho c\u00e1c \u1ee9ng d\u1ee5ng h\u1ea1ng n\u1eb7ng \u0111\u00f2i h\u1ecfi \u0111\u1ed9 b\u1ec1n, \u0111\u1ed9 c\u1ee9ng v\u00e0 \u0111\u1ed9 ch\u00ednh x\u00e1c cao.<\/p>\n<p>Trong n\u00f4ng nghi\u1ec7p, xi lanh ki\u1ec3u ch\u1ed1t \u0111i\u1ec1u ch\u1ec9nh \u0111\u1eb7c bi\u1ec7t h\u1eefu \u00edch cho xe k\u00e9o d\u00f9ng \u0111\u1ec3 v\u1eadn chuy\u1ec3n h\u00e0ng h\u00f3a n\u1eb7ng. Xi lanh th\u1ee7y l\u1ef1c \u0111i\u1ec1u ch\u1ec9nh b\u00e1n ch\u1ea1y cho xe k\u00e9o n\u00f4ng nghi\u1ec7p l\u00e0 m\u1ed9t v\u00ed d\u1ee5 \u0111i\u1ec3n h\u00ecnh v\u1ec1 c\u00e1ch s\u1eed d\u1ee5ng lo\u1ea1i xi lanh n\u00e0y \u0111\u1ec3 c\u1ea3i thi\u1ec7n hi\u1ec7u su\u1ea5t c\u1ee7a m\u00e1y m\u00f3c n\u00f4ng nghi\u1ec7p.<\/p>\n<h3>2. T\u00f9y ch\u1ec9nh<\/h3>\n<p>M\u1ed9t \u01b0u \u0111i\u1ec3m kh\u00e1c c\u1ee7a xi lanh lo\u1ea1i ch\u1ed1t \u0111i\u1ec1u ch\u1ec9nh l\u00e0 kh\u1ea3 n\u0103ng t\u00f9y ch\u1ec9nh. C\u00e1c xi lanh n\u00e0y c\u00f3 th\u1ec3 \u0111\u01b0\u1ee3c t\u00f9y ch\u1ec9nh \u0111\u1ec3 \u0111\u00e1p \u1ee9ng c\u00e1c y\u00eau c\u1ea7u c\u1ee5 th\u1ec3 v\u1ec1 k\u00edch th\u01b0\u1edbc, \u00e1p su\u1ea5t v\u00e0 chi\u1ec1u d\u00e0i h\u00e0nh tr\u00ecnh. \u0110i\u1ec1u n\u00e0y l\u00e0m cho ch\u00fang tr\u1edf n\u00ean l\u00fd t\u01b0\u1edfng cho c\u00e1c \u1ee9ng d\u1ee5ng m\u00e0 xi lanh ti\u00eau chu\u1ea9n c\u00f3 th\u1ec3 kh\u00f4ng ph\u00f9 h\u1ee3p.<\/p>\n<h3>3. Hi\u1ec7u su\u1ea5t cao<\/h3>\n<p>Xi lanh lo\u1ea1i ch\u1ed1t \u0111i\u1ec1u ch\u1ec9nh \u0111\u01b0\u1ee3c thi\u1ebft k\u1ebf \u0111\u1ec3 mang l\u1ea1i hi\u1ec7u su\u1ea5t cao v\u1ec1 t\u1ed1c \u0111\u1ed9, \u0111\u1ed9 ch\u00ednh x\u00e1c v\u00e0 c\u00f4ng su\u1ea5t. Ch\u00fang c\u00f3 kh\u1ea3 n\u0103ng cung c\u1ea5p hi\u1ec7u su\u1ea5t \u1ed5n \u0111\u1ecbnh, \u0111\u00e1ng tin c\u1eady ngay c\u1ea3 trong \u0111i\u1ec1u ki\u1ec7n kh\u1eafc nghi\u1ec7t, l\u00fd t\u01b0\u1edfng cho c\u00e1c \u1ee9ng d\u1ee5ng h\u1ea1ng n\u1eb7ng.<\/p>\n<h3>4. \u0110\u1ed9 b\u1ec1n<\/h3>\n<p>Xi lanh lo\u1ea1i ch\u1ed1t \u0111i\u1ec1u ch\u1ec9nh \u0111\u01b0\u1ee3c ch\u1ebf t\u1ea1o \u0111\u1ec3 b\u1ec1n l\u00e2u. Ch\u00fang \u0111\u01b0\u1ee3c l\u00e0m t\u1eeb v\u1eadt li\u1ec7u ch\u1ea5t l\u01b0\u1ee3ng cao v\u00e0 \u0111\u01b0\u1ee3c thi\u1ebft k\u1ebf \u0111\u1ec3 ch\u1ecbu \u0111\u01b0\u1ee3c nhi\u1ec7t \u0111\u1ed9, \u00e1p su\u1ea5t v\u00e0 hao m\u00f2n kh\u1eafc nghi\u1ec7t. V\u1edbi vi\u1ec7c b\u1ea3o tr\u00ec \u0111\u00fang c\u00e1ch, nh\u1eefng xi lanh n\u00e0y c\u00f3 th\u1ec3 s\u1eed d\u1ee5ng trong nhi\u1ec1u n\u0103m, khi\u1ebfn ch\u00fang tr\u1edf th\u00e0nh m\u1ed9t l\u1ef1a ch\u1ecdn ti\u1ebft ki\u1ec7m chi ph\u00ed.<\/p>\n<h3>5. B\u1ea3o tr\u00ec th\u1ea5p<\/h3>\n<p>Xi lanh lo\u1ea1i ch\u1ed1t \u0111i\u1ec1u ch\u1ec9nh c\u1ea7n b\u1ea3o tr\u00ec t\u1ed1i thi\u1ec3u, khi\u1ebfn ch\u00fang tr\u1edf th\u00e0nh l\u1ef1a ch\u1ecdn h\u1ea5p d\u1eabn cho c\u00e1c doanh nghi\u1ec7p mu\u1ed1n gi\u1ea3m th\u1eddi gian ng\u1eebng ho\u1ea1t \u0111\u1ed9ng v\u00e0 chi ph\u00ed v\u1eadn h\u00e0nh. V\u1edbi vi\u1ec7c ki\u1ec3m tra th\u01b0\u1eddng xuy\u00ean v\u00e0 b\u1ea3o tr\u00ec c\u01a1 b\u1ea3n, c\u00e1c xi lanh n\u00e0y c\u00f3 th\u1ec3 ho\u1ea1t \u0111\u1ed9ng \u1edf hi\u1ec7u su\u1ea5t cao nh\u1ea5t trong th\u1eddi gian d\u00e0i.<\/p>\n<p>T\u00f3m l\u1ea1i, xi lanh ki\u1ec3u ch\u1ed1t \u0111i\u1ec1u ch\u1ec9nh mang l\u1ea1i nhi\u1ec1u \u01b0u \u0111i\u1ec3m v\u1ec1 hi\u1ec7u su\u1ea5t, t\u00ednh linh ho\u1ea1t, kh\u1ea3 n\u0103ng t\u00f9y ch\u1ec9nh, \u0111\u1ed9 b\u1ec1n v\u00e0 chi ph\u00ed b\u1ea3o tr\u00ec th\u1ea5p. V\u1edbi Xi lanh th\u1ee7y l\u1ef1c \u0111i\u1ec1u ch\u1ec9nh b\u00e1n ch\u1ea1y cho xe k\u00e9o n\u00f4ng nghi\u1ec7p, nh\u1eefng xi lanh n\u00e0y c\u00f3 th\u1ec3 \u0111\u01b0\u1ee3c s\u1eed d\u1ee5ng \u0111\u1ec3 n\u00e2ng cao hi\u1ec7u su\u1ea5t c\u1ee7a m\u00e1y m\u00f3c n\u00f4ng nghi\u1ec7p v\u00e0 c\u1ea3i thi\u1ec7n n\u0103ng su\u1ea5t trong ng\u00e0nh n\u00f4ng nghi\u1ec7p.<img decoding=\"async\" src=\"https:\/\/fmp-components.com\/wp-content\/uploads\/2024\/12\/Adjustable-Clevis-Type-Cylinders5.webp\" alt=\"Xi lanh lo\u1ea1i Clevis c\u00f3 th\u1ec3 \u0111i\u1ec1u ch\u1ec9nh\" width=\"800\" title=\"\"><\/p>\n<h2>\u1ee8ng d\u1ee5ng c\u1ee7a xi lanh lo\u1ea1i ch\u1ed1t c\u00f3 th\u1ec3 \u0111i\u1ec1u ch\u1ec9nh<\/h2>\n<p>Xi lanh lo\u1ea1i ch\u1ed1t \u0111i\u1ec1u ch\u1ec9nh, ch\u1eb3ng h\u1ea1n nh\u01b0 xi lanh th\u1ee7y l\u1ef1c \u0111i\u1ec1u ch\u1ec9nh b\u00e1n ch\u1ea1y cho xe k\u00e9o n\u00f4ng nghi\u1ec7p, c\u00f3 ph\u1ea1m vi \u1ee9ng d\u1ee5ng r\u1ed9ng r\u00e3i trong nhi\u1ec1u ng\u00e0nh c\u00f4ng nghi\u1ec7p kh\u00e1c nhau. Nh\u1eefng xi lanh \u0111a n\u0103ng n\u00e0y mang \u0111\u1ebfn nh\u1eefng t\u00ednh n\u0103ng v\u00e0 l\u1ee3i \u00edch \u0111\u1ed9c \u0111\u00e1o, khi\u1ebfn ch\u00fang tr\u1edf th\u00e0nh m\u1ed9t th\u00e0nh ph\u1ea7n thi\u1ebft y\u1ebfu trong nhi\u1ec1u h\u1ec7 th\u1ed1ng th\u1ee7y l\u1ef1c.<\/p>\n<h3>1. Ki\u1ec3m so\u00e1t ch\u00ednh x\u00e1c<\/h3>\n<p>M\u1ed9t trong nh\u1eefng \u01b0u \u0111i\u1ec3m ch\u00ednh c\u1ee7a xi lanh ki\u1ec3u ch\u1ed1t \u0111i\u1ec1u ch\u1ec9nh \u0111\u01b0\u1ee3c l\u00e0 kh\u1ea3 n\u0103ng ki\u1ec3m so\u00e1t ch\u00ednh x\u00e1c chuy\u1ec3n \u0111\u1ed9ng v\u00e0 v\u1ecb tr\u00ed c\u1ee7a t\u1ea3i tr\u1ecdng. \u0110i\u1ec1u n\u00e0y r\u1ea5t quan tr\u1ecdng trong c\u00e1c \u1ee9ng d\u1ee5ng y\u00eau c\u1ea7u chuy\u1ec3n \u0111\u1ed9ng ch\u00ednh x\u00e1c, ch\u1eb3ng h\u1ea1n nh\u01b0 trong xe k\u00e9o n\u00f4ng nghi\u1ec7p. Thi\u1ebft k\u1ebf \u0111i\u1ec1u ch\u1ec9nh \u0111\u01b0\u1ee3c cho ph\u00e9p ng\u01b0\u1eddi d\u00f9ng tinh ch\u1ec9nh chi\u1ec1u d\u00e0i h\u00e0nh tr\u00ecnh c\u1ee7a xi lanh, mang l\u1ea1i kh\u1ea3 n\u0103ng ki\u1ec3m so\u00e1t v\u00e0 \u0111\u1ed9 ch\u00ednh x\u00e1c cao h\u01a1n.<\/p>\n<h3>2. T\u0103ng c\u01b0\u1eddng t\u00ednh linh ho\u1ea1t<\/h3>\n<p>Xi lanh lo\u1ea1i ch\u1ed1t \u0111i\u1ec1u ch\u1ec9nh \u0111\u01b0\u1ee3c thi\u1ebft k\u1ebf \u0111\u1ec3 d\u1ec5 d\u00e0ng \u0111i\u1ec1u ch\u1ec9nh, gi\u00fap ch\u00fang c\u1ef1c k\u1ef3 linh ho\u1ea1t v\u00e0 th\u00edch \u1ee9ng v\u1edbi nhi\u1ec1u \u0111i\u1ec1u ki\u1ec7n v\u1eadn h\u00e0nh kh\u00e1c nhau. T\u00ednh linh ho\u1ea1t n\u00e0y cho ph\u00e9p \u0111i\u1ec1u ch\u1ec9nh chi\u1ec1u d\u00e0i xi lanh nhanh ch\u00f3ng v\u00e0 d\u1ec5 d\u00e0ng, mang \u0111\u1ebfn gi\u1ea3i ph\u00e1p ti\u1ebft ki\u1ec7m chi ph\u00ed cho nhi\u1ec1u \u1ee9ng d\u1ee5ng kh\u00e1c nhau. Cho d\u00f9 l\u00e0 \u0111\u00e1p \u1ee9ng c\u00e1c k\u00edch c\u1ee1 t\u1ea3i kh\u00e1c nhau hay \u0111i\u1ec1u ch\u1ec9nh theo c\u00e1c y\u00eau c\u1ea7u v\u1eadn h\u00e0nh thay \u0111\u1ed5i, nh\u1eefng xi lanh n\u00e0y \u0111\u1ec1u mang l\u1ea1i s\u1ef1 linh ho\u1ea1t c\u1ea7n thi\u1ebft.<\/p>\n<h3>3. T\u0103ng hi\u1ec7u qu\u1ea3<\/h3>\n<p>B\u1eb1ng c\u00e1ch s\u1eed d\u1ee5ng xi lanh ki\u1ec3u ch\u1ed1t c\u00f3 th\u1ec3 \u0111i\u1ec1u ch\u1ec9nh, ng\u01b0\u1eddi d\u00f9ng c\u00f3 th\u1ec3 t\u1ed1i \u01b0u h\u00f3a hi\u1ec7u su\u1ea5t h\u1ec7 th\u1ed1ng th\u1ee7y l\u1ef1c. Kh\u1ea3 n\u0103ng \u0111i\u1ec1u ch\u1ec9nh \u0111\u1ed9 d\u00e0i h\u00e0nh tr\u00ecnh cho ph\u00e9p ph\u00e2n b\u1ed5 t\u1ea3i t\u1ed1t h\u01a1n v\u00e0 c\u1ea3i thi\u1ec7n hi\u1ec7u su\u1ea5t t\u1ed5ng th\u1ec3 c\u1ee7a h\u1ec7 th\u1ed1ng. Hi\u1ec7u su\u1ea5t t\u0103ng l\u00ean n\u00e0y d\u1eabn \u0111\u1ebfn gi\u1ea3m m\u1ee9c ti\u00eau th\u1ee5 n\u0103ng l\u01b0\u1ee3ng, gi\u1ea3m chi ph\u00ed v\u1eadn h\u00e0nh v\u00e0 c\u1ea3i thi\u1ec7n n\u0103ng su\u1ea5t trong nhi\u1ec1u \u1ee9ng d\u1ee5ng kh\u00e1c nhau, bao g\u1ed3m c\u1ea3 xe k\u00e9o n\u00f4ng nghi\u1ec7p.<\/p>\n<h3>4. \u0110\u1ed9 b\u1ec1n v\u00e0 \u0111\u1ed9 tin c\u1eady<\/h3>\n<p>Xi lanh lo\u1ea1i ch\u1ed1t \u0111i\u1ec1u ch\u1ec9nh \u0111\u01b0\u1ee3c ch\u1ebf t\u1ea1o \u0111\u1ec3 ch\u1ecbu \u0111\u01b0\u1ee3c c\u00e1c \u0111i\u1ec1u ki\u1ec7n l\u00e0m vi\u1ec7c kh\u1eafc nghi\u1ec7t. Ch\u00fang \u0111\u01b0\u1ee3c ch\u1ebf t\u1ea1o t\u1eeb v\u1eadt li\u1ec7u ch\u1ea5t l\u01b0\u1ee3ng cao, mang l\u1ea1i \u0111\u1ed9 b\u1ec1n v\u00e0 \u0111\u1ed9 tin c\u1eady tuy\u1ec7t v\u1eddi, \u0111\u1ea3m b\u1ea3o tu\u1ed5i th\u1ecd l\u00e2u d\u00e0i ngay c\u1ea3 trong m\u00f4i tr\u01b0\u1eddng kh\u1eafc nghi\u1ec7t. \u0110i\u1ec1u n\u00e0y l\u00e0m cho ch\u00fang tr\u1edf n\u00ean l\u00fd t\u01b0\u1edfng cho c\u00e1c \u1ee9ng d\u1ee5ng h\u1ea1ng n\u1eb7ng, bao g\u1ed3m c\u1ea3 xe k\u00e9o n\u00f4ng nghi\u1ec7p th\u01b0\u1eddng xuy\u00ean s\u1eed d\u1ee5ng v\u00e0 ti\u1ebfp x\u00fac v\u1edbi c\u00e1c \u0111i\u1ec1u ki\u1ec7n kh\u1eafc nghi\u1ec7t.<\/p>\n<h3>5. T\u00ednh n\u0103ng an to\u00e0n<\/h3>\n<p>An to\u00e0n l\u00e0 y\u1ebfu t\u1ed1 quan tr\u1ecdng h\u00e0ng \u0111\u1ea7u trong b\u1ea5t k\u1ef3 h\u1ec7 th\u1ed1ng th\u1ee7y l\u1ef1c n\u00e0o. Xi lanh lo\u1ea1i ch\u1ed1t \u0111i\u1ec1u ch\u1ec9nh \u0111\u01b0\u1ee3c trang b\u1ecb nhi\u1ec1u t\u00ednh n\u0103ng an to\u00e0n kh\u00e1c nhau \u0111\u1ec3 \u0111\u1ea3m b\u1ea3o an to\u00e0n cho c\u1ea3 thi\u1ebft b\u1ecb v\u00e0 ng\u01b0\u1eddi v\u1eadn h\u00e0nh. Nh\u1eefng xi lanh n\u00e0y th\u01b0\u1eddng bao g\u1ed3m c\u00e1c t\u00ednh n\u0103ng nh\u01b0 van gi\u1ea3m \u00e1p t\u00edch h\u1ee3p, gi\u00fap ng\u0103n ng\u1eeba qu\u00e1 t\u1ea3i v\u00e0 h\u01b0 h\u1ecfng h\u1ec7 th\u1ed1ng. Ngo\u00e0i ra, ch\u00fang c\u00f3 th\u1ec3 \u0111\u01b0\u1ee3c trang b\u1ecb c\u01a1 c\u1ea5u kh\u00f3a \u0111\u1ec3 c\u1ed1 \u0111\u1ecbnh xi lanh \u1edf m\u1ed9t v\u1ecb tr\u00ed c\u1ee5 th\u1ec3, t\u0103ng c\u01b0\u1eddng an to\u00e0n h\u01a1n n\u1eefa.<\/p>\n<p>T\u00f3m l\u1ea1i, vi\u1ec7c \u1ee9ng d\u1ee5ng xi lanh lo\u1ea1i ch\u1ed1t \u0111i\u1ec1u ch\u1ec9nh, ch\u1eb3ng h\u1ea1n nh\u01b0 xi lanh th\u1ee7y l\u1ef1c \u0111i\u1ec1u ch\u1ec9nh \u0111ang b\u00e1n ch\u1ea1y cho xe k\u00e9o n\u00f4ng nghi\u1ec7p, mang l\u1ea1i nhi\u1ec1u l\u1ee3i \u00edch v\u1ec1 kh\u1ea3 n\u0103ng ki\u1ec3m so\u00e1t ch\u00ednh x\u00e1c, t\u00ednh linh ho\u1ea1t, hi\u1ec7u qu\u1ea3, \u0111\u1ed9 b\u1ec1n v\u00e0 an to\u00e0n. Nh\u1eefng xi lanh n\u00e0y cung c\u1ea5p m\u1ed9t gi\u1ea3i ph\u00e1p thi\u1ebft y\u1ebfu cho nhi\u1ec1u ng\u00e0nh c\u00f4ng nghi\u1ec7p kh\u00e1c nhau, bao g\u1ed3m c\u1ea3 n\u00f4ng nghi\u1ec7p, n\u01a1i m\u00e0 vi\u1ec7c ki\u1ec3m so\u00e1t chuy\u1ec3n \u0111\u1ed9ng ch\u00ednh x\u00e1c v\u00e0 kh\u1ea3 n\u0103ng th\u00edch \u1ee9ng l\u00e0 r\u1ea5t quan tr\u1ecdng. Vi\u1ec7c t\u00edch h\u1ee3p c\u00e1c xi lanh n\u00e0y v\u00e0o h\u1ec7 th\u1ed1ng th\u1ee7y l\u1ef1c c\u00f3 th\u1ec3 n\u00e2ng cao hi\u1ec7u su\u1ea5t, gi\u1ea3m chi ph\u00ed v\u00e0 c\u1ea3i thi\u1ec7n n\u0103ng su\u1ea5t t\u1ed5ng th\u1ec3.<\/p>\n<p><img decoding=\"async\" src=\"https:\/\/fmp-components.com\/wp-content\/uploads\/2024\/12\/Application-of-Adjustable-Clevis-Type-Cylinders.webp\" alt=\"Xi lanh lo\u1ea1i Clevis c\u00f3 th\u1ec3 \u0111i\u1ec1u ch\u1ec9nh\" width=\"800\" title=\"\"><\/p>\n<h3>Gi\u1edbi thi\u1ec7u v\u1ec1 FMP<\/h3>\n<p>FMP l\u00e0 c\u00f4ng ty chuy\u00ean s\u1ea3n xu\u1ea5t v\u00e0 kinh doanh xi lanh th\u1ee7y l\u1ef1c. L\u00e0 \u0111\u01a1n v\u1ecb h\u00e0ng \u0111\u1ea7u trong ng\u00e0nh m\u00e1y m\u00f3c x\u00e2y d\u1ef1ng, ch\u00fang t\u00f4i cam k\u1ebft cung c\u1ea5p c\u00e1c gi\u1ea3i ph\u00e1p xi lanh th\u1ee7y l\u1ef1c ch\u1ea5t l\u01b0\u1ee3ng cao v\u00e0 \u0111\u00e1ng tin c\u1eady cho kh\u00e1ch h\u00e0ng.<\/p>\n<p><img decoding=\"async\" src=\"https:\/\/fmp-components.com\/wp-content\/uploads\/2024\/12\/Adjustable-Clevis-Type-Cylinders-6.webp\" alt=\"Xi lanh lo\u1ea1i Clevis c\u00f3 th\u1ec3 \u0111i\u1ec1u ch\u1ec9nh\" width=\"826\" title=\"\"><\/p>\n<p>Sau \u0111\u00e2y l\u00e0 n\u0103m \u01b0u \u0111i\u1ec3m ch\u00ednh c\u1ee7a xi lanh th\u1ee7y l\u1ef1c c\u1ee7a ch\u00fang t\u00f4i:<\/p>\n<ol>\n<li>B\u1ec1n b\u1ec9 v\u00e0 ch\u1eafc ch\u1eafn: Xi lanh th\u1ee7y l\u1ef1c c\u1ee7a ch\u00fang t\u00f4i \u0111\u01b0\u1ee3c ch\u1ebf t\u1ea1o \u0111\u1ec3 ch\u1ecbu \u0111\u01b0\u1ee3c c\u00e1c \u1ee9ng d\u1ee5ng n\u1eb7ng v\u00e0 m\u00f4i tr\u01b0\u1eddng l\u00e0m vi\u1ec7c kh\u1eafc nghi\u1ec7t. Ch\u00fang \u0111\u01b0\u1ee3c l\u00e0m t\u1eeb v\u1eadt li\u1ec7u ch\u1ea5t l\u01b0\u1ee3ng cao v\u00e0 \u0111\u01b0\u1ee3c thi\u1ebft k\u1ebf \u0111\u1ec3 \u0111\u1ea3m b\u1ea3o hi\u1ec7u su\u1ea5t l\u00e2u d\u00e0i.<\/li>\n<li>\u0110\u1ed9 ch\u00ednh x\u00e1c v\u00e0 hi\u1ec7u qu\u1ea3: Xi lanh th\u1ee7y l\u1ef1c c\u1ee7a ch\u00fang t\u00f4i \u0111\u01b0\u1ee3c thi\u1ebft k\u1ebf ch\u00fa tr\u1ecdng \u0111\u1ebfn \u0111\u1ed9 ch\u00ednh x\u00e1c v\u00e0 hi\u1ec7u qu\u1ea3. Ch\u00fang mang l\u1ea1i chuy\u1ec3n \u0111\u1ed9ng m\u01b0\u1ee3t m\u00e0 v\u00e0 ch\u00ednh x\u00e1c, cho ph\u00e9p ki\u1ec3m so\u00e1t v\u00e0 v\u1eadn h\u00e0nh t\u1ed1i \u01b0u.<\/li>\n<li>Nhi\u1ec1u l\u1ef1a ch\u1ecdn: Ch\u00fang t\u00f4i cung c\u1ea5p nhi\u1ec1u lo\u1ea1i xi lanh th\u1ee7y l\u1ef1c \u0111\u00e1p \u1ee9ng c\u00e1c y\u00eau c\u1ea7u kh\u00e1c nhau. T\u1eeb xi lanh lo\u1ea1i ch\u1ed1t \u0111i\u1ec1u ch\u1ec9nh \u0111\u1ebfn xi lanh \u1ed1ng l\u1ed3ng t\u00e1c \u0111\u1ed9ng k\u00e9p, ch\u00fang t\u00f4i c\u00f3 gi\u1ea3i ph\u00e1p ph\u00f9 h\u1ee3p cho nhi\u1ec1u \u1ee9ng d\u1ee5ng kh\u00e1c nhau.<\/li>\n<li>Ti\u00eau chu\u1ea9n Ch\u1ea5t l\u01b0\u1ee3ng Nghi\u00eam ng\u1eb7t: T\u1ea1i FMP, ch\u00fang t\u00f4i \u0111\u00e3 thi\u1ebft l\u1eadp quan h\u1ec7 \u0111\u1ed1i t\u00e1c l\u00e2u d\u00e0i v\u1edbi c\u00e1c nh\u00e0 cung c\u1ea5p uy t\u00edn \u0111\u1ec3 \u0111\u1ea3m b\u1ea3o t\u1ea5t c\u1ea3 xi lanh th\u1ee7y l\u1ef1c c\u1ee7a ch\u00fang t\u00f4i \u0111\u1ec1u \u0111\u00e1p \u1ee9ng c\u00e1c ti\u00eau chu\u1ea9n ch\u1ea5t l\u01b0\u1ee3ng nghi\u00eam ng\u1eb7t. Cam k\u1ebft v\u1ec1 ch\u1ea5t l\u01b0\u1ee3ng c\u1ee7a ch\u00fang t\u00f4i \u0111\u1ea3m b\u1ea3o \u0111\u1ed9 tin c\u1eady v\u00e0 hi\u1ec7u su\u1ea5t c\u1ee7a s\u1ea3n ph\u1ea9m.<\/li>\n<li>T\u01b0 v\u1ea5n v\u00e0 H\u1ed7 tr\u1ee3 Chuy\u00ean nghi\u1ec7p: \u0110\u1ed9i ng\u0169 b\u00e1n h\u00e0ng gi\u00e0u kinh nghi\u1ec7m c\u1ee7a ch\u00fang t\u00f4i am hi\u1ec3u s\u00e2u s\u1eafc v\u1ec1 ng\u00e0nh m\u00e1y m\u00f3c x\u00e2y d\u1ef1ng. H\u1ecd s\u1edf h\u1eefu ki\u1ebfn \u200b\u200bth\u1ee9c chuy\u00ean s\u00e2u v\u1ec1 xi lanh th\u1ee7y l\u1ef1c v\u00e0 c\u00f3 th\u1ec3 t\u01b0 v\u1ea5n chuy\u00ean nghi\u1ec7p \u0111\u1ec3 gi\u00fap b\u1ea1n l\u1ef1a ch\u1ecdn s\u1ea3n ph\u1ea9m ph\u00f9 h\u1ee3p v\u1edbi nhu c\u1ea7u c\u1ee5 th\u1ec3 c\u1ee7a m\u00ecnh.<\/li>\n<\/ol>\n<p>V\u1edbi FMP, b\u1ea1n c\u00f3 th\u1ec3 tin t\u01b0\u1edfng r\u1eb1ng m\u00ecnh \u0111ang s\u1edf h\u1eefu nh\u1eefng xi lanh th\u1ee7y l\u1ef1c h\u00e0ng \u0111\u1ea7u, mang l\u1ea1i hi\u1ec7u su\u1ea5t v\u00e0 \u0111\u1ed9 tin c\u1eady v\u01b0\u1ee3t tr\u1ed9i. H\u00e3y li\u00ean h\u1ec7 v\u1edbi ch\u00fang t\u00f4i ngay h\u00f4m nay \u0111\u1ec3 th\u1ea3o lu\u1eadn v\u1ec1 nhu c\u1ea7u xi lanh th\u1ee7y l\u1ef1c c\u1ee7a b\u1ea1n v\u00e0 \u0111\u1ec3 ch\u00fang t\u00f4i tr\u1edf th\u00e0nh \u0111\u1ed1i t\u00e1c \u0111\u00e1ng tin c\u1eady c\u1ee7a b\u1ea1n trong ng\u00e0nh m\u00e1y m\u00f3c x\u00e2y d\u1ef1ng.<\/p>\n<h2>C\u00e2u h\u1ecfi th\u01b0\u1eddng g\u1eb7p<\/h2>\n<p><strong>H: FMP cung c\u1ea5p nh\u1eefng lo\u1ea1i xi lanh th\u1ee7y l\u1ef1c n\u00e0o?<\/strong><br \/>\nA: FMP cung c\u1ea5p nhi\u1ec1u lo\u1ea1i xi lanh th\u1ee7y l\u1ef1c kh\u00e1c nhau bao g\u1ed3m xi lanh thanh gi\u1eb1ng, xi lanh h\u00e0n, xi lanh \u1ed1ng l\u1ed3ng, xi lanh t\u00e1c \u0111\u1ed9ng \u0111\u01a1n v\u00e0 t\u00e1c \u0111\u1ed9ng k\u00e9p.<\/p>\n<p><img decoding=\"async\" src=\"https:\/\/img.jiansujichilun.com\/img\/hydrauliccylinders\/C_hydrauliccylinders-1.webp\" alt=\"xi lanh th\u1ee7y l\u1ef1c\" width=\"800\" title=\"\"><\/p>\n<p><strong>Q: Xi lanh th\u1ee7y l\u1ef1c c\u00f3 th\u1ec3 \u0111\u01b0\u1ee3c t\u00f9y ch\u1ec9nh theo y\u00eau c\u1ea7u c\u1ee5 th\u1ec3 kh\u00f4ng?<\/strong><br \/>\nA: C\u00f3, FMP cung c\u1ea5p c\u00e1c t\u00f9y ch\u1ecdn t\u00f9y ch\u1ec9nh, cho ph\u00e9p kh\u00e1ch h\u00e0ng c\u00f3 \u0111\u01b0\u1ee3c c\u00e1c b\u00ecnh kh\u00ed ph\u00f9 h\u1ee3p v\u1edbi nhu c\u1ea7u c\u1ee5 th\u1ec3 c\u1ee7a h\u1ecd.<\/p>\n<p><strong>H: FMP cung c\u1ea5p nh\u1eefng h\u1ed7 tr\u1ee3 n\u00e0o cho vi\u1ec7c c\u00e0i \u0111\u1eb7t v\u00e0 b\u1ea3o tr\u00ec?<\/strong><br \/>\nA: FMP cung c\u1ea5p h\u01b0\u1edbng d\u1eabn v\u1ec1 quy tr\u00ecnh l\u1eafp \u0111\u1eb7t, m\u1eb9o b\u1ea3o tr\u00ec v\u00e0 c\u00e1c bi\u1ec7n ph\u00e1p t\u1ed1t nh\u1ea5t \u0111\u1ec3 \u0111\u1ea3m b\u1ea3o tu\u1ed5i th\u1ecd v\u00e0 hi\u1ec7u su\u1ea5t t\u1ed1i \u01b0u c\u1ee7a xi lanh.<\/p>\n<p>T\u00e1c gi\u1ea3: CX<\/p>","protected":false},"excerpt":{"rendered":"<p>Hot Sale Adjustable Hydraulic Cylinder for Agriculture Trailer is a powerful and versatile product designed to meet the needs of farmers and other agricultural professionals. This high-quality hydraulic cylinder is adjustable, allowing it to work with a range of different trailers and implements. With its durable construction and advanced features, it is perfect for use [&hellip;]<\/p>","protected":false},"featured_media":1340,"comment_status":"closed","ping_status":"closed","template":"","meta":{"_et_pb_use_builder":"","_et_pb_old_content":"","_et_gb_content_width":""},"product_brand":[],"product_cat":[39],"product_tag":[41,34],"class_list":{"0":"post-1364","1":"product","2":"type-product","3":"status-publish","4":"has-post-thumbnail","6":"product_cat-adjustable-clevis-type-cylinders","7":"product_tag-adjustable-clevis-type-cylinders","8":"product_tag-hydraulic-cylinder","10":"first","11":"instock","12":"product-type-simple"},"_links":{"self":[{"href":"https:\/\/fmp-components.com\/vi\/wp-json\/wp\/v2\/product\/1364","targetHints":{"allow":["GET"]}}],"collection":[{"href":"https:\/\/fmp-components.com\/vi\/wp-json\/wp\/v2\/product"}],"about":[{"href":"https:\/\/fmp-components.com\/vi\/wp-json\/wp\/v2\/types\/product"}],"replies":[{"embeddable":true,"href":"https:\/\/fmp-components.com\/vi\/wp-json\/wp\/v2\/comments?post=1364"}],"wp:featuredmedia":[{"embeddable":true,"href":"https:\/\/fmp-components.com\/vi\/wp-json\/wp\/v2\/media\/1340"}],"wp:attachment":[{"href":"https:\/\/fmp-components.com\/vi\/wp-json\/wp\/v2\/media?parent=1364"}],"wp:term":[{"taxonomy":"product_brand","embeddable":true,"href":"https:\/\/fmp-components.com\/vi\/wp-json\/wp\/v2\/product_brand?post=1364"},{"taxonomy":"product_cat","embeddable":true,"href":"https:\/\/fmp-components.com\/vi\/wp-json\/wp\/v2\/product_cat?post=1364"},{"taxonomy":"product_tag","embeddable":true,"href":"https:\/\/fmp-components.com\/vi\/wp-json\/wp\/v2\/product_tag?post=1364"}],"curies":[{"name":"wp","href":"https:\/\/api.w.org\/{rel}","templated":true}]}}