{"id":1362,"date":"2024-12-23T02:18:57","date_gmt":"2024-12-23T02:18:57","guid":{"rendered":"https:\/\/fmp-components.com\/product\/professional-adjustable-double-acting-welded-hydraulic-cylinder-for-sale\/"},"modified":"2024-12-23T03:02:13","modified_gmt":"2024-12-23T03:02:13","slug":"professional-adjustable-double-acting-welded-hydraulic-cylinder-for-sale","status":"publish","type":"product","link":"https:\/\/fmp-components.com\/vi\/product\/professional-adjustable-double-acting-welded-hydraulic-cylinder-for-sale\/","title":{"rendered":"Xi lanh th\u1ee7y l\u1ef1c h\u00e0n t\u00e1c \u0111\u1ed9ng k\u00e9p chuy\u00ean nghi\u1ec7p c\u00f3 th\u1ec3 \u0111i\u1ec1u ch\u1ec9nh \u0111\u1ec3 b\u00e1n"},"content":{"rendered":"<p>Gi\u1edbi thi\u1ec7u Xi lanh th\u1ee7y l\u1ef1c h\u00e0n \u0111i\u1ec1u ch\u1ec9nh k\u00e9p chuy\u00ean nghi\u1ec7p, m\u1ed9t gi\u1ea3i ph\u00e1p \u0111a n\u0103ng v\u00e0 b\u1ec1n b\u1ec9 cho m\u1ecdi nhu c\u1ea7u th\u1ee7y l\u1ef1c h\u1ea1ng n\u1eb7ng c\u1ee7a b\u1ea1n. \u0110\u01b0\u1ee3c ch\u1ebf t\u1ea1o b\u1eb1ng v\u1eadt li\u1ec7u ch\u1ea5t l\u01b0\u1ee3ng cao v\u00e0 k\u1ef9 thu\u1eadt ch\u00ednh x\u00e1c, xi lanh th\u1ee7y l\u1ef1c n\u00e0y \u0111\u01b0\u1ee3c thi\u1ebft k\u1ebf \u0111\u1ec3 ch\u1ecbu \u0111\u01b0\u1ee3c ngay c\u1ea3 nh\u1eefng \u0111i\u1ec1u ki\u1ec7n l\u00e0m vi\u1ec7c kh\u1eafc nghi\u1ec7t nh\u1ea5t.<\/p>\n<p>V\u1edbi kh\u1ea3 n\u0103ng \u0111i\u1ec1u ch\u1ec9nh h\u00e0nh tr\u00ecnh v\u00e0 gi\u1ea3m ch\u1ea5n, xi lanh t\u00e1c \u0111\u1ed9ng k\u00e9p n\u00e0y mang l\u1ea1i kh\u1ea3 n\u0103ng \u0111i\u1ec1u khi\u1ec3n ch\u00ednh x\u00e1c v\u00e0 v\u1eadn h\u00e0nh \u00eam \u00e1i, \u0111\u1ea3m b\u1ea3o hi\u1ec7u qu\u1ea3 v\u00e0 n\u0103ng su\u1ea5t t\u1ed1i \u0111a. Cho d\u00f9 b\u1ea1n \u0111ang l\u00e0m vi\u1ec7c trong ng\u00e0nh x\u00e2y d\u1ef1ng, n\u00f4ng nghi\u1ec7p hay b\u1ea5t k\u1ef3 ng\u00e0nh c\u00f4ng nghi\u1ec7p n\u00e0o kh\u00e1c c\u1ea7n thi\u1ebft b\u1ecb th\u1ee7y l\u1ef1c m\u1ea1nh m\u1ebd, xi lanh n\u00e0y \u0111\u1ec1u l\u00e0 s\u1ef1 l\u1ef1a ch\u1ecdn ho\u00e0n h\u1ea3o.<\/p>\n<p><img loading=\"lazy\" decoding=\"async\" class=\"alignnone size-full wp-image-1334\" src=\"https:\/\/fmp-components.com\/wp-content\/uploads\/2024\/12\/Adjustable-Clevis-Type-Cylinders-4.webp\" alt=\"Xi lanh lo\u1ea1i ch\u1ed1t c\u00f3 th\u1ec3 \u0111i\u1ec1u ch\u1ec9nh\" width=\"800\" height=\"800\" title=\"\" srcset=\"https:\/\/fmp-components.com\/wp-content\/uploads\/2024\/12\/Adjustable-Clevis-Type-Cylinders-4.webp 800w, https:\/\/fmp-components.com\/wp-content\/uploads\/2024\/12\/Adjustable-Clevis-Type-Cylinders-4-480x480.webp 480w\" sizes=\"(min-width: 0px) and (max-width: 480px) 480px, (min-width: 481px) 800px, 100vw\" \/><\/p>\n<p>V\u1edbi thi\u1ebft k\u1ebf h\u00e0n ch\u1eafc ch\u1eafn v\u00e0 nhi\u1ec1u t\u00f9y ch\u1ecdn l\u1eafp \u0111\u1eb7t, xi lanh th\u1ee7y l\u1ef1c n\u00e0y d\u1ec5 d\u00e0ng l\u1eafp \u0111\u1eb7t v\u00e0 t\u00f9y ch\u1ec9nh theo nhu c\u1ea7u c\u1ee5 th\u1ec3 c\u1ee7a b\u1ea1n. V\u00e0 v\u1edbi nhi\u1ec1u k\u00edch th\u01b0\u1edbc v\u00e0 th\u00f4ng s\u1ed1 k\u1ef9 thu\u1eadt kh\u00e1c nhau, b\u1ea1n ch\u1eafc ch\u1eafn s\u1ebd t\u00ecm \u0111\u01b0\u1ee3c s\u1ea3n ph\u1ea9m ph\u00f9 h\u1ee3p nh\u1ea5t cho m\u1ecdi c\u00f4ng vi\u1ec7c.<\/p>\n<h2>\u01afu \u0111i\u1ec3m c\u1ee7a xi lanh lo\u1ea1i ch\u1ed1t c\u00f3 th\u1ec3 \u0111i\u1ec1u ch\u1ec9nh<\/h2>\n<p>Xi lanh \u0111i\u1ec1u ch\u1ec9nh ki\u1ec3u c\u00e0ng cua l\u00e0 m\u1ed9t lo\u1ea1i xi lanh th\u1ee7y l\u1ef1c \u0111\u01b0\u1ee3c s\u1eed d\u1ee5ng trong nhi\u1ec1u \u1ee9ng d\u1ee5ng c\u00f4ng nghi\u1ec7p kh\u00e1c nhau. Ch\u00fang c\u00f3 nhi\u1ec1u \u01b0u \u0111i\u1ec3m so v\u1edbi c\u00e1c lo\u1ea1i xi lanh kh\u00e1c, khi\u1ebfn ch\u00fang tr\u1edf th\u00e0nh l\u1ef1a ch\u1ecdn ph\u1ed5 bi\u1ebfn trong nhi\u1ec1u ng\u00e0nh c\u00f4ng nghi\u1ec7p. Trong b\u00e0i vi\u1ebft n\u00e0y, ch\u00fang ta s\u1ebd th\u1ea3o lu\u1eadn chi ti\u1ebft v\u1ec1 nh\u1eefng \u01b0u \u0111i\u1ec3m c\u1ee7a xi lanh \u0111i\u1ec1u ch\u1ec9nh ki\u1ec3u c\u00e0ng cua.<\/p>\n<h3>1. T\u00ednh linh ho\u1ea1t<\/h3>\n<p>M\u1ed9t trong nh\u1eefng \u01b0u \u0111i\u1ec3m ch\u00ednh c\u1ee7a xi lanh ki\u1ec3u c\u00e0ng n\u1ed1i \u0111i\u1ec1u ch\u1ec9nh \u0111\u01b0\u1ee3c l\u00e0 t\u00ednh linh ho\u1ea1t c\u1ee7a ch\u00fang. C\u00e1c xi lanh n\u00e0y c\u00f3 th\u1ec3 \u0111\u01b0\u1ee3c s\u1eed d\u1ee5ng trong nhi\u1ec1u \u1ee9ng d\u1ee5ng kh\u00e1c nhau, bao g\u1ed3m x\u00e2y d\u1ef1ng, s\u1ea3n xu\u1ea5t, n\u00f4ng nghi\u1ec7p, v\u00e0 nhi\u1ec1u l\u0129nh v\u1ef1c kh\u00e1c. Ch\u00fang c\u00f3 nhi\u1ec1u k\u00edch c\u1ee1 v\u00e0 c\u1ea5u h\u00ecnh kh\u00e1c nhau, cho ph\u00e9p ch\u00fang ph\u00f9 h\u1ee3p v\u1edbi h\u1ea7u h\u1ebft m\u1ecdi h\u1ec7 th\u1ed1ng. Ngo\u00e0i ra, ch\u00fang c\u00f3 th\u1ec3 \u0111\u01b0\u1ee3c t\u00f9y ch\u1ec9nh \u0111\u1ec3 \u0111\u00e1p \u1ee9ng c\u00e1c y\u00eau c\u1ea7u c\u1ee5 th\u1ec3, l\u00e0m cho ch\u00fang th\u1eadm ch\u00ed c\u00f2n linh ho\u1ea1t h\u01a1n.<\/p>\n<p>Xi lanh th\u1ee7y l\u1ef1c h\u00e0n \u0111i\u1ec1u ch\u1ec9nh k\u00e9p chuy\u00ean nghi\u1ec7p l\u00e0 m\u1ed9t trong nh\u1eefng lo\u1ea1i xi lanh ki\u1ec3u c\u00e0ng n\u1ed1i \u0111i\u1ec1u ch\u1ec9nh \u0111a n\u0103ng nh\u1ea5t hi\u1ec7n c\u00f3 tr\u00ean th\u1ecb tr\u01b0\u1eddng. N\u00f3 \u0111\u01b0\u1ee3c thi\u1ebft k\u1ebf \u0111\u1ec3 cung c\u1ea5p hi\u1ec7u su\u1ea5t \u0111\u00e1ng tin c\u1eady v\u00e0 hi\u1ec7u qu\u1ea3 trong c\u00e1c \u0111i\u1ec1u ki\u1ec7n ho\u1ea1t \u0111\u1ed9ng kh\u00e1c nhau.<\/p>\n<h3>2. \u0110\u1ed9 b\u1ec1n<\/h3>\n<p>M\u1ed9t \u01b0u \u0111i\u1ec3m kh\u00e1c c\u1ee7a xi lanh ki\u1ec3u c\u00e0ng n\u1ed1i \u0111i\u1ec1u ch\u1ec9nh \u0111\u01b0\u1ee3c l\u00e0 \u0111\u1ed9 b\u1ec1n c\u1ee7a ch\u00fang. C\u00e1c xi lanh n\u00e0y \u0111\u01b0\u1ee3c thi\u1ebft k\u1ebf \u0111\u1ec3 ch\u1ecbu \u0111\u01b0\u1ee3c \u1ee9ng su\u1ea5t cao v\u00e0 t\u1ea3i tr\u1ecdng n\u1eb7ng, l\u00fd t\u01b0\u1edfng cho c\u00e1c \u1ee9ng d\u1ee5ng c\u00f4ng nghi\u1ec7p kh\u1eafc nghi\u1ec7t. Ch\u00fang \u0111\u01b0\u1ee3c l\u00e0m t\u1eeb v\u1eadt li\u1ec7u ch\u1ea5t l\u01b0\u1ee3ng cao, c\u00f3 kh\u1ea3 n\u0103ng ch\u1ed1ng m\u00e0i m\u00f2n, \u0111\u1ea3m b\u1ea3o tu\u1ed5i th\u1ecd l\u00e2u d\u00e0i m\u00e0 kh\u00f4ng c\u1ea7n b\u1ea3o tr\u00ec th\u01b0\u1eddng xuy\u00ean.<\/p>\n<p>Xi lanh th\u1ee7y l\u1ef1c h\u00e0n \u0111i\u1ec1u ch\u1ec9nh k\u00e9p chuy\u00ean nghi\u1ec7p \u0111\u01b0\u1ee3c l\u00e0m t\u1eeb th\u00e9p c\u01b0\u1eddng \u0111\u1ed9 cao, x\u1eed l\u00fd nhi\u1ec7t \u0111\u1ec3 \u0111\u1ea1t \u0111\u1ed9 b\u1ec1n t\u1ed1i \u0111a. N\u00f3 \u0111\u01b0\u1ee3c thi\u1ebft k\u1ebf \u0111\u1ec3 ho\u1ea1t \u0111\u1ed9ng l\u00e2u d\u00e0i ngay c\u1ea3 trong \u0111i\u1ec1u ki\u1ec7n kh\u1eafc nghi\u1ec7t.<\/p>\n<h3>3. \u0110\u1ed9 ch\u00ednh x\u00e1c<\/h3>\n<p>C\u00e1c xi lanh ki\u1ec3u c\u00e0ng n\u1ed1i \u0111i\u1ec1u ch\u1ec9nh \u0111\u01b0\u1ee3c c\u0169ng n\u1ed5i ti\u1ebfng v\u1ec1 \u0111\u1ed9 ch\u00ednh x\u00e1c. Nh\u1eefng xi lanh n\u00e0y \u0111\u01b0\u1ee3c thi\u1ebft k\u1ebf \u0111\u1ec3 cung c\u1ea5p chuy\u1ec3n \u0111\u1ed9ng ch\u00ednh x\u00e1c v\u00e0 nh\u1ea5t qu\u00e1n, l\u00fd t\u01b0\u1edfng cho c\u00e1c \u1ee9ng d\u1ee5ng y\u00eau c\u1ea7u \u0111\u1ecbnh v\u1ecb ch\u00ednh x\u00e1c ho\u1eb7c ki\u1ec3m so\u00e1t l\u1ef1c. Ch\u00fang \u0111\u01b0\u1ee3c trang b\u1ecb h\u1ec7 th\u1ed1ng \u0111i\u1ec1u khi\u1ec3n th\u1ee7y l\u1ef1c ti\u00ean ti\u1ebfn cho ph\u00e9p \u0111i\u1ec1u ch\u1ec9nh ch\u00ednh x\u00e1c, \u0111\u1ea3m b\u1ea3o xi lanh ho\u1ea1t \u0111\u1ed9ng ch\u00ednh x\u00e1c nh\u01b0 mong mu\u1ed1n.<\/p>\n<p>Xi lanh th\u1ee7y l\u1ef1c h\u00e0n \u0111i\u1ec1u ch\u1ec9nh k\u00e9p chuy\u00ean nghi\u1ec7p \u0111\u01b0\u1ee3c trang b\u1ecb c\u00e1c c\u1ea3m bi\u1ebfn v\u00e0 h\u1ec7 th\u1ed1ng \u0111i\u1ec1u khi\u1ec3n ti\u00ean ti\u1ebfn cho ph\u00e9p ki\u1ec3m so\u00e1t chuy\u1ec3n \u0111\u1ed9ng v\u00e0 l\u1ef1c m\u1ed9t c\u00e1ch ch\u00ednh x\u00e1c. \u0110i\u1ec1u n\u00e0y l\u00e0m cho n\u00f3 l\u00fd t\u01b0\u1edfng cho c\u00e1c \u1ee9ng d\u1ee5ng \u0111\u00f2i h\u1ecfi \u0111\u1ed9 ch\u00ednh x\u00e1c cao.<\/p>\n<h3>4. Hi\u1ec7u qu\u1ea3<\/h3>\n<p>Cu\u1ed1i c\u00f9ng, xi lanh ki\u1ec3u c\u00e0ng n\u1ed1i \u0111i\u1ec1u ch\u1ec9nh \u0111\u01b0\u1ee3c n\u1ed5i ti\u1ebfng v\u1ec1 hi\u1ec7u qu\u1ea3. Nh\u1eefng xi lanh n\u00e0y \u0111\u01b0\u1ee3c thi\u1ebft k\u1ebf \u0111\u1ec3 cung c\u1ea5p l\u1ef1c t\u1ed1i \u0111a v\u1edbi l\u01b0\u1ee3ng n\u0103ng l\u01b0\u1ee3ng \u0111\u1ea7u v\u00e0o t\u1ed1i thi\u1ec3u, l\u00fd t\u01b0\u1edfng cho c\u00e1c \u1ee9ng d\u1ee5ng \u0111\u00f2i h\u1ecfi hi\u1ec7u qu\u1ea3 cao. Ch\u00fang \u0111\u01b0\u1ee3c trang b\u1ecb h\u1ec7 th\u1ed1ng th\u1ee7y l\u1ef1c ti\u00ean ti\u1ebfn cho ph\u00e9p chuy\u1ec3n \u0111\u1ed5i n\u0103ng l\u01b0\u1ee3ng hi\u1ec7u qu\u1ea3, \u0111\u1ea3m b\u1ea3o xi lanh ho\u1ea1t \u0111\u1ed9ng \u1edf hi\u1ec7u su\u1ea5t t\u1ed1i \u0111a.<\/p>\n<p>Xi lanh th\u1ee7y l\u1ef1c h\u00e0n \u0111i\u1ec1u ch\u1ec9nh k\u00e9p chuy\u00ean nghi\u1ec7p \u0111\u01b0\u1ee3c thi\u1ebft k\u1ebf \u0111\u1ec3 mang l\u1ea1i hi\u1ec7u qu\u1ea3 t\u1ed1i \u0111a \u0111\u1ed3ng th\u1eddi gi\u1ea3m thi\u1ec3u ti\u00eau th\u1ee5 n\u0103ng l\u01b0\u1ee3ng. N\u00f3 \u0111\u01b0\u1ee3c trang b\u1ecb h\u1ec7 th\u1ed1ng th\u1ee7y l\u1ef1c ti\u00ean ti\u1ebfn \u0111\u1ea3m b\u1ea3o chuy\u1ec3n \u0111\u1ed5i n\u0103ng l\u01b0\u1ee3ng hi\u1ec7u qu\u1ea3, l\u00fd t\u01b0\u1edfng cho c\u00e1c \u1ee9ng d\u1ee5ng y\u00eau c\u1ea7u hi\u1ec7u su\u1ea5t cao.<\/p>\n<p>Xi lanh \u0111i\u1ec1u ch\u1ec9nh ki\u1ec3u c\u00e0ng cua l\u00e0 m\u1ed9t lo\u1ea1i xi lanh th\u1ee7y l\u1ef1c \u0111a n\u0103ng, b\u1ec1n b\u1ec9, ch\u00ednh x\u00e1c v\u00e0 hi\u1ec7u qu\u1ea3. Ch\u00fang c\u00f3 nhi\u1ec1u \u01b0u \u0111i\u1ec3m so v\u1edbi c\u00e1c lo\u1ea1i xi lanh kh\u00e1c, khi\u1ebfn ch\u00fang tr\u1edf th\u00e0nh l\u1ef1a ch\u1ecdn ph\u1ed5 bi\u1ebfn trong nhi\u1ec1u ng\u00e0nh c\u00f4ng nghi\u1ec7p. Xi lanh th\u1ee7y l\u1ef1c h\u00e0n \u0111i\u1ec1u ch\u1ec9nh k\u00e9p chuy\u00ean nghi\u1ec7p \u0111ang b\u00e1n l\u00e0 m\u1ed9t trong nh\u1eefng lo\u1ea1i xi lanh \u0111i\u1ec1u ch\u1ec9nh ki\u1ec3u c\u00e0ng cua t\u1ed1t nh\u1ea5t hi\u1ec7n c\u00f3 tr\u00ean th\u1ecb tr\u01b0\u1eddng, mang l\u1ea1i hi\u1ec7u su\u1ea5t \u0111\u00e1ng tin c\u1eady v\u00e0 hi\u1ec7u qu\u1ea3 cao trong c\u00e1c \u0111i\u1ec1u ki\u1ec7n ho\u1ea1t \u0111\u1ed9ng kh\u00e1c nhau.<\/p>\n<p><img decoding=\"async\" src=\"https:\/\/fmp-components.com\/wp-content\/uploads\/2024\/12\/Adjustable-Clevis-Type-Cylinders5.webp\" alt=\"Xi lanh lo\u1ea1i Clevis c\u00f3 th\u1ec3 \u0111i\u1ec1u ch\u1ec9nh\" width=\"800\" title=\"\"><\/p>\n<h2>\u1ee8ng d\u1ee5ng c\u1ee7a xi lanh lo\u1ea1i ch\u1ed1t c\u00f3 th\u1ec3 \u0111i\u1ec1u ch\u1ec9nh<\/h2>\n<p>Trong l\u0129nh v\u1ef1c h\u1ec7 th\u1ed1ng th\u1ee7y l\u1ef1c, xi lanh ki\u1ec3u c\u00e0ng n\u1ed1i \u0111i\u1ec1u ch\u1ec9nh \u0111\u00f3ng vai tr\u00f2 quan tr\u1ecdng trong nhi\u1ec1u \u1ee9ng d\u1ee5ng c\u00f4ng nghi\u1ec7p. Lo\u1ea1i xi lanh n\u00e0y n\u1ed5i ti\u1ebfng v\u1ec1 t\u00ednh linh ho\u1ea1t v\u00e0 \u0111\u1ed9 b\u1ec1n, tr\u1edf th\u00e0nh l\u1ef1a ch\u1ecdn ph\u1ed5 bi\u1ebfn c\u1ee7a c\u00e1c chuy\u00ean gia. V\u1edbi thi\u1ebft k\u1ebf v\u00e0 t\u00ednh n\u0103ng \u0111\u1ed9c \u0111\u00e1o, ch\u00fang mang l\u1ea1i nhi\u1ec1u l\u1ee3i \u00edch v\u00e0 c\u00f3 th\u1ec3 \u0111\u01b0\u1ee3c s\u1eed d\u1ee5ng trong nhi\u1ec1u \u1ee9ng d\u1ee5ng kh\u00e1c nhau.<\/p>\n<p>M\u1ed9t trong nh\u1eefng \u01b0u \u0111i\u1ec3m ch\u00ednh c\u1ee7a xi lanh ki\u1ec3u c\u00e0ng n\u1ed1i \u0111i\u1ec1u ch\u1ec9nh \u0111\u01b0\u1ee3c l\u00e0 kh\u1ea3 n\u0103ng cung c\u1ea5p chuy\u1ec3n \u0111\u1ed9ng ch\u00ednh x\u00e1c v\u00e0 c\u00f3 ki\u1ec3m so\u00e1t. C\u00e1c xi lanh n\u00e0y \u0111\u01b0\u1ee3c trang b\u1ecb m\u1ed9t c\u00e0ng n\u1ed1i \u1edf \u0111\u1ea7u c\u1ea7n piston, cho ph\u00e9p \u0111i\u1ec1u ch\u1ec9nh v\u1ecb tr\u00ed l\u1eafp \u0111\u1eb7t. T\u00ednh n\u0103ng n\u00e0y cho ph\u00e9p ng\u01b0\u1eddi v\u1eadn h\u00e0nh tinh ch\u1ec9nh chi\u1ec1u d\u00e0i h\u00e0nh tr\u00ecnh c\u1ee7a xi lanh v\u00e0 t\u1ed1i \u01b0u h\u00f3a hi\u1ec7u su\u1ea5t c\u1ee7a n\u00f3 theo c\u00e1c y\u00eau c\u1ea7u c\u1ee5 th\u1ec3.<\/p>\n<p>C\u00e1c xi lanh n\u00e0y \u0111\u01b0\u1ee3c \u1ee9ng d\u1ee5ng r\u1ed9ng r\u00e3i trong l\u0129nh v\u1ef1c m\u00e1y m\u00f3c x\u00e2y d\u1ef1ng. V\u00ed d\u1ee5, trong m\u00e1y x\u00fac, xi lanh ki\u1ec3u c\u00e0ng n\u1ed1i \u0111i\u1ec1u ch\u1ec9nh \u0111\u01b0\u1ee3c s\u1eed d\u1ee5ng \u0111\u1ec3 \u0111i\u1ec1u khi\u1ec3n chuy\u1ec3n \u0111\u1ed9ng c\u1ee7a c\u1ea7n v\u00e0 g\u1ea7u. C\u00e1c v\u1ecb tr\u00ed l\u1eafp \u0111\u1eb7t c\u00f3 th\u1ec3 \u0111i\u1ec1u ch\u1ec9nh cho ph\u00e9p ng\u01b0\u1eddi v\u1eadn h\u00e0nh \u0111\u1ea1t \u0111\u01b0\u1ee3c t\u1ea7m v\u1edbi v\u00e0 \u0111\u1ed9 s\u00e2u \u0111\u00e0o mong mu\u1ed1n, n\u00e2ng cao hi\u1ec7u qu\u1ea3 v\u00e0 n\u0103ng su\u1ea5t c\u1ee7a m\u00e1y.<\/p>\n<p>M\u1ed9t \u1ee9ng d\u1ee5ng \u0111\u00e1ng ch\u00fa \u00fd kh\u00e1c c\u1ee7a xi lanh ki\u1ec3u c\u00e0ng n\u1ed1i \u0111i\u1ec1u ch\u1ec9nh \u0111\u01b0\u1ee3c l\u00e0 trong thi\u1ebft b\u1ecb n\u00f4ng nghi\u1ec7p. C\u00e1c xi lanh n\u00e0y th\u01b0\u1eddng \u0111\u01b0\u1ee3c s\u1eed d\u1ee5ng trong h\u1ec7 th\u1ed1ng th\u1ee7y l\u1ef1c c\u1ee7a m\u00e1y k\u00e9o, h\u1ed7 tr\u1ee3 v\u1eadn h\u00e0nh c\u00e1c thi\u1ebft b\u1ecb g\u1eafn k\u00e8m kh\u00e1c nhau nh\u01b0 m\u00e1y x\u00fac, m\u00e1y \u0111\u00e0o v\u00e0 m\u00e1y c\u00e0y. V\u1ecb tr\u00ed l\u1eafp \u0111\u1eb7t c\u00f3 th\u1ec3 \u0111i\u1ec1u ch\u1ec9nh cho ph\u00e9p n\u00f4ng d\u00e2n th\u00edch \u1ee9ng thi\u1ebft b\u1ecb v\u1edbi c\u00e1c nhi\u1ec7m v\u1ee5 v\u00e0 \u0111i\u1ec1u ki\u1ec7n \u0111\u1ed3ng ru\u1ed9ng kh\u00e1c nhau, d\u1eabn \u0111\u1ebfn hi\u1ec7u su\u1ea5t v\u00e0 t\u00ednh linh ho\u1ea1t \u0111\u01b0\u1ee3c c\u1ea3i thi\u1ec7n.<\/p>\n<p>H\u01a1n n\u1eefa, c\u00e1c xi lanh ki\u1ec3u c\u00e0ng n\u1ed1i \u0111i\u1ec1u ch\u1ec9nh \u0111\u01b0\u1ee3c \u0111\u00e3 \u0111\u01b0\u1ee3c \u1ee9ng d\u1ee5ng r\u1ed9ng r\u00e3i trong ng\u00e0nh c\u00f4ng nghi\u1ec7p s\u1ea3n xu\u1ea5t. Ch\u00fang \u0111\u01b0\u1ee3c s\u1eed d\u1ee5ng trong c\u00e1c d\u00e2y chuy\u1ec1n s\u1ea3n xu\u1ea5t t\u1ef1 \u0111\u1ed9ng v\u00e0 m\u00e1y m\u00f3c, n\u01a1i c\u1ea7n chuy\u1ec3n \u0111\u1ed9ng ch\u00ednh x\u00e1c v\u00e0 \u0111\u01b0\u1ee3c ki\u1ec3m so\u00e1t. C\u00e1c xi lanh n\u00e0y \u0111\u00f3ng vai tr\u00f2 quan tr\u1ecdng trong c\u00e1c \u1ee9ng d\u1ee5ng nh\u01b0 c\u00e1nh tay robot, h\u1ec7 th\u1ed1ng x\u1eed l\u00fd v\u1eadt li\u1ec7u v\u00e0 m\u00e1y l\u1eafp r\u00e1p. C\u00e1c v\u1ecb tr\u00ed l\u1eafp \u0111\u1eb7t c\u00f3 th\u1ec3 \u0111i\u1ec1u ch\u1ec9nh cho ph\u00e9p t\u00edch h\u1ee3p v\u00e0 t\u00f9y ch\u1ec9nh d\u1ec5 d\u00e0ng, \u0111\u1ea3m b\u1ea3o ho\u1ea1t \u0111\u1ed9ng tr\u01a1n tru c\u1ee7a c\u00e1c quy tr\u00ecnh c\u00f4ng nghi\u1ec7p n\u00e0y.<\/p>\n<p>Trong ng\u00e0nh khai th\u00e1c m\u1ecf, xi lanh ki\u1ec3u c\u00e0ng n\u1ed1i \u0111i\u1ec1u ch\u1ec9nh \u0111\u01b0\u1ee3c \u0111\u00e1nh gi\u00e1 cao v\u1ec1 \u0111\u1ed9 b\u1ec1n v\u00e0 \u0111\u1ed9 tin c\u1eady. Ch\u00fang th\u01b0\u1eddng \u0111\u01b0\u1ee3c s\u1eed d\u1ee5ng trong c\u00e1c thi\u1ebft b\u1ecb khai th\u00e1c m\u1ecf nh\u01b0 m\u00e1y x\u00fac v\u00e0 m\u00e1y b\u1ed1c x\u1ebfp th\u1ee7y l\u1ef1c, h\u1ed7 tr\u1ee3 di chuy\u1ec3n t\u1ea3i tr\u1ecdng n\u1eb7ng v\u00e0 cung c\u1ea5p s\u1ef1 \u1ed5n \u0111\u1ecbnh tr\u00ean \u0111\u1ecba h\u00ecnh kh\u00f3 kh\u0103n. C\u00e1c v\u1ecb tr\u00ed l\u1eafp \u0111\u1eb7t c\u00f3 th\u1ec3 \u0111i\u1ec1u ch\u1ec9nh cho ph\u00e9p \u0111\u1ecbnh v\u1ecb t\u1ed1i \u01b0u xi lanh, \u0111\u1ea3m b\u1ea3o ho\u1ea1t \u0111\u1ed9ng an to\u00e0n v\u00e0 hi\u1ec7u qu\u1ea3 ngay c\u1ea3 trong m\u00f4i tr\u01b0\u1eddng khai th\u00e1c kh\u1eafc nghi\u1ec7t.<\/p>\n<p>T\u00f3m l\u1ea1i, xi lanh ki\u1ec3u c\u00e0ng n\u1ed1i \u0111i\u1ec1u ch\u1ec9nh \u0111\u01b0\u1ee3c cung c\u1ea5p nhi\u1ec1u \u1ee9ng d\u1ee5ng r\u1ed9ng r\u00e3i trong c\u00e1c ng\u00e0nh c\u00f4ng nghi\u1ec7p kh\u00e1c nhau. Kh\u1ea3 n\u0103ng cung c\u1ea5p chuy\u1ec3n \u0111\u1ed9ng ch\u00ednh x\u00e1c v\u00e0 \u0111\u01b0\u1ee3c ki\u1ec3m so\u00e1t, k\u1ebft h\u1ee3p v\u1edbi c\u00e1c v\u1ecb tr\u00ed l\u1eafp \u0111\u1eb7t c\u00f3 th\u1ec3 \u0111i\u1ec1u ch\u1ec9nh, l\u00e0m cho ch\u00fang r\u1ea5t linh ho\u1ea1t v\u00e0 d\u1ec5 th\u00edch nghi. Cho d\u00f9 \u0111\u00f3 l\u00e0 trong x\u00e2y d\u1ef1ng, n\u00f4ng nghi\u1ec7p, s\u1ea3n xu\u1ea5t hay khai th\u00e1c m\u1ecf, c\u00e1c xi lanh n\u00e0y \u0111\u00f3ng vai tr\u00f2 quan tr\u1ecdng trong vi\u1ec7c n\u00e2ng cao hi\u1ec7u su\u1ea5t, n\u0103ng su\u1ea5t v\u00e0 an to\u00e0n. C\u00e1c chuy\u00ean gia \u0111ang t\u00ecm ki\u1ebfm xi lanh ki\u1ec3u c\u00e0ng n\u1ed1i \u0111i\u1ec1u ch\u1ec9nh \u0111\u01b0\u1ee3c ch\u1ea5t l\u01b0\u1ee3ng cao c\u00f3 th\u1ec3 kh\u00e1m ph\u00e1 nhi\u1ec1u l\u1ef1a ch\u1ecdn, bao g\u1ed3m c\u1ea3 xi lanh th\u1ee7y l\u1ef1c h\u00e0n t\u00e1c \u0111\u1ed9ng k\u00e9p \u0111i\u1ec1u ch\u1ec9nh \u0111\u01b0\u1ee3c chuy\u00ean nghi\u1ec7p \u0111ang \u0111\u01b0\u1ee3c b\u00e1n, \u0111\u1ec3 \u0111\u00e1p \u1ee9ng c\u00e1c y\u00eau c\u1ea7u c\u1ee5 th\u1ec3 c\u1ee7a h\u1ecd.<\/p>\n<p><img decoding=\"async\" src=\"https:\/\/fmp-components.com\/wp-content\/uploads\/2024\/12\/Application-of-Adjustable-Clevis-Type-Cylinders.webp\" alt=\"Xi lanh lo\u1ea1i Clevis c\u00f3 th\u1ec3 \u0111i\u1ec1u ch\u1ec9nh\" width=\"800\" title=\"\"><\/p>\n<h3>Gi\u1edbi thi\u1ec7u v\u1ec1 FMP \u2013 Nh\u00e0 s\u1ea3n xu\u1ea5t v\u00e0 cung c\u1ea5p xi lanh th\u1ee7y l\u1ef1c chuy\u00ean nghi\u1ec7p<\/h3>\n<p>FMP l\u00e0 c\u00f4ng ty chuy\u00ean s\u1ea3n xu\u1ea5t v\u00e0 kinh doanh ph\u1ee5 t\u00f9ng m\u00e1y m\u00f3c x\u00e2y d\u1ef1ng v\u00e0 m\u00e1y m\u00f3c ho\u00e0n ch\u1ec9nh ch\u1ea5t l\u01b0\u1ee3ng cao, \u0111\u00e1ng tin c\u1eady. Ch\u00fang t\u00f4i c\u00f3 nhi\u1ec1u n\u0103m kinh nghi\u1ec7m trong ng\u00e0nh v\u00e0 \u0111\u1ed9i ng\u0169 chuy\u00ean nghi\u1ec7p, \u0111\u1ea3m b\u1ea3o kh\u00e1ch h\u00e0ng nh\u1eadn \u0111\u01b0\u1ee3c s\u1ea3n ph\u1ea9m v\u00e0 d\u1ecbch v\u1ee5 t\u1ed1t nh\u1ea5t.<\/p>\n<p>Xi lanh th\u1ee7y l\u1ef1c c\u1ee7a ch\u00fang t\u00f4i l\u00e0 m\u1ed9t trong nh\u1eefng s\u1ea3n ph\u1ea9m ph\u1ed5 bi\u1ebfn nh\u1ea5t c\u1ee7a ch\u00fang t\u00f4i, v\u00e0 c\u00f3 l\u00fd do ch\u00ednh \u0111\u00e1ng. D\u01b0\u1edbi \u0111\u00e2y l\u00e0 m\u1ed9t v\u00e0i l\u00fd do t\u1ea1i sao b\u1ea1n n\u00ean ch\u1ecdn FMP l\u00e0m nh\u00e0 cung c\u1ea5p xi lanh th\u1ee7y l\u1ef1c c\u1ee7a m\u00ecnh:<\/p>\n<p>1. V\u1eadt li\u1ec7u ch\u1ea5t l\u01b0\u1ee3ng cao \u2013 Ch\u00fang t\u00f4i ch\u1ec9 s\u1eed d\u1ee5ng v\u1eadt li\u1ec7u ch\u1ea5t l\u01b0\u1ee3ng cao nh\u1ea5t \u0111\u1ec3 s\u1ea3n xu\u1ea5t xi lanh th\u1ee7y l\u1ef1c. \u0110i\u1ec1u n\u00e0y \u0111\u1ea3m b\u1ea3o \u0111\u1ed9 b\u1ec1n, \u0111\u1ed9 tin c\u1eady v\u00e0 tu\u1ed5i th\u1ecd l\u00e2u d\u00e0i.<\/p>\n<p>2. \u0110a d\u1ea1ng l\u1ef1a ch\u1ecdn \u2013 Ch\u00fang t\u00f4i cung c\u1ea5p nhi\u1ec1u lo\u1ea1i xi lanh th\u1ee7y l\u1ef1c \u0111\u1ec3 kh\u00e1ch h\u00e0ng l\u1ef1a ch\u1ecdn, bao g\u1ed3m xi lanh lo\u1ea1i ch\u1ed1t \u0111i\u1ec1u ch\u1ec9nh, xi lanh th\u1ee7y l\u1ef1c t\u00e1c \u0111\u1ed9ng k\u00e9p v\u00e0 xi lanh th\u1ee7y l\u1ef1c h\u00e0n. \u0110i\u1ec1u n\u00e0y cho ph\u00e9p kh\u00e1ch h\u00e0ng l\u1ef1a ch\u1ecdn lo\u1ea1i xi lanh ph\u00f9 h\u1ee3p nh\u1ea5t v\u1edbi nhu c\u1ea7u c\u1ee7a m\u00ecnh.<\/p>\n<p>3. T\u00f9y ch\u1ec9nh \u2013 Ch\u00fang t\u00f4i hi\u1ec3u r\u1eb1ng m\u1ed7i kh\u00e1ch h\u00e0ng \u0111\u1ec1u c\u00f3 nh\u1eefng y\u00eau c\u1ea7u ri\u00eang, \u0111\u00f3 l\u00e0 l\u00fd do t\u1ea1i sao ch\u00fang t\u00f4i cung c\u1ea5p xi lanh th\u1ee7y l\u1ef1c t\u00f9y ch\u1ec9nh \u0111\u1ec3 \u0111\u00e1p \u1ee9ng c\u00e1c nhu c\u1ea7u c\u1ee5 th\u1ec3.<\/p>\n<p>4. \u0110\u1ed9i ng\u0169 b\u00e1n h\u00e0ng chuy\u00ean nghi\u1ec7p \u2013 \u0110\u1ed9i ng\u0169 b\u00e1n h\u00e0ng gi\u00e0u kinh nghi\u1ec7m v\u00e0 k\u1ef9 n\u0103ng c\u1ee7a ch\u00fang t\u00f4i lu\u00f4n s\u1eb5n s\u00e0ng t\u01b0 v\u1ea5n s\u1ea3n ph\u1ea9m chuy\u00ean nghi\u1ec7p v\u00e0 \u0111\u01b0a ra nh\u1eefng g\u1ee3i \u00fd mua h\u00e0ng th\u00f4ng minh cho kh\u00e1ch h\u00e0ng.<\/p>\n<p>5. H\u1ec7 th\u1ed1ng ph\u00e2n ph\u1ed1i h\u1eadu c\u1ea7n hi\u1ec7u qu\u1ea3 \u2013 Ch\u00fang t\u00f4i c\u00f3 h\u1ec7 th\u1ed1ng ph\u00e2n ph\u1ed1i h\u1eadu c\u1ea7n hi\u1ec7u qu\u1ea3 \u0111\u1ea3m b\u1ea3o kh\u00e1ch h\u00e0ng nh\u1eadn \u0111\u01b0\u1ee3c xi lanh th\u1ee7y l\u1ef1c theo y\u00eau c\u1ea7u m\u1ed9t c\u00e1ch k\u1ecbp th\u1eddi v\u00e0 ch\u00ednh x\u00e1c.<\/p>\n<p><img decoding=\"async\" src=\"https:\/\/fmp-components.com\/wp-content\/uploads\/2024\/12\/Adjustable-Clevis-Type-Cylinders-6.webp\" alt=\"Xi lanh lo\u1ea1i Clevis c\u00f3 th\u1ec3 \u0111i\u1ec1u ch\u1ec9nh\" width=\"824\" title=\"\"><\/p>\n<p>B\u00ean c\u1ea1nh nh\u1eefng l\u1ee3i th\u1ebf n\u00e0y, FMP cam k\u1ebft x\u00e2y d\u1ef1ng m\u1ed1i quan h\u1ec7 h\u1ee3p t\u00e1c l\u00e2u d\u00e0i v\u00e0 \u1ed5n \u0111\u1ecbnh v\u1edbi c\u00e1c nh\u00e0 cung c\u1ea5p ch\u1ea5t l\u01b0\u1ee3ng cao trong v\u00e0 ngo\u00e0i n\u01b0\u1edbc \u0111\u1ec3 \u0111\u1ea3m b\u1ea3o t\u1ea5t c\u1ea3 c\u00e1c linh ki\u1ec7n cung c\u1ea5p \u0111\u1ec1u \u0111\u00e1p \u1ee9ng c\u00e1c ti\u00eau chu\u1ea9n ch\u1ea5t l\u01b0\u1ee3ng nghi\u00eam ng\u1eb7t. Do \u0111\u00f3, ch\u00fang t\u00f4i cam k\u1ebft xi lanh th\u1ee7y l\u1ef1c c\u1ee7a ch\u00fang t\u00f4i c\u00f3 ch\u1ea5t l\u01b0\u1ee3ng cao nh\u1ea5t v\u00e0 s\u1ebd \u0111\u00e1p \u1ee9ng nhu c\u1ea7u c\u1ee7a b\u1ea1n.<\/p>\n<p>H\u00e3y ch\u1ecdn FMP l\u00e0m nh\u00e0 s\u1ea3n xu\u1ea5t v\u00e0 cung c\u1ea5p xi lanh th\u1ee7y l\u1ef1c c\u1ee7a b\u1ea1n. Li\u00ean h\u1ec7 v\u1edbi ch\u00fang t\u00f4i ngay h\u00f4m nay \u0111\u1ec3 t\u00ecm hi\u1ec3u th\u00eam v\u1ec1 s\u1ea3n ph\u1ea9m v\u00e0 d\u1ecbch v\u1ee5 c\u1ee7a ch\u00fang t\u00f4i.<\/p>\n<p><img decoding=\"async\" src=\"https:\/\/img.jiansujichilun.com\/img\/hydrauliccylinders\/T_hydrauliccylinders-5.webp\" alt=\"xi lanh th\u1ee7y l\u1ef1c\" width=\"800\" title=\"\"><\/p>\n<h4>C\u00e2u h\u1ecfi th\u01b0\u1eddng g\u1eb7p<\/h4>\n<p><strong>H\u1ecfi: L\u1ef1c \u0111\u1ea9y t\u1ed1i \u0111a c\u1ee7a xi lanh th\u1ee7y l\u1ef1c l\u00e0 bao nhi\u00eau?<\/strong><br \/>\nA: L\u1ef1c \u0111\u1ea9y t\u1ed1i \u0111a c\u1ee7a xi lanh l\u00e0 3000.<\/p>\n<p><strong>H\u1ecfi: Nh\u1eefng ng\u00e0nh c\u00f4ng nghi\u1ec7p n\u00e0o c\u00f3 th\u1ec3 h\u01b0\u1edfng l\u1ee3i t\u1eeb vi\u1ec7c s\u1eed d\u1ee5ng xi lanh th\u1ee7y l\u1ef1c n\u00e0y?<\/strong><br \/>\nA: Xi lanh th\u1ee7y l\u1ef1c r\u1ea5t ph\u00f9 h\u1ee3p cho c\u00e1c x\u01b0\u1edfng s\u1eeda ch\u1eefa m\u00e1y m\u00f3c, trang tr\u1ea1i, s\u1eed d\u1ee5ng trong gia \u0111\u00ecnh, ng\u00e0nh n\u0103ng l\u01b0\u1ee3ng v\u00e0 khai th\u00e1c m\u1ecf, s\u1ea3n xu\u1ea5t m\u00e1y m\u00f3c v\u00e0 c\u00e1c nh\u00e0 m\u00e1y ch\u1ebf t\u1ea1o m\u00e1y.<\/p>\n<p><strong>Q: Th\u1eddi gian b\u1ea3o h\u00e0nh cho xi lanh th\u1ee7y l\u1ef1c l\u00e0 bao l\u00e2u?<\/strong><br \/>\nA: Xi lanh th\u1ee7y l\u1ef1c \u0111\u01b0\u1ee3c b\u1ea3o h\u00e0nh 1 n\u0103m.<\/p>\n<p>T\u00e1c gi\u1ea3: CX<\/p>","protected":false},"excerpt":{"rendered":"<p>Introducing the Professional Adjustable Double Acting Welded Hydraulic Cylinder For Sale, a versatile and durable solution for all your heavy-duty hydraulic needs. Constructed with high-quality materials and precision engineering, this hydraulic cylinder is designed to withstand even the toughest working conditions. Featuring adjustable stroke and cushioning, this double-acting cylinder provides precise control and smooth operation, [&hellip;]<\/p>","protected":false},"featured_media":1336,"comment_status":"closed","ping_status":"closed","template":"","meta":{"_et_pb_use_builder":"","_et_pb_old_content":"","_et_gb_content_width":""},"product_brand":[],"product_cat":[39],"product_tag":[41,34],"class_list":{"0":"post-1362","1":"product","2":"type-product","3":"status-publish","4":"has-post-thumbnail","6":"product_cat-adjustable-clevis-type-cylinders","7":"product_tag-adjustable-clevis-type-cylinders","8":"product_tag-hydraulic-cylinder","10":"first","11":"instock","12":"product-type-simple"},"_links":{"self":[{"href":"https:\/\/fmp-components.com\/vi\/wp-json\/wp\/v2\/product\/1362","targetHints":{"allow":["GET"]}}],"collection":[{"href":"https:\/\/fmp-components.com\/vi\/wp-json\/wp\/v2\/product"}],"about":[{"href":"https:\/\/fmp-components.com\/vi\/wp-json\/wp\/v2\/types\/product"}],"replies":[{"embeddable":true,"href":"https:\/\/fmp-components.com\/vi\/wp-json\/wp\/v2\/comments?post=1362"}],"wp:featuredmedia":[{"embeddable":true,"href":"https:\/\/fmp-components.com\/vi\/wp-json\/wp\/v2\/media\/1336"}],"wp:attachment":[{"href":"https:\/\/fmp-components.com\/vi\/wp-json\/wp\/v2\/media?parent=1362"}],"wp:term":[{"taxonomy":"product_brand","embeddable":true,"href":"https:\/\/fmp-components.com\/vi\/wp-json\/wp\/v2\/product_brand?post=1362"},{"taxonomy":"product_cat","embeddable":true,"href":"https:\/\/fmp-components.com\/vi\/wp-json\/wp\/v2\/product_cat?post=1362"},{"taxonomy":"product_tag","embeddable":true,"href":"https:\/\/fmp-components.com\/vi\/wp-json\/wp\/v2\/product_tag?post=1362"}],"curies":[{"name":"wp","href":"https:\/\/api.w.org\/{rel}","templated":true}]}}