{"id":1361,"date":"2024-12-23T02:18:57","date_gmt":"2024-12-23T02:18:57","guid":{"rendered":"https:\/\/fmp-components.com\/product\/manufacturer-supplier-adjustable-double-acting-cylinder-hydraulic-cylinder\/"},"modified":"2024-12-23T08:54:44","modified_gmt":"2024-12-23T08:54:44","slug":"manufacturer-supplier-adjustable-double-acting-cylinder-hydraulic-cylinder","status":"publish","type":"product","link":"https:\/\/fmp-components.com\/vi\/product\/manufacturer-supplier-adjustable-double-acting-cylinder-hydraulic-cylinder\/","title":{"rendered":"Nh\u00e0 s\u1ea3n xu\u1ea5t Nh\u00e0 cung c\u1ea5p Xi lanh th\u1ee7y l\u1ef1c t\u00e1c \u0111\u1ed9ng k\u00e9p c\u00f3 th\u1ec3 \u0111i\u1ec1u ch\u1ec9nh"},"content":{"rendered":"<h2>Nh\u00e0 s\u1ea3n xu\u1ea5t Nh\u00e0 cung c\u1ea5p Xi lanh th\u1ee7y l\u1ef1c t\u00e1c \u0111\u1ed9ng k\u00e9p c\u00f3 th\u1ec3 \u0111i\u1ec1u ch\u1ec9nh<\/h2>\n<p>Xi lanh th\u1ee7y l\u1ef1c t\u00e1c \u0111\u1ed9ng k\u00e9p \u0111i\u1ec1u ch\u1ec9nh \u0111\u01b0\u1ee3c c\u1ee7a Nh\u00e0 s\u1ea3n xu\u1ea5t v\u00e0 Nh\u00e0 cung c\u1ea5p l\u00e0 xi lanh th\u1ee7y l\u1ef1c ch\u1ea5t l\u01b0\u1ee3ng cao \u0111\u01b0\u1ee3c thi\u1ebft k\u1ebf cho nhi\u1ec1u \u1ee9ng d\u1ee5ng c\u00f4ng nghi\u1ec7p kh\u00e1c nhau. V\u1edbi t\u00ednh n\u0103ng \u0111i\u1ec1u ch\u1ec9nh, xi lanh n\u00e0y mang l\u1ea1i t\u00ednh linh ho\u1ea1t v\u00e0 kh\u1ea3 n\u0103ng th\u00edch \u1ee9ng \u0111\u1ec3 \u0111\u00e1p \u1ee9ng c\u00e1c y\u00eau c\u1ea7u kh\u00e1c nhau.<\/p>\n<p>V\u1edbi thi\u1ebft k\u1ebf t\u00e1c \u0111\u1ed9ng k\u00e9p, xi lanh th\u1ee7y l\u1ef1c n\u00e0y mang l\u1ea1i kh\u1ea3 n\u0103ng v\u1eadn h\u00e0nh ch\u00ednh x\u00e1c v\u00e0 hi\u1ec7u qu\u1ea3 theo c\u1ea3 hai h\u01b0\u1edbng. \u0110i\u1ec1u n\u00e0y \u0111\u1ea3m b\u1ea3o hi\u1ec7u su\u1ea5t t\u1ed1i \u01b0u v\u00e0 k\u1ebft qu\u1ea3 \u0111\u1ed3ng \u0111\u1ec1u, ph\u00f9 h\u1ee3p cho c\u00e1c nhi\u1ec7m v\u1ee5 \u0111\u00f2i h\u1ecfi kh\u1eaft khe.<\/p>\n<p>\u0110\u01b0\u1ee3c s\u1ea3n xu\u1ea5t b\u1edfi m\u1ed9t nh\u00e0 cung c\u1ea5p uy t\u00edn, xi lanh n\u00e0y \u0111\u01b0\u1ee3c ch\u1ebf t\u1ea1o \u0111\u1ec3 ch\u1ecbu \u0111\u01b0\u1ee3c c\u01b0\u1eddng \u0111\u1ed9 s\u1eed d\u1ee5ng cao v\u00e0 \u0111i\u1ec1u ki\u1ec7n l\u00e0m vi\u1ec7c kh\u1eafc nghi\u1ec7t. K\u1ebft c\u1ea5u b\u1ec1n b\u1ec9 v\u00e0 v\u1eadt li\u1ec7u ch\u1ea5t l\u01b0\u1ee3ng cao \u0111\u1ea3m b\u1ea3o \u0111\u1ed9 tin c\u1eady v\u00e0 \u0111\u1ed9 b\u1ec1n l\u00e2u d\u00e0i.<\/p>\n<p>V\u1edbi t\u00ednh n\u0103ng \u0111i\u1ec1u ch\u1ec9nh, ng\u01b0\u1eddi d\u00f9ng c\u00f3 th\u1ec3 d\u1ec5 d\u00e0ng t\u00f9y ch\u1ec9nh \u0111\u1ed9 d\u00e0i v\u00e0 v\u1ecb tr\u00ed h\u00e0nh tr\u00ecnh cho ph\u00f9 h\u1ee3p v\u1edbi nhu c\u1ea7u c\u1ee5 th\u1ec3. T\u00ednh linh ho\u1ea1t n\u00e0y cho ph\u00e9p t\u0103ng c\u01b0\u1eddng kh\u1ea3 n\u0103ng ki\u1ec3m so\u00e1t v\u00e0 \u0111\u1ed9 ch\u00ednh x\u00e1c trong nhi\u1ec1u \u1ee9ng d\u1ee5ng kh\u00e1c nhau, khi\u1ebfn s\u1ea3n ph\u1ea9m tr\u1edf th\u00e0nh l\u1ef1a ch\u1ecdn l\u00fd t\u01b0\u1edfng cho c\u00e1c ng\u00e0nh c\u00f4ng nghi\u1ec7p nh\u01b0 s\u1ea3n xu\u1ea5t, x\u00e2y d\u1ef1ng v\u00e0 n\u00f4ng nghi\u1ec7p.<\/p>\n<p><img loading=\"lazy\" decoding=\"async\" class=\"alignnone size-full wp-image-1334\" src=\"https:\/\/fmp-components.com\/wp-content\/uploads\/2024\/12\/Adjustable-Clevis-Type-Cylinders-4.webp\" alt=\"Xi lanh lo\u1ea1i ch\u1ed1t c\u00f3 th\u1ec3 \u0111i\u1ec1u ch\u1ec9nh\" width=\"800\" height=\"800\" title=\"\" srcset=\"https:\/\/fmp-components.com\/wp-content\/uploads\/2024\/12\/Adjustable-Clevis-Type-Cylinders-4.webp 800w, https:\/\/fmp-components.com\/wp-content\/uploads\/2024\/12\/Adjustable-Clevis-Type-Cylinders-4-480x480.webp 480w\" sizes=\"(min-width: 0px) and (max-width: 480px) 480px, (min-width: 481px) 800px, 100vw\" \/><\/p>\n<p>Xi lanh th\u1ee7y l\u1ef1c t\u00e1c \u0111\u1ed9ng k\u00e9p \u0111i\u1ec1u ch\u1ec9nh \u0111\u01b0\u1ee3c thi\u1ebft k\u1ebf \u0111\u1ec3 mang l\u1ea1i hi\u1ec7u su\u1ea5t v\u00e0 \u0111\u1ed9 tin c\u1eady v\u01b0\u1ee3t tr\u1ed9i. H\u1ec7 th\u1ed1ng th\u1ee7y l\u1ef1c ti\u00ean ti\u1ebfn \u0111\u1ea3m b\u1ea3o chuy\u1ec3n \u0111\u1ed9ng tr\u01a1n tru v\u00e0 hi\u1ec7u qu\u1ea3, mang l\u1ea1i kh\u1ea3 n\u0103ng v\u1eadn h\u00e0nh li\u1ec1n m\u1ea1ch v\u00e0 c\u1ea3i thi\u1ec7n n\u0103ng su\u1ea5t.<\/p>\n<p>T\u00f3m l\u1ea1i, Xi lanh th\u1ee7y l\u1ef1c t\u00e1c \u0111\u1ed9ng k\u00e9p \u0111i\u1ec1u ch\u1ec9nh \u0111\u01b0\u1ee3c c\u1ee7a Nh\u00e0 s\u1ea3n xu\u1ea5t v\u00e0 Nh\u00e0 cung c\u1ea5p l\u00e0 m\u1ed9t xi lanh th\u1ee7y l\u1ef1c \u0111a n\u0103ng v\u00e0 \u0111\u00e1ng tin c\u1eady, cung c\u1ea5p c\u00e1c t\u00ednh n\u0103ng \u0111i\u1ec1u ch\u1ec9nh \u0111\u1ec3 t\u0103ng c\u01b0\u1eddng kh\u1ea3 n\u0103ng ki\u1ec3m so\u00e1t v\u00e0 \u0111\u1ed9 ch\u00ednh x\u00e1c. V\u1edbi c\u1ea5u tr\u00fac b\u1ec1n b\u1ec9 v\u00e0 v\u1eadt li\u1ec7u ch\u1ea5t l\u01b0\u1ee3ng cao, xi lanh n\u00e0y \u0111\u01b0\u1ee3c ch\u1ebf t\u1ea1o \u0111\u1ec3 ch\u1ecbu \u0111\u01b0\u1ee3c c\u00e1c \u1ee9ng d\u1ee5ng c\u00f4ng nghi\u1ec7p kh\u1eafc nghi\u1ec7t. H\u00e3y l\u1ef1a ch\u1ecdn xi lanh n\u00e0y \u0111\u1ec3 c\u00f3 hi\u1ec7u su\u1ea5t v\u01b0\u1ee3t tr\u1ed9i v\u00e0 v\u1eadn h\u00e0nh \u0111\u00e1ng tin c\u1eady trong h\u1ec7 th\u1ed1ng th\u1ee7y l\u1ef1c c\u1ee7a b\u1ea1n.<\/p>\n<h2>\u01afu \u0111i\u1ec3m c\u1ee7a xi lanh lo\u1ea1i ch\u1ed1t c\u00f3 th\u1ec3 \u0111i\u1ec1u ch\u1ec9nh<\/h2>\n<p>Xi lanh th\u1ee7y l\u1ef1c lo\u1ea1i ch\u1ed1t \u0111i\u1ec1u ch\u1ec9nh, c\u00f2n \u0111\u01b0\u1ee3c g\u1ecdi l\u00e0 xi lanh th\u1ee7y l\u1ef1c t\u00e1c \u0111\u1ed9ng k\u00e9p \u0111i\u1ec1u ch\u1ec9nh, mang l\u1ea1i nhi\u1ec1u \u01b0u \u0111i\u1ec3m trong nhi\u1ec1u \u1ee9ng d\u1ee5ng kh\u00e1c nhau. Lo\u1ea1i xi lanh n\u00e0y th\u01b0\u1eddng \u0111\u01b0\u1ee3c s\u1eed d\u1ee5ng trong c\u00e1c ng\u00e0nh c\u00f4ng nghi\u1ec7p nh\u01b0 s\u1ea3n xu\u1ea5t, x\u00e2y d\u1ef1ng v\u00e0 \u00f4 t\u00f4. Trong b\u00e0i vi\u1ebft n\u00e0y, ch\u00fang ta s\u1ebd t\u00ecm hi\u1ec3u nh\u1eefng l\u1ee3i \u00edch c\u1ee7a vi\u1ec7c s\u1eed d\u1ee5ng xi lanh lo\u1ea1i ch\u1ed1t \u0111i\u1ec1u ch\u1ec9nh v\u00e0 l\u00fd do t\u1ea1i sao ch\u00fang \u0111\u01b0\u1ee3c nhi\u1ec1u chuy\u00ean gia trong ng\u00e0nh \u01b0a chu\u1ed9ng.<\/p>\n<h3>1. Kh\u1ea3 n\u0103ng \u0111i\u1ec1u ch\u1ec9nh ch\u00ednh x\u00e1c<\/h3>\n<p>M\u1ed9t trong nh\u1eefng \u01b0u \u0111i\u1ec3m n\u1ed5i b\u1eadt c\u1ee7a xi lanh lo\u1ea1i ch\u1ed1t \u0111i\u1ec1u ch\u1ec9nh l\u00e0 kh\u1ea3 n\u0103ng \u0111i\u1ec1u ch\u1ec9nh ch\u00ednh x\u00e1c. C\u00e1c xi lanh n\u00e0y cho ph\u00e9p tinh ch\u1ec9nh \u0111\u1ed9 d\u00e0i h\u00e0nh tr\u00ecnh, \u0111i\u1ec1u n\u00e0y r\u1ea5t quan tr\u1ecdng trong c\u00e1c \u1ee9ng d\u1ee5ng \u0111\u00f2i h\u1ecfi \u0111\u1ecbnh v\u1ecb ch\u00ednh x\u00e1c. Kh\u1ea3 n\u0103ng \u0111i\u1ec1u ch\u1ec9nh \u0111\u1ed9 d\u00e0i h\u00e0nh tr\u00ecnh cho ph\u00e9p ng\u01b0\u1eddi v\u1eadn h\u00e0nh t\u1ed1i \u01b0u h\u00f3a hi\u1ec7u su\u1ea5t c\u1ee7a xi lanh v\u00e0 \u0111\u1ea1t \u0111\u01b0\u1ee3c k\u1ebft qu\u1ea3 mong mu\u1ed1n.<\/p>\n<h3>2. T\u0103ng c\u01b0\u1eddng t\u00ednh linh ho\u1ea1t<\/h3>\n<p>Xi lanh lo\u1ea1i ch\u1ed1t \u0111i\u1ec1u ch\u1ec9nh c\u00f3 t\u00ednh linh ho\u1ea1t cao h\u01a1n so v\u1edbi xi lanh ti\u00eau chu\u1ea9n. Thi\u1ebft k\u1ebf c\u1ee7a ch\u00fang cho ph\u00e9p d\u1ec5 d\u00e0ng l\u1eafp \u0111\u1eb7t v\u00e0 th\u00e1o r\u1eddi ph\u1ea7n c\u1ee9ng l\u1eafp \u0111\u1eb7t, ph\u00f9 h\u1ee3p v\u1edbi nhi\u1ec1u c\u1ea5u h\u00ecnh thi\u1ebft b\u1ecb kh\u00e1c nhau. Cho d\u00f9 \u0111\u00f3 l\u00e0 m\u00e1y m\u00f3c c\u00f4ng nghi\u1ec7p ph\u1ee9c t\u1ea1p hay thi\u1ebft b\u1ecb c\u01a1 kh\u00ed \u0111\u01a1n gi\u1ea3n, xi lanh lo\u1ea1i ch\u1ed1t \u0111i\u1ec1u ch\u1ec9nh c\u00f3 th\u1ec3 th\u00edch \u1ee9ng v\u1edbi c\u00e1c y\u00eau c\u1ea7u l\u1eafp \u0111\u1eb7t kh\u00e1c nhau.<\/p>\n<h3>3. N\u00e2ng cao hi\u1ec7u qu\u1ea3<\/h3>\n<p>C\u00e1c xi lanh n\u00e0y g\u00f3p ph\u1ea7n n\u00e2ng cao hi\u1ec7u qu\u1ea3 c\u1ee7a h\u1ec7 th\u1ed1ng th\u1ee7y l\u1ef1c. B\u1eb1ng c\u00e1ch \u0111i\u1ec1u ch\u1ec9nh ch\u00ednh x\u00e1c chi\u1ec1u d\u00e0i h\u00e0nh tr\u00ecnh, ng\u01b0\u1eddi v\u1eadn h\u00e0nh c\u00f3 th\u1ec3 t\u1ed1i \u01b0u h\u00f3a l\u1ef1c \u0111\u1ea7u ra c\u1ee7a xi lanh v\u00e0 gi\u1ea3m thi\u1ec3u l\u00e3ng ph\u00ed n\u0103ng l\u01b0\u1ee3ng. \u0110i\u1ec1u n\u00e0y d\u1eabn \u0111\u1ebfn hi\u1ec7u su\u1ea5t h\u1ec7 th\u1ed1ng t\u1ed5ng th\u1ec3 t\u1ed1t h\u01a1n, gi\u1ea3m chi ph\u00ed v\u1eadn h\u00e0nh v\u00e0 t\u0103ng n\u0103ng su\u1ea5t.<\/p>\n<h3>4. T\u00ednh linh ho\u1ea1t trong \u1ee9ng d\u1ee5ng<\/h3>\n<p>Nh\u1edd kh\u1ea3 n\u0103ng \u0111i\u1ec1u ch\u1ec9nh linh ho\u1ea1t, c\u00e1c xi lanh n\u00e0y mang l\u1ea1i t\u00ednh linh ho\u1ea1t trong nhi\u1ec1u \u1ee9ng d\u1ee5ng. T\u1eeb n\u00e2ng h\u1ea1 n\u1eb7ng \u0111\u1ebfn \u0111\u1ecbnh v\u1ecb ch\u00ednh x\u00e1c, xi lanh lo\u1ea1i ch\u1ed1t \u0111i\u1ec1u ch\u1ec9nh c\u00f3 th\u1ec3 x\u1eed l\u00fd nhi\u1ec1u nhi\u1ec7m v\u1ee5 kh\u00e1c nhau. C\u00e1c ng\u00e0nh c\u00f4ng nghi\u1ec7p nh\u01b0 x\u1eed l\u00fd v\u1eadt li\u1ec7u, x\u00e2y d\u1ef1ng v\u00e0 n\u00f4ng nghi\u1ec7p \u0111\u01b0\u1ee3c h\u01b0\u1edfng l\u1ee3i t\u1eeb kh\u1ea3 n\u0103ng th\u00edch \u1ee9ng v\u00e0 t\u00ednh linh ho\u1ea1t m\u00e0 c\u00e1c xi lanh n\u00e0y mang l\u1ea1i.<\/p>\n<h3>5. Hi\u1ec7u su\u1ea5t \u0111\u00e1ng tin c\u1eady<\/h3>\n<p>C\u00e1c nh\u00e0 s\u1ea3n xu\u1ea5t v\u00e0 nh\u00e0 cung c\u1ea5p xi lanh lo\u1ea1i ch\u1ed1t \u0111i\u1ec1u ch\u1ec9nh \u0111\u1ea3m b\u1ea3o ch\u1ea5t l\u01b0\u1ee3ng x\u00e2y d\u1ef1ng cao v\u00e0 hi\u1ec7u su\u1ea5t \u0111\u00e1ng tin c\u1eady. C\u00e1c xi lanh n\u00e0y \u0111\u01b0\u1ee3c thi\u1ebft k\u1ebf \u0111\u1ec3 ch\u1ecbu \u0111\u01b0\u1ee3c \u0111i\u1ec1u ki\u1ec7n v\u1eadn h\u00e0nh kh\u1eafc nghi\u1ec7t v\u00e0 mang l\u1ea1i \u0111\u1ed9 b\u1ec1n l\u00e2u d\u00e0i. V\u1edbi vi\u1ec7c b\u1ea3o tr\u00ec v\u00e0 ch\u0103m s\u00f3c \u0111\u00fang c\u00e1ch, xi lanh lo\u1ea1i ch\u1ed1t \u0111i\u1ec1u ch\u1ec9nh c\u00f3 th\u1ec3 mang l\u1ea1i hi\u1ec7u su\u1ea5t \u1ed5n \u0111\u1ecbnh v\u00e0 \u0111\u00e1ng tin c\u1eady trong th\u1eddi gian d\u00e0i.<\/p>\n<p>Xi lanh lo\u1ea1i ch\u1ed1t \u0111i\u1ec1u ch\u1ec9nh mang l\u1ea1i nhi\u1ec1u \u01b0u \u0111i\u1ec3m v\u1ec1 kh\u1ea3 n\u0103ng \u0111i\u1ec1u ch\u1ec9nh, t\u00ednh linh ho\u1ea1t, hi\u1ec7u qu\u1ea3, t\u00ednh \u0111a d\u1ee5ng v\u00e0 hi\u1ec7u su\u1ea5t. Kh\u1ea3 n\u0103ng \u0111i\u1ec1u ch\u1ec9nh ch\u00ednh x\u00e1c, t\u00ednh linh ho\u1ea1t \u0111\u01b0\u1ee3c c\u1ea3i thi\u1ec7n v\u00e0 hi\u1ec7u su\u1ea5t \u0111\u01b0\u1ee3c n\u00e2ng cao khi\u1ebfn ch\u00fang tr\u1edf th\u00e0nh l\u1ef1a ch\u1ecdn tuy\u1ec7t v\u1eddi cho c\u00e1c chuy\u00ean gia trong nhi\u1ec1u ng\u00e0nh c\u00f4ng nghi\u1ec7p kh\u00e1c nhau. Cho d\u00f9 b\u1ea1n c\u1ea7n \u0111\u1ecbnh v\u1ecb ch\u00ednh x\u00e1c hay kh\u1ea3 n\u0103ng th\u00edch \u1ee9ng trong l\u1eafp \u0111\u1eb7t, xi lanh lo\u1ea1i ch\u1ed1t \u0111i\u1ec1u ch\u1ec9nh \u0111\u1ec1u ch\u1ee9ng t\u1ecf l\u00e0 linh ki\u1ec7n th\u1ee7y l\u1ef1c \u0111\u00e1ng tin c\u1eady v\u00e0 hi\u1ec7u qu\u1ea3.<\/p>\n<p>N\u1ebfu b\u1ea1n \u0111ang t\u00ecm ki\u1ebfm m\u1ed9t nh\u00e0 s\u1ea3n xu\u1ea5t v\u00e0 cung c\u1ea5p xi lanh t\u00e1c \u0111\u1ed9ng k\u00e9p ho\u1eb7c xi lanh th\u1ee7y l\u1ef1c \u0111\u00e1ng tin c\u1eady, \u0111\u1eebng ng\u1ea7n ng\u1ea1i li\u00ean h\u1ec7 v\u1edbi ch\u00fang t\u00f4i. Ch\u00fang t\u00f4i cung c\u1ea5p xi lanh ch\u1ea5t l\u01b0\u1ee3ng cao, \u0111\u00e1p \u1ee9ng c\u00e1c ti\u00eau chu\u1ea9n c\u00f4ng nghi\u1ec7p v\u00e0 mang l\u1ea1i hi\u1ec7u su\u1ea5t v\u01b0\u1ee3t tr\u1ed9i. H\u00e3y li\u00ean h\u1ec7 v\u1edbi ch\u00fang t\u00f4i ngay h\u00f4m nay \u0111\u1ec3 th\u1ea3o lu\u1eadn v\u1ec1 c\u00e1c y\u00eau c\u1ea7u c\u1ee5 th\u1ec3 c\u1ee7a b\u1ea1n.<\/p>\n<p><img decoding=\"async\" src=\"https:\/\/fmp-components.com\/wp-content\/uploads\/2024\/12\/Adjustable-Clevis-Type-Cylinders5.webp\" alt=\"Xi lanh lo\u1ea1i Clevis c\u00f3 th\u1ec3 \u0111i\u1ec1u ch\u1ec9nh\" width=\"800\" title=\"\"><\/p>\n<h2>\u1ee8ng d\u1ee5ng c\u1ee7a xi lanh lo\u1ea1i ch\u1ed1t c\u00f3 th\u1ec3 \u0111i\u1ec1u ch\u1ec9nh<\/h2>\n<p>Xi lanh th\u1ee7y l\u1ef1c lo\u1ea1i ch\u1ed1t \u0111i\u1ec1u ch\u1ec9nh l\u00e0 lo\u1ea1i xi lanh th\u1ee7y l\u1ef1c \u0111a n\u0103ng, \u0111\u01b0\u1ee3c \u1ee9ng d\u1ee5ng r\u1ed9ng r\u00e3i trong nhi\u1ec1u ng\u00e0nh c\u00f4ng nghi\u1ec7p kh\u00e1c nhau. \u0110\u01b0\u1ee3c s\u1ea3n xu\u1ea5t v\u00e0 cung c\u1ea5p b\u1edfi c\u00e1c c\u00f4ng ty uy t\u00edn trong ng\u00e0nh, nh\u1eefng xi lanh n\u00e0y mang l\u1ea1i hi\u1ec7u su\u1ea5t v\u00e0 \u0111\u1ed9 tin c\u1eady v\u01b0\u1ee3t tr\u1ed9i. Trong b\u00e0i vi\u1ebft n\u00e0y, ch\u00fang ta s\u1ebd t\u00ecm hi\u1ec3u c\u00e1c \u1ee9ng d\u1ee5ng kh\u00e1c nhau c\u1ee7a xi lanh lo\u1ea1i ch\u1ed1t \u0111i\u1ec1u ch\u1ec9nh v\u00e0 th\u1ea3o lu\u1eadn chi ti\u1ebft v\u1ec1 l\u1ee3i \u00edch c\u1ee7a ch\u00fang.<\/p>\n<p>1. M\u00e1y m\u00f3c c\u00f4ng nghi\u1ec7p:<br \/>\nXi lanh lo\u1ea1i ch\u1ed1t \u0111i\u1ec1u ch\u1ec9nh \u0111\u01b0\u1ee3c s\u1eed d\u1ee5ng r\u1ed9ng r\u00e3i trong m\u00e1y m\u00f3c c\u00f4ng nghi\u1ec7p \u0111\u1ec3 chuy\u1ec3n \u0111\u1ed9ng ch\u00ednh x\u00e1c v\u00e0 c\u00f3 ki\u1ec3m so\u00e1t. Nh\u1eefng xi lanh n\u00e0y th\u01b0\u1eddng \u0111\u01b0\u1ee3c s\u1eed d\u1ee5ng trong h\u1ec7 th\u1ed1ng b\u0103ng t\u1ea3i, thi\u1ebft b\u1ecb x\u1eed l\u00fd v\u1eadt li\u1ec7u v\u00e0 c\u00e1c \u1ee9ng d\u1ee5ng robot. Kh\u1ea3 n\u0103ng \u0111i\u1ec1u ch\u1ec9nh \u0111\u1ed9 d\u00e0i h\u00e0nh tr\u00ecnh xi lanh gi\u00fap ch\u00fang l\u00fd t\u01b0\u1edfng cho c\u00e1c y\u00eau c\u1ea7u v\u1eadn h\u00e0nh kh\u00e1c nhau. Cho d\u00f9 l\u00e0 n\u00e2ng t\u1ea3i n\u1eb7ng hay \u0111\u1ea3m b\u1ea3o \u0111\u1ecbnh v\u1ecb ch\u00ednh x\u00e1c, nh\u1eefng xi lanh n\u00e0y \u0111\u1ec1u mang l\u1ea1i hi\u1ec7u su\u1ea5t t\u1ed1i \u01b0u.<\/p>\n<p>2. Thi\u1ebft b\u1ecb x\u00e2y d\u1ef1ng:<br \/>\nTrong ng\u00e0nh x\u00e2y d\u1ef1ng, xi lanh ki\u1ec3u ch\u1ed1t \u0111i\u1ec1u ch\u1ec9nh \u0111\u00f3ng vai tr\u00f2 quan tr\u1ecdng trong nhi\u1ec1u \u1ee9ng d\u1ee5ng kh\u00e1c nhau. T\u1eeb m\u00e1y \u0111\u00e0o v\u00e0 m\u00e1y x\u00fac \u0111\u1ebfn c\u1ea7n c\u1ea9u v\u00e0 m\u00e1y \u1ee7i, nh\u1eefng xi lanh n\u00e0y \u0111\u01b0\u1ee3c s\u1eed d\u1ee5ng cho c\u00e1c nhi\u1ec7m v\u1ee5 nh\u01b0 n\u00e2ng, \u0111\u1ea9y v\u00e0 k\u00e9o v\u1eadt n\u1eb7ng. T\u00ednh n\u0103ng \u0111i\u1ec1u ch\u1ec9nh cho ph\u00e9p ng\u01b0\u1eddi v\u1eadn h\u00e0nh tinh ch\u1ec9nh chi\u1ec1u d\u00e0i xi lanh \u0111\u1ec3 th\u00edch \u1ee9ng v\u1edbi c\u00e1c t\u00ecnh hu\u1ed1ng x\u00e2y d\u1ef1ng kh\u00e1c nhau v\u00e0 \u0111\u1ea3m b\u1ea3o v\u1eadn h\u00e0nh hi\u1ec7u qu\u1ea3.<\/p>\n<p>3. M\u00e1y m\u00f3c n\u00f4ng nghi\u1ec7p:<br \/>\nXi lanh ki\u1ec3u ch\u1ed1t \u0111i\u1ec1u ch\u1ec9nh \u0111\u01b0\u1ee3c s\u1eed d\u1ee5ng r\u1ed9ng r\u00e3i trong m\u00e1y m\u00f3c n\u00f4ng nghi\u1ec7p cho c\u00e1c c\u00f4ng vi\u1ec7c nh\u01b0 c\u00e0y, l\u00e0m \u0111\u1ea5t v\u00e0 thu ho\u1ea1ch. Nh\u1eefng xi lanh n\u00e0y cung c\u1ea5p l\u1ef1c c\u1ea7n thi\u1ebft \u0111\u1ec3 th\u1ef1c hi\u1ec7n c\u00e1c thao t\u00e1c n\u00e0y m\u1ed9t c\u00e1ch hi\u1ec7u qu\u1ea3. V\u1edbi kh\u1ea3 n\u0103ng \u0111i\u1ec1u ch\u1ec9nh h\u00e0nh tr\u00ecnh xi lanh, n\u00f4ng d\u00e2n c\u00f3 th\u1ec3 t\u1ed1i \u01b0u h\u00f3a thi\u1ebft b\u1ecb c\u1ee7a m\u00ecnh cho c\u00e1c \u0111i\u1ec1u ki\u1ec7n \u0111\u1ea5t \u0111ai v\u00e0 lo\u1ea1i c\u00e2y tr\u1ed3ng kh\u00e1c nhau, gi\u00fap c\u1ea3i thi\u1ec7n n\u0103ng su\u1ea5t v\u00e0 gi\u1ea3m th\u1eddi gian ng\u1eebng m\u00e1y.<\/p>\n<p>4. Ng\u00e0nh c\u00f4ng nghi\u1ec7p \u00f4 t\u00f4:<br \/>\nTrong ng\u00e0nh c\u00f4ng nghi\u1ec7p \u00f4 t\u00f4, xi lanh ki\u1ec3u ch\u1ed1t \u0111i\u1ec1u ch\u1ec9nh \u0111\u01b0\u1ee3c \u1ee9ng d\u1ee5ng trong nhi\u1ec1u quy tr\u00ecnh kh\u00e1c nhau nh\u01b0 d\u00e2y chuy\u1ec1n l\u1eafp r\u00e1p, h\u1ec7 th\u1ed1ng n\u00e2ng h\u1ea1 xe v\u00e0 c\u00e2n ch\u1ec9nh khung g\u1ea7m. Nh\u1eefng xi lanh n\u00e0y \u0111\u00f3ng vai tr\u00f2 quan tr\u1ecdng trong vi\u1ec7c \u0111\u1ea3m b\u1ea3o chuy\u1ec3n \u0111\u1ed9ng ch\u00ednh x\u00e1c v\u00e0 hi\u1ec7u qu\u1ea3 trong qu\u00e1 tr\u00ecnh s\u1ea3n xu\u1ea5t v\u00e0 b\u1ea3o tr\u00ec. T\u00ednh n\u0103ng \u0111i\u1ec1u ch\u1ec9nh cho ph\u00e9p c\u00e1c nh\u00e0 s\u1ea3n xu\u1ea5t \u00f4 t\u00f4 \u0111\u00e1p \u1ee9ng c\u00e1c m\u1eabu xe v\u00e0 k\u00edch th\u01b0\u1edbc kh\u00e1c nhau, n\u00e2ng cao t\u00ednh linh ho\u1ea1t v\u00e0 n\u0103ng su\u1ea5t.<\/p>\n<p>5. X\u1eed l\u00fd v\u1eadt li\u1ec7u:<br \/>\nXi lanh lo\u1ea1i ch\u1ed1t \u0111i\u1ec1u ch\u1ec9nh \u0111\u01b0\u1ee3c s\u1eed d\u1ee5ng r\u1ed9ng r\u00e3i trong c\u00e1c thi\u1ebft b\u1ecb x\u1eed l\u00fd v\u1eadt li\u1ec7u nh\u01b0 xe n\u00e2ng, xe n\u00e2ng c\u1eaft k\u00e9o v\u00e0 m\u00e1y x\u1ebfp pallet. Nh\u1eefng xi lanh n\u00e0y cung c\u1ea5p l\u1ef1c n\u00e2ng v\u00e0 kh\u1ea3 n\u0103ng ki\u1ec3m so\u00e1t c\u1ea7n thi\u1ebft \u0111\u1ec3 n\u00e2ng, h\u1ea1 v\u00e0 nghi\u00eang c\u00e1c v\u1eadt n\u1eb7ng. Chi\u1ec1u d\u00e0i h\u00e0nh tr\u00ecnh c\u00f3 th\u1ec3 \u0111i\u1ec1u ch\u1ec9nh cho ph\u00e9p ng\u01b0\u1eddi v\u1eadn h\u00e0nh th\u00edch \u1ee9ng v\u1edbi c\u00e1c k\u00edch th\u01b0\u1edbc v\u00e0 chi\u1ec1u cao t\u1ea3i kh\u00e1c nhau, \u0111\u1ea3m b\u1ea3o ho\u1ea1t \u0111\u1ed9ng x\u1eed l\u00fd v\u1eadt li\u1ec7u an to\u00e0n v\u00e0 hi\u1ec7u qu\u1ea3.<\/p>\n<p>T\u00f3m l\u1ea1i, \u1ee9ng d\u1ee5ng c\u1ee7a xi lanh th\u1ee7y l\u1ef1c ki\u1ec3u ch\u1ed1t \u0111i\u1ec1u ch\u1ec9nh \u0111\u01b0\u1ee3c tr\u1ea3i r\u1ed9ng tr\u00ean nhi\u1ec1u ng\u00e0nh c\u00f4ng nghi\u1ec7p kh\u00e1c nhau, bao g\u1ed3m m\u00e1y m\u00f3c c\u00f4ng nghi\u1ec7p, x\u00e2y d\u1ef1ng, n\u00f4ng nghi\u1ec7p, \u00f4 t\u00f4 v\u00e0 x\u1eed l\u00fd v\u1eadt li\u1ec7u. Kh\u1ea3 n\u0103ng \u0111i\u1ec1u ch\u1ec9nh h\u00e0nh tr\u00ecnh xi lanh mang l\u1ea1i s\u1ef1 linh ho\u1ea1t v\u00e0 \u0111\u1ed9 ch\u00ednh x\u00e1c trong c\u00e1c t\u00ecnh hu\u1ed1ng v\u1eadn h\u00e0nh kh\u00e1c nhau. C\u00e1c nh\u00e0 s\u1ea3n xu\u1ea5t v\u00e0 nh\u00e0 cung c\u1ea5p xi lanh th\u1ee7y l\u1ef1c ki\u1ec3u ch\u1ed1t \u0111i\u1ec1u ch\u1ec9nh \u0111\u00f3ng vai tr\u00f2 quan tr\u1ecdng trong vi\u1ec7c \u0111\u00e1p \u1ee9ng nhu c\u1ea7u \u0111a d\u1ea1ng c\u1ee7a c\u00e1c ng\u00e0nh c\u00f4ng nghi\u1ec7p n\u00e0y. B\u1eb1ng c\u00e1ch cung c\u1ea5p xi lanh th\u1ee7y l\u1ef1c \u0111\u00e1ng tin c\u1eady v\u00e0 hi\u1ec7u su\u1ea5t cao, h\u1ecd g\u00f3p ph\u1ea7n n\u00e2ng cao hi\u1ec7u qu\u1ea3 v\u00e0 n\u0103ng su\u1ea5t t\u1ed5ng th\u1ec3 c\u1ee7a thi\u1ebft b\u1ecb v\u00e0 m\u00e1y m\u00f3c \u0111\u01b0\u1ee3c s\u1eed d\u1ee5ng.<img decoding=\"async\" src=\"https:\/\/fmp-components.com\/wp-content\/uploads\/2024\/12\/Application-of-Adjustable-Clevis-Type-Cylinders.webp\" alt=\"Xi lanh lo\u1ea1i Clevis c\u00f3 th\u1ec3 \u0111i\u1ec1u ch\u1ec9nh\" width=\"800\" title=\"\"><\/p>\n<h3>Gi\u1edbi thi\u1ec7u v\u1ec1 xi lanh th\u1ee7y l\u1ef1c FMP<\/h3>\n<p>FMP l\u00e0 m\u1ed9t c\u00f4ng ty h\u00e0ng \u0111\u1ea7u t\u1ea1i \u00dd chuy\u00ean b\u00e1n v\u00e0 b\u1ea3o d\u01b0\u1ee1ng ph\u1ee5 t\u00f9ng m\u00e1y m\u00f3c x\u00e2y d\u1ef1ng v\u00e0 m\u00e1y m\u00f3c ho\u00e0n ch\u1ec9nh. Xi lanh th\u1ee7y l\u1ef1c c\u1ee7a ch\u00fang t\u00f4i l\u00e0 m\u1ed9t trong nh\u1eefng s\u1ea3n ph\u1ea9m b\u00e1n ch\u1ea1y nh\u1ea5t, v\u00e0 ch\u00fang t\u00f4i t\u1ef1 h\u00e0o v\u1ec1 ch\u1ea5t l\u01b0\u1ee3ng v\u01b0\u1ee3t tr\u1ed9i v\u00e0 t\u00ednh n\u0103ng v\u01b0\u1ee3t tr\u1ed9i c\u1ee7a n\u00f3. D\u01b0\u1edbi \u0111\u00e2y l\u00e0 n\u0103m l\u00fd do t\u1ea1i sao b\u1ea1n n\u00ean ch\u1ecdn Xi lanh th\u1ee7y l\u1ef1c FMP:<\/p>\n<ol>\n<li><strong>Ch\u1ea5t l\u01b0\u1ee3ng cao c\u1ea5p:<\/strong> Xi lanh th\u1ee7y l\u1ef1c FMP \u0111\u01b0\u1ee3c l\u00e0m t\u1eeb v\u1eadt li\u1ec7u ch\u1ea5t l\u01b0\u1ee3ng cao, \u0111\u1ea3m b\u1ea3o \u0111\u1ed9 b\u1ec1n v\u00e0 \u0111\u1ed9 tin c\u1eady. Ch\u00fang t\u00f4i nh\u1eadp v\u1eadt li\u1ec7u t\u1eeb c\u00e1c nh\u00e0 cung c\u1ea5p uy t\u00edn, \u0111\u00e1p \u1ee9ng c\u00e1c ti\u00eau chu\u1ea9n ch\u1ea5t l\u01b0\u1ee3ng nghi\u00eam ng\u1eb7t, \u0111\u1ea3m b\u1ea3o s\u1ea3n ph\u1ea9m c\u1ee7a ch\u00fang t\u00f4i \u0111\u1ea1t ch\u1ea5t l\u01b0\u1ee3ng cao nh\u1ea5t.<\/li>\n<li><strong>C\u00e1c th\u00f4ng s\u1ed1 k\u1ef9 thu\u1eadt kh\u00e1c nhau:<\/strong> Xi lanh th\u1ee7y l\u1ef1c c\u1ee7a ch\u00fang t\u00f4i c\u00f3 nhi\u1ec1u k\u00edch c\u1ee1 v\u00e0 th\u00f4ng s\u1ed1 k\u1ef9 thu\u1eadt kh\u00e1c nhau \u0111\u1ec3 ph\u00f9 h\u1ee3p v\u1edbi nhu c\u1ea7u c\u1ee5 th\u1ec3 c\u1ee7a b\u1ea1n. Ch\u00fang t\u00f4i cung c\u1ea5p \u0111a d\u1ea1ng s\u1ea3n ph\u1ea9m, bao g\u1ed3m xi lanh lo\u1ea1i ch\u1ed1t \u0111i\u1ec1u ch\u1ec9nh, xi lanh thanh gi\u1eb1ng v\u00e0 xi lanh th\u1ee7y l\u1ef1c h\u00e0n.<\/li>\n<li><strong>T\u01b0 v\u1ea5n chuy\u00ean m\u00f4n:<\/strong> \u0110\u1ed9i ng\u0169 b\u00e1n h\u00e0ng gi\u00e0u kinh nghi\u1ec7m c\u1ee7a ch\u00fang t\u00f4i am hi\u1ec3u v\u1ec1 ng\u00e0nh m\u00e1y m\u00f3c x\u00e2y d\u1ef1ng v\u00e0 c\u00f3 th\u1ec3 t\u01b0 v\u1ea5n s\u1ea3n ph\u1ea9m chuy\u00ean nghi\u1ec7p cho b\u1ea1n. Ch\u00fang t\u00f4i c\u00f3 th\u1ec3 gi\u00fap b\u1ea1n x\u00e1c \u0111\u1ecbnh lo\u1ea1i xi lanh th\u1ee7y l\u1ef1c n\u00e0o ph\u00f9 h\u1ee3p v\u1edbi d\u1ef1 \u00e1n c\u1ee7a b\u1ea1n, \u0111\u1ea3m b\u1ea3o b\u1ea1n \u0111\u01b0a ra quy\u1ebft \u0111\u1ecbnh s\u00e1ng su\u1ed1t.<\/li>\n<li><strong>H\u1eadu c\u1ea7n hi\u1ec7u qu\u1ea3:<\/strong> Ch\u00fang t\u00f4i hi\u1ec3u r\u1eb1ng th\u1eddi gian l\u00e0 y\u1ebfu t\u1ed1 then ch\u1ed1t, v\u00e0 \u0111\u00f3 l\u00e0 l\u00fd do t\u1ea1i sao ch\u00fang t\u00f4i c\u00f3 m\u1ed9t h\u1ec7 th\u1ed1ng ph\u00e2n ph\u1ed1i h\u1eadu c\u1ea7n hi\u1ec7u qu\u1ea3. Ch\u00fang t\u00f4i \u0111\u1ea3m b\u1ea3o Xi lanh th\u1ee7y l\u1ef1c c\u1ee7a b\u1ea1n \u0111\u01b0\u1ee3c giao \u0111\u1ebfn tay b\u1ea1n m\u1ed9t c\u00e1ch k\u1ecbp th\u1eddi v\u00e0 ch\u00ednh x\u00e1c.<\/li>\n<li><strong>D\u1ecbch v\u1ee5 kh\u00e1ch h\u00e0ng tuy\u1ec7t v\u1eddi:<\/strong> T\u1ea1i FMP, ch\u00fang t\u00f4i tr\u00e2n tr\u1ecdng kh\u00e1ch h\u00e0ng v\u00e0 lu\u00f4n n\u1ed7 l\u1ef1c cung c\u1ea5p d\u1ecbch v\u1ee5 kh\u00e1ch h\u00e0ng xu\u1ea5t s\u1eafc. Ch\u00fang t\u00f4i cam k\u1ebft \u0111\u00e1p \u1ee9ng v\u00e0 v\u01b0\u1ee3t tr\u00ean c\u1ea3 mong \u0111\u1ee3i c\u1ee7a b\u1ea1n, v\u00e0 lu\u00f4n s\u1eb5n s\u00e0ng h\u1ed7 tr\u1ee3 b\u1ea1n gi\u1ea3i \u0111\u00e1p m\u1ecdi th\u1eafc m\u1eafc ho\u1eb7c lo l\u1eafng.<\/li>\n<\/ol>\n<p>T\u1ea1i FMP, ch\u00fang t\u00f4i t\u1ef1 h\u00e0o cung c\u1ea5p cho kh\u00e1ch h\u00e0ng c\u00e1c gi\u1ea3i ph\u00e1p Xi lanh th\u1ee7y l\u1ef1c ch\u1ea5t l\u01b0\u1ee3ng cao v\u00e0 \u0111\u00e1ng tin c\u1eady. S\u1ea3n ph\u1ea9m v\u00e0 d\u1ecbch v\u1ee5 c\u1ee7a ch\u00fang t\u00f4i \u0111\u01b0\u1ee3c h\u1ed7 tr\u1ee3 b\u1edfi nhi\u1ec1u n\u0103m kinh nghi\u1ec7m trong ng\u00e0nh v\u00e0 \u0111\u1ed9i ng\u0169 chuy\u00ean nghi\u1ec7p. H\u00e3y ch\u1ecdn Xi lanh th\u1ee7y l\u1ef1c FMP cho d\u1ef1 \u00e1n ti\u1ebfp theo c\u1ee7a b\u1ea1n v\u00e0 tr\u1ea3i nghi\u1ec7m s\u1ef1 kh\u00e1c bi\u1ec7t.<\/p>\n<p><img decoding=\"async\" src=\"https:\/\/fmp-components.com\/wp-content\/uploads\/2024\/12\/Adjustable-Clevis-Type-Cylinders-6.webp\" alt=\"Xi lanh lo\u1ea1i Clevis c\u00f3 th\u1ec3 \u0111i\u1ec1u ch\u1ec9nh\" width=\"823\" title=\"\"><\/p>\n<p><img decoding=\"async\" src=\"https:\/\/img.jiansujichilun.com\/img\/hydrauliccylinders\/T_hydrauliccylinders-3.webp\" alt=\"xi lanh th\u1ee7y l\u1ef1c\" width=\"800\" title=\"\"><\/p>\n<h2>C\u00e2u h\u1ecfi th\u01b0\u1eddng g\u1eb7p v\u1ec1 Xi lanh th\u1ee7y l\u1ef1c t\u00e1c \u0111\u1ed9ng k\u00e9p c\u00f3 th\u1ec3 \u0111i\u1ec1u ch\u1ec9nh c\u1ee7a FMP<\/h2>\n<p><strong>H: FMP cung c\u1ea5p nh\u1eefng lo\u1ea1i xi lanh th\u1ee7y l\u1ef1c n\u00e0o?<\/strong><br \/>\nA: FMP cung c\u1ea5p nhi\u1ec1u lo\u1ea1i xi lanh th\u1ee7y l\u1ef1c bao g\u1ed3m xi lanh thanh gi\u1eb1ng, xi lanh h\u00e0n, xi lanh \u1ed1ng l\u1ed3ng, xi lanh t\u00e1c \u0111\u1ed9ng \u0111\u01a1n ho\u1eb7c t\u00e1c \u0111\u1ed9ng k\u00e9p.<\/p>\n<p><strong>H: T\u00f4i c\u00f3 th\u1ec3 t\u00f9y ch\u1ec9nh xi lanh th\u1ee7y l\u1ef1c theo y\u00eau c\u1ea7u c\u1ee5 th\u1ec3 c\u1ee7a m\u00ecnh kh\u00f4ng?<\/strong><br \/>\nA: C\u00f3, FMP cung c\u1ea5p c\u00e1c t\u00f9y ch\u1ecdn t\u00f9y ch\u1ec9nh cho xi lanh th\u1ee7y l\u1ef1c c\u1ee7a h\u1ecd. B\u1ea1n c\u00f3 th\u1ec3 nh\u1eadn \u0111\u01b0\u1ee3c xi lanh ph\u00f9 h\u1ee3p v\u1edbi nhu c\u1ea7u c\u1ee5 th\u1ec3 c\u1ee7a m\u00ecnh.<\/p>\n<p><strong>H: L\u00e0m th\u1ebf n\u00e0o \u0111\u1ec3 duy tr\u00ec tu\u1ed5i th\u1ecd v\u00e0 hi\u1ec7u su\u1ea5t t\u1ed1i \u01b0u c\u1ee7a xi lanh th\u1ee7y l\u1ef1c?<\/strong><br \/>\nA: FMP cung c\u1ea5p h\u01b0\u1edbng d\u1eabn v\u1ec1 quy tr\u00ecnh l\u1eafp \u0111\u1eb7t, m\u1eb9o b\u1ea3o tr\u00ec v\u00e0 c\u00e1c bi\u1ec7n ph\u00e1p t\u1ed1t nh\u1ea5t \u0111\u1ec3 \u0111\u1ea3m b\u1ea3o tu\u1ed5i th\u1ecd v\u00e0 hi\u1ec7u su\u1ea5t t\u1ed1i \u01b0u cho b\u00ecnh kh\u00ed c\u1ee7a h\u1ecd.<\/p>\n<p>T\u00e1c gi\u1ea3: CX<\/p>","protected":false},"excerpt":{"rendered":"<p>Manufacturer Supplier Adjustable Double Acting Cylinder Hydraulic Cylinder The Manufacturer Supplier Adjustable Double Acting Cylinder Hydraulic Cylinder is a high-quality hydraulic cylinder designed for various industrial applications. With its adjustable feature, this cylinder offers versatility and adaptability to meet different requirements. Featuring a double-acting design, this hydraulic cylinder provides precise and efficient operation in both [&hellip;]<\/p>","protected":false},"featured_media":1340,"comment_status":"closed","ping_status":"closed","template":"","meta":{"_et_pb_use_builder":"","_et_pb_old_content":"","_et_gb_content_width":""},"product_brand":[],"product_cat":[39],"product_tag":[41,34],"class_list":{"0":"post-1361","1":"product","2":"type-product","3":"status-publish","4":"has-post-thumbnail","6":"product_cat-adjustable-clevis-type-cylinders","7":"product_tag-adjustable-clevis-type-cylinders","8":"product_tag-hydraulic-cylinder","10":"first","11":"instock","12":"product-type-simple"},"_links":{"self":[{"href":"https:\/\/fmp-components.com\/vi\/wp-json\/wp\/v2\/product\/1361","targetHints":{"allow":["GET"]}}],"collection":[{"href":"https:\/\/fmp-components.com\/vi\/wp-json\/wp\/v2\/product"}],"about":[{"href":"https:\/\/fmp-components.com\/vi\/wp-json\/wp\/v2\/types\/product"}],"replies":[{"embeddable":true,"href":"https:\/\/fmp-components.com\/vi\/wp-json\/wp\/v2\/comments?post=1361"}],"wp:featuredmedia":[{"embeddable":true,"href":"https:\/\/fmp-components.com\/vi\/wp-json\/wp\/v2\/media\/1340"}],"wp:attachment":[{"href":"https:\/\/fmp-components.com\/vi\/wp-json\/wp\/v2\/media?parent=1361"}],"wp:term":[{"taxonomy":"product_brand","embeddable":true,"href":"https:\/\/fmp-components.com\/vi\/wp-json\/wp\/v2\/product_brand?post=1361"},{"taxonomy":"product_cat","embeddable":true,"href":"https:\/\/fmp-components.com\/vi\/wp-json\/wp\/v2\/product_cat?post=1361"},{"taxonomy":"product_tag","embeddable":true,"href":"https:\/\/fmp-components.com\/vi\/wp-json\/wp\/v2\/product_tag?post=1361"}],"curies":[{"name":"wp","href":"https:\/\/api.w.org\/{rel}","templated":true}]}}