{"id":1360,"date":"2024-12-23T02:18:57","date_gmt":"2024-12-23T02:18:57","guid":{"rendered":"https:\/\/fmp-components.com\/product\/customized-welded-double-acting-trailer-hydraulic-cylinder-for-agriculture\/"},"modified":"2024-12-23T03:02:26","modified_gmt":"2024-12-23T03:02:26","slug":"customized-welded-double-acting-trailer-hydraulic-cylinder-for-agriculture","status":"publish","type":"product","link":"https:\/\/fmp-components.com\/vi\/product\/customized-welded-double-acting-trailer-hydraulic-cylinder-for-agriculture\/","title":{"rendered":"Xi lanh th\u1ee7y l\u1ef1c r\u01a1 mo\u00f3c h\u00e0n k\u00e9p t\u00f9y ch\u1ec9nh cho n\u00f4ng nghi\u1ec7p"},"content":{"rendered":"<h2>Gi\u1edbi thi\u1ec7u Xi lanh th\u1ee7y l\u1ef1c r\u01a1 mo\u00f3c h\u00e0n t\u00e1c \u0111\u1ed9ng k\u00e9p t\u00f9y ch\u1ec9nh d\u00e0nh cho n\u00f4ng nghi\u1ec7p:<\/h2>\n<p>Xi lanh th\u1ee7y l\u1ef1c r\u01a1 mo\u00f3c h\u00e0n k\u00e9p t\u00f9y ch\u1ec9nh cho n\u00f4ng nghi\u1ec7p l\u00e0 s\u1ea3n ph\u1ea9m ch\u1ea5t l\u01b0\u1ee3ng cao v\u00e0 \u0111\u00e1ng tin c\u1eady, \u0111\u01b0\u1ee3c thi\u1ebft k\u1ebf chuy\u00ean d\u1ee5ng cho ng\u00e0nh n\u00f4ng nghi\u1ec7p. Xi lanh th\u1ee7y l\u1ef1c n\u00e0y \u0111\u01b0\u1ee3c thi\u1ebft k\u1ebf v\u1edbi \u0111\u1ed9 ch\u00ednh x\u00e1c v\u00e0 \u0111\u1ed9 b\u1ec1n cao, l\u00fd t\u01b0\u1edfng cho nhi\u1ec1u \u1ee9ng d\u1ee5ng n\u00f4ng nghi\u1ec7p kh\u00e1c nhau.<\/p>\n<p>V\u1edbi thi\u1ebft k\u1ebf h\u00e0n, xi lanh th\u1ee7y l\u1ef1c n\u00e0y \u0111\u1ea3m b\u1ea3o \u0111\u1ed9 b\u1ec1n v\u00e0 \u0111\u1ed9 \u1ed5n \u0111\u1ecbnh v\u01b0\u1ee3t tr\u1ed9i, cho ph\u00e9p ch\u1ecbu \u0111\u01b0\u1ee3c nh\u1eefng y\u00eau c\u1ea7u kh\u1eaft khe c\u1ee7a ho\u1ea1t \u0111\u1ed9ng n\u00f4ng nghi\u1ec7p. Ch\u1ee9c n\u0103ng t\u00e1c \u0111\u1ed9ng k\u00e9p cho ph\u00e9p chuy\u1ec3n \u0111\u1ed9ng tr\u01a1n tru v\u00e0 hi\u1ec7u qu\u1ea3 theo c\u1ea3 hai h\u01b0\u1edbng, n\u00e2ng cao n\u0103ng su\u1ea5t v\u00e0 hi\u1ec7u su\u1ea5t.<\/p>\n<p>V\u1edbi thi\u1ebft k\u1ebf t\u00f9y ch\u1ec9nh, xi lanh th\u1ee7y l\u1ef1c n\u00e0y c\u00f3 th\u1ec3 \u0111\u01b0\u1ee3c \u0111i\u1ec1u ch\u1ec9nh \u0111\u1ec3 \u0111\u00e1p \u1ee9ng c\u00e1c y\u00eau c\u1ea7u c\u1ee5 th\u1ec3 c\u1ee7a m\u00e1y m\u00f3c v\u00e0 thi\u1ebft b\u1ecb n\u00f4ng nghi\u1ec7p. S\u1ea3n ph\u1ea9m c\u00f3 nhi\u1ec1u k\u00edch c\u1ee1 v\u00e0 c\u1ea5u h\u00ecnh kh\u00e1c nhau, cho ph\u00e9p t\u00edch h\u1ee3p li\u1ec1n m\u1ea1ch v\u00e0o nhi\u1ec1u h\u1ec7 th\u1ed1ng n\u00f4ng nghi\u1ec7p kh\u00e1c nhau.<\/p>\n<p>Xi lanh th\u1ee7y l\u1ef1c r\u01a1 mo\u00f3c t\u00e1c \u0111\u1ed9ng k\u00e9p h\u00e0n t\u00f9y ch\u1ec9nh d\u00e0nh cho n\u00f4ng nghi\u1ec7p t\u1ef1 h\u00e0o s\u1edf h\u1eefu c\u00f4ng ngh\u1ec7 th\u1ee7y l\u1ef1c ti\u00ean ti\u1ebfn, \u0111\u1ea3m b\u1ea3o hi\u1ec7u su\u1ea5t v\u00e0 \u0111\u1ed9 tin c\u1eady t\u1ed1i \u01b0u. N\u00f3 c\u00f3 kh\u1ea3 n\u0103ng th\u1ef1c hi\u1ec7n c\u00e1c chuy\u1ec3n \u0111\u1ed9ng ch\u00ednh x\u00e1c v\u00e0 \u0111\u01b0\u1ee3c ki\u1ec3m so\u00e1t, g\u00f3p ph\u1ea7n n\u00e2ng cao hi\u1ec7u qu\u1ea3 v\u00e0 hi\u1ec7u su\u1ea5t trong c\u00e1c ho\u1ea1t \u0111\u1ed9ng n\u00f4ng nghi\u1ec7p.<\/p>\n<p><img loading=\"lazy\" decoding=\"async\" class=\"alignnone size-full wp-image-1334\" src=\"https:\/\/fmp-components.com\/wp-content\/uploads\/2024\/12\/Adjustable-Clevis-Type-Cylinders-4.webp\" alt=\"Xi lanh lo\u1ea1i ch\u1ed1t c\u00f3 th\u1ec3 \u0111i\u1ec1u ch\u1ec9nh\" width=\"800\" height=\"800\" title=\"\" srcset=\"https:\/\/fmp-components.com\/wp-content\/uploads\/2024\/12\/Adjustable-Clevis-Type-Cylinders-4.webp 800w, https:\/\/fmp-components.com\/wp-content\/uploads\/2024\/12\/Adjustable-Clevis-Type-Cylinders-4-480x480.webp 480w\" sizes=\"(min-width: 0px) and (max-width: 480px) 480px, (min-width: 481px) 800px, 100vw\" \/><\/p>\n<p>Xi lanh th\u1ee7y l\u1ef1c n\u00e0y \u0111\u01b0\u1ee3c s\u1ea3n xu\u1ea5t b\u1eb1ng v\u1eadt li\u1ec7u ch\u1ea5t l\u01b0\u1ee3ng cao, \u0111\u1ea3m b\u1ea3o \u0111\u1ed9 b\u1ec1n v\u00e0 kh\u1ea3 n\u0103ng ch\u1ed1ng m\u00e0i m\u00f2n. S\u1ea3n ph\u1ea9m \u0111\u01b0\u1ee3c thi\u1ebft k\u1ebf \u0111\u1ec3 ch\u1ecbu \u0111\u01b0\u1ee3c \u0111i\u1ec1u ki\u1ec7n v\u1eadn h\u00e0nh kh\u1eafc nghi\u1ec7t, l\u00e0 l\u1ef1a ch\u1ecdn \u0111\u00e1ng tin c\u1eady cho m\u00e1y m\u00f3c v\u00e0 thi\u1ebft b\u1ecb n\u00f4ng nghi\u1ec7p.<\/p>\n<p>T\u00f3m l\u1ea1i, Xi lanh th\u1ee7y l\u1ef1c r\u01a1 mo\u00f3c h\u00e0n k\u00e9p t\u00f9y ch\u1ec9nh cho n\u00f4ng nghi\u1ec7p l\u00e0 m\u1ed9t s\u1ea3n ph\u1ea9m h\u00e0ng \u0111\u1ea7u, mang l\u1ea1i hi\u1ec7u su\u1ea5t v\u00e0 \u0111\u1ed9 b\u1ec1n tuy\u1ec7t v\u1eddi trong c\u00e1c \u1ee9ng d\u1ee5ng n\u00f4ng nghi\u1ec7p. Thi\u1ebft k\u1ebf t\u00f9y ch\u1ec9nh, c\u00f4ng ngh\u1ec7 th\u1ee7y l\u1ef1c ti\u00ean ti\u1ebfn v\u00e0 ch\u1ea5t l\u01b0\u1ee3ng v\u01b0\u1ee3t tr\u1ed9i khi\u1ebfn n\u00f3 tr\u1edf th\u00e0nh m\u1ed9t th\u00e0nh ph\u1ea7n thi\u1ebft y\u1ebfu cho b\u1ea5t k\u1ef3 ho\u1ea1t \u0111\u1ed9ng n\u00f4ng nghi\u1ec7p n\u00e0o h\u01b0\u1edbng \u0111\u1ebfn hi\u1ec7u qu\u1ea3 v\u00e0 n\u0103ng su\u1ea5t t\u1ed1i \u01b0u.<\/p>\n<table style=\"width: 100%;\" border=\"1\" width=\"100%\" cellspacing=\"0\" cellpadding=\"0\">\n<tbody>\n<tr>\n<th>T\u00ean s\u1ea3n ph\u1ea9m<\/th>\n<td>Xi lanh th\u1ee7y l\u1ef1c r\u01a1 mo\u00f3c t\u00e1c \u0111\u1ed9ng k\u00e9p h\u00e0n t\u00f9y ch\u1ec9nh<\/td>\n<\/tr>\n<tr>\n<th>Ng\u00e0nh c\u00f4ng nghi\u1ec7p<\/th>\n<td>N\u00f4ng nghi\u1ec7p<\/td>\n<\/tr>\n<tr>\n<th>V\u1eadt li\u1ec7u<\/th>\n<td>Th\u00e9p ch\u1ea5t l\u01b0\u1ee3ng cao<\/td>\n<\/tr>\n<tr>\n<th>B\u1ea3o h\u00e0nh<\/th>\n<td>1 n\u0103m (Th\u00e0nh ph\u1ea7n c\u1ed1t l\u00f5i)<\/td>\n<\/tr>\n<tr>\n<th>C\u00e1c th\u00e0nh ph\u1ea7n c\u1ed1t l\u00f5i<\/th>\n<td>V\u00f2ng bi, xi lanh th\u1ee7y l\u1ef1c<\/td>\n<\/tr>\n<tr>\n<th>Ki\u1ec3u<\/th>\n<td>Lo\u1ea1i ch\u1ed1t c\u00f3 th\u1ec3 \u0111i\u1ec1u ch\u1ec9nh<\/td>\n<\/tr>\n<tr>\n<th>C\u1ed5ng<\/th>\n<td>G\/SAE\/NPT\/M<\/td>\n<\/tr>\n<tr>\n<th>Kh\u1ea3 n\u0103ng k\u00e9o t\u1ed1i \u0111a<\/th>\n<td>20 t\u1ea5n<\/td>\n<\/tr>\n<tr>\n<th>K\u1ebft c\u1ea5u<\/th>\n<td>Xi lanh piston ti\u00eau chu\u1ea9n<\/td>\n<\/tr>\n<tr>\n<th>K\u00edch th\u01b0\u1edbc l\u1ed7 khoan<\/th>\n<td>2 \u2013 6 inch<\/td>\n<\/tr>\n<tr>\n<th>K\u00edch th\u01b0\u1edbc thanh<\/th>\n<td>1,125 \u2013 4 inch<\/td>\n<\/tr>\n<tr>\n<th>K\u00edch th\u01b0\u1edbc n\u00e9t v\u1ebd<\/th>\n<td>4 \u2013 100 inch<\/td>\n<\/tr>\n<tr>\n<th>K\u00edch th\u01b0\u1edbc ch\u00e2n c\u1eafm<\/th>\n<td>0,5 \u2013 2 inch<\/td>\n<\/tr>\n<\/tbody>\n<\/table>\n<h2>\u01afu \u0111i\u1ec3m c\u1ee7a xi lanh lo\u1ea1i ch\u1ed1t c\u00f3 th\u1ec3 \u0111i\u1ec1u ch\u1ec9nh<\/h2>\n<ul>\n<li style=\"list-style-type: none;\">\n<ul>\n<li>T\u0103ng t\u00ednh linh ho\u1ea1t v\u00e0 kh\u1ea3 n\u0103ng t\u00f9y ch\u1ec9nh<\/li>\n<\/ul>\n<\/li>\n<\/ul>\n<p>T\u00f9y ch\u1ec9nh l\u00e0 ch\u00eca kh\u00f3a trong ng\u00e0nh c\u00f4ng nghi\u1ec7p xi lanh th\u1ee7y l\u1ef1c, v\u00e0 xi lanh lo\u1ea1i ch\u1ed1t \u0111i\u1ec1u ch\u1ec9nh mang l\u1ea1i m\u1ed9t l\u1ee3i th\u1ebf \u0111\u1ed9c \u0111\u00e1o v\u1ec1 m\u1eb7t n\u00e0y. C\u00e1c xi lanh n\u00e0y cho ph\u00e9p \u0111i\u1ec1u ch\u1ec9nh v\u1ecb tr\u00ed \u0111\u1ea7u xi lanh, \u0111i\u1ec1u n\u00e0y \u0111\u1eb7c bi\u1ec7t h\u1eefu \u00edch trong c\u00e1c h\u1ec7 th\u1ed1ng th\u1ee7y l\u1ef1c ph\u1ee9c t\u1ea1p, n\u01a1i kh\u00f4ng gian h\u1ea1n ch\u1ebf. B\u1eb1ng c\u00e1ch t\u0103ng c\u01b0\u1eddng t\u00ednh linh ho\u1ea1t, xi lanh lo\u1ea1i ch\u1ed1t \u0111i\u1ec1u ch\u1ec9nh c\u00f3 th\u1ec3 cho ph\u00e9p v\u1eadn h\u00e0nh m\u00e1y m\u00f3c th\u1ee7y l\u1ef1c ch\u00ednh x\u00e1c v\u00e0 hi\u1ec7u qu\u1ea3 h\u01a1n.<\/p>\n<ul>\n<li style=\"list-style-type: none;\">\n<ul>\n<li>Gi\u1ea3m chi ph\u00ed b\u1ea3o tr\u00ec v\u00e0 s\u1eeda ch\u1eefa<\/li>\n<\/ul>\n<\/li>\n<\/ul>\n<p>M\u1ed9t trong nh\u1eefng \u01b0u \u0111i\u1ec3m n\u1ed5i b\u1eadt nh\u1ea5t c\u1ee7a xi lanh lo\u1ea1i ch\u1ed1t \u0111i\u1ec1u ch\u1ec9nh \u0111\u01b0\u1ee3c l\u00e0 \u0111\u1ed9 b\u1ec1n. Thi\u1ebft k\u1ebf ch\u1ed1t \u0111i\u1ec1u ch\u1ec9nh \u0111\u01b0\u1ee3c gi\u00fap ng\u0103n ng\u1eeba h\u01b0 h\u1ecfng cho thanh xi lanh v\u00e0 gi\u1ea3m \u00e1p l\u1ef1c l\u00ean piston, t\u1eeb \u0111\u00f3 c\u00f3 th\u1ec3 t\u0103ng tu\u1ed5i th\u1ecd c\u1ee7a xi lanh. \u0110\u1ed9 b\u1ec1n n\u00e0y gi\u00fap gi\u1ea3m chi ph\u00ed b\u1ea3o tr\u00ec v\u00e0 s\u1eeda ch\u1eefa v\u1ec1 l\u00e2u d\u00e0i, \u0111i\u1ec1u n\u00e0y \u0111\u1eb7c bi\u1ec7t quan tr\u1ecdng trong m\u00f4i tr\u01b0\u1eddng c\u00f4ng nghi\u1ec7p, n\u01a1i m\u00e1y m\u00f3c th\u1ee7y l\u1ef1c \u0111\u01b0\u1ee3c s\u1eed d\u1ee5ng r\u1ed9ng r\u00e3i.<\/p>\n<ul>\n<li style=\"list-style-type: none;\">\n<ul>\n<li>C\u1ea3i thi\u1ec7n hi\u1ec7u su\u1ea5t v\u00e0 hi\u1ec7u qu\u1ea3<\/li>\n<\/ul>\n<\/li>\n<\/ul>\n<p>Xi lanh lo\u1ea1i ch\u1ed1t \u0111i\u1ec1u ch\u1ec9nh c\u0169ng c\u00f3 th\u1ec3 gi\u00fap c\u1ea3i thi\u1ec7n hi\u1ec7u su\u1ea5t v\u00e0 hi\u1ec7u qu\u1ea3 c\u1ee7a m\u00e1y m\u00f3c th\u1ee7y l\u1ef1c. B\u1eb1ng c\u00e1ch cho ph\u00e9p \u0111\u1ecbnh v\u1ecb \u0111\u1ea7u xi lanh ch\u00ednh x\u00e1c h\u01a1n, c\u00e1c xi lanh n\u00e0y c\u00f3 th\u1ec3 gi\u00fap ng\u0103n ng\u1eeba r\u00f2 r\u1ec9 v\u00e0 gi\u1ea3m t\u1ed5n th\u1ea5t n\u0103ng l\u01b0\u1ee3ng. Ngo\u00e0i ra, thi\u1ebft k\u1ebf ch\u1ed1t \u0111i\u1ec1u ch\u1ec9nh c\u00f3 th\u1ec3 gi\u00fap gi\u1ea3m nguy c\u01a1 h\u01b0 h\u1ecfng xi lanh v\u00e0 c\u00e1c b\u1ed9 ph\u1eadn th\u1ee7y l\u1ef1c kh\u00e1c, t\u1eeb \u0111\u00f3 c\u1ea3i thi\u1ec7n h\u01a1n n\u1eefa hi\u1ec7u su\u1ea5t v\u00e0 hi\u1ec7u su\u1ea5t c\u1ee7a m\u00e1y m\u00f3c.<\/p>\n<ul>\n<li style=\"list-style-type: none;\">\n<ul>\n<li>T\u0103ng c\u01b0\u1eddng an to\u00e0n<\/li>\n<\/ul>\n<\/li>\n<\/ul>\n<p>M\u1ed9t \u01b0u \u0111i\u1ec3m kh\u00e1c c\u1ee7a xi lanh lo\u1ea1i ch\u1ed1t \u0111i\u1ec1u ch\u1ec9nh \u0111\u01b0\u1ee3c l\u00e0 t\u00ednh n\u0103ng an to\u00e0n. Thi\u1ebft k\u1ebf ch\u1ed1t \u0111i\u1ec1u ch\u1ec9nh \u0111\u01b0\u1ee3c gi\u00fap ng\u0103n ng\u1eeba h\u01b0 h\u1ecfng thanh xi lanh, t\u1eeb \u0111\u00f3 gi\u1ea3m thi\u1ec3u nguy c\u01a1 tai n\u1ea1n v\u00e0 th\u01b0\u01a1ng t\u00edch t\u1ea1i n\u01a1i l\u00e0m vi\u1ec7c. H\u01a1n n\u1eefa, \u0111\u1ed9 b\u1ec1n v\u00e0 \u0111\u1ed9 tin c\u1eady c\u1ee7a c\u00e1c xi lanh n\u00e0y c\u00f3 th\u1ec3 gi\u00fap ng\u0103n ng\u1eeba c\u00e1c s\u1ef1 c\u1ed1 ho\u1eb7c tr\u1ee5c tr\u1eb7c b\u1ea5t ng\u1edd, t\u1eeb \u0111\u00f3 n\u00e2ng cao h\u01a1n n\u1eefa an to\u00e0n t\u1ea1i n\u01a1i l\u00e0m vi\u1ec7c.<\/p>\n<ul>\n<li style=\"list-style-type: none;\">\n<ul>\n<li>Ph\u1ea1m vi \u1ee9ng d\u1ee5ng r\u1ed9ng r\u00e3i<\/li>\n<\/ul>\n<\/li>\n<\/ul>\n<p>Xi lanh lo\u1ea1i ch\u1ed1t \u0111i\u1ec1u ch\u1ec9nh c\u00f3 th\u1ec3 \u0111\u01b0\u1ee3c s\u1eed d\u1ee5ng trong nhi\u1ec1u \u1ee9ng d\u1ee5ng m\u00e1y m\u00f3c th\u1ee7y l\u1ef1c. T\u1eeb xi lanh th\u1ee7y l\u1ef1c r\u01a1 mo\u00f3c h\u00e0n k\u00e9p t\u00f9y ch\u1ec9nh cho n\u00f4ng nghi\u1ec7p \u0111\u1ebfn m\u00e1y m\u00f3c c\u00f4ng nghi\u1ec7p v\u00e0 thi\u1ebft b\u1ecb x\u00e2y d\u1ef1ng, nh\u1eefng xi lanh n\u00e0y mang \u0111\u1ebfn gi\u1ea3i ph\u00e1p \u0111a n\u0103ng cho b\u1ea5t k\u1ef3 h\u1ec7 th\u1ed1ng th\u1ee7y l\u1ef1c n\u00e0o \u0111\u00f2i h\u1ecfi t\u00ednh linh ho\u1ea1t, \u0111\u1ed9 b\u1ec1n v\u00e0 \u0111\u1ed9 ch\u00ednh x\u00e1c.<\/p>\n<p>T\u00f3m l\u1ea1i, xi lanh lo\u1ea1i ch\u1ed1t \u0111i\u1ec1u ch\u1ec9nh mang l\u1ea1i nhi\u1ec1u \u01b0u \u0111i\u1ec3m v\u01b0\u1ee3t tr\u1ed9i so v\u1edbi c\u00e1c lo\u1ea1i xi lanh th\u1ee7y l\u1ef1c kh\u00e1c. T\u00ednh linh ho\u1ea1t, \u0111\u1ed9 b\u1ec1n, hi\u1ec7u su\u1ea5t, t\u00ednh n\u0103ng an to\u00e0n v\u00e0 t\u00ednh \u0111a d\u1ee5ng c\u1ee7a ch\u00fang khi\u1ebfn ch\u00fang tr\u1edf th\u00e0nh gi\u1ea3i ph\u00e1p l\u00fd t\u01b0\u1edfng cho nhi\u1ec1u \u1ee9ng d\u1ee5ng m\u00e1y m\u00f3c th\u1ee7y l\u1ef1c. Cho d\u00f9 b\u1ea1n \u0111ang t\u00ecm ki\u1ebfm xi lanh th\u1ee7y l\u1ef1c r\u01a1 mo\u00f3c t\u00e1c \u0111\u1ed9ng k\u00e9p h\u00e0n t\u00f9y ch\u1ec9nh cho n\u00f4ng nghi\u1ec7p hay b\u1ea5t k\u1ef3 h\u1ec7 th\u1ed1ng th\u1ee7y l\u1ef1c n\u00e0o kh\u00e1c, xi lanh lo\u1ea1i ch\u1ed1t \u0111i\u1ec1u ch\u1ec9nh l\u00e0 m\u1ed9t l\u1ef1a ch\u1ecdn tuy\u1ec7t v\u1eddi \u0111\u1ec3 t\u1ed1i \u01b0u h\u00f3a m\u00e1y m\u00f3c th\u1ee7y l\u1ef1c c\u1ee7a b\u1ea1n.<img decoding=\"async\" src=\"https:\/\/fmp-components.com\/wp-content\/uploads\/2024\/12\/Adjustable-Clevis-Type-Cylinders5.webp\" alt=\"Xi lanh lo\u1ea1i Clevis c\u00f3 th\u1ec3 \u0111i\u1ec1u ch\u1ec9nh\" width=\"800\" title=\"\"><\/p>\n<h2>\u1ee8ng d\u1ee5ng c\u1ee7a xi lanh lo\u1ea1i ch\u1ed1t c\u00f3 th\u1ec3 \u0111i\u1ec1u ch\u1ec9nh<\/h2>\n<p>Xi lanh lo\u1ea1i ch\u1ed1t \u0111i\u1ec1u ch\u1ec9nh, ch\u1eb3ng h\u1ea1n nh\u01b0 Xi lanh th\u1ee7y l\u1ef1c r\u01a1 mo\u00f3c t\u00e1c \u0111\u1ed9ng k\u00e9p h\u00e0n t\u00f9y ch\u1ec9nh cho n\u00f4ng nghi\u1ec7p, c\u00f3 ph\u1ea1m vi \u1ee9ng d\u1ee5ng r\u1ed9ng r\u00e3i trong nhi\u1ec1u ng\u00e0nh c\u00f4ng nghi\u1ec7p kh\u00e1c nhau. Nh\u1eefng xi lanh n\u00e0y n\u1ed5i ti\u1ebfng v\u1edbi t\u00ednh linh ho\u1ea1t v\u00e0 \u0111\u1ed9 b\u1ec1n cao, khi\u1ebfn ch\u00fang tr\u1edf th\u00e0nh l\u1ef1a ch\u1ecdn l\u00fd t\u01b0\u1edfng cho nhi\u1ec1u nhi\u1ec7m v\u1ee5 kh\u00e1c nhau. Trong b\u00e0i vi\u1ebft n\u00e0y, ch\u00fang ta s\u1ebd t\u00ecm hi\u1ec3u c\u00e1c \u1ee9ng d\u1ee5ng kh\u00e1c nhau c\u1ee7a xi lanh lo\u1ea1i ch\u1ed1t \u0111i\u1ec1u ch\u1ec9nh v\u00e0 th\u1ea3o lu\u1eadn chi ti\u1ebft v\u1ec1 l\u1ee3i \u00edch c\u1ee7a ch\u00fang.<\/p>\n<h3>1. M\u00e1y m\u00f3c n\u00f4ng nghi\u1ec7p<\/h3>\n<p>M\u1ed9t trong nh\u1eefng \u1ee9ng d\u1ee5ng ch\u00ednh c\u1ee7a xi lanh ki\u1ec3u ch\u1ed1t \u0111i\u1ec1u ch\u1ec9nh l\u00e0 trong m\u00e1y m\u00f3c n\u00f4ng nghi\u1ec7p. Nh\u1eefng xi lanh n\u00e0y th\u01b0\u1eddng \u0111\u01b0\u1ee3c s\u1eed d\u1ee5ng trong c\u00e1c thi\u1ebft b\u1ecb n\u00f4ng nghi\u1ec7p nh\u01b0 m\u00e1y k\u00e9o, m\u00e1y g\u1eb7t v\u00e0 m\u00e1y c\u00e0y. Ch\u00fang \u0111\u00f3ng vai tr\u00f2 quan tr\u1ecdng trong vi\u1ec7c \u0111i\u1ec1u khi\u1ec3n chuy\u1ec3n \u0111\u1ed9ng c\u1ee7a c\u00e1c b\u1ed9 ph\u1eadn kh\u00e1c nhau, ch\u1eb3ng h\u1ea1n nh\u01b0 n\u00e2ng h\u1ea1 d\u1ee5ng c\u1ee5 ho\u1eb7c \u0111i\u1ec1u ch\u1ec9nh g\u00f3c l\u01b0\u1ee1i c\u00e0y. Xi lanh th\u1ee7y l\u1ef1c r\u01a1 mo\u00f3c h\u00e0n t\u00f9y ch\u1ec9nh cho n\u00f4ng nghi\u1ec7p mang l\u1ea1i kh\u1ea3 n\u0103ng \u0111i\u1ec1u khi\u1ec3n ch\u00ednh x\u00e1c v\u00e0 hi\u1ec7u su\u1ea5t m\u1ea1nh m\u1ebd, \u0111\u1ea3m b\u1ea3o v\u1eadn h\u00e0nh hi\u1ec7u qu\u1ea3 v\u00e0 \u0111\u00e1ng tin c\u1eady trong \u0111i\u1ec1u ki\u1ec7n canh t\u00e1c kh\u1eafc nghi\u1ec7t.<\/p>\n<h3>2. Thi\u1ebft b\u1ecb x\u00e2y d\u1ef1ng<\/h3>\n<p>Xi lanh lo\u1ea1i ch\u1ed1t \u0111i\u1ec1u ch\u1ec9nh \u0111\u01b0\u1ee3c s\u1eed d\u1ee5ng r\u1ed9ng r\u00e3i trong ng\u00e0nh x\u00e2y d\u1ef1ng nh\u1edd \u0111\u1ed9 b\u1ec1n v\u00e0 t\u00ednh linh ho\u1ea1t c\u1ee7a ch\u00fang. Ch\u00fang th\u01b0\u1eddng \u0111\u01b0\u1ee3c t\u00ecm th\u1ea5y trong c\u00e1c thi\u1ebft b\u1ecb nh\u01b0 m\u00e1y \u0111\u00e0o, m\u00e1y x\u00fac v\u00e0 m\u00e1y \u1ee7i. Nh\u1eefng xi lanh n\u00e0y \u0111\u01b0\u1ee3c s\u1eed d\u1ee5ng cho c\u00e1c nhi\u1ec7m v\u1ee5 nh\u01b0 n\u00e2ng v\u1eadt n\u1eb7ng, k\u00e9o d\u00e0i v\u00e0 thu g\u1ecdn c\u1ea7n tr\u1ee5c, v\u00e0 \u0111i\u1ec1u khi\u1ec3n chuy\u1ec3n \u0111\u1ed9ng c\u1ee7a c\u00e1c ph\u1ee5 ki\u1ec7n kh\u00e1c nhau. V\u1edbi kh\u1ea3 n\u0103ng ch\u1ecbu t\u1ea3i cao v\u00e0 thi\u1ebft k\u1ebf \u0111i\u1ec1u ch\u1ec9nh \u0111\u01b0\u1ee3c, Xi lanh th\u1ee7y l\u1ef1c r\u01a1 mo\u00f3c t\u00e1c \u0111\u1ed9ng k\u00e9p h\u00e0n t\u00f9y ch\u1ec9nh cho n\u00f4ng nghi\u1ec7p ch\u1ee9ng t\u1ecf l\u00e0 m\u1ed9t l\u1ef1a ch\u1ecdn tuy\u1ec7t v\u1eddi cho thi\u1ebft b\u1ecb x\u00e2y d\u1ef1ng.<\/p>\n<h3>3. X\u1eed l\u00fd v\u1eadt li\u1ec7u<\/h3>\n<p>Xi lanh lo\u1ea1i ch\u1ed1t \u0111i\u1ec1u ch\u1ec9nh c\u0169ng \u0111\u01b0\u1ee3c s\u1eed d\u1ee5ng r\u1ed9ng r\u00e3i trong c\u00e1c \u1ee9ng d\u1ee5ng x\u1eed l\u00fd v\u1eadt li\u1ec7u. Ch\u00fang \u0111\u01b0\u1ee3c s\u1eed d\u1ee5ng trong xe n\u00e2ng, c\u1ea7n c\u1ea9u v\u00e0 h\u1ec7 th\u1ed1ng b\u0103ng t\u1ea3i \u0111\u1ec3 h\u1ed7 tr\u1ee3 vi\u1ec7c di chuy\u1ec3n v\u00e0 \u0111\u1ecbnh v\u1ecb h\u00e0ng h\u00f3a. C\u00e1c xi lanh n\u00e0y cung c\u1ea5p c\u00e1c thao t\u00e1c n\u00e2ng, h\u1ea1 v\u00e0 nghi\u00eang ch\u00ednh x\u00e1c v\u00e0 \u0111\u01b0\u1ee3c ki\u1ec3m so\u00e1t, cho ph\u00e9p v\u1eadn h\u00e0nh x\u1eed l\u00fd v\u1eadt li\u1ec7u hi\u1ec7u qu\u1ea3. V\u1edbi thi\u1ebft k\u1ebf t\u00f9y ch\u1ec9nh v\u00e0 ch\u1ee9c n\u0103ng t\u00e1c \u0111\u1ed9ng k\u00e9p, Xi lanh th\u1ee7y l\u1ef1c r\u01a1 mo\u00f3c t\u00e1c \u0111\u1ed9ng k\u00e9p h\u00e0n t\u00f9y ch\u1ec9nh cho n\u00f4ng nghi\u1ec7p \u0111\u1ea3m b\u1ea3o hi\u1ec7u su\u1ea5t v\u00e0 \u0111\u1ed9 tin c\u1eady t\u1ed1i \u01b0u trong c\u00e1c nhi\u1ec7m v\u1ee5 x\u1eed l\u00fd v\u1eadt li\u1ec7u.<\/p>\n<h3>4. Ng\u00e0nh c\u00f4ng nghi\u1ec7p \u00f4 t\u00f4<\/h3>\n<p>Ng\u00e0nh c\u00f4ng nghi\u1ec7p \u00f4 t\u00f4 \u0111\u01b0\u1ee3c h\u01b0\u1edfng l\u1ee3i r\u1ea5t nhi\u1ec1u t\u1eeb vi\u1ec7c s\u1eed d\u1ee5ng xi lanh ki\u1ec3u ch\u1ed1t \u0111i\u1ec1u ch\u1ec9nh. C\u00e1c xi lanh n\u00e0y \u0111\u01b0\u1ee3c s\u1eed d\u1ee5ng trong nhi\u1ec1u h\u1ec7 th\u1ed1ng \u00f4 t\u00f4 kh\u00e1c nhau, bao g\u1ed3m h\u1ec7 th\u1ed1ng treo, c\u01a1 c\u1ea5u l\u00e1i v\u00e0 mui x\u1ebfp. Ch\u00fang cho ph\u00e9p \u0111i\u1ec1u khi\u1ec3n chuy\u1ec3n \u0111\u1ed9ng m\u01b0\u1ee3t m\u00e0 v\u00e0 ch\u00ednh x\u00e1c, \u0111\u1ea3m b\u1ea3o s\u1ef1 tho\u1ea3i m\u00e1i v\u00e0 an to\u00e0n t\u1ed1i \u01b0u cho ng\u01b0\u1eddi ng\u1ed3i tr\u00ean xe. Xi lanh th\u1ee7y l\u1ef1c r\u01a1 mo\u00f3c t\u00e1c \u0111\u1ed9ng k\u00e9p h\u00e0n t\u00f9y ch\u1ec9nh d\u00e0nh cho n\u00f4ng nghi\u1ec7p, v\u1edbi c\u1ea5u tr\u00fac h\u00e0n t\u00f9y ch\u1ec9nh, mang l\u1ea1i \u0111\u1ed9 b\u1ec1n v\u00e0 hi\u1ec7u su\u1ea5t v\u01b0\u1ee3t tr\u1ed9i trong c\u00e1c \u1ee9ng d\u1ee5ng \u00f4 t\u00f4.<\/p>\n<h3>5. S\u1ea3n xu\u1ea5t v\u00e0 thi\u1ebft b\u1ecb c\u00f4ng nghi\u1ec7p<\/h3>\n<p>Xi lanh lo\u1ea1i ch\u1ed1t \u0111i\u1ec1u ch\u1ec9nh \u0111\u01b0\u1ee3c s\u1eed d\u1ee5ng r\u1ed9ng r\u00e3i trong s\u1ea3n xu\u1ea5t v\u00e0 thi\u1ebft b\u1ecb c\u00f4ng nghi\u1ec7p. Ch\u00fang th\u01b0\u1eddng \u0111\u01b0\u1ee3c s\u1eed d\u1ee5ng trong c\u00e1c m\u00e1y m\u00f3c nh\u01b0 m\u00e1y \u00e9p, m\u00e1y d\u1eadp v\u00e0 robot c\u00f4ng nghi\u1ec7p. C\u00e1c xi lanh n\u00e0y cung c\u1ea5p l\u1ef1c v\u00e0 chuy\u1ec3n \u0111\u1ed9ng \u0111\u01b0\u1ee3c ki\u1ec3m so\u00e1t, cho ph\u00e9p c\u00e1c quy tr\u00ecnh s\u1ea3n xu\u1ea5t ch\u00ednh x\u00e1c v\u00e0 hi\u1ec7u qu\u1ea3. Xi lanh th\u1ee7y l\u1ef1c r\u01a1 mo\u00f3c h\u00e0n k\u00e9p t\u00f9y ch\u1ec9nh cho n\u00f4ng nghi\u1ec7p, v\u1edbi kh\u1ea3 n\u0103ng t\u00e1c \u0111\u1ed9ng k\u00e9p, \u0111\u1ea3m b\u1ea3o hi\u1ec7u su\u1ea5t \u0111\u00e1ng tin c\u1eady v\u00e0 ch\u00ednh x\u00e1c trong m\u00f4i tr\u01b0\u1eddng c\u00f4ng nghi\u1ec7p kh\u1eafc nghi\u1ec7t.<\/p>\n<p>T\u00f3m l\u1ea1i, xi lanh lo\u1ea1i ch\u1ed1t \u0111i\u1ec1u ch\u1ec9nh, ch\u1eb3ng h\u1ea1n nh\u01b0 Xi lanh th\u1ee7y l\u1ef1c r\u01a1 mo\u00f3c t\u00e1c \u0111\u1ed9ng k\u00e9p h\u00e0n t\u00f9y ch\u1ec9nh cho n\u00f4ng nghi\u1ec7p, c\u00f3 \u1ee9ng d\u1ee5ng \u0111a d\u1ea1ng trong nhi\u1ec1u ng\u00e0nh c\u00f4ng nghi\u1ec7p. T\u00ednh linh ho\u1ea1t, \u0111\u1ed9 b\u1ec1n v\u00e0 kh\u1ea3 n\u0103ng \u0111i\u1ec1u khi\u1ec3n ch\u00ednh x\u00e1c c\u1ee7a ch\u00fang khi\u1ebfn ch\u00fang tr\u1edf th\u00e0nh l\u1ef1a ch\u1ecdn tuy\u1ec7t v\u1eddi cho nhi\u1ec1u nhi\u1ec7m v\u1ee5 kh\u00e1c nhau, t\u1eeb m\u00e1y m\u00f3c n\u00f4ng nghi\u1ec7p \u0111\u1ebfn h\u1ec7 th\u1ed1ng \u00f4 t\u00f4. B\u1eb1ng c\u00e1ch t\u00edch h\u1ee3p c\u00e1c xi lanh n\u00e0y v\u00e0o ho\u1ea1t \u0111\u1ed9ng, doanh nghi\u1ec7p c\u00f3 th\u1ec3 \u0111\u01b0\u1ee3c h\u01b0\u1edfng l\u1ee3i t\u1eeb vi\u1ec7c n\u00e2ng cao hi\u1ec7u qu\u1ea3, \u0111\u1ed9 tin c\u1eady v\u00e0 n\u0103ng su\u1ea5t.<\/p>\n<p><img decoding=\"async\" src=\"https:\/\/fmp-components.com\/wp-content\/uploads\/2024\/12\/Application-of-Adjustable-Clevis-Type-Cylinders.webp\" alt=\"Xi lanh lo\u1ea1i Clevis c\u00f3 th\u1ec3 \u0111i\u1ec1u ch\u1ec9nh\" width=\"800\" title=\"\"><\/p>\n<h3>Gi\u1edbi thi\u1ec7u v\u1ec1 xi lanh th\u1ee7y l\u1ef1c FMP<\/h3>\n<p>FMP l\u00e0 nh\u00e0 cung c\u1ea5p h\u00e0ng \u0111\u1ea7u c\u00e1c lo\u1ea1i xi lanh th\u1ee7y l\u1ef1c ch\u1ea5t l\u01b0\u1ee3ng cao cho m\u00e1y m\u00f3c x\u00e2y d\u1ef1ng. S\u1ea3n ph\u1ea9m c\u1ee7a ch\u00fang t\u00f4i n\u1ed5i ti\u1ebfng v\u1edbi \u0111\u1ed9 b\u1ec1n, \u0111\u1ed9 tin c\u1eady v\u00e0 hi\u1ec7u su\u1ea5t v\u01b0\u1ee3t tr\u1ed9i. D\u01b0\u1edbi \u0111\u00e2y l\u00e0 m\u1ed9t s\u1ed1 l\u00fd do t\u1ea1i sao b\u1ea1n n\u00ean ch\u1ecdn xi lanh th\u1ee7y l\u1ef1c FMP cho nhu c\u1ea7u m\u00e1y m\u00f3c x\u00e2y d\u1ef1ng c\u1ee7a m\u00ecnh:<\/p>\n<p>1. Ch\u1ea5t l\u01b0\u1ee3ng: Xi lanh th\u1ee7y l\u1ef1c c\u1ee7a ch\u00fang t\u00f4i \u0111\u01b0\u1ee3c l\u00e0m t\u1eeb v\u1eadt li\u1ec7u ch\u1ea5t l\u01b0\u1ee3ng cao \u0111\u1ea3m b\u1ea3o \u0111\u1ed9 b\u1ec1n l\u00e2u d\u00e0i v\u00e0 hi\u1ec7u su\u1ea5t v\u01b0\u1ee3t tr\u1ed9i.<\/p>\n<p>2. Nhi\u1ec1u lo\u1ea1i s\u1ea3n ph\u1ea9m: FMP cung c\u1ea5p nhi\u1ec1u lo\u1ea1i xi lanh th\u1ee7y l\u1ef1c cho nhi\u1ec1u lo\u1ea1i m\u00e1y m\u00f3c x\u00e2y d\u1ef1ng kh\u00e1c nhau, bao g\u1ed3m Xi lanh lo\u1ea1i ch\u1ed1t c\u00f3 th\u1ec3 \u0111i\u1ec1u ch\u1ec9nh (xem h\u00ecnh \u1ea3nh b\u00ean d\u01b0\u1edbi), Xi lanh lo\u1ea1i thanh gi\u1eb1ng, Xi lanh lo\u1ea1i h\u00e0n v\u00e0 nhi\u1ec1u lo\u1ea1i kh\u00e1c n\u1eefa.<\/p>\n<p><img decoding=\"async\" src=\"https:\/\/fmp-components.com\/wp-content\/uploads\/2024\/12\/Adjustable-Clevis-Type-Cylinders-6.webp\" alt=\"Xi lanh lo\u1ea1i Clevis c\u00f3 th\u1ec3 \u0111i\u1ec1u ch\u1ec9nh\" width=\"822\" title=\"\"><\/p>\n<p>3. Gi\u00e1 c\u1ea3 c\u1ea1nh tranh: FMP cung c\u1ea5p s\u1ea3n ph\u1ea9m v\u1edbi m\u1ee9c gi\u00e1 r\u1ea5t c\u1ea1nh tranh, gi\u00fap nhi\u1ec1u kh\u00e1ch h\u00e0ng c\u00f3 th\u1ec3 ti\u1ebfp c\u1eadn \u0111\u01b0\u1ee3c.<\/p>\n<p>4. \u0110\u1ed9i ng\u0169 chuy\u00ean nghi\u1ec7p: \u0110\u1ed9i ng\u0169 b\u00e1n h\u00e0ng gi\u00e0u kinh nghi\u1ec7m c\u1ee7a ch\u00fang t\u00f4i c\u00f3 hi\u1ec3u bi\u1ebft v\u1ec1 ng\u00e0nh m\u00e1y m\u00f3c x\u00e2y d\u1ef1ng v\u00e0 c\u00f3 th\u1ec3 cung c\u1ea5p l\u1eddi khuy\u00ean v\u00e0 h\u1ed7 tr\u1ee3 chuy\u00ean m\u00f4n cho kh\u00e1ch h\u00e0ng.<\/p>\n<p>5. H\u1eadu c\u1ea7n hi\u1ec7u qu\u1ea3: Ch\u00fang t\u00f4i c\u00f3 h\u1ec7 th\u1ed1ng ph\u00e2n ph\u1ed1i h\u1eadu c\u1ea7n \u0111\u01b0\u1ee3c thi\u1ebft l\u1eadp t\u1ed1t, \u0111\u1ea3m b\u1ea3o giao h\u00e0ng \u0111\u00fang th\u1eddi h\u1ea1n v\u00e0 ch\u00ednh x\u00e1c cho kh\u00e1ch h\u00e0ng.<\/p>\n<p>T\u00f3m l\u1ea1i, Xi lanh th\u1ee7y l\u1ef1c FMP l\u00e0 s\u1ef1 l\u1ef1a ch\u1ecdn \u0111\u00e1ng tin c\u1eady cho m\u1ecdi nhu c\u1ea7u v\u1ec1 m\u00e1y m\u00f3c x\u00e2y d\u1ef1ng c\u1ee7a b\u1ea1n. H\u00e3y li\u00ean h\u1ec7 v\u1edbi ch\u00fang t\u00f4i ngay h\u00f4m nay \u0111\u1ec3 t\u00ecm hi\u1ec3u th\u00eam v\u1ec1 s\u1ea3n ph\u1ea9m v\u00e0 d\u1ecbch v\u1ee5 c\u1ee7a ch\u00fang t\u00f4i.<\/p>\n<h2>Nh\u1eefng c\u00e2u h\u1ecfi th\u01b0\u1eddng g\u1eb7p<\/h2>\n<p><strong>H: Ng\u00e0nh c\u00f4ng nghi\u1ec7p n\u00e0o c\u00f3 th\u1ec3 h\u01b0\u1edfng l\u1ee3i t\u1eeb nh\u1eefng xi lanh th\u1ee7y l\u1ef1c n\u00e0y?<\/strong><br \/>\nA: Xi lanh th\u1ee7y l\u1ef1c c\u1ee7a ch\u00fang t\u00f4i l\u00fd t\u01b0\u1edfng cho nhi\u1ec1u ng\u00e0nh c\u00f4ng nghi\u1ec7p kh\u00e1c nhau bao g\u1ed3m x\u01b0\u1edfng s\u1eeda ch\u1eefa m\u00e1y m\u00f3c, trang tr\u1ea1i, n\u0103ng l\u01b0\u1ee3ng &amp; khai th\u00e1c m\u1ecf, s\u1ea3n xu\u1ea5t m\u00e1y m\u00f3c v\u00e0 nh\u00e0 m\u00e1y s\u1ea3n xu\u1ea5t m\u00e1y m\u00f3c.<\/p>\n<p><strong>H: M\u1ed9t s\u1ed1 t\u00ednh n\u0103ng c\u1ed1t l\u00f5i c\u1ee7a c\u00e1c xi lanh th\u1ee7y l\u1ef1c n\u00e0y l\u00e0 g\u00ec?<\/strong><br \/>\nA: Xi lanh th\u1ee7y l\u1ef1c c\u1ee7a ch\u00fang t\u00f4i c\u00f3 l\u1ef1c \u0111\u1ea9y t\u1ed1i \u0111a 3000, lo\u1ea1i ch\u1ed1t \u0111i\u1ec1u ch\u1ec9nh \u0111\u01b0\u1ee3c, c\u1ed5ng G\/SAE\/NPT\/M v\u00e0 l\u1ef1c k\u00e9o t\u1ed1i \u0111a 20 t\u1ea5n. S\u1ea3n ph\u1ea9m c\u0169ng \u0111\u01b0\u1ee3c ch\u1ee9ng nh\u1eadn ISO9001:2000.<\/p>\n<p><strong>H: Th\u1eddi gian b\u1ea3o h\u00e0nh cho c\u00e1c xi lanh th\u1ee7y l\u1ef1c n\u00e0y l\u00e0 bao l\u00e2u?<\/strong><br \/>\nA: Xi lanh th\u1ee7y l\u1ef1c c\u1ee7a ch\u00fang t\u00f4i \u0111\u01b0\u1ee3c b\u1ea3o h\u00e0nh 1 n\u0103m cho c\u00e1c b\u1ed9 ph\u1eadn c\u1ed1t l\u00f5i, \u0111\u1ea3m b\u1ea3o b\u1ea1n c\u00f3 th\u1ec3 mua h\u00e0ng m\u1ed9t c\u00e1ch t\u1ef1 tin.<\/p>\n<p><img decoding=\"async\" src=\"https:\/\/img.jiansujichilun.com\/img\/hydrauliccylinders\/C_hydrauliccylinders-2.webp\" alt=\"xi lanh th\u1ee7y l\u1ef1c\" width=\"800\" title=\"\"><\/p>\n<p>T\u00e1c gi\u1ea3: CX<\/p>","protected":false},"excerpt":{"rendered":"<p>Introducing the Customized Welded Double Acting Trailer Hydraulic Cylinder for Agriculture: The Customized Welded Double Acting Trailer Hydraulic Cylinder for Agriculture is a high-quality and reliable product designed specifically for use in the agriculture industry. This hydraulic cylinder is engineered with precision and durability in mind, making it ideal for various agricultural applications. Featuring a [&hellip;]<\/p>","protected":false},"featured_media":1338,"comment_status":"closed","ping_status":"closed","template":"","meta":{"_et_pb_use_builder":"","_et_pb_old_content":"","_et_gb_content_width":""},"product_brand":[],"product_cat":[39],"product_tag":[41,34],"class_list":{"0":"post-1360","1":"product","2":"type-product","3":"status-publish","4":"has-post-thumbnail","6":"product_cat-adjustable-clevis-type-cylinders","7":"product_tag-adjustable-clevis-type-cylinders","8":"product_tag-hydraulic-cylinder","10":"first","11":"instock","12":"product-type-simple"},"_links":{"self":[{"href":"https:\/\/fmp-components.com\/vi\/wp-json\/wp\/v2\/product\/1360","targetHints":{"allow":["GET"]}}],"collection":[{"href":"https:\/\/fmp-components.com\/vi\/wp-json\/wp\/v2\/product"}],"about":[{"href":"https:\/\/fmp-components.com\/vi\/wp-json\/wp\/v2\/types\/product"}],"replies":[{"embeddable":true,"href":"https:\/\/fmp-components.com\/vi\/wp-json\/wp\/v2\/comments?post=1360"}],"wp:featuredmedia":[{"embeddable":true,"href":"https:\/\/fmp-components.com\/vi\/wp-json\/wp\/v2\/media\/1338"}],"wp:attachment":[{"href":"https:\/\/fmp-components.com\/vi\/wp-json\/wp\/v2\/media?parent=1360"}],"wp:term":[{"taxonomy":"product_brand","embeddable":true,"href":"https:\/\/fmp-components.com\/vi\/wp-json\/wp\/v2\/product_brand?post=1360"},{"taxonomy":"product_cat","embeddable":true,"href":"https:\/\/fmp-components.com\/vi\/wp-json\/wp\/v2\/product_cat?post=1360"},{"taxonomy":"product_tag","embeddable":true,"href":"https:\/\/fmp-components.com\/vi\/wp-json\/wp\/v2\/product_tag?post=1360"}],"curies":[{"name":"wp","href":"https:\/\/api.w.org\/{rel}","templated":true}]}}