{"id":1358,"date":"2024-12-23T02:18:57","date_gmt":"2024-12-23T02:18:57","guid":{"rendered":"https:\/\/fmp-components.com\/product\/factory-provide-adjustable-welded-hydraulic-cylinder-for-trailer\/"},"modified":"2024-12-23T03:02:20","modified_gmt":"2024-12-23T03:02:20","slug":"factory-provide-adjustable-welded-hydraulic-cylinder-for-trailer","status":"publish","type":"product","link":"https:\/\/fmp-components.com\/vi\/product\/factory-provide-adjustable-welded-hydraulic-cylinder-for-trailer\/","title":{"rendered":"Nh\u00e0 m\u00e1y cung c\u1ea5p xi lanh th\u1ee7y l\u1ef1c h\u00e0n c\u00f3 th\u1ec3 \u0111i\u1ec1u ch\u1ec9nh cho r\u01a1 mo\u00f3c"},"content":{"rendered":"<h2>Nh\u00e0 m\u00e1y cung c\u1ea5p xi lanh th\u1ee7y l\u1ef1c h\u00e0n c\u00f3 th\u1ec3 \u0111i\u1ec1u ch\u1ec9nh cho r\u01a1 mo\u00f3c:<\/h2>\n<p>Xi lanh th\u1ee7y l\u1ef1c h\u00e0n \u0111i\u1ec1u ch\u1ec9nh \u0111\u01b0\u1ee3c cung c\u1ea5p b\u1edfi Nh\u00e0 m\u00e1y cho R\u01a1 mo\u00f3c l\u00e0 s\u1ea3n ph\u1ea9m \u0111\u01b0\u1ee3c thi\u1ebft k\u1ebf \u0111\u1ec3 t\u0103ng c\u01b0\u1eddng \u0111\u1ed9 b\u1ec1n v\u00e0 \u0111\u1ed9 \u1ed5n \u0111\u1ecbnh cho r\u01a1 mo\u00f3c. V\u1edbi thi\u1ebft k\u1ebf h\u00e0n, s\u1ea3n ph\u1ea9m c\u00f3 kh\u1ea3 n\u0103ng ch\u1ecbu \u0111\u01b0\u1ee3c \u00e1p su\u1ea5t cao v\u00e0 t\u1ea3i tr\u1ecdng n\u1eb7ng, l\u00e0 l\u1ef1a ch\u1ecdn \u0111\u00e1ng tin c\u1eady cho nh\u1eefng ai c\u1ea7n m\u1ed9t xi lanh th\u1ee7y l\u1ef1c b\u1ec1n b\u1ec9.<\/p>\n<p>Xi lanh th\u1ee7y l\u1ef1c n\u00e0y c\u00f3 th\u1ec3 \u0111i\u1ec1u ch\u1ec9nh, ngh\u0129a l\u00e0 n\u00f3 c\u00f3 th\u1ec3 d\u1ec5 d\u00e0ng \u0111\u01b0\u1ee3c \u0111i\u1ec1u ch\u1ec9nh \u0111\u1ec3 ph\u00f9 h\u1ee3p v\u1edbi c\u00e1c lo\u1ea1i r\u01a1 mo\u00f3c kh\u00e1c nhau v\u00e0 nhu c\u1ea7u c\u1ee5 th\u1ec3 c\u1ee7a ch\u00fang. H\u1ec7 th\u1ed1ng th\u1ee7y l\u1ef1c c\u1ee7a n\u00f3 v\u1eadn h\u00e0nh tr\u01a1n tru v\u00e0 hi\u1ec7u qu\u1ea3, gi\u00fap d\u1ec5 d\u00e0ng s\u1eed d\u1ee5ng cho nhi\u1ec1u \u1ee9ng d\u1ee5ng kh\u00e1c nhau.<\/p>\n<p>Xi lanh th\u1ee7y l\u1ef1c h\u00e0n \u0111i\u1ec1u ch\u1ec9nh \u0111\u01b0\u1ee3c cung c\u1ea5p b\u1edfi Nh\u00e0 m\u00e1y \u0111\u01b0\u1ee3c ch\u1ebf t\u1ea1o \u0111\u1ec3 b\u1ec1n b\u1ec9, l\u00e0m t\u1eeb v\u1eadt li\u1ec7u ch\u1ea5t l\u01b0\u1ee3ng cao, ch\u1ed1ng m\u00e0i m\u00f2n. Thi\u1ebft k\u1ebf ti\u00ean ti\u1ebfn \u0111\u1ea3m b\u1ea3o s\u1ea3n ph\u1ea9m c\u00f3 th\u1ec3 ch\u1ecbu \u0111\u01b0\u1ee3c nh\u1eefng \u0111i\u1ec1u ki\u1ec7n kh\u1eafc nghi\u1ec7t nh\u1ea5t, khi\u1ebfn n\u00f3 tr\u1edf th\u00e0nh l\u1ef1a ch\u1ecdn ph\u1ed5 bi\u1ebfn cho c\u00e1c ng\u00e0nh x\u00e2y d\u1ef1ng v\u00e0 n\u00f4ng nghi\u1ec7p.<\/p>\n<p><img loading=\"lazy\" decoding=\"async\" class=\"alignnone size-full wp-image-1334\" src=\"https:\/\/fmp-components.com\/wp-content\/uploads\/2024\/12\/Adjustable-Clevis-Type-Cylinders-4.webp\" alt=\"Xi lanh lo\u1ea1i ch\u1ed1t c\u00f3 th\u1ec3 \u0111i\u1ec1u ch\u1ec9nh\" width=\"800\" height=\"800\" title=\"\" srcset=\"https:\/\/fmp-components.com\/wp-content\/uploads\/2024\/12\/Adjustable-Clevis-Type-Cylinders-4.webp 800w, https:\/\/fmp-components.com\/wp-content\/uploads\/2024\/12\/Adjustable-Clevis-Type-Cylinders-4-480x480.webp 480w\" sizes=\"(min-width: 0px) and (max-width: 480px) 480px, (min-width: 481px) 800px, 100vw\" \/><\/p>\n<p>Nh\u00ecn chung, Xi lanh th\u1ee7y l\u1ef1c h\u00e0n \u0111i\u1ec1u ch\u1ec9nh \u0111\u01b0\u1ee3c cung c\u1ea5p b\u1edfi Nh\u00e0 m\u00e1y cho xe k\u00e9o l\u00e0 m\u1ed9t s\u1ea3n ph\u1ea9m ch\u1ea5t l\u01b0\u1ee3ng cao, mang l\u1ea1i hi\u1ec7u su\u1ea5t \u0111\u00e1ng tin c\u1eady v\u00e0 hi\u1ec7u qu\u1ea3. \u0110\u1ed9 b\u1ec1n v\u00e0 s\u1ee9c m\u1ea1nh c\u1ee7a n\u00f3 khi\u1ebfn n\u00f3 tr\u1edf th\u00e0nh m\u1ed9t l\u1ef1a ch\u1ecdn ti\u1ebft ki\u1ec7m chi ph\u00ed cho nh\u1eefng ai c\u1ea7n m\u1ed9t xi lanh th\u1ee7y l\u1ef1c b\u1ec1n b\u1ec9 cho xe k\u00e9o c\u1ee7a m\u00ecnh.<\/p>\n<table style=\"width: 100%;\" border=\"1\" width=\"100%\" cellspacing=\"0\" cellpadding=\"0\">\n<tbody>\n<tr>\n<th>T\u00ean s\u1ea3n ph\u1ea9m<\/th>\n<td>Xi lanh th\u1ee7y l\u1ef1c h\u00e0n c\u00f3 th\u1ec3 \u0111i\u1ec1u ch\u1ec9nh cho r\u01a1 mo\u00f3c<\/td>\n<\/tr>\n<tr>\n<th>Th\u01b0\u01a1ng hi\u1ec7u<\/th>\n<td>Nh\u00e0 m\u00e1y cung c\u1ea5p<\/td>\n<\/tr>\n<tr>\n<th>B\u1ea3o h\u00e0nh<\/th>\n<td>1 n\u0103m<\/td>\n<\/tr>\n<tr>\n<th>C\u00e1c ng\u00e0nh c\u00f4ng nghi\u1ec7p \u00e1p d\u1ee5ng<\/th>\n<td>X\u01b0\u1edfng s\u1eeda ch\u1eefa m\u00e1y m\u00f3c, trang tr\u1ea1i, n\u0103ng l\u01b0\u1ee3ng v\u00e0 khai th\u00e1c m\u1ecf, s\u1ea3n xu\u1ea5t m\u00e1y m\u00f3c, nh\u00e0 m\u00e1y m\u00e1y m\u00f3c<\/td>\n<\/tr>\n<tr>\n<th>C\u00e2n n\u1eb7ng (KG)<\/th>\n<td>85<\/td>\n<\/tr>\n<tr>\n<th>Video Ki\u1ec3m tra \u0111\u1ea7u ra<\/th>\n<td>Cung c\u1ea5p<\/td>\n<\/tr>\n<tr>\n<th>B\u00e1o c\u00e1o th\u1eed nghi\u1ec7m m\u00e1y m\u00f3c<\/th>\n<td>Cung c\u1ea5p<\/td>\n<\/tr>\n<tr>\n<th>Lo\u1ea1i h\u00ecnh ti\u1ebfp th\u1ecb<\/th>\n<td>S\u1ea3n ph\u1ea9m m\u1edbi n\u0103m 2023<\/td>\n<\/tr>\n<tr>\n<th>C\u00e1c th\u00e0nh ph\u1ea7n c\u1ed1t l\u00f5i<\/th>\n<td>V\u00f2ng bi, xi lanh th\u1ee7y l\u1ef1c<\/td>\n<\/tr>\n<tr>\n<th>V\u1eadt li\u1ec7u th\u00e2n m\u00e1y<\/th>\n<td>Th\u00e9p<\/td>\n<\/tr>\n<tr>\n<th>L\u1ef1c \u0111\u1ea9y t\u1ed1i \u0111a<\/th>\n<td>3000<\/td>\n<\/tr>\n<tr>\n<th>Ki\u1ec3u<\/th>\n<td>Lo\u1ea1i ch\u1ed1t c\u00f3 th\u1ec3 \u0111i\u1ec1u ch\u1ec9nh<\/td>\n<\/tr>\n<tr>\n<th>C\u1ed5ng<\/th>\n<td>G\/SAE\/NPT\/M<\/td>\n<\/tr>\n<tr>\n<th>L\u1ef1c k\u00e9o t\u1ed1i \u0111a<\/th>\n<td>20 t\u1ea5n<\/td>\n<\/tr>\n<tr>\n<th>Ch\u1ee9ng nh\u1eadn<\/th>\n<td>ISO9001:2000<\/td>\n<\/tr>\n<tr>\n<th>K\u00edch th\u01b0\u1edbc l\u1ed7 khoan<\/th>\n<td>2-6 inch<\/td>\n<\/tr>\n<tr>\n<th>K\u00edch th\u01b0\u1edbc thanh<\/th>\n<td>1,125-4 inch<\/td>\n<\/tr>\n<tr>\n<th>K\u00edch th\u01b0\u1edbc n\u00e9t v\u1ebd<\/th>\n<td>4-100 inch<\/td>\n<\/tr>\n<tr>\n<th>K\u00edch th\u01b0\u1edbc ch\u00e2n c\u1eafm<\/th>\n<td>0,5-2 inch<\/td>\n<\/tr>\n<\/tbody>\n<\/table>\n<h2>\u01afu \u0111i\u1ec3m c\u1ee7a xi lanh lo\u1ea1i ch\u1ed1t c\u00f3 th\u1ec3 \u0111i\u1ec1u ch\u1ec9nh<\/h2>\n<p>Xi lanh lo\u1ea1i ch\u1ed1t \u0111i\u1ec1u ch\u1ec9nh, ch\u1eb3ng h\u1ea1n nh\u01b0 Xi lanh th\u1ee7y l\u1ef1c h\u00e0n \u0111i\u1ec1u ch\u1ec9nh cho r\u01a1 mo\u00f3c c\u1ee7a Nh\u00e0 m\u00e1y, mang l\u1ea1i nhi\u1ec1u l\u1ee3i \u00edch, khi\u1ebfn ch\u00fang tr\u1edf th\u00e0nh l\u1ef1a ch\u1ecdn \u0111\u00e1ng gi\u00e1 cho nhi\u1ec1u \u1ee9ng d\u1ee5ng kh\u00e1c nhau. Trong b\u00e0i vi\u1ebft n\u00e0y, ch\u00fang ta s\u1ebd t\u00ecm hi\u1ec3u chi ti\u1ebft v\u1ec1 nh\u1eefng \u01b0u \u0111i\u1ec3m c\u1ee7a c\u00e1c xi lanh n\u00e0y:<\/p>\n<p>1. T\u00ednh linh ho\u1ea1t cao: M\u1ed9t trong nh\u1eefng \u01b0u \u0111i\u1ec3m ch\u00ednh c\u1ee7a xi lanh lo\u1ea1i ch\u1ed1t \u0111i\u1ec1u ch\u1ec9nh l\u00e0 kh\u1ea3 n\u0103ng mang l\u1ea1i t\u00ednh linh ho\u1ea1t cao h\u01a1n trong h\u1ec7 th\u1ed1ng th\u1ee7y l\u1ef1c. Ch\u1ed1t \u0111i\u1ec1u ch\u1ec9nh cho ph\u00e9p \u0111i\u1ec1u ch\u1ec9nh v\u1ecb tr\u00ed l\u1eafp \u0111\u1eb7t xi lanh d\u1ec5 d\u00e0ng v\u00e0 ch\u00ednh x\u00e1c, \u0111i\u1ec1u n\u00e0y r\u1ea5t quan tr\u1ecdng trong c\u00e1c tr\u01b0\u1eddng h\u1ee3p c\u1ea7n \u0111i\u1ec1u ch\u1ec9nh k\u00edch th\u01b0\u1edbc ho\u1eb7c g\u00f3c c\u1ee5 th\u1ec3. T\u00ednh linh ho\u1ea1t n\u00e0y \u0111\u1ea3m b\u1ea3o hi\u1ec7u su\u1ea5t v\u00e0 kh\u1ea3 n\u0103ng l\u1eafp \u0111\u1eb7t t\u1ed1i \u01b0u trong nhi\u1ec1u \u1ee9ng d\u1ee5ng.<\/p>\n<p>2. \u0110\u1ed9 b\u1ec1n \u0111\u01b0\u1ee3c c\u1ea3i thi\u1ec7n: Xi lanh lo\u1ea1i ch\u1ed1t \u0111i\u1ec1u ch\u1ec9nh \u0111\u01b0\u1ee3c thi\u1ebft k\u1ebf \u0111\u1ec3 ch\u1ecbu \u0111\u01b0\u1ee3c t\u1ea3i tr\u1ecdng n\u1eb7ng v\u00e0 \u0111i\u1ec1u ki\u1ec7n v\u1eadn h\u00e0nh kh\u1eafc nghi\u1ec7t. Nh\u1eefng xi lanh n\u00e0y \u0111\u01b0\u1ee3c ch\u1ebf t\u1ea1o b\u1eb1ng v\u1eadt li\u1ec7u ch\u1ea5t l\u01b0\u1ee3ng cao, ch\u1eb3ng h\u1ea1n nh\u01b0 th\u00e9p c\u1ee9ng, gi\u00fap t\u0103ng c\u01b0\u1eddng \u0111\u1ed9 b\u1ec1n v\u00e0 s\u1ee9c m\u1ea1nh. K\u1ebft c\u1ea5u ch\u1eafc ch\u1eafn \u0111\u1ea3m b\u1ea3o xi lanh c\u00f3 th\u1ec3 ch\u1ecbu \u0111\u01b0\u1ee3c s\u1ef1 kh\u1eafc nghi\u1ec7t c\u1ee7a vi\u1ec7c s\u1eed d\u1ee5ng li\u00ean t\u1ee5c m\u00e0 kh\u00f4ng \u1ea3nh h\u01b0\u1edfng \u0111\u1ebfn hi\u1ec7u su\u1ea5t ho\u1eb7c t\u00ednh to\u00e0n v\u1eb9n c\u1ee7a c\u1ea5u tr\u00fac.<\/p>\n<p>3. L\u1eafp \u0111\u1eb7t v\u00e0 b\u1ea3o tr\u00ec d\u1ec5 d\u00e0ng: M\u1ed9t \u01b0u \u0111i\u1ec3m kh\u00e1c c\u1ee7a xi lanh lo\u1ea1i ch\u1ed1t \u0111i\u1ec1u ch\u1ec9nh l\u00e0 d\u1ec5 d\u00e0ng l\u1eafp \u0111\u1eb7t v\u00e0 b\u1ea3o tr\u00ec. Thi\u1ebft k\u1ebf ch\u1ed1t \u0111i\u1ec1u ch\u1ec9nh gi\u00fap \u0111\u01a1n gi\u1ea3n h\u00f3a quy tr\u00ecnh l\u1eafp \u0111\u1eb7t, cho ph\u00e9p l\u1eafp \u0111\u1eb7t nhanh ch\u00f3ng v\u00e0 d\u1ec5 d\u00e0ng. Ngo\u00e0i ra, vi\u1ec7c b\u1ea3o tr\u00ec v\u00e0 ki\u1ec3m tra th\u01b0\u1eddng xuy\u00ean c\u0169ng tr\u1edf n\u00ean d\u1ec5 d\u00e0ng h\u01a1n nh\u1edd ch\u1ed1t \u0111i\u1ec1u ch\u1ec9nh cho ph\u00e9p d\u1ec5 d\u00e0ng ti\u1ebfp c\u1eadn c\u00e1c b\u1ed9 ph\u1eadn c\u1ee7a xi lanh, \u0111\u1ea3m b\u1ea3o b\u1ea3o tr\u00ec hi\u1ec7u qu\u1ea3 v\u00e0 gi\u1ea3m thi\u1ec3u th\u1eddi gian ng\u1eebng ho\u1ea1t \u0111\u1ed9ng.<\/p>\n<p>4. \u1ee8ng d\u1ee5ng \u0111a n\u0103ng: Xi lanh lo\u1ea1i ch\u1ed1t \u0111i\u1ec1u ch\u1ec9nh \u0111\u01b0\u1ee3c \u1ee9ng d\u1ee5ng trong nhi\u1ec1u ng\u00e0nh c\u00f4ng nghi\u1ec7p v\u00e0 h\u1ec7 th\u1ed1ng. T\u00ednh linh ho\u1ea1t c\u1ee7a ch\u00fang gi\u00fap ch\u00fang ph\u00f9 h\u1ee3p v\u1edbi nhi\u1ec1u lo\u1ea1i m\u00e1y m\u00f3c v\u00e0 thi\u1ebft b\u1ecb, bao g\u1ed3m xe k\u00e9o, m\u00e1y m\u00f3c n\u00f4ng nghi\u1ec7p, thi\u1ebft b\u1ecb x\u00e2y d\u1ef1ng, v.v. T\u00ednh ch\u1ea5t \u0111i\u1ec1u ch\u1ec9nh c\u1ee7a ch\u1ed1t cho ph\u00e9p t\u00f9y ch\u1ec9nh v\u00e0 th\u00edch \u1ee9ng v\u1edbi c\u00e1c y\u00eau c\u1ea7u kh\u00e1c nhau, gi\u00fap xi lanh n\u00e0y c\u00f3 kh\u1ea3 n\u0103ng th\u00edch \u1ee9ng cao v\u1edbi nhi\u1ec1u \u1ee9ng d\u1ee5ng kh\u00e1c nhau.<\/p>\n<p>5. \u0110\u1ecbnh v\u1ecb ch\u00ednh x\u00e1c: T\u00ednh n\u0103ng ch\u1ed1t \u0111i\u1ec1u ch\u1ec9nh c\u1ee7a c\u00e1c xi lanh n\u00e0y cho ph\u00e9p \u0111\u1ecbnh v\u1ecb ch\u00ednh x\u00e1c c\u01a1 c\u1ea5u th\u1ee7y l\u1ef1c. \u0110\u1ed9 ch\u00ednh x\u00e1c n\u00e0y r\u1ea5t quan tr\u1ecdng trong c\u00e1c \u1ee9ng d\u1ee5ng y\u00eau c\u1ea7u c\u0103n ch\u1ec9nh v\u00e0 ki\u1ec3m so\u00e1t ch\u00ednh x\u00e1c, ch\u1eb3ng h\u1ea1n nh\u01b0 trong c\u00e1c h\u1ec7 th\u1ed1ng x\u1eed l\u00fd v\u1eadt li\u1ec7u ho\u1eb7c thi\u1ebft b\u1ecb y\u00eau c\u1ea7u \u0111\u1ecbnh v\u1ecb c\u1ee5 th\u1ec3 \u0111\u1ec3 v\u1eadn h\u00e0nh hi\u1ec7u qu\u1ea3. Kh\u1ea3 n\u0103ng tinh ch\u1ec9nh v\u1ecb tr\u00ed l\u1eafp \u0111\u1eb7t xi lanh \u0111\u1ea3m b\u1ea3o hi\u1ec7u su\u1ea5t v\u00e0 hi\u1ec7u qu\u1ea3 v\u1eadn h\u00e0nh t\u1ed1i \u01b0u.<\/p>\n<p>T\u00f3m l\u1ea1i, xi lanh lo\u1ea1i ch\u1ed1t \u0111i\u1ec1u ch\u1ec9nh, v\u00ed d\u1ee5 nh\u01b0 xi lanh th\u1ee7y l\u1ef1c h\u00e0n \u0111i\u1ec1u ch\u1ec9nh cho r\u01a1 mo\u00f3c c\u1ee7a Nh\u00e0 m\u00e1y cung c\u1ea5p, mang l\u1ea1i nhi\u1ec1u \u01b0u \u0111i\u1ec3m v\u1ec1 t\u00ednh linh ho\u1ea1t, \u0111\u1ed9 b\u1ec1n, d\u1ec5 l\u1eafp \u0111\u1eb7t v\u00e0 b\u1ea3o tr\u00ec, t\u00ednh \u0111a n\u0103ng v\u00e0 \u0111\u1ecbnh v\u1ecb ch\u00ednh x\u00e1c. Nh\u1eefng xi lanh n\u00e0y cung c\u1ea5p gi\u1ea3i ph\u00e1p \u0111\u00e1ng tin c\u1eady v\u00e0 hi\u1ec7u qu\u1ea3 cho nhi\u1ec1u h\u1ec7 th\u1ed1ng v\u00e0 \u1ee9ng d\u1ee5ng th\u1ee7y l\u1ef1c kh\u00e1c nhau, khi\u1ebfn ch\u00fang tr\u1edf th\u00e0nh l\u1ef1a ch\u1ecdn ph\u1ed5 bi\u1ebfn trong ng\u00e0nh.<img decoding=\"async\" src=\"https:\/\/fmp-components.com\/wp-content\/uploads\/2024\/12\/Adjustable-Clevis-Type-Cylinders5.webp\" alt=\"Xi lanh lo\u1ea1i Clevis c\u00f3 th\u1ec3 \u0111i\u1ec1u ch\u1ec9nh\" width=\"800\" title=\"\"><\/p>\n<h2>\u1ee8ng d\u1ee5ng c\u1ee7a xi lanh lo\u1ea1i ch\u1ed1t c\u00f3 th\u1ec3 \u0111i\u1ec1u ch\u1ec9nh<\/h2>\n<p>Xi lanh th\u1ee7y l\u1ef1c lo\u1ea1i ch\u1ed1t \u0111i\u1ec1u ch\u1ec9nh, ch\u1eb3ng h\u1ea1n nh\u01b0 xi lanh th\u1ee7y l\u1ef1c h\u00e0n \u0111i\u1ec1u ch\u1ec9nh \u0111\u01b0\u1ee3c nh\u00e0 m\u00e1y cung c\u1ea5p cho xe k\u00e9o, \u0111\u00f3ng vai tr\u00f2 quan tr\u1ecdng trong nhi\u1ec1u ng\u00e0nh c\u00f4ng nghi\u1ec7p nh\u1edd t\u00ednh linh ho\u1ea1t v\u00e0 kh\u1ea3 n\u0103ng th\u00edch \u1ee9ng. Nh\u1eefng xi lanh th\u1ee7y l\u1ef1c chuy\u00ean d\u1ee5ng n\u00e0y \u0111\u01b0\u1ee3c thi\u1ebft k\u1ebf \u0111\u1ec3 cung c\u1ea5p chuy\u1ec3n \u0111\u1ed9ng tuy\u1ebfn t\u00ednh ch\u00ednh x\u00e1c v\u00e0 \u0111\u01b0\u1ee3c ki\u1ec3m so\u00e1t, l\u00fd t\u01b0\u1edfng cho nhi\u1ec1u \u1ee9ng d\u1ee5ng kh\u00e1c nhau. Trong b\u00e0i vi\u1ebft n\u00e0y, ch\u00fang ta s\u1ebd t\u00ecm hi\u1ec3u c\u00e1c \u1ee9ng d\u1ee5ng ch\u00ednh c\u1ee7a xi lanh lo\u1ea1i ch\u1ed1t \u0111i\u1ec1u ch\u1ec9nh v\u00e0 th\u1ea3o lu\u1eadn chi ti\u1ebft v\u1ec1 l\u1ee3i \u00edch c\u1ee7a ch\u00fang.<\/p>\n<h3>1. T\u1ef1 \u0111\u1ed9ng h\u00f3a c\u00f4ng nghi\u1ec7p<\/h3>\n<p>Xi lanh lo\u1ea1i ch\u1ed1t \u0111i\u1ec1u ch\u1ec9nh \u0111\u01b0\u1ee3c s\u1eed d\u1ee5ng r\u1ed9ng r\u00e3i trong c\u00e1c h\u1ec7 th\u1ed1ng t\u1ef1 \u0111\u1ed9ng h\u00f3a c\u00f4ng nghi\u1ec7p, n\u01a1i y\u00eau c\u1ea7u chuy\u1ec3n \u0111\u1ed9ng ch\u00ednh x\u00e1c v\u00e0 \u0111\u01b0\u1ee3c ki\u1ec3m so\u00e1t. C\u00e1c xi lanh n\u00e0y c\u00f3 th\u1ec3 d\u1ec5 d\u00e0ng \u0111i\u1ec1u ch\u1ec9nh \u0111\u1ec3 \u0111\u1ea1t \u0111\u01b0\u1ee3c chi\u1ec1u d\u00e0i h\u00e0nh tr\u00ecnh mong mu\u1ed1n, r\u1ea5t l\u00fd t\u01b0\u1edfng cho c\u00e1c \u1ee9ng d\u1ee5ng nh\u01b0 h\u1ec7 th\u1ed1ng b\u0103ng t\u1ea3i, d\u00e2y chuy\u1ec1n l\u1eafp r\u00e1p v\u00e0 c\u00e1nh tay robot. Xi lanh th\u1ee7y l\u1ef1c h\u00e0n \u0111i\u1ec1u ch\u1ec9nh \u0111\u01b0\u1ee3c cung c\u1ea5p t\u1ea1i nh\u00e0 m\u00e1y cho r\u01a1 mo\u00f3c, v\u1edbi kh\u1ea3 n\u0103ng ch\u1ecbu t\u1ea3i cao v\u00e0 c\u00e1c t\u00ednh n\u0103ng \u0111i\u1ec1u ch\u1ec9nh, \u0111\u1ea3m b\u1ea3o ho\u1ea1t \u0111\u1ed9ng hi\u1ec7u qu\u1ea3 v\u00e0 \u0111\u00e1ng tin c\u1eady trong t\u1ef1 \u0111\u1ed9ng h\u00f3a c\u00f4ng nghi\u1ec7p.<\/p>\n<h3>2. M\u00e1y m\u00f3c n\u00f4ng nghi\u1ec7p<\/h3>\n<p>Trong l\u0129nh v\u1ef1c n\u00f4ng nghi\u1ec7p, xi lanh ki\u1ec3u ch\u1ed1t \u0111i\u1ec1u ch\u1ec9nh \u0111\u01b0\u1ee3c \u1ee9ng d\u1ee5ng r\u1ed9ng r\u00e3i trong c\u00e1c thi\u1ebft b\u1ecb n\u00f4ng nghi\u1ec7p. Nh\u1eefng xi lanh n\u00e0y th\u01b0\u1eddng \u0111\u01b0\u1ee3c s\u1eed d\u1ee5ng trong c\u00e1c m\u00e1y m\u00f3c n\u00f4ng nghi\u1ec7p nh\u01b0 m\u00e1y g\u1eb7t, m\u00e1y c\u00e0y v\u00e0 h\u1ec7 th\u1ed1ng t\u01b0\u1edbi ti\u00eau. Kh\u1ea3 n\u0103ng \u0111i\u1ec1u ch\u1ec9nh \u0111\u1ed9 d\u00e0i h\u00e0nh tr\u00ecnh c\u1ee7a xi lanh cho ph\u00e9p ki\u1ec3m so\u00e1t ch\u00ednh x\u00e1c chuy\u1ec3n \u0111\u1ed9ng c\u1ee7a c\u00e1c m\u00e1y m\u00f3c n\u00f4ng nghi\u1ec7p n\u00e0y. Xi lanh th\u1ee7y l\u1ef1c h\u00e0n \u0111i\u1ec1u ch\u1ec9nh \u0111\u01b0\u1ee3c nh\u00e0 m\u00e1y cung c\u1ea5p cho xe k\u00e9o, v\u1edbi c\u1ea5u tr\u00fac ch\u1eafc ch\u1eafn v\u00e0 kh\u1ea3 n\u0103ng ch\u1ed1ng \u0103n m\u00f2n, \u0111\u1ea3m b\u1ea3o hi\u1ec7u su\u1ea5t t\u1ed1i \u01b0u ngay c\u1ea3 trong m\u00f4i tr\u01b0\u1eddng n\u00f4ng nghi\u1ec7p kh\u1eafc nghi\u1ec7t.<\/p>\n<h3>3. Thi\u1ebft b\u1ecb x\u00e2y d\u1ef1ng<\/h3>\n<p>Xi lanh lo\u1ea1i ch\u1ed1t \u0111i\u1ec1u ch\u1ec9nh c\u0169ng \u0111\u01b0\u1ee3c s\u1eed d\u1ee5ng r\u1ed9ng r\u00e3i trong ng\u00e0nh x\u00e2y d\u1ef1ng. Nh\u1eefng xi lanh n\u00e0y th\u01b0\u1eddng \u0111\u01b0\u1ee3c t\u00ecm th\u1ea5y trong c\u00e1c thi\u1ebft b\u1ecb x\u00e2y d\u1ef1ng nh\u01b0 m\u00e1y \u0111\u00e0o, m\u00e1y x\u00fac v\u00e0 c\u1ea7n c\u1ea9u. T\u00ednh n\u0103ng \u0111i\u1ec1u ch\u1ec9nh c\u1ee7a c\u00e1c xi lanh n\u00e0y cho ph\u00e9p \u0111\u1ecbnh v\u1ecb v\u00e0 n\u00e2ng t\u1ea3i tr\u1ecdng n\u1eb7ng m\u1ed9t c\u00e1ch ch\u00ednh x\u00e1c. Xi lanh th\u1ee7y l\u1ef1c h\u00e0n \u0111i\u1ec1u ch\u1ec9nh \u0111\u01b0\u1ee3c nh\u00e0 m\u00e1y cung c\u1ea5p cho xe k\u00e9o, v\u1edbi c\u1ea5u tr\u00fac b\u1ec1n b\u1ec9 v\u00e0 kh\u1ea3 n\u0103ng ch\u1ecbu \u00e1p su\u1ea5t cao, \u0111\u1ea3m b\u1ea3o \u0111\u1ed9 tin c\u1eady v\u00e0 an to\u00e0n t\u1ea1i c\u00e1c c\u00f4ng tr\u01b0\u1eddng x\u00e2y d\u1ef1ng kh\u1eafc nghi\u1ec7t.<\/p>\n<h3>4. X\u1eed l\u00fd v\u1eadt li\u1ec7u<\/h3>\n<p>Xi lanh lo\u1ea1i ch\u1ed1t \u0111i\u1ec1u ch\u1ec9nh \u0111\u01b0\u1ee3c s\u1eed d\u1ee5ng r\u1ed9ng r\u00e3i trong c\u00e1c \u1ee9ng d\u1ee5ng x\u1eed l\u00fd v\u1eadt li\u1ec7u. Nh\u1eefng xi lanh n\u00e0y \u0111\u01b0\u1ee3c s\u1eed d\u1ee5ng trong c\u00e1c thi\u1ebft b\u1ecb nh\u01b0 xe n\u00e2ng, b\u00e0n n\u00e2ng v\u00e0 h\u1ec7 th\u1ed1ng b\u0103ng t\u1ea3i. Chi\u1ec1u d\u00e0i h\u00e0nh tr\u00ecnh c\u00f3 th\u1ec3 \u0111i\u1ec1u ch\u1ec9nh c\u1ee7a xi lanh cho ph\u00e9p di chuy\u1ec3n v\u1eadt li\u1ec7u hi\u1ec7u qu\u1ea3 v\u00e0 c\u00f3 ki\u1ec3m so\u00e1t, g\u00f3p ph\u1ea7n n\u00e2ng cao n\u0103ng su\u1ea5t v\u00e0 an to\u00e0n trong ho\u1ea1t \u0111\u1ed9ng x\u1eed l\u00fd v\u1eadt li\u1ec7u. Xi lanh th\u1ee7y l\u1ef1c h\u00e0n \u0111i\u1ec1u ch\u1ec9nh \u0111\u01b0\u1ee3c nh\u00e0 m\u00e1y cung c\u1ea5p cho r\u01a1 mo\u00f3c, v\u1edbi kh\u1ea3 n\u0103ng ch\u1ecbu t\u1ea3i v\u01b0\u1ee3t tr\u1ed9i v\u00e0 c\u00e1c t\u00ednh n\u0103ng \u0111i\u1ec1u ch\u1ec9nh, gi\u00fap n\u00e2ng cao hi\u1ec7u qu\u1ea3 x\u1eed l\u00fd v\u1eadt li\u1ec7u.<\/p>\n<h3>5. M\u00e1y m\u00f3c di \u0111\u1ed9ng<\/h3>\n<p>Xi lanh lo\u1ea1i ch\u1ed1t \u0111i\u1ec1u ch\u1ec9nh \u0111\u01b0\u1ee3c s\u1eed d\u1ee5ng ph\u1ed5 bi\u1ebfn trong nhi\u1ec1u lo\u1ea1i m\u00e1y m\u00f3c di \u0111\u1ed9ng. C\u00e1c xi lanh n\u00e0y \u0111\u01b0\u1ee3c t\u00ecm th\u1ea5y trong c\u00e1c \u1ee9ng d\u1ee5ng nh\u01b0 c\u1ea7n c\u1ea9u di \u0111\u1ed9ng, xe ben v\u00e0 xe n\u00f4ng nghi\u1ec7p. T\u00ednh n\u0103ng \u0111i\u1ec1u ch\u1ec9nh c\u1ee7a c\u00e1c xi lanh n\u00e0y cho ph\u00e9p \u0111\u1ecbnh v\u1ecb v\u00e0 \u0111i\u1ec1u ch\u1ec9nh linh ho\u1ea1t theo c\u00e1c y\u00eau c\u1ea7u v\u1eadn h\u00e0nh kh\u00e1c nhau. Xi lanh th\u1ee7y l\u1ef1c h\u00e0n \u0111i\u1ec1u ch\u1ec9nh \u0111\u01b0\u1ee3c cung c\u1ea5p t\u1ea1i nh\u00e0 m\u00e1y cho r\u01a1 mo\u00f3c, v\u1edbi thi\u1ebft k\u1ebf ch\u1eafc ch\u1eafn v\u00e0 c\u00e1c t\u00f9y ch\u1ecdn t\u00f9y ch\u1ec9nh, \u0111\u1ea3m b\u1ea3o hi\u1ec7u su\u1ea5t v\u00e0 tu\u1ed5i th\u1ecd t\u1ed1i \u01b0u trong c\u00e1c \u1ee9ng d\u1ee5ng m\u00e1y m\u00f3c di \u0111\u1ed9ng.<\/p>\n<p>T\u00f3m l\u1ea1i, xi lanh ki\u1ec3u ch\u1ed1t \u0111i\u1ec1u ch\u1ec9nh, bao g\u1ed3m c\u1ea3 xi lanh th\u1ee7y l\u1ef1c h\u00e0n \u0111i\u1ec1u ch\u1ec9nh \u0111\u01b0\u1ee3c nh\u00e0 m\u00e1y cung c\u1ea5p cho r\u01a1 mo\u00f3c, r\u1ea5t linh ho\u1ea1t v\u00e0 \u0111\u01b0\u1ee3c \u1ee9ng d\u1ee5ng r\u1ed9ng r\u00e3i trong nhi\u1ec1u ng\u00e0nh c\u00f4ng nghi\u1ec7p kh\u00e1c nhau. C\u00e1c t\u00ednh n\u0103ng \u0111i\u1ec1u ch\u1ec9nh, k\u1ebft h\u1ee3p v\u1edbi c\u1ea5u tr\u00fac ch\u1eafc ch\u1eafn v\u00e0 kh\u1ea3 n\u0103ng \u0111i\u1ec1u khi\u1ec3n ch\u00ednh x\u00e1c, khi\u1ebfn ch\u00fang tr\u1edf n\u00ean kh\u00f4ng th\u1ec3 thi\u1ebfu trong t\u1ef1 \u0111\u1ed9ng h\u00f3a c\u00f4ng nghi\u1ec7p, m\u00e1y m\u00f3c n\u00f4ng nghi\u1ec7p, thi\u1ebft b\u1ecb x\u00e2y d\u1ef1ng, v\u1eadn chuy\u1ec3n v\u1eadt li\u1ec7u v\u00e0 m\u00e1y m\u00f3c di \u0111\u1ed9ng. B\u1eb1ng c\u00e1ch cung c\u1ea5p chuy\u1ec3n \u0111\u1ed9ng tuy\u1ebfn t\u00ednh \u0111\u00e1ng tin c\u1eady v\u00e0 hi\u1ec7u qu\u1ea3, c\u00e1c xi lanh n\u00e0y g\u00f3p ph\u1ea7n n\u00e2ng cao n\u0103ng su\u1ea5t v\u00e0 \u0111\u1ed9 an to\u00e0n t\u1ed5ng th\u1ec3 c\u1ee7a c\u00e1c \u1ee9ng d\u1ee5ng kh\u00e1c nhau.<\/p>\n<p><img decoding=\"async\" src=\"https:\/\/fmp-components.com\/wp-content\/uploads\/2024\/12\/Application-of-Adjustable-Clevis-Type-Cylinders.webp\" alt=\"Xi lanh lo\u1ea1i Clevis c\u00f3 th\u1ec3 \u0111i\u1ec1u ch\u1ec9nh\" width=\"800\" title=\"\"><\/p>\n<h3>Gi\u1edbi thi\u1ec7u v\u1ec1 FMP \u2013 Xi lanh th\u1ee7y l\u1ef1c<\/h3>\n<p>FMP l\u00e0 c\u00f4ng ty h\u00e0ng \u0111\u1ea7u chuy\u00ean kinh doanh v\u00e0 d\u1ecbch v\u1ee5 ph\u1ee5 t\u00f9ng m\u00e1y m\u00f3c x\u00e2y d\u1ef1ng v\u00e0 m\u00e1y m\u00f3c ho\u00e0n ch\u1ec9nh. V\u1edbi nhi\u1ec1u n\u0103m kinh nghi\u1ec7m trong ng\u00e0nh v\u00e0 \u0111\u1ed9i ng\u0169 chuy\u00ean nghi\u1ec7p t\u1ea1i \u00dd, ch\u00fang t\u00f4i cung c\u1ea5p ph\u1ee5 t\u00f9ng m\u00e1y m\u00f3c x\u00e2y d\u1ef1ng ch\u1ea5t l\u01b0\u1ee3ng cao v\u00e0 \u0111\u00e1ng tin c\u1eady c\u00f9ng c\u00e1c gi\u1ea3i ph\u00e1p m\u00e1y m\u00f3c ho\u00e0n ch\u1ec9nh. C\u00f4ng ty ch\u00fang t\u00f4i cung c\u1ea5p \u0111a d\u1ea1ng c\u00e1c s\u1ea3n ph\u1ea9m, bao g\u1ed3m h\u1ed9p s\u1ed1 m\u00e1y m\u00f3c n\u00f4ng nghi\u1ec7p, h\u1ed9p s\u1ed1 h\u00e0nh tinh, h\u1ed9p s\u1ed1 c\u00f4ng nghi\u1ec7p, v\u00e0 nhi\u1ec1u lo\u1ea1i ph\u1ee5 t\u00f9ng m\u00e1y m\u00f3c x\u00e2y d\u1ef1ng kh\u00e1c.<\/p>\n<p>Sau \u0111\u00e2y l\u00e0 m\u1ed9t s\u1ed1 \u01b0u \u0111i\u1ec3m v\u00e0 t\u00ednh n\u0103ng c\u1ee7a Xi lanh th\u1ee7y l\u1ef1c c\u1ee7a ch\u00fang t\u00f4i:<\/p>\n<p>1. V\u1eadt li\u1ec7u ch\u1ea5t l\u01b0\u1ee3ng cao: Xi lanh th\u1ee7y l\u1ef1c c\u1ee7a ch\u00fang t\u00f4i \u0111\u01b0\u1ee3c s\u1ea3n xu\u1ea5t b\u1eb1ng v\u1eadt li\u1ec7u ch\u1ea5t l\u01b0\u1ee3ng cao, b\u1ec1n b\u1ec9 v\u00e0 l\u00e2u d\u00e0i. Ch\u00fang t\u00f4i \u0111\u1ea3m b\u1ea3o s\u1ea3n ph\u1ea9m c\u1ee7a m\u00ecnh \u0111\u00e1p \u1ee9ng c\u00e1c ti\u00eau chu\u1ea9n ch\u1ea5t l\u01b0\u1ee3ng nghi\u00eam ng\u1eb7t v\u00e0 \u0111\u01b0\u1ee3c thi\u1ebft k\u1ebf \u0111\u1ec3 mang \u0111\u1ebfn cho kh\u00e1ch h\u00e0ng hi\u1ec7u su\u1ea5t t\u1ed1i \u01b0u.<\/p>\n<p>2. C\u00f3 th\u1ec3 t\u00f9y ch\u1ec9nh: Ch\u00fang t\u00f4i cung c\u1ea5p xi lanh th\u1ee7y l\u1ef1c c\u00f3 th\u1ec3 t\u00f9y ch\u1ec9nh \u0111\u1ec3 \u0111\u00e1p \u1ee9ng nhu c\u1ea7u c\u1ee5 th\u1ec3 c\u1ee7a kh\u00e1ch h\u00e0ng. B\u1ea1n c\u00f3 th\u1ec3 ch\u1ecdn k\u00edch th\u01b0\u1edbc, h\u00e0nh tr\u00ecnh v\u00e0 \u0111\u01b0\u1eddng k\u00ednh l\u1ed7 ph\u00f9 h\u1ee3p cho \u1ee9ng d\u1ee5ng c\u1ee7a m\u00ecnh.<\/p>\n<p>3. \u1ee8ng d\u1ee5ng r\u1ed9ng r\u00e3i: Xi lanh th\u1ee7y l\u1ef1c c\u1ee7a ch\u00fang t\u00f4i c\u00f3 th\u1ec3 \u0111\u01b0\u1ee3c s\u1eed d\u1ee5ng trong nhi\u1ec1u \u1ee9ng d\u1ee5ng kh\u00e1c nhau, bao g\u1ed3m m\u00e1y m\u00f3c n\u00f4ng nghi\u1ec7p, m\u00e1y m\u00f3c x\u00e2y d\u1ef1ng v\u00e0 m\u00e1y m\u00f3c c\u00f4ng nghi\u1ec7p.<\/p>\n<p>4. G\u1ee3i \u00fd mua h\u00e0ng th\u00f4ng minh: \u0110\u1ed9i ng\u0169 b\u00e1n h\u00e0ng gi\u00e0u kinh nghi\u1ec7m c\u1ee7a ch\u00fang t\u00f4i am hi\u1ec3u xu h\u01b0\u1edbng ph\u00e1t tri\u1ec3n v\u00e0 nhu c\u1ea7u c\u1ee7a kh\u00e1ch h\u00e0ng trong ng\u00e0nh m\u00e1y m\u00f3c x\u00e2y d\u1ef1ng. H\u1ecd c\u00f3 th\u1ec3 cung c\u1ea5p t\u01b0 v\u1ea5n s\u1ea3n ph\u1ea9m chuy\u00ean nghi\u1ec7p v\u00e0 g\u1ee3i \u00fd mua h\u00e0ng th\u00f4ng minh.<\/p>\n<p>5. H\u1eadu c\u1ea7n hi\u1ec7u qu\u1ea3: Ch\u00fang t\u00f4i c\u00f3 h\u1ec7 th\u1ed1ng ph\u00e2n ph\u1ed1i h\u1eadu c\u1ea7n hi\u1ec7u qu\u1ea3 \u0111\u1ec3 \u0111\u1ea3m b\u1ea3o kh\u00e1ch h\u00e0ng nh\u1eadn \u0111\u01b0\u1ee3c c\u00e1c b\u1ed9 ph\u1eadn c\u1ea7n thi\u1ebft m\u1ed9t c\u00e1ch k\u1ecbp th\u1eddi v\u00e0 ch\u00ednh x\u00e1c.<\/p>\n<p>T\u1ea1i FMP, ch\u00fang t\u00f4i cam k\u1ebft cung c\u1ea5p xi lanh th\u1ee7y l\u1ef1c ch\u1ea5t l\u01b0\u1ee3ng cao, \u0111\u00e1ng tin c\u1eady v\u00e0 \u0111\u01b0\u1ee3c t\u00f9y ch\u1ec9nh, \u0111\u00e1p \u1ee9ng nhu c\u1ea7u c\u1ee5 th\u1ec3 c\u1ee7a kh\u00e1ch h\u00e0ng. \u0110\u1ed9i ng\u0169 c\u1ee7a ch\u00fang t\u00f4i lu\u00f4n s\u1eb5n s\u00e0ng cung c\u1ea5p cho b\u1ea1n d\u1ecbch v\u1ee5 chuy\u00ean nghi\u1ec7p v\u00e0 hi\u1ec7u qu\u1ea3. H\u00e3y ch\u1ecdn FMP l\u00e0m nh\u00e0 cung c\u1ea5p xi lanh th\u1ee7y l\u1ef1c c\u1ee7a b\u1ea1n, v\u00e0 ch\u00fang t\u00f4i s\u1ebd cung c\u1ea5p cho b\u1ea1n nh\u1eefng s\u1ea3n ph\u1ea9m v\u00e0 d\u1ecbch v\u1ee5 t\u1ed1t nh\u1ea5t.<\/p>\n<p><img decoding=\"async\" src=\"https:\/\/fmp-components.com\/wp-content\/uploads\/2024\/12\/Adjustable-Clevis-Type-Cylinders-6.webp\" alt=\"Xi lanh lo\u1ea1i Clevis c\u00f3 th\u1ec3 \u0111i\u1ec1u ch\u1ec9nh\" width=\"820\" title=\"\"><\/p>\n<h2>C\u00e2u h\u1ecfi th\u01b0\u1eddng g\u1eb7p<\/h2>\n<p><strong>Q: B\u1ea1n l\u00e0 c\u00f4ng ty th\u01b0\u01a1ng m\u1ea1i hay nh\u00e0 s\u1ea3n xu\u1ea5t?<\/strong><br \/>\nA: Ch\u00fang t\u00f4i l\u00e0 nh\u00e0 s\u1ea3n xu\u1ea5t, cung c\u1ea5p xi lanh th\u1ee7y l\u1ef1c ch\u1ea5t l\u01b0\u1ee3ng h\u00e0ng \u0111\u1ea7u.<\/p>\n<p><strong>Q: Th\u1eddi gian giao h\u00e0ng c\u1ee7a b\u1ea1n l\u00e0 bao l\u00e2u?<\/strong><br \/>\nA: Th\u1eddi gian giao h\u00e0ng chung l\u00e0 25-35 ng\u00e0y.<\/p>\n<p><strong>H: B\u1ea1n c\u00f3 cung c\u1ea5p m\u1eabu th\u1eed kh\u00f4ng? M\u1eabu mi\u1ec5n ph\u00ed hay t\u00ednh th\u00eam ph\u00ed?<\/strong><br \/>\nA: Ch\u00fang t\u00f4i c\u00f3 cung c\u1ea5p m\u1eabu, nh\u01b0ng kh\u00f4ng mi\u1ec5n ph\u00ed.<\/p>\n<p><img decoding=\"async\" src=\"https:\/\/img.jiansujichilun.com\/img\/hydrauliccylinders\/T_hydrauliccylinders-4.webp\" alt=\"xi lanh th\u1ee7y l\u1ef1c\" width=\"800\" title=\"\"><\/p>\n<p>T\u00e1c gi\u1ea3: CX<\/p>","protected":false},"excerpt":{"rendered":"<p>Factory Provide Adjustable Welded Hydraulic Cylinder For Trailer: The Factory Provide Adjustable Welded Hydraulic Cylinder For Trailer is a product designed to provide strength and stability to trailers. With its welded design, it is capable of withstanding high pressure and heavy loads, making it a reliable choice for those in need of a durable hydraulic [&hellip;]<\/p>","protected":false},"featured_media":1340,"comment_status":"closed","ping_status":"closed","template":"","meta":{"_et_pb_use_builder":"","_et_pb_old_content":"","_et_gb_content_width":""},"product_brand":[],"product_cat":[39],"product_tag":[41,34],"class_list":{"0":"post-1358","1":"product","2":"type-product","3":"status-publish","4":"has-post-thumbnail","6":"product_cat-adjustable-clevis-type-cylinders","7":"product_tag-adjustable-clevis-type-cylinders","8":"product_tag-hydraulic-cylinder","10":"first","11":"instock","12":"product-type-simple"},"_links":{"self":[{"href":"https:\/\/fmp-components.com\/vi\/wp-json\/wp\/v2\/product\/1358","targetHints":{"allow":["GET"]}}],"collection":[{"href":"https:\/\/fmp-components.com\/vi\/wp-json\/wp\/v2\/product"}],"about":[{"href":"https:\/\/fmp-components.com\/vi\/wp-json\/wp\/v2\/types\/product"}],"replies":[{"embeddable":true,"href":"https:\/\/fmp-components.com\/vi\/wp-json\/wp\/v2\/comments?post=1358"}],"wp:featuredmedia":[{"embeddable":true,"href":"https:\/\/fmp-components.com\/vi\/wp-json\/wp\/v2\/media\/1340"}],"wp:attachment":[{"href":"https:\/\/fmp-components.com\/vi\/wp-json\/wp\/v2\/media?parent=1358"}],"wp:term":[{"taxonomy":"product_brand","embeddable":true,"href":"https:\/\/fmp-components.com\/vi\/wp-json\/wp\/v2\/product_brand?post=1358"},{"taxonomy":"product_cat","embeddable":true,"href":"https:\/\/fmp-components.com\/vi\/wp-json\/wp\/v2\/product_cat?post=1358"},{"taxonomy":"product_tag","embeddable":true,"href":"https:\/\/fmp-components.com\/vi\/wp-json\/wp\/v2\/product_tag?post=1358"}],"curies":[{"name":"wp","href":"https:\/\/api.w.org\/{rel}","templated":true}]}}