{"id":1351,"date":"2024-12-23T02:18:07","date_gmt":"2024-12-23T02:18:07","guid":{"rendered":"https:\/\/fmp-components.com\/product\/durable-adjustable-truck-hydraulic-piston-cylinder-for-trailer\/"},"modified":"2025-03-18T00:56:23","modified_gmt":"2025-03-18T00:56:23","slug":"durable-adjustable-truck-hydraulic-piston-cylinder-for-trailer","status":"publish","type":"product","link":"https:\/\/fmp-components.com\/vi\/product\/durable-adjustable-truck-hydraulic-piston-cylinder-for-trailer\/","title":{"rendered":"Xi lanh piston th\u1ee7y l\u1ef1c xe t\u1ea3i c\u00f3 th\u1ec3 \u0111i\u1ec1u ch\u1ec9nh b\u1ec1n b\u1ec9 cho xe k\u00e9o"},"content":{"rendered":"<h2>Gi\u1edbi thi\u1ec7u Xi lanh piston th\u1ee7y l\u1ef1c xe t\u1ea3i c\u00f3 th\u1ec3 \u0111i\u1ec1u ch\u1ec9nh b\u1ec1n b\u1ec9 cho xe k\u00e9o:<\/h2>\n<p>Xi lanh th\u1ee7y l\u1ef1c piston xe t\u1ea3i \u0111i\u1ec1u ch\u1ec9nh b\u1ec1n b\u1ec9 cho r\u01a1 mo\u00f3c l\u00e0 s\u1ea3n ph\u1ea9m ch\u1ea5t l\u01b0\u1ee3ng cao, \u0111\u00e1ng tin c\u1eady, \u0111\u01b0\u1ee3c thi\u1ebft k\u1ebf \u0111\u1ec3 \u0111\u00e1p \u1ee9ng nhu c\u1ea7u c\u1ee7a ng\u00e0nh v\u1eadn t\u1ea3i \u0111\u01b0\u1eddng b\u1ed9. Xi lanh n\u00e0y \u0111\u01b0\u1ee3c thi\u1ebft k\u1ebf \u0111\u1eb7c bi\u1ec7t \u0111\u1ec3 v\u1eadn h\u00e0nh tr\u01a1n tru v\u00e0 hi\u1ec7u qu\u1ea3, \u0111\u1ea3m b\u1ea3o hi\u1ec7u su\u1ea5t t\u1ed1i \u01b0u cho c\u00e1c \u1ee9ng d\u1ee5ng r\u01a1 mo\u00f3c.<\/p>\n<p>V\u1edbi c\u1ea5u tr\u00fac b\u1ec1n b\u1ec9, xi lanh piston th\u1ee7y l\u1ef1c n\u00e0y \u0111\u01b0\u1ee3c ch\u1ebf t\u1ea1o \u0111\u1ec3 b\u1ec1n b\u1ec9 theo th\u1eddi gian. S\u1ea3n ph\u1ea9m \u0111\u01b0\u1ee3c l\u00e0m t\u1eeb v\u1eadt li\u1ec7u cao c\u1ea5p, ch\u1ed1ng m\u00e0i m\u00f2n v\u00e0 \u0103n m\u00f2n, \u0111\u1ea3m b\u1ea3o tu\u1ed5i th\u1ecd l\u00e2u d\u00e0i ngay c\u1ea3 trong \u0111i\u1ec1u ki\u1ec7n kh\u1eafc nghi\u1ec7t. Xi lanh \u0111\u01b0\u1ee3c thi\u1ebft k\u1ebf \u0111\u1ec3 ch\u1ecbu \u0111\u01b0\u1ee3c t\u1ea3i tr\u1ecdng l\u1edbn v\u00e0 mang l\u1ea1i hi\u1ec7u su\u1ea5t \u1ed5n \u0111\u1ecbnh theo th\u1eddi gian.<\/p>\n<p>M\u1ed9t trong nh\u1eefng t\u00ednh n\u0103ng ch\u00ednh c\u1ee7a s\u1ea3n ph\u1ea9m n\u00e0y l\u00e0 kh\u1ea3 n\u0103ng \u0111i\u1ec1u ch\u1ec9nh. Xi lanh c\u00f3 th\u1ec3 d\u1ec5 d\u00e0ng \u0111i\u1ec1u ch\u1ec9nh theo nhi\u1ec1u \u0111\u1ed9 cao kh\u00e1c nhau, cho ph\u00e9p t\u00f9y ch\u1ec9nh \u0111\u1ec3 \u0111\u00e1p \u1ee9ng c\u00e1c y\u00eau c\u1ea7u c\u1ee5 th\u1ec3 c\u1ee7a r\u01a1 mo\u00f3c. T\u00ednh linh ho\u1ea1t n\u00e0y \u0111\u1ea3m b\u1ea3o \u0111\u1ed9 ch\u00ednh x\u00e1c, t\u1ed1i \u0111a h\u00f3a hi\u1ec7u su\u1ea5t v\u00e0 hi\u1ec7u su\u1ea5t c\u1ee7a h\u1ec7 th\u1ed1ng th\u1ee7y l\u1ef1c.<\/p>\n<p>Xi lanh th\u1ee7y l\u1ef1c piston xe t\u1ea3i \u0111i\u1ec1u ch\u1ec9nh b\u1ec1n b\u1ec9 cho r\u01a1 mo\u00f3c c\u0169ng n\u1ed5i ti\u1ebfng v\u1edbi \u0111\u1ed9 tin c\u1eady v\u01b0\u1ee3t tr\u1ed9i. S\u1ea3n ph\u1ea9m \u0111\u01b0\u1ee3c thi\u1ebft k\u1ebf \u0111\u1ec3 v\u1eadn h\u00e0nh tr\u01a1n tru, \u1ed5n \u0111\u1ecbnh, gi\u1ea3m thi\u1ec3u th\u1eddi gian ch\u1ebft v\u00e0 t\u1ed1i \u0111a h\u00f3a n\u0103ng su\u1ea5t. \u0110\u1ed9 tin c\u1eady n\u00e0y r\u1ea5t quan tr\u1ecdng trong ng\u00e0nh v\u1eadn t\u1ea3i \u0111\u01b0\u1eddng b\u1ed9 \u0111\u1ea7y th\u00e1ch th\u1ee9c, n\u01a1i hi\u1ec7u qu\u1ea3 v\u00e0 hi\u1ec7u su\u1ea5t l\u00e0 t\u1ed1i quan tr\u1ecdng.<\/p>\n<p><img loading=\"lazy\" decoding=\"async\" class=\"alignnone size-full wp-image-1334\" src=\"https:\/\/fmp-components.com\/wp-content\/uploads\/2024\/12\/Adjustable-Clevis-Type-Cylinders-4.webp\" alt=\"Xi lanh lo\u1ea1i ch\u1ed1t c\u00f3 th\u1ec3 \u0111i\u1ec1u ch\u1ec9nh\" width=\"800\" height=\"800\" title=\"\" srcset=\"https:\/\/fmp-components.com\/wp-content\/uploads\/2024\/12\/Adjustable-Clevis-Type-Cylinders-4.webp 800w, https:\/\/fmp-components.com\/wp-content\/uploads\/2024\/12\/Adjustable-Clevis-Type-Cylinders-4-480x480.webp 480w\" sizes=\"(min-width: 0px) and (max-width: 480px) 480px, (min-width: 481px) 800px, 100vw\" \/><\/p>\n<p>T\u00f3m l\u1ea1i, Xi lanh th\u1ee7y l\u1ef1c xe t\u1ea3i \u0111i\u1ec1u ch\u1ec9nh b\u1ec1n b\u1ec9 cho r\u01a1 mo\u00f3c l\u00e0 s\u1ea3n ph\u1ea9m ch\u1ea5t l\u01b0\u1ee3ng h\u00e0ng \u0111\u1ea7u, mang l\u1ea1i \u0111\u1ed9 b\u1ec1n, kh\u1ea3 n\u0103ng \u0111i\u1ec1u ch\u1ec9nh v\u00e0 \u0111\u1ed9 tin c\u1eady. S\u1ea3n ph\u1ea9m \u0111\u01b0\u1ee3c thi\u1ebft k\u1ebf \u0111\u1ec3 \u0111\u00e1p \u1ee9ng nhu c\u1ea7u \u0111\u1eb7c th\u00f9 c\u1ee7a ng\u00e0nh v\u1eadn t\u1ea3i \u0111\u01b0\u1eddng b\u1ed9 v\u00e0 mang l\u1ea1i kh\u1ea3 n\u0103ng v\u1eadn h\u00e0nh th\u1ee7y l\u1ef1c hi\u1ec7u qu\u1ea3 cho c\u00e1c \u1ee9ng d\u1ee5ng r\u01a1 mo\u00f3c.<\/p>\n<p>Kh\u00e1m ph\u00e1 s\u1ee9c m\u1ea1nh v\u00e0 \u0111\u1ed9 b\u1ec1n v\u01b0\u1ee3t tr\u1ed9i c\u1ee7a Xi lanh th\u1ee7y l\u1ef1c piston xe t\u1ea3i \u0111i\u1ec1u ch\u1ec9nh b\u1ec1n b\u1ec9 m\u1edbi c\u1ee7a ch\u00fang t\u00f4i d\u00e0nh cho xe mo\u00f3c. S\u1ea3n ph\u1ea9m n\u00e0y ho\u00e0n h\u1ea3o cho nhi\u1ec1u ng\u00e0nh c\u00f4ng nghi\u1ec7p, bao g\u1ed3m X\u01b0\u1edfng s\u1eeda ch\u1eefa m\u00e1y m\u00f3c, N\u00f4ng tr\u1ea1i, N\u0103ng l\u01b0\u1ee3ng &amp; Khai th\u00e1c m\u1ecf, S\u1ea3n xu\u1ea5t m\u00e1y m\u00f3c v\u00e0 Nh\u00e0 m\u00e1y c\u01a1 kh\u00ed. V\u1edbi c\u1ea5u tr\u00fac xi lanh piston ti\u00eau chu\u1ea9n, xi lanh n\u00e0y c\u00f3 l\u1ef1c \u0111\u1ea9y t\u1ed1i \u0111a 3000 v\u00e0 l\u1ef1c k\u00e9o t\u1ed1i \u0111a 20 t\u1ea5n, l\u00e0 l\u1ef1a ch\u1ecdn l\u00fd t\u01b0\u1edfng cho c\u00e1c \u1ee9ng d\u1ee5ng h\u1ea1ng n\u1eb7ng. \u0110\u01b0\u1ee3c ch\u1ebf t\u1ea1o t\u1eeb th\u00e9p cao c\u1ea5p, thi\u1ebft k\u1ebf ki\u1ec3u ch\u1ed1t \u0111i\u1ec1u ch\u1ec9nh \u0111\u1ea3m b\u1ea3o t\u00ednh linh ho\u1ea1t v\u00e0 kh\u1ea3 n\u0103ng th\u00edch \u1ee9ng, ph\u00f9 h\u1ee3p cho c\u1ea3 \u1ee9ng d\u1ee5ng ti\u00eau chu\u1ea9n v\u00e0 phi ti\u00eau chu\u1ea9n. Ngo\u00e0i ra, s\u1ea3n ph\u1ea9m n\u00e0y \u0111\u01b0\u1ee3c ch\u1ee9ng nh\u1eadn ISO9001:2000 v\u00e0 c\u00f3 l\u1edbp s\u01a1n \u0111en b\u00f3ng b\u1ea9y.<\/p>\n<h2>\u01afu \u0111i\u1ec3m c\u1ee7a xi lanh lo\u1ea1i ch\u1ed1t c\u00f3 th\u1ec3 \u0111i\u1ec1u ch\u1ec9nh<\/h2>\n<p>Xi lanh lo\u1ea1i ch\u1ed1t \u0111i\u1ec1u ch\u1ec9nh l\u00e0 m\u1ed9t lo\u1ea1i xi lanh piston th\u1ee7y l\u1ef1c \u0111\u01b0\u1ee3c s\u1eed d\u1ee5ng trong nhi\u1ec1u \u1ee9ng d\u1ee5ng kh\u00e1c nhau, ch\u1eb3ng h\u1ea1n nh\u01b0 tr\u00ean xe t\u1ea3i v\u00e0 r\u01a1 mo\u00f3c. Lo\u1ea1i xi lanh n\u00e0y c\u00f3 nhi\u1ec1u \u01b0u \u0111i\u1ec3m so v\u1edbi c\u00e1c lo\u1ea1i xi lanh th\u1ee7y l\u1ef1c kh\u00e1c, khi\u1ebfn ch\u00fang tr\u1edf th\u00e0nh l\u1ef1a ch\u1ecdn ph\u1ed5 bi\u1ebfn c\u1ee7a c\u00e1c k\u1ef9 s\u01b0 v\u00e0 nh\u00e0 s\u1ea3n xu\u1ea5t. D\u01b0\u1edbi \u0111\u00e2y l\u00e0 m\u1ed9t s\u1ed1 \u01b0u \u0111i\u1ec3m c\u1ee7a xi lanh lo\u1ea1i ch\u1ed1t \u0111i\u1ec1u ch\u1ec9nh:<\/p>\n<h3>B\u1ec1n b\u1ec9<\/h3>\n<p>Xi lanh piston th\u1ee7y l\u1ef1c xe t\u1ea3i \u0111i\u1ec1u ch\u1ec9nh b\u1ec1n b\u1ec9 d\u00e0nh cho r\u01a1 mo\u00f3c \u0111\u01b0\u1ee3c thi\u1ebft k\u1ebf \u0111\u1ec3 ch\u1ecbu \u0111\u01b0\u1ee3c \u0111i\u1ec1u ki\u1ec7n v\u1eadn h\u00e0nh kh\u1eafc nghi\u1ec7t. Ch\u00fang \u0111\u01b0\u1ee3c ch\u1ebf t\u1ea1o b\u1eb1ng v\u1eadt li\u1ec7u ch\u1ea5t l\u01b0\u1ee3ng cao nh\u01b0 th\u00e9p, mang l\u1ea1i \u0111\u1ed9 b\u1ec1n v\u00e0 s\u1ee9c m\u1ea1nh c\u1ea7n thi\u1ebft \u0111\u1ec3 th\u1ef1c hi\u1ec7n c\u00e1c nhi\u1ec7m v\u1ee5 n\u1eb7ng nh\u1ecdc. Ngo\u00e0i ra, c\u00e1c xi lanh n\u00e0y th\u01b0\u1eddng \u0111\u01b0\u1ee3c x\u1eed l\u00fd b\u1eb1ng l\u1edbp ph\u1ee7 \u0111\u1eb7c bi\u1ec7t gi\u00fap b\u1ea3o v\u1ec7 ch\u00fang kh\u1ecfi b\u1ecb \u0103n m\u00f2n, hao m\u00f2n v\u00e0 c\u00e1c d\u1ea1ng h\u01b0 h\u1ecfng kh\u00e1c.<\/p>\n<h3>T\u00ednh linh ho\u1ea1t<\/h3>\n<p>M\u1ed9t trong nh\u1eefng \u01b0u \u0111i\u1ec3m ch\u00ednh c\u1ee7a xi lanh lo\u1ea1i ch\u1ed1t \u0111i\u1ec1u ch\u1ec9nh l\u00e0 t\u00ednh linh ho\u1ea1t. C\u00e1c xi lanh n\u00e0y c\u00f3 th\u1ec3 \u0111\u01b0\u1ee3c \u0111i\u1ec1u ch\u1ec9nh theo \u1ee9ng d\u1ee5ng, cho ph\u00e9p t\u0103ng \u0111\u1ed9 ch\u00ednh x\u00e1c v\u00e0 kh\u1ea3 n\u0103ng ki\u1ec3m so\u00e1t. \u0110i\u1ec1u n\u00e0y c\u00f3 ngh\u0129a l\u00e0 ch\u00fang c\u00f3 th\u1ec3 \u0111\u01b0\u1ee3c s\u1eed d\u1ee5ng trong nhi\u1ec1u \u1ee9ng d\u1ee5ng kh\u00e1c nhau, t\u1eeb n\u00e2ng v\u00e0 \u0111\u1ea9y v\u1eadt n\u1eb7ng \u0111\u1ebfn ki\u1ec3m so\u00e1t t\u1ed1c \u0111\u1ed9 m\u00e1y m\u00f3c.<\/p>\n<h3>Hi\u1ec7u qu\u1ea3<\/h3>\n<p>Xi lanh lo\u1ea1i ch\u1ed1t \u0111i\u1ec1u ch\u1ec9nh c\u00f3 hi\u1ec7u su\u1ea5t cao, ngh\u0129a l\u00e0 ch\u00fang c\u00f3 th\u1ec3 ho\u1ea1t \u0111\u1ed9ng \u1edf m\u1ee9c \u00e1p su\u1ea5t cao v\u1edbi m\u1ee9c ti\u00eau th\u1ee5 n\u0103ng l\u01b0\u1ee3ng t\u1ed1i thi\u1ec3u. \u0110i\u1ec1u n\u00e0y l\u00e0 do thi\u1ebft k\u1ebf \u0111\u1ed9c \u0111\u00e1o c\u1ee7a ch\u00fang, cho ph\u00e9p t\u1ea1o ra \u00e1p su\u1ea5t v\u00e0 l\u1ef1c th\u1ee7y l\u1ef1c l\u1edbn h\u01a1n. Hi\u1ec7u su\u1ea5t t\u0103ng l\u00ean n\u00e0y \u0111\u1ed3ng ngh\u0129a v\u1edbi chi ph\u00ed v\u1eadn h\u00e0nh th\u1ea5p h\u01a1n, khi\u1ebfn xi lanh lo\u1ea1i ch\u1ed1t \u0111i\u1ec1u ch\u1ec9nh tr\u1edf th\u00e0nh l\u1ef1a ch\u1ecdn ti\u1ebft ki\u1ec7m chi ph\u00ed cho nhi\u1ec1u \u1ee9ng d\u1ee5ng.<\/p>\n<h3>T\u00f9y ch\u1ec9nh<\/h3>\n<p>M\u1ed9t \u01b0u \u0111i\u1ec3m kh\u00e1c c\u1ee7a xi lanh lo\u1ea1i ch\u1ed1t \u0111i\u1ec1u ch\u1ec9nh l\u00e0 kh\u1ea3 n\u0103ng t\u00f9y ch\u1ec9nh. C\u00e1c xi lanh n\u00e0y c\u00f3 th\u1ec3 \u0111\u01b0\u1ee3c thi\u1ebft k\u1ebf v\u00e0 s\u1ea3n xu\u1ea5t \u0111\u1ec3 ph\u00f9 h\u1ee3p v\u1edbi c\u00e1c \u1ee9ng d\u1ee5ng c\u1ee5 th\u1ec3, cho ph\u00e9p linh ho\u1ea1t v\u00e0 t\u00f9y ch\u1ec9nh cao h\u01a1n. \u0110i\u1ec1u n\u00e0y c\u00f3 ngh\u0129a l\u00e0 c\u00e1c nh\u00e0 s\u1ea3n xu\u1ea5t c\u00f3 th\u1ec3 t\u1ea1o ra c\u00e1c xi lanh ph\u00f9 h\u1ee3p v\u1edbi nhu c\u1ea7u c\u1ee5 th\u1ec3 c\u1ee7a h\u1ecd, mang l\u1ea1i hi\u1ec7u su\u1ea5t t\u1ed1t h\u01a1n v\u00e0 hi\u1ec7u qu\u1ea3 cao h\u01a1n.<\/p>\n<p>T\u00f3m l\u1ea1i, xi lanh th\u1ee7y l\u1ef1c lo\u1ea1i ch\u1ed1t \u0111i\u1ec1u ch\u1ec9nh c\u00f3 nhi\u1ec1u \u01b0u \u0111i\u1ec3m so v\u1edbi c\u00e1c lo\u1ea1i xi lanh th\u1ee7y l\u1ef1c kh\u00e1c. Ch\u00fang b\u1ec1n b\u1ec9, linh ho\u1ea1t, hi\u1ec7u qu\u1ea3 v\u00e0 c\u00f3 th\u1ec3 t\u00f9y ch\u1ec9nh, khi\u1ebfn ch\u00fang tr\u1edf th\u00e0nh l\u1ef1a ch\u1ecdn ph\u1ed5 bi\u1ebfn c\u1ee7a c\u00e1c k\u1ef9 s\u01b0 v\u00e0 nh\u00e0 s\u1ea3n xu\u1ea5t. Xi lanh piston th\u1ee7y l\u1ef1c xe t\u1ea3i \u0111i\u1ec1u ch\u1ec9nh b\u1ec1n b\u1ec9 d\u00e0nh cho r\u01a1 mo\u00f3c l\u00e0 m\u1ed9t v\u00ed d\u1ee5 \u0111i\u1ec3n h\u00ecnh v\u1ec1 l\u1ee3i \u00edch c\u1ee7a xi lanh lo\u1ea1i ch\u1ed1t \u0111i\u1ec1u ch\u1ec9nh, mang l\u1ea1i hi\u1ec7u su\u1ea5t v\u00e0 \u0111\u1ed9 tin c\u1eady v\u01b0\u1ee3t tr\u1ed9i trong c\u00e1c \u1ee9ng d\u1ee5ng h\u1ea1ng n\u1eb7ng.<img decoding=\"async\" src=\"https:\/\/fmp-components.com\/wp-content\/uploads\/2024\/12\/Adjustable-Clevis-Type-Cylinders5.webp\" alt=\"Xi lanh lo\u1ea1i Clevis c\u00f3 th\u1ec3 \u0111i\u1ec1u ch\u1ec9nh\" width=\"800\" title=\"\"><\/p>\n<h2>\u1ee8ng d\u1ee5ng c\u1ee7a xi lanh lo\u1ea1i ch\u1ed1t c\u00f3 th\u1ec3 \u0111i\u1ec1u ch\u1ec9nh<\/h2>\n<p>Trong l\u0129nh v\u1ef1c h\u1ec7 th\u1ed1ng th\u1ee7y l\u1ef1c, vi\u1ec7c s\u1eed d\u1ee5ng xi lanh piston th\u1ee7y l\u1ef1c \u0111i\u1ec1u ch\u1ec9nh \u0111\u01b0\u1ee3c \u0111\u00e3 tr\u1edf n\u00ean ph\u1ed5 bi\u1ebfn \u0111\u00e1ng k\u1ec3 nh\u1edd kh\u1ea3 n\u0103ng \u0111\u1ed9c \u0111\u00e1o v\u00e0 t\u00ednh linh ho\u1ea1t c\u1ee7a ch\u00fang. Nh\u1eefng xi lanh piston th\u1ee7y l\u1ef1c xe t\u1ea3i \u0111i\u1ec1u ch\u1ec9nh \u0111\u01b0\u1ee3c b\u1ec1n b\u1ec9 n\u00e0y \u0111\u01b0\u1ee3c \u1ee9ng d\u1ee5ng r\u1ed9ng r\u00e3i trong nhi\u1ec1u ng\u00e0nh c\u00f4ng nghi\u1ec7p kh\u00e1c nhau, \u0111\u1eb7c bi\u1ec7t l\u00e0 trong l\u0129nh v\u1ef1c s\u1ea3n xu\u1ea5t r\u01a1 mo\u00f3c. Trong b\u00e0i vi\u1ebft n\u00e0y, ch\u00fang ta s\u1ebd t\u00ecm hi\u1ec3u c\u00e1c \u1ee9ng d\u1ee5ng kh\u00e1c nhau c\u1ee7a lo\u1ea1i xi lanh n\u00e0y v\u00e0 \u0111i s\u00e2u v\u00e0o c\u00e1c t\u00ednh n\u0103ng v\u00e0 l\u1ee3i \u00edch \u0111\u00e1ng ch\u00fa \u00fd c\u1ee7a ch\u00fang.<\/p>\n<h3>1. H\u1ec7 th\u1ed1ng treo xe mo\u00f3c<\/h3>\n<p>M\u1ed9t trong nh\u1eefng \u1ee9ng d\u1ee5ng ch\u00ednh c\u1ee7a xi lanh lo\u1ea1i ch\u1ed1t \u0111i\u1ec1u ch\u1ec9nh \u0111\u01b0\u1ee3c l\u00e0 trong h\u1ec7 th\u1ed1ng treo r\u01a1 mo\u00f3c. Nh\u1eefng xi lanh n\u00e0y \u0111\u00f3ng vai tr\u00f2 quan tr\u1ecdng trong vi\u1ec7c duy tr\u00ec s\u1ef1 \u1ed5n \u0111\u1ecbnh v\u00e0 c\u00e2n b\u1eb1ng c\u1ee7a r\u01a1 mo\u00f3c, mang l\u1ea1i c\u1ea3m gi\u00e1c l\u00e1i \u00eam \u00e1i v\u00e0 ki\u1ec3m so\u00e1t t\u1ed1t. V\u1edbi kh\u1ea3 n\u0103ng \u0111i\u1ec1u ch\u1ec9nh chi\u1ec1u d\u00e0i xi lanh, c\u00e1c nh\u00e0 s\u1ea3n xu\u1ea5t r\u01a1 mo\u00f3c c\u00f3 th\u1ec3 tinh ch\u1ec9nh h\u1ec7 th\u1ed1ng treo theo y\u00eau c\u1ea7u c\u1ee5 th\u1ec3 c\u1ee7a r\u01a1 mo\u00f3c. Xi lanh piston th\u1ee7y l\u1ef1c xe t\u1ea3i \u0111i\u1ec1u ch\u1ec9nh \u0111\u01b0\u1ee3c b\u1ec1n b\u1ec9 cho r\u01a1 mo\u00f3c \u0111\u1ea3m b\u1ea3o hi\u1ec7u su\u1ea5t t\u1ed1i \u01b0u, gi\u1ea3m rung \u0111\u1ed9ng v\u00e0 t\u0103ng c\u01b0\u1eddng an to\u00e0n t\u1ed5ng th\u1ec3.<\/p>\n<h3>2. Ho\u1ea1t \u0111\u1ed9ng b\u1ed1c x\u1ebfp<\/h3>\n<p>M\u1ed9t \u1ee9ng d\u1ee5ng quan tr\u1ecdng kh\u00e1c c\u1ee7a xi lanh ki\u1ec3u ch\u1ed1t \u0111i\u1ec1u ch\u1ec9nh l\u00e0 trong c\u00e1c ho\u1ea1t \u0111\u1ed9ng b\u1ed1c x\u1ebfp. Nh\u1eefng xi lanh n\u00e0y \u0111\u01b0\u1ee3c s\u1eed d\u1ee5ng trong c\u00e1c h\u1ec7 th\u1ed1ng n\u00e2ng th\u1ee7y l\u1ef1c \u0111\u01b0\u1ee3c thi\u1ebft k\u1ebf \u0111\u1ec3 n\u00e2ng t\u1ea3i tr\u1ecdng n\u1eb7ng m\u1ed9t c\u00e1ch ch\u00ednh x\u00e1c v\u00e0 hi\u1ec7u qu\u1ea3. B\u1eb1ng c\u00e1ch \u0111i\u1ec1u ch\u1ec9nh chi\u1ec1u d\u00e0i xi lanh, c\u00f4ng su\u1ea5t v\u00e0 t\u1ed1c \u0111\u1ed9 n\u00e2ng c\u00f3 th\u1ec3 \u0111\u01b0\u1ee3c t\u1ed1i \u01b0u h\u00f3a, \u0111\u1ea3m b\u1ea3o qu\u00e1 tr\u00ecnh b\u1ed1c x\u1ebfp an to\u00e0n v\u00e0 tr\u01a1n tru. D\u00f9 \u1edf kho b\u00e3i, trung t\u00e2m h\u1eadu c\u1ea7n hay c\u00f4ng tr\u01b0\u1eddng x\u00e2y d\u1ef1ng, xi lanh piston th\u1ee7y l\u1ef1c xe t\u1ea3i \u0111i\u1ec1u ch\u1ec9nh b\u1ec1n b\u1ec9 n\u00e0y ch\u1ee9ng t\u1ecf l\u00e0 m\u1ed9t th\u00e0nh ph\u1ea7n v\u00f4 gi\u00e1 trong ho\u1ea1t \u0111\u1ed9ng x\u1eed l\u00fd v\u1eadt li\u1ec7u.<\/p>\n<h3>3. M\u00e1y m\u00f3c n\u00f4ng nghi\u1ec7p<\/h3>\n<p>M\u00e1y m\u00f3c n\u00f4ng nghi\u1ec7p, ch\u1eb3ng h\u1ea1n nh\u01b0 m\u00e1y k\u00e9o v\u00e0 m\u00e1y g\u1eb7t, th\u01b0\u1eddng s\u1eed d\u1ee5ng xi lanh ki\u1ec3u ch\u1ed1t \u0111i\u1ec1u ch\u1ec9nh cho nhi\u1ec1u ch\u1ee9c n\u0103ng kh\u00e1c nhau. C\u00e1c xi lanh n\u00e0y \u0111\u01b0\u1ee3c s\u1eed d\u1ee5ng trong c\u00e1c h\u1ec7 th\u1ed1ng th\u1ee7y l\u1ef1c ch\u1ecbu tr\u00e1ch nhi\u1ec7m \u0111i\u1ec1u khi\u1ec3n chuy\u1ec3n \u0111\u1ed9ng c\u1ee7a c\u00e1c d\u1ee5ng c\u1ee5, ch\u1eb3ng h\u1ea1n nh\u01b0 m\u00e1y c\u00e0y, m\u00e1y x\u1edbi \u0111\u1ea5t v\u00e0 m\u00e1y phun thu\u1ed1c. Kh\u1ea3 n\u0103ng \u0111i\u1ec1u ch\u1ec9nh chi\u1ec1u d\u00e0i xi lanh cho ph\u00e9p n\u00f4ng d\u00e2n \u0111i\u1ec1u ch\u1ec9nh m\u00e1y m\u00f3c ph\u00f9 h\u1ee3p v\u1edbi c\u00e1c \u0111i\u1ec1u ki\u1ec7n v\u00e0 nhi\u1ec7m v\u1ee5 kh\u00e1c nhau tr\u00ean \u0111\u1ed3ng ru\u1ed9ng. \u0110\u1ed9 b\u1ec1n c\u1ee7a xi lanh piston th\u1ee7y l\u1ef1c xe t\u1ea3i \u0111i\u1ec1u ch\u1ec9nh \u0111\u01b0\u1ee3c gi\u00fap ch\u1ecbu \u0111\u01b0\u1ee3c t\u00ednh ch\u1ea5t kh\u1eafc nghi\u1ec7t c\u1ee7a ho\u1ea1t \u0111\u1ed9ng n\u00f4ng nghi\u1ec7p, \u0111\u1ea3m b\u1ea3o hi\u1ec7u su\u1ea5t \u0111\u00e1ng tin c\u1eady v\u00e0 t\u0103ng n\u0103ng su\u1ea5t.<\/p>\n<h3>4. Thi\u1ebft b\u1ecb x\u00e2y d\u1ef1ng<\/h3>\n<p>Trong ng\u00e0nh x\u00e2y d\u1ef1ng, xi lanh ki\u1ec3u ch\u1ed1t \u0111i\u1ec1u ch\u1ec9nh \u0111\u01b0\u1ee3c s\u1eed d\u1ee5ng r\u1ed9ng r\u00e3i trong nhi\u1ec1u thi\u1ebft b\u1ecb kh\u00e1c nhau, bao g\u1ed3m m\u00e1y \u0111\u00e0o, m\u00e1y \u1ee7i v\u00e0 c\u1ea7n c\u1ea9u. C\u00e1c xi lanh n\u00e0y \u0111\u01b0\u1ee3c s\u1eed d\u1ee5ng trong c\u00e1c h\u1ec7 th\u1ed1ng th\u1ee7y l\u1ef1c \u0111i\u1ec1u khi\u1ec3n chuy\u1ec3n \u0111\u1ed9ng c\u1ee7a c\u1ea7n tr\u1ee5c, tay \u0111\u00f2n v\u00e0 c\u00e1c ph\u1ee5 ki\u1ec7n, cho ph\u00e9p v\u1eadn h\u00e0nh ch\u00ednh x\u00e1c v\u00e0 hi\u1ec7u qu\u1ea3. B\u1eb1ng c\u00e1ch \u0111i\u1ec1u ch\u1ec9nh chi\u1ec1u d\u00e0i xi lanh, c\u00f4ng nh\u00e2n x\u00e2y d\u1ef1ng c\u00f3 th\u1ec3 t\u1ed1i \u01b0u h\u00f3a hi\u1ec7u su\u1ea5t c\u1ee7a thi\u1ebft b\u1ecb cho c\u00e1c nhi\u1ec7m v\u1ee5 v\u00e0 \u0111i\u1ec1u ki\u1ec7n l\u00e0m vi\u1ec7c kh\u00e1c nhau. Xi lanh piston th\u1ee7y l\u1ef1c xe t\u1ea3i \u0111i\u1ec1u ch\u1ec9nh b\u1ec1n b\u1ec9 d\u00e0nh cho xe k\u00e9o \u0111\u1ea3m b\u1ea3o tu\u1ed5i th\u1ecd v\u00e0 \u0111\u1ed9 tin c\u1eady c\u1ea7n thi\u1ebft trong m\u00f4i tr\u01b0\u1eddng x\u00e2y d\u1ef1ng kh\u1eafc nghi\u1ec7t.<\/p>\n<h3>5. M\u00e1y m\u00f3c c\u00f4ng nghi\u1ec7p<\/h3>\n<p>Xi lanh lo\u1ea1i ch\u1ed1t \u0111i\u1ec1u ch\u1ec9nh c\u0169ng c\u00f3 \u1ee9ng d\u1ee5ng r\u1ed9ng r\u00e3i trong m\u00e1y m\u00f3c c\u00f4ng nghi\u1ec7p, ch\u1eb3ng h\u1ea1n nh\u01b0 m\u00e1y \u00e9p, m\u00e1y nghi\u1ec1n v\u00e0 h\u1ec7 th\u1ed1ng b\u0103ng t\u1ea3i. Nh\u1eefng xi lanh n\u00e0y r\u1ea5t c\u1ea7n thi\u1ebft trong c\u00e1c h\u1ec7 th\u1ed1ng th\u1ee7y l\u1ef1c t\u1ea1o ra v\u00e0 ki\u1ec3m so\u00e1t l\u1ef1c \u00e9p, nghi\u1ec1n v\u00e0 n\u00e2ng. V\u1edbi chi\u1ec1u d\u00e0i c\u00f3 th\u1ec3 \u0111i\u1ec1u ch\u1ec9nh, nh\u1eefng xi lanh n\u00e0y mang l\u1ea1i s\u1ef1 linh ho\u1ea1t v\u00e0 kh\u1ea3 n\u0103ng th\u00edch \u1ee9ng, cho ph\u00e9p c\u00e1c nh\u00e0 s\u1ea3n xu\u1ea5t t\u00f9y ch\u1ec9nh m\u00e1y m\u00f3c theo y\u00eau c\u1ea7u s\u1ea3n xu\u1ea5t c\u1ee5 th\u1ec3. Xi lanh piston th\u1ee7y l\u1ef1c xe t\u1ea3i \u0111i\u1ec1u ch\u1ec9nh b\u1ec1n b\u1ec9 gi\u00fap n\u00e2ng cao hi\u1ec7u qu\u1ea3 v\u00e0 \u0111\u1ed9 tin c\u1eady c\u1ee7a c\u00e1c quy tr\u00ecnh c\u00f4ng nghi\u1ec7p, g\u00f3p ph\u1ea7n n\u00e2ng cao n\u0103ng su\u1ea5t t\u1ed5ng th\u1ec3.<\/p>\n<p>T\u00f3m l\u1ea1i, vi\u1ec7c \u1ee9ng d\u1ee5ng xi lanh th\u1ee7y l\u1ef1c ki\u1ec3u ch\u1ed1t \u0111i\u1ec1u ch\u1ec9nh trong nhi\u1ec1u ng\u00e0nh c\u00f4ng nghi\u1ec7p kh\u00e1c nhau, \u0111\u1eb7c bi\u1ec7t l\u00e0 trong l\u0129nh v\u1ef1c s\u1ea3n xu\u1ea5t r\u01a1 mo\u00f3c, l\u00e0 r\u1ea5t quan tr\u1ecdng \u0111\u1ec3 \u0111\u1ea1t \u0111\u01b0\u1ee3c hi\u1ec7u su\u1ea5t v\u00e0 hi\u1ec7u qu\u1ea3 t\u1ed1i \u01b0u. Xi lanh piston th\u1ee7y l\u1ef1c xe t\u1ea3i \u0111i\u1ec1u ch\u1ec9nh b\u1ec1n b\u1ec9 d\u00e0nh cho r\u01a1 mo\u00f3c l\u00e0 m\u1ed9t th\u00e0nh ph\u1ea7n \u0111\u00e1ng tin c\u1eady v\u00e0 linh ho\u1ea1t, cho ph\u00e9p ki\u1ec3m so\u00e1t ch\u00ednh x\u00e1c v\u00e0 t\u0103ng c\u01b0\u1eddng an to\u00e0n trong h\u1ec7 th\u1ed1ng treo, ho\u1ea1t \u0111\u1ed9ng b\u1ed1c d\u1ee1, m\u00e1y m\u00f3c n\u00f4ng nghi\u1ec7p, thi\u1ebft b\u1ecb x\u00e2y d\u1ef1ng v\u00e0 m\u00e1y m\u00f3c c\u00f4ng nghi\u1ec7p. Vi\u1ec7c \u1ee9ng d\u1ee5ng c\u00e1c xi lanh n\u00e0y v\u00e0 c\u00e1c t\u00ednh n\u0103ng \u0111\u1ed9c \u0111\u00e1o c\u1ee7a ch\u00fang c\u00f3 th\u1ec3 d\u1eabn \u0111\u1ebfn c\u1ea3i thi\u1ec7n n\u0103ng su\u1ea5t v\u00e0 th\u00e0nh c\u00f4ng t\u1ed5ng th\u1ec3 trong c\u00e1c \u1ee9ng d\u1ee5ng \u0111a d\u1ea1ng.<\/p>\n<p><img decoding=\"async\" src=\"https:\/\/fmp-components.com\/wp-content\/uploads\/2024\/12\/Application-of-Adjustable-Clevis-Type-Cylinders.webp\" alt=\"Xi lanh lo\u1ea1i Clevis c\u00f3 th\u1ec3 \u0111i\u1ec1u ch\u1ec9nh\" width=\"800\" title=\"\"><\/p>\n<h3>Gi\u1edbi thi\u1ec7u v\u1ec1 FMP<\/h3>\n<p>FMP l\u00e0 c\u00f4ng ty chuy\u00ean s\u1ea3n xu\u1ea5t v\u00e0 kinh doanh xi lanh th\u1ee7y l\u1ef1c. V\u1edbi nhi\u1ec1u n\u0103m kinh nghi\u1ec7m trong ng\u00e0nh v\u00e0 \u0111\u1ed9i ng\u0169 chuy\u00ean nghi\u1ec7p, ch\u00fang t\u00f4i cam k\u1ebft cung c\u1ea5p cho kh\u00e1ch h\u00e0ng nh\u1eefng xi lanh th\u1ee7y l\u1ef1c ch\u1ea5t l\u01b0\u1ee3ng cao v\u00e0 \u0111\u00e1ng tin c\u1eady cho m\u00e1y m\u00f3c x\u00e2y d\u1ef1ng.<\/p>\n<p><img decoding=\"async\" src=\"https:\/\/fmp-components.com\/wp-content\/uploads\/2024\/12\/Adjustable-Clevis-Type-Cylinders-6.webp\" alt=\"Xi lanh lo\u1ea1i Clevis c\u00f3 th\u1ec3 \u0111i\u1ec1u ch\u1ec9nh\" width=\"813\" title=\"\"><\/p>\n<p>Sau \u0111\u00e2y l\u00e0 n\u0103m l\u1ee3i th\u1ebf ch\u00ednh c\u1ee7a s\u1ea3n ph\u1ea9m v\u00e0 c\u00f4ng ty ch\u00fang t\u00f4i:<\/p>\n<ol>\n<li>\u0110a d\u1ea1ng s\u1ea3n ph\u1ea9m: Ch\u00fang t\u00f4i cung c\u1ea5p \u0111a d\u1ea1ng c\u00e1c lo\u1ea1i xi lanh th\u1ee7y l\u1ef1c cho nhi\u1ec1u lo\u1ea1i m\u00e1y m\u00f3c x\u00e2y d\u1ef1ng, bao g\u1ed3m h\u1ed9p s\u1ed1 m\u00e1y n\u00f4ng nghi\u1ec7p, h\u1ed9p s\u1ed1 h\u00e0nh tinh, h\u1ed9p s\u1ed1 c\u00f4ng nghi\u1ec7p v\u00e0 ph\u1ee5 t\u00f9ng m\u00e1y n\u00f4ng nghi\u1ec7p. \u0110i\u1ec1u n\u00e0y cho ph\u00e9p kh\u00e1ch h\u00e0ng c\u1ee7a ch\u00fang t\u00f4i t\u00ecm th\u1ea5y xi lanh th\u1ee7y l\u1ef1c ho\u00e0n h\u1ea3o ph\u00f9 h\u1ee3p v\u1edbi nhu c\u1ea7u c\u1ee5 th\u1ec3 c\u1ee7a m\u00ecnh.<\/li>\n<li>Ti\u00eau chu\u1ea9n Ch\u1ea5t l\u01b0\u1ee3ng Nghi\u00eam ng\u1eb7t: B\u1eb1ng vi\u1ec7c thi\u1ebft l\u1eadp quan h\u1ec7 \u0111\u1ed1i t\u00e1c l\u00e2u d\u00e0i v\u00e0 \u1ed5n \u0111\u1ecbnh v\u1edbi c\u00e1c nh\u00e0 cung c\u1ea5p ch\u1ea5t l\u01b0\u1ee3ng cao trong v\u00e0 ngo\u00e0i n\u01b0\u1edbc, ch\u00fang t\u00f4i \u0111\u1ea3m b\u1ea3o t\u1ea5t c\u1ea3 xi lanh th\u1ee7y l\u1ef1c do ch\u00fang t\u00f4i cung c\u1ea5p \u0111\u1ec1u \u0111\u00e1p \u1ee9ng c\u00e1c ti\u00eau chu\u1ea9n ch\u1ea5t l\u01b0\u1ee3ng nghi\u00eam ng\u1eb7t. \u0110i\u1ec1u n\u00e0y \u0111\u1ea3m b\u1ea3o \u0111\u1ed9 b\u1ec1n, hi\u1ec7u su\u1ea5t v\u00e0 \u0111\u1ed9 tin c\u1eady c\u1ee7a s\u1ea3n ph\u1ea9m.<\/li>\n<li>\u0110\u1ed9i ng\u0169 b\u00e1n h\u00e0ng gi\u00e0u kinh nghi\u1ec7m: \u0110\u1ed9i ng\u0169 b\u00e1n h\u00e0ng gi\u00e0u kinh nghi\u1ec7m c\u1ee7a ch\u00fang t\u00f4i am hi\u1ec3u s\u00e2u s\u1eafc xu h\u01b0\u1edbng ph\u00e1t tri\u1ec3n v\u00e0 nhu c\u1ea7u c\u1ee7a kh\u00e1ch h\u00e0ng trong ng\u00e0nh m\u00e1y m\u00f3c x\u00e2y d\u1ef1ng. H\u1ecd cung c\u1ea5p d\u1ecbch v\u1ee5 t\u01b0 v\u1ea5n s\u1ea3n ph\u1ea9m chuy\u00ean nghi\u1ec7p v\u00e0 \u0111\u01b0a ra nh\u1eefng g\u1ee3i \u00fd mua h\u00e0ng th\u00f4ng minh, ph\u00f9 h\u1ee3p v\u1edbi nhu c\u1ea7u c\u1ee7a t\u1eebng kh\u00e1ch h\u00e0ng.<\/li>\n<li>H\u1ec7 th\u1ed1ng ph\u00e2n ph\u1ed1i h\u1eadu c\u1ea7n hi\u1ec7u qu\u1ea3: Ch\u00fang t\u00f4i \u0111\u00e3 tri\u1ec3n khai m\u1ed9t h\u1ec7 th\u1ed1ng ph\u00e2n ph\u1ed1i h\u1eadu c\u1ea7n hi\u1ec7u qu\u1ea3 \u0111\u1ec3 \u0111\u1ea3m b\u1ea3o kh\u00e1ch h\u00e0ng nh\u1eadn \u0111\u01b0\u1ee3c xi lanh th\u1ee7y l\u1ef1c c\u1ea7n thi\u1ebft m\u1ed9t c\u00e1ch k\u1ecbp th\u1eddi v\u00e0 ch\u00ednh x\u00e1c. \u0110i\u1ec1u n\u00e0y gi\u00fap gi\u1ea3m thi\u1ec3u m\u1ecdi s\u1ef1 ch\u1eadm tr\u1ec5 ho\u1eb7c gi\u00e1n \u0111o\u1ea1n trong c\u00e1c d\u1ef1 \u00e1n x\u00e2y d\u1ef1ng c\u1ee7a h\u1ecd.<\/li>\n<li>S\u1ef1 h\u00e0i l\u00f2ng c\u1ee7a kh\u00e1ch h\u00e0ng: T\u1ea1i FMP, ch\u00fang t\u00f4i \u0111\u1eb7t s\u1ef1 h\u00e0i l\u00f2ng c\u1ee7a kh\u00e1ch h\u00e0ng l\u00ean h\u00e0ng \u0111\u1ea7u. Ch\u00fang t\u00f4i n\u1ed7 l\u1ef1c cung c\u1ea5p d\u1ecbch v\u1ee5 kh\u00e1ch h\u00e0ng xu\u1ea5t s\u1eafc b\u1eb1ng c\u00e1ch cung c\u1ea5p s\u1ea3n ph\u1ea9m \u0111\u00e1ng tin c\u1eady, h\u1ed7 tr\u1ee3 nhanh ch\u00f3ng v\u00e0 gi\u1ea3i ph\u00e1p hi\u1ec7u qu\u1ea3 cho m\u1ecdi th\u1eafc m\u1eafc ho\u1eb7c lo l\u1eafng c\u1ee7a kh\u00e1ch h\u00e0ng.<\/li>\n<\/ol>\n<p>H\u1ee3p t\u00e1c v\u1edbi FMP \u0111\u1ed3ng ngh\u0129a v\u1edbi vi\u1ec7c b\u1ea1n s\u1ebd \u0111\u01b0\u1ee3c ti\u1ebfp c\u1eadn v\u1edbi c\u00e1c lo\u1ea1i xi lanh th\u1ee7y l\u1ef1c ch\u1ea5t l\u01b0\u1ee3ng h\u00e0ng \u0111\u1ea7u v\u00e0 tr\u1edf th\u00e0nh \u0111\u1ed1i t\u00e1c \u0111\u00e1ng tin c\u1eady trong ng\u00e0nh m\u00e1y m\u00f3c x\u00e2y d\u1ef1ng. H\u00e3y li\u00ean h\u1ec7 v\u1edbi ch\u00fang t\u00f4i ngay h\u00f4m nay \u0111\u1ec3 th\u1ea3o lu\u1eadn v\u1ec1 nhu c\u1ea7u xi lanh th\u1ee7y l\u1ef1c c\u1ee7a b\u1ea1n v\u00e0 tr\u1ea3i nghi\u1ec7m nh\u1eefng l\u1ee3i \u00edch khi h\u1ee3p t\u00e1c v\u1edbi FMP.<\/p>\n<p><strong>Nh\u1eefng c\u00e2u h\u1ecfi th\u01b0\u1eddng g\u1eb7p (FAQ)<\/strong><\/p>\n<p><strong>Q: Th\u1eddi gian b\u1ea3o h\u00e0nh cho s\u1ea3n ph\u1ea9m c\u1ee7a b\u1ea1n l\u00e0 bao l\u00e2u?<\/strong><br \/>\nA: T\u1ea5t c\u1ea3 c\u00e1c xi lanh th\u1ee7y l\u1ef1c c\u1ee7a ch\u00fang t\u00f4i, bao g\u1ed3m Xi lanh piston th\u1ee7y l\u1ef1c xe t\u1ea3i c\u00f3 th\u1ec3 \u0111i\u1ec1u ch\u1ec9nh b\u1ec1n b\u1ec9 cho xe k\u00e9o, \u0111\u1ec1u \u0111\u01b0\u1ee3c b\u1ea3o h\u00e0nh 1 n\u0103m.<\/p>\n<p><strong>H: B\u1ea1n c\u00f3 cung c\u1ea5p t\u00f9y ch\u1ecdn t\u00f9y ch\u1ec9nh cho xi lanh th\u1ee7y l\u1ef1c kh\u00f4ng?<\/strong><br \/>\nA: C\u00f3, ch\u00fang t\u00f4i cung c\u1ea5p c\u00e1c gi\u1ea3i ph\u00e1p \u0111\u01b0\u1ee3c thi\u1ebft k\u1ebf ri\u00eang theo y\u00eau c\u1ea7u c\u1ee5 th\u1ec3 c\u1ee7a kh\u00e1ch h\u00e0ng. Vui l\u00f2ng li\u00ean h\u1ec7 v\u1edbi ch\u00fang t\u00f4i \u0111\u1ec3 bi\u1ebft th\u00eam th\u00f4ng tin.<\/p>\n<p><img decoding=\"async\" src=\"https:\/\/img.jiansujichilun.com\/img\/hydrauliccylinders\/C_hydrauliccylinders-1.webp\" alt=\"xi lanh th\u1ee7y l\u1ef1c\" width=\"800\" title=\"\"><\/p>\n<p>T\u00e1c gi\u1ea3: CX<\/p>","protected":false},"excerpt":{"rendered":"<p>Introducing the Durable Adjustable Truck Hydraulic Piston Cylinder for Trailer: The Durable Adjustable Truck Hydraulic Piston Cylinder for Trailer is a high-quality, reliable product designed to meet the needs of the trucking industry. This cylinder is specifically engineered to provide smooth and efficient operation, ensuring optimal performance for trailer applications. With its durable construction, this [&hellip;]<\/p>","protected":false},"featured_media":1338,"comment_status":"closed","ping_status":"closed","template":"","meta":{"_et_pb_use_builder":"","_et_pb_old_content":"","_et_gb_content_width":""},"product_brand":[],"product_cat":[39],"product_tag":[41,34],"class_list":{"0":"post-1351","1":"product","2":"type-product","3":"status-publish","4":"has-post-thumbnail","6":"product_cat-adjustable-clevis-type-cylinders","7":"product_tag-adjustable-clevis-type-cylinders","8":"product_tag-hydraulic-cylinder","10":"first","11":"instock","12":"product-type-simple"},"_links":{"self":[{"href":"https:\/\/fmp-components.com\/vi\/wp-json\/wp\/v2\/product\/1351","targetHints":{"allow":["GET"]}}],"collection":[{"href":"https:\/\/fmp-components.com\/vi\/wp-json\/wp\/v2\/product"}],"about":[{"href":"https:\/\/fmp-components.com\/vi\/wp-json\/wp\/v2\/types\/product"}],"replies":[{"embeddable":true,"href":"https:\/\/fmp-components.com\/vi\/wp-json\/wp\/v2\/comments?post=1351"}],"wp:featuredmedia":[{"embeddable":true,"href":"https:\/\/fmp-components.com\/vi\/wp-json\/wp\/v2\/media\/1338"}],"wp:attachment":[{"href":"https:\/\/fmp-components.com\/vi\/wp-json\/wp\/v2\/media?parent=1351"}],"wp:term":[{"taxonomy":"product_brand","embeddable":true,"href":"https:\/\/fmp-components.com\/vi\/wp-json\/wp\/v2\/product_brand?post=1351"},{"taxonomy":"product_cat","embeddable":true,"href":"https:\/\/fmp-components.com\/vi\/wp-json\/wp\/v2\/product_cat?post=1351"},{"taxonomy":"product_tag","embeddable":true,"href":"https:\/\/fmp-components.com\/vi\/wp-json\/wp\/v2\/product_tag?post=1351"}],"curies":[{"name":"wp","href":"https:\/\/api.w.org\/{rel}","templated":true}]}}