{"id":1348,"date":"2024-12-23T02:18:07","date_gmt":"2024-12-23T02:18:07","guid":{"rendered":"https:\/\/fmp-components.com\/product\/professional-adjustable-double-acting-cylinder-tractor-hydraulic-cylinder\/"},"modified":"2024-12-23T03:50:01","modified_gmt":"2024-12-23T03:50:01","slug":"professional-adjustable-double-acting-cylinder-tractor-hydraulic-cylinder","status":"publish","type":"product","link":"https:\/\/fmp-components.com\/vi\/product\/professional-adjustable-double-acting-cylinder-tractor-hydraulic-cylinder\/","title":{"rendered":"Xi lanh th\u1ee7y l\u1ef1c m\u00e1y k\u00e9o t\u00e1c \u0111\u1ed9ng k\u00e9p c\u00f3 th\u1ec3 \u0111i\u1ec1u ch\u1ec9nh chuy\u00ean nghi\u1ec7p"},"content":{"rendered":"<p>Xi lanh th\u1ee7y l\u1ef1c t\u00e1c \u0111\u1ed9ng k\u00e9p \u0111i\u1ec1u ch\u1ec9nh chuy\u00ean nghi\u1ec7p d\u00e0nh cho m\u00e1y k\u00e9o l\u00e0 m\u1ed9t xi lanh th\u1ee7y l\u1ef1c ch\u1ea5t l\u01b0\u1ee3ng cao \u0111\u01b0\u1ee3c thi\u1ebft k\u1ebf \u0111\u1ec3 \u0111\u00e1p \u1ee9ng nhu c\u1ea7u c\u1ee7a c\u00e1c thi\u1ebft b\u1ecb n\u00f4ng nghi\u1ec7p hi\u1ec7n \u0111\u1ea1i. Xi lanh n\u00e0y s\u1eed d\u1ee5ng c\u00f4ng ngh\u1ec7 t\u00e1c \u0111\u1ed9ng k\u00e9p, cho ph\u00e9p ho\u1ea1t \u0111\u1ed9ng tr\u01a1n tru v\u00e0 \u0111\u00e1ng tin c\u1eady ngay c\u1ea3 trong nh\u1eefng \u0111i\u1ec1u ki\u1ec7n kh\u1eafc nghi\u1ec7t nh\u1ea5t.<\/p>\n<p>\u0110\u01b0\u1ee3c ch\u1ebf t\u1ea1o \u0111\u1ec3 c\u00f3 \u0111\u1ed9 b\u1ec1n v\u00e0 s\u1ee9c m\u1ea1nh v\u01b0\u1ee3t tr\u1ed9i, xi lanh th\u1ee7y l\u1ef1c n\u00e0y \u0111\u01b0\u1ee3c l\u00e0m t\u1eeb v\u1eadt li\u1ec7u cao c\u1ea5p v\u00e0 \u0111\u01b0\u1ee3c thi\u1ebft k\u1ebf \u0111\u1ec3 ch\u1ecbu \u0111\u01b0\u1ee3c nhi\u1ec1u n\u0103m s\u1eed d\u1ee5ng li\u00ean t\u1ee5c. N\u00f3 c\u00f3 thi\u1ebft k\u1ebf \u0111i\u1ec1u ch\u1ec9nh \u0111\u01b0\u1ee3c, cho ph\u00e9p t\u00f9y ch\u1ec9nh ph\u00f9 h\u1ee3p v\u1edbi nhu c\u1ea7u c\u1ee5 th\u1ec3 c\u1ee7a thi\u1ebft b\u1ecb c\u1ee7a b\u1ea1n, v\u00e0 k\u00edch th\u01b0\u1edbc nh\u1ecf g\u1ecdn gi\u00fap d\u1ec5 d\u00e0ng l\u1eafp \u0111\u1eb7t v\u00e0 b\u1ea3o tr\u00ec.<\/p>\n<p>D\u00f9 b\u1ea1n l\u00e0m vi\u1ec7c ngo\u00e0i \u0111\u1ed3ng hay trong x\u01b0\u1edfng, Xi lanh th\u1ee7y l\u1ef1c t\u00e1c \u0111\u1ed9ng k\u00e9p \u0111i\u1ec1u ch\u1ec9nh chuy\u00ean nghi\u1ec7p d\u00e0nh cho m\u00e1y k\u00e9o l\u00e0 s\u1ef1 l\u1ef1a ch\u1ecdn ho\u00e0n h\u1ea3o cho m\u1ecdi \u1ee9ng d\u1ee5ng n\u00f4ng nghi\u1ec7p. V\u00ec v\u1eady, n\u1ebfu b\u1ea1n \u0111ang t\u00ecm ki\u1ebfm m\u1ed9t xi lanh th\u1ee7y l\u1ef1c \u0111\u00e1ng tin c\u1eady, hi\u1ec7u su\u1ea5t cao cho thi\u1ebft b\u1ecb c\u1ee7a m\u00ecnh, th\u00ec kh\u00f4ng c\u1ea7n t\u00ecm \u0111\u00e2u xa ngo\u00e0i s\u1ea3n ph\u1ea9m h\u00e0ng \u0111\u1ea7u n\u00e0y.<\/p>\n<p><img loading=\"lazy\" decoding=\"async\" class=\"alignnone size-full wp-image-1334\" src=\"https:\/\/fmp-components.com\/wp-content\/uploads\/2024\/12\/Adjustable-Clevis-Type-Cylinders-4.webp\" alt=\"Xi lanh lo\u1ea1i ch\u1ed1t c\u00f3 th\u1ec3 \u0111i\u1ec1u ch\u1ec9nh\" width=\"800\" height=\"800\" title=\"\" srcset=\"https:\/\/fmp-components.com\/wp-content\/uploads\/2024\/12\/Adjustable-Clevis-Type-Cylinders-4.webp 800w, https:\/\/fmp-components.com\/wp-content\/uploads\/2024\/12\/Adjustable-Clevis-Type-Cylinders-4-480x480.webp 480w\" sizes=\"(min-width: 0px) and (max-width: 480px) 480px, (min-width: 481px) 800px, 100vw\" \/><\/p>\n<p>Gi\u1edbi thi\u1ec7u Xi lanh th\u1ee7y l\u1ef1c t\u00e1c \u0111\u1ed9ng k\u00e9p \u0111i\u1ec1u ch\u1ec9nh chuy\u00ean nghi\u1ec7p m\u1edbi nh\u1ea5t d\u00e0nh cho m\u00e1y k\u00e9o, ho\u00e0n h\u1ea3o cho nhi\u1ec1u ng\u00e0nh c\u00f4ng nghi\u1ec7p kh\u00e1c nhau bao g\u1ed3m c\u00e1c x\u01b0\u1edfng s\u1eeda ch\u1eefa m\u00e1y m\u00f3c, n\u00f4ng tr\u1ea1i, n\u0103ng l\u01b0\u1ee3ng &amp; khai th\u00e1c m\u1ecf, s\u1ea3n xu\u1ea5t m\u00e1y m\u00f3c v\u00e0 nh\u00e0 m\u00e1y. Xi lanh th\u1ee7y l\u1ef1c cao c\u1ea5p n\u00e0y \u0111\u01b0\u1ee3c l\u00e0m b\u1eb1ng th\u00e9p ch\u1ea5t l\u01b0\u1ee3ng cao v\u00e0 c\u00f3 l\u1ef1c \u0111\u1ea9y t\u1ed1i \u0111a 3000, th\u00edch h\u1ee3p cho c\u00e1c ho\u1ea1t \u0111\u1ed9ng t\u1ea3i n\u1eb7ng. \u0110\u00e2y l\u00e0 xi lanh piston c\u1ea5u tr\u00fac ti\u00eau chu\u1ea9n, ho\u1ea1t \u0111\u1ed9ng b\u1eb1ng th\u1ee7y l\u1ef1c v\u00e0 c\u00f3 m\u00e0u \u0111en b\u00f3ng b\u1ea9y.<\/p>\n<table style=\"width: 100%;\" border=\"1\" width=\"100%\" cellspacing=\"0\" cellpadding=\"0\">\n<tbody>\n<tr>\n<th>T\u00ean s\u1ea3n ph\u1ea9m<\/th>\n<td>Xi lanh th\u1ee7y l\u1ef1c ki\u1ec3u l\u1ed7 xuy\u00ean h\u00e0n<\/td>\n<\/tr>\n<tr>\n<th>T\u00ecnh tr\u1ea1ng<\/th>\n<td>M\u1edbi<\/td>\n<\/tr>\n<tr>\n<th>N\u0103m<\/th>\n<td>2023<\/td>\n<\/tr>\n<tr>\n<th>C\u00e2n n\u1eb7ng (KG)<\/th>\n<td>104<\/td>\n<\/tr>\n<tr>\n<th>Ki\u1ec3u<\/th>\n<td>Xi lanh ki\u1ec3u l\u1ed7 xuy\u00ean h\u00e0n<\/td>\n<\/tr>\n<tr>\n<th>C\u1ed5ng<\/th>\n<td>G\/SAE\/NPT\/M<\/td>\n<\/tr>\n<tr>\n<th>L\u1ef1c k\u00e9o t\u1ed1i \u0111a<\/th>\n<td>20 t\u1ea5n<\/td>\n<\/tr>\n<tr>\n<th>Ch\u1ee9ng nh\u1eadn<\/th>\n<td>Ti\u00eau chu\u1ea9n ISO 9001:2000<\/td>\n<\/tr>\n<tr>\n<th>\u0110\u1ea3m b\u1ea3o ch\u1ea5t l\u01b0\u1ee3ng<\/th>\n<td>Ki\u1ec3m tra xu\u1ea5t kho b\u1eb1ng video, b\u00e1o c\u00e1o th\u1eed nghi\u1ec7m m\u00e1y m\u00f3c.<\/td>\n<\/tr>\n<tr>\n<th>K\u00edch th\u01b0\u1edbc l\u1ed7 khoan<\/th>\n<td>2 \u2013 6 inch<\/td>\n<\/tr>\n<tr>\n<th>K\u00edch th\u01b0\u1edbc thanh<\/th>\n<td>1,125 \u2013 4 inch<\/td>\n<\/tr>\n<tr>\n<th>K\u00edch th\u01b0\u1edbc n\u00e9t v\u1ebd<\/th>\n<td>4 \u2013 100 inch<\/td>\n<\/tr>\n<tr>\n<th>K\u00edch th\u01b0\u1edbc ch\u00e2n c\u1eafm<\/th>\n<td>0,5 \u2013 2 inch<\/td>\n<\/tr>\n<tr>\n<th>C\u00e1c th\u00e0nh ph\u1ea7n c\u1ed1t l\u00f5i<\/th>\n<td>V\u00f2ng bi, xi lanh th\u1ee7y l\u1ef1c<\/td>\n<\/tr>\n<tr>\n<th>B\u1ea3o h\u00e0nh linh ki\u1ec7n c\u1ed1t l\u00f5i<\/th>\n<td>1 n\u0103m<\/td>\n<\/tr>\n<\/tbody>\n<\/table>\n<p>&nbsp;<\/p>\n<h2>\u01afu \u0111i\u1ec3m c\u1ee7a xi lanh lo\u1ea1i ch\u1ed1t c\u00f3 th\u1ec3 \u0111i\u1ec1u ch\u1ec9nh<\/h2>\n<p>Xi lanh ki\u1ec3u c\u00e0ng n\u1ed1i \u0111i\u1ec1u ch\u1ec9nh \u0111\u01b0\u1ee3c, c\u00f2n \u0111\u01b0\u1ee3c g\u1ecdi l\u00e0 xi lanh th\u1ee7y l\u1ef1c m\u00e1y k\u00e9o ho\u1eb7c xi lanh t\u00e1c \u0111\u1ed9ng k\u00e9p \u0111i\u1ec1u ch\u1ec9nh chuy\u00ean nghi\u1ec7p, mang l\u1ea1i nhi\u1ec1u \u01b0u \u0111i\u1ec3m trong c\u00e1c \u1ee9ng d\u1ee5ng kh\u00e1c nhau. C\u00e1c xi lanh n\u00e0y \u0111\u01b0\u1ee3c thi\u1ebft k\u1ebf v\u1edbi gi\u00e1 \u0111\u1ee1 c\u00e0ng n\u1ed1i \u0111\u1ed9c \u0111\u00e1o, cho ph\u00e9p linh ho\u1ea1t v\u00e0 \u0111i\u1ec1u ch\u1ec9nh \u0111\u1ec3 \u0111\u00e1p \u1ee9ng c\u00e1c y\u00eau c\u1ea7u c\u1ee5 th\u1ec3. Trong b\u00e0i vi\u1ebft n\u00e0y, ch\u00fang ta s\u1ebd t\u00ecm hi\u1ec3u nh\u1eefng l\u1ee3i \u00edch c\u1ee7a xi lanh ki\u1ec3u c\u00e0ng n\u1ed1i \u0111i\u1ec1u ch\u1ec9nh \u0111\u01b0\u1ee3c v\u00e0 t\u1ea7m quan tr\u1ecdng c\u1ee7a ch\u00fang trong c\u00e1c ng\u00e0nh c\u00f4ng nghi\u1ec7p kh\u00e1c nhau.<\/p>\n<p><strong>1. Kh\u1ea3 n\u0103ng th\u00edch \u1ee9ng \u0111\u01b0\u1ee3c n\u00e2ng cao:<\/strong> Ng\u00e0m k\u1eb9p \u0111i\u1ec1u ch\u1ec9nh \u0111\u01b0\u1ee3c c\u1ee7a c\u00e1c xi lanh n\u00e0y mang l\u1ea1i kh\u1ea3 n\u0103ng th\u00edch \u1ee9ng cao h\u01a1n, cho ph\u00e9p ch\u00fang d\u1ec5 d\u00e0ng l\u1eafp \u0111\u1eb7t v\u00e0 \u0111i\u1ec1u ch\u1ec9nh \u0111\u1ec3 ph\u00f9 h\u1ee3p v\u1edbi c\u00e1c h\u1ec7 th\u1ed1ng th\u1ee7y l\u1ef1c kh\u00e1c nhau. T\u00ednh linh ho\u1ea1t n\u00e0y cho ph\u00e9p c\u00e1c xi lanh \u0111\u01b0\u1ee3c s\u1eed d\u1ee5ng trong nhi\u1ec1u \u1ee9ng d\u1ee5ng, bao g\u1ed3m m\u00e1y m\u00f3c n\u00f4ng nghi\u1ec7p, thi\u1ebft b\u1ecb x\u00e2y d\u1ef1ng v\u00e0 h\u1ec7 th\u1ed1ng c\u00f4ng nghi\u1ec7p.<\/p>\n<p><strong>2. Hi\u1ec7u su\u1ea5t \u0111\u01b0\u1ee3c c\u1ea3i thi\u1ec7n:<\/strong> Xi lanh ki\u1ec3u c\u00e0ng n\u1ed1i \u0111i\u1ec1u ch\u1ec9nh \u0111\u01b0\u1ee3c thi\u1ebft k\u1ebf \u0111\u1ec3 t\u1ed1i \u01b0u h\u00f3a hi\u1ec7u su\u1ea5t. V\u1edbi gi\u00e1 \u0111\u1ee1 \u0111i\u1ec1u ch\u1ec9nh \u0111\u01b0\u1ee3c, ch\u00fang c\u00f3 th\u1ec3 \u0111\u01b0\u1ee3c tinh ch\u1ec9nh \u0111\u1ec3 \u0111\u1ea1t \u0111\u01b0\u1ee3c chi\u1ec1u d\u00e0i h\u00e0nh tr\u00ecnh, l\u1ef1c v\u00e0 t\u1ed1c \u0111\u1ed9 mong mu\u1ed1n. Kh\u1ea3 n\u0103ng \u0111i\u1ec1u ch\u1ec9nh v\u1ecb tr\u00ed v\u00e0 g\u00f3c c\u1ee7a xi lanh \u0111\u1ea3m b\u1ea3o hi\u1ec7u su\u1ea5t v\u00e0 hi\u1ec7u qu\u1ea3 t\u1ed1i \u01b0u trong nhi\u1ec1u nhi\u1ec7m v\u1ee5 kh\u00e1c nhau.<\/p>\n<p><strong>3. T\u00ednh linh ho\u1ea1t trong c\u00e1c t\u00f9y ch\u1ecdn l\u1eafp \u0111\u1eb7t:<\/strong> C\u00e1c xi lanh n\u00e0y mang l\u1ea1i s\u1ef1 linh ho\u1ea1t trong c\u00e1c t\u00f9y ch\u1ecdn l\u1eafp \u0111\u1eb7t, v\u00ec ch\u00fang c\u00f3 th\u1ec3 \u0111\u01b0\u1ee3c l\u1eafp \u0111\u1eb7t \u1edf nhi\u1ec1u h\u01b0\u1edbng v\u00e0 v\u1ecb tr\u00ed kh\u00e1c nhau. Gi\u00e1 \u0111\u1ee1 d\u1ea1ng c\u00e0ng cua c\u00f3 th\u1ec3 \u0111i\u1ec1u ch\u1ec9nh cho ph\u00e9p d\u1ec5 d\u00e0ng l\u1eafp \u0111\u1eb7t v\u00e0 k\u1ebft n\u1ed1i v\u1edbi c\u00e1c b\u1ed9 ph\u1eadn kh\u00e1c, ch\u1eb3ng h\u1ea1n nh\u01b0 b\u01a1m th\u1ee7y l\u1ef1c ho\u1eb7c van. S\u1ef1 linh ho\u1ea1t n\u00e0y cho ph\u00e9p c\u00e1c xi lanh th\u00edch \u1ee9ng v\u1edbi c\u00e1c c\u1ea5u h\u00ecnh h\u1ec7 th\u1ed1ng kh\u00e1c nhau, t\u1ed1i \u0111a h\u00f3a kh\u1ea3 n\u0103ng s\u1eed d\u1ee5ng c\u1ee7a ch\u00fang.<\/p>\n<p><strong>4. \u0110\u1ed9 b\u1ec1n \u0111\u01b0\u1ee3c t\u0103ng c\u01b0\u1eddng:<\/strong> C\u00e1c xi lanh ki\u1ec3u c\u00e0ng n\u1ed1i \u0111i\u1ec1u ch\u1ec9nh \u0111\u01b0\u1ee3c ch\u1ebf t\u1ea1o \u0111\u1ec3 ch\u1ecbu \u0111\u01b0\u1ee3c c\u00e1c \u1ee9ng d\u1ee5ng t\u1ea3i n\u1eb7ng. Ch\u00fang \u0111\u01b0\u1ee3c ch\u1ebf t\u1ea1o b\u1eb1ng v\u1eadt li\u1ec7u ch\u1ea5t l\u01b0\u1ee3ng cao, ch\u1eb3ng h\u1ea1n nh\u01b0 th\u00e9p t\u00f4i c\u1ee9ng, \u0111\u1ea3m b\u1ea3o \u0111\u1ed9 b\u1ec1n v\u00e0 tu\u1ed5i th\u1ecd cao. Ngo\u00e0i ra, c\u00e1c xi lanh n\u00e0y tr\u1ea3i qua qu\u00e1 tr\u00ecnh ki\u1ec3m tra nghi\u00eam ng\u1eb7t \u0111\u1ec3 \u0111\u1ea3m b\u1ea3o \u0111\u1ed9 tin c\u1eady v\u00e0 kh\u1ea3 n\u0103ng ch\u1ed1ng m\u00e0i m\u00f2n, khi\u1ebfn ch\u00fang ph\u00f9 h\u1ee3p v\u1edbi c\u00e1c m\u00f4i tr\u01b0\u1eddng \u0111\u00f2i h\u1ecfi kh\u1eaft khe.<\/p>\n<p><strong>5. T\u0103ng c\u01b0\u1eddng an to\u00e0n:<\/strong> Gi\u00e1 \u0111\u1ee1 c\u00e0ng cua c\u00f3 th\u1ec3 \u0111i\u1ec1u ch\u1ec9nh mang l\u1ea1i c\u00e1c t\u00ednh n\u0103ng an to\u00e0n b\u1ed5 sung. N\u00f3 cho ph\u00e9p \u0111i\u1ec1u ch\u1ec9nh v\u00e0 c\u0103n ch\u1ec9nh ch\u00ednh x\u00e1c, gi\u1ea3m nguy c\u01a1 sai l\u1ec7ch ho\u1eb7c h\u1ecfng h\u00f3c trong qu\u00e1 tr\u00ecnh v\u1eadn h\u00e0nh. \u0110i\u1ec1u n\u00e0y \u0111\u1ea3m b\u1ea3o an to\u00e0n cho thi\u1ebft b\u1ecb v\u00e0 ng\u01b0\u1eddi v\u1eadn h\u00e0nh, gi\u1ea3m thi\u1ec3u kh\u1ea3 n\u0103ng x\u1ea3y ra tai n\u1ea1n ho\u1eb7c h\u01b0 h\u1ecfng.<\/p>\n<p><strong>6. Gi\u1ea3i ph\u00e1p ti\u1ebft ki\u1ec7m chi ph\u00ed:<\/strong> Xi lanh ki\u1ec3u c\u00e0ng n\u1ed1i \u0111i\u1ec1u ch\u1ec9nh \u0111\u01b0\u1ee3c cung c\u1ea5p gi\u1ea3i ph\u00e1p ti\u1ebft ki\u1ec7m chi ph\u00ed cho nhi\u1ec1u ng\u00e0nh c\u00f4ng nghi\u1ec7p. Kh\u1ea3 n\u0103ng th\u00edch \u1ee9ng v\u00e0 t\u00ednh linh ho\u1ea1t c\u1ee7a ch\u00fang gi\u00fap lo\u1ea1i b\u1ecf nhu c\u1ea7u s\u1eed d\u1ee5ng nhi\u1ec1u lo\u1ea1i xi lanh kh\u00e1c nhau, gi\u1ea3m chi ph\u00ed t\u1ed3n kho. Ngo\u00e0i ra, tu\u1ed5i th\u1ecd cao v\u00e0 \u0111\u1ed9 b\u1ec1n b\u1ec9 gi\u00fap gi\u1ea3m chi ph\u00ed b\u1ea3o tr\u00ec v\u00e0 thay th\u1ebf, bi\u1ebfn ch\u00fang th\u00e0nh l\u1ef1a ch\u1ecdn kinh t\u1ebf v\u1ec1 l\u00e2u d\u00e0i.<\/p>\n<p>Nh\u00ecn chung, xi lanh ki\u1ec3u c\u00e0ng n\u1ed1i \u0111i\u1ec1u ch\u1ec9nh \u0111\u01b0\u1ee3c, c\u00f2n \u0111\u01b0\u1ee3c g\u1ecdi l\u00e0 xi lanh th\u1ee7y l\u1ef1c m\u00e1y k\u00e9o ho\u1eb7c xi lanh t\u00e1c \u0111\u1ed9ng k\u00e9p \u0111i\u1ec1u ch\u1ec9nh chuy\u00ean nghi\u1ec7p, mang l\u1ea1i nhi\u1ec1u \u01b0u \u0111i\u1ec3m v\u1ec1 kh\u1ea3 n\u0103ng th\u00edch \u1ee9ng, hi\u1ec7u su\u1ea5t, t\u00ednh linh ho\u1ea1t, \u0111\u1ed9 b\u1ec1n, an to\u00e0n v\u00e0 hi\u1ec7u qu\u1ea3 chi ph\u00ed. Thi\u1ebft k\u1ebf \u0111\u1ed9c \u0111\u00e1o v\u00e0 kh\u1ea3 n\u0103ng \u0111i\u1ec1u ch\u1ec9nh c\u1ee7a ch\u00fang khi\u1ebfn ch\u00fang tr\u1edf th\u00e0nh l\u1ef1a ch\u1ecdn l\u00fd t\u01b0\u1edfng cho nhi\u1ec1u \u1ee9ng d\u1ee5ng, \u0111\u1ea3m b\u1ea3o hi\u1ec7u su\u1ea5t v\u00e0 hi\u1ec7u qu\u1ea3 t\u1ed1i \u01b0u trong h\u1ec7 th\u1ed1ng th\u1ee7y l\u1ef1c.<\/p>\n<p><img decoding=\"async\" src=\"https:\/\/fmp-components.com\/wp-content\/uploads\/2024\/12\/Adjustable-Clevis-Type-Cylinders5.webp\" alt=\"Xi lanh lo\u1ea1i Clevis c\u00f3 th\u1ec3 \u0111i\u1ec1u ch\u1ec9nh\" width=\"800\" title=\"\"><\/p>\n<h2>\u1ee8ng d\u1ee5ng c\u1ee7a xi lanh lo\u1ea1i ch\u1ed1t c\u00f3 th\u1ec3 \u0111i\u1ec1u ch\u1ec9nh<\/h2>\n<p>Xi lanh \u0111i\u1ec1u ch\u1ec9nh ki\u1ec3u c\u00e0ng cua, c\u00f2n \u0111\u01b0\u1ee3c g\u1ecdi l\u00e0 xi lanh t\u00e1c \u0111\u1ed9ng k\u00e9p \u0111i\u1ec1u ch\u1ec9nh chuy\u00ean nghi\u1ec7p ho\u1eb7c xi lanh th\u1ee7y l\u1ef1c m\u00e1y k\u00e9o, l\u00e0 c\u00e1c b\u1ed9 ph\u1eadn th\u1ee7y l\u1ef1c \u0111a n\u0103ng \u0111\u01b0\u1ee3c s\u1eed d\u1ee5ng trong nhi\u1ec1u \u1ee9ng d\u1ee5ng kh\u00e1c nhau. Trong b\u00e0i vi\u1ebft n\u00e0y, ch\u00fang ta s\u1ebd t\u00ecm hi\u1ec3u c\u00e1c \u1ee9ng d\u1ee5ng kh\u00e1c nhau c\u1ee7a xi lanh \u0111i\u1ec1u ch\u1ec9nh ki\u1ec3u c\u00e0ng cua v\u00e0 nh\u1eefng l\u1ee3i \u00edch c\u1ee7a ch\u00fang.<\/p>\n<h3>1. N\u00f4ng nghi\u1ec7p v\u00e0 Ch\u0103n nu\u00f4i<\/h3>\n<p>Xi lanh th\u1ee7y l\u1ef1c m\u00e1y k\u00e9o \u0111\u01b0\u1ee3c s\u1eed d\u1ee5ng r\u1ed9ng r\u00e3i trong n\u00f4ng nghi\u1ec7p v\u00e0 ch\u0103n nu\u00f4i. Ch\u00fang \u0111\u01b0\u1ee3c s\u1eed d\u1ee5ng cho nhi\u1ec1u nhi\u1ec7m v\u1ee5 kh\u00e1c nhau, ch\u1eb3ng h\u1ea1n nh\u01b0 n\u00e2ng h\u1ea1 thi\u1ebft b\u1ecb n\u1eb7ng, \u0111i\u1ec1u khi\u1ec3n chuy\u1ec3n \u0111\u1ed9ng c\u1ee7a m\u00e1y c\u00e0y v\u00e0 c\u00e1c d\u1ee5ng c\u1ee5 n\u00f4ng nghi\u1ec7p kh\u00e1c, v\u00e0 cung c\u1ea5p n\u0103ng l\u01b0\u1ee3ng cho \u0111\u1ed9ng c\u01a1 th\u1ee7y l\u1ef1c. Xi lanh ki\u1ec3u c\u00e0ng n\u1ed1i \u0111i\u1ec1u ch\u1ec9nh \u0111\u01b0\u1ee3c l\u00e0 l\u1ef1a ch\u1ecdn ph\u1ed5 bi\u1ebfn cho c\u00e1c \u1ee9ng d\u1ee5ng n\u00e0y, v\u00ec n\u00f3 cho ph\u00e9p d\u1ec5 d\u00e0ng \u0111i\u1ec1u ch\u1ec9nh chi\u1ec1u d\u00e0i h\u00e0nh tr\u00ecnh, \u0111i\u1ec1u c\u1ea7n thi\u1ebft \u0111\u1ec3 ki\u1ec3m so\u00e1t ch\u00ednh x\u00e1c h\u1ec7 th\u1ed1ng th\u1ee7y l\u1ef1c.<\/p>\n<h3>2. X\u00e2y d\u1ef1ng<\/h3>\n<p>C\u00e1c xi lanh ki\u1ec3u c\u00e0ng n\u1ed1i \u0111i\u1ec1u ch\u1ec9nh \u0111\u01b0\u1ee3c c\u0169ng th\u01b0\u1eddng \u0111\u01b0\u1ee3c s\u1eed d\u1ee5ng trong ng\u00e0nh x\u00e2y d\u1ef1ng. Ch\u00fang \u0111\u01b0\u1ee3c s\u1eed d\u1ee5ng cho nhi\u1ec1u nhi\u1ec7m v\u1ee5 kh\u00e1c nhau, ch\u1eb3ng h\u1ea1n nh\u01b0 n\u00e2ng h\u1ea1 t\u1ea3i tr\u1ecdng n\u1eb7ng, \u0111i\u1ec1u khi\u1ec3n chuy\u1ec3n \u0111\u1ed9ng c\u1ee7a thi\u1ebft b\u1ecb x\u00e2y d\u1ef1ng v\u00e0 c\u1ea5p ngu\u1ed3n cho \u0111\u1ed9ng c\u01a1 th\u1ee7y l\u1ef1c. Chi\u1ec1u d\u00e0i h\u00e0nh tr\u00ecnh \u0111i\u1ec1u ch\u1ec9nh \u0111\u01b0\u1ee3c c\u1ee7a xi lanh cho ph\u00e9p ki\u1ec3m so\u00e1t ch\u00ednh x\u00e1c h\u1ec7 th\u1ed1ng th\u1ee7y l\u1ef1c, \u0111i\u1ec1u n\u00e0y r\u1ea5t c\u1ea7n thi\u1ebft cho ho\u1ea1t \u0111\u1ed9ng an to\u00e0n v\u00e0 hi\u1ec7u qu\u1ea3 c\u1ee7a thi\u1ebft b\u1ecb x\u00e2y d\u1ef1ng.<\/p>\n<h3>3. S\u1ea3n xu\u1ea5t<\/h3>\n<p>C\u00e1c nh\u00e0 m\u00e1y s\u1ea3n xu\u1ea5t th\u01b0\u1eddng d\u1ef1a v\u00e0o h\u1ec7 th\u1ed1ng th\u1ee7y l\u1ef1c \u0111\u1ec3 v\u1eadn h\u00e0nh m\u00e1y m\u00f3c v\u00e0 thi\u1ebft b\u1ecb. Xi lanh ki\u1ec3u c\u00e0ng n\u1ed1i \u0111i\u1ec1u ch\u1ec9nh \u0111\u01b0\u1ee3c s\u1eed d\u1ee5ng ph\u1ed5 bi\u1ebfn trong c\u00e1c \u1ee9ng d\u1ee5ng s\u1ea3n xu\u1ea5t, ch\u1eb3ng h\u1ea1n nh\u01b0 \u0111i\u1ec1u khi\u1ec3n chuy\u1ec3n \u0111\u1ed9ng c\u1ee7a h\u1ec7 th\u1ed1ng b\u0103ng t\u1ea3i, v\u1eadn h\u00e0nh d\u00e2y chuy\u1ec1n l\u1eafp r\u00e1p v\u00e0 n\u00e2ng h\u1ea1 t\u1ea3i tr\u1ecdng n\u1eb7ng. Kh\u1ea3 n\u0103ng \u0111i\u1ec1u khi\u1ec3n ch\u00ednh x\u00e1c m\u00e0 xi lanh ki\u1ec3u c\u00e0ng n\u1ed1i \u0111i\u1ec1u ch\u1ec9nh mang l\u1ea1i l\u00e0 r\u1ea5t c\u1ea7n thi\u1ebft \u0111\u1ec3 duy tr\u00ec hi\u1ec7u qu\u1ea3 v\u00e0 an to\u00e0n c\u1ee7a c\u00e1c h\u1ec7 th\u1ed1ng n\u00e0y.<\/p>\n<h3>4. \u00d4 t\u00f4 v\u00e0 V\u1eadn t\u1ea3i<\/h3>\n<p>Xi lanh ki\u1ec3u c\u00e0ng n\u1ed1i \u0111i\u1ec1u ch\u1ec9nh \u0111\u01b0\u1ee3c c\u0169ng \u0111\u01b0\u1ee3c s\u1eed d\u1ee5ng trong ng\u00e0nh c\u00f4ng nghi\u1ec7p \u00f4 t\u00f4 v\u00e0 v\u1eadn t\u1ea3i. Ch\u00fang \u0111\u01b0\u1ee3c s\u1eed d\u1ee5ng cho nhi\u1ec1u nhi\u1ec7m v\u1ee5 kh\u00e1c nhau, ch\u1eb3ng h\u1ea1n nh\u01b0 \u0111i\u1ec1u khi\u1ec3n chuy\u1ec3n \u0111\u1ed9ng c\u1ee7a phanh th\u1ee7y l\u1ef1c, cung c\u1ea5p n\u0103ng l\u01b0\u1ee3ng cho thang n\u00e2ng th\u1ee7y l\u1ef1c c\u1ee7a xe bu\u00fdt v\u00e0 c\u00e1c ph\u01b0\u01a1ng ti\u1ec7n l\u1edbn kh\u00e1c, v\u00e0 \u0111i\u1ec1u khi\u1ec3n chuy\u1ec3n \u0111\u1ed9ng c\u1ee7a h\u1ec7 th\u1ed1ng l\u00e1i. Chi\u1ec1u d\u00e0i h\u00e0nh tr\u00ecnh \u0111i\u1ec1u ch\u1ec9nh \u0111\u01b0\u1ee3c c\u1ee7a xi lanh cho ph\u00e9p \u0111i\u1ec1u khi\u1ec3n ch\u00ednh x\u00e1c c\u00e1c h\u1ec7 th\u1ed1ng n\u00e0y, \u0111\u1ea3m b\u1ea3o ho\u1ea1t \u0111\u1ed9ng an to\u00e0n v\u00e0 hi\u1ec7u qu\u1ea3.<\/p>\n<p>T\u00f3m l\u1ea1i, xi lanh ki\u1ec3u c\u00e0ng n\u1ed1i \u0111i\u1ec1u ch\u1ec9nh \u0111\u01b0\u1ee3c, c\u00f2n \u0111\u01b0\u1ee3c g\u1ecdi l\u00e0 xi lanh t\u00e1c \u0111\u1ed9ng k\u00e9p \u0111i\u1ec1u ch\u1ec9nh chuy\u00ean nghi\u1ec7p ho\u1eb7c xi lanh th\u1ee7y l\u1ef1c m\u00e1y k\u00e9o, l\u00e0 c\u00e1c b\u1ed9 ph\u1eadn th\u1ee7y l\u1ef1c \u0111a n\u0103ng \u0111\u01b0\u1ee3c s\u1eed d\u1ee5ng trong nhi\u1ec1u \u1ee9ng d\u1ee5ng kh\u00e1c nhau. Chi\u1ec1u d\u00e0i h\u00e0nh tr\u00ecnh \u0111i\u1ec1u ch\u1ec9nh \u0111\u01b0\u1ee3c cho ph\u00e9p ki\u1ec3m so\u00e1t ch\u00ednh x\u00e1c h\u1ec7 th\u1ed1ng th\u1ee7y l\u1ef1c, khi\u1ebfn ch\u00fang tr\u1edf th\u00e0nh c\u00e1c b\u1ed9 ph\u1eadn thi\u1ebft y\u1ebfu trong nhi\u1ec1u ng\u00e0nh c\u00f4ng nghi\u1ec7p, bao g\u1ed3m n\u00f4ng nghi\u1ec7p, x\u00e2y d\u1ef1ng, s\u1ea3n xu\u1ea5t, \u00f4 t\u00f4 v\u00e0 v\u1eadn t\u1ea3i.<img decoding=\"async\" src=\"https:\/\/fmp-components.com\/wp-content\/uploads\/2024\/12\/Application-of-Adjustable-Clevis-Type-Cylinders.webp\" alt=\"Xi lanh lo\u1ea1i Clevis c\u00f3 th\u1ec3 \u0111i\u1ec1u ch\u1ec9nh\" width=\"800\" title=\"\"><\/p>\n<h3>Gi\u1edbi thi\u1ec7u v\u1ec1 FMP \u2013 Xi lanh th\u1ee7y l\u1ef1c ch\u1ea5t l\u01b0\u1ee3ng cao d\u00e0nh cho m\u00e1y m\u00f3c x\u00e2y d\u1ef1ng<\/h3>\n<p>B\u1ea1n \u0111ang t\u00ecm ki\u1ebfm xi lanh th\u1ee7y l\u1ef1c ch\u1ea5t l\u01b0\u1ee3ng cao cho m\u00e1y m\u00f3c x\u00e2y d\u1ef1ng c\u1ee7a m\u00ecnh? H\u00e3y \u0111\u1ebfn v\u1edbi FMP, m\u1ed9t c\u00f4ng ty h\u00e0ng \u0111\u1ea7u c\u00f3 tr\u1ee5 s\u1edf t\u1ea1i \u00dd chuy\u00ean b\u00e1n v\u00e0 b\u1ea3o d\u01b0\u1ee1ng ph\u1ee5 t\u00f9ng m\u00e1y m\u00f3c x\u00e2y d\u1ef1ng v\u00e0 m\u00e1y m\u00f3c ho\u00e0n ch\u1ec9nh.<\/p>\n<p>T\u1ea1i FMP, ch\u00fang t\u00f4i cam k\u1ebft cung c\u1ea5p cho kh\u00e1ch h\u00e0ng c\u00e1c gi\u1ea3i ph\u00e1p \u0111\u00e1ng tin c\u1eady v\u00e0 hi\u1ec7u qu\u1ea3 cho nhu c\u1ea7u m\u00e1y m\u00f3c x\u00e2y d\u1ef1ng c\u1ee7a h\u1ecd. Danh m\u1ee5c s\u1ea3n ph\u1ea9m c\u1ee7a ch\u00fang t\u00f4i bao g\u1ed3m \u0111a d\u1ea1ng c\u00e1c lo\u1ea1i m\u00e1y m\u00f3c x\u00e2y d\u1ef1ng, h\u1ed9p s\u1ed1 m\u00e1y n\u00f4ng nghi\u1ec7p, h\u1ed9p s\u1ed1 h\u00e0nh tinh, h\u1ed9p s\u1ed1 c\u00f4ng nghi\u1ec7p v\u00e0 c\u00e1c ph\u1ee5 ki\u1ec7n cao c\u1ea5p ph\u00f9 h\u1ee3p.<\/p>\n<p>Sau \u0111\u00e2y l\u00e0 m\u1ed9t s\u1ed1 l\u1ee3i \u00edch khi l\u1ef1a ch\u1ecdn FMP cho nhu c\u1ea7u xi lanh th\u1ee7y l\u1ef1c c\u1ee7a b\u1ea1n:<\/p>\n<p>1. S\u1ea3n ph\u1ea9m ch\u1ea5t l\u01b0\u1ee3ng cao: T\u1ea5t c\u1ea3 s\u1ea3n ph\u1ea9m c\u1ee7a ch\u00fang t\u00f4i \u0111\u1ec1u c\u00f3 ngu\u1ed3n g\u1ed1c t\u1eeb c\u00e1c nh\u00e0 cung c\u1ea5p ch\u1ea5t l\u01b0\u1ee3ng cao, \u0111\u1ea3m b\u1ea3o r\u1eb1ng kh\u00e1ch h\u00e0ng c\u1ee7a ch\u00fang t\u00f4i ch\u1ec9 nh\u1eadn \u0111\u01b0\u1ee3c nh\u1eefng s\u1ea3n ph\u1ea9m ch\u1ea5t l\u01b0\u1ee3ng t\u1ed1t nh\u1ea5t \u0111\u00e1p \u1ee9ng c\u00e1c ti\u00eau chu\u1ea9n ch\u1ea5t l\u01b0\u1ee3ng nghi\u00eam ng\u1eb7t.<\/p>\n<p>2. \u0110\u1ed9i ng\u0169 chuy\u00ean nghi\u1ec7p: \u0110\u1ed9i ng\u0169 b\u00e1n h\u00e0ng gi\u00e0u kinh nghi\u1ec7m v\u00e0 chuy\u00ean nghi\u1ec7p c\u1ee7a ch\u00fang t\u00f4i am hi\u1ec3u xu h\u01b0\u1edbng ph\u00e1t tri\u1ec3n v\u00e0 nhu c\u1ea7u c\u1ee7a kh\u00e1ch h\u00e0ng trong ng\u00e0nh m\u00e1y m\u00f3c x\u00e2y d\u1ef1ng, c\u00f3 th\u1ec3 cung c\u1ea5p t\u01b0 v\u1ea5n s\u1ea3n ph\u1ea9m to\u00e0n di\u1ec7n v\u00e0 \u0111\u1ec1 xu\u1ea5t mua h\u00e0ng th\u00f4ng minh.<\/p>\n<p>3. H\u1ec7 th\u1ed1ng ph\u00e2n ph\u1ed1i h\u1eadu c\u1ea7n hi\u1ec7u qu\u1ea3: Ch\u00fang t\u00f4i c\u00f3 h\u1ec7 th\u1ed1ng ph\u00e2n ph\u1ed1i h\u1eadu c\u1ea7n hi\u1ec7u qu\u1ea3 \u0111\u1ea3m b\u1ea3o giao h\u00e0ng \u0111\u00fang th\u1eddi h\u1ea1n v\u00e0 ch\u00ednh x\u00e1c cho kh\u00e1ch h\u00e0ng.<\/p>\n<p>4. Gi\u00e1 c\u1ea3 c\u1ea1nh tranh: Ch\u00fang t\u00f4i cung c\u1ea5p gi\u00e1 c\u1ea3 c\u1ea1nh tranh cho s\u1ea3n ph\u1ea9m m\u00e0 kh\u00f4ng \u1ea3nh h\u01b0\u1edfng \u0111\u1ebfn ch\u1ea5t l\u01b0\u1ee3ng.<\/p>\n<p>5. T\u00f9y ch\u1ec9nh: Ch\u00fang t\u00f4i cung c\u1ea5p c\u00e1c t\u00f9y ch\u1ecdn t\u00f9y ch\u1ec9nh cho xi lanh th\u1ee7y l\u1ef1c \u0111\u1ec3 \u0111\u00e1p \u1ee9ng nhu c\u1ea7u ri\u00eang bi\u1ec7t c\u1ee7a kh\u00e1ch h\u00e0ng.<\/p>\n<p>C\u00e1c lo\u1ea1i xi lanh th\u1ee7y l\u1ef1c c\u1ee7a ch\u00fang t\u00f4i, ch\u1eb3ng h\u1ea1n nh\u01b0 Xi lanh lo\u1ea1i Clevis \u0111i\u1ec1u ch\u1ec9nh (h\u00ecnh b\u00ean d\u01b0\u1edbi), ho\u00e0n h\u1ea3o cho nhi\u1ec1u \u1ee9ng d\u1ee5ng m\u00e1y m\u00f3c x\u00e2y d\u1ef1ng. V\u1edbi cam k\u1ebft v\u1ec1 ch\u1ea5t l\u01b0\u1ee3ng v\u00e0 s\u1ef1 h\u00e0i l\u00f2ng c\u1ee7a kh\u00e1ch h\u00e0ng, b\u1ea1n c\u00f3 th\u1ec3 tin t\u01b0\u1edfng FMP cho m\u1ecdi nhu c\u1ea7u v\u1ec1 xi lanh th\u1ee7y l\u1ef1c c\u1ee7a m\u00ecnh.<\/p>\n<p><img decoding=\"async\" src=\"https:\/\/fmp-components.com\/wp-content\/uploads\/2024\/12\/Adjustable-Clevis-Type-Cylinders-6.webp\" alt=\"Xi lanh lo\u1ea1i Clevis c\u00f3 th\u1ec3 \u0111i\u1ec1u ch\u1ec9nh\" width=\"810\" title=\"\"><\/p>\n<h2>Nh\u1eefng c\u00e2u h\u1ecfi th\u01b0\u1eddng g\u1eb7p<\/h2>\n<p><strong>H\u1ecfi: Xi lanh th\u1ee7y l\u1ef1c c\u00f3 tr\u1ecdng l\u01b0\u1ee3ng bao nhi\u00eau?<\/strong><br \/>\nA: Xi lanh th\u1ee7y l\u1ef1c n\u1eb7ng 104 kg.<\/p>\n<p><strong>H\u1ecfi: Th\u1eddi h\u1ea1n b\u1ea3o h\u00e0nh cho c\u00e1c b\u1ed9 ph\u1eadn ch\u00ednh c\u1ee7a xi lanh l\u00e0 bao l\u00e2u?<\/strong><br \/>\nA: C\u00e1c b\u1ed9 ph\u1eadn c\u1ed1t l\u00f5i c\u1ee7a xi lanh \u0111\u01b0\u1ee3c b\u1ea3o h\u00e0nh 1 n\u0103m.<\/p>\n<p><strong>H\u1ecfi: Xi lanh th\u1ee7y l\u1ef1c c\u00f3 th\u1ec3 \u0111\u01b0\u1ee3c t\u00f9y ch\u1ec9nh \u0111\u1ec3 \u0111\u00e1p \u1ee9ng c\u00e1c y\u00eau c\u1ea7u c\u1ee5 th\u1ec3 kh\u00f4ng?<\/strong><br \/>\nA: V\u00e2ng, ch\u00fang t\u00f4i c\u00f3 cung c\u1ea5p c\u00e1c t\u00f9y ch\u1ecdn t\u00f9y ch\u1ec9nh. Vui l\u00f2ng li\u00ean h\u1ec7 v\u1edbi ch\u00fang t\u00f4i \u0111\u1ec3 bi\u1ebft th\u00eam th\u00f4ng tin.<\/p>\n<p><img decoding=\"async\" src=\"https:\/\/img.jiansujichilun.com\/img\/hydrauliccylinders\/B_hydrauliccylinders-4.webp\" alt=\"xi lanh th\u1ee7y l\u1ef1c\" width=\"800\" title=\"\"><\/p>\n<p>T\u00e1c gi\u1ea3: CX<\/p>","protected":false},"excerpt":{"rendered":"<p>The Professional Adjustable Double Acting Cylinder Tractor Hydraulic Cylinder is a high-quality hydraulic cylinder designed to meet the demands of modern farming equipment. This cylinder features double-acting technology, which allows for smooth and reliable operation in even the toughest conditions. Built for durability and strength, this hydraulic cylinder is made from high-grade materials and is [&hellip;]<\/p>","protected":false},"featured_media":1338,"comment_status":"closed","ping_status":"closed","template":"","meta":{"_et_pb_use_builder":"","_et_pb_old_content":"","_et_gb_content_width":""},"product_brand":[],"product_cat":[39],"product_tag":[41,34],"class_list":{"0":"post-1348","1":"product","2":"type-product","3":"status-publish","4":"has-post-thumbnail","6":"product_cat-adjustable-clevis-type-cylinders","7":"product_tag-adjustable-clevis-type-cylinders","8":"product_tag-hydraulic-cylinder","10":"first","11":"instock","12":"product-type-simple"},"_links":{"self":[{"href":"https:\/\/fmp-components.com\/vi\/wp-json\/wp\/v2\/product\/1348","targetHints":{"allow":["GET"]}}],"collection":[{"href":"https:\/\/fmp-components.com\/vi\/wp-json\/wp\/v2\/product"}],"about":[{"href":"https:\/\/fmp-components.com\/vi\/wp-json\/wp\/v2\/types\/product"}],"replies":[{"embeddable":true,"href":"https:\/\/fmp-components.com\/vi\/wp-json\/wp\/v2\/comments?post=1348"}],"wp:featuredmedia":[{"embeddable":true,"href":"https:\/\/fmp-components.com\/vi\/wp-json\/wp\/v2\/media\/1338"}],"wp:attachment":[{"href":"https:\/\/fmp-components.com\/vi\/wp-json\/wp\/v2\/media?parent=1348"}],"wp:term":[{"taxonomy":"product_brand","embeddable":true,"href":"https:\/\/fmp-components.com\/vi\/wp-json\/wp\/v2\/product_brand?post=1348"},{"taxonomy":"product_cat","embeddable":true,"href":"https:\/\/fmp-components.com\/vi\/wp-json\/wp\/v2\/product_cat?post=1348"},{"taxonomy":"product_tag","embeddable":true,"href":"https:\/\/fmp-components.com\/vi\/wp-json\/wp\/v2\/product_tag?post=1348"}],"curies":[{"name":"wp","href":"https:\/\/api.w.org\/{rel}","templated":true}]}}