{"id":1346,"date":"2024-12-23T02:18:07","date_gmt":"2024-12-23T02:18:07","guid":{"rendered":"https:\/\/fmp-components.com\/product\/customized-10-ton-hydraulic-cylinder-mini-hydraulic-cylinder\/"},"modified":"2024-12-23T03:49:56","modified_gmt":"2024-12-23T03:49:56","slug":"customized-10-ton-hydraulic-cylinder-mini-hydraulic-cylinder","status":"publish","type":"product","link":"https:\/\/fmp-components.com\/vi\/product\/customized-10-ton-hydraulic-cylinder-mini-hydraulic-cylinder\/","title":{"rendered":"Xi lanh th\u1ee7y l\u1ef1c mini 10 t\u1ea5n t\u00f9y ch\u1ec9nh"},"content":{"rendered":"<h2>Gi\u1edbi thi\u1ec7u s\u1ea3n ph\u1ea9m: Xi lanh th\u1ee7y l\u1ef1c 10 t\u1ea5n t\u00f9y ch\u1ec9nh Xi lanh th\u1ee7y l\u1ef1c mini<\/h2>\n<p>Xi lanh th\u1ee7y l\u1ef1c mini 10 t\u1ea5n t\u00f9y ch\u1ec9nh l\u00e0 lo\u1ea1i xi lanh th\u1ee7y l\u1ef1c hi\u1ec7u su\u1ea5t cao v\u00e0 b\u1ec1n b\u1ec9, \u0111\u01b0\u1ee3c thi\u1ebft k\u1ebf cho nhi\u1ec1u \u1ee9ng d\u1ee5ng c\u00f4ng nghi\u1ec7p kh\u00e1c nhau. V\u1edbi thi\u1ebft k\u1ebf nh\u1ecf g\u1ecdn v\u00e0 hi\u1ec7u su\u1ea5t m\u1ea1nh m\u1ebd, xi lanh th\u1ee7y l\u1ef1c n\u00e0y l\u00e0 l\u1ef1a ch\u1ecdn l\u00fd t\u01b0\u1edfng cho c\u00e1c c\u00f4ng vi\u1ec7c \u0111\u00f2i h\u1ecfi kh\u1ea3 n\u0103ng \u0111i\u1ec1u khi\u1ec3n ch\u00ednh x\u00e1c v\u00e0 n\u00e2ng v\u1eadt n\u1eb7ng.<\/p>\n<p>C\u00e1c t\u00ednh n\u0103ng ch\u00ednh:<br \/>\n1. Thi\u1ebft k\u1ebf c\u00f3 th\u1ec3 t\u00f9y ch\u1ec9nh: Xi lanh th\u1ee7y l\u1ef1c mini 10 t\u1ea5n t\u00f9y ch\u1ec9nh c\u00f3 th\u1ec3 \u0111\u01b0\u1ee3c thi\u1ebft k\u1ebf ri\u00eang \u0111\u1ec3 \u0111\u00e1p \u1ee9ng c\u00e1c y\u00eau c\u1ea7u c\u1ee5 th\u1ec3, \u0111\u1ea3m b\u1ea3o hi\u1ec7u su\u1ea5t t\u1ed1i \u01b0u v\u00e0 kh\u1ea3 n\u0103ng t\u01b0\u01a1ng th\u00edch v\u1edbi nhi\u1ec1u lo\u1ea1i m\u00e1y m\u00f3c v\u00e0 thi\u1ebft b\u1ecb kh\u00e1c nhau.<\/p>\n<p>2. K\u1ebft c\u1ea5u ch\u1eafc ch\u1eafn: \u0110\u01b0\u1ee3c ch\u1ebf t\u1ea1o t\u1eeb v\u1eadt li\u1ec7u ch\u1ea5t l\u01b0\u1ee3ng cao, xi lanh th\u1ee7y l\u1ef1c n\u00e0y \u0111\u01b0\u1ee3c thi\u1ebft k\u1ebf \u0111\u1ec3 ch\u1ecbu \u0111\u01b0\u1ee3c t\u1ea3i tr\u1ecdng l\u1edbn v\u00e0 s\u1eed d\u1ee5ng li\u00ean t\u1ee5c. N\u00f3 mang l\u1ea1i \u0111\u1ed9 b\u1ec1n v\u00e0 tu\u1ed5i th\u1ecd v\u01b0\u1ee3t tr\u1ed9i, gi\u00fap gi\u1ea3m chi ph\u00ed b\u1ea3o tr\u00ec v\u00e0 n\u00e2ng cao n\u0103ng su\u1ea5t t\u1ed5ng th\u1ec3.<\/p>\n<p>3. Hi\u1ec7u su\u1ea5t \u0111\u00e1ng tin c\u1eady: Xi lanh th\u1ee7y l\u1ef1c mini 10 t\u1ea5n t\u00f9y ch\u1ec9nh mang l\u1ea1i hi\u1ec7u su\u1ea5t \u1ed5n \u0111\u1ecbnh v\u00e0 \u0111\u00e1ng tin c\u1eady ngay c\u1ea3 trong \u0111i\u1ec1u ki\u1ec7n l\u00e0m vi\u1ec7c kh\u1eafc nghi\u1ec7t nh\u1ea5t. N\u00f3 mang l\u1ea1i chuy\u1ec3n \u0111\u1ed9ng m\u01b0\u1ee3t m\u00e0 v\u00e0 ch\u00ednh x\u00e1c, cho ph\u00e9p v\u1eadn h\u00e0nh hi\u1ec7u qu\u1ea3 v\u00e0 ch\u00ednh x\u00e1c.<\/p>\n<p>4. L\u1eafp \u0111\u1eb7t d\u1ec5 d\u00e0ng: \u0110\u01b0\u1ee3c thi\u1ebft k\u1ebf \u0111\u1ec3 thu\u1eadn ti\u1ec7n cho ng\u01b0\u1eddi d\u00f9ng, xi lanh th\u1ee7y l\u1ef1c n\u00e0y d\u1ec5 d\u00e0ng l\u1eafp \u0111\u1eb7t v\u00e0 t\u00edch h\u1ee3p v\u00e0o c\u00e1c h\u1ec7 th\u1ed1ng hi\u1ec7n c\u00f3. K\u00edch th\u01b0\u1edbc nh\u1ecf g\u1ecdn gi\u00fap t\u00edch h\u1ee3p li\u1ec1n m\u1ea1ch, ti\u1ebft ki\u1ec7m kh\u00f4ng gian v\u00e0 \u0111\u01a1n gi\u1ea3n h\u00f3a quy tr\u00ecnh l\u1eafp \u0111\u1eb7t.<\/p>\n<p>5. T\u00ednh linh ho\u1ea1t: Xi lanh th\u1ee7y l\u1ef1c mini 10 t\u1ea5n t\u00f9y ch\u1ec9nh ph\u00f9 h\u1ee3p v\u1edbi nhi\u1ec1u \u1ee9ng d\u1ee5ng, bao g\u1ed3m m\u00e1y m\u00f3c x\u00e2y d\u1ef1ng, thi\u1ebft b\u1ecb n\u00f4ng nghi\u1ec7p v\u00e0 t\u1ef1 \u0111\u1ed9ng h\u00f3a c\u00f4ng nghi\u1ec7p. T\u00ednh linh ho\u1ea1t c\u1ee7a n\u00f3 khi\u1ebfn n\u00f3 tr\u1edf th\u00e0nh l\u1ef1a ch\u1ecdn tuy\u1ec7t v\u1eddi cho nhi\u1ec1u ng\u00e0nh c\u00f4ng nghi\u1ec7p kh\u00e1c nhau.<\/p>\n<p>6. T\u00ednh n\u0103ng an to\u00e0n: Xi lanh th\u1ee7y l\u1ef1c n\u00e0y \u0111\u01b0\u1ee3c trang b\u1ecb c\u00e1c c\u01a1 ch\u1ebf an to\u00e0n \u0111\u1ec3 \u0111\u1ea3m b\u1ea3o an to\u00e0n cho ng\u01b0\u1eddi v\u1eadn h\u00e0nh v\u00e0 ng\u0103n ng\u1eeba tai n\u1ea1n. C\u00e1c t\u00ednh n\u0103ng n\u00e0y bao g\u1ed3m b\u1ea3o v\u1ec7 qu\u00e1 t\u1ea3i, van gi\u1ea3m \u00e1p v\u00e0 ch\u1ee9c n\u0103ng d\u1eebng kh\u1ea9n c\u1ea5p.<\/p>\n<p><img loading=\"lazy\" decoding=\"async\" class=\"alignnone size-full wp-image-1334\" src=\"https:\/\/fmp-components.com\/wp-content\/uploads\/2024\/12\/Adjustable-Clevis-Type-Cylinders-4.webp\" alt=\"Xi lanh lo\u1ea1i ch\u1ed1t c\u00f3 th\u1ec3 \u0111i\u1ec1u ch\u1ec9nh\" width=\"800\" height=\"800\" title=\"\" srcset=\"https:\/\/fmp-components.com\/wp-content\/uploads\/2024\/12\/Adjustable-Clevis-Type-Cylinders-4.webp 800w, https:\/\/fmp-components.com\/wp-content\/uploads\/2024\/12\/Adjustable-Clevis-Type-Cylinders-4-480x480.webp 480w\" sizes=\"(min-width: 0px) and (max-width: 480px) 480px, (min-width: 481px) 800px, 100vw\" \/><\/p>\n<p>T\u00f3m l\u1ea1i, Xi lanh th\u1ee7y l\u1ef1c mini 10 t\u1ea5n t\u00f9y ch\u1ec9nh l\u00e0 m\u1ed9t xi lanh th\u1ee7y l\u1ef1c hi\u1ec7u su\u1ea5t cao, mang l\u1ea1i \u0111\u1ed9 b\u1ec1n, \u0111\u1ed9 tin c\u1eady v\u00e0 t\u00ednh linh ho\u1ea1t tuy\u1ec7t v\u1eddi. Thi\u1ebft k\u1ebf t\u00f9y ch\u1ec9nh, c\u1ea5u tr\u00fac ch\u1eafc ch\u1eafn v\u00e0 c\u00e1c t\u00ednh n\u0103ng th\u00e2n thi\u1ec7n v\u1edbi ng\u01b0\u1eddi d\u00f9ng khi\u1ebfn n\u00f3 tr\u1edf th\u00e0nh l\u1ef1a ch\u1ecdn l\u00fd t\u01b0\u1edfng cho c\u00e1c \u1ee9ng d\u1ee5ng c\u00f4ng nghi\u1ec7p \u0111\u00f2i h\u1ecfi kh\u1ea3 n\u0103ng \u0111i\u1ec1u khi\u1ec3n ch\u00ednh x\u00e1c v\u00e0 n\u00e2ng v\u1eadt n\u1eb7ng.<\/p>\n<p>Tr\u1ea3i nghi\u1ec7m s\u1ee9c m\u1ea1nh c\u1ee7a Xi lanh th\u1ee7y l\u1ef1c mini 10 t\u1ea5n t\u00f9y ch\u1ec9nh, m\u1ed9t l\u1ef1a ch\u1ecdn h\u00e0ng \u0111\u1ea7u cho c\u00e1c x\u01b0\u1edfng s\u1eeda ch\u1eefa m\u00e1y m\u00f3c, trang tr\u1ea1i, ho\u1ea1t \u0111\u1ed9ng n\u0103ng l\u01b0\u1ee3ng v\u00e0 khai th\u00e1c m\u1ecf, c\u0169ng nh\u01b0 c\u00e1c nh\u00e0 m\u00e1y s\u1ea3n xu\u1ea5t m\u00e1y m\u00f3c. Xi lanh th\u1ee7y l\u1ef1c hi\u1ec7u su\u1ea5t cao n\u00e0y ho\u00e0n to\u00e0n m\u1edbi, \u0111\u01b0\u1ee3c b\u1ea3o h\u00e0nh m\u1ed9t n\u0103m v\u00e0 \u0111\u1ea1t ch\u1ee9ng nh\u1eadn ISO9001:2000. \u0110\u00e2y l\u00e0 lo\u1ea1i xi lanh piston ti\u00eau chu\u1ea9n v\u1edbi th\u00e2n th\u00e9p ch\u1eafc ch\u1eafn, cung c\u1ea5p l\u1ef1c \u0111\u1ea9y t\u1ed1i \u0111a 3000 v\u00e0 l\u1ef1c k\u00e9o t\u1ed1i \u0111a 20 t\u1ea5n. Thi\u1ebft k\u1ebf ki\u1ec3u ch\u1ed1t c\u00f3 th\u1ec3 \u0111i\u1ec1u ch\u1ec9nh cho ph\u00e9p s\u1eed d\u1ee5ng linh ho\u1ea1t trong nhi\u1ec1u \u1ee9ng d\u1ee5ng kh\u00e1c nhau.<\/p>\n<h2>\u01afu \u0111i\u1ec3m c\u1ee7a xi lanh lo\u1ea1i ch\u1ed1t c\u00f3 th\u1ec3 \u0111i\u1ec1u ch\u1ec9nh<\/h2>\n<p>Xi lanh th\u1ee7y l\u1ef1c lo\u1ea1i ch\u1ed1t \u0111i\u1ec1u ch\u1ec9nh, c\u00f2n \u0111\u01b0\u1ee3c g\u1ecdi l\u00e0 xi lanh th\u1ee7y l\u1ef1c 10 t\u1ea5n t\u00f9y ch\u1ec9nh ho\u1eb7c xi lanh th\u1ee7y l\u1ef1c mini, mang l\u1ea1i nhi\u1ec1u \u01b0u \u0111i\u1ec3m \u0111\u1ed9c \u0111\u00e1o trong nhi\u1ec1u \u1ee9ng d\u1ee5ng kh\u00e1c nhau. Nh\u1eefng xi lanh n\u00e0y \u0111\u01b0\u1ee3c thi\u1ebft k\u1ebf ch\u00ednh x\u00e1c v\u00e0 linh ho\u1ea1t, mang l\u1ea1i hi\u1ec7u su\u1ea5t hi\u1ec7u qu\u1ea3 v\u00e0 \u0111\u00e1ng tin c\u1eady. Trong b\u00e0i vi\u1ebft n\u00e0y, ch\u00fang ta s\u1ebd t\u00ecm hi\u1ec3u chi ti\u1ebft v\u1ec1 nh\u1eefng \u01b0u \u0111i\u1ec3m c\u1ee7a lo\u1ea1i xi lanh n\u00e0y.<\/p>\n<p><strong>1. T\u00ednh linh ho\u1ea1t v\u00e0 kh\u1ea3 n\u0103ng t\u00f9y ch\u1ec9nh \u0111\u01b0\u1ee3c n\u00e2ng cao:<\/strong> Xi lanh lo\u1ea1i ch\u1ed1t \u0111i\u1ec1u ch\u1ec9nh mang l\u1ea1i t\u00ednh linh ho\u1ea1t cao v\u1ec1 m\u1eb7t t\u00f9y ch\u1ec9nh. Ch\u00fang c\u00f3 th\u1ec3 \u0111\u01b0\u1ee3c thi\u1ebft k\u1ebf ri\u00eang \u0111\u1ec3 \u0111\u00e1p \u1ee9ng c\u00e1c y\u00eau c\u1ea7u c\u1ee5 th\u1ec3, ch\u1eb3ng h\u1ea1n nh\u01b0 chi\u1ec1u d\u00e0i h\u00e0nh tr\u00ecnh, t\u00f9y ch\u1ecdn l\u1eafp \u0111\u1eb7t v\u00e0 k\u00edch th\u01b0\u1edbc l\u1ed7. \u0110i\u1ec1u n\u00e0y cho ph\u00e9p t\u00edch h\u1ee3p li\u1ec1n m\u1ea1ch v\u00e0o c\u00e1c h\u1ec7 th\u1ed1ng kh\u00e1c nhau v\u00e0 \u0111\u1ea3m b\u1ea3o hi\u1ec7u su\u1ea5t t\u1ed1i \u01b0u.<\/p>\n<p><strong>2. Kh\u1ea3 n\u0103ng ch\u1ecbu t\u1ea3i v\u01b0\u1ee3t tr\u1ed9i:<\/strong> Nh\u1eefng xi lanh n\u00e0y c\u00f3 kh\u1ea3 n\u0103ng x\u1eed l\u00fd t\u1ea3i tr\u1ecdng n\u1eb7ng m\u1ed9t c\u00e1ch d\u1ec5 d\u00e0ng. V\u1edbi t\u1ea3i tr\u1ecdng 10 t\u1ea5n, ch\u00fang cung c\u1ea5p kh\u1ea3 n\u0103ng n\u00e2ng v\u00e0 \u0111\u1ea9y m\u1ea1nh m\u1ebd, l\u00fd t\u01b0\u1edfng cho c\u00e1c \u1ee9ng d\u1ee5ng \u0111\u00f2i h\u1ecfi l\u1ef1c t\u00e1c \u0111\u1ed9ng l\u1edbn.<\/p>\n<p><strong>3. Nh\u1ecf g\u1ecdn v\u00e0 ti\u1ebft ki\u1ec7m kh\u00f4ng gian:<\/strong> Thi\u1ebft k\u1ebf th\u1ee7y l\u1ef1c mini c\u1ee7a c\u00e1c xi lanh n\u00e0y cho ph\u00e9p ch\u00fang v\u1eeba v\u1eb7n v\u1edbi nh\u1eefng kh\u00f4ng gian ch\u1eadt h\u1eb9p, n\u01a1i c\u00e1c xi lanh l\u1edbn h\u01a1n c\u00f3 th\u1ec3 kh\u00f4ng ph\u00f9 h\u1ee3p. K\u00edch th\u01b0\u1edbc nh\u1ecf g\u1ecdn c\u1ee7a ch\u00fang kh\u00f4ng \u1ea3nh h\u01b0\u1edfng \u0111\u1ebfn hi\u1ec7u su\u1ea5t, gi\u00fap ch\u00fang linh ho\u1ea1t trong nhi\u1ec1u ng\u00e0nh c\u00f4ng nghi\u1ec7p v\u00e0 \u1ee9ng d\u1ee5ng kh\u00e1c nhau.<\/p>\n<p><strong>4. \u0110\u1ecbnh v\u1ecb v\u00e0 ki\u1ec3m so\u00e1t ch\u00ednh x\u00e1c:<\/strong> Xi lanh lo\u1ea1i ch\u1ed1t \u0111i\u1ec1u ch\u1ec9nh \u0111\u01b0\u1ee3c cung c\u1ea5p kh\u1ea3 n\u0103ng \u0111\u1ecbnh v\u1ecb v\u00e0 ki\u1ec3m so\u00e1t ch\u00ednh x\u00e1c nh\u1edd h\u1ec7 th\u1ed1ng th\u1ee7y l\u1ef1c ti\u00ean ti\u1ebfn. \u0110i\u1ec1u n\u00e0y \u0111\u1ea3m b\u1ea3o chuy\u1ec3n \u0111\u1ed9ng ch\u00ednh x\u00e1c v\u00e0 l\u1eb7p l\u1ea1i, khi\u1ebfn ch\u00fang tr\u1edf n\u00ean l\u00fd t\u01b0\u1edfng cho c\u00e1c nhi\u1ec7m v\u1ee5 \u0111\u00f2i h\u1ecfi s\u1ef1 \u0111i\u1ec1u ch\u1ec9nh tinh vi.<\/p>\n<p><strong>5. \u0110\u1ed9 b\u1ec1n v\u00e0 \u0111\u1ed9 tin c\u1eady:<\/strong> Nh\u1eefng xi lanh n\u00e0y \u0111\u01b0\u1ee3c ch\u1ebf t\u1ea1o \u0111\u1ec3 ch\u1ecbu \u0111\u01b0\u1ee3c \u0111i\u1ec1u ki\u1ec7n kh\u1eafc nghi\u1ec7t v\u00e0 c\u01b0\u1eddng \u0111\u1ed9 s\u1eed d\u1ee5ng cao. Ch\u00fang \u0111\u01b0\u1ee3c ch\u1ebf t\u1ea1o b\u1eb1ng v\u1eadt li\u1ec7u ch\u1ea5t l\u01b0\u1ee3ng cao v\u00e0 tr\u1ea3i qua qu\u00e1 tr\u00ecnh ki\u1ec3m tra nghi\u00eam ng\u1eb7t, \u0111\u1ea3m b\u1ea3o \u0111\u1ed9 b\u1ec1n v\u00e0 \u0111\u1ed9 tin c\u1eady l\u00e2u d\u00e0i.<\/p>\n<p><strong>6. D\u1ec5 d\u00e0ng l\u1eafp \u0111\u1eb7t v\u00e0 b\u1ea3o tr\u00ec:<\/strong> Thi\u1ebft k\u1ebf c\u1ee7a xi lanh ki\u1ec3u ch\u1ed1t \u0111i\u1ec1u ch\u1ec9nh gi\u00fap \u0111\u01a1n gi\u1ea3n h\u00f3a quy tr\u00ecnh l\u1eafp \u0111\u1eb7t, ti\u1ebft ki\u1ec7m th\u1eddi gian v\u00e0 c\u00f4ng s\u1ee9c. Ngo\u00e0i ra, ch\u00fang \u0111\u00f2i h\u1ecfi b\u1ea3o tr\u00ec t\u1ed1i thi\u1ec3u, gi\u1ea3m chi ph\u00ed v\u1eadn h\u00e0nh v\u00e0 th\u1eddi gian ng\u1eebng ho\u1ea1t \u0111\u1ed9ng.<\/p>\n<p><strong>7. Ph\u1ea1m vi \u1ee9ng d\u1ee5ng r\u1ed9ng r\u00e3i:<\/strong> Xi lanh th\u1ee7y l\u1ef1c 10 t\u1ea5n t\u00f9y ch\u1ec9nh \u0111\u01b0\u1ee3c \u1ee9ng d\u1ee5ng trong nhi\u1ec1u ng\u00e0nh c\u00f4ng nghi\u1ec7p, bao g\u1ed3m x\u00e2y d\u1ef1ng, s\u1ea3n xu\u1ea5t, n\u00f4ng nghi\u1ec7p, v.v. T\u00ednh linh ho\u1ea1t c\u1ee7a ch\u00fang gi\u00fap ch\u00fang ph\u00f9 h\u1ee3p cho c\u00e1c nhi\u1ec7m v\u1ee5 nh\u01b0 n\u00e2ng v\u1eadt n\u1eb7ng, \u0111\u1ea9y ho\u1eb7c k\u00e9o thi\u1ebft b\u1ecb, v\u00e0 \u0111\u1ecbnh v\u1ecb ch\u00ednh x\u00e1c trong c\u00e1c h\u1ec7 th\u1ed1ng ph\u1ee9c t\u1ea1p.<\/p>\n<p>T\u00f3m l\u1ea1i, xi lanh ki\u1ec3u ch\u1ed1t \u0111i\u1ec1u ch\u1ec9nh mang l\u1ea1i nhi\u1ec1u \u01b0u \u0111i\u1ec3m v\u1ec1 t\u00ednh linh ho\u1ea1t, kh\u1ea3 n\u0103ng ch\u1ecbu t\u1ea3i, ti\u1ebft ki\u1ec7m kh\u00f4ng gian, \u0111i\u1ec1u khi\u1ec3n ch\u00ednh x\u00e1c, \u0111\u1ed9 b\u1ec1n, d\u1ec5 l\u1eafp \u0111\u1eb7t v\u00e0 b\u1ea3o tr\u00ec, c\u0169ng nh\u01b0 ph\u1ea1m vi \u1ee9ng d\u1ee5ng r\u1ed9ng r\u00e3i. Nh\u1eefng \u0111\u1eb7c \u0111i\u1ec3m \u0111\u1ed9c \u0111\u00e1o c\u1ee7a ch\u00fang khi\u1ebfn ch\u00fang tr\u1edf th\u00e0nh l\u1ef1a ch\u1ecdn \u0111\u00e1ng tin c\u1eady cho c\u00e1c h\u1ec7 th\u1ed1ng th\u1ee7y l\u1ef1c \u0111\u00f2i h\u1ecfi kh\u1eaft khe, \u0111\u1ea3m b\u1ea3o hi\u1ec7u su\u1ea5t v\u00e0 hi\u1ec7u qu\u1ea3 t\u1ed1i \u01b0u.<\/p>\n<p><img decoding=\"async\" src=\"https:\/\/fmp-components.com\/wp-content\/uploads\/2024\/12\/Adjustable-Clevis-Type-Cylinders5.webp\" alt=\"Xi lanh lo\u1ea1i Clevis c\u00f3 th\u1ec3 \u0111i\u1ec1u ch\u1ec9nh\" width=\"800\" title=\"\"><\/p>\n<h2>\u1ee8ng d\u1ee5ng c\u1ee7a xi lanh lo\u1ea1i ch\u1ed1t c\u00f3 th\u1ec3 \u0111i\u1ec1u ch\u1ec9nh<\/h2>\n<p>Xi lanh th\u1ee7y l\u1ef1c lo\u1ea1i ch\u1ed1t \u0111i\u1ec1u ch\u1ec9nh l\u00e0 lo\u1ea1i xi lanh th\u1ee7y l\u1ef1c c\u00f3 ch\u1ed1t \u1edf m\u1ed9t \u0111\u1ea7u, cho ph\u00e9p l\u1eafp \u0111\u1eb7t v\u00e0 k\u1ebft n\u1ed1i d\u1ec5 d\u00e0ng v\u1edbi nhi\u1ec1u h\u1ec7 th\u1ed1ng c\u01a1 kh\u00ed kh\u00e1c nhau. Lo\u1ea1i xi lanh n\u00e0y \u0111\u01b0\u1ee3c s\u1eed d\u1ee5ng r\u1ed9ng r\u00e3i trong nhi\u1ec1u ng\u00e0nh c\u00f4ng nghi\u1ec7p kh\u00e1c nhau nh\u1edd t\u00ednh linh ho\u1ea1t v\u00e0 kh\u1ea3 n\u0103ng \u0111i\u1ec1u ch\u1ec9nh. Trong b\u00e0i vi\u1ebft n\u00e0y, ch\u00fang ta s\u1ebd t\u00ecm hi\u1ec3u \u1ee9ng d\u1ee5ng c\u1ee7a xi lanh lo\u1ea1i ch\u1ed1t \u0111i\u1ec1u ch\u1ec9nh v\u00e0 th\u1ea3o lu\u1eadn v\u1ec1 c\u00e1c l\u1ee3i \u00edch v\u00e0 \u01b0u \u0111i\u1ec3m c\u1ee7a ch\u00fang.<\/p>\n<h3>1. H\u1ec7 th\u1ed1ng t\u1ef1 \u0111\u1ed9ng h\u00f3a c\u00f4ng nghi\u1ec7p<\/h3>\n<p>Trong c\u00e1c h\u1ec7 th\u1ed1ng t\u1ef1 \u0111\u1ed9ng h\u00f3a c\u00f4ng nghi\u1ec7p, xi lanh lo\u1ea1i ch\u1ed1t \u0111i\u1ec1u ch\u1ec9nh \u0111\u00f3ng vai tr\u00f2 quan tr\u1ecdng trong vi\u1ec7c \u0111i\u1ec1u khi\u1ec3n chuy\u1ec3n \u0111\u1ed9ng c\u1ee7a c\u00e1c b\u1ed9 ph\u1eadn kh\u00e1c nhau. Ch\u00fang th\u01b0\u1eddng \u0111\u01b0\u1ee3c s\u1eed d\u1ee5ng trong c\u00e1nh tay robot, h\u1ec7 th\u1ed1ng b\u0103ng t\u1ea3i v\u00e0 thi\u1ebft b\u1ecb x\u1eed l\u00fd v\u1eadt li\u1ec7u. Kh\u1ea3 n\u0103ng \u0111i\u1ec1u ch\u1ec9nh chi\u1ec1u d\u00e0i xi lanh gi\u00fap tinh ch\u1ec9nh v\u1ecb tr\u00ed v\u00e0 chuy\u1ec3n \u0111\u1ed9ng c\u1ee7a c\u00e1c h\u1ec7 th\u1ed1ng n\u00e0y d\u1ec5 d\u00e0ng h\u01a1n, \u0111\u1ea3m b\u1ea3o ho\u1ea1t \u0111\u1ed9ng ch\u00ednh x\u00e1c v\u00e0 hi\u1ec7u qu\u1ea3.<\/p>\n<h3>2. M\u00e1y m\u00f3c x\u00e2y d\u1ef1ng<\/h3>\n<p>Xi lanh lo\u1ea1i ch\u1ed1t \u0111i\u1ec1u ch\u1ec9nh \u0111\u01b0\u1ee3c s\u1eed d\u1ee5ng r\u1ed9ng r\u00e3i trong c\u00e1c m\u00e1y m\u00f3c x\u00e2y d\u1ef1ng nh\u01b0 m\u00e1y \u0111\u00e0o, m\u00e1y x\u00fac v\u00e0 c\u1ea7n c\u1ea9u. Nh\u1eefng xi lanh n\u00e0y cung c\u1ea5p l\u1ef1c v\u00e0 kh\u1ea3 n\u0103ng ki\u1ec3m so\u00e1t c\u1ea7n thi\u1ebft cho nhi\u1ec1u ch\u1ee9c n\u0103ng kh\u00e1c nhau, bao g\u1ed3m n\u00e2ng, \u0111\u00e0o v\u00e0 nghi\u00eang. T\u00ednh n\u0103ng \u0111i\u1ec1u ch\u1ec9nh cho ph\u00e9p ng\u01b0\u1eddi v\u1eadn h\u00e0nh \u0111i\u1ec1u ch\u1ec9nh chi\u1ec1u d\u00e0i xi lanh theo \u0111i\u1ec1u ki\u1ec7n l\u00e0m vi\u1ec7c c\u1ee5 th\u1ec3, c\u1ea3i thi\u1ec7n hi\u1ec7u su\u1ea5t v\u00e0 n\u0103ng su\u1ea5t t\u1ed5ng th\u1ec3 c\u1ee7a m\u00e1y m\u00f3c.<\/p>\n<h3>3. Thi\u1ebft b\u1ecb n\u00f4ng nghi\u1ec7p<\/h3>\n<p>Trong l\u0129nh v\u1ef1c n\u00f4ng nghi\u1ec7p, xi lanh ki\u1ec3u ch\u1ed1t \u0111i\u1ec1u ch\u1ec9nh \u0111\u01b0\u1ee3c \u1ee9ng d\u1ee5ng trong nhi\u1ec1u lo\u1ea1i thi\u1ebft b\u1ecb nh\u01b0 m\u00e1y k\u00e9o, m\u00e1y c\u00e0y v\u00e0 m\u00e1y g\u1eb7t. Nh\u1eefng xi lanh n\u00e0y \u0111\u01b0\u1ee3c s\u1eed d\u1ee5ng cho c\u00e1c nhi\u1ec7m v\u1ee5 nh\u01b0 \u0111i\u1ec1u ch\u1ec9nh chi\u1ec1u cao l\u01b0\u1ee1i c\u00e0y, ki\u1ec3m so\u00e1t v\u1ecb tr\u00ed c\u1ee7a c\u00e1c ph\u1ee5 ki\u1ec7n v\u00e0 cung c\u1ea5p l\u1ef1c th\u1ee7y l\u1ef1c \u0111\u1ec3 n\u00e2ng v\u1eadt n\u1eb7ng. T\u00ednh ch\u1ea5t \u0111i\u1ec1u ch\u1ec9nh c\u1ee7a ch\u00fang \u0111\u1ea3m b\u1ea3o hi\u1ec7u su\u1ea5t t\u1ed1i \u01b0u v\u00e0 t\u00ednh linh ho\u1ea1t trong c\u00e1c ho\u1ea1t \u0111\u1ed9ng n\u00f4ng nghi\u1ec7p kh\u00e1c nhau.<\/p>\n<h3>4. Ng\u00e0nh c\u00f4ng nghi\u1ec7p \u00f4 t\u00f4<\/h3>\n<p>Ng\u00e0nh c\u00f4ng nghi\u1ec7p \u00f4 t\u00f4 s\u1eed d\u1ee5ng xi-lanh ki\u1ec3u ch\u1ed1t \u0111i\u1ec1u ch\u1ec9nh trong nhi\u1ec1u \u1ee9ng d\u1ee5ng kh\u00e1c nhau, bao g\u1ed3m h\u1ec7 th\u1ed1ng treo xe, mui tr\u1ea7n v\u00e0 gh\u1ebf ng\u1ed3i \u0111i\u1ec1u ch\u1ec9nh. C\u00e1c xi-lanh n\u00e0y cung c\u1ea5p kh\u1ea3 n\u0103ng h\u1ed7 tr\u1ee3 v\u00e0 \u0111i\u1ec1u ch\u1ec9nh c\u1ea7n thi\u1ebft \u0111\u1ec3 n\u00e2ng cao s\u1ef1 tho\u1ea3i m\u00e1i v\u00e0 ch\u1ee9c n\u0103ng t\u1ed5ng th\u1ec3 c\u1ee7a xe. Kh\u1ea3 n\u0103ng t\u00f9y ch\u1ec9nh chi\u1ec1u d\u00e0i xi-lanh \u0111\u1ea3m b\u1ea3o tr\u1ea3i nghi\u1ec7m l\u00e1i xe tho\u1ea3i m\u00e1i cho ng\u01b0\u1eddi d\u00f9ng c\u00f3 chi\u1ec1u cao v\u00e0 s\u1edf th\u00edch kh\u00e1c nhau.<\/p>\n<h3>5. Gi\u1ea3i ph\u00e1p t\u00f9y ch\u1ec9nh<\/h3>\n<p>M\u1ed9t trong nh\u1eefng \u01b0u \u0111i\u1ec3m n\u1ed5i b\u1eadt c\u1ee7a xi lanh ki\u1ec3u ch\u1ed1t \u0111i\u1ec1u ch\u1ec9nh l\u00e0 kh\u1ea3 n\u0103ng t\u00f9y ch\u1ec9nh theo y\u00eau c\u1ea7u c\u1ee5 th\u1ec3. C\u00e1c nh\u00e0 s\u1ea3n xu\u1ea5t c\u00f3 th\u1ec3 thi\u1ebft k\u1ebf v\u00e0 s\u1ea3n xu\u1ea5t xi lanh v\u1edbi nhi\u1ec1u chi\u1ec1u d\u00e0i h\u00e0nh tr\u00ecnh, t\u00f9y ch\u1ecdn l\u1eafp \u0111\u1eb7t v\u00e0 m\u1ee9c \u00e1p su\u1ea5t kh\u00e1c nhau \u0111\u1ec3 \u0111\u00e1p \u1ee9ng nhu c\u1ea7u ri\u00eang bi\u1ec7t c\u1ee7a t\u1eebng \u1ee9ng d\u1ee5ng. Vi\u1ec7c t\u00f9y ch\u1ec9nh n\u00e0y \u0111\u1ea3m b\u1ea3o hi\u1ec7u su\u1ea5t v\u00e0 kh\u1ea3 n\u0103ng t\u01b0\u01a1ng th\u00edch t\u1ed1i \u01b0u, mang l\u1ea1i ho\u1ea1t \u0111\u1ed9ng hi\u1ec7u qu\u1ea3 v\u00e0 \u0111\u00e1ng tin c\u1eady.<\/p>\n<p>Xi lanh lo\u1ea1i ch\u1ed1t \u0111i\u1ec1u ch\u1ec9nh l\u00e0 linh ki\u1ec7n th\u1ee7y l\u1ef1c \u0111a n\u0103ng, \u0111\u01b0\u1ee3c \u1ee9ng d\u1ee5ng trong nhi\u1ec1u ng\u00e0nh c\u00f4ng nghi\u1ec7p kh\u00e1c nhau. T\u00ednh n\u0103ng \u0111i\u1ec1u ch\u1ec9nh c\u00f9ng kh\u1ea3 n\u0103ng t\u00f9y ch\u1ec9nh khi\u1ebfn ch\u00fang tr\u1edf th\u00e0nh l\u1ef1a ch\u1ecdn l\u00fd t\u01b0\u1edfng cho c\u00e1c h\u1ec7 th\u1ed1ng c\u01a1 kh\u00ed kh\u00e1c nhau. D\u00f9 trong t\u1ef1 \u0111\u1ed9ng h\u00f3a c\u00f4ng nghi\u1ec7p, m\u00e1y m\u00f3c x\u00e2y d\u1ef1ng, n\u00f4ng nghi\u1ec7p, c\u00f4ng nghi\u1ec7p \u00f4 t\u00f4 hay c\u00e1c l\u0129nh v\u1ef1c kh\u00e1c, nh\u1eefng xi lanh n\u00e0y \u0111\u1ec1u cung c\u1ea5p l\u1ef1c, kh\u1ea3 n\u0103ng ki\u1ec3m so\u00e1t v\u00e0 kh\u1ea3 n\u0103ng th\u00edch \u1ee9ng c\u1ea7n thi\u1ebft \u0111\u1ec3 \u0111\u1ea3m b\u1ea3o v\u1eadn h\u00e0nh tr\u01a1n tru v\u00e0 hi\u1ec7u qu\u1ea3.<\/p>\n<p><img decoding=\"async\" src=\"https:\/\/fmp-components.com\/wp-content\/uploads\/2024\/12\/Application-of-Adjustable-Clevis-Type-Cylinders.webp\" alt=\"Xi lanh lo\u1ea1i Clevis c\u00f3 th\u1ec3 \u0111i\u1ec1u ch\u1ec9nh\" width=\"800\" title=\"\"><\/p>\n<h3>Gi\u1edbi thi\u1ec7u v\u1ec1 FMP<\/h3>\n<p><img decoding=\"async\" src=\"https:\/\/fmp-components.com\/wp-content\/uploads\/2024\/12\/Adjustable-Clevis-Type-Cylinders-6.webp\" alt=\"Xi lanh lo\u1ea1i Clevis c\u00f3 th\u1ec3 \u0111i\u1ec1u ch\u1ec9nh\" width=\"808\" title=\"\"><\/p>\n<p>FMP l\u00e0 c\u00f4ng ty h\u00e0ng \u0111\u1ea7u chuy\u00ean s\u1ea3n xu\u1ea5t v\u00e0 kinh doanh xi lanh th\u1ee7y l\u1ef1c. V\u1edbi nhi\u1ec1u n\u0103m kinh nghi\u1ec7m trong ng\u00e0nh v\u00e0 \u0111\u1ed9i ng\u0169 chuy\u00ean nghi\u1ec7p, ch\u00fang t\u00f4i cam k\u1ebft cung c\u1ea5p cho kh\u00e1ch h\u00e0ng nh\u1eefng xi lanh th\u1ee7y l\u1ef1c ch\u1ea5t l\u01b0\u1ee3ng cao v\u00e0 \u0111\u00e1ng tin c\u1eady cho nhi\u1ec1u \u1ee9ng d\u1ee5ng kh\u00e1c nhau trong ng\u00e0nh m\u00e1y m\u00f3c x\u00e2y d\u1ef1ng.<\/p>\n<p>1. \u0110a d\u1ea1ng s\u1ea3n ph\u1ea9m: Ch\u00fang t\u00f4i cung c\u1ea5p \u0111a d\u1ea1ng c\u00e1c lo\u1ea1i xi lanh th\u1ee7y l\u1ef1c, bao g\u1ed3m xi lanh ki\u1ec3u ch\u1ed1t \u0111i\u1ec1u ch\u1ec9nh, xi lanh \u1ed1ng l\u1ed3ng, xi lanh h\u00e0n, xi lanh thanh gi\u1eb1ng, v.v. D\u00f9 nhu c\u1ea7u c\u1ee5 th\u1ec3 c\u1ee7a b\u1ea1n l\u00e0 g\u00ec, ch\u00fang t\u00f4i \u0111\u1ec1u c\u00f3 gi\u1ea3i ph\u00e1p xi lanh th\u1ee7y l\u1ef1c ph\u00f9 h\u1ee3p.<\/p>\n<p>2. Ch\u1ea5t l\u01b0\u1ee3ng v\u01b0\u1ee3t tr\u1ed9i: T\u1ea1i FMP, ch\u00fang t\u00f4i \u01b0u ti\u00ean ch\u1ea5t l\u01b0\u1ee3ng v\u00e0 \u0111\u1ea3m b\u1ea3o t\u1ea5t c\u1ea3 xi lanh th\u1ee7y l\u1ef1c c\u1ee7a ch\u00fang t\u00f4i \u0111\u1ec1u \u0111\u00e1p \u1ee9ng c\u00e1c ti\u00eau chu\u1ea9n ch\u1ea5t l\u01b0\u1ee3ng nghi\u00eam ng\u1eb7t. Ch\u00fang t\u00f4i \u0111\u00e3 thi\u1ebft l\u1eadp m\u1ed1i quan h\u1ec7 l\u00e2u d\u00e0i v\u00e0 \u1ed5n \u0111\u1ecbnh v\u1edbi c\u00e1c nh\u00e0 cung c\u1ea5p ch\u1ea5t l\u01b0\u1ee3ng cao, c\u1ea3 trong n\u01b0\u1edbc v\u00e0 qu\u1ed1c t\u1ebf, \u0111\u1ec3 \u0111\u1ea3m b\u1ea3o \u0111\u1ed9 b\u1ec1n v\u00e0 hi\u1ec7u su\u1ea5t c\u1ee7a s\u1ea3n ph\u1ea9m.<\/p>\n<p>3. \u0110\u1ed9i ng\u0169 b\u00e1n h\u00e0ng chuy\u00ean nghi\u1ec7p: \u0110\u1ed9i ng\u0169 b\u00e1n h\u00e0ng gi\u00e0u kinh nghi\u1ec7m v\u00e0 k\u1ef9 n\u0103ng c\u1ee7a ch\u00fang t\u00f4i am hi\u1ec3u c\u00e1c xu h\u01b0\u1edbng m\u1edbi nh\u1ea5t trong ng\u00e0nh v\u00e0 nhu c\u1ea7u c\u1ee7a kh\u00e1ch h\u00e0ng. H\u1ecd s\u1eb5n s\u00e0ng t\u01b0 v\u1ea5n s\u1ea3n ph\u1ea9m chuy\u00ean nghi\u1ec7p v\u00e0 \u0111\u01b0a ra nh\u1eefng g\u1ee3i \u00fd mua h\u00e0ng th\u00f4ng minh, \u0111\u1ea3m b\u1ea3o b\u1ea1n \u0111\u01b0a ra l\u1ef1a ch\u1ecdn t\u1ed1t nh\u1ea5t cho nhu c\u1ea7u m\u00e1y m\u00f3c x\u00e2y d\u1ef1ng c\u1ee7a m\u00ecnh.<\/p>\n<p>4. H\u1ec7 th\u1ed1ng ph\u00e2n ph\u1ed1i h\u1eadu c\u1ea7n hi\u1ec7u qu\u1ea3: Ch\u00fang t\u00f4i hi\u1ec3u t\u1ea7m quan tr\u1ecdng c\u1ee7a vi\u1ec7c giao h\u00e0ng \u0111\u00fang h\u1ea1n. V\u1edbi h\u1ec7 th\u1ed1ng ph\u00e2n ph\u1ed1i h\u1eadu c\u1ea7n hi\u1ec7u qu\u1ea3, ch\u00fang t\u00f4i \u0111\u1ea3m b\u1ea3o kh\u00e1ch h\u00e0ng nh\u1eadn \u0111\u01b0\u1ee3c xi lanh th\u1ee7y l\u1ef1c c\u1ea7n thi\u1ebft m\u1ed9t c\u00e1ch k\u1ecbp th\u1eddi v\u00e0 ch\u00ednh x\u00e1c. Qu\u00fd kh\u00e1ch c\u00f3 th\u1ec3 tin t\u01b0\u1edfng v\u00e0o d\u1ecbch v\u1ee5 nhanh ch\u00f3ng v\u00e0 \u0111\u00e1ng tin c\u1eady c\u1ee7a ch\u00fang t\u00f4i.<\/p>\n<p>5. Gi\u1ea3i ph\u00e1p t\u00f9y ch\u1ec9nh: Ch\u00fang t\u00f4i hi\u1ec3u r\u1eb1ng m\u1ed7i d\u1ef1 \u00e1n m\u00e1y m\u00f3c x\u00e2y d\u1ef1ng \u0111\u1ec1u c\u00f3 \u0111\u1eb7c th\u00f9 ri\u00eang. \u0110\u00f3 l\u00e0 l\u00fd do t\u1ea1i sao ch\u00fang t\u00f4i cung c\u1ea5p c\u00e1c gi\u1ea3i ph\u00e1p xi lanh th\u1ee7y l\u1ef1c t\u00f9y ch\u1ec9nh \u0111\u1ec3 \u0111\u00e1p \u1ee9ng c\u00e1c y\u00eau c\u1ea7u c\u1ee5 th\u1ec3 c\u1ee7a b\u1ea1n. Cho d\u00f9 b\u1ea1n c\u1ea7n m\u1ed9t xi lanh v\u1edbi chi\u1ec1u d\u00e0i h\u00e0nh tr\u00ecnh c\u1ee5 th\u1ec3, ki\u1ec3u l\u1eafp \u0111\u1eb7t, hay b\u1ea5t k\u1ef3 t\u00f9y ch\u1ec9nh n\u00e0o kh\u00e1c, ch\u00fang t\u00f4i \u0111\u1ec1u c\u00f3 th\u1ec3 cung c\u1ea5p cho b\u1ea1n c\u00e1c gi\u1ea3i ph\u00e1p ph\u00f9 h\u1ee3p.<\/p>\n<p>H\u1ee3p t\u00e1c v\u1edbi FMP \u0111\u1ed3ng ngh\u0129a v\u1edbi vi\u1ec7c b\u1ea1n \u0111\u01b0\u1ee3c ti\u1ebfp c\u1eadn v\u1edbi c\u00e1c lo\u1ea1i xi lanh th\u1ee7y l\u1ef1c ch\u1ea5t l\u01b0\u1ee3ng cao, \u0111\u1ed9i ng\u0169 b\u00e1n h\u00e0ng gi\u00e0u kinh nghi\u1ec7m, d\u1ecbch v\u1ee5 h\u1eadu c\u1ea7n hi\u1ec7u qu\u1ea3 v\u00e0 c\u00e1c gi\u1ea3i ph\u00e1p t\u00f9y ch\u1ec9nh. H\u00e3y tin t\u01b0\u1edfng ch\u00fang t\u00f4i s\u1ebd cung c\u1ea5p xi lanh th\u1ee7y l\u1ef1c \u0111\u00e1ng tin c\u1eady v\u00e0 b\u1ec1n b\u1ec9 m\u00e0 b\u1ea1n c\u1ea7n cho c\u00e1c d\u1ef1 \u00e1n m\u00e1y m\u00f3c x\u00e2y d\u1ef1ng c\u1ee7a m\u00ecnh.<\/p>\n<h2>Nh\u1eefng c\u00e2u h\u1ecfi th\u01b0\u1eddng g\u1eb7p<\/h2>\n<p><b>Q: Th\u1eddi gian giao h\u00e0ng cho Xi lanh th\u1ee7y l\u1ef1c mini 10 t\u1ea5n t\u00f9y ch\u1ec9nh l\u00e0 bao l\u00e2u?<\/b><\/p>\n<p>A: Th\u00f4ng th\u01b0\u1eddng, th\u1eddi gian giao h\u00e0ng l\u00e0 25-35 ng\u00e0y.<\/p>\n<p><b>Q: C\u00f3 m\u1eabu Xi lanh th\u1ee7y l\u1ef1c mini 10 t\u1ea5n t\u00f9y ch\u1ec9nh kh\u00f4ng?<\/b><\/p>\n<p>A: C\u00f3, c\u00f3 m\u1eabu nh\u01b0ng kh\u00f4ng mi\u1ec5n ph\u00ed.<\/p>\n<p><b>H\u1ecfi: Xi lanh th\u1ee7y l\u1ef1c mini 10 t\u1ea5n t\u00f9y ch\u1ec9nh c\u00f3 th\u1ec3 \u0111\u01b0\u1ee3c t\u00f9y ch\u1ec9nh theo y\u00eau c\u1ea7u c\u1ee5 th\u1ec3 kh\u00f4ng?<\/b><\/p>\n<p>A: C\u00f3, ch\u00fang t\u00f4i c\u00f3 th\u1ec3 s\u1ea3n xu\u1ea5t xi lanh th\u1ee7y l\u1ef1c theo m\u1eabu ho\u1eb7c b\u1ea3n v\u1ebd k\u1ef9 thu\u1eadt c\u1ee7a b\u1ea1n. Ch\u00fang t\u00f4i c\u00f3 th\u1ec3 ch\u1ebf t\u1ea1o khu\u00f4n m\u1eabu v\u00e0 \u0111\u1ed3 g\u00e1 \u0111\u1ec3 \u0111\u00e1p \u1ee9ng nhu c\u1ea7u c\u1ee5 th\u1ec3 c\u1ee7a b\u1ea1n.<\/p>\n<p>T\u00e1c gi\u1ea3: CX<\/p>\n<p>&nbsp;<\/p>","protected":false},"excerpt":{"rendered":"<p>Product Introduction: Customized 10 Ton Hydraulic Cylinder Mini Hydraulic Cylinder The Customized 10 Ton Hydraulic Cylinder Mini Hydraulic Cylinder is a highly efficient and durable hydraulic cylinder designed for various industrial applications. With its compact design and powerful performance, this hydraulic cylinder is the ideal choice for tasks that require precise control and heavy lifting [&hellip;]<\/p>","protected":false},"featured_media":1340,"comment_status":"closed","ping_status":"closed","template":"","meta":{"_et_pb_use_builder":"","_et_pb_old_content":"","_et_gb_content_width":""},"product_brand":[],"product_cat":[39],"product_tag":[41,34],"class_list":{"0":"post-1346","1":"product","2":"type-product","3":"status-publish","4":"has-post-thumbnail","6":"product_cat-adjustable-clevis-type-cylinders","7":"product_tag-adjustable-clevis-type-cylinders","8":"product_tag-hydraulic-cylinder","10":"first","11":"instock","12":"product-type-simple"},"_links":{"self":[{"href":"https:\/\/fmp-components.com\/vi\/wp-json\/wp\/v2\/product\/1346","targetHints":{"allow":["GET"]}}],"collection":[{"href":"https:\/\/fmp-components.com\/vi\/wp-json\/wp\/v2\/product"}],"about":[{"href":"https:\/\/fmp-components.com\/vi\/wp-json\/wp\/v2\/types\/product"}],"replies":[{"embeddable":true,"href":"https:\/\/fmp-components.com\/vi\/wp-json\/wp\/v2\/comments?post=1346"}],"wp:featuredmedia":[{"embeddable":true,"href":"https:\/\/fmp-components.com\/vi\/wp-json\/wp\/v2\/media\/1340"}],"wp:attachment":[{"href":"https:\/\/fmp-components.com\/vi\/wp-json\/wp\/v2\/media?parent=1346"}],"wp:term":[{"taxonomy":"product_brand","embeddable":true,"href":"https:\/\/fmp-components.com\/vi\/wp-json\/wp\/v2\/product_brand?post=1346"},{"taxonomy":"product_cat","embeddable":true,"href":"https:\/\/fmp-components.com\/vi\/wp-json\/wp\/v2\/product_cat?post=1346"},{"taxonomy":"product_tag","embeddable":true,"href":"https:\/\/fmp-components.com\/vi\/wp-json\/wp\/v2\/product_tag?post=1346"}],"curies":[{"name":"wp","href":"https:\/\/api.w.org\/{rel}","templated":true}]}}