{"id":1343,"date":"2024-12-23T02:18:07","date_gmt":"2024-12-23T02:18:07","guid":{"rendered":"https:\/\/fmp-components.com\/product\/quality-assurance-small-10-ton-hydraulic-cylinder-for-sale\/"},"modified":"2024-12-23T03:39:35","modified_gmt":"2024-12-23T03:39:35","slug":"quality-assurance-small-10-ton-hydraulic-cylinder-for-sale","status":"publish","type":"product","link":"https:\/\/fmp-components.com\/vi\/product\/quality-assurance-small-10-ton-hydraulic-cylinder-for-sale\/","title":{"rendered":"\u0110\u1ea3m b\u1ea3o ch\u1ea5t l\u01b0\u1ee3ng Xi lanh th\u1ee7y l\u1ef1c nh\u1ecf 10 t\u1ea5n \u0111\u1ec3 b\u00e1n"},"content":{"rendered":"<h2>Gi\u1edbi thi\u1ec7u Xi lanh th\u1ee7y l\u1ef1c nh\u1ecf 10 t\u1ea5n \u0111\u1ea3m b\u1ea3o ch\u1ea5t l\u01b0\u1ee3ng \u0111\u1ec3 b\u00e1n<\/h2>\n<p>N\u1ebfu b\u1ea1n c\u1ea7n m\u1ed9t xi lanh th\u1ee7y l\u1ef1c \u0111\u00e1ng tin c\u1eady cho c\u00e1c \u1ee9ng d\u1ee5ng c\u00f4ng nghi\u1ec7p ho\u1eb7c th\u01b0\u01a1ng m\u1ea1i, Xi lanh th\u1ee7y l\u1ef1c nh\u1ecf 10 t\u1ea5n Quality Assurance l\u00e0 m\u1ed9t l\u1ef1a ch\u1ecdn h\u00e0ng \u0111\u1ea7u. S\u1ea3n ph\u1ea9m ch\u1ea5t l\u01b0\u1ee3ng cao n\u00e0y \u0111\u01b0\u1ee3c thi\u1ebft k\u1ebf \u0111\u1ec3 mang l\u1ea1i hi\u1ec7u su\u1ea5t v\u00e0 \u0111\u1ed9 b\u1ec1n v\u01b0\u1ee3t tr\u1ed9i, \u0111\u1ea3m b\u1ea3o ho\u1ea1t \u0111\u1ed9ng c\u1ee7a b\u1ea1n di\u1ec5n ra su\u00f4n s\u1ebb v\u00e0 hi\u1ec7u qu\u1ea3.<\/p>\n<p>\u0110\u01b0\u1ee3c ch\u1ebf t\u1ea1o t\u1eeb v\u1eadt li\u1ec7u cao c\u1ea5p v\u00e0 k\u1ef9 thu\u1eadt s\u1ea3n xu\u1ea5t ti\u00ean ti\u1ebfn, xi lanh th\u1ee7y l\u1ef1c n\u00e0y c\u00f3 \u0111\u1ed9 b\u1ec1n cao. N\u00f3 c\u00f3 thi\u1ebft k\u1ebf nh\u1ecf g\u1ecdn v\u00e0 nh\u1eb9, gi\u00fap d\u1ec5 d\u00e0ng v\u1eadn chuy\u1ec3n v\u00e0 l\u1eafp \u0111\u1eb7t trong kh\u00f4ng gian h\u1eb9p. M\u1eb7c d\u00f9 k\u00edch th\u01b0\u1edbc nh\u1ecf, xi lanh n\u00e0y c\u00f3 th\u1ec3 ch\u1ecbu \u0111\u01b0\u1ee3c l\u1ef1c l\u00ean \u0111\u1ebfn 10 t\u1ea5n, mang l\u1ea1i k\u1ebft qu\u1ea3 nh\u1ea5t qu\u00e1n v\u00e0 ch\u00ednh x\u00e1c v\u1edbi y\u00eau c\u1ea7u b\u1ea3o tr\u00ec t\u1ed1i thi\u1ec3u.<\/p>\n<p>M\u1ed9t trong nh\u1eefng l\u1ee3i \u00edch ch\u00ednh c\u1ee7a Xi lanh th\u1ee7y l\u1ef1c nh\u1ecf 10 t\u1ea5n \u0111\u1ea3m b\u1ea3o ch\u1ea5t l\u01b0\u1ee3ng l\u00e0 ch\u1ea5t l\u01b0\u1ee3ng \u0111\u00e1ng tin c\u1eady c\u1ee7a n\u00f3. M\u1ed7i s\u1ea3n ph\u1ea9m \u0111\u1ec1u tr\u1ea3i qua qu\u00e1 tr\u00ecnh ki\u1ec3m tra v\u00e0 th\u1eed nghi\u1ec7m nghi\u00eam ng\u1eb7t, \u0111\u1ea3m b\u1ea3o \u0111\u00e1p \u1ee9ng c\u00e1c ti\u00eau chu\u1ea9n ng\u00e0nh v\u1ec1 hi\u1ec7u su\u1ea5t v\u00e0 an to\u00e0n. \u0110i\u1ec1u n\u00e0y c\u00f3 ngh\u0129a l\u00e0 b\u1ea1n c\u00f3 th\u1ec3 tin t\u01b0\u1edfng s\u1ea3n ph\u1ea9m n\u00e0y s\u1ebd mang l\u1ea1i k\u1ebft qu\u1ea3 nh\u1ea5t qu\u00e1n v\u00e0 ch\u1ea5t l\u01b0\u1ee3ng cao, ngay c\u1ea3 trong c\u00e1c \u1ee9ng d\u1ee5ng \u0111\u00f2i h\u1ecfi kh\u1eaft khe ho\u1eb7c ch\u1ecbu t\u1ea3i tr\u1ecdng cao.<\/p>\n<p><img loading=\"lazy\" decoding=\"async\" class=\"alignnone size-full wp-image-1334\" src=\"https:\/\/fmp-components.com\/wp-content\/uploads\/2024\/12\/Adjustable-Clevis-Type-Cylinders-4.webp\" alt=\"Xi lanh lo\u1ea1i ch\u1ed1t c\u00f3 th\u1ec3 \u0111i\u1ec1u ch\u1ec9nh\" width=\"800\" height=\"800\" title=\"\" srcset=\"https:\/\/fmp-components.com\/wp-content\/uploads\/2024\/12\/Adjustable-Clevis-Type-Cylinders-4.webp 800w, https:\/\/fmp-components.com\/wp-content\/uploads\/2024\/12\/Adjustable-Clevis-Type-Cylinders-4-480x480.webp 480w\" sizes=\"(min-width: 0px) and (max-width: 480px) 480px, (min-width: 481px) 800px, 100vw\" \/><\/p>\n<p>D\u00f9 b\u1ea1n \u0111ang t\u00ecm c\u00e1ch thay th\u1ebf xi lanh th\u1ee7y l\u1ef1c c\u0169 hay n\u00e2ng c\u1ea5p l\u00ean m\u1ed9t m\u1eabu ti\u00ean ti\u1ebfn h\u01a1n, Xi lanh th\u1ee7y l\u1ef1c nh\u1ecf 10 t\u1ea5n Quality Assurance l\u00e0 m\u1ed9t l\u1ef1a ch\u1ecdn tuy\u1ec7t v\u1eddi. V\u1edbi hi\u1ec7u su\u1ea5t v\u01b0\u1ee3t tr\u1ed9i, c\u1ea5u tr\u00fac b\u1ec1n b\u1ec9 v\u00e0 ch\u1ea5t l\u01b0\u1ee3ng \u0111\u00e1ng tin c\u1eady, s\u1ea3n ph\u1ea9m n\u00e0y ch\u1eafc ch\u1eafn s\u1ebd v\u01b0\u1ee3t qu\u00e1 mong \u0111\u1ee3i c\u1ee7a b\u1ea1n v\u00e0 mang l\u1ea1i gi\u00e1 tr\u1ecb l\u00e2u d\u00e0i cho doanh nghi\u1ec7p c\u1ee7a b\u1ea1n.<\/p>\n<table style=\"width: 100%;\" border=\"1\" width=\"100%\" cellspacing=\"0\" cellpadding=\"0\">\n<tbody>\n<tr>\n<th>T\u00ean s\u1ea3n ph\u1ea9m<\/th>\n<td>\u0110\u1ea3m b\u1ea3o ch\u1ea5t l\u01b0\u1ee3ng Xi lanh th\u1ee7y l\u1ef1c nh\u1ecf 10 t\u1ea5n<\/td>\n<\/tr>\n<tr>\n<th>T\u00ecnh tr\u1ea1ng<\/th>\n<td>M\u1edbi<\/td>\n<\/tr>\n<tr>\n<th>B\u1ea3o h\u00e0nh<\/th>\n<td>1 n\u0103m<\/td>\n<\/tr>\n<tr>\n<th>C\u00e1c ng\u00e0nh c\u00f4ng nghi\u1ec7p \u00e1p d\u1ee5ng<\/th>\n<td>X\u01b0\u1edfng s\u1eeda ch\u1eefa m\u00e1y m\u00f3c, trang tr\u1ea1i, n\u0103ng l\u01b0\u1ee3ng v\u00e0 khai th\u00e1c m\u1ecf, s\u1ea3n xu\u1ea5t m\u00e1y m\u00f3c, nh\u00e0 m\u00e1y m\u00e1y m\u00f3c<\/td>\n<\/tr>\n<tr>\n<th>C\u00e2n n\u1eb7ng (KG)<\/th>\n<td>30<\/td>\n<\/tr>\n<tr>\n<th>Video Ki\u1ec3m tra \u0111\u1ea7u ra<\/th>\n<td>Cung c\u1ea5p<\/td>\n<\/tr>\n<tr>\n<th>B\u00e1o c\u00e1o th\u1eed nghi\u1ec7m m\u00e1y m\u00f3c<\/th>\n<td>Cung c\u1ea5p<\/td>\n<\/tr>\n<tr>\n<th>Lo\u1ea1i h\u00ecnh ti\u1ebfp th\u1ecb<\/th>\n<td>S\u1ea3n ph\u1ea9m m\u1edbi n\u0103m 2023<\/td>\n<\/tr>\n<tr>\n<th>B\u1ea3o h\u00e0nh linh ki\u1ec7n c\u1ed1t l\u00f5i<\/th>\n<td>1 n\u0103m<\/td>\n<\/tr>\n<tr>\n<th>C\u00e1c th\u00e0nh ph\u1ea7n c\u1ed1t l\u00f5i<\/th>\n<td>V\u00f2ng bi, xi lanh th\u1ee7y l\u1ef1c<\/td>\n<\/tr>\n<tr>\n<th>Ti\u00eau chu\u1ea9n ho\u1eb7c Kh\u00f4ng ti\u00eau chu\u1ea9n<\/th>\n<td>Ti\u00eau chu\u1ea9n<\/td>\n<\/tr>\n<tr>\n<th>K\u1ebft c\u1ea5u<\/th>\n<td>Xi lanh piston<\/td>\n<\/tr>\n<tr>\n<th>Quy\u1ec1n l\u1ef1c<\/th>\n<td>Th\u1ee7y l\u1ef1c<\/td>\n<\/tr>\n<tr>\n<th>V\u1eadt li\u1ec7u th\u00e2n m\u00e1y<\/th>\n<td>Th\u00e9p<\/td>\n<\/tr>\n<tr>\n<th>L\u1ef1c \u0111\u1ea9y t\u1ed1i \u0111a<\/th>\n<td>3000<\/td>\n<\/tr>\n<tr>\n<th>Ki\u1ec3u<\/th>\n<td>Xi lanh lo\u1ea1i Clevis c\u00f3 th\u1ec3 \u0111i\u1ec1u ch\u1ec9nh<\/td>\n<\/tr>\n<tr>\n<th>C\u1ed5ng<\/th>\n<td>G\/SAE\/NPT\/M<\/td>\n<\/tr>\n<tr>\n<th>L\u1ef1c k\u00e9o t\u1ed1i \u0111a<\/th>\n<td>20 t\u1ea5n<\/td>\n<\/tr>\n<tr>\n<th>Ch\u1ee9ng nh\u1eadn<\/th>\n<td>Ti\u00eau chu\u1ea9n ISO 9001:2000<\/td>\n<\/tr>\n<tr>\n<th>K\u00edch th\u01b0\u1edbc l\u1ed7 khoan<\/th>\n<td>2 \u2013 6 inch<\/td>\n<\/tr>\n<tr>\n<th>K\u00edch th\u01b0\u1edbc thanh<\/th>\n<td>1,125 \u2013 4 inch<\/td>\n<\/tr>\n<tr>\n<th>K\u00edch th\u01b0\u1edbc n\u00e9t v\u1ebd<\/th>\n<td>4 \u2013 100 inch<\/td>\n<\/tr>\n<tr>\n<th>K\u00edch th\u01b0\u1edbc ch\u00e2n c\u1eafm<\/th>\n<td>0,5 \u2013 2 inch<\/td>\n<\/tr>\n<tr>\n<th>M\u00e0u s\u1eafc<\/th>\n<td>\u0110en<\/td>\n<\/tr>\n<\/tbody>\n<\/table>\n<h2>\u01afu \u0111i\u1ec3m c\u1ee7a xi lanh lo\u1ea1i ch\u1ed1t c\u00f3 th\u1ec3 \u0111i\u1ec1u ch\u1ec9nh<\/h2>\n<ul>\n<li><strong>T\u0103ng t\u00ednh linh ho\u1ea1t v\u00e0 \u0111a n\u0103ng:<\/strong> V\u1edbi xi lanh ki\u1ec3u c\u00e0ng n\u1ed1i \u0111i\u1ec1u ch\u1ec9nh \u0111\u01b0\u1ee3c, v\u1ecb tr\u00ed \u0111\u1ea7u c\u1ea7n piston c\u00f3 th\u1ec3 \u0111\u01b0\u1ee3c \u0111i\u1ec1u ch\u1ec9nh \u0111\u1ec3 ph\u00f9 h\u1ee3p v\u1edbi nhi\u1ec1u \u1ee9ng d\u1ee5ng h\u01a1n. \u0110i\u1ec1u n\u00e0y c\u00f3 ngh\u0129a l\u00e0 xi lanh c\u00f3 th\u1ec3 \u0111\u01b0\u1ee3c s\u1eed d\u1ee5ng trong nhi\u1ec1u t\u00ecnh hu\u1ed1ng kh\u00e1c nhau m\u00e0 kh\u00f4ng c\u1ea7n ph\u1ea3i mua nhi\u1ec1u xi lanh. Xi lanh th\u1ee7y l\u1ef1c nh\u1ecf 10 t\u1ea5n ch\u1ea5t l\u01b0\u1ee3ng cao \u0111ang \u0111\u01b0\u1ee3c b\u00e1n l\u00e0 m\u1ed9t v\u00ed d\u1ee5 tuy\u1ec7t v\u1eddi v\u1ec1 lo\u1ea1i xi lanh n\u00e0y.<\/li>\n<li><strong>Ki\u1ec3m so\u00e1t t\u1ed1t h\u01a1n h\u00e0nh tr\u00ecnh xi lanh:<\/strong> Xi lanh ki\u1ec3u c\u00e0ng cua \u0111i\u1ec1u ch\u1ec9nh \u0111\u01b0\u1ee3c cho ph\u00e9p ki\u1ec3m so\u00e1t t\u1ed1t h\u01a1n h\u00e0nh tr\u00ecnh c\u1ee7a xi lanh, c\u00f3 ngh\u0129a l\u00e0 ng\u01b0\u1eddi d\u00f9ng c\u00f3 th\u1ec3 \u0111\u1ecbnh v\u1ecb t\u1ea3i tr\u1ecdng ch\u00ednh x\u00e1c h\u01a1n. \u0110i\u1ec1u n\u00e0y \u0111\u1eb7c bi\u1ec7t quan tr\u1ecdng khi l\u00e0m vi\u1ec7c v\u1edbi c\u00e1c v\u1eadt li\u1ec7u m\u1ecfng manh ho\u1eb7c d\u1ec5 v\u1ee1 c\u1ea7n s\u1ef1 thao t\u00e1c nh\u1eb9 nh\u00e0ng.<\/li>\n<li><strong>\u0110\u1ed9 an to\u00e0n v\u00e0 \u1ed5n \u0111\u1ecbnh \u0111\u01b0\u1ee3c c\u1ea3i thi\u1ec7n:<\/strong> C\u00e1c xi lanh ki\u1ec3u c\u00e0ng n\u1ed1i \u0111i\u1ec1u ch\u1ec9nh \u0111\u01b0\u1ee3c c\u00f3 th\u1ec3 \u0111\u01b0\u1ee3c s\u1eed d\u1ee5ng \u0111\u1ec3 t\u1ea1o ra m\u00f4i tr\u01b0\u1eddng l\u00e0m vi\u1ec7c \u1ed5n \u0111\u1ecbnh v\u00e0 an to\u00e0n h\u01a1n. B\u1eb1ng c\u00e1ch \u0111i\u1ec1u ch\u1ec9nh v\u1ecb tr\u00ed \u0111\u1ea7u c\u1ea7n, xi lanh c\u00f3 th\u1ec3 \u0111\u01b0\u1ee3c s\u1eed d\u1ee5ng \u0111\u1ec3 h\u1ed7 tr\u1ee3 v\u00e0 ng\u0103n t\u1ea3i tr\u1ecdng b\u1ecb l\u1eadt ho\u1eb7c \u0111\u1ed5. \u0110i\u1ec1u n\u00e0y \u0111\u1eb7c bi\u1ec7t h\u1eefu \u00edch trong c\u00e1c \u1ee9ng d\u1ee5ng m\u00e0 an to\u00e0n l\u00e0 m\u1ed1i quan t\u00e2m h\u00e0ng \u0111\u1ea7u.<\/li>\n<li><strong>T\u0103ng hi\u1ec7u qu\u1ea3 v\u00e0 n\u0103ng su\u1ea5t:<\/strong> Xi lanh ki\u1ec3u c\u00e0ng n\u1ed1i \u0111i\u1ec1u ch\u1ec9nh \u0111\u01b0\u1ee3c gi\u00fap t\u0103ng hi\u1ec7u qu\u1ea3 v\u00e0 n\u0103ng su\u1ea5t t\u1ea1i c\u00f4ng tr\u01b0\u1eddng. B\u1eb1ng c\u00e1ch cho ph\u00e9p ki\u1ec3m so\u00e1t ch\u00ednh x\u00e1c h\u01a1n h\u00e0nh tr\u00ecnh c\u1ee7a xi lanh, c\u00f4ng nh\u00e2n c\u00f3 th\u1ec3 ho\u00e0n th\u00e0nh c\u00f4ng vi\u1ec7c nhanh h\u01a1n v\u00e0 ch\u00ednh x\u00e1c h\u01a1n. \u0110i\u1ec1u n\u00e0y c\u00f3 th\u1ec3 d\u1eabn \u0111\u1ebfn t\u0103ng s\u1ea3n l\u01b0\u1ee3ng v\u00e0 c\u1ea3i thi\u1ec7n l\u1ee3i nhu\u1eadn.<\/li>\n<li><strong>Ti\u1ebft ki\u1ec7m chi ph\u00ed:<\/strong> Kh\u00f4ng ch\u1ec9 mang l\u1ea1i s\u1ef1 linh ho\u1ea1t v\u00e0 \u0111a d\u1ee5ng cao h\u01a1n, xi lanh ki\u1ec3u c\u00e0ng cua \u0111i\u1ec1u ch\u1ec9nh \u0111\u01b0\u1ee3c c\u00f2n l\u00e0 gi\u1ea3i ph\u00e1p ti\u1ebft ki\u1ec7m chi ph\u00ed. B\u1eb1ng c\u00e1ch lo\u1ea1i b\u1ecf nhu c\u1ea7u mua nhi\u1ec1u xi lanh cho c\u00e1c \u1ee9ng d\u1ee5ng kh\u00e1c nhau, doanh nghi\u1ec7p c\u00f3 th\u1ec3 ti\u1ebft ki\u1ec7m ti\u1ec1n v\u1ec1 l\u00e2u d\u00e0i. Th\u00eam v\u00e0o \u0111\u00f3, xi lanh th\u1ee7y l\u1ef1c nh\u1ecf 10 t\u1ea5n ch\u1ea5t l\u01b0\u1ee3ng cao \u0111ang \u0111\u01b0\u1ee3c b\u00e1n l\u00e0 l\u1ef1a ch\u1ecdn tuy\u1ec7t v\u1eddi cho nh\u1eefng ai c\u1ea7n m\u1ed9t xi lanh \u0111\u00e1ng tin c\u1eady v\u1edbi ng\u00e2n s\u00e1ch h\u1ea1n ch\u1ebf.<\/li>\n<\/ul>\n<p>T\u00f3m l\u1ea1i, xi lanh ki\u1ec3u c\u00e0ng n\u1ed1i \u0111i\u1ec1u ch\u1ec9nh mang l\u1ea1i nhi\u1ec1u \u01b0u \u0111i\u1ec3m so v\u1edbi xi lanh truy\u1ec1n th\u1ed1ng. T\u1eeb t\u00ednh linh ho\u1ea1t v\u00e0 \u0111a d\u1ee5ng cao h\u01a1n \u0111\u1ebfn s\u1ef1 an to\u00e0n v\u00e0 \u1ed5n \u0111\u1ecbnh \u0111\u01b0\u1ee3c c\u1ea3i thi\u1ec7n, nh\u1eefng xi lanh n\u00e0y l\u00e0 m\u1ed9t b\u1ed5 sung c\u00f3 gi\u00e1 tr\u1ecb cho b\u1ea5t k\u1ef3 c\u00f4ng tr\u01b0\u1eddng n\u00e0o. B\u1eb1ng c\u00e1ch l\u1ef1a ch\u1ecdn Xi lanh th\u1ee7y l\u1ef1c nh\u1ecf 10 t\u1ea5n ch\u1ea5t l\u01b0\u1ee3ng cao, c\u00e1c doanh nghi\u1ec7p c\u00f3 th\u1ec3 t\u1eadn h\u01b0\u1edfng nh\u1eefng l\u1ee3i \u00edch c\u1ee7a xi lanh ki\u1ec3u c\u00e0ng n\u1ed1i \u0111i\u1ec1u ch\u1ec9nh m\u00e0 kh\u00f4ng t\u1ed1n qu\u00e1 nhi\u1ec1u chi ph\u00ed.<img decoding=\"async\" src=\"https:\/\/fmp-components.com\/wp-content\/uploads\/2024\/12\/Adjustable-Clevis-Type-Cylinders5.webp\" alt=\"Xi lanh lo\u1ea1i Clevis c\u00f3 th\u1ec3 \u0111i\u1ec1u ch\u1ec9nh\" width=\"800\" title=\"\"><\/p>\n<h2>\u1ee8ng d\u1ee5ng c\u1ee7a xi lanh lo\u1ea1i ch\u1ed1t c\u00f3 th\u1ec3 \u0111i\u1ec1u ch\u1ec9nh<\/h2>\n<p>Xi lanh \u0111i\u1ec1u ch\u1ec9nh ki\u1ec3u c\u00e0ng cua \u0111\u01b0\u1ee3c s\u1eed d\u1ee5ng r\u1ed9ng r\u00e3i trong nhi\u1ec1u \u1ee9ng d\u1ee5ng c\u00f4ng nghi\u1ec7p kh\u00e1c nhau nh\u1edd t\u00ednh linh ho\u1ea1t v\u00e0 d\u1ec5 l\u1eafp \u0111\u1eb7t. C\u00e1c xi lanh n\u00e0y \u0111\u01b0\u1ee3c thi\u1ebft k\u1ebf \u0111\u1ec3 cung c\u1ea5p l\u1ef1c t\u1ed1i \u0111a v\u00e0 \u0111\u1ed9 ch\u00ednh x\u00e1c cao trong m\u1ed9t thi\u1ebft k\u1ebf nh\u1ecf g\u1ecdn v\u00e0 b\u1ec1n ch\u1eafc. Trong b\u00e0i vi\u1ebft n\u00e0y, ch\u00fang ta s\u1ebd t\u00ecm hi\u1ec3u v\u1ec1 c\u00e1c \u1ee9ng d\u1ee5ng kh\u00e1c nhau c\u1ee7a xi lanh \u0111i\u1ec1u ch\u1ec9nh ki\u1ec3u c\u00e0ng cua v\u00e0 nh\u1eefng l\u1ee3i \u00edch c\u1ee7a ch\u00fang.<\/p>\n<h3>1. \u0110\u1ea3m b\u1ea3o ch\u1ea5t l\u01b0\u1ee3ng<\/h3>\n<p>Xi lanh ki\u1ec3u c\u00e0ng n\u1ed1i \u0111i\u1ec1u ch\u1ec9nh \u0111\u01b0\u1ee3c th\u01b0\u1eddng \u0111\u01b0\u1ee3c s\u1eed d\u1ee5ng trong c\u00e1c \u1ee9ng d\u1ee5ng \u0111\u1ea3m b\u1ea3o ch\u1ea5t l\u01b0\u1ee3ng. C\u00e1c xi lanh n\u00e0y cung c\u1ea5p l\u1ef1c ch\u00ednh x\u00e1c v\u00e0 \u1ed5n \u0111\u1ecbnh, \u0111i\u1ec1u c\u1ea7n thi\u1ebft trong quy tr\u00ecnh s\u1ea3n xu\u1ea5t. Ngo\u00e0i ra, c\u00e1c xi lanh n\u00e0y c\u00f3 th\u1ec3 d\u1ec5 d\u00e0ng \u0111i\u1ec1u ch\u1ec9nh \u0111\u1ec3 ph\u00f9 h\u1ee3p v\u1edbi c\u00e1c k\u00edch th\u01b0\u1edbc v\u00e0 v\u1eadt li\u1ec7u s\u1ea3n ph\u1ea9m kh\u00e1c nhau, khi\u1ebfn ch\u00fang tr\u1edf th\u00e0nh l\u1ef1a ch\u1ecdn ph\u1ed5 bi\u1ebfn cho c\u00e1c \u1ee9ng d\u1ee5ng \u0111\u1ea3m b\u1ea3o ch\u1ea5t l\u01b0\u1ee3ng.<\/p>\n<h3>2. Xi lanh th\u1ee7y l\u1ef1c nh\u1ecf 10 t\u1ea5n c\u1ea7n b\u00e1n<\/h3>\n<p>M\u1ed9t \u1ee9ng d\u1ee5ng ph\u1ed5 bi\u1ebfn kh\u00e1c c\u1ee7a xi lanh ki\u1ec3u c\u00e0ng n\u1ed1i \u0111i\u1ec1u ch\u1ec9nh \u0111\u01b0\u1ee3c l\u00e0 trong vi\u1ec7c b\u00e1n c\u00e1c xi lanh th\u1ee7y l\u1ef1c nh\u1ecf 10 t\u1ea5n. C\u00e1c xi lanh n\u00e0y \u0111\u01b0\u1ee3c s\u1eed d\u1ee5ng trong nhi\u1ec1u \u1ee9ng d\u1ee5ng kh\u00e1c nhau, bao g\u1ed3m s\u1eeda ch\u1eefa \u00f4 t\u00f4, x\u00e2y d\u1ef1ng v\u00e0 s\u1ea3n xu\u1ea5t. Xi lanh ki\u1ec3u c\u00e0ng n\u1ed1i \u0111i\u1ec1u ch\u1ec9nh \u0111\u01b0\u1ee3c l\u00fd t\u01b0\u1edfng cho c\u00e1c \u1ee9ng d\u1ee5ng n\u00e0y nh\u1edd k\u00edch th\u01b0\u1edbc nh\u1ecf g\u1ecdn, l\u1ef1c \u0111\u1ea7u ra cao v\u00e0 d\u1ec5 l\u1eafp \u0111\u1eb7t.<\/p>\n<h3>3. M\u00e1y m\u00f3c n\u00f4ng nghi\u1ec7p<\/h3>\n<p>Xi lanh ki\u1ec3u c\u00e0ng n\u1ed1i \u0111i\u1ec1u ch\u1ec9nh \u0111\u01b0\u1ee3c c\u0169ng \u0111\u01b0\u1ee3c s\u1eed d\u1ee5ng trong c\u00e1c \u1ee9ng d\u1ee5ng m\u00e1y m\u00f3c n\u00f4ng nghi\u1ec7p. C\u00e1c xi lanh n\u00e0y cung c\u1ea5p l\u1ef1c c\u1ea7n thi\u1ebft \u0111\u1ec3 n\u00e2ng c\u00e1c v\u1eadt n\u1eb7ng, ch\u1eb3ng h\u1ea1n nh\u01b0 ki\u1ec7n c\u1ecf kh\u00f4 v\u00e0 thi\u1ebft b\u1ecb n\u00f4ng nghi\u1ec7p. Ngo\u00e0i ra, xi lanh ki\u1ec3u c\u00e0ng n\u1ed1i \u0111i\u1ec1u ch\u1ec9nh \u0111\u01b0\u1ee3c c\u00f3 th\u1ec3 d\u1ec5 d\u00e0ng \u0111i\u1ec1u ch\u1ec9nh \u0111\u1ec3 ph\u00f9 h\u1ee3p v\u1edbi c\u00e1c t\u1ea3i tr\u1ecdng kh\u00e1c nhau, khi\u1ebfn ch\u00fang tr\u1edf th\u00e0nh l\u1ef1a ch\u1ecdn ph\u1ed5 bi\u1ebfn cho m\u00e1y m\u00f3c n\u00f4ng nghi\u1ec7p.<\/p>\n<h3>4. Thi\u1ebft b\u1ecb x\u00e2y d\u1ef1ng<\/h3>\n<p>Thi\u1ebft b\u1ecb x\u00e2y d\u1ef1ng c\u0169ng s\u1eed d\u1ee5ng c\u00e1c xi lanh ki\u1ec3u c\u00e0ng n\u1ed1i \u0111i\u1ec1u ch\u1ec9nh \u0111\u01b0\u1ee3c. C\u00e1c xi lanh n\u00e0y th\u01b0\u1eddng \u0111\u01b0\u1ee3c d\u00f9ng \u0111\u1ec3 n\u00e2ng c\u00e1c v\u1eadt n\u1eb7ng, ch\u1eb3ng h\u1ea1n nh\u01b0 t\u1ea5m b\u00ea t\u00f4ng v\u00e0 d\u1ea7m th\u00e9p. Ngo\u00e0i ra, xi lanh ki\u1ec3u c\u00e0ng n\u1ed1i \u0111i\u1ec1u ch\u1ec9nh \u0111\u01b0\u1ee3c r\u1ea5t l\u00fd t\u01b0\u1edfng cho c\u00e1c \u1ee9ng d\u1ee5ng x\u00e2y d\u1ef1ng nh\u1edd \u0111\u1ed9 b\u1ec1n v\u00e0 kh\u1ea3 n\u0103ng ch\u1ecbu t\u1ea3i n\u1eb7ng.<\/p>\n<h3>5. Ng\u00e0nh h\u00e0ng kh\u00f4ng v\u0169 tr\u1ee5<\/h3>\n<p>Ng\u00e0nh c\u00f4ng nghi\u1ec7p h\u00e0ng kh\u00f4ng v\u0169 tr\u1ee5 c\u0169ng s\u1eed d\u1ee5ng c\u00e1c xi lanh ki\u1ec3u c\u00e0ng n\u1ed1i \u0111i\u1ec1u ch\u1ec9nh \u0111\u01b0\u1ee3c. C\u00e1c xi lanh n\u00e0y \u0111\u01b0\u1ee3c s\u1eed d\u1ee5ng trong nhi\u1ec1u \u1ee9ng d\u1ee5ng kh\u00e1c nhau, bao g\u1ed3m c\u00e0ng h\u1ea1 c\u00e1nh m\u00e1y bay, c\u1eeda khoang h\u00e0ng v\u00e0 c\u00e1nh t\u00e0. Xi lanh ki\u1ec3u c\u00e0ng n\u1ed1i \u0111i\u1ec1u ch\u1ec9nh \u0111\u01b0\u1ee3c r\u1ea5t l\u00fd t\u01b0\u1edfng cho c\u00e1c \u1ee9ng d\u1ee5ng n\u00e0y nh\u1edd kh\u1ea3 n\u0103ng cung c\u1ea5p l\u1ef1c ch\u00ednh x\u00e1c v\u00e0 \u1ed5n \u0111\u1ecbnh, ngay c\u1ea3 trong \u0111i\u1ec1u ki\u1ec7n kh\u1eafc nghi\u1ec7t.<\/p>\n<p>T\u00f3m l\u1ea1i, xi lanh ki\u1ec3u c\u00e0ng n\u1ed1i \u0111i\u1ec1u ch\u1ec9nh l\u00e0 m\u1ed9t b\u1ed9 ph\u1eadn \u0111a n\u0103ng v\u00e0 thi\u1ebft y\u1ebfu trong nhi\u1ec1u \u1ee9ng d\u1ee5ng c\u00f4ng nghi\u1ec7p. T\u1eeb ki\u1ec3m so\u00e1t ch\u1ea5t l\u01b0\u1ee3ng \u0111\u1ebfn thi\u1ebft b\u1ecb x\u00e2y d\u1ef1ng v\u00e0 ng\u00e0nh c\u00f4ng nghi\u1ec7p h\u00e0ng kh\u00f4ng v\u0169 tr\u1ee5, c\u00e1c xi lanh n\u00e0y cung c\u1ea5p l\u1ef1c v\u00e0 \u0111\u1ed9 ch\u00ednh x\u00e1c c\u1ea7n thi\u1ebft \u0111\u1ec3 ho\u00e0n th\u00e0nh c\u00f4ng vi\u1ec7c. N\u1ebfu b\u1ea1n \u0111ang t\u00ecm ki\u1ebfm m\u1ed9t xi lanh \u0111\u00e1ng tin c\u1eady v\u00e0 b\u1ec1n b\u1ec9 cho \u1ee9ng d\u1ee5ng c\u1ee7a m\u00ecnh, h\u00e3y c\u00e2n nh\u1eafc nh\u1eefng l\u1ee3i \u00edch c\u1ee7a xi lanh ki\u1ec3u c\u00e0ng n\u1ed1i \u0111i\u1ec1u ch\u1ec9nh.<img decoding=\"async\" src=\"https:\/\/fmp-components.com\/wp-content\/uploads\/2024\/12\/Application-of-Adjustable-Clevis-Type-Cylinders.webp\" alt=\"Xi lanh lo\u1ea1i Clevis c\u00f3 th\u1ec3 \u0111i\u1ec1u ch\u1ec9nh\" width=\"800\" title=\"\"><\/p>\n<h3>Gi\u1edbi thi\u1ec7u v\u1ec1 FMP<\/h3>\n<p>FMP l\u00e0 c\u00f4ng ty chuy\u00ean s\u1ea3n xu\u1ea5t v\u00e0 kinh doanh xi lanh th\u1ee7y l\u1ef1c. V\u1edbi nhi\u1ec1u n\u0103m kinh nghi\u1ec7m trong ng\u00e0nh v\u00e0 \u0111\u1ed9i ng\u0169 chuy\u00ean nghi\u1ec7p, ch\u00fang t\u00f4i cam k\u1ebft cung c\u1ea5p xi lanh th\u1ee7y l\u1ef1c ch\u1ea5t l\u01b0\u1ee3ng cao v\u00e0 \u0111\u00e1ng tin c\u1eady cho kh\u00e1ch h\u00e0ng.<\/p>\n<p>Xi lanh th\u1ee7y l\u1ef1c c\u1ee7a ch\u00fang t\u00f4i \u0111\u01b0\u1ee3c thi\u1ebft k\u1ebf v\u00e0 s\u1ea3n xu\u1ea5t \u0111\u1ec3 \u0111\u00e1p \u1ee9ng c\u00e1c ti\u00eau chu\u1ea9n cao nh\u1ea5t c\u1ee7a ng\u00e0nh. D\u01b0\u1edbi \u0111\u00e2y l\u00e0 n\u0103m \u01b0u \u0111i\u1ec3m ch\u00ednh c\u1ee7a s\u1ea3n ph\u1ea9m v\u00e0 c\u00f4ng ty ch\u00fang t\u00f4i:<\/p>\n<p><strong>1. Nhi\u1ec1u l\u1ef1a ch\u1ecdn:<\/strong> Ch\u00fang t\u00f4i cung c\u1ea5p \u0111a d\u1ea1ng c\u00e1c lo\u1ea1i xi lanh th\u1ee7y l\u1ef1c \u0111\u1ec3 \u0111\u00e1p \u1ee9ng nhi\u1ec1u nhu c\u1ea7u kh\u00e1c nhau. Cho d\u00f9 b\u1ea1n c\u1ea7n xi lanh ti\u00eau chu\u1ea9n hay gi\u1ea3i ph\u00e1p t\u00f9y ch\u1ec9nh, ch\u00fang t\u00f4i \u0111\u1ec1u c\u00f3 chuy\u00ean m\u00f4n \u0111\u1ec3 mang \u0111\u1ebfn s\u1ef1 l\u1ef1a ch\u1ecdn ho\u00e0n h\u1ea3o cho \u1ee9ng d\u1ee5ng c\u1ee7a b\u1ea1n.<\/p>\n<p><strong>2. Ch\u1ea5t l\u01b0\u1ee3ng v\u01b0\u1ee3t tr\u1ed9i:<\/strong> T\u1ea1i FMP, ch\u00fang t\u00f4i \u01b0u ti\u00ean ch\u1ea5t l\u01b0\u1ee3ng trong m\u1ecdi kh\u00eda c\u1ea1nh c\u1ee7a quy tr\u00ecnh s\u1ea3n xu\u1ea5t. Xi lanh th\u1ee7y l\u1ef1c c\u1ee7a ch\u00fang t\u00f4i \u0111\u01b0\u1ee3c l\u00e0m t\u1eeb v\u1eadt li\u1ec7u cao c\u1ea5p v\u00e0 tr\u1ea3i qua qu\u00e1 tr\u00ecnh ki\u1ec3m tra nghi\u00eam ng\u1eb7t \u0111\u1ec3 \u0111\u1ea3m b\u1ea3o \u0111\u1ed9 b\u1ec1n v\u00e0 \u0111\u1ed9 tin c\u1eady.<\/p>\n<p><strong>3. C\u00f4ng ngh\u1ec7 ti\u00ean ti\u1ebfn:<\/strong> Ch\u00fang t\u00f4i t\u1eadn d\u1ee5ng nh\u1eefng ti\u1ebfn b\u1ed9 c\u00f4ng ngh\u1ec7 m\u1edbi nh\u1ea5t trong quy tr\u00ecnh s\u1ea3n xu\u1ea5t. \u0110i\u1ec1u n\u00e0y cho ph\u00e9p ch\u00fang t\u00f4i cung c\u1ea5p c\u00e1c xi lanh th\u1ee7y l\u1ef1c ti\u00ean ti\u1ebfn h\u00e0ng \u0111\u1ea7u, v\u1edbi hi\u1ec7u su\u1ea5t v\u00e0 hi\u1ec7u qu\u1ea3 \u0111\u01b0\u1ee3c c\u1ea3i thi\u1ec7n.<\/p>\n<p><strong>4. T\u01b0 v\u1ea5n chuy\u00ean gia:<\/strong> \u0110\u1ed9i ng\u0169 b\u00e1n h\u00e0ng gi\u00e0u kinh nghi\u1ec7m c\u1ee7a ch\u00fang t\u00f4i am hi\u1ec3u s\u00e2u s\u1eafc v\u1ec1 ng\u00e0nh m\u00e1y m\u00f3c x\u00e2y d\u1ef1ng. H\u1ecd c\u00f3 th\u1ec3 t\u01b0 v\u1ea5n s\u1ea3n ph\u1ea9m chuy\u00ean nghi\u1ec7p, gi\u00fap b\u1ea1n l\u1ef1a ch\u1ecdn xi lanh th\u1ee7y l\u1ef1c ph\u00f9 h\u1ee3p v\u1edbi nhu c\u1ea7u c\u1ee5 th\u1ec3 c\u1ee7a m\u00ecnh.<\/p>\n<p><strong>5. H\u1eadu c\u1ea7n hi\u1ec7u qu\u1ea3:<\/strong> Ch\u00fang t\u00f4i hi\u1ec3u t\u1ea7m quan tr\u1ecdng c\u1ee7a vi\u1ec7c giao h\u00e0ng \u0111\u00fang h\u1ea1n. H\u1ec7 th\u1ed1ng ph\u00e2n ph\u1ed1i h\u1eadu c\u1ea7n hi\u1ec7u qu\u1ea3 c\u1ee7a ch\u00fang t\u00f4i \u0111\u1ea3m b\u1ea3o b\u1ea1n nh\u1eadn \u0111\u01b0\u1ee3c xi lanh th\u1ee7y l\u1ef1c c\u1ea7n thi\u1ebft m\u1ed9t c\u00e1ch k\u1ecbp th\u1eddi v\u00e0 ch\u00ednh x\u00e1c, gi\u1ea3m thi\u1ec3u th\u1eddi gian ng\u1eebng ho\u1ea1t \u0111\u1ed9ng v\u00e0 t\u1ed1i \u0111a h\u00f3a n\u0103ng su\u1ea5t.<\/p>\n<p><img decoding=\"async\" src=\"https:\/\/fmp-components.com\/wp-content\/uploads\/2024\/12\/Adjustable-Clevis-Type-Cylinders-6.webp\" alt=\"Xi lanh lo\u1ea1i Clevis c\u00f3 th\u1ec3 \u0111i\u1ec1u ch\u1ec9nh\" width=\"805\" title=\"\"><\/p>\n<h2>Nh\u1eefng c\u00e2u h\u1ecfi th\u01b0\u1eddng g\u1eb7p<\/h2>\n<p>H\u1ecfi: Xi lanh th\u1ee7y l\u1ef1c c\u00f3 tr\u1ecdng l\u01b0\u1ee3ng bao nhi\u00eau?<br \/>\nA: C\u00e1i xi lanh n\u1eb7ng 30 kg.<\/p>\n<p>H\u1ecfi: L\u1ef1c \u0111\u1ea9y t\u1ed1i \u0111a c\u1ee7a xi lanh l\u00e0 bao nhi\u00eau?<br \/>\nA: L\u1ef1c \u0111\u1ea9y t\u1ed1i \u0111a c\u1ee7a xi lanh l\u00e0 3000.<\/p>\n<p>H\u1ecfi: Xi lanh th\u1ee7y l\u1ef1c c\u00f3 \u0111\u01b0\u1ee3c b\u1ea3o h\u00e0nh kh\u00f4ng?<br \/>\nA: V\u00e2ng, xi lanh th\u1ee7y l\u1ef1c c\u1ee7a ch\u00fang t\u00f4i \u0111\u01b0\u1ee3c b\u1ea3o h\u00e0nh m\u1ed9t n\u0103m.<\/p>\n<p><img decoding=\"async\" src=\"https:\/\/img.jiansujichilun.com\/img\/hydrauliccylinders\/C_hydrauliccylinders-5.webp\" alt=\"xi lanh th\u1ee7y l\u1ef1c\" width=\"800\" title=\"\"><\/p>\n<p>T\u00e1c gi\u1ea3: CX<\/p>","protected":false},"excerpt":{"rendered":"<p>Introducing Quality Assurance Small 10 Ton Hydraulic Cylinder For Sale If you&#8217;re in need of a reliable hydraulic cylinder for your industrial or commercial applications, the Quality Assurance Small 10 Ton Hydraulic Cylinder is a top choice. This high-quality product is designed to provide superior performance and durability, ensuring that your operations run smoothly and [&hellip;]<\/p>","protected":false},"featured_media":1340,"comment_status":"closed","ping_status":"closed","template":"","meta":{"_et_pb_use_builder":"","_et_pb_old_content":"","_et_gb_content_width":""},"product_brand":[],"product_cat":[39],"product_tag":[41,34],"class_list":{"0":"post-1343","1":"product","2":"type-product","3":"status-publish","4":"has-post-thumbnail","6":"product_cat-adjustable-clevis-type-cylinders","7":"product_tag-adjustable-clevis-type-cylinders","8":"product_tag-hydraulic-cylinder","10":"first","11":"instock","12":"product-type-simple"},"_links":{"self":[{"href":"https:\/\/fmp-components.com\/vi\/wp-json\/wp\/v2\/product\/1343","targetHints":{"allow":["GET"]}}],"collection":[{"href":"https:\/\/fmp-components.com\/vi\/wp-json\/wp\/v2\/product"}],"about":[{"href":"https:\/\/fmp-components.com\/vi\/wp-json\/wp\/v2\/types\/product"}],"replies":[{"embeddable":true,"href":"https:\/\/fmp-components.com\/vi\/wp-json\/wp\/v2\/comments?post=1343"}],"wp:featuredmedia":[{"embeddable":true,"href":"https:\/\/fmp-components.com\/vi\/wp-json\/wp\/v2\/media\/1340"}],"wp:attachment":[{"href":"https:\/\/fmp-components.com\/vi\/wp-json\/wp\/v2\/media?parent=1343"}],"wp:term":[{"taxonomy":"product_brand","embeddable":true,"href":"https:\/\/fmp-components.com\/vi\/wp-json\/wp\/v2\/product_brand?post=1343"},{"taxonomy":"product_cat","embeddable":true,"href":"https:\/\/fmp-components.com\/vi\/wp-json\/wp\/v2\/product_cat?post=1343"},{"taxonomy":"product_tag","embeddable":true,"href":"https:\/\/fmp-components.com\/vi\/wp-json\/wp\/v2\/product_tag?post=1343"}],"curies":[{"name":"wp","href":"https:\/\/api.w.org\/{rel}","templated":true}]}}