{"id":1341,"date":"2024-12-23T02:18:07","date_gmt":"2024-12-23T02:18:07","guid":{"rendered":"https:\/\/fmp-components.com\/product\/factory-price-mini-hydraulic-cylinders-piston-mini-hydraulic-cylinders\/"},"modified":"2024-12-23T03:49:52","modified_gmt":"2024-12-23T03:49:52","slug":"factory-price-mini-hydraulic-cylinders-piston-mini-hydraulic-cylinders","status":"publish","type":"product","link":"https:\/\/fmp-components.com\/vi\/product\/factory-price-mini-hydraulic-cylinders-piston-mini-hydraulic-cylinders\/","title":{"rendered":"Gi\u00e1 xu\u1ea5t x\u01b0\u1edfng Xi lanh th\u1ee7y l\u1ef1c mini Piston Xi lanh th\u1ee7y l\u1ef1c mini"},"content":{"rendered":"<p>Xi lanh th\u1ee7y l\u1ef1c mini gi\u00e1 xu\u1ea5t x\u01b0\u1edfng Xi lanh th\u1ee7y l\u1ef1c mini piston cung c\u1ea5p gi\u1ea3i ph\u00e1p ti\u1ebft ki\u1ec7m chi ph\u00ed cho nhi\u1ec1u \u1ee9ng d\u1ee5ng c\u00f4ng nghi\u1ec7p kh\u00e1c nhau. Nh\u1eefng xi lanh th\u1ee7y l\u1ef1c n\u00e0y nh\u1ecf g\u1ecdn, b\u1ec1n b\u1ec9 v\u00e0 mang l\u1ea1i hi\u1ec7u su\u1ea5t cao.<\/p>\n<p>Xi lanh th\u1ee7y l\u1ef1c mini piston \u0111\u01b0\u1ee3c thi\u1ebft k\u1ebf \u0111\u1ec3 t\u1ea1o ra l\u1ef1c v\u00e0 chuy\u1ec3n \u0111\u1ed9ng tuy\u1ebfn t\u00ednh t\u1eeb \u00e1p su\u1ea5t ch\u1ea5t l\u1ecfng th\u1ee7y l\u1ef1c. Ch\u00fang c\u00f3 nhi\u1ec1u k\u00edch c\u1ee1, h\u00e0nh tr\u00ecnh v\u00e0 \u0111\u01b0\u1eddng k\u00ednh l\u1ed7 kh\u00e1c nhau \u0111\u1ec3 \u0111\u00e1p \u1ee9ng c\u00e1c y\u00eau c\u1ea7u \u0111a d\u1ea1ng. Nh\u1eefng xi lanh n\u00e0y l\u00fd t\u01b0\u1edfng \u0111\u1ec3 s\u1eed d\u1ee5ng trong m\u00e1y m\u00f3c x\u00e2y d\u1ef1ng, thi\u1ebft b\u1ecb n\u00f4ng nghi\u1ec7p v\u00e0 c\u00e1c \u1ee9ng d\u1ee5ng c\u00f4ng nghi\u1ec7p kh\u00e1c.<\/p>\n<p>Xi lanh th\u1ee7y l\u1ef1c mini piston gi\u00e1 xu\u1ea5t x\u01b0\u1edfng \u0111\u01b0\u1ee3c s\u1ea3n xu\u1ea5t b\u1eb1ng v\u1eadt li\u1ec7u ch\u1ea5t l\u01b0\u1ee3ng cao, \u0111\u1ea3m b\u1ea3o \u0111\u1ed9 tin c\u1eady v\u00e0 tu\u1ed5i th\u1ecd cao. Xi lanh \u0111\u01b0\u1ee3c thi\u1ebft k\u1ebf \u0111\u1ec3 ch\u1ecbu \u0111\u01b0\u1ee3c \u00e1p su\u1ea5t cao v\u00e0 t\u1ea3i tr\u1ecdng n\u1eb7ng, l\u00fd t\u01b0\u1edfng \u0111\u1ec3 s\u1eed d\u1ee5ng trong m\u00f4i tr\u01b0\u1eddng kh\u1eafc nghi\u1ec7t.<\/p>\n<p>T\u00f3m l\u1ea1i, n\u1ebfu b\u1ea1n \u0111ang t\u00ecm ki\u1ebfm m\u1ed9t gi\u1ea3i ph\u00e1p \u0111\u00e1ng tin c\u1eady v\u00e0 ti\u1ebft ki\u1ec7m chi ph\u00ed cho c\u00e1c \u1ee9ng d\u1ee5ng c\u00f4ng nghi\u1ec7p c\u1ee7a m\u00ecnh, th\u00ec Xi lanh th\u1ee7y l\u1ef1c mini piston gi\u00e1 xu\u1ea5t x\u01b0\u1edfng l\u00e0 m\u1ed9t l\u1ef1a ch\u1ecdn tuy\u1ec7t v\u1eddi. Thi\u1ebft k\u1ebf nh\u1ecf g\u1ecdn, \u0111\u1ed9 b\u1ec1n cao v\u00e0 hi\u1ec7u su\u1ea5t cao khi\u1ebfn ch\u00fang tr\u1edf th\u00e0nh l\u1ef1a ch\u1ecdn ho\u00e0n h\u1ea3o cho nhi\u1ec1u \u1ee9ng d\u1ee5ng kh\u00e1c nhau.<\/p>\n<p><img loading=\"lazy\" decoding=\"async\" class=\"alignnone size-full wp-image-1334\" src=\"https:\/\/fmp-components.com\/wp-content\/uploads\/2024\/12\/Adjustable-Clevis-Type-Cylinders-4.webp\" alt=\"Xi lanh lo\u1ea1i ch\u1ed1t c\u00f3 th\u1ec3 \u0111i\u1ec1u ch\u1ec9nh\" width=\"800\" height=\"800\" title=\"\" srcset=\"https:\/\/fmp-components.com\/wp-content\/uploads\/2024\/12\/Adjustable-Clevis-Type-Cylinders-4.webp 800w, https:\/\/fmp-components.com\/wp-content\/uploads\/2024\/12\/Adjustable-Clevis-Type-Cylinders-4-480x480.webp 480w\" sizes=\"(min-width: 0px) and (max-width: 480px) 480px, (min-width: 481px) 800px, 100vw\" \/><\/p>\n<table style=\"width: 100%;\" border=\"1\" width=\"100%\" cellspacing=\"0\" cellpadding=\"0\">\n<tbody>\n<tr>\n<th>T\u00ean s\u1ea3n ph\u1ea9m<\/th>\n<td>Xi lanh th\u1ee7y l\u1ef1c mini<\/td>\n<\/tr>\n<tr>\n<th>T\u00ecnh tr\u1ea1ng<\/th>\n<td>M\u1edbi<\/td>\n<\/tr>\n<tr>\n<th>Gi\u00e1<\/th>\n<td>Gi\u00e1 xu\u1ea5t x\u01b0\u1edfng<\/td>\n<\/tr>\n<tr>\n<th>Ngu\u1ed3n \u0111i\u1ec7n<\/th>\n<td>Th\u1ee7y l\u1ef1c<\/td>\n<\/tr>\n<tr>\n<th>V\u1eadt li\u1ec7u th\u00e2n m\u00e1y<\/th>\n<td>Th\u00e9p ch\u1eafc ch\u1eafn<\/td>\n<\/tr>\n<tr>\n<th>L\u1ef1c \u0111\u1ea9y t\u1ed1i \u0111a<\/th>\n<td>3000<\/td>\n<\/tr>\n<tr>\n<th>L\u1ef1c k\u00e9o t\u1ed1i \u0111a<\/th>\n<td>20 t\u1ea5n<\/td>\n<\/tr>\n<tr>\n<th>Ki\u1ec3u<\/th>\n<td>Xi lanh lo\u1ea1i Clevis c\u00f3 th\u1ec3 \u0111i\u1ec1u ch\u1ec9nh<\/td>\n<\/tr>\n<tr>\n<th>C\u1ed5ng<\/th>\n<td>G\/SAE\/NPT\/M<\/td>\n<\/tr>\n<tr>\n<th>K\u00edch th\u01b0\u1edbc l\u1ed7 khoan<\/th>\n<td>2 \u2013 6 inch<\/td>\n<\/tr>\n<tr>\n<th>K\u00edch th\u01b0\u1edbc thanh<\/th>\n<td>1,125 \u2013 4 inch<\/td>\n<\/tr>\n<tr>\n<th>K\u00edch th\u01b0\u1edbc n\u00e9t v\u1ebd<\/th>\n<td>4 \u2013 100 inch<\/td>\n<\/tr>\n<tr>\n<th>K\u00edch th\u01b0\u1edbc ch\u00e2n c\u1eafm<\/th>\n<td>0,5 \u2013 2 inch<\/td>\n<\/tr>\n<tr>\n<th>M\u00e0u s\u1eafc<\/th>\n<td>M\u00e0u \u0111en b\u00f3ng b\u1ea9y<\/td>\n<\/tr>\n<tr>\n<th>Ch\u1ee9ng nh\u1eadn<\/th>\n<td>Ti\u00eau chu\u1ea9n ISO 9001:2000<\/td>\n<\/tr>\n<tr>\n<th>T\u00f9y ch\u1ecdn \u0111\u00f3ng g\u00f3i<\/th>\n<td>V\u1ecf s\u1eaft, v\u1ecf g\u1ed7 d\u00e1n ho\u1eb7c h\u1ed9p carton<\/td>\n<\/tr>\n<tr>\n<th>C\u00e1c ng\u00e0nh c\u00f4ng nghi\u1ec7p \u00e1p d\u1ee5ng<\/th>\n<td>X\u01b0\u1edfng s\u1eeda ch\u1eefa m\u00e1y m\u00f3c, trang tr\u1ea1i, n\u0103ng l\u01b0\u1ee3ng v\u00e0 khai th\u00e1c, s\u1ea3n xu\u1ea5t m\u00e1y m\u00f3c, nh\u00e0 m\u00e1y m\u00e1y m\u00f3c<\/td>\n<\/tr>\n<\/tbody>\n<\/table>\n<p>&nbsp;<\/p>\n<h2>\u01afu \u0111i\u1ec3m c\u1ee7a xi lanh lo\u1ea1i ch\u1ed1t c\u00f3 th\u1ec3 \u0111i\u1ec1u ch\u1ec9nh<\/h2>\n<p>Xi lanh th\u1ee7y l\u1ef1c lo\u1ea1i ch\u1ed1t \u0111i\u1ec1u ch\u1ec9nh, ch\u1eb3ng h\u1ea1n nh\u01b0 Xi lanh th\u1ee7y l\u1ef1c mini piston gi\u00e1 xu\u1ea5t x\u01b0\u1edfng, mang l\u1ea1i nhi\u1ec1u l\u1ee3i th\u1ebf trong nhi\u1ec1u \u1ee9ng d\u1ee5ng kh\u00e1c nhau nh\u1edd thi\u1ebft k\u1ebf v\u00e0 ch\u1ee9c n\u0103ng \u0111\u1ed9c \u0111\u00e1o. Trong b\u00e0i vi\u1ebft n\u00e0y, ch\u00fang ta s\u1ebd kh\u00e1m ph\u00e1 nh\u1eefng l\u1ee3i \u00edch ch\u00ednh c\u1ee7a c\u00e1c xi lanh n\u00e0y v\u00e0 \u0111i s\u00e2u v\u00e0o m\u00f4 t\u1ea3 chi ti\u1ebft.<\/p>\n<h3>1. T\u00ednh linh ho\u1ea1t v\u00e0 kh\u1ea3 n\u0103ng t\u00f9y ch\u1ec9nh \u0111\u01b0\u1ee3c n\u00e2ng cao<\/h3>\n<p>M\u1ed9t trong nh\u1eefng \u01b0u \u0111i\u1ec3m ch\u00ednh c\u1ee7a xi lanh lo\u1ea1i ch\u1ed1t \u0111i\u1ec1u ch\u1ec9nh \u0111\u01b0\u1ee3c l\u00e0 kh\u1ea3 n\u0103ng cung c\u1ea5p t\u00ednh linh ho\u1ea1t v\u00e0 t\u00f9y ch\u1ec9nh n\u00e2ng cao. C\u00e1c xi lanh n\u00e0y \u0111\u01b0\u1ee3c thi\u1ebft k\u1ebf v\u1edbi gi\u00e1 \u0111\u1ee1 ch\u1ed1t \u0111i\u1ec1u ch\u1ec9nh \u0111\u01b0\u1ee3c, cho ph\u00e9p ng\u01b0\u1eddi d\u00f9ng d\u1ec5 d\u00e0ng \u0111i\u1ec1u ch\u1ec9nh v\u1ecb tr\u00ed v\u00e0 g\u00f3c l\u1eafp \u0111\u1eb7t cho ph\u00f9 h\u1ee3p v\u1edbi nhu c\u1ea7u c\u1ee5 th\u1ec3. T\u00ednh linh ho\u1ea1t n\u00e0y cho ph\u00e9p xi lanh \u0111\u01b0\u1ee3c t\u00edch h\u1ee3p li\u1ec1n m\u1ea1ch v\u00e0o nhi\u1ec1u \u1ee9ng d\u1ee5ng kh\u00e1c nhau, \u0111\u1ea3m b\u1ea3o hi\u1ec7u su\u1ea5t v\u00e0 hi\u1ec7u qu\u1ea3 t\u1ed1i \u01b0u.<\/p>\n<h3>2. \u0110i\u1ec1u ch\u1ec9nh h\u00e0nh tr\u00ecnh ch\u00ednh x\u00e1c<\/h3>\n<p>Xi lanh lo\u1ea1i ch\u1ed1t \u0111i\u1ec1u ch\u1ec9nh \u0111\u1eb7c bi\u1ec7t ph\u00f9 h\u1ee3p cho c\u00e1c \u1ee9ng d\u1ee5ng c\u1ea7n \u0111i\u1ec1u ch\u1ec9nh h\u00e0nh tr\u00ecnh ch\u00ednh x\u00e1c. C\u00e1c xi lanh n\u00e0y c\u00f3 ch\u1ed1t ren, cho ph\u00e9p tinh ch\u1ec9nh \u0111\u1ed9 d\u00e0i h\u00e0nh tr\u00ecnh c\u1ee7a xi lanh. M\u1ee9c \u0111\u1ed9 ki\u1ec3m so\u00e1t n\u00e0y \u0111\u1ea3m b\u1ea3o chuy\u1ec3n \u0111\u1ed9ng v\u00e0 \u0111\u1ecbnh v\u1ecb ch\u00ednh x\u00e1c, khi\u1ebfn ch\u00fang tr\u1edf n\u00ean l\u00fd t\u01b0\u1edfng cho c\u00e1c c\u00f4ng vi\u1ec7c \u0111\u00f2i h\u1ecfi \u0111\u1ed9 ch\u00ednh x\u00e1c cao.<\/p>\n<h3>3. T\u0103ng kh\u1ea3 n\u0103ng ch\u1ecbu t\u1ea3i<\/h3>\n<p>V\u1edbi c\u1ea5u tr\u00fac ch\u1eafc ch\u1eafn v\u00e0 thi\u1ebft k\u1ebf ti\u00ean ti\u1ebfn, xi lanh ki\u1ec3u ch\u1ed1t \u0111i\u1ec1u ch\u1ec9nh mang l\u1ea1i kh\u1ea3 n\u0103ng ch\u1ecbu t\u1ea3i cao h\u01a1n so v\u1edbi c\u00e1c lo\u1ea1i xi lanh kh\u00e1c. Nh\u1eefng xi lanh n\u00e0y \u0111\u01b0\u1ee3c thi\u1ebft k\u1ebf \u0111\u1ec3 ch\u1ecbu \u0111\u01b0\u1ee3c t\u1ea3i tr\u1ecdng l\u1edbn v\u00e0 \u0111i\u1ec1u ki\u1ec7n v\u1eadn h\u00e0nh kh\u1eafc nghi\u1ec7t, ph\u00f9 h\u1ee3p cho c\u00e1c \u1ee9ng d\u1ee5ng \u0111\u00f2i h\u1ecfi l\u1ef1c n\u00e2ng ho\u1eb7c l\u1ef1c \u0111\u1ea9y l\u1edbn. Hi\u1ec7u su\u1ea5t \u0111\u00e1ng tin c\u1eady v\u00e0 \u0111\u1ed9 b\u1ec1n cao khi\u1ebfn ch\u00fang tr\u1edf th\u00e0nh l\u1ef1a ch\u1ecdn \u01b0u ti\u00ean trong c\u00e1c ng\u00e0nh c\u00f4ng nghi\u1ec7p nh\u01b0 x\u00e2y d\u1ef1ng, s\u1ea3n xu\u1ea5t v\u00e0 x\u1eed l\u00fd v\u1eadt li\u1ec7u.<\/p>\n<h3>4. C\u00e1c bi\u1ec7n ph\u00e1p an to\u00e0n n\u00e2ng cao<\/h3>\n<p>Xi lanh lo\u1ea1i ch\u1ed1t \u0111i\u1ec1u ch\u1ec9nh \u01b0u ti\u00ean s\u1ef1 an to\u00e0n trong qu\u00e1 tr\u00ecnh v\u1eadn h\u00e0nh. Ch\u00fang th\u01b0\u1eddng \u0111\u01b0\u1ee3c trang b\u1ecb c\u00e1c t\u00ednh n\u0103ng an to\u00e0n nh\u01b0 van b\u1ea3o v\u1ec7 qu\u00e1 t\u1ea3i, gi\u00fap ng\u0103n ng\u1eeba h\u01b0 h\u1ecfng cho xi lanh v\u00e0 c\u00e1c b\u1ed9 ph\u1eadn kh\u00e1c trong tr\u01b0\u1eddng h\u1ee3p t\u1ea3i tr\u1ecdng ho\u1eb7c \u00e1p su\u1ea5t qu\u00e1 m\u1ee9c. Ngo\u00e0i ra, c\u00e1c xi lanh n\u00e0y c\u00f2n c\u00f3 \u0111\u1ed9 \u1ed5n \u0111\u1ecbnh v\u00e0 kh\u1ea3 n\u0103ng ch\u1ed1ng ch\u1ecbu va \u0111\u1eadp b\u00ean ngo\u00e0i tuy\u1ec7t v\u1eddi, gi\u1ea3m thi\u1ec3u nguy c\u01a1 tai n\u1ea1n ho\u1eb7c h\u1ecfng h\u00f3c thi\u1ebft b\u1ecb.<\/p>\n<h3>5. Ti\u00eau th\u1ee5 n\u0103ng l\u01b0\u1ee3ng hi\u1ec7u qu\u1ea3<\/h3>\n<p>M\u1ed9t \u01b0u \u0111i\u1ec3m \u0111\u00e1ng ch\u00fa \u00fd kh\u00e1c c\u1ee7a xi lanh lo\u1ea1i ch\u1ed1t \u0111i\u1ec1u ch\u1ec9nh l\u00e0 m\u1ee9c ti\u00eau th\u1ee5 n\u0103ng l\u01b0\u1ee3ng hi\u1ec7u qu\u1ea3. C\u00e1c xi lanh n\u00e0y \u0111\u01b0\u1ee3c thi\u1ebft k\u1ebf \u0111\u1ec3 gi\u1ea3m thi\u1ec3u t\u1ed5n th\u1ea5t n\u0103ng l\u01b0\u1ee3ng b\u1eb1ng c\u00e1ch t\u1ed1i \u01b0u h\u00f3a \u0111\u01b0\u1eddng d\u1eabn d\u00f2ng ch\u1ea3y b\u00ean trong v\u00e0 gi\u1ea3m ma s\u00e1t. Ho\u1ea1t \u0111\u1ed9ng ti\u1ebft ki\u1ec7m n\u0103ng l\u01b0\u1ee3ng n\u00e0y kh\u00f4ng ch\u1ec9 gi\u00fap gi\u1ea3m chi ph\u00ed v\u1eadn h\u00e0nh m\u00e0 c\u00f2n g\u00f3p ph\u1ea7n t\u1ea1o n\u00ean m\u1ed9t m\u00f4i tr\u01b0\u1eddng xanh h\u01a1n v\u00e0 b\u1ec1n v\u1eefng h\u01a1n.<\/p>\n<p>Xi lanh lo\u1ea1i ch\u1ed1t \u0111i\u1ec1u ch\u1ec9nh, ch\u1eb3ng h\u1ea1n nh\u01b0 Xi lanh th\u1ee7y l\u1ef1c mini piston gi\u00e1 xu\u1ea5t x\u01b0\u1edfng, mang l\u1ea1i v\u00f4 s\u1ed1 \u01b0u \u0111i\u1ec3m khi\u1ebfn ch\u00fang tr\u1edf th\u00e0nh l\u1ef1a ch\u1ecdn \u0111\u00e1ng gi\u00e1 cho nhi\u1ec1u \u1ee9ng d\u1ee5ng kh\u00e1c nhau. \u0110\u1ed9 linh ho\u1ea1t \u0111\u01b0\u1ee3c c\u1ea3i thi\u1ec7n, kh\u1ea3 n\u0103ng \u0111i\u1ec1u ch\u1ec9nh h\u00e0nh tr\u00ecnh ch\u00ednh x\u00e1c, kh\u1ea3 n\u0103ng ch\u1ecbu t\u1ea3i \u0111\u01b0\u1ee3c t\u0103ng c\u01b0\u1eddng, c\u00e1c bi\u1ec7n ph\u00e1p an to\u00e0n \u0111\u01b0\u1ee3c c\u1ea3i thi\u1ec7n v\u00e0 m\u1ee9c ti\u00eau th\u1ee5 n\u0103ng l\u01b0\u1ee3ng hi\u1ec7u qu\u1ea3 l\u00e0 nh\u1eefng \u0111i\u1ec3m kh\u00e1c bi\u1ec7t c\u1ee7a ch\u00fang so v\u1edbi c\u00e1c lo\u1ea1i xi lanh kh\u00e1c. B\u1eb1ng c\u00e1ch t\u00edch h\u1ee3p nh\u1eefng xi lanh n\u00e0y v\u00e0o d\u1ef1 \u00e1n c\u1ee7a b\u1ea1n, b\u1ea1n c\u00f3 th\u1ec3 \u0111\u1ea1t \u0111\u01b0\u1ee3c hi\u1ec7u su\u1ea5t t\u1ed1i \u01b0u, n\u0103ng su\u1ea5t \u0111\u01b0\u1ee3c c\u1ea3i thi\u1ec7n v\u00e0 hi\u1ec7u qu\u1ea3 chi ph\u00ed.<\/p>\n<p><img decoding=\"async\" src=\"https:\/\/fmp-components.com\/wp-content\/uploads\/2024\/12\/Adjustable-Clevis-Type-Cylinders5.webp\" alt=\"Xi lanh lo\u1ea1i Clevis c\u00f3 th\u1ec3 \u0111i\u1ec1u ch\u1ec9nh\" width=\"800\" title=\"\"><\/p>\n<h2>\u1ee8ng d\u1ee5ng c\u1ee7a xi lanh lo\u1ea1i ch\u1ed1t c\u00f3 th\u1ec3 \u0111i\u1ec1u ch\u1ec9nh<\/h2>\n<p>Xi lanh lo\u1ea1i Clevis \u0111i\u1ec1u ch\u1ec9nh l\u00e0 thi\u1ebft b\u1ecb th\u1ee7y l\u1ef1c \u0111a n\u0103ng, c\u00f3 nhi\u1ec1u \u1ee9ng d\u1ee5ng trong nhi\u1ec1u ng\u00e0nh c\u00f4ng nghi\u1ec7p kh\u00e1c nhau. D\u01b0\u1edbi \u0111\u00e2y l\u00e0 m\u1ed9t s\u1ed1 \u1ee9ng d\u1ee5ng ch\u00ednh c\u1ee7a lo\u1ea1i xi lanh n\u00e0y:<\/p>\n<p>1. <strong>Ng\u00e0nh x\u00e2y d\u1ef1ng<\/strong><br \/>\nXi lanh ki\u1ec3u Clevis \u0111i\u1ec1u ch\u1ec9nh \u0111\u01b0\u1ee3c s\u1eed d\u1ee5ng r\u1ed9ng r\u00e3i trong ng\u00e0nh x\u00e2y d\u1ef1ng cho c\u00e1c \u1ee9ng d\u1ee5ng h\u1ea1ng n\u1eb7ng nh\u01b0 n\u00e2ng v\u00e0 di chuy\u1ec3n v\u1eadt n\u1eb7ng. Nh\u1eefng xi lanh n\u00e0y l\u00fd t\u01b0\u1edfng cho c\u00e1c c\u00f4ng vi\u1ec7c nh\u01b0 \u0111\u00e0o \u0111\u1ea5t, khoan v\u00e0 ph\u00e1 d\u1ee1. Kh\u1ea3 n\u0103ng ki\u1ec3m so\u00e1t ch\u00ednh x\u00e1c v\u00e0 l\u1ef1c n\u00e2ng khi\u1ebfn ch\u00fang tr\u1edf th\u00e0nh l\u1ef1a ch\u1ecdn ph\u1ed5 bi\u1ebfn trong ng\u00e0nh. Ngo\u00e0i ra, kh\u1ea3 n\u0103ng ch\u1ecbu \u0111\u01b0\u1ee3c m\u00f4i tr\u01b0\u1eddng kh\u1eafc nghi\u1ec7t v\u00e0 ch\u1ed1ng m\u00e0i m\u00f2n gi\u00fap ch\u00fang c\u00f3 \u0111\u1ed9 b\u1ec1n cao, l\u00fd t\u01b0\u1edfng cho c\u00e1c \u1ee9ng d\u1ee5ng x\u00e2y d\u1ef1ng kh\u00f3 kh\u0103n.<\/p>\n<p>2. <strong>Ng\u00e0nh s\u1ea3n xu\u1ea5t<\/strong><br \/>\nNg\u00e0nh s\u1ea3n xu\u1ea5t l\u00e0 m\u1ed9t l\u0129nh v\u1ef1c kh\u00e1c m\u00e0 Xi lanh lo\u1ea1i ch\u1ed1t \u0111i\u1ec1u ch\u1ec9nh \u0111\u01b0\u1ee3c s\u1eed d\u1ee5ng r\u1ed9ng r\u00e3i. Nh\u1eefng xi lanh n\u00e0y \u0111\u01b0\u1ee3c s\u1eed d\u1ee5ng \u0111\u1ec3 cung c\u1ea5p n\u0103ng l\u01b0\u1ee3ng cho nhi\u1ec1u lo\u1ea1i thi\u1ebft b\u1ecb s\u1ea3n xu\u1ea5t, bao g\u1ed3m b\u0103ng t\u1ea3i, m\u00e1y \u00e9p v\u00e0 m\u00e1y c\u1eaft. Kh\u1ea3 n\u0103ng \u0111i\u1ec1u ch\u1ec9nh chi\u1ec1u d\u00e0i c\u1ee7a nh\u1eefng xi lanh n\u00e0y khi\u1ebfn ch\u00fang tr\u1edf n\u00ean l\u00fd t\u01b0\u1edfng \u0111\u1ec3 s\u1eed d\u1ee5ng trong c\u00e1c thi\u1ebft b\u1ecb s\u1ea3n xu\u1ea5t \u0111\u00f2i h\u1ecfi chuy\u1ec3n \u0111\u1ed9ng v\u00e0 ki\u1ec3m so\u00e1t ch\u00ednh x\u00e1c. Ngo\u00e0i ra, k\u00edch th\u01b0\u1edbc nh\u1ecf g\u1ecdn c\u1ee7a ch\u00fang gi\u00fap d\u1ec5 d\u00e0ng l\u1eafp \u0111\u1eb7t trong kh\u00f4ng gian ch\u1eadt h\u1eb9p.<\/p>\n<p>3. <strong>Ng\u00e0nh n\u00f4ng nghi\u1ec7p<\/strong><br \/>\nNg\u00e0nh n\u00f4ng nghi\u1ec7p c\u0169ng l\u00e0 m\u1ed9t trong nh\u1eefng ng\u00e0nh s\u1eed d\u1ee5ng ch\u00ednh Xi lanh lo\u1ea1i Clevis \u0111i\u1ec1u ch\u1ec9nh. Lo\u1ea1i xi lanh n\u00e0y \u0111\u01b0\u1ee3c s\u1eed d\u1ee5ng r\u1ed9ng r\u00e3i trong c\u00e1c thi\u1ebft b\u1ecb n\u00f4ng nghi\u1ec7p nh\u01b0 m\u00e1y k\u00e9o v\u00e0 m\u00e1y g\u1eb7t. Kh\u1ea3 n\u0103ng ki\u1ec3m so\u00e1t ch\u00ednh x\u00e1c chuy\u1ec3n \u0111\u1ed9ng v\u00e0 l\u1ef1c khi\u1ebfn lo\u1ea1i xi lanh n\u00e0y tr\u1edf n\u00ean l\u00fd t\u01b0\u1edfng cho c\u00e1c c\u00f4ng vi\u1ec7c nh\u01b0 c\u00e0y, tr\u1ed3ng v\u00e0 thu ho\u1ea1ch. K\u00edch th\u01b0\u1edbc nh\u1ecf g\u1ecdn c\u1ee7a lo\u1ea1i xi lanh n\u00e0y c\u0169ng gi\u00fap ch\u00fang d\u1ec5 d\u00e0ng l\u1eafp \u0111\u1eb7t v\u00e0o thi\u1ebft b\u1ecb n\u00f4ng nghi\u1ec7p, do \u0111\u00f3 t\u0103ng t\u00ednh linh ho\u1ea1t c\u1ee7a ch\u00fang trong ng\u00e0nh.<\/p>\n<p>4. <strong>Ng\u00e0nh v\u1eadn t\u1ea3i<\/strong><br \/>\nNg\u00e0nh v\u1eadn t\u1ea3i c\u0169ng s\u1eed d\u1ee5ng Xi lanh lo\u1ea1i Clevis \u0111i\u1ec1u ch\u1ec9nh trong nhi\u1ec1u \u1ee9ng d\u1ee5ng kh\u00e1c nhau. Nh\u1eefng xi lanh n\u00e0y \u0111\u01b0\u1ee3c s\u1eed d\u1ee5ng trong h\u1ec7 th\u1ed1ng treo c\u1ee7a c\u00e1c ph\u01b0\u01a1ng ti\u1ec7n nh\u01b0 xe t\u1ea3i v\u00e0 xe bu\u00fdt, mang l\u1ea1i c\u1ea3m gi\u00e1c l\u00e1i \u00eam \u00e1i v\u00e0 tho\u1ea3i m\u00e1i cho h\u00e0nh kh\u00e1ch. Ngo\u00e0i ra, nh\u1eefng xi lanh n\u00e0y c\u00f2n \u0111\u01b0\u1ee3c s\u1eed d\u1ee5ng trong h\u1ec7 th\u1ed1ng th\u1ee7y l\u1ef1c c\u1ee7a c\u00e1c ph\u01b0\u01a1ng ti\u1ec7n h\u1ea1ng n\u1eb7ng nh\u01b0 c\u1ea7n c\u1ea9u v\u00e0 m\u00e1y \u0111\u00e0o, cung c\u1ea5p l\u1ef1c n\u00e2ng c\u1ea7n thi\u1ebft \u0111\u1ec3 c\u00e1c ph\u01b0\u01a1ng ti\u1ec7n n\u00e0y th\u1ef1c hi\u1ec7n nhi\u1ec7m v\u1ee5.<\/p>\n<p>T\u00f3m l\u1ea1i, Xi lanh th\u1ee7y l\u1ef1c lo\u1ea1i ch\u1ed1t \u0111i\u1ec1u ch\u1ec9nh l\u00e0 thi\u1ebft b\u1ecb th\u1ee7y l\u1ef1c \u0111a n\u0103ng \u0111\u01b0\u1ee3c s\u1eed d\u1ee5ng r\u1ed9ng r\u00e3i trong nhi\u1ec1u ng\u00e0nh c\u00f4ng nghi\u1ec7p. Kh\u1ea3 n\u0103ng ki\u1ec3m so\u00e1t v\u00e0 n\u00e2ng h\u1ea1 ch\u00ednh x\u00e1c, c\u00f9ng v\u1edbi \u0111\u1ed9 b\u1ec1n v\u00e0 k\u00edch th\u01b0\u1edbc nh\u1ecf g\u1ecdn, khi\u1ebfn ch\u00fang tr\u1edf n\u00ean l\u00fd t\u01b0\u1edfng cho c\u00e1c \u1ee9ng d\u1ee5ng h\u1ea1ng n\u1eb7ng, \u0111\u00f2i h\u1ecfi \u0111\u1ed9 ch\u00ednh x\u00e1c v\u00e0 \u0111\u1ed9 tin c\u1eady cao. V\u1edbi Xi lanh th\u1ee7y l\u1ef1c mini piston gi\u00e1 xu\u1ea5t x\u01b0\u1edfng, nh\u1eefng xi lanh n\u00e0y mang \u0111\u1ebfn gi\u1ea3i ph\u00e1p hi\u1ec7u qu\u1ea3 v\u00e0 gi\u00e1 c\u1ea3 ph\u1ea3i ch\u0103ng cho nhi\u1ec1u \u1ee9ng d\u1ee5ng th\u1ee7y l\u1ef1c.<img decoding=\"async\" src=\"https:\/\/fmp-components.com\/wp-content\/uploads\/2024\/12\/Application-of-Adjustable-Clevis-Type-Cylinders.webp\" alt=\"Xi lanh lo\u1ea1i Clevis c\u00f3 th\u1ec3 \u0111i\u1ec1u ch\u1ec9nh\" width=\"800\" title=\"\"><\/p>\n<h3>Gi\u1edbi thi\u1ec7u v\u1ec1 FMP \u2013 Xi lanh th\u1ee7y l\u1ef1c<\/h3>\n<p><img decoding=\"async\" src=\"https:\/\/fmp-components.com\/wp-content\/uploads\/2024\/12\/Adjustable-Clevis-Type-Cylinders-6.webp\" alt=\"Xi lanh lo\u1ea1i Clevis c\u00f3 th\u1ec3 \u0111i\u1ec1u ch\u1ec9nh\" width=\"803\" title=\"\"><\/p>\n<p>T\u1ea1i FMP, ch\u00fang t\u00f4i chuy\u00ean s\u1ea3n xu\u1ea5t v\u00e0 kinh doanh Xi lanh th\u1ee7y l\u1ef1c. V\u1edbi kinh nghi\u1ec7m d\u00e0y d\u1eb7n trong ng\u00e0nh v\u00e0 \u0111\u1ed9i ng\u0169 chuy\u00ean nghi\u1ec7p, ch\u00fang t\u00f4i lu\u00f4n n\u1ed7 l\u1ef1c mang \u0111\u1ebfn cho kh\u00e1ch h\u00e0ng nh\u1eefng s\u1ea3n ph\u1ea9m ch\u1ea5t l\u01b0\u1ee3ng cao v\u00e0 \u0111\u00e1ng tin c\u1eady. D\u01b0\u1edbi \u0111\u00e2y l\u00e0 n\u0103m l\u1ee3i th\u1ebf ch\u00ednh khi l\u1ef1a ch\u1ecdn Xi lanh th\u1ee7y l\u1ef1c c\u1ee7a ch\u00fang t\u00f4i:<\/p>\n<p>1. Ch\u1ea5t l\u01b0\u1ee3ng v\u01b0\u1ee3t tr\u1ed9i: Xi lanh th\u1ee7y l\u1ef1c c\u1ee7a ch\u00fang t\u00f4i \u0111\u01b0\u1ee3c s\u1ea3n xu\u1ea5t b\u1eb1ng v\u1eadt li\u1ec7u cao c\u1ea5p v\u00e0 c\u00f4ng ngh\u1ec7 ti\u00ean ti\u1ebfn, \u0111\u1ea3m b\u1ea3o hi\u1ec7u su\u1ea5t v\u00e0 \u0111\u1ed9 b\u1ec1n v\u01b0\u1ee3t tr\u1ed9i. Ch\u00fang t\u00f4i \u01b0u ti\u00ean ch\u1ea5t l\u01b0\u1ee3ng \u0111\u1ec3 \u0111\u00e1p \u1ee9ng c\u00e1c ti\u00eau chu\u1ea9n cao nh\u1ea5t v\u00e0 v\u01b0\u1ee3t qu\u00e1 mong \u0111\u1ee3i c\u1ee7a kh\u00e1ch h\u00e0ng.<\/p>\n<p>2. Nhi\u1ec1u l\u1ef1a ch\u1ecdn: Ch\u00fang t\u00f4i cung c\u1ea5p \u0111a d\u1ea1ng c\u00e1c lo\u1ea1i xi lanh th\u1ee7y l\u1ef1c \u0111\u1ec3 \u0111\u00e1p \u1ee9ng nhi\u1ec1u nhu c\u1ea7u kh\u00e1c nhau. Cho d\u00f9 b\u1ea1n c\u1ea7n xi lanh t\u00e1c \u0111\u1ed9ng \u0111\u01a1n hay t\u00e1c \u0111\u1ed9ng k\u00e9p, xi lanh \u1ed1ng l\u1ed3ng, hay thi\u1ebft k\u1ebf ri\u00eang, ch\u00fang t\u00f4i \u0111\u1ec1u c\u00f3 gi\u1ea3i ph\u00e1p ho\u00e0n h\u1ea3o \u0111\u00e1p \u1ee9ng c\u00e1c y\u00eau c\u1ea7u c\u1ee5 th\u1ec3 c\u1ee7a b\u1ea1n.<\/p>\n<p>3. T\u01b0 v\u1ea5n chuy\u00ean m\u00f4n: \u0110\u1ed9i ng\u0169 b\u00e1n h\u00e0ng gi\u00e0u kinh nghi\u1ec7m c\u1ee7a ch\u00fang t\u00f4i s\u1edf h\u1eefu ki\u1ebfn \u200b\u200bth\u1ee9c chuy\u00ean s\u00e2u v\u1ec1 ng\u00e0nh m\u00e1y m\u00f3c x\u00e2y d\u1ef1ng. H\u1ecd am hi\u1ec3u c\u00e1c xu h\u01b0\u1edbng ph\u00e1t tri\u1ec3n m\u1edbi nh\u1ea5t v\u00e0 nhu c\u1ea7u c\u1ee7a kh\u00e1ch h\u00e0ng, cho ph\u00e9p h\u1ecd cung c\u1ea5p d\u1ecbch v\u1ee5 t\u01b0 v\u1ea5n s\u1ea3n ph\u1ea9m chuy\u00ean nghi\u1ec7p. Ch\u00fang t\u00f4i cam k\u1ebft h\u1ed7 tr\u1ee3 b\u1ea1n \u0111\u01b0a ra quy\u1ebft \u0111\u1ecbnh s\u00e1ng su\u1ed1t v\u00e0 l\u1ef1a ch\u1ecdn xi lanh th\u1ee7y l\u1ef1c ph\u00f9 h\u1ee3p v\u1edbi \u1ee9ng d\u1ee5ng c\u1ee7a b\u1ea1n.<\/p>\n<p>4. H\u1eadu c\u1ea7n hi\u1ec7u qu\u1ea3: Ch\u00fang t\u00f4i hi\u1ec3u t\u1ea7m quan tr\u1ecdng c\u1ee7a vi\u1ec7c giao h\u00e0ng \u0111\u00fang h\u1ea1n. V\u1edbi h\u1ec7 th\u1ed1ng ph\u00e2n ph\u1ed1i h\u1eadu c\u1ea7n hi\u1ec7u qu\u1ea3, ch\u00fang t\u00f4i \u0111\u1ea3m b\u1ea3o Xi lanh th\u1ee7y l\u1ef1c b\u1ea1n \u0111\u1eb7t h\u00e0ng s\u1ebd \u0111\u01b0\u1ee3c giao \u0111\u1ebfn tay b\u1ea1n nhanh ch\u00f3ng. Quy tr\u00ecnh giao h\u00e0ng \u0111\u00e1ng tin c\u1eady v\u00e0 ch\u00ednh x\u00e1c c\u1ee7a ch\u00fang t\u00f4i \u0111\u1ea3m b\u1ea3o b\u1ea1n nh\u1eadn \u0111\u01b0\u1ee3c c\u00e1c ph\u1ee5 t\u00f9ng c\u1ea7n thi\u1ebft \u0111\u00fang l\u00fac b\u1ea1n c\u1ea7n.<\/p>\n<p>5. Quan h\u1ec7 \u0111\u1ed1i t\u00e1c \u0111\u00e1ng tin c\u1eady: FMP \u0111\u00e3 thi\u1ebft l\u1eadp m\u1ed1i quan h\u1ec7 l\u00e2u d\u00e0i v\u00e0 \u1ed5n \u0111\u1ecbnh v\u1edbi c\u00e1c nh\u00e0 cung c\u1ea5p ch\u1ea5t l\u01b0\u1ee3ng cao trong v\u00e0 ngo\u00e0i n\u01b0\u1edbc. \u0110i\u1ec1u n\u00e0y cho ph\u00e9p ch\u00fang t\u00f4i ch\u1ec9 cung c\u1ea5p nh\u1eefng linh ki\u1ec7n t\u1ed1t nh\u1ea5t cho Xi lanh th\u1ee7y l\u1ef1c, \u0111\u1ea3m b\u1ea3o m\u1ecdi linh ki\u1ec7n \u0111\u1ec1u \u0111\u00e1p \u1ee9ng c\u00e1c ti\u00eau chu\u1ea9n ch\u1ea5t l\u01b0\u1ee3ng nghi\u00eam ng\u1eb7t. Ch\u00fang t\u00f4i \u01b0u ti\u00ean s\u1ef1 tin c\u1eady trong quan h\u1ec7 \u0111\u1ed1i t\u00e1c \u0111\u1ec3 mang \u0111\u1ebfn cho b\u1ea1n m\u1ee9c \u0111\u1ed9 h\u00e0i l\u00f2ng cao nh\u1ea5t.<\/p>\n<p>H\u00e3y ch\u1ecdn FMP cho nhu c\u1ea7u Xi lanh th\u1ee7y l\u1ef1c c\u1ee7a b\u1ea1n v\u00e0 tr\u1ea3i nghi\u1ec7m s\u1ef1 xu\u1ea5t s\u1eafc m\u00e0 ch\u00fang t\u00f4i mang l\u1ea1i. Li\u00ean h\u1ec7 v\u1edbi ch\u00fang t\u00f4i ngay h\u00f4m nay \u0111\u1ec3 th\u1ea3o lu\u1eadn v\u1ec1 nhu c\u1ea7u c\u1ee7a b\u1ea1n v\u00e0 b\u1eaft \u0111\u1ea7u m\u1ed9t s\u1ef1 h\u1ee3p t\u00e1c th\u00e0nh c\u00f4ng.<\/p>\n<p>T\u00e1c gi\u1ea3: CX<\/p>","protected":false},"excerpt":{"rendered":"<p>Factory Price Mini Hydraulic Cylinders Piston Mini Hydraulic Cylinders provide a cost-effective solution for various industrial applications. These hydraulic cylinders are compact, durable and offer high performance. The piston mini hydraulic cylinders are designed to generate linear force and motion from hydraulic fluid pressure. They are available in various sizes, stroke lengths, and bore diameters [&hellip;]<\/p>","protected":false},"featured_media":1336,"comment_status":"closed","ping_status":"closed","template":"","meta":{"_et_pb_use_builder":"","_et_pb_old_content":"","_et_gb_content_width":""},"product_brand":[],"product_cat":[39],"product_tag":[41,34],"class_list":{"0":"post-1341","1":"product","2":"type-product","3":"status-publish","4":"has-post-thumbnail","6":"product_cat-adjustable-clevis-type-cylinders","7":"product_tag-adjustable-clevis-type-cylinders","8":"product_tag-hydraulic-cylinder","10":"first","11":"instock","12":"product-type-simple"},"_links":{"self":[{"href":"https:\/\/fmp-components.com\/vi\/wp-json\/wp\/v2\/product\/1341","targetHints":{"allow":["GET"]}}],"collection":[{"href":"https:\/\/fmp-components.com\/vi\/wp-json\/wp\/v2\/product"}],"about":[{"href":"https:\/\/fmp-components.com\/vi\/wp-json\/wp\/v2\/types\/product"}],"replies":[{"embeddable":true,"href":"https:\/\/fmp-components.com\/vi\/wp-json\/wp\/v2\/comments?post=1341"}],"wp:featuredmedia":[{"embeddable":true,"href":"https:\/\/fmp-components.com\/vi\/wp-json\/wp\/v2\/media\/1336"}],"wp:attachment":[{"href":"https:\/\/fmp-components.com\/vi\/wp-json\/wp\/v2\/media?parent=1341"}],"wp:term":[{"taxonomy":"product_brand","embeddable":true,"href":"https:\/\/fmp-components.com\/vi\/wp-json\/wp\/v2\/product_brand?post=1341"},{"taxonomy":"product_cat","embeddable":true,"href":"https:\/\/fmp-components.com\/vi\/wp-json\/wp\/v2\/product_cat?post=1341"},{"taxonomy":"product_tag","embeddable":true,"href":"https:\/\/fmp-components.com\/vi\/wp-json\/wp\/v2\/product_tag?post=1341"}],"curies":[{"name":"wp","href":"https:\/\/api.w.org\/{rel}","templated":true}]}}