{"id":1030,"date":"2024-12-19T06:17:09","date_gmt":"2024-12-19T06:17:09","guid":{"rendered":"https:\/\/fmp-components.com\/product\/10022-factory-price-mini-double-acting-hydraulic-cylinder-for-trailer\/"},"modified":"2025-03-18T00:48:07","modified_gmt":"2025-03-18T00:48:07","slug":"10022-factory-price-mini-double-acting-hydraulic-cylinder-for-trailer","status":"publish","type":"product","link":"https:\/\/fmp-components.com\/vi\/product\/10022-factory-price-mini-double-acting-hydraulic-cylinder-for-trailer\/","title":{"rendered":"10022 Gi\u00e1 xu\u1ea5t x\u01b0\u1edfng Xi lanh th\u1ee7y l\u1ef1c t\u00e1c \u0111\u1ed9ng k\u00e9p mini cho r\u01a1 mo\u00f3c"},"content":{"rendered":"<h2>T\u00ean s\u1ea3n ph\u1ea9m: 10022 Gi\u00e1 xu\u1ea5t x\u01b0\u1edfng Xi lanh th\u1ee7y l\u1ef1c t\u00e1c \u0111\u1ed9ng k\u00e9p mini cho r\u01a1 mo\u00f3c<\/h2>\n<p>B\u1ea1n \u0111ang c\u1ea7n m\u1ed9t xi lanh th\u1ee7y l\u1ef1c \u0111\u00e1ng tin c\u1eady cho xe k\u00e9o c\u1ee7a m\u00ecnh? H\u00e3y t\u00ecm ngay Xi lanh th\u1ee7y l\u1ef1c t\u00e1c \u0111\u1ed9ng k\u00e9p mini 10022 gi\u00e1 g\u1ed1c c\u1ee7a ch\u00fang t\u00f4i. Xi lanh th\u1ee7y l\u1ef1c ch\u1ea5t l\u01b0\u1ee3ng cao n\u00e0y \u0111\u01b0\u1ee3c thi\u1ebft k\u1ebf \u0111\u1eb7c bi\u1ec7t \u0111\u1ec3 \u0111\u00e1p \u1ee9ng nhu c\u1ea7u c\u1ee7a c\u00e1c \u1ee9ng d\u1ee5ng xe k\u00e9o, mang l\u1ea1i hi\u1ec7u su\u1ea5t v\u00e0 \u0111\u1ed9 b\u1ec1n v\u01b0\u1ee3t tr\u1ed9i.<\/p>\n<p>C\u00e1c t\u00ednh n\u0103ng ch\u00ednh:<\/p>\n<p>1. Thi\u1ebft k\u1ebf nh\u1ecf g\u1ecdn: K\u00edch th\u01b0\u1edbc nh\u1ecf c\u1ee7a xi lanh th\u1ee7y l\u1ef1c n\u00e0y cho ph\u00e9p l\u1eafp \u0111\u1eb7t v\u00e0 t\u00edch h\u1ee3p d\u1ec5 d\u00e0ng v\u00e0o c\u00e1c lo\u1ea1i r\u01a1 mo\u00f3c c\u00f3 k\u00edch th\u01b0\u1edbc kh\u00e1c nhau.<\/p>\n<p>2. T\u00e1c \u0111\u1ed9ng k\u00e9p: Xi lanh th\u1ee7y l\u1ef1c n\u00e0y t\u00e1c \u0111\u1ed9ng k\u00e9p, ngh\u0129a l\u00e0 n\u00f3 c\u00f3 th\u1ec3 t\u00e1c d\u1ee5ng l\u1ef1c theo c\u1ea3 hai h\u01b0\u1edbng, cho ph\u00e9p v\u1eadn h\u00e0nh hi\u1ec7u qu\u1ea3 v\u00e0 t\u0103ng n\u0103ng su\u1ea5t.<\/p>\n<p>3. Gi\u00e1 xu\u1ea5t x\u01b0\u1edfng: Xi lanh th\u1ee7y l\u1ef1c 10022 c\u1ee7a ch\u00fang t\u00f4i \u0111\u01b0\u1ee3c b\u00e1n v\u1edbi gi\u00e1 xu\u1ea5t x\u01b0\u1edfng c\u1ea1nh tranh, \u0111\u1ea3m b\u1ea3o gi\u00e1 tr\u1ecb tuy\u1ec7t v\u1eddi cho kho\u1ea3n \u0111\u1ea7u t\u01b0 c\u1ee7a b\u1ea1n.<\/p>\n<p>4. K\u1ebft c\u1ea5u ch\u1eafc ch\u1eafn: \u0110\u01b0\u1ee3c ch\u1ebf t\u1ea1o \u0111\u1ec3 ch\u1ecbu \u0111\u01b0\u1ee3c c\u01b0\u1eddng \u0111\u1ed9 s\u1eed d\u1ee5ng cao, xi lanh th\u1ee7y l\u1ef1c n\u00e0y \u0111\u01b0\u1ee3c ch\u1ebf t\u1ea1o t\u1eeb v\u1eadt li\u1ec7u ch\u1ea5t l\u01b0\u1ee3ng cao, \u0111\u1ea3m b\u1ea3o \u0111\u1ed9 b\u1ec1n v\u00e0 \u0111\u1ed9 tin c\u1eady l\u00e2u d\u00e0i.<\/p>\n<p>5. Ho\u1ea1t \u0111\u1ed9ng tr\u01a1n tru: Thi\u1ebft k\u1ebf ch\u00ednh x\u00e1c c\u1ee7a xi lanh th\u1ee7y l\u1ef1c n\u00e0y \u0111\u1ea3m b\u1ea3o ho\u1ea1t \u0111\u1ed9ng tr\u01a1n tru v\u00e0 li\u1ec1n m\u1ea1ch, gi\u1ea3m thi\u1ec3u ma s\u00e1t v\u00e0 m\u00e0i m\u00f2n.<\/p>\n<p>6. \u1ee8ng d\u1ee5ng \u0111a n\u0103ng: Cho d\u00f9 b\u1ea1n c\u1ea7n n\u00e2ng, h\u1ea1, nghi\u00eang hay \u1ed5n \u0111\u1ecbnh r\u01a1 mo\u00f3c, xi lanh th\u1ee7y l\u1ef1c n\u00e0y \u0111\u01b0\u1ee3c thi\u1ebft k\u1ebf \u0111\u1ec3 x\u1eed l\u00fd nhi\u1ec1u \u1ee9ng d\u1ee5ng kh\u00e1c nhau m\u1ed9t c\u00e1ch d\u1ec5 d\u00e0ng.<\/p>\n<p>7. D\u1ec5 b\u1ea3o tr\u00ec: V\u1edbi thi\u1ebft k\u1ebf th\u00e2n thi\u1ec7n v\u1edbi ng\u01b0\u1eddi d\u00f9ng, xi lanh th\u1ee7y l\u1ef1c n\u00e0y d\u1ec5 b\u1ea3o tr\u00ec, gi\u00fap b\u1ea1n ti\u1ebft ki\u1ec7m th\u1eddi gian v\u00e0 c\u00f4ng s\u1ee9c v\u1ec1 l\u00e2u d\u00e0i.<\/p>\n<p><img loading=\"lazy\" decoding=\"async\" class=\"alignnone size-full wp-image-1073\" src=\"https:\/\/fmp-components.com\/wp-content\/uploads\/2024\/12\/Welded-Clevis-Type-Cylinder2.webp\" alt=\"Xi lanh lo\u1ea1i Clevis h\u00e0n\" width=\"800\" height=\"800\" title=\"\" srcset=\"https:\/\/fmp-components.com\/wp-content\/uploads\/2024\/12\/Welded-Clevis-Type-Cylinder2.webp 800w, https:\/\/fmp-components.com\/wp-content\/uploads\/2024\/12\/Welded-Clevis-Type-Cylinder2-480x480.webp 480w\" sizes=\"(min-width: 0px) and (max-width: 480px) 480px, (min-width: 481px) 800px, 100vw\" \/><\/p>\n<p>Th\u00f4ng s\u1ed1 k\u1ef9 thu\u1eadt:<\/p>\n<p>\u2013 \u0110\u01b0\u1eddng k\u00ednh l\u1ed7 khoan: [Ch\u1ec9 \u0111\u1ecbnh \u0111\u01b0\u1eddng k\u00ednh l\u1ed7 khoan]<br \/>\n\u2013 \u0110\u1ed9 d\u00e0i n\u00e9t v\u1ebd: [Ch\u1ec9 \u0111\u1ecbnh \u0111\u1ed9 d\u00e0i n\u00e9t v\u1ebd]<br \/>\n\u2013 \u00c1p su\u1ea5t t\u1ed1i \u0111a: [Ch\u1ec9 \u0111\u1ecbnh \u00e1p su\u1ea5t t\u1ed1i \u0111a]<br \/>\n\u2013 Ki\u1ec3u l\u1eafp: [Ch\u1ec9 \u0111\u1ecbnh ki\u1ec3u l\u1eafp]<br \/>\n\u2013 \u0110\u01b0\u1eddng k\u00ednh thanh piston: [Ch\u1ec9 \u0111\u1ecbnh \u0111\u01b0\u1eddng k\u00ednh thanh piston]<br \/>\n\u2013 Ph\u1ea1m vi nhi\u1ec7t \u0111\u1ed9 ho\u1ea1t \u0111\u1ed9ng: [Ch\u1ec9 \u0111\u1ecbnh ph\u1ea1m vi nhi\u1ec7t \u0111\u1ed9 ho\u1ea1t \u0111\u1ed9ng]<\/p>\n<p>Xi lanh th\u1ee7y l\u1ef1c t\u00e1c \u0111\u1ed9ng k\u00e9p mini 10022 gi\u00e1 xu\u1ea5t x\u01b0\u1edfng cho xe k\u00e9o l\u00e0 l\u1ef1a ch\u1ecdn ho\u00e0n h\u1ea3o cho b\u1ea5t k\u1ef3 ai c\u1ea7n m\u1ed9t xi lanh th\u1ee7y l\u1ef1c \u0111\u00e1ng tin c\u1eady v\u00e0 hi\u1ec7u qu\u1ea3. V\u1edbi thi\u1ebft k\u1ebf nh\u1ecf g\u1ecdn, ch\u1ee9c n\u0103ng t\u00e1c \u0111\u1ed9ng k\u00e9p v\u00e0 gi\u00e1 xu\u1ea5t x\u01b0\u1edfng c\u1ea1nh tranh, xi lanh th\u1ee7y l\u1ef1c n\u00e0y mang l\u1ea1i hi\u1ec7u su\u1ea5t v\u00e0 \u0111\u1ed9 b\u1ec1n v\u01b0\u1ee3t tr\u1ed9i. H\u00e3y \u0111\u1ea7u t\u01b0 v\u00e0o xi lanh th\u1ee7y l\u1ef1c n\u00e0y ngay h\u00f4m nay v\u00e0 tr\u1ea3i nghi\u1ec7m n\u0103ng su\u1ea5t v\u00e0 \u0111\u1ed9 tin c\u1eady \u0111\u01b0\u1ee3c c\u1ea3i thi\u1ec7n cho c\u00e1c \u1ee9ng d\u1ee5ng xe k\u00e9o c\u1ee7a b\u1ea1n.<\/p>\n<p><img decoding=\"async\" src=\"https:\/\/hzpt.com\/wp-content\/uploads\/2023\/12\/insert-1.webp\" alt=\"\" title=\"\"><\/p>\n<h2>\u01afu \u0111i\u1ec3m c\u1ee7a xi lanh lo\u1ea1i ch\u1ed1t h\u00e0n<\/h2>\n<p>Xi lanh ki\u1ec3u ch\u1ed1t h\u00e0n l\u00e0 l\u1ef1a ch\u1ecdn ph\u1ed5 bi\u1ebfn cho nhi\u1ec1u \u1ee9ng d\u1ee5ng c\u00f4ng nghi\u1ec7p nh\u1edd nh\u1eefng \u01b0u \u0111i\u1ec3m v\u00e0 l\u1ee3i \u00edch \u0111\u1ed9c \u0111\u00e1o c\u1ee7a ch\u00fang. D\u01b0\u1edbi \u0111\u00e2y l\u00e0 m\u1ed9t s\u1ed1 \u01b0u \u0111i\u1ec3m ch\u00ednh c\u1ee7a xi lanh ki\u1ec3u ch\u1ed1t h\u00e0n:<\/p>\n<h3>1. T\u0103ng c\u01b0\u1eddng s\u1ee9c m\u1ea1nh v\u00e0 \u0111\u1ed9 b\u1ec1n<\/h3>\n<p>Xi lanh lo\u1ea1i ch\u1ed1t h\u00e0n \u0111\u01b0\u1ee3c ch\u1ebf t\u1ea1o v\u1edbi n\u1eafp \u0111\u1ea7u h\u00e0n, gi\u00fap t\u0103ng c\u01b0\u1eddng \u0111\u1ed9 b\u1ec1n v\u00e0 kh\u1ea3 n\u0103ng ch\u1ecbu l\u1ef1c so v\u1edbi c\u00e1c lo\u1ea1i xi lanh kh\u00e1c. \u0110i\u1ec1u n\u00e0y l\u00e0m cho ch\u00fang tr\u1edf n\u00ean l\u00fd t\u01b0\u1edfng cho c\u00e1c \u1ee9ng d\u1ee5ng h\u1ea1ng n\u1eb7ng \u0111\u00f2i h\u1ecfi \u0111\u1ed9 b\u1ec1n v\u00e0 kh\u1ea3 n\u0103ng ch\u1ecbu l\u1ef1c cao.<\/p>\n<p>Ngo\u00e0i ra, thi\u1ebft k\u1ebf h\u00e0n c\u1ee7a c\u00e1c xi lanh n\u00e0y c\u00f3 ngh\u0129a l\u00e0 ch\u00fang \u00edt c\u00f3 kh\u1ea3 n\u0103ng b\u1ecb r\u00f2 r\u1ec9 ho\u1eb7c h\u1ecfng h\u00f3c, \u0111i\u1ec1u n\u00e0y c\u00f3 th\u1ec3 gi\u00fap gi\u1ea3m th\u1eddi gian ch\u1ebft m\u00e1y v\u00e0 chi ph\u00ed b\u1ea3o tr\u00ec.<\/p>\n<h3>2. Kh\u1ea3 n\u0103ng ch\u1ecbu \u00e1p l\u1ef1c cao<\/h3>\n<p>Xi lanh ki\u1ec3u ch\u1ed1t h\u00e0n c\u0169ng c\u00f3 kh\u1ea3 n\u0103ng ch\u1ecbu \u0111\u01b0\u1ee3c \u00e1p su\u1ea5t cao, khi\u1ebfn ch\u00fang tr\u1edf th\u00e0nh l\u1ef1a ch\u1ecdn ph\u1ed5 bi\u1ebfn trong c\u00e1c ng\u00e0nh c\u00f4ng nghi\u1ec7p nh\u01b0 x\u00e2y d\u1ef1ng, khai th\u00e1c m\u1ecf v\u00e0 d\u1ea7u kh\u00ed. Kh\u1ea3 n\u0103ng ch\u1ecbu \u00e1p su\u1ea5t cao c\u1ee7a ch\u00fang \u0111\u1ea3m b\u1ea3o hi\u1ec7u su\u1ea5t \u0111\u00e1ng tin c\u1eady trong nh\u1eefng m\u00f4i tr\u01b0\u1eddng kh\u1eafc nghi\u1ec7t.<\/p>\n<h3>3. Thi\u1ebft k\u1ebf c\u00f3 th\u1ec3 t\u00f9y ch\u1ec9nh<\/h3>\n<p>Xi lanh ki\u1ec3u ch\u1ed1t h\u00e0n c\u00f3 th\u1ec3 \u0111\u01b0\u1ee3c thi\u1ebft k\u1ebf ri\u00eang \u0111\u1ec3 \u0111\u00e1p \u1ee9ng nhu c\u1ea7u c\u1ee5 th\u1ec3 c\u1ee7a t\u1eebng \u1ee9ng d\u1ee5ng. \u0110i\u1ec1u n\u00e0y c\u00f3 ngh\u0129a l\u00e0 ch\u00fang c\u00f3 th\u1ec3 \u0111\u01b0\u1ee3c \u0111i\u1ec1u ch\u1ec9nh \u0111\u1ec3 ph\u00f9 h\u1ee3p v\u1edbi k\u00edch th\u01b0\u1edbc, h\u00ecnh d\u1ea1ng ho\u1eb7c y\u00eau c\u1ea7u hi\u1ec7u su\u1ea5t c\u1ee5 th\u1ec3. Thi\u1ebft k\u1ebf t\u00f9y ch\u1ec9nh c\u0169ng cho ph\u00e9p linh ho\u1ea1t h\u01a1n trong quy tr\u00ecnh s\u1ea3n xu\u1ea5t, t\u1eeb \u0111\u00f3 ti\u1ebft ki\u1ec7m chi ph\u00ed.<\/p>\n<h3>4. D\u1ec5 d\u00e0ng c\u00e0i \u0111\u1eb7t<\/h3>\n<p>Xi lanh lo\u1ea1i ch\u1ed1t h\u00e0n \u0111\u01b0\u1ee3c thi\u1ebft k\u1ebf \u0111\u1ec3 l\u1eafp \u0111\u1eb7t d\u1ec5 d\u00e0ng, gi\u00fap gi\u1ea3m th\u1eddi gian l\u1eafp \u0111\u1eb7t v\u00e0 chi ph\u00ed nh\u00e2n c\u00f4ng. Ch\u00fang th\u01b0\u1eddng \u0111\u01b0\u1ee3c l\u1eafp r\u00e1p s\u1eb5n v\u00e0 s\u1eb5n s\u00e0ng s\u1eed d\u1ee5ng ngay khi m\u1edf h\u1ed9p, gi\u00fap gi\u1ea3m thi\u1ec3u nhu c\u1ea7u v\u1ec1 c\u00e1c b\u1ed9 ph\u1eadn ho\u1eb7c linh ki\u1ec7n b\u1ed5 sung.<\/p>\n<h3>5. C\u1ea3i thi\u1ec7n hi\u1ec7u su\u1ea5t<\/h3>\n<p>Thi\u1ebft k\u1ebf c\u1ee7a xi lanh ki\u1ec3u ch\u1ed1t h\u00e0n cho ph\u00e9p c\u1ea3i thi\u1ec7n hi\u1ec7u su\u1ea5t so v\u1edbi c\u00e1c lo\u1ea1i xi lanh kh\u00e1c. Ch\u00fang c\u00f3 th\u1ec3 t\u1ea1o ra l\u1ef1c l\u1edbn h\u01a1n tr\u00ean m\u1ed7i \u0111\u01a1n v\u1ecb \u00e1p su\u1ea5t, gi\u00fap c\u1ea3i thi\u1ec7n hi\u1ec7u qu\u1ea3 v\u00e0 n\u0103ng su\u1ea5t trong c\u00e1c \u1ee9ng d\u1ee5ng c\u00f4ng nghi\u1ec7p.<\/p>\n<p>Nh\u00ecn chung, xi lanh ki\u1ec3u ch\u1ed1t h\u00e0n mang l\u1ea1i nhi\u1ec1u \u01b0u \u0111i\u1ec3m v\u00e0 l\u1ee3i \u00edch khi\u1ebfn ch\u00fang tr\u1edf th\u00e0nh l\u1ef1a ch\u1ecdn ph\u1ed5 bi\u1ebfn cho nhi\u1ec1u \u1ee9ng d\u1ee5ng c\u00f4ng nghi\u1ec7p. \u0110\u1ed9 b\u1ec1n v\u00e0 \u0111\u1ed9 c\u1ee9ng cao, kh\u1ea3 n\u0103ng ch\u1ecbu \u00e1p su\u1ea5t cao, thi\u1ebft k\u1ebf t\u00f9y ch\u1ec9nh, l\u1eafp \u0111\u1eb7t d\u1ec5 d\u00e0ng v\u00e0 hi\u1ec7u su\u1ea5t \u0111\u01b0\u1ee3c c\u1ea3i thi\u1ec7n khi\u1ebfn ch\u00fang tr\u1edf th\u00e0nh l\u1ef1a ch\u1ecdn l\u00fd t\u01b0\u1edfng cho c\u00e1c m\u00f4i tr\u01b0\u1eddng kh\u1eafc nghi\u1ec7t, n\u01a1i \u0111\u1ed9 tin c\u1eady v\u00e0 hi\u1ec7u su\u1ea5t l\u00e0 y\u1ebfu t\u1ed1 then ch\u1ed1t.<\/p>\n<p><img decoding=\"async\" src=\"https:\/\/hzpt.com\/wp-content\/uploads\/2023\/12\/insert-2.webp\" alt=\"\" title=\"\"><\/p>\n<h2>\u1ee8ng d\u1ee5ng c\u1ee7a xi lanh lo\u1ea1i ch\u1ed1t h\u00e0n<\/h2>\n<ul>\n<li><strong>M\u00e1y m\u00f3c c\u00f4ng nghi\u1ec7p:<\/strong> Xi lanh ki\u1ec3u ch\u1ed1t h\u00e0n \u0111\u01b0\u1ee3c s\u1eed d\u1ee5ng r\u1ed9ng r\u00e3i trong nhi\u1ec1u lo\u1ea1i m\u00e1y m\u00f3c c\u00f4ng nghi\u1ec7p cho c\u00e1c \u1ee9ng d\u1ee5ng h\u1ea1ng n\u1eb7ng. Nh\u1eefng xi lanh n\u00e0y c\u00f3 kh\u1ea3 n\u0103ng t\u1ea1o ra l\u1ef1c \u0111\u1ea9y l\u1edbn \u0111\u1ec3 n\u00e2ng v\u00e0 \u00e9p c\u00e1c chi ti\u1ebft trong m\u00e1y m\u00f3c. Thi\u1ebft k\u1ebf ch\u1ed1t h\u00e0n cho ph\u00e9p l\u1eafp \u0111\u1eb7t d\u1ec5 d\u00e0ng v\u00e0 v\u1eadn h\u00e0nh hi\u1ec7u qu\u1ea3, khi\u1ebfn ch\u00fang tr\u1edf th\u00e0nh l\u1ef1a ch\u1ecdn ph\u1ed5 bi\u1ebfn cho c\u00e1c nh\u00e0 s\u1ea3n xu\u1ea5t.\n<ul>\n<li>Trong ng\u00e0nh s\u1ea3n xu\u1ea5t, Xi lanh lo\u1ea1i ch\u1ed1t h\u00e0n \u0111\u01b0\u1ee3c s\u1eed d\u1ee5ng trong m\u00e1y \u00e9p th\u1ee7y l\u1ef1c, m\u00e1y \u00e9p phun v\u00e0 thi\u1ebft b\u1ecb d\u1eadp kim lo\u1ea1i \u0111\u1ec3 cung c\u1ea5p l\u1ef1c c\u1ea7n thi\u1ebft cho vi\u1ec7c t\u1ea1o h\u00ecnh v\u00e0 \u0111\u1ecbnh h\u00ecnh c\u00e1c t\u1ea5m kim lo\u1ea1i.<\/li>\n<li>Trong ng\u00e0nh c\u00f4ng nghi\u1ec7p \u00f4 t\u00f4, c\u00e1c xi lanh n\u00e0y \u0111\u01b0\u1ee3c s\u1eed d\u1ee5ng trong k\u00edch n\u00e2ng \u00f4 t\u00f4, thang n\u00e2ng v\u00e0 m\u00e1y l\u1eafp r\u00e1p \u0111\u1ec3 n\u00e2ng c\u00e1c b\u1ed9 ph\u1eadn n\u1eb7ng trong qu\u00e1 tr\u00ecnh s\u1ea3n xu\u1ea5t.<\/li>\n<li>Trong ng\u00e0nh x\u00e2y d\u1ef1ng, Xi lanh lo\u1ea1i ch\u1ed1t h\u00e0n \u0111\u01b0\u1ee3c s\u1eed d\u1ee5ng trong c\u1ea7n c\u1ea9u, m\u00e1y \u0111\u00e0o v\u00e0 m\u00e1y \u1ee7i \u0111\u1ec3 cung c\u1ea5p n\u0103ng l\u01b0\u1ee3ng cho h\u1ec7 th\u1ed1ng th\u1ee7y l\u1ef1c n\u00e2ng v\u00e0 di chuy\u1ec3n c\u00e1c v\u1eadt n\u1eb7ng.<\/li>\n<\/ul>\n<\/li>\n<li><strong>M\u00e1y m\u00f3c n\u00f4ng nghi\u1ec7p:<\/strong> M\u00e1y m\u00f3c n\u00f4ng nghi\u1ec7p l\u00e0 m\u1ed9t trong nh\u1eefng l\u0129nh v\u1ef1c quan tr\u1ecdng nh\u1ea5t s\u1eed d\u1ee5ng xi lanh ki\u1ec3u ch\u1ed1t h\u00e0n. C\u00e1c xi lanh n\u00e0y \u0111\u01b0\u1ee3c s\u1eed d\u1ee5ng trong nhi\u1ec1u lo\u1ea1i m\u00e1y m\u00f3c n\u00f4ng nghi\u1ec7p, bao g\u1ed3m m\u00e1y k\u00e9o, m\u00e1y g\u1eb7t v\u00e0 m\u00e1y c\u00e0y, \u0111\u1ec3 cung c\u1ea5p l\u1ef1c c\u1ea7n thi\u1ebft cho vi\u1ec7c l\u00e0m \u0111\u1ea5t, tr\u1ed3ng tr\u1ecdt v\u00e0 thu ho\u1ea1ch.\n<ul>\n<li>Trong ng\u00e0nh n\u00f4ng nghi\u1ec7p, Xi lanh lo\u1ea1i ch\u1ed1t h\u00e0n \u0111\u01b0\u1ee3c s\u1eed d\u1ee5ng trong m\u00e1y c\u00e0y, m\u00e1y x\u1edbi \u0111\u1ea5t v\u00e0 m\u00e1y gieo h\u1ea1t \u0111\u1ec3 cung c\u1ea5p l\u1ef1c c\u1ea7n thi\u1ebft cho vi\u1ec7c chu\u1ea9n b\u1ecb \u0111\u1ea5t v\u00e0 gieo h\u1ea1t.<\/li>\n<li>Trong ng\u00e0nh thu ho\u1ea1ch, c\u00e1c xi lanh n\u00e0y \u0111\u01b0\u1ee3c s\u1eed d\u1ee5ng trong m\u00e1y thu ho\u1ea1ch, m\u00e1y \u0111\u00f3ng ki\u1ec7n v\u00e0 m\u00e1y c\u1eaft c\u1ecf \u0111\u1ec3 cung c\u1ea5p n\u0103ng l\u01b0\u1ee3ng cho h\u1ec7 th\u1ed1ng th\u1ee7y l\u1ef1c thu th\u1eadp v\u00e0 v\u1eadn chuy\u1ec3n c\u00e2y tr\u1ed3ng.<\/li>\n<\/ul>\n<\/li>\n<li><strong>H\u00e0ng kh\u00f4ng v\u0169 tr\u1ee5 v\u00e0 Qu\u1ed1c ph\u00f2ng:<\/strong> Xi lanh lo\u1ea1i ch\u1ed1t h\u00e0n c\u0169ng \u0111\u01b0\u1ee3c s\u1eed d\u1ee5ng trong ng\u00e0nh h\u00e0ng kh\u00f4ng v\u0169 tr\u1ee5 v\u00e0 qu\u1ed1c ph\u00f2ng, n\u01a1i ch\u00fang \u0111\u01b0\u1ee3c s\u1eed d\u1ee5ng trong nhi\u1ec1u \u1ee9ng d\u1ee5ng cho m\u00e1y bay, t\u00ean l\u1eeda, h\u1ecfa ti\u1ec5n v\u00e0 h\u1ec7 th\u1ed1ng ph\u00f2ng th\u1ee7.\n<ul>\n<li>Trong ng\u00e0nh h\u00e0ng kh\u00f4ng v\u0169 tr\u1ee5, Xi lanh lo\u1ea1i ch\u1ed1t h\u00e0n \u0111\u01b0\u1ee3c s\u1eed d\u1ee5ng trong b\u00e1nh \u0111\u00e1p, c\u00e1nh t\u00e0 v\u00e0 phanh c\u1ee7a m\u00e1y bay \u0111\u1ec3 cung c\u1ea5p l\u1ef1c c\u1ea7n thi\u1ebft cho qu\u00e1 tr\u00ecnh c\u1ea5t c\u00e1nh v\u00e0 h\u1ea1 c\u00e1nh.<\/li>\n<li>Trong ng\u00e0nh c\u00f4ng nghi\u1ec7p qu\u1ed1c ph\u00f2ng, c\u00e1c xi lanh n\u00e0y \u0111\u01b0\u1ee3c s\u1eed d\u1ee5ng trong b\u1ec7 ph\u00f3ng t\u00ean l\u1eeda, th\u00e1p ph\u00e1o v\u00e0 h\u1ec7 th\u1ed1ng xe t\u0103ng \u0111\u1ec3 cung c\u1ea5p n\u0103ng l\u01b0\u1ee3ng cho h\u1ec7 th\u1ed1ng th\u1ee7y l\u1ef1c \u0111i\u1ec1u khi\u1ec3n chuy\u1ec3n \u0111\u1ed9ng c\u1ee7a v\u0169 kh\u00ed v\u00e0 \u0111\u1ea1n d\u01b0\u1ee3c.<\/li>\n<\/ul>\n<\/li>\n<li><strong>Ng\u00e0nh h\u00e0ng h\u1ea3i:<\/strong> Xi lanh lo\u1ea1i ch\u1ed1t h\u00e0n c\u0169ng \u0111\u01b0\u1ee3c s\u1eed d\u1ee5ng r\u1ed9ng r\u00e3i trong ng\u00e0nh h\u00e0ng h\u1ea3i, n\u01a1i ch\u00fang \u0111\u01b0\u1ee3c s\u1eed d\u1ee5ng cho nhi\u1ec1u \u1ee9ng d\u1ee5ng kh\u00e1c nhau tr\u00ean t\u00e0u, thuy\u1ec1n v\u00e0 ph\u01b0\u01a1ng ti\u1ec7n d\u01b0\u1edbi n\u01b0\u1edbc.\n<ul>\n<li>Trong ng\u00e0nh v\u1eadn chuy\u1ec3n, Xi lanh lo\u1ea1i ch\u1ed1t h\u00e0n \u0111\u01b0\u1ee3c s\u1eed d\u1ee5ng trong c\u1ea7n c\u1ea9u, t\u1eddi v\u00e0 thi\u1ebft b\u1ecb x\u1eed l\u00fd h\u00e0ng h\u00f3a \u0111\u1ec3 cung c\u1ea5p l\u1ef1c c\u1ea7n thi\u1ebft cho vi\u1ec7c x\u1ebfp d\u1ee1 h\u00e0ng h\u00f3a.<\/li>\n<li>Trong ng\u00e0nh c\u00f4ng nghi\u1ec7p \u0111\u00f3ng t\u00e0u, c\u00e1c xi lanh n\u00e0y \u0111\u01b0\u1ee3c s\u1eed d\u1ee5ng trong h\u1ec7 th\u1ed1ng l\u00e1i, ch\u00e2n v\u1ecbt v\u00e0 h\u1ec7 th\u1ed1ng neo \u0111\u1ec3 cung c\u1ea5p l\u1ef1c c\u1ea7n thi\u1ebft \u0111\u1ec3 ki\u1ec3m so\u00e1t chuy\u1ec3n \u0111\u1ed9ng c\u1ee7a thuy\u1ec1n v\u00e0 t\u00e0u.<\/li>\n<li>Trong ng\u00e0nh c\u00f4ng nghi\u1ec7p ph\u01b0\u01a1ng ti\u1ec7n d\u01b0\u1edbi n\u01b0\u1edbc, Xi lanh lo\u1ea1i ch\u1ed1t h\u00e0n \u0111\u01b0\u1ee3c s\u1eed d\u1ee5ng trong t\u00e0u l\u1eb7n, ph\u01b0\u01a1ng ti\u1ec7n \u0111i\u1ec1u khi\u1ec3n t\u1eeb xa (ROV) v\u00e0 thi\u1ebft b\u1ecb l\u1eb7n \u0111\u1ec3 cung c\u1ea5p l\u1ef1c c\u1ea7n thi\u1ebft cho c\u00e1c ho\u1ea1t \u0111\u1ed9ng d\u01b0\u1edbi n\u01b0\u1edbc.<\/li>\n<\/ul>\n<\/li>\n<li><strong>Ng\u00e0nh khai th\u00e1c m\u1ecf:<\/strong> Xi lanh lo\u1ea1i ch\u1ed1t h\u00e0n c\u0169ng \u0111\u01b0\u1ee3c s\u1eed d\u1ee5ng trong ng\u00e0nh khai th\u00e1c m\u1ecf, n\u01a1i ch\u00fang \u0111\u01b0\u1ee3c s\u1eed d\u1ee5ng trong nhi\u1ec1u \u1ee9ng d\u1ee5ng kh\u00e1c nhau \u0111\u1ec3 khai th\u00e1c kho\u00e1ng s\u1ea3n v\u00e0 x\u1eed l\u00fd v\u1eadt li\u1ec7u.\n<ul>\n<li>Trong ng\u00e0nh khai th\u00e1c m\u1ecf, Xi lanh lo\u1ea1i ch\u1ed1t h\u00e0n \u0111\u01b0\u1ee3c s\u1eed d\u1ee5ng trong h\u1ec7 th\u1ed1ng b\u0103ng t\u1ea3i, m\u00e1y khoan v\u00e0 m\u00e1y x\u00fac th\u1ee7y l\u1ef1c \u0111\u1ec3 cung c\u1ea5p l\u1ef1c c\u1ea7n thi\u1ebft \u0111\u1ec3 khai th\u00e1c kho\u00e1ng s\u1ea3n v\u00e0 v\u1eadt li\u1ec7u t\u1eeb c\u00e1c m\u1ecf v\u00e0 \u0111\u00e1.<\/li>\n<\/ul>\n<\/li>\n<\/ul>\n<h2>Gi\u1edbi thi\u1ec7u v\u1ec1 FMP<\/h2>\n<p>FMP n\u1ed5i ti\u1ebfng v\u1edbi c\u00e1c s\u1ea3n ph\u1ea9m ch\u1ea5t l\u01b0\u1ee3ng cao, gi\u00e1 c\u1ea3 c\u1ea1nh tranh v\u00e0 d\u1ecbch v\u1ee5 xu\u1ea5t s\u1eafc. Ch\u00fang t\u00f4i cung c\u1ea5p \u0111a d\u1ea1ng c\u00e1c lo\u1ea1i xi lanh th\u1ee7y l\u1ef1c cho c\u00e1c \u1ee9ng d\u1ee5ng kh\u00e1c nhau, bao g\u1ed3m xi lanh cho gi\u00e0n khoan tr\u00ean cao, xi lanh th\u1ee7y l\u1ef1c cho xe c\u00f4ng nghi\u1ec7p, xi lanh cho gi\u00e0n khoan quay, xi lanh cho c\u1ea7n c\u1ea9u xe t\u1ea3i, xi lanh th\u1ee7y l\u1ef1c cho m\u00e1y m\u00f3c x\u00e2y d\u1ef1ng, xi lanh th\u1ee7y l\u1ef1c cho xe n\u00e2ng, xi lanh cho xe ben m\u1ecf v\u00e0 xi lanh th\u1ee7y l\u1ef1c cho m\u00e1y m\u00f3c v\u1ec7 sinh. Ch\u00fang t\u00f4i c\u0169ng cung c\u1ea5p c\u00e1c t\u00f9y ch\u1ecdn t\u00f9y ch\u1ec9nh d\u1ef1a tr\u00ean thi\u1ebft k\u1ebf v\u00e0 m\u1eabu c\u00f3 s\u1eb5n.<\/p>\n<p><img decoding=\"async\" src=\"https:\/\/hzpt.com\/wp-content\/uploads\/2023\/12\/insert-5.webp\" alt=\"Nh\u00e0 m\u00e1y FMP\" title=\"\"><\/p>\n<h2>C\u00e2u h\u1ecfi th\u01b0\u1eddng g\u1eb7p<\/h2>\n<dl>\n<dt>H: Kh\u1ea3 n\u0103ng ch\u1ecbu t\u1ea3i c\u1ee7a Xi lanh th\u1ee7y l\u1ef1c t\u00e1c \u0111\u1ed9ng k\u00e9p Mini l\u00e0 bao nhi\u00eau?<\/dt>\n<dd>A: Kh\u1ea3 n\u0103ng ch\u1ecbu t\u1ea3i cao v\u00e0 ph\u00f9 h\u1ee3p v\u1edbi c\u00e1c lo\u1ea1i xe k\u00e9o h\u1ea1ng n\u1eb7ng.<\/dd>\n<dt>H: K\u00edch th\u01b0\u1edbc c\u1ee7a xi lanh th\u1ee7y l\u1ef1c n\u00e0y l\u00e0 bao nhi\u00eau?<\/dt>\n<dd>A: K\u00edch th\u01b0\u1edbc c\u00f3 th\u1ec3 \u0111\u01b0\u1ee3c t\u00f9y ch\u1ec9nh theo y\u00eau c\u1ea7u c\u1ee7a b\u1ea1n.<\/dd>\n<dt>H: Xi lanh th\u1ee7y l\u1ef1c ho\u1ea1t \u0111\u1ed9ng nh\u01b0 th\u1ebf n\u00e0o?<\/dt>\n<dd>A: N\u00f3 ho\u1ea1t \u0111\u1ed9ng d\u1ef1a tr\u00ean nguy\u00ean l\u00fd ch\u00eanh l\u1ec7ch \u00e1p su\u1ea5t s\u1eed d\u1ee5ng d\u1ea7u th\u1ee7y l\u1ef1c \u0111\u1ec3 t\u1ea1o l\u1ef1c.<\/dd>\n<dt>H: FMP n\u1eb1m \u1edf \u0111\u00e2u?<\/dt>\n<dd>A: FMP c\u00f3 tr\u1ee5 s\u1edf t\u1ea1i \u00dd.<\/dd>\n<dt>Q: T\u00f4i c\u00f3 th\u1ec3 t\u00f9y ch\u1ec9nh xi lanh th\u1ee7y l\u1ef1c c\u1ee7a m\u00ecnh kh\u00f4ng?<\/dt>\n<dd>A: C\u00f3, FMP cung c\u1ea5p c\u00e1c t\u00f9y ch\u1ecdn t\u00f9y ch\u1ec9nh d\u1ef1a tr\u00ean c\u00e1c thi\u1ebft k\u1ebf v\u00e0 m\u1eabu \u0111\u01b0\u1ee3c cung c\u1ea5p.<\/dd>\n<\/dl>\n<p>T\u00e1c gi\u1ea3: CX<\/p>","protected":false},"excerpt":{"rendered":"<p>Product Name: 10022 Factory Price Mini Double Acting Hydraulic Cylinder for Trailer Are you in need of a reliable hydraulic cylinder for your trailer? Look no further than our 10022 Factory Price Mini Double Acting Hydraulic Cylinder. This high-quality hydraulic cylinder is specifically designed to meet the demands of trailer applications, providing exceptional performance and [&hellip;]<\/p>","protected":false},"featured_media":1127,"comment_status":"closed","ping_status":"closed","template":"","meta":{"_et_pb_use_builder":"","_et_pb_old_content":"","_et_gb_content_width":""},"product_brand":[],"product_cat":[36],"product_tag":[34,38],"class_list":{"0":"post-1030","1":"product","2":"type-product","3":"status-publish","4":"has-post-thumbnail","6":"product_cat-welded-clevis-type-cylinder","7":"product_tag-hydraulic-cylinder","8":"product_tag-welded-clevis-type-cylinder","10":"first","11":"instock","12":"product-type-simple"},"_links":{"self":[{"href":"https:\/\/fmp-components.com\/vi\/wp-json\/wp\/v2\/product\/1030","targetHints":{"allow":["GET"]}}],"collection":[{"href":"https:\/\/fmp-components.com\/vi\/wp-json\/wp\/v2\/product"}],"about":[{"href":"https:\/\/fmp-components.com\/vi\/wp-json\/wp\/v2\/types\/product"}],"replies":[{"embeddable":true,"href":"https:\/\/fmp-components.com\/vi\/wp-json\/wp\/v2\/comments?post=1030"}],"wp:featuredmedia":[{"embeddable":true,"href":"https:\/\/fmp-components.com\/vi\/wp-json\/wp\/v2\/media\/1127"}],"wp:attachment":[{"href":"https:\/\/fmp-components.com\/vi\/wp-json\/wp\/v2\/media?parent=1030"}],"wp:term":[{"taxonomy":"product_brand","embeddable":true,"href":"https:\/\/fmp-components.com\/vi\/wp-json\/wp\/v2\/product_brand?post=1030"},{"taxonomy":"product_cat","embeddable":true,"href":"https:\/\/fmp-components.com\/vi\/wp-json\/wp\/v2\/product_cat?post=1030"},{"taxonomy":"product_tag","embeddable":true,"href":"https:\/\/fmp-components.com\/vi\/wp-json\/wp\/v2\/product_tag?post=1030"}],"curies":[{"name":"wp","href":"https:\/\/api.w.org\/{rel}","templated":true}]}}