{"id":1026,"date":"2024-12-19T06:16:24","date_gmt":"2024-12-19T06:16:24","guid":{"rendered":"https:\/\/fmp-components.com\/product\/10018-low-price-double-acting-welded-hydraulic-cylinder-for-agricultural\/"},"modified":"2024-12-26T08:53:44","modified_gmt":"2024-12-26T08:53:44","slug":"10018-low-price-double-acting-welded-hydraulic-cylinder-for-agricultural","status":"publish","type":"product","link":"https:\/\/fmp-components.com\/vi\/product\/10018-low-price-double-acting-welded-hydraulic-cylinder-for-agricultural\/","title":{"rendered":"10018 Xi lanh th\u1ee7y l\u1ef1c h\u00e0n t\u00e1c \u0111\u1ed9ng k\u00e9p gi\u00e1 r\u1ebb cho n\u00f4ng nghi\u1ec7p"},"content":{"rendered":"<h2>Gi\u1edbi thi\u1ec7u s\u1ea3n ph\u1ea9m:<\/h2>\n<p>Xi lanh th\u1ee7y l\u1ef1c h\u00e0n t\u00e1c \u0111\u1ed9ng k\u00e9p gi\u00e1 r\u1ebb 10018 d\u00f9ng cho n\u00f4ng nghi\u1ec7p l\u00e0 m\u1ed9t th\u00e0nh ph\u1ea7n thi\u1ebft y\u1ebfu cho nhi\u1ec1u \u1ee9ng d\u1ee5ng n\u00f4ng nghi\u1ec7p kh\u00e1c nhau. Thi\u1ebft k\u1ebf ch\u1eafc ch\u1eafn v\u00e0 v\u1eadt li\u1ec7u ch\u1ea5t l\u01b0\u1ee3ng cao gi\u00fap s\u1ea3n ph\u1ea9m tr\u1edf th\u00e0nh l\u1ef1a ch\u1ecdn \u0111\u00e1ng tin c\u1eady cho c\u00e1c c\u00f4ng vi\u1ec7c n\u1eb7ng nh\u1ecdc.<\/p>\n<p>Xi lanh th\u1ee7y l\u1ef1c n\u00e0y \u0111\u01b0\u1ee3c thi\u1ebft k\u1ebf \u0111\u1ec3 ho\u1ea1t \u0111\u1ed9ng t\u00e1c \u0111\u1ed9ng k\u00e9p, mang l\u1ea1i hi\u1ec7u su\u1ea5t cao cho c\u1ea3 vi\u1ec7c k\u00e9o gi\u00e3n v\u00e0 thu h\u1ed3i. Th\u00e2n xi lanh \u0111\u01b0\u1ee3c h\u00e0n t\u1eeb th\u00e9p ch\u1ea5t l\u01b0\u1ee3ng cao, \u0111\u1ea3m b\u1ea3o \u0111\u1ed9 b\u1ec1n v\u00e0 kh\u1ea3 n\u0103ng ch\u1ed1ng m\u00e0i m\u00f2n.<\/p>\n<p>Thanh piston c\u1ee7a xi lanh c\u0169ng \u0111\u01b0\u1ee3c l\u00e0m t\u1eeb th\u00e9p c\u01b0\u1eddng \u0111\u1ed9 cao, gi\u00fap t\u0103ng c\u01b0\u1eddng \u0111\u1ed9 b\u1ec1n v\u00e0 kh\u1ea3 n\u0103ng ch\u1ecbu l\u1ef1c. \u0110\u1eb7c \u0111i\u1ec3m n\u00e0y gi\u00fap s\u1ea3n ph\u1ea9m ph\u00f9 h\u1ee3p s\u1eed d\u1ee5ng trong m\u00f4i tr\u01b0\u1eddng kh\u1eafc nghi\u1ec7t \u0111\u00f2i h\u1ecfi kh\u1ea3 n\u0103ng ch\u1ed1ng \u0103n m\u00f2n, m\u00e0i m\u00f2n v\u00e0 va \u0111\u1eadp.<\/p>\n<p>Xi lanh th\u1ee7y l\u1ef1c h\u00e0n t\u00e1c \u0111\u1ed9ng k\u00e9p gi\u00e1 r\u1ebb 10018 d\u00e0nh cho n\u00f4ng nghi\u1ec7p d\u1ec5 l\u1eafp \u0111\u1eb7t v\u00e0 b\u1ea3o tr\u00ec, l\u00e0 l\u1ef1a ch\u1ecdn ph\u1ed5 bi\u1ebfn c\u1ee7a n\u00f4ng d\u00e2n v\u00e0 c\u00e1c chuy\u00ean gia n\u00f4ng nghi\u1ec7p kh\u00e1c. S\u1ea3n ph\u1ea9m c\u0169ng c\u00f3 gi\u00e1 c\u1ea3 c\u1ea1nh tranh, ph\u00f9 h\u1ee3p v\u1edbi nh\u1eefng ng\u01b0\u1eddi c\u00f3 ng\u00e2n s\u00e1ch eo h\u1eb9p.<\/p>\n<p>T\u00f3m l\u1ea1i, n\u1ebfu b\u1ea1n \u0111ang t\u00ecm ki\u1ebfm m\u1ed9t xi lanh th\u1ee7y l\u1ef1c \u0111\u00e1ng tin c\u1eady, hi\u1ec7u su\u1ea5t cao cho nhu c\u1ea7u n\u00f4ng nghi\u1ec7p c\u1ee7a m\u00ecnh, th\u00ec Xi lanh th\u1ee7y l\u1ef1c h\u00e0n t\u00e1c \u0111\u1ed9ng k\u00e9p gi\u00e1 r\u1ebb 10018 l\u00e0 m\u1ed9t l\u1ef1a ch\u1ecdn tuy\u1ec7t v\u1eddi. Thi\u1ebft k\u1ebf ch\u1eafc ch\u1eafn, v\u1eadt li\u1ec7u ch\u1ea5t l\u01b0\u1ee3ng cao v\u00e0 c\u01a1 ch\u1ebf t\u00e1c \u0111\u1ed9ng k\u00e9p khi\u1ebfn n\u00f3 tr\u1edf n\u00ean l\u00fd t\u01b0\u1edfng cho nhi\u1ec1u \u1ee9ng d\u1ee5ng n\u00f4ng nghi\u1ec7p.<\/p>\n<h2>\u01afu \u0111i\u1ec3m c\u1ee7a xi lanh lo\u1ea1i ch\u1ed1t h\u00e0n<\/h2>\n<p>Xi lanh ki\u1ec3u ch\u1ed1t h\u00e0n l\u00e0 l\u1ef1a ch\u1ecdn ph\u1ed5 bi\u1ebfn cho nhi\u1ec1u \u1ee9ng d\u1ee5ng c\u00f4ng nghi\u1ec7p nh\u1edd nh\u1eefng \u01b0u \u0111i\u1ec3m v\u00e0 l\u1ee3i \u00edch \u0111\u1ed9c \u0111\u00e1o c\u1ee7a ch\u00fang. D\u01b0\u1edbi \u0111\u00e2y l\u00e0 m\u1ed9t s\u1ed1 \u01b0u \u0111i\u1ec3m ch\u00ednh c\u1ee7a xi lanh ki\u1ec3u ch\u1ed1t h\u00e0n:<\/p>\n<h3>1. T\u0103ng c\u01b0\u1eddng s\u1ee9c m\u1ea1nh v\u00e0 \u0111\u1ed9 b\u1ec1n<\/h3>\n<p>Xi lanh lo\u1ea1i ch\u1ed1t h\u00e0n \u0111\u01b0\u1ee3c ch\u1ebf t\u1ea1o v\u1edbi n\u1eafp \u0111\u1ea7u h\u00e0n, gi\u00fap t\u0103ng c\u01b0\u1eddng \u0111\u1ed9 b\u1ec1n v\u00e0 kh\u1ea3 n\u0103ng ch\u1ecbu l\u1ef1c so v\u1edbi c\u00e1c lo\u1ea1i xi lanh kh\u00e1c. \u0110i\u1ec1u n\u00e0y l\u00e0m cho ch\u00fang tr\u1edf n\u00ean l\u00fd t\u01b0\u1edfng cho c\u00e1c \u1ee9ng d\u1ee5ng h\u1ea1ng n\u1eb7ng \u0111\u00f2i h\u1ecfi \u0111\u1ed9 b\u1ec1n v\u00e0 kh\u1ea3 n\u0103ng ch\u1ecbu l\u1ef1c cao.<\/p>\n<p>Ngo\u00e0i ra, thi\u1ebft k\u1ebf h\u00e0n c\u1ee7a c\u00e1c xi lanh n\u00e0y c\u00f3 ngh\u0129a l\u00e0 ch\u00fang \u00edt c\u00f3 kh\u1ea3 n\u0103ng b\u1ecb r\u00f2 r\u1ec9 ho\u1eb7c h\u1ecfng h\u00f3c, \u0111i\u1ec1u n\u00e0y c\u00f3 th\u1ec3 gi\u00fap gi\u1ea3m th\u1eddi gian ch\u1ebft m\u00e1y v\u00e0 chi ph\u00ed b\u1ea3o tr\u00ec.<\/p>\n<h3>2. Kh\u1ea3 n\u0103ng ch\u1ecbu \u00e1p l\u1ef1c cao<\/h3>\n<p>Xi lanh ki\u1ec3u ch\u1ed1t h\u00e0n c\u0169ng c\u00f3 kh\u1ea3 n\u0103ng ch\u1ecbu \u0111\u01b0\u1ee3c \u00e1p su\u1ea5t cao, khi\u1ebfn ch\u00fang tr\u1edf th\u00e0nh l\u1ef1a ch\u1ecdn ph\u1ed5 bi\u1ebfn trong c\u00e1c ng\u00e0nh c\u00f4ng nghi\u1ec7p nh\u01b0 x\u00e2y d\u1ef1ng, khai th\u00e1c m\u1ecf v\u00e0 d\u1ea7u kh\u00ed. Kh\u1ea3 n\u0103ng ch\u1ecbu \u00e1p su\u1ea5t cao c\u1ee7a ch\u00fang \u0111\u1ea3m b\u1ea3o hi\u1ec7u su\u1ea5t \u0111\u00e1ng tin c\u1eady trong nh\u1eefng m\u00f4i tr\u01b0\u1eddng kh\u1eafc nghi\u1ec7t.<\/p>\n<h3>3. Thi\u1ebft k\u1ebf c\u00f3 th\u1ec3 t\u00f9y ch\u1ec9nh<\/h3>\n<p>Xi lanh ki\u1ec3u ch\u1ed1t h\u00e0n c\u00f3 th\u1ec3 \u0111\u01b0\u1ee3c thi\u1ebft k\u1ebf ri\u00eang \u0111\u1ec3 \u0111\u00e1p \u1ee9ng nhu c\u1ea7u c\u1ee5 th\u1ec3 c\u1ee7a t\u1eebng \u1ee9ng d\u1ee5ng. \u0110i\u1ec1u n\u00e0y c\u00f3 ngh\u0129a l\u00e0 ch\u00fang c\u00f3 th\u1ec3 \u0111\u01b0\u1ee3c \u0111i\u1ec1u ch\u1ec9nh \u0111\u1ec3 ph\u00f9 h\u1ee3p v\u1edbi k\u00edch th\u01b0\u1edbc, h\u00ecnh d\u1ea1ng ho\u1eb7c y\u00eau c\u1ea7u hi\u1ec7u su\u1ea5t c\u1ee5 th\u1ec3. Thi\u1ebft k\u1ebf t\u00f9y ch\u1ec9nh c\u0169ng cho ph\u00e9p linh ho\u1ea1t h\u01a1n trong quy tr\u00ecnh s\u1ea3n xu\u1ea5t, t\u1eeb \u0111\u00f3 ti\u1ebft ki\u1ec7m chi ph\u00ed.<\/p>\n<h3>4. D\u1ec5 d\u00e0ng c\u00e0i \u0111\u1eb7t<\/h3>\n<p>Xi lanh lo\u1ea1i ch\u1ed1t h\u00e0n \u0111\u01b0\u1ee3c thi\u1ebft k\u1ebf \u0111\u1ec3 l\u1eafp \u0111\u1eb7t d\u1ec5 d\u00e0ng, gi\u00fap gi\u1ea3m th\u1eddi gian l\u1eafp \u0111\u1eb7t v\u00e0 chi ph\u00ed nh\u00e2n c\u00f4ng. Ch\u00fang th\u01b0\u1eddng \u0111\u01b0\u1ee3c l\u1eafp r\u00e1p s\u1eb5n v\u00e0 s\u1eb5n s\u00e0ng s\u1eed d\u1ee5ng ngay khi m\u1edf h\u1ed9p, gi\u00fap gi\u1ea3m thi\u1ec3u nhu c\u1ea7u v\u1ec1 c\u00e1c b\u1ed9 ph\u1eadn ho\u1eb7c linh ki\u1ec7n b\u1ed5 sung.<\/p>\n<h3>5. C\u1ea3i thi\u1ec7n hi\u1ec7u su\u1ea5t<\/h3>\n<p>Thi\u1ebft k\u1ebf c\u1ee7a xi lanh ki\u1ec3u ch\u1ed1t h\u00e0n cho ph\u00e9p c\u1ea3i thi\u1ec7n hi\u1ec7u su\u1ea5t so v\u1edbi c\u00e1c lo\u1ea1i xi lanh kh\u00e1c. Ch\u00fang c\u00f3 th\u1ec3 t\u1ea1o ra l\u1ef1c l\u1edbn h\u01a1n tr\u00ean m\u1ed7i \u0111\u01a1n v\u1ecb \u00e1p su\u1ea5t, gi\u00fap c\u1ea3i thi\u1ec7n hi\u1ec7u qu\u1ea3 v\u00e0 n\u0103ng su\u1ea5t trong c\u00e1c \u1ee9ng d\u1ee5ng c\u00f4ng nghi\u1ec7p.<\/p>\n<p>Nh\u00ecn chung, xi lanh ki\u1ec3u ch\u1ed1t h\u00e0n mang l\u1ea1i nhi\u1ec1u \u01b0u \u0111i\u1ec3m v\u00e0 l\u1ee3i \u00edch khi\u1ebfn ch\u00fang tr\u1edf th\u00e0nh l\u1ef1a ch\u1ecdn ph\u1ed5 bi\u1ebfn cho nhi\u1ec1u \u1ee9ng d\u1ee5ng c\u00f4ng nghi\u1ec7p. \u0110\u1ed9 b\u1ec1n v\u00e0 \u0111\u1ed9 c\u1ee9ng cao, kh\u1ea3 n\u0103ng ch\u1ecbu \u00e1p su\u1ea5t cao, thi\u1ebft k\u1ebf t\u00f9y ch\u1ec9nh, l\u1eafp \u0111\u1eb7t d\u1ec5 d\u00e0ng v\u00e0 hi\u1ec7u su\u1ea5t \u0111\u01b0\u1ee3c c\u1ea3i thi\u1ec7n khi\u1ebfn ch\u00fang tr\u1edf th\u00e0nh l\u1ef1a ch\u1ecdn l\u00fd t\u01b0\u1edfng cho c\u00e1c m\u00f4i tr\u01b0\u1eddng kh\u1eafc nghi\u1ec7t, n\u01a1i \u0111\u1ed9 tin c\u1eady v\u00e0 hi\u1ec7u su\u1ea5t l\u00e0 y\u1ebfu t\u1ed1 then ch\u1ed1t.<\/p>\n<p><img loading=\"lazy\" decoding=\"async\" class=\"alignnone size-full wp-image-1072\" src=\"https:\/\/fmp-components.com\/wp-content\/uploads\/2024\/12\/Welded-Clevis-Type-Cylinder3.webp\" alt=\"Xi lanh lo\u1ea1i Clevis h\u00e0n\" width=\"1616\" height=\"1229\" title=\"\" srcset=\"https:\/\/fmp-components.com\/wp-content\/uploads\/2024\/12\/Welded-Clevis-Type-Cylinder3.webp 1616w, https:\/\/fmp-components.com\/wp-content\/uploads\/2024\/12\/Welded-Clevis-Type-Cylinder3-1280x973.webp 1280w, https:\/\/fmp-components.com\/wp-content\/uploads\/2024\/12\/Welded-Clevis-Type-Cylinder3-980x745.webp 980w, https:\/\/fmp-components.com\/wp-content\/uploads\/2024\/12\/Welded-Clevis-Type-Cylinder3-480x365.webp 480w\" sizes=\"(min-width: 0px) and (max-width: 480px) 480px, (min-width: 481px) and (max-width: 980px) 980px, (min-width: 981px) and (max-width: 1280px) 1280px, (min-width: 1281px) 1616px, 100vw\" \/><\/p>\n<h2>\u1ee8ng d\u1ee5ng c\u1ee7a xi lanh lo\u1ea1i ch\u1ed1t h\u00e0n<\/h2>\n<ul>\n<li><strong>M\u00e1y m\u00f3c c\u00f4ng nghi\u1ec7p:<\/strong> Xi lanh ki\u1ec3u ch\u1ed1t h\u00e0n \u0111\u01b0\u1ee3c s\u1eed d\u1ee5ng r\u1ed9ng r\u00e3i trong nhi\u1ec1u lo\u1ea1i m\u00e1y m\u00f3c c\u00f4ng nghi\u1ec7p cho c\u00e1c \u1ee9ng d\u1ee5ng h\u1ea1ng n\u1eb7ng. Nh\u1eefng xi lanh n\u00e0y c\u00f3 kh\u1ea3 n\u0103ng t\u1ea1o ra l\u1ef1c \u0111\u1ea9y l\u1edbn \u0111\u1ec3 n\u00e2ng v\u00e0 \u00e9p c\u00e1c chi ti\u1ebft trong m\u00e1y m\u00f3c. Thi\u1ebft k\u1ebf ch\u1ed1t h\u00e0n cho ph\u00e9p l\u1eafp \u0111\u1eb7t d\u1ec5 d\u00e0ng v\u00e0 v\u1eadn h\u00e0nh hi\u1ec7u qu\u1ea3, khi\u1ebfn ch\u00fang tr\u1edf th\u00e0nh l\u1ef1a ch\u1ecdn ph\u1ed5 bi\u1ebfn cho c\u00e1c nh\u00e0 s\u1ea3n xu\u1ea5t.\n<ul>\n<li>Trong ng\u00e0nh s\u1ea3n xu\u1ea5t, Xi lanh lo\u1ea1i ch\u1ed1t h\u00e0n \u0111\u01b0\u1ee3c s\u1eed d\u1ee5ng trong m\u00e1y \u00e9p th\u1ee7y l\u1ef1c, m\u00e1y \u00e9p phun v\u00e0 thi\u1ebft b\u1ecb d\u1eadp kim lo\u1ea1i \u0111\u1ec3 cung c\u1ea5p l\u1ef1c c\u1ea7n thi\u1ebft cho vi\u1ec7c t\u1ea1o h\u00ecnh v\u00e0 \u0111\u1ecbnh h\u00ecnh c\u00e1c t\u1ea5m kim lo\u1ea1i.<\/li>\n<li>Trong ng\u00e0nh c\u00f4ng nghi\u1ec7p \u00f4 t\u00f4, c\u00e1c xi lanh n\u00e0y \u0111\u01b0\u1ee3c s\u1eed d\u1ee5ng trong k\u00edch n\u00e2ng \u00f4 t\u00f4, thang n\u00e2ng v\u00e0 m\u00e1y l\u1eafp r\u00e1p \u0111\u1ec3 n\u00e2ng c\u00e1c b\u1ed9 ph\u1eadn n\u1eb7ng trong qu\u00e1 tr\u00ecnh s\u1ea3n xu\u1ea5t.<\/li>\n<li>Trong ng\u00e0nh x\u00e2y d\u1ef1ng, Xi lanh lo\u1ea1i ch\u1ed1t h\u00e0n \u0111\u01b0\u1ee3c s\u1eed d\u1ee5ng trong c\u1ea7n c\u1ea9u, m\u00e1y \u0111\u00e0o v\u00e0 m\u00e1y \u1ee7i \u0111\u1ec3 cung c\u1ea5p n\u0103ng l\u01b0\u1ee3ng cho h\u1ec7 th\u1ed1ng th\u1ee7y l\u1ef1c n\u00e2ng v\u00e0 di chuy\u1ec3n c\u00e1c v\u1eadt n\u1eb7ng.<\/li>\n<\/ul>\n<\/li>\n<li><strong>M\u00e1y m\u00f3c n\u00f4ng nghi\u1ec7p:<\/strong> M\u00e1y m\u00f3c n\u00f4ng nghi\u1ec7p l\u00e0 m\u1ed9t trong nh\u1eefng l\u0129nh v\u1ef1c quan tr\u1ecdng nh\u1ea5t s\u1eed d\u1ee5ng xi lanh ki\u1ec3u ch\u1ed1t h\u00e0n. C\u00e1c xi lanh n\u00e0y \u0111\u01b0\u1ee3c s\u1eed d\u1ee5ng trong nhi\u1ec1u lo\u1ea1i m\u00e1y m\u00f3c n\u00f4ng nghi\u1ec7p, bao g\u1ed3m m\u00e1y k\u00e9o, m\u00e1y g\u1eb7t v\u00e0 m\u00e1y c\u00e0y, \u0111\u1ec3 cung c\u1ea5p l\u1ef1c c\u1ea7n thi\u1ebft cho vi\u1ec7c l\u00e0m \u0111\u1ea5t, tr\u1ed3ng tr\u1ecdt v\u00e0 thu ho\u1ea1ch.\n<ul>\n<li>Trong ng\u00e0nh n\u00f4ng nghi\u1ec7p, Xi lanh lo\u1ea1i ch\u1ed1t h\u00e0n \u0111\u01b0\u1ee3c s\u1eed d\u1ee5ng trong m\u00e1y c\u00e0y, m\u00e1y x\u1edbi \u0111\u1ea5t v\u00e0 m\u00e1y gieo h\u1ea1t \u0111\u1ec3 cung c\u1ea5p l\u1ef1c c\u1ea7n thi\u1ebft cho vi\u1ec7c chu\u1ea9n b\u1ecb \u0111\u1ea5t v\u00e0 gieo h\u1ea1t.<\/li>\n<li>Trong ng\u00e0nh thu ho\u1ea1ch, c\u00e1c xi lanh n\u00e0y \u0111\u01b0\u1ee3c s\u1eed d\u1ee5ng trong m\u00e1y thu ho\u1ea1ch, m\u00e1y \u0111\u00f3ng ki\u1ec7n v\u00e0 m\u00e1y c\u1eaft c\u1ecf \u0111\u1ec3 cung c\u1ea5p n\u0103ng l\u01b0\u1ee3ng cho h\u1ec7 th\u1ed1ng th\u1ee7y l\u1ef1c thu th\u1eadp v\u00e0 v\u1eadn chuy\u1ec3n c\u00e2y tr\u1ed3ng.<\/li>\n<\/ul>\n<\/li>\n<li><strong>H\u00e0ng kh\u00f4ng v\u0169 tr\u1ee5 v\u00e0 Qu\u1ed1c ph\u00f2ng:<\/strong> Xi lanh lo\u1ea1i ch\u1ed1t h\u00e0n c\u0169ng \u0111\u01b0\u1ee3c s\u1eed d\u1ee5ng trong ng\u00e0nh h\u00e0ng kh\u00f4ng v\u0169 tr\u1ee5 v\u00e0 qu\u1ed1c ph\u00f2ng, n\u01a1i ch\u00fang \u0111\u01b0\u1ee3c s\u1eed d\u1ee5ng trong nhi\u1ec1u \u1ee9ng d\u1ee5ng cho m\u00e1y bay, t\u00ean l\u1eeda, h\u1ecfa ti\u1ec5n v\u00e0 h\u1ec7 th\u1ed1ng ph\u00f2ng th\u1ee7.\n<ul>\n<li>Trong ng\u00e0nh h\u00e0ng kh\u00f4ng v\u0169 tr\u1ee5, Xi lanh lo\u1ea1i ch\u1ed1t h\u00e0n \u0111\u01b0\u1ee3c s\u1eed d\u1ee5ng trong b\u00e1nh \u0111\u00e1p, c\u00e1nh t\u00e0 v\u00e0 phanh c\u1ee7a m\u00e1y bay \u0111\u1ec3 cung c\u1ea5p l\u1ef1c c\u1ea7n thi\u1ebft cho qu\u00e1 tr\u00ecnh c\u1ea5t c\u00e1nh v\u00e0 h\u1ea1 c\u00e1nh.<\/li>\n<li>Trong ng\u00e0nh c\u00f4ng nghi\u1ec7p qu\u1ed1c ph\u00f2ng, c\u00e1c xi lanh n\u00e0y \u0111\u01b0\u1ee3c s\u1eed d\u1ee5ng trong b\u1ec7 ph\u00f3ng t\u00ean l\u1eeda, th\u00e1p ph\u00e1o v\u00e0 h\u1ec7 th\u1ed1ng xe t\u0103ng \u0111\u1ec3 cung c\u1ea5p n\u0103ng l\u01b0\u1ee3ng cho h\u1ec7 th\u1ed1ng th\u1ee7y l\u1ef1c \u0111i\u1ec1u khi\u1ec3n chuy\u1ec3n \u0111\u1ed9ng c\u1ee7a v\u0169 kh\u00ed v\u00e0 \u0111\u1ea1n d\u01b0\u1ee3c.<\/li>\n<\/ul>\n<\/li>\n<li><strong>Ng\u00e0nh h\u00e0ng h\u1ea3i:<\/strong> Xi lanh lo\u1ea1i ch\u1ed1t h\u00e0n c\u0169ng \u0111\u01b0\u1ee3c s\u1eed d\u1ee5ng r\u1ed9ng r\u00e3i trong ng\u00e0nh h\u00e0ng h\u1ea3i, n\u01a1i ch\u00fang \u0111\u01b0\u1ee3c s\u1eed d\u1ee5ng cho nhi\u1ec1u \u1ee9ng d\u1ee5ng kh\u00e1c nhau tr\u00ean t\u00e0u, thuy\u1ec1n v\u00e0 ph\u01b0\u01a1ng ti\u1ec7n d\u01b0\u1edbi n\u01b0\u1edbc.\n<ul>\n<li>Trong ng\u00e0nh v\u1eadn chuy\u1ec3n, Xi lanh lo\u1ea1i ch\u1ed1t h\u00e0n \u0111\u01b0\u1ee3c s\u1eed d\u1ee5ng trong c\u1ea7n c\u1ea9u, t\u1eddi v\u00e0 thi\u1ebft b\u1ecb x\u1eed l\u00fd h\u00e0ng h\u00f3a \u0111\u1ec3 cung c\u1ea5p l\u1ef1c c\u1ea7n thi\u1ebft cho vi\u1ec7c x\u1ebfp d\u1ee1 h\u00e0ng h\u00f3a.<\/li>\n<li>Trong ng\u00e0nh c\u00f4ng nghi\u1ec7p \u0111\u00f3ng t\u00e0u, c\u00e1c xi lanh n\u00e0y \u0111\u01b0\u1ee3c s\u1eed d\u1ee5ng trong h\u1ec7 th\u1ed1ng l\u00e1i, ch\u00e2n v\u1ecbt v\u00e0 h\u1ec7 th\u1ed1ng neo \u0111\u1ec3 cung c\u1ea5p l\u1ef1c c\u1ea7n thi\u1ebft \u0111\u1ec3 ki\u1ec3m so\u00e1t chuy\u1ec3n \u0111\u1ed9ng c\u1ee7a thuy\u1ec1n v\u00e0 t\u00e0u.<\/li>\n<li>Trong ng\u00e0nh c\u00f4ng nghi\u1ec7p ph\u01b0\u01a1ng ti\u1ec7n d\u01b0\u1edbi n\u01b0\u1edbc, Xi lanh lo\u1ea1i ch\u1ed1t h\u00e0n \u0111\u01b0\u1ee3c s\u1eed d\u1ee5ng trong t\u00e0u l\u1eb7n, ph\u01b0\u01a1ng ti\u1ec7n \u0111i\u1ec1u khi\u1ec3n t\u1eeb xa (ROV) v\u00e0 thi\u1ebft b\u1ecb l\u1eb7n \u0111\u1ec3 cung c\u1ea5p l\u1ef1c c\u1ea7n thi\u1ebft cho c\u00e1c ho\u1ea1t \u0111\u1ed9ng d\u01b0\u1edbi n\u01b0\u1edbc.<\/li>\n<\/ul>\n<\/li>\n<li><strong>Ng\u00e0nh khai th\u00e1c m\u1ecf:<\/strong> Xi lanh lo\u1ea1i ch\u1ed1t h\u00e0n c\u0169ng \u0111\u01b0\u1ee3c s\u1eed d\u1ee5ng trong ng\u00e0nh khai th\u00e1c m\u1ecf, n\u01a1i ch\u00fang \u0111\u01b0\u1ee3c s\u1eed d\u1ee5ng trong nhi\u1ec1u \u1ee9ng d\u1ee5ng kh\u00e1c nhau \u0111\u1ec3 khai th\u00e1c kho\u00e1ng s\u1ea3n v\u00e0 x\u1eed l\u00fd v\u1eadt li\u1ec7u.\n<ul>\n<li>Trong ng\u00e0nh khai th\u00e1c m\u1ecf, Xi lanh lo\u1ea1i ch\u1ed1t h\u00e0n \u0111\u01b0\u1ee3c s\u1eed d\u1ee5ng trong h\u1ec7 th\u1ed1ng b\u0103ng t\u1ea3i, m\u00e1y khoan v\u00e0 m\u00e1y x\u00fac th\u1ee7y l\u1ef1c \u0111\u1ec3 cung c\u1ea5p l\u1ef1c c\u1ea7n thi\u1ebft \u0111\u1ec3 khai th\u00e1c kho\u00e1ng s\u1ea3n v\u00e0 v\u1eadt li\u1ec7u t\u1eeb c\u00e1c m\u1ecf v\u00e0 \u0111\u00e1.<\/li>\n<\/ul>\n<\/li>\n<\/ul>\n<h2>Gi\u1edbi thi\u1ec7u v\u1ec1 FMP<\/h2>\n<p>FMP l\u00e0 m\u1ed9t t\u00ean tu\u1ed5i h\u00e0ng \u0111\u1ea7u trong th\u1ecb tr\u01b0\u1eddng xi lanh th\u1ee7y l\u1ef1c t\u1ea1i \u00dd v\u1edbi c\u00f4ng su\u1ea5t s\u1ea3n xu\u1ea5t h\u00e0ng n\u0103m l\u00ean \u0111\u1ebfn 200.000 chi\u1ebfc. Ch\u00fang t\u00f4i cung c\u1ea5p \u0111a d\u1ea1ng c\u00e1c s\u1ea3n ph\u1ea9m, bao g\u1ed3m xi lanh th\u1ee7y l\u1ef1c nghi\u00eang, xi lanh th\u1ee7y l\u1ef1c l\u00e1i v\u00e0 xi lanh th\u1ee7y l\u1ef1c n\u00e2ng.<\/p>\n<p>Ch\u00fang t\u00f4i c\u0169ng cung c\u1ea5p xi lanh d\u1ea7u cho n\u1ec1n t\u1ea3ng ho\u1ea1t \u0111\u1ed9ng tr\u00ean cao, xi lanh th\u1ee7y l\u1ef1c cho xe c\u00f4ng nghi\u1ec7p, xi lanh d\u1ea7u cho gi\u00e0n khoan quay, xi lanh d\u1ea7u cho c\u1ea7n c\u1ea9u \u00f4 t\u00f4, xi lanh th\u1ee7y l\u1ef1c cho m\u00e1y m\u00f3c x\u00e2y d\u1ef1ng, <b>Xi lanh th\u1ee7y l\u1ef1c xe n\u00e2ng<\/b>xi lanh d\u1ea7u xe ben khai th\u00e1c m\u1ecf v\u00e0 xi lanh th\u1ee7y l\u1ef1c m\u00e1y m\u00f3c v\u1ec7 sinh. C\u00f3 th\u1ec3 t\u00f9y ch\u1ec9nh theo thi\u1ebft k\u1ebf ho\u1eb7c m\u1eabu c\u1ee7a kh\u00e1ch h\u00e0ng.<\/p>\n<p><img decoding=\"async\" src=\"https:\/\/hzpt.com\/wp-content\/uploads\/2023\/12\/insert-5.webp\" alt=\"Nh\u00e0 m\u00e1y FMP\" title=\"\"><\/p>\n<h2>H\u1ecfi &amp; \u0110\u00e1p<\/h2>\n<ol>\n<li>H: Dung t\u00edch c\u1ee7a xi lanh th\u1ee7y l\u1ef1c l\u00e0 bao nhi\u00eau? \u0110: Dung t\u00edch do kh\u00e1ch h\u00e0ng ch\u1ec9 \u0111\u1ecbnh.<\/li>\n<li>H: Kh\u1ea3 n\u0103ng ch\u1ecbu t\u1ea3i c\u1ee7a xi lanh th\u1ee7y l\u1ef1c l\u00e0 bao nhi\u00eau? \u0110: Kh\u1ea3 n\u0103ng ch\u1ecbu t\u1ea3i do kh\u00e1ch h\u00e0ng ch\u1ec9 \u0111\u1ecbnh.<\/li>\n<li>H: K\u00edch th\u01b0\u1edbc c\u1ee7a xi lanh th\u1ee7y l\u1ef1c l\u00e0 bao nhi\u00eau? \u0110\u00e1p: K\u00edch th\u01b0\u1edbc do kh\u00e1ch h\u00e0ng ch\u1ec9 \u0111\u1ecbnh.<\/li>\n<li>H: L\u00e0m th\u1ebf n\u00e0o \u0111\u1ec3 \u0111o xi lanh th\u1ee7y l\u1ef1c? \u0110: B\u1ea1n c\u00f3 th\u1ec3 \u0111o xi lanh theo \u0111\u01b0\u1eddng k\u00ednh l\u1ed7, h\u00e0nh tr\u00ecnh v\u00e0 \u0111\u01b0\u1eddng k\u00ednh thanh truy\u1ec1n.<\/li>\n<li>H: T\u00f4i n\u00ean thay ph\u1edbt d\u1ea7u bao l\u00e2u m\u1ed9t l\u1ea7n? \u0110: N\u00ean thay ph\u1edbt d\u1ea7u khi n\u00f3 b\u1eaft \u0111\u1ea7u r\u00f2 r\u1ec9.<\/li>\n<\/ol>\n<p>T\u00e1c gi\u1ea3: CX<\/p>","protected":false},"excerpt":{"rendered":"<p>Product Introduction: The 10018 Low Price Double Acting Welded Hydraulic Cylinder for Agricultural is an essential component for various farming applications. Its sturdy design and high-quality materials make it a reliable option for heavy-duty tasks. This hydraulic cylinder is designed for double-acting operation, providing efficient performance for both extension and retraction. It features a welded [&hellip;]<\/p>","protected":false},"featured_media":1127,"comment_status":"closed","ping_status":"closed","template":"","meta":{"_et_pb_use_builder":"","_et_pb_old_content":"","_et_gb_content_width":""},"product_brand":[],"product_cat":[36],"product_tag":[34,38],"class_list":{"0":"post-1026","1":"product","2":"type-product","3":"status-publish","4":"has-post-thumbnail","6":"product_cat-welded-clevis-type-cylinder","7":"product_tag-hydraulic-cylinder","8":"product_tag-welded-clevis-type-cylinder","10":"first","11":"instock","12":"product-type-simple"},"_links":{"self":[{"href":"https:\/\/fmp-components.com\/vi\/wp-json\/wp\/v2\/product\/1026","targetHints":{"allow":["GET"]}}],"collection":[{"href":"https:\/\/fmp-components.com\/vi\/wp-json\/wp\/v2\/product"}],"about":[{"href":"https:\/\/fmp-components.com\/vi\/wp-json\/wp\/v2\/types\/product"}],"replies":[{"embeddable":true,"href":"https:\/\/fmp-components.com\/vi\/wp-json\/wp\/v2\/comments?post=1026"}],"wp:featuredmedia":[{"embeddable":true,"href":"https:\/\/fmp-components.com\/vi\/wp-json\/wp\/v2\/media\/1127"}],"wp:attachment":[{"href":"https:\/\/fmp-components.com\/vi\/wp-json\/wp\/v2\/media?parent=1026"}],"wp:term":[{"taxonomy":"product_brand","embeddable":true,"href":"https:\/\/fmp-components.com\/vi\/wp-json\/wp\/v2\/product_brand?post=1026"},{"taxonomy":"product_cat","embeddable":true,"href":"https:\/\/fmp-components.com\/vi\/wp-json\/wp\/v2\/product_cat?post=1026"},{"taxonomy":"product_tag","embeddable":true,"href":"https:\/\/fmp-components.com\/vi\/wp-json\/wp\/v2\/product_tag?post=1026"}],"curies":[{"name":"wp","href":"https:\/\/api.w.org\/{rel}","templated":true}]}}