{"id":7847,"date":"2025-04-08T08:44:24","date_gmt":"2025-04-08T08:44:24","guid":{"rendered":"https:\/\/fmp-components.com\/?page_id=7847"},"modified":"2025-04-09T05:38:24","modified_gmt":"2025-04-09T05:38:24","slug":"ring-and-pinion-gears","status":"publish","type":"page","link":"https:\/\/fmp-components.com\/vi\/ring-and-pinion-gears\/","title":{"rendered":"B\u00e1nh r\u0103ng v\u00e0nh v\u00e0 b\u00e1nh r\u0103ng tr\u1ee5"},"content":{"rendered":"<p>[et_pb_section fb_built=&#8221;1&#8243; _builder_version=&#8221;4.27.4&#8243; _module_preset=&#8221;default&#8221; use_background_color_gradient=&#8221;on&#8221; background_color_gradient_stops=&#8221;rgba(0,0,0,0.27) 0%|rgba(0,0,0,0.41) 100%&#8221; background_color_gradient_overlays_image=&#8221;on&#8221; background_image=&#8221;https:\/\/fmp-components.com\/wp-content\/uploads\/2025\/04\/ring-and-pinion-gears-banner-2.webp&#8221; min_height=&#8221;381px&#8221; global_colors_info=&#8221;{}&#8221;][et_pb_row _builder_version=&#8221;4.27.4&#8243; _module_preset=&#8221;default&#8221; global_colors_info=&#8221;{}&#8221;][et_pb_column type=&#8221;4_4&#8243; _builder_version=&#8221;4.27.4&#8243; _module_preset=&#8221;default&#8221; global_colors_info=&#8221;{}&#8221;][et_pb_text _builder_version=&#8221;4.27.4&#8243; _module_preset=&#8221;default&#8221; header_font=&#8221;Frank Ruhl Libre||||||||&#8221; header_text_align=&#8221;center&#8221; header_text_color=&#8221;#FFFFFF&#8221; header_font_size=&#8221;70px&#8221; header_text_shadow_style=&#8221;preset1&#8243; global_colors_info=&#8221;{}&#8221;]<\/p>\n<h1 style=\"text-align: center;\">B\u00e1nh r\u0103ng v\u00e0nh v\u00e0 b\u00e1nh r\u0103ng Pinion<\/h1>\n<p>[\/et_pb_text][et_pb_text _builder_version=\u201d4.27.4\u2033 _module_preset=\u201ddefault\u201d text_font=\u201dFrank Ruhl Libre|600|||||||\u201d text_text_color=\u201d#FFFFFF\u201d text_font_size=\u201d18px\u201d text_line_height=\u201d1.8em\u201d text_orientation=\u201dcenter\u201d global_colors_info=\u201d{}\u201d]<\/p>\n<p>N\u1ebfu s\u1ea3n ph\u1ea9m b\u1ea1n c\u1ea7n kh\u00f4ng c\u00f3 trong danh s\u00e1ch, h\u00e3y nh\u1eadn b\u00e1o gi\u00e1 mi\u1ec5n ph\u00ed!<\/p>\n<p>[\/et_pb_text][\/et_pb_column][\/et_pb_row][\/et_pb_section][et_pb_section fb_built=&#8221;1&#8243; _builder_version=&#8221;4.27.4&#8243; _module_preset=&#8221;default&#8221; global_colors_info=&#8221;{}&#8221;][et_pb_row _builder_version=&#8221;4.27.4&#8243; _module_preset=&#8221;default&#8221; global_colors_info=&#8221;{}&#8221;][et_pb_column type=&#8221;4_4&#8243; _builder_version=&#8221;4.27.4&#8243; _module_preset=&#8221;default&#8221; global_colors_info=&#8221;{}&#8221;][et_pb_text _builder_version=&#8221;4.27.4&#8243; _module_preset=&#8221;default&#8221; header_2_font=&#8221;Frank Ruhl Libre||||||||&#8221; header_2_font_size=&#8221;40px&#8221; global_colors_info=&#8221;{}&#8221;]<\/p>\n<h2 style=\"text-align: center;\">B\u00e1nh r\u0103ng v\u00e0nh v\u00e0 b\u00e1nh r\u0103ng Pinion t\u1ed1t nh\u1ea5t<\/h2>\n<p>[\/et_pb_text][et_pb_shop type=&#8221;product_category&#8221; show_pagination=&#8221;on&#8221; include_categories=&#8221;115&#8243; _builder_version=&#8221;4.27.4&#8243; _module_preset=&#8221;default&#8221; title_font=&#8221;Frank Ruhl Libre||||||||&#8221; title_text_align=&#8221;center&#8221; title_font_size=&#8221;17px&#8221; global_colors_info=&#8221;{}&#8221;][\/et_pb_shop][\/et_pb_column][\/et_pb_row][et_pb_row _builder_version=&#8221;4.27.4&#8243; _module_preset=&#8221;default&#8221;][et_pb_column _builder_version=&#8221;4.27.4&#8243; _module_preset=&#8221;default&#8221; type=&#8221;4_4&#8243;][et_pb_divider _builder_version=&#8221;4.27.4&#8243; _module_preset=&#8221;default&#8221; color=&#8221;#E09900&#8243; hover_enabled=&#8221;0&#8243; sticky_enabled=&#8221;0&#8243;][\/et_pb_divider][\/et_pb_column][\/et_pb_row][et_pb_row _builder_version=&#8221;4.27.4&#8243; _module_preset=&#8221;default&#8221; column_structure=&#8221;1_2,1_2&#8243;][et_pb_column _builder_version=&#8221;4.27.4&#8243; _module_preset=&#8221;default&#8221; type=&#8221;1_2&#8243;][et_pb_image src=&#8221;https:\/\/fmp-components.com\/wp-content\/uploads\/2025\/04\/Ring_Pinion_2.gif&#8221; _builder_version=&#8221;4.27.4&#8243; _module_preset=&#8221;default&#8221; alt=&#8221;Ring_Pinion&#8221; title_text=&#8221;Ring_Pinion_2&#8243; hover_enabled=&#8221;0&#8243; sticky_enabled=&#8221;0&#8243;][\/et_pb_image][\/et_pb_column][et_pb_column _builder_version=&#8221;4.27.4&#8243; _module_preset=&#8221;default&#8221; type=&#8221;1_2&#8243;][et_pb_text _builder_version=&#8221;4.27.4&#8243; _module_preset=&#8221;default&#8221; header_3_font=&#8221;Frank Ruhl Libre||||||||&#8221; header_3_font_size=&#8221;30px&#8221; text_font_size=&#8221;16px&#8221; text_line_height=&#8221;1.8em&#8221; hover_enabled=&#8221;0&#8243; sticky_enabled=&#8221;0&#8243;]<\/p>\n<div>\n<h3 dir=\"auto\" class=\"\">T\u1ea1i sao n\u00ean ch\u1ecdn b\u00e1nh r\u0103ng v\u00e0nh v\u00e0 b\u00e1nh r\u0103ng thanh r\u0103ng<\/h3>\n<p dir=\"auto\" class=\"break-words\">B\u00e1nh r\u0103ng v\u00e0nh v\u00e0 b\u00e1nh r\u0103ng pignon l\u00e0 nh\u1eefng b\u1ed9 ph\u1eadn thi\u1ebft y\u1ebfu trong h\u1ec7 th\u1ed1ng truy\u1ec1n \u0111\u1ed9ng c\u1ee7a xe, gi\u00fap truy\u1ec1n m\u00f4-men xo\u1eafn hi\u1ec7u qu\u1ea3 t\u1eeb \u0111\u1ed9ng c\u01a1 \u0111\u1ebfn c\u00e1c b\u00e1nh xe b\u1eb1ng c\u00e1ch chuy\u1ec3n h\u01b0\u1edbng c\u00f4ng su\u1ea5t 90 \u0111\u1ed9 qua b\u1ed9 vi sai. Trong s\u1ed1 c\u00e1c ph\u01b0\u01a1ng ph\u00e1p hi\u1ec7n c\u00f3, b\u00e1nh r\u0103ng v\u00e0nh v\u00e0 b\u00e1nh r\u0103ng pignon hypoid n\u1ed5i b\u1eadt l\u00e0 l\u1ef1a ch\u1ecdn \u01b0u ti\u00ean trong ng\u00e0nh c\u00f4ng nghi\u1ec7p \u00f4 t\u00f4 nh\u1edd \u0111\u1ed9 b\u1ec1n v\u01b0\u1ee3t tr\u1ed9i, v\u1eadn h\u00e0nh \u00eam \u00e1i h\u01a1n v\u00e0 kh\u1ea3 n\u0103ng x\u1eed l\u00fd t\u1ef7 s\u1ed1 truy\u1ec1n cao h\u01a1n. T\u1ea1i FMP, ch\u00fang t\u00f4i t\u1ef1 h\u00e0o l\u00e0 nh\u00e0 s\u1ea3n xu\u1ea5t v\u00e0 cung c\u1ea5p b\u00e1nh r\u0103ng v\u00e0nh v\u00e0 b\u00e1nh r\u0103ng pignon t\u1ed1t nh\u1ea5t, cung c\u1ea5p c\u00e1c lo\u1ea1i b\u00e1nh r\u0103ng v\u00e0nh v\u00e0 b\u00e1nh r\u0103ng pignon t\u00f9y ch\u1ec9nh theo nhu c\u1ea7u c\u1ee5 th\u1ec3 c\u1ee7a b\u1ea1n. Cho d\u00f9 b\u1ea1n \u0111ang t\u1ed1i \u01b0u h\u00f3a hi\u1ec7u su\u1ea5t \u0111\u01b0\u1eddng tr\u01b0\u1eddng, \u0111\u1ed9 b\u1ec1n off-road hay \u0111\u1ed9 ch\u00ednh x\u00e1c s\u1eb5n s\u00e0ng cho \u0111\u01b0\u1eddng \u0111ua, b\u1ed9 b\u00e1nh r\u0103ng c\u1ee7a FMP \u0111\u1ea3m b\u1ea3o \u0111\u1ed9 tin c\u1eady v\u00e0 hi\u1ec7u su\u1ea5t v\u01b0\u1ee3t tr\u1ed9i.<\/p>\n<\/div>\n<p>[\/et_pb_text][\/et_pb_column][\/et_pb_row][et_pb_row _builder_version=&#8221;4.27.4&#8243; _module_preset=&#8221;default&#8221; column_structure=&#8221;1_2,1_2&#8243;][et_pb_column _builder_version=&#8221;4.27.4&#8243; _module_preset=&#8221;default&#8221; type=&#8221;1_2&#8243;][et_pb_text _builder_version=&#8221;4.27.4&#8243; _module_preset=&#8221;default&#8221; text_font_size=&#8221;16px&#8221; text_line_height=&#8221;1.8em&#8221; header_3_font=&#8221;Frank Ruhl Libre||||||||&#8221; header_3_font_size=&#8221;30px&#8221; hover_enabled=&#8221;0&#8243; sticky_enabled=&#8221;0&#8243;]<\/p>\n<div>\n<h3 dir=\"auto\" class=\"\">Ch\u1ea5t l\u01b0\u1ee3ng v\u01b0\u1ee3t tr\u1ed9i t\u1eeb FMP<\/h3>\n<p dir=\"auto\" class=\"break-words\">Hi\u1ec7u su\u1ea5t c\u1ee7a b\u00e1nh r\u0103ng v\u00e0nh v\u00e0 b\u00e1nh r\u0103ng pinion ph\u1ee5 thu\u1ed9c r\u1ea5t nhi\u1ec1u v\u00e0o thi\u1ebft k\u1ebf, v\u1eadt li\u1ec7u v\u00e0 \u0111\u1ed9 ch\u00ednh x\u00e1c s\u1ea3n xu\u1ea5t - nh\u1eefng l\u0129nh v\u1ef1c m\u00e0 FMP n\u1ed5i tr\u1ed9i v\u1edbi t\u01b0 c\u00e1ch l\u00e0 c\u00f4ng ty h\u00e0ng \u0111\u1ea7u trong ng\u00e0nh. B\u00e1nh r\u0103ng v\u00e0nh v\u00e0 b\u00e1nh r\u0103ng pinion t\u00f9y ch\u1ec9nh c\u1ee7a ch\u00fang t\u00f4i \u0111\u01b0\u1ee3c ch\u1ebf t\u1ea1o b\u1eb1ng c\u00f4ng ngh\u1ec7 ti\u00ean ti\u1ebfn v\u00e0 tu\u00e2n th\u1ee7 c\u00e1c ti\u00eau chu\u1ea9n cao nh\u1ea5t, bao g\u1ed3m ch\u1ee9ng nh\u1eadn TS16949, ISO9001 v\u00e0 ISO14001. V\u1edbi nhi\u1ec1u t\u1ef7 s\u1ed1 truy\u1ec1n v\u00e0 dung sai kh\u00e1c nhau, FMP cung c\u1ea5p c\u00e1c lo\u1ea1i b\u00e1nh r\u0103ng v\u00e0nh v\u00e0 b\u00e1nh r\u0103ng pinion t\u1ed1t nh\u1ea5t cho c\u00e1c \u1ee9ng d\u1ee5ng t\u1eeb k\u00e9o xe h\u1ea1ng n\u1eb7ng \u0111\u1ebfn \u0111ua xe t\u1ed1c \u0111\u1ed9 cao. V\u1edbi quy tr\u00ecnh x\u1eed l\u00fd nhi\u1ec7t ti\u00ean ti\u1ebfn v\u00e0 ki\u1ec3m tra ch\u1ea5t l\u01b0\u1ee3ng nghi\u00eam ng\u1eb7t, b\u1ed9 b\u00e1nh r\u0103ng c\u1ee7a ch\u00fang t\u00f4i mang l\u1ea1i \u0111\u1ed9 b\u1ec1n v\u00e0 kh\u1ea3 n\u0103ng truy\u1ec1n l\u1ef1c v\u01b0\u1ee3t tr\u1ed9i, gi\u00fap FMP tr\u1edf th\u00e0nh l\u1ef1a ch\u1ecdn h\u00e0ng \u0111\u1ea7u cho c\u00e1c nh\u00e0 s\u1ea3n xu\u1ea5t v\u00e0 ng\u01b0\u1eddi \u0111am m\u00ea tr\u00ean kh\u1eafp Hoa K\u1ef3, Mexico v\u00e0 Canada.<\/p>\n<\/div>\n<p>[\/et_pb_text][\/et_pb_column][et_pb_column _builder_version=&#8221;4.27.4&#8243; _module_preset=&#8221;default&#8221; type=&#8221;1_2&#8243;][et_pb_image src=&#8221;https:\/\/fmp-components.com\/wp-content\/uploads\/2025\/04\/ring-and-pinion-gears-manufacturer.webp&#8221; _builder_version=&#8221;4.27.4&#8243; _module_preset=&#8221;default&#8221; alt=&#8221;ring-and-pinion-gears-manufacturer&#8221; title_text=&#8221;ring-and-pinion-gears-manufacturer&#8221; hover_enabled=&#8221;0&#8243; sticky_enabled=&#8221;0&#8243;][\/et_pb_image][\/et_pb_column][\/et_pb_row][\/et_pb_section][et_pb_section fb_built=&#8221;1&#8243; _builder_version=&#8221;4.27.4&#8243; _module_preset=&#8221;default&#8221; use_background_color_gradient=&#8221;on&#8221; background_color_gradient_stops=&#8221;rgba(0,0,0,0.37) 0%|rgba(0,0,0,0.26) 100%&#8221; background_color_gradient_overlays_image=&#8221;on&#8221; background_image=&#8221;https:\/\/fmp-components.com\/wp-content\/uploads\/2025\/04\/ring-and-pinion-gears-foot-1.webp&#8221; min_height=&#8221;386px&#8221; global_colors_info=&#8221;{}&#8221;][et_pb_row _builder_version=&#8221;4.27.4&#8243; _module_preset=&#8221;default&#8221; background_color=&#8221;#FFFFFF&#8221; custom_margin=&#8221;0px||0px||false|false&#8221; custom_padding=&#8221;20px|20px|20px|20px|false|false&#8221; box_shadow_style=&#8221;preset1&#8243; global_colors_info=&#8221;{}&#8221;][et_pb_column type=&#8221;4_4&#8243; _builder_version=&#8221;4.27.4&#8243; _module_preset=&#8221;default&#8221; global_colors_info=&#8221;{}&#8221;][et_pb_text _builder_version=&#8221;4.27.4&#8243; _module_preset=&#8221;default&#8221; header_font=&#8221;Frank Ruhl Libre||||||||&#8221; header_font_size=&#8221;40px&#8221; header_2_font=&#8221;Frank Ruhl Libre||||||||&#8221; header_2_font_size=&#8221;40px&#8221; global_colors_info=&#8221;{}&#8221;]<\/p>\n<h2 style=\"text-align: center;\">B\u00e1nh r\u0103ng v\u00e0nh v\u00e0 b\u00e1nh r\u0103ng tr\u1ee5 t\u00f9y ch\u1ec9nh<\/h2>\n<p>[\/et_pb_text][et_pb_text _builder_version=&#8221;4.27.4&#8243; _module_preset=&#8221;default&#8221; text_text_color=&#8221;#000000&#8243; text_font_size=&#8221;16px&#8221; text_line_height=&#8221;1.8em&#8221; global_colors_info=&#8221;{}&#8221;]<\/p>\n<p>T\u1ea1i FMP, ch\u00fang t\u00f4i chuy\u00ean ch\u1ebf t\u1ea1o c\u00e1c lo\u1ea1i b\u00e1nh r\u0103ng v\u00e0nh v\u00e0 b\u00e1nh r\u0103ng pignon t\u00f9y ch\u1ec9nh ch\u1ea5t l\u01b0\u1ee3ng cao, \u0111\u01b0\u1ee3c thi\u1ebft k\u1ebf \u0111\u1ec3 t\u1ed1i \u0111a h\u00f3a hi\u1ec7u su\u1ea5t truy\u1ec1n \u0111\u1ed9ng c\u1ee7a b\u1ea1n, d\u00f9 b\u1ea1n \u1edf Milan, Venice, Florence, Bologna hay b\u1ea5t k\u1ef3 n\u01a1i n\u00e0o kh\u00e1c t\u1ea1i \u00dd. L\u00e0 m\u1ed9t nh\u00e0 s\u1ea3n xu\u1ea5t h\u00e0ng \u0111\u1ea7u, ch\u00fang t\u00f4i s\u1ea3n xu\u1ea5t \u0111a d\u1ea1ng c\u00e1c lo\u1ea1i b\u00e1nh r\u0103ng v\u00e0nh v\u00e0 b\u00e1nh r\u0103ng pignon v\u1edbi nhi\u1ec1u t\u1ef7 s\u1ed1 truy\u1ec1n, \u0111\u01b0\u1eddng k\u00ednh v\u00e0 s\u1ed1 l\u01b0\u1ee3ng r\u00e3nh kh\u00e1c nhau, ph\u00f9 h\u1ee3p v\u1edbi m\u1ecdi lo\u1ea1i xe. C\u00e1c s\u1ea3n ph\u1ea9m cao c\u1ea5p c\u1ee7a ch\u00fang t\u00f4i s\u00e1nh ngang v\u1edbi c\u00e1c t\u00ean tu\u1ed5i l\u1edbn trong ng\u00e0nh nh\u01b0 Yukon Gear &amp; Axle, Strange Engineering v\u00e0 Richmond Gear, mang \u0111\u1ebfn \u0111\u1ed9 b\u1ec1n v\u00e0 \u0111\u1ed9 ch\u00ednh x\u00e1c v\u01b0\u1ee3t tr\u1ed9i nh\u1edd thi\u1ebft k\u1ebf ti\u00ean ti\u1ebfn v\u00e0 k\u1ef9 thu\u1eadt x\u1eed l\u00fd nhi\u1ec7t.<\/p>\n<p style=\"text-align: center;\">Ch\u00fang t\u00f4i t\u1ef1 h\u00e0o cung c\u1ea5p c\u00e1c gi\u1ea3i ph\u00e1p \u0111\u01b0\u1ee3c t\u00f9y ch\u1ec9nh ho\u00e0n to\u00e0n, ph\u00f9 h\u1ee3p v\u1edbi nhu c\u1ea7u c\u1ee5 th\u1ec3 c\u1ee7a b\u1ea1n. N\u1ebfu b\u1ea1n kh\u00f4ng th\u1ea5y m\u1eabu s\u1ea3n ph\u1ea9m m\u00ecnh \u0111ang t\u00ecm ki\u1ebfm trong danh s\u00e1ch s\u1ea3n ph\u1ea9m c\u1ee7a ch\u00fang t\u00f4i, \u0111\u1eebng lo l\u1eafng. \u0110i\u1ec1u \u0111\u00f3 ch\u1ec9 \u0111\u01a1n gi\u1ea3n l\u00e0 ch\u00fang t\u00f4i ch\u01b0a c\u00f3 c\u01a1 h\u1ed9i t\u1ea3i n\u00f3 l\u00ean! Vui l\u00f2ng g\u1eedi email cho ch\u00fang t\u00f4i y\u00eau c\u1ea7u c\u1ee7a b\u1ea1n, v\u00e0 c\u00e1c k\u1ef9 s\u01b0 chuy\u00ean gia c\u1ee7a ch\u00fang t\u00f4i s\u1ebd ph\u1ea3n h\u1ed3i trong v\u00f2ng 24 gi\u1edd v\u1edbi m\u1ed9t gi\u1ea3i ph\u00e1p \u0111\u01b0\u1ee3c c\u00e1 nh\u00e2n h\u00f3a. FMP l\u00e0 \u0111\u1ed1i t\u00e1c \u0111\u00e1ng tin c\u1eady c\u1ee7a b\u1ea1n v\u1ec1 b\u00e1nh r\u0103ng v\u00e0nh r\u0103ng v\u00e0 b\u00e1nh r\u0103ng pinion h\u00e0ng \u0111\u1ea7u t\u1ea1i \u00dd. Li\u00ean h\u1ec7 v\u1edbi ch\u00fang t\u00f4i ngay h\u00f4m nay v\u00e0 c\u00f9ng b\u1eaft \u0111\u1ea7u d\u1ef1 \u00e1n c\u1ee7a b\u1ea1n!<\/p>\n<p>[\/et_pb_text][\/et_pb_column][\/et_pb_row][\/et_pb_section]<\/p>","protected":false},"excerpt":{"rendered":"<p>Ring and Pinion GearsIf the product you need is not listed, go ahead and get a free quote!Best Ring and Pinion Gears Why Choose Ring and Pinion Gears Ring and pinion gears are essential components in a vehicle\u2019s drivetrain, efficiently transferring torque from the engine to the wheels by redirecting power 90 degrees through the [&hellip;]<\/p>","protected":false},"author":2,"featured_media":0,"parent":0,"menu_order":0,"comment_status":"closed","ping_status":"closed","template":"","meta":{"_et_pb_use_builder":"on","_et_pb_old_content":"","_et_gb_content_width":"","footnotes":""},"class_list":["post-7847","page","type-page","status-publish","hentry"],"_links":{"self":[{"href":"https:\/\/fmp-components.com\/vi\/wp-json\/wp\/v2\/pages\/7847","targetHints":{"allow":["GET"]}}],"collection":[{"href":"https:\/\/fmp-components.com\/vi\/wp-json\/wp\/v2\/pages"}],"about":[{"href":"https:\/\/fmp-components.com\/vi\/wp-json\/wp\/v2\/types\/page"}],"author":[{"embeddable":true,"href":"https:\/\/fmp-components.com\/vi\/wp-json\/wp\/v2\/users\/2"}],"replies":[{"embeddable":true,"href":"https:\/\/fmp-components.com\/vi\/wp-json\/wp\/v2\/comments?post=7847"}],"version-history":[{"count":12,"href":"https:\/\/fmp-components.com\/vi\/wp-json\/wp\/v2\/pages\/7847\/revisions"}],"predecessor-version":[{"id":7900,"href":"https:\/\/fmp-components.com\/vi\/wp-json\/wp\/v2\/pages\/7847\/revisions\/7900"}],"wp:attachment":[{"href":"https:\/\/fmp-components.com\/vi\/wp-json\/wp\/v2\/media?parent=7847"}],"curies":[{"name":"wp","href":"https:\/\/api.w.org\/{rel}","templated":true}]}}