{"id":7689,"date":"2025-04-03T02:27:56","date_gmt":"2025-04-03T02:27:56","guid":{"rendered":"https:\/\/fmp-components.com\/?page_id=7689"},"modified":"2025-04-03T03:16:32","modified_gmt":"2025-04-03T03:16:32","slug":"energy-technology-hydraulic-cylinders-2","status":"publish","type":"page","link":"https:\/\/fmp-components.com\/vi\/energy-technology-hydraulic-cylinders-2\/","title":{"rendered":"C\u00f4ng ngh\u1ec7 n\u0103ng l\u01b0\u1ee3ng Xi lanh th\u1ee7y l\u1ef1c"},"content":{"rendered":"<p>[et_pb_section fb_built=&#8221;1&#8243; _builder_version=&#8221;4.27.4&#8243; _module_preset=&#8221;default&#8221; use_background_color_gradient=&#8221;on&#8221; background_color_gradient_stops=&#8221;rgba(0,0,0,0.34) 0%|#5e5e5e 100%&#8221; background_color_gradient_overlays_image=&#8221;on&#8221; background_image=&#8221;https:\/\/fmp-components.com\/wp-content\/uploads\/2025\/04\/Energy-Technology-Hydraulic-Cylinders-1.webp&#8221; custom_padding=&#8221;||214px|||&#8221; global_colors_info=&#8221;{}&#8221;][et_pb_row _builder_version=&#8221;4.27.4&#8243; _module_preset=&#8221;default&#8221; custom_margin=&#8221;70px||||false|false&#8221; global_colors_info=&#8221;{}&#8221;][et_pb_column type=&#8221;4_4&#8243; _builder_version=&#8221;4.27.4&#8243; _module_preset=&#8221;default&#8221; global_colors_info=&#8221;{}&#8221;][et_pb_text _builder_version=&#8221;4.27.4&#8243; _module_preset=&#8221;default&#8221; header_font=&#8221;Frank Ruhl Libre||||||||&#8221; header_text_color=&#8221;#FFFFFF&#8221; header_font_size=&#8221;60px&#8221; header_text_shadow_style=&#8221;preset1&#8243; global_colors_info=&#8221;{}&#8221;]<\/p>\n<h1 style=\"text-align: center;\">C\u00f4ng ngh\u1ec7 n\u0103ng l\u01b0\u1ee3ng Xi lanh th\u1ee7y l\u1ef1c<\/h1>\n<p>[\/et_pb_text][\/et_pb_column][\/et_pb_row][\/et_pb_section][et_pb_section fb_built=&#8221;1&#8243; _builder_version=&#8221;4.27.4&#8243; _module_preset=&#8221;default&#8221; min_height=&#8221;443px&#8221; custom_padding=&#8221;||8px|||&#8221; global_colors_info=&#8221;{}&#8221;][et_pb_row _builder_version=&#8221;4.27.4&#8243; _module_preset=&#8221;default&#8221;][et_pb_column _builder_version=&#8221;4.27.4&#8243; _module_preset=&#8221;default&#8221; type=&#8221;4_4&#8243;][et_pb_text _builder_version=&#8221;4.27.4&#8243; _module_preset=&#8221;default&#8221; header_2_font=&#8221;Frank Ruhl Libre||||||||&#8221; header_2_font_size=&#8221;30px&#8221; hover_enabled=&#8221;0&#8243; sticky_enabled=&#8221;0&#8243;]<\/p>\n<h2 style=\"text-align: center;\">C\u00e1c lo\u1ea1i c\u00f4ng ngh\u1ec7 n\u0103ng l\u01b0\u1ee3ng Xi lanh th\u1ee7y l\u1ef1c<\/h2>\n<p>[\/et_pb_text][\/et_pb_column][\/et_pb_row][et_pb_row _builder_version=&#8221;4.27.4&#8243; _module_preset=&#8221;default&#8221; global_colors_info=&#8221;{}&#8221;][et_pb_column type=&#8221;4_4&#8243; _builder_version=&#8221;4.27.4&#8243; _module_preset=&#8221;default&#8221; global_colors_info=&#8221;{}&#8221;][et_pb_shop type=&#8221;product_category&#8221; include_categories=&#8221;29&#8243; columns_number=&#8221;3&#8243; _builder_version=&#8221;4.27.4&#8243; _module_preset=&#8221;default&#8221; title_font=&#8221;Frank Ruhl Libre||||||||&#8221; title_text_align=&#8221;center&#8221; title_font_size=&#8221;22px&#8221; global_colors_info=&#8221;{}&#8221;][\/et_pb_shop][\/et_pb_column][\/et_pb_row][\/et_pb_section][et_pb_section fb_built=&#8221;1&#8243; _builder_version=&#8221;4.27.4&#8243; _module_preset=&#8221;default&#8221; use_background_color_gradient=&#8221;on&#8221; background_color_gradient_stops=&#8221;rgba(0,0,0,0.4) 0%|rgba(0,0,0,0.4) 100%&#8221; background_color_gradient_overlays_image=&#8221;on&#8221; background_image=&#8221;https:\/\/fmp-components.com\/wp-content\/uploads\/2025\/04\/Energy-Technology-Hydraulic-Cylinders-1-1.webp&#8221; custom_padding=&#8221;||33px|||&#8221; global_colors_info=&#8221;{}&#8221;][et_pb_row _builder_version=&#8221;4.27.4&#8243; _module_preset=&#8221;default&#8221; global_colors_info=&#8221;{}&#8221;][et_pb_column type=&#8221;4_4&#8243; _builder_version=&#8221;4.27.4&#8243; _module_preset=&#8221;default&#8221; global_colors_info=&#8221;{}&#8221;][et_pb_text _builder_version=&#8221;4.27.4&#8243; _module_preset=&#8221;default&#8221; text_text_color=&#8221;#FFFFFF&#8221; text_font_size=&#8221;16px&#8221; text_line_height=&#8221;1.8em&#8221; header_2_font=&#8221;Frank Ruhl Libre||||||||&#8221; header_2_text_color=&#8221;#FFFFFF&#8221; header_2_font_size=&#8221;40px&#8221; text_text_shadow_style=&#8221;preset1&#8243; global_colors_info=&#8221;{}&#8221;]<\/p>\n<h2 style=\"text-align: center;\">C\u00f4ng ngh\u1ec7 n\u0103ng l\u01b0\u1ee3ng Xi lanh th\u1ee7y l\u1ef1c: Th\u00fac \u0111\u1ea9y \u0111\u1ed5i m\u1edbi v\u1edbi FMP<\/h2>\n<p style=\"text-align: center;\">Trong l\u0129nh v\u1ef1c c\u00f4ng ngh\u1ec7 n\u0103ng l\u01b0\u1ee3ng \u0111ang ph\u00e1t tri\u1ec3n nhanh ch\u00f3ng, xi lanh th\u1ee7y l\u1ef1c \u0111\u00f3ng vai tr\u00f2 quan tr\u1ecdng trong vi\u1ec7c \u0111\u1ea3m b\u1ea3o hi\u1ec7u qu\u1ea3 v\u00e0 \u0111\u1ed9 tin c\u1eady trong c\u00e1c \u1ee9ng d\u1ee5ng nh\u01b0 h\u1ec7 th\u1ed1ng n\u0103ng l\u01b0\u1ee3ng t\u00e1i t\u1ea1o, thi\u1ebft b\u1ecb ph\u00e1t \u0111i\u1ec7n v\u00e0 m\u00e1y m\u00f3c c\u00f4ng nghi\u1ec7p. T\u1ea1i C\u00f4ng ty FMP, ch\u00fang t\u00f4i chuy\u00ean s\u1ea3n xu\u1ea5t \u0111a d\u1ea1ng c\u00e1c lo\u1ea1i Xi lanh Th\u1ee7y l\u1ef1c C\u00f4ng ngh\u1ec7 N\u0103ng l\u01b0\u1ee3ng, \u0111\u01b0\u1ee3c thi\u1ebft k\u1ebf \u0111\u1ec3 \u0111\u00e1p \u1ee9ng nhu c\u1ea7u \u0111\u1eb7c th\u00f9 c\u1ee7a l\u0129nh v\u1ef1c n\u0103ng \u0111\u1ed9ng n\u00e0y. T\u1eeb xi lanh h\u00e0n v\u00e0 xi lanh \u1ed1ng l\u1ed3ng ti\u00eau chu\u1ea9n \u0111\u1ebfn xi lanh th\u00f4ng minh c\u1ea3m bi\u1ebfn v\u1ecb tr\u00ed v\u00e0 \u00e1p su\u1ea5t cao ti\u00ean ti\u1ebfn, s\u1ea3n ph\u1ea9m c\u1ee7a ch\u00fang t\u00f4i \u0111\u01b0\u1ee3c thi\u1ebft k\u1ebf \u0111\u1ec3 \u0111\u1ea1t hi\u1ec7u su\u1ea5t cao nh\u1ea5t. Ch\u00fang t\u00f4i c\u0169ng cung c\u1ea5p c\u00e1c gi\u1ea3i ph\u00e1p ho\u00e0n to\u00e0n t\u00f9y ch\u1ec9nh \u0111\u1ec3 ph\u00f9 h\u1ee3p v\u1edbi nhu c\u1ea7u c\u1ee5 th\u1ec3 c\u1ee7a b\u1ea1n, t\u1ef1 h\u00e0o ph\u1ee5c v\u1ee5 c\u00e1c chuy\u00ean gia n\u0103ng l\u01b0\u1ee3ng tr\u00ean kh\u1eafp n\u01b0\u1edbc \u00dd, bao g\u1ed3m c\u00e1c trung t\u00e2m ch\u00ednh nh\u01b0 Milan, Venice, Florence v\u00e0 Bologna. N\u1ebfu b\u1ea1n kh\u00f4ng th\u1ea5y m\u1eabu ch\u00ednh x\u00e1c m\u00ecnh c\u1ea7n trong danh s\u00e1ch s\u1ea3n ph\u1ea9m c\u1ee7a ch\u00fang t\u00f4i, c\u00f3 th\u1ec3 m\u1eabu \u0111\u00f3 ch\u01b0a \u0111\u01b0\u1ee3c t\u1ea3i l\u00ean\u2014ch\u1ec9 c\u1ea7n g\u1eedi email cho ch\u00fang t\u00f4i k\u00e8m theo th\u00f4ng s\u1ed1 k\u1ef9 thu\u1eadt c\u1ee7a b\u1ea1n v\u00e0 c\u00e1c k\u1ef9 s\u01b0 chuy\u00ean gia c\u1ee7a ch\u00fang t\u00f4i s\u1ebd ph\u1ea3n h\u1ed3i trong v\u00f2ng 24 gi\u1edd v\u1edbi m\u1ed9t gi\u1ea3i ph\u00e1p ph\u00f9 h\u1ee3p, \u0111\u1ea3m b\u1ea3o c\u00e1c d\u1ef1 \u00e1n c\u1ee7a b\u1ea1n trong b\u1ed1i c\u1ea3nh n\u0103ng l\u01b0\u1ee3ng c\u1ee7a \u00dd lu\u00f4n \u0111i \u0111\u00fang h\u01b0\u1edbng.<\/p>\n<p>[\/et_pb_text][\/et_pb_column][\/et_pb_row][\/et_pb_section]<\/p>","protected":false},"excerpt":{"rendered":"<p>Energy Technology Hydraulic CylindersTypes of Energy Technology Hydraulic CylindersEnergy Technology Hydraulic Cylinders: Powering Innovation with FMP In the rapidly evolving field of energy technology, hydraulic cylinders play a critical role in ensuring efficiency and reliability across applications like renewable energy systems, power generation equipment, and industrial machinery. At FMP Company, we specialize in producing a [&hellip;]<\/p>","protected":false},"author":2,"featured_media":0,"parent":0,"menu_order":0,"comment_status":"closed","ping_status":"closed","template":"","meta":{"_et_pb_use_builder":"on","_et_pb_old_content":"","_et_gb_content_width":"","footnotes":""},"class_list":["post-7689","page","type-page","status-publish","hentry"],"_links":{"self":[{"href":"https:\/\/fmp-components.com\/vi\/wp-json\/wp\/v2\/pages\/7689","targetHints":{"allow":["GET"]}}],"collection":[{"href":"https:\/\/fmp-components.com\/vi\/wp-json\/wp\/v2\/pages"}],"about":[{"href":"https:\/\/fmp-components.com\/vi\/wp-json\/wp\/v2\/types\/page"}],"author":[{"embeddable":true,"href":"https:\/\/fmp-components.com\/vi\/wp-json\/wp\/v2\/users\/2"}],"replies":[{"embeddable":true,"href":"https:\/\/fmp-components.com\/vi\/wp-json\/wp\/v2\/comments?post=7689"}],"version-history":[{"count":5,"href":"https:\/\/fmp-components.com\/vi\/wp-json\/wp\/v2\/pages\/7689\/revisions"}],"predecessor-version":[{"id":7696,"href":"https:\/\/fmp-components.com\/vi\/wp-json\/wp\/v2\/pages\/7689\/revisions\/7696"}],"wp:attachment":[{"href":"https:\/\/fmp-components.com\/vi\/wp-json\/wp\/v2\/media?parent=7689"}],"curies":[{"name":"wp","href":"https:\/\/api.w.org\/{rel}","templated":true}]}}