{"id":7581,"date":"2025-03-31T05:23:31","date_gmt":"2025-03-31T05:23:31","guid":{"rendered":"https:\/\/fmp-components.com\/?page_id=7581"},"modified":"2025-04-02T01:46:51","modified_gmt":"2025-04-02T01:46:51","slug":"industrial-engineering-hydraulic-cylinders-2","status":"publish","type":"page","link":"https:\/\/fmp-components.com\/vi\/industrial-engineering-hydraulic-cylinders-2\/","title":{"rendered":"Xi lanh th\u1ee7y l\u1ef1c k\u1ef9 thu\u1eadt c\u00f4ng nghi\u1ec7p"},"content":{"rendered":"<p>[et_pb_section fb_built=&#8221;1&#8243; theme_builder_area=&#8221;post_content&#8221; _builder_version=&#8221;4.27.4&#8243; _module_preset=&#8221;default&#8221; alt=&#8221;Industrial-Engineering-Hydraulic-Cylinders&#8221; title_text=&#8221;Industrial-Engineering-Hydraulic-Cylinders-1&#8243; background_image=&#8221;https:\/\/fmp-components.com\/wp-content\/uploads\/2025\/04\/Industrial-Engineering-Hydraulic-Cylinders-1-1.webp&#8221; hover_enabled=&#8221;0&#8243; sticky_enabled=&#8221;0&#8243; custom_padding=&#8221;||146px|||&#8221;][et_pb_row _builder_version=&#8221;4.27.4&#8243; _module_preset=&#8221;default&#8221; theme_builder_area=&#8221;post_content&#8221; custom_margin=&#8221;50px||||false|false&#8221; hover_enabled=&#8221;0&#8243; sticky_enabled=&#8221;0&#8243;][et_pb_column _builder_version=&#8221;4.27.4&#8243; _module_preset=&#8221;default&#8221; type=&#8221;4_4&#8243; theme_builder_area=&#8221;post_content&#8221;][et_pb_text _builder_version=&#8221;4.27.4&#8243; _module_preset=&#8221;default&#8221; theme_builder_area=&#8221;post_content&#8221; header_font=&#8221;Frank Ruhl Libre||||||||&#8221; header_font_size=&#8221;60px&#8221; header_text_color=&#8221;#FFFFFF&#8221; header_text_shadow_style=&#8221;preset1&#8243; hover_enabled=&#8221;0&#8243; sticky_enabled=&#8221;0&#8243;]<\/p>\n<h1 style=\"text-align: center;\">Xi lanh th\u1ee7y l\u1ef1c k\u1ef9 thu\u1eadt c\u00f4ng nghi\u1ec7p<\/h1>\n<p>[\/et_pb_text][\/et_pb_column][\/et_pb_row][\/et_pb_section][et_pb_section fb_built=&#8221;1&#8243; theme_builder_area=&#8221;post_content&#8221; _builder_version=&#8221;4.27.4&#8243; _module_preset=&#8221;default&#8221; custom_padding=&#8221;||9px|||&#8221;][et_pb_row _builder_version=&#8221;4.27.4&#8243; _module_preset=&#8221;default&#8221; theme_builder_area=&#8221;post_content&#8221;][et_pb_column _builder_version=&#8221;4.27.4&#8243; _module_preset=&#8221;default&#8221; type=&#8221;4_4&#8243; theme_builder_area=&#8221;post_content&#8221;][et_pb_text _builder_version=&#8221;4.27.4&#8243; _module_preset=&#8221;default&#8221; theme_builder_area=&#8221;post_content&#8221; header_2_font=&#8221;Frank Ruhl Libre||||||||&#8221; header_2_font_size=&#8221;30px&#8221; hover_enabled=&#8221;0&#8243; sticky_enabled=&#8221;0&#8243;]<\/p>\n<h2 style=\"text-align: center;\">C\u00e1c lo\u1ea1i xi lanh th\u1ee7y l\u1ef1c k\u1ef9 thu\u1eadt c\u00f4ng nghi\u1ec7p<\/h2>\n<p>[\/et_pb_text][et_pb_shop _builder_version=&#8221;4.27.4&#8243; _module_preset=&#8221;default&#8221; theme_builder_area=&#8221;post_content&#8221; show_pagination=&#8221;on&#8221; hover_enabled=&#8221;0&#8243; sticky_enabled=&#8221;0&#8243;][\/et_pb_shop][\/et_pb_column][\/et_pb_row][\/et_pb_section][et_pb_section fb_built=&#8221;1&#8243; theme_builder_area=&#8221;post_content&#8221; _builder_version=&#8221;4.27.4&#8243; _module_preset=&#8221;default&#8221;][et_pb_row _builder_version=&#8221;4.27.4&#8243; _module_preset=&#8221;default&#8221; column_structure=&#8221;1_2,1_2&#8243; theme_builder_area=&#8221;post_content&#8221; width=&#8221;100%&#8221; max_width=&#8221;1250px&#8221; hover_enabled=&#8221;0&#8243; sticky_enabled=&#8221;0&#8243;][et_pb_column _builder_version=&#8221;4.27.4&#8243; _module_preset=&#8221;default&#8221; type=&#8221;1_2&#8243; theme_builder_area=&#8221;post_content&#8221;][et_pb_image src=&#8221;https:\/\/fmp-components.com\/wp-content\/uploads\/2025\/04\/Industrial-Engineering-Hydraulic-Cylinders-Factory-2.webp&#8221; _builder_version=&#8221;4.27.4&#8243; _module_preset=&#8221;default&#8221; theme_builder_area=&#8221;post_content&#8221; alt=&#8221;Industrial-Engineering-Hydraulic-Cylinders-Factory&#8221; title_text=&#8221;Industrial-Engineering-Hydraulic-Cylinders-Factory-2&#8243; hover_enabled=&#8221;0&#8243; sticky_enabled=&#8221;0&#8243;][\/et_pb_image][\/et_pb_column][et_pb_column _builder_version=&#8221;4.27.4&#8243; _module_preset=&#8221;default&#8221; type=&#8221;1_2&#8243; theme_builder_area=&#8221;post_content&#8221;][et_pb_text _builder_version=&#8221;4.27.4&#8243; _module_preset=&#8221;default&#8221; theme_builder_area=&#8221;post_content&#8221; header_2_font=&#8221;Frank Ruhl Libre||||||||&#8221; text_font_size=&#8221;16px&#8221; text_line_height=&#8221;1.8em&#8221; hover_enabled=&#8221;0&#8243; sticky_enabled=&#8221;0&#8243;]<\/p>\n<h2>Xi lanh th\u1ee7y l\u1ef1c hi\u1ec7u su\u1ea5t cao d\u00e0nh cho ng\u00e0nh k\u1ef9 thu\u1eadt c\u00f4ng nghi\u1ec7p c\u1ee7a \u00dd<\/h2>\n<p>C\u00f4ng ty FMP chuy\u00ean s\u1ea3n xu\u1ea5t xi lanh th\u1ee7y l\u1ef1c cao c\u1ea5p \u0111\u01b0\u1ee3c thi\u1ebft k\u1ebf \u0111\u1ec3 \u0111\u00e1p \u1ee9ng nhu c\u1ea7u kh\u1eaft khe c\u1ee7a c\u00e1c \u1ee9ng d\u1ee5ng c\u00f4ng nghi\u1ec7p. T\u1eeb c\u00e1c trung t\u00e2m s\u1ea3n xu\u1ea5t c\u1ee7a Milan \u0111\u1ebfn c\u00e1c ng\u00e0nh c\u00f4ng nghi\u1ec7p h\u00e0ng h\u1ea3i c\u1ee7a Venice, danh m\u1ee5c s\u1ea3n ph\u1ea9m \u0111a d\u1ea1ng c\u1ee7a ch\u00fang t\u00f4i bao g\u1ed3m\u00a0<em>xi lanh th\u1ee7y l\u1ef1c h\u00e0n<\/em>,\u00a0<em>xi lanh van t\u00edch h\u1ee3p<\/em>,\u00a0<em>xi lanh th\u00f4ng minh c\u1ea3m bi\u1ebfn v\u1ecb tr\u00ed<\/em>, V\u00e0\u00a0<em>m\u00f4 h\u00ecnh \u00e1p su\u1ea5t cao<\/em>\u00a0\u0110\u01b0\u1ee3c thi\u1ebft k\u1ebf cho m\u00f4i tr\u01b0\u1eddng kh\u1eafc nghi\u1ec7t. D\u00f9 ho\u1ea1t \u0111\u1ed9ng c\u1ee7a b\u1ea1n thu\u1ed9c l\u0129nh v\u1ef1c c\u01a1 kh\u00ed ch\u00ednh x\u00e1c t\u1ea1i Florence hay c\u00e1c ng\u00e0nh c\u00f4ng nghi\u1ec7p t\u1ef1 \u0111\u1ed9ng h\u00f3a t\u1ea1i Bologna, ch\u00fang t\u00f4i \u0111\u1ec1u cung c\u1ea5p c\u00e1c gi\u1ea3i ph\u00e1p Purpose-Built\u2122 v\u1edbi ch\u1ea5t l\u01b0\u1ee3ng \u0111\u1ea1t ch\u1ee9ng nh\u1eadn ISO 9001:2015. T\u00f9y ch\u1ec9nh l\u00e0 c\u1ed1t l\u00f5i c\u1ee7a ch\u00fang t\u00f4i\u2014c\u00e1c k\u1ef9 s\u01b0 c\u1ee7a ch\u00fang t\u00f4i h\u1ee3p t\u00e1c v\u1edbi c\u00e1c nh\u00e0 t\u00edch h\u1ee3p, OEM v\u00e0 \u0111\u1ea1i l\u00fd tr\u00ean kh\u1eafp n\u01b0\u1edbc \u00dd \u0111\u1ec3 ph\u00e1t tri\u1ec3n c\u00e1c h\u1ec7 th\u1ed1ng th\u1ee7y l\u1ef1c \u0111\u01b0\u1ee3c thi\u1ebft k\u1ebf ri\u00eang, bao g\u1ed3m th\u1eed nghi\u1ec7m nguy\u00ean m\u1eabu v\u00e0 c\u00e1c ch\u1ee9ng nh\u1eadn chuy\u00ean bi\u1ec7t (ABS, ANSI). N\u1ebfu model b\u1ea1n y\u00eau c\u1ea7u kh\u00f4ng c\u00f3 trong danh s\u00e1ch, vui l\u00f2ng g\u1eedi email tr\u1ef1c ti\u1ebfp cho ch\u00fang t\u00f4i. \u0110\u1ed9i ng\u0169 c\u1ee7a ch\u00fang t\u00f4i s\u1ebd ph\u1ea3n h\u1ed3i trong v\u00f2ng 24 gi\u1edd \u0111\u1ec3 x\u00e1c nh\u1eadn t\u00ednh kh\u1ea3 thi, \u0111\u1ea3m b\u1ea3o kh\u00f4ng c\u00f3 d\u1ef1 \u00e1n n\u00e0o trong b\u1ed1i c\u1ea3nh c\u00f4ng nghi\u1ec7p n\u0103ng \u0111\u1ed9ng c\u1ee7a \u00dd b\u1ecb ch\u1eadm tr\u1ec5.<\/p>\n<p>[\/et_pb_text][\/et_pb_column][\/et_pb_row][et_pb_row _builder_version=&#8221;4.27.4&#8243; _module_preset=&#8221;default&#8221; column_structure=&#8221;1_2,1_2&#8243; theme_builder_area=&#8221;post_content&#8221; width=&#8221;100%&#8221; max_width=&#8221;1250px&#8221; hover_enabled=&#8221;0&#8243; sticky_enabled=&#8221;0&#8243;][et_pb_column _builder_version=&#8221;4.27.4&#8243; _module_preset=&#8221;default&#8221; type=&#8221;1_2&#8243; theme_builder_area=&#8221;post_content&#8221;][et_pb_text _builder_version=&#8221;4.27.4&#8243; _module_preset=&#8221;default&#8221; theme_builder_area=&#8221;post_content&#8221; header_2_font=&#8221;Frank Ruhl Libre||||||||&#8221; text_font_size=&#8221;16px&#8221; text_line_height=&#8221;1.8em&#8221; hover_enabled=&#8221;0&#8243; sticky_enabled=&#8221;0&#8243; custom_padding=&#8221;47px|||||&#8221;]<\/p>\n<h2>Gi\u1ea3i ph\u00e1p th\u1ee7y l\u1ef1c \u0111\u00e1ng tin c\u1eady, \u0111\u01b0\u1ee3c h\u1ed7 tr\u1ee3 t\u1ea1i \u0111\u1ecba ph\u01b0\u01a1ng<\/h2>\n<p>T\u1ea1i FMP, ch\u00fang t\u00f4i k\u1ebft h\u1ee3p k\u1ef9 thu\u1eadt xu\u1ea5t s\u1eafc c\u1ee7a M\u1ef9 v\u1edbi s\u1ef1 h\u1ed7 tr\u1ee3 t\u1ea1i \u0111\u1ecba ph\u01b0\u01a1ng cho c\u00e1c khu v\u1ef1c tr\u1ecdng \u0111i\u1ec3m c\u1ee7a \u00dd. Xi lanh th\u1ee7y l\u1ef1c ch\u1ecbu t\u1ea3i tr\u1ecdng n\u1eb7ng v\u00e0 h\u1ec7 th\u1ed1ng th\u1ee7y l\u1ef1c \u1ed1ng l\u1ed3ng c\u1ee7a ch\u00fang t\u00f4i \u0111\u01b0\u1ee3c tin d\u00f9ng t\u1ea1i c\u00e1c nh\u00e0 m\u00e1y th\u00e9p \u1edf Milan v\u00e0 m\u00e1y m\u00f3c c\u1ea3ng \u1edf Venice, mang l\u1ea1i \u0111\u1ed9 b\u1ec1n v\u01b0\u1ee3t tr\u1ed9i v\u00e0 chi ph\u00ed b\u1ea3o tr\u00ec th\u1ea5p. \u0110\u1ed1i v\u1edbi c\u00e1c doanh nghi\u1ec7p s\u1ea3n xu\u1ea5t th\u1ee7 c\u00f4ng \u1edf Florence ho\u1eb7c l\u0129nh v\u1ef1c thi\u1ebft b\u1ecb n\u00f4ng nghi\u1ec7p \u1edf Bologna, kh\u1ea3 n\u0103ng ki\u1ec3m so\u00e1t n\u1ed9i b\u1ed9 c\u1ee7a ch\u00fang t\u00f4i \u0111\u1ed1i v\u1edbi thi\u1ebft k\u1ebf v\u00e0 s\u1ea3n xu\u1ea5t \u0111\u1ea3m b\u1ea3o th\u1eddi gian ho\u00e0n th\u00e0nh nhanh ch\u00f3ng. L\u00e0 \u0111\u1ed1i t\u00e1c \u0111\u01b0\u1ee3c ch\u1ee9ng nh\u1eadn cho c\u00e1c nh\u00e0 t\u00edch h\u1ee3p v\u00e0 \u0111\u1ea1i l\u00fd b\u00e1n l\u1ebb, ch\u00fang t\u00f4i cung c\u1ea5p s\u1ef1 linh ho\u1ea1t v\u1ec1 kho b\u00e3i v\u00e0 chuy\u00ean m\u00f4n k\u1ef9 thu\u1eadt \u0111\u1ec3 m\u1edf r\u1ed9ng ph\u1ea1m vi th\u1ecb tr\u01b0\u1eddng c\u1ee7a b\u1ea1n. Kh\u00e1m ph\u00e1 danh m\u1ee5c c\u1ee7a ch\u00fang t\u00f4i ho\u1eb7c y\u00eau c\u1ea7u b\u00e1o gi\u00e1 ngay h\u00f4m nay\u2014v\u00e0 n\u1ebfu xi lanh l\u00fd t\u01b0\u1edfng c\u1ee7a b\u1ea1n kh\u00f4ng c\u00f3 trong danh s\u00e1ch, vui l\u00f2ng li\u00ean h\u1ec7 v\u1edbi ch\u00fang t\u00f4i qua email.<\/p>\n<p>[\/et_pb_text][\/et_pb_column][et_pb_column _builder_version=&#8221;4.27.4&#8243; _module_preset=&#8221;default&#8221; type=&#8221;1_2&#8243; theme_builder_area=&#8221;post_content&#8221;][et_pb_image src=&#8221;https:\/\/fmp-components.com\/wp-content\/uploads\/2025\/04\/Industrial-Engineering-Hydraulic-Cylinders-Factory-1.webp&#8221; _builder_version=&#8221;4.27.4&#8243; _module_preset=&#8221;default&#8221; theme_builder_area=&#8221;post_content&#8221; alt=&#8221;Industrial-Engineering-Hydraulic-Cylinders-Factory&#8221; title_text=&#8221;Industrial-Engineering-Hydraulic-Cylinders-Factory-1&#8243; hover_enabled=&#8221;0&#8243; sticky_enabled=&#8221;0&#8243;][\/et_pb_image][\/et_pb_column][\/et_pb_row][\/et_pb_section]<\/p>","protected":false},"excerpt":{"rendered":"<p>Industrial Engineering Hydraulic CylindersTypes of Industrial Engineering Hydraulic CylindersHigh-Performance Hydraulic Cylinders for Italy\u2019s Industrial Engineering Sector FMP Company specializes in manufacturing premium hydraulic cylinders engineered to meet the rigorous demands of industrial applications. From\u00a0Milan\u2019s manufacturing hubs\u00a0to\u00a0Venice\u2019s marine industries, our diverse product range includes\u00a0welded hydraulic cylinders,\u00a0integrated valve cylinders,\u00a0position-sensing smart cylinders, and\u00a0high-pressure models\u00a0designed for extreme environments. Whether [&hellip;]<\/p>","protected":false},"author":2,"featured_media":0,"parent":0,"menu_order":0,"comment_status":"closed","ping_status":"closed","template":"","meta":{"_et_pb_use_builder":"on","_et_pb_old_content":"","_et_gb_content_width":"","footnotes":""},"class_list":["post-7581","page","type-page","status-publish","hentry"],"_links":{"self":[{"href":"https:\/\/fmp-components.com\/vi\/wp-json\/wp\/v2\/pages\/7581","targetHints":{"allow":["GET"]}}],"collection":[{"href":"https:\/\/fmp-components.com\/vi\/wp-json\/wp\/v2\/pages"}],"about":[{"href":"https:\/\/fmp-components.com\/vi\/wp-json\/wp\/v2\/types\/page"}],"author":[{"embeddable":true,"href":"https:\/\/fmp-components.com\/vi\/wp-json\/wp\/v2\/users\/2"}],"replies":[{"embeddable":true,"href":"https:\/\/fmp-components.com\/vi\/wp-json\/wp\/v2\/comments?post=7581"}],"version-history":[{"count":8,"href":"https:\/\/fmp-components.com\/vi\/wp-json\/wp\/v2\/pages\/7581\/revisions"}],"predecessor-version":[{"id":7611,"href":"https:\/\/fmp-components.com\/vi\/wp-json\/wp\/v2\/pages\/7581\/revisions\/7611"}],"wp:attachment":[{"href":"https:\/\/fmp-components.com\/vi\/wp-json\/wp\/v2\/media?parent=7581"}],"curies":[{"name":"wp","href":"https:\/\/api.w.org\/{rel}","templated":true}]}}