{"id":7564,"date":"2025-03-28T07:42:54","date_gmt":"2025-03-28T07:42:54","guid":{"rendered":"https:\/\/fmp-components.com\/?page_id=7564"},"modified":"2025-03-28T08:55:16","modified_gmt":"2025-03-28T08:55:16","slug":"mobile-machinery-hydraulic-cylinders","status":"publish","type":"page","link":"https:\/\/fmp-components.com\/vi\/mobile-machinery-hydraulic-cylinders\/","title":{"rendered":"Xi lanh th\u1ee7y l\u1ef1c m\u00e1y m\u00f3c di \u0111\u1ed9ng"},"content":{"rendered":"<p>[et_pb_section fb_built=&#8221;1&#8243; theme_builder_area=&#8221;post_content&#8221; _builder_version=&#8221;4.27.4&#8243; _module_preset=&#8221;default&#8221; alt=&#8221;Mobile-Machinery-Hydraulic-Cylinders-Banner&#8221; title_text=&#8221;Mobile-Machinery-Hydraulic-Cylinders-Banner-1&#8243; background_image=&#8221;https:\/\/fmp-components.com\/wp-content\/uploads\/2025\/03\/Mobile-Machinery-Hydraulic-Cylinders-Banner-1.webp&#8221; hover_enabled=&#8221;0&#8243; sticky_enabled=&#8221;0&#8243; min_height=&#8221;296px&#8221;][et_pb_row _builder_version=&#8221;4.27.4&#8243; _module_preset=&#8221;default&#8221; theme_builder_area=&#8221;post_content&#8221;][et_pb_column _builder_version=&#8221;4.27.4&#8243; _module_preset=&#8221;default&#8221; type=&#8221;4_4&#8243; theme_builder_area=&#8221;post_content&#8221;][et_pb_text _builder_version=&#8221;4.27.4&#8243; _module_preset=&#8221;default&#8221; theme_builder_area=&#8221;post_content&#8221; text_text_shadow_style=&#8221;preset1&#8243; header_font=&#8221;Frank Ruhl Libre||||||||&#8221; header_font_size=&#8221;60px&#8221; header_text_align=&#8221;center&#8221; hover_enabled=&#8221;0&#8243; sticky_enabled=&#8221;0&#8243; header_text_color=&#8221;#FFFFFF&#8221; header_text_shadow_style=&#8221;preset1&#8243;]<\/p>\n<h1 class=\"et_pb_toggle_title\" style=\"text-align: center;\">Xi lanh th\u1ee7y l\u1ef1c m\u00e1y m\u00f3c di \u0111\u1ed9ng<\/h1>\n<p>[\/et_pb_text][\/et_pb_column][\/et_pb_row][\/et_pb_section][et_pb_section fb_built=&#8221;1&#8243; theme_builder_area=&#8221;post_content&#8221; _builder_version=&#8221;4.27.4&#8243; _module_preset=&#8221;default&#8221;][et_pb_row _builder_version=&#8221;4.27.4&#8243; _module_preset=&#8221;default&#8221; theme_builder_area=&#8221;post_content&#8221;][et_pb_column _builder_version=&#8221;4.27.4&#8243; _module_preset=&#8221;default&#8221; type=&#8221;4_4&#8243; theme_builder_area=&#8221;post_content&#8221;][et_pb_text _builder_version=&#8221;4.27.4&#8243; _module_preset=&#8221;default&#8221; theme_builder_area=&#8221;post_content&#8221; header_2_font=&#8221;Frank Ruhl Libre||||||||&#8221; header_2_font_size=&#8221;40px&#8221; hover_enabled=&#8221;0&#8243; sticky_enabled=&#8221;0&#8243;]<\/p>\n<h2 style=\"text-align: center;\">C\u00e1c lo\u1ea1i xi lanh th\u1ee7y l\u1ef1c m\u00e1y m\u00f3c di \u0111\u1ed9ng<\/h2>\n<p>[\/et_pb_text][et_pb_shop _builder_version=&#8221;4.27.4&#8243; _module_preset=&#8221;default&#8221; theme_builder_area=&#8221;post_content&#8221; type=&#8221;product_category&#8221; include_categories=&#8221;25&#8243; columns_number=&#8221;3&#8243; hover_enabled=&#8221;0&#8243; sticky_enabled=&#8221;0&#8243; title_font=&#8221;Frank Ruhl Libre||||||||&#8221; title_text_align=&#8221;center&#8221; title_font_size=&#8221;20px&#8221;][\/et_pb_shop][\/et_pb_column][\/et_pb_row][\/et_pb_section][et_pb_section fb_built=&#8221;1&#8243; theme_builder_area=&#8221;post_content&#8221; _builder_version=&#8221;4.27.4&#8243; _module_preset=&#8221;default&#8221;][et_pb_row _builder_version=&#8221;4.27.4&#8243; _module_preset=&#8221;default&#8221; theme_builder_area=&#8221;post_content&#8221;][et_pb_column _builder_version=&#8221;4.27.4&#8243; _module_preset=&#8221;default&#8221; type=&#8221;4_4&#8243; theme_builder_area=&#8221;post_content&#8221;][et_pb_text _builder_version=&#8221;4.27.4&#8243; _module_preset=&#8221;default&#8221; theme_builder_area=&#8221;post_content&#8221; header_2_font=&#8221;Frank Ruhl Libre||||||||&#8221; header_2_font_size=&#8221;30px&#8221; hover_enabled=&#8221;0&#8243; sticky_enabled=&#8221;0&#8243;]<\/p>\n<h2 style=\"text-align: center;\">Xi lanh th\u1ee7y l\u1ef1c m\u00e1y m\u00f3c di \u0111\u1ed9ng: Cung c\u1ea5p n\u0103ng l\u01b0\u1ee3ng cho m\u00e1y m\u00f3c trong nhi\u1ec1u ng\u00e0nh c\u00f4ng nghi\u1ec7p<\/h2>\n<p>[\/et_pb_text][\/et_pb_column][\/et_pb_row][et_pb_row _builder_version=&#8221;4.27.4&#8243; _module_preset=&#8221;default&#8221; column_structure=&#8221;1_2,1_2&#8243; theme_builder_area=&#8221;post_content&#8221; use_custom_gutter=&#8221;on&#8221; gutter_width=&#8221;2&#8243; hover_enabled=&#8221;0&#8243; sticky_enabled=&#8221;0&#8243; width=&#8221;100%&#8221; max_width=&#8221;1200px&#8221;][et_pb_column _builder_version=&#8221;4.27.4&#8243; _module_preset=&#8221;default&#8221; type=&#8221;1_2&#8243; theme_builder_area=&#8221;post_content&#8221;][et_pb_text _builder_version=&#8221;4.27.4&#8243; _module_preset=&#8221;default&#8221; theme_builder_area=&#8221;post_content&#8221; text_font_size=&#8221;16px&#8221; text_line_height=&#8221;1.8em&#8221; hover_enabled=&#8221;0&#8243; sticky_enabled=&#8221;0&#8243;]<\/p>\n<div>\n<p class=\"break-words\">Xi lanh th\u1ee7y l\u1ef1c gi\u1ed1ng nh\u01b0 nh\u1eefng c\u01a1 b\u1eafp kh\u1ecfe m\u1ea1nh b\u00ean trong m\u00e1y m\u00f3c di \u0111\u1ed9ng. Ch\u00fang cung c\u1ea5p cho m\u00e1y m\u00f3c s\u1ee9c m\u1ea1nh v\u00e0 kh\u1ea3 n\u0103ng ki\u1ec3m so\u00e1t c\u1ea7n thi\u1ebft \u0111\u1ec3 th\u1ef1c hi\u1ec7n nh\u1eefng c\u00f4ng vi\u1ec7c kh\u00f3 kh\u0103n \u1edf m\u1ecdi \u0111\u1ecba h\u00ecnh. T\u1ea1i \u00dd, t\u1eeb c\u00e1c c\u00f4ng tr\u01b0\u1eddng x\u00e2y d\u1ef1ng b\u1eadn r\u1ed9n \u1edf Milan \u0111\u1ebfn nh\u1eefng c\u00e1nh \u0111\u1ed3ng n\u00f4ng nghi\u1ec7p g\u1ea7n Florence, nh\u1eefng b\u1ed9 ph\u1eadn n\u00e0y c\u1ef1c k\u1ef3 quan tr\u1ecdng \u0111\u1ed1i v\u1edbi c\u00e1c lo\u1ea1i m\u00e1y m\u00f3c nh\u01b0 m\u00e1y \u0111\u00e0o, xe ben v\u00e0 m\u00e1y k\u00e9o. Xi lanh th\u1ee7y l\u1ef1c \u0111\u01b0\u1ee3c ch\u1ebf t\u1ea1o ch\u1eafc ch\u1eafn \u0111\u1ec3 ch\u1ecbu \u0111\u01b0\u1ee3c \u00e1p l\u1ef1c l\u1edbn, th\u1eddi ti\u1ebft n\u00f3ng ho\u1eb7c l\u1ea1nh, v\u00e0 nhi\u1ec1u b\u1ee5i. \u0110i\u1ec1u n\u00e0y gi\u00fap m\u00e1y m\u00f3c ho\u1ea1t \u0111\u1ed9ng t\u1ed1t m\u00e0 kh\u00f4ng b\u1ecb h\u1ecfng h\u00f3c.<\/p>\n<p class=\"break-words\">V\u00ed d\u1ee5, trong x\u00e2y d\u1ef1ng, xi lanh th\u1ee7y l\u1ef1c gi\u00fap c\u00e1c m\u00e1y m\u00f3c nh\u01b0 m\u00e1y \u0111\u00e0o v\u00e0 c\u1ea7n c\u1ea9u n\u00e2ng v\u1eadt n\u1eb7ng v\u00e0 \u0111\u1eb7t ch\u00fang ch\u00ednh x\u00e1c v\u00e0o v\u1ecb tr\u00ed c\u1ea7n thi\u1ebft. T\u1ea1i c\u00e1c trang tr\u1ea1i g\u1ea7n Venice, ch\u00fang gi\u00fap m\u00e1y g\u1eb7t v\u00e0 d\u1ee5ng c\u1ee5 tr\u1ed3ng tr\u1ecdt ho\u1ea1t \u0111\u1ed9ng t\u1ed1t h\u01a1n, gi\u00fap n\u00f4ng d\u00e2n ho\u00e0n th\u00e0nh c\u00f4ng vi\u1ec7c nhanh h\u01a1n. Thi\u1ebft k\u1ebf ch\u1eafc ch\u1eafn c\u1ee7a ch\u00fang khi\u1ebfn ch\u00fang tr\u1edf n\u00ean ho\u00e0n h\u1ea3o cho nh\u1eefng nhi\u1ec7m v\u1ee5 kh\u00f3 kh\u0103n n\u00e0y.<\/p>\n<p>Nh\u01b0ng xi lanh th\u1ee7y l\u1ef1c kh\u00f4ng ch\u1ec9 h\u1eefu \u00edch trong x\u00e2y d\u1ef1ng v\u00e0 n\u00f4ng nghi\u1ec7p. T\u1ea1i m\u1ed9t th\u00e0nh ph\u1ed1 b\u1eadn r\u1ed9n nh\u01b0 Bologna, ch\u00fang cung c\u1ea5p n\u0103ng l\u01b0\u1ee3ng cho thang n\u00e2ng \u00f4 t\u00f4 t\u1ea1i c\u00e1c gara v\u00e0 m\u00e1y m\u00f3c t\u1ea1i s\u00e2n bay, gi\u00fap m\u00e1y bay chu\u1ea9n b\u1ecb c\u1ea5t c\u00e1nh. Trong nh\u1eefng khu r\u1eebng g\u1ea7n Florence, ch\u00fang gi\u00fap m\u00e1y m\u00f3c ch\u1eb7t c\u00e2y, v\u00e0 trong c\u00e1c nh\u00e0 m\u00e1y \u1edf Milan, ch\u00fang gi\u00fap xe n\u00e2ng d\u1ec5 d\u00e0ng di chuy\u1ec3n c\u00e1c th\u00f9ng h\u00e0ng n\u1eb7ng. D\u00f9 l\u00e0 n\u00e2ng, \u0111\u1ea9y hay di chuy\u1ec3n \u0111\u1ed3 v\u1eadt, xi lanh th\u1ee7y l\u1ef1c \u0111\u1ec1u c\u00f3 th\u1ec3 l\u00e0m \u0111\u01b0\u1ee3c t\u1ea5t c\u1ea3. Ch\u00fang ho\u1ea1t \u0111\u1ed9ng hi\u1ec7u qu\u1ea3 \u1edf c\u00e1c th\u00e0nh ph\u1ed1 v\u00e0 v\u00f9ng n\u00f4ng th\u00f4n tr\u00ean kh\u1eafp n\u01b0\u1edbc \u00dd, gi\u00fap m\u00e1y m\u00f3c di \u0111\u1ed9ng v\u1eadn h\u00e0nh tr\u01a1n tru.<\/p>\n<\/div>\n<p>[\/et_pb_text][\/et_pb_column][et_pb_column _builder_version=&#8221;4.27.4&#8243; _module_preset=&#8221;default&#8221; type=&#8221;1_2&#8243; theme_builder_area=&#8221;post_content&#8221;][et_pb_image src=&#8221;https:\/\/fmp-components.com\/wp-content\/uploads\/2025\/03\/Mobile-Machinery-Hydraulic-Cylinders-3.webp&#8221; _builder_version=&#8221;4.27.4&#8243; _module_preset=&#8221;default&#8221; theme_builder_area=&#8221;post_content&#8221; alt=&#8221;Mobile-Machinery-Hydraulic-Cylinders&#8221; title_text=&#8221;Mobile-Machinery-Hydraulic-Cylinders-3&#8243; hover_enabled=&#8221;0&#8243; sticky_enabled=&#8221;0&#8243;][\/et_pb_image][\/et_pb_column][\/et_pb_row][et_pb_row _builder_version=&#8221;4.27.4&#8243; _module_preset=&#8221;default&#8221; column_structure=&#8221;2_5,3_5&#8243; theme_builder_area=&#8221;post_content&#8221; use_custom_gutter=&#8221;on&#8221; gutter_width=&#8221;2&#8243; width=&#8221;100%&#8221; max_width=&#8221;1200px&#8221; hover_enabled=&#8221;0&#8243; sticky_enabled=&#8221;0&#8243;][et_pb_column _builder_version=&#8221;4.27.4&#8243; _module_preset=&#8221;default&#8221; type=&#8221;2_5&#8243; theme_builder_area=&#8221;post_content&#8221;][et_pb_image src=&#8221;https:\/\/fmp-components.com\/wp-content\/uploads\/2025\/03\/Mobile-Machinery-Hydraulic-Cylinders-4-1.webp&#8221; _builder_version=&#8221;4.27.4&#8243; _module_preset=&#8221;default&#8221; theme_builder_area=&#8221;post_content&#8221; alt=&#8221;Mobile-Machinery-Hydraulic-Cylinders&#8221; title_text=&#8221;Mobile-Machinery-Hydraulic-Cylinders-4&#8243; hover_enabled=&#8221;0&#8243; sticky_enabled=&#8221;0&#8243;][\/et_pb_image][\/et_pb_column][et_pb_column _builder_version=&#8221;4.27.4&#8243; _module_preset=&#8221;default&#8221; type=&#8221;3_5&#8243; theme_builder_area=&#8221;post_content&#8221;][et_pb_text _builder_version=&#8221;4.27.4&#8243; _module_preset=&#8221;default&#8221; theme_builder_area=&#8221;post_content&#8221; hover_enabled=&#8221;0&#8243; sticky_enabled=&#8221;0&#8243; text_font_size=&#8221;16px&#8221; text_line_height=&#8221;1.8em&#8221; header_2_font=&#8221;Frank Ruhl Libre||||||||&#8221; custom_padding=&#8221;34px|||||&#8221;]<\/p>\n<div>\n<h2>C\u00f4ng ty FMP: \u0110\u1ecba ch\u1ec9 tin c\u1eady c\u1ee7a b\u1ea1n v\u1ec1 xi lanh th\u1ee7y l\u1ef1c<\/h2>\n<p class=\"break-words\">T\u1ea1i C\u00f4ng ty FMP, ch\u00fang t\u00f4i s\u1ea3n xu\u1ea5t nhi\u1ec1u lo\u1ea1i xi lanh th\u1ee7y l\u1ef1c kh\u00e1c nhau cho m\u00e1y m\u00f3c di \u0111\u1ed9ng, h\u1ed7 tr\u1ee3 m\u1ecdi ng\u01b0\u1eddi t\u1eeb Venice \u0111\u1ebfn Bologna. Ch\u00fang t\u00f4i c\u00f3 xi lanh thanh h\u00e0n ch\u1eafc ch\u1eafn v\u00e0 th\u1eadm ch\u00ed c\u00f3 th\u1ec3 s\u1ea3n xu\u1ea5t nh\u1eefng lo\u1ea1i xi lanh \u0111\u1eb7c bi\u1ec7t d\u00e0nh ri\u00eang cho m\u00e1y m\u00f3c c\u1ee7a b\u1ea1n. \u0110i\u1ec1u n\u00e0y gi\u00fap thi\u1ebft b\u1ecb c\u1ee7a b\u1ea1n ho\u1ea1t \u0111\u1ed9ng t\u1ed1t h\u01a1n v\u00e0 b\u1ec1n h\u01a1n. N\u1ebfu b\u1ea1n kh\u00f4ng t\u00ecm th\u1ea5y s\u1ea3n ph\u1ea9m m\u00ecnh c\u1ea7n trong danh s\u00e1ch, \u0111\u1eebng lo l\u1eafng - ch\u00fang t\u00f4i lu\u00f4n b\u1ed5 sung th\u00eam! Ch\u1ec9 c\u1ea7n g\u1eedi email cho ch\u00fang t\u00f4i v\u00e0 cho bi\u1ebft nhu c\u1ea7u c\u1ee7a b\u1ea1n, \u0111\u1ed9i ng\u0169 c\u1ee7a ch\u00fang t\u00f4i s\u1ebd ph\u1ea3n h\u1ed3i trong v\u00f2ng 24 gi\u1edd v\u1edbi m\u1ed9t k\u1ebf ho\u1ea1ch \u0111\u01b0\u1ee3c thi\u1ebft k\u1ebf ri\u00eang cho b\u1ea1n. B\u1ea1n c\u00f3 th\u1ec3 tin t\u01b0\u1edfng C\u00f4ng ty FMP s\u1ebd cung c\u1ea5p cho b\u1ea1n nh\u1eefng xi lanh th\u1ee7y l\u1ef1c b\u1ec1n b\u1ec9, ch\u1ea5t l\u01b0\u1ee3ng cao, gi\u00fap m\u00e1y m\u00f3c di \u0111\u1ed9ng c\u1ee7a b\u1ea1n ho\u1ea1t \u0111\u1ed9ng t\u1ed1t, b\u1ea5t k\u1ec3 b\u1ea1n \u1edf \u0111\u00e2u t\u1ea1i \u00dd.<\/p>\n<\/div>\n<p>[\/et_pb_text][\/et_pb_column][\/et_pb_row][\/et_pb_section]<\/p>","protected":false},"excerpt":{"rendered":"<p>Mobile Machinery Hydraulic CylindersTypes of Mobile Machinery Hydraulic CylindersMobile Machinery Hydraulic Cylinders: Powering Machines Across Industries Hydraulic cylinders are like the strong muscles inside mobile machinery. They give machines the power and control they need to do hard jobs in all kinds of places. In Italy, from the busy building sites in Milan to the [&hellip;]<\/p>","protected":false},"author":2,"featured_media":0,"parent":0,"menu_order":0,"comment_status":"closed","ping_status":"closed","template":"","meta":{"_et_pb_use_builder":"on","_et_pb_old_content":"","_et_gb_content_width":"","footnotes":""},"class_list":["post-7564","page","type-page","status-publish","hentry"],"_links":{"self":[{"href":"https:\/\/fmp-components.com\/vi\/wp-json\/wp\/v2\/pages\/7564","targetHints":{"allow":["GET"]}}],"collection":[{"href":"https:\/\/fmp-components.com\/vi\/wp-json\/wp\/v2\/pages"}],"about":[{"href":"https:\/\/fmp-components.com\/vi\/wp-json\/wp\/v2\/types\/page"}],"author":[{"embeddable":true,"href":"https:\/\/fmp-components.com\/vi\/wp-json\/wp\/v2\/users\/2"}],"replies":[{"embeddable":true,"href":"https:\/\/fmp-components.com\/vi\/wp-json\/wp\/v2\/comments?post=7564"}],"version-history":[{"count":7,"href":"https:\/\/fmp-components.com\/vi\/wp-json\/wp\/v2\/pages\/7564\/revisions"}],"predecessor-version":[{"id":7579,"href":"https:\/\/fmp-components.com\/vi\/wp-json\/wp\/v2\/pages\/7564\/revisions\/7579"}],"wp:attachment":[{"href":"https:\/\/fmp-components.com\/vi\/wp-json\/wp\/v2\/media?parent=7564"}],"curies":[{"name":"wp","href":"https:\/\/api.w.org\/{rel}","templated":true}]}}