{"id":7276,"date":"2025-03-21T06:23:21","date_gmt":"2025-03-21T06:23:21","guid":{"rendered":"https:\/\/fmp-components.com\/?page_id=7276"},"modified":"2025-03-21T07:44:30","modified_gmt":"2025-03-21T07:44:30","slug":"telescopic-hydraulic-cylinders-2","status":"publish","type":"page","link":"https:\/\/fmp-components.com\/vi\/telescopic-hydraulic-cylinders-2\/","title":{"rendered":"Xi lanh th\u1ee7y l\u1ef1c d\u1ea1ng \u1ed1ng l\u1ed3ng"},"content":{"rendered":"<p>[et_pb_section fb_built=&#8221;1&#8243; theme_builder_area=&#8221;post_content&#8221; _builder_version=&#8221;4.27.4&#8243; _module_preset=&#8221;default&#8221; alt=&#8221;Telescopic-Hydraulic-Cylinders-banner&#8221; title_text=&#8221;Telescopic-Hydraulic-Cylinders-banner-1&#8243; background_image=&#8221;https:\/\/fmp-components.com\/wp-content\/uploads\/2025\/03\/Telescopic-Hydraulic-Cylinders-banner-1.webp&#8221; hover_enabled=&#8221;0&#8243; sticky_enabled=&#8221;0&#8243; min_height=&#8221;299px&#8221;][et_pb_row _builder_version=&#8221;4.27.4&#8243; _module_preset=&#8221;default&#8221; theme_builder_area=&#8221;post_content&#8221;][et_pb_column _builder_version=&#8221;4.27.4&#8243; _module_preset=&#8221;default&#8221; type=&#8221;4_4&#8243; theme_builder_area=&#8221;post_content&#8221;][et_pb_text _builder_version=&#8221;4.27.4&#8243; _module_preset=&#8221;default&#8221; theme_builder_area=&#8221;post_content&#8221; header_font=&#8221;Frank Ruhl Libre||||||||&#8221; header_font_size=&#8221;60px&#8221; header_text_shadow_style=&#8221;preset1&#8243; header_text_color=&#8221;#FFFFFF&#8221; hover_enabled=&#8221;0&#8243; sticky_enabled=&#8221;0&#8243;]<\/p>\n<h1 style=\"text-align: center;\">Xi lanh th\u1ee7y l\u1ef1c d\u1ea1ng \u1ed1ng l\u1ed3ng<\/h1>\n<p>[\/et_pb_text][\/et_pb_column][\/et_pb_row][\/et_pb_section][et_pb_section fb_built=&#8221;1&#8243; theme_builder_area=&#8221;post_content&#8221; _builder_version=&#8221;4.27.4&#8243; _module_preset=&#8221;default&#8221;][et_pb_row _builder_version=&#8221;4.27.4&#8243; _module_preset=&#8221;default&#8221; theme_builder_area=&#8221;post_content&#8221;][et_pb_column _builder_version=&#8221;4.27.4&#8243; _module_preset=&#8221;default&#8221; type=&#8221;4_4&#8243; theme_builder_area=&#8221;post_content&#8221;][et_pb_shop _builder_version=&#8221;4.27.4&#8243; _module_preset=&#8221;default&#8221; theme_builder_area=&#8221;post_content&#8221; type=&#8221;product_category&#8221; include_categories=&#8221;103&#8243; show_pagination=&#8221;on&#8221; hover_enabled=&#8221;0&#8243; sticky_enabled=&#8221;0&#8243;][\/et_pb_shop][\/et_pb_column][\/et_pb_row][\/et_pb_section][et_pb_section fb_built=&#8221;1&#8243; theme_builder_area=&#8221;post_content&#8221; _builder_version=&#8221;4.27.4&#8243; _module_preset=&#8221;default&#8221;][et_pb_row _builder_version=&#8221;4.27.4&#8243; _module_preset=&#8221;default&#8221; theme_builder_area=&#8221;post_content&#8221;][et_pb_column _builder_version=&#8221;4.27.4&#8243; _module_preset=&#8221;default&#8221; type=&#8221;4_4&#8243; theme_builder_area=&#8221;post_content&#8221;][et_pb_text _builder_version=&#8221;4.27.4&#8243; _module_preset=&#8221;default&#8221; theme_builder_area=&#8221;post_content&#8221; header_2_font=&#8221;Frank Ruhl Libre||||||||&#8221; header_2_font_size=&#8221;45px&#8221; text_font_size=&#8221;16px&#8221; text_line_height=&#8221;1.8em&#8221; hover_enabled=&#8221;0&#8243; sticky_enabled=&#8221;0&#8243;]<\/p>\n<div>\n<h2>Xi lanh th\u1ee7y l\u1ef1c d\u1ea1ng \u1ed1ng l\u1ed3ng: S\u1ee9c m\u1ea1nh v\u00e0 \u0111\u1ed9 ch\u00ednh x\u00e1c t\u1eeb C\u00f4ng ty FMP<\/h2>\n<p class=\"break-words\">Trong l\u0129nh v\u1ef1c h\u1ec7 th\u1ed1ng th\u1ee7y l\u1ef1c, xi lanh th\u1ee7y l\u1ef1c d\u1ea1ng \u1ed1ng l\u1ed3ng n\u1ed5i ti\u1ebfng v\u1edbi kh\u1ea3 n\u0103ng m\u1edf r\u1ed9ng ph\u1ea1m vi ho\u1ea1t \u0111\u1ed9ng trong m\u1ed9t thi\u1ebft k\u1ebf nh\u1ecf g\u1ecdn. Nh\u1eefng linh ki\u1ec7n \u0111a n\u0103ng n\u00e0y r\u1ea5t quan tr\u1ecdng cho c\u00e1c \u1ee9ng d\u1ee5ng \u0111\u00f2i h\u1ecfi h\u00e0nh tr\u00ecnh d\u00e0i trong kh\u00f4ng gian h\u1ea1n ch\u1ebf, khi\u1ebfn ch\u00fang tr\u1edf n\u00ean kh\u00f4ng th\u1ec3 thi\u1ebfu trong nhi\u1ec1u ng\u00e0nh c\u00f4ng nghi\u1ec7p. T\u1ea1i FMP, ch\u00fang t\u00f4i t\u1ef1 h\u00e0o l\u00e0 nh\u00e0 s\u1ea3n xu\u1ea5t xi lanh th\u1ee7y l\u1ef1c d\u1ea1ng \u1ed1ng l\u1ed3ng ch\u1ea5t l\u01b0\u1ee3ng cao h\u00e0ng \u0111\u1ea7u, ph\u1ee5c v\u1ee5 kh\u00e1ch h\u00e0ng tr\u00ean kh\u1eafp n\u01b0\u1edbc \u00dd\u2014bao g\u1ed3m c\u00e1c trung t\u00e2m s\u1ea7m u\u1ea5t nh\u01b0 Milan, Venice l\u1ecbch s\u1eed, Florence ngh\u1ec7 thu\u1eadt v\u00e0 Bologna c\u00f4ng nghi\u1ec7p. S\u1ef1 t\u1eadn t\u00e2m c\u1ee7a ch\u00fang t\u00f4i \u0111\u1ed1i v\u1edbi ch\u1ea5t l\u01b0\u1ee3ng, \u0111\u1ed5i m\u1edbi v\u00e0 s\u1ef1 h\u00e0i l\u00f2ng c\u1ee7a kh\u00e1ch h\u00e0ng ch\u00ednh l\u00e0 minh ch\u1ee9ng cho vi\u1ec7c ch\u00fang t\u00f4i l\u00e0 \u0111\u1ed1i t\u00e1c \u0111\u00e1ng tin c\u1eady c\u1ee7a b\u1ea1n v\u1ec1 c\u00e1c gi\u1ea3i ph\u00e1p th\u1ee7y l\u1ef1c.<\/p>\n<\/div>\n<p>[\/et_pb_text][\/et_pb_column][\/et_pb_row][et_pb_row _builder_version=&#8221;4.27.4&#8243; _module_preset=&#8221;default&#8221; column_structure=&#8221;1_2,1_2&#8243; theme_builder_area=&#8221;post_content&#8221; use_custom_gutter=&#8221;on&#8221; gutter_width=&#8221;2&#8243; hover_enabled=&#8221;0&#8243; sticky_enabled=&#8221;0&#8243; custom_padding=&#8221;||1px|||&#8221;][et_pb_column _builder_version=&#8221;4.27.4&#8243; _module_preset=&#8221;default&#8221; type=&#8221;1_2&#8243; theme_builder_area=&#8221;post_content&#8221;][et_pb_image src=&#8221;https:\/\/fmp-components.com\/wp-content\/uploads\/2025\/03\/Telescopic-Hydraulic-Cylinders-product-1.webp&#8221; _builder_version=&#8221;4.27.4&#8243; _module_preset=&#8221;default&#8221; theme_builder_area=&#8221;post_content&#8221; alt=&#8221;Telescopic-Hydraulic-Cylinders&#8221; title_text=&#8221;Telescopic-Hydraulic-Cylinders-product-1&#8243; hover_enabled=&#8221;0&#8243; sticky_enabled=&#8221;0&#8243;][\/et_pb_image][\/et_pb_column][et_pb_column _builder_version=&#8221;4.27.4&#8243; _module_preset=&#8221;default&#8221; type=&#8221;1_2&#8243; theme_builder_area=&#8221;post_content&#8221;][et_pb_image src=&#8221;https:\/\/fmp-components.com\/wp-content\/uploads\/2025\/03\/Telescopic-Hydraulic-Cylinders-product-2.webp&#8221; _builder_version=&#8221;4.27.4&#8243; _module_preset=&#8221;default&#8221; theme_builder_area=&#8221;post_content&#8221; alt=&#8221;Telescopic-Hydraulic-Cylinders&#8221; title_text=&#8221;Telescopic-Hydraulic-Cylinders-product-2&#8243; hover_enabled=&#8221;0&#8243; sticky_enabled=&#8221;0&#8243;][\/et_pb_image][\/et_pb_column][\/et_pb_row][et_pb_row _builder_version=&#8221;4.27.4&#8243; _module_preset=&#8221;default&#8221; column_structure=&#8221;1_2,1_2&#8243; theme_builder_area=&#8221;post_content&#8221; use_custom_gutter=&#8221;on&#8221; gutter_width=&#8221;2&#8243; hover_enabled=&#8221;0&#8243; sticky_enabled=&#8221;0&#8243; custom_padding=&#8221;10px|||||&#8221;][et_pb_column _builder_version=&#8221;4.27.4&#8243; _module_preset=&#8221;default&#8221; type=&#8221;1_2&#8243; theme_builder_area=&#8221;post_content&#8221;][et_pb_image src=&#8221;https:\/\/fmp-components.com\/wp-content\/uploads\/2025\/03\/Telescopic-Hydraulic-Cylinders-product-3.webp&#8221; _builder_version=&#8221;4.27.4&#8243; _module_preset=&#8221;default&#8221; theme_builder_area=&#8221;post_content&#8221; alt=&#8221;Telescopic-Hydraulic-Cylinders&#8221; title_text=&#8221;Telescopic-Hydraulic-Cylinders-product-3&#8243; hover_enabled=&#8221;0&#8243; sticky_enabled=&#8221;0&#8243;][\/et_pb_image][\/et_pb_column][et_pb_column _builder_version=&#8221;4.27.4&#8243; _module_preset=&#8221;default&#8221; type=&#8221;1_2&#8243; theme_builder_area=&#8221;post_content&#8221;][et_pb_image src=&#8221;https:\/\/fmp-components.com\/wp-content\/uploads\/2025\/03\/Telescopic-Hydraulic-Cylinders-product-4.webp&#8221; _builder_version=&#8221;4.27.4&#8243; _module_preset=&#8221;default&#8221; theme_builder_area=&#8221;post_content&#8221; alt=&#8221;Telescopic-Hydraulic-Cylinders&#8221; title_text=&#8221;Telescopic-Hydraulic-Cylinders-product-4&#8243; hover_enabled=&#8221;0&#8243; sticky_enabled=&#8221;0&#8243;][\/et_pb_image][\/et_pb_column][\/et_pb_row][et_pb_row _builder_version=&#8221;4.27.4&#8243; _module_preset=&#8221;default&#8221; theme_builder_area=&#8221;post_content&#8221;][et_pb_column _builder_version=&#8221;4.27.4&#8243; _module_preset=&#8221;default&#8221; type=&#8221;4_4&#8243; theme_builder_area=&#8221;post_content&#8221;][et_pb_text _builder_version=&#8221;4.27.4&#8243; _module_preset=&#8221;default&#8221; theme_builder_area=&#8221;post_content&#8221; header_2_font=&#8221;Frank Ruhl Libre||||||||&#8221; header_2_font_size=&#8221;40px&#8221; text_font_size=&#8221;16px&#8221; text_line_height=&#8221;1.8em&#8221; hover_enabled=&#8221;0&#8243; sticky_enabled=&#8221;0&#8243;]<\/p>\n<div>\n<h2>\u1ee8ng d\u1ee5ng c\u1ee7a xi lanh th\u1ee7y l\u1ef1c d\u1ea1ng \u1ed1ng l\u1ed3ng<\/h2>\n<p class=\"break-words\">Xi lanh th\u1ee7y l\u1ef1c d\u1ea1ng \u1ed1ng l\u1ed3ng c\u1ef1c k\u1ef3 linh ho\u1ea1t, cung c\u1ea5p n\u0103ng l\u01b0\u1ee3ng cho nhi\u1ec1u lo\u1ea1i thi\u1ebft b\u1ecb tr\u00ean nhi\u1ec1u l\u0129nh v\u1ef1c<\/p>\n<p class=\"break-words\">T\u1ea1i \u00dd, nh\u1eefng xi-lanh n\u00e0y \u0111\u00f3ng vai tr\u00f2 quan tr\u1ecdng trong c\u00e1c ng\u00e0nh c\u00f4ng nghi\u1ec7p \u0111\u1ecba ph\u01b0\u01a1ng. T\u1ea1i Milan, m\u1ed9t trung t\u00e2m x\u00e2y d\u1ef1ng, ch\u00fang v\u1eadn h\u00e0nh c\u1ea7n c\u1ea9u, t\u1ea1o n\u00ean \u0111\u01b0\u1eddng ch\u00e2n tr\u1eddi c\u1ee7a th\u00e0nh ph\u1ed1. T\u1ea1i c\u00e1c v\u00f9ng n\u00f4ng nghi\u1ec7p g\u1ea7n Florence, ch\u00fang cung c\u1ea5p n\u0103ng l\u01b0\u1ee3ng cho m\u00e1y m\u00f3c, gi\u00fap n\u00f4ng tr\u1ea1i ho\u1ea1t \u0111\u1ed9ng hi\u1ec7u qu\u1ea3. T\u1ea1i Venice, n\u01a1i nh\u1eefng con ph\u1ed1 h\u1eb9p \u0111\u00f2i h\u1ecfi c\u00e1c gi\u1ea3i ph\u00e1p nh\u1ecf g\u1ecdn, ch\u00fang r\u1ea5t quan tr\u1ecdng \u0111\u1ed1i v\u1edbi c\u00e1c ph\u01b0\u01a1ng ti\u1ec7n x\u1eed l\u00fd ch\u1ea5t th\u1ea3i. Trong khi \u0111\u00f3, ng\u00e0nh s\u1ea3n xu\u1ea5t c\u1ee7a Bologna ph\u1ee5 thu\u1ed9c v\u00e0o ch\u00fang \u0111\u1ec3 c\u00f3 hi\u1ec7u su\u1ea5t thi\u1ebft b\u1ecb m\u1ea1nh m\u1ebd.<\/p>\n<\/div>\n<p>[\/et_pb_text][\/et_pb_column][\/et_pb_row][et_pb_row _builder_version=&#8221;4.27.4&#8243; _module_preset=&#8221;default&#8221; column_structure=&#8221;1_2,1_2&#8243; theme_builder_area=&#8221;post_content&#8221;][et_pb_column _builder_version=&#8221;4.27.4&#8243; _module_preset=&#8221;default&#8221; type=&#8221;1_2&#8243; theme_builder_area=&#8221;post_content&#8221;][et_pb_blurb title=&#8221;Construction&#8221; image=&#8221;https:\/\/fmp-components.com\/wp-content\/uploads\/2025\/03\/excavators.webp&#8221; _builder_version=&#8221;4.27.4&#8243; _module_preset=&#8221;default&#8221; theme_builder_area=&#8221;post_content&#8221; header_text_align=&#8221;center&#8221; text_orientation=&#8221;center&#8221; alt=&#8221;excavators&#8221; title_text=&#8221;excavators&#8221; hover_enabled=&#8221;0&#8243; sticky_enabled=&#8221;0&#8243;]<\/p>\n<p>\u0110\u01b0\u1ee3c s\u1eed d\u1ee5ng trong c\u1ea7n c\u1ea9u v\u00e0 m\u00e1y \u0111\u00e0o \u0111\u1ec3 n\u00e2ng v\u00e0 ti\u1ebfp c\u1eadn.<\/p>\n<p>[\/et_pb_blurb][\/et_pb_column][et_pb_column _builder_version=&#8221;4.27.4&#8243; _module_preset=&#8221;default&#8221; type=&#8221;1_2&#8243; theme_builder_area=&#8221;post_content&#8221;][et_pb_blurb title=&#8221;Agriculture&#8221; image=&#8221;https:\/\/fmp-components.com\/wp-content\/uploads\/2025\/03\/Agriculture-harvester.webp&#8221; _builder_version=&#8221;4.27.4&#8243; _module_preset=&#8221;default&#8221; theme_builder_area=&#8221;post_content&#8221; header_text_align=&#8221;center&#8221; text_orientation=&#8221;center&#8221; alt=&#8221;Agriculture-harvester&#8221; title_text=&#8221;Agriculture-harvester&#8221; hover_enabled=&#8221;0&#8243; sticky_enabled=&#8221;0&#8243;]<\/p>\n<p>\u0110\u01b0\u1ee3c t\u00ecm th\u1ea5y trong m\u00e1y g\u1eb7t v\u00e0 m\u00e1y x\u00fac \u0111\u1ec3 x\u1eed l\u00fd v\u1eadt li\u1ec7u hi\u1ec7u qu\u1ea3.<\/p>\n<p>[\/et_pb_blurb][\/et_pb_column][\/et_pb_row][et_pb_row _builder_version=&#8221;4.27.4&#8243; _module_preset=&#8221;default&#8221; column_structure=&#8221;1_2,1_2&#8243; theme_builder_area=&#8221;post_content&#8221;][et_pb_column _builder_version=&#8221;4.27.4&#8243; _module_preset=&#8221;default&#8221; type=&#8221;1_2&#8243; theme_builder_area=&#8221;post_content&#8221;][et_pb_blurb title=&#8221;Waste Management&#8221; image=&#8221;https:\/\/fmp-components.com\/wp-content\/uploads\/2025\/03\/garbage-trucks.webp&#8221; _builder_version=&#8221;4.27.4&#8243; _module_preset=&#8221;default&#8221; theme_builder_area=&#8221;post_content&#8221; header_text_align=&#8221;center&#8221; text_orientation=&#8221;center&#8221; alt=&#8221;garbage-trucks&#8221; title_text=&#8221;garbage-trucks&#8221; hover_enabled=&#8221;0&#8243; sticky_enabled=&#8221;0&#8243;]<\/p>\n<p>\u0110\u01b0\u1ee3c s\u1eed d\u1ee5ng trong xe ch\u1edf r\u00e1c v\u00e0 m\u00e1y \u00e9p r\u00e1c \u0111\u1ec3 v\u1eadn h\u00e0nh nh\u1ecf g\u1ecdn nh\u01b0ng m\u1ea1nh m\u1ebd.<\/p>\n<p>[\/et_pb_blurb][\/et_pb_column][et_pb_column _builder_version=&#8221;4.27.4&#8243; _module_preset=&#8221;default&#8221; type=&#8221;1_2&#8243; theme_builder_area=&#8221;post_content&#8221;][et_pb_blurb title=&#8221;Transportation&#8221; image=&#8221;https:\/\/fmp-components.com\/wp-content\/uploads\/2025\/03\/dump-trucks.webp&#8221; _builder_version=&#8221;4.27.4&#8243; _module_preset=&#8221;default&#8221; theme_builder_area=&#8221;post_content&#8221; header_text_align=&#8221;center&#8221; text_orientation=&#8221;center&#8221; alt=&#8221;dump-trucks&#8221; title_text=&#8221;dump-trucks&#8221; hover_enabled=&#8221;0&#8243; sticky_enabled=&#8221;0&#8243;]<\/p>\n<p>Kh\u00f4ng th\u1ec3 thi\u1ebfu \u0111\u1ed1i v\u1edbi xe t\u1ea3i \u0111\u1ed5 v\u00e0 xe k\u00e9o \u0111\u1ec3 v\u1eadn chuy\u1ec3n h\u00e0ng h\u00f3a n\u1eb7ng.<\/p>\n<p>[\/et_pb_blurb][\/et_pb_column][\/et_pb_row][\/et_pb_section][et_pb_section fb_built=&#8221;1&#8243; theme_builder_area=&#8221;post_content&#8221; _builder_version=&#8221;4.27.4&#8243; _module_preset=&#8221;default&#8221;][et_pb_row _builder_version=&#8221;4.27.4&#8243; _module_preset=&#8221;default&#8221; theme_builder_area=&#8221;post_content&#8221; max_width=&#8221;1250px&#8221; width=&#8221;100%&#8221; hover_enabled=&#8221;0&#8243; sticky_enabled=&#8221;0&#8243;][et_pb_column _builder_version=&#8221;4.27.4&#8243; _module_preset=&#8221;default&#8221; type=&#8221;4_4&#8243; theme_builder_area=&#8221;post_content&#8221;][et_pb_text _builder_version=&#8221;4.27.4&#8243; _module_preset=&#8221;default&#8221; theme_builder_area=&#8221;post_content&#8221; hover_enabled=&#8221;0&#8243; sticky_enabled=&#8221;0&#8243; text_font_size=&#8221;16px&#8221; text_line_height=&#8221;1.8em&#8221;]<\/p>\n<div>\n<h2>Xi lanh th\u1ee7y l\u1ef1c d\u1ea1ng \u1ed1ng l\u1ed3ng c\u1ee7a FMP<\/h2>\n<p class=\"break-words\">T\u1ea1i FMP, ch\u00fang t\u00f4i cung c\u1ea5p nhi\u1ec1u lo\u1ea1i xi lanh th\u1ee7y l\u1ef1c d\u1ea1ng \u1ed1ng l\u1ed3ng \u0111\u01b0\u1ee3c thi\u1ebft k\u1ebf ri\u00eang \u0111\u1ec3 \u0111\u00e1p \u1ee9ng nhi\u1ec1u nhu c\u1ea7u kh\u00e1c nhau:<\/p>\n<ul class=\"marker:text-secondary\">\n<li class=\"break-words\"><strong>Xi lanh t\u00e1c \u0111\u1ed9ng \u0111\u01a1n<\/strong>: Ho\u00e0n h\u1ea3o cho c\u00e1c \u1ee9ng d\u1ee5ng c\u00f3 s\u1ef1 h\u1ed7 tr\u1ee3 c\u1ee7a tr\u1ecdng l\u1ef1c ho\u1eb7c l\u1ef1c b\u00ean ngo\u00e0i khi thu l\u1ea1i, ch\u1eb3ng h\u1ea1n nh\u01b0 xe ben.<\/li>\n<li class=\"break-words\"><strong>Xi lanh t\u00e1c \u0111\u1ed9ng k\u00e9p<\/strong>: \u0110\u01b0\u1ee3c thi\u1ebft k\u1ebf \u0111\u1ec3 c\u00f3 \u0111\u1ed9 ch\u00ednh x\u00e1c cao, s\u1eed d\u1ee5ng n\u0103ng l\u01b0\u1ee3ng th\u1ee7y l\u1ef1c \u0111\u1ec3 k\u00e9o d\u00e0i v\u00e0 thu l\u1ea1i, l\u00fd t\u01b0\u1edfng cho thi\u1ebft b\u1ecb x\u00e2y d\u1ef1ng.<\/li>\n<li class=\"break-words\"><strong>Xi lanh k\u1ebft h\u1ee3p<\/strong>: K\u1ebft h\u1ee3p l\u1ee3i \u00edch c\u1ee7a c\u1ea3 hai lo\u1ea1i cho c\u00e1c \u1ee9ng d\u1ee5ng chuy\u00ean bi\u1ec7t.<\/li>\n<\/ul>\n<p class=\"break-words\">Xi lanh c\u1ee7a ch\u00fang t\u00f4i c\u00f3 th\u00f4ng s\u1ed1 k\u1ef9 thu\u1eadt \u1ea5n t\u01b0\u1ee3ng:<\/p>\n<ul class=\"marker:text-secondary\">\n<li class=\"break-words\">K\u00edch th\u01b0\u1edbc l\u1ed7 khoan l\u00ean t\u1edbi 15 inch.<\/li>\n<li class=\"break-words\">Chi\u1ec1u d\u00e0i n\u00e9t v\u1ebd l\u00ean t\u1edbi 500 inch.<\/li>\n<li class=\"break-words\">L\u00ean \u0111\u1ebfn 5 giai \u0111o\u1ea1n.<\/li>\n<li class=\"break-words\">\u00c1p su\u1ea5t v\u1eadn h\u00e0nh l\u00ean t\u1edbi 2.000 psi, v\u1edbi c\u00e1c t\u00f9y ch\u1ecdn t\u00f9y ch\u1ec9nh cho \u00e1p su\u1ea5t cao h\u01a1n.<\/li>\n<\/ul>\n<p class=\"break-words\">\u0110\u01b0\u1ee3c ch\u1ebf t\u1ea1o b\u1eb1ng th\u00e9p c\u01b0\u1eddng \u0111\u1ed9 cao, c\u00e1c t\u1ea7ng m\u1ea1 cr\u00f4m c\u1ee9ng v\u00e0 ph\u1edbt ch\u1eafn b\u1ec1n b\u1ec9, xi lanh c\u1ee7a ch\u00fang t\u00f4i \u0111\u01b0\u1ee3c thi\u1ebft k\u1ebf \u0111\u1ec3 ch\u1ecbu \u0111\u01b0\u1ee3c c\u00e1c \u0111i\u1ec1u ki\u1ec7n kh\u1eafc nghi\u1ec7t. C\u00e1c t\u00ednh n\u0103ng nh\u01b0 kh\u1edbp n\u1ed1i ch\u1eef V c\u00f3 th\u1ec3 \u0111i\u1ec1u ch\u1ec9nh v\u00e0 c\u00e1c ki\u1ec3u l\u1eafp \u0111\u1eb7t t\u00f9y ch\u1ecdn (\u1ed1ng ch\u1eef th\u1eadp ho\u1eb7c tr\u1ee5c) \u0111\u1ea3m b\u1ea3o kh\u1ea3 n\u0103ng th\u00edch \u1ee9ng v\u1edbi thi\u1ebft b\u1ecb c\u1ee7a b\u1ea1n.<\/p>\n<h3>T\u00f9y ch\u1ec9nh trong t\u1ea7m tay b\u1ea1n<\/h3>\n<p class=\"break-words\">M\u1ed9t trong nh\u1eefng th\u1ebf m\u1ea1nh n\u1ed5i b\u1eadt c\u1ee7a ch\u00fang t\u00f4i l\u00e0 kh\u1ea3 n\u0103ng cung c\u1ea5p xi lanh th\u1ee7y l\u1ef1c d\u1ea1ng \u1ed1ng l\u1ed3ng t\u00f9y ch\u1ec9nh. Cho d\u00f9 b\u1ea1n c\u1ea7n k\u00edch th\u01b0\u1edbc l\u1ed7 khoan, h\u00e0nh tr\u00ecnh piston hay c\u1ea5u h\u00ecnh l\u1eafp \u0111\u1eb7t c\u1ee5 th\u1ec3, \u0111\u1ed9i ng\u0169 k\u1ef9 s\u01b0 gi\u00e0u kinh nghi\u1ec7m c\u1ee7a ch\u00fang t\u00f4i s\u1ebd h\u1ee3p t\u00e1c v\u1edbi b\u1ea1n \u0111\u1ec3 thi\u1ebft k\u1ebf m\u1ed9t gi\u1ea3i ph\u00e1p ho\u00e0n to\u00e0n ph\u00f9 h\u1ee3p v\u1edbi \u1ee9ng d\u1ee5ng c\u1ee7a b\u1ea1n \u2014 d\u00f9 l\u00e0 xe ch\u1edf r\u00e1c \u1edf Florence hay c\u1ea7n c\u1ea9u \u1edf Milan. Th\u1eddi gian ho\u00e0n th\u00e0nh nhanh ch\u00f3ng \u2014 th\u01b0\u1eddng ch\u1ec9 trong v\u00f2ng m\u1ed9t th\u00e1ng \u2014 l\u00e0 \u0111i\u1ec3m kh\u00e1c bi\u1ec7t c\u1ee7a ch\u00fang t\u00f4i, \u0111\u1ea3m b\u1ea3o b\u1ea1n nh\u1eadn \u0111\u01b0\u1ee3c xi lanh t\u00f9y ch\u1ec9nh nhanh h\u01a1n ti\u00eau chu\u1ea9n ng\u00e0nh.<\/p>\n<p class=\"break-words\">N\u1ebfu b\u1ea1n kh\u00f4ng th\u1ea5y m\u1eabu m\u00e1y ch\u00ednh x\u00e1c m\u00ecnh c\u1ea7n trong danh s\u00e1ch s\u1ea3n ph\u1ea9m c\u1ee7a ch\u00fang t\u00f4i, \u0111\u1eebng lo l\u1eafng - c\u00f3 th\u1ec3 ch\u00fang t\u00f4i ch\u01b0a c\u00f3 c\u01a1 h\u1ed9i li\u1ec7t k\u00ea n\u00f3. Ch\u1ec9 c\u1ea7n g\u1eedi email cho ch\u00fang t\u00f4i k\u00e8m theo th\u00f4ng s\u1ed1 k\u1ef9 thu\u1eadt c\u1ee7a b\u1ea1n, v\u00e0 c\u00e1c k\u1ef9 s\u01b0 c\u1ee7a ch\u00fang t\u00f4i s\u1ebd ph\u1ea3n h\u1ed3i trong v\u00f2ng 24 gi\u1edd v\u1edbi m\u1ed9t gi\u1ea3i ph\u00e1p \u0111\u01b0\u1ee3c c\u00e1 nh\u00e2n h\u00f3a.<\/p>\n<\/div>\n<p>[\/et_pb_text][\/et_pb_column][\/et_pb_row][et_pb_row _builder_version=&#8221;4.27.4&#8243; _module_preset=&#8221;default&#8221; column_structure=&#8221;1_2,1_2&#8243; theme_builder_area=&#8221;post_content&#8221; use_custom_gutter=&#8221;on&#8221; gutter_width=&#8221;2&#8243; hover_enabled=&#8221;0&#8243; sticky_enabled=&#8221;0&#8243; max_width=&#8221;1250px&#8221; width=&#8221;100%&#8221;][et_pb_column _builder_version=&#8221;4.27.4&#8243; _module_preset=&#8221;default&#8221; type=&#8221;1_2&#8243; theme_builder_area=&#8221;post_content&#8221;][et_pb_image src=&#8221;https:\/\/fmp-components.com\/wp-content\/uploads\/2025\/03\/fmp-hydraulic-cylinder-factory.webp&#8221; _builder_version=&#8221;4.27.4&#8243; _module_preset=&#8221;default&#8221; theme_builder_area=&#8221;post_content&#8221; alt=&#8221;fmp-hydraulic-cylinder-factory&#8221; title_text=&#8221;fmp-hydraulic-cylinder-factory&#8221; hover_enabled=&#8221;0&#8243; sticky_enabled=&#8221;0&#8243;][\/et_pb_image][\/et_pb_column][et_pb_column _builder_version=&#8221;4.27.4&#8243; _module_preset=&#8221;default&#8221; type=&#8221;1_2&#8243; theme_builder_area=&#8221;post_content&#8221;][et_pb_image src=&#8221;https:\/\/fmp-components.com\/wp-content\/uploads\/2025\/03\/fmp-hydraulic-cylinder-factory2.webp&#8221; _builder_version=&#8221;4.27.4&#8243; _module_preset=&#8221;default&#8221; theme_builder_area=&#8221;post_content&#8221; alt=&#8221;fmp-hydraulic-cylinder-factory2&#8243; title_text=&#8221;fmp-hydraulic-cylinder-factory2&#8243; hover_enabled=&#8221;0&#8243; sticky_enabled=&#8221;0&#8243;][\/et_pb_image][\/et_pb_column][\/et_pb_row][\/et_pb_section]<\/p>","protected":false},"excerpt":{"rendered":"<p>Telescopic Hydraulic Cylinders Telescopic Hydraulic Cylinders: Power and Precision from FMP Company In the realm of hydraulic systems, telescopic hydraulic cylinders are renowned for their ability to provide extended reach within a compact design. These versatile components are vital for applications requiring long strokes in limited spaces, making them indispensable across various industries. At FMP, [&hellip;]<\/p>","protected":false},"author":2,"featured_media":0,"parent":0,"menu_order":0,"comment_status":"closed","ping_status":"closed","template":"","meta":{"_et_pb_use_builder":"on","_et_pb_old_content":"","_et_gb_content_width":"","footnotes":""},"class_list":["post-7276","page","type-page","status-publish","hentry"],"_links":{"self":[{"href":"https:\/\/fmp-components.com\/vi\/wp-json\/wp\/v2\/pages\/7276","targetHints":{"allow":["GET"]}}],"collection":[{"href":"https:\/\/fmp-components.com\/vi\/wp-json\/wp\/v2\/pages"}],"about":[{"href":"https:\/\/fmp-components.com\/vi\/wp-json\/wp\/v2\/types\/page"}],"author":[{"embeddable":true,"href":"https:\/\/fmp-components.com\/vi\/wp-json\/wp\/v2\/users\/2"}],"replies":[{"embeddable":true,"href":"https:\/\/fmp-components.com\/vi\/wp-json\/wp\/v2\/comments?post=7276"}],"version-history":[{"count":12,"href":"https:\/\/fmp-components.com\/vi\/wp-json\/wp\/v2\/pages\/7276\/revisions"}],"predecessor-version":[{"id":7304,"href":"https:\/\/fmp-components.com\/vi\/wp-json\/wp\/v2\/pages\/7276\/revisions\/7304"}],"wp:attachment":[{"href":"https:\/\/fmp-components.com\/vi\/wp-json\/wp\/v2\/media?parent=7276"}],"curies":[{"name":"wp","href":"https:\/\/api.w.org\/{rel}","templated":true}]}}