{"id":5875,"date":"2025-02-24T08:05:24","date_gmt":"2025-02-24T08:05:24","guid":{"rendered":"https:\/\/fmp-components.com\/?page_id=8"},"modified":"2025-03-10T01:02:49","modified_gmt":"2025-03-10T01:02:49","slug":"food-industry-chain-12","status":"publish","type":"page","link":"https:\/\/fmp-components.com\/vi\/food-industry-chain-12\/","title":{"rendered":"Chu\u1ed7i ng\u00e0nh c\u00f4ng nghi\u1ec7p th\u1ef1c ph\u1ea9m"},"content":{"rendered":"<p>[et_pb_section fb_built=&#8221;1&#8243; _builder_version=&#8221;4.27.4&#8243; _module_preset=&#8221;default&#8221; background_image=&#8221;https:\/\/fmp-components.com\/wp-content\/uploads\/2025\/02\/food-industry-chain-banner.webp&#8221; min_height=&#8221;480px&#8221; global_colors_info=&#8221;{}&#8221;][et_pb_row _builder_version=&#8221;4.27.4&#8243; _module_preset=&#8221;default&#8221; global_colors_info=&#8221;{}&#8221;][et_pb_column type=&#8221;4_4&#8243; _builder_version=&#8221;4.27.4&#8243; _module_preset=&#8221;default&#8221; global_colors_info=&#8221;{}&#8221;][et_pb_text _builder_version=&#8221;4.27.4&#8243; _module_preset=&#8221;default&#8221; header_font=&#8221;Frank Ruhl Libre||||||||&#8221; header_text_align=&#8221;center&#8221; header_text_color=&#8221;#FFFFFF&#8221; header_font_size=&#8221;70px&#8221; header_text_shadow_style=&#8221;preset2&#8243; global_colors_info=&#8221;{}&#8221;]<\/p>\n<h1 style=\"text-align: center;\">Chu\u1ed7i ng\u00e0nh c\u00f4ng nghi\u1ec7p th\u1ef1c ph\u1ea9m<\/h1>\n<p>[\/et_pb_text][et_pb_text _builder_version=&#8221;4.27.4&#8243; _module_preset=&#8221;default&#8221; text_text_color=&#8221;#FFFFFF&#8221; text_font_size=&#8221;16px&#8221; text_line_height=&#8221;1.8em&#8221; text_orientation=&#8221;center&#8221; global_colors_info=&#8221;{}&#8221;]<\/p>\n<p>FMP chuy\u00ean s\u1ea3n xu\u1ea5t \u0111a d\u1ea1ng c\u00e1c lo\u1ea1i X\u00edch N\u00f4ng nghi\u1ec7p, v\u1ed1n l\u00e0 th\u00e0nh ph\u1ea7n thi\u1ebft y\u1ebfu trong chu\u1ed7i c\u00f4ng nghi\u1ec7p th\u1ef1c ph\u1ea9m. S\u1ea3n ph\u1ea9m c\u1ee7a ch\u00fang t\u00f4i \u0111\u01b0\u1ee3c thi\u1ebft k\u1ebf \u0111\u1ec3 \u0111\u00e1p \u1ee9ng nhu c\u1ea7u \u0111a d\u1ea1ng c\u1ee7a m\u00e1y m\u00f3c n\u00f4ng nghi\u1ec7p, mang l\u1ea1i \u0111\u1ed9 b\u1ec1n v\u00e0 hi\u1ec7u su\u1ea5t v\u01b0\u1ee3t tr\u1ed9i. B\u00ean c\u1ea1nh c\u00e1c s\u1ea3n ph\u1ea9m ti\u00eau chu\u1ea9n, ch\u00fang t\u00f4i c\u00f2n cung c\u1ea5p c\u00e1c gi\u1ea3i ph\u00e1p t\u00f9y ch\u1ec9nh \u0111\u1ec3 \u0111\u00e1p \u1ee9ng c\u00e1c y\u00eau c\u1ea7u c\u1ee5 th\u1ec3. N\u1ebfu m\u1eabu m\u00e3 b\u1ea1n c\u1ea7n kh\u00f4ng c\u00f3 trong danh m\u1ee5c s\u1ea3n ph\u1ea9m c\u1ee7a ch\u00fang t\u00f4i, c\u00f3 th\u1ec3 m\u1eabu m\u00e3 \u0111\u00f3 ch\u01b0a \u0111\u01b0\u1ee3c t\u1ea3i l\u00ean. Vui l\u00f2ng g\u1eedi email cho ch\u00fang t\u00f4i y\u00eau c\u1ea7u c\u1ee5 th\u1ec3 v\u1ec1 m\u1eabu m\u00e3 c\u1ee7a b\u1ea1n, ch\u00fang t\u00f4i s\u1ebd s\u1eb5n l\u00f2ng h\u1ed7 tr\u1ee3 b\u1ea1n.<\/p>\n<p>[\/et_pb_text][\/et_pb_column][\/et_pb_row][\/et_pb_section][et_pb_section fb_built=&#8221;1&#8243; _builder_version=&#8221;4.27.4&#8243; _module_preset=&#8221;default&#8221; global_colors_info=&#8221;{}&#8221;][et_pb_row _builder_version=&#8221;4.27.4&#8243; _module_preset=&#8221;default&#8221; global_colors_info=&#8221;{}&#8221;][et_pb_column type=&#8221;4_4&#8243; _builder_version=&#8221;4.27.4&#8243; _module_preset=&#8221;default&#8221; global_colors_info=&#8221;{}&#8221;][et_pb_text _builder_version=&#8221;4.27.4&#8243; _module_preset=&#8221;default&#8221; header_2_font=&#8221;Frank Ruhl Libre||||||||&#8221; header_2_font_size=&#8221;40px&#8221; hover_enabled=&#8221;0&#8243; global_colors_info=&#8221;{}&#8221; sticky_enabled=&#8221;0&#8243;]<\/p>\n<h2 style=\"text-align: center;\">Chu\u1ed7i ng\u00e0nh c\u00f4ng nghi\u1ec7p th\u1ef1c ph\u1ea9m<\/h2>\n<p>[\/et_pb_text][\/et_pb_column][\/et_pb_row][et_pb_row column_structure=&#8221;1_4,1_4,1_4,1_4&#8243; _builder_version=&#8221;4.27.4&#8243; _module_preset=&#8221;default&#8221; global_colors_info=&#8221;{}&#8221;][et_pb_column type=&#8221;1_4&#8243; _builder_version=&#8221;4.27.4&#8243; _module_preset=&#8221;default&#8221; global_colors_info=&#8221;{}&#8221;][et_pb_blurb title=&#8221;Stainless Steel Cold drink &#038; Food Processing Chains&#8221; image=&#8221;https:\/\/fmp-components.com\/wp-content\/uploads\/2025\/02\/Cold-Drink-Food-Processing-Chain.webp&#8221; alt=&#8221;Cold-Drink-Food-Processing-Chain&#8221; _builder_version=&#8221;4.27.4&#8243; _module_preset=&#8221;default&#8221; header_level=&#8221;h3&#8243; header_font=&#8221;Frank Ruhl Libre||||||||&#8221; header_text_align=&#8221;center&#8221; header_font_size=&#8221;18px&#8221; global_colors_info=&#8221;{}&#8221;][\/et_pb_blurb][\/et_pb_column][et_pb_column type=&#8221;1_4&#8243; _builder_version=&#8221;4.27.4&#8243; _module_preset=&#8221;default&#8221; global_colors_info=&#8221;{}&#8221;][et_pb_blurb title=&#8221;Stainless Steel Conveyor Chain For Ice Cream Cold Drink Production&#8221; image=&#8221;https:\/\/fmp-components.com\/wp-content\/uploads\/2025\/02\/Conveyor-Chain-For-Cold-Drink-Production-2.webp&#8221; alt=&#8221;Stainless Steel Conveyor Chain For Ice Cream Cold Drink Production&#8221; _builder_version=&#8221;4.27.4&#8243; _module_preset=&#8221;default&#8221; header_level=&#8221;h3&#8243; header_font=&#8221;Frank Ruhl Libre||||||||&#8221; header_text_align=&#8221;center&#8221; header_font_size=&#8221;18px&#8221; global_colors_info=&#8221;{}&#8221;][\/et_pb_blurb][\/et_pb_column][et_pb_column type=&#8221;1_4&#8243; _builder_version=&#8221;4.27.4&#8243; _module_preset=&#8221;default&#8221; global_colors_info=&#8221;{}&#8221;][et_pb_blurb title=&#8221;Stainless Steel Conveyor Chain for Sausage\/Hot Dog Production&#8221; image=&#8221;https:\/\/fmp-components.com\/wp-content\/uploads\/2025\/02\/conveyor-chain-for-sausage-production-1.webp&#8221; alt=&#8221;Stainless Steel Conveyor Chain for Sausage\/Hot Dog Production&#8221; _builder_version=&#8221;4.27.4&#8243; _module_preset=&#8221;default&#8221; header_level=&#8221;h3&#8243; header_font=&#8221;Frank Ruhl Libre||||||||&#8221; header_text_align=&#8221;center&#8221; header_font_size=&#8221;18px&#8221; global_colors_info=&#8221;{}&#8221;][\/et_pb_blurb][\/et_pb_column][et_pb_column type=&#8221;1_4&#8243; _builder_version=&#8221;4.27.4&#8243; _module_preset=&#8221;default&#8221; global_colors_info=&#8221;{}&#8221;][et_pb_blurb title=&#8221;Sugar Mill Chain&#8221; image=&#8221;https:\/\/fmp-components.com\/wp-content\/uploads\/2025\/02\/Sugar-Mill-Chain-With-Straight-Plate.webp&#8221; alt=&#8221;Sugar Mill Chain&#8221; _builder_version=&#8221;4.27.4&#8243; _module_preset=&#8221;default&#8221; header_level=&#8221;h3&#8243; header_font=&#8221;Frank Ruhl Libre||||||||&#8221; header_text_align=&#8221;center&#8221; header_font_size=&#8221;18px&#8221; global_colors_info=&#8221;{}&#8221;][\/et_pb_blurb][\/et_pb_column][\/et_pb_row][et_pb_row column_structure=&#8221;1_4,1_4,1_4,1_4&#8243; _builder_version=&#8221;4.27.4&#8243; _module_preset=&#8221;default&#8221; global_colors_info=&#8221;{}&#8221;][et_pb_column type=&#8221;1_4&#8243; _builder_version=&#8221;4.27.4&#8243; _module_preset=&#8221;default&#8221; global_colors_info=&#8221;{}&#8221;][et_pb_blurb title=&#8221;Palm Oil Chains&#8221; image=&#8221;https:\/\/fmp-components.com\/wp-content\/uploads\/2025\/02\/palm-oil-chains31.webp&#8221; alt=&#8221;Palm Oil Chains&#8221; _builder_version=&#8221;4.27.4&#8243; _module_preset=&#8221;default&#8221; header_level=&#8221;h3&#8243; header_font=&#8221;Frank Ruhl Libre||||||||&#8221; header_text_align=&#8221;center&#8221; header_font_size=&#8221;18px&#8221; global_colors_info=&#8221;{}&#8221;][\/et_pb_blurb][\/et_pb_column][et_pb_column type=&#8221;1_4&#8243; _builder_version=&#8221;4.27.4&#8243; _module_preset=&#8221;default&#8221; global_colors_info=&#8221;{}&#8221;][et_pb_blurb title=&#8221;Meat Production Line Conveyor Chains&#8221; image=&#8221;https:\/\/fmp-components.com\/wp-content\/uploads\/2025\/02\/Meat-Production-Line-Conveyor-Chains.webp&#8221; alt=&#8221;Meat Production Line Conveyor Chains&#8221; _builder_version=&#8221;4.27.4&#8243; _module_preset=&#8221;default&#8221; header_level=&#8221;h3&#8243; header_font=&#8221;Frank Ruhl Libre||||||||&#8221; header_text_align=&#8221;center&#8221; header_font_size=&#8221;18px&#8221; global_colors_info=&#8221;{}&#8221;][\/et_pb_blurb][\/et_pb_column][et_pb_column type=&#8221;1_4&#8243; _builder_version=&#8221;4.27.4&#8243; _module_preset=&#8221;default&#8221; global_colors_info=&#8221;{}&#8221;][et_pb_blurb title=&#8221;Bottle Washer Conveyor Chains&#8221; image=&#8221;https:\/\/fmp-components.com\/wp-content\/uploads\/2025\/02\/Bottle-Washer-Conveyor-Chains-1.webp&#8221; alt=&#8221;Bottle Washer Conveyor Chains&#8221; _builder_version=&#8221;4.27.4&#8243; _module_preset=&#8221;default&#8221; header_level=&#8221;h3&#8243; header_font=&#8221;Frank Ruhl Libre||||||||&#8221; header_text_align=&#8221;center&#8221; header_font_size=&#8221;18px&#8221; global_colors_info=&#8221;{}&#8221;][\/et_pb_blurb][\/et_pb_column][et_pb_column type=&#8221;1_4&#8243; _builder_version=&#8221;4.27.4&#8243; _module_preset=&#8221;default&#8221; global_colors_info=&#8221;{}&#8221;][\/et_pb_column][\/et_pb_row][\/et_pb_section][et_pb_section fb_built=&#8221;1&#8243; _builder_version=&#8221;4.27.4&#8243; _module_preset=&#8221;default&#8221; use_background_color_gradient=&#8221;on&#8221; background_color_gradient_stops=&#8221;rgba(255,255,255,0.63) 0%|rgba(255,255,255,0.66) 100%&#8221; background_color_gradient_overlays_image=&#8221;on&#8221; background_image=&#8221;https:\/\/fmp-components.com\/wp-content\/uploads\/2025\/02\/food-industry-chain-11.webp&#8221; global_colors_info=&#8221;{}&#8221;][et_pb_row _builder_version=&#8221;4.27.4&#8243; _module_preset=&#8221;default&#8221; global_colors_info=&#8221;{}&#8221;][et_pb_column type=&#8221;4_4&#8243; _builder_version=&#8221;4.27.4&#8243; _module_preset=&#8221;default&#8221; global_colors_info=&#8221;{}&#8221;][et_pb_text _builder_version=&#8221;4.27.4&#8243; _module_preset=&#8221;default&#8221; text_text_color=&#8221;#000000&#8243; text_font_size=&#8221;16px&#8221; text_line_height=&#8221;1.8em&#8221; header_2_font=&#8221;Frank Ruhl Libre||||||||&#8221; header_2_font_size=&#8221;35px&#8221; header_2_line_height=&#8221;1.4em&#8221; header_3_font=&#8221;Frank Ruhl Libre||||||||&#8221; header_3_font_size=&#8221;28px&#8221; header_3_line_height=&#8221;1.3em&#8221; global_colors_info=&#8221;{}&#8221;]<\/p>\n<h2 style=\"text-align: left;\">Ng\u00e0nh c\u00f4ng nghi\u1ec7p th\u1ef1c ph\u1ea9m cho chu\u1ed7i<\/h2>\n<p>X\u00edch d\u00f9ng trong ng\u00e0nh th\u1ef1c ph\u1ea9m \u0111\u01b0\u1ee3c s\u1eed d\u1ee5ng r\u1ed9ng r\u00e3i trong nhi\u1ec1u lo\u1ea1i m\u00e1y m\u00f3c ch\u1ebf bi\u1ebfn th\u1ef1c ph\u1ea9m, ch\u1eb3ng h\u1ea1n nh\u01b0 d\u00e2y chuy\u1ec1n s\u1ea3n xu\u1ea5t th\u1ecbt, m\u00e1y l\u00e0m m\u00ec, m\u00e1y l\u00e0m \u0111\u01b0\u1eddng, thi\u1ebft b\u1ecb ch\u1ebf bi\u1ebfn rong bi\u1ec3n, thi\u1ebft b\u1ecb ch\u1ebf bi\u1ebfn h\u1ea1t d\u01b0a, thi\u1ebft b\u1ecb ch\u1ebf bi\u1ebfn x\u00fac x\u00edch, thi\u1ebft b\u1ecb chi\u1ebft r\u00f3t s\u1eefa, thi\u1ebft b\u1ecb s\u1ea3n xu\u1ea5t kem, v.v.<\/p>\n<h3>\u0110\u1eb7c tr\u01b0ng:<\/h3>\n<p>Theo c\u00e1c \u0111i\u1ec1u ki\u1ec7n l\u00e0m vi\u1ec7c kh\u00e1c nhau, thi\u1ebft k\u1ebf t\u1ed1i \u01b0u v\u00e0 c\u00f4ng ngh\u1ec7 \u0111\u1eb7c bi\u1ec7t \u0111\u01b0\u1ee3c \u00e1p d\u1ee5ng, th\u00e9p h\u1ee3p kim ch\u1ea5t l\u01b0\u1ee3ng cao, th\u00e9p kh\u00f4ng g\u1ec9 v\u00e0 c\u00e1c v\u1eadt li\u1ec7u kh\u00e1c \u0111\u01b0\u1ee3c l\u1ef1a ch\u1ecdn \u0111\u1ec3 c\u1ea3i thi\u1ec7n kh\u1ea3 n\u0103ng ch\u1ed1ng \u0103n m\u00f2n v\u00e0 ch\u1ed1ng m\u00e0i m\u00f2n c\u1ee7a x\u00edch, \u0111\u00e1p \u1ee9ng y\u00eau c\u1ea7u s\u1ea3n xu\u1ea5t s\u1ea1ch v\u00e0 s\u1eed d\u1ee5ng \u0111\u00e1ng tin c\u1eady c\u00e1c thi\u1ebft b\u1ecb kh\u00e1c nhau.<br \/>\u25cf X\u00edch cho thi\u1ebft b\u1ecb gi\u1ebft m\u1ed5: \u0111\u1ed9 b\u1ec1n cao, ch\u1ed1ng \u0103n m\u00f2n t\u1ed1t, ch\u1ed1ng m\u00e0i m\u00f2n, v.v.<br \/>\u25cf X\u00edch cho thi\u1ebft b\u1ecb l\u00e0m m\u00ec: ch\u1ed1ng \u0103n m\u00f2n t\u1ed1t, ch\u1ed1ng m\u00e0i m\u00f2n, v.v.<br \/>\u25cf X\u00edch cho thi\u1ebft b\u1ecb h\u00e1i tr\u00e1i c\u00e2y: ho\u1ea1t \u0111\u1ed9ng \u1ed5n \u0111\u1ecbnh, \u0111\u1ed3ng b\u1ed9 h\u00f3a cao, v.v.<br \/>\u25cf D\u00e2y chuy\u1ec1n ch\u1ebf bi\u1ebfn x\u00fac x\u00edch, s\u1ea3n xu\u1ea5t kem, chi\u1ebft r\u00f3t s\u1eefa v\u00e0 c\u00e1c thi\u1ebft b\u1ecb kh\u00e1c: ch\u1ed1ng \u0103n m\u00f2n, s\u1ea1ch s\u1ebd, v.v.<br \/>\u25cf X\u00edch cho m\u00e1y m\u00f3c s\u1ea3n xu\u1ea5t \u0111\u01b0\u1eddng v\u00e0 d\u00e2y chuy\u1ec1n s\u1ea3n xu\u1ea5t d\u1ea7u c\u1ecd: \u0111\u1ed9 b\u1ec1n cao, kh\u1ea3 n\u0103ng ch\u1ed1ng \u0103n m\u00f2n t\u1ed1t, ch\u1ed1ng m\u00e0i m\u00f2n, v.v.<\/p>\n<h3>S\u1ea3n ph\u1ea9m ch\u00ednh:<\/h3>\n<p>X\u00edch con l\u0103n, x\u00edch b\u0103ng t\u1ea3i b\u01b0\u1edbc d\u00e0i, x\u00edch th\u00e9p kh\u00f4ng g\u1ec9, x\u00edch \u0111\u1eb7c bi\u1ec7t c\u00f3 nhi\u1ec1u ph\u01b0\u01a1ng ph\u00e1p x\u1eed l\u00fd b\u1ec1 m\u1eb7t \u0111\u1eb7c bi\u1ec7t, v.v.<\/p>\n<p>[\/et_pb_text][\/et_pb_column][\/et_pb_row][\/et_pb_section][et_pb_section fb_built=&#8221;1&#8243; _builder_version=&#8221;4.27.4&#8243; _module_preset=&#8221;default&#8221; global_colors_info=&#8221;{}&#8221;][et_pb_row _builder_version=&#8221;4.27.4&#8243; _module_preset=&#8221;default&#8221; global_colors_info=&#8221;{}&#8221;][et_pb_column type=&#8221;4_4&#8243; _builder_version=&#8221;4.27.4&#8243; _module_preset=&#8221;default&#8221; global_colors_info=&#8221;{}&#8221;][et_pb_text _builder_version=&#8221;4.27.4&#8243; _module_preset=&#8221;default&#8221; header_2_font=&#8221;Frank Ruhl Libre||||||||&#8221; header_2_font_size=&#8221;40px&#8221; global_colors_info=&#8221;{}&#8221;]<\/p>\n<h2 style=\"text-align: center;\">\u1ee8ng d\u1ee5ng th\u1ef1c ph\u1ea9m th\u1ef1c t\u1ebf<\/h2>\n<p>[\/et_pb_text][\/et_pb_column][\/et_pb_row][et_pb_row column_structure=&#8221;1_2,1_2&#8243; use_custom_gutter=&#8221;on&#8221; gutter_width=&#8221;2&#8243; make_equal=&#8221;on&#8221; _builder_version=&#8221;4.27.4&#8243; _module_preset=&#8221;default&#8221; width=&#8221;100%&#8221; max_width=&#8221;1400px&#8221; global_colors_info=&#8221;{}&#8221;][et_pb_column type=&#8221;1_2&#8243; _builder_version=&#8221;4.27.4&#8243; _module_preset=&#8221;default&#8221; global_colors_info=&#8221;{}&#8221;][et_pb_image src=&#8221;https:\/\/fmp-components.com\/wp-content\/uploads\/2025\/02\/food-industry-chain-7.webp&#8221; alt=&#8221;food-industry-chain&#8221; title_text=&#8221;food-industry-chain-7&#8243; _builder_version=&#8221;4.27.4&#8243; _module_preset=&#8221;default&#8221; global_colors_info=&#8221;{}&#8221;][\/et_pb_image][et_pb_image src=&#8221;https:\/\/fmp-components.com\/wp-content\/uploads\/2025\/02\/food-industry-chain-5.webp&#8221; alt=&#8221;food-industry-chain&#8221; title_text=&#8221;food-industry-chain-5&#8243; _builder_version=&#8221;4.27.4&#8243; _module_preset=&#8221;default&#8221; global_colors_info=&#8221;{}&#8221;][\/et_pb_image][et_pb_image src=&#8221;https:\/\/fmp-components.com\/wp-content\/uploads\/2025\/02\/food-industry-chain-3.webp&#8221; alt=&#8221;food-industry-chain&#8221; title_text=&#8221;food-industry-chain-3&#8243; _builder_version=&#8221;4.27.4&#8243; _module_preset=&#8221;default&#8221; global_colors_info=&#8221;{}&#8221;][\/et_pb_image][et_pb_image src=&#8221;https:\/\/fmp-components.com\/wp-content\/uploads\/2025\/02\/food-industry-chain-1.webp&#8221; alt=&#8221;food-industry-chain&#8221; title_text=&#8221;food-industry-chain-1&#8243; _builder_version=&#8221;4.27.4&#8243; _module_preset=&#8221;default&#8221; global_colors_info=&#8221;{}&#8221;][\/et_pb_image][et_pb_image src=&#8221;https:\/\/fmp-components.com\/wp-content\/uploads\/2025\/02\/food-industry-chain-9.webp&#8221; alt=&#8221;food-industry-chain&#8221; title_text=&#8221;food-industry-chain-9&#8243; _builder_version=&#8221;4.27.4&#8243; _module_preset=&#8221;default&#8221; global_colors_info=&#8221;{}&#8221;][\/et_pb_image][\/et_pb_column][et_pb_column type=&#8221;1_2&#8243; _builder_version=&#8221;4.27.4&#8243; _module_preset=&#8221;default&#8221; global_colors_info=&#8221;{}&#8221;][et_pb_image src=&#8221;https:\/\/fmp-components.com\/wp-content\/uploads\/2025\/02\/food-industry-chain-6.webp&#8221; alt=&#8221;food-industry-chain&#8221; title_text=&#8221;food-industry-chain-6&#8243; _builder_version=&#8221;4.27.4&#8243; _module_preset=&#8221;default&#8221; global_colors_info=&#8221;{}&#8221;][\/et_pb_image][et_pb_image src=&#8221;https:\/\/fmp-components.com\/wp-content\/uploads\/2025\/02\/food-industry-chain-4.webp&#8221; alt=&#8221;food-industry-chain&#8221; title_text=&#8221;food-industry-chain-4&#8243; _builder_version=&#8221;4.27.4&#8243; _module_preset=&#8221;default&#8221; global_colors_info=&#8221;{}&#8221;][\/et_pb_image][et_pb_image src=&#8221;https:\/\/fmp-components.com\/wp-content\/uploads\/2025\/02\/food-industry-chain-2.webp&#8221; alt=&#8221;food-industry-chain&#8221; title_text=&#8221;food-industry-chain-2&#8243; _builder_version=&#8221;4.27.4&#8243; _module_preset=&#8221;default&#8221; global_colors_info=&#8221;{}&#8221;][\/et_pb_image][et_pb_image src=&#8221;https:\/\/fmp-components.com\/wp-content\/uploads\/2025\/02\/food-industry-chain-10.webp&#8221; alt=&#8221;food-industry-chain&#8221; title_text=&#8221;food-industry-chain-10&#8243; _builder_version=&#8221;4.27.4&#8243; _module_preset=&#8221;default&#8221; global_colors_info=&#8221;{}&#8221;][\/et_pb_image][et_pb_image src=&#8221;https:\/\/fmp-components.com\/wp-content\/uploads\/2025\/02\/food-industry-chain-8.webp&#8221; alt=&#8221;food-industry-chain&#8221; title_text=&#8221;food-industry-chain-8&#8243; _builder_version=&#8221;4.27.4&#8243; _module_preset=&#8221;default&#8221; global_colors_info=&#8221;{}&#8221;][\/et_pb_image][\/et_pb_column][\/et_pb_row][\/et_pb_section]<\/p>","protected":false},"excerpt":{"rendered":"<p>Food Industry ChainFMP specializes in manufacturing a wide range of Agricultural Chains, which are crucial components in the food industry chain. Our products are designed to meet the diverse needs of agricultural machinery, offering excellent durability and performance. In addition to our standard offerings, we also provide customized solutions to cater to specific requirements. If [&hellip;]<\/p>","protected":false},"author":2,"featured_media":0,"parent":0,"menu_order":0,"comment_status":"closed","ping_status":"closed","template":"","meta":{"_et_pb_use_builder":"on","_et_pb_old_content":"","_et_gb_content_width":"","footnotes":""},"class_list":["post-5875","page","type-page","status-publish","hentry"],"_links":{"self":[{"href":"https:\/\/fmp-components.com\/vi\/wp-json\/wp\/v2\/pages\/5875","targetHints":{"allow":["GET"]}}],"collection":[{"href":"https:\/\/fmp-components.com\/vi\/wp-json\/wp\/v2\/pages"}],"about":[{"href":"https:\/\/fmp-components.com\/vi\/wp-json\/wp\/v2\/types\/page"}],"author":[{"embeddable":true,"href":"https:\/\/fmp-components.com\/vi\/wp-json\/wp\/v2\/users\/2"}],"replies":[{"embeddable":true,"href":"https:\/\/fmp-components.com\/vi\/wp-json\/wp\/v2\/comments?post=5875"}],"version-history":[{"count":5,"href":"https:\/\/fmp-components.com\/vi\/wp-json\/wp\/v2\/pages\/5875\/revisions"}],"predecessor-version":[{"id":6349,"href":"https:\/\/fmp-components.com\/vi\/wp-json\/wp\/v2\/pages\/5875\/revisions\/6349"}],"wp:attachment":[{"href":"https:\/\/fmp-components.com\/vi\/wp-json\/wp\/v2\/media?parent=5875"}],"curies":[{"name":"wp","href":"https:\/\/api.w.org\/{rel}","templated":true}]}}