{"id":5823,"date":"2025-02-24T07:58:06","date_gmt":"2025-02-24T07:58:06","guid":{"rendered":"https:\/\/fmp-components.com\/?page_id=8"},"modified":"2025-03-10T01:14:10","modified_gmt":"2025-03-10T01:14:10","slug":"plastic-chain","status":"publish","type":"page","link":"https:\/\/fmp-components.com\/vi\/plastic-chain\/","title":{"rendered":"Chu\u1ed7i nh\u1ef1a"},"content":{"rendered":"<p>[et_pb_section fb_built=&#8221;1&#8243; _builder_version=&#8221;4.27.4&#8243; _module_preset=&#8221;default&#8221; use_background_color_gradient=&#8221;on&#8221; background_color_gradient_stops=&#8221;rgba(0,0,0,0.45) 0%|rgba(0,0,0,0.54) 100%&#8221; background_color_gradient_overlays_image=&#8221;on&#8221; background_image=&#8221;https:\/\/fmp-components.com\/wp-content\/uploads\/2025\/02\/plastic-chain-banner.webp&#8221; min_height=&#8221;429px&#8221; global_colors_info=&#8221;{}&#8221;][et_pb_row _builder_version=&#8221;4.27.4&#8243; _module_preset=&#8221;default&#8221; global_colors_info=&#8221;{}&#8221;][et_pb_column type=&#8221;4_4&#8243; _builder_version=&#8221;4.27.4&#8243; _module_preset=&#8221;default&#8221; global_colors_info=&#8221;{}&#8221;][et_pb_text _builder_version=&#8221;4.27.4&#8243; _module_preset=&#8221;default&#8221; header_font=&#8221;Frank Ruhl Libre||||||||&#8221; header_text_color=&#8221;#FFFFFF&#8221; header_font_size=&#8221;70px&#8221; header_text_shadow_style=&#8221;preset1&#8243; global_colors_info=&#8221;{}&#8221;]<\/p>\n<h1 style=\"text-align: center;\">Chu\u1ed7i nh\u1ef1a<\/h1>\n<p>[\/et_pb_text][et_pb_text _builder_version=&#8221;4.27.4&#8243; _module_preset=&#8221;default&#8221; text_text_color=&#8221;#FFFFFF&#8221; text_font_size=&#8221;16px&#8221; text_line_height=&#8221;1.8em&#8221; global_colors_info=&#8221;{}&#8221;]<\/p>\n<p style=\"text-align: center;\">FMP s\u1ea3n xu\u1ea5t \u0111a d\u1ea1ng c\u00e1c lo\u1ea1i X\u00edch Nh\u1ef1a, cung c\u1ea5p c\u00e1c gi\u1ea3i ph\u00e1p \u0111\u01b0\u1ee3c thi\u1ebft k\u1ebf ri\u00eang \u0111\u1ec3 \u0111\u00e1p \u1ee9ng nhu c\u1ea7u \u0111a d\u1ea1ng c\u1ee7a ng\u00e0nh. Ch\u00fang t\u00f4i cung c\u1ea5p c\u00e1c s\u1ea3n ph\u1ea9m ti\u00eau chu\u1ea9n c\u0169ng nh\u01b0 c\u00e1c t\u00f9y ch\u1ecdn t\u00f9y ch\u1ec9nh \u0111\u1ec3 \u0111\u00e1p \u1ee9ng c\u00e1c y\u00eau c\u1ea7u c\u1ee5 th\u1ec3. N\u1ebfu m\u1eabu b\u1ea1n \u0111ang t\u00ecm ki\u1ebfm kh\u00f4ng c\u00f3 trong danh m\u1ee5c s\u1ea3n ph\u1ea9m c\u1ee7a ch\u00fang t\u00f4i, c\u00f3 th\u1ec3 m\u1eabu \u0111\u00f3 ch\u01b0a \u0111\u01b0\u1ee3c t\u1ea3i l\u00ean. Vui l\u00f2ng g\u1eedi email cho ch\u00fang t\u00f4i y\u00eau c\u1ea7u c\u1ee5 th\u1ec3 v\u1ec1 m\u1eabu c\u1ee7a b\u1ea1n, \u0111\u1ed9i ng\u0169 c\u1ee7a ch\u00fang t\u00f4i s\u1ebd s\u1eb5n l\u00f2ng h\u1ed7 tr\u1ee3 b\u1ea1n.<\/p>\n<p>[\/et_pb_text][\/et_pb_column][\/et_pb_row][\/et_pb_section][et_pb_section fb_built=&#8221;1&#8243; _builder_version=&#8221;4.27.4&#8243; _module_preset=&#8221;default&#8221; global_colors_info=&#8221;{}&#8221;][et_pb_row _builder_version=&#8221;4.27.4&#8243; _module_preset=&#8221;default&#8221; global_colors_info=&#8221;{}&#8221;][et_pb_column type=&#8221;4_4&#8243; _builder_version=&#8221;4.27.4&#8243; _module_preset=&#8221;default&#8221; global_colors_info=&#8221;{}&#8221;][et_pb_text _builder_version=&#8221;4.27.4&#8243; _module_preset=&#8221;default&#8221; header_2_font=&#8221;Frank Ruhl Libre||||||||&#8221; header_2_font_size=&#8221;35px&#8221; hover_enabled=&#8221;0&#8243; global_colors_info=&#8221;{}&#8221; sticky_enabled=&#8221;0&#8243;]<\/p>\n<h2 style=\"text-align: center;\">Chu\u1ed7i nh\u1ef1a<\/h2>\n<p>[\/et_pb_text][\/et_pb_column][\/et_pb_row][et_pb_row column_structure=&#8221;1_3,1_3,1_3&#8243; _builder_version=&#8221;4.27.4&#8243; _module_preset=&#8221;default&#8221; global_colors_info=&#8221;{}&#8221;][et_pb_column type=&#8221;1_3&#8243; _builder_version=&#8221;4.27.4&#8243; _module_preset=&#8221;default&#8221; global_colors_info=&#8221;{}&#8221;][et_pb_blurb title=&#8221;Plastic Flat Top Chains&#8221; image=&#8221;https:\/\/fmp-components.com\/wp-content\/uploads\/2025\/02\/Plastic-Flat-Top-Chains-1.webp&#8221; alt=&#8221;Plastic-Flat-Top-Chains&#8221; _builder_version=&#8221;4.27.4&#8243; _module_preset=&#8221;default&#8221; header_level=&#8221;h3&#8243; header_font=&#8221;Frank Ruhl Libre||||||||&#8221; header_text_align=&#8221;center&#8221; global_colors_info=&#8221;{}&#8221;][\/et_pb_blurb][\/et_pb_column][et_pb_column type=&#8221;1_3&#8243; _builder_version=&#8221;4.27.4&#8243; _module_preset=&#8221;default&#8221; global_colors_info=&#8221;{}&#8221;][et_pb_blurb title=&#8221;Plastic Flexible Chains&#8221; image=&#8221;https:\/\/fmp-components.com\/wp-content\/uploads\/2025\/02\/plastic-Flexible-Chains.webp&#8221; alt=&#8221;plastic-Flexible-Chains&#8221; _builder_version=&#8221;4.27.4&#8243; _module_preset=&#8221;default&#8221; header_level=&#8221;h3&#8243; header_font=&#8221;Frank Ruhl Libre||||||||&#8221; header_text_align=&#8221;center&#8221; global_colors_info=&#8221;{}&#8221;][\/et_pb_blurb][\/et_pb_column][et_pb_column type=&#8221;1_3&#8243; _builder_version=&#8221;4.27.4&#8243; _module_preset=&#8221;default&#8221; global_colors_info=&#8221;{}&#8221;][et_pb_blurb title=&#8221;Plastic Case Conveyor Chains&#8221; image=&#8221;https:\/\/fmp-components.com\/wp-content\/uploads\/2025\/02\/plastic-Case-Conveyor-Chain.webp&#8221; alt=&#8221;Plastic Case Conveyor Chains&#8221; _builder_version=&#8221;4.27.4&#8243; _module_preset=&#8221;default&#8221; header_level=&#8221;h3&#8243; header_font=&#8221;Frank Ruhl Libre||||||||&#8221; header_text_align=&#8221;center&#8221; global_colors_info=&#8221;{}&#8221;][\/et_pb_blurb][\/et_pb_column][\/et_pb_row][et_pb_row column_structure=&#8221;1_3,1_3,1_3&#8243; _builder_version=&#8221;4.27.4&#8243; _module_preset=&#8221;default&#8221; global_colors_info=&#8221;{}&#8221;][et_pb_column type=&#8221;1_3&#8243; _builder_version=&#8221;4.27.4&#8243; _module_preset=&#8221;default&#8221; global_colors_info=&#8221;{}&#8221;][et_pb_blurb title=&#8221;Plastic Multiflex Chains&#8221; image=&#8221;https:\/\/fmp-components.com\/wp-content\/uploads\/2025\/02\/plastic-Multiflex-Chain.webp&#8221; alt=&#8221;Plastic Multiflex Chains&#8221; _builder_version=&#8221;4.27.4&#8243; _module_preset=&#8221;default&#8221; header_level=&#8221;h3&#8243; header_font=&#8221;Frank Ruhl Libre||||||||&#8221; header_text_align=&#8221;center&#8221; global_colors_info=&#8221;{}&#8221;][\/et_pb_blurb][\/et_pb_column][et_pb_column type=&#8221;1_3&#8243; _builder_version=&#8221;4.27.4&#8243; _module_preset=&#8221;default&#8221; global_colors_info=&#8221;{}&#8221;][et_pb_blurb title=&#8221;Plastic Special Chains&#8221; image=&#8221;https:\/\/fmp-components.com\/wp-content\/uploads\/2025\/02\/plastic-special-chain.webp&#8221; alt=&#8221;Plastic Special Chains&#8221; _builder_version=&#8221;4.27.4&#8243; _module_preset=&#8221;default&#8221; header_level=&#8221;h3&#8243; header_font=&#8221;Frank Ruhl Libre||||||||&#8221; header_text_align=&#8221;center&#8221; global_colors_info=&#8221;{}&#8221;][\/et_pb_blurb][\/et_pb_column][et_pb_column type=&#8221;1_3&#8243; _builder_version=&#8221;4.27.4&#8243; _module_preset=&#8221;default&#8221; global_colors_info=&#8221;{}&#8221;][et_pb_blurb title=&#8221;Plastic Modular Belts&#8221; image=&#8221;https:\/\/fmp-components.com\/wp-content\/uploads\/2025\/02\/Plastic-Modular-Belts.webp&#8221; alt=&#8221;Plastic Modular Belts&#8221; _builder_version=&#8221;4.27.4&#8243; _module_preset=&#8221;default&#8221; header_level=&#8221;h3&#8243; header_font=&#8221;Frank Ruhl Libre||||||||&#8221; header_text_align=&#8221;center&#8221; global_colors_info=&#8221;{}&#8221;][\/et_pb_blurb][\/et_pb_column][\/et_pb_row][\/et_pb_section][et_pb_section fb_built=&#8221;1&#8243; _builder_version=&#8221;4.27.4&#8243; _module_preset=&#8221;default&#8221; use_background_color_gradient=&#8221;on&#8221; background_color_gradient_stops=&#8221;rgba(0,0,0,0.26) 0%|rgba(0,0,0,0.22) 100%&#8221; background_color_gradient_overlays_image=&#8221;on&#8221; background_image=&#8221;https:\/\/fmp-components.com\/wp-content\/uploads\/2025\/02\/plastic-Chain-1.webp&#8221; global_colors_info=&#8221;{}&#8221;][et_pb_row _builder_version=&#8221;4.27.4&#8243; _module_preset=&#8221;default&#8221; global_colors_info=&#8221;{}&#8221;][et_pb_column type=&#8221;4_4&#8243; _builder_version=&#8221;4.27.4&#8243; _module_preset=&#8221;default&#8221; global_colors_info=&#8221;{}&#8221;][et_pb_text _builder_version=&#8221;4.27.4&#8243; _module_preset=&#8221;default&#8221; header_2_font=&#8221;Frank Ruhl Libre||||||||&#8221; header_2_text_color=&#8221;#FFFFFF&#8221; header_2_font_size=&#8221;45px&#8221; global_colors_info=&#8221;{}&#8221;]<\/p>\n<h2>Nh\u00e0 s\u1ea3n xu\u1ea5t x\u00edch nh\u1ef1a<\/h2>\n<p>[\/et_pb_text][et_pb_text _builder_version=&#8221;4.27.4&#8243; _module_preset=&#8221;default&#8221; text_text_color=&#8221;#FFFFFF&#8221; text_font_size=&#8221;16px&#8221; text_line_height=&#8221;1.8em&#8221; global_colors_info=&#8221;{}&#8221;]<\/p>\n<p>FMP l\u00e0 nh\u00e0 s\u1ea3n xu\u1ea5t x\u00edch nh\u1ef1a h\u00e0ng \u0111\u1ea7u, l\u00fd t\u01b0\u1edfng cho truy\u1ec1n \u0111\u1ed9ng c\u00f4ng su\u1ea5t th\u1ea5p. So v\u1edbi x\u00edch kim lo\u1ea1i truy\u1ec1n th\u1ed1ng, x\u00edch con l\u0103n nh\u1ef1a n\u00e0y nh\u1eb9, b\u1ec1n v\u00e0 ti\u1ebft ki\u1ec7m chi ph\u00ed h\u01a1n.<\/p>\n<p>X\u00edch nh\u1ef1a c\u1ee7a ch\u00fang t\u00f4i ho\u1ea1t \u0111\u1ed9ng t\u1ed1t trong c\u00e1c h\u1ec7 th\u1ed1ng nh\u01b0 b\u0103ng t\u1ea3i, bao g\u1ed3m c\u1ea3 h\u1ec7 th\u1ed1ng \u0111\u01b0\u1ee3c s\u1eed d\u1ee5ng trong ch\u1ebf bi\u1ebfn th\u1ef1c ph\u1ea9m. Ch\u00fang \u0111\u01b0\u1ee3c l\u00e0m t\u1eeb c\u00e1c v\u1eadt li\u1ec7u nh\u01b0 acetal, nylon, polyamide v\u00e0 polypropylene, gi\u00fap ch\u00fang ch\u1ed1ng m\u00e0i m\u00f2n, ch\u1ed1ng h\u00f3a ch\u1ea5t v\u00e0 thay \u0111\u1ed5i nhi\u1ec7t \u0111\u1ed9, nh\u1edd \u0111\u00f3 c\u00f3 \u0111\u1ed9 b\u1ec1n l\u00e2u d\u00e0i. Nylon l\u00e0 m\u1ed9t l\u1ef1a ch\u1ecdn ph\u1ed5 bi\u1ebfn v\u00ec n\u00f3 kh\u00f4ng b\u1ecb gi\u00e3n v\u00e0 b\u00e1m ch\u1eafc v\u00e0o b\u00e1nh x\u00edch.<\/p>\n<p>\u0110\u1ed1i v\u1edbi nh\u1eefng c\u00f4ng vi\u1ec7c kh\u00f3 kh\u0103n h\u01a1n, ch\u00fang t\u00f4i c\u0169ng cung c\u1ea5p x\u00edch nh\u1ef1a ch\u1ecbu l\u1ef1c l\u00e0m t\u1eeb acetal, c\u00f3 \u0111\u1ed9 b\u1ec1n c\u1ef1c cao. H\u01a1n n\u1eefa, x\u00edch nh\u1ef1a c\u1ee7a ch\u00fang t\u00f4i d\u1ec5 d\u00e0ng l\u1eafp r\u00e1p v\u00e0 th\u00e1o r\u1eddi\u2014kh\u00f4ng c\u1ea7n d\u1ee5ng c\u1ee5 chuy\u00ean d\u1ee5ng\u2014v\u00e0 kh\u00f4ng c\u1ea7n th\u00eam m\u1eaft x\u00edch k\u1ebft n\u1ed1i.<\/p>\n<p>X\u00edch con l\u0103n nh\u1ef1a c\u1ee7a FMP c\u00f3 c\u00e1c k\u00edch c\u1ee1 ANSI #25, #35 v\u00e0 #40. Ch\u00fang \u0111\u01b0\u1ee3c b\u00e1n theo h\u1ed9p 10 feet, nh\u01b0ng ch\u00fang t\u00f4i c\u0169ng c\u00f3 th\u1ec3 s\u1ea3n xu\u1ea5t theo chi\u1ec1u d\u00e0i v\u00e0 k\u00edch th\u01b0\u1edbc t\u00f9y ch\u1ec9nh n\u1ebfu b\u1ea1n c\u1ea7n. C\u00e1c lo\u1ea1i x\u00edch n\u00e0y \u0111\u01b0\u1ee3c l\u00e0m t\u1eeb nhi\u1ec1u v\u1eadt li\u1ec7u kh\u00e1c nhau \u0111\u1ec3 ph\u00f9 h\u1ee3p v\u1edbi m\u1ecdi lo\u1ea1i c\u00f4ng vi\u1ec7c.<\/p>\n<p><strong>T\u1ea1i sao n\u00ean ch\u1ecdn FMP?<\/strong><\/p>\n<ul>\n<li><strong>Ch\u1ea5t l\u01b0\u1ee3ng<\/strong>: M\u1ecdi s\u1ea3n ph\u1ea9m \u0111\u1ec1u \u0111\u01b0\u1ee3c ki\u1ec3m tra c\u1ea9n th\u1eadn \u0111\u1ec3 \u0111\u1ea3m b\u1ea3o s\u1ea3n ph\u1ea9m b\u1ec1n v\u00e0 ho\u1ea1t \u0111\u1ed9ng t\u1ed1t.<\/li>\n<li><strong>S\u1ea3n xu\u1ea5t t\u1ea1i \u00dd<\/strong>:D\u00e2y chuy\u1ec1n c\u1ee7a ch\u00fang t\u00f4i \u0111\u01b0\u1ee3c s\u1ea3n xu\u1ea5t t\u1ea1i \u00dd, n\u01a1i m\u1ecdi ng\u01b0\u1eddi n\u1ed5i ti\u1ebfng v\u1edbi vi\u1ec7c s\u1ea3n xu\u1ea5t ra nh\u1eefng s\u1ea3n ph\u1ea9m ch\u1ea5t l\u01b0\u1ee3ng cao.<\/li>\n<\/ul>\n<p>Cho d\u00f9 b\u1ea1n c\u1ea7n x\u00edch ti\u00eau chu\u1ea9n hay x\u00edch \u0111\u1eb7c bi\u1ec7t, FMP \u0111\u1ec1u c\u00f3 th\u1ec3 gi\u00fap b\u1ea1n v\u1edbi c\u00e1c gi\u1ea3i ph\u00e1p x\u00edch nh\u1ef1a \u0111\u00e1ng tin c\u1eady v\u00e0 gi\u00e1 c\u1ea3 ph\u1ea3i ch\u0103ng.<\/p>\n<p>[\/et_pb_text][\/et_pb_column][\/et_pb_row][\/et_pb_section]<\/p>","protected":false},"excerpt":{"rendered":"<p>Plastic ChainFMP manufactures a wide variety of Plastic Chains, offering solutions tailored to meet diverse industry needs. We provide standard products as well as customized options to suit specific requirements. If the model you are looking for is not listed in our product catalog, it may not have been uploaded yet. Please feel free to [&hellip;]<\/p>","protected":false},"author":2,"featured_media":0,"parent":0,"menu_order":0,"comment_status":"closed","ping_status":"closed","template":"","meta":{"_et_pb_use_builder":"on","_et_pb_old_content":"","_et_gb_content_width":"","footnotes":""},"class_list":["post-5823","page","type-page","status-publish","hentry"],"_links":{"self":[{"href":"https:\/\/fmp-components.com\/vi\/wp-json\/wp\/v2\/pages\/5823","targetHints":{"allow":["GET"]}}],"collection":[{"href":"https:\/\/fmp-components.com\/vi\/wp-json\/wp\/v2\/pages"}],"about":[{"href":"https:\/\/fmp-components.com\/vi\/wp-json\/wp\/v2\/types\/page"}],"author":[{"embeddable":true,"href":"https:\/\/fmp-components.com\/vi\/wp-json\/wp\/v2\/users\/2"}],"replies":[{"embeddable":true,"href":"https:\/\/fmp-components.com\/vi\/wp-json\/wp\/v2\/comments?post=5823"}],"version-history":[{"count":5,"href":"https:\/\/fmp-components.com\/vi\/wp-json\/wp\/v2\/pages\/5823\/revisions"}],"predecessor-version":[{"id":6357,"href":"https:\/\/fmp-components.com\/vi\/wp-json\/wp\/v2\/pages\/5823\/revisions\/6357"}],"wp:attachment":[{"href":"https:\/\/fmp-components.com\/vi\/wp-json\/wp\/v2\/media?parent=5823"}],"curies":[{"name":"wp","href":"https:\/\/api.w.org\/{rel}","templated":true}]}}