{"id":286,"date":"2024-12-09T03:50:21","date_gmt":"2024-12-09T03:50:21","guid":{"rendered":"https:\/\/fmp-components.com\/?page_id=8"},"modified":"2025-03-27T05:37:54","modified_gmt":"2025-03-27T05:37:54","slug":"forklift-hydraulic-cylinders-2","status":"publish","type":"page","link":"https:\/\/fmp-components.com\/vi\/forklift-hydraulic-cylinders-2\/","title":{"rendered":"Xi lanh th\u1ee7y l\u1ef1c xe n\u00e2ng"},"content":{"rendered":"<p>[et_pb_section fb_built=&#8221;1&#8243; _builder_version=&#8221;4.27.4&#8243; _module_preset=&#8221;default&#8221; use_background_color_gradient=&#8221;on&#8221; background_color_gradient_stops=&#8221;rgba(0,0,0,0.14) 0%|rgba(0,0,0,0.16) 100%&#8221; background_color_gradient_overlays_image=&#8221;on&#8221; background_image=&#8221;https:\/\/fmp-components.com\/wp-content\/uploads\/2025\/03\/Forklift-Hydraulic-Cylinders.webp&#8221; custom_padding=&#8221;||157px|||&#8221; global_colors_info=&#8221;{}&#8221;][et_pb_row _builder_version=&#8221;4.27.4&#8243; _module_preset=&#8221;default&#8221; global_colors_info=&#8221;{}&#8221;][et_pb_column type=&#8221;4_4&#8243; _builder_version=&#8221;4.27.4&#8243; _module_preset=&#8221;default&#8221; global_colors_info=&#8221;{}&#8221;][et_pb_text _builder_version=&#8221;4.27.4&#8243; _module_preset=&#8221;default&#8221; header_font=&#8221;Frank Ruhl Libre||||||||&#8221; header_text_color=&#8221;#FFFFFF&#8221; header_font_size=&#8221;70px&#8221; header_text_shadow_style=&#8221;preset1&#8243; global_colors_info=&#8221;{}&#8221;]<\/p>\n<h1 style=\"text-align: center;\">Xi lanh th\u1ee7y l\u1ef1c xe n\u00e2ng<\/h1>\n<p>[\/et_pb_text][\/et_pb_column][\/et_pb_row][et_pb_row _builder_version=&#8221;4.27.4&#8243; _module_preset=&#8221;default&#8221; global_colors_info=&#8221;{}&#8221;][et_pb_column type=&#8221;4_4&#8243; _builder_version=&#8221;4.27.4&#8243; _module_preset=&#8221;default&#8221; global_colors_info=&#8221;{}&#8221;][et_pb_text _builder_version=&#8221;4.27.4&#8243; _module_preset=&#8221;default&#8221; text_text_color=&#8221;#FFFFFF&#8221; text_font_size=&#8221;16px&#8221; text_line_height=&#8221;1.8em&#8221; text_orientation=&#8221;center&#8221; text_text_shadow_style=&#8221;preset1&#8243; global_colors_info=&#8221;{}&#8221;]<\/p>\n<p>T\u1ea1i C\u00f4ng ty FMP, ch\u00fang t\u00f4i chuy\u00ean s\u1ea3n xu\u1ea5t \u0111a d\u1ea1ng c\u00e1c lo\u1ea1i Xi lanh th\u1ee7y l\u1ef1c xe n\u00e2ng, nh\u1eefng linh ki\u1ec7n thi\u1ebft y\u1ebfu mang l\u1ea1i s\u1ee9c m\u1ea1nh v\u00e0 \u0111\u1ed9 ch\u00ednh x\u00e1c c\u1ea7n thi\u1ebft \u0111\u1ec3 n\u00e2ng h\u1ea1 t\u1ea3i tr\u1ecdng n\u1eb7ng m\u1ed9t c\u00e1ch hi\u1ec7u qu\u1ea3. Danh m\u1ee5c s\u1ea3n ph\u1ea9m phong ph\u00fa c\u1ee7a ch\u00fang t\u00f4i c\u00f3 nhi\u1ec1u ch\u1ee7ng lo\u1ea1i v\u00e0 th\u00f4ng s\u1ed1 k\u1ef9 thu\u1eadt kh\u00e1c nhau, ph\u00f9 h\u1ee3p v\u1edbi c\u00e1c m\u1eabu xe n\u00e2ng v\u00e0 nhu c\u1ea7u c\u1ee7a ng\u00e0nh. Ch\u00fang t\u00f4i c\u0169ng cung c\u1ea5p d\u1ecbch v\u1ee5 t\u00f9y ch\u1ec9nh \u0111\u1ec3 \u0111\u00e1p \u1ee9ng c\u00e1c y\u00eau c\u1ea7u ri\u00eang bi\u1ec7t, \u0111\u1ea3m b\u1ea3o m\u1ed7i kh\u00e1ch h\u00e0ng \u0111\u1ec1u nh\u1eadn \u0111\u01b0\u1ee3c gi\u1ea3i ph\u00e1p ph\u00f9 h\u1ee3p. N\u1ebfu b\u1ea1n kh\u00f4ng t\u00ecm th\u1ea5y m\u1eabu xi lanh c\u1ee5 th\u1ec3 m\u00ecnh c\u1ea7n trong danh s\u00e1ch s\u1ea3n ph\u1ea9m c\u1ee7a ch\u00fang t\u00f4i, \u0111i\u1ec1u \u0111\u00f3 c\u00f3 ngh\u0129a l\u00e0 ch\u00fang t\u00f4i ch\u01b0a c\u00f3 c\u01a1 h\u1ed9i \u0111\u1ec3 \u0111\u0103ng t\u1ea3i. Vui l\u00f2ng g\u1eedi email cho ch\u00fang t\u00f4i y\u00eau c\u1ea7u c\u1ee7a b\u1ea1n, v\u00e0 c\u00e1c k\u1ef9 s\u01b0 l\u00e0nh ngh\u1ec1 c\u1ee7a ch\u00fang t\u00f4i s\u1ebd ph\u1ea3n h\u1ed3i trong v\u00f2ng 24 gi\u1edd \u0111\u1ec3 h\u1ed7 tr\u1ee3 b\u1ea1n t\u00ecm ki\u1ebfm ho\u1eb7c t\u1ea1o ra xi lanh th\u1ee7y l\u1ef1c ho\u00e0n h\u1ea3o cho xe n\u00e2ng c\u1ee7a b\u1ea1n.<\/p>\n<p>[\/et_pb_text][\/et_pb_column][\/et_pb_row][\/et_pb_section][et_pb_section fb_built=&#8221;1&#8243; _builder_version=&#8221;4.27.4&#8243; _module_preset=&#8221;default&#8221; global_colors_info=&#8221;{}&#8221;][et_pb_row _builder_version=&#8221;4.27.4&#8243; _module_preset=&#8221;default&#8221; global_colors_info=&#8221;{}&#8221;][et_pb_column type=&#8221;4_4&#8243; _builder_version=&#8221;4.27.4&#8243; _module_preset=&#8221;default&#8221; global_colors_info=&#8221;{}&#8221;][et_pb_shop type=&#8221;product_category&#8221; include_categories=&#8221;20&#8243; columns_number=&#8221;3&#8243; _builder_version=&#8221;4.27.4&#8243; _module_preset=&#8221;default&#8221; global_colors_info=&#8221;{}&#8221;][\/et_pb_shop][\/et_pb_column][\/et_pb_row][et_pb_row _builder_version=&#8221;4.27.4&#8243; _module_preset=&#8221;default&#8221; column_structure=&#8221;1_2,1_2&#8243;][et_pb_column _builder_version=&#8221;4.27.4&#8243; _module_preset=&#8221;default&#8221; type=&#8221;1_2&#8243;][et_pb_image src=&#8221;https:\/\/fmp-components.com\/wp-content\/uploads\/2025\/03\/Forklift-Hydraulic-Cylinders-3.webp&#8221; _builder_version=&#8221;4.27.4&#8243; _module_preset=&#8221;default&#8221; alt=&#8221;Forklift-Hydraulic-Cylinders&#8221; title_text=&#8221;Forklift-Hydraulic-Cylinders-3&#8243; hover_enabled=&#8221;0&#8243; sticky_enabled=&#8221;0&#8243;][\/et_pb_image][\/et_pb_column][et_pb_column _builder_version=&#8221;4.27.4&#8243; _module_preset=&#8221;default&#8221; type=&#8221;1_2&#8243;][et_pb_text _builder_version=&#8221;4.27.4&#8243; _module_preset=&#8221;default&#8221; header_2_font=&#8221;Frank Ruhl Libre||||||||&#8221; header_2_font_size=&#8221;30px&#8221; header_3_font=&#8221;Frank Ruhl Libre||||||||&#8221; hover_enabled=&#8221;0&#8243; sticky_enabled=&#8221;0&#8243;]<\/p>\n<h2>M\u1ed9t lo\u1ea1t c\u00e1c xi lanh th\u1ee7y l\u1ef1c to\u00e0n di\u1ec7n<\/h2>\n<p>Ch\u00fang t\u00f4i cung c\u1ea5p nhi\u1ec1u lo\u1ea1i xi lanh th\u1ee7y l\u1ef1c xe n\u00e2ng \u0111\u01b0\u1ee3c thi\u1ebft k\u1ebf \u0111\u1ec3 \u0111\u00e1p \u1ee9ng nhi\u1ec1u \u1ee9ng d\u1ee5ng kh\u00e1c nhau. D\u00f2ng s\u1ea3n ph\u1ea9m c\u1ee7a ch\u00fang t\u00f4i bao g\u1ed3m:<\/p>\n<p><strong>Xi lanh t\u00e1c \u0111\u1ed9ng \u0111\u01a1n:<\/strong> Th\u00edch h\u1ee3p cho c\u00e1c nhi\u1ec7m v\u1ee5 n\u00e2ng \u0111\u01a1n gi\u1ea3n.<br \/><strong>Xi lanh t\u00e1c \u0111\u1ed9ng k\u00e9p:<\/strong> Ho\u00e0n h\u1ea3o cho c\u00e1c \u1ee9ng d\u1ee5ng c\u1ea7n l\u1ef1c theo c\u1ea3 hai h\u01b0\u1edbng.<br \/><strong>Xi lanh \u1ed1ng l\u1ed3ng:<\/strong> Tuy\u1ec7t v\u1eddi khi s\u1eed d\u1ee5ng \u1edf ph\u1ea1m vi r\u1ed9ng v\u00e0 l\u01b0u tr\u1eef nh\u1ecf g\u1ecdn.<br \/><strong>Xi lanh song song:<\/strong> \u0110\u01b0\u1ee3c thi\u1ebft k\u1ebf \u0111\u1ec3 t\u0103ng c\u01b0\u1eddng s\u1ee9c m\u1ea1nh v\u00e0 \u0111\u1ed9 \u1ed5n \u0111\u1ecbnh trong c\u00e1c ho\u1ea1t \u0111\u1ed9ng \u0111\u00f2i h\u1ecfi kh\u1eaft khe.<br \/>V\u1edbi nhi\u1ec1u h\u00ecnh d\u1ea1ng v\u00e0 k\u00edch c\u1ee1 kh\u00e1c nhau, xi lanh c\u1ee7a ch\u00fang t\u00f4i \u0111\u01b0\u1ee3c thi\u1ebft k\u1ebf \u0111\u1ec3 \u0111\u00e1p \u1ee9ng nhu c\u1ea7u \u0111a d\u1ea1ng c\u1ee7a thi\u1ebft b\u1ecb\u2014d\u00f9 l\u00e0 n\u00e2ng, nghi\u00eang hay d\u1ecbch chuy\u1ec3n ngang. D\u00f9 \u1ee9ng d\u1ee5ng c\u1ee7a b\u1ea1n l\u00e0 g\u00ec, FMP \u0111\u1ec1u c\u00f3 gi\u1ea3i ph\u00e1p ho\u00e0n h\u1ea3o.<\/p>\n<p>[\/et_pb_text][\/et_pb_column][\/et_pb_row][et_pb_row _builder_version=&#8221;4.27.4&#8243; _module_preset=&#8221;default&#8221;][et_pb_column _builder_version=&#8221;4.27.4&#8243; _module_preset=&#8221;default&#8221; type=&#8221;4_4&#8243;][et_pb_text _builder_version=&#8221;4.27.4&#8243; _module_preset=&#8221;default&#8221; hover_enabled=&#8221;0&#8243; sticky_enabled=&#8221;0&#8243; header_3_font=&#8221;Frank Ruhl Libre||||||||&#8221; header_3_font_size=&#8221;25px&#8221; text_font_size=&#8221;15px&#8221;]<\/p>\n<h3>Giao h\u00e0ng nhanh v\u00e0 h\u00e0ng t\u1ed3n kho r\u1ed9ng r\u00e3i<\/h3>\n<p>Th\u1eddi gian ng\u1eebng ho\u1ea1t \u0111\u1ed9ng t\u1ed1n k\u00e9m, v\u00e0 t\u1ea1i FMP, ch\u00fang t\u00f4i cam k\u1ebft duy tr\u00ec ho\u1ea1t \u0111\u1ed9ng tr\u01a1n tru c\u1ee7a b\u1ea1n. Ch\u00fang t\u00f4i duy tr\u00ec m\u1ed9t kho d\u1ef1 tr\u1eef l\u1edbn xi lanh th\u1ee7y l\u1ef1c, c\u00f9ng v\u1edbi ph\u1ee5 t\u00f9ng v\u00e0 ph\u1ee5 ki\u1ec7n thay th\u1ebf, \u0111\u1ea3m b\u1ea3o giao h\u00e0ng nhanh ch\u00f3ng \u0111\u1ec3 \u0111\u00e1p \u1ee9ng nhu c\u1ea7u c\u1ea5p thi\u1ebft c\u1ee7a b\u1ea1n. Khi ch\u1ecdn FMP, b\u1ea1n c\u00f3 th\u1ec3 tin t\u01b0\u1edfng v\u00e0o d\u1ecbch v\u1ee5 nhanh ch\u00f3ng v\u00e0 \u0111\u00e1ng tin c\u1eady m\u1ecdi l\u00fac.<\/p>\n<p>[\/et_pb_text][\/et_pb_column][\/et_pb_row][\/et_pb_section][et_pb_section fb_built=&#8221;1&#8243; theme_builder_area=&#8221;post_content&#8221; _builder_version=&#8221;4.27.4&#8243; _module_preset=&#8221;default&#8221; alt=&#8221;Forklift-Hydraulic-Cylinders&#8221; title_text=&#8221;Forklift-Hydraulic-Cylinders-1&#8243; background_image=&#8221;https:\/\/fmp-components.com\/wp-content\/uploads\/2025\/03\/Forklift-Hydraulic-Cylinders-1.webp&#8221; hover_enabled=&#8221;0&#8243; sticky_enabled=&#8221;0&#8243; min_height=&#8221;320px&#8221;][et_pb_row _builder_version=&#8221;4.27.4&#8243; _module_preset=&#8221;default&#8221; theme_builder_area=&#8221;post_content&#8221; background_color=&#8221;rgba(0,0,0,0.28)&#8221; hover_enabled=&#8221;0&#8243; sticky_enabled=&#8221;0&#8243;][et_pb_column _builder_version=&#8221;4.27.4&#8243; _module_preset=&#8221;default&#8221; type=&#8221;4_4&#8243; theme_builder_area=&#8221;post_content&#8221;][et_pb_text _builder_version=&#8221;4.27.4&#8243; _module_preset=&#8221;default&#8221; theme_builder_area=&#8221;post_content&#8221; text_font_size=&#8221;16px&#8221; text_line_height=&#8221;2em&#8221; text_text_color=&#8221;#FFFFFF&#8221; hover_enabled=&#8221;0&#8243; sticky_enabled=&#8221;0&#8243; header_3_font=&#8221;Frank Ruhl Libre||||||||&#8221; header_3_text_color=&#8221;#FFFFFF&#8221; custom_margin=&#8221;0px|||30px|false|false&#8221; header_3_font_size=&#8221;30px&#8221;]<\/p>\n<h3 style=\"text-align: center;\">T\u1ea1i sao n\u00ean ch\u1ecdn FMP?<\/h3>\n<p style=\"text-align: left;\"><strong>S\u1ea3n xu\u1ea5t t\u1ea1i \u00dd:<\/strong>\u00a0 Tay ngh\u1ec1 th\u1ee7 c\u00f4ng cao c\u1ea5p t\u1eeb nh\u00e0 m\u00e1y \u00dd c\u1ee7a ch\u00fang t\u00f4i.<br \/>T\u00f9y ch\u1ecdn \u0111a d\u1ea1ng: Nhi\u1ec1u lo\u1ea1i xi lanh cho m\u1ecdi \u1ee9ng d\u1ee5ng.<br \/><strong>L\u1eddi khuy\u00ean c\u1ee7a chuy\u00ean gia:\u00a0<\/strong> S\u1ef1 h\u1ed7 tr\u1ee3 chuy\u00ean nghi\u1ec7p t\u1eeb \u0111\u1ed9i ng\u0169 hi\u1ec3u bi\u1ebft c\u1ee7a ch\u00fang t\u00f4i.<br \/><strong>D\u1ecbch v\u1ee5 nhanh ch\u00f3ng:<\/strong>\u00a0 H\u00e0ng t\u1ed3n kho l\u1edbn v\u00e0 giao h\u00e0ng nhanh \u0111\u1ec3 gi\u1ea3m thi\u1ec3u th\u1eddi gian ch\u1ebft.<br \/><strong>V\u1eeba v\u1eb7n t\u00f9y ch\u1ec9nh:<\/strong>\u00a0 Gi\u1ea3i ph\u00e1p \u0111\u01b0\u1ee3c thi\u1ebft k\u1ebf ri\u00eang ph\u00f9 h\u1ee3p v\u1edbi thi\u1ebft b\u1ecb v\u00e0 ng\u00e0nh c\u1ee7a b\u1ea1n.<br \/>N\u1ebfu b\u1ea1n c\u1ea7n xi lanh th\u1ee7y l\u1ef1c xe n\u00e2ng hi\u1ec7u su\u1ea5t cao \u0111\u01b0\u1ee3c h\u1ed7 tr\u1ee3 b\u1edfi chuy\u00ean m\u00f4n \u00dd, h\u00e3y \u0111\u1ebfn v\u1edbi FMP. Li\u00ean h\u1ec7 v\u1edbi ch\u00fang t\u00f4i ngay h\u00f4m nay \u0111\u1ec3 kh\u00e1m ph\u00e1 c\u00e1c s\u1ea3n ph\u1ea9m v\u00e0 t\u00ecm hi\u1ec3u c\u00e1ch ch\u00fang t\u00f4i c\u00f3 th\u1ec3 h\u1ed7 tr\u1ee3 doanh nghi\u1ec7p c\u1ee7a b\u1ea1n b\u1eb1ng c\u00e1c s\u1ea3n ph\u1ea9m ch\u1ea5t l\u01b0\u1ee3ng v\u00e0 d\u1ecbch v\u1ee5 v\u01b0\u1ee3t tr\u1ed9i!<\/p>\n<p>[\/et_pb_text][\/et_pb_column][\/et_pb_row][\/et_pb_section]<\/p>","protected":false},"excerpt":{"rendered":"<p>Forklift Hydraulic CylindersAt FMP Company, we specialize in producing a wide variety of Forklift Hydraulic Cylinders, critical components that deliver the power and precision required to lift and lower heavy loads efficiently. Our extensive range features diverse types and specifications to suit different forklift models and industry needs. We also offer customization services to meet [&hellip;]<\/p>","protected":false},"author":2,"featured_media":0,"parent":0,"menu_order":0,"comment_status":"closed","ping_status":"closed","template":"","meta":{"_et_pb_use_builder":"on","_et_pb_old_content":"","_et_gb_content_width":"","footnotes":""},"class_list":["post-286","page","type-page","status-publish","hentry"],"_links":{"self":[{"href":"https:\/\/fmp-components.com\/vi\/wp-json\/wp\/v2\/pages\/286","targetHints":{"allow":["GET"]}}],"collection":[{"href":"https:\/\/fmp-components.com\/vi\/wp-json\/wp\/v2\/pages"}],"about":[{"href":"https:\/\/fmp-components.com\/vi\/wp-json\/wp\/v2\/types\/page"}],"author":[{"embeddable":true,"href":"https:\/\/fmp-components.com\/vi\/wp-json\/wp\/v2\/users\/2"}],"replies":[{"embeddable":true,"href":"https:\/\/fmp-components.com\/vi\/wp-json\/wp\/v2\/comments?post=286"}],"version-history":[{"count":10,"href":"https:\/\/fmp-components.com\/vi\/wp-json\/wp\/v2\/pages\/286\/revisions"}],"predecessor-version":[{"id":7508,"href":"https:\/\/fmp-components.com\/vi\/wp-json\/wp\/v2\/pages\/286\/revisions\/7508"}],"wp:attachment":[{"href":"https:\/\/fmp-components.com\/vi\/wp-json\/wp\/v2\/media?parent=286"}],"curies":[{"name":"wp","href":"https:\/\/api.w.org\/{rel}","templated":true}]}}