{"id":1162,"date":"2024-12-20T01:38:48","date_gmt":"2024-12-20T01:38:48","guid":{"rendered":"https:\/\/fmp-components.com\/?page_id=8"},"modified":"2025-07-22T03:14:30","modified_gmt":"2025-07-22T03:14:30","slug":"planetary-gearbox","status":"publish","type":"page","link":"https:\/\/fmp-components.com\/vi\/planetary-gearbox\/","title":{"rendered":"H\u1ed9p s\u1ed1 h\u00e0nh tinh"},"content":{"rendered":"<p>[et_pb_section fb_built=&#8221;1&#8243; _builder_version=&#8221;4.27.4&#8243; _module_preset=&#8221;default&#8221; use_background_color_gradient=&#8221;on&#8221; background_color_gradient_stops=&#8221;rgba(4,40,4,0.07) 0%|rgba(8,40,9,0.33) 100%&#8221; background_color_gradient_overlays_image=&#8221;on&#8221; background_image=&#8221;https:\/\/fmp-components.com\/wp-content\/uploads\/2024\/12\/planetary-gearbox-banner.webp&#8221; min_height=&#8221;509px&#8221; global_colors_info=&#8221;{}&#8221;][et_pb_row _builder_version=&#8221;4.27.4&#8243; _module_preset=&#8221;default&#8221; global_colors_info=&#8221;{}&#8221;][et_pb_column type=&#8221;4_4&#8243; _builder_version=&#8221;4.27.4&#8243; _module_preset=&#8221;default&#8221; global_colors_info=&#8221;{}&#8221;][et_pb_text _builder_version=&#8221;4.27.4&#8243; _module_preset=&#8221;default&#8221; header_font=&#8221;Frank Ruhl Libre|500|||||||&#8221; header_text_align=&#8221;center&#8221; header_text_color=&#8221;#FFFFFF&#8221; header_font_size=&#8221;65px&#8221; header_text_shadow_style=&#8221;preset1&#8243; global_colors_info=&#8221;{}&#8221;]<\/p>\n<h1>H\u1ed9p s\u1ed1 h\u00e0nh tinh<\/h1>\n<p>[\/et_pb_text][\/et_pb_column][\/et_pb_row][et_pb_row _builder_version=&#8221;4.27.4&#8243; _module_preset=&#8221;default&#8221; global_colors_info=&#8221;{}&#8221;][et_pb_column type=&#8221;4_4&#8243; _builder_version=&#8221;4.27.4&#8243; _module_preset=&#8221;default&#8221; global_colors_info=&#8221;{}&#8221;][et_pb_text _builder_version=&#8221;4.27.4&#8243; _module_preset=&#8221;default&#8221; text_text_color=&#8221;#FFFFFF&#8221; text_font_size=&#8221;16px&#8221; text_line_height=&#8221;1.8em&#8221; text_text_shadow_style=&#8221;preset1&#8243; global_colors_info=&#8221;{}&#8221;]<\/p>\n<p>H\u1ed9p s\u1ed1 h\u00e0nh tinh bao g\u1ed3m m\u1ed9t b\u00e1nh r\u0103ng m\u1eb7t tr\u1eddi trung t\u00e2m, nhi\u1ec1u b\u00e1nh r\u0103ng h\u00e0nh tinh v\u00e0 m\u1ed9t b\u00e1nh r\u0103ng v\u00e0nh ngo\u00e0i, mang l\u1ea1i m\u1eadt \u0111\u1ed9 m\u00f4-men xo\u1eafn cao v\u00e0 thi\u1ebft k\u1ebf nh\u1ecf g\u1ecdn. C\u1ea5u h\u00ecnh n\u00e0y l\u00fd t\u01b0\u1edfng cho c\u00e1c \u1ee9ng d\u1ee5ng c\u1ea7n gi\u1ea3m t\u1ed1c \u0111\u1ed9 ch\u00ednh x\u00e1c v\u00e0 t\u0103ng m\u00f4-men xo\u1eafn, th\u01b0\u1eddng \u0111\u01b0\u1ee3c s\u1eed d\u1ee5ng trong robot, \u00f4 t\u00f4 v\u00e0 m\u00e1y m\u00f3c c\u00f4ng nghi\u1ec7p.<\/p>\n<p>T\u1ea1i FMP, ch\u00fang t\u00f4i cung c\u1ea5p \u0111a d\u1ea1ng c\u00e1c lo\u1ea1i h\u1ed9p s\u1ed1 h\u00e0nh tinh v\u00e0 nh\u1eadn \u0111\u1eb7t h\u00e0ng theo y\u00eau c\u1ea7u ri\u00eang c\u1ee7a b\u1ea1n. D\u00f9 b\u1ea1n c\u1ea7n gi\u1ea3i ph\u00e1p ti\u00eau chu\u1ea9n hay chuy\u00ean bi\u1ec7t, FMP lu\u00f4n cam k\u1ebft cung c\u1ea5p h\u1ed9p s\u1ed1 ch\u1ea5t l\u01b0\u1ee3ng cao, ph\u00f9 h\u1ee3p v\u1edbi nhu c\u1ea7u c\u1ee7a b\u1ea1n.<\/p>\n<p>[\/et_pb_text][\/et_pb_column][\/et_pb_row][\/et_pb_section][et_pb_section fb_built=&#8221;1&#8243; _builder_version=&#8221;4.27.4&#8243; _module_preset=&#8221;default&#8221; custom_padding=&#8221;||5px|||&#8221; global_colors_info=&#8221;{}&#8221;][et_pb_row _builder_version=&#8221;4.27.4&#8243; _module_preset=&#8221;default&#8221; global_colors_info=&#8221;{}&#8221;][et_pb_column type=&#8221;4_4&#8243; _builder_version=&#8221;4.27.4&#8243; _module_preset=&#8221;default&#8221; global_colors_info=&#8221;{}&#8221;][et_pb_text _builder_version=&#8221;4.27.4&#8243; _module_preset=&#8221;default&#8221; header_2_font=&#8221;Frank Ruhl Libre||||||||&#8221; header_2_text_align=&#8221;center&#8221; header_2_font_size=&#8221;40px&#8221; global_colors_info=&#8221;{}&#8221;]<\/p>\n<h2>H\u1ed9p s\u1ed1 h\u00e0nh tinh<\/h2>\n<p>[\/et_pb_text][\/et_pb_column][\/et_pb_row][et_pb_row column_structure=&#8221;1_3,1_3,1_3&#8243; _builder_version=&#8221;4.27.4&#8243; _module_preset=&#8221;default&#8221; global_colors_info=&#8221;{}&#8221;][et_pb_column type=&#8221;1_3&#8243; _builder_version=&#8221;4.27.4&#8243; _module_preset=&#8221;default&#8221; global_colors_info=&#8221;{}&#8221;][et_pb_image src=&#8221;https:\/\/fmp-components.com\/wp-content\/uploads\/2025\/01\/Track-Drive.webp&#8221; alt=&#8221;Track-Drive&#8221; title_text=&#8221;Track-Drive&#8221; _builder_version=&#8221;4.27.4&#8243; _module_preset=&#8221;default&#8221; global_colors_info=&#8221;{}&#8221;][\/et_pb_image][et_pb_toggle title=&#8221;Track Drive&#8221; _builder_version=&#8221;4.27.4&#8243; _module_preset=&#8221;default&#8221; global_colors_info=&#8221;{}&#8221;]<\/p>\n<ul>\n<li><a href=\"https:\/\/fmp-components.com\/vi\/product\/wheel-drive-planetary-gearbox-reducer-for-access-plateform\/\">H\u1ed9p s\u1ed1 h\u00e0nh tinh cho t\u1ea5m ti\u1ebfp c\u1eadn<\/a><\/li>\n<li><a href=\"https:\/\/fmp-components.com\/vi\/product\/wheel-drive-planetary-gearbox-reducer-for-rough-terrain-scissor-lift3679\/\">H\u1ed9p s\u1ed1 h\u00e0nh tinh cho \u0111\u1ecba h\u00ecnh g\u1ed3 gh\u1ec1 <\/a><a href=\"https:\/\/fmp-components.com\/vi\/product\/wheel-drive-planetary-gearbox-reducer-for-road-reclaimers-and-grades\/\">k\u00e9o<\/a><\/li>\n<li><a href=\"https:\/\/fmp-components.com\/vi\/product\/wheel-drive-planetary-gearbox-reducer-for-road-reclaimers-and-grades\/\">H\u1ed9p s\u1ed1 h\u00e0nh tinh cho m\u00e1y c\u1ea3i t\u1ea1o \u0111\u01b0\u1eddng v\u00e0 c\u1ea5p \u0111\u1ed9<\/a><\/li>\n<li><a href=\"https:\/\/fmp-components.com\/vi\/product\/wheel-drive-planetary-gearbox-reducer-for-land-clearing-stone-crusher\/\">H\u1ed9p s\u1ed1 h\u00e0nh tinh cho m\u00e1y nghi\u1ec1n \u0111\u00e1 khai hoang<\/a><\/li>\n<li><a href=\"https:\/\/fmp-components.com\/vi\/product\/wheel-drive-planetary-gearbox-reducer-for-cranes\/\">H\u1ed9p s\u1ed1 h\u00e0nh tinh cho c\u1ea7n c\u1ea9u<\/a><\/li>\n<\/ul>\n<p>[\/et_pb_toggle][\/et_pb_column][et_pb_column type=&#8221;1_3&#8243; _builder_version=&#8221;4.27.4&#8243; _module_preset=&#8221;default&#8221; global_colors_info=&#8221;{}&#8221;][et_pb_image src=&#8221;https:\/\/fmp-components.com\/wp-content\/uploads\/2024\/12\/Winch-Drive.webp&#8221; alt=&#8221;Winch Drive&#8221; title_text=&#8221;Winch Drive&#8221; _builder_version=&#8221;4.27.4&#8243; _module_preset=&#8221;default&#8221; global_colors_info=&#8221;{}&#8221;][\/et_pb_image][et_pb_toggle title=&#8221;Winch Drive&#8221; _builder_version=&#8221;4.27.4&#8243; _module_preset=&#8221;default&#8221; global_colors_info=&#8221;{}&#8221;]<\/p>\n<ul>\n<li>H\u1ed9p s\u1ed1 h\u00e0nh tinh cho t\u1eddi neo<\/li>\n<li>H\u1ed9p s\u1ed1 h\u00e0nh tinh cho t\u1eddi k\u00e9o<\/li>\n<li>H\u1ed9p s\u1ed1 h\u00e0nh tinh cho t\u00e0u x\u00e2y d\u1ef1ng ngo\u00e0i kh\u01a1i<\/li>\n<li>H\u1ed9p s\u1ed1 h\u00e0nh tinh cho gi\u00e0n khoan ngo\u00e0i kh\u01a1i<\/li>\n<li>H\u1ed9p s\u1ed1 h\u00e0nh tinh cho gi\u00e0n khoan<\/li>\n<li>H\u1ed9p s\u1ed1 h\u00e0nh tinh cho t\u1eddi l\u00e2m nghi\u1ec7p v\u00e0 khai th\u00e1c g\u1ed7<\/li>\n<li>H\u1ed9p s\u1ed1 h\u00e0nh tinh cho nh\u00e0 kho 3D<\/li>\n<li>H\u1ed9p s\u1ed1 h\u00e0nh tinh cho thi\u1ebft b\u1ecb n\u00e2ng m\u1ecf<\/li>\n<li>H\u1ed9p s\u1ed1 h\u00e0nh tinh cho thang m\u00e1y n\u00e2ng h\u1ea1<\/li>\n<li>H\u1ed9p s\u1ed1 h\u00e0nh tinh cho th\u1ee3 \u0111\u1eb7t \u1ed1ng<\/li>\n<li>H\u1ed9p s\u1ed1 h\u00e0nh tinh cho c\u1ea7n c\u1ea9u g\u1eafn tr\u00ean xe t\u1ea3i<\/li>\n<li>H\u1ed9p s\u1ed1 h\u00e0nh tinh cho b\u0103ng t\u1ea3i n\u00e2ng h\u1ea1 b\u1eb1ng g\u1ea7u<\/li>\n<li>H\u1ed9p s\u1ed1 h\u00e0nh tinh cho c\u1eeda l\u00f2 m\u1edf<\/li>\n<li>H\u1ed9p s\u1ed1 h\u00e0nh tinh cho t\u1eddi c\u1ee9u h\u1ecfa v\u00e0 c\u1ee9u h\u1ed9<\/li>\n<\/ul>\n<p>[\/et_pb_toggle][\/et_pb_column][et_pb_column type=&#8221;1_3&#8243; _builder_version=&#8221;4.27.4&#8243; _module_preset=&#8221;default&#8221; global_colors_info=&#8221;{}&#8221;][et_pb_image src=&#8221;https:\/\/fmp-components.com\/wp-content\/uploads\/2024\/12\/Wheel-Drive.webp&#8221; alt=&#8221;Wheel Drive&#8221; title_text=&#8221;Wheel Drive&#8221; _builder_version=&#8221;4.27.4&#8243; _module_preset=&#8221;default&#8221; global_colors_info=&#8221;{}&#8221;][\/et_pb_image][et_pb_toggle title=&#8221;Wheel Drive&#8221; _builder_version=&#8221;4.27.4&#8243; _module_preset=&#8221;default&#8221; global_colors_info=&#8221;{}&#8221;]<\/p>\n<ul>\n<li>H\u1ed9p s\u1ed1 h\u00e0nh tinh cho m\u00e1y g\u1eb7t t\u00e1o<\/li>\n<li>H\u1ed9p s\u1ed1 h\u00e0nh tinh cho m\u00e1y thu ho\u1ea1ch th\u1ee9c \u0103n gia s\u00fac<\/li>\n<li>H\u1ed9p s\u1ed1 h\u00e0nh tinh cho m\u00e1y thu ho\u1ea1ch khoai t\u00e2y<\/li>\n<li>H\u1ed9p s\u1ed1 h\u00e0nh tinh cho m\u00e1y thu ho\u1ea1ch nho<\/li>\n<li>H\u1ed9p s\u1ed1 h\u00e0nh tinh cho m\u00e1y thu ho\u1ea1ch \u0111\u01b0\u1eddng<\/li>\n<li>H\u1ed9p s\u1ed1 h\u00e0nh tinh cho m\u00e1y tr\u1ed9n th\u1ee9c \u0103n<\/li>\n<li>H\u1ed9p s\u1ed1 h\u00e0nh tinh cho \u0111\u1ea5t li\u1ec1n<br \/>M\u00e1y nghi\u1ec1n \u0111\u00e1<\/li>\n<li>H\u1ed9p s\u1ed1 h\u00e0nh tinh cho h\u1ec7 th\u1ed1ng t\u01b0\u1edbi ti\u00eau chuy\u1ec3n \u0111\u1ed9ng tuy\u1ebfn t\u00ednh<\/li>\n<li>H\u1ed9p s\u1ed1 h\u00e0nh tinh cho m\u00e1y gieo h\u1ea1t<\/li>\n<li>H\u1ed9p s\u1ed1 h\u00e0nh tinh cho ph\u00e2n b\u00f3n<\/li>\n<li>H\u1ed9p s\u1ed1 h\u00e0nh tinh cho t\u1ea5m ti\u1ebfp c\u1eadn<\/li>\n<li>H\u1ed9p s\u1ed1 h\u00e0nh tinh cho thang n\u00e2ng c\u1eaft k\u00e9o \u0111\u1ecba h\u00ecnh g\u1ed3 gh\u1ec1<\/li>\n<li>H\u1ed9p s\u1ed1 h\u00e0nh tinh cho m\u00e1y c\u1ea3i t\u1ea1o \u0111\u01b0\u1eddng v\u00e0 c\u1ea5p \u0111\u1ed9<\/li>\n<li>H\u1ed9p s\u1ed1 h\u00e0nh tinh cho m\u00e1y \u1ee7i<\/li>\n<li>H\u1ed9p s\u1ed1 h\u00e0nh tinh cho c\u1ea7n c\u1ea9u<\/li>\n<li>H\u1ed9p s\u1ed1 h\u00e0nh tinh cho xe tr\u1ed9n b\u00ea t\u00f4ng<\/li>\n<li>H\u1ed9p s\u1ed1 h\u00e0nh tinh cho m\u00e1y san g\u1ea1t<\/li>\n<li>H\u1ed9p s\u1ed1 h\u00e0nh tinh cho con l\u0103n<\/li>\n<li>H\u1ed9p s\u1ed1 h\u00e0nh tinh cho m\u00e1y x\u00fac l\u1eadt<\/li>\n<li>H\u1ed9p s\u1ed1 h\u00e0nh tinh cho m\u00e1y x\u00fac<\/li>\n<li>H\u1ed9p s\u1ed1 h\u00e0nh tinh cho m\u00e1y khoan ng\u1ea7m Jumbo<\/li>\n<li>H\u1ed9p s\u1ed1 h\u00e0nh tinh cho m\u00e1y x\u00fac ng\u1ea7m\/LHD<\/li>\n<li>H\u1ed9p s\u1ed1 h\u00e0nh tinh cho nh\u00e0 m\u00e1y nghi\u1ec1n v\u00e0 s\u00e0ng di \u0111\u1ed9ng<\/li>\n<li>H\u1ed9p s\u1ed1 h\u00e0nh tinh cho xe t\u1ea3i ben khai th\u00e1c m\u1ecf<\/li>\n<li>H\u1ed9p s\u1ed1 h\u00e0nh tinh cho xe n\u00e2ng<\/li>\n<li>H\u1ed9p s\u1ed1 h\u00e0nh tinh cho c\u1ea7n c\u1ea9u container<\/li>\n<li>H\u1ed9p s\u1ed1 h\u00e0nh tinh cho xe t\u1ef1 h\u00e0nh, AGV<\/li>\n<li>H\u1ed9p s\u1ed1 h\u00e0nh tinh cho xe n\u00e2ng Reach Stacker<\/li>\n<li>H\u1ed9p s\u1ed1 h\u00e0nh tinh cho c\u1ea7n tr\u1ee5c b\u00e1nh l\u1ed1p cao su, RTG<\/li>\n<\/ul>\n<p>[\/et_pb_toggle][\/et_pb_column][\/et_pb_row][et_pb_row column_structure=&#8221;1_3,1_3,1_3&#8243; _builder_version=&#8221;4.27.4&#8243; _module_preset=&#8221;default&#8221; global_colors_info=&#8221;{}&#8221;][et_pb_column type=&#8221;1_3&#8243; _builder_version=&#8221;4.27.4&#8243; _module_preset=&#8221;default&#8221; global_colors_info=&#8221;{}&#8221;][et_pb_image src=&#8221;https:\/\/fmp-components.com\/wp-content\/uploads\/2024\/12\/Slewing-Drive.webp&#8221; alt=&#8221;Slewing Drive&#8221; title_text=&#8221;Slewing Drive&#8221; _builder_version=&#8221;4.27.4&#8243; _module_preset=&#8221;default&#8221; global_colors_info=&#8221;{}&#8221;][\/et_pb_image][et_pb_toggle title=&#8221;Slewing Drive&#8221; _builder_version=&#8221;4.27.4&#8243; _module_preset=&#8221;default&#8221; global_colors_info=&#8221;{}&#8221;]<\/p>\n<ul>\n<li>H\u1ed9p s\u1ed1 h\u00e0nh tinh cho tuabin gi\u00f3<\/li>\n<li>H\u1ed9p s\u1ed1 h\u00e0nh tinh cho h\u1ec7 th\u1ed1ng theo d\u00f5i n\u0103ng l\u01b0\u1ee3ng m\u1eb7t tr\u1eddi<\/li>\n<li>H\u1ed9p s\u1ed1 h\u00e0nh tinh cho m\u00e1y b\u01a1m b\u00ea t\u00f4ng g\u1eafn tr\u00ean xe t\u1ea3i<\/li>\n<li>H\u1ed9p s\u1ed1 h\u00e0nh tinh cho xe l\u00e0m vi\u1ec7c tr\u00ean kh\u00f4ng<\/li>\n<li>H\u1ed9p s\u1ed1 h\u00e0nh tinh cho gi\u00e0n khoan ngo\u00e0i kh\u01a1i<\/li>\n<li>H\u1ed9p s\u1ed1 h\u00e0nh tinh cho \u0103ng-ten radar<\/li>\n<li>H\u1ed9p s\u1ed1 h\u00e0nh tinh cho \u0111\u1ea7u c\u1eaft TBM<\/li>\n<li>H\u1ed9p s\u1ed1 h\u00e0nh tinh cho m\u00e1y x\u00fac<\/li>\n<li>H\u1ed9p s\u1ed1 h\u00e0nh tinh cho c\u1ea9u th\u00e1p<\/li>\n<li>H\u1ed9p s\u1ed1 h\u00e0nh tinh cho c\u1ea7n c\u1ea9u container c\u1ea3ng<\/li>\n<li>H\u1ed9p s\u1ed1 h\u00e0nh tinh cho c\u1ea7n c\u1ea9u b\u00e1nh x\u00edch<\/li>\n<li>H\u1ed9p s\u1ed1 h\u00e0nh tinh cho c\u1ea7n c\u1ea9u g\u1eafn tr\u00ean xe t\u1ea3i<\/li>\n<li>H\u1ed9p s\u1ed1 h\u00e0nh tinh cho c\u1ea7n c\u1ea9u \u0111\u1ecba h\u00ecnh g\u1ed3 gh\u1ec1<\/li>\n<\/ul>\n<p>[\/et_pb_toggle][\/et_pb_column][et_pb_column type=&#8221;1_3&#8243; _builder_version=&#8221;4.27.4&#8243; _module_preset=&#8221;default&#8221; global_colors_info=&#8221;{}&#8221;][et_pb_image src=&#8221;https:\/\/fmp-components.com\/wp-content\/uploads\/2024\/12\/Swing-Gearbox.webp&#8221; alt=&#8221;Swing Gearbox&#8221; title_text=&#8221;Swing Gearbox&#8221; _builder_version=&#8221;4.27.4&#8243; _module_preset=&#8221;default&#8221; global_colors_info=&#8221;{}&#8221;][\/et_pb_image][et_pb_toggle title=&#8221;Swing Gearbox&#8221; _builder_version=&#8221;4.27.4&#8243; _module_preset=&#8221;default&#8221; global_colors_info=&#8221;{}&#8221;]<\/p>\n<ul>\n<li>H\u1ed9p s\u1ed1 h\u00e0nh tinh cho <span>Kobelco SK350-8<\/span><\/li>\n<li>H\u1ed9p s\u1ed1 h\u00e0nh tinh cho m\u00e1y x\u00fac Yuchai YC60-7<\/li>\n<li>H\u1ed9p s\u1ed1 h\u00e0nh tinh cho m\u00e1y c\u1ea3i t\u1ea1o \u0111\u01b0\u1eddng v\u00e0 c\u1ea5p \u0111\u1ed9<\/li>\n<li>H\u1ed9p s\u1ed1 h\u00e0nh tinh cho m\u00e1y x\u00fac Hitachi ZX70<\/li>\n<li>H\u1ed9p s\u1ed1 h\u00e0nh tinh cho m\u00e1y x\u00fac CASE CX130<\/li>\n<li>H\u1ed9p s\u1ed1 h\u00e0nh tinh cho m\u00e1y x\u00fac <span>DX380<\/span><\/li>\n<li>H\u1ed9p s\u1ed1 h\u00e0nh tinh cho m\u00e1y x\u00fac Caterpillar E307B<\/li>\n<li>H\u1ed9p s\u1ed1 h\u00e0nh tinh cho m\u00e1y x\u00fac Caterpillar E336D<\/li>\n<li>H\u1ed9p s\u1ed1 h\u00e0nh tinh cho m\u00e1y x\u00fac <span>EC360<\/span><\/li>\n<li>H\u1ed9p s\u1ed1 h\u00e0nh tinh cho m\u00e1y x\u00fac Volvo EC460<\/li>\n<li>H\u1ed9p s\u1ed1 h\u00e0nh tinh cho m\u00e1y x\u00fac <span>EC700<\/span><\/li>\n<li>H\u1ed9p s\u1ed1 h\u00e0nh tinh cho m\u00e1y x\u00fac Volvo EC360<\/li>\n<li>H\u1ed9p s\u1ed1 h\u00e0nh tinh cho m\u00e1y x\u00fac Volvo EC460<\/li>\n<li>H\u1ed9p s\u1ed1 h\u00e0nh tinh cho m\u00e1y x\u00fac <span>EC700<\/span><\/li>\n<li>H\u1ed9p s\u1ed1 h\u00e0nh tinh cho m\u00e1y x\u00fac Komatsu PC40<\/li>\n<li>H\u1ed9p s\u1ed1 h\u00e0nh tinh cho m\u00e1y x\u00fac Komatsu PC56-7<\/li>\n<li>H\u1ed9p s\u1ed1 h\u00e0nh tinh cho m\u00e1y x\u00fac Komatsu PC300-7<\/li>\n<li>H\u1ed9p s\u1ed1 h\u00e0nh tinh cho m\u00e1y x\u00fac Komatsu PC400-7<\/li>\n<li>H\u1ed9p s\u1ed1 h\u00e0nh tinh cho m\u00e1y x\u00fac Kobelco SK60-6<\/li>\n<li>H\u1ed9p s\u1ed1 h\u00e0nh tinh cho m\u00e1y x\u00fac Kobelco SK135<\/li>\n<li>H\u1ed9p s\u1ed1 h\u00e0nh tinh cho m\u00e1y x\u00fac Kobelco SK200-8<\/li>\n<li>H\u1ed9p s\u1ed1 h\u00e0nh tinh cho m\u00e1y x\u00fac Daewoo DH300-7<\/li>\n<\/ul>\n<p>[\/et_pb_toggle][\/et_pb_column][et_pb_column type=&#8221;1_3&#8243; _builder_version=&#8221;4.27.4&#8243; _module_preset=&#8221;default&#8221; global_colors_info=&#8221;{}&#8221;][et_pb_image src=&#8221;https:\/\/fmp-components.com\/wp-content\/uploads\/2024\/12\/In-line-Planetary-Gearbox.webp&#8221; alt=&#8221;In-line Planetary Gearbox&#8221; title_text=&#8221;In-line Planetary Gearbox&#8221; _builder_version=&#8221;4.27.4&#8243; _module_preset=&#8221;default&#8221; global_colors_info=&#8221;{}&#8221;][\/et_pb_image][et_pb_toggle title=&#8221;In-line Planetary Gearbox&#8221; _builder_version=&#8221;4.27.4&#8243; _module_preset=&#8221;default&#8221; global_colors_info=&#8221;{}&#8221;]<\/p>\n<ul>\n<li>H\u1ed9p s\u1ed1 b\u00e1nh r\u0103ng h\u00e0nh tinh c\u00f4ng nghi\u1ec7p d\u00f2ng S<\/li>\n<li>H\u1ed9p s\u1ed1 h\u00e0nh tinh d\u00f2ng E<\/li>\n<li>H\u1ed9p s\u1ed1 h\u00e0nh tinh d\u00f2ng 311<\/li>\n<li>H\u1ed9p s\u1ed1 h\u00e0nh tinh d\u00f2ng 310<\/li>\n<li>H\u1ed9p s\u1ed1 h\u00e0nh tinh d\u00f2ng 306<\/li>\n<li>H\u1ed9p s\u1ed1 h\u00e0nh tinh d\u00f2ng 301<\/li>\n<\/ul>\n<p>[\/et_pb_toggle][\/et_pb_column][\/et_pb_row][et_pb_row column_structure=&#8221;1_3,1_3,1_3&#8243; _builder_version=&#8221;4.27.4&#8243; _module_preset=&#8221;default&#8221; global_colors_info=&#8221;{}&#8221;][et_pb_column type=&#8221;1_3&#8243; _builder_version=&#8221;4.27.4&#8243; _module_preset=&#8221;default&#8221; global_colors_info=&#8221;{}&#8221;][et_pb_image src=&#8221;https:\/\/fmp-components.com\/wp-content\/uploads\/2024\/12\/Right-Angle-Planetary-Gearbox.webp&#8221; alt=&#8221;Right Angle Planetary Gearbox&#8221; title_text=&#8221;Right Angle Planetary Gearbox&#8221; _builder_version=&#8221;4.27.4&#8243; _module_preset=&#8221;default&#8221; global_colors_info=&#8221;{}&#8221;][\/et_pb_image][et_pb_toggle title=&#8221;Right Angle Planetary Gearbox&#8221; _builder_version=&#8221;4.27.4&#8243; _module_preset=&#8221;default&#8221; global_colors_info=&#8221;{}&#8221;]<\/p>\n<ul>\n<li>H\u1ed9p s\u1ed1 h\u00e0nh tinh d\u00f2ng 307<\/li>\n<\/ul>\n<p>[\/et_pb_toggle][\/et_pb_column][et_pb_column type=&#8221;1_3&#8243; _builder_version=&#8221;4.27.4&#8243; _module_preset=&#8221;default&#8221; global_colors_info=&#8221;{}&#8221;][et_pb_image src=&#8221;https:\/\/fmp-components.com\/wp-content\/uploads\/2024\/12\/Planetary-Gearbox-for-Feed-Mixer.webp&#8221; alt=&#8221;Planetary Gearbox for Feed Mixer&#8221; title_text=&#8221;Planetary Gearbox for Feed Mixer&#8221; _builder_version=&#8221;4.27.4&#8243; _module_preset=&#8221;default&#8221; global_colors_info=&#8221;{}&#8221;][\/et_pb_image][et_pb_toggle title=&#8221;Planetary Gearbox for Feed Mixer&#8221; _builder_version=&#8221;4.27.4&#8243; _module_preset=&#8221;default&#8221; global_colors_info=&#8221;{}&#8221;]<\/p>\n<ul>\n<li>H\u1ed9p s\u1ed1 m\u00e1y tr\u1ed9n th\u1ee9c \u0103n C3A, 1:1, 1,8:1<\/li>\n<li>M\u00e1y tr\u1ed9n th\u1ee9c \u0103n h\u1ed9p s\u1ed1 C-3A<\/li>\n<li>M\u00e1y tr\u1ed9n th\u1ee9c \u0103n h\u1ed9p s\u1ed1 D-732A 1:1\/1.41:1<\/li>\n<li>H\u1ed9p s\u1ed1 m\u00e1y tr\u1ed9n c\u1ea5p li\u1ec7u n\u1eb1m ngang D732A 1:1\/1.93:1<\/li>\n<li>H\u1ed9p s\u1ed1 m\u00e1y tr\u1ed9n c\u1ea5p li\u1ec7u n\u1eb1m ngang C3A 1:1<\/li>\n<li>H\u1ed9p s\u1ed1 m\u00e1y tr\u1ed9n th\u1ee9c \u0103n cho m\u00e1y tr\u1ed9n TMR EP RMG<\/li>\n<li>H\u1ed9p s\u1ed1 tr\u1ed9n th\u1ee9c \u0103n PGA-1202VM<\/li>\n<li>M\u00e1y tr\u1ed9n th\u1ee9c \u0103n h\u1ed9p s\u1ed1 PGA-1602<\/li>\n<li>H\u1ed9p s\u1ed1 tr\u1ed9n c\u1ea5p li\u1ec7u th\u1eb3ng \u0111\u1ee9ng PGA1202VM<\/li>\n<li>H\u1ed9p s\u1ed1 tr\u1ed9n c\u1ea5p li\u1ec7u th\u1eb3ng \u0111\u1ee9ng PGA1602VM<\/li>\n<\/ul>\n<p>[\/et_pb_toggle][\/et_pb_column][et_pb_column type=&#8221;1_3&#8243; _builder_version=&#8221;4.27.4&#8243; _module_preset=&#8221;default&#8221; global_colors_info=&#8221;{}&#8221;][et_pb_image src=&#8221;https:\/\/fmp-components.com\/wp-content\/uploads\/2024\/12\/Planetary-Gearbox-for-Wind-Turbine.webp&#8221; alt=&#8221;Planetary Gearbox for Wind Turbine&#8221; title_text=&#8221;Planetary Gearbox for Wind Turbine&#8221; _builder_version=&#8221;4.27.4&#8243; _module_preset=&#8221;default&#8221; global_colors_info=&#8221;{}&#8221;][\/et_pb_image][et_pb_toggle title=&#8221;Planetary Gearbox for Wind Turbine&#8221; _builder_version=&#8221;4.27.4&#8243; _module_preset=&#8221;default&#8221; global_colors_info=&#8221;{}&#8221;]<\/p>\n<ul>\n<li>H\u1ed9p s\u1ed1 h\u00e0nh tinh truy\u1ec1n \u0111\u1ed9ng xoay di \u0111\u1ed9ng d\u00f2ng SD<\/li>\n<li>D\u00f2ng NB <span>H\u1ed9p s\u1ed1 truy\u1ec1n \u0111\u1ed9ng Yaw<\/span><\/li>\n<\/ul>\n<p>[\/et_pb_toggle][\/et_pb_column][\/et_pb_row][\/et_pb_section][et_pb_section fb_built=&#8221;1&#8243; _builder_version=&#8221;4.27.4&#8243; _module_preset=&#8221;default&#8221; global_colors_info=&#8221;{}&#8221;][et_pb_row _builder_version=&#8221;4.27.4&#8243; _module_preset=&#8221;default&#8221; global_colors_info=&#8221;{}&#8221;][et_pb_column type=&#8221;4_4&#8243; _builder_version=&#8221;4.27.4&#8243; _module_preset=&#8221;default&#8221; global_colors_info=&#8221;{}&#8221;][et_pb_text _builder_version=&#8221;4.27.4&#8243; _module_preset=&#8221;default&#8221; header_2_font=&#8221;Frank Ruhl Libre||||||||&#8221; header_2_font_size=&#8221;38px&#8221; global_colors_info=&#8221;{}&#8221;]<\/p>\n<h2 style=\"text-align: center;\">S\u1ea3n ph\u1ea9m li\u00ean quan \u2013 B\u00e1nh r\u0103ng h\u00e0nh tinh<\/h2>\n<p>[\/et_pb_text][\/et_pb_column][\/et_pb_row][et_pb_row column_structure=&#8221;1_4,1_4,1_4,1_4&#8243; _builder_version=&#8221;4.27.4&#8243; _module_preset=&#8221;default&#8221; global_colors_info=&#8221;{}&#8221;][et_pb_column type=&#8221;1_4&#8243; _builder_version=&#8221;4.27.4&#8243; _module_preset=&#8221;default&#8221; global_colors_info=&#8221;{}&#8221;][et_pb_blurb title=&#8221;Planetary Gear Sets&#8221; url=&#8221;https:\/\/fmp-components.com\/en\/product\/planetary-gear-sets&#8221; url_new_window=&#8221;on&#8221; image=&#8221;https:\/\/fmp-components.com\/wp-content\/uploads\/2025\/01\/Planetary-Gear-set.webp&#8221; alt=&#8221;Planetary Gear set&#8221; _builder_version=&#8221;4.27.4&#8243; _module_preset=&#8221;default&#8221; header_level=&#8221;h3&#8243; header_font=&#8221;Frank Ruhl Libre||||||||&#8221; header_text_align=&#8221;center&#8221; header_font_size=&#8221;20px&#8221; global_colors_info=&#8221;{}&#8221;][\/et_pb_blurb][\/et_pb_column][et_pb_column type=&#8221;1_4&#8243; _builder_version=&#8221;4.27.4&#8243; _module_preset=&#8221;default&#8221; global_colors_info=&#8221;{}&#8221;][et_pb_blurb title=&#8221;Internal Planetary Gear&#8221; url=&#8221;https:\/\/fmp-components.com\/en\/product\/internal-planetary-gear&#8221; url_new_window=&#8221;on&#8221; image=&#8221;https:\/\/fmp-components.com\/wp-content\/uploads\/2025\/01\/Internal-Planetary-Gear.webp&#8221; alt=&#8221;Internal Planetary Gear&#8221; _builder_version=&#8221;4.27.4&#8243; _module_preset=&#8221;default&#8221; header_level=&#8221;h3&#8243; header_font=&#8221;Frank Ruhl Libre||||||||&#8221; header_text_align=&#8221;center&#8221; header_font_size=&#8221;20px&#8221; global_colors_info=&#8221;{}&#8221;][\/et_pb_blurb][\/et_pb_column][et_pb_column type=&#8221;1_4&#8243; _builder_version=&#8221;4.27.4&#8243; _module_preset=&#8221;default&#8221; global_colors_info=&#8221;{}&#8221;][et_pb_blurb title=&#8221;Internal Planetary Gear Kit&#8221; url=&#8221;https:\/\/fmp-components.com\/en\/product\/internal-planetary-gear-kit&#8221; url_new_window=&#8221;on&#8221; image=&#8221;https:\/\/fmp-components.com\/wp-content\/uploads\/2025\/01\/Internal-Planetary-Gear-Kit.webp&#8221; alt=&#8221;Internal Planetary Gear Kit&#8221; _builder_version=&#8221;4.27.4&#8243; _module_preset=&#8221;default&#8221; header_level=&#8221;h3&#8243; header_font=&#8221;Frank Ruhl Libre||||||||&#8221; header_text_align=&#8221;center&#8221; header_font_size=&#8221;20px&#8221; global_colors_info=&#8221;{}&#8221;][\/et_pb_blurb][\/et_pb_column][et_pb_column type=&#8221;1_4&#8243; _builder_version=&#8221;4.27.4&#8243; _module_preset=&#8221;default&#8221; global_colors_info=&#8221;{}&#8221;][et_pb_blurb title=&#8221;Planetary Ring Gear&#8221; url=&#8221;https:\/\/fmp-components.com\/en\/product\/planetary-ring-gear&#8221; url_new_window=&#8221;on&#8221; image=&#8221;https:\/\/fmp-components.com\/wp-content\/uploads\/2025\/01\/Planetary-Ring-Gear.webp&#8221; alt=&#8221;Planetary Ring Gear&#8221; _builder_version=&#8221;4.27.4&#8243; _module_preset=&#8221;default&#8221; header_level=&#8221;h3&#8243; header_font=&#8221;Frank Ruhl Libre||||||||&#8221; header_text_align=&#8221;center&#8221; header_font_size=&#8221;20px&#8221; global_colors_info=&#8221;{}&#8221;][\/et_pb_blurb][\/et_pb_column][\/et_pb_row][\/et_pb_section]<\/p>","protected":false},"excerpt":{"rendered":"<p>Planetary GearboxA planetary gearbox consists of a central sun gear, multiple planet gears, and an outer ring gear, offering high torque density and compact design. This configuration makes it ideal for applications needing precise speed reduction and increased torque, commonly used in robotics, automotive, and industrial machinery. At FMP, we provide a wide range of [&hellip;]<\/p>","protected":false},"author":2,"featured_media":0,"parent":0,"menu_order":0,"comment_status":"closed","ping_status":"closed","template":"","meta":{"_et_pb_use_builder":"on","_et_pb_old_content":"","_et_gb_content_width":"","footnotes":""},"class_list":["post-1162","page","type-page","status-publish","hentry"],"_links":{"self":[{"href":"https:\/\/fmp-components.com\/vi\/wp-json\/wp\/v2\/pages\/1162","targetHints":{"allow":["GET"]}}],"collection":[{"href":"https:\/\/fmp-components.com\/vi\/wp-json\/wp\/v2\/pages"}],"about":[{"href":"https:\/\/fmp-components.com\/vi\/wp-json\/wp\/v2\/types\/page"}],"author":[{"embeddable":true,"href":"https:\/\/fmp-components.com\/vi\/wp-json\/wp\/v2\/users\/2"}],"replies":[{"embeddable":true,"href":"https:\/\/fmp-components.com\/vi\/wp-json\/wp\/v2\/comments?post=1162"}],"version-history":[{"count":30,"href":"https:\/\/fmp-components.com\/vi\/wp-json\/wp\/v2\/pages\/1162\/revisions"}],"predecessor-version":[{"id":8188,"href":"https:\/\/fmp-components.com\/vi\/wp-json\/wp\/v2\/pages\/1162\/revisions\/8188"}],"wp:attachment":[{"href":"https:\/\/fmp-components.com\/vi\/wp-json\/wp\/v2\/media?parent=1162"}],"curies":[{"name":"wp","href":"https:\/\/api.w.org\/{rel}","templated":true}]}}