{"id":967,"date":"2024-12-19T03:40:23","date_gmt":"2024-12-19T03:40:23","guid":{"rendered":"https:\/\/fmp-components.com\/product\/10047-cost-effective-double-acting-trailer-hydraulic-cylinder\/"},"modified":"2024-12-19T08:42:34","modified_gmt":"2024-12-19T08:42:34","slug":"10047-cost-effective-double-acting-trailer-hydraulic-cylinder","status":"publish","type":"product","link":"https:\/\/fmp-components.com\/tr\/product\/10047-cost-effective-double-acting-trailer-hydraulic-cylinder\/","title":{"rendered":"10047 Maliyet Etkin \u00c7ift Etkili R\u00f6mork Hidrolik Silindiri"},"content":{"rendered":"<p>10047 numaral\u0131, maliyet etkinli\u011fi y\u00fcksek \u00e7ift etkili treyler hidrolik silindiri, treyler uygulamalar\u0131 i\u00e7in \u00f6zel olarak tasarlanm\u0131\u015ft\u0131r ve uygun fiyata g\u00fcvenilir performans ve verimlilik sa\u011flar. Bu hidrolik silindir, treylerlerin kald\u0131r\u0131lmas\u0131, indirilmesi ve konumland\u0131r\u0131lmas\u0131 i\u00e7in idealdir ve \u00e7e\u015fitli y\u00fckleme ve bo\u015faltma senaryolar\u0131nda sorunsuz \u00e7al\u0131\u015fma sa\u011flar.<\/p>\n<h4>Temel \u00d6zellikler:<\/h4>\n<ul>\n<li><strong>\u00c7ift Etkili Tasar\u0131m<\/strong>Hem uzatma hem de geri \u00e7ekme i\u015flemlerinde verimli \u00e7al\u0131\u015fmay\u0131 kolayla\u015ft\u0131r\u0131r ve r\u00f6mork manevralar\u0131 s\u0131ras\u0131nda hassas kontrol sa\u011flar.<\/li>\n<li><strong>Maliyet Etkin \u00c7\u00f6z\u00fcm<\/strong>Kaliteden \u00f6d\u00fcn vermeden m\u00fckemmel performans sunarak treyler operasyonlar\u0131 i\u00e7in ekonomik bir se\u00e7enek olu\u015fturmaktad\u0131r.<\/li>\n<li><strong>Dayan\u0131kl\u0131 Yap\u0131<\/strong>Y\u00fcksek mukavemetli malzemelerden \u00fcretilmi\u015f olup, a\u011f\u0131r y\u00fcklerin ve zorlu ortamlar\u0131n gereksinimlerini kar\u015f\u0131lar.<\/li>\n<li><strong>Korozyona Dayan\u0131kl\u0131 Kaplama<\/strong>Paslanmay\u0131 ve korozyonu \u00f6nlemek i\u00e7in kaplanm\u0131\u015ft\u0131r, bu da d\u0131\u015f mekan ko\u015fullar\u0131nda uzun \u00f6m\u00fcr ve g\u00fcvenilirlik sa\u011flar.<\/li>\n<li><strong>Kolay Kurulum<\/strong>Mevcut treyler sistemlerine h\u0131zl\u0131 ve kolay entegrasyon i\u00e7in tasarlanm\u0131\u015ft\u0131r, b\u00f6ylece ar\u0131za s\u00fcresi en aza indirilir. <img loading=\"lazy\" decoding=\"async\" class=\"size-full wp-image-976 aligncenter\" src=\"https:\/\/fmp-components.com\/wp-content\/uploads\/2024\/12\/Welded-Tee-Type-Cylinder2.webp\" alt=\"Kaynakl\u0131 T Tipi Silindir\" width=\"764\" height=\"675\" title=\"\" srcset=\"https:\/\/fmp-components.com\/wp-content\/uploads\/2024\/12\/Welded-Tee-Type-Cylinder2.webp 764w, https:\/\/fmp-components.com\/wp-content\/uploads\/2024\/12\/Welded-Tee-Type-Cylinder2-480x424.webp 480w\" sizes=\"(min-width: 0px) and (max-width: 480px) 480px, (min-width: 481px) 764px, 100vw\" \/><\/li>\n<\/ul>\n<h4>Faydalar:<\/h4>\n<ul>\n<li><strong>Artt\u0131r\u0131lm\u0131\u015f Verimlilik<\/strong>Treylerlerin operasyonel verimlili\u011fini art\u0131r\u0131r, sorunsuz ve g\u00fcvenilir kald\u0131rma ve indirme i\u015flemleri sa\u011flar.<\/li>\n<li><strong>\u00c7ok Y\u00f6nl\u00fc Uygulamalar<\/strong>\u00c7e\u015fitli treyler tiplerine uygun olmas\u0131, ekipman\u0131n\u0131za \u00e7ok y\u00f6nl\u00fc bir katk\u0131 sa\u011flar.<\/li>\n<li><strong>Azalt\u0131lm\u0131\u015f Bak\u0131m Maliyetleri<\/strong>: Dayan\u0131kl\u0131 tasar\u0131m\u0131 a\u015f\u0131nma ve y\u0131pranmay\u0131 en aza indirerek bak\u0131m ve de\u011fi\u015ftirme masraflar\u0131n\u0131 azalt\u0131r.<\/li>\n<\/ul>\n<p>10047 numaral\u0131, maliyet etkinli\u011fi y\u00fcksek \u00e7ift etkili treyler hidrolik silindiri, b\u00fct\u00e7eyi g\u00f6z \u00f6n\u00fcnde bulundurarak treyler performans\u0131n\u0131 art\u0131rmak isteyen herkes i\u00e7in vazge\u00e7ilmez bir bile\u015fendir. Sa\u011flam tasar\u0131m\u0131 ve g\u00fcvenilir i\u015flevselli\u011fi, verimli treyler operasyonlar\u0131 i\u00e7in ak\u0131ll\u0131 bir se\u00e7im olmas\u0131n\u0131 sa\u011flar.<\/p>\n<h2>Kaynakl\u0131 T Tipi Silindirin Avantajlar\u0131<\/h2>\n<ul>\n<li style=\"list-style-type: none;\">\n<ul>\n<li><strong>Artt\u0131r\u0131lm\u0131\u015f G\u00fc\u00e7:<\/strong> Kaynakl\u0131 T tipi silindirler, y\u00fcksek mukavemetleriyle bilinir ve a\u011f\u0131r kald\u0131rma gerektiren uygulamalar i\u00e7in uygundur. Bu silindirlerin imalat\u0131nda kullan\u0131lan kaynak i\u015flemi, silindirin zay\u0131f noktalardan ar\u0131nd\u0131r\u0131lm\u0131\u015f olmas\u0131n\u0131 ve y\u00fcksek bas\u0131n\u00e7 ve gerilime dayanabilmesini sa\u011flar.<\/li>\n<\/ul>\n<\/li>\n<\/ul>\n<p>Silindire uygulanan bas\u0131n\u00e7, t\u00fcm y\u00fczeye e\u015fit olarak da\u011f\u0131larak deformasyona kar\u015f\u0131 diren\u00e7li hale gelir. Bu \u00f6zellik, silindirin en zorlu ko\u015fullarda bile \u015feklini ve yap\u0131sal b\u00fct\u00fcnl\u00fc\u011f\u00fcn\u00fc koruyabilmesini sa\u011flar.<\/p>\n<ul>\n<li style=\"list-style-type: none;\">\n<ul>\n<li><strong>S\u0131z\u0131nt\u0131 \u00d6nleme:<\/strong> Kaynakl\u0131 T tipi silindirler, s\u0131z\u0131nt\u0131y\u0131 \u00f6nleyecek \u015fekilde tasarlanm\u0131\u015ft\u0131r. \u00dcretim s\u00fcrecinde kullan\u0131lan kaynak i\u015flemi, silindirin tamamen s\u0131zd\u0131rmaz olmas\u0131n\u0131 ve olas\u0131 s\u0131z\u0131nt\u0131lardan ar\u0131nd\u0131r\u0131lmas\u0131n\u0131 sa\u011flar. Bu \u00f6zellik, s\u0131z\u0131nt\u0131n\u0131n ciddi hasara veya yaralanmaya neden olabilece\u011fi uygulamalarda kullan\u0131m i\u00e7in uygundur.<\/li>\n<\/ul>\n<\/li>\n<\/ul>\n<p>Kaynakl\u0131 ba\u011flant\u0131lar p\u00fcr\u00fczs\u00fczd\u00fcr, d\u00f6k\u00fcnt\u00fc veya kirin birikebilece\u011fi herhangi bir yar\u0131k veya oluk yoktur, bu da korozyon ve silindire zarar verme riskini azalt\u0131r.<\/p>\n<ul>\n<li style=\"list-style-type: none;\">\n<ul>\n<li><strong>\u00d6zelle\u015ftirilebilir:<\/strong> Kaynakl\u0131 T tipi silindirler, belirli uygulamalara uyacak \u015fekilde \u00f6zelle\u015ftirilebilir. Silindirler farkl\u0131 boyut ve \u015fekillerde mevcuttur ve uygulaman\u0131n \u00f6zel gereksinimlerini kar\u015f\u0131layacak \u015fekilde \u00fcretilebilir.<\/li>\n<\/ul>\n<\/li>\n<\/ul>\n<p>\u00d6zelle\u015ftirme s\u00fcreci, silindirin performans a\u00e7\u0131s\u0131ndan optimize edilmesini ve ama\u00e7lanan uygulamaya uygun olmas\u0131n\u0131 sa\u011flar. Bu \u00f6zellik, kaynakl\u0131 T tipi silindirleri in\u015faat, madencilik ve malzeme ta\u015f\u0131ma gibi \u00e7e\u015fitli end\u00fcstriyel uygulamalarda kullan\u0131m i\u00e7in ideal hale getirir.<\/p>\n<ul>\n<li style=\"list-style-type: none;\">\n<ul>\n<li><strong>Maliyet Etkin:<\/strong> Kaynakl\u0131 T tipi silindirler, di\u011fer silindir tiplerine k\u0131yasla uygun maliyetlidir. Bu silindirlerin \u00fcretiminde kullan\u0131lan imalat s\u00fcreci basittir ve bu da onlar\u0131 di\u011fer silindir tiplerine g\u00f6re daha uygun maliyetli k\u0131lar.<\/li>\n<\/ul>\n<\/li>\n<\/ul>\n<p>Ayr\u0131ca, kaynakl\u0131 T tipi silindirlerin y\u00fcksek mukavemeti ve dayan\u0131kl\u0131l\u0131\u011f\u0131, s\u0131k onar\u0131m ve de\u011fi\u015ftirme ihtiyac\u0131n\u0131 azaltarak bak\u0131m maliyetlerinden tasarruf sa\u011flar. Bu \u00f6zellik, onlar\u0131 \u00f6zellikle s\u0131n\u0131rl\u0131 b\u00fct\u00e7eye sahip bir\u00e7ok sekt\u00f6r i\u00e7in pop\u00fcler bir tercih haline getirir.<\/p>\n<ul>\n<li style=\"list-style-type: none;\">\n<ul>\n<li><strong>Artan Verimlilik:<\/strong> Kaynakl\u0131 T tipi silindirler son derece verimli ve etkilidir. Silindirin tasar\u0131m\u0131, uygulanan kuvvetin do\u011frudan y\u00fcke aktar\u0131lmas\u0131n\u0131 sa\u011flayarak enerji kayb\u0131n\u0131 azalt\u0131r ve verimlili\u011fi art\u0131r\u0131r.<\/li>\n<\/ul>\n<\/li>\n<\/ul>\n<p>Kaynakl\u0131 ba\u011flant\u0131lar g\u00fc\u00e7l\u00fc ve sa\u011flamd\u0131r, sapmay\u0131 en aza indirir ve silindirin en zorlu ko\u015fullarda bile \u015feklini ve yap\u0131sal b\u00fct\u00fcnl\u00fc\u011f\u00fcn\u00fc korumas\u0131n\u0131 sa\u011flar. Bu \u00f6zellik, kaynakl\u0131 T tipi silindirleri y\u00fcksek verimlilik ve g\u00fcvenilirlik gerektiren uygulamalarda kullan\u0131m i\u00e7in ideal hale getirir.<\/p>\n<p><img loading=\"lazy\" decoding=\"async\" class=\"size-full wp-image-977 aligncenter\" src=\"https:\/\/fmp-components.com\/wp-content\/uploads\/2024\/12\/Welded-Tee-Type-Cylinder3.webp\" alt=\"Kaynakl\u0131 T Tipi Silindir\" width=\"653\" height=\"600\" title=\"\" srcset=\"https:\/\/fmp-components.com\/wp-content\/uploads\/2024\/12\/Welded-Tee-Type-Cylinder3.webp 653w, https:\/\/fmp-components.com\/wp-content\/uploads\/2024\/12\/Welded-Tee-Type-Cylinder3-480x441.webp 480w\" sizes=\"(min-width: 0px) and (max-width: 480px) 480px, (min-width: 481px) 653px, 100vw\" \/><\/p>\n<h2>Kaynakl\u0131 T Tipi Silindir Uygulamas\u0131<\/h2>\n<ul>\n<li>\n<h3>End\u00fcstriyel Makine ve Ekipmanlar<\/h3>\n<p>Kaynakl\u0131 T Tipi Silindir, end\u00fcstriyel makine ve ekipmanlarda, \u00f6zellikle de hidrolik sistemlerde yayg\u0131n olarak kullan\u0131l\u0131r. Silindir, tek bir \u00fcnite olu\u015fturmak \u00fczere kaynaklanm\u0131\u015f bir piston ve bir silindir borusundan olu\u015fur. Bu tasar\u0131m, di\u011fer silindir tiplerine g\u00f6re geli\u015fmi\u015f dayan\u0131kl\u0131l\u0131k, daha y\u00fcksek mukavemet ve daha y\u00fcksek hassasiyet gibi \u00e7e\u015fitli avantajlar sunar.<\/p>\n<p>Kaynakl\u0131 T Tipi Silindirlerin end\u00fcstriyel makinelerdeki en \u00f6nemli uygulamalar\u0131ndan biri, tutarl\u0131 ve do\u011fru kuvvet sa\u011flama kabiliyetidir. Bu, nihai \u00fcr\u00fcn\u00fcn kalitesini sa\u011flamak i\u00e7in hassas kontrol\u00fcn gerekli oldu\u011fu bir\u00e7ok \u00fcretim s\u00fcreci i\u00e7in olmazsa olmazd\u0131r. Kaynakl\u0131 T Tipi Silindirler ayr\u0131ca hidrolik sistemlerdeki ak\u0131\u015fkan ak\u0131\u015f\u0131n\u0131 d\u00fczenlemek i\u00e7in de kullan\u0131labilir ve bu da \u00e7e\u015fitli end\u00fcstriyel uygulamalarda daha fazla verimlilik ve g\u00fcvenilirlik sa\u011flar.<\/li>\n<li>\n<h3>Tar\u0131m Ekipmanlar\u0131<\/h3>\n<p>Kaynakl\u0131 T Tipi Silindirler, trakt\u00f6r ve bi\u00e7erd\u00f6ver gibi tar\u0131m ekipmanlar\u0131nda da yayg\u0131n olarak kullan\u0131l\u0131r. Bu makinelerin etkili bir \u015fekilde \u00e7al\u0131\u015fmas\u0131 i\u00e7in g\u00fc\u00e7l\u00fc ve g\u00fcvenilir hidrolik sistemlere ihtiya\u00e7 vard\u0131r ve Kaynakl\u0131 T Tipi Silindirler bu ama\u00e7 i\u00e7in ideal bir se\u00e7imdir.<\/p>\n<p>Silindirin sa\u011flam yap\u0131s\u0131 ve y\u00fcksek mukavemeti, zorlu \u00e7al\u0131\u015fma ko\u015fullar\u0131nda bile a\u015f\u0131nma ve y\u0131pranmaya kar\u015f\u0131 olduk\u00e7a diren\u00e7li olmas\u0131n\u0131 sa\u011flar. Bu sayede, dayan\u0131kl\u0131l\u0131\u011f\u0131n \u00f6nemli bir fakt\u00f6r oldu\u011fu tar\u0131m ekipmanlar\u0131nda kullan\u0131m i\u00e7in ideal bir se\u00e7imdir. Kaynakl\u0131 T Tipi Silindir, ekim, hasat ve sulama gibi bir\u00e7ok tar\u0131msal i\u015flem i\u00e7in gereken hassas kontrol\u00fc sa\u011flamak i\u00e7in de kullan\u0131labilir.<\/li>\n<li>\n<h3>\u0130n\u015faat Ekipmanlar\u0131<\/h3>\n<p>Kaynakl\u0131 T Tipi Silindirler, ekskavat\u00f6rler, kep\u00e7eler ve buldozerler gibi in\u015faat ekipmanlar\u0131nda da yayg\u0131n olarak kullan\u0131l\u0131r. Bu makineler, kazma, kald\u0131rma ve a\u011f\u0131r y\u00fckleri itme gibi a\u011f\u0131r i\u015flerde kullan\u0131lmak \u00fczere g\u00fc\u00e7l\u00fc ve g\u00fcvenilir hidrolik sistemler gerektirir.<\/p>\n<p>Kaynakl\u0131 T Tipi Silindir, y\u00fcksek mukavemeti ve dayan\u0131kl\u0131l\u0131\u011f\u0131 sayesinde in\u015faat ekipmanlar\u0131nda kullan\u0131m i\u00e7in ideal bir se\u00e7imdir. Hassas kontrol ve tutarl\u0131 kuvvet sa\u011flama kabiliyeti, kaz\u0131, tesviye ve asfaltlama gibi bir\u00e7ok in\u015faat s\u00fcreci i\u00e7in olmazsa olmazd\u0131r. Kaynakl\u0131 T Tipi Silindir ayr\u0131ca hidrolik sistemlerdeki ak\u0131\u015fkan ak\u0131\u015f\u0131n\u0131 d\u00fczenlemek ve \u00e7e\u015fitli uygulamalarda in\u015faat ekipmanlar\u0131n\u0131n verimlili\u011fini ve g\u00fcvenilirli\u011fini art\u0131rmak i\u00e7in de kullan\u0131labilir.<\/li>\n<\/ul>\n<h3>FMP Hakk\u0131nda<\/h3>\n<p>FMP, 30 y\u0131l\u0131 a\u015fk\u0131n sekt\u00f6r deneyimiyle \u00f6nde gelen bir hidrolik silindir \u00fcreticisi ve tedarik\u00e7isidir. \u0130talya'da bulunan son teknoloji \u00fcr\u00fcn\u00fc end\u00fcstriyel alan\u0131m\u0131zda, otomatik gaz korumal\u0131 kaynak makineleri, derin delme makineleri, CNC torna tezgahlar\u0131, silindirik ta\u015flama makineleri, otomatik temizleme makineleri, otomatik montaj makineleri, otomatik hidrolik silindir performans test tezgahlar\u0131 ve otomatik boyama hatlar\u0131 dahil olmak \u00fczere 100'den fazla geli\u015fmi\u015f ekipman bulunmaktad\u0131r.<\/p>\n<p><img decoding=\"async\" src=\"https:\/\/fmp-components.com\/wp-content\/uploads\/2024\/12\/fmp-factory-4.webp\" alt=\"FMP fabrikas\u0131\" width=\"800\" title=\"\"><\/p>\n<p>\u00c7e\u015fitli ihtiya\u00e7lar\u0131 kar\u015f\u0131lamak \u00fczere geni\u015f bir yelpazede hidrolik silindirler sunuyoruz:<\/p>\n<ol>\n<li><strong>Hidrolik Silindir:<\/strong> Hidrolik silindirlerimiz, ola\u011fan\u00fcst\u00fc kaliteyi sa\u011flamak i\u00e7in titizlikle i\u015flenir ve denetlenir. G\u00fcvenilir performans ve dayan\u0131kl\u0131l\u0131k sa\u011flamak \u00fczere tasarlanm\u0131\u015ft\u0131r.<\/li>\n<li><strong>Hidrolik Silindir K\u00fcpe Silindiri:<\/strong> Bu tip hidrolik silindir, \u00f6zellikle k\u00fcpe uygulamalar\u0131 i\u00e7in tasarlanm\u0131\u015ft\u0131r. Yenilik\u00e7i tasar\u0131m\u0131, verimli ve hassas \u00e7al\u0131\u015fma sa\u011flar.<\/li>\n<li><strong>\u00c7ift Y\u00f6nl\u00fc Otomatik Teleskopik Hidrolik Silindir:<\/strong> \u00c7ift y\u00f6nl\u00fc otomatik teleskopik hidrolik silindirimiz, her iki y\u00f6nde de sorunsuz ve hassas hareket sa\u011flayan \u00e7ok y\u00f6nl\u00fc bir \u00e7\u00f6z\u00fcmd\u00fcr.<\/li>\n<\/ol>\n<p>FMP olarak, m\u00fc\u015fterilerimize kapsaml\u0131 hizmetler sunmaktan gurur duyuyoruz:<\/p>\n<ol start=\"4\">\n<li><strong>Tasar\u0131m Hizmeti:<\/strong> Uzman tasar\u0131m ekibimiz, evrensel \u015faft \u00fcr\u00fcnlerinin tasar\u0131m\u0131 ve geli\u015ftirilmesinde geni\u015f deneyime sahiptir. Yeni \u00fcr\u00fcn tasar\u0131mlar\u0131 veya mevcut \u00fcr\u00fcnlerdeki iyile\u015ftirmeler konusunda size yard\u0131mc\u0131 olmaya haz\u0131r\u0131z.<\/li>\n<li><strong>\u00dcr\u00fcn Servisi:<\/strong> Hammaddelerden nakliyeye kadar, kesme, kaba i\u015fleme, test etme, temizleme, montaj, paketleme ve nakliyeyi i\u00e7eren titiz bir s\u00fcre\u00e7 izliyoruz. Bu, \u00fcr\u00fcnlerimizin size m\u00fckemmel durumda ula\u015fmas\u0131n\u0131 sa\u011flar.<\/li>\n<li><strong>\u00d6rnek \u0130\u015flem:<\/strong> \u0130htiya\u00e7lar\u0131n\u0131za uygun numune geli\u015ftirme hizmeti sunuyoruz ve numuneleri \u00f6zel gereksinimlerinizi kar\u015f\u0131layacak \u015fekilde s\u00fcrekli olarak g\u00fcncelliyoruz. Beklentilerinizi m\u00fckemmel \u015fekilde kar\u015f\u0131layan \u00fcr\u00fcnler sunmaya kararl\u0131y\u0131z.<\/li>\n<li><strong>Ar-Ge:<\/strong> \u0130leri g\u00f6r\u00fc\u015fl\u00fc bir \u015firket olarak, s\u00fcrekli olarak pazar taleplerini inceliyor ve sekt\u00f6r\u00fcn de\u011fi\u015fen ihtiya\u00e7lar\u0131n\u0131 kar\u015f\u0131lamak i\u00e7in yeni modeller geli\u015ftiriyoruz. Ara\u015ft\u0131rma ve geli\u015ftirmeye olan ba\u011fl\u0131l\u0131\u011f\u0131m\u0131z, yenilik\u00e7i \u00e7\u00f6z\u00fcmler sunmam\u0131z\u0131 sa\u011fl\u0131yor.<\/li>\n<\/ol>\n<p>Geni\u015f yelpazedeki y\u00fcksek kaliteli hidrolik silindirlerimiz ve ola\u011fan\u00fcst\u00fc hizmetlerimizle FMP, sekt\u00f6rdeki g\u00fcvenilir orta\u011f\u0131n\u0131zd\u0131r. Hidrolik silindir ihtiya\u00e7lar\u0131n\u0131z hakk\u0131nda g\u00f6r\u00fc\u015fmek ve FMP avantaj\u0131n\u0131 deneyimlemek i\u00e7in bug\u00fcn bizimle ileti\u015fime ge\u00e7in.<\/p>\n<h3>SSS<\/h3>\n<ol>\n<li>S: Hidrolik silindir ne i\u00e7in kullan\u0131l\u0131r?<br \/>\nA: Hidrolik silindirler, do\u011frusal harekette mekanik kuvvet olu\u015fturmak i\u00e7in kullan\u0131l\u0131r.<\/li>\n<li>S: Hidrolik silindir nas\u0131l \u00e7al\u0131\u015f\u0131r?<br \/>\nA: Hidrolik silindir, bas\u0131n\u00e7l\u0131 hidrolik s\u0131v\u0131 ile \u00e7al\u0131\u015fan bir silindir g\u00f6vdesi i\u00e7indeki pistonun hareketiyle \u00e7al\u0131\u015f\u0131r.<\/li>\n<li>S: Silindirim i\u00e7in do\u011fru hidrolik ya\u011f\u0131 nas\u0131l se\u00e7erim?<br \/>\nA: Do\u011fru hidrolik ya\u011f, uygulaman\u0131n \u00f6zel gereksinimlerine g\u00f6re se\u00e7ilmelidir. FMP ekibimiz do\u011fru se\u00e7imi yapman\u0131zda size yard\u0131mc\u0131 olabilir.<\/li>\n<li>S: Hidrolik silindirimdeki contalar\u0131 ne s\u0131kl\u0131kla de\u011fi\u015ftirmeliyim?<br \/>\nA: Sistem performans\u0131nda bir d\u00fc\u015f\u00fc\u015f fark etti\u011finizde veya g\u00f6zle g\u00f6r\u00fcl\u00fcr hasar veya s\u0131z\u0131nt\u0131 oldu\u011funda contalar de\u011fi\u015ftirilmelidir.<\/li>\n<li>S: Hidrolik silindiri nas\u0131l \u00f6l\u00e7erim?<br \/>\nA: Bir hidrolik silindirin \u00f6l\u00e7\u00fcleri aras\u0131nda i\u00e7 \u00e7ap, piston kolu \u00e7ap\u0131 ve strok uzunlu\u011fu bulunur.<\/li>\n<\/ol>\n<p>Yazar:CX<\/p>","protected":false},"excerpt":{"rendered":"<p>The 10047 Cost Effective Double Acting Trailer Hydraulic Cylinder is specifically designed for trailer applications, providing reliable performance and efficiency at an affordable price. This hydraulic cylinder is ideal for lifting, lowering, and positioning trailers, ensuring smooth operation in various loading and unloading scenarios. Key Features: Double Acting Design: Facilitates efficient operation in both extension [&hellip;]<\/p>","protected":false},"featured_media":1133,"comment_status":"closed","ping_status":"closed","template":"","meta":{"_et_pb_use_builder":"","_et_pb_old_content":"","_et_gb_content_width":""},"product_brand":[],"product_cat":[31],"product_tag":[34,35],"class_list":{"0":"post-967","1":"product","2":"type-product","3":"status-publish","4":"has-post-thumbnail","6":"product_cat-welded-tee-type-cylinder","7":"product_tag-hydraulic-cylinder","8":"product_tag-welded-tee-type-cylinder","10":"first","11":"instock","12":"product-type-simple"},"_links":{"self":[{"href":"https:\/\/fmp-components.com\/tr\/wp-json\/wp\/v2\/product\/967","targetHints":{"allow":["GET"]}}],"collection":[{"href":"https:\/\/fmp-components.com\/tr\/wp-json\/wp\/v2\/product"}],"about":[{"href":"https:\/\/fmp-components.com\/tr\/wp-json\/wp\/v2\/types\/product"}],"replies":[{"embeddable":true,"href":"https:\/\/fmp-components.com\/tr\/wp-json\/wp\/v2\/comments?post=967"}],"wp:featuredmedia":[{"embeddable":true,"href":"https:\/\/fmp-components.com\/tr\/wp-json\/wp\/v2\/media\/1133"}],"wp:attachment":[{"href":"https:\/\/fmp-components.com\/tr\/wp-json\/wp\/v2\/media?parent=967"}],"wp:term":[{"taxonomy":"product_brand","embeddable":true,"href":"https:\/\/fmp-components.com\/tr\/wp-json\/wp\/v2\/product_brand?post=967"},{"taxonomy":"product_cat","embeddable":true,"href":"https:\/\/fmp-components.com\/tr\/wp-json\/wp\/v2\/product_cat?post=967"},{"taxonomy":"product_tag","embeddable":true,"href":"https:\/\/fmp-components.com\/tr\/wp-json\/wp\/v2\/product_tag?post=967"}],"curies":[{"name":"wp","href":"https:\/\/api.w.org\/{rel}","templated":true}]}}