{"id":966,"date":"2024-12-19T03:40:23","date_gmt":"2024-12-19T03:40:23","guid":{"rendered":"https:\/\/fmp-components.com\/product\/10046-professional-craftsmanship-tractor-hydraulic-cylinder-trailer-hydraulic-cylinder-for-agriculture\/"},"modified":"2024-12-19T08:42:09","modified_gmt":"2024-12-19T08:42:09","slug":"10046-professional-craftsmanship-tractor-hydraulic-cylinder-trailer-hydraulic-cylinder-for-agriculture","status":"publish","type":"product","link":"https:\/\/fmp-components.com\/tr\/product\/10046-professional-craftsmanship-tractor-hydraulic-cylinder-trailer-hydraulic-cylinder-for-agriculture\/","title":{"rendered":"10046 Tar\u0131m \u0130\u00e7in Profesyonel \u0130\u015f\u00e7ilik Trakt\u00f6r Hidrolik Silindiri R\u00f6mork Hidrolik Silindiri"},"content":{"rendered":"<p>10046 Profesyonel \u0130\u015f\u00e7ilik Trakt\u00f6r Hidrolik Silindiri, \u00f6zellikle tar\u0131msal uygulamalar i\u00e7in tasarlanm\u0131\u015ft\u0131r ve trakt\u00f6rler ve r\u00f6morklar i\u00e7in ola\u011fan\u00fcst\u00fc performans ve dayan\u0131kl\u0131l\u0131k sa\u011flar. Bu hidrolik silindir, uzman m\u00fchendisli\u011fi y\u00fcksek kaliteli malzemelerle birle\u015ftirerek tar\u0131m makinelerinizin verimlili\u011fini ve g\u00fcvenilirli\u011fini art\u0131r\u0131r.<\/p>\n<h4>Temel \u00d6zellikler:<\/h4>\n<ul>\n<li><strong>Profesyonel \u0130\u015f\u00e7ilik<\/strong>Zorlu tar\u0131m ortamlar\u0131nda optimum performans ve uzun \u00f6m\u00fcr sa\u011flamak i\u00e7in hassas bir \u015fekilde \u00fcretilmi\u015ftir.<\/li>\n<li><strong>\u00c7ift Etkili \u0130\u015flevsellik<\/strong>Uzatma ve geri \u00e7ekme i\u015flemlerinde etkili \u00e7al\u0131\u015fma imkan\u0131 sa\u011flayarak kald\u0131rma ve indirme i\u015flemlerinde kontrol\u00fc art\u0131r\u0131r.<\/li>\n<li><strong>Y\u00fcksek Y\u00fck Kapasitesi<\/strong>A\u011f\u0131r y\u00fckleri kald\u0131racak \u015fekilde tasarlanm\u0131\u015ft\u0131r, bu da onu a\u011f\u0131r tar\u0131m uygulamalar\u0131 i\u00e7in ideal hale getirir.<\/li>\n<li><strong>Korozyona Dayan\u0131kl\u0131 Kaplama<\/strong>Paslanmay\u0131 \u00f6nlemek ve silindirin \u00f6mr\u00fcn\u00fc uzatmak i\u00e7in koruyucu kaplamalarla i\u015flem g\u00f6rm\u00fc\u015ft\u00fcr, b\u00f6ylece \u00e7e\u015fitli hava ko\u015fullar\u0131nda g\u00fcvenilir \u00e7al\u0131\u015fma sa\u011flan\u0131r.<\/li>\n<li><strong>Kolay Kurulum<\/strong>Mevcut trakt\u00f6r ve treyler sistemlerine kolay entegrasyon i\u00e7in tasarlanm\u0131\u015ft\u0131r, kurulum s\u00fcresini en aza indirir.<\/li>\n<\/ul>\n<p><img decoding=\"async\" class=\"aligncenter\" src=\"https:\/\/hzpt.com\/wp-content\/uploads\/2023\/12\/random-5.webp\" alt=\"\" title=\"\"><\/p>\n<h4>Faydalar:<\/h4>\n<ul>\n<li><strong>Geli\u015fmi\u015f Verimlilik<\/strong>Trakt\u00f6r ve r\u00f6morklar\u0131n operasyonel verimlili\u011fini art\u0131rarak tar\u0131msal i\u015flerin daha sorunsuz y\u00fcr\u00fct\u00fclmesini kolayla\u015ft\u0131r\u0131r.<\/li>\n<li><strong>\u00c7ok Y\u00f6nl\u00fc Uygulamalar<\/strong>\u00c7e\u015fitli tar\u0131m ekipmanlar\u0131 i\u00e7in uygundur ve kullan\u0131mda esneklik sa\u011flar.<\/li>\n<li><strong>Azalt\u0131lm\u0131\u015f Bak\u0131m<\/strong>Dayan\u0131kl\u0131 yap\u0131s\u0131 a\u015f\u0131nmay\u0131 en aza indirerek bak\u0131m maliyetlerini d\u00fc\u015f\u00fcr\u00fcr ve \u00e7al\u0131\u015fma s\u00fcresini art\u0131r\u0131r.<\/li>\n<\/ul>\n<p>10046 Profesyonel \u0130\u015f\u00e7ilik Trakt\u00f6r Hidrolik Silindiri, modern tar\u0131m uygulamalar\u0131 i\u00e7in vazge\u00e7ilmez bir bile\u015fendir ve g\u00fcvenilir performans ve verimlilik sa\u011flar. Sa\u011flam tasar\u0131m\u0131 ve profesyonel i\u015f\u00e7ili\u011fi, herhangi bir trakt\u00f6r veya r\u00f6mork i\u00e7in de\u011ferli bir eklenti olmas\u0131n\u0131 sa\u011flayarak tarladaki verimlili\u011fi art\u0131r\u0131r.<img decoding=\"async\" src=\"https:\/\/hzpt.com\/wp-content\/uploads\/2023\/12\/random-1.webp?v=1694163707\" alt=\"\" title=\"\"><\/p>\n<h2>Kaynakl\u0131 T Tipi Silindirin Avantajlar\u0131<\/h2>\n<ul>\n<li style=\"list-style-type: none;\">\n<ul>\n<li><strong>Artt\u0131r\u0131lm\u0131\u015f G\u00fc\u00e7:<\/strong> Kaynakl\u0131 T tipi silindirler, y\u00fcksek mukavemetleriyle bilinir ve a\u011f\u0131r kald\u0131rma gerektiren uygulamalar i\u00e7in uygundur. Bu silindirlerin imalat\u0131nda kullan\u0131lan kaynak i\u015flemi, silindirin zay\u0131f noktalardan ar\u0131nd\u0131r\u0131lm\u0131\u015f olmas\u0131n\u0131 ve y\u00fcksek bas\u0131n\u00e7 ve gerilime dayanabilmesini sa\u011flar.<\/li>\n<\/ul>\n<\/li>\n<\/ul>\n<p>Silindire uygulanan bas\u0131n\u00e7, t\u00fcm y\u00fczeye e\u015fit olarak da\u011f\u0131larak deformasyona kar\u015f\u0131 diren\u00e7li hale gelir. Bu \u00f6zellik, silindirin en zorlu ko\u015fullarda bile \u015feklini ve yap\u0131sal b\u00fct\u00fcnl\u00fc\u011f\u00fcn\u00fc koruyabilmesini sa\u011flar.<\/p>\n<ul>\n<li style=\"list-style-type: none;\">\n<ul>\n<li><strong>S\u0131z\u0131nt\u0131 \u00d6nleme:<\/strong> Kaynakl\u0131 T tipi silindirler, s\u0131z\u0131nt\u0131y\u0131 \u00f6nleyecek \u015fekilde tasarlanm\u0131\u015ft\u0131r. \u00dcretim s\u00fcrecinde kullan\u0131lan kaynak i\u015flemi, silindirin tamamen s\u0131zd\u0131rmaz olmas\u0131n\u0131 ve olas\u0131 s\u0131z\u0131nt\u0131lardan ar\u0131nd\u0131r\u0131lmas\u0131n\u0131 sa\u011flar. Bu \u00f6zellik, s\u0131z\u0131nt\u0131n\u0131n ciddi hasara veya yaralanmaya neden olabilece\u011fi uygulamalarda kullan\u0131m i\u00e7in uygundur.<\/li>\n<\/ul>\n<\/li>\n<\/ul>\n<p>Kaynakl\u0131 ba\u011flant\u0131lar p\u00fcr\u00fczs\u00fczd\u00fcr, d\u00f6k\u00fcnt\u00fc veya kirin birikebilece\u011fi herhangi bir yar\u0131k veya oluk yoktur, bu da korozyon ve silindire zarar verme riskini azalt\u0131r.<\/p>\n<ul>\n<li style=\"list-style-type: none;\">\n<ul>\n<li><strong>\u00d6zelle\u015ftirilebilir:<\/strong> Kaynakl\u0131 T tipi silindirler, belirli uygulamalara uyacak \u015fekilde \u00f6zelle\u015ftirilebilir. Silindirler farkl\u0131 boyut ve \u015fekillerde mevcuttur ve uygulaman\u0131n \u00f6zel gereksinimlerini kar\u015f\u0131layacak \u015fekilde \u00fcretilebilir.<\/li>\n<\/ul>\n<\/li>\n<\/ul>\n<p>\u00d6zelle\u015ftirme s\u00fcreci, silindirin performans a\u00e7\u0131s\u0131ndan optimize edilmesini ve ama\u00e7lanan uygulamaya uygun olmas\u0131n\u0131 sa\u011flar. Bu \u00f6zellik, kaynakl\u0131 T tipi silindirleri in\u015faat, madencilik ve malzeme ta\u015f\u0131ma gibi \u00e7e\u015fitli end\u00fcstriyel uygulamalarda kullan\u0131m i\u00e7in ideal hale getirir.<\/p>\n<ul>\n<li style=\"list-style-type: none;\">\n<ul>\n<li><strong>Maliyet Etkin:<\/strong> Kaynakl\u0131 T tipi silindirler, di\u011fer silindir tiplerine k\u0131yasla uygun maliyetlidir. Bu silindirlerin \u00fcretiminde kullan\u0131lan imalat s\u00fcreci basittir ve bu da onlar\u0131 di\u011fer silindir tiplerine g\u00f6re daha uygun maliyetli k\u0131lar.<\/li>\n<\/ul>\n<\/li>\n<\/ul>\n<p>Ayr\u0131ca, kaynakl\u0131 T tipi silindirlerin y\u00fcksek mukavemeti ve dayan\u0131kl\u0131l\u0131\u011f\u0131, s\u0131k onar\u0131m ve de\u011fi\u015ftirme ihtiyac\u0131n\u0131 azaltarak bak\u0131m maliyetlerinden tasarruf sa\u011flar. Bu \u00f6zellik, onlar\u0131 \u00f6zellikle s\u0131n\u0131rl\u0131 b\u00fct\u00e7eye sahip bir\u00e7ok sekt\u00f6r i\u00e7in pop\u00fcler bir tercih haline getirir.<\/p>\n<ul>\n<li style=\"list-style-type: none;\">\n<ul>\n<li><strong>Artan Verimlilik:<\/strong> Kaynakl\u0131 T tipi silindirler son derece verimli ve etkilidir. Silindirin tasar\u0131m\u0131, uygulanan kuvvetin do\u011frudan y\u00fcke aktar\u0131lmas\u0131n\u0131 sa\u011flayarak enerji kayb\u0131n\u0131 azalt\u0131r ve verimlili\u011fi art\u0131r\u0131r.<\/li>\n<\/ul>\n<\/li>\n<\/ul>\n<p>Kaynakl\u0131 ba\u011flant\u0131lar g\u00fc\u00e7l\u00fc ve sa\u011flamd\u0131r, sapmay\u0131 en aza indirir ve silindirin en zorlu ko\u015fullarda bile \u015feklini ve yap\u0131sal b\u00fct\u00fcnl\u00fc\u011f\u00fcn\u00fc korumas\u0131n\u0131 sa\u011flar. Bu \u00f6zellik, kaynakl\u0131 T tipi silindirleri y\u00fcksek verimlilik ve g\u00fcvenilirlik gerektiren uygulamalarda kullan\u0131m i\u00e7in ideal hale getirir.<\/p>\n<p><img loading=\"lazy\" decoding=\"async\" class=\"size-full wp-image-974 aligncenter\" src=\"https:\/\/fmp-components.com\/wp-content\/uploads\/2024\/12\/application-of-Welded-Tee-Type-Cylinder.webp\" alt=\"Kaynakl\u0131 T Tipi Silindirin Uygulamas\u0131\" width=\"760\" height=\"860\" title=\"\" srcset=\"https:\/\/fmp-components.com\/wp-content\/uploads\/2024\/12\/application-of-Welded-Tee-Type-Cylinder.webp 760w, https:\/\/fmp-components.com\/wp-content\/uploads\/2024\/12\/application-of-Welded-Tee-Type-Cylinder-480x543.webp 480w\" sizes=\"(min-width: 0px) and (max-width: 480px) 480px, (min-width: 481px) 760px, 100vw\" \/><\/p>\n<h2>Kaynakl\u0131 T Tipi Silindir Uygulamas\u0131<\/h2>\n<ul>\n<li>\n<h3>End\u00fcstriyel Makine ve Ekipmanlar<\/h3>\n<p>Kaynakl\u0131 T Tipi Silindir, end\u00fcstriyel makine ve ekipmanlarda, \u00f6zellikle de hidrolik sistemlerde yayg\u0131n olarak kullan\u0131l\u0131r. Silindir, tek bir \u00fcnite olu\u015fturmak \u00fczere kaynaklanm\u0131\u015f bir piston ve bir silindir borusundan olu\u015fur. Bu tasar\u0131m, di\u011fer silindir tiplerine g\u00f6re geli\u015fmi\u015f dayan\u0131kl\u0131l\u0131k, daha y\u00fcksek mukavemet ve daha y\u00fcksek hassasiyet gibi \u00e7e\u015fitli avantajlar sunar.<\/p>\n<p>Kaynakl\u0131 T Tipi Silindirlerin end\u00fcstriyel makinelerdeki en \u00f6nemli uygulamalar\u0131ndan biri, tutarl\u0131 ve do\u011fru kuvvet sa\u011flama kabiliyetidir. Bu, nihai \u00fcr\u00fcn\u00fcn kalitesini sa\u011flamak i\u00e7in hassas kontrol\u00fcn gerekli oldu\u011fu bir\u00e7ok \u00fcretim s\u00fcreci i\u00e7in olmazsa olmazd\u0131r. Kaynakl\u0131 T Tipi Silindirler ayr\u0131ca hidrolik sistemlerdeki ak\u0131\u015fkan ak\u0131\u015f\u0131n\u0131 d\u00fczenlemek i\u00e7in de kullan\u0131labilir ve bu da \u00e7e\u015fitli end\u00fcstriyel uygulamalarda daha fazla verimlilik ve g\u00fcvenilirlik sa\u011flar.<\/li>\n<li>\n<h3>Tar\u0131m Ekipmanlar\u0131<\/h3>\n<p>Kaynakl\u0131 T Tipi Silindirler, trakt\u00f6r ve bi\u00e7erd\u00f6ver gibi tar\u0131m ekipmanlar\u0131nda da yayg\u0131n olarak kullan\u0131l\u0131r. Bu makinelerin etkili bir \u015fekilde \u00e7al\u0131\u015fmas\u0131 i\u00e7in g\u00fc\u00e7l\u00fc ve g\u00fcvenilir hidrolik sistemlere ihtiya\u00e7 vard\u0131r ve Kaynakl\u0131 T Tipi Silindirler bu ama\u00e7 i\u00e7in ideal bir se\u00e7imdir.<\/p>\n<p>Silindirin sa\u011flam yap\u0131s\u0131 ve y\u00fcksek mukavemeti, zorlu \u00e7al\u0131\u015fma ko\u015fullar\u0131nda bile a\u015f\u0131nma ve y\u0131pranmaya kar\u015f\u0131 olduk\u00e7a diren\u00e7li olmas\u0131n\u0131 sa\u011flar. Bu sayede, dayan\u0131kl\u0131l\u0131\u011f\u0131n \u00f6nemli bir fakt\u00f6r oldu\u011fu tar\u0131m ekipmanlar\u0131nda kullan\u0131m i\u00e7in ideal bir se\u00e7imdir. Kaynakl\u0131 T Tipi Silindir, ekim, hasat ve sulama gibi bir\u00e7ok tar\u0131msal i\u015flem i\u00e7in gereken hassas kontrol\u00fc sa\u011flamak i\u00e7in de kullan\u0131labilir.<\/li>\n<li>\n<h3>\u0130n\u015faat Ekipmanlar\u0131<\/h3>\n<p>Kaynakl\u0131 T Tipi Silindirler, ekskavat\u00f6rler, kep\u00e7eler ve buldozerler gibi in\u015faat ekipmanlar\u0131nda da yayg\u0131n olarak kullan\u0131l\u0131r. Bu makineler, kazma, kald\u0131rma ve a\u011f\u0131r y\u00fckleri itme gibi a\u011f\u0131r i\u015flerde kullan\u0131lmak \u00fczere g\u00fc\u00e7l\u00fc ve g\u00fcvenilir hidrolik sistemler gerektirir.<\/p>\n<p>Kaynakl\u0131 T Tipi Silindir, y\u00fcksek mukavemeti ve dayan\u0131kl\u0131l\u0131\u011f\u0131 sayesinde in\u015faat ekipmanlar\u0131nda kullan\u0131m i\u00e7in ideal bir se\u00e7imdir. Hassas kontrol ve tutarl\u0131 kuvvet sa\u011flama kabiliyeti, kaz\u0131, tesviye ve asfaltlama gibi bir\u00e7ok in\u015faat s\u00fcreci i\u00e7in olmazsa olmazd\u0131r. Kaynakl\u0131 T Tipi Silindir ayr\u0131ca hidrolik sistemlerdeki ak\u0131\u015fkan ak\u0131\u015f\u0131n\u0131 d\u00fczenlemek ve \u00e7e\u015fitli uygulamalarda in\u015faat ekipmanlar\u0131n\u0131n verimlili\u011fini ve g\u00fcvenilirli\u011fini art\u0131rmak i\u00e7in de kullan\u0131labilir.<\/li>\n<\/ul>\n<h3>FMP Hakk\u0131nda<\/h3>\n<p>FMP, \u0130talya'daki end\u00fcstriyel tesisiyle 30 y\u0131l\u0131 a\u015fk\u0131n s\u00fcredir hidrolik silindirlerin \u00f6nde gelen \u00fcreticilerinden biridir. Hidrolik silindirler, halkal\u0131 silindirler, \u00e7ift y\u00f6nl\u00fc otomatik teleskopik hidrolik silindirler ve daha fazlas\u0131n\u0131 i\u00e7eren geni\u015f bir \u00fcr\u00fcn yelpazemiz bulunmaktad\u0131r. \u00dcr\u00fcnlerimiz, \u00f6zel ihtiya\u00e7lar\u0131n\u0131za g\u00f6re \u00f6zelle\u015ftirilebilir. Otomatik gaz korumal\u0131 kaynak makineleri, derin delme makineleri ve CNC torna tezgahlar\u0131 da dahil olmak \u00fczere 100'den fazla ekipman\u0131m\u0131zla, t\u00fcm m\u00fc\u015fterilerimize \u00fcr\u00fcn kalitesini garanti ediyoruz.<\/p>\n<h3>Neden FMP'yi Se\u00e7melisiniz?<\/h3>\n<ol>\n<li><b>Tasar\u0131m Hizmeti:<\/b> Deneyimli tasar\u0131m ekibimiz, evrensel \u015faft \u00fcr\u00fcnleri i\u00e7in sahip olabilece\u011finiz her t\u00fcrl\u00fc \u00fcr\u00fcn tasar\u0131m ve geli\u015ftirme ihtiyac\u0131n\u0131zda size yard\u0131mc\u0131 olabilir.<\/li>\n<li><b>\u00dcr\u00fcn Servisi:<\/b> \u00dcr\u00fcnlerimiz, size ula\u015fan \u00fcr\u00fcn\u00fcn en y\u00fcksek kalitede olmas\u0131n\u0131 sa\u011flamak i\u00e7in hammadde se\u00e7imi, kesim, kaba i\u015fleme, test, temizlik, montaj, paketleme ve nakliye dahil olmak \u00fczere titiz bir s\u00fcre\u00e7ten ge\u00e7mektedir.<\/li>\n<li><b>\u00d6rnek \u0130\u015flem:<\/b> \u0130htiya\u00e7lar\u0131n\u0131za uygun numuneler geli\u015ftirebilir ve s\u00fcrekli olarak numuneleri sizin gereksinimlerinize g\u00f6re de\u011fi\u015ftirebiliriz. Bu, nihai \u00fcr\u00fcn\u00fcn\u00fcz\u00fcn tam olarak belirtti\u011finiz \u00f6zelliklere uygun olmas\u0131n\u0131 sa\u011flar.<\/li>\n<li><b>Ar-Ge:<\/b> M\u00fc\u015fterilerimizin ihtiya\u00e7lar\u0131n\u0131 kar\u015f\u0131layan yeni modeller geli\u015ftirmek i\u00e7in s\u00fcrekli olarak piyasay\u0131 inceliyoruz. Bu sayede rekabette \u00f6nde kalabiliyor ve m\u00fc\u015fterilerimize yenilik\u00e7i \u00fcr\u00fcnler sunabiliyoruz.<\/li>\n<li><b>\u00d6zelle\u015ftirme:<\/b> \u00dcr\u00fcnlerimiz, \u00f6zel gereksinimlerinizi kar\u015f\u0131layacak \u015fekilde \u00f6zelle\u015ftirilebilir. Nihai \u00fcr\u00fcn\u00fcn tam olarak ihtiya\u00e7lar\u0131n\u0131 kar\u015f\u0131lamas\u0131n\u0131 sa\u011flamak i\u00e7in m\u00fc\u015fterilerimizle yak\u0131n i\u015fbirli\u011fi i\u00e7inde \u00e7al\u0131\u015f\u0131yoruz.<\/li>\n<\/ol>\n<p>FMP olarak, m\u00fc\u015fterilerimize en iyi \u00fcr\u00fcn ve hizmetleri sunmaya kendimizi adad\u0131k. \u00dcr\u00fcnlerimizin en y\u00fcksek standartlar\u0131 kar\u015f\u0131lamas\u0131n\u0131 sa\u011flamak i\u00e7in detaylara verdi\u011fimiz \u00f6nem ve kalite g\u00fcvence s\u00fcre\u00e7lerimizle gurur duyuyoruz.<\/p>\n<p><img decoding=\"async\" src=\"https:\/\/fmp-components.com\/wp-content\/uploads\/2024\/12\/fmp-factory-4.webp\" alt=\"FMP fabrikas\u0131\" width=\"800\" title=\"\"><br \/>\nYazar:CX<\/p>","protected":false},"excerpt":{"rendered":"<p>The 10046 Professional Craftsmanship Tractor Hydraulic Cylinder is designed specifically for agricultural applications, providing exceptional performance and durability for tractors and trailers. This hydraulic cylinder combines expert engineering with high-quality materials to enhance the efficiency and reliability of your agricultural machinery. Key Features: Professional Craftsmanship: Manufactured with precision to ensure optimal performance and longevity in [&hellip;]<\/p>","protected":false},"featured_media":1132,"comment_status":"closed","ping_status":"closed","template":"","meta":{"_et_pb_use_builder":"","_et_pb_old_content":"","_et_gb_content_width":""},"product_brand":[],"product_cat":[31],"product_tag":[34,35],"class_list":{"0":"post-966","1":"product","2":"type-product","3":"status-publish","4":"has-post-thumbnail","6":"product_cat-welded-tee-type-cylinder","7":"product_tag-hydraulic-cylinder","8":"product_tag-welded-tee-type-cylinder","10":"first","11":"instock","12":"product-type-simple"},"_links":{"self":[{"href":"https:\/\/fmp-components.com\/tr\/wp-json\/wp\/v2\/product\/966","targetHints":{"allow":["GET"]}}],"collection":[{"href":"https:\/\/fmp-components.com\/tr\/wp-json\/wp\/v2\/product"}],"about":[{"href":"https:\/\/fmp-components.com\/tr\/wp-json\/wp\/v2\/types\/product"}],"replies":[{"embeddable":true,"href":"https:\/\/fmp-components.com\/tr\/wp-json\/wp\/v2\/comments?post=966"}],"wp:featuredmedia":[{"embeddable":true,"href":"https:\/\/fmp-components.com\/tr\/wp-json\/wp\/v2\/media\/1132"}],"wp:attachment":[{"href":"https:\/\/fmp-components.com\/tr\/wp-json\/wp\/v2\/media?parent=966"}],"wp:term":[{"taxonomy":"product_brand","embeddable":true,"href":"https:\/\/fmp-components.com\/tr\/wp-json\/wp\/v2\/product_brand?post=966"},{"taxonomy":"product_cat","embeddable":true,"href":"https:\/\/fmp-components.com\/tr\/wp-json\/wp\/v2\/product_cat?post=966"},{"taxonomy":"product_tag","embeddable":true,"href":"https:\/\/fmp-components.com\/tr\/wp-json\/wp\/v2\/product_tag?post=966"}],"curies":[{"name":"wp","href":"https:\/\/api.w.org\/{rel}","templated":true}]}}