{"id":965,"date":"2024-12-19T03:40:23","date_gmt":"2024-12-19T03:40:23","guid":{"rendered":"https:\/\/fmp-components.com\/product\/10045-double-acting-stainless-steel-hydraulic-cylinder-for-agriculture\/"},"modified":"2024-12-19T08:41:57","modified_gmt":"2024-12-19T08:41:57","slug":"10045-double-acting-stainless-steel-hydraulic-cylinder-for-agriculture","status":"publish","type":"product","link":"https:\/\/fmp-components.com\/tr\/product\/10045-double-acting-stainless-steel-hydraulic-cylinder-for-agriculture\/","title":{"rendered":"Tar\u0131m \u0130\u00e7in 10045 \u00c7ift Etkili Paslanmaz \u00c7elik Hidrolik Silindir"},"content":{"rendered":"<p>FMP'nin tar\u0131m uygulamalar\u0131 i\u00e7in \u00f6zel olarak tasarlanm\u0131\u015f 10045 \u00c7ift Etkili Paslanmaz \u00c7elik Hidrolik Silindirini tan\u0131t\u0131yoruz. Birinci s\u0131n\u0131f paslanmaz \u00e7elikten \u00fcretilen bu son derece sa\u011flam ve dayan\u0131kl\u0131 silindir, en zorlu ko\u015fullarda bile uzun \u00f6m\u00fcrl\u00fc performans garantisi sunar.<\/p>\n<p>Bu hidrolik silindirin ba\u015fl\u0131ca \u00f6zellikleri aras\u0131nda de\u011fi\u015fken boyutlar, y\u00fcksek kapasite ve optimum y\u00fck ta\u015f\u0131ma kapasitesi yer almaktad\u0131r. Enerji verimlili\u011fi, y\u00fcksek performans ve g\u00fcvenlik \u00f6zellikleri, onu tar\u0131mla ilgili hidrolik sistemler i\u00e7in uygun maliyetli bir se\u00e7enek haline getirmektedir.<\/p>\n<p>Ak\u0131\u015fkan g\u00fcc\u00fc prensibine g\u00f6re \u00e7al\u0131\u015fan bu hidrolik silindir, bas\u0131nc\u0131 do\u011frusal harekete d\u00f6n\u00fc\u015ft\u00fcrerek, bas\u0131n\u00e7l\u0131 hidrolik s\u0131v\u0131n\u0131n g\u00fcc\u00fcyle mekanik kuvvet olu\u015fturur.<\/p>\n<p>10045 \u00c7ift Etkili Paslanmaz \u00c7elik Hidrolik Silindir, trakt\u00f6rler, bi\u00e7erd\u00f6verler ve pulluk ekipmanlar\u0131 da dahil olmak \u00fczere \u00e7e\u015fitli tar\u0131m makinelerinde yayg\u0131n olarak kullan\u0131lmaktad\u0131r.<\/p>\n<p>FMP o zamandan beri hidrolik silindirlerin \u00fcretiminde uzmanla\u015fm\u0131\u015ft\u0131r. \u00dcr\u00fcnlerimiz kolay kurulum, bak\u0131m ve h\u0131zl\u0131 onar\u0131m i\u00e7in tasarlanm\u0131\u015ft\u0131r ve tar\u0131m makinelerinizin maksimum \u00e7al\u0131\u015fma s\u00fcresini sa\u011flar.<\/p>\n<p><img loading=\"lazy\" decoding=\"async\" class=\"alignnone size-full wp-image-976\" src=\"https:\/\/fmp-components.com\/wp-content\/uploads\/2024\/12\/Welded-Tee-Type-Cylinder2.webp\" alt=\"Kaynakl\u0131 T Tipi Silindir\" width=\"764\" height=\"675\" title=\"\" srcset=\"https:\/\/fmp-components.com\/wp-content\/uploads\/2024\/12\/Welded-Tee-Type-Cylinder2.webp 764w, https:\/\/fmp-components.com\/wp-content\/uploads\/2024\/12\/Welded-Tee-Type-Cylinder2-480x424.webp 480w\" sizes=\"(min-width: 0px) and (max-width: 480px) 480px, (min-width: 481px) 764px, 100vw\" \/><\/p>\n<p>\u0130htiya\u00e7lar\u0131n\u0131za uygun hidrolik silindiri se\u00e7mek i\u00e7in, gerekli hidrolik ya\u011f ve ya\u011f ke\u00e7elerinin t\u00fcr\u00fc, de\u011fi\u015ftirme ihtiyac\u0131, silindirin nas\u0131l \u00f6l\u00e7\u00fclece\u011fi ve \u00e7al\u0131\u015fma \u015fekli gibi fakt\u00f6rleri g\u00f6z \u00f6n\u00fcnde bulundurun.<\/p>\n<p>FMP, y\u00fcksekte \u00e7al\u0131\u015fma platformu silindirleri, end\u00fcstriyel ara\u00e7 hidrolik silindirleri, d\u00f6ner sondaj kulesi silindirleri ve otomotiv vin\u00e7 silindirleri de dahil olmak \u00fczere \u00e7e\u015fitli uygulamalar i\u00e7in geni\u015f bir yelpazede hidrolik silindir sunmaktad\u0131r. \u00d6zel gereksinimlerinize g\u00f6re \u00f6zelle\u015ftirmeyi memnuniyetle kar\u015f\u0131l\u0131yoruz.<\/p>\n<p>\u00d6zetle, FMP, t\u00fcm hidrolik silindir ihtiya\u00e7lar\u0131n\u0131z\u0131 kar\u015f\u0131lamak i\u00e7in y\u00fcksek kaliteli \u00fcr\u00fcnler, rekabet\u00e7i fiyatlar ve \u00f6zenli hizmetler sunmay\u0131 taahh\u00fct eder.<\/p>\n<h2>Kaynakl\u0131 T Tipi Silindirin Avantajlar\u0131<\/h2>\n<ul>\n<li style=\"list-style-type: none;\">\n<ul>\n<li><strong>Artt\u0131r\u0131lm\u0131\u015f G\u00fc\u00e7:<\/strong> Kaynakl\u0131 T tipi silindirler, y\u00fcksek mukavemetleriyle bilinir ve a\u011f\u0131r kald\u0131rma gerektiren uygulamalar i\u00e7in uygundur. Bu silindirlerin imalat\u0131nda kullan\u0131lan kaynak i\u015flemi, silindirin zay\u0131f noktalardan ar\u0131nd\u0131r\u0131lm\u0131\u015f olmas\u0131n\u0131 ve y\u00fcksek bas\u0131n\u00e7 ve gerilime dayanabilmesini sa\u011flar.<\/li>\n<\/ul>\n<\/li>\n<\/ul>\n<p>Silindire uygulanan bas\u0131n\u00e7, t\u00fcm y\u00fczeye e\u015fit olarak da\u011f\u0131larak deformasyona kar\u015f\u0131 diren\u00e7li hale gelir. Bu \u00f6zellik, silindirin en zorlu ko\u015fullarda bile \u015feklini ve yap\u0131sal b\u00fct\u00fcnl\u00fc\u011f\u00fcn\u00fc koruyabilmesini sa\u011flar.<\/p>\n<ul>\n<li style=\"list-style-type: none;\">\n<ul>\n<li><strong>S\u0131z\u0131nt\u0131 \u00d6nleme:<\/strong> Kaynakl\u0131 T tipi silindirler, s\u0131z\u0131nt\u0131y\u0131 \u00f6nleyecek \u015fekilde tasarlanm\u0131\u015ft\u0131r. \u00dcretim s\u00fcrecinde kullan\u0131lan kaynak i\u015flemi, silindirin tamamen s\u0131zd\u0131rmaz olmas\u0131n\u0131 ve olas\u0131 s\u0131z\u0131nt\u0131lardan ar\u0131nd\u0131r\u0131lmas\u0131n\u0131 sa\u011flar. Bu \u00f6zellik, s\u0131z\u0131nt\u0131n\u0131n ciddi hasara veya yaralanmaya neden olabilece\u011fi uygulamalarda kullan\u0131m i\u00e7in uygundur.<\/li>\n<\/ul>\n<\/li>\n<\/ul>\n<p>Kaynakl\u0131 ba\u011flant\u0131lar p\u00fcr\u00fczs\u00fczd\u00fcr, d\u00f6k\u00fcnt\u00fc veya kirin birikebilece\u011fi herhangi bir yar\u0131k veya oluk yoktur, bu da korozyon ve silindire zarar verme riskini azalt\u0131r.<\/p>\n<ul>\n<li style=\"list-style-type: none;\">\n<ul>\n<li><strong>\u00d6zelle\u015ftirilebilir:<\/strong> Kaynakl\u0131 T tipi silindirler, belirli uygulamalara uyacak \u015fekilde \u00f6zelle\u015ftirilebilir. Silindirler farkl\u0131 boyut ve \u015fekillerde mevcuttur ve uygulaman\u0131n \u00f6zel gereksinimlerini kar\u015f\u0131layacak \u015fekilde \u00fcretilebilir.<\/li>\n<\/ul>\n<\/li>\n<\/ul>\n<p>\u00d6zelle\u015ftirme s\u00fcreci, silindirin performans a\u00e7\u0131s\u0131ndan optimize edilmesini ve ama\u00e7lanan uygulamaya uygun olmas\u0131n\u0131 sa\u011flar. Bu \u00f6zellik, kaynakl\u0131 T tipi silindirleri in\u015faat, madencilik ve malzeme ta\u015f\u0131ma gibi \u00e7e\u015fitli end\u00fcstriyel uygulamalarda kullan\u0131m i\u00e7in ideal hale getirir.<\/p>\n<ul>\n<li style=\"list-style-type: none;\">\n<ul>\n<li><strong>Maliyet Etkin:<\/strong> Kaynakl\u0131 T tipi silindirler, di\u011fer silindir tiplerine k\u0131yasla uygun maliyetlidir. Bu silindirlerin \u00fcretiminde kullan\u0131lan imalat s\u00fcreci basittir ve bu da onlar\u0131 di\u011fer silindir tiplerine g\u00f6re daha uygun maliyetli k\u0131lar.<\/li>\n<\/ul>\n<\/li>\n<\/ul>\n<p>Ayr\u0131ca, kaynakl\u0131 T tipi silindirlerin y\u00fcksek mukavemeti ve dayan\u0131kl\u0131l\u0131\u011f\u0131, s\u0131k onar\u0131m ve de\u011fi\u015ftirme ihtiyac\u0131n\u0131 azaltarak bak\u0131m maliyetlerinden tasarruf sa\u011flar. Bu \u00f6zellik, onlar\u0131 \u00f6zellikle s\u0131n\u0131rl\u0131 b\u00fct\u00e7eye sahip bir\u00e7ok sekt\u00f6r i\u00e7in pop\u00fcler bir tercih haline getirir.<\/p>\n<ul>\n<li style=\"list-style-type: none;\">\n<ul>\n<li><strong>Artan Verimlilik:<\/strong> Kaynakl\u0131 T tipi silindirler son derece verimli ve etkilidir. Silindirin tasar\u0131m\u0131, uygulanan kuvvetin do\u011frudan y\u00fcke aktar\u0131lmas\u0131n\u0131 sa\u011flayarak enerji kayb\u0131n\u0131 azalt\u0131r ve verimlili\u011fi art\u0131r\u0131r.<\/li>\n<\/ul>\n<\/li>\n<\/ul>\n<p>Kaynakl\u0131 ba\u011flant\u0131lar g\u00fc\u00e7l\u00fc ve sa\u011flamd\u0131r, sapmay\u0131 en aza indirir ve silindirin en zorlu ko\u015fullarda bile \u015feklini ve yap\u0131sal b\u00fct\u00fcnl\u00fc\u011f\u00fcn\u00fc korumas\u0131n\u0131 sa\u011flar. Bu \u00f6zellik, kaynakl\u0131 T tipi silindirleri y\u00fcksek verimlilik ve g\u00fcvenilirlik gerektiren uygulamalarda kullan\u0131m i\u00e7in ideal hale getirir.<\/p>\n<p><img loading=\"lazy\" decoding=\"async\" class=\"alignnone size-full wp-image-975\" src=\"https:\/\/fmp-components.com\/wp-content\/uploads\/2024\/12\/Welded-Tee-Type-Cylinder1.webp\" alt=\"Kaynakl\u0131 T Tipi Silindir\" width=\"759\" height=\"761\" title=\"\" srcset=\"https:\/\/fmp-components.com\/wp-content\/uploads\/2024\/12\/Welded-Tee-Type-Cylinder1.webp 759w, https:\/\/fmp-components.com\/wp-content\/uploads\/2024\/12\/Welded-Tee-Type-Cylinder1-480x481.webp 480w\" sizes=\"(min-width: 0px) and (max-width: 480px) 480px, (min-width: 481px) 759px, 100vw\" \/><\/p>\n<h2>Kaynakl\u0131 T Tipi Silindir Uygulamas\u0131<\/h2>\n<ul>\n<li>\n<h3>End\u00fcstriyel Makine ve Ekipmanlar<\/h3>\n<p>Kaynakl\u0131 T Tipi Silindir, end\u00fcstriyel makine ve ekipmanlarda, \u00f6zellikle de hidrolik sistemlerde yayg\u0131n olarak kullan\u0131l\u0131r. Silindir, tek bir \u00fcnite olu\u015fturmak \u00fczere kaynaklanm\u0131\u015f bir piston ve bir silindir borusundan olu\u015fur. Bu tasar\u0131m, di\u011fer silindir tiplerine g\u00f6re geli\u015fmi\u015f dayan\u0131kl\u0131l\u0131k, daha y\u00fcksek mukavemet ve daha y\u00fcksek hassasiyet gibi \u00e7e\u015fitli avantajlar sunar.<\/p>\n<p>Kaynakl\u0131 T Tipi Silindirlerin end\u00fcstriyel makinelerdeki en \u00f6nemli uygulamalar\u0131ndan biri, tutarl\u0131 ve do\u011fru kuvvet sa\u011flama kabiliyetidir. Bu, nihai \u00fcr\u00fcn\u00fcn kalitesini sa\u011flamak i\u00e7in hassas kontrol\u00fcn gerekli oldu\u011fu bir\u00e7ok \u00fcretim s\u00fcreci i\u00e7in olmazsa olmazd\u0131r. Kaynakl\u0131 T Tipi Silindirler ayr\u0131ca hidrolik sistemlerdeki ak\u0131\u015fkan ak\u0131\u015f\u0131n\u0131 d\u00fczenlemek i\u00e7in de kullan\u0131labilir ve bu da \u00e7e\u015fitli end\u00fcstriyel uygulamalarda daha fazla verimlilik ve g\u00fcvenilirlik sa\u011flar.<\/li>\n<li>\n<h3>Tar\u0131m Ekipmanlar\u0131<\/h3>\n<p>Kaynakl\u0131 T Tipi Silindirler, trakt\u00f6r ve bi\u00e7erd\u00f6ver gibi tar\u0131m ekipmanlar\u0131nda da yayg\u0131n olarak kullan\u0131l\u0131r. Bu makinelerin etkili bir \u015fekilde \u00e7al\u0131\u015fmas\u0131 i\u00e7in g\u00fc\u00e7l\u00fc ve g\u00fcvenilir hidrolik sistemlere ihtiya\u00e7 vard\u0131r ve Kaynakl\u0131 T Tipi Silindirler bu ama\u00e7 i\u00e7in ideal bir se\u00e7imdir.<\/p>\n<p>Silindirin sa\u011flam yap\u0131s\u0131 ve y\u00fcksek mukavemeti, zorlu \u00e7al\u0131\u015fma ko\u015fullar\u0131nda bile a\u015f\u0131nma ve y\u0131pranmaya kar\u015f\u0131 olduk\u00e7a diren\u00e7li olmas\u0131n\u0131 sa\u011flar. Bu sayede, dayan\u0131kl\u0131l\u0131\u011f\u0131n \u00f6nemli bir fakt\u00f6r oldu\u011fu tar\u0131m ekipmanlar\u0131nda kullan\u0131m i\u00e7in ideal bir se\u00e7imdir. Kaynakl\u0131 T Tipi Silindir, ekim, hasat ve sulama gibi bir\u00e7ok tar\u0131msal i\u015flem i\u00e7in gereken hassas kontrol\u00fc sa\u011flamak i\u00e7in de kullan\u0131labilir.<\/li>\n<li>\n<h3>\u0130n\u015faat Ekipmanlar\u0131<\/h3>\n<p>Kaynakl\u0131 T Tipi Silindirler, ekskavat\u00f6rler, kep\u00e7eler ve buldozerler gibi in\u015faat ekipmanlar\u0131nda da yayg\u0131n olarak kullan\u0131l\u0131r. Bu makineler, kazma, kald\u0131rma ve a\u011f\u0131r y\u00fckleri itme gibi a\u011f\u0131r i\u015flerde kullan\u0131lmak \u00fczere g\u00fc\u00e7l\u00fc ve g\u00fcvenilir hidrolik sistemler gerektirir.<\/p>\n<p>Kaynakl\u0131 T Tipi Silindir, y\u00fcksek mukavemeti ve dayan\u0131kl\u0131l\u0131\u011f\u0131 sayesinde in\u015faat ekipmanlar\u0131nda kullan\u0131m i\u00e7in ideal bir se\u00e7imdir. Hassas kontrol ve tutarl\u0131 kuvvet sa\u011flama kabiliyeti, kaz\u0131, tesviye ve asfaltlama gibi bir\u00e7ok in\u015faat s\u00fcreci i\u00e7in olmazsa olmazd\u0131r. Kaynakl\u0131 T Tipi Silindir ayr\u0131ca hidrolik sistemlerdeki ak\u0131\u015fkan ak\u0131\u015f\u0131n\u0131 d\u00fczenlemek ve \u00e7e\u015fitli uygulamalarda in\u015faat ekipmanlar\u0131n\u0131n verimlili\u011fini ve g\u00fcvenilirli\u011fini art\u0131rmak i\u00e7in de kullan\u0131labilir.<\/li>\n<\/ul>\n<h3>FMP Hakk\u0131nda<\/h3>\n<p>30 y\u0131l\u0131 a\u015fk\u0131n s\u00fcredir faaliyet g\u00f6steren FMP, hidrolik silindirlerin \u00f6nde gelen \u00fcreticisi ve tedarik\u00e7isidir. \u0130talya'da bulunan sanayi tesisimiz, 100'den fazla geli\u015fmi\u015f makineyle donat\u0131lm\u0131\u015f son teknolojiye sahip olmaktan gurur duymaktad\u0131r.<\/p>\n<p>Geni\u015f \u00fcr\u00fcn yelpazemiz \u015funlar\u0131 i\u00e7ermektedir:<\/p>\n<ol>\n<li>Otomatik Gaz Korumal\u0131 Kaynak Makinesi: Hassas ve verimli kaynak i\u015flemlerini sa\u011flar.<\/li>\n<li>Derin Delik A\u00e7ma Makinesi: \u00c7e\u015fitli uygulamalar i\u00e7in hassas ve derin delik a\u00e7may\u0131 sa\u011flar.<\/li>\n<li>CNC Torna Tezgah\u0131: Karma\u015f\u0131k hidrolik par\u00e7alar i\u00e7in y\u00fcksek hassasiyetli i\u015fleme olana\u011f\u0131 sunar.<\/li>\n<li>Silindir Ta\u015flama Makinesi: Hidrolik silindirlerimize ince y\u00fczey i\u015fleme ve boyutsal do\u011fruluk sa\u011flar.<\/li>\n<li>Otomatik Temizleme Makinesi: \u00dcr\u00fcnlerimizin temizli\u011fini sa\u011flar ve her t\u00fcrl\u00fc yab impuritiesi giderir.<\/li>\n<\/ol>\n<p>FMP olarak, m\u00fc\u015fterilerimize en y\u00fcksek kalitede hidrolik silindirler sunmaya kendimizi adad\u0131k. \u00dcr\u00fcn ve hizmetlerimizi se\u00e7menin ba\u015fl\u0131ca avantajlar\u0131ndan baz\u0131lar\u0131 \u015funlard\u0131r:<\/p>\n<p>1) Tasar\u0131m Hizmeti: Deneyimli tasar\u0131m ekibimiz, \u00f6zel gereksinimlerinizi kar\u015f\u0131lamaya kendini adam\u0131\u015ft\u0131r. \u0130ster yeni bir \u00fcr\u00fcne ihtiyac\u0131n\u0131z olsun ister iyile\u015ftirmeler ar\u0131yor olun, tasar\u0131m ve geli\u015ftirme s\u00fcrecinin tamam\u0131nda size destek olmak i\u00e7in buraday\u0131z.<\/p>\n<p>2) \u00dcr\u00fcn Hizmeti: Hammadde se\u00e7imi, kesim, kaba i\u015fleme, test, temizlik, montaj, paketleme ve nakliye dahil olmak \u00fczere kapsaml\u0131 bir \u00fcretim s\u00fcreci izliyoruz. Bu, \u00fcr\u00fcnlerimizin en y\u00fcksek kalite ve g\u00fcvenilirlik standartlar\u0131n\u0131 kar\u015f\u0131lamas\u0131n\u0131 sa\u011flar.<\/p>\n<p>3) Numune S\u00fcreci: \u0130htiya\u00e7lar\u0131n\u0131za g\u00f6re numune geli\u015ftirme hizmeti sunuyoruz ve bunlar\u0131 s\u00fcrekli olarak gereksinimlerinizi kar\u015f\u0131layacak \u015fekilde de\u011fi\u015ftiriyoruz. Bu sayede nihai karar\u0131n\u0131z\u0131 vermeden \u00f6nce \u00fcr\u00fcnlerimizi test edebilir ve de\u011ferlendirebilirsiniz.<\/p>\n<p>4) Ar-Ge: Piyasa trendleri geli\u015ftik\u00e7e, yeni pazar ihtiya\u00e7lar\u0131n\u0131 inceleyerek ve yenilik\u00e7i hidrolik silindir modelleri geli\u015ftirerek \u00f6nde kal\u0131yoruz. Bu sayede m\u00fc\u015fterilerimize en yeni ve en verimli \u00fcr\u00fcnleri sunabiliyoruz.<\/p>\n<p>5) \u00d6zelle\u015ftirme: \u00c7e\u015fitli hidrolik silindir t\u00fcrlerinin imalat\u0131 ve sat\u0131\u015f\u0131nda uzmanla\u015fm\u0131\u015f olup, \u00f6zel sipari\u015fleri memnuniyetle kabul ediyoruz. Ekibimiz, benzersiz \u00f6zelliklerinizi kar\u015f\u0131lamaya ve size \u00f6zel \u00e7\u00f6z\u00fcmler sunmaya kendini adam\u0131\u015ft\u0131r.<\/p>\n<p><img decoding=\"async\" src=\"https:\/\/fmp-components.com\/wp-content\/uploads\/2024\/12\/fmp-factory-4.webp\" alt=\"FMP fabrikas\u0131\" width=\"800\" title=\"\"><\/p>\n<p>Yazar:CX<\/p>","protected":false},"excerpt":{"rendered":"<p>FMP'nin \u00f6zellikle tar\u0131msal uygulamalar i\u00e7in tasarlanm\u0131\u015f 10045 \u00c7ift Etkili Paslanmaz \u00c7elik Hidrolik Silindirini tan\u0131t\u0131yoruz. Birinci s\u0131n\u0131f paslanmaz \u00e7elikten \u00fcretilen bu son derece sa\u011flam ve dayan\u0131kl\u0131 silindir, en zorlu ko\u015fullarda bile uzun \u00f6m\u00fcrl\u00fc performans garanti eder. Bu Hidrolik Silindirin ba\u015fl\u0131ca \u00f6zellikleri aras\u0131nda de\u011fi\u015fken boyutlar, y\u00fcksek kapasite ve optimum y\u00fck kapasitesi yer almaktad\u0131r. Benzersiz avantajlar\u0131 enerji verimlili\u011finde yatmaktad\u0131r [\u2026]<\/p>","protected":false},"featured_media":1132,"comment_status":"closed","ping_status":"closed","template":"","meta":{"_et_pb_use_builder":"","_et_pb_old_content":"","_et_gb_content_width":""},"product_brand":[],"product_cat":[31],"product_tag":[34,35],"class_list":{"0":"post-965","1":"product","2":"type-product","3":"status-publish","4":"has-post-thumbnail","6":"product_cat-welded-tee-type-cylinder","7":"product_tag-hydraulic-cylinder","8":"product_tag-welded-tee-type-cylinder","10":"first","11":"instock","12":"product-type-simple"},"_links":{"self":[{"href":"https:\/\/fmp-components.com\/tr\/wp-json\/wp\/v2\/product\/965","targetHints":{"allow":["GET"]}}],"collection":[{"href":"https:\/\/fmp-components.com\/tr\/wp-json\/wp\/v2\/product"}],"about":[{"href":"https:\/\/fmp-components.com\/tr\/wp-json\/wp\/v2\/types\/product"}],"replies":[{"embeddable":true,"href":"https:\/\/fmp-components.com\/tr\/wp-json\/wp\/v2\/comments?post=965"}],"wp:featuredmedia":[{"embeddable":true,"href":"https:\/\/fmp-components.com\/tr\/wp-json\/wp\/v2\/media\/1132"}],"wp:attachment":[{"href":"https:\/\/fmp-components.com\/tr\/wp-json\/wp\/v2\/media?parent=965"}],"wp:term":[{"taxonomy":"product_brand","embeddable":true,"href":"https:\/\/fmp-components.com\/tr\/wp-json\/wp\/v2\/product_brand?post=965"},{"taxonomy":"product_cat","embeddable":true,"href":"https:\/\/fmp-components.com\/tr\/wp-json\/wp\/v2\/product_cat?post=965"},{"taxonomy":"product_tag","embeddable":true,"href":"https:\/\/fmp-components.com\/tr\/wp-json\/wp\/v2\/product_tag?post=965"}],"curies":[{"name":"wp","href":"https:\/\/api.w.org\/{rel}","templated":true}]}}