{"id":961,"date":"2024-12-19T03:40:23","date_gmt":"2024-12-19T03:40:23","guid":{"rendered":"https:\/\/fmp-components.com\/product\/10041-chinese-factory-custom-hydraulic-cylinder-double-acting\/"},"modified":"2025-03-18T02:31:33","modified_gmt":"2025-03-18T02:31:33","slug":"10041-italian-factory-custom-hydraulic-cylinder-double-acting","status":"publish","type":"product","link":"https:\/\/fmp-components.com\/tr\/product\/10041-italian-factory-custom-hydraulic-cylinder-double-acting\/","title":{"rendered":"10041 \u0130talyan Fabrikas\u0131 \u00d6zel Hidrolik Silindir \u00c7ift Etkili"},"content":{"rendered":"<p>10041 \u0130talyan Fabrika \u00d6zel \u00c7ift Etkili Hidrolik Silindir, \u00e7e\u015fitli end\u00fcstriyel ihtiya\u00e7lar\u0131 hassasiyet ve g\u00fcvenilirlikle kar\u015f\u0131lamak \u00fczere tasarlanm\u0131\u015ft\u0131r. Bu y\u00fcksek kaliteli hidrolik silindir, in\u015faat, tar\u0131m ve imalat dahil olmak \u00fczere \u00e7e\u015fitli uygulamalarda optimum performans sa\u011flayacak \u015fekilde tasarlanm\u0131\u015ft\u0131r.<\/p>\n<h4>Temel \u00d6zellikler:<\/h4>\n<ul>\n<li><strong>\u00c7ift Etkili Mekanizma<\/strong>: Hem uzatma hem de geri \u00e7ekmede verimli hidrolik \u00e7al\u0131\u015fmay\u0131 m\u00fcmk\u00fcn k\u0131larak, g\u00f6revler genelinde \u00fcretkenli\u011fi art\u0131r\u0131r.<\/li>\n<li><strong>\u00d6zel \u00dcretim<\/strong>: Belirli uygulama gereksinimlerine ve operasyonel taleplere uyacak \u015fekilde \u00f6zelle\u015ftirilebilir boyut ve \u00f6zelliklerde sunulmaktad\u0131r.<\/li>\n<li><strong>Sa\u011flam Tasar\u0131m<\/strong>: Dayan\u0131kl\u0131l\u0131\u011f\u0131 garanti alt\u0131na almak ve a\u011f\u0131r y\u00fcklere ve zorlu ortamlara dayanmak i\u00e7in y\u00fcksek kaliteli malzemelerle \u00fcretilmi\u015ftir.<\/li>\n<li><strong>Korozyona Dayan\u0131kl\u0131 Kaplama<\/strong>:Paslanmay\u0131 \u00f6nlemek ve silindirin \u00f6mr\u00fcn\u00fc uzatmak i\u00e7in koruyucu kaplamalarla i\u015flenmi\u015ftir.<\/li>\n<li><strong>Kolay Kurulum<\/strong>:Mevcut sistemlere kolayca entegre edilebilecek \u015fekilde tasarlanm\u0131\u015ft\u0131r, h\u0131zl\u0131 kurulum ve \u00e7al\u0131\u015ft\u0131rmay\u0131 kolayla\u015ft\u0131r\u0131r.<\/li>\n<\/ul>\n<p><img decoding=\"async\" class=\"aligncenter\" src=\"https:\/\/hzpt.com\/wp-content\/uploads\/2023\/12\/random-5.webp\" alt=\"\" title=\"\"><\/p>\n<h4>Faydalar:<\/h4>\n<ul>\n<li><strong>Geli\u015fmi\u015f Verimlilik<\/strong>: G\u00fc\u00e7l\u00fc ve p\u00fcr\u00fczs\u00fcz hidrolik hareket sa\u011flayarak \u00e7e\u015fitli uygulamalar i\u00e7in performans\u0131 optimize eder.<\/li>\n<li><strong>\u00c7ok Y\u00f6nl\u00fc Kullan\u0131m<\/strong>: \u00c7ok \u00e7e\u015fitli end\u00fcstriler i\u00e7in idealdir ve hidrolik sistemler i\u00e7in \u00e7ok y\u00f6nl\u00fc bir se\u00e7imdir.<\/li>\n<li><strong>Maliyet Etkin<\/strong>: Dayan\u0131kl\u0131 yap\u0131 bak\u0131m ihtiyac\u0131n\u0131 azalt\u0131r ve genel de\u011feri art\u0131r\u0131r.<\/li>\n<\/ul>\n<p>10041 \u0130talyan Fabrika \u00d6zel \u00c7ift Etkili Hidrolik Silindir, \u00f6zel ihtiya\u00e7lar\u0131na g\u00f6re tasarlanm\u0131\u015f y\u00fcksek performansl\u0131 bir hidrolik silindir arayanlar i\u00e7in g\u00fcvenilir bir \u00e7\u00f6z\u00fcmd\u00fcr. Sa\u011flam tasar\u0131m\u0131 ve \u00f6zelle\u015ftirilebilir \u00f6zellikleriyle, zorlu ortamlar ve \u00e7e\u015fitli operasyonel gereksinimler i\u00e7in olduk\u00e7a uygundur.<img decoding=\"async\" src=\"https:\/\/hzpt.com\/wp-content\/uploads\/2023\/12\/random-2.webp\" alt=\"\" title=\"\"><\/p>\n<dl>\n<dt>Soru 4?<\/dt>\n<dd>Cevap 4<\/dd>\n<dt>Soru 5?<\/dt>\n<dd>Cevap 5<\/dd>\n<\/dl>\n<h2>Kaynakl\u0131 T Tipi Silindirin Avantajlar\u0131<\/h2>\n<ul>\n<li style=\"list-style-type: none;\">\n<ul>\n<li><strong>Artt\u0131r\u0131lm\u0131\u015f G\u00fc\u00e7:<\/strong> Kaynakl\u0131 T tipi silindirler, y\u00fcksek mukavemetleriyle bilinir ve a\u011f\u0131r kald\u0131rma gerektiren uygulamalar i\u00e7in uygundur. Bu silindirlerin imalat\u0131nda kullan\u0131lan kaynak i\u015flemi, silindirin zay\u0131f noktalardan ar\u0131nd\u0131r\u0131lm\u0131\u015f olmas\u0131n\u0131 ve y\u00fcksek bas\u0131n\u00e7 ve gerilime dayanabilmesini sa\u011flar.<\/li>\n<\/ul>\n<\/li>\n<\/ul>\n<p>Silindire uygulanan bas\u0131n\u00e7, t\u00fcm y\u00fczeye e\u015fit olarak da\u011f\u0131larak deformasyona kar\u015f\u0131 diren\u00e7li hale gelir. Bu \u00f6zellik, silindirin en zorlu ko\u015fullarda bile \u015feklini ve yap\u0131sal b\u00fct\u00fcnl\u00fc\u011f\u00fcn\u00fc koruyabilmesini sa\u011flar.<\/p>\n<ul>\n<li style=\"list-style-type: none;\">\n<ul>\n<li><strong>S\u0131z\u0131nt\u0131 \u00d6nleme:<\/strong> Kaynakl\u0131 T tipi silindirler, s\u0131z\u0131nt\u0131y\u0131 \u00f6nleyecek \u015fekilde tasarlanm\u0131\u015ft\u0131r. \u00dcretim s\u00fcrecinde kullan\u0131lan kaynak i\u015flemi, silindirin tamamen s\u0131zd\u0131rmaz olmas\u0131n\u0131 ve olas\u0131 s\u0131z\u0131nt\u0131lardan ar\u0131nd\u0131r\u0131lmas\u0131n\u0131 sa\u011flar. Bu \u00f6zellik, s\u0131z\u0131nt\u0131n\u0131n ciddi hasara veya yaralanmaya neden olabilece\u011fi uygulamalarda kullan\u0131m i\u00e7in uygundur.<\/li>\n<\/ul>\n<\/li>\n<\/ul>\n<p>Kaynakl\u0131 ba\u011flant\u0131lar p\u00fcr\u00fczs\u00fczd\u00fcr, d\u00f6k\u00fcnt\u00fc veya kirin birikebilece\u011fi herhangi bir yar\u0131k veya oluk yoktur, bu da korozyon ve silindire zarar verme riskini azalt\u0131r.<\/p>\n<ul>\n<li style=\"list-style-type: none;\">\n<ul>\n<li><strong>\u00d6zelle\u015ftirilebilir:<\/strong> Kaynakl\u0131 T tipi silindirler, belirli uygulamalara uyacak \u015fekilde \u00f6zelle\u015ftirilebilir. Silindirler farkl\u0131 boyut ve \u015fekillerde mevcuttur ve uygulaman\u0131n \u00f6zel gereksinimlerini kar\u015f\u0131layacak \u015fekilde \u00fcretilebilir.<\/li>\n<\/ul>\n<\/li>\n<\/ul>\n<p>\u00d6zelle\u015ftirme s\u00fcreci, silindirin performans a\u00e7\u0131s\u0131ndan optimize edilmesini ve ama\u00e7lanan uygulamaya uygun olmas\u0131n\u0131 sa\u011flar. Bu \u00f6zellik, kaynakl\u0131 T tipi silindirleri in\u015faat, madencilik ve malzeme ta\u015f\u0131ma gibi \u00e7e\u015fitli end\u00fcstriyel uygulamalarda kullan\u0131m i\u00e7in ideal hale getirir.<\/p>\n<ul>\n<li style=\"list-style-type: none;\">\n<ul>\n<li><strong>Maliyet Etkin:<\/strong> Kaynakl\u0131 T tipi silindirler, di\u011fer silindir tiplerine k\u0131yasla uygun maliyetlidir. Bu silindirlerin \u00fcretiminde kullan\u0131lan imalat s\u00fcreci basittir ve bu da onlar\u0131 di\u011fer silindir tiplerine g\u00f6re daha uygun maliyetli k\u0131lar.<\/li>\n<\/ul>\n<\/li>\n<\/ul>\n<p>Ayr\u0131ca, kaynakl\u0131 T tipi silindirlerin y\u00fcksek mukavemeti ve dayan\u0131kl\u0131l\u0131\u011f\u0131, s\u0131k onar\u0131m ve de\u011fi\u015ftirme ihtiyac\u0131n\u0131 azaltarak bak\u0131m maliyetlerinden tasarruf sa\u011flar. Bu \u00f6zellik, onlar\u0131 \u00f6zellikle s\u0131n\u0131rl\u0131 b\u00fct\u00e7eye sahip bir\u00e7ok sekt\u00f6r i\u00e7in pop\u00fcler bir tercih haline getirir.<\/p>\n<ul>\n<li style=\"list-style-type: none;\">\n<ul>\n<li><strong>Artan Verimlilik:<\/strong> Kaynakl\u0131 T tipi silindirler son derece verimli ve etkilidir. Silindirin tasar\u0131m\u0131, uygulanan kuvvetin do\u011frudan y\u00fcke aktar\u0131lmas\u0131n\u0131 sa\u011flayarak enerji kayb\u0131n\u0131 azalt\u0131r ve verimlili\u011fi art\u0131r\u0131r.<\/li>\n<\/ul>\n<\/li>\n<\/ul>\n<p>Kaynakl\u0131 ba\u011flant\u0131lar g\u00fc\u00e7l\u00fc ve sa\u011flamd\u0131r, sapmay\u0131 en aza indirir ve silindirin en zorlu ko\u015fullarda bile \u015feklini ve yap\u0131sal b\u00fct\u00fcnl\u00fc\u011f\u00fcn\u00fc korumas\u0131n\u0131 sa\u011flar. Bu \u00f6zellik, kaynakl\u0131 T tipi silindirleri y\u00fcksek verimlilik ve g\u00fcvenilirlik gerektiren uygulamalarda kullan\u0131m i\u00e7in ideal hale getirir.<\/p>\n<h2>Kaynakl\u0131 T Tipi Silindir Uygulamas\u0131<\/h2>\n<ul>\n<li>\n<h3>End\u00fcstriyel Makine ve Ekipmanlar<\/h3>\n<p>Kaynakl\u0131 T Tipi Silindir, end\u00fcstriyel makine ve ekipmanlarda, \u00f6zellikle de hidrolik sistemlerde yayg\u0131n olarak kullan\u0131l\u0131r. Silindir, tek bir \u00fcnite olu\u015fturmak \u00fczere kaynaklanm\u0131\u015f bir piston ve bir silindir borusundan olu\u015fur. Bu tasar\u0131m, di\u011fer silindir tiplerine g\u00f6re geli\u015fmi\u015f dayan\u0131kl\u0131l\u0131k, daha y\u00fcksek mukavemet ve daha y\u00fcksek hassasiyet gibi \u00e7e\u015fitli avantajlar sunar.<\/p>\n<p>Kaynakl\u0131 T Tipi Silindirlerin end\u00fcstriyel makinelerdeki en \u00f6nemli uygulamalar\u0131ndan biri, tutarl\u0131 ve do\u011fru kuvvet sa\u011flama kabiliyetidir. Bu, nihai \u00fcr\u00fcn\u00fcn kalitesini sa\u011flamak i\u00e7in hassas kontrol\u00fcn gerekli oldu\u011fu bir\u00e7ok \u00fcretim s\u00fcreci i\u00e7in olmazsa olmazd\u0131r. Kaynakl\u0131 T Tipi Silindirler ayr\u0131ca hidrolik sistemlerdeki ak\u0131\u015fkan ak\u0131\u015f\u0131n\u0131 d\u00fczenlemek i\u00e7in de kullan\u0131labilir ve bu da \u00e7e\u015fitli end\u00fcstriyel uygulamalarda daha fazla verimlilik ve g\u00fcvenilirlik sa\u011flar.<\/li>\n<li>\n<h3>Tar\u0131m Ekipmanlar\u0131<\/h3>\n<p>Kaynakl\u0131 T Tipi Silindirler, trakt\u00f6r ve bi\u00e7erd\u00f6ver gibi tar\u0131m ekipmanlar\u0131nda da yayg\u0131n olarak kullan\u0131l\u0131r. Bu makinelerin etkili bir \u015fekilde \u00e7al\u0131\u015fmas\u0131 i\u00e7in g\u00fc\u00e7l\u00fc ve g\u00fcvenilir hidrolik sistemlere ihtiya\u00e7 vard\u0131r ve Kaynakl\u0131 T Tipi Silindirler bu ama\u00e7 i\u00e7in ideal bir se\u00e7imdir.<\/p>\n<p>Silindirin sa\u011flam yap\u0131s\u0131 ve y\u00fcksek mukavemeti, zorlu \u00e7al\u0131\u015fma ko\u015fullar\u0131nda bile a\u015f\u0131nma ve y\u0131pranmaya kar\u015f\u0131 olduk\u00e7a diren\u00e7li olmas\u0131n\u0131 sa\u011flar. Bu sayede, dayan\u0131kl\u0131l\u0131\u011f\u0131n \u00f6nemli bir fakt\u00f6r oldu\u011fu tar\u0131m ekipmanlar\u0131nda kullan\u0131m i\u00e7in ideal bir se\u00e7imdir. Kaynakl\u0131 T Tipi Silindir, ekim, hasat ve sulama gibi bir\u00e7ok tar\u0131msal i\u015flem i\u00e7in gereken hassas kontrol\u00fc sa\u011flamak i\u00e7in de kullan\u0131labilir.<\/li>\n<li>\n<h3>\u0130n\u015faat Ekipmanlar\u0131<\/h3>\n<p>Kaynakl\u0131 T Tipi Silindirler, ekskavat\u00f6rler, kep\u00e7eler ve buldozerler gibi in\u015faat ekipmanlar\u0131nda da yayg\u0131n olarak kullan\u0131l\u0131r. Bu makineler, kazma, kald\u0131rma ve a\u011f\u0131r y\u00fckleri itme gibi a\u011f\u0131r i\u015flerde kullan\u0131lmak \u00fczere g\u00fc\u00e7l\u00fc ve g\u00fcvenilir hidrolik sistemler gerektirir.<\/p>\n<p>Kaynakl\u0131 T Tipi Silindir, y\u00fcksek mukavemeti ve dayan\u0131kl\u0131l\u0131\u011f\u0131 sayesinde in\u015faat ekipmanlar\u0131nda kullan\u0131m i\u00e7in ideal bir se\u00e7imdir. Hassas kontrol ve tutarl\u0131 kuvvet sa\u011flama kabiliyeti, kaz\u0131, tesviye ve asfaltlama gibi bir\u00e7ok in\u015faat s\u00fcreci i\u00e7in olmazsa olmazd\u0131r. Kaynakl\u0131 T Tipi Silindir ayr\u0131ca hidrolik sistemlerdeki ak\u0131\u015fkan ak\u0131\u015f\u0131n\u0131 d\u00fczenlemek ve \u00e7e\u015fitli uygulamalarda in\u015faat ekipmanlar\u0131n\u0131n verimlili\u011fini ve g\u00fcvenilirli\u011fini art\u0131rmak i\u00e7in de kullan\u0131labilir.<\/li>\n<\/ul>\n<h3>FMP Hakk\u0131nda<\/h3>\n<p>FMP, 30 y\u0131l\u0131 a\u015fk\u0131n deneyimiyle Hidrolik Silindirler alan\u0131nda lider bir \u00fcretici ve tedarik\u00e7idir. \u0130talya'da bulunan end\u00fcstriyel tesisimiz, otomatik gaz korumal\u0131 kaynak makineleri, derin delik delme makineleri, CNC torna tezgahlar\u0131, silindirik ta\u015flama makineleri, otomatik temizleme makineleri, otomatik montaj makineleri, otomatik hidrolik silindir performans test tezgahlar\u0131 ve otomatik boyama hatlar\u0131 dahil olmak \u00fczere 100'den fazla ekipmana ev sahipli\u011fi yapmaktad\u0131r.<\/p>\n<p><img decoding=\"async\" class=\"aligncenter\" src=\"https:\/\/fmp-components.com\/wp-content\/uploads\/2024\/12\/fmp-factory-4.webp\" alt=\"FMP fabrikas\u0131\" width=\"800\" title=\"\"><\/p>\n<p>M\u00fc\u015fterilerimize en \u00fcst d\u00fczey kaliteyi sa\u011flamak i\u00e7in her bir hidrolik silindirin titizlikle i\u015flenmesi ve denetlenmesiyle gurur duyuyoruz. \u00dcr\u00fcn yelpazemiz \u015funlar\u0131 i\u00e7erir:<\/p>\n<ol>\n<li><strong>Hidrolik Silindir:<\/strong> Hidrolik silindirlerimiz \u00e7e\u015fitli ihtiya\u00e7lar\u0131 kar\u015f\u0131layacak \u015fekilde tasarlan\u0131p \u00fcretilmektedir. G\u00fcvenilirlikleri ve dayan\u0131kl\u0131l\u0131klar\u0131yla bilinirler.<\/li>\n<li><strong>K\u00fcpe Silindiri:<\/strong> K\u00fcpe silindirlerimiz, farkl\u0131 uygulamalara verimli ve g\u00fcvenli bir \u015fekilde tak\u0131lmak \u00fczere \u00f6zel olarak tasarlanm\u0131\u015ft\u0131r. M\u00fckemmel performans ve kolay kurulum sunarlar.<\/li>\n<li><strong>\u00c7ift Y\u00f6nl\u00fc Otomatik Teleskopik Hidrolik Silindir:<\/strong> \u00c7ift y\u00f6nl\u00fc otomatik teleskopik hidrolik silindirlerimiz \u00e7ok y\u00f6nl\u00fcd\u00fcr ve sorunsuz ve hassas bir \u00e7al\u0131\u015fma sa\u011flar. Uzun ve geri \u00e7ekilebilir hareketler gerektiren uygulamalar i\u00e7in idealdir.<\/li>\n<li><strong>Tasar\u0131m Hizmeti:<\/strong> Deneyimli tasar\u0131m ekibimiz, \u00f6zel gereksinimlerinizi kar\u015f\u0131lamak \u00fczere yeni \u00fcr\u00fcnler geli\u015ftirmenizde veya mevcut \u00fcr\u00fcnleri iyile\u015ftirmenizde size destek olmaya haz\u0131rd\u0131r.<\/li>\n<li><strong>\u00dcr\u00fcn Servisi:<\/strong> Hammaddeden nakliyeye kadar, optimize edilmi\u015f s\u00fcre\u00e7lerimiz her a\u015famada kaliteyi garanti eder: kesim, kaba i\u015fleme, test, temizlik, montaj, paketleme ve teslimat.<\/li>\n<\/ol>\n<p>Ayr\u0131ca, ihtiya\u00e7lar\u0131n\u0131za uygun prototipler olu\u015fturmak i\u00e7in numune geli\u015ftirme hizmetleri de sunuyoruz. Numuneleri, tam olarak isteklerinizi kar\u015f\u0131layacak \u015fekilde s\u00fcrekli olarak g\u00fcncelliyoruz.<\/p>\n<p>Pazar talebini takip eden \u00f6zverili ara\u015ft\u0131rma ve geli\u015ftirme ekibimiz, yeni trendleri inceliyor ve m\u00fc\u015fterilerimizin de\u011fi\u015fen ihtiya\u00e7lar\u0131n\u0131 kar\u015f\u0131lamak \u00fczere yeni modeller tasarl\u0131yor.<\/p>\n<p>Hidrolik silindir ihtiya\u00e7lar\u0131n\u0131z i\u00e7in FMP'yi tercih edin. Ola\u011fan\u00fcst\u00fc \u00fcr\u00fcnler ve \u00fcst\u00fcn m\u00fc\u015fteri hizmetleri sunmaya kararl\u0131y\u0131z. \u0130htiya\u00e7lar\u0131n\u0131z\u0131 g\u00f6r\u00fc\u015fmek ve FMP'nin avantajlar\u0131ndan yararlanmak i\u00e7in bug\u00fcn bizimle ileti\u015fime ge\u00e7in.<\/p>\n<p>Yazar:CX<\/p>","protected":false},"excerpt":{"rendered":"<p>The 10041 Italian Factory Custom Hydraulic Cylinder Double Acting is designed to meet diverse industrial needs with precision and reliability. This high-quality hydraulic cylinder is engineered for optimal performance in a variety of applications, including construction, agriculture, and manufacturing. Key Features: Double Acting Mechanism: Enables efficient hydraulic operation in both extension and retraction, enhancing productivity [&hellip;]<\/p>","protected":false},"featured_media":1133,"comment_status":"closed","ping_status":"closed","template":"","meta":{"_et_pb_use_builder":"","_et_pb_old_content":"","_et_gb_content_width":""},"product_brand":[],"product_cat":[31],"product_tag":[34,35],"class_list":{"0":"post-961","1":"product","2":"type-product","3":"status-publish","4":"has-post-thumbnail","6":"product_cat-welded-tee-type-cylinder","7":"product_tag-hydraulic-cylinder","8":"product_tag-welded-tee-type-cylinder","10":"first","11":"instock","12":"product-type-simple"},"_links":{"self":[{"href":"https:\/\/fmp-components.com\/tr\/wp-json\/wp\/v2\/product\/961","targetHints":{"allow":["GET"]}}],"collection":[{"href":"https:\/\/fmp-components.com\/tr\/wp-json\/wp\/v2\/product"}],"about":[{"href":"https:\/\/fmp-components.com\/tr\/wp-json\/wp\/v2\/types\/product"}],"replies":[{"embeddable":true,"href":"https:\/\/fmp-components.com\/tr\/wp-json\/wp\/v2\/comments?post=961"}],"wp:featuredmedia":[{"embeddable":true,"href":"https:\/\/fmp-components.com\/tr\/wp-json\/wp\/v2\/media\/1133"}],"wp:attachment":[{"href":"https:\/\/fmp-components.com\/tr\/wp-json\/wp\/v2\/media?parent=961"}],"wp:term":[{"taxonomy":"product_brand","embeddable":true,"href":"https:\/\/fmp-components.com\/tr\/wp-json\/wp\/v2\/product_brand?post=961"},{"taxonomy":"product_cat","embeddable":true,"href":"https:\/\/fmp-components.com\/tr\/wp-json\/wp\/v2\/product_cat?post=961"},{"taxonomy":"product_tag","embeddable":true,"href":"https:\/\/fmp-components.com\/tr\/wp-json\/wp\/v2\/product_tag?post=961"}],"curies":[{"name":"wp","href":"https:\/\/api.w.org\/{rel}","templated":true}]}}