{"id":960,"date":"2024-12-19T03:40:23","date_gmt":"2024-12-19T03:40:23","guid":{"rendered":"https:\/\/fmp-components.com\/product\/10040-professional-small-piston-hydraulic-cylinders-for-agriculture\/"},"modified":"2024-12-19T08:39:23","modified_gmt":"2024-12-19T08:39:23","slug":"10040-professional-small-piston-hydraulic-cylinders-for-agriculture","status":"publish","type":"product","link":"https:\/\/fmp-components.com\/tr\/product\/10040-professional-small-piston-hydraulic-cylinders-for-agriculture\/","title":{"rendered":"Tar\u0131m \u0130\u00e7in 10040 Profesyonel K\u00fc\u00e7\u00fck Pistonlu Hidrolik Silindirler"},"content":{"rendered":"<p>10040 Profesyonel K\u00fc\u00e7\u00fck Pistonlu Hidrolik Silindirler, g\u00fcvenilir performans ve dayan\u0131kl\u0131l\u0131k sunan tar\u0131msal uygulamalar i\u00e7in tasarlanm\u0131\u015ft\u0131r. Bu hidrolik silindirler, a\u011f\u0131r y\u00fckleri verimli bir \u015fekilde kald\u0131rmak, itmek ve \u00e7ekmek i\u00e7in tasarlanm\u0131\u015ft\u0131r ve bu da onlar\u0131 trakt\u00f6rler, bi\u00e7erd\u00f6verler ve di\u011fer makineler dahil olmak \u00fczere \u00e7e\u015fitli tar\u0131m ekipmanlar\u0131 i\u00e7in ideal hale getirir.<\/p>\n<h4>Temel \u00d6zellikler:<\/h4>\n<ul>\n<li><strong>Kompakt Tasar\u0131m<\/strong>:K\u00fc\u00e7\u00fck piston boyutu, g\u00fc\u00e7l\u00fc kald\u0131rma kabiliyetlerini korurken dar alanlara kolayca entegre edilmesini sa\u011flar.<\/li>\n<li><strong>Y\u00fcksek Verimlilik<\/strong>: Hidrolik ak\u0131\u015fkan ak\u0131\u015f\u0131n\u0131 optimize ederek, p\u00fcr\u00fczs\u00fcz ve verimli bir \u00e7al\u0131\u015fma sa\u011flamak i\u00e7in tasarlanm\u0131\u015ft\u0131r.<\/li>\n<li><strong>Dayan\u0131kl\u0131 Yap\u0131<\/strong>: Zorlu ortamlarda bile uzun \u00f6m\u00fcrl\u00fc olmas\u0131n\u0131 sa\u011flayan, a\u015f\u0131nma ve y\u0131pranmaya dayan\u0131kl\u0131 y\u00fcksek kaliteli malzemelerden \u00fcretilmi\u015ftir.<\/li>\n<li><strong>\u00c7ok Y\u00f6nl\u00fc Uygulamalar<\/strong>: Kald\u0131rma ekipmanlar\u0131ndan hidrolik sistemlere g\u00fc\u00e7 sa\u011flamaya kadar \u00e7ok \u00e7e\u015fitli tar\u0131msal g\u00f6revler i\u00e7in uygundur.<\/li>\n<li><strong>Kolay Kurulum<\/strong>: Sorunsuz kurulum i\u00e7in basit montaj se\u00e7enekleriyle kullan\u0131c\u0131 dostu tasar\u0131m.<\/li>\n<\/ul>\n<p><img decoding=\"async\" src=\"https:\/\/hzpt.com\/wp-content\/uploads\/2023\/12\/random-1.webp?v=1694163707\" alt=\"\" title=\"\"><\/p>\n<h4>Faydalar:<\/h4>\n<ul>\n<li><strong>Artan Verimlilik<\/strong>: Tar\u0131msal i\u015flerde operasyonel verimlili\u011fi art\u0131rmak.<\/li>\n<li><strong>Maliyet Etkin<\/strong>: Dayan\u0131kl\u0131 tasar\u0131m\u0131 sayesinde kapsaml\u0131 bak\u0131m ihtiyac\u0131n\u0131 azalt\u0131r.<\/li>\n<li><strong>G\u00fcvenlik \u00d6zellikleri<\/strong>: A\u015f\u0131r\u0131 y\u00fcklenmeyi \u00f6nlemek ve g\u00fcvenli \u00e7al\u0131\u015fmay\u0131 sa\u011flamak i\u00e7in emniyet mekanizmalar\u0131 i\u00e7erir.<\/li>\n<\/ul>\n<p>Bu hidrolik silindirler, modern tar\u0131m uygulamalar\u0131 i\u00e7in olmazsa olmaz bir bile\u015fen olup, ba\u015far\u0131l\u0131 \u00e7ift\u00e7ilik operasyonlar\u0131 i\u00e7in ihtiya\u00e7 duydu\u011funuz performans\u0131 ve g\u00fcvenilirli\u011fi sa\u011flar.<\/p>\n<h2>Kaynakl\u0131 T Tipi Silindirin Avantajlar\u0131<\/h2>\n<ul>\n<li style=\"list-style-type: none;\">\n<ul>\n<li><strong>Artt\u0131r\u0131lm\u0131\u015f G\u00fc\u00e7:<\/strong> Kaynakl\u0131 T tipi silindirler, y\u00fcksek mukavemetleriyle bilinir ve a\u011f\u0131r kald\u0131rma gerektiren uygulamalar i\u00e7in uygundur. Bu silindirlerin imalat\u0131nda kullan\u0131lan kaynak i\u015flemi, silindirin zay\u0131f noktalardan ar\u0131nd\u0131r\u0131lm\u0131\u015f olmas\u0131n\u0131 ve y\u00fcksek bas\u0131n\u00e7 ve gerilime dayanabilmesini sa\u011flar.<\/li>\n<\/ul>\n<\/li>\n<\/ul>\n<p>Silindire uygulanan bas\u0131n\u00e7, t\u00fcm y\u00fczeye e\u015fit olarak da\u011f\u0131larak deformasyona kar\u015f\u0131 diren\u00e7li hale gelir. Bu \u00f6zellik, silindirin en zorlu ko\u015fullarda bile \u015feklini ve yap\u0131sal b\u00fct\u00fcnl\u00fc\u011f\u00fcn\u00fc koruyabilmesini sa\u011flar.<\/p>\n<ul>\n<li style=\"list-style-type: none;\">\n<ul>\n<li><strong>S\u0131z\u0131nt\u0131 \u00d6nleme:<\/strong> Kaynakl\u0131 T tipi silindirler, s\u0131z\u0131nt\u0131y\u0131 \u00f6nleyecek \u015fekilde tasarlanm\u0131\u015ft\u0131r. \u00dcretim s\u00fcrecinde kullan\u0131lan kaynak i\u015flemi, silindirin tamamen s\u0131zd\u0131rmaz olmas\u0131n\u0131 ve olas\u0131 s\u0131z\u0131nt\u0131lardan ar\u0131nd\u0131r\u0131lmas\u0131n\u0131 sa\u011flar. Bu \u00f6zellik, s\u0131z\u0131nt\u0131n\u0131n ciddi hasara veya yaralanmaya neden olabilece\u011fi uygulamalarda kullan\u0131m i\u00e7in uygundur.<\/li>\n<\/ul>\n<\/li>\n<\/ul>\n<p>Kaynakl\u0131 ba\u011flant\u0131lar p\u00fcr\u00fczs\u00fczd\u00fcr, d\u00f6k\u00fcnt\u00fc veya kirin birikebilece\u011fi herhangi bir yar\u0131k veya oluk yoktur, bu da korozyon ve silindire zarar verme riskini azalt\u0131r.<\/p>\n<ul>\n<li style=\"list-style-type: none;\">\n<ul>\n<li><strong>\u00d6zelle\u015ftirilebilir:<\/strong> Kaynakl\u0131 T tipi silindirler, belirli uygulamalara uyacak \u015fekilde \u00f6zelle\u015ftirilebilir. Silindirler farkl\u0131 boyut ve \u015fekillerde mevcuttur ve uygulaman\u0131n \u00f6zel gereksinimlerini kar\u015f\u0131layacak \u015fekilde \u00fcretilebilir.<\/li>\n<\/ul>\n<\/li>\n<\/ul>\n<p>\u00d6zelle\u015ftirme s\u00fcreci, silindirin performans a\u00e7\u0131s\u0131ndan optimize edilmesini ve ama\u00e7lanan uygulamaya uygun olmas\u0131n\u0131 sa\u011flar. Bu \u00f6zellik, kaynakl\u0131 T tipi silindirleri in\u015faat, madencilik ve malzeme ta\u015f\u0131ma gibi \u00e7e\u015fitli end\u00fcstriyel uygulamalarda kullan\u0131m i\u00e7in ideal hale getirir.<\/p>\n<ul>\n<li style=\"list-style-type: none;\">\n<ul>\n<li><strong>Maliyet Etkin:<\/strong> Kaynakl\u0131 T tipi silindirler, di\u011fer silindir tiplerine k\u0131yasla uygun maliyetlidir. Bu silindirlerin \u00fcretiminde kullan\u0131lan imalat s\u00fcreci basittir ve bu da onlar\u0131 di\u011fer silindir tiplerine g\u00f6re daha uygun maliyetli k\u0131lar.<\/li>\n<\/ul>\n<\/li>\n<\/ul>\n<p>Ayr\u0131ca, kaynakl\u0131 T tipi silindirlerin y\u00fcksek mukavemeti ve dayan\u0131kl\u0131l\u0131\u011f\u0131, s\u0131k onar\u0131m ve de\u011fi\u015ftirme ihtiyac\u0131n\u0131 azaltarak bak\u0131m maliyetlerinden tasarruf sa\u011flar. Bu \u00f6zellik, onlar\u0131 \u00f6zellikle s\u0131n\u0131rl\u0131 b\u00fct\u00e7eye sahip bir\u00e7ok sekt\u00f6r i\u00e7in pop\u00fcler bir tercih haline getirir.<\/p>\n<ul>\n<li style=\"list-style-type: none;\">\n<ul>\n<li><strong>Artan Verimlilik:<\/strong> Kaynakl\u0131 T tipi silindirler son derece verimli ve etkilidir. Silindirin tasar\u0131m\u0131, uygulanan kuvvetin do\u011frudan y\u00fcke aktar\u0131lmas\u0131n\u0131 sa\u011flayarak enerji kayb\u0131n\u0131 azalt\u0131r ve verimlili\u011fi art\u0131r\u0131r.<\/li>\n<\/ul>\n<\/li>\n<\/ul>\n<p>Kaynakl\u0131 ba\u011flant\u0131lar g\u00fc\u00e7l\u00fc ve sa\u011flamd\u0131r, sapmay\u0131 en aza indirir ve silindirin en zorlu ko\u015fullarda bile \u015feklini ve yap\u0131sal b\u00fct\u00fcnl\u00fc\u011f\u00fcn\u00fc korumas\u0131n\u0131 sa\u011flar. Bu \u00f6zellik, kaynakl\u0131 T tipi silindirleri y\u00fcksek verimlilik ve g\u00fcvenilirlik gerektiren uygulamalarda kullan\u0131m i\u00e7in ideal hale getirir.<\/p>\n<p><img decoding=\"async\" class=\"aligncenter\" src=\"https:\/\/hzpt.com\/wp-content\/uploads\/2023\/12\/random-4.webp\" alt=\"\" title=\"\"><\/p>\n<h2>Kaynakl\u0131 T Tipi Silindir Uygulamas\u0131<\/h2>\n<ol>\n<li>\n<h3>Otomotiv End\u00fcstrisi<\/h3>\n<p>Kaynakl\u0131 T Tipi Silindirler, otomotiv end\u00fcstrisinde yayg\u0131n olarak kullan\u0131lmaktad\u0131r. Otomobil kap\u0131lar\u0131nda, kaput ve bagaj kapa\u011f\u0131 kald\u0131rmalar\u0131nda, a\u00e7\u0131l\u0131r tavanlarda ve hidrolik direksiyon sistemlerinde kullan\u0131l\u0131rlar. Bu silindirler, d\u00fc\u015f\u00fck alan gereksinimiyle y\u00fcksek kuvvet \u00e7\u0131k\u0131\u015f\u0131 sa\u011flayabilmeleri nedeniyle tercih edilir. T Tipi silindir tasar\u0131m\u0131, kuvvetin iki farkl\u0131 y\u00f6nde aktar\u0131lmas\u0131 gereken uygulamalar i\u00e7in idealdir.<\/p>\n<p>Ayr\u0131ca, bu silindirlerin kaynakl\u0131 yap\u0131s\u0131, y\u00fcksek s\u0131cakl\u0131k ve bas\u0131n\u00e7larda s\u0131z\u0131nt\u0131 olmadan \u00e7al\u0131\u015fmas\u0131na olanak tan\u0131r ve bu sayede motorlarda, \u015fanz\u0131manlarda ve fren sistemlerinde kullan\u0131ma uygundur.<\/li>\n<li>\n<h3>\u00dcretim Sanayi<\/h3>\n<p>Kaynakl\u0131 T Tipi Silindirler imalat sanayinde de kullan\u0131l\u0131r. Hidrolik preslerde, d\u00f6vme makinelerinde ve metal kesme makinelerinde kullan\u0131l\u0131rlar. Bu silindirlerin y\u00fcksek kuvvet \u00e7\u0131k\u0131\u015f\u0131, onlar\u0131 dar bir alanda y\u00fcksek kuvvet gerektiren uygulamalar i\u00e7in ideal hale getirir.<\/p>\n<p>T Tipi silindir tasar\u0131m\u0131, kuvvetin iki farkl\u0131 y\u00f6nde aktar\u0131lmas\u0131 gereken uygulamalar i\u00e7in de olduk\u00e7a uygundur. \u00d6rne\u011fin, bir hidrolik preste T Tipi silindir, kuvveti hem dikey hem de yatay olarak uygulamak i\u00e7in kullan\u0131labilir ve bu da daha karma\u015f\u0131k \u00fcretim s\u00fcre\u00e7lerine olanak tan\u0131r.<\/li>\n<li>\n<h3>Havac\u0131l\u0131k ve Uzay Sanayii<\/h3>\n<p>Kaynakl\u0131 T Tipi Silindirler, havac\u0131l\u0131k end\u00fcstrisinde \u00e7e\u015fitli uygulamalarda kullan\u0131l\u0131r. \u0130ni\u015f tak\u0131m\u0131 sistemlerinde, kargo kap\u0131lar\u0131nda ve u\u00e7u\u015f kontrol sistemlerinde kullan\u0131l\u0131rlar. Bu silindirlerin y\u00fcksek kuvvet \u00e7\u0131k\u0131\u015f\u0131 ve kompakt tasar\u0131m\u0131, onlar\u0131 u\u00e7aklardaki s\u0131n\u0131rl\u0131 alanda kullan\u0131m i\u00e7in ideal k\u0131lar.<\/p>\n<p>Bu silindirlerin kaynakl\u0131 yap\u0131s\u0131, u\u00e7u\u015f s\u0131ras\u0131nda maruz kald\u0131klar\u0131 y\u00fcksek bas\u0131n\u00e7 ve s\u0131cakl\u0131klara kar\u015f\u0131 da dayan\u0131kl\u0131d\u0131r. Ayr\u0131ca, T Tipi silindir tasar\u0131m\u0131, kuvvetin iki farkl\u0131 y\u00f6nde aktar\u0131lmas\u0131na olanak tan\u0131r ve bu da kuvvetin a\u00e7\u0131l\u0131 olarak uygulanmas\u0131 gereken uygulamalar i\u00e7in idealdir.<\/li>\n<li>\n<h3>\u0130n\u015faat Sekt\u00f6r\u00fc<\/h3>\n<p>Kaynakl\u0131 T Tipi Silindirler, in\u015faat sekt\u00f6r\u00fcnde a\u011f\u0131r kald\u0131rma ve ta\u015f\u0131ma uygulamalar\u0131nda kullan\u0131l\u0131r. Vin\u00e7lerde, ekskavat\u00f6rlerde ve kep\u00e7elerde kullan\u0131l\u0131rlar. Bu silindirlerin y\u00fcksek kuvvet \u00e7\u0131k\u0131\u015f\u0131 ve kompakt tasar\u0131m\u0131, onlar\u0131 \u015fantiyedeki s\u0131n\u0131rl\u0131 alanda kullan\u0131m i\u00e7in ideal k\u0131lar.<\/p>\n<p>Tee Tipi silindir tasar\u0131m\u0131, kuvvetin iki farkl\u0131 y\u00f6nde aktar\u0131lmas\u0131na olanak tan\u0131r ve bu sayede kuvvetin a\u00e7\u0131l\u0131 olarak uygulanmas\u0131 gereken uygulamalar i\u00e7in idealdir. Ayr\u0131ca, bu silindirlerin kaynakl\u0131 yap\u0131s\u0131, y\u00fcksek bas\u0131n\u00e7 ve s\u0131cakl\u0131klarda s\u0131z\u0131nt\u0131 olmadan \u00e7al\u0131\u015fmas\u0131n\u0131 sa\u011flayarak zorlu d\u0131\u015f mekan ko\u015fullar\u0131nda kullan\u0131ma uygundur.<\/li>\n<\/ol>\n<h3>FMP Hakk\u0131nda<\/h3>\n<p>FMP, sekt\u00f6rde 30 y\u0131l\u0131 a\u015fk\u0131n deneyime sahip, lider bir Hidrolik Silindir \u00fcreticisi ve tedarik\u00e7isidir. End\u00fcstriyel alan\u0131m\u0131z \u0130talya'da bulunmaktad\u0131r ve m\u00fc\u015fterilerimize y\u00fcksek kaliteli \u00fcr\u00fcnler ve zaman\u0131nda teslimat sa\u011flamak i\u00e7in 100'den fazla ekipmana sahibiz.<\/p>\n<h4>\u00dcr\u00fcnlerimiz ve \u015eirket Avantajlar\u0131m\u0131z<\/h4>\n<p>1. Geni\u015f Hidrolik Silindir Yelpazesi<\/p>\n<p>Hidrolik silindirlerimiz aras\u0131nda k\u00fcpe silindiri, \u00e7ift y\u00f6nl\u00fc otomatik teleskopik hidrolik silindir ve daha bir\u00e7ok \u00e7e\u015fit bulunmaktad\u0131r. Her hidrolik silindir, kaliteyi garanti alt\u0131na almak i\u00e7in s\u0131k\u0131 bir i\u015flem ve denetimden ge\u00e7er.<\/p>\n<p><img decoding=\"async\" src=\"https:\/\/fmp-components.com\/wp-content\/uploads\/2024\/12\/fmp-factory-4.webp\" alt=\"FMP fabrikas\u0131\" width=\"800\" title=\"\"><\/p>\n<p>2. Tasar\u0131m Hizmeti<\/p>\n<p>Tasar\u0131m ekibimiz, \u00fcniversal \u015faft \u00fcr\u00fcn tasar\u0131m\u0131 ve geli\u015ftirme konusunda zengin deneyime sahiptir. M\u00fc\u015fterilerimizin yeni \u00fcr\u00fcn veya daha fazla iyile\u015ftirme ihtiya\u00e7lar\u0131n\u0131 kar\u015f\u0131layabilecek kapasitedeyiz.<\/p>\n<p>3. Kapsaml\u0131 \u00dcr\u00fcn Hizmeti<\/p>\n<p>Hammaddeden kesime, kaba i\u015flemeden teste, temizlemeye, montaja, paketlemeye ve nakliyeye kadar kapsaml\u0131 bir \u00fcr\u00fcn hizmeti sunuyoruz. Bu sayede m\u00fc\u015fterilerimizin g\u00fcvenilir ve kalite g\u00fcvenceli bir \u00fcr\u00fcne kavu\u015fmas\u0131n\u0131 sa\u011fl\u0131yoruz.<\/p>\n<p>4. \u00d6rnek \u0130\u015flem<\/p>\n<p>\u0130htiya\u00e7lar\u0131n\u0131za g\u00f6re numuneler geli\u015ftirebilir ve bunlar\u0131 ihtiya\u00e7lar\u0131n\u0131za g\u00f6re s\u00fcrekli olarak g\u00fcncelleyebiliriz. Bu sayede, sat\u0131n almadan \u00f6nce \u00fcr\u00fcn\u00fc tam olarak de\u011ferlendirme f\u0131rsat\u0131na sahip olursunuz.<\/p>\n<p>5. Ar-Ge Yetene\u011fi<\/p>\n<p>\u015eirketimiz s\u00fcrekli geli\u015fim ve inovasyona kendini adam\u0131\u015ft\u0131r. Piyasada yeni ihtiya\u00e7lar ortaya \u00e7\u0131kt\u0131\u011f\u0131nda bunlar\u0131 inceliyor ve m\u00fc\u015fterilerimizin ihtiya\u00e7lar\u0131n\u0131 kar\u015f\u0131layacak yeni modeller geli\u015ftiriyoruz.<\/p>\n<p>FMP ile ortakl\u0131k kurmak, g\u00fcvenilir ve kalite odakl\u0131 bir tedarik\u00e7iyle \u00e7al\u0131\u015fmak anlam\u0131na gelir. M\u00fc\u015fterilerimize i\u015flerinde ba\u015far\u0131l\u0131 olmalar\u0131na yard\u0131mc\u0131 olmak i\u00e7in m\u00fcmk\u00fcn olan en iyi \u00fcr\u00fcn ve hizmetleri sunmaya kararl\u0131y\u0131z.<\/p>\n<p>Yazar:CX<\/p>","protected":false},"excerpt":{"rendered":"<p>The 10040 Professional Small Piston Hydraulic Cylinders are engineered for agricultural applications, offering reliable performance and durability. These hydraulic cylinders are designed to efficiently lift, push, and pull heavy loads, making them ideal for various farming equipment, including tractors, harvesters, and other machinery. Key Features: Compact Design: The small piston size allows for easy integration [&hellip;]<\/p>","protected":false},"featured_media":1133,"comment_status":"closed","ping_status":"closed","template":"","meta":{"_et_pb_use_builder":"","_et_pb_old_content":"","_et_gb_content_width":""},"product_brand":[],"product_cat":[31],"product_tag":[34,35],"class_list":{"0":"post-960","1":"product","2":"type-product","3":"status-publish","4":"has-post-thumbnail","6":"product_cat-welded-tee-type-cylinder","7":"product_tag-hydraulic-cylinder","8":"product_tag-welded-tee-type-cylinder","10":"first","11":"instock","12":"product-type-simple"},"_links":{"self":[{"href":"https:\/\/fmp-components.com\/tr\/wp-json\/wp\/v2\/product\/960","targetHints":{"allow":["GET"]}}],"collection":[{"href":"https:\/\/fmp-components.com\/tr\/wp-json\/wp\/v2\/product"}],"about":[{"href":"https:\/\/fmp-components.com\/tr\/wp-json\/wp\/v2\/types\/product"}],"replies":[{"embeddable":true,"href":"https:\/\/fmp-components.com\/tr\/wp-json\/wp\/v2\/comments?post=960"}],"wp:featuredmedia":[{"embeddable":true,"href":"https:\/\/fmp-components.com\/tr\/wp-json\/wp\/v2\/media\/1133"}],"wp:attachment":[{"href":"https:\/\/fmp-components.com\/tr\/wp-json\/wp\/v2\/media?parent=960"}],"wp:term":[{"taxonomy":"product_brand","embeddable":true,"href":"https:\/\/fmp-components.com\/tr\/wp-json\/wp\/v2\/product_brand?post=960"},{"taxonomy":"product_cat","embeddable":true,"href":"https:\/\/fmp-components.com\/tr\/wp-json\/wp\/v2\/product_cat?post=960"},{"taxonomy":"product_tag","embeddable":true,"href":"https:\/\/fmp-components.com\/tr\/wp-json\/wp\/v2\/product_tag?post=960"}],"curies":[{"name":"wp","href":"https:\/\/api.w.org\/{rel}","templated":true}]}}