{"id":958,"date":"2024-12-19T03:39:43","date_gmt":"2024-12-19T03:39:43","guid":{"rendered":"https:\/\/fmp-components.com\/product\/10038-quality-assurance-hydraulic-cylinder-double-acting-hydraulic-cylinder-for-trailer\/"},"modified":"2024-12-19T08:49:07","modified_gmt":"2024-12-19T08:49:07","slug":"10038-quality-assurance-hydraulic-cylinder-double-acting-hydraulic-cylinder-for-trailer","status":"publish","type":"product","link":"https:\/\/fmp-components.com\/tr\/product\/10038-quality-assurance-hydraulic-cylinder-double-acting-hydraulic-cylinder-for-trailer\/","title":{"rendered":"10038 Kalite G\u00fcvence Hidrolik Silindiri \u00c7ift Etkili R\u00f6mork Hidrolik Silindiri"},"content":{"rendered":"<p>10038 Kalite G\u00fcvenceli \u00c7ift Etkili Hidrolik Silindir, r\u00f6mork uygulamalar\u0131 i\u00e7in uzmanca tasarlanm\u0131\u015f olup g\u00fcvenilir performans ve geli\u015fmi\u015f verimlilik sunar. Bu hidrolik silindir, \u00e7e\u015fitli r\u00f6mork tiplerinin taleplerini kar\u015f\u0131layacak \u015fekilde \u00fcretilmi\u015ftir ve optimum i\u015flevsellik ve dayan\u0131kl\u0131l\u0131k sa\u011flar.<\/p>\n<h4>Temel \u00d6zellikler:<\/h4>\n<ul>\n<li><strong>\u00c7ift Etkili Mekanizma:<\/strong><br \/>\n\u00c7ift etkili tasar\u0131m, hem uzatma hem de geri \u00e7ekme i\u015flemlerinde sorunsuz \u00e7al\u0131\u015fma sa\u011flayarak kald\u0131rma ve indirme g\u00f6revlerinde hassas kontrol sa\u011flar. Bu \u00f6zellik, r\u00f6mork operasyonlar\u0131n\u0131n genel performans\u0131n\u0131 art\u0131r\u0131r.<\/li>\n<li><strong>Kalite G\u00fcvencesi:<\/strong><br \/>\nHer hidrolik silindir, y\u00fcksek end\u00fcstri standartlar\u0131n\u0131 kar\u015f\u0131lad\u0131\u011f\u0131ndan emin olmak i\u00e7in titiz kalite kontrol testlerinden ge\u00e7irilir. Kaliteye olan bu ba\u011fl\u0131l\u0131k, \u00e7al\u0131\u015fma s\u0131ras\u0131nda g\u00fcvenilirlik ve g\u00fcvenli\u011fi garanti eder.<\/li>\n<li><strong>Sa\u011flam Yap\u0131:<\/strong><br \/>\nY\u00fcksek kaliteli malzemelerden \u00fcretilen 10038 hidrolik silindir, a\u011f\u0131r hizmet tipi kullan\u0131m\u0131n zorluklar\u0131na dayanacak \u015fekilde tasarlanm\u0131\u015ft\u0131r. Dayan\u0131kl\u0131 yap\u0131s\u0131, zorlu ortamlarda bile uzun s\u00fcreli performans sa\u011flar.<\/li>\n<li><strong>\u00c7ok Y\u00f6nl\u00fc Uygulamalar:<\/strong><br \/>\nD\u00fcz yatakl\u0131 r\u00f6morklar, damperli r\u00f6morklar ve \u00e7ok ama\u00e7l\u0131 r\u00f6morklar dahil olmak \u00fczere \u00e7ok \u00e7e\u015fitli r\u00f6mork uygulamalar\u0131 i\u00e7in uygun olan bu hidrolik silindir, \u00e7e\u015fitli r\u00f6mork tiplerinin i\u015flevselli\u011fini art\u0131r\u0131r.<\/li>\n<li><strong>Kolay Kurulum:<\/strong><br \/>\nKolay kurulum i\u00e7in tasarlanan 10038 hidrolik silindir, mevcut r\u00f6mork sistemlerine h\u0131zl\u0131 bir \u015fekilde entegre edilebilir, b\u00f6ylece ar\u0131za s\u00fcresi en aza indirilir ve verimlilik art\u0131r\u0131l\u0131r.<\/li>\n<\/ul>\n<p><img decoding=\"async\" src=\"https:\/\/hzpt.com\/wp-content\/uploads\/2023\/12\/random-2.webp\" alt=\"\" title=\"\"><\/p>\n<h4>Teknik \u00d6zellikler:<\/h4>\n<table style=\"width: 91.5825%; height: 151px;\">\n<thead>\n<tr>\n<th>\u015eartname<\/th>\n<th>Tan\u0131m<\/th>\n<\/tr>\n<\/thead>\n<tbody>\n<tr>\n<td><strong>Y\u00fck Kapasitesi<\/strong><\/td>\n<td>\u00d6zelle\u015ftirilebilir<\/td>\n<\/tr>\n<tr>\n<td><strong>Delik Boyutu<\/strong><\/td>\n<td>\u00c7e\u015fitli se\u00e7enekler mevcuttur<\/td>\n<\/tr>\n<tr>\n<td><strong>Vuru\u015f Uzunlu\u011fu<\/strong><\/td>\n<td>\u00d6zelle\u015ftirilebilir<\/td>\n<\/tr>\n<tr>\n<td><strong>Maksimum Bas\u0131n\u00e7<\/strong><\/td>\n<td>3000 PSI'ye kadar<\/td>\n<\/tr>\n<tr>\n<td><strong>Malzeme<\/strong><\/td>\n<td>Y\u00fcksek kaliteli \u00e7elik<\/td>\n<\/tr>\n<tr>\n<td><strong>Ba\u011flant\u0131 T\u00fcr\u00fc<\/strong><\/td>\n<td>Flan\u015fl\u0131 veya di\u015fli<\/td>\n<\/tr>\n<\/tbody>\n<\/table>\n<h4>\u00c7al\u0131\u015fma Prensibi:<\/h4>\n<p>10038 \u00c7ift Etkili Hidrolik Silindir, hidrolik s\u0131v\u0131 bas\u0131nc\u0131 prensibiyle \u00e7al\u0131\u015f\u0131r. Hidrolik s\u0131v\u0131 silindire pompaland\u0131\u011f\u0131nda, pistona kuvvet uygulayarak her iki y\u00f6nde do\u011frusal hareket olu\u015fturur. Bu verimli g\u00fc\u00e7 aktar\u0131m\u0131, r\u00f6mork operasyonlar\u0131 \u00fczerinde hassas kontrol sa\u011flayarak genel verimlili\u011fi art\u0131r\u0131r.<\/p>\n<p>\u00d6zetle, 10038 Kalite G\u00fcvenceli \u00c7ift Etkili R\u00f6mork Hidrolik Silindiri, r\u00f6mork performans\u0131n\u0131 art\u0131rmak i\u00e7in g\u00fcvenilir ve verimli bir \u00e7\u00f6z\u00fcmd\u00fcr. Sa\u011flam yap\u0131s\u0131, kalite g\u00fcvencesi ve \u00e7ok y\u00f6nl\u00fc uygulamalar\u0131, r\u00f6mork sistemlerini geli\u015ftirmek isteyen operat\u00f6rler i\u00e7in onu vazge\u00e7ilmez bir bile\u015fen haline getirir.<\/p>\n<p>&nbsp;<\/p>\n<h2>Soru &amp; Cevap<\/h2>\n<ol>\n<li>S: \u00c7ift etkili hidrolik silindir nas\u0131l \u00e7al\u0131\u015f\u0131r?<br \/>\n<img decoding=\"async\" src=\"https:\/\/hzpt.com\/wp-content\/uploads\/2023\/12\/random-1.webp?v=1694163707\" alt=\"\" title=\"\"><br \/>\nA: Pistonun her iki taraf\u0131ndan s\u0131v\u0131n\u0131n girmesine izin vererek her iki y\u00f6nde de g\u00fc\u00e7 sa\u011flar.<\/li>\n<li>S: Bu silindirler hangi uygulamalarda kullan\u0131l\u0131r?<br \/>\nA: Bunlar r\u00f6morklarda ba\u015fta olmak \u00fczere bir\u00e7ok alanda yayg\u0131n olarak kullan\u0131lmaktad\u0131r.<\/li>\n<li>S: Do\u011fru hidrolik ya\u011f\u0131 nas\u0131l se\u00e7erim?<br \/>\nA: Hidrolik ya\u011f se\u00e7imi \u00e7al\u0131\u015fma ortam\u0131na ve hidrolik sistemin \u00f6zelliklerine ba\u011fl\u0131d\u0131r.<\/li>\n<li>S: Ya\u011f ke\u00e7elerini ne zaman de\u011fi\u015ftirmeliyim?<br \/>\nA: Ya\u011f ke\u00e7eleri a\u015f\u0131nma veya s\u0131z\u0131nt\u0131 belirtileri g\u00f6sterdi\u011finde de\u011fi\u015ftirilmelidir.<\/li>\n<li>S: Hidrolik silindiri nas\u0131l \u00f6l\u00e7erim?<br \/>\nA: Delik \u00e7ap\u0131n\u0131, \u00e7ubuk \u00e7ap\u0131n\u0131 ve strok uzunlu\u011funu \u00f6l\u00e7\u00fcyorsunuz.<\/li>\n<\/ol>\n<h2>Kaynakl\u0131 T Tipi Silindirin Avantajlar\u0131<\/h2>\n<ul>\n<li style=\"list-style-type: none;\">\n<ul>\n<li><strong>Artt\u0131r\u0131lm\u0131\u015f G\u00fc\u00e7:<\/strong> Kaynakl\u0131 T tipi silindirler, y\u00fcksek mukavemetleriyle bilinir ve a\u011f\u0131r kald\u0131rma gerektiren uygulamalar i\u00e7in uygundur. Bu silindirlerin imalat\u0131nda kullan\u0131lan kaynak i\u015flemi, silindirin zay\u0131f noktalardan ar\u0131nd\u0131r\u0131lm\u0131\u015f olmas\u0131n\u0131 ve y\u00fcksek bas\u0131n\u00e7 ve gerilime dayanabilmesini sa\u011flar.<\/li>\n<\/ul>\n<\/li>\n<\/ul>\n<p>Silindire uygulanan bas\u0131n\u00e7, t\u00fcm y\u00fczeye e\u015fit olarak da\u011f\u0131larak deformasyona kar\u015f\u0131 diren\u00e7li hale gelir. Bu \u00f6zellik, silindirin en zorlu ko\u015fullarda bile \u015feklini ve yap\u0131sal b\u00fct\u00fcnl\u00fc\u011f\u00fcn\u00fc koruyabilmesini sa\u011flar.<\/p>\n<ul>\n<li style=\"list-style-type: none;\">\n<ul>\n<li><strong>S\u0131z\u0131nt\u0131 \u00d6nleme:<\/strong> Kaynakl\u0131 T tipi silindirler, s\u0131z\u0131nt\u0131y\u0131 \u00f6nleyecek \u015fekilde tasarlanm\u0131\u015ft\u0131r. \u00dcretim s\u00fcrecinde kullan\u0131lan kaynak i\u015flemi, silindirin tamamen s\u0131zd\u0131rmaz olmas\u0131n\u0131 ve olas\u0131 s\u0131z\u0131nt\u0131lardan ar\u0131nd\u0131r\u0131lmas\u0131n\u0131 sa\u011flar. Bu \u00f6zellik, s\u0131z\u0131nt\u0131n\u0131n ciddi hasara veya yaralanmaya neden olabilece\u011fi uygulamalarda kullan\u0131m i\u00e7in uygundur.<\/li>\n<\/ul>\n<\/li>\n<\/ul>\n<p>Kaynakl\u0131 ba\u011flant\u0131lar p\u00fcr\u00fczs\u00fczd\u00fcr, d\u00f6k\u00fcnt\u00fc veya kirin birikebilece\u011fi herhangi bir yar\u0131k veya oluk yoktur, bu da korozyon ve silindire zarar verme riskini azalt\u0131r.<\/p>\n<ul>\n<li style=\"list-style-type: none;\">\n<ul>\n<li><strong>\u00d6zelle\u015ftirilebilir:<\/strong> Kaynakl\u0131 T tipi silindirler, belirli uygulamalara uyacak \u015fekilde \u00f6zelle\u015ftirilebilir. Silindirler farkl\u0131 boyut ve \u015fekillerde mevcuttur ve uygulaman\u0131n \u00f6zel gereksinimlerini kar\u015f\u0131layacak \u015fekilde \u00fcretilebilir.<\/li>\n<\/ul>\n<\/li>\n<\/ul>\n<p>\u00d6zelle\u015ftirme s\u00fcreci, silindirin performans a\u00e7\u0131s\u0131ndan optimize edilmesini ve ama\u00e7lanan uygulamaya uygun olmas\u0131n\u0131 sa\u011flar. Bu \u00f6zellik, kaynakl\u0131 T tipi silindirleri in\u015faat, madencilik ve malzeme ta\u015f\u0131ma gibi \u00e7e\u015fitli end\u00fcstriyel uygulamalarda kullan\u0131m i\u00e7in ideal hale getirir.<\/p>\n<ul>\n<li style=\"list-style-type: none;\">\n<ul>\n<li><strong>Maliyet Etkin:<\/strong> Kaynakl\u0131 T tipi silindirler, di\u011fer silindir tiplerine k\u0131yasla uygun maliyetlidir. Bu silindirlerin \u00fcretiminde kullan\u0131lan imalat s\u00fcreci basittir ve bu da onlar\u0131 di\u011fer silindir tiplerine g\u00f6re daha uygun maliyetli k\u0131lar.<\/li>\n<\/ul>\n<\/li>\n<\/ul>\n<p>Ayr\u0131ca, kaynakl\u0131 T tipi silindirlerin y\u00fcksek mukavemeti ve dayan\u0131kl\u0131l\u0131\u011f\u0131, s\u0131k onar\u0131m ve de\u011fi\u015ftirme ihtiyac\u0131n\u0131 azaltarak bak\u0131m maliyetlerinden tasarruf sa\u011flar. Bu \u00f6zellik, onlar\u0131 \u00f6zellikle s\u0131n\u0131rl\u0131 b\u00fct\u00e7eye sahip bir\u00e7ok sekt\u00f6r i\u00e7in pop\u00fcler bir tercih haline getirir.<\/p>\n<ul>\n<li style=\"list-style-type: none;\">\n<ul>\n<li><strong>Artan Verimlilik:<\/strong> Kaynakl\u0131 T tipi silindirler son derece verimli ve etkilidir. Silindirin tasar\u0131m\u0131, uygulanan kuvvetin do\u011frudan y\u00fcke aktar\u0131lmas\u0131n\u0131 sa\u011flayarak enerji kayb\u0131n\u0131 azalt\u0131r ve verimlili\u011fi art\u0131r\u0131r.<\/li>\n<\/ul>\n<\/li>\n<\/ul>\n<p>Kaynakl\u0131 ba\u011flant\u0131lar g\u00fc\u00e7l\u00fc ve sa\u011flamd\u0131r, sapmay\u0131 en aza indirir ve silindirin en zorlu ko\u015fullarda bile \u015feklini ve yap\u0131sal b\u00fct\u00fcnl\u00fc\u011f\u00fcn\u00fc korumas\u0131n\u0131 sa\u011flar. Bu \u00f6zellik, kaynakl\u0131 T tipi silindirleri y\u00fcksek verimlilik ve g\u00fcvenilirlik gerektiren uygulamalarda kullan\u0131m i\u00e7in ideal hale getirir.<\/p>\n<h2>Kaynakl\u0131 T Tipi Silindir Uygulamas\u0131<\/h2>\n<h3>girii\u015f<\/h3>\n<p>Kaynakl\u0131 T tipi silindir, end\u00fcstriyel uygulamalarda yayg\u0131n olarak kullan\u0131lan bir hidrolik silindir t\u00fcr\u00fcd\u00fcr. Kompakt ve uygun maliyetli bir pakette y\u00fcksek kuvvet \u00e7\u0131k\u0131\u015f\u0131 sa\u011flamak \u00fczere tasarlanm\u0131\u015ft\u0131r. Bu tip silindir, kaynakl\u0131 bir T par\u00e7as\u0131 ve bu par\u00e7aya ba\u011fl\u0131 bir piston \u00e7ubu\u011fundan olu\u015fur. T par\u00e7as\u0131, silindirin namlusuna ba\u011fl\u0131d\u0131r ve namlu i\u00e7inde ileri geri hareket ederek kuvvet \u00fcreten bir piston i\u00e7erir.<\/p>\n<p><img loading=\"lazy\" decoding=\"async\" class=\"size-full wp-image-974 aligncenter\" src=\"https:\/\/fmp-components.com\/wp-content\/uploads\/2024\/12\/application-of-Welded-Tee-Type-Cylinder.webp\" alt=\"Kaynakl\u0131 T Tipi Silindirin Uygulamas\u0131\" width=\"760\" height=\"860\" title=\"\" srcset=\"https:\/\/fmp-components.com\/wp-content\/uploads\/2024\/12\/application-of-Welded-Tee-Type-Cylinder.webp 760w, https:\/\/fmp-components.com\/wp-content\/uploads\/2024\/12\/application-of-Welded-Tee-Type-Cylinder-480x543.webp 480w\" sizes=\"(min-width: 0px) and (max-width: 480px) 480px, (min-width: 481px) 760px, 100vw\" \/><\/p>\n<h3>Kaynakl\u0131 T Tipi Silindirin Avantajlar\u0131<\/h3>\n<p>End\u00fcstriyel uygulamalarda kaynakl\u0131 T tipi silindir kullanman\u0131n bir\u00e7ok avantaj\u0131 vard\u0131r:<\/p>\n<ul>\n<li><b>Kompakt tasar\u0131m:<\/b> Kaynakl\u0131 T tipi silindirler, alan\u0131n k\u0131s\u0131tl\u0131 oldu\u011fu uygulamalarda kullan\u0131m i\u00e7in ideal olacak \u015fekilde kompakt olarak tasarlanm\u0131\u015ft\u0131r.<\/li>\n<li><b>Y\u00fcksek verimlilik:<\/b> Kaynakl\u0131 T tipi silindirler olduk\u00e7a verimlidir, bu da minimum enerji giri\u015fiyle b\u00fcy\u00fck miktarda kuvvet \u00fcretebilecekleri anlam\u0131na gelir.<\/li>\n<li><b>Dayan\u0131kl\u0131:<\/b> Kaynakl\u0131 T tipi silindirler son derece dayan\u0131kl\u0131 olacak \u015fekilde tasarlanm\u0131\u015ft\u0131r, bu da zorlu \u00e7al\u0131\u015fma ko\u015fullar\u0131na dayanabilecekleri ve uzun s\u00fcre dayanabilecekleri anlam\u0131na gelir.<\/li>\n<li><b>Maliyet etkin:<\/b> Kaynakl\u0131 T tipi silindirler maliyet a\u00e7\u0131s\u0131ndan avantajl\u0131d\u0131r, yani paran\u0131z\u0131n kar\u015f\u0131l\u0131\u011f\u0131n\u0131 fazlas\u0131yla al\u0131rs\u0131n\u0131z.<\/li>\n<\/ul>\n<h3>Kaynakl\u0131 T Tipi Silindir Uygulamalar\u0131<\/h3>\n<p>Kaynakl\u0131 T tipi silindirlerin \u00e7e\u015fitli end\u00fcstrilerde bir\u00e7ok uygulamas\u0131 vard\u0131r, bunlar aras\u0131nda \u015funlar yer al\u0131r:<\/p>\n<ul>\n<li><b>\u00dcretme:<\/b> Kaynakl\u0131 T tipi silindirler, imalat sekt\u00f6r\u00fcnde makineleri \u00e7al\u0131\u015ft\u0131rmak, a\u011f\u0131r y\u00fckleri hareket ettirmek ve metal par\u00e7alar\u0131 \u015fekillendirmek i\u00e7in kullan\u0131l\u0131r.<\/li>\n<li><b>Tar\u0131m:<\/b> Kaynakl\u0131 T tipi silindirler tar\u0131mda trakt\u00f6r, bi\u00e7erd\u00f6ver ve di\u011fer tar\u0131m ekipmanlar\u0131ndaki hidrolik sistemleri \u00e7al\u0131\u015ft\u0131rmak i\u00e7in kullan\u0131l\u0131r.<\/li>\n<li><b>Yap\u0131:<\/b> Kaynakl\u0131 T tipi silindirler in\u015faat sekt\u00f6r\u00fcnde vin\u00e7, ekskavat\u00f6r ve kep\u00e7e gibi makineleri \u00e7al\u0131\u015ft\u0131rmak i\u00e7in kullan\u0131l\u0131r.<\/li>\n<li><b>Madencilik:<\/b> Kaynakl\u0131 T tipi silindirler, madencilikte buldozer, y\u00fckleyici ve kaya delici gibi a\u011f\u0131r ekipmanlar\u0131n hidrolik sistemlerini \u00e7al\u0131\u015ft\u0131rmak i\u00e7in kullan\u0131l\u0131r.<\/li>\n<li><b>Toplu ta\u015f\u0131ma:<\/b> Kaynakl\u0131 T tipi silindirler, ta\u015f\u0131mac\u0131l\u0131kta kamyon, otob\u00fcs ve di\u011fer ara\u00e7lardaki hidrolik sistemleri \u00e7al\u0131\u015ft\u0131rmak i\u00e7in kullan\u0131l\u0131r.<\/li>\n<\/ul>\n<p>Sonu\u00e7 olarak, kaynakl\u0131 T tipi silindirler bir\u00e7ok end\u00fcstriyel uygulamada \u00f6nemli bir bile\u015fendir. Kompakt, verimli, dayan\u0131kl\u0131 ve uygun maliyetli olacak \u015fekilde tasarland\u0131klar\u0131 i\u00e7in \u00e7ok \u00e7e\u015fitli uygulamalar i\u00e7in ideal bir se\u00e7imdir. \u0130ster bir \u00fcretim tesisinde makine, ister bir \u00e7iftlikte tar\u0131m ekipman\u0131 veya bir madende a\u011f\u0131r ekipman kullan\u0131yor olun, kaynakl\u0131 T tipi silindirler i\u015finizi verimli ve etkili bir \u015fekilde yapman\u0131za yard\u0131mc\u0131 olabilir.<\/p>\n<h3>FMP Hakk\u0131nda<\/h3>\n<p>FMP, sekt\u00f6rde 30 y\u0131l\u0131 a\u015fk\u0131n deneyime sahip lider bir Hidrolik Silindir \u00fcreticisi ve tedarik\u00e7isidir. \u0130talya'da bulunan son teknoloji end\u00fcstriyel tesisimiz, otomatik gaz korumal\u0131 kaynak makineleri, derin delik delme makineleri, CNC torna tezgahlar\u0131, silindirik ta\u015flama makineleri, otomatik temizleme makineleri, otomatik montaj makineleri, otomatik hidrolik silindir performans test tezgahlar\u0131 ve otomatik boyama hatlar\u0131 dahil olmak \u00fczere 100'den fazla geli\u015fmi\u015f ekipmana ev sahipli\u011fi yapmaktad\u0131r.<\/p>\n<p><img decoding=\"async\" src=\"https:\/\/fmp-components.com\/wp-content\/uploads\/2024\/12\/fmp-factory-4.webp\" alt=\"FMP fabrikas\u0131\" width=\"800\" title=\"\"><\/p>\n<p>\u00c7e\u015fitli ihtiya\u00e7lar\u0131 kar\u015f\u0131lamak i\u00e7in geni\u015f bir yelpazede hidrolik silindirler sunuyoruz:<\/p>\n<ol>\n<li>Hidrolik Silindir: Standart hidrolik silindirlerimiz, en \u00fcst d\u00fczey kaliteyi garantilemek i\u00e7in titizlikle i\u015flenir ve denetlenir. Ola\u011fan\u00fcst\u00fc performans ve dayan\u0131kl\u0131l\u0131k sa\u011flayacak \u015fekilde tasarlanm\u0131\u015ft\u0131r.<\/li>\n<li>Hidrolik Silindir K\u00fcpe Silindiri: Bu \u00f6zel hidrolik silindir, \u00f6zellikle k\u00fcpe uygulamalar\u0131 i\u00e7in tasarlanm\u0131\u015ft\u0131r. Sa\u011flam yap\u0131s\u0131 ve hassas m\u00fchendisli\u011fi onu g\u00fcvenilir bir se\u00e7im haline getirir.<\/li>\n<li>\u00c7ift Y\u00f6nl\u00fc Otomatik Teleskopik Hidrolik Silindir: \u00c7ift y\u00f6nl\u00fc otomatik teleskopik hidrolik silindirimiz \u00e7ok y\u00f6nl\u00fcl\u00fck ve verimlilik sunar. Zorlu g\u00f6revleri kolayl\u0131kla yerine getirmek i\u00e7in tasarlanm\u0131\u015ft\u0131r.<\/li>\n<li>Tasar\u0131m Hizmeti: Deneyimli tasar\u0131m ekibimiz, m\u00fckemmel tasar\u0131m ve geli\u015ftirme hizmetleri sunmaya kendini adam\u0131\u015ft\u0131r. \u0130ster yeni \u00fcr\u00fcn tasar\u0131mlar\u0131na ister mevcut \u00fcr\u00fcnlerinizi iyile\u015ftirmeye ihtiyac\u0131n\u0131z olsun, size destek olmak i\u00e7in buraday\u0131z.<\/li>\n<li>\u00dcr\u00fcn Hizmeti: Hammaddeden nakliyeye kadar kusursuz bir \u00fcretim s\u00fcreci sa\u011fl\u0131yoruz. \u00dcr\u00fcnlerimiz, kusursuz sonu\u00e7lar sunmak i\u00e7in kesim, kaba i\u015fleme, test, temizlik, montaj, paketleme ve titiz kalite kontrollerinden ge\u00e7er.<\/li>\n<\/ol>\n<p>Bu temel \u00fcr\u00fcnlere ek olarak, \u00f6zel ihtiya\u00e7lar\u0131n\u0131z\u0131 kar\u015f\u0131lamak i\u00e7in numune geli\u015ftirme hizmetleri de sunuyoruz. Ekibimiz, numuneleri ihtiya\u00e7lar\u0131n\u0131za m\u00fckemmel \u015fekilde uyana kadar geli\u015ftirip de\u011fi\u015ftirebilir. Ayr\u0131ca, ara\u015ft\u0131rma ve geli\u015ftirmeye olan ba\u011fl\u0131l\u0131\u011f\u0131m\u0131z, pazar trendlerinin \u00f6n\u00fcnde kalmam\u0131z\u0131 sa\u011flar. Pazar\u0131n de\u011fi\u015fen ihtiya\u00e7lar\u0131n\u0131 s\u00fcrekli olarak inceliyor ve buna g\u00f6re yeni modeller geli\u015ftiriyoruz.<\/p>\n<p>T\u00fcm Hidrolik Silindir ihtiya\u00e7lar\u0131n\u0131z i\u00e7in FMP'yi tercih edin. Y\u00fcksek kaliteli \u00fcr\u00fcnlerimiz, kapsaml\u0131 uzmanl\u0131\u011f\u0131m\u0131z ve m\u00fc\u015fteri odakl\u0131 yakla\u015f\u0131m\u0131m\u0131zla g\u00fcvenilir orta\u011f\u0131n\u0131z\u0131z. \u0130htiya\u00e7lar\u0131n\u0131z\u0131 g\u00f6r\u00fc\u015fmek ve FMP avantajlar\u0131ndan yararlanmak i\u00e7in bug\u00fcn bizimle ileti\u015fime ge\u00e7in.<\/p>\n<p>Yazar:CX<\/p>","protected":false},"excerpt":{"rendered":"<p>The 10038 Quality Assurance Double Acting Hydraulic Cylinder is expertly designed for trailer applications, offering reliable performance and enhanced efficiency. This hydraulic cylinder is built to meet the demands of various trailer types, ensuring optimal functionality and durability. Key Features: Double Acting Mechanism: The double acting design allows for smooth operation in both extension and [&hellip;]<\/p>","protected":false},"featured_media":1133,"comment_status":"closed","ping_status":"closed","template":"","meta":{"_et_pb_use_builder":"","_et_pb_old_content":"","_et_gb_content_width":""},"product_brand":[],"product_cat":[31],"product_tag":[34,35],"class_list":{"0":"post-958","1":"product","2":"type-product","3":"status-publish","4":"has-post-thumbnail","6":"product_cat-welded-tee-type-cylinder","7":"product_tag-hydraulic-cylinder","8":"product_tag-welded-tee-type-cylinder","10":"first","11":"instock","12":"product-type-simple"},"_links":{"self":[{"href":"https:\/\/fmp-components.com\/tr\/wp-json\/wp\/v2\/product\/958","targetHints":{"allow":["GET"]}}],"collection":[{"href":"https:\/\/fmp-components.com\/tr\/wp-json\/wp\/v2\/product"}],"about":[{"href":"https:\/\/fmp-components.com\/tr\/wp-json\/wp\/v2\/types\/product"}],"replies":[{"embeddable":true,"href":"https:\/\/fmp-components.com\/tr\/wp-json\/wp\/v2\/comments?post=958"}],"wp:featuredmedia":[{"embeddable":true,"href":"https:\/\/fmp-components.com\/tr\/wp-json\/wp\/v2\/media\/1133"}],"wp:attachment":[{"href":"https:\/\/fmp-components.com\/tr\/wp-json\/wp\/v2\/media?parent=958"}],"wp:term":[{"taxonomy":"product_brand","embeddable":true,"href":"https:\/\/fmp-components.com\/tr\/wp-json\/wp\/v2\/product_brand?post=958"},{"taxonomy":"product_cat","embeddable":true,"href":"https:\/\/fmp-components.com\/tr\/wp-json\/wp\/v2\/product_cat?post=958"},{"taxonomy":"product_tag","embeddable":true,"href":"https:\/\/fmp-components.com\/tr\/wp-json\/wp\/v2\/product_tag?post=958"}],"curies":[{"name":"wp","href":"https:\/\/api.w.org\/{rel}","templated":true}]}}