{"id":957,"date":"2024-12-19T03:39:43","date_gmt":"2024-12-19T03:39:43","guid":{"rendered":"https:\/\/fmp-components.com\/product\/10037-hot-sale-customized-hydraulic-cylinder-for-seeder\/"},"modified":"2024-12-19T08:48:46","modified_gmt":"2024-12-19T08:48:46","slug":"10037-hot-sale-customized-hydraulic-cylinder-for-seeder","status":"publish","type":"product","link":"https:\/\/fmp-components.com\/tr\/product\/10037-hot-sale-customized-hydraulic-cylinder-for-seeder\/","title":{"rendered":"10037 S\u0131cak Sat\u0131\u015f \u00d6zel \u00dcretim Ekici Hidrolik Silindir"},"content":{"rendered":"<p>10037 model numaral\u0131, \u00e7ok satan, \u00f6zel tasar\u0131m hidrolik silindir, ekim makinelerinde kullan\u0131lmak \u00fczere \u00f6zel olarak tasarlanm\u0131\u015ft\u0131r ve tar\u0131msal i\u015flemlerde g\u00fcvenilir performans ve verimlilik sa\u011flar. Bu hidrolik silindir, ekim ekipman\u0131n\u0131n benzersiz gereksinimlerini kar\u015f\u0131lamak \u00fczere \u00f6zel olarak \u00fcretilmi\u015f olup, optimum i\u015flevsellik sa\u011flar.<\/p>\n<h4>Temel \u00d6zellikler:<\/h4>\n<ul>\n<li><strong>\u00d6zelle\u015ftirilmi\u015f Tasar\u0131m:<\/strong><br \/>\nBu hidrolik silindir, i\u00e7 \u00e7ap, strok uzunlu\u011fu ve y\u00fck kapasitesi dahil olmak \u00fczere belirli uygulamalara uyacak \u015fekilde \u00f6zelle\u015ftirilebilir. \u00d6zelle\u015ftirme, farkl\u0131 ekim makinelerinin kesin ihtiya\u00e7lar\u0131n\u0131 kar\u015f\u0131lamas\u0131n\u0131 sa\u011flar.<\/li>\n<li><strong>Y\u00fcksek Performans:<\/strong><br \/>\nVerimli \u00e7al\u0131\u015fma i\u00e7in tasarlanan 10037 hidrolik silindir, sorunsuz ve g\u00fcvenilir performans sunar. Tasar\u0131m\u0131 s\u00fcrt\u00fcnmeyi ve a\u015f\u0131nmay\u0131 en aza indirerek ekim makinesinin genel \u00f6mr\u00fcn\u00fc ve etkinli\u011fini art\u0131r\u0131r.<\/li>\n<li><strong>Dayan\u0131kl\u0131 Yap\u0131:<\/strong><br \/>\nY\u00fcksek kaliteli malzemelerden \u00fcretilen bu hidrolik silindir, tar\u0131m ortamlar\u0131n\u0131n zorlu ko\u015fullar\u0131na dayanacak \u015fekilde tasarlanm\u0131\u015ft\u0131r. Sa\u011flam yap\u0131s\u0131, a\u011f\u0131r y\u00fckler alt\u0131nda bile uzun s\u00fcreli g\u00fcvenilirlik sa\u011flar.<\/li>\n<li><strong>\u00c7ok Y\u00f6nl\u00fc Uygulamalar:<\/strong><br \/>\n\u00c7e\u015fitli ekim makineleri i\u00e7in tasarlanan bu hidrolik silindir, hem geleneksel hem de modern ekim ekipmanlar\u0131n\u0131n i\u015flevselli\u011fini art\u0131r\u0131r. \u00c7ok y\u00f6nl\u00fcl\u00fc\u011f\u00fc, onu \u00e7ift\u00e7iler ve tar\u0131m i\u015fletmecileri i\u00e7in de\u011ferli bir ara\u00e7 haline getirir.<\/li>\n<li><strong>Kolay Kurulum:<\/strong><br \/>\n10037 hidrolik silindir, kolay kurulum i\u00e7in tasarlanm\u0131\u015ft\u0131r ve mevcut tohumlama sistemlerine h\u0131zl\u0131 entegrasyon sa\u011flar. Bu kullan\u0131m kolayl\u0131\u011f\u0131, ar\u0131za s\u00fcrelerini en aza indirir ve verimlili\u011fi art\u0131r\u0131r.<\/li>\n<\/ul>\n<p><img decoding=\"async\" class=\"aligncenter\" src=\"https:\/\/hzpt.com\/wp-content\/uploads\/2023\/12\/random-3.webp\" alt=\"\" title=\"\"><\/p>\n<h4>Teknik \u00d6zellikler:<\/h4>\n<table style=\"width: 101.782%; height: 184px;\">\n<thead>\n<tr>\n<th>\u015eartname<\/th>\n<th>Tan\u0131m<\/th>\n<\/tr>\n<\/thead>\n<tbody>\n<tr>\n<td><strong>Y\u00fck Kapasitesi<\/strong><\/td>\n<td>\u00d6zelle\u015ftirilebilir<\/td>\n<\/tr>\n<tr>\n<td><strong>Delik Boyutu<\/strong><\/td>\n<td>\u00c7e\u015fitli se\u00e7enekler mevcuttur<\/td>\n<\/tr>\n<tr>\n<td><strong>Vuru\u015f Uzunlu\u011fu<\/strong><\/td>\n<td>\u00d6zelle\u015ftirilebilir<\/td>\n<\/tr>\n<tr>\n<td><strong>Maksimum Bas\u0131n\u00e7<\/strong><\/td>\n<td>3000 PSI'ye kadar<\/td>\n<\/tr>\n<tr>\n<td><strong>Malzeme<\/strong><\/td>\n<td>Y\u00fcksek kaliteli \u00e7elik veya al\u00fcminyum<\/td>\n<\/tr>\n<tr>\n<td><strong>Ba\u011flant\u0131 T\u00fcr\u00fc<\/strong><\/td>\n<td>Flan\u015fl\u0131 veya di\u015fli<\/td>\n<\/tr>\n<\/tbody>\n<\/table>\n<h4>\u00c7al\u0131\u015fma Prensibi:<\/h4>\n<p>10037 model \u00f6zelle\u015ftirilmi\u015f hidrolik silindir, hidrolik s\u0131v\u0131 bas\u0131nc\u0131 prensibiyle \u00e7al\u0131\u015f\u0131r. Hidrolik s\u0131v\u0131 silindire pompaland\u0131\u011f\u0131nda, piston \u00fczerinde bir kuvvet uygulayarak \u00e7e\u015fitli tohumlama i\u015flemleri i\u00e7in do\u011frusal hareket \u00fcretir. Bu etkili g\u00fc\u00e7 aktar\u0131m\u0131, tohumlama i\u015flemlerinde hassas kontrol ve geli\u015fmi\u015f performans sa\u011flar.<\/p>\n<p>\u00d6zetle, 10037 \u00c7ok Satan \u00d6zel Tasar\u0131m Hidrolik Silindir, tar\u0131msal ekim ekipmanlar\u0131n\u0131n \u00f6zel ihtiya\u00e7lar\u0131n\u0131 kar\u015f\u0131lamak \u00fczere tasarlanm\u0131\u015f g\u00fcvenilir ve verimli bir \u00e7\u00f6z\u00fcmd\u00fcr. Dayan\u0131kl\u0131 yap\u0131s\u0131, \u00f6zelle\u015ftirilebilir se\u00e7enekleri ve y\u00fcksek performans\u0131, ekim i\u015flemlerinin verimlili\u011fini art\u0131rmak i\u00e7in vazge\u00e7ilmez bir bile\u015fen haline getirir.<\/p>\n<p>&nbsp;<\/p>\n<p><img decoding=\"async\" src=\"https:\/\/hzpt.com\/wp-content\/uploads\/2023\/12\/random-2.webp\" alt=\"\" title=\"\"><\/p>\n<h2>SSS<\/h2>\n<h3>S1: \u00d6zel tasar\u0131m hidrolik silindirin y\u00fck ta\u015f\u0131ma kapasitesi nedir?<\/h3>\n<p>A1: Ta\u015f\u0131ma kapasitesi, ihtiya\u00e7lar\u0131n\u0131za g\u00f6re \u00f6zelle\u015ftirilebilir.<\/p>\n<h3>S2: \u00d6zel yap\u0131m hidrolik silindiri nas\u0131l monte ederim?<\/h3>\n<p>A2: Her sat\u0131n al\u0131mda kapsaml\u0131 bir kurulum k\u0131lavuzu sa\u011fl\u0131yoruz.<\/p>\n<h3>S3: \u00d6zel tasar\u0131m hidrolik silindirin bak\u0131m\u0131 ne s\u0131kl\u0131kla yap\u0131lmal\u0131d\u0131r?<\/h3>\n<p>A3: Optimum performans i\u00e7in d\u00fczenli bak\u0131m \u00f6nerilir. Bak\u0131m s\u0131kl\u0131\u011f\u0131, kullan\u0131m ve \u00e7evresel ko\u015fullara ba\u011fl\u0131 olacakt\u0131r.<\/p>\n<h3>S4: \u00d6zel hidrolik silindirin boyutlar\u0131n\u0131 \u00f6zelle\u015ftirebilir miyim?<\/h3>\n<p>A4: Evet, FMP, \u00f6zel ihtiya\u00e7lar\u0131n\u0131za uygun \u00f6zelle\u015ftirme hizmetleri sunmaktad\u0131r.<\/p>\n<h3>S5: \u00d6zel tasar\u0131m hidrolik silindiri nereden sat\u0131n alabilirim?<\/h3>\n<p>A5: \u00dcr\u00fcnlerimizi do\u011frudan FMP'den veya yetkili bayilerimizden sat\u0131n alabilirsiniz.<\/p>\n<h2>Kaynakl\u0131 T Tipi Silindirin Avantajlar\u0131<\/h2>\n<ul>\n<li style=\"list-style-type: none;\">\n<ul>\n<li><strong>Artt\u0131r\u0131lm\u0131\u015f G\u00fc\u00e7:<\/strong> Kaynakl\u0131 T tipi silindirler, y\u00fcksek mukavemetleriyle bilinir ve a\u011f\u0131r kald\u0131rma gerektiren uygulamalar i\u00e7in uygundur. Bu silindirlerin imalat\u0131nda kullan\u0131lan kaynak i\u015flemi, silindirin zay\u0131f noktalardan ar\u0131nd\u0131r\u0131lm\u0131\u015f olmas\u0131n\u0131 ve y\u00fcksek bas\u0131n\u00e7 ve gerilime dayanabilmesini sa\u011flar.<\/li>\n<\/ul>\n<\/li>\n<\/ul>\n<p>Silindire uygulanan bas\u0131n\u00e7, t\u00fcm y\u00fczeye e\u015fit olarak da\u011f\u0131larak deformasyona kar\u015f\u0131 diren\u00e7li hale gelir. Bu \u00f6zellik, silindirin en zorlu ko\u015fullarda bile \u015feklini ve yap\u0131sal b\u00fct\u00fcnl\u00fc\u011f\u00fcn\u00fc koruyabilmesini sa\u011flar.<\/p>\n<ul>\n<li style=\"list-style-type: none;\">\n<ul>\n<li><strong>S\u0131z\u0131nt\u0131 \u00d6nleme:<\/strong> Kaynakl\u0131 T tipi silindirler, s\u0131z\u0131nt\u0131y\u0131 \u00f6nleyecek \u015fekilde tasarlanm\u0131\u015ft\u0131r. \u00dcretim s\u00fcrecinde kullan\u0131lan kaynak i\u015flemi, silindirin tamamen s\u0131zd\u0131rmaz olmas\u0131n\u0131 ve olas\u0131 s\u0131z\u0131nt\u0131lardan ar\u0131nd\u0131r\u0131lmas\u0131n\u0131 sa\u011flar. Bu \u00f6zellik, s\u0131z\u0131nt\u0131n\u0131n ciddi hasara veya yaralanmaya neden olabilece\u011fi uygulamalarda kullan\u0131m i\u00e7in uygundur.<\/li>\n<\/ul>\n<\/li>\n<\/ul>\n<p>Kaynakl\u0131 ba\u011flant\u0131lar p\u00fcr\u00fczs\u00fczd\u00fcr, d\u00f6k\u00fcnt\u00fc veya kirin birikebilece\u011fi herhangi bir yar\u0131k veya oluk yoktur, bu da korozyon ve silindire zarar verme riskini azalt\u0131r.<\/p>\n<ul>\n<li style=\"list-style-type: none;\">\n<ul>\n<li><strong>\u00d6zelle\u015ftirilebilir:<\/strong> Kaynakl\u0131 T tipi silindirler, belirli uygulamalara uyacak \u015fekilde \u00f6zelle\u015ftirilebilir. Silindirler farkl\u0131 boyut ve \u015fekillerde mevcuttur ve uygulaman\u0131n \u00f6zel gereksinimlerini kar\u015f\u0131layacak \u015fekilde \u00fcretilebilir.<\/li>\n<\/ul>\n<\/li>\n<\/ul>\n<p>\u00d6zelle\u015ftirme s\u00fcreci, silindirin performans a\u00e7\u0131s\u0131ndan optimize edilmesini ve ama\u00e7lanan uygulamaya uygun olmas\u0131n\u0131 sa\u011flar. Bu \u00f6zellik, kaynakl\u0131 T tipi silindirleri in\u015faat, madencilik ve malzeme ta\u015f\u0131ma gibi \u00e7e\u015fitli end\u00fcstriyel uygulamalarda kullan\u0131m i\u00e7in ideal hale getirir.<\/p>\n<ul>\n<li style=\"list-style-type: none;\">\n<ul>\n<li><strong>Maliyet Etkin:<\/strong> Kaynakl\u0131 T tipi silindirler, di\u011fer silindir tiplerine k\u0131yasla uygun maliyetlidir. Bu silindirlerin \u00fcretiminde kullan\u0131lan imalat s\u00fcreci basittir ve bu da onlar\u0131 di\u011fer silindir tiplerine g\u00f6re daha uygun maliyetli k\u0131lar.<\/li>\n<\/ul>\n<\/li>\n<\/ul>\n<p>Ayr\u0131ca, kaynakl\u0131 T tipi silindirlerin y\u00fcksek mukavemeti ve dayan\u0131kl\u0131l\u0131\u011f\u0131, s\u0131k onar\u0131m ve de\u011fi\u015ftirme ihtiyac\u0131n\u0131 azaltarak bak\u0131m maliyetlerinden tasarruf sa\u011flar. Bu \u00f6zellik, onlar\u0131 \u00f6zellikle s\u0131n\u0131rl\u0131 b\u00fct\u00e7eye sahip bir\u00e7ok sekt\u00f6r i\u00e7in pop\u00fcler bir tercih haline getirir.<\/p>\n<ul>\n<li style=\"list-style-type: none;\">\n<ul>\n<li><strong>Artan Verimlilik:<\/strong> Kaynakl\u0131 T tipi silindirler son derece verimli ve etkilidir. Silindirin tasar\u0131m\u0131, uygulanan kuvvetin do\u011frudan y\u00fcke aktar\u0131lmas\u0131n\u0131 sa\u011flayarak enerji kayb\u0131n\u0131 azalt\u0131r ve verimlili\u011fi art\u0131r\u0131r.<\/li>\n<\/ul>\n<\/li>\n<\/ul>\n<p>Kaynakl\u0131 ba\u011flant\u0131lar g\u00fc\u00e7l\u00fc ve sa\u011flamd\u0131r, sapmay\u0131 en aza indirir ve silindirin en zorlu ko\u015fullarda bile \u015feklini ve yap\u0131sal b\u00fct\u00fcnl\u00fc\u011f\u00fcn\u00fc korumas\u0131n\u0131 sa\u011flar. Bu \u00f6zellik, kaynakl\u0131 T tipi silindirleri y\u00fcksek verimlilik ve g\u00fcvenilirlik gerektiren uygulamalarda kullan\u0131m i\u00e7in ideal hale getirir.<\/p>\n<p><img loading=\"lazy\" decoding=\"async\" class=\"size-full wp-image-974 aligncenter\" src=\"https:\/\/fmp-components.com\/wp-content\/uploads\/2024\/12\/application-of-Welded-Tee-Type-Cylinder.webp\" alt=\"Kaynakl\u0131 T Tipi Silindirin Uygulamas\u0131\" width=\"760\" height=\"860\" title=\"\" srcset=\"https:\/\/fmp-components.com\/wp-content\/uploads\/2024\/12\/application-of-Welded-Tee-Type-Cylinder.webp 760w, https:\/\/fmp-components.com\/wp-content\/uploads\/2024\/12\/application-of-Welded-Tee-Type-Cylinder-480x543.webp 480w\" sizes=\"(min-width: 0px) and (max-width: 480px) 480px, (min-width: 481px) 760px, 100vw\" \/><\/p>\n<h2>Kaynakl\u0131 T Tipi Silindir Uygulamas\u0131<\/h2>\n<ul>\n<li>\n<h3>End\u00fcstriyel Makine ve Ekipmanlar<\/h3>\n<p>Kaynakl\u0131 T Tipi Silindir, end\u00fcstriyel makine ve ekipmanlarda, \u00f6zellikle de hidrolik sistemlerde yayg\u0131n olarak kullan\u0131l\u0131r. Silindir, tek bir \u00fcnite olu\u015fturmak \u00fczere kaynaklanm\u0131\u015f bir piston ve bir silindir borusundan olu\u015fur. Bu tasar\u0131m, di\u011fer silindir tiplerine g\u00f6re geli\u015fmi\u015f dayan\u0131kl\u0131l\u0131k, daha y\u00fcksek mukavemet ve daha y\u00fcksek hassasiyet gibi \u00e7e\u015fitli avantajlar sunar.<\/p>\n<p>Kaynakl\u0131 T Tipi Silindirlerin end\u00fcstriyel makinelerdeki en \u00f6nemli uygulamalar\u0131ndan biri, tutarl\u0131 ve do\u011fru kuvvet sa\u011flama kabiliyetidir. Bu, nihai \u00fcr\u00fcn\u00fcn kalitesini sa\u011flamak i\u00e7in hassas kontrol\u00fcn gerekli oldu\u011fu bir\u00e7ok \u00fcretim s\u00fcreci i\u00e7in olmazsa olmazd\u0131r. Kaynakl\u0131 T Tipi Silindirler ayr\u0131ca hidrolik sistemlerdeki ak\u0131\u015fkan ak\u0131\u015f\u0131n\u0131 d\u00fczenlemek i\u00e7in de kullan\u0131labilir ve bu da \u00e7e\u015fitli end\u00fcstriyel uygulamalarda daha fazla verimlilik ve g\u00fcvenilirlik sa\u011flar.<\/li>\n<li>\n<h3>Tar\u0131m Ekipmanlar\u0131<\/h3>\n<p>Kaynakl\u0131 T Tipi Silindirler, trakt\u00f6r ve bi\u00e7erd\u00f6ver gibi tar\u0131m ekipmanlar\u0131nda da yayg\u0131n olarak kullan\u0131l\u0131r. Bu makinelerin etkili bir \u015fekilde \u00e7al\u0131\u015fmas\u0131 i\u00e7in g\u00fc\u00e7l\u00fc ve g\u00fcvenilir hidrolik sistemlere ihtiya\u00e7 vard\u0131r ve Kaynakl\u0131 T Tipi Silindirler bu ama\u00e7 i\u00e7in ideal bir se\u00e7imdir.<\/p>\n<p>Silindirin sa\u011flam yap\u0131s\u0131 ve y\u00fcksek mukavemeti, zorlu \u00e7al\u0131\u015fma ko\u015fullar\u0131nda bile a\u015f\u0131nma ve y\u0131pranmaya kar\u015f\u0131 olduk\u00e7a diren\u00e7li olmas\u0131n\u0131 sa\u011flar. Bu sayede, dayan\u0131kl\u0131l\u0131\u011f\u0131n \u00f6nemli bir fakt\u00f6r oldu\u011fu tar\u0131m ekipmanlar\u0131nda kullan\u0131m i\u00e7in ideal bir se\u00e7imdir. Kaynakl\u0131 T Tipi Silindir, ekim, hasat ve sulama gibi bir\u00e7ok tar\u0131msal i\u015flem i\u00e7in gereken hassas kontrol\u00fc sa\u011flamak i\u00e7in de kullan\u0131labilir.<\/li>\n<li>\n<h3>\u0130n\u015faat Ekipmanlar\u0131<\/h3>\n<p>Kaynakl\u0131 T Tipi Silindirler, ekskavat\u00f6rler, kep\u00e7eler ve buldozerler gibi in\u015faat ekipmanlar\u0131nda da yayg\u0131n olarak kullan\u0131l\u0131r. Bu makineler, kazma, kald\u0131rma ve a\u011f\u0131r y\u00fckleri itme gibi a\u011f\u0131r i\u015flerde kullan\u0131lmak \u00fczere g\u00fc\u00e7l\u00fc ve g\u00fcvenilir hidrolik sistemler gerektirir.<\/p>\n<p>Kaynakl\u0131 T Tipi Silindir, y\u00fcksek mukavemeti ve dayan\u0131kl\u0131l\u0131\u011f\u0131 sayesinde in\u015faat ekipmanlar\u0131nda kullan\u0131m i\u00e7in ideal bir se\u00e7imdir. Hassas kontrol ve tutarl\u0131 kuvvet sa\u011flama kabiliyeti, kaz\u0131, tesviye ve asfaltlama gibi bir\u00e7ok in\u015faat s\u00fcreci i\u00e7in olmazsa olmazd\u0131r. Kaynakl\u0131 T Tipi Silindir ayr\u0131ca hidrolik sistemlerdeki ak\u0131\u015fkan ak\u0131\u015f\u0131n\u0131 d\u00fczenlemek ve \u00e7e\u015fitli uygulamalarda in\u015faat ekipmanlar\u0131n\u0131n verimlili\u011fini ve g\u00fcvenilirli\u011fini art\u0131rmak i\u00e7in de kullan\u0131labilir.<\/li>\n<\/ul>\n<h3>FMP Hakk\u0131nda<\/h3>\n<p>FMP, 30 y\u0131l\u0131 a\u015fk\u0131n s\u00fcredir hidrolik silindirlerin \u00f6nde gelen \u00fcreticisi ve tedarik\u00e7isidir. Sanayi tesisimiz \u0130talya'da bulunmaktad\u0131r ve otomatik gaz korumal\u0131 kaynak makinesi, derin delme makinesi, CNC torna tezgah\u0131, silindirik ta\u015flama makinesi, otomatik temizleme makinesi, otomatik montaj makinesi, otomatik hidrolik silindir performans test tezgah\u0131, otomatik boyama hatt\u0131 vb. dahil olmak \u00fczere 100'den fazla ekipmandan olu\u015fan geni\u015f bir yelpazeye sahibiz.<\/p>\n<p>Hidrolik silindirlerimiz en y\u00fcksek kalite standartlar\u0131nda \u00fcretilmekte olup, her bir silindir m\u00fc\u015fterilerimizin yaln\u0131zca en kaliteli \u00fcr\u00fcnleri almas\u0131n\u0131 sa\u011flamak i\u00e7in s\u0131k\u0131 bir i\u015flem ve denetimden ge\u00e7mektedir. Hidrolik silindir, halkal\u0131 silindir, \u00e7ift y\u00f6nl\u00fc otomatik teleskopik hidrolik silindir ve daha fazlas\u0131n\u0131 i\u00e7eren geni\u015f bir yelpazede hidrolik silindir sunuyoruz.<\/p>\n<h4>\u00dcr\u00fcnlerimizin ve \u015eirketimizin Avantajlar\u0131<\/h4>\n<ol>\n<li><strong>Tasar\u0131m Hizmeti:<\/strong> Tasar\u0131m ekibimiz, evrensel \u015faft \u00fcr\u00fcnlerinin tasar\u0131m\u0131 ve geli\u015ftirilmesi konusunda zengin deneyime sahiptir. M\u00fc\u015fterilerimize yeni \u00fcr\u00fcn ihtiya\u00e7lar\u0131 veya \u00fcr\u00fcn iyile\u015ftirmeleri konusunda destek veriyoruz.<\/li>\n<li><strong>\u00dcr\u00fcn Servisi:<\/strong> \u00dcretim s\u00fcrecimiz ham madde temini, kesim, kaba i\u015fleme, test, temizlik, montaj, paketleme ve nakliyeyi kapsamaktad\u0131r. \u00dcr\u00fcnlerimizin en y\u00fcksek kalite standartlar\u0131nda \u00fcretilmesini ve teslim edilmesini sa\u011fl\u0131yoruz.<\/li>\n<li><strong>\u00d6rnek \u0130\u015flem:<\/strong> M\u00fc\u015fterilerimizin \u00f6zel ihtiya\u00e7lar\u0131n\u0131 kar\u015f\u0131lamak i\u00e7in \u00f6rnek geli\u015ftirme ve de\u011fi\u015fiklik hizmetleri sunuyoruz.<\/li>\n<li><strong>Ar-Ge:<\/strong> Pazar\u0131n yeni ihtiya\u00e7lar\u0131n\u0131 s\u00fcrekli olarak inceliyor ve buna g\u00f6re yeni modeller geli\u015ftiriyoruz.<\/li>\n<li><strong>\u00d6zelle\u015ftirme:<\/strong> \u00c7e\u015fitli tipte hidrolik silindirlerin \u00fcretimi ve sat\u0131\u015f\u0131nda uzmanla\u015fm\u0131\u015f olup, m\u00fc\u015fteri taleplerine g\u00f6re \u00f6zelle\u015ftirme de yapmaktay\u0131z.<\/li>\n<\/ol>\n<p>M\u00fckemmelli\u011fe ve kaliteye olan ba\u011fl\u0131l\u0131\u011f\u0131m\u0131zla gurur duyuyor ve m\u00fc\u015fterilerimize en iyi \u00fcr\u00fcn ve hizmetleri sunmak i\u00e7in \u00e7aba g\u00f6steriyoruz. Hidrolik silindirlerimiz ve hidrolik sekt\u00f6r\u00fcnde g\u00fcvenilir orta\u011f\u0131n\u0131z olmam\u0131z hakk\u0131nda daha fazla bilgi edinmek i\u00e7in bug\u00fcn bizimle ileti\u015fime ge\u00e7in.<\/p>\n<p><img decoding=\"async\" class=\"aligncenter\" src=\"https:\/\/fmp-components.com\/wp-content\/uploads\/2024\/12\/fmp-factory-4.webp\" alt=\"FMP fabrikas\u0131\" width=\"800\" title=\"\"><br \/>\nYazar:CX<\/p>","protected":false},"excerpt":{"rendered":"<p>The 10037 Hot Sale Customized Hydraulic Cylinder is specifically designed for use in seeders, providing reliable performance and efficiency in agricultural operations. This hydraulic cylinder is tailored to meet the unique requirements of seeding equipment, ensuring optimal functionality. Key Features: Customized Design: This hydraulic cylinder can be tailored to fit specific applications, including bore size, [&hellip;]<\/p>","protected":false},"featured_media":1132,"comment_status":"closed","ping_status":"closed","template":"","meta":{"_et_pb_use_builder":"","_et_pb_old_content":"","_et_gb_content_width":""},"product_brand":[],"product_cat":[31],"product_tag":[34,35],"class_list":{"0":"post-957","1":"product","2":"type-product","3":"status-publish","4":"has-post-thumbnail","6":"product_cat-welded-tee-type-cylinder","7":"product_tag-hydraulic-cylinder","8":"product_tag-welded-tee-type-cylinder","10":"first","11":"instock","12":"product-type-simple"},"_links":{"self":[{"href":"https:\/\/fmp-components.com\/tr\/wp-json\/wp\/v2\/product\/957","targetHints":{"allow":["GET"]}}],"collection":[{"href":"https:\/\/fmp-components.com\/tr\/wp-json\/wp\/v2\/product"}],"about":[{"href":"https:\/\/fmp-components.com\/tr\/wp-json\/wp\/v2\/types\/product"}],"replies":[{"embeddable":true,"href":"https:\/\/fmp-components.com\/tr\/wp-json\/wp\/v2\/comments?post=957"}],"wp:featuredmedia":[{"embeddable":true,"href":"https:\/\/fmp-components.com\/tr\/wp-json\/wp\/v2\/media\/1132"}],"wp:attachment":[{"href":"https:\/\/fmp-components.com\/tr\/wp-json\/wp\/v2\/media?parent=957"}],"wp:term":[{"taxonomy":"product_brand","embeddable":true,"href":"https:\/\/fmp-components.com\/tr\/wp-json\/wp\/v2\/product_brand?post=957"},{"taxonomy":"product_cat","embeddable":true,"href":"https:\/\/fmp-components.com\/tr\/wp-json\/wp\/v2\/product_cat?post=957"},{"taxonomy":"product_tag","embeddable":true,"href":"https:\/\/fmp-components.com\/tr\/wp-json\/wp\/v2\/product_tag?post=957"}],"curies":[{"name":"wp","href":"https:\/\/api.w.org\/{rel}","templated":true}]}}