{"id":956,"date":"2024-12-19T03:39:43","date_gmt":"2024-12-19T03:39:43","guid":{"rendered":"https:\/\/fmp-components.com\/product\/quality-assurance-custom-piston-hydraulic-cylinder-for-agricultural-machinery\/"},"modified":"2024-12-19T08:48:34","modified_gmt":"2024-12-19T08:48:34","slug":"quality-assurance-custom-piston-hydraulic-cylinder-for-agricultural-machinery","status":"publish","type":"product","link":"https:\/\/fmp-components.com\/tr\/product\/quality-assurance-custom-piston-hydraulic-cylinder-for-agricultural-machinery\/","title":{"rendered":"Tar\u0131m Makinalar\u0131 \u0130\u00e7in Kalite G\u00fcvencesi \u00d6zel Pistonlu Hidrolik Silindir"},"content":{"rendered":"<p>Kalite G\u00fcvence \u00d6zel Pistonlu Hidrolik Silindir, tar\u0131m makineleri i\u00e7in \u00f6zel olarak tasarlanm\u0131\u015f olup, g\u00fc\u00e7l\u00fc performans ve g\u00fcvenilirlik sunar. \u00c7e\u015fitli tar\u0131m uygulamalar\u0131n\u0131n benzersiz ihtiya\u00e7lar\u0131n\u0131 kar\u015f\u0131lamak \u00fczere tasarlanan bu hidrolik silindir, verimli \u00e7al\u0131\u015fma ve dayan\u0131kl\u0131l\u0131k sa\u011flar.<\/p>\n<h4>Temel \u00d6zellikler:<\/h4>\n<ul>\n<li><strong>\u00d6zelle\u015ftirilebilir Tasar\u0131m:<\/strong><br \/>\nBu hidrolik silindir, delik \u00e7ap\u0131, strok uzunlu\u011fu ve y\u00fck kapasitesi gibi \u00f6zel gereksinimleri kar\u015f\u0131layacak \u015fekilde \u00f6zelle\u015ftirilebilir. Bu \u00f6zelle\u015ftirme, farkl\u0131 tar\u0131msal g\u00f6revler i\u00e7in optimum performans sa\u011flar.<\/li>\n<li><strong>Sa\u011flam Piston Yap\u0131s\u0131:<\/strong><br \/>\nY\u00fcksek kaliteli piston tasar\u0131m\u0131na sahip bu hidrolik silindir, m\u00fckemmel mukavemet ve verimlilik sunar. Sa\u011flam yap\u0131s\u0131, a\u015f\u0131nmay\u0131 en aza indirir ve silindirin \u00f6mr\u00fcn\u00fc uzatarak zorlu tar\u0131m ortamlar\u0131 i\u00e7in idealdir.<\/li>\n<li><strong>Kalite G\u00fcvencesi:<\/strong><br \/>\nHer hidrolik silindir, sekt\u00f6r standartlar\u0131n\u0131 kar\u015f\u0131lad\u0131\u011f\u0131ndan emin olmak i\u00e7in titiz kalite kontrol s\u00fcre\u00e7lerinden ge\u00e7er. Kaliteye olan bu ba\u011fl\u0131l\u0131k, \u00e7al\u0131\u015fma s\u0131ras\u0131nda g\u00fcvenilir performans ve g\u00fcvenli\u011fi garanti eder.<\/li>\n<li><strong>\u00c7ok Y\u00f6nl\u00fc Uygulamalar:<\/strong><br \/>\nTrakt\u00f6rler, bi\u00e7erd\u00f6verler ve y\u00fckleyiciler dahil olmak \u00fczere \u00e7ok \u00e7e\u015fitli tar\u0131m makineleri i\u00e7in uygun olan bu hidrolik silindir, \u00e7e\u015fitli ekipmanlar\u0131n i\u015flevselli\u011fini art\u0131rarak her t\u00fcrl\u00fc \u00e7ift\u00e7ilik operasyonu i\u00e7in de\u011ferli bir katk\u0131 sa\u011flar.<\/li>\n<li><strong>Kolay Kurulum:<\/strong><br \/>\nKolay kurulum i\u00e7in tasarlanan \u00f6zel pistonlu hidrolik silindir, mevcut sistemlere h\u0131zla entegre edilebilir, b\u00f6ylece ar\u0131za s\u00fcresi en aza indirilir ve verimlilik art\u0131r\u0131l\u0131r.<\/li>\n<\/ul>\n<p><img decoding=\"async\" class=\"aligncenter\" src=\"https:\/\/hzpt.com\/wp-content\/uploads\/2023\/12\/random-3.webp\" alt=\"\" title=\"\"><\/p>\n<h4>Teknik \u00d6zellikler:<\/h4>\n<table style=\"width: 94.7071%; height: 200px;\">\n<thead>\n<tr>\n<th>\u015eartname<\/th>\n<th>Tan\u0131m<\/th>\n<\/tr>\n<\/thead>\n<tbody>\n<tr>\n<td><strong>Y\u00fck Kapasitesi<\/strong><\/td>\n<td>\u00d6zelle\u015ftirilebilir<\/td>\n<\/tr>\n<tr>\n<td><strong>Delik Boyutu<\/strong><\/td>\n<td>\u00c7e\u015fitli se\u00e7enekler mevcuttur<\/td>\n<\/tr>\n<tr>\n<td><strong>Vuru\u015f Uzunlu\u011fu<\/strong><\/td>\n<td>\u00d6zelle\u015ftirilebilir<\/td>\n<\/tr>\n<tr>\n<td><strong>Maksimum Bas\u0131n\u00e7<\/strong><\/td>\n<td>3000 PSI'ye kadar<\/td>\n<\/tr>\n<tr>\n<td><strong>Malzeme<\/strong><\/td>\n<td>Y\u00fcksek kaliteli \u00e7elik<\/td>\n<\/tr>\n<tr>\n<td><strong>Ba\u011flant\u0131 T\u00fcr\u00fc<\/strong><\/td>\n<td>Flan\u015fl\u0131 veya di\u015fli<\/td>\n<\/tr>\n<\/tbody>\n<\/table>\n<h4>\u00c7al\u0131\u015fma Prensibi:<\/h4>\n<p>\u00d6zel Pistonlu Hidrolik Silindir, hidrolik s\u0131v\u0131 bas\u0131nc\u0131 prensibiyle \u00e7al\u0131\u015f\u0131r. Hidrolik s\u0131v\u0131 silindire pompaland\u0131\u011f\u0131nda, pistona kuvvet uygulayarak kald\u0131rma veya itme g\u00f6revleri i\u00e7in do\u011frusal hareket olu\u015fturur. Bu verimli mekanizma, hassas kontrol sa\u011flayarak tar\u0131m makinelerinin performans\u0131n\u0131 art\u0131r\u0131r.<\/p>\n<p>\u00d6zetle, Tar\u0131m Makineleri i\u00e7in Kalite G\u00fcvence \u00d6zel Pistonlu Hidrolik Silindir, \u00e7ift\u00e7ilerin ve operat\u00f6rlerin \u00f6zel ihtiya\u00e7lar\u0131n\u0131 kar\u015f\u0131lamak \u00fczere tasarlanm\u0131\u015f g\u00fcvenilir ve verimli bir \u00e7\u00f6z\u00fcmd\u00fcr. Dayan\u0131kl\u0131 yap\u0131s\u0131, \u00f6zelle\u015ftirilebilir se\u00e7enekleri ve kaliteye olan ba\u011fl\u0131l\u0131\u011f\u0131, onu tar\u0131m makinelerinin performans\u0131n\u0131 iyile\u015ftirmek i\u00e7in vazge\u00e7ilmez bir bile\u015fen haline getirir.<\/p>\n<h2>Fonksiyonlar ve \u00d6zellikler<\/h2>\n<p>\u00d6zel Pistonlu Hidrolik Silindir, a\u011f\u0131r y\u00fckleri kald\u0131rmaktan hareket ve kontrol sa\u011flamaya kadar verimli ve etkili performans sa\u011flayarak tar\u0131m makinelerinde hayati bir rol oynar. Y\u00fcksek y\u00fck ta\u015f\u0131ma kapasitesi, sa\u011flam yap\u0131s\u0131 ve a\u015f\u0131nma ve y\u0131pranmaya kar\u015f\u0131 ola\u011fan\u00fcst\u00fc direnciyle bu hidrolik silindir, tar\u0131m makinelerinin talepleri i\u00e7in ideal bir uyum sa\u011flar.<\/p>\n<p><img decoding=\"async\" src=\"https:\/\/hzpt.com\/wp-content\/uploads\/2023\/12\/random-1.webp?v=1694163707\" alt=\"\" title=\"\"><\/p>\n<h2>Kaynakl\u0131 T Tipi Silindirin Avantajlar\u0131<\/h2>\n<ul>\n<li style=\"list-style-type: none;\">\n<ul>\n<li><strong>Artt\u0131r\u0131lm\u0131\u015f G\u00fc\u00e7:<\/strong> Kaynakl\u0131 T tipi silindirler, y\u00fcksek mukavemetleriyle bilinir ve a\u011f\u0131r kald\u0131rma gerektiren uygulamalar i\u00e7in uygundur. Bu silindirlerin imalat\u0131nda kullan\u0131lan kaynak i\u015flemi, silindirin zay\u0131f noktalardan ar\u0131nd\u0131r\u0131lm\u0131\u015f olmas\u0131n\u0131 ve y\u00fcksek bas\u0131n\u00e7 ve gerilime dayanabilmesini sa\u011flar.<\/li>\n<\/ul>\n<\/li>\n<\/ul>\n<p>Silindire uygulanan bas\u0131n\u00e7, t\u00fcm y\u00fczeye e\u015fit olarak da\u011f\u0131larak deformasyona kar\u015f\u0131 diren\u00e7li hale gelir. Bu \u00f6zellik, silindirin en zorlu ko\u015fullarda bile \u015feklini ve yap\u0131sal b\u00fct\u00fcnl\u00fc\u011f\u00fcn\u00fc koruyabilmesini sa\u011flar.<\/p>\n<ul>\n<li style=\"list-style-type: none;\">\n<ul>\n<li><strong>S\u0131z\u0131nt\u0131 \u00d6nleme:<\/strong> Kaynakl\u0131 T tipi silindirler, s\u0131z\u0131nt\u0131y\u0131 \u00f6nleyecek \u015fekilde tasarlanm\u0131\u015ft\u0131r. \u00dcretim s\u00fcrecinde kullan\u0131lan kaynak i\u015flemi, silindirin tamamen s\u0131zd\u0131rmaz olmas\u0131n\u0131 ve olas\u0131 s\u0131z\u0131nt\u0131lardan ar\u0131nd\u0131r\u0131lmas\u0131n\u0131 sa\u011flar. Bu \u00f6zellik, s\u0131z\u0131nt\u0131n\u0131n ciddi hasara veya yaralanmaya neden olabilece\u011fi uygulamalarda kullan\u0131m i\u00e7in uygundur.<\/li>\n<\/ul>\n<\/li>\n<\/ul>\n<p>Kaynakl\u0131 ba\u011flant\u0131lar p\u00fcr\u00fczs\u00fczd\u00fcr, d\u00f6k\u00fcnt\u00fc veya kirin birikebilece\u011fi herhangi bir yar\u0131k veya oluk yoktur, bu da korozyon ve silindire zarar verme riskini azalt\u0131r.<\/p>\n<ul>\n<li style=\"list-style-type: none;\">\n<ul>\n<li><strong>\u00d6zelle\u015ftirilebilir:<\/strong> Kaynakl\u0131 T tipi silindirler, belirli uygulamalara uyacak \u015fekilde \u00f6zelle\u015ftirilebilir. Silindirler farkl\u0131 boyut ve \u015fekillerde mevcuttur ve uygulaman\u0131n \u00f6zel gereksinimlerini kar\u015f\u0131layacak \u015fekilde \u00fcretilebilir.<\/li>\n<\/ul>\n<\/li>\n<\/ul>\n<p>\u00d6zelle\u015ftirme s\u00fcreci, silindirin performans a\u00e7\u0131s\u0131ndan optimize edilmesini ve ama\u00e7lanan uygulamaya uygun olmas\u0131n\u0131 sa\u011flar. Bu \u00f6zellik, kaynakl\u0131 T tipi silindirleri in\u015faat, madencilik ve malzeme ta\u015f\u0131ma gibi \u00e7e\u015fitli end\u00fcstriyel uygulamalarda kullan\u0131m i\u00e7in ideal hale getirir.<\/p>\n<ul>\n<li style=\"list-style-type: none;\">\n<ul>\n<li><strong>Maliyet Etkin:<\/strong> Kaynakl\u0131 T tipi silindirler, di\u011fer silindir tiplerine k\u0131yasla uygun maliyetlidir. Bu silindirlerin \u00fcretiminde kullan\u0131lan imalat s\u00fcreci basittir ve bu da onlar\u0131 di\u011fer silindir tiplerine g\u00f6re daha uygun maliyetli k\u0131lar.<\/li>\n<\/ul>\n<\/li>\n<\/ul>\n<p>Ayr\u0131ca, kaynakl\u0131 T tipi silindirlerin y\u00fcksek mukavemeti ve dayan\u0131kl\u0131l\u0131\u011f\u0131, s\u0131k onar\u0131m ve de\u011fi\u015ftirme ihtiyac\u0131n\u0131 azaltarak bak\u0131m maliyetlerinden tasarruf sa\u011flar. Bu \u00f6zellik, onlar\u0131 \u00f6zellikle s\u0131n\u0131rl\u0131 b\u00fct\u00e7eye sahip bir\u00e7ok sekt\u00f6r i\u00e7in pop\u00fcler bir tercih haline getirir.<\/p>\n<ul>\n<li style=\"list-style-type: none;\">\n<ul>\n<li><strong>Artan Verimlilik:<\/strong> Kaynakl\u0131 T tipi silindirler son derece verimli ve etkilidir. Silindirin tasar\u0131m\u0131, uygulanan kuvvetin do\u011frudan y\u00fcke aktar\u0131lmas\u0131n\u0131 sa\u011flayarak enerji kayb\u0131n\u0131 azalt\u0131r ve verimlili\u011fi art\u0131r\u0131r.<\/li>\n<\/ul>\n<\/li>\n<\/ul>\n<p>Kaynakl\u0131 ba\u011flant\u0131lar g\u00fc\u00e7l\u00fc ve sa\u011flamd\u0131r, sapmay\u0131 en aza indirir ve silindirin en zorlu ko\u015fullarda bile \u015feklini ve yap\u0131sal b\u00fct\u00fcnl\u00fc\u011f\u00fcn\u00fc korumas\u0131n\u0131 sa\u011flar. Bu \u00f6zellik, kaynakl\u0131 T tipi silindirleri y\u00fcksek verimlilik ve g\u00fcvenilirlik gerektiren uygulamalarda kullan\u0131m i\u00e7in ideal hale getirir.<\/p>\n<h2>Kaynakl\u0131 T Tipi Silindir Uygulamas\u0131<\/h2>\n<ul>\n<li>\n<h3>End\u00fcstriyel Makine ve Ekipmanlar<\/h3>\n<p>Kaynakl\u0131 T Tipi Silindir, end\u00fcstriyel makine ve ekipmanlarda, \u00f6zellikle de hidrolik sistemlerde yayg\u0131n olarak kullan\u0131l\u0131r. Silindir, tek bir \u00fcnite olu\u015fturmak \u00fczere kaynaklanm\u0131\u015f bir piston ve bir silindir borusundan olu\u015fur. Bu tasar\u0131m, di\u011fer silindir tiplerine g\u00f6re geli\u015fmi\u015f dayan\u0131kl\u0131l\u0131k, daha y\u00fcksek mukavemet ve daha y\u00fcksek hassasiyet gibi \u00e7e\u015fitli avantajlar sunar.<\/p>\n<p>Kaynakl\u0131 T Tipi Silindirlerin end\u00fcstriyel makinelerdeki en \u00f6nemli uygulamalar\u0131ndan biri, tutarl\u0131 ve do\u011fru kuvvet sa\u011flama kabiliyetidir. Bu, nihai \u00fcr\u00fcn\u00fcn kalitesini sa\u011flamak i\u00e7in hassas kontrol\u00fcn gerekli oldu\u011fu bir\u00e7ok \u00fcretim s\u00fcreci i\u00e7in olmazsa olmazd\u0131r. Kaynakl\u0131 T Tipi Silindirler ayr\u0131ca hidrolik sistemlerdeki ak\u0131\u015fkan ak\u0131\u015f\u0131n\u0131 d\u00fczenlemek i\u00e7in de kullan\u0131labilir ve bu da \u00e7e\u015fitli end\u00fcstriyel uygulamalarda daha fazla verimlilik ve g\u00fcvenilirlik sa\u011flar.<\/li>\n<li>\n<h3>Tar\u0131m Ekipmanlar\u0131<\/h3>\n<p>Kaynakl\u0131 T Tipi Silindirler, trakt\u00f6r ve bi\u00e7erd\u00f6ver gibi tar\u0131m ekipmanlar\u0131nda da yayg\u0131n olarak kullan\u0131l\u0131r. Bu makinelerin etkili bir \u015fekilde \u00e7al\u0131\u015fmas\u0131 i\u00e7in g\u00fc\u00e7l\u00fc ve g\u00fcvenilir hidrolik sistemlere ihtiya\u00e7 vard\u0131r ve Kaynakl\u0131 T Tipi Silindirler bu ama\u00e7 i\u00e7in ideal bir se\u00e7imdir.<\/p>\n<p>Silindirin sa\u011flam yap\u0131s\u0131 ve y\u00fcksek mukavemeti, zorlu \u00e7al\u0131\u015fma ko\u015fullar\u0131nda bile a\u015f\u0131nma ve y\u0131pranmaya kar\u015f\u0131 olduk\u00e7a diren\u00e7li olmas\u0131n\u0131 sa\u011flar. Bu sayede, dayan\u0131kl\u0131l\u0131\u011f\u0131n \u00f6nemli bir fakt\u00f6r oldu\u011fu tar\u0131m ekipmanlar\u0131nda kullan\u0131m i\u00e7in ideal bir se\u00e7imdir. Kaynakl\u0131 T Tipi Silindir, ekim, hasat ve sulama gibi bir\u00e7ok tar\u0131msal i\u015flem i\u00e7in gereken hassas kontrol\u00fc sa\u011flamak i\u00e7in de kullan\u0131labilir.<\/li>\n<li>\n<h3>\u0130n\u015faat Ekipmanlar\u0131<\/h3>\n<p>Kaynakl\u0131 T Tipi Silindirler, ekskavat\u00f6rler, kep\u00e7eler ve buldozerler gibi in\u015faat ekipmanlar\u0131nda da yayg\u0131n olarak kullan\u0131l\u0131r. Bu makineler, kazma, kald\u0131rma ve a\u011f\u0131r y\u00fckleri itme gibi a\u011f\u0131r i\u015flerde kullan\u0131lmak \u00fczere g\u00fc\u00e7l\u00fc ve g\u00fcvenilir hidrolik sistemler gerektirir.<\/p>\n<p>Kaynakl\u0131 T Tipi Silindir, y\u00fcksek mukavemeti ve dayan\u0131kl\u0131l\u0131\u011f\u0131 sayesinde in\u015faat ekipmanlar\u0131nda kullan\u0131m i\u00e7in ideal bir se\u00e7imdir. Hassas kontrol ve tutarl\u0131 kuvvet sa\u011flama kabiliyeti, kaz\u0131, tesviye ve asfaltlama gibi bir\u00e7ok in\u015faat s\u00fcreci i\u00e7in olmazsa olmazd\u0131r. Kaynakl\u0131 T Tipi Silindir ayr\u0131ca hidrolik sistemlerdeki ak\u0131\u015fkan ak\u0131\u015f\u0131n\u0131 d\u00fczenlemek ve \u00e7e\u015fitli uygulamalarda in\u015faat ekipmanlar\u0131n\u0131n verimlili\u011fini ve g\u00fcvenilirli\u011fini art\u0131rmak i\u00e7in de kullan\u0131labilir.<\/li>\n<\/ul>\n<h3>FMP Hakk\u0131nda<\/h3>\n<p>FMP, 30 y\u0131l\u0131 a\u015fk\u0131n s\u00fcredir y\u00fcksek kaliteli hidrolik silindirlerin lider \u00fcreticisi ve tedarik\u00e7isidir. End\u00fcstriyel alan\u0131m\u0131z \u0130talya'da bulunmaktad\u0131r ve otomatik gaz korumal\u0131 kaynak makineleri, derin delik delme makineleri, CNC torna tezgahlar\u0131, silindirik ta\u015flama makineleri, otomatik temizleme makineleri, otomatik montaj makineleri, otomatik hidrolik silindir performans test tezgahlar\u0131 ve otomatik boyama hatlar\u0131 dahil olmak \u00fczere 100'den fazla ekipmana sahibiz. Hidrolik silindir k\u00fcpe silindiri ve \u00e7ift y\u00f6nl\u00fc otomatik teleskopik hidrolik silindir de dahil olmak \u00fczere t\u00fcm hidrolik silindirlerimiz, m\u00fc\u015fterilerimize en \u00fcst d\u00fczey kaliteyi garanti etmek i\u00e7in s\u0131k\u0131 bir i\u015fleme ve denetimden ge\u00e7mektedir.<\/p>\n<h4>Tasar\u0131m Hizmeti<\/h4>\n<p>Tasar\u0131m ekibimiz, \u00fcniversal \u015faft \u00fcr\u00fcn tasar\u0131m\u0131 ve geli\u015ftirme konusunda zengin deneyime sahiptir. Yeni \u00fcr\u00fcnlere ihtiyac\u0131n\u0131z varsa veya daha fazla iyile\u015ftirme istiyorsan\u0131z, size destek olmaktan mutluluk duyar\u0131z.<\/p>\n<h4>\u00dcr\u00fcn Hizmeti<\/h4>\n<p>Kapsaml\u0131 \u00fcr\u00fcn hizmetimiz, hammadde kesimi, kaba i\u015fleme, test, temizlik, montaj, paketleme ve nakliyeyi i\u00e7erir. M\u00fc\u015fterilerimizin \u00fcr\u00fcnlerini m\u00fckemmel durumda ve zaman\u0131nda teslim almas\u0131n\u0131 sa\u011fl\u0131yoruz.<\/p>\n<h4>\u00d6rnek \u0130\u015flem<\/h4>\n<p>\u0130htiya\u00e7lar\u0131n\u0131za g\u00f6re numuneler geli\u015ftirebilir ve bunlar\u0131 ihtiya\u00e7lar\u0131n\u0131za g\u00f6re s\u00fcrekli olarak g\u00fcncelleyebiliriz. Bu sayede nihai \u00fcr\u00fcnden memnun kalman\u0131z\u0131 sa\u011flar\u0131z.<\/p>\n<h4>Ar-Ge<\/h4>\n<p>Ar-Ge ekibimiz her zaman en son pazar trendlerini takip ediyor ve m\u00fc\u015fterilerimizin de\u011fi\u015fen ihtiya\u00e7lar\u0131n\u0131 kar\u015f\u0131lamak i\u00e7in yeni modeller geli\u015ftirmek \u00fczere \u00e7al\u0131\u015f\u0131yor.<\/p>\n<h4>\u00d6zelle\u015ftirme<\/h4>\n<p>Hidrolik silindirlerimizin \u00f6zel ihtiya\u00e7lar\u0131n\u0131za g\u00f6re \u00f6zelle\u015ftirilmesini kabul ediyoruz. Bu, ihtiya\u00e7lar\u0131n\u0131za m\u00fckemmel \u015fekilde uyan bir \u00fcr\u00fcne sahip olabilece\u011finiz anlam\u0131na gelir ve ekibimiz size her zaman en iyi \u00e7\u00f6z\u00fcmleri sunmaya haz\u0131rd\u0131r.<\/p>\n<p><img decoding=\"async\" src=\"https:\/\/fmp-components.com\/wp-content\/uploads\/2024\/12\/fmp-factory-4.webp\" alt=\"FMP fabrikas\u0131\" width=\"800\" title=\"\"><br \/>\nYazar:CX<\/p>","protected":false},"excerpt":{"rendered":"<p>Kalite G\u00fcvence \u00d6zel Pistonlu Hidrolik Silindir, tar\u0131m makineleri i\u00e7in \u00f6zel olarak tasarlanm\u0131\u015f olup sa\u011flam performans ve g\u00fcvenilirlik sunar. \u00c7e\u015fitli tar\u0131m uygulamalar\u0131n\u0131n benzersiz ihtiya\u00e7lar\u0131n\u0131 kar\u015f\u0131lamak \u00fczere tasarlanan bu hidrolik silindir, verimli \u00e7al\u0131\u015fma ve dayan\u0131kl\u0131l\u0131k sa\u011flar. Ba\u015fl\u0131ca \u00d6zellikler: \u00d6zelle\u015ftirilebilir Tasar\u0131m: Bu hidrolik silindir, i\u00e7 \u00e7ap, strok uzunlu\u011fu dahil olmak \u00fczere belirli gereksinimleri kar\u015f\u0131layacak \u015fekilde \u00f6zelle\u015ftirilebilir. [\u2026]<\/p>","protected":false},"featured_media":1132,"comment_status":"closed","ping_status":"closed","template":"","meta":{"_et_pb_use_builder":"","_et_pb_old_content":"","_et_gb_content_width":""},"product_brand":[],"product_cat":[31],"product_tag":[34,35],"class_list":{"0":"post-956","1":"product","2":"type-product","3":"status-publish","4":"has-post-thumbnail","6":"product_cat-welded-tee-type-cylinder","7":"product_tag-hydraulic-cylinder","8":"product_tag-welded-tee-type-cylinder","10":"first","11":"instock","12":"product-type-simple"},"_links":{"self":[{"href":"https:\/\/fmp-components.com\/tr\/wp-json\/wp\/v2\/product\/956","targetHints":{"allow":["GET"]}}],"collection":[{"href":"https:\/\/fmp-components.com\/tr\/wp-json\/wp\/v2\/product"}],"about":[{"href":"https:\/\/fmp-components.com\/tr\/wp-json\/wp\/v2\/types\/product"}],"replies":[{"embeddable":true,"href":"https:\/\/fmp-components.com\/tr\/wp-json\/wp\/v2\/comments?post=956"}],"wp:featuredmedia":[{"embeddable":true,"href":"https:\/\/fmp-components.com\/tr\/wp-json\/wp\/v2\/media\/1132"}],"wp:attachment":[{"href":"https:\/\/fmp-components.com\/tr\/wp-json\/wp\/v2\/media?parent=956"}],"wp:term":[{"taxonomy":"product_brand","embeddable":true,"href":"https:\/\/fmp-components.com\/tr\/wp-json\/wp\/v2\/product_brand?post=956"},{"taxonomy":"product_cat","embeddable":true,"href":"https:\/\/fmp-components.com\/tr\/wp-json\/wp\/v2\/product_cat?post=956"},{"taxonomy":"product_tag","embeddable":true,"href":"https:\/\/fmp-components.com\/tr\/wp-json\/wp\/v2\/product_tag?post=956"}],"curies":[{"name":"wp","href":"https:\/\/api.w.org\/{rel}","templated":true}]}}