{"id":955,"date":"2024-12-19T03:39:43","date_gmt":"2024-12-19T03:39:43","guid":{"rendered":"https:\/\/fmp-components.com\/product\/10035-factory-direct-sale-small-double-acting-trailer-hydraulic-cylinder\/"},"modified":"2024-12-19T08:51:02","modified_gmt":"2024-12-19T08:51:02","slug":"10035-factory-direct-sale-small-double-acting-trailer-hydraulic-cylinder","status":"publish","type":"product","link":"https:\/\/fmp-components.com\/tr\/product\/10035-factory-direct-sale-small-double-acting-trailer-hydraulic-cylinder\/","title":{"rendered":"10035 Fabrika Do\u011frudan Sat\u0131\u015f K\u00fc\u00e7\u00fck \u00c7ift Etkili R\u00f6mork Hidrolik Silindiri"},"content":{"rendered":"<p>10035 Fabrika Direkt Sat\u0131\u015f K\u00fc\u00e7\u00fck \u00c7ift Etkili Treyler Hidrolik Silindiri, treyler uygulamalar\u0131nda verimli performans i\u00e7in \u00f6zel olarak tasarlanm\u0131\u015ft\u0131r. Bu kompakt hidrolik silindir, g\u00fcvenilir kald\u0131rma ve indirme yetenekleri sa\u011flayarak \u00e7e\u015fitli treyler tipleri i\u00e7in vazge\u00e7ilmez bir bile\u015fen haline gelir.<\/p>\n<h4>Temel \u00d6zellikler:<\/h4>\n<ul>\n<li><strong>\u00c7ift Etkili Tasar\u0131m:<\/strong><br \/>\n\u00c7ift etkili mekanizma, sorunsuz uzatma ve geri \u00e7ekme imkan\u0131 sa\u011flayarak i\u015flemler s\u0131ras\u0131nda hassas kontrol olana\u011f\u0131 sunar. Bu \u00f6zellik, r\u00f6mork fonksiyonlar\u0131n\u0131n genel verimlili\u011fini art\u0131rarak sorunsuz performans sa\u011flar.<\/li>\n<li><strong>Kompakt Boyut:<\/strong><br \/>\n10035 hidrolik silindirin k\u00fc\u00e7\u00fck tasar\u0131m\u0131, alan\u0131n s\u0131n\u0131rl\u0131 oldu\u011fu uygulamalar i\u00e7in idealdir. Kompakt yap\u0131s\u0131, dayan\u0131kl\u0131l\u0131\u011f\u0131ndan \u00f6d\u00fcn vermez ve bu da onu \u00e7e\u015fitli treyler d\u00fczeneklerinde etkili k\u0131lar.<\/li>\n<li><strong>Dayan\u0131kl\u0131 Yap\u0131:<\/strong><br \/>\nY\u00fcksek kaliteli malzemelerden \u00fcretilen bu hidrolik silindir, treyler operasyonlar\u0131n\u0131n zorlu ko\u015fullar\u0131na dayanacak \u015fekilde tasarlanm\u0131\u015ft\u0131r. Sa\u011flam yap\u0131s\u0131, uzun s\u00fcreli g\u00fcvenilirlik ve performans sa\u011flar.<\/li>\n<li><strong>\u00c7ok Y\u00f6nl\u00fc Uygulamalar:<\/strong><br \/>\nD\u00fcz platformlu r\u00f6morklar, damperli r\u00f6morklar ve \u00e7ok ama\u00e7l\u0131 r\u00f6morklar da dahil olmak \u00fczere \u00e7e\u015fitli r\u00f6mork uygulamalar\u0131 i\u00e7in uygun olan 10035 hidrolik silindir, farkl\u0131 operasyonel ihtiya\u00e7lar\u0131 kar\u015f\u0131layacak kadar \u00e7ok y\u00f6nl\u00fcd\u00fcr.<\/li>\n<li><strong>Fabrikadan Do\u011frudan Sat\u0131\u015f:<\/strong><br \/>\nFabrikadan do\u011frudan sat\u0131n alma, rekabet\u00e7i fiyatland\u0131rma ve m\u00fckemmel kalite kontrol\u00fc sa\u011flar. Bu uygun maliyetli \u00e7\u00f6z\u00fcm, treyler sistemlerini geli\u015ftirmek isteyen m\u00fc\u015fteriler i\u00e7in b\u00fcy\u00fck de\u011fer sunar.<\/li>\n<\/ul>\n<p><img decoding=\"async\" src=\"https:\/\/hzpt.com\/wp-content\/uploads\/2023\/12\/random-2.webp\" alt=\"\" title=\"\"><\/p>\n<h4>Teknik \u00d6zellikler:<\/h4>\n<table style=\"width: 92.0135%; height: 220px;\">\n<thead>\n<tr>\n<th>\u015eartname<\/th>\n<th>Tan\u0131m<\/th>\n<\/tr>\n<\/thead>\n<tbody>\n<tr>\n<td><strong>Y\u00fck Kapasitesi<\/strong><\/td>\n<td>\u00d6zelle\u015ftirilebilir<\/td>\n<\/tr>\n<tr>\n<td><strong>Delik Boyutu<\/strong><\/td>\n<td>\u00c7e\u015fitli se\u00e7enekler mevcuttur<\/td>\n<\/tr>\n<tr>\n<td><strong>Vuru\u015f Uzunlu\u011fu<\/strong><\/td>\n<td>\u00d6zelle\u015ftirilebilir<\/td>\n<\/tr>\n<tr>\n<td><strong>Maksimum Bas\u0131n\u00e7<\/strong><\/td>\n<td>3000 PSI'ye kadar<\/td>\n<\/tr>\n<tr>\n<td><strong>Malzeme<\/strong><\/td>\n<td>Y\u00fcksek kaliteli \u00e7elik<\/td>\n<\/tr>\n<tr>\n<td><strong>Ba\u011flant\u0131 T\u00fcr\u00fc<\/strong><\/td>\n<td>Flan\u015fl\u0131 veya di\u015fli<\/td>\n<\/tr>\n<\/tbody>\n<\/table>\n<h4>\u00c7al\u0131\u015fma Prensibi:<\/h4>\n<p>10035 K\u00fc\u00e7\u00fck \u00c7ift Etkili Treyler Hidrolik Silindiri, hidrolik s\u0131v\u0131 bas\u0131nc\u0131 prensibiyle \u00e7al\u0131\u015f\u0131r. Hidrolik s\u0131v\u0131 silindire pompaland\u0131\u011f\u0131nda, piston \u00fczerinde kuvvet uygulayarak her iki y\u00f6nde de do\u011frusal hareket olu\u015fturur. Bu etkili g\u00fc\u00e7 aktar\u0131m\u0131, treyler i\u015flemlerinin hassas bir \u015fekilde kontrol edilmesini sa\u011flayarak genel verimlili\u011fi art\u0131r\u0131r.<\/p>\n<p>\u00d6zetle, 10035 Fabrika Direkt Sat\u0131\u015f K\u00fc\u00e7\u00fck \u00c7ift Etkili Treyler Hidrolik Silindiri, treyler uygulamalar\u0131 i\u00e7in g\u00fcvenilir ve verimli bir \u00e7\u00f6z\u00fcmd\u00fcr. Dayan\u0131kl\u0131 yap\u0131s\u0131, kompakt tasar\u0131m\u0131 ve \u00e7ok y\u00f6nl\u00fc i\u015flevselli\u011fi, treyler sistemlerinin performans\u0131n\u0131 iyile\u015ftirmek isteyen herkes i\u00e7in vazge\u00e7ilmez bir ara\u00e7 haline getiriyor.<\/p>\n<p>&nbsp;<\/p>\n<p><img decoding=\"async\" src=\"https:\/\/hzpt.com\/wp-content\/uploads\/2023\/12\/random-5.webp\" alt=\"\" title=\"\"><\/p>\n<h2>FMP Hidrolik Silindir Hakk\u0131nda S\u0131k\u00e7a Sorulan Sorular<\/h2>\n<dl>\n<dt>S1: Hidrolik silindirin rol\u00fc nedir?<\/dt>\n<dd>A1: Hidrolik silindir, ihtiya\u00e7 duyulan uygulamalarda kuvvet ve hareket sa\u011flar.<\/dd>\n<dt>S2: Do\u011fru hidrolik ya\u011f\u0131 ve ke\u00e7eleri nas\u0131l se\u00e7erim?<\/dt>\n<dd>A2: Hidrolik ya\u011f ve ke\u00e7elerin se\u00e7imi, hidrolik silindirin \u00f6zel uygulamas\u0131na ve \u00e7al\u0131\u015fma ko\u015fullar\u0131na ba\u011fl\u0131d\u0131r.<\/dd>\n<dt>S3: Hidrolik silindirimdeki par\u00e7alar\u0131 ne s\u0131kl\u0131kla de\u011fi\u015ftirmeliyim?<\/dt>\n<dd>A3: De\u011fi\u015ftirme s\u0131kl\u0131\u011f\u0131, hidrolik silindirin kullan\u0131m\u0131na ve bak\u0131m\u0131na ba\u011fl\u0131d\u0131r.<\/dd>\n<dt>S4: FMP'nin hidrolik silindirlerinin kapasitesi nedir?<\/dt>\n<dd>A4: FMP'nin 200.000 adet hidrolik silindir seti \u00fcretme kapasitesi vard\u0131r.<\/dd>\n<dt>S5: Hidrolik silindirimi \u00f6zelle\u015ftirebilir miyim?<\/dt>\n<dd>A5: Evet, FMP, \u00f6zel gereksinimlerinize g\u00f6re \u00f6zelle\u015ftirmeyi memnuniyetle kar\u015f\u0131l\u0131yor.<\/dd>\n<\/dl>\n<h2>Kaynakl\u0131 T Tipi Silindirin Avantajlar\u0131<\/h2>\n<ul>\n<li style=\"list-style-type: none;\">\n<ul>\n<li><strong>Artt\u0131r\u0131lm\u0131\u015f G\u00fc\u00e7:<\/strong> Kaynakl\u0131 T tipi silindirler, y\u00fcksek mukavemetleriyle bilinir ve a\u011f\u0131r kald\u0131rma gerektiren uygulamalar i\u00e7in uygundur. Bu silindirlerin imalat\u0131nda kullan\u0131lan kaynak i\u015flemi, silindirin zay\u0131f noktalardan ar\u0131nd\u0131r\u0131lm\u0131\u015f olmas\u0131n\u0131 ve y\u00fcksek bas\u0131n\u00e7 ve gerilime dayanabilmesini sa\u011flar.<\/li>\n<\/ul>\n<\/li>\n<\/ul>\n<p>Silindire uygulanan bas\u0131n\u00e7, t\u00fcm y\u00fczeye e\u015fit olarak da\u011f\u0131larak deformasyona kar\u015f\u0131 diren\u00e7li hale gelir. Bu \u00f6zellik, silindirin en zorlu ko\u015fullarda bile \u015feklini ve yap\u0131sal b\u00fct\u00fcnl\u00fc\u011f\u00fcn\u00fc koruyabilmesini sa\u011flar.<\/p>\n<ul>\n<li style=\"list-style-type: none;\">\n<ul>\n<li><strong>S\u0131z\u0131nt\u0131 \u00d6nleme:<\/strong> Kaynakl\u0131 T tipi silindirler, s\u0131z\u0131nt\u0131y\u0131 \u00f6nleyecek \u015fekilde tasarlanm\u0131\u015ft\u0131r. \u00dcretim s\u00fcrecinde kullan\u0131lan kaynak i\u015flemi, silindirin tamamen s\u0131zd\u0131rmaz olmas\u0131n\u0131 ve olas\u0131 s\u0131z\u0131nt\u0131lardan ar\u0131nd\u0131r\u0131lmas\u0131n\u0131 sa\u011flar. Bu \u00f6zellik, s\u0131z\u0131nt\u0131n\u0131n ciddi hasara veya yaralanmaya neden olabilece\u011fi uygulamalarda kullan\u0131m i\u00e7in uygundur.<\/li>\n<\/ul>\n<\/li>\n<\/ul>\n<p>Kaynakl\u0131 ba\u011flant\u0131lar p\u00fcr\u00fczs\u00fczd\u00fcr, d\u00f6k\u00fcnt\u00fc veya kirin birikebilece\u011fi herhangi bir yar\u0131k veya oluk yoktur, bu da korozyon ve silindire zarar verme riskini azalt\u0131r.<\/p>\n<ul>\n<li style=\"list-style-type: none;\">\n<ul>\n<li><strong>\u00d6zelle\u015ftirilebilir:<\/strong> Kaynakl\u0131 T tipi silindirler, belirli uygulamalara uyacak \u015fekilde \u00f6zelle\u015ftirilebilir. Silindirler farkl\u0131 boyut ve \u015fekillerde mevcuttur ve uygulaman\u0131n \u00f6zel gereksinimlerini kar\u015f\u0131layacak \u015fekilde \u00fcretilebilir.<\/li>\n<\/ul>\n<\/li>\n<\/ul>\n<p>\u00d6zelle\u015ftirme s\u00fcreci, silindirin performans a\u00e7\u0131s\u0131ndan optimize edilmesini ve ama\u00e7lanan uygulamaya uygun olmas\u0131n\u0131 sa\u011flar. Bu \u00f6zellik, kaynakl\u0131 T tipi silindirleri in\u015faat, madencilik ve malzeme ta\u015f\u0131ma gibi \u00e7e\u015fitli end\u00fcstriyel uygulamalarda kullan\u0131m i\u00e7in ideal hale getirir.<\/p>\n<ul>\n<li style=\"list-style-type: none;\">\n<ul>\n<li><strong>Maliyet Etkin:<\/strong> Kaynakl\u0131 T tipi silindirler, di\u011fer silindir tiplerine k\u0131yasla uygun maliyetlidir. Bu silindirlerin \u00fcretiminde kullan\u0131lan imalat s\u00fcreci basittir ve bu da onlar\u0131 di\u011fer silindir tiplerine g\u00f6re daha uygun maliyetli k\u0131lar.<\/li>\n<\/ul>\n<\/li>\n<\/ul>\n<p>Ayr\u0131ca, kaynakl\u0131 T tipi silindirlerin y\u00fcksek mukavemeti ve dayan\u0131kl\u0131l\u0131\u011f\u0131, s\u0131k onar\u0131m ve de\u011fi\u015ftirme ihtiyac\u0131n\u0131 azaltarak bak\u0131m maliyetlerinden tasarruf sa\u011flar. Bu \u00f6zellik, onlar\u0131 \u00f6zellikle s\u0131n\u0131rl\u0131 b\u00fct\u00e7eye sahip bir\u00e7ok sekt\u00f6r i\u00e7in pop\u00fcler bir tercih haline getirir.<\/p>\n<ul>\n<li style=\"list-style-type: none;\">\n<ul>\n<li><strong>Artan Verimlilik:<\/strong> Kaynakl\u0131 T tipi silindirler son derece verimli ve etkilidir. Silindirin tasar\u0131m\u0131, uygulanan kuvvetin do\u011frudan y\u00fcke aktar\u0131lmas\u0131n\u0131 sa\u011flayarak enerji kayb\u0131n\u0131 azalt\u0131r ve verimlili\u011fi art\u0131r\u0131r.<\/li>\n<\/ul>\n<\/li>\n<\/ul>\n<p>Kaynakl\u0131 ba\u011flant\u0131lar g\u00fc\u00e7l\u00fc ve sa\u011flamd\u0131r, sapmay\u0131 en aza indirir ve silindirin en zorlu ko\u015fullarda bile \u015feklini ve yap\u0131sal b\u00fct\u00fcnl\u00fc\u011f\u00fcn\u00fc korumas\u0131n\u0131 sa\u011flar. Bu \u00f6zellik, kaynakl\u0131 T tipi silindirleri y\u00fcksek verimlilik ve g\u00fcvenilirlik gerektiren uygulamalarda kullan\u0131m i\u00e7in ideal hale getirir.<\/p>\n<p><img loading=\"lazy\" decoding=\"async\" class=\"size-full wp-image-974 aligncenter\" src=\"https:\/\/fmp-components.com\/wp-content\/uploads\/2024\/12\/application-of-Welded-Tee-Type-Cylinder.webp\" alt=\"Kaynakl\u0131 T Tipi Silindirin Uygulamas\u0131\" width=\"760\" height=\"860\" title=\"\" srcset=\"https:\/\/fmp-components.com\/wp-content\/uploads\/2024\/12\/application-of-Welded-Tee-Type-Cylinder.webp 760w, https:\/\/fmp-components.com\/wp-content\/uploads\/2024\/12\/application-of-Welded-Tee-Type-Cylinder-480x543.webp 480w\" sizes=\"(min-width: 0px) and (max-width: 480px) 480px, (min-width: 481px) 760px, 100vw\" \/><\/p>\n<h2>Kaynakl\u0131 T Tipi Silindir Uygulamas\u0131<\/h2>\n<ul>\n<li>\n<h3>End\u00fcstriyel Makine ve Ekipmanlar<\/h3>\n<p>Kaynakl\u0131 T Tipi Silindir, end\u00fcstriyel makine ve ekipmanlarda, \u00f6zellikle de hidrolik sistemlerde yayg\u0131n olarak kullan\u0131l\u0131r. Silindir, tek bir \u00fcnite olu\u015fturmak \u00fczere kaynaklanm\u0131\u015f bir piston ve bir silindir borusundan olu\u015fur. Bu tasar\u0131m, di\u011fer silindir tiplerine g\u00f6re geli\u015fmi\u015f dayan\u0131kl\u0131l\u0131k, daha y\u00fcksek mukavemet ve daha y\u00fcksek hassasiyet gibi \u00e7e\u015fitli avantajlar sunar.<\/p>\n<p>Kaynakl\u0131 T Tipi Silindirlerin end\u00fcstriyel makinelerdeki en \u00f6nemli uygulamalar\u0131ndan biri, tutarl\u0131 ve do\u011fru kuvvet sa\u011flama kabiliyetidir. Bu, nihai \u00fcr\u00fcn\u00fcn kalitesini sa\u011flamak i\u00e7in hassas kontrol\u00fcn gerekli oldu\u011fu bir\u00e7ok \u00fcretim s\u00fcreci i\u00e7in olmazsa olmazd\u0131r. Kaynakl\u0131 T Tipi Silindirler ayr\u0131ca hidrolik sistemlerdeki ak\u0131\u015fkan ak\u0131\u015f\u0131n\u0131 d\u00fczenlemek i\u00e7in de kullan\u0131labilir ve bu da \u00e7e\u015fitli end\u00fcstriyel uygulamalarda daha fazla verimlilik ve g\u00fcvenilirlik sa\u011flar.<\/li>\n<li>\n<h3>Tar\u0131m Ekipmanlar\u0131<\/h3>\n<p>Kaynakl\u0131 T Tipi Silindirler, trakt\u00f6r ve bi\u00e7erd\u00f6ver gibi tar\u0131m ekipmanlar\u0131nda da yayg\u0131n olarak kullan\u0131l\u0131r. Bu makinelerin etkili bir \u015fekilde \u00e7al\u0131\u015fmas\u0131 i\u00e7in g\u00fc\u00e7l\u00fc ve g\u00fcvenilir hidrolik sistemlere ihtiya\u00e7 vard\u0131r ve Kaynakl\u0131 T Tipi Silindirler bu ama\u00e7 i\u00e7in ideal bir se\u00e7imdir.<\/p>\n<p>Silindirin sa\u011flam yap\u0131s\u0131 ve y\u00fcksek mukavemeti, zorlu \u00e7al\u0131\u015fma ko\u015fullar\u0131nda bile a\u015f\u0131nma ve y\u0131pranmaya kar\u015f\u0131 olduk\u00e7a diren\u00e7li olmas\u0131n\u0131 sa\u011flar. Bu sayede, dayan\u0131kl\u0131l\u0131\u011f\u0131n \u00f6nemli bir fakt\u00f6r oldu\u011fu tar\u0131m ekipmanlar\u0131nda kullan\u0131m i\u00e7in ideal bir se\u00e7imdir. Kaynakl\u0131 T Tipi Silindir, ekim, hasat ve sulama gibi bir\u00e7ok tar\u0131msal i\u015flem i\u00e7in gereken hassas kontrol\u00fc sa\u011flamak i\u00e7in de kullan\u0131labilir.<\/li>\n<li>\n<h3>\u0130n\u015faat Ekipmanlar\u0131<\/h3>\n<p>Kaynakl\u0131 T Tipi Silindirler, ekskavat\u00f6rler, kep\u00e7eler ve buldozerler gibi in\u015faat ekipmanlar\u0131nda da yayg\u0131n olarak kullan\u0131l\u0131r. Bu makineler, kazma, kald\u0131rma ve a\u011f\u0131r y\u00fckleri itme gibi a\u011f\u0131r i\u015flerde kullan\u0131lmak \u00fczere g\u00fc\u00e7l\u00fc ve g\u00fcvenilir hidrolik sistemler gerektirir.<\/p>\n<p>Kaynakl\u0131 T Tipi Silindir, y\u00fcksek mukavemeti ve dayan\u0131kl\u0131l\u0131\u011f\u0131 sayesinde in\u015faat ekipmanlar\u0131nda kullan\u0131m i\u00e7in ideal bir se\u00e7imdir. Hassas kontrol ve tutarl\u0131 kuvvet sa\u011flama kabiliyeti, kaz\u0131, tesviye ve asfaltlama gibi bir\u00e7ok in\u015faat s\u00fcreci i\u00e7in olmazsa olmazd\u0131r. Kaynakl\u0131 T Tipi Silindir ayr\u0131ca hidrolik sistemlerdeki ak\u0131\u015fkan ak\u0131\u015f\u0131n\u0131 d\u00fczenlemek ve \u00e7e\u015fitli uygulamalarda in\u015faat ekipmanlar\u0131n\u0131n verimlili\u011fini ve g\u00fcvenilirli\u011fini art\u0131rmak i\u00e7in de kullan\u0131labilir.<\/li>\n<\/ul>\n<h3>FMP Hakk\u0131nda<\/h3>\n<p>\u0130talya'da 30 y\u0131l\u0131 a\u015fk\u0131n s\u00fcredir faaliyet g\u00f6steren FMP, \u00e7e\u015fitli hidrolik silindir t\u00fcrlerinin \u00f6nde gelen \u00fcreticisi ve tedarik\u00e7isidir. Sanayi tesisimiz, otomatik gaz korumal\u0131 kaynak makineleri, derin delme makineleri, CNC torna tezgahlar\u0131, silindirik ta\u015flama makineleri, otomatik temizleme makineleri, otomatik montaj makineleri, otomatik hidrolik silindir performans test tezgahlar\u0131, otomatik boyama hatlar\u0131 ve daha fazlas\u0131n\u0131 i\u00e7eren 100'den fazla son teknoloji ekipmana sahiptir.<\/p>\n<p>FMP taraf\u0131ndan \u00fcretilen her hidrolik silindir, de\u011ferli m\u00fc\u015fterilerimiz i\u00e7in y\u00fcksek kalite standartlar\u0131n\u0131 sa\u011flamak amac\u0131yla titiz bir i\u015flem ve denetimden ge\u00e7mektedir. \u00d6zel ihtiya\u00e7lar\u0131n\u0131za y\u00f6nelik bir dizi \u00fcr\u00fcn ve hizmet sunmaktan gurur duyuyoruz.<\/p>\n<ol>\n<li><strong>Tasar\u0131m Hizmeti:<\/strong> Deneyimli tasar\u0131m ekibimiz, evrensel \u015faft \u00fcr\u00fcnlerinin tasar\u0131m\u0131 ve geli\u015ftirilmesi konusunda yetkindir. \u0130ster yeni \u00fcr\u00fcnlere ister mevcut \u00fcr\u00fcnlerde iyile\u015ftirmelere ihtiyac\u0131n\u0131z olsun, size destek olmak i\u00e7in buraday\u0131z.<\/li>\n<li><strong>\u00dcr\u00fcn Servisi:<\/strong> Kapsaml\u0131 \u00fcr\u00fcn hizmetimiz, ham madde tedarikinden kesime, kaba i\u015fleme, test etmeye, temizlemeye, montaja, paketlemeye ve nakliyeye kadar t\u00fcm s\u00fcreci i\u00e7ermektedir.<\/li>\n<li><strong>\u00d6rnek \u0130\u015flem:<\/strong> \u0130htiya\u00e7lar\u0131n\u0131za uygun \u00f6rnekler geli\u015ftirebiliyor ve bunlar\u0131 s\u00fcrekli olarak \u00f6zel gereksinimlerinizi kar\u015f\u0131layacak \u015fekilde de\u011fi\u015ftirebiliyoruz.<\/li>\n<li><strong>Ar-Ge:<\/strong> Yeni ara\u00e7lar\u0131n piyasaya s\u00fcr\u00fclmesiyle birlikte yeni pazar talepleri ortaya \u00e7\u0131kt\u0131k\u00e7a, biz de pazar\u0131 inceleyerek ve bu ihtiya\u00e7lar\u0131 kar\u015f\u0131layacak yeni modeller geli\u015ftirerek proaktif davran\u0131yoruz.<\/li>\n<li><strong>\u00d6zelle\u015ftirme:<\/strong> FMP olarak, \u00e7e\u015fitli hidrolik silindir t\u00fcrlerinin \u00fcretimi ve sat\u0131\u015f\u0131nda uzmanla\u015fm\u0131\u015f olup, benzersiz ihtiya\u00e7lar\u0131n\u0131z\u0131 kar\u015f\u0131layacak \u00f6zelle\u015ftirilebilir \u00e7\u00f6z\u00fcmler sunmaktay\u0131z.<\/li>\n<\/ol>\n<p><img decoding=\"async\" src=\"https:\/\/fmp-components.com\/wp-content\/uploads\/2024\/12\/fmp-factory-4.webp\" alt=\"FMP fabrikas\u0131\" width=\"800\" title=\"\"><br \/>\nYazar:CX<\/p>","protected":false},"excerpt":{"rendered":"<p>The 10035 Factory Direct Sale Small Double Acting Trailer Hydraulic Cylinder is specifically designed for efficient performance in trailer applications. This compact hydraulic cylinder provides reliable lifting and lowering capabilities, making it an essential component for various trailer types. Key Features: Double Acting Design: The double acting mechanism allows for seamless extension and retraction, providing [&hellip;]<\/p>","protected":false},"featured_media":1133,"comment_status":"closed","ping_status":"closed","template":"","meta":{"_et_pb_use_builder":"","_et_pb_old_content":"","_et_gb_content_width":""},"product_brand":[],"product_cat":[31],"product_tag":[34,35],"class_list":{"0":"post-955","1":"product","2":"type-product","3":"status-publish","4":"has-post-thumbnail","6":"product_cat-welded-tee-type-cylinder","7":"product_tag-hydraulic-cylinder","8":"product_tag-welded-tee-type-cylinder","10":"first","11":"instock","12":"product-type-simple"},"_links":{"self":[{"href":"https:\/\/fmp-components.com\/tr\/wp-json\/wp\/v2\/product\/955","targetHints":{"allow":["GET"]}}],"collection":[{"href":"https:\/\/fmp-components.com\/tr\/wp-json\/wp\/v2\/product"}],"about":[{"href":"https:\/\/fmp-components.com\/tr\/wp-json\/wp\/v2\/types\/product"}],"replies":[{"embeddable":true,"href":"https:\/\/fmp-components.com\/tr\/wp-json\/wp\/v2\/comments?post=955"}],"wp:featuredmedia":[{"embeddable":true,"href":"https:\/\/fmp-components.com\/tr\/wp-json\/wp\/v2\/media\/1133"}],"wp:attachment":[{"href":"https:\/\/fmp-components.com\/tr\/wp-json\/wp\/v2\/media?parent=955"}],"wp:term":[{"taxonomy":"product_brand","embeddable":true,"href":"https:\/\/fmp-components.com\/tr\/wp-json\/wp\/v2\/product_brand?post=955"},{"taxonomy":"product_cat","embeddable":true,"href":"https:\/\/fmp-components.com\/tr\/wp-json\/wp\/v2\/product_cat?post=955"},{"taxonomy":"product_tag","embeddable":true,"href":"https:\/\/fmp-components.com\/tr\/wp-json\/wp\/v2\/product_tag?post=955"}],"curies":[{"name":"wp","href":"https:\/\/api.w.org\/{rel}","templated":true}]}}