{"id":954,"date":"2024-12-19T03:39:43","date_gmt":"2024-12-19T03:39:43","guid":{"rendered":"https:\/\/fmp-components.com\/product\/10034-cost-effective-welded-hydraulic-cylinders-double-acting\/"},"modified":"2024-12-19T08:48:23","modified_gmt":"2024-12-19T08:48:23","slug":"10034-cost-effective-welded-hydraulic-cylinders-double-acting","status":"publish","type":"product","link":"https:\/\/fmp-components.com\/tr\/product\/10034-cost-effective-welded-hydraulic-cylinders-double-acting\/","title":{"rendered":"10034 \u00c7ift Etkili Maliyet Etkin Kaynakl\u0131 Hidrolik Silindirler"},"content":{"rendered":"<p>10034 numaral\u0131, maliyet etkinli\u011fi y\u00fcksek kaynakl\u0131 hidrolik silindirler, \u00e7e\u015fitli uygulamalarda g\u00fcvenilir performans sa\u011flamak \u00fczere tasarlanm\u0131\u015ft\u0131r ve hem end\u00fcstriyel hem de tar\u0131msal ihtiya\u00e7lar i\u00e7in sa\u011flam bir \u00e7\u00f6z\u00fcm sunar. Bu \u00e7ift etkili silindirler, verimlilik ve dayan\u0131kl\u0131l\u0131k i\u00e7in tasarlanm\u0131\u015ft\u0131r ve herhangi bir hidrolik sisteme de\u011ferli bir katk\u0131 sa\u011flar.<\/p>\n<h4>Temel \u00d6zellikler:<\/h4>\n<ul>\n<li><strong>\u00c7ift Etkili Mekanizma:<\/strong><br \/>\n\u00c7ift etkili tasar\u0131m, hem uzatma hem de geri \u00e7ekme y\u00f6n\u00fcnde verimli \u00e7al\u0131\u015fma sa\u011flayarak kald\u0131rma, itme ve \u00e7ekme i\u015flerinde sorunsuz ve kontroll\u00fc hareket imkan\u0131 sunar. Bu \u00f6zellik, \u00e7e\u015fitli uygulamalarda \u00e7ok y\u00f6nl\u00fcl\u00fc\u011f\u00fc art\u0131r\u0131r.<\/li>\n<li><strong>Kaynakl\u0131 Yap\u0131:<\/strong><br \/>\nKaynakl\u0131 tasar\u0131mla \u00fcretilen 10034 hidrolik silindirler, \u00fcst\u00fcn mukavemet ve dayan\u0131kl\u0131l\u0131k sunar. Bu yap\u0131m y\u00f6ntemi, y\u00fcksek bas\u0131n\u00e7lara ve zorlu ko\u015fullara dayanabilen sa\u011flam bir yap\u0131 sa\u011flar.<\/li>\n<li><strong>Maliyet Etkin \u00c7\u00f6z\u00fcm:<\/strong><br \/>\nUygun fiyata m\u00fckemmel performans sa\u011flamak \u00fczere tasarlanan bu hidrolik silindirler, kaliteden \u00f6d\u00fcn vermeden hidrolik sistemlerini optimize etmek isteyenler i\u00e7in ekonomik bir se\u00e7enektir.<\/li>\n<li><strong>\u00c7ok Y\u00f6nl\u00fc Uygulamalar:<\/strong><br \/>\nEnd\u00fcstriyel makineler, tar\u0131m ekipmanlar\u0131 ve in\u015faat projeleri de dahil olmak \u00fczere \u00e7e\u015fitli uygulamalar i\u00e7in uygun olan 10034 hidrolik silindirler, farkl\u0131 operasyonel ihtiya\u00e7lar\u0131 kar\u015f\u0131layacak \u015fekilde uyarlanabilir \u00f6zelliktedir.<\/li>\n<li><strong>Kolay Kurulum:<\/strong><br \/>\nTasar\u0131m, kolay kurulum sa\u011flayarak mevcut sistemlere h\u0131zl\u0131 entegrasyona olanak tan\u0131r. Bu kullan\u0131m kolayl\u0131\u011f\u0131, ar\u0131za s\u00fcrelerini en aza indirir ve verimlili\u011fi art\u0131r\u0131r.<\/li>\n<\/ul>\n<p><img decoding=\"async\" src=\"https:\/\/hzpt.com\/wp-content\/uploads\/2023\/12\/random-2.webp\" alt=\"\" title=\"\"><\/p>\n<h4>Teknik \u00d6zellikler:<\/h4>\n<table style=\"width: 89.7053%; height: 327px;\">\n<thead>\n<tr style=\"height: 23px;\">\n<th style=\"height: 23px;\">\u015eartname<\/th>\n<th style=\"height: 23px;\">Tan\u0131m<\/th>\n<\/tr>\n<\/thead>\n<tbody>\n<tr style=\"height: 23px;\">\n<td style=\"height: 23px;\"><strong>Y\u00fck Kapasitesi<\/strong><\/td>\n<td style=\"height: 23px;\">\u00d6zelle\u015ftirilebilir<\/td>\n<\/tr>\n<tr style=\"height: 47px;\">\n<td style=\"height: 47px;\"><strong>Delik Boyutu<\/strong><\/td>\n<td style=\"height: 47px;\">\u00c7e\u015fitli se\u00e7enekler mevcuttur<\/td>\n<\/tr>\n<tr style=\"height: 23px;\">\n<td style=\"height: 23px;\"><strong>Vuru\u015f Uzunlu\u011fu<\/strong><\/td>\n<td style=\"height: 23px;\">\u00d6zelle\u015ftirilebilir<\/td>\n<\/tr>\n<tr style=\"height: 47px;\">\n<td style=\"height: 47px;\"><strong>Maksimum Bas\u0131n\u00e7<\/strong><\/td>\n<td style=\"height: 47px;\">3000 PSI'ye kadar<\/td>\n<\/tr>\n<tr style=\"height: 23px;\">\n<td style=\"height: 23px;\"><strong>Malzeme<\/strong><\/td>\n<td style=\"height: 23px;\">Y\u00fcksek kaliteli \u00e7elik<\/td>\n<\/tr>\n<tr style=\"height: 23px;\">\n<td style=\"height: 23px;\"><strong>Ba\u011flant\u0131 T\u00fcr\u00fc<\/strong><\/td>\n<td style=\"height: 23px;\">Flan\u015fl\u0131 veya di\u015fli<\/td>\n<\/tr>\n<\/tbody>\n<\/table>\n<h4>\u00c7al\u0131\u015fma Prensibi:<\/h4>\n<p>10034 Kaynakl\u0131 Hidrolik Silindirler, hidrolik s\u0131v\u0131 bas\u0131nc\u0131 prensibiyle \u00e7al\u0131\u015f\u0131r. Hidrolik s\u0131v\u0131 silindire pompaland\u0131\u011f\u0131nda, piston \u00fczerinde bir kuvvet uygulayarak her iki y\u00f6nde de do\u011frusal hareket olu\u015fturur. Bu verimli g\u00fc\u00e7 aktar\u0131m\u0131, \u00e7e\u015fitli g\u00f6revler \u00fczerinde hassas kontrol sa\u011flayarak operasyonel verimlili\u011fi art\u0131r\u0131r.<\/p>\n<p>\u00d6zetle, 10034 numaral\u0131 \u00e7ift etkili kaynakl\u0131 hidrolik silindirler, geni\u015f bir uygulama yelpazesi i\u00e7in g\u00fcvenilir ve uygun fiyatl\u0131 bir \u00e7\u00f6z\u00fcmd\u00fcr. Dayan\u0131kl\u0131 yap\u0131lar\u0131, \u00e7ok y\u00f6nl\u00fcl\u00fckleri ve kolay kurulumlar\u0131, end\u00fcstriyel ve tar\u0131msal ortamlarda hidrolik sistemlerin performans\u0131n\u0131 iyile\u015ftirmek i\u00e7in onlar\u0131 vazge\u00e7ilmez bir se\u00e7im haline getirmektedir.<\/p>\n<p>&nbsp;<\/p>\n<p><img decoding=\"async\" class=\"aligncenter\" src=\"https:\/\/hzpt.com\/wp-content\/uploads\/2023\/12\/random-3.webp\" alt=\"\" title=\"\"><\/p>\n<h2>Kaynakl\u0131 T Tipi Silindirin Avantajlar\u0131<\/h2>\n<ul>\n<li style=\"list-style-type: none;\">\n<ul>\n<li><strong>Artt\u0131r\u0131lm\u0131\u015f G\u00fc\u00e7:<\/strong> Kaynakl\u0131 T tipi silindirler, y\u00fcksek mukavemetleriyle bilinir ve a\u011f\u0131r kald\u0131rma gerektiren uygulamalar i\u00e7in uygundur. Bu silindirlerin imalat\u0131nda kullan\u0131lan kaynak i\u015flemi, silindirin zay\u0131f noktalardan ar\u0131nd\u0131r\u0131lm\u0131\u015f olmas\u0131n\u0131 ve y\u00fcksek bas\u0131n\u00e7 ve gerilime dayanabilmesini sa\u011flar.<\/li>\n<\/ul>\n<\/li>\n<\/ul>\n<p>Silindire uygulanan bas\u0131n\u00e7, t\u00fcm y\u00fczeye e\u015fit olarak da\u011f\u0131larak deformasyona kar\u015f\u0131 diren\u00e7li hale gelir. Bu \u00f6zellik, silindirin en zorlu ko\u015fullarda bile \u015feklini ve yap\u0131sal b\u00fct\u00fcnl\u00fc\u011f\u00fcn\u00fc koruyabilmesini sa\u011flar.<\/p>\n<ul>\n<li style=\"list-style-type: none;\">\n<ul>\n<li><strong>S\u0131z\u0131nt\u0131 \u00d6nleme:<\/strong> Kaynakl\u0131 T tipi silindirler, s\u0131z\u0131nt\u0131y\u0131 \u00f6nleyecek \u015fekilde tasarlanm\u0131\u015ft\u0131r. \u00dcretim s\u00fcrecinde kullan\u0131lan kaynak i\u015flemi, silindirin tamamen s\u0131zd\u0131rmaz olmas\u0131n\u0131 ve olas\u0131 s\u0131z\u0131nt\u0131lardan ar\u0131nd\u0131r\u0131lmas\u0131n\u0131 sa\u011flar. Bu \u00f6zellik, s\u0131z\u0131nt\u0131n\u0131n ciddi hasara veya yaralanmaya neden olabilece\u011fi uygulamalarda kullan\u0131m i\u00e7in uygundur.<\/li>\n<\/ul>\n<\/li>\n<\/ul>\n<p>Kaynakl\u0131 ba\u011flant\u0131lar p\u00fcr\u00fczs\u00fczd\u00fcr, d\u00f6k\u00fcnt\u00fc veya kirin birikebilece\u011fi herhangi bir yar\u0131k veya oluk yoktur, bu da korozyon ve silindire zarar verme riskini azalt\u0131r.<\/p>\n<ul>\n<li style=\"list-style-type: none;\">\n<ul>\n<li><strong>\u00d6zelle\u015ftirilebilir:<\/strong> Kaynakl\u0131 T tipi silindirler, belirli uygulamalara uyacak \u015fekilde \u00f6zelle\u015ftirilebilir. Silindirler farkl\u0131 boyut ve \u015fekillerde mevcuttur ve uygulaman\u0131n \u00f6zel gereksinimlerini kar\u015f\u0131layacak \u015fekilde \u00fcretilebilir.<\/li>\n<\/ul>\n<\/li>\n<\/ul>\n<p>\u00d6zelle\u015ftirme s\u00fcreci, silindirin performans a\u00e7\u0131s\u0131ndan optimize edilmesini ve ama\u00e7lanan uygulamaya uygun olmas\u0131n\u0131 sa\u011flar. Bu \u00f6zellik, kaynakl\u0131 T tipi silindirleri in\u015faat, madencilik ve malzeme ta\u015f\u0131ma gibi \u00e7e\u015fitli end\u00fcstriyel uygulamalarda kullan\u0131m i\u00e7in ideal hale getirir.<\/p>\n<ul>\n<li style=\"list-style-type: none;\">\n<ul>\n<li><strong>Maliyet Etkin:<\/strong> Kaynakl\u0131 T tipi silindirler, di\u011fer silindir tiplerine k\u0131yasla uygun maliyetlidir. Bu silindirlerin \u00fcretiminde kullan\u0131lan imalat s\u00fcreci basittir ve bu da onlar\u0131 di\u011fer silindir tiplerine g\u00f6re daha uygun maliyetli k\u0131lar.<\/li>\n<\/ul>\n<\/li>\n<\/ul>\n<p>Ayr\u0131ca, kaynakl\u0131 T tipi silindirlerin y\u00fcksek mukavemeti ve dayan\u0131kl\u0131l\u0131\u011f\u0131, s\u0131k onar\u0131m ve de\u011fi\u015ftirme ihtiyac\u0131n\u0131 azaltarak bak\u0131m maliyetlerinden tasarruf sa\u011flar. Bu \u00f6zellik, onlar\u0131 \u00f6zellikle s\u0131n\u0131rl\u0131 b\u00fct\u00e7eye sahip bir\u00e7ok sekt\u00f6r i\u00e7in pop\u00fcler bir tercih haline getirir.<\/p>\n<ul>\n<li style=\"list-style-type: none;\">\n<ul>\n<li><strong>Artan Verimlilik:<\/strong> Kaynakl\u0131 T tipi silindirler son derece verimli ve etkilidir. Silindirin tasar\u0131m\u0131, uygulanan kuvvetin do\u011frudan y\u00fcke aktar\u0131lmas\u0131n\u0131 sa\u011flayarak enerji kayb\u0131n\u0131 azalt\u0131r ve verimlili\u011fi art\u0131r\u0131r.<\/li>\n<\/ul>\n<\/li>\n<\/ul>\n<p>Kaynakl\u0131 ba\u011flant\u0131lar g\u00fc\u00e7l\u00fc ve sa\u011flamd\u0131r, sapmay\u0131 en aza indirir ve silindirin en zorlu ko\u015fullarda bile \u015feklini ve yap\u0131sal b\u00fct\u00fcnl\u00fc\u011f\u00fcn\u00fc korumas\u0131n\u0131 sa\u011flar. Bu \u00f6zellik, kaynakl\u0131 T tipi silindirleri y\u00fcksek verimlilik ve g\u00fcvenilirlik gerektiren uygulamalarda kullan\u0131m i\u00e7in ideal hale getirir.<\/p>\n<h2>Kaynakl\u0131 T Tipi Silindir Uygulamas\u0131<\/h2>\n<h3>girii\u015f<\/h3>\n<p>Kaynakl\u0131 T tipi silindir, end\u00fcstriyel uygulamalarda yayg\u0131n olarak kullan\u0131lan bir hidrolik silindir t\u00fcr\u00fcd\u00fcr. Kompakt ve uygun maliyetli bir pakette y\u00fcksek kuvvet \u00e7\u0131k\u0131\u015f\u0131 sa\u011flamak \u00fczere tasarlanm\u0131\u015ft\u0131r. Bu tip silindir, kaynakl\u0131 bir T par\u00e7as\u0131 ve bu par\u00e7aya ba\u011fl\u0131 bir piston \u00e7ubu\u011fundan olu\u015fur. T par\u00e7as\u0131, silindirin namlusuna ba\u011fl\u0131d\u0131r ve namlu i\u00e7inde ileri geri hareket ederek kuvvet \u00fcreten bir piston i\u00e7erir.<\/p>\n<h3>Kaynakl\u0131 T Tipi Silindirin Avantajlar\u0131<\/h3>\n<p>End\u00fcstriyel uygulamalarda kaynakl\u0131 T tipi silindir kullanman\u0131n bir\u00e7ok avantaj\u0131 vard\u0131r:<\/p>\n<ul>\n<li><b>Kompakt tasar\u0131m:<\/b> Kaynakl\u0131 T tipi silindirler, alan\u0131n k\u0131s\u0131tl\u0131 oldu\u011fu uygulamalarda kullan\u0131m i\u00e7in ideal olacak \u015fekilde kompakt olarak tasarlanm\u0131\u015ft\u0131r.<\/li>\n<li><b>Y\u00fcksek verimlilik:<\/b> Kaynakl\u0131 T tipi silindirler olduk\u00e7a verimlidir, bu da minimum enerji giri\u015fiyle b\u00fcy\u00fck miktarda kuvvet \u00fcretebilecekleri anlam\u0131na gelir.<\/li>\n<li><b>Dayan\u0131kl\u0131:<\/b> Kaynakl\u0131 T tipi silindirler son derece dayan\u0131kl\u0131 olacak \u015fekilde tasarlanm\u0131\u015ft\u0131r, bu da zorlu \u00e7al\u0131\u015fma ko\u015fullar\u0131na dayanabilecekleri ve uzun s\u00fcre dayanabilecekleri anlam\u0131na gelir.<\/li>\n<li><b>Maliyet etkin:<\/b> Kaynakl\u0131 T tipi silindirler maliyet a\u00e7\u0131s\u0131ndan avantajl\u0131d\u0131r, yani paran\u0131z\u0131n kar\u015f\u0131l\u0131\u011f\u0131n\u0131 fazlas\u0131yla al\u0131rs\u0131n\u0131z.<\/li>\n<\/ul>\n<h3>Kaynakl\u0131 T Tipi Silindir Uygulamalar\u0131<\/h3>\n<p>Kaynakl\u0131 T tipi silindirlerin \u00e7e\u015fitli end\u00fcstrilerde bir\u00e7ok uygulamas\u0131 vard\u0131r, bunlar aras\u0131nda \u015funlar yer al\u0131r:<\/p>\n<ul>\n<li><b>\u00dcretme:<\/b> Kaynakl\u0131 T tipi silindirler, imalat sekt\u00f6r\u00fcnde makineleri \u00e7al\u0131\u015ft\u0131rmak, a\u011f\u0131r y\u00fckleri hareket ettirmek ve metal par\u00e7alar\u0131 \u015fekillendirmek i\u00e7in kullan\u0131l\u0131r.<\/li>\n<li><b>Tar\u0131m:<\/b> Kaynakl\u0131 T tipi silindirler tar\u0131mda trakt\u00f6r, bi\u00e7erd\u00f6ver ve di\u011fer tar\u0131m ekipmanlar\u0131ndaki hidrolik sistemleri \u00e7al\u0131\u015ft\u0131rmak i\u00e7in kullan\u0131l\u0131r.<\/li>\n<li><b>Yap\u0131:<\/b> Kaynakl\u0131 T tipi silindirler in\u015faat sekt\u00f6r\u00fcnde vin\u00e7, ekskavat\u00f6r ve kep\u00e7e gibi makineleri \u00e7al\u0131\u015ft\u0131rmak i\u00e7in kullan\u0131l\u0131r.<\/li>\n<li><b>Madencilik:<\/b> Kaynakl\u0131 T tipi silindirler, madencilikte buldozer, y\u00fckleyici ve kaya delici gibi a\u011f\u0131r ekipmanlar\u0131n hidrolik sistemlerini \u00e7al\u0131\u015ft\u0131rmak i\u00e7in kullan\u0131l\u0131r.<\/li>\n<li><b>Toplu ta\u015f\u0131ma:<\/b> Kaynakl\u0131 T tipi silindirler, ta\u015f\u0131mac\u0131l\u0131kta kamyon, otob\u00fcs ve di\u011fer ara\u00e7lardaki hidrolik sistemleri \u00e7al\u0131\u015ft\u0131rmak i\u00e7in kullan\u0131l\u0131r.<\/li>\n<\/ul>\n<p>Sonu\u00e7 olarak, kaynakl\u0131 T tipi silindirler bir\u00e7ok end\u00fcstriyel uygulamada \u00f6nemli bir bile\u015fendir. Kompakt, verimli, dayan\u0131kl\u0131 ve uygun maliyetli olacak \u015fekilde tasarland\u0131klar\u0131 i\u00e7in \u00e7ok \u00e7e\u015fitli uygulamalar i\u00e7in ideal bir se\u00e7imdir. \u0130ster bir \u00fcretim tesisinde makine, ister bir \u00e7iftlikte tar\u0131m ekipman\u0131 veya bir madende a\u011f\u0131r ekipman kullan\u0131yor olun, kaynakl\u0131 T tipi silindirler i\u015finizi verimli ve etkili bir \u015fekilde yapman\u0131za yard\u0131mc\u0131 olabilir.<\/p>\n<p><img loading=\"lazy\" decoding=\"async\" class=\"size-full wp-image-974 aligncenter\" src=\"https:\/\/fmp-components.com\/wp-content\/uploads\/2024\/12\/application-of-Welded-Tee-Type-Cylinder.webp\" alt=\"Kaynakl\u0131 T Tipi Silindirin Uygulamas\u0131\" width=\"760\" height=\"860\" title=\"\" srcset=\"https:\/\/fmp-components.com\/wp-content\/uploads\/2024\/12\/application-of-Welded-Tee-Type-Cylinder.webp 760w, https:\/\/fmp-components.com\/wp-content\/uploads\/2024\/12\/application-of-Welded-Tee-Type-Cylinder-480x543.webp 480w\" sizes=\"(min-width: 0px) and (max-width: 480px) 480px, (min-width: 481px) 760px, 100vw\" \/><\/p>\n<h3>FMP Hakk\u0131nda<\/h3>\n<p>30 y\u0131l\u0131 a\u015fk\u0131n s\u00fcredir faaliyet g\u00f6steren FMP, hidrolik silindirlerin \u00f6nde gelen \u00fcreticisi ve tedarik\u00e7isidir. \u0130talya'da bulunan sanayi tesisimiz, 100'den fazla geli\u015fmi\u015f makineyle donat\u0131lm\u0131\u015f son teknolojiye sahip olmaktan gurur duymaktad\u0131r. Geni\u015f ekipman yelpazemiz, otomatik gaz korumal\u0131 kaynak makineleri, derin delme makineleri, CNC torna tezgahlar\u0131, silindirik ta\u015flama makineleri, otomatik temizleme makineleri, otomatik montaj makineleri, otomatik hidrolik silindir performans test tezgahlar\u0131, otomatik boyama hatlar\u0131 ve daha fazlas\u0131n\u0131 i\u00e7ermektedir.<\/p>\n<p>FMP olarak, kaliteye ve m\u00fc\u015fteri memnuniyetine \u00f6ncelik veriyoruz. Her bir hidrolik silindir, m\u00fc\u015fterilerimiz i\u00e7in en \u00fcst d\u00fczey kaliteyi sa\u011flamak amac\u0131yla titiz bir i\u015flem ve denetimden ge\u00e7mektedir.<\/p>\n<h4>\u00dcr\u00fcnlerimiz ve \u015eirketimizin Avantajlar\u0131:<\/h4>\n<ol>\n<li><strong>Tasar\u0131m Hizmeti:<\/strong> Deneyimli tasar\u0131m ekibimiz, evrensel \u015faft \u00fcr\u00fcnlerinin tasar\u0131m\u0131 ve geli\u015ftirilmesi konusunda son derece yeteneklidir. Yeni \u00fcr\u00fcnlere y\u00f6nelik herhangi bir talebiniz varsa veya daha fazla iyile\u015ftirme ar\u0131yorsan\u0131z, size destek olmak i\u00e7in buraday\u0131z.<\/li>\n<li><strong>\u00dcr\u00fcn Servisi:<\/strong> Kapsaml\u0131 \u00fcr\u00fcn hizmetimiz, hammadde tedari\u011fi, kesim, kaba i\u015fleme, test, temizlik, montaj, paketleme ve nakliye dahil olmak \u00fczere t\u00fcm \u00fcretim s\u00fcrecini kapsamaktad\u0131r. En y\u00fcksek standartlarda \u00fcr\u00fcnler sunmak i\u00e7in \u00e7al\u0131\u015f\u0131yoruz.<\/li>\n<li><strong>\u00d6rnek \u0130\u015flem:<\/strong> \u00d6zelle\u015ftirilmi\u015f \u00e7\u00f6z\u00fcmlerin \u00f6nemini anl\u0131yoruz. Ekibimiz, \u00f6zel gereksinimlerinize g\u00f6re \u00f6rnekler geli\u015ftirebilir ve ihtiya\u00e7lar\u0131n\u0131z\u0131 kar\u015f\u0131lamak i\u00e7in s\u00fcrekli olarak bunlar\u0131 de\u011fi\u015ftirebilir; b\u00f6ylece nihai \u00fcr\u00fcn\u00fcn beklentilerinizle m\u00fckemmel bir \u015fekilde \u00f6rt\u00fc\u015fmesini sa\u011flayabiliriz.<\/li>\n<li><strong>Ar-Ge:<\/strong> \u0130leri g\u00f6r\u00fc\u015fl\u00fc bir \u015firket olarak, piyasa trendlerini ve taleplerini yak\u0131ndan takip ediyoruz. Yeni modeller piyasaya \u00e7\u0131kt\u0131\u011f\u0131nda, piyasan\u0131n ihtiya\u00e7lar\u0131n\u0131 aktif olarak inceliyor ve bunlar\u0131 kar\u015f\u0131lamak i\u00e7in yenilik\u00e7i \u00e7\u00f6z\u00fcmler geli\u015ftiriyoruz.<\/li>\n<li><strong>\u00d6zelle\u015ftirme:<\/strong> Geni\u015f standart hidrolik silindir yelpazemizin yan\u0131 s\u0131ra, \u00f6zelle\u015ftirme konusunda da uzmanla\u015fm\u0131\u015f durumday\u0131z. Benzersiz \u00f6zelliklerinizi memnuniyetle kar\u015f\u0131l\u0131yor ve uygulaman\u0131za m\u00fckemmel \u015fekilde uyan \u00f6zel \u00e7\u00f6z\u00fcmler garanti ediyoruz.<\/li>\n<\/ol>\n<p><img decoding=\"async\" src=\"https:\/\/fmp-components.com\/wp-content\/uploads\/2024\/12\/fmp-factory-4.webp\" alt=\"FMP fabrikas\u0131\" width=\"800\" title=\"\"><\/p>\n<p>Yazar:CX<\/p>","protected":false},"excerpt":{"rendered":"<p>The 10034 Cost Effective Welded Hydraulic Cylinders are designed for reliable performance in various applications, offering a robust solution for both industrial and agricultural needs. These double acting cylinders are engineered for efficiency and durability, making them a valuable addition to any hydraulic system. Key Features: Double Acting Mechanism: The double acting design allows for [&hellip;]<\/p>","protected":false},"featured_media":1132,"comment_status":"closed","ping_status":"closed","template":"","meta":{"_et_pb_use_builder":"","_et_pb_old_content":"","_et_gb_content_width":""},"product_brand":[],"product_cat":[31],"product_tag":[34,35],"class_list":{"0":"post-954","1":"product","2":"type-product","3":"status-publish","4":"has-post-thumbnail","6":"product_cat-welded-tee-type-cylinder","7":"product_tag-hydraulic-cylinder","8":"product_tag-welded-tee-type-cylinder","10":"first","11":"instock","12":"product-type-simple"},"_links":{"self":[{"href":"https:\/\/fmp-components.com\/tr\/wp-json\/wp\/v2\/product\/954","targetHints":{"allow":["GET"]}}],"collection":[{"href":"https:\/\/fmp-components.com\/tr\/wp-json\/wp\/v2\/product"}],"about":[{"href":"https:\/\/fmp-components.com\/tr\/wp-json\/wp\/v2\/types\/product"}],"replies":[{"embeddable":true,"href":"https:\/\/fmp-components.com\/tr\/wp-json\/wp\/v2\/comments?post=954"}],"wp:featuredmedia":[{"embeddable":true,"href":"https:\/\/fmp-components.com\/tr\/wp-json\/wp\/v2\/media\/1132"}],"wp:attachment":[{"href":"https:\/\/fmp-components.com\/tr\/wp-json\/wp\/v2\/media?parent=954"}],"wp:term":[{"taxonomy":"product_brand","embeddable":true,"href":"https:\/\/fmp-components.com\/tr\/wp-json\/wp\/v2\/product_brand?post=954"},{"taxonomy":"product_cat","embeddable":true,"href":"https:\/\/fmp-components.com\/tr\/wp-json\/wp\/v2\/product_cat?post=954"},{"taxonomy":"product_tag","embeddable":true,"href":"https:\/\/fmp-components.com\/tr\/wp-json\/wp\/v2\/product_tag?post=954"}],"curies":[{"name":"wp","href":"https:\/\/api.w.org\/{rel}","templated":true}]}}