{"id":953,"date":"2024-12-19T03:39:43","date_gmt":"2024-12-19T03:39:43","guid":{"rendered":"https:\/\/fmp-components.com\/product\/10033-good-quality-mini-hydraulic-cylinder-double-acting-for-tractor\/"},"modified":"2024-12-19T08:48:11","modified_gmt":"2024-12-19T08:48:11","slug":"10033-good-quality-mini-hydraulic-cylinder-double-acting-for-tractor","status":"publish","type":"product","link":"https:\/\/fmp-components.com\/tr\/product\/10033-good-quality-mini-hydraulic-cylinder-double-acting-for-tractor\/","title":{"rendered":"Trakt\u00f6r i\u00e7in 10033 \u0130yi Kalite Mini Hidrolik Silindir \u00c7ift Etkili"},"content":{"rendered":"<p>10033 Y\u00fcksek Kaliteli Mini Hidrolik Silindir, trakt\u00f6r uygulamalar\u0131 i\u00e7in \u00f6zel olarak tasarlanm\u0131\u015f olup g\u00fcvenilir performans ve verimli \u00e7al\u0131\u015fma sunar. Bu \u00e7ift etkili hidrolik silindir, kompakt ancak g\u00fc\u00e7l\u00fc yap\u0131s\u0131yla \u00e7e\u015fitli tar\u0131msal g\u00f6revler i\u00e7in vazge\u00e7ilmez bir bile\u015fendir.<\/p>\n<h4>Temel \u00d6zellikler:<\/h4>\n<ul>\n<li><strong>\u00c7ift Etkili Tasar\u0131m:<\/strong><br \/>\n\u00c7ift etkili mekanizma, hem uzatma hem de geri \u00e7ekmede sorunsuz \u00e7al\u0131\u015fma sa\u011flayarak kald\u0131rma ve indirme g\u00f6revlerinde m\u00fckemmel kontrol sa\u011flar. Bu \u00f6zellik, trakt\u00f6r operasyonlar\u0131n\u0131n verimlili\u011fini art\u0131rarak \u00e7e\u015fitli uygulamalar i\u00e7in ideal hale getirir.<\/li>\n<li><strong>Mini Boyut:<\/strong><br \/>\n10033 hidrolik silindirinin kompakt tasar\u0131m\u0131, trakt\u00f6rlerde dar alanlarda kullan\u0131m i\u00e7in idealdir. K\u00fc\u00e7\u00fck yap\u0131s\u0131, dayan\u0131kl\u0131l\u0131\u011f\u0131ndan \u00f6d\u00fcn vermez ve \u00e7e\u015fitli tar\u0131m alanlar\u0131nda etkili performans sa\u011flar.<\/li>\n<li><strong>Y\u00fcksek Kaliteli \u0130n\u015faat:<\/strong><br \/>\nDayan\u0131kl\u0131 malzemelerden \u00fcretilen bu hidrolik silindir, tar\u0131msal ortamlar\u0131n zorlu ko\u015fullar\u0131na dayanacak \u015fekilde tasarlanm\u0131\u015ft\u0131r. Sa\u011flam yap\u0131s\u0131, uzun s\u00fcreli g\u00fcvenilirlik ve performans sa\u011flar.<\/li>\n<li><strong>\u00c7ok Y\u00f6nl\u00fc Uygulamalar:<\/strong><br \/>\n10033 hidrolik silindir, ekipman kald\u0131rma, ata\u015fman indirme ve di\u011fer hidrolik fonksiyonlar dahil olmak \u00fczere \u00e7e\u015fitli trakt\u00f6r uygulamalar\u0131 i\u00e7in uygundur. \u00c7ok y\u00f6nl\u00fcl\u00fc\u011f\u00fc, onu \u00e7ift\u00e7iler ve operat\u00f6rler i\u00e7in de\u011ferli bir ara\u00e7 haline getirir.<\/li>\n<li><strong>Maliyet Etkin \u00c7\u00f6z\u00fcm:<\/strong><br \/>\nM\u00fckemmel fiyat-performans oran\u0131 sunan bu mini hidrolik silindir, uygun bir fiyata g\u00fcvenilir performans sunar. Trakt\u00f6rlerdeki hidrolik bile\u015fenleri y\u00fckseltmek veya de\u011fi\u015ftirmek i\u00e7in ideal bir se\u00e7imdir.<\/li>\n<\/ul>\n<p><img loading=\"lazy\" decoding=\"async\" class=\"size-full wp-image-977 aligncenter\" src=\"https:\/\/fmp-components.com\/wp-content\/uploads\/2024\/12\/Welded-Tee-Type-Cylinder3.webp\" alt=\"Kaynakl\u0131 T Tipi Silindir\" width=\"653\" height=\"600\" title=\"\" srcset=\"https:\/\/fmp-components.com\/wp-content\/uploads\/2024\/12\/Welded-Tee-Type-Cylinder3.webp 653w, https:\/\/fmp-components.com\/wp-content\/uploads\/2024\/12\/Welded-Tee-Type-Cylinder3-480x441.webp 480w\" sizes=\"(min-width: 0px) and (max-width: 480px) 480px, (min-width: 481px) 653px, 100vw\" \/><\/p>\n<h4>Teknik \u00d6zellikler:<\/h4>\n<table style=\"width: 100.145%; height: 246px;\">\n<thead>\n<tr>\n<th>\u015eartname<\/th>\n<th>Tan\u0131m<\/th>\n<\/tr>\n<\/thead>\n<tbody>\n<tr>\n<td><strong>Y\u00fck Kapasitesi<\/strong><\/td>\n<td>\u00d6zelle\u015ftirilebilir<\/td>\n<\/tr>\n<tr>\n<td><strong>Delik Boyutu<\/strong><\/td>\n<td>\u00c7e\u015fitli se\u00e7enekler mevcuttur<\/td>\n<\/tr>\n<tr>\n<td><strong>Vuru\u015f Uzunlu\u011fu<\/strong><\/td>\n<td>\u00d6zelle\u015ftirilebilir<\/td>\n<\/tr>\n<tr>\n<td><strong>Maksimum Bas\u0131n\u00e7<\/strong><\/td>\n<td>3000 PSI'ye kadar<\/td>\n<\/tr>\n<tr>\n<td><strong>Malzeme<\/strong><\/td>\n<td>Y\u00fcksek kaliteli \u00e7elik veya al\u00fcminyum<\/td>\n<\/tr>\n<tr>\n<td><strong>Ba\u011flant\u0131 T\u00fcr\u00fc<\/strong><\/td>\n<td>Flan\u015fl\u0131 veya di\u015fli<\/td>\n<\/tr>\n<\/tbody>\n<\/table>\n<h4>\u00c7al\u0131\u015fma Prensibi:<\/h4>\n<p>10033 Mini Hidrolik Silindir, hidrolik s\u0131v\u0131 bas\u0131nc\u0131 prensibiyle \u00e7al\u0131\u015f\u0131r. Hidrolik s\u0131v\u0131 silindire verildi\u011finde, pistona kuvvet uygulayarak her iki y\u00f6nde do\u011frusal hareket olu\u015fturur. Bu etkili g\u00fc\u00e7 aktar\u0131m\u0131, trakt\u00f6r operasyonlar\u0131 \u00fczerinde hassas kontrol sa\u011flayarak genel verimlili\u011fi art\u0131r\u0131r.<\/p>\n<p>\u00d6zetle, 10033 Trakt\u00f6r i\u00e7in Y\u00fcksek Kaliteli Mini \u00c7ift Etkili Hidrolik Silindir, tar\u0131msal uygulamalar i\u00e7in g\u00fcvenilir ve verimli bir \u00e7\u00f6z\u00fcmd\u00fcr. Dayan\u0131kl\u0131 yap\u0131s\u0131, kompakt tasar\u0131m\u0131 ve \u00e7ok y\u00f6nl\u00fcl\u00fc\u011f\u00fc, onu trakt\u00f6rlerin performans\u0131n\u0131 ve verimlili\u011fini art\u0131rmak i\u00e7in vazge\u00e7ilmez bir ara\u00e7 haline getirir.<\/p>\n<p><img decoding=\"async\" class=\"aligncenter\" src=\"https:\/\/hzpt.com\/wp-content\/uploads\/2023\/12\/random-3.webp\" alt=\"\" title=\"\"><\/p>\n<h2>SSS<\/h2>\n<dl>\n<dt>S1: Hidrolik silindirin kapasitesi nedir?<\/dt>\n<dd>A1: Hidrolik silindir \u00e7ift etkilidir.<\/dd>\n<dt>S2: \u00dcr\u00fcn\u00fcn ta\u015f\u0131ma kapasitesi nedir?<\/dt>\n<dd>C2: \u00dcr\u00fcn\u00fcn ta\u015f\u0131ma kabiliyeti y\u00fcksektir.<\/dd>\n<dt>S3: \u00dcr\u00fcn enerji a\u00e7\u0131s\u0131ndan verimli mi?<\/dt>\n<dd>C3: Evet, hidrolik silindir g\u00fcc\u00fc etkin bir \u015fekilde kullan\u0131r ve bu da daha d\u00fc\u015f\u00fck enerji t\u00fcketimine neden olur.<\/dd>\n<dt>S4: \u00dcr\u00fcn\u00fcn g\u00fcvenlik \u00f6nlemleri nelerdir?<\/dt>\n<dd>C4: \u00dcr\u00fcn, kullan\u0131m s\u0131ras\u0131nda herhangi bir kazaya sebebiyet vermeyecek \u015fekilde g\u00fcvenlik \u00f6nlemleri al\u0131narak tasarlanm\u0131\u015ft\u0131r.<\/dd>\n<dt>S5: Bu hidrolik silindirin kullan\u0131m alanlar\u0131 nelerdir?<\/dt>\n<dd>A5: Bu hidrolik silindir \u00f6ncelikle trakt\u00f6rlerde \u00e7e\u015fitli i\u015flemler i\u00e7in kullan\u0131l\u0131r.<\/dd>\n<\/dl>\n<h2>Kaynakl\u0131 T Tipi Silindirin Avantajlar\u0131<\/h2>\n<ul>\n<li style=\"list-style-type: none;\">\n<ul>\n<li><strong>Artt\u0131r\u0131lm\u0131\u015f G\u00fc\u00e7:<\/strong> Kaynakl\u0131 T tipi silindirler, y\u00fcksek mukavemetleriyle bilinir ve a\u011f\u0131r kald\u0131rma gerektiren uygulamalar i\u00e7in uygundur. Bu silindirlerin imalat\u0131nda kullan\u0131lan kaynak i\u015flemi, silindirin zay\u0131f noktalardan ar\u0131nd\u0131r\u0131lm\u0131\u015f olmas\u0131n\u0131 ve y\u00fcksek bas\u0131n\u00e7 ve gerilime dayanabilmesini sa\u011flar.<\/li>\n<\/ul>\n<\/li>\n<\/ul>\n<p>Silindire uygulanan bas\u0131n\u00e7, t\u00fcm y\u00fczeye e\u015fit olarak da\u011f\u0131larak deformasyona kar\u015f\u0131 diren\u00e7li hale gelir. Bu \u00f6zellik, silindirin en zorlu ko\u015fullarda bile \u015feklini ve yap\u0131sal b\u00fct\u00fcnl\u00fc\u011f\u00fcn\u00fc koruyabilmesini sa\u011flar.<\/p>\n<ul>\n<li style=\"list-style-type: none;\">\n<ul>\n<li><strong>S\u0131z\u0131nt\u0131 \u00d6nleme:<\/strong> Kaynakl\u0131 T tipi silindirler, s\u0131z\u0131nt\u0131y\u0131 \u00f6nleyecek \u015fekilde tasarlanm\u0131\u015ft\u0131r. \u00dcretim s\u00fcrecinde kullan\u0131lan kaynak i\u015flemi, silindirin tamamen s\u0131zd\u0131rmaz olmas\u0131n\u0131 ve olas\u0131 s\u0131z\u0131nt\u0131lardan ar\u0131nd\u0131r\u0131lmas\u0131n\u0131 sa\u011flar. Bu \u00f6zellik, s\u0131z\u0131nt\u0131n\u0131n ciddi hasara veya yaralanmaya neden olabilece\u011fi uygulamalarda kullan\u0131m i\u00e7in uygundur.<\/li>\n<\/ul>\n<\/li>\n<\/ul>\n<p>Kaynakl\u0131 ba\u011flant\u0131lar p\u00fcr\u00fczs\u00fczd\u00fcr, d\u00f6k\u00fcnt\u00fc veya kirin birikebilece\u011fi herhangi bir yar\u0131k veya oluk yoktur, bu da korozyon ve silindire zarar verme riskini azalt\u0131r.<\/p>\n<ul>\n<li style=\"list-style-type: none;\">\n<ul>\n<li><strong>\u00d6zelle\u015ftirilebilir:<\/strong> Kaynakl\u0131 T tipi silindirler, belirli uygulamalara uyacak \u015fekilde \u00f6zelle\u015ftirilebilir. Silindirler farkl\u0131 boyut ve \u015fekillerde mevcuttur ve uygulaman\u0131n \u00f6zel gereksinimlerini kar\u015f\u0131layacak \u015fekilde \u00fcretilebilir.<\/li>\n<\/ul>\n<\/li>\n<\/ul>\n<p>\u00d6zelle\u015ftirme s\u00fcreci, silindirin performans a\u00e7\u0131s\u0131ndan optimize edilmesini ve ama\u00e7lanan uygulamaya uygun olmas\u0131n\u0131 sa\u011flar. Bu \u00f6zellik, kaynakl\u0131 T tipi silindirleri in\u015faat, madencilik ve malzeme ta\u015f\u0131ma gibi \u00e7e\u015fitli end\u00fcstriyel uygulamalarda kullan\u0131m i\u00e7in ideal hale getirir.<\/p>\n<ul>\n<li style=\"list-style-type: none;\">\n<ul>\n<li><strong>Maliyet Etkin:<\/strong> Kaynakl\u0131 T tipi silindirler, di\u011fer silindir tiplerine k\u0131yasla uygun maliyetlidir. Bu silindirlerin \u00fcretiminde kullan\u0131lan imalat s\u00fcreci basittir ve bu da onlar\u0131 di\u011fer silindir tiplerine g\u00f6re daha uygun maliyetli k\u0131lar.<\/li>\n<\/ul>\n<\/li>\n<\/ul>\n<p>Ayr\u0131ca, kaynakl\u0131 T tipi silindirlerin y\u00fcksek mukavemeti ve dayan\u0131kl\u0131l\u0131\u011f\u0131, s\u0131k onar\u0131m ve de\u011fi\u015ftirme ihtiyac\u0131n\u0131 azaltarak bak\u0131m maliyetlerinden tasarruf sa\u011flar. Bu \u00f6zellik, onlar\u0131 \u00f6zellikle s\u0131n\u0131rl\u0131 b\u00fct\u00e7eye sahip bir\u00e7ok sekt\u00f6r i\u00e7in pop\u00fcler bir tercih haline getirir.<\/p>\n<ul>\n<li style=\"list-style-type: none;\">\n<ul>\n<li><strong>Artan Verimlilik:<\/strong> Kaynakl\u0131 T tipi silindirler son derece verimli ve etkilidir. Silindirin tasar\u0131m\u0131, uygulanan kuvvetin do\u011frudan y\u00fcke aktar\u0131lmas\u0131n\u0131 sa\u011flayarak enerji kayb\u0131n\u0131 azalt\u0131r ve verimlili\u011fi art\u0131r\u0131r.<\/li>\n<\/ul>\n<\/li>\n<\/ul>\n<p>Kaynakl\u0131 ba\u011flant\u0131lar g\u00fc\u00e7l\u00fc ve sa\u011flamd\u0131r, sapmay\u0131 en aza indirir ve silindirin en zorlu ko\u015fullarda bile \u015feklini ve yap\u0131sal b\u00fct\u00fcnl\u00fc\u011f\u00fcn\u00fc korumas\u0131n\u0131 sa\u011flar. Bu \u00f6zellik, kaynakl\u0131 T tipi silindirleri y\u00fcksek verimlilik ve g\u00fcvenilirlik gerektiren uygulamalarda kullan\u0131m i\u00e7in ideal hale getirir.<\/p>\n<p><img loading=\"lazy\" decoding=\"async\" class=\"size-full wp-image-974 aligncenter\" src=\"https:\/\/fmp-components.com\/wp-content\/uploads\/2024\/12\/application-of-Welded-Tee-Type-Cylinder.webp\" alt=\"Kaynakl\u0131 T Tipi Silindirin Uygulamas\u0131\" width=\"760\" height=\"860\" title=\"\" srcset=\"https:\/\/fmp-components.com\/wp-content\/uploads\/2024\/12\/application-of-Welded-Tee-Type-Cylinder.webp 760w, https:\/\/fmp-components.com\/wp-content\/uploads\/2024\/12\/application-of-Welded-Tee-Type-Cylinder-480x543.webp 480w\" sizes=\"(min-width: 0px) and (max-width: 480px) 480px, (min-width: 481px) 760px, 100vw\" \/><\/p>\n<h2>Kaynakl\u0131 T Tipi Silindir Uygulamas\u0131<\/h2>\n<h3>girii\u015f<\/h3>\n<p>Kaynakl\u0131 T tipi silindir, end\u00fcstriyel uygulamalarda yayg\u0131n olarak kullan\u0131lan bir hidrolik silindir t\u00fcr\u00fcd\u00fcr. Kompakt ve uygun maliyetli bir pakette y\u00fcksek kuvvet \u00e7\u0131k\u0131\u015f\u0131 sa\u011flamak \u00fczere tasarlanm\u0131\u015ft\u0131r. Bu tip silindir, kaynakl\u0131 bir T par\u00e7as\u0131 ve bu par\u00e7aya ba\u011fl\u0131 bir piston \u00e7ubu\u011fundan olu\u015fur. T par\u00e7as\u0131, silindirin namlusuna ba\u011fl\u0131d\u0131r ve namlu i\u00e7inde ileri geri hareket ederek kuvvet \u00fcreten bir piston i\u00e7erir.<\/p>\n<h3>Kaynakl\u0131 T Tipi Silindirin Avantajlar\u0131<\/h3>\n<p>End\u00fcstriyel uygulamalarda kaynakl\u0131 T tipi silindir kullanman\u0131n bir\u00e7ok avantaj\u0131 vard\u0131r:<\/p>\n<ul>\n<li><b>Kompakt tasar\u0131m:<\/b> Kaynakl\u0131 T tipi silindirler, alan\u0131n k\u0131s\u0131tl\u0131 oldu\u011fu uygulamalarda kullan\u0131m i\u00e7in ideal olacak \u015fekilde kompakt olarak tasarlanm\u0131\u015ft\u0131r.<\/li>\n<li><b>Y\u00fcksek verimlilik:<\/b> Kaynakl\u0131 T tipi silindirler olduk\u00e7a verimlidir, bu da minimum enerji giri\u015fiyle b\u00fcy\u00fck miktarda kuvvet \u00fcretebilecekleri anlam\u0131na gelir.<\/li>\n<li><b>Dayan\u0131kl\u0131:<\/b> Kaynakl\u0131 T tipi silindirler son derece dayan\u0131kl\u0131 olacak \u015fekilde tasarlanm\u0131\u015ft\u0131r, bu da zorlu \u00e7al\u0131\u015fma ko\u015fullar\u0131na dayanabilecekleri ve uzun s\u00fcre dayanabilecekleri anlam\u0131na gelir.<\/li>\n<li><b>Maliyet etkin:<\/b> Kaynakl\u0131 T tipi silindirler maliyet a\u00e7\u0131s\u0131ndan avantajl\u0131d\u0131r, yani paran\u0131z\u0131n kar\u015f\u0131l\u0131\u011f\u0131n\u0131 fazlas\u0131yla al\u0131rs\u0131n\u0131z.<\/li>\n<\/ul>\n<h3>Kaynakl\u0131 T Tipi Silindir Uygulamalar\u0131<\/h3>\n<p>Kaynakl\u0131 T tipi silindirlerin \u00e7e\u015fitli end\u00fcstrilerde bir\u00e7ok uygulamas\u0131 vard\u0131r, bunlar aras\u0131nda \u015funlar yer al\u0131r:<\/p>\n<ul>\n<li><b>\u00dcretme:<\/b> Kaynakl\u0131 T tipi silindirler, imalat sekt\u00f6r\u00fcnde makineleri \u00e7al\u0131\u015ft\u0131rmak, a\u011f\u0131r y\u00fckleri hareket ettirmek ve metal par\u00e7alar\u0131 \u015fekillendirmek i\u00e7in kullan\u0131l\u0131r.<\/li>\n<li><b>Tar\u0131m:<\/b> Kaynakl\u0131 T tipi silindirler tar\u0131mda trakt\u00f6r, bi\u00e7erd\u00f6ver ve di\u011fer tar\u0131m ekipmanlar\u0131ndaki hidrolik sistemleri \u00e7al\u0131\u015ft\u0131rmak i\u00e7in kullan\u0131l\u0131r.<\/li>\n<li><b>Yap\u0131:<\/b> Kaynakl\u0131 T tipi silindirler in\u015faat sekt\u00f6r\u00fcnde vin\u00e7, ekskavat\u00f6r ve kep\u00e7e gibi makineleri \u00e7al\u0131\u015ft\u0131rmak i\u00e7in kullan\u0131l\u0131r.<\/li>\n<li><b>Madencilik:<\/b> Kaynakl\u0131 T tipi silindirler, madencilikte buldozer, y\u00fckleyici ve kaya delici gibi a\u011f\u0131r ekipmanlar\u0131n hidrolik sistemlerini \u00e7al\u0131\u015ft\u0131rmak i\u00e7in kullan\u0131l\u0131r.<\/li>\n<li><b>Toplu ta\u015f\u0131ma:<\/b> Kaynakl\u0131 T tipi silindirler, ta\u015f\u0131mac\u0131l\u0131kta kamyon, otob\u00fcs ve di\u011fer ara\u00e7lardaki hidrolik sistemleri \u00e7al\u0131\u015ft\u0131rmak i\u00e7in kullan\u0131l\u0131r.<\/li>\n<\/ul>\n<p>Sonu\u00e7 olarak, kaynakl\u0131 T tipi silindirler bir\u00e7ok end\u00fcstriyel uygulamada \u00f6nemli bir bile\u015fendir. Kompakt, verimli, dayan\u0131kl\u0131 ve uygun maliyetli olacak \u015fekilde tasarland\u0131klar\u0131 i\u00e7in \u00e7ok \u00e7e\u015fitli uygulamalar i\u00e7in ideal bir se\u00e7imdir. \u0130ster bir \u00fcretim tesisinde makine, ister bir \u00e7iftlikte tar\u0131m ekipman\u0131 veya bir madende a\u011f\u0131r ekipman kullan\u0131yor olun, kaynakl\u0131 T tipi silindirler i\u015finizi verimli ve etkili bir \u015fekilde yapman\u0131za yard\u0131mc\u0131 olabilir.<\/p>\n<h3>FMP Hakk\u0131nda<\/h3>\n<p>FMP, \u00e7e\u015fitli tip ve \u00f6zelle\u015ftirilebilir se\u00e7eneklere sahip tan\u0131nm\u0131\u015f bir Hidrolik Silindir \u00fcreticisi ve tedarik\u00e7isidir. \u0130talya'n\u0131n end\u00fcstriyel b\u00f6lgesinde 30 y\u0131l\u0131 a\u015fk\u0131n s\u00fcredir faaliyet g\u00f6steren FMP, y\u00fcksek kaliteli \u00fcr\u00fcnler ve ola\u011fan\u00fcst\u00fc m\u00fc\u015fteri hizmetleri sunmas\u0131yla \u00fcn kazanm\u0131\u015ft\u0131r. Otomatik gaz korumal\u0131 kaynak makineleri, derin delik delme makineleri, CNC torna tezgahlar\u0131, silindirik ta\u015flama makineleri, otomatik temizleme makineleri, otomatik montaj makineleri, otomatik hidrolik silindir performans test tezgahlar\u0131 ve otomatik boyama hatlar\u0131 dahil olmak \u00fczere 100'den fazla \u00fcniteden olu\u015fan geni\u015f ekipman yelpazemizle gurur duyuyoruz.<\/p>\n<p><img decoding=\"async\" src=\"https:\/\/fmp-components.com\/wp-content\/uploads\/2024\/12\/fmp-factory-4.webp\" alt=\"FMP fabrikas\u0131\" width=\"800\" title=\"\"><\/p>\n<p>FMP olarak, de\u011ferli m\u00fc\u015fterilerimize \u00fcst\u00fcn kalite ve g\u00fcvenilirlik sa\u011flamak i\u00e7in her hidrolik silindirin titiz bir i\u015flem ve denetimden ge\u00e7mesini sa\u011fl\u0131yoruz. M\u00fckemmellik taahh\u00fcd\u00fcm\u00fcz, \u00fcr\u00fcnlerimizin \u00f6tesine ge\u00e7erek, \u00f6zel ihtiya\u00e7lar\u0131n\u0131z\u0131 kar\u015f\u0131layacak bir dizi hizmet sunuyoruz:<\/p>\n<ol>\n<li><strong>Tasar\u0131m Hizmeti:<\/strong> Deneyimli tasar\u0131m ekibimiz, \u00fcniversal \u015faft \u00fcr\u00fcn tasar\u0131m\u0131 ve geli\u015ftirmesi konusunda donan\u0131ml\u0131d\u0131r. \u0130ster yeni bir \u00fcr\u00fcne ister mevcut \u00fcr\u00fcnlerde iyile\u015ftirmelere ihtiyac\u0131n\u0131z olsun, size destek olmak i\u00e7in buraday\u0131z.<\/li>\n<li><strong>\u00dcr\u00fcn Servisi:<\/strong> En iyi hammaddelerin temininden, kesime, kaba i\u015fleme, test, temizlik, montaj, paketleme ve nakliyeye kadar, \u00fcretim s\u00fcrecinin her a\u015famas\u0131n\u0131 titizlikle denetleyerek en y\u00fcksek standartlar\u0131 sa\u011fl\u0131yoruz.<\/li>\n<li><strong>\u00d6rnek \u0130\u015flem:<\/strong> \u00d6zelle\u015ftirilmi\u015f numunelerin \u00f6neminin fark\u0131nday\u0131z. Numuneleri \u00f6zel ihtiya\u00e7lar\u0131n\u0131za g\u00f6re geli\u015ftirebilir ve ihtiya\u00e7lar\u0131n\u0131z\u0131 kar\u015f\u0131layana kadar s\u00fcrekli olarak de\u011fi\u015ftirebiliriz.<\/li>\n<li><strong>Ar-Ge:<\/strong> Yenilik\u00e7ili\u011fe kendini adam\u0131\u015f bir \u015firket olarak, \u00f6zellikle yeni otomobil modelleri piyasaya sunuldu\u011funda, de\u011fi\u015fen pazar ihtiya\u00e7lar\u0131n\u0131 s\u00fcrekli olarak inceliyoruz. Bu sayede, en son trendlere uygun yeni ve geli\u015ftirilmi\u015f hidrolik silindir modelleri geli\u015ftirebiliyoruz.<\/li>\n<\/ol>\n<p>G\u00fcvenilir orta\u011f\u0131n\u0131z olarak FMP'yi se\u00e7erek, en y\u00fcksek kalitede hidrolik silindirlere ve bir\u00e7ok avantaja eri\u015febilirsiniz. Temel g\u00fc\u00e7l\u00fc y\u00f6nlerimiz \u015funlard\u0131r:<\/p>\n<ul>\n<li>\u00dcst\u00fcn Kalite: Her hidrolik silindir, ola\u011fan\u00fcst\u00fc performans ve dayan\u0131kl\u0131l\u0131\u011f\u0131 garanti alt\u0131na almak i\u00e7in s\u0131k\u0131 bir i\u015fleme ve denetime tabi tutulur.<\/li>\n<li>\u00d6zelle\u015ftirme: Benzersiz gereksinimlerinizi kar\u015f\u0131lamak i\u00e7in \u00f6zel \u00e7\u00f6z\u00fcmler sunuyoruz ve hidrolik silindirlerimizin uygulamalar\u0131n\u0131zla m\u00fckemmel bir \u015fekilde uyum sa\u011flamas\u0131n\u0131 garantiliyoruz.<\/li>\n<li>Geni\u015f Ekipman Yelpazesi: Geli\u015fmi\u015f ekipmanlar\u0131n geni\u015f yelpazesiyle, \u00e7e\u015fitli \u00f6zelliklere ve end\u00fcstri ihtiya\u00e7lar\u0131na uygun hidrolik silindirler \u00fcretebiliyoruz.<\/li>\n<li>Deneyimli Tasar\u0131m Ekibi: Yetenekli tasar\u0131m ekibimiz, \u00fcr\u00fcn tasar\u0131m\u0131nda derin uzmanl\u0131\u011fa sahiptir ve bu sayede yenilik\u00e7i ve g\u00fcvenilir \u00e7\u00f6z\u00fcmler sunabiliyoruz.<\/li>\n<li>Kapsaml\u0131 Hizmetler: Tasar\u0131mdan \u00fcretime, teslimattan sat\u0131\u015f sonras\u0131 deste\u011fe kadar, \u00f6zverili ekibimiz t\u00fcm s\u00fcre\u00e7 boyunca kusursuz bir deneyim sunmaya kendini adam\u0131\u015ft\u0131r.<\/li>\n<\/ul>\n<p>Bug\u00fcn FMP ile ortak olun ve hidrolik silindir sekt\u00f6r\u00fcnde bizi farkl\u0131 k\u0131lan m\u00fckemmelli\u011fi deneyimleyin.<\/p>\n<p>Yazar:CX<\/p>","protected":false},"excerpt":{"rendered":"<p>The 10033 Good Quality Mini Hydraulic Cylinder is specifically designed for tractor applications, offering reliable performance and efficient operation. This double acting hydraulic cylinder is compact yet powerful, making it an essential component for various agricultural tasks. Key Features: Double Acting Design: The double acting mechanism allows for smooth operation in both extension and retraction, [&hellip;]<\/p>","protected":false},"featured_media":1133,"comment_status":"closed","ping_status":"closed","template":"","meta":{"_et_pb_use_builder":"","_et_pb_old_content":"","_et_gb_content_width":""},"product_brand":[],"product_cat":[31],"product_tag":[34,35],"class_list":{"0":"post-953","1":"product","2":"type-product","3":"status-publish","4":"has-post-thumbnail","6":"product_cat-welded-tee-type-cylinder","7":"product_tag-hydraulic-cylinder","8":"product_tag-welded-tee-type-cylinder","10":"first","11":"instock","12":"product-type-simple"},"_links":{"self":[{"href":"https:\/\/fmp-components.com\/tr\/wp-json\/wp\/v2\/product\/953","targetHints":{"allow":["GET"]}}],"collection":[{"href":"https:\/\/fmp-components.com\/tr\/wp-json\/wp\/v2\/product"}],"about":[{"href":"https:\/\/fmp-components.com\/tr\/wp-json\/wp\/v2\/types\/product"}],"replies":[{"embeddable":true,"href":"https:\/\/fmp-components.com\/tr\/wp-json\/wp\/v2\/comments?post=953"}],"wp:featuredmedia":[{"embeddable":true,"href":"https:\/\/fmp-components.com\/tr\/wp-json\/wp\/v2\/media\/1133"}],"wp:attachment":[{"href":"https:\/\/fmp-components.com\/tr\/wp-json\/wp\/v2\/media?parent=953"}],"wp:term":[{"taxonomy":"product_brand","embeddable":true,"href":"https:\/\/fmp-components.com\/tr\/wp-json\/wp\/v2\/product_brand?post=953"},{"taxonomy":"product_cat","embeddable":true,"href":"https:\/\/fmp-components.com\/tr\/wp-json\/wp\/v2\/product_cat?post=953"},{"taxonomy":"product_tag","embeddable":true,"href":"https:\/\/fmp-components.com\/tr\/wp-json\/wp\/v2\/product_tag?post=953"}],"curies":[{"name":"wp","href":"https:\/\/api.w.org\/{rel}","templated":true}]}}