{"id":952,"date":"2024-12-19T03:39:43","date_gmt":"2024-12-19T03:39:43","guid":{"rendered":"https:\/\/fmp-components.com\/product\/10032-factory-direct-sale-double-acting-hydraulic-cylinder-for-trailer\/"},"modified":"2024-12-19T08:47:35","modified_gmt":"2024-12-19T08:47:35","slug":"10032-factory-direct-sale-double-acting-hydraulic-cylinder-for-trailer","status":"publish","type":"product","link":"https:\/\/fmp-components.com\/tr\/product\/10032-factory-direct-sale-double-acting-hydraulic-cylinder-for-trailer\/","title":{"rendered":"10032 Fabrika Do\u011frudan Sat\u0131\u015f R\u00f6mork \u0130\u00e7in \u00c7ift Etkili Hidrolik Silindir"},"content":{"rendered":"<p>10032 Fabrika Do\u011frudan Sat\u0131\u015f \u00c7ift Etkili Hidrolik Silindir, r\u00f6mork uygulamalar\u0131 i\u00e7in \u00f6zel olarak tasarlanm\u0131\u015f olup ola\u011fan\u00fcst\u00fc performans ve g\u00fcvenilirlik sunar. Bu hidrolik silindir, g\u00fc\u00e7l\u00fc kald\u0131rma ve indirme kabiliyetleri sa\u011flayacak \u015fekilde tasarlanm\u0131\u015ft\u0131r ve bu da onu verimli r\u00f6mork operasyonlar\u0131 i\u00e7in vazge\u00e7ilmez k\u0131lar.<\/p>\n<h4>Temel \u00d6zellikler:<\/h4>\n<ul>\n<li><strong>\u00c7ift Etkili \u0130\u015flevsellik<\/strong>: Hem uzatma hem de geri \u00e7ekmede d\u00fczg\u00fcn \u00e7al\u0131\u015fmaya olanak tan\u0131r, y\u00fckleme ve bo\u015faltma g\u00f6revleri s\u0131ras\u0131nda hassas kontrol sa\u011flar.<\/li>\n<li><strong>Fabrika Do\u011frudan Sat\u0131\u015f<\/strong>: Do\u011frudan \u00fcreticiden sunularak, arac\u0131 olmadan rekabet\u00e7i fiyatland\u0131rma ve y\u00fcksek kalite sa\u011flan\u0131r.<\/li>\n<li><strong>Sa\u011flam Yap\u0131<\/strong>: A\u011f\u0131r y\u00fckler ve zorlu \u00e7al\u0131\u015fma ko\u015fullar\u0131na dayanacak \u015fekilde y\u00fcksek mukavemetli malzemelerle \u00fcretilmi\u015ftir, dayan\u0131kl\u0131l\u0131k ve uzun \u00f6m\u00fcr sa\u011flar.<\/li>\n<li><strong>Korozyona Dayan\u0131kl\u0131 Kaplama<\/strong>: Pas ve korozyona kar\u015f\u0131 koruma sa\u011flayan kaplamal\u0131, d\u0131\u015f mekan kullan\u0131m\u0131na ve \u00e7e\u015fitli hava ko\u015fullar\u0131na uygundur.<\/li>\n<li><strong>Kolay Kurulum<\/strong>:Mevcut r\u00f6mork sistemlerine h\u0131zl\u0131 ve kolay entegrasyon i\u00e7in tasarlanm\u0131\u015ft\u0131r, kurulum s\u00fcresini en aza indirir.<\/li>\n<\/ul>\n<h4>Faydalar:<\/h4>\n<ul>\n<li><strong>Artt\u0131r\u0131lm\u0131\u015f Verimlilik<\/strong>: Treylerlerin operasyonel etkinli\u011fini art\u0131r\u0131r, kald\u0131rma ve indirme i\u015flemlerinin d\u00fczg\u00fcn ve g\u00fcvenilir bir \u015fekilde yap\u0131lmas\u0131n\u0131 kolayla\u015ft\u0131r\u0131r.<\/li>\n<li><strong>\u00c7ok Y\u00f6nl\u00fc Uygulamalar<\/strong>: \u00c7e\u015fitli r\u00f6mork tipleri ve kullan\u0131mlar\u0131 i\u00e7in uygundur, bu da onu ekipman\u0131n\u0131za \u00e7ok y\u00f6nl\u00fc bir eklenti yapar.<\/li>\n<li><strong>Azalt\u0131lm\u0131\u015f Bak\u0131m Maliyetleri<\/strong>: Dayan\u0131kl\u0131 tasar\u0131m\u0131 a\u015f\u0131nmay\u0131 en aza indirerek zamanla bak\u0131m masraflar\u0131n\u0131n d\u00fc\u015fmesini sa\u011flar.<\/li>\n<\/ul>\n<p>10032 Fabrika Do\u011frudan Sat\u0131\u015f \u00c7ift Etkili Hidrolik Silindir, g\u00fcvenilir performans ve verimlilik sa\u011flayan, r\u00f6morklar i\u00e7in olmazsa olmaz bir bile\u015fendir. Sa\u011flam tasar\u0131m\u0131 ve fabrika do\u011frudan sat\u0131\u015f fiyat\u0131, r\u00f6mork operasyonlar\u0131n\u0131 geli\u015ftirmek isteyen herkes i\u00e7in m\u00fckemmel bir se\u00e7imdir.<\/p>\n<p><img decoding=\"async\" src=\"https:\/\/hzpt.com\/wp-content\/uploads\/2023\/12\/random-3.webp\" alt=\"\" title=\"\"><\/p>\n<p>&nbsp;<\/p>\n<h2>Kaynakl\u0131 T Tipi Silindirin Avantajlar\u0131<\/h2>\n<ul>\n<li style=\"list-style-type: none;\">\n<ul>\n<li><strong>Artt\u0131r\u0131lm\u0131\u015f G\u00fc\u00e7:<\/strong> Kaynakl\u0131 T tipi silindirler, y\u00fcksek mukavemetleriyle bilinir ve a\u011f\u0131r kald\u0131rma gerektiren uygulamalar i\u00e7in uygundur. Bu silindirlerin imalat\u0131nda kullan\u0131lan kaynak i\u015flemi, silindirin zay\u0131f noktalardan ar\u0131nd\u0131r\u0131lm\u0131\u015f olmas\u0131n\u0131 ve y\u00fcksek bas\u0131n\u00e7 ve gerilime dayanabilmesini sa\u011flar.<\/li>\n<\/ul>\n<\/li>\n<\/ul>\n<p>Silindire uygulanan bas\u0131n\u00e7, t\u00fcm y\u00fczeye e\u015fit olarak da\u011f\u0131larak deformasyona kar\u015f\u0131 diren\u00e7li hale gelir. Bu \u00f6zellik, silindirin en zorlu ko\u015fullarda bile \u015feklini ve yap\u0131sal b\u00fct\u00fcnl\u00fc\u011f\u00fcn\u00fc koruyabilmesini sa\u011flar.<\/p>\n<ul>\n<li style=\"list-style-type: none;\">\n<ul>\n<li><strong>S\u0131z\u0131nt\u0131 \u00d6nleme:<\/strong> Kaynakl\u0131 T tipi silindirler, s\u0131z\u0131nt\u0131y\u0131 \u00f6nleyecek \u015fekilde tasarlanm\u0131\u015ft\u0131r. \u00dcretim s\u00fcrecinde kullan\u0131lan kaynak i\u015flemi, silindirin tamamen s\u0131zd\u0131rmaz olmas\u0131n\u0131 ve olas\u0131 s\u0131z\u0131nt\u0131lardan ar\u0131nd\u0131r\u0131lmas\u0131n\u0131 sa\u011flar. Bu \u00f6zellik, s\u0131z\u0131nt\u0131n\u0131n ciddi hasara veya yaralanmaya neden olabilece\u011fi uygulamalarda kullan\u0131m i\u00e7in uygundur.<\/li>\n<\/ul>\n<\/li>\n<\/ul>\n<p>Kaynakl\u0131 ba\u011flant\u0131lar p\u00fcr\u00fczs\u00fczd\u00fcr, d\u00f6k\u00fcnt\u00fc veya kirin birikebilece\u011fi herhangi bir yar\u0131k veya oluk yoktur, bu da korozyon ve silindire zarar verme riskini azalt\u0131r.<\/p>\n<ul>\n<li style=\"list-style-type: none;\">\n<ul>\n<li><strong>\u00d6zelle\u015ftirilebilir:<\/strong> Kaynakl\u0131 T tipi silindirler, belirli uygulamalara uyacak \u015fekilde \u00f6zelle\u015ftirilebilir. Silindirler farkl\u0131 boyut ve \u015fekillerde mevcuttur ve uygulaman\u0131n \u00f6zel gereksinimlerini kar\u015f\u0131layacak \u015fekilde \u00fcretilebilir.<\/li>\n<\/ul>\n<\/li>\n<\/ul>\n<p>\u00d6zelle\u015ftirme s\u00fcreci, silindirin performans a\u00e7\u0131s\u0131ndan optimize edilmesini ve ama\u00e7lanan uygulamaya uygun olmas\u0131n\u0131 sa\u011flar. Bu \u00f6zellik, kaynakl\u0131 T tipi silindirleri in\u015faat, madencilik ve malzeme ta\u015f\u0131ma gibi \u00e7e\u015fitli end\u00fcstriyel uygulamalarda kullan\u0131m i\u00e7in ideal hale getirir.<\/p>\n<ul>\n<li style=\"list-style-type: none;\">\n<ul>\n<li><strong>Maliyet Etkin:<\/strong> Kaynakl\u0131 T tipi silindirler, di\u011fer silindir tiplerine k\u0131yasla uygun maliyetlidir. Bu silindirlerin \u00fcretiminde kullan\u0131lan imalat s\u00fcreci basittir ve bu da onlar\u0131 di\u011fer silindir tiplerine g\u00f6re daha uygun maliyetli k\u0131lar.<\/li>\n<\/ul>\n<\/li>\n<\/ul>\n<p>Ayr\u0131ca, kaynakl\u0131 T tipi silindirlerin y\u00fcksek mukavemeti ve dayan\u0131kl\u0131l\u0131\u011f\u0131, s\u0131k onar\u0131m ve de\u011fi\u015ftirme ihtiyac\u0131n\u0131 azaltarak bak\u0131m maliyetlerinden tasarruf sa\u011flar. Bu \u00f6zellik, onlar\u0131 \u00f6zellikle s\u0131n\u0131rl\u0131 b\u00fct\u00e7eye sahip bir\u00e7ok sekt\u00f6r i\u00e7in pop\u00fcler bir tercih haline getirir.<\/p>\n<ul>\n<li style=\"list-style-type: none;\">\n<ul>\n<li><strong>Artan Verimlilik:<\/strong> Kaynakl\u0131 T tipi silindirler son derece verimli ve etkilidir. Silindirin tasar\u0131m\u0131, uygulanan kuvvetin do\u011frudan y\u00fcke aktar\u0131lmas\u0131n\u0131 sa\u011flayarak enerji kayb\u0131n\u0131 azalt\u0131r ve verimlili\u011fi art\u0131r\u0131r.<\/li>\n<\/ul>\n<\/li>\n<\/ul>\n<p>Kaynakl\u0131 ba\u011flant\u0131lar g\u00fc\u00e7l\u00fc ve sa\u011flamd\u0131r, sapmay\u0131 en aza indirir ve silindirin en zorlu ko\u015fullarda bile \u015feklini ve yap\u0131sal b\u00fct\u00fcnl\u00fc\u011f\u00fcn\u00fc korumas\u0131n\u0131 sa\u011flar. Bu \u00f6zellik, kaynakl\u0131 T tipi silindirleri y\u00fcksek verimlilik ve g\u00fcvenilirlik gerektiren uygulamalarda kullan\u0131m i\u00e7in ideal hale getirir.<\/p>\n<p><img decoding=\"async\" src=\"https:\/\/hzpt.com\/wp-content\/uploads\/2023\/12\/random-1.webp?v=1694163707\" alt=\"\" title=\"\"><\/p>\n<h2>Kaynakl\u0131 T Tipi Silindir Uygulamas\u0131<\/h2>\n<ol>\n<li>\n<h3>Otomotiv End\u00fcstrisi<\/h3>\n<p>Kaynakl\u0131 T Tipi Silindirler, otomotiv end\u00fcstrisinde yayg\u0131n olarak kullan\u0131lmaktad\u0131r. Otomobil kap\u0131lar\u0131nda, kaput ve bagaj kapa\u011f\u0131 kald\u0131rmalar\u0131nda, a\u00e7\u0131l\u0131r tavanlarda ve hidrolik direksiyon sistemlerinde kullan\u0131l\u0131rlar. Bu silindirler, d\u00fc\u015f\u00fck alan gereksinimiyle y\u00fcksek kuvvet \u00e7\u0131k\u0131\u015f\u0131 sa\u011flayabilmeleri nedeniyle tercih edilir. T Tipi silindir tasar\u0131m\u0131, kuvvetin iki farkl\u0131 y\u00f6nde aktar\u0131lmas\u0131 gereken uygulamalar i\u00e7in idealdir.<\/p>\n<p>Ayr\u0131ca, bu silindirlerin kaynakl\u0131 yap\u0131s\u0131, y\u00fcksek s\u0131cakl\u0131k ve bas\u0131n\u00e7larda s\u0131z\u0131nt\u0131 olmadan \u00e7al\u0131\u015fmas\u0131na olanak tan\u0131r ve bu sayede motorlarda, \u015fanz\u0131manlarda ve fren sistemlerinde kullan\u0131ma uygundur.<\/li>\n<li>\n<h3>\u00dcretim Sanayi<\/h3>\n<p>Kaynakl\u0131 T Tipi Silindirler imalat sanayinde de kullan\u0131l\u0131r. Hidrolik preslerde, d\u00f6vme makinelerinde ve metal kesme makinelerinde kullan\u0131l\u0131rlar. Bu silindirlerin y\u00fcksek kuvvet \u00e7\u0131k\u0131\u015f\u0131, onlar\u0131 dar bir alanda y\u00fcksek kuvvet gerektiren uygulamalar i\u00e7in ideal hale getirir.<\/p>\n<p>T Tipi silindir tasar\u0131m\u0131, kuvvetin iki farkl\u0131 y\u00f6nde aktar\u0131lmas\u0131 gereken uygulamalar i\u00e7in de olduk\u00e7a uygundur. \u00d6rne\u011fin, bir hidrolik preste T Tipi silindir, kuvveti hem dikey hem de yatay olarak uygulamak i\u00e7in kullan\u0131labilir ve bu da daha karma\u015f\u0131k \u00fcretim s\u00fcre\u00e7lerine olanak tan\u0131r.<\/li>\n<li>\n<h3>Havac\u0131l\u0131k ve Uzay Sanayii<\/h3>\n<p>Kaynakl\u0131 T Tipi Silindirler, havac\u0131l\u0131k end\u00fcstrisinde \u00e7e\u015fitli uygulamalarda kullan\u0131l\u0131r. \u0130ni\u015f tak\u0131m\u0131 sistemlerinde, kargo kap\u0131lar\u0131nda ve u\u00e7u\u015f kontrol sistemlerinde kullan\u0131l\u0131rlar. Bu silindirlerin y\u00fcksek kuvvet \u00e7\u0131k\u0131\u015f\u0131 ve kompakt tasar\u0131m\u0131, onlar\u0131 u\u00e7aklardaki s\u0131n\u0131rl\u0131 alanda kullan\u0131m i\u00e7in ideal k\u0131lar.<\/p>\n<p>Bu silindirlerin kaynakl\u0131 yap\u0131s\u0131, u\u00e7u\u015f s\u0131ras\u0131nda maruz kald\u0131klar\u0131 y\u00fcksek bas\u0131n\u00e7 ve s\u0131cakl\u0131klara kar\u015f\u0131 da dayan\u0131kl\u0131d\u0131r. Ayr\u0131ca, T Tipi silindir tasar\u0131m\u0131, kuvvetin iki farkl\u0131 y\u00f6nde aktar\u0131lmas\u0131na olanak tan\u0131r ve bu da kuvvetin a\u00e7\u0131l\u0131 olarak uygulanmas\u0131 gereken uygulamalar i\u00e7in idealdir.<\/li>\n<li>\n<h3>\u0130n\u015faat Sekt\u00f6r\u00fc<\/h3>\n<p>Kaynakl\u0131 T Tipi Silindirler, in\u015faat sekt\u00f6r\u00fcnde a\u011f\u0131r kald\u0131rma ve ta\u015f\u0131ma uygulamalar\u0131nda kullan\u0131l\u0131r. Vin\u00e7lerde, ekskavat\u00f6rlerde ve kep\u00e7elerde kullan\u0131l\u0131rlar. Bu silindirlerin y\u00fcksek kuvvet \u00e7\u0131k\u0131\u015f\u0131 ve kompakt tasar\u0131m\u0131, onlar\u0131 \u015fantiyedeki s\u0131n\u0131rl\u0131 alanda kullan\u0131m i\u00e7in ideal k\u0131lar.<\/p>\n<p>Tee Tipi silindir tasar\u0131m\u0131, kuvvetin iki farkl\u0131 y\u00f6nde aktar\u0131lmas\u0131na olanak tan\u0131r ve bu sayede kuvvetin a\u00e7\u0131l\u0131 olarak uygulanmas\u0131 gereken uygulamalar i\u00e7in idealdir. Ayr\u0131ca, bu silindirlerin kaynakl\u0131 yap\u0131s\u0131, y\u00fcksek bas\u0131n\u00e7 ve s\u0131cakl\u0131klarda s\u0131z\u0131nt\u0131 olmadan \u00e7al\u0131\u015fmas\u0131n\u0131 sa\u011flayarak zorlu d\u0131\u015f mekan ko\u015fullar\u0131nda kullan\u0131ma uygundur.<\/li>\n<\/ol>\n<h3>FMP Hakk\u0131nda<\/h3>\n<p>FMP, sekt\u00f6rde 30 y\u0131l\u0131 a\u015fk\u0131n deneyime sahip profesyonel bir Hidrolik Silindir \u00fcreticisi ve distrib\u00fct\u00f6r\u00fcd\u00fcr. End\u00fcstriyel alan\u0131m\u0131z \u0130talya'da olup, otomatik gaz korumal\u0131 kaynak makineleri, derin delik delme makineleri, CNC torna tezgahlar\u0131, silindirik ta\u015flama makineleri, otomatik temizleme makineleri, otomatik montaj makineleri, otomatik hidrolik silindir performans test tezgahlar\u0131, otomatik boyama hatlar\u0131 ve daha fazlas\u0131 dahil olmak \u00fczere 100'den fazla ekipmana sahibiz. Her Hidrolik Silindir, m\u00fc\u015fterilerimize iyi kaliteyi garanti etmek i\u00e7in s\u0131k\u0131 bir i\u015fleme ve denetimden ge\u00e7mektedir.<\/p>\n<p>FMP'yi se\u00e7meniz i\u00e7in be\u015f neden:<\/p>\n<p>1. Tasar\u0131m Hizmeti: Tasar\u0131m ekibimiz, \u00fcniversal \u015faft \u00fcr\u00fcn tasar\u0131m\u0131 ve geli\u015ftirme konusunda zengin deneyime sahiptir. Yeni \u00fcr\u00fcnlere ihtiyac\u0131n\u0131z varsa veya daha fazla iyile\u015ftirme istiyorsan\u0131z, size destek olaca\u011f\u0131z.<\/p>\n<p>2. \u00dcr\u00fcn Servisi: \u00dcr\u00fcnlerimiz, hammadde temini, kesim, kaba i\u015fleme, test, temizlik, montaj, paketleme ve nakliye gibi zorlu bir s\u00fcre\u00e7ten ge\u00e7er. Bu sayede \u00fcr\u00fcnlerimiz en y\u00fcksek kalitede olur ve ihtiya\u00e7lar\u0131n\u0131z\u0131 kar\u015f\u0131lar.<\/p>\n<p>3. Numune S\u00fcreci: \u0130htiya\u00e7lar\u0131n\u0131za g\u00f6re numuneler geli\u015ftirebilir ve bunlar\u0131 ihtiya\u00e7lar\u0131n\u0131za g\u00f6re s\u00fcrekli olarak g\u00fcncelleyebiliriz. Bu sayede \u00fcr\u00fcnlerimizden tam olarak ihtiyac\u0131n\u0131z olan\u0131 elde edersiniz.<\/p>\n<p>4. Ar-Ge: M\u00fc\u015fterilerimizin de\u011fi\u015fen ihtiya\u00e7lar\u0131n\u0131 kar\u015f\u0131lamak i\u00e7in s\u00fcrekli olarak pazar\u0131 inceliyor ve yeni modeller geli\u015ftiriyoruz.<\/p>\n<p>5. \u00d6zelle\u015ftirme: \u00d6zelle\u015ftirme sipari\u015flerini kabul ediyoruz ve \u00f6zel ihtiya\u00e7lar\u0131n\u0131za g\u00f6re uyarlanm\u0131\u015f \u00fcr\u00fcnler sa\u011flayabiliyoruz.<\/p>\n<p>FMP olarak, y\u00fcksek kaliteli Hidrolik Silindirler ve m\u00fckemmel m\u00fc\u015fteri hizmeti sunmaktan gurur duyuyoruz. Hidrolik Silindir ihtiya\u00e7lar\u0131n\u0131z i\u00e7in bug\u00fcn bizimle ileti\u015fime ge\u00e7in.<\/p>\n<p><img decoding=\"async\" src=\"https:\/\/fmp-components.com\/wp-content\/uploads\/2024\/12\/fmp-factory-4.webp\" alt=\"FMP fabrikas\u0131\" width=\"800\" title=\"\"><br \/>\nYazar:CX<\/p>","protected":false},"excerpt":{"rendered":"<p>10032 Fabrika Do\u011frudan Sat\u0131\u015f \u00c7ift Etkili Hidrolik Silindir, ola\u011fan\u00fcst\u00fc performans ve g\u00fcvenilirlik sunan, r\u00f6mork uygulamalar\u0131 i\u00e7in \u00f6zel olarak tasarlanm\u0131\u015ft\u0131r. Bu hidrolik silindir, g\u00fc\u00e7l\u00fc kald\u0131rma ve indirme kabiliyetleri sa\u011flayacak \u015fekilde tasarlanm\u0131\u015ft\u0131r ve bu da onu verimli r\u00f6mork operasyonlar\u0131 i\u00e7in vazge\u00e7ilmez k\u0131lar. Temel \u00d6zellikler: \u00c7ift Etkili \u0130\u015flevsellik: Hem uzatma hem de geri \u00e7ekmede sorunsuz \u00e7al\u0131\u015fma sa\u011flayarak hassas [\u2026]<\/p>","protected":false},"featured_media":1133,"comment_status":"closed","ping_status":"closed","template":"","meta":{"_et_pb_use_builder":"","_et_pb_old_content":"","_et_gb_content_width":""},"product_brand":[],"product_cat":[31],"product_tag":[34,35],"class_list":{"0":"post-952","1":"product","2":"type-product","3":"status-publish","4":"has-post-thumbnail","6":"product_cat-welded-tee-type-cylinder","7":"product_tag-hydraulic-cylinder","8":"product_tag-welded-tee-type-cylinder","10":"first","11":"instock","12":"product-type-simple"},"_links":{"self":[{"href":"https:\/\/fmp-components.com\/tr\/wp-json\/wp\/v2\/product\/952","targetHints":{"allow":["GET"]}}],"collection":[{"href":"https:\/\/fmp-components.com\/tr\/wp-json\/wp\/v2\/product"}],"about":[{"href":"https:\/\/fmp-components.com\/tr\/wp-json\/wp\/v2\/types\/product"}],"replies":[{"embeddable":true,"href":"https:\/\/fmp-components.com\/tr\/wp-json\/wp\/v2\/comments?post=952"}],"wp:featuredmedia":[{"embeddable":true,"href":"https:\/\/fmp-components.com\/tr\/wp-json\/wp\/v2\/media\/1133"}],"wp:attachment":[{"href":"https:\/\/fmp-components.com\/tr\/wp-json\/wp\/v2\/media?parent=952"}],"wp:term":[{"taxonomy":"product_brand","embeddable":true,"href":"https:\/\/fmp-components.com\/tr\/wp-json\/wp\/v2\/product_brand?post=952"},{"taxonomy":"product_cat","embeddable":true,"href":"https:\/\/fmp-components.com\/tr\/wp-json\/wp\/v2\/product_cat?post=952"},{"taxonomy":"product_tag","embeddable":true,"href":"https:\/\/fmp-components.com\/tr\/wp-json\/wp\/v2\/product_tag?post=952"}],"curies":[{"name":"wp","href":"https:\/\/api.w.org\/{rel}","templated":true}]}}