{"id":951,"date":"2024-12-19T03:39:43","date_gmt":"2024-12-19T03:39:43","guid":{"rendered":"https:\/\/fmp-components.com\/product\/10031-factory-price-adjustable-hydraulic-telescopic-cylinder-for-agriculture\/"},"modified":"2024-12-19T08:46:44","modified_gmt":"2024-12-19T08:46:44","slug":"10031-factory-price-adjustable-hydraulic-telescopic-cylinder-for-agriculture","status":"publish","type":"product","link":"https:\/\/fmp-components.com\/tr\/product\/10031-factory-price-adjustable-hydraulic-telescopic-cylinder-for-agriculture\/","title":{"rendered":"Tar\u0131m \u0130\u00e7in 10031 Fabrika Fiyat\u0131na Ayarlanabilir Hidrolik Teleskopik Silindir"},"content":{"rendered":"<p>10031 Fabrika Fiyatl\u0131 Ayarlanabilir Hidrolik Teleskopik Silindir, kompakt bir yap\u0131da \u00e7ok y\u00f6nl\u00fcl\u00fck ve verimlilik sunan, tar\u0131m uygulamalar\u0131 i\u00e7in \u00f6zel olarak tasarlanm\u0131\u015ft\u0131r. Bu hidrolik silindir, de\u011fi\u015fken uzatma uzunluklar\u0131na olanak tan\u0131yan ayarlanabilir bir tasar\u0131ma sahiptir ve bu da onu \u00e7e\u015fitli tar\u0131m i\u015fleri i\u00e7in ideal hale getirir.<\/p>\n<h4>Temel \u00d6zellikler:<\/h4>\n<ul>\n<li><strong>Ayarlanabilir Tasar\u0131m<\/strong>: Teleskopik \u00f6zelli\u011fi, strok uzunlu\u011funun \u00f6zelle\u015ftirilmesine olanak vererek farkl\u0131 tar\u0131msal uygulamalar i\u00e7in esneklik sa\u011flar.<\/li>\n<li><strong>Fabrika Fiyat\u0131<\/strong>: Kalitesinden \u00f6d\u00fcn vermeden rekabet\u00e7i fiyatlarla \u00e7ift\u00e7iler ve tar\u0131m i\u015fletmecileri i\u00e7in ekonomik bir tercihtir.<\/li>\n<li><strong>Dayan\u0131kl\u0131 Yap\u0131<\/strong>: Dayan\u0131kl\u0131l\u0131k ve g\u00fcvenilirli\u011fi garanti alt\u0131na almak i\u00e7in y\u00fcksek kaliteli malzemelerden \u00fcretilmi\u015ftir, a\u011f\u0131r y\u00fcklere ve zorlu ko\u015fullara dayan\u0131kl\u0131d\u0131r.<\/li>\n<li><strong>Korozyona Dayan\u0131kl\u0131 Kaplama<\/strong>:Pas ve korozyona kar\u015f\u0131 i\u015flem g\u00f6rm\u00fc\u015ft\u00fcr, d\u0131\u015f ortamlarda uzun s\u00fcreli performans sa\u011flar.<\/li>\n<li><strong>Kolay Kurulum<\/strong>: \u00c7e\u015fitli tar\u0131m makinelerine kolayca entegre edilebilecek \u015fekilde tasarlanm\u0131\u015ft\u0131r, h\u0131zl\u0131 kurulum ve \u00e7al\u0131\u015ft\u0131rmay\u0131 kolayla\u015ft\u0131r\u0131r.<\/li>\n<\/ul>\n<p><img loading=\"lazy\" decoding=\"async\" class=\"alignnone size-full wp-image-975\" src=\"https:\/\/fmp-components.com\/wp-content\/uploads\/2024\/12\/Welded-Tee-Type-Cylinder1.webp\" alt=\"Kaynakl\u0131 T Tipi Silindir\" width=\"759\" height=\"761\" title=\"\" srcset=\"https:\/\/fmp-components.com\/wp-content\/uploads\/2024\/12\/Welded-Tee-Type-Cylinder1.webp 759w, https:\/\/fmp-components.com\/wp-content\/uploads\/2024\/12\/Welded-Tee-Type-Cylinder1-480x481.webp 480w\" sizes=\"(min-width: 0px) and (max-width: 480px) 480px, (min-width: 481px) 759px, 100vw\" \/><\/p>\n<h4>Faydalar:<\/h4>\n<ul>\n<li><strong>Geli\u015fmi\u015f Verimlilik<\/strong>: Tar\u0131msal ekipmanlar\u0131n i\u015flevselli\u011fini optimize ederek, sorunsuz ve etkili bir \u015fekilde \u00e7al\u0131\u015fmas\u0131n\u0131 sa\u011flar.<\/li>\n<li><strong>\u00c7ok Y\u00f6nl\u00fc Uygulamalar<\/strong>: Kald\u0131rma, itme ve \u00e7ekme gibi \u00e7ok \u00e7e\u015fitli tar\u0131msal g\u00f6revler i\u00e7in uygundur ve bu da onu her \u00e7ift\u00e7i i\u00e7in \u00e7ok y\u00f6nl\u00fc bir ara\u00e7 haline getirir.<\/li>\n<li><strong>Maliyet Etkin \u00c7\u00f6z\u00fcm<\/strong>:Fabrika fiyat\u0131na y\u00fcksek performans sunarak yat\u0131r\u0131m\u0131n\u0131z\u0131n kar\u015f\u0131l\u0131\u011f\u0131n\u0131 fazlas\u0131yla alman\u0131z\u0131 sa\u011flar.<\/li>\n<\/ul>\n<p>10031 Fabrika Fiyatl\u0131 Ayarlanabilir Hidrolik Teleskopik Silindir, g\u00fcvenilir performans ve uyum sa\u011flayan modern tar\u0131m makineleri i\u00e7in vazge\u00e7ilmez bir bile\u015fendir. Sa\u011flam tasar\u0131m\u0131 ve rekabet\u00e7i fiyat\u0131, onu her t\u00fcrl\u00fc tar\u0131m i\u015fletmesi i\u00e7in de\u011ferli bir katk\u0131 haline getirir.<\/p>\n<h2>Kaynakl\u0131 T Tipi Silindirin Avantajlar\u0131<\/h2>\n<ul>\n<li style=\"list-style-type: none;\">\n<ul>\n<li><strong>Artt\u0131r\u0131lm\u0131\u015f G\u00fc\u00e7:<\/strong> Kaynakl\u0131 T tipi silindirler, y\u00fcksek mukavemetleriyle bilinir ve a\u011f\u0131r kald\u0131rma gerektiren uygulamalar i\u00e7in uygundur. Bu silindirlerin imalat\u0131nda kullan\u0131lan kaynak i\u015flemi, silindirin zay\u0131f noktalardan ar\u0131nd\u0131r\u0131lm\u0131\u015f olmas\u0131n\u0131 ve y\u00fcksek bas\u0131n\u00e7 ve gerilime dayanabilmesini sa\u011flar.<\/li>\n<\/ul>\n<\/li>\n<\/ul>\n<p>Silindire uygulanan bas\u0131n\u00e7, t\u00fcm y\u00fczeye e\u015fit olarak da\u011f\u0131larak deformasyona kar\u015f\u0131 diren\u00e7li hale gelir. Bu \u00f6zellik, silindirin en zorlu ko\u015fullarda bile \u015feklini ve yap\u0131sal b\u00fct\u00fcnl\u00fc\u011f\u00fcn\u00fc koruyabilmesini sa\u011flar.<\/p>\n<ul>\n<li style=\"list-style-type: none;\">\n<ul>\n<li><strong>S\u0131z\u0131nt\u0131 \u00d6nleme:<\/strong> Kaynakl\u0131 T tipi silindirler, s\u0131z\u0131nt\u0131y\u0131 \u00f6nleyecek \u015fekilde tasarlanm\u0131\u015ft\u0131r. \u00dcretim s\u00fcrecinde kullan\u0131lan kaynak i\u015flemi, silindirin tamamen s\u0131zd\u0131rmaz olmas\u0131n\u0131 ve olas\u0131 s\u0131z\u0131nt\u0131lardan ar\u0131nd\u0131r\u0131lmas\u0131n\u0131 sa\u011flar. Bu \u00f6zellik, s\u0131z\u0131nt\u0131n\u0131n ciddi hasara veya yaralanmaya neden olabilece\u011fi uygulamalarda kullan\u0131m i\u00e7in uygundur.<\/li>\n<\/ul>\n<\/li>\n<\/ul>\n<p>Kaynakl\u0131 ba\u011flant\u0131lar p\u00fcr\u00fczs\u00fczd\u00fcr, d\u00f6k\u00fcnt\u00fc veya kirin birikebilece\u011fi herhangi bir yar\u0131k veya oluk yoktur, bu da korozyon ve silindire zarar verme riskini azalt\u0131r.<\/p>\n<ul>\n<li style=\"list-style-type: none;\">\n<ul>\n<li><strong>\u00d6zelle\u015ftirilebilir:<\/strong> Kaynakl\u0131 T tipi silindirler, belirli uygulamalara uyacak \u015fekilde \u00f6zelle\u015ftirilebilir. Silindirler farkl\u0131 boyut ve \u015fekillerde mevcuttur ve uygulaman\u0131n \u00f6zel gereksinimlerini kar\u015f\u0131layacak \u015fekilde \u00fcretilebilir.<\/li>\n<\/ul>\n<\/li>\n<\/ul>\n<p>\u00d6zelle\u015ftirme s\u00fcreci, silindirin performans a\u00e7\u0131s\u0131ndan optimize edilmesini ve ama\u00e7lanan uygulamaya uygun olmas\u0131n\u0131 sa\u011flar. Bu \u00f6zellik, kaynakl\u0131 T tipi silindirleri in\u015faat, madencilik ve malzeme ta\u015f\u0131ma gibi \u00e7e\u015fitli end\u00fcstriyel uygulamalarda kullan\u0131m i\u00e7in ideal hale getirir.<\/p>\n<ul>\n<li style=\"list-style-type: none;\">\n<ul>\n<li><strong>Maliyet Etkin:<\/strong> Kaynakl\u0131 T tipi silindirler, di\u011fer silindir tiplerine k\u0131yasla uygun maliyetlidir. Bu silindirlerin \u00fcretiminde kullan\u0131lan imalat s\u00fcreci basittir ve bu da onlar\u0131 di\u011fer silindir tiplerine g\u00f6re daha uygun maliyetli k\u0131lar.<\/li>\n<\/ul>\n<\/li>\n<\/ul>\n<p>Ayr\u0131ca, kaynakl\u0131 T tipi silindirlerin y\u00fcksek mukavemeti ve dayan\u0131kl\u0131l\u0131\u011f\u0131, s\u0131k onar\u0131m ve de\u011fi\u015ftirme ihtiyac\u0131n\u0131 azaltarak bak\u0131m maliyetlerinden tasarruf sa\u011flar. Bu \u00f6zellik, onlar\u0131 \u00f6zellikle s\u0131n\u0131rl\u0131 b\u00fct\u00e7eye sahip bir\u00e7ok sekt\u00f6r i\u00e7in pop\u00fcler bir tercih haline getirir.<\/p>\n<ul>\n<li style=\"list-style-type: none;\">\n<ul>\n<li><strong>Artan Verimlilik:<\/strong> Kaynakl\u0131 T tipi silindirler son derece verimli ve etkilidir. Silindirin tasar\u0131m\u0131, uygulanan kuvvetin do\u011frudan y\u00fcke aktar\u0131lmas\u0131n\u0131 sa\u011flayarak enerji kayb\u0131n\u0131 azalt\u0131r ve verimlili\u011fi art\u0131r\u0131r.<\/li>\n<\/ul>\n<\/li>\n<\/ul>\n<p>Kaynakl\u0131 ba\u011flant\u0131lar g\u00fc\u00e7l\u00fc ve sa\u011flamd\u0131r, sapmay\u0131 en aza indirir ve silindirin en zorlu ko\u015fullarda bile \u015feklini ve yap\u0131sal b\u00fct\u00fcnl\u00fc\u011f\u00fcn\u00fc korumas\u0131n\u0131 sa\u011flar. Bu \u00f6zellik, kaynakl\u0131 T tipi silindirleri y\u00fcksek verimlilik ve g\u00fcvenilirlik gerektiren uygulamalarda kullan\u0131m i\u00e7in ideal hale getirir.<\/p>\n<p><img loading=\"lazy\" decoding=\"async\" class=\"alignnone size-full wp-image-976\" src=\"https:\/\/fmp-components.com\/wp-content\/uploads\/2024\/12\/Welded-Tee-Type-Cylinder2.webp\" alt=\"Kaynakl\u0131 T Tipi Silindir\" width=\"764\" height=\"675\" title=\"\" srcset=\"https:\/\/fmp-components.com\/wp-content\/uploads\/2024\/12\/Welded-Tee-Type-Cylinder2.webp 764w, https:\/\/fmp-components.com\/wp-content\/uploads\/2024\/12\/Welded-Tee-Type-Cylinder2-480x424.webp 480w\" sizes=\"(min-width: 0px) and (max-width: 480px) 480px, (min-width: 481px) 764px, 100vw\" \/><\/p>\n<h2>Kaynakl\u0131 T Tipi Silindir Uygulamas\u0131<\/h2>\n<ul>\n<li>\n<h3>End\u00fcstriyel Makine ve Ekipmanlar<\/h3>\n<p>Kaynakl\u0131 T Tipi Silindir, end\u00fcstriyel makine ve ekipmanlarda, \u00f6zellikle de hidrolik sistemlerde yayg\u0131n olarak kullan\u0131l\u0131r. Silindir, tek bir \u00fcnite olu\u015fturmak \u00fczere kaynaklanm\u0131\u015f bir piston ve bir silindir borusundan olu\u015fur. Bu tasar\u0131m, di\u011fer silindir tiplerine g\u00f6re geli\u015fmi\u015f dayan\u0131kl\u0131l\u0131k, daha y\u00fcksek mukavemet ve daha y\u00fcksek hassasiyet gibi \u00e7e\u015fitli avantajlar sunar.<\/p>\n<p>Kaynakl\u0131 T Tipi Silindirlerin end\u00fcstriyel makinelerdeki en \u00f6nemli uygulamalar\u0131ndan biri, tutarl\u0131 ve do\u011fru kuvvet sa\u011flama kabiliyetidir. Bu, nihai \u00fcr\u00fcn\u00fcn kalitesini sa\u011flamak i\u00e7in hassas kontrol\u00fcn gerekli oldu\u011fu bir\u00e7ok \u00fcretim s\u00fcreci i\u00e7in olmazsa olmazd\u0131r. Kaynakl\u0131 T Tipi Silindirler ayr\u0131ca hidrolik sistemlerdeki ak\u0131\u015fkan ak\u0131\u015f\u0131n\u0131 d\u00fczenlemek i\u00e7in de kullan\u0131labilir ve bu da \u00e7e\u015fitli end\u00fcstriyel uygulamalarda daha fazla verimlilik ve g\u00fcvenilirlik sa\u011flar.<\/li>\n<li>\n<h3>Tar\u0131m Ekipmanlar\u0131<\/h3>\n<p>Kaynakl\u0131 T Tipi Silindirler, trakt\u00f6r ve bi\u00e7erd\u00f6ver gibi tar\u0131m ekipmanlar\u0131nda da yayg\u0131n olarak kullan\u0131l\u0131r. Bu makinelerin etkili bir \u015fekilde \u00e7al\u0131\u015fmas\u0131 i\u00e7in g\u00fc\u00e7l\u00fc ve g\u00fcvenilir hidrolik sistemlere ihtiya\u00e7 vard\u0131r ve Kaynakl\u0131 T Tipi Silindirler bu ama\u00e7 i\u00e7in ideal bir se\u00e7imdir.<\/p>\n<p>Silindirin sa\u011flam yap\u0131s\u0131 ve y\u00fcksek mukavemeti, zorlu \u00e7al\u0131\u015fma ko\u015fullar\u0131nda bile a\u015f\u0131nma ve y\u0131pranmaya kar\u015f\u0131 olduk\u00e7a diren\u00e7li olmas\u0131n\u0131 sa\u011flar. Bu sayede, dayan\u0131kl\u0131l\u0131\u011f\u0131n \u00f6nemli bir fakt\u00f6r oldu\u011fu tar\u0131m ekipmanlar\u0131nda kullan\u0131m i\u00e7in ideal bir se\u00e7imdir. Kaynakl\u0131 T Tipi Silindir, ekim, hasat ve sulama gibi bir\u00e7ok tar\u0131msal i\u015flem i\u00e7in gereken hassas kontrol\u00fc sa\u011flamak i\u00e7in de kullan\u0131labilir.<\/li>\n<li>\n<h3>\u0130n\u015faat Ekipmanlar\u0131<\/h3>\n<p>Kaynakl\u0131 T Tipi Silindirler, ekskavat\u00f6rler, kep\u00e7eler ve buldozerler gibi in\u015faat ekipmanlar\u0131nda da yayg\u0131n olarak kullan\u0131l\u0131r. Bu makineler, kazma, kald\u0131rma ve a\u011f\u0131r y\u00fckleri itme gibi a\u011f\u0131r i\u015flerde kullan\u0131lmak \u00fczere g\u00fc\u00e7l\u00fc ve g\u00fcvenilir hidrolik sistemler gerektirir.<\/p>\n<p>Kaynakl\u0131 T Tipi Silindir, y\u00fcksek mukavemeti ve dayan\u0131kl\u0131l\u0131\u011f\u0131 sayesinde in\u015faat ekipmanlar\u0131nda kullan\u0131m i\u00e7in ideal bir se\u00e7imdir. Hassas kontrol ve tutarl\u0131 kuvvet sa\u011flama kabiliyeti, kaz\u0131, tesviye ve asfaltlama gibi bir\u00e7ok in\u015faat s\u00fcreci i\u00e7in olmazsa olmazd\u0131r. Kaynakl\u0131 T Tipi Silindir ayr\u0131ca hidrolik sistemlerdeki ak\u0131\u015fkan ak\u0131\u015f\u0131n\u0131 d\u00fczenlemek ve \u00e7e\u015fitli uygulamalarda in\u015faat ekipmanlar\u0131n\u0131n verimlili\u011fini ve g\u00fcvenilirli\u011fini art\u0131rmak i\u00e7in de kullan\u0131labilir.<\/li>\n<\/ul>\n<h3>FMP Hakk\u0131nda<\/h3>\n<p>FMP, 30 y\u0131l\u0131 a\u015fk\u0131n deneyime sahip lider bir hidrolik silindir \u00fcreticisidir. End\u00fcstriyel alan\u0131m\u0131z \u0130talya'da olup, otomatik gaz korumal\u0131 kaynak makineleri, derin delik delme makineleri, CNC torna tezgahlar\u0131, silindirik ta\u015flama makineleri, otomatik temizleme makineleri, otomatik montaj makineleri, otomatik hidrolik silindir performans test tezgahlar\u0131, otomatik boyama hatlar\u0131 ve daha fazlas\u0131 dahil olmak \u00fczere 100'den fazla ekipmana sahibiz.<\/p>\n<p>Hidrolik silindirlerimiz, hidrolik silindir, hidrolik silindir k\u00fcpe silindiri, \u00e7ift y\u00f6nl\u00fc otomatik teleskopik hidrolik silindir ve daha fazlas\u0131 dahil olmak \u00fczere \u00e7e\u015fitli tiplerdedir. Her hidrolik silindir, m\u00fc\u015fterilerimize iyi kaliteyi garanti etmek i\u00e7in s\u0131k\u0131 bir i\u015fleme ve denetimden ge\u00e7er. M\u00fc\u015fterilerimize a\u015fa\u011f\u0131daki avantajlar\u0131 sunuyoruz:<\/p>\n<ul>\n<li><strong>Tasar\u0131m hizmeti:<\/strong> Tasar\u0131m ekibimiz, \u00fcniversal \u015faft \u00fcr\u00fcn tasar\u0131m\u0131 ve geli\u015ftirme konusunda zengin deneyime sahiptir. Yeni \u00fcr\u00fcnlere ihtiyac\u0131n\u0131z varsa veya daha fazla iyile\u015ftirme istiyorsan\u0131z, size destek olmaktan mutluluk duyar\u0131z.<\/li>\n<li><strong>\u00dcr\u00fcn servisi:<\/strong> \u00dcr\u00fcn hizmetlerimiz hammadde, kesim, kaba i\u015fleme, test, temizlik, montaj, paketleme ve nakliyeyi kapsar. S\u00fcrecin her a\u015famas\u0131n\u0131n hassasiyet ve \u00f6zenle ger\u00e7ekle\u015ftirilmesini sa\u011flar\u0131z.<\/li>\n<li><strong>\u00d6rnek i\u015flem:<\/strong> \u0130htiya\u00e7lar\u0131n\u0131za g\u00f6re numuneler geli\u015ftirebilir ve numuneleri ihtiya\u00e7lar\u0131n\u0131za g\u00f6re s\u00fcrekli olarak g\u00fcncelleyebiliriz. Beklentilerinizi kar\u015f\u0131lamaya ve hatta a\u015fmaya kararl\u0131y\u0131z.<\/li>\n<li><strong>Ar-Ge:<\/strong> Pazar ihtiya\u00e7lar\u0131n\u0131 yak\u0131ndan takip ediyor ve m\u00fc\u015fteri taleplerini kar\u015f\u0131lamak i\u00e7in s\u00fcrekli yeni modeller geli\u015ftiriyoruz. Yenilik\u00e7ili\u011fe ve m\u00fckemmelli\u011fe adanm\u0131\u015f durumday\u0131z.<\/li>\n<li><strong>Kalite kontrol:<\/strong> Fabrikam\u0131zdan \u00e7\u0131kan her \u00fcr\u00fcn\u00fcn en y\u00fcksek kalitede olmas\u0131n\u0131 sa\u011flamak i\u00e7in s\u0131k\u0131 kalite kontrol \u00f6nlemlerimiz mevcuttur. G\u00fcvenilir ve dayan\u0131kl\u0131 hidrolik silindirler sunaca\u011f\u0131m\u0131za g\u00fcvenebilirsiniz.<\/li>\n<\/ul>\n<p><img decoding=\"async\" src=\"https:\/\/fmp-components.com\/wp-content\/uploads\/2024\/12\/fmp-factory-4.webp\" alt=\"FMP fabrikas\u0131\" width=\"800\" title=\"\"><br \/>\nYazar:CX<\/p>","protected":false},"excerpt":{"rendered":"<p>The 10031 Factory Price Adjustable Hydraulic Telescopic Cylinder is designed specifically for agricultural applications, offering versatility and efficiency in a compact form. This hydraulic cylinder features an adjustable design that allows for variable extension lengths, making it ideal for a range of farming tasks. Key Features: Adjustable Design: The telescopic feature enables customization of the [&hellip;]<\/p>","protected":false},"featured_media":920,"comment_status":"closed","ping_status":"closed","template":"","meta":{"_et_pb_use_builder":"","_et_pb_old_content":"","_et_gb_content_width":""},"product_brand":[],"product_cat":[31],"product_tag":[34,35],"class_list":{"0":"post-951","1":"product","2":"type-product","3":"status-publish","4":"has-post-thumbnail","6":"product_cat-welded-tee-type-cylinder","7":"product_tag-hydraulic-cylinder","8":"product_tag-welded-tee-type-cylinder","10":"first","11":"instock","12":"product-type-simple"},"_links":{"self":[{"href":"https:\/\/fmp-components.com\/tr\/wp-json\/wp\/v2\/product\/951","targetHints":{"allow":["GET"]}}],"collection":[{"href":"https:\/\/fmp-components.com\/tr\/wp-json\/wp\/v2\/product"}],"about":[{"href":"https:\/\/fmp-components.com\/tr\/wp-json\/wp\/v2\/types\/product"}],"replies":[{"embeddable":true,"href":"https:\/\/fmp-components.com\/tr\/wp-json\/wp\/v2\/comments?post=951"}],"wp:featuredmedia":[{"embeddable":true,"href":"https:\/\/fmp-components.com\/tr\/wp-json\/wp\/v2\/media\/920"}],"wp:attachment":[{"href":"https:\/\/fmp-components.com\/tr\/wp-json\/wp\/v2\/media?parent=951"}],"wp:term":[{"taxonomy":"product_brand","embeddable":true,"href":"https:\/\/fmp-components.com\/tr\/wp-json\/wp\/v2\/product_brand?post=951"},{"taxonomy":"product_cat","embeddable":true,"href":"https:\/\/fmp-components.com\/tr\/wp-json\/wp\/v2\/product_cat?post=951"},{"taxonomy":"product_tag","embeddable":true,"href":"https:\/\/fmp-components.com\/tr\/wp-json\/wp\/v2\/product_tag?post=951"}],"curies":[{"name":"wp","href":"https:\/\/api.w.org\/{rel}","templated":true}]}}