{"id":950,"date":"2024-12-19T03:39:43","date_gmt":"2024-12-19T03:39:43","guid":{"rendered":"https:\/\/fmp-components.com\/product\/10030-high-quality-tractor-cylinders-hydraulic-double-acting\/"},"modified":"2024-12-26T08:58:58","modified_gmt":"2024-12-26T08:58:58","slug":"10030-high-quality-tractor-cylinders-hydraulic-double-acting","status":"publish","type":"product","link":"https:\/\/fmp-components.com\/tr\/product\/10030-high-quality-tractor-cylinders-hydraulic-double-acting\/","title":{"rendered":"10030 Y\u00fcksek Kaliteli Trakt\u00f6r Silindirleri Hidrolik \u00c7ift Etkili"},"content":{"rendered":"<p>10030 Y\u00fcksek Kaliteli Trakt\u00f6r Silindirleri, tar\u0131m uygulamalar\u0131nda \u00fcst\u00fcn performans sa\u011flamak \u00fczere tasarlanm\u0131\u015ft\u0131r ve trakt\u00f6rler i\u00e7in g\u00fcvenilir ve verimli hidrolik hareket sa\u011flar. Bu \u00e7ift etkili hidrolik silindir, tar\u0131m ekipmanlar\u0131n\u0131z\u0131n i\u015flevselli\u011fini ve verimlili\u011fini art\u0131rmak i\u00e7in tasarlanm\u0131\u015ft\u0131r.<\/p>\n<h4>Temel \u00d6zellikler:<\/h4>\n<ul>\n<li><strong>\u00c7ift Etkili Mekanizma<\/strong>: Hem uzatma hem de geri \u00e7ekmede g\u00fc\u00e7l\u00fc bir \u00e7al\u0131\u015fma sa\u011flayarak \u00e7e\u015fitli g\u00f6revler s\u0131ras\u0131nda hassas kontrol sa\u011flar.<\/li>\n<li><strong>Y\u00fcksek Kaliteli \u0130n\u015faat<\/strong>: A\u011f\u0131r y\u00fckler ve zorlu ko\u015fullar alt\u0131nda dayan\u0131kl\u0131l\u0131k ve g\u00fcvenilirli\u011fi garanti alt\u0131na almak i\u00e7in birinci s\u0131n\u0131f malzemelerle \u00fcretilmi\u015ftir.<\/li>\n<li><strong>Y\u00fcksek Y\u00fck Kapasitesi<\/strong>: B\u00fcy\u00fck kuvvetleri kald\u0131racak \u015fekilde tasarlanm\u0131\u015ft\u0131r, bu nedenle zorlu tar\u0131msal uygulamalar i\u00e7in idealdir.<\/li>\n<li><strong>Korozyona Dayan\u0131kl\u0131 Kaplama<\/strong>: Pas ve korozyona kar\u015f\u0131 koruma sa\u011flayan kaplamas\u0131 sayesinde d\u0131\u015f ortamlarda uzun \u00f6m\u00fcrl\u00fc performans sa\u011flar.<\/li>\n<li><strong>Kolay Kurulum<\/strong>:Mevcut trakt\u00f6r sistemlerine kolayca entegre edilebilecek \u015fekilde tasarlanm\u0131\u015ft\u0131r, kurulum s\u00fcresini en aza indirir ve \u00fcretkenli\u011fi art\u0131r\u0131r.<\/li>\n<\/ul>\n<p><img decoding=\"async\" src=\"https:\/\/hzpt.com\/wp-content\/uploads\/2023\/12\/random-2.webp\" alt=\"\" title=\"\"><\/p>\n<h4>Faydalar:<\/h4>\n<ul>\n<li><strong>Artt\u0131r\u0131lm\u0131\u015f Verimlilik<\/strong>: Trakt\u00f6rlerin \u00e7al\u0131\u015fmas\u0131n\u0131 optimize ederek, kald\u0131rma ve indirme i\u015flemlerinin d\u00fczg\u00fcn yap\u0131lmas\u0131n\u0131 sa\u011flayarak verimlili\u011fi art\u0131r\u0131r.<\/li>\n<li><strong>\u00c7ok Y\u00f6nl\u00fc Uygulamalar<\/strong>: \u00c7e\u015fitli tar\u0131msal g\u00f6revlere uygun olmas\u0131, onu \u00e7ift\u00e7iler ve operat\u00f6rler i\u00e7in \u00e7ok y\u00f6nl\u00fc bir se\u00e7im haline getirir.<\/li>\n<li><strong>Azalt\u0131lm\u0131\u015f Bak\u0131m<\/strong>: Dayan\u0131kl\u0131 tasar\u0131m\u0131 a\u015f\u0131nma ve y\u0131pranmay\u0131 en aza indirerek bak\u0131m maliyetlerini d\u00fc\u015f\u00fcr\u00fcr ve \u00e7al\u0131\u015fma s\u00fcresini uzat\u0131r.<\/li>\n<\/ul>\n<p>10030 Y\u00fcksek Kaliteli Trakt\u00f6r Silindirleri Hidrolik \u00c7ift Etkili, modern tar\u0131m makineleri i\u00e7in g\u00fcvenilir performans ve verimlilik sa\u011flayan hayati bir bile\u015fendir. Sa\u011flam yap\u0131s\u0131 ve g\u00fcvenilir i\u015flevselli\u011fi, onu her t\u00fcrl\u00fc tar\u0131m i\u015fletmesi i\u00e7in m\u00fckemmel bir yat\u0131r\u0131m haline getirir.<\/p>\n<p><img decoding=\"async\" src=\"https:\/\/hzpt.com\/wp-content\/uploads\/2023\/12\/random-4.webp\" alt=\"\" title=\"\"><\/p>\n<h2>Kaynakl\u0131 T Tipi Silindirin Avantajlar\u0131<\/h2>\n<ul>\n<li style=\"list-style-type: none;\">\n<ul>\n<li><strong>Artt\u0131r\u0131lm\u0131\u015f G\u00fc\u00e7:<\/strong> Kaynakl\u0131 T tipi silindirler, y\u00fcksek mukavemetleriyle bilinir ve a\u011f\u0131r kald\u0131rma gerektiren uygulamalar i\u00e7in uygundur. Bu silindirlerin imalat\u0131nda kullan\u0131lan kaynak i\u015flemi, silindirin zay\u0131f noktalardan ar\u0131nd\u0131r\u0131lm\u0131\u015f olmas\u0131n\u0131 ve y\u00fcksek bas\u0131n\u00e7 ve gerilime dayanabilmesini sa\u011flar.<\/li>\n<\/ul>\n<\/li>\n<\/ul>\n<p>Silindire uygulanan bas\u0131n\u00e7, t\u00fcm y\u00fczeye e\u015fit olarak da\u011f\u0131larak deformasyona kar\u015f\u0131 diren\u00e7li hale gelir. Bu \u00f6zellik, silindirin en zorlu ko\u015fullarda bile \u015feklini ve yap\u0131sal b\u00fct\u00fcnl\u00fc\u011f\u00fcn\u00fc koruyabilmesini sa\u011flar.<\/p>\n<ul>\n<li style=\"list-style-type: none;\">\n<ul>\n<li><strong>S\u0131z\u0131nt\u0131 \u00d6nleme:<\/strong> Kaynakl\u0131 T tipi silindirler, s\u0131z\u0131nt\u0131y\u0131 \u00f6nleyecek \u015fekilde tasarlanm\u0131\u015ft\u0131r. \u00dcretim s\u00fcrecinde kullan\u0131lan kaynak i\u015flemi, silindirin tamamen s\u0131zd\u0131rmaz olmas\u0131n\u0131 ve olas\u0131 s\u0131z\u0131nt\u0131lardan ar\u0131nd\u0131r\u0131lmas\u0131n\u0131 sa\u011flar. Bu \u00f6zellik, s\u0131z\u0131nt\u0131n\u0131n ciddi hasara veya yaralanmaya neden olabilece\u011fi uygulamalarda kullan\u0131m i\u00e7in uygundur.<\/li>\n<\/ul>\n<\/li>\n<\/ul>\n<p>Kaynakl\u0131 ba\u011flant\u0131lar p\u00fcr\u00fczs\u00fczd\u00fcr, d\u00f6k\u00fcnt\u00fc veya kirin birikebilece\u011fi herhangi bir yar\u0131k veya oluk yoktur, bu da korozyon ve silindire zarar verme riskini azalt\u0131r.<\/p>\n<ul>\n<li style=\"list-style-type: none;\">\n<ul>\n<li><strong>\u00d6zelle\u015ftirilebilir:<\/strong> Kaynakl\u0131 T tipi silindirler, belirli uygulamalara uyacak \u015fekilde \u00f6zelle\u015ftirilebilir. Silindirler farkl\u0131 boyut ve \u015fekillerde mevcuttur ve uygulaman\u0131n \u00f6zel gereksinimlerini kar\u015f\u0131layacak \u015fekilde \u00fcretilebilir.<\/li>\n<\/ul>\n<\/li>\n<\/ul>\n<p>\u00d6zelle\u015ftirme s\u00fcreci, silindirin performans a\u00e7\u0131s\u0131ndan optimize edilmesini ve ama\u00e7lanan uygulamaya uygun olmas\u0131n\u0131 sa\u011flar. Bu \u00f6zellik, kaynakl\u0131 T tipi silindirleri in\u015faat, madencilik ve malzeme ta\u015f\u0131ma gibi \u00e7e\u015fitli end\u00fcstriyel uygulamalarda kullan\u0131m i\u00e7in ideal hale getirir.<\/p>\n<ul>\n<li style=\"list-style-type: none;\">\n<ul>\n<li><strong>Maliyet Etkin:<\/strong> Kaynakl\u0131 T tipi silindirler, di\u011fer silindir tiplerine k\u0131yasla uygun maliyetlidir. Bu silindirlerin \u00fcretiminde kullan\u0131lan imalat s\u00fcreci basittir ve bu da onlar\u0131 di\u011fer silindir tiplerine g\u00f6re daha uygun maliyetli k\u0131lar.<\/li>\n<\/ul>\n<\/li>\n<\/ul>\n<p>Ayr\u0131ca, kaynakl\u0131 T tipi silindirlerin y\u00fcksek mukavemeti ve dayan\u0131kl\u0131l\u0131\u011f\u0131, s\u0131k onar\u0131m ve de\u011fi\u015ftirme ihtiyac\u0131n\u0131 azaltarak bak\u0131m maliyetlerinden tasarruf sa\u011flar. Bu \u00f6zellik, onlar\u0131 \u00f6zellikle s\u0131n\u0131rl\u0131 b\u00fct\u00e7eye sahip bir\u00e7ok sekt\u00f6r i\u00e7in pop\u00fcler bir tercih haline getirir.<\/p>\n<ul>\n<li style=\"list-style-type: none;\">\n<ul>\n<li><strong>Artan Verimlilik:<\/strong> Kaynakl\u0131 T tipi silindirler son derece verimli ve etkilidir. Silindirin tasar\u0131m\u0131, uygulanan kuvvetin do\u011frudan y\u00fcke aktar\u0131lmas\u0131n\u0131 sa\u011flayarak enerji kayb\u0131n\u0131 azalt\u0131r ve verimlili\u011fi art\u0131r\u0131r.<\/li>\n<\/ul>\n<\/li>\n<\/ul>\n<p>Kaynakl\u0131 ba\u011flant\u0131lar g\u00fc\u00e7l\u00fc ve sa\u011flamd\u0131r, sapmay\u0131 en aza indirir ve silindirin en zorlu ko\u015fullarda bile \u015feklini ve yap\u0131sal b\u00fct\u00fcnl\u00fc\u011f\u00fcn\u00fc korumas\u0131n\u0131 sa\u011flar. Bu \u00f6zellik, kaynakl\u0131 T tipi silindirleri y\u00fcksek verimlilik ve g\u00fcvenilirlik gerektiren uygulamalarda kullan\u0131m i\u00e7in ideal hale getirir.<\/p>\n<h2>Kaynakl\u0131 T Tipi Silindir Uygulamas\u0131<\/h2>\n<ul>\n<li>\n<h3>End\u00fcstriyel Makine ve Ekipmanlar<\/h3>\n<p>Kaynakl\u0131 T Tipi Silindir, end\u00fcstriyel makine ve ekipmanlarda, \u00f6zellikle de hidrolik sistemlerde yayg\u0131n olarak kullan\u0131l\u0131r. Silindir, tek bir \u00fcnite olu\u015fturmak \u00fczere kaynaklanm\u0131\u015f bir piston ve bir silindir borusundan olu\u015fur. Bu tasar\u0131m, di\u011fer silindir tiplerine g\u00f6re geli\u015fmi\u015f dayan\u0131kl\u0131l\u0131k, daha y\u00fcksek mukavemet ve daha y\u00fcksek hassasiyet gibi \u00e7e\u015fitli avantajlar sunar.<\/p>\n<p>Kaynakl\u0131 T Tipi Silindirlerin end\u00fcstriyel makinelerdeki en \u00f6nemli uygulamalar\u0131ndan biri, tutarl\u0131 ve do\u011fru kuvvet sa\u011flama kabiliyetidir. Bu, nihai \u00fcr\u00fcn\u00fcn kalitesini sa\u011flamak i\u00e7in hassas kontrol\u00fcn gerekli oldu\u011fu bir\u00e7ok \u00fcretim s\u00fcreci i\u00e7in olmazsa olmazd\u0131r. Kaynakl\u0131 T Tipi Silindirler ayr\u0131ca hidrolik sistemlerdeki ak\u0131\u015fkan ak\u0131\u015f\u0131n\u0131 d\u00fczenlemek i\u00e7in de kullan\u0131labilir ve bu da \u00e7e\u015fitli end\u00fcstriyel uygulamalarda daha fazla verimlilik ve g\u00fcvenilirlik sa\u011flar.<\/li>\n<li>\n<h3>Tar\u0131m Ekipmanlar\u0131<\/h3>\n<p>Kaynakl\u0131 T Tipi Silindirler, trakt\u00f6r ve bi\u00e7erd\u00f6ver gibi tar\u0131m ekipmanlar\u0131nda da yayg\u0131n olarak kullan\u0131l\u0131r. Bu makinelerin etkili bir \u015fekilde \u00e7al\u0131\u015fmas\u0131 i\u00e7in g\u00fc\u00e7l\u00fc ve g\u00fcvenilir hidrolik sistemlere ihtiya\u00e7 vard\u0131r ve Kaynakl\u0131 T Tipi Silindirler bu ama\u00e7 i\u00e7in ideal bir se\u00e7imdir.<\/p>\n<p>Silindirin sa\u011flam yap\u0131s\u0131 ve y\u00fcksek mukavemeti, zorlu \u00e7al\u0131\u015fma ko\u015fullar\u0131nda bile a\u015f\u0131nma ve y\u0131pranmaya kar\u015f\u0131 olduk\u00e7a diren\u00e7li olmas\u0131n\u0131 sa\u011flar. Bu sayede, dayan\u0131kl\u0131l\u0131\u011f\u0131n \u00f6nemli bir fakt\u00f6r oldu\u011fu tar\u0131m ekipmanlar\u0131nda kullan\u0131m i\u00e7in ideal bir se\u00e7imdir. Kaynakl\u0131 T Tipi Silindir, ekim, hasat ve sulama gibi bir\u00e7ok tar\u0131msal i\u015flem i\u00e7in gereken hassas kontrol\u00fc sa\u011flamak i\u00e7in de kullan\u0131labilir.<\/li>\n<li>\n<h3>\u0130n\u015faat Ekipmanlar\u0131<\/h3>\n<p>Kaynakl\u0131 T Tipi Silindirler, ekskavat\u00f6rler, kep\u00e7eler ve buldozerler gibi in\u015faat ekipmanlar\u0131nda da yayg\u0131n olarak kullan\u0131l\u0131r. Bu makineler, kazma, kald\u0131rma ve a\u011f\u0131r y\u00fckleri itme gibi a\u011f\u0131r i\u015flerde kullan\u0131lmak \u00fczere g\u00fc\u00e7l\u00fc ve g\u00fcvenilir hidrolik sistemler gerektirir.<\/p>\n<p>Kaynakl\u0131 T Tipi Silindir, y\u00fcksek mukavemeti ve dayan\u0131kl\u0131l\u0131\u011f\u0131 sayesinde in\u015faat ekipmanlar\u0131nda kullan\u0131m i\u00e7in ideal bir se\u00e7imdir. Hassas kontrol ve tutarl\u0131 kuvvet sa\u011flama kabiliyeti, kaz\u0131, tesviye ve asfaltlama gibi bir\u00e7ok in\u015faat s\u00fcreci i\u00e7in olmazsa olmazd\u0131r. Kaynakl\u0131 T Tipi Silindir ayr\u0131ca hidrolik sistemlerdeki ak\u0131\u015fkan ak\u0131\u015f\u0131n\u0131 d\u00fczenlemek ve \u00e7e\u015fitli uygulamalarda in\u015faat ekipmanlar\u0131n\u0131n verimlili\u011fini ve g\u00fcvenilirli\u011fini art\u0131rmak i\u00e7in de kullan\u0131labilir.<\/li>\n<\/ul>\n<h3>FMP Hakk\u0131nda<\/h3>\n<p>FMP, ihtiya\u00e7lar\u0131n\u0131za g\u00f6re \u00f6zelle\u015ftirilebilen y\u00fcksek kaliteli Hidrolik Silindirler \u00fcretme konusunda 30 y\u0131l\u0131 a\u015fk\u0131n deneyime sahiptir. End\u00fcstriyel alan\u0131m\u0131z \u0130talya'da olup, otomatik gaz korumal\u0131 kaynak makineleri, derin delik delme makineleri, CNC torna tezgahlar\u0131, silindirik ta\u015flama makineleri, otomatik temizleme makineleri, otomatik montaj makineleri, otomatik hidrolik silindir performans test tezgahlar\u0131 ve otomatik boyama hatlar\u0131 dahil olmak \u00fczere 100'den fazla ekipmana sahibiz.<\/p>\n<p>Hidrolik Silindirlerimiz y\u00fcksek kaliteli malzemelerden \u00fcretilmi\u015ftir ve kalitelerini garanti alt\u0131na almak i\u00e7in s\u0131k\u0131 bir i\u015fleme ve denetimden ge\u00e7er. Hidrolik Silindir K\u00fcpe Silindiri, \u00c7ift Y\u00f6nl\u00fc Otomatik Teleskopik Hidrolik Silindir ve daha bir\u00e7ok \u00fcr\u00fcn dahil olmak \u00fczere kapsaml\u0131 bir hidrolik silindir yelpazesi sunuyoruz.<\/p>\n<h4>FMP Hidrolik Silindirleri se\u00e7menin avantajlar\u0131:<\/h4>\n<ul>\n<li><strong>Tasar\u0131m Hizmeti:<\/strong> Deneyimli tasar\u0131m ekibimiz, \u00fcniversal \u015faft \u00fcr\u00fcn tasar\u0131m\u0131 ve geli\u015ftirme hizmetleri sa\u011flayabilir ve ihtiya\u00e7lar\u0131n\u0131z\u0131 kar\u015f\u0131lamak i\u00e7in yeni \u00fcr\u00fcnler geli\u015ftirmenizde veya mevcut \u00fcr\u00fcnleri iyile\u015ftirmenizde size destek olabiliriz.<\/li>\n<li><strong>\u00dcr\u00fcn Servisi:<\/strong> \u00dcr\u00fcnlerimiz, m\u00fc\u015fterilerimize y\u00fcksek kaliteli \u00fcr\u00fcnler sunabilmemiz i\u00e7in hammadde se\u00e7imi, kesim, kaba i\u015fleme, test, temizlik, montaj, paketleme ve nakliye gibi titiz bir s\u00fcre\u00e7ten ge\u00e7mektedir.<\/li>\n<li><strong>\u00d6rnek \u0130\u015flem:<\/strong> \u0130htiya\u00e7lar\u0131n\u0131za g\u00f6re numuneler geli\u015ftirebilir ve bunlar\u0131 s\u00fcrekli olarak ihtiya\u00e7lar\u0131n\u0131za uyacak \u015fekilde de\u011fi\u015ftirebiliriz.<\/li>\n<li><strong>Ar-Ge:<\/strong> Piyasadaki son trendleri ve m\u00fc\u015fteri ihtiya\u00e7lar\u0131n\u0131 yak\u0131ndan takip ediyor, pazar\u0131n de\u011fi\u015fen taleplerini kar\u015f\u0131layacak yeni modeller geli\u015ftiriyoruz.<\/li>\n<li><strong>Y\u00fcksek Kaliteli \u00dcr\u00fcnler:<\/strong> Hidrolik Silindirlerimiz y\u00fcksek kaliteli malzemelerden \u00fcretilir ve iyi kalitelerini garanti alt\u0131na almak i\u00e7in s\u0131k\u0131 bir i\u015fleme ve denetimden ge\u00e7er, b\u00f6ylece ihtiya\u00e7lar\u0131n\u0131z\u0131 kar\u015f\u0131lar ve beklentilerinizi a\u015farlar.<\/li>\n<\/ul>\n<p>FMP olarak, m\u00fc\u015fterilerimize ihtiya\u00e7lar\u0131n\u0131 kar\u015f\u0131layan ve beklentilerini a\u015fan y\u00fcksek kaliteli Hidrolik Silindirler sunmaya kararl\u0131y\u0131z. Size nas\u0131l yard\u0131mc\u0131 olabilece\u011fimizi \u00f6\u011frenmek i\u00e7in bug\u00fcn bizimle ileti\u015fime ge\u00e7in.<\/p>\n<p><img decoding=\"async\" src=\"https:\/\/fmp-components.com\/wp-content\/uploads\/2024\/12\/fmp-factory-4.webp\" alt=\"FMP fabrikas\u0131\" width=\"800\" title=\"\"><\/p>\n<h2>SSS<\/h2>\n<p><b>S1: FMP hidrolik silindirlerinin \u00f6mr\u00fc ne kadard\u0131r?<\/b><\/p>\n<p>C1: Kullan\u0131m \u00f6m\u00fcrleri, kullan\u0131m ve bak\u0131ma ba\u011fl\u0131d\u0131r. Do\u011fru bak\u0131mla birka\u00e7 y\u0131l dayanabilirler.<\/p>\n<p><b>S2: Hidrolik ya\u011f\u0131n\u0131 ne s\u0131kl\u0131kla de\u011fi\u015ftirmeliyim?<\/b><\/p>\n<p>C2: Hidrolik ya\u011f\u0131n her 1000 saatlik \u00e7al\u0131\u015fmadan sonra veya \u00fcreticinin talimatlar\u0131na g\u00f6re de\u011fi\u015ftirilmesi \u00f6nerilir.<\/p>\n<p><b>S3: Hidrolik silindirimi nas\u0131l \u00f6l\u00e7ebilirim?<\/b><\/p>\n<p>C3: Boyutu belirlemek i\u00e7in silindirin \u00e7ap\u0131n\u0131, \u00e7ubuk \u00e7ap\u0131n\u0131 ve strok uzunlu\u011funu \u00f6l\u00e7ebilirsiniz.<\/p>\n<p><b>S4: Hidrolik silindirin ne t\u00fcr bak\u0131ma ihtiyac\u0131 vard\u0131r?<\/b><\/p>\n<p>C4: D\u00fczenli temizlik ve ya\u011flama, silindirin performans\u0131n\u0131n ve \u00f6mr\u00fcn\u00fcn korunmas\u0131na yard\u0131mc\u0131 olabilir.<\/p>\n<p><b>S5: FMP hidrolik silindirleri nerede \u00fcretiliyor?<\/b><\/p>\n<p>A5: Hidrolik silindirlerimiz \u0130talya'daki son teknoloji tesisimizde \u00fcretilmektedir.<\/p>\n<p>Yazar:CX<\/p>","protected":false},"excerpt":{"rendered":"<p>The 10030 High Quality Tractor Cylinders are engineered for superior performance in agricultural applications, providing reliable and efficient hydraulic action for tractors. This double-acting hydraulic cylinder is designed to enhance the functionality and effectiveness of your farming equipment. Key Features: Double Acting Mechanism: Enables powerful operation in both extension and retraction, allowing for precise control [&hellip;]<\/p>","protected":false},"featured_media":1132,"comment_status":"closed","ping_status":"closed","template":"","meta":{"_et_pb_use_builder":"","_et_pb_old_content":"","_et_gb_content_width":""},"product_brand":[],"product_cat":[31],"product_tag":[34,35],"class_list":{"0":"post-950","1":"product","2":"type-product","3":"status-publish","4":"has-post-thumbnail","6":"product_cat-welded-tee-type-cylinder","7":"product_tag-hydraulic-cylinder","8":"product_tag-welded-tee-type-cylinder","10":"first","11":"instock","12":"product-type-simple"},"_links":{"self":[{"href":"https:\/\/fmp-components.com\/tr\/wp-json\/wp\/v2\/product\/950","targetHints":{"allow":["GET"]}}],"collection":[{"href":"https:\/\/fmp-components.com\/tr\/wp-json\/wp\/v2\/product"}],"about":[{"href":"https:\/\/fmp-components.com\/tr\/wp-json\/wp\/v2\/types\/product"}],"replies":[{"embeddable":true,"href":"https:\/\/fmp-components.com\/tr\/wp-json\/wp\/v2\/comments?post=950"}],"wp:featuredmedia":[{"embeddable":true,"href":"https:\/\/fmp-components.com\/tr\/wp-json\/wp\/v2\/media\/1132"}],"wp:attachment":[{"href":"https:\/\/fmp-components.com\/tr\/wp-json\/wp\/v2\/media?parent=950"}],"wp:term":[{"taxonomy":"product_brand","embeddable":true,"href":"https:\/\/fmp-components.com\/tr\/wp-json\/wp\/v2\/product_brand?post=950"},{"taxonomy":"product_cat","embeddable":true,"href":"https:\/\/fmp-components.com\/tr\/wp-json\/wp\/v2\/product_cat?post=950"},{"taxonomy":"product_tag","embeddable":true,"href":"https:\/\/fmp-components.com\/tr\/wp-json\/wp\/v2\/product_tag?post=950"}],"curies":[{"name":"wp","href":"https:\/\/api.w.org\/{rel}","templated":true}]}}