{"id":948,"date":"2024-12-19T03:39:43","date_gmt":"2024-12-19T03:39:43","guid":{"rendered":"https:\/\/fmp-components.com\/product\/10028-high-quality-stainless-steel-hydraulic-cylinder-for-rotary-tiller\/"},"modified":"2024-12-19T08:50:32","modified_gmt":"2024-12-19T08:50:32","slug":"10028-high-quality-stainless-steel-hydraulic-cylinder-for-rotary-tiller","status":"publish","type":"product","link":"https:\/\/fmp-components.com\/tr\/product\/10028-high-quality-stainless-steel-hydraulic-cylinder-for-rotary-tiller\/","title":{"rendered":"D\u00f6ner T\u0131rm\u0131k \u0130\u00e7in 10028 Y\u00fcksek Kaliteli Paslanmaz \u00c7elik Hidrolik Silindir"},"content":{"rendered":"<p>10028 Y\u00fcksek Kaliteli Paslanmaz \u00c7elik Hidrolik Silindir, d\u00f6ner t\u0131rmalar i\u00e7in \u00f6zel olarak tasarlanm\u0131\u015ft\u0131r ve zorlu tar\u0131m ortamlar\u0131nda \u00fcst\u00fcn dayan\u0131kl\u0131l\u0131k ve g\u00fcvenilirlik sa\u011flar. Bu hidrolik silindir, ola\u011fan\u00fcst\u00fc performans sunarak verimli t\u0131rmalama i\u015flemleri i\u00e7in vazge\u00e7ilmez bir bile\u015fen haline gelir.<\/p>\n<h4>Temel \u00d6zellikler:<\/h4>\n<ul>\n<li><strong>Y\u00fcksek Kaliteli Paslanmaz \u00c7elik Yap\u0131<\/strong>\u00dcst\u00fcn kaliteli paslanmaz \u00e7elikten \u00fcretilmi\u015ftir; bu sayede dayan\u0131kl\u0131l\u0131k, korozyon direnci ve zorlu ko\u015fullarda uzun \u00f6m\u00fcrl\u00fc performans sa\u011flar.<\/li>\n<li><strong>\u00c7ift Etkili Tasar\u0131m<\/strong>Hem uzatma hem de geri \u00e7ekme i\u015flemlerinde etkili \u00e7al\u0131\u015fmay\u0131 kolayla\u015ft\u0131rarak, toprak i\u015fleme g\u00f6revleri s\u0131ras\u0131nda kontrol\u00fc art\u0131r\u0131r.<\/li>\n<li><strong>Y\u00fcksek Y\u00fck Kapasitesi<\/strong>\u00d6nemli kuvvetlere dayanacak \u015fekilde tasarlanm\u0131\u015ft\u0131r, bu da onu zorlu tar\u0131msal uygulamalar i\u00e7in ideal hale getirir.<\/li>\n<li><strong>Korozyona Dayan\u0131kl\u0131 Kaplama<\/strong>Paslanmaz \u00e7elik kaplama, paslanmaya ve bozulmaya kar\u015f\u0131 koruma sa\u011flayarak d\u0131\u015f mekan kullan\u0131m\u0131nda uzun \u00f6m\u00fcr ve g\u00fcvenilirlik sunar.<\/li>\n<li><strong>Kolay Kurulum<\/strong>D\u00f6ner t\u0131rm\u0131klara h\u0131zl\u0131 ve kolay entegrasyon i\u00e7in tasarlanm\u0131\u015ft\u0131r, b\u00f6ylece ar\u0131za s\u00fcreleri en aza indirilir ve verimlilik art\u0131r\u0131l\u0131r.<\/li>\n<\/ul>\n<h4>Faydalar:<\/h4>\n<ul>\n<li><strong>Geli\u015fmi\u015f Verimlilik<\/strong>D\u00f6ner t\u0131rm\u0131klar\u0131n performans\u0131n\u0131 optimize ederek, topra\u011f\u0131n sorunsuz ve etkili bir \u015fekilde i\u015flenmesini kolayla\u015ft\u0131r\u0131r.<\/li>\n<li><strong>\u00c7ok Y\u00f6nl\u00fc Uygulamalar<\/strong>: Toprak i\u015fleme d\u0131\u015f\u0131nda \u00e7e\u015fitli tar\u0131msal i\u015fler i\u00e7in de uygun olmas\u0131, onu \u00e7ift\u00e7iler i\u00e7in \u00e7ok y\u00f6nl\u00fc bir ara\u00e7 haline getiriyor.<\/li>\n<li><strong>D\u00fc\u015f\u00fck Bak\u0131m<\/strong>Dayan\u0131kl\u0131 paslanmaz \u00e7elik yap\u0131s\u0131 a\u015f\u0131nmay\u0131 ve y\u0131pranmay\u0131 azaltarak zaman i\u00e7inde daha d\u00fc\u015f\u00fck bak\u0131m maliyetlerine yol a\u00e7ar.<\/li>\n<\/ul>\n<p>10028 Y\u00fcksek Kaliteli Paslanmaz \u00c7elik Hidrolik Silindir, d\u00f6ner t\u0131rmalar i\u00e7in hayati bir bile\u015fen olup g\u00fcvenilir performans ve verimlilik sunar. Sa\u011flam tasar\u0131m\u0131 ve korozyona dayan\u0131kl\u0131 \u00f6zellikleri, kalite ve dayan\u0131kl\u0131l\u0131\u011fa odaklanan her t\u00fcrl\u00fc tar\u0131m i\u015fletmesi i\u00e7in m\u00fckemmel bir se\u00e7im olmas\u0131n\u0131 sa\u011flar.<\/p>\n<p><img decoding=\"async\" src=\"https:\/\/hzpt.com\/wp-content\/uploads\/2023\/12\/random-1.webp?v=1694163707\" alt=\"\" title=\"\"><\/p>\n<h2>Kaynakl\u0131 T Tipi Silindirin Avantajlar\u0131<\/h2>\n<ul>\n<li style=\"list-style-type: none;\">\n<ul>\n<li><strong>Artt\u0131r\u0131lm\u0131\u015f G\u00fc\u00e7:<\/strong> Kaynakl\u0131 T tipi silindirler, y\u00fcksek mukavemetleriyle bilinir ve a\u011f\u0131r kald\u0131rma gerektiren uygulamalar i\u00e7in uygundur. Bu silindirlerin imalat\u0131nda kullan\u0131lan kaynak i\u015flemi, silindirin zay\u0131f noktalardan ar\u0131nd\u0131r\u0131lm\u0131\u015f olmas\u0131n\u0131 ve y\u00fcksek bas\u0131n\u00e7 ve gerilime dayanabilmesini sa\u011flar.<\/li>\n<\/ul>\n<\/li>\n<\/ul>\n<p>Silindire uygulanan bas\u0131n\u00e7, t\u00fcm y\u00fczeye e\u015fit olarak da\u011f\u0131larak deformasyona kar\u015f\u0131 diren\u00e7li hale gelir. Bu \u00f6zellik, silindirin en zorlu ko\u015fullarda bile \u015feklini ve yap\u0131sal b\u00fct\u00fcnl\u00fc\u011f\u00fcn\u00fc koruyabilmesini sa\u011flar.<\/p>\n<ul>\n<li style=\"list-style-type: none;\">\n<ul>\n<li><strong>S\u0131z\u0131nt\u0131 \u00d6nleme:<\/strong> Kaynakl\u0131 T tipi silindirler, s\u0131z\u0131nt\u0131y\u0131 \u00f6nleyecek \u015fekilde tasarlanm\u0131\u015ft\u0131r. \u00dcretim s\u00fcrecinde kullan\u0131lan kaynak i\u015flemi, silindirin tamamen s\u0131zd\u0131rmaz olmas\u0131n\u0131 ve olas\u0131 s\u0131z\u0131nt\u0131lardan ar\u0131nd\u0131r\u0131lmas\u0131n\u0131 sa\u011flar. Bu \u00f6zellik, s\u0131z\u0131nt\u0131n\u0131n ciddi hasara veya yaralanmaya neden olabilece\u011fi uygulamalarda kullan\u0131m i\u00e7in uygundur.<\/li>\n<\/ul>\n<\/li>\n<\/ul>\n<p>Kaynakl\u0131 ba\u011flant\u0131lar p\u00fcr\u00fczs\u00fczd\u00fcr, d\u00f6k\u00fcnt\u00fc veya kirin birikebilece\u011fi herhangi bir yar\u0131k veya oluk yoktur, bu da korozyon ve silindire zarar verme riskini azalt\u0131r.<\/p>\n<ul>\n<li style=\"list-style-type: none;\">\n<ul>\n<li><strong>\u00d6zelle\u015ftirilebilir:<\/strong> Kaynakl\u0131 T tipi silindirler, belirli uygulamalara uyacak \u015fekilde \u00f6zelle\u015ftirilebilir. Silindirler farkl\u0131 boyut ve \u015fekillerde mevcuttur ve uygulaman\u0131n \u00f6zel gereksinimlerini kar\u015f\u0131layacak \u015fekilde \u00fcretilebilir.<\/li>\n<\/ul>\n<\/li>\n<\/ul>\n<p>\u00d6zelle\u015ftirme s\u00fcreci, silindirin performans a\u00e7\u0131s\u0131ndan optimize edilmesini ve ama\u00e7lanan uygulamaya uygun olmas\u0131n\u0131 sa\u011flar. Bu \u00f6zellik, kaynakl\u0131 T tipi silindirleri in\u015faat, madencilik ve malzeme ta\u015f\u0131ma gibi \u00e7e\u015fitli end\u00fcstriyel uygulamalarda kullan\u0131m i\u00e7in ideal hale getirir.<\/p>\n<ul>\n<li style=\"list-style-type: none;\">\n<ul>\n<li><strong>Maliyet Etkin:<\/strong> Kaynakl\u0131 T tipi silindirler, di\u011fer silindir tiplerine k\u0131yasla uygun maliyetlidir. Bu silindirlerin \u00fcretiminde kullan\u0131lan imalat s\u00fcreci basittir ve bu da onlar\u0131 di\u011fer silindir tiplerine g\u00f6re daha uygun maliyetli k\u0131lar.<\/li>\n<\/ul>\n<\/li>\n<\/ul>\n<p>Ayr\u0131ca, kaynakl\u0131 T tipi silindirlerin y\u00fcksek mukavemeti ve dayan\u0131kl\u0131l\u0131\u011f\u0131, s\u0131k onar\u0131m ve de\u011fi\u015ftirme ihtiyac\u0131n\u0131 azaltarak bak\u0131m maliyetlerinden tasarruf sa\u011flar. Bu \u00f6zellik, onlar\u0131 \u00f6zellikle s\u0131n\u0131rl\u0131 b\u00fct\u00e7eye sahip bir\u00e7ok sekt\u00f6r i\u00e7in pop\u00fcler bir tercih haline getirir.<\/p>\n<ul>\n<li style=\"list-style-type: none;\">\n<ul>\n<li><strong>Artan Verimlilik:<\/strong> Kaynakl\u0131 T tipi silindirler son derece verimli ve etkilidir. Silindirin tasar\u0131m\u0131, uygulanan kuvvetin do\u011frudan y\u00fcke aktar\u0131lmas\u0131n\u0131 sa\u011flayarak enerji kayb\u0131n\u0131 azalt\u0131r ve verimlili\u011fi art\u0131r\u0131r.<\/li>\n<\/ul>\n<\/li>\n<\/ul>\n<p>Kaynakl\u0131 ba\u011flant\u0131lar g\u00fc\u00e7l\u00fc ve sa\u011flamd\u0131r, sapmay\u0131 en aza indirir ve silindirin en zorlu ko\u015fullarda bile \u015feklini ve yap\u0131sal b\u00fct\u00fcnl\u00fc\u011f\u00fcn\u00fc korumas\u0131n\u0131 sa\u011flar. Bu \u00f6zellik, kaynakl\u0131 T tipi silindirleri y\u00fcksek verimlilik ve g\u00fcvenilirlik gerektiren uygulamalarda kullan\u0131m i\u00e7in ideal hale getirir.<\/p>\n<p><img decoding=\"async\" src=\"https:\/\/hzpt.com\/wp-content\/uploads\/2023\/12\/random-2.webp\" alt=\"\" title=\"\"><\/p>\n<h2>Kaynakl\u0131 T Tipi Silindir Uygulamas\u0131<\/h2>\n<h3>girii\u015f<\/h3>\n<p>Kaynakl\u0131 T tipi silindir, end\u00fcstriyel uygulamalarda yayg\u0131n olarak kullan\u0131lan bir hidrolik silindir t\u00fcr\u00fcd\u00fcr. Kompakt ve uygun maliyetli bir pakette y\u00fcksek kuvvet \u00e7\u0131k\u0131\u015f\u0131 sa\u011flamak \u00fczere tasarlanm\u0131\u015ft\u0131r. Bu tip silindir, kaynakl\u0131 bir T par\u00e7as\u0131 ve bu par\u00e7aya ba\u011fl\u0131 bir piston \u00e7ubu\u011fundan olu\u015fur. T par\u00e7as\u0131, silindirin namlusuna ba\u011fl\u0131d\u0131r ve namlu i\u00e7inde ileri geri hareket ederek kuvvet \u00fcreten bir piston i\u00e7erir.<\/p>\n<h3>Kaynakl\u0131 T Tipi Silindirin Avantajlar\u0131<\/h3>\n<p>End\u00fcstriyel uygulamalarda kaynakl\u0131 T tipi silindir kullanman\u0131n bir\u00e7ok avantaj\u0131 vard\u0131r:<\/p>\n<ul>\n<li><b>Kompakt tasar\u0131m:<\/b> Kaynakl\u0131 T tipi silindirler, alan\u0131n k\u0131s\u0131tl\u0131 oldu\u011fu uygulamalarda kullan\u0131m i\u00e7in ideal olacak \u015fekilde kompakt olarak tasarlanm\u0131\u015ft\u0131r.<\/li>\n<li><b>Y\u00fcksek verimlilik:<\/b> Kaynakl\u0131 T tipi silindirler olduk\u00e7a verimlidir, bu da minimum enerji giri\u015fiyle b\u00fcy\u00fck miktarda kuvvet \u00fcretebilecekleri anlam\u0131na gelir.<\/li>\n<li><b>Dayan\u0131kl\u0131:<\/b> Kaynakl\u0131 T tipi silindirler son derece dayan\u0131kl\u0131 olacak \u015fekilde tasarlanm\u0131\u015ft\u0131r, bu da zorlu \u00e7al\u0131\u015fma ko\u015fullar\u0131na dayanabilecekleri ve uzun s\u00fcre dayanabilecekleri anlam\u0131na gelir.<\/li>\n<li><b>Maliyet etkin:<\/b> Kaynakl\u0131 T tipi silindirler maliyet a\u00e7\u0131s\u0131ndan avantajl\u0131d\u0131r, yani paran\u0131z\u0131n kar\u015f\u0131l\u0131\u011f\u0131n\u0131 fazlas\u0131yla al\u0131rs\u0131n\u0131z.<\/li>\n<\/ul>\n<h3>Kaynakl\u0131 T Tipi Silindir Uygulamalar\u0131<\/h3>\n<p>Kaynakl\u0131 T tipi silindirlerin \u00e7e\u015fitli end\u00fcstrilerde bir\u00e7ok uygulamas\u0131 vard\u0131r, bunlar aras\u0131nda \u015funlar yer al\u0131r:<\/p>\n<ul>\n<li><b>\u00dcretme:<\/b> Kaynakl\u0131 T tipi silindirler, imalat sekt\u00f6r\u00fcnde makineleri \u00e7al\u0131\u015ft\u0131rmak, a\u011f\u0131r y\u00fckleri hareket ettirmek ve metal par\u00e7alar\u0131 \u015fekillendirmek i\u00e7in kullan\u0131l\u0131r.<\/li>\n<li><b>Tar\u0131m:<\/b> Kaynakl\u0131 T tipi silindirler tar\u0131mda trakt\u00f6r, bi\u00e7erd\u00f6ver ve di\u011fer tar\u0131m ekipmanlar\u0131ndaki hidrolik sistemleri \u00e7al\u0131\u015ft\u0131rmak i\u00e7in kullan\u0131l\u0131r.<\/li>\n<li><b>Yap\u0131:<\/b> Kaynakl\u0131 T tipi silindirler in\u015faat sekt\u00f6r\u00fcnde vin\u00e7, ekskavat\u00f6r ve kep\u00e7e gibi makineleri \u00e7al\u0131\u015ft\u0131rmak i\u00e7in kullan\u0131l\u0131r.<\/li>\n<li><b>Madencilik:<\/b> Kaynakl\u0131 T tipi silindirler, madencilikte buldozer, y\u00fckleyici ve kaya delici gibi a\u011f\u0131r ekipmanlar\u0131n hidrolik sistemlerini \u00e7al\u0131\u015ft\u0131rmak i\u00e7in kullan\u0131l\u0131r.<\/li>\n<li><b>Toplu ta\u015f\u0131ma:<\/b> Kaynakl\u0131 T tipi silindirler, ta\u015f\u0131mac\u0131l\u0131kta kamyon, otob\u00fcs ve di\u011fer ara\u00e7lardaki hidrolik sistemleri \u00e7al\u0131\u015ft\u0131rmak i\u00e7in kullan\u0131l\u0131r.<\/li>\n<\/ul>\n<h3>\u00c7\u00f6z\u00fcm<\/h3>\n<p>Sonu\u00e7 olarak, kaynakl\u0131 T tipi silindirler bir\u00e7ok end\u00fcstriyel uygulamada \u00f6nemli bir bile\u015fendir. Kompakt, verimli, dayan\u0131kl\u0131 ve uygun maliyetli olacak \u015fekilde tasarland\u0131klar\u0131 i\u00e7in \u00e7ok \u00e7e\u015fitli uygulamalar i\u00e7in ideal bir se\u00e7imdir. \u0130ster bir \u00fcretim tesisinde makine, ister bir \u00e7iftlikte tar\u0131m ekipman\u0131 veya bir madende a\u011f\u0131r ekipman kullan\u0131yor olun, kaynakl\u0131 T tipi silindirler i\u015finizi verimli ve etkili bir \u015fekilde yapman\u0131za yard\u0131mc\u0131 olabilir.<\/p>\n<h3>FMP Hakk\u0131nda<\/h3>\n<p>30 y\u0131l\u0131 a\u015fk\u0131n bir ge\u00e7mi\u015fe sahip olan FMP, hidrolik silindirlerin \u00f6nde gelen \u00fcreticisi ve tedarik\u00e7isidir. \u0130talya'da bulunan sanayi tesisimizde 100'den fazla son teknoloji \u00fcr\u00fcn\u00fc ekipmanla faaliyet g\u00f6steriyoruz. Geni\u015f ekipman yelpazemizde otomatik gaz korumal\u0131 kaynak makineleri, derin delme makineleri, CNC torna tezgahlar\u0131, silindirik ta\u015flama makineleri, otomatik temizleme makineleri, otomatik montaj makineleri, otomatik hidrolik silindir performans test tezgahlar\u0131 ve otomatik boyama hatlar\u0131 bulunmaktad\u0131r.<\/p>\n<p><img decoding=\"async\" src=\"https:\/\/fmp-components.com\/wp-content\/uploads\/2024\/12\/fmp-factory-4.webp\" alt=\"FMP fabrikas\u0131\" width=\"800\" title=\"\"><\/p>\n<p>De\u011ferli m\u00fc\u015fterilerimiz i\u00e7in ola\u011fan\u00fcst\u00fc kaliteyi sa\u011flamak amac\u0131yla, her bir hidrolik silindirin titizlikle i\u015flenmesi ve denetlenmesinden gurur duyuyoruz. FMP olarak, hidrolik silindir kulakl\u0131 silindir ve \u00e7ift y\u00f6nl\u00fc otomatik teleskopik hidrolik silindir de dahil olmak \u00fczere geni\u015f bir yelpazede hidrolik silindir sunuyoruz.<\/p>\n<ol>\n<li>Tasar\u0131m hizmeti: Deneyimli tasar\u0131m ekibimiz \u00fcr\u00fcn tasar\u0131m\u0131 ve geli\u015ftirme konusunda uzmanla\u015fm\u0131\u015ft\u0131r. Yeni \u00fcr\u00fcnlere veya mevcut \u00fcr\u00fcnlerde iyile\u015ftirmelere ihtiyac\u0131n\u0131z varsa, kapsaml\u0131 destek sa\u011flamak i\u00e7in buraday\u0131z.<\/li>\n<li>\u00dcr\u00fcn hizmeti: Kapsaml\u0131 \u00fcr\u00fcn hizmetimiz, ham madde tedarikinden ba\u015flayarak kesim, kaba i\u015fleme, test, temizlik, montaj, paketleme ve nakliyeye kadar t\u00fcm \u00fcretim s\u00fcrecini kapsar. \u00dcr\u00fcnlerimiz i\u00e7in sorunsuz ve verimli bir yolculuk sa\u011fl\u0131yoruz.<\/li>\n<li>\u00d6rnek \u00fcretim s\u00fcreci: \u00d6zelle\u015ftirmenin \u00f6nemini anl\u0131yoruz. Ekibimiz, \u00f6zel gereksinimlerinize g\u00f6re \u00f6rnekler geli\u015ftirebilir ve geli\u015fen ihtiya\u00e7lar\u0131n\u0131z\u0131 kar\u015f\u0131lamak i\u00e7in bunlar\u0131 s\u00fcrekli olarak de\u011fi\u015ftirebilir.<\/li>\n<li>Ar-Ge: \u0130novasyona olan ba\u011fl\u0131l\u0131\u011f\u0131m\u0131z do\u011frultusunda, pazar\u0131n taleplerini yak\u0131ndan inceliyor ve ortaya \u00e7\u0131kan ihtiya\u00e7lar\u0131 kar\u015f\u0131lamak i\u00e7in yeni modeller geli\u015ftiriyoruz. Bu sayede sekt\u00f6r\u00fcn \u00f6n saflar\u0131nda yer al\u0131yor ve en son teknolojiye sahip \u00e7\u00f6z\u00fcmler sunabiliyoruz.<\/li>\n<\/ol>\n<p>Firmam\u0131z \u00e7e\u015fitli tipte hidrolik silindirlerin \u00fcretimi ve sat\u0131\u015f\u0131nda uzmanla\u015fm\u0131\u015ft\u0131r ve \u00f6zel sipari\u015fleri memnuniyetle kabul etmektedir. G\u00fcvenilir kalite, ola\u011fan\u00fcst\u00fc hizmet ve geni\u015f bir hidrolik silindir \u00e7\u00f6z\u00fcm\u00fc yelpazesi i\u00e7in FMP'yi tercih edin. Bizimle ortakl\u0131k kurun ve fark\u0131 deneyimleyin.<\/p>\n<p>Yazar:CX<\/p>","protected":false},"excerpt":{"rendered":"<p>The 10028 High Quality Stainless Steel Hydraulic Cylinder is specially designed for rotary tillers, providing superior strength and reliability in tough agricultural environments. This hydraulic cylinder offers exceptional performance, making it an essential component for efficient tilling operations. Key Features: High-Quality Stainless Steel Construction: Crafted from premium stainless steel to ensure durability, corrosion resistance, and [&hellip;]<\/p>","protected":false},"featured_media":1132,"comment_status":"closed","ping_status":"closed","template":"","meta":{"_et_pb_use_builder":"","_et_pb_old_content":"","_et_gb_content_width":""},"product_brand":[],"product_cat":[31],"product_tag":[34,35],"class_list":{"0":"post-948","1":"product","2":"type-product","3":"status-publish","4":"has-post-thumbnail","6":"product_cat-welded-tee-type-cylinder","7":"product_tag-hydraulic-cylinder","8":"product_tag-welded-tee-type-cylinder","10":"first","11":"instock","12":"product-type-simple"},"_links":{"self":[{"href":"https:\/\/fmp-components.com\/tr\/wp-json\/wp\/v2\/product\/948","targetHints":{"allow":["GET"]}}],"collection":[{"href":"https:\/\/fmp-components.com\/tr\/wp-json\/wp\/v2\/product"}],"about":[{"href":"https:\/\/fmp-components.com\/tr\/wp-json\/wp\/v2\/types\/product"}],"replies":[{"embeddable":true,"href":"https:\/\/fmp-components.com\/tr\/wp-json\/wp\/v2\/comments?post=948"}],"wp:featuredmedia":[{"embeddable":true,"href":"https:\/\/fmp-components.com\/tr\/wp-json\/wp\/v2\/media\/1132"}],"wp:attachment":[{"href":"https:\/\/fmp-components.com\/tr\/wp-json\/wp\/v2\/media?parent=948"}],"wp:term":[{"taxonomy":"product_brand","embeddable":true,"href":"https:\/\/fmp-components.com\/tr\/wp-json\/wp\/v2\/product_brand?post=948"},{"taxonomy":"product_cat","embeddable":true,"href":"https:\/\/fmp-components.com\/tr\/wp-json\/wp\/v2\/product_cat?post=948"},{"taxonomy":"product_tag","embeddable":true,"href":"https:\/\/fmp-components.com\/tr\/wp-json\/wp\/v2\/product_tag?post=948"}],"curies":[{"name":"wp","href":"https:\/\/api.w.org\/{rel}","templated":true}]}}